{"id":707611,"date":"2026-01-22T10:05:02","date_gmt":"2026-01-22T10:05:02","guid":{"rendered":"https:\/\/droix.eu\/product\/biwin-rd510-mini-ssd-lasare\/"},"modified":"2026-04-09T23:30:36","modified_gmt":"2026-04-09T22:30:36","slug":"biwin-rd510-mini-ssd-lasare","status":"publish","type":"product","link":"https:\/\/droix.eu\/sv\/product\/biwin-rd510-mini-ssd-lasare\/","title":{"rendered":"Biwin RD510 Mini SSD-l\u00e4sare"},"content":{"rendered":"\n<h2 class=\"wp-block-heading\">Biwin Mini SSD-l\u00e4sare: Den ultimata USB 4.0-lagringsl\u00f6sningen f\u00f6r professionella anv\u00e4ndare<\/h2>\n\n<p><strong>Biwin RD510 Mini SSD Reader<\/strong> \u00e4r ett genombrott inom portabel lagringsteknik. Denna h\u00f6gpresterande l\u00e4sare \u00e4r den f\u00f6rsta i sitt slag, speciellt konstruerad f\u00f6r den ultrakompakta formfaktorn &#8220;Mini SSD&#8221;. Dessa sm\u00e5 enheter, som bara m\u00e4ter 15,0 mm \u00d7 17,0 mm \u00d7 1,4 mm, kr\u00e4ver exakta h\u00f6ljen f\u00f6r att fungera optimalt<sup>.2<\/sup> Eftersom denna l\u00f6sning fr\u00e5n <strong>Biwin<\/strong> SSD \u00e4r skr\u00e4ddarsydd f\u00f6r s\u00e5 sm\u00e5 dimensioner, erbjuder den en niv\u00e5 av b\u00e4rbarhet som tidigare inte setts p\u00e5 den professionella h\u00e5rdvarumarknaden.  <\/p>\n\n<h2 class=\"wp-block-heading\">Snabba hastigheter med Biwin RD510 Mini SSD Reader<\/h2>\n\n<p>Prestanda \u00e4r d\u00e4r denna <strong>biwinn mini ssd-l\u00e4sare<\/strong> verkligen briljerar. Den anv\u00e4nder det avancerade USB 4.0-protokollet f\u00f6r att leverera h\u00e4pnadsv\u00e4ckande data\u00f6verf\u00f6ringshastigheter p\u00e5 upp till 40 Gbps<sup>.3<\/sup> F\u00f6ljaktligen uppn\u00e5r <strong>Biwin RD510 Mini SSD Reader<\/strong> sekventiella l\u00e4shastigheter p\u00e5 3300 MB\/s och skrivhastigheter p\u00e5 3000 MB\/s.<sup>4<\/sup> Dessa siffror \u00e4r en perfekt matchning f\u00f6r anv\u00e4ndare som ofta hanterar 8K videofiler eller massiva programvarulager. <\/p>\n\n<p>Dessutom \u00e4r <strong>biwin ssd-drivrutinsarkitekturen<\/strong> optimerad f\u00f6r moderna operativsystem f\u00f6r att s\u00e4kerst\u00e4lla plug-and-play-enkelhet. Du kommer att m\u00e4rka att storskaliga s\u00e4kerhetskopieringar av data genomf\u00f6rs p\u00e5 sekunder i st\u00e4llet f\u00f6r minuter. Eftersom gr\u00e4nssnittet \u00e4r s\u00e5 effektivt h\u00e5lls latensen p\u00e5 ett absolut minimum under intensiva professionella applikationer.  <\/p>\n\n<h2 class=\"wp-block-heading\">Aktiv kylning f\u00f6r bibeh\u00e5llen prestanda hos Biwin SSD<\/h2>\n\n<p>Att uppr\u00e4tth\u00e5lla h\u00f6ga hastigheter leder ofta till termiska utmaningar. D\u00e4rf\u00f6r \u00e4r <strong>Biwin RD510 Mini SSD Reader<\/strong> utrustad med en inbyggd kylfl\u00e4kt f\u00f6r aktiv v\u00e4rmehantering. Denna termiska l\u00f6sning f\u00f6rhindrar prestandaf\u00f6rluster i samband med \u00f6verhettning. F\u00f6ljaktligen kommer din <strong>biwin<\/strong> SSD att bibeh\u00e5lla sin maximala hastighet \u00e4ven under timsl\u00e5nga datamigreringar.   <\/p>\n\n<p>Den robusta konstruktionen av <strong>Biwin RD510 Mini SSD Reader<\/strong> s\u00e4kerst\u00e4ller att den kan \u00f6verleva den dagliga pendlingen. Samtidigt som utsidan ser elegant och professionell ut \u00e4r de interna komponenterna skyddade mot fysiska st\u00f6tar. Stabil och oavbruten drift prioriteras, vilket i slut\u00e4ndan bidrar till att f\u00f6rl\u00e4nga livsl\u00e4ngden p\u00e5 dina lagringsmedier.  <\/p>\n\n<h2 class=\"wp-block-heading\">Anslutning till flera plattformar f\u00f6r Biwinn Mini SSD Reader<\/h2>\n\n<p>M\u00e5ngsidighet \u00e4r en viktig styrka hos denna <strong>biwinn mini ssd-l\u00e4sare<\/strong>. Den levereras med en h\u00f6gkvalitativ USB 4.0 Type-C till Type-C-kabel f\u00f6r att frig\u00f6ra den fulla potentialen hos din h\u00e5rdvara<sup>.5<\/sup> Detta s\u00e4kerst\u00e4ller att <strong>Biwin RD510 Mini SSD Reader<\/strong> \u00e4r kompatibel med ett stort antal moderna ekosystem. <\/p>\n\n<figure class=\"wp-block-table\"><table class=\"has-fixed-layout\"><thead><tr><td><strong>Systemkategori<\/strong><\/td><td><strong>Plattformar som st\u00f6ds<\/strong><\/td><\/tr><\/thead><tbody><tr><td><strong>Datorer<\/strong><\/td><td>Windows 10\/11, macOS 11.0+<\/td><\/tr><tr><td><strong>Mobil<\/strong><\/td><td>iOS 17.0+, Android 11.0+<\/td><\/tr><tr><td><strong>Spel<\/strong><\/td><td>PlayStation 5 (System 08+)<\/td><\/tr><tr><td><strong>Operativsystem<\/strong><\/td><td>HyperOS 1.0+, HarmonyOS 3.0+<\/td><\/tr><\/tbody><\/table><\/figure>\n","protected":false},"excerpt":{"rendered":"<ul>\n<li><strong>Biwin RD510<\/strong> USB 4.0 Mini SSD-l\u00e4sare<\/li>\n<li><strong>USB 4.0-gr\u00e4nssnitt<\/strong> &#8211; h\u00f6ghastighetsdata\u00f6verf\u00f6ring upp till 40 Gbps<\/li>\n<li><strong>3300 MB\/s l\u00e4sning och 3000 MB\/s skrivning<\/strong> &#8211; optimerad f\u00f6r 8K-video och stora filer<\/li>\n<li><strong>Active Cooling System<\/strong> &#8211; Inbyggd fl\u00e4kt f\u00f6r bibeh\u00e5llen topprestanda<\/li>\n<li><strong>Ultraportabel design<\/strong> &#8211; Speciellt utvecklad f\u00f6r formfaktorn Mini SSD<\/li>\n<\/ul>\n[droix_global_accordions]\n[cg_accordion title=\"Paketet inneh\u00e5ller\"]<\/p>\n<ul>\n<li>1x Biwin RD510 Mini SSD-l\u00e4sare<\/li>\n<\/ul>\n<p>[\/cg_accordion]\n","protected":false},"featured_media":707621,"template":"","meta":{"_acf_changed":false},"product_brand":[],"product_cat":[13323,13324,13368,16851],"product_tag":[],"woo-feed-brand":[],"key-features":[],"class_list":{"0":"post-707611","1":"product","2":"type-product","3":"status-publish","4":"has-post-thumbnail","6":"product_cat-tillbehor","7":"product_cat-tillbehor-for-spel","8":"product_cat-tillbehor-till-barbara-datorer","9":"product_cat-tillbehor-till-datorer","10":"product_shipping_class-low-end","11":"pa_brands-biwin","12":"pa_i-o-usb-1x-usb-4-0-typ-c-40-gb-s","13":"pa_operating-system-macos","14":"pa_operating-system-windows-10-hem","15":"pa_operating-system-windows-11-sv","16":"pa_storage-expansion-1x-kortplats-for-mini-ssd-tom","18":"first","19":"outofstock","20":"sale","21":"taxable","22":"shipping-taxable","23":"purchasable","24":"product-type-simple"},"acf":[],"aioseo_notices":[],"aioseo_head":"\n\t\t<!-- All in One SEO Pro 4.9.6.2 - aioseo.com -->\n\t<meta name=\"description\" content=\"\u00d6ka ditt arbetsfl\u00f6de med Biwin RD510! \ud83d\ude80 Upplev hastigheter p\u00e5 3300 MB\/s och USB 4.0-kraft. Har en inbyggd kylfl\u00e4kt f\u00f6r ultimat stabilitet. Handla nu! \ud83d\udcbb\" \/>\n\t<meta name=\"robots\" content=\"max-image-preview:large\" \/>\n\t<link rel=\"canonical\" href=\"https:\/\/droix.eu\/sv\/product\/biwin-rd510-mini-ssd-lasare\/\" \/>\n\t<meta name=\"generator\" content=\"All in One SEO Pro (AIOSEO) 4.9.6.2\" \/>\n\t\t<meta property=\"og:locale\" content=\"sv_SE\" \/>\n\t\t<meta property=\"og:site_name\" content=\"DROIX EU - Get the latest Mini PCs, Ultrabook, PC Gaming Handhelds and more!\" \/>\n\t\t<meta property=\"og:type\" content=\"article\" \/>\n\t\t<meta property=\"og:title\" content=\"Biwin RD510 Mini SSD-l\u00e4sare | 40Gbps USB 4.0 \u26a1\" \/>\n\t\t<meta property=\"og:description\" content=\"\u00d6ka ditt arbetsfl\u00f6de med Biwin RD510! \ud83d\ude80 Upplev hastigheter p\u00e5 3300 MB\/s och USB 4.0-kraft. Har en inbyggd kylfl\u00e4kt f\u00f6r ultimat stabilitet. Handla nu! \ud83d\udcbb\" \/>\n\t\t<meta property=\"og:url\" content=\"https:\/\/droix.eu\/sv\/product\/biwin-rd510-mini-ssd-lasare\/\" \/>\n\t\t<meta property=\"og:image\" content=\"https:\/\/droix.eu\/wp-content\/uploads\/2024\/06\/droix-v2-light-logo.png\" \/>\n\t\t<meta property=\"og:image:secure_url\" content=\"https:\/\/droix.eu\/wp-content\/uploads\/2024\/06\/droix-v2-light-logo.png\" \/>\n\t\t<meta property=\"og:image:width\" content=\"380\" \/>\n\t\t<meta property=\"og:image:height\" content=\"118\" \/>\n\t\t<meta property=\"article:published_time\" content=\"2026-01-22T10:05:02+00:00\" \/>\n\t\t<meta property=\"article:modified_time\" content=\"2026-04-09T22:30:36+00:00\" \/>\n\t\t<meta property=\"article:publisher\" content=\"https:\/\/www.facebook.com\/DroiX.Store\" \/>\n\t\t<meta name=\"twitter:card\" content=\"summary_large_image\" \/>\n\t\t<meta name=\"twitter:site\" content=\"@DroiX_Store\" \/>\n\t\t<meta name=\"twitter:title\" content=\"Biwin RD510 Mini SSD-l\u00e4sare | 40Gbps USB 4.0 \u26a1\" \/>\n\t\t<meta name=\"twitter:description\" content=\"\u00d6ka ditt arbetsfl\u00f6de med Biwin RD510! \ud83d\ude80 Upplev hastigheter p\u00e5 3300 MB\/s och USB 4.0-kraft. Har en inbyggd kylfl\u00e4kt f\u00f6r ultimat stabilitet. Handla nu! \ud83d\udcbb\" \/>\n\t\t<meta name=\"twitter:image\" content=\"https:\/\/droix.eu\/wp-content\/uploads\/2024\/06\/droix-v2-light-logo.png\" \/>\n\t\t<script type=\"application\/ld+json\" class=\"aioseo-schema\">\n\t\t\t{\"@context\":\"https:\\\/\\\/schema.org\",\"@graph\":[{\"@type\":\"BreadcrumbList\",\"@id\":\"https:\\\/\\\/droix.eu\\\/sv\\\/product\\\/biwin-rd510-mini-ssd-lasare\\\/#breadcrumblist\",\"itemListElement\":[{\"@type\":\"ListItem\",\"@id\":\"https:\\\/\\\/droix.eu\\\/sv\\\/#listItem\",\"position\":1,\"name\":\"Home\",\"item\":\"https:\\\/\\\/droix.eu\\\/sv\\\/\",\"nextItem\":{\"@type\":\"ListItem\",\"@id\":\"https:\\\/\\\/droix.eu\\\/sv\\\/product-category\\\/tillbehor\\\/#listItem\",\"name\":\"Tillbeh\\u00f6r\"}},{\"@type\":\"ListItem\",\"@id\":\"https:\\\/\\\/droix.eu\\\/sv\\\/product-category\\\/tillbehor\\\/#listItem\",\"position\":2,\"name\":\"Tillbeh\\u00f6r\",\"item\":\"https:\\\/\\\/droix.eu\\\/sv\\\/product-category\\\/tillbehor\\\/\",\"nextItem\":{\"@type\":\"ListItem\",\"@id\":\"https:\\\/\\\/droix.eu\\\/sv\\\/product-category\\\/tillbehor\\\/tillbehor-for-spel\\\/#listItem\",\"name\":\"Tillbeh\\u00f6r f\\u00f6r spel\"},\"previousItem\":{\"@type\":\"ListItem\",\"@id\":\"https:\\\/\\\/droix.eu\\\/sv\\\/#listItem\",\"name\":\"Home\"}},{\"@type\":\"ListItem\",\"@id\":\"https:\\\/\\\/droix.eu\\\/sv\\\/product-category\\\/tillbehor\\\/tillbehor-for-spel\\\/#listItem\",\"position\":3,\"name\":\"Tillbeh\\u00f6r f\\u00f6r spel\",\"item\":\"https:\\\/\\\/droix.eu\\\/sv\\\/product-category\\\/tillbehor\\\/tillbehor-for-spel\\\/\",\"nextItem\":{\"@type\":\"ListItem\",\"@id\":\"https:\\\/\\\/droix.eu\\\/sv\\\/product\\\/biwin-rd510-mini-ssd-lasare\\\/#listItem\",\"name\":\"Biwin RD510 Mini SSD-l\\u00e4sare\"},\"previousItem\":{\"@type\":\"ListItem\",\"@id\":\"https:\\\/\\\/droix.eu\\\/sv\\\/product-category\\\/tillbehor\\\/#listItem\",\"name\":\"Tillbeh\\u00f6r\"}},{\"@type\":\"ListItem\",\"@id\":\"https:\\\/\\\/droix.eu\\\/sv\\\/product\\\/biwin-rd510-mini-ssd-lasare\\\/#listItem\",\"position\":4,\"name\":\"Biwin RD510 Mini SSD-l\\u00e4sare\",\"previousItem\":{\"@type\":\"ListItem\",\"@id\":\"https:\\\/\\\/droix.eu\\\/sv\\\/product-category\\\/tillbehor\\\/tillbehor-for-spel\\\/#listItem\",\"name\":\"Tillbeh\\u00f6r f\\u00f6r spel\"}}]},{\"@type\":\"Organization\",\"@id\":\"https:\\\/\\\/droix.eu\\\/sv\\\/#organization\",\"name\":\"DroiX \\u2013 Trusted EU Tech Retailer with 12+ Years Experience\",\"description\":\"DroiX is a leading European technology retailer with over 12 years of experience, offering quality mini PCs, handheld gaming consoles, and tech accessories. We provide hassle-free EU delivery with all taxes included, ensuring a smooth and reliable shopping experience for our customers across Europe.\",\"url\":\"https:\\\/\\\/droix.eu\\\/sv\\\/\",\"logo\":{\"@type\":\"ImageObject\",\"url\":\"https:\\\/\\\/droix.eu\\\/wp-content\\\/uploads\\\/2024\\\/06\\\/droix-v2-light-logo.png\",\"@id\":\"https:\\\/\\\/droix.eu\\\/sv\\\/product\\\/biwin-rd510-mini-ssd-lasare\\\/#organizationLogo\",\"width\":380,\"height\":118},\"image\":{\"@id\":\"https:\\\/\\\/droix.eu\\\/sv\\\/product\\\/biwin-rd510-mini-ssd-lasare\\\/#organizationLogo\"},\"sameAs\":[\"https:\\\/\\\/www.facebook.com\\\/DroiX.Store\",\"https:\\\/\\\/twitter.com\\\/DroiX_Store\",\"https:\\\/\\\/www.instagram.com\\\/droix.store\\\/\",\"https:\\\/\\\/www.tiktok.com\\\/@droix.store\",\"https:\\\/\\\/www.youtube.com\\\/c\\\/DroiX_Store\",\"https:\\\/\\\/uk.linkedin.com\\\/company\\\/droix\"]},{\"@type\":\"Product\",\"@id\":\"https:\\\/\\\/droix.eu\\\/sv\\\/product\\\/biwin-rd510-mini-ssd-lasare\\\/#wooCommerceProduct\",\"name\":\"Biwin RD510 Mini SSD-l\\u00e4sare\",\"description\":\"Biwin RD510 USB 4.0 Mini SSD-l\\u00e4sare\\n\\tUSB 4.0-gr\\u00e4nssnitt - h\\u00f6ghastighetsdata\\u00f6verf\\u00f6ring upp till 40 Gbps\\n\\t3300 MB\\\/s l\\u00e4sning och 3000 MB\\\/s skrivning - optimerad f\\u00f6r 8K-video och stora filer\\n\\tActive Cooling System - Inbyggd fl\\u00e4kt f\\u00f6r bibeh\\u00e5llen topprestanda\\n\\tUltraportabel design - Speciellt utvecklad f\\u00f6r formfaktorn Mini SSD\",\"url\":\"https:\\\/\\\/droix.eu\\\/sv\\\/product\\\/biwin-rd510-mini-ssd-lasare\\\/\",\"sku\":\"BIWIN-MINI-SSD-READER\",\"gtin\":\"5061077633268\",\"image\":{\"@type\":\"ImageObject\",\"url\":\"https:\\\/\\\/droix.eu\\\/wp-content\\\/uploads\\\/2026\\\/01\\\/BIWIN-MINI-SSD-LISTING-DONE-01.png\",\"@id\":\"https:\\\/\\\/droix.eu\\\/sv\\\/product\\\/biwin-rd510-mini-ssd-lasare\\\/#productImage\",\"width\":1500,\"height\":1500},\"offers\":{\"@type\":\"Offer\",\"url\":\"https:\\\/\\\/droix.eu\\\/sv\\\/product\\\/biwin-rd510-mini-ssd-lasare\\\/#wooCommerceOffer\",\"price\":449.49,\"priceCurrency\":\"DKK\",\"category\":\"Tillbeh\\u00f6r\",\"availability\":\"https:\\\/\\\/schema.org\\\/OutOfStock\",\"priceSpecification\":{\"@type\":\"PriceSpecification\",\"price\":449.49,\"priceCurrency\":\"DKK\",\"valueAddedTaxIncluded\":\"true\"},\"seller\":{\"@type\":\"Organization\",\"@id\":\"https:\\\/\\\/droix.eu\\\/sv\\\/#organization\"}}},{\"@type\":\"WebPage\",\"@id\":\"https:\\\/\\\/droix.eu\\\/sv\\\/product\\\/biwin-rd510-mini-ssd-lasare\\\/#webpage\",\"url\":\"https:\\\/\\\/droix.eu\\\/sv\\\/product\\\/biwin-rd510-mini-ssd-lasare\\\/\",\"name\":\"Biwin RD510 Mini SSD-l\\u00e4sare | 40Gbps USB 4.0 \\u26a1\",\"description\":\"\\u00d6ka ditt arbetsfl\\u00f6de med Biwin RD510! \\ud83d\\ude80 Upplev hastigheter p\\u00e5 3300 MB\\\/s och USB 4.0-kraft. Har en inbyggd kylfl\\u00e4kt f\\u00f6r ultimat stabilitet. Handla nu! \\ud83d\\udcbb\",\"inLanguage\":\"sv-SE\",\"isPartOf\":{\"@id\":\"https:\\\/\\\/droix.eu\\\/sv\\\/#website\"},\"breadcrumb\":{\"@id\":\"https:\\\/\\\/droix.eu\\\/sv\\\/product\\\/biwin-rd510-mini-ssd-lasare\\\/#breadcrumblist\"},\"image\":{\"@type\":\"ImageObject\",\"url\":\"https:\\\/\\\/droix.eu\\\/wp-content\\\/uploads\\\/2026\\\/01\\\/BIWIN-MINI-SSD-LISTING-DONE-01.png\",\"@id\":\"https:\\\/\\\/droix.eu\\\/sv\\\/product\\\/biwin-rd510-mini-ssd-lasare\\\/#mainImage\",\"width\":1500,\"height\":1500},\"primaryImageOfPage\":{\"@id\":\"https:\\\/\\\/droix.eu\\\/sv\\\/product\\\/biwin-rd510-mini-ssd-lasare\\\/#mainImage\"},\"datePublished\":\"2026-01-22T10:05:02+00:00\",\"dateModified\":\"2026-04-09T23:30:36+01:00\"},{\"@type\":\"WebSite\",\"@id\":\"https:\\\/\\\/droix.eu\\\/sv\\\/#website\",\"url\":\"https:\\\/\\\/droix.eu\\\/sv\\\/\",\"name\":\"DROIX EU\",\"description\":\"Get the latest Mini PCs, Ultrabook, PC Gaming Handhelds and more!\",\"inLanguage\":\"sv-SE\",\"publisher\":{\"@id\":\"https:\\\/\\\/droix.eu\\\/sv\\\/#organization\"}}]}\n\t\t<\/script>\n\t\t<!-- All in One SEO Pro -->\r\n\t\t<title>Biwin RD510 Mini SSD-l\u00e4sare | 40Gbps USB 4.0 \u26a1<\/title>\n\n","aioseo_head_json":{"title":"Biwin RD510 Mini SSD-l\u00e4sare | 40Gbps USB 4.0 \u26a1","description":"\u00d6ka ditt arbetsfl\u00f6de med Biwin RD510! \ud83d\ude80 Upplev hastigheter p\u00e5 3300 MB\/s och USB 4.0-kraft. Har en inbyggd kylfl\u00e4kt f\u00f6r ultimat stabilitet. Handla nu! \ud83d\udcbb","canonical_url":"https:\/\/droix.eu\/sv\/product\/biwin-rd510-mini-ssd-lasare\/","robots":"max-image-preview:large","keywords":"","webmasterTools":{"miscellaneous":""},"schema":{"@context":"https:\/\/schema.org","@graph":[{"@type":"BreadcrumbList","@id":"https:\/\/droix.eu\/sv\/product\/biwin-rd510-mini-ssd-lasare\/#breadcrumblist","itemListElement":[{"@type":"ListItem","@id":"https:\/\/droix.eu\/sv\/#listItem","position":1,"name":"Home","item":"https:\/\/droix.eu\/sv\/","nextItem":{"@type":"ListItem","@id":"https:\/\/droix.eu\/sv\/product-category\/tillbehor\/#listItem","name":"Tillbeh\u00f6r"}},{"@type":"ListItem","@id":"https:\/\/droix.eu\/sv\/product-category\/tillbehor\/#listItem","position":2,"name":"Tillbeh\u00f6r","item":"https:\/\/droix.eu\/sv\/product-category\/tillbehor\/","nextItem":{"@type":"ListItem","@id":"https:\/\/droix.eu\/sv\/product-category\/tillbehor\/tillbehor-for-spel\/#listItem","name":"Tillbeh\u00f6r f\u00f6r spel"},"previousItem":{"@type":"ListItem","@id":"https:\/\/droix.eu\/sv\/#listItem","name":"Home"}},{"@type":"ListItem","@id":"https:\/\/droix.eu\/sv\/product-category\/tillbehor\/tillbehor-for-spel\/#listItem","position":3,"name":"Tillbeh\u00f6r f\u00f6r spel","item":"https:\/\/droix.eu\/sv\/product-category\/tillbehor\/tillbehor-for-spel\/","nextItem":{"@type":"ListItem","@id":"https:\/\/droix.eu\/sv\/product\/biwin-rd510-mini-ssd-lasare\/#listItem","name":"Biwin RD510 Mini SSD-l\u00e4sare"},"previousItem":{"@type":"ListItem","@id":"https:\/\/droix.eu\/sv\/product-category\/tillbehor\/#listItem","name":"Tillbeh\u00f6r"}},{"@type":"ListItem","@id":"https:\/\/droix.eu\/sv\/product\/biwin-rd510-mini-ssd-lasare\/#listItem","position":4,"name":"Biwin RD510 Mini SSD-l\u00e4sare","previousItem":{"@type":"ListItem","@id":"https:\/\/droix.eu\/sv\/product-category\/tillbehor\/tillbehor-for-spel\/#listItem","name":"Tillbeh\u00f6r f\u00f6r spel"}}]},{"@type":"Organization","@id":"https:\/\/droix.eu\/sv\/#organization","name":"DroiX \u2013 Trusted EU Tech Retailer with 12+ Years Experience","description":"DroiX is a leading European technology retailer with over 12 years of experience, offering quality mini PCs, handheld gaming consoles, and tech accessories. We provide hassle-free EU delivery with all taxes included, ensuring a smooth and reliable shopping experience for our customers across Europe.","url":"https:\/\/droix.eu\/sv\/","logo":{"@type":"ImageObject","url":"https:\/\/droix.eu\/wp-content\/uploads\/2024\/06\/droix-v2-light-logo.png","@id":"https:\/\/droix.eu\/sv\/product\/biwin-rd510-mini-ssd-lasare\/#organizationLogo","width":380,"height":118},"image":{"@id":"https:\/\/droix.eu\/sv\/product\/biwin-rd510-mini-ssd-lasare\/#organizationLogo"},"sameAs":["https:\/\/www.facebook.com\/DroiX.Store","https:\/\/twitter.com\/DroiX_Store","https:\/\/www.instagram.com\/droix.store\/","https:\/\/www.tiktok.com\/@droix.store","https:\/\/www.youtube.com\/c\/DroiX_Store","https:\/\/uk.linkedin.com\/company\/droix"]},{"@type":"Product","@id":"https:\/\/droix.eu\/sv\/product\/biwin-rd510-mini-ssd-lasare\/#wooCommerceProduct","name":"Biwin RD510 Mini SSD-l\u00e4sare","description":"Biwin RD510 USB 4.0 Mini SSD-l\u00e4sare\n\tUSB 4.0-gr\u00e4nssnitt - h\u00f6ghastighetsdata\u00f6verf\u00f6ring upp till 40 Gbps\n\t3300 MB\/s l\u00e4sning och 3000 MB\/s skrivning - optimerad f\u00f6r 8K-video och stora filer\n\tActive Cooling System - Inbyggd fl\u00e4kt f\u00f6r bibeh\u00e5llen topprestanda\n\tUltraportabel design - Speciellt utvecklad f\u00f6r formfaktorn Mini SSD","url":"https:\/\/droix.eu\/sv\/product\/biwin-rd510-mini-ssd-lasare\/","sku":"BIWIN-MINI-SSD-READER","gtin":"5061077633268","image":{"@type":"ImageObject","url":"https:\/\/droix.eu\/wp-content\/uploads\/2026\/01\/BIWIN-MINI-SSD-LISTING-DONE-01.png","@id":"https:\/\/droix.eu\/sv\/product\/biwin-rd510-mini-ssd-lasare\/#productImage","width":1500,"height":1500},"offers":{"@type":"Offer","url":"https:\/\/droix.eu\/sv\/product\/biwin-rd510-mini-ssd-lasare\/#wooCommerceOffer","price":449.49,"priceCurrency":"DKK","category":"Tillbeh\u00f6r","availability":"https:\/\/schema.org\/OutOfStock","priceSpecification":{"@type":"PriceSpecification","price":449.49,"priceCurrency":"DKK","valueAddedTaxIncluded":"true"},"seller":{"@type":"Organization","@id":"https:\/\/droix.eu\/sv\/#organization"}}},{"@type":"WebPage","@id":"https:\/\/droix.eu\/sv\/product\/biwin-rd510-mini-ssd-lasare\/#webpage","url":"https:\/\/droix.eu\/sv\/product\/biwin-rd510-mini-ssd-lasare\/","name":"Biwin RD510 Mini SSD-l\u00e4sare | 40Gbps USB 4.0 \u26a1","description":"\u00d6ka ditt arbetsfl\u00f6de med Biwin RD510! \ud83d\ude80 Upplev hastigheter p\u00e5 3300 MB\/s och USB 4.0-kraft. Har en inbyggd kylfl\u00e4kt f\u00f6r ultimat stabilitet. Handla nu! \ud83d\udcbb","inLanguage":"sv-SE","isPartOf":{"@id":"https:\/\/droix.eu\/sv\/#website"},"breadcrumb":{"@id":"https:\/\/droix.eu\/sv\/product\/biwin-rd510-mini-ssd-lasare\/#breadcrumblist"},"image":{"@type":"ImageObject","url":"https:\/\/droix.eu\/wp-content\/uploads\/2026\/01\/BIWIN-MINI-SSD-LISTING-DONE-01.png","@id":"https:\/\/droix.eu\/sv\/product\/biwin-rd510-mini-ssd-lasare\/#mainImage","width":1500,"height":1500},"primaryImageOfPage":{"@id":"https:\/\/droix.eu\/sv\/product\/biwin-rd510-mini-ssd-lasare\/#mainImage"},"datePublished":"2026-01-22T10:05:02+00:00","dateModified":"2026-04-09T23:30:36+01:00"},{"@type":"WebSite","@id":"https:\/\/droix.eu\/sv\/#website","url":"https:\/\/droix.eu\/sv\/","name":"DROIX EU","description":"Get the latest Mini PCs, Ultrabook, PC Gaming Handhelds and more!","inLanguage":"sv-SE","publisher":{"@id":"https:\/\/droix.eu\/sv\/#organization"}}]},"og:locale":"sv_SE","og:site_name":"DROIX EU - Get the latest Mini PCs, Ultrabook, PC Gaming Handhelds and more!","og:type":"article","og:title":"Biwin RD510 Mini SSD-l\u00e4sare | 40Gbps USB 4.0 \u26a1","og:description":"\u00d6ka ditt arbetsfl\u00f6de med Biwin RD510! \ud83d\ude80 Upplev hastigheter p\u00e5 3300 MB\/s och USB 4.0-kraft. Har en inbyggd kylfl\u00e4kt f\u00f6r ultimat stabilitet. Handla nu! \ud83d\udcbb","og:url":"https:\/\/droix.eu\/sv\/product\/biwin-rd510-mini-ssd-lasare\/","og:image":"https:\/\/droix.eu\/wp-content\/uploads\/2024\/06\/droix-v2-light-logo.png","og:image:secure_url":"https:\/\/droix.eu\/wp-content\/uploads\/2024\/06\/droix-v2-light-logo.png","og:image:width":380,"og:image:height":118,"article:published_time":"2026-01-22T10:05:02+00:00","article:modified_time":"2026-04-09T22:30:36+00:00","article:publisher":"https:\/\/www.facebook.com\/DroiX.Store","twitter:card":"summary_large_image","twitter:site":"@DroiX_Store","twitter:title":"Biwin RD510 Mini SSD-l\u00e4sare | 40Gbps USB 4.0 \u26a1","twitter:description":"\u00d6ka ditt arbetsfl\u00f6de med Biwin RD510! \ud83d\ude80 Upplev hastigheter p\u00e5 3300 MB\/s och USB 4.0-kraft. Har en inbyggd kylfl\u00e4kt f\u00f6r ultimat stabilitet. Handla nu! \ud83d\udcbb","twitter:image":"https:\/\/droix.eu\/wp-content\/uploads\/2024\/06\/droix-v2-light-logo.png"},"aioseo_meta_data":{"post_id":"707611","title":"Biwin RD510 Mini SSD-l\u00e4sare | 40Gbps USB 4.0 \u26a1","description":"\u00d6ka ditt arbetsfl\u00f6de med Biwin RD510! \ud83d\ude80 Upplev hastigheter p\u00e5 3300 MB\/s och USB 4.0-kraft. Har en inbyggd kylfl\u00e4kt f\u00f6r ultimat stabilitet. Handla nu! \ud83d\udcbb","keywords":null,"keyphrases":{"focus":{"keyphrase":"Biwin RD510 Mini SSD Reader","score":75,"analysis":{"keyphraseInTitle":{"score":9,"maxScore":9,"error":0},"keyphraseInDescription":{"score":3,"maxScore":9,"error":1},"keyphraseLength":{"score":6,"maxScore":9,"error":1,"length":5},"keyphraseInURL":{"score":5,"maxScore":5,"error":0},"keyphraseInIntroduction":{"score":9,"maxScore":9,"error":0},"keyphraseInSubHeadings":{"score":3,"maxScore":9,"error":1},"keyphraseInImageAlt":[],"keywordDensity":{"type":"best","score":9,"maxScore":9,"error":0}}},"additional":[]},"primary_term":{"product_cat":32},"canonical_url":null,"og_title":null,"og_description":null,"og_object_type":"default","og_image_type":"default","og_image_url":null,"og_image_width":null,"og_image_height":null,"og_image_custom_url":null,"og_image_custom_fields":null,"og_video":"","og_custom_url":null,"og_article_section":null,"og_article_tags":null,"twitter_use_og":true,"twitter_card":"default","twitter_image_type":"default","twitter_image_url":null,"twitter_image_custom_url":null,"twitter_image_custom_fields":null,"twitter_title":null,"twitter_description":null,"schema":{"blockGraphs":[],"customGraphs":[],"default":{"data":{"Article":[],"Course":[],"Dataset":[],"FAQPage":[],"Movie":[],"Person":[],"Product":[],"ProductReview":[],"Car":[],"Recipe":[],"Service":[],"SoftwareApplication":[],"WebPage":[]},"graphName":"Product","isEnabled":true},"graphs":[]},"schema_type":"default","schema_type_options":null,"pillar_content":false,"robots_default":true,"robots_noindex":false,"robots_noarchive":false,"robots_nosnippet":false,"robots_nofollow":false,"robots_noimageindex":false,"robots_noodp":false,"robots_notranslate":false,"robots_max_snippet":"-1","robots_max_videopreview":"-1","robots_max_imagepreview":"large","priority":null,"frequency":"default","local_seo":null,"seo_analyzer_scan_date":"2026-04-09 23:12:22","breadcrumb_settings":null,"limit_modified_date":false,"reviewed_by":null,"open_ai":null,"ai":{"faqs":[],"keyPoints":[],"titles":[],"descriptions":[],"socialPosts":{"email":[],"linkedin":[],"twitter":[],"facebook":[],"instagram":[]}},"created":"2026-02-12 10:16:42","updated":"2026-04-10 01:36:59"},"aioseo_breadcrumb":"<div class=\"aioseo-breadcrumbs\"><span class=\"aioseo-breadcrumb\">\n\t<a href=\"https:\/\/droix.eu\/sv\/\" title=\"Home\">Home<\/a>\n<\/span><span class=\"aioseo-breadcrumb-separator\">&raquo;<\/span><span class=\"aioseo-breadcrumb\">\n\t<a href=\"https:\/\/droix.eu\/sv\/product-category\/tillbehor\/\" title=\"Tillbeh\u00f6r\">Tillbeh\u00f6r<\/a>\n<\/span><span class=\"aioseo-breadcrumb-separator\">&raquo;<\/span><span class=\"aioseo-breadcrumb\">\n\t<a href=\"https:\/\/droix.eu\/sv\/product-category\/tillbehor\/tillbehor-for-spel\/\" title=\"Tillbeh\u00f6r f\u00f6r spel\">Tillbeh\u00f6r f\u00f6r spel<\/a>\n<\/span><span class=\"aioseo-breadcrumb-separator\">&raquo;<\/span><span class=\"aioseo-breadcrumb\">\n\tBiwin RD510 Mini SSD-l\u00e4sare\n<\/span><\/div>","aioseo_breadcrumb_json":[{"label":"Home","link":"https:\/\/droix.eu\/sv\/"},{"label":"Tillbeh\u00f6r","link":"https:\/\/droix.eu\/sv\/product-category\/tillbehor\/"},{"label":"Tillbeh\u00f6r f\u00f6r spel","link":"https:\/\/droix.eu\/sv\/product-category\/tillbehor\/tillbehor-for-spel\/"},{"label":"Biwin RD510 Mini SSD-l\u00e4sare","link":"https:\/\/droix.eu\/sv\/product\/biwin-rd510-mini-ssd-lasare\/"}],"_links":{"self":[{"href":"https:\/\/droix.eu\/sv\/wp-json\/wp\/v2\/product\/707611","targetHints":{"allow":["GET"]}}],"collection":[{"href":"https:\/\/droix.eu\/sv\/wp-json\/wp\/v2\/product"}],"about":[{"href":"https:\/\/droix.eu\/sv\/wp-json\/wp\/v2\/types\/product"}],"version-history":[{"count":0,"href":"https:\/\/droix.eu\/sv\/wp-json\/wp\/v2\/product\/707611\/revisions"}],"wp:featuredmedia":[{"embeddable":true,"href":"https:\/\/droix.eu\/sv\/wp-json\/wp\/v2\/media\/707621"}],"wp:attachment":[{"href":"https:\/\/droix.eu\/sv\/wp-json\/wp\/v2\/media?parent=707611"}],"wp:term":[{"taxonomy":"product_brand","embeddable":true,"href":"https:\/\/droix.eu\/sv\/wp-json\/wp\/v2\/product_brand?post=707611"},{"taxonomy":"product_cat","embeddable":true,"href":"https:\/\/droix.eu\/sv\/wp-json\/wp\/v2\/product_cat?post=707611"},{"taxonomy":"product_tag","embeddable":true,"href":"https:\/\/droix.eu\/sv\/wp-json\/wp\/v2\/product_tag?post=707611"},{"taxonomy":"woo-feed-brand","embeddable":true,"href":"https:\/\/droix.eu\/sv\/wp-json\/wp\/v2\/woo-feed-brand?post=707611"},{"taxonomy":"key-features","embeddable":true,"href":"https:\/\/droix.eu\/sv\/wp-json\/wp\/v2\/key-features?post=707611"}],"curies":[{"name":"wp","href":"https:\/\/api.w.org\/{rel}","templated":true}]}}