{"id":572928,"date":"2025-06-03T09:42:31","date_gmt":"2025-06-03T08:42:31","guid":{"rendered":"https:\/\/droix.eu\/product\/onexplayer-onexgpu-2-egpu-dockningsstation-skyddsfodral\/"},"modified":"2025-09-05T15:07:15","modified_gmt":"2025-09-05T14:07:15","slug":"onexplayer-onexgpu-2-egpu-dockningsstation-skyddsfodral","status":"publish","type":"product","link":"https:\/\/droix.eu\/sv\/product\/onexplayer-onexgpu-2-egpu-dockningsstation-skyddsfodral\/","title":{"rendered":"ONEXPLAYER ONEXGPU 2 eGPU Dockningsstation &#8211; Skyddsfodral"},"content":{"rendered":"\n<h2 class=\"wp-block-heading\"><strong>Vi presenterar ONEXPLAYER ONEXGPU 2 skyddsfodral: stil och s\u00e4kerhet f\u00f6r din eGPU-dockningsstation<\/strong><\/h2>\n\n<h2 class=\"wp-block-heading\"><strong>F\u00f6rh\u00f6j skyddet och elegansen hos din ONEXPLAYER ONEXGPU 2 eGPU-dockningsstation med ONEXPLAYER ONEXGPU 2 skyddsfodral.<\/strong><\/h2>\n\n<p>Detta fodral \u00e4r tillverkat f\u00f6r att uppfylla kraven i en modern livsstil och kombinerar s\u00f6ml\u00f6st h\u00e5llbarhet, funktionalitet och estetik.<\/p>\n\n<h2 class=\"wp-block-heading\"><strong>Viktiga egenskaper:<\/strong><\/h2>\n\n<h2 class=\"wp-block-heading\"><strong>F\u00f6rstklassig design:<\/strong><\/h2>\n\n<p>ONEXPLAYER ONEXGPU 2 Protective Case \u00e4r noggrant utformat med premiummaterial och \u00e4r konstruerat f\u00f6r att t\u00e5la dagligt slitage samtidigt som det har en sofistikerad och elegant finish i svart l\u00e4der.<\/p>\n\n<h2 class=\"wp-block-heading\"><strong>Helt\u00e4ckande sk\u00e4rmning:<\/strong><\/h2>\n\n<p>ONEXPLAYER ONEXGPU 2 Protective Case ger fullst\u00e4ndig t\u00e4ckning f\u00f6r din eGPU-dockningsstation. Det omsluter varje kant och h\u00f6rn och ger ett robust skydd mot fall, st\u00f6tar och repor. <\/p>\n\n<h2 class=\"wp-block-heading\"><strong>Snygg och l\u00e4ttviktig:<\/strong><\/h2>\n\n<p>Trots sina robusta skyddsegenskaper \u00e4r detta fodral fortfarande elegant och l\u00e4tt, vilket bevarar den tunna formen p\u00e5 din ONEXPLAYER ONEXGPU 2 utan on\u00f6dig bulk.<\/p>\n\n<h2 class=\"wp-block-heading\"><strong>Skr\u00e4ddarsydd passform:<\/strong><\/h2>\n\n<p>ONEXPLAYER ONEXGPU 2 skyddsfodral \u00e4r skr\u00e4ddarsytt specifikt f\u00f6r ONEXPLAYER ONEXGPU 2 dockningsstation och garanterar en t\u00e4t och s\u00e4ker passform, vilket s\u00e4kerst\u00e4ller att din v\u00e4rdefulla enhet skyddas.<\/p>\n","protected":false},"excerpt":{"rendered":"<ul>\n<li><strong>Officiell<\/strong> ONEXPLAYER ONEXGPU 2 Fodral<\/li>\n<li>Mjukt foder f\u00f6r <strong>extra skydd<\/strong>.<\/li>\n<li>Inbyggt handtag f\u00f6r <strong> s\u00e4kert grepp<\/strong>.<\/li>\n<li>Snygg design med ONEXGPU-m\u00e4rkning<\/li>\n<\/ul>\n[droix_global_accordions]\n[cg_accordion title=\"Paketet inneh\u00e5ller\"]<\/p>\n<ul>\n<li>1x ONEXPLAYER Fodral f\u00f6r ONEXGPU 2<\/li>\n<\/ul>\n<p>[\/cg_accordion]\n","protected":false},"featured_media":570476,"template":"","meta":{"_acf_changed":false},"product_brand":[],"product_cat":[13323,13324],"product_tag":[],"woo-feed-brand":[],"key-features":[],"class_list":{"0":"post-572928","1":"product","2":"type-product","3":"status-publish","4":"has-post-thumbnail","6":"product_cat-tillbehor","7":"product_cat-tillbehor-for-spel","8":"product_shipping_class-low-end","9":"pa_accessory-type-protective-case","10":"pa_brands-onexplayer-sv","12":"first","13":"outofstock","14":"sale","15":"taxable","16":"shipping-taxable","17":"purchasable","18":"product-type-variable","19":"has-default-attributes"},"acf":[],"aioseo_notices":[],"aioseo_head":"\n\t\t<!-- All in One SEO Pro 4.9.5.2 - aioseo.com -->\n\t<meta name=\"description\" content=\"Officiell ONEXPLAYER ONEXGPU 2 Fodral Mjukt foder f\u00f6r extra skydd. Inbyggt handtag f\u00f6r s\u00e4kert grepp. Snygg design med ONEXGPU-m\u00e4rkning Paketet inneh\u00e5ller 1x ONEXPLAYER Fodral f\u00f6r ONEXGPU 2\" \/>\n\t<meta name=\"robots\" content=\"max-image-preview:large\" \/>\n\t<link rel=\"canonical\" href=\"https:\/\/droix.eu\/sv\/product\/onexplayer-onexgpu-2-egpu-dockningsstation-skyddsfodral\/\" \/>\n\t<meta name=\"generator\" content=\"All in One SEO Pro (AIOSEO) 4.9.5.2\" \/>\n\t\t<meta property=\"og:locale\" content=\"sv_SE\" \/>\n\t\t<meta property=\"og:site_name\" content=\"DROIX EU - Get the latest Mini PCs, Ultrabook, PC Gaming Handhelds and more!\" \/>\n\t\t<meta property=\"og:type\" content=\"article\" \/>\n\t\t<meta property=\"og:title\" content=\"ONEXPLAYER ONEXGPU 2 eGPU Dockningsstation \u2013 Skyddsfodral - DROIX EU\" \/>\n\t\t<meta property=\"og:description\" content=\"Officiell ONEXPLAYER ONEXGPU 2 Fodral Mjukt foder f\u00f6r extra skydd. Inbyggt handtag f\u00f6r s\u00e4kert grepp. Snygg design med ONEXGPU-m\u00e4rkning Paketet inneh\u00e5ller 1x ONEXPLAYER Fodral f\u00f6r ONEXGPU 2\" \/>\n\t\t<meta property=\"og:url\" content=\"https:\/\/droix.eu\/sv\/product\/onexplayer-onexgpu-2-egpu-dockningsstation-skyddsfodral\/\" \/>\n\t\t<meta property=\"og:image\" content=\"https:\/\/droix.eu\/wp-content\/uploads\/2024\/06\/droix-v2-light-logo.png\" \/>\n\t\t<meta property=\"og:image:secure_url\" content=\"https:\/\/droix.eu\/wp-content\/uploads\/2024\/06\/droix-v2-light-logo.png\" \/>\n\t\t<meta property=\"og:image:width\" content=\"380\" \/>\n\t\t<meta property=\"og:image:height\" content=\"118\" \/>\n\t\t<meta property=\"article:published_time\" content=\"2025-06-03T08:42:31+00:00\" \/>\n\t\t<meta property=\"article:modified_time\" content=\"2025-09-05T14:07:15+00:00\" \/>\n\t\t<meta property=\"article:publisher\" content=\"https:\/\/www.facebook.com\/DroiX.Store\" \/>\n\t\t<meta name=\"twitter:card\" content=\"summary_large_image\" \/>\n\t\t<meta name=\"twitter:site\" content=\"@DroiX_Store\" \/>\n\t\t<meta name=\"twitter:title\" content=\"ONEXPLAYER ONEXGPU 2 eGPU Dockningsstation \u2013 Skyddsfodral - DROIX EU\" \/>\n\t\t<meta name=\"twitter:description\" content=\"Officiell ONEXPLAYER ONEXGPU 2 Fodral Mjukt foder f\u00f6r extra skydd. Inbyggt handtag f\u00f6r s\u00e4kert grepp. Snygg design med ONEXGPU-m\u00e4rkning Paketet inneh\u00e5ller 1x ONEXPLAYER Fodral f\u00f6r ONEXGPU 2\" \/>\n\t\t<meta name=\"twitter:image\" content=\"https:\/\/droix.eu\/wp-content\/uploads\/2024\/06\/droix-v2-light-logo.png\" \/>\n\t\t<script type=\"application\/ld+json\" class=\"aioseo-schema\">\n\t\t\t{\"@context\":\"https:\\\/\\\/schema.org\",\"@graph\":[{\"@type\":\"BreadcrumbList\",\"@id\":\"https:\\\/\\\/droix.eu\\\/sv\\\/product\\\/onexplayer-onexgpu-2-egpu-dockningsstation-skyddsfodral\\\/#breadcrumblist\",\"itemListElement\":[{\"@type\":\"ListItem\",\"@id\":\"https:\\\/\\\/droix.eu\\\/sv\\\/#listItem\",\"position\":1,\"name\":\"Home\",\"item\":\"https:\\\/\\\/droix.eu\\\/sv\\\/\",\"nextItem\":{\"@type\":\"ListItem\",\"@id\":\"https:\\\/\\\/droix.eu\\\/sv\\\/product-category\\\/tillbehor\\\/#listItem\",\"name\":\"Tillbeh\\u00f6r\"}},{\"@type\":\"ListItem\",\"@id\":\"https:\\\/\\\/droix.eu\\\/sv\\\/product-category\\\/tillbehor\\\/#listItem\",\"position\":2,\"name\":\"Tillbeh\\u00f6r\",\"item\":\"https:\\\/\\\/droix.eu\\\/sv\\\/product-category\\\/tillbehor\\\/\",\"nextItem\":{\"@type\":\"ListItem\",\"@id\":\"https:\\\/\\\/droix.eu\\\/sv\\\/product-category\\\/tillbehor\\\/tillbehor-for-spel\\\/#listItem\",\"name\":\"Tillbeh\\u00f6r f\\u00f6r spel\"},\"previousItem\":{\"@type\":\"ListItem\",\"@id\":\"https:\\\/\\\/droix.eu\\\/sv\\\/#listItem\",\"name\":\"Home\"}},{\"@type\":\"ListItem\",\"@id\":\"https:\\\/\\\/droix.eu\\\/sv\\\/product-category\\\/tillbehor\\\/tillbehor-for-spel\\\/#listItem\",\"position\":3,\"name\":\"Tillbeh\\u00f6r f\\u00f6r spel\",\"item\":\"https:\\\/\\\/droix.eu\\\/sv\\\/product-category\\\/tillbehor\\\/tillbehor-for-spel\\\/\",\"nextItem\":{\"@type\":\"ListItem\",\"@id\":\"https:\\\/\\\/droix.eu\\\/sv\\\/product\\\/onexplayer-onexgpu-2-egpu-dockningsstation-skyddsfodral\\\/#listItem\",\"name\":\"ONEXPLAYER ONEXGPU 2 eGPU Dockningsstation &#8211; Skyddsfodral\"},\"previousItem\":{\"@type\":\"ListItem\",\"@id\":\"https:\\\/\\\/droix.eu\\\/sv\\\/product-category\\\/tillbehor\\\/#listItem\",\"name\":\"Tillbeh\\u00f6r\"}},{\"@type\":\"ListItem\",\"@id\":\"https:\\\/\\\/droix.eu\\\/sv\\\/product\\\/onexplayer-onexgpu-2-egpu-dockningsstation-skyddsfodral\\\/#listItem\",\"position\":4,\"name\":\"ONEXPLAYER ONEXGPU 2 eGPU Dockningsstation &#8211; Skyddsfodral\",\"previousItem\":{\"@type\":\"ListItem\",\"@id\":\"https:\\\/\\\/droix.eu\\\/sv\\\/product-category\\\/tillbehor\\\/tillbehor-for-spel\\\/#listItem\",\"name\":\"Tillbeh\\u00f6r f\\u00f6r spel\"}}]},{\"@type\":\"Organization\",\"@id\":\"https:\\\/\\\/droix.eu\\\/sv\\\/#organization\",\"name\":\"DroiX \\u2013 Trusted EU Tech Retailer with 12+ Years Experience\",\"description\":\"DroiX is a leading European technology retailer with over 12 years of experience, offering quality mini PCs, handheld gaming consoles, and tech accessories. We provide hassle-free EU delivery with all taxes included, ensuring a smooth and reliable shopping experience for our customers across Europe.\",\"url\":\"https:\\\/\\\/droix.eu\\\/sv\\\/\",\"logo\":{\"@type\":\"ImageObject\",\"url\":\"https:\\\/\\\/droix.eu\\\/wp-content\\\/uploads\\\/2024\\\/06\\\/droix-v2-light-logo.png\",\"@id\":\"https:\\\/\\\/droix.eu\\\/sv\\\/product\\\/onexplayer-onexgpu-2-egpu-dockningsstation-skyddsfodral\\\/#organizationLogo\",\"width\":380,\"height\":118},\"image\":{\"@id\":\"https:\\\/\\\/droix.eu\\\/sv\\\/product\\\/onexplayer-onexgpu-2-egpu-dockningsstation-skyddsfodral\\\/#organizationLogo\"},\"sameAs\":[\"https:\\\/\\\/www.facebook.com\\\/DroiX.Store\",\"https:\\\/\\\/twitter.com\\\/DroiX_Store\",\"https:\\\/\\\/www.instagram.com\\\/droix.store\\\/\",\"https:\\\/\\\/www.tiktok.com\\\/@droix.store\",\"https:\\\/\\\/www.youtube.com\\\/c\\\/DroiX_Store\",\"https:\\\/\\\/uk.linkedin.com\\\/company\\\/droix\"]},{\"@type\":\"ProductGroup\",\"@id\":\"https:\\\/\\\/droix.eu\\\/sv\\\/product\\\/onexplayer-onexgpu-2-egpu-dockningsstation-skyddsfodral\\\/#wooCommerceProduct\",\"name\":\"ONEXPLAYER ONEXGPU 2 eGPU Dockningsstation - Skyddsfodral\",\"description\":\"Officiell ONEXPLAYER ONEXGPU 2 Fodral\\n \\tMjukt foder f\\u00f6r extra skydd.\\n \\tInbyggt handtag f\\u00f6r  s\\u00e4kert grepp.\\n \\tSnygg design med ONEXGPU-m\\u00e4rkning\",\"url\":\"https:\\\/\\\/droix.eu\\\/sv\\\/product\\\/onexplayer-onexgpu-2-egpu-dockningsstation-skyddsfodral\\\/\",\"image\":{\"@type\":\"ImageObject\",\"url\":\"https:\\\/\\\/droix.eu\\\/wp-content\\\/uploads\\\/2025\\\/06\\\/ONEXPLAYER-ONEXGPU-CASE-DONE-01.png\",\"@id\":\"https:\\\/\\\/droix.eu\\\/sv\\\/product\\\/onexplayer-onexgpu-2-egpu-dockningsstation-skyddsfodral\\\/#productImage\",\"width\":1500,\"height\":1500,\"caption\":\"ONEXGPU 2 Carrying Case \\u2013 A durable, black protective case with a textured exterior, sturdy handle, and embossed ONEXGPU branding, designed for safely storing and transporting the ONEXGPU 2 eGPU\"},\"productGroupID\":572928,\"hasVariant\":[{\"@type\":\"Product\",\"@id\":\"https:\\\/\\\/droix.eu\\\/sv\\\/product\\\/onexplayer-onexgpu-2-egpu-dockningsstation-skyddsfodral\\\/#wooCommerceProduct\",\"name\":\"ONEXPLAYER ONEXGPU 2 eGPU Dockningsstation - Skyddsfodral - new\",\"description\":\"Officiell ONEXPLAYER ONEXGPU 2 Fodral\\n \\tMjukt foder f\\u00f6r extra skydd.\\n \\tInbyggt handtag f\\u00f6r  s\\u00e4kert grepp.\\n \\tSnygg design med ONEXGPU-m\\u00e4rkning\",\"url\":\"https:\\\/\\\/droix.eu\\\/sv\\\/product\\\/onexplayer-onexgpu-2-egpu-dockningsstation-skyddsfodral\\\/\",\"sku\":\"ONEXPLAYER-ONEXGPU-2-CASE\",\"gtin\":\"5061077631516\",\"image\":{\"@type\":\"ImageObject\",\"url\":\"https:\\\/\\\/droix.eu\\\/wp-content\\\/uploads\\\/2025\\\/06\\\/ONEXPLAYER-ONEXGPU-CASE-DONE-01.png\",\"@id\":\"https:\\\/\\\/droix.eu\\\/sv\\\/product\\\/onexplayer-onexgpu-2-egpu-dockningsstation-skyddsfodral\\\/#productImage\",\"width\":1500,\"height\":1500,\"caption\":\"ONEXGPU 2 Carrying Case \\u2013 A durable, black protective case with a textured exterior, sturdy handle, and embossed ONEXGPU branding, designed for safely storing and transporting the ONEXGPU 2 eGPU\"},\"offers\":{\"@type\":\"Offer\",\"url\":\"https:\\\/\\\/droix.eu\\\/sv\\\/product\\\/onexplayer-onexgpu-2-egpu-dockningsstation-skyddsfodral\\\/#wooCommerceOffer\",\"price\":\"15.95\",\"priceCurrency\":\"EUR\",\"category\":\"Tillbeh\\u00f6r\",\"availability\":\"https:\\\/\\\/schema.org\\\/OutOfStock\",\"priceSpecification\":{\"@type\":\"PriceSpecification\",\"price\":15.95,\"priceCurrency\":\"EUR\",\"valueAddedTaxIncluded\":\"true\"}}}]},{\"@type\":\"WebPage\",\"@id\":\"https:\\\/\\\/droix.eu\\\/sv\\\/product\\\/onexplayer-onexgpu-2-egpu-dockningsstation-skyddsfodral\\\/#webpage\",\"url\":\"https:\\\/\\\/droix.eu\\\/sv\\\/product\\\/onexplayer-onexgpu-2-egpu-dockningsstation-skyddsfodral\\\/\",\"name\":\"ONEXPLAYER ONEXGPU 2 eGPU Dockningsstation \\u2013 Skyddsfodral - DROIX EU\",\"description\":\"Officiell ONEXPLAYER ONEXGPU 2 Fodral Mjukt foder f\\u00f6r extra skydd. Inbyggt handtag f\\u00f6r s\\u00e4kert grepp. Snygg design med ONEXGPU-m\\u00e4rkning Paketet inneh\\u00e5ller 1x ONEXPLAYER Fodral f\\u00f6r ONEXGPU 2\",\"inLanguage\":\"sv-SE\",\"isPartOf\":{\"@id\":\"https:\\\/\\\/droix.eu\\\/sv\\\/#website\"},\"breadcrumb\":{\"@id\":\"https:\\\/\\\/droix.eu\\\/sv\\\/product\\\/onexplayer-onexgpu-2-egpu-dockningsstation-skyddsfodral\\\/#breadcrumblist\"},\"image\":{\"@type\":\"ImageObject\",\"url\":\"https:\\\/\\\/droix.eu\\\/wp-content\\\/uploads\\\/2025\\\/06\\\/ONEXPLAYER-ONEXGPU-CASE-DONE-01.png\",\"@id\":\"https:\\\/\\\/droix.eu\\\/sv\\\/product\\\/onexplayer-onexgpu-2-egpu-dockningsstation-skyddsfodral\\\/#mainImage\",\"width\":1500,\"height\":1500,\"caption\":\"ONEXGPU 2 Carrying Case \\u2013 A durable, black protective case with a textured exterior, sturdy handle, and embossed ONEXGPU branding, designed for safely storing and transporting the ONEXGPU 2 eGPU\"},\"primaryImageOfPage\":{\"@id\":\"https:\\\/\\\/droix.eu\\\/sv\\\/product\\\/onexplayer-onexgpu-2-egpu-dockningsstation-skyddsfodral\\\/#mainImage\"},\"datePublished\":\"2025-06-03T09:42:31+01:00\",\"dateModified\":\"2025-09-05T15:07:15+01:00\"},{\"@type\":\"WebSite\",\"@id\":\"https:\\\/\\\/droix.eu\\\/sv\\\/#website\",\"url\":\"https:\\\/\\\/droix.eu\\\/sv\\\/\",\"name\":\"DROIX EU\",\"description\":\"Get the latest Mini PCs, Ultrabook, PC Gaming Handhelds and more!\",\"inLanguage\":\"sv-SE\",\"publisher\":{\"@id\":\"https:\\\/\\\/droix.eu\\\/sv\\\/#organization\"}}]}\n\t\t<\/script>\n\t\t<!-- All in One SEO Pro -->\r\n\t\t<title>ONEXPLAYER ONEXGPU 2 eGPU Dockningsstation \u2013 Skyddsfodral - DROIX EU<\/title>\n\n","aioseo_head_json":{"title":"ONEXPLAYER ONEXGPU 2 eGPU Dockningsstation \u2013 Skyddsfodral - DROIX EU","description":"Officiell ONEXPLAYER ONEXGPU 2 Fodral Mjukt foder f\u00f6r extra skydd. Inbyggt handtag f\u00f6r s\u00e4kert grepp. Snygg design med ONEXGPU-m\u00e4rkning Paketet inneh\u00e5ller 1x ONEXPLAYER Fodral f\u00f6r ONEXGPU 2","canonical_url":"https:\/\/droix.eu\/sv\/product\/onexplayer-onexgpu-2-egpu-dockningsstation-skyddsfodral\/","robots":"max-image-preview:large","keywords":"","webmasterTools":{"miscellaneous":""},"schema":{"@context":"https:\/\/schema.org","@graph":[{"@type":"BreadcrumbList","@id":"https:\/\/droix.eu\/sv\/product\/onexplayer-onexgpu-2-egpu-dockningsstation-skyddsfodral\/#breadcrumblist","itemListElement":[{"@type":"ListItem","@id":"https:\/\/droix.eu\/sv\/#listItem","position":1,"name":"Home","item":"https:\/\/droix.eu\/sv\/","nextItem":{"@type":"ListItem","@id":"https:\/\/droix.eu\/sv\/product-category\/tillbehor\/#listItem","name":"Tillbeh\u00f6r"}},{"@type":"ListItem","@id":"https:\/\/droix.eu\/sv\/product-category\/tillbehor\/#listItem","position":2,"name":"Tillbeh\u00f6r","item":"https:\/\/droix.eu\/sv\/product-category\/tillbehor\/","nextItem":{"@type":"ListItem","@id":"https:\/\/droix.eu\/sv\/product-category\/tillbehor\/tillbehor-for-spel\/#listItem","name":"Tillbeh\u00f6r f\u00f6r spel"},"previousItem":{"@type":"ListItem","@id":"https:\/\/droix.eu\/sv\/#listItem","name":"Home"}},{"@type":"ListItem","@id":"https:\/\/droix.eu\/sv\/product-category\/tillbehor\/tillbehor-for-spel\/#listItem","position":3,"name":"Tillbeh\u00f6r f\u00f6r spel","item":"https:\/\/droix.eu\/sv\/product-category\/tillbehor\/tillbehor-for-spel\/","nextItem":{"@type":"ListItem","@id":"https:\/\/droix.eu\/sv\/product\/onexplayer-onexgpu-2-egpu-dockningsstation-skyddsfodral\/#listItem","name":"ONEXPLAYER ONEXGPU 2 eGPU Dockningsstation &#8211; Skyddsfodral"},"previousItem":{"@type":"ListItem","@id":"https:\/\/droix.eu\/sv\/product-category\/tillbehor\/#listItem","name":"Tillbeh\u00f6r"}},{"@type":"ListItem","@id":"https:\/\/droix.eu\/sv\/product\/onexplayer-onexgpu-2-egpu-dockningsstation-skyddsfodral\/#listItem","position":4,"name":"ONEXPLAYER ONEXGPU 2 eGPU Dockningsstation &#8211; Skyddsfodral","previousItem":{"@type":"ListItem","@id":"https:\/\/droix.eu\/sv\/product-category\/tillbehor\/tillbehor-for-spel\/#listItem","name":"Tillbeh\u00f6r f\u00f6r spel"}}]},{"@type":"Organization","@id":"https:\/\/droix.eu\/sv\/#organization","name":"DroiX \u2013 Trusted EU Tech Retailer with 12+ Years Experience","description":"DroiX is a leading European technology retailer with over 12 years of experience, offering quality mini PCs, handheld gaming consoles, and tech accessories. We provide hassle-free EU delivery with all taxes included, ensuring a smooth and reliable shopping experience for our customers across Europe.","url":"https:\/\/droix.eu\/sv\/","logo":{"@type":"ImageObject","url":"https:\/\/droix.eu\/wp-content\/uploads\/2024\/06\/droix-v2-light-logo.png","@id":"https:\/\/droix.eu\/sv\/product\/onexplayer-onexgpu-2-egpu-dockningsstation-skyddsfodral\/#organizationLogo","width":380,"height":118},"image":{"@id":"https:\/\/droix.eu\/sv\/product\/onexplayer-onexgpu-2-egpu-dockningsstation-skyddsfodral\/#organizationLogo"},"sameAs":["https:\/\/www.facebook.com\/DroiX.Store","https:\/\/twitter.com\/DroiX_Store","https:\/\/www.instagram.com\/droix.store\/","https:\/\/www.tiktok.com\/@droix.store","https:\/\/www.youtube.com\/c\/DroiX_Store","https:\/\/uk.linkedin.com\/company\/droix"]},{"@type":"ProductGroup","@id":"https:\/\/droix.eu\/sv\/product\/onexplayer-onexgpu-2-egpu-dockningsstation-skyddsfodral\/#wooCommerceProduct","name":"ONEXPLAYER ONEXGPU 2 eGPU Dockningsstation - Skyddsfodral","description":"Officiell ONEXPLAYER ONEXGPU 2 Fodral\n \tMjukt foder f\u00f6r extra skydd.\n \tInbyggt handtag f\u00f6r  s\u00e4kert grepp.\n \tSnygg design med ONEXGPU-m\u00e4rkning","url":"https:\/\/droix.eu\/sv\/product\/onexplayer-onexgpu-2-egpu-dockningsstation-skyddsfodral\/","image":{"@type":"ImageObject","url":"https:\/\/droix.eu\/wp-content\/uploads\/2025\/06\/ONEXPLAYER-ONEXGPU-CASE-DONE-01.png","@id":"https:\/\/droix.eu\/sv\/product\/onexplayer-onexgpu-2-egpu-dockningsstation-skyddsfodral\/#productImage","width":1500,"height":1500,"caption":"ONEXGPU 2 Carrying Case \u2013 A durable, black protective case with a textured exterior, sturdy handle, and embossed ONEXGPU branding, designed for safely storing and transporting the ONEXGPU 2 eGPU"},"productGroupID":572928,"hasVariant":[{"@type":"Product","@id":"https:\/\/droix.eu\/sv\/product\/onexplayer-onexgpu-2-egpu-dockningsstation-skyddsfodral\/#wooCommerceProduct","name":"ONEXPLAYER ONEXGPU 2 eGPU Dockningsstation - Skyddsfodral - new","description":"Officiell ONEXPLAYER ONEXGPU 2 Fodral\n \tMjukt foder f\u00f6r extra skydd.\n \tInbyggt handtag f\u00f6r  s\u00e4kert grepp.\n \tSnygg design med ONEXGPU-m\u00e4rkning","url":"https:\/\/droix.eu\/sv\/product\/onexplayer-onexgpu-2-egpu-dockningsstation-skyddsfodral\/","sku":"ONEXPLAYER-ONEXGPU-2-CASE","gtin":"5061077631516","image":{"@type":"ImageObject","url":"https:\/\/droix.eu\/wp-content\/uploads\/2025\/06\/ONEXPLAYER-ONEXGPU-CASE-DONE-01.png","@id":"https:\/\/droix.eu\/sv\/product\/onexplayer-onexgpu-2-egpu-dockningsstation-skyddsfodral\/#productImage","width":1500,"height":1500,"caption":"ONEXGPU 2 Carrying Case \u2013 A durable, black protective case with a textured exterior, sturdy handle, and embossed ONEXGPU branding, designed for safely storing and transporting the ONEXGPU 2 eGPU"},"offers":{"@type":"Offer","url":"https:\/\/droix.eu\/sv\/product\/onexplayer-onexgpu-2-egpu-dockningsstation-skyddsfodral\/#wooCommerceOffer","price":"15.95","priceCurrency":"EUR","category":"Tillbeh\u00f6r","availability":"https:\/\/schema.org\/OutOfStock","priceSpecification":{"@type":"PriceSpecification","price":15.95,"priceCurrency":"EUR","valueAddedTaxIncluded":"true"}}}]},{"@type":"WebPage","@id":"https:\/\/droix.eu\/sv\/product\/onexplayer-onexgpu-2-egpu-dockningsstation-skyddsfodral\/#webpage","url":"https:\/\/droix.eu\/sv\/product\/onexplayer-onexgpu-2-egpu-dockningsstation-skyddsfodral\/","name":"ONEXPLAYER ONEXGPU 2 eGPU Dockningsstation \u2013 Skyddsfodral - DROIX EU","description":"Officiell ONEXPLAYER ONEXGPU 2 Fodral Mjukt foder f\u00f6r extra skydd. Inbyggt handtag f\u00f6r s\u00e4kert grepp. Snygg design med ONEXGPU-m\u00e4rkning Paketet inneh\u00e5ller 1x ONEXPLAYER Fodral f\u00f6r ONEXGPU 2","inLanguage":"sv-SE","isPartOf":{"@id":"https:\/\/droix.eu\/sv\/#website"},"breadcrumb":{"@id":"https:\/\/droix.eu\/sv\/product\/onexplayer-onexgpu-2-egpu-dockningsstation-skyddsfodral\/#breadcrumblist"},"image":{"@type":"ImageObject","url":"https:\/\/droix.eu\/wp-content\/uploads\/2025\/06\/ONEXPLAYER-ONEXGPU-CASE-DONE-01.png","@id":"https:\/\/droix.eu\/sv\/product\/onexplayer-onexgpu-2-egpu-dockningsstation-skyddsfodral\/#mainImage","width":1500,"height":1500,"caption":"ONEXGPU 2 Carrying Case \u2013 A durable, black protective case with a textured exterior, sturdy handle, and embossed ONEXGPU branding, designed for safely storing and transporting the ONEXGPU 2 eGPU"},"primaryImageOfPage":{"@id":"https:\/\/droix.eu\/sv\/product\/onexplayer-onexgpu-2-egpu-dockningsstation-skyddsfodral\/#mainImage"},"datePublished":"2025-06-03T09:42:31+01:00","dateModified":"2025-09-05T15:07:15+01:00"},{"@type":"WebSite","@id":"https:\/\/droix.eu\/sv\/#website","url":"https:\/\/droix.eu\/sv\/","name":"DROIX EU","description":"Get the latest Mini PCs, Ultrabook, PC Gaming Handhelds and more!","inLanguage":"sv-SE","publisher":{"@id":"https:\/\/droix.eu\/sv\/#organization"}}]},"og:locale":"sv_SE","og:site_name":"DROIX EU - Get the latest Mini PCs, Ultrabook, PC Gaming Handhelds and more!","og:type":"article","og:title":"ONEXPLAYER ONEXGPU 2 eGPU Dockningsstation \u2013 Skyddsfodral - DROIX EU","og:description":"Officiell ONEXPLAYER ONEXGPU 2 Fodral Mjukt foder f\u00f6r extra skydd. Inbyggt handtag f\u00f6r s\u00e4kert grepp. Snygg design med ONEXGPU-m\u00e4rkning Paketet inneh\u00e5ller 1x ONEXPLAYER Fodral f\u00f6r ONEXGPU 2","og:url":"https:\/\/droix.eu\/sv\/product\/onexplayer-onexgpu-2-egpu-dockningsstation-skyddsfodral\/","og:image":"https:\/\/droix.eu\/wp-content\/uploads\/2024\/06\/droix-v2-light-logo.png","og:image:secure_url":"https:\/\/droix.eu\/wp-content\/uploads\/2024\/06\/droix-v2-light-logo.png","og:image:width":380,"og:image:height":118,"article:published_time":"2025-06-03T08:42:31+00:00","article:modified_time":"2025-09-05T14:07:15+00:00","article:publisher":"https:\/\/www.facebook.com\/DroiX.Store","twitter:card":"summary_large_image","twitter:site":"@DroiX_Store","twitter:title":"ONEXPLAYER ONEXGPU 2 eGPU Dockningsstation \u2013 Skyddsfodral - DROIX EU","twitter:description":"Officiell ONEXPLAYER ONEXGPU 2 Fodral Mjukt foder f\u00f6r extra skydd. Inbyggt handtag f\u00f6r s\u00e4kert grepp. Snygg design med ONEXGPU-m\u00e4rkning Paketet inneh\u00e5ller 1x ONEXPLAYER Fodral f\u00f6r ONEXGPU 2","twitter:image":"https:\/\/droix.eu\/wp-content\/uploads\/2024\/06\/droix-v2-light-logo.png"},"aioseo_meta_data":{"post_id":"572928","title":null,"description":null,"keywords":null,"keyphrases":null,"primary_term":null,"canonical_url":null,"og_title":null,"og_description":null,"og_object_type":"default","og_image_type":"default","og_image_url":null,"og_image_width":null,"og_image_height":null,"og_image_custom_url":null,"og_image_custom_fields":null,"og_video":null,"og_custom_url":null,"og_article_section":null,"og_article_tags":null,"twitter_use_og":true,"twitter_card":"default","twitter_image_type":"default","twitter_image_url":null,"twitter_image_custom_url":null,"twitter_image_custom_fields":null,"twitter_title":null,"twitter_description":null,"schema":{"blockGraphs":[],"customGraphs":[],"default":{"data":{"Article":[],"Course":[],"Dataset":[],"FAQPage":[],"Movie":[],"Person":[],"Product":[],"ProductReview":[],"Car":[],"Recipe":[],"Service":[],"SoftwareApplication":[],"WebPage":[]},"graphName":"","isEnabled":true},"graphs":[]},"schema_type":"default","schema_type_options":null,"pillar_content":false,"robots_default":true,"robots_noindex":false,"robots_noarchive":false,"robots_nosnippet":false,"robots_nofollow":false,"robots_noimageindex":false,"robots_noodp":false,"robots_notranslate":false,"robots_max_snippet":null,"robots_max_videopreview":null,"robots_max_imagepreview":"large","priority":null,"frequency":null,"local_seo":null,"seo_analyzer_scan_date":"2025-12-20 16:40:10","breadcrumb_settings":null,"limit_modified_date":false,"reviewed_by":null,"open_ai":null,"ai":null,"created":"2025-10-09 09:40:17","updated":"2025-12-20 16:40:10"},"aioseo_breadcrumb":"<div class=\"aioseo-breadcrumbs\"><span class=\"aioseo-breadcrumb\">\n\t<a href=\"https:\/\/droix.eu\/sv\/\" title=\"Home\">Home<\/a>\n<\/span><span class=\"aioseo-breadcrumb-separator\">&raquo;<\/span><span class=\"aioseo-breadcrumb\">\n\t<a href=\"https:\/\/droix.eu\/sv\/product-category\/tillbehor\/\" title=\"Tillbeh\u00f6r\">Tillbeh\u00f6r<\/a>\n<\/span><span class=\"aioseo-breadcrumb-separator\">&raquo;<\/span><span class=\"aioseo-breadcrumb\">\n\t<a href=\"https:\/\/droix.eu\/sv\/product-category\/tillbehor\/tillbehor-for-spel\/\" title=\"Tillbeh\u00f6r f\u00f6r spel\">Tillbeh\u00f6r f\u00f6r spel<\/a>\n<\/span><span class=\"aioseo-breadcrumb-separator\">&raquo;<\/span><span class=\"aioseo-breadcrumb\">\n\tONEXPLAYER ONEXGPU 2 eGPU Dockningsstation \u2013 Skyddsfodral\n<\/span><\/div>","aioseo_breadcrumb_json":[{"label":"Home","link":"https:\/\/droix.eu\/sv\/"},{"label":"Tillbeh\u00f6r","link":"https:\/\/droix.eu\/sv\/product-category\/tillbehor\/"},{"label":"Tillbeh\u00f6r f\u00f6r spel","link":"https:\/\/droix.eu\/sv\/product-category\/tillbehor\/tillbehor-for-spel\/"},{"label":"ONEXPLAYER ONEXGPU 2 eGPU Dockningsstation &#8211; Skyddsfodral","link":"https:\/\/droix.eu\/sv\/product\/onexplayer-onexgpu-2-egpu-dockningsstation-skyddsfodral\/"}],"_links":{"self":[{"href":"https:\/\/droix.eu\/sv\/wp-json\/wp\/v2\/product\/572928","targetHints":{"allow":["GET"]}}],"collection":[{"href":"https:\/\/droix.eu\/sv\/wp-json\/wp\/v2\/product"}],"about":[{"href":"https:\/\/droix.eu\/sv\/wp-json\/wp\/v2\/types\/product"}],"version-history":[{"count":0,"href":"https:\/\/droix.eu\/sv\/wp-json\/wp\/v2\/product\/572928\/revisions"}],"wp:featuredmedia":[{"embeddable":true,"href":"https:\/\/droix.eu\/sv\/wp-json\/wp\/v2\/media\/570476"}],"wp:attachment":[{"href":"https:\/\/droix.eu\/sv\/wp-json\/wp\/v2\/media?parent=572928"}],"wp:term":[{"taxonomy":"product_brand","embeddable":true,"href":"https:\/\/droix.eu\/sv\/wp-json\/wp\/v2\/product_brand?post=572928"},{"taxonomy":"product_cat","embeddable":true,"href":"https:\/\/droix.eu\/sv\/wp-json\/wp\/v2\/product_cat?post=572928"},{"taxonomy":"product_tag","embeddable":true,"href":"https:\/\/droix.eu\/sv\/wp-json\/wp\/v2\/product_tag?post=572928"},{"taxonomy":"woo-feed-brand","embeddable":true,"href":"https:\/\/droix.eu\/sv\/wp-json\/wp\/v2\/woo-feed-brand?post=572928"},{"taxonomy":"key-features","embeddable":true,"href":"https:\/\/droix.eu\/sv\/wp-json\/wp\/v2\/key-features?post=572928"}],"curies":[{"name":"wp","href":"https:\/\/api.w.org\/{rel}","templated":true}]}}