{"id":551469,"date":"2020-11-20T10:02:39","date_gmt":"2020-11-20T10:02:39","guid":{"rendered":"https:\/\/droix.eu\/product\/fx8s-usb-typ-c-hubb\/"},"modified":"2025-09-05T15:21:39","modified_gmt":"2025-09-05T14:21:39","slug":"fx8s-usb-typ-c-hubb","status":"publish","type":"product","link":"https:\/\/droix.eu\/sv\/product\/fx8s-usb-typ-c-hubb\/","title":{"rendered":"FX8S USB typ C-hubb"},"content":{"rendered":"<p>FX8s <strong>USB-C Hub 8-i-1-adapter<\/strong> samlar de vanligaste portarna i en kompakt och h\u00f6gpresterande <strong>USB-C Hub.<\/strong><\/p>\n<p>FX8s <strong>USB-C-hubb<\/strong> ansluts till din USB Type-C-port och \u00e4r \u00e4ven <a href=\"https:\/\/www.pocket-lint.com\/laptops\/news\/139323-thunderbolt-3-explained-the-one-port-to-rule-them-all\">Thunderbolt 3-kompatibel<\/a>. Den ger en h\u00f6ghastighetsport fr\u00e5n din enhet, t.ex. en PC eller b\u00e4rbar dator, till hubben och m\u00f6jligg\u00f6r \u00e4ven laddning under anv\u00e4ndning. <\/p>\n<p><strong>USB-C-hubbens HDMI-port<\/strong> st\u00f6der upp till <strong>4K*2K UHD<\/strong> (3840&#215;2160) vid 60 Hz f\u00f6r anslutning till bildsk\u00e4rmsenheter som TV-apparater, monitorer eller projektorer. Anslut helt enkelt en HDMI-kabel till hubben och din sk\u00e4rm s\u00e5 \u00e4r du redo att k\u00f6ra. <\/p>\n<p>Tv\u00e5 <strong>USB 3.0-portar<\/strong> med h\u00f6g hastighet finns p\u00e5 sidan och g\u00f6r det m\u00f6jligt att ansluta enheter som mus eller tangentbord eller h\u00f6ghastighetskretsutrustning som USB-minnen och externa h\u00e5rddiskar. De levererar upp till 4,5 W maximal effekt. <\/p>\n<p>Den kvinnliga <strong>USB Type-C-porten<\/strong> har st\u00f6d f\u00f6r upp till 87 W str\u00f6madaptrar och kan \u00e4ven mata ut 20 V vid 3A. Den dubbla funktionen g\u00f6r att du kan ladda din enhet via hubben samtidigt som du anv\u00e4nder den, vilket \u00e4r en perfekt l\u00f6sning om din enhet bara har en Typ-C-port. Du kan ocks\u00e5 ansluta kompatibel <a href=\"https:\/\/www.computerworld.com\/article\/2488194\/usb-c-explained-how-to-get-the-most-from-it-and-why-its-great.html\">typ C-kringutrustning<\/a> till hubben via den h\u00e4r porten.  <\/p>\n<p>M\u00e5nga b\u00e4rbara enheter har idag endast tr\u00e5dl\u00f6s anslutning och ofta \u00e4r den inte tillr\u00e4ckligt snabb eller tillf\u00f6rlitlig. <strong>USB-C-hubbens<\/strong> RJ45-port f\u00f6r <strong>Ethernet<\/strong> st\u00f6der upp till 100 Mbps f\u00f6r snabb och stabil data\u00f6verf\u00f6ring via kabel. <\/p>\n<p>FX8s-hubben har ocks\u00e5 en SD- och Micro SD <strong>USB-C-kortl\u00e4sare<\/strong> som ger tillf\u00f6rlitlig h\u00f6ghastighetsskrivning och -l\u00e4sning till och fr\u00e5n korten till din enhet.<\/p>\n","protected":false},"excerpt":{"rendered":"<ul>\n<li><strong>H\u00f6ghastighets<\/strong> USB typ C-adapter<\/li>\n<li><strong>4K<\/strong> HDMI-utg\u00e5ng<\/li>\n<li>RJ45 <strong>100M\/s<\/strong> Ethernet-port<\/li>\n<li>SD\/MicroSD-kortplats<\/li>\n<li>Kompatibel med <strong>Windows<\/strong><strong>, Mac<\/strong> och <strong>Android<\/strong><\/li>\n<\/ul>\n[droix_global_accordions]\n[cg_accordion title=\"Package Includes\"]<\/p>\n<ul>\n<li>1x FX8S USB typ C-hubb<\/li>\n<\/ul>\n<p>[\/cg_accordion]\n","protected":false},"featured_media":221136,"template":"","meta":{"_acf_changed":false},"product_brand":[],"product_cat":[13323,13324,13368,16851],"product_tag":[],"woo-feed-brand":[],"key-features":[],"class_list":{"0":"post-551469","1":"product","2":"type-product","3":"status-publish","4":"has-post-thumbnail","6":"product_cat-tillbehor","7":"product_cat-tillbehor-for-spel","8":"product_cat-tillbehor-till-barbara-datorer","9":"product_cat-tillbehor-till-datorer","10":"product_shipping_class-low-end","11":"pa_accessory-type-docking-station","12":"pa_brands-droix-sv","14":"first","15":"outofstock","16":"taxable","17":"shipping-taxable","18":"purchasable","19":"product-type-simple"},"acf":[],"aioseo_notices":[],"aioseo_head":"\n\t\t<!-- All in One SEO Pro 4.9.6.2 - aioseo.com -->\n\t<meta name=\"description\" content=\"H\u00f6ghastighets USB typ C-adapter 4K HDMI-utg\u00e5ng RJ45 100M\/s Ethernet-port SD\/MicroSD-kortplats Kompatibel med Windows, Mac och Android Package Includes 1x FX8S USB typ C-hubb\" \/>\n\t<meta name=\"robots\" content=\"max-image-preview:large\" \/>\n\t<link rel=\"canonical\" href=\"https:\/\/droix.eu\/sv\/product\/fx8s-usb-typ-c-hubb\/\" \/>\n\t<meta name=\"generator\" content=\"All in One SEO Pro (AIOSEO) 4.9.6.2\" \/>\n\t\t<meta property=\"og:locale\" content=\"sv_SE\" \/>\n\t\t<meta property=\"og:site_name\" content=\"DROIX EU - Get the latest Mini PCs, Ultrabook, PC Gaming Handhelds and more!\" \/>\n\t\t<meta property=\"og:type\" content=\"article\" \/>\n\t\t<meta property=\"og:title\" content=\"FX8S USB typ C-hubb - DROIX EU\" \/>\n\t\t<meta property=\"og:description\" content=\"H\u00f6ghastighets USB typ C-adapter 4K HDMI-utg\u00e5ng RJ45 100M\/s Ethernet-port SD\/MicroSD-kortplats Kompatibel med Windows, Mac och Android Package Includes 1x FX8S USB typ C-hubb\" \/>\n\t\t<meta property=\"og:url\" content=\"https:\/\/droix.eu\/sv\/product\/fx8s-usb-typ-c-hubb\/\" \/>\n\t\t<meta property=\"og:image\" content=\"https:\/\/droix.eu\/wp-content\/uploads\/2024\/06\/droix-v2-light-logo.png\" \/>\n\t\t<meta property=\"og:image:secure_url\" content=\"https:\/\/droix.eu\/wp-content\/uploads\/2024\/06\/droix-v2-light-logo.png\" \/>\n\t\t<meta property=\"og:image:width\" content=\"380\" \/>\n\t\t<meta property=\"og:image:height\" content=\"118\" \/>\n\t\t<meta property=\"article:published_time\" content=\"2020-11-20T10:02:39+00:00\" \/>\n\t\t<meta property=\"article:modified_time\" content=\"2025-09-05T14:21:39+00:00\" \/>\n\t\t<meta property=\"article:publisher\" content=\"https:\/\/www.facebook.com\/DroiX.Store\" \/>\n\t\t<meta name=\"twitter:card\" content=\"summary_large_image\" \/>\n\t\t<meta name=\"twitter:site\" content=\"@DroiX_Store\" \/>\n\t\t<meta name=\"twitter:title\" content=\"FX8S USB typ C-hubb - DROIX EU\" \/>\n\t\t<meta name=\"twitter:description\" content=\"H\u00f6ghastighets USB typ C-adapter 4K HDMI-utg\u00e5ng RJ45 100M\/s Ethernet-port SD\/MicroSD-kortplats Kompatibel med Windows, Mac och Android Package Includes 1x FX8S USB typ C-hubb\" \/>\n\t\t<meta name=\"twitter:image\" content=\"https:\/\/droix.eu\/wp-content\/uploads\/2024\/06\/droix-v2-light-logo.png\" \/>\n\t\t<script type=\"application\/ld+json\" class=\"aioseo-schema\">\n\t\t\t{\"@context\":\"https:\\\/\\\/schema.org\",\"@graph\":[{\"@type\":\"BreadcrumbList\",\"@id\":\"https:\\\/\\\/droix.eu\\\/sv\\\/product\\\/fx8s-usb-typ-c-hubb\\\/#breadcrumblist\",\"itemListElement\":[{\"@type\":\"ListItem\",\"@id\":\"https:\\\/\\\/droix.eu\\\/sv\\\/#listItem\",\"position\":1,\"name\":\"Home\",\"item\":\"https:\\\/\\\/droix.eu\\\/sv\\\/\",\"nextItem\":{\"@type\":\"ListItem\",\"@id\":\"https:\\\/\\\/droix.eu\\\/sv\\\/product-category\\\/tillbehor\\\/#listItem\",\"name\":\"Tillbeh\\u00f6r\"}},{\"@type\":\"ListItem\",\"@id\":\"https:\\\/\\\/droix.eu\\\/sv\\\/product-category\\\/tillbehor\\\/#listItem\",\"position\":2,\"name\":\"Tillbeh\\u00f6r\",\"item\":\"https:\\\/\\\/droix.eu\\\/sv\\\/product-category\\\/tillbehor\\\/\",\"nextItem\":{\"@type\":\"ListItem\",\"@id\":\"https:\\\/\\\/droix.eu\\\/sv\\\/product-category\\\/tillbehor\\\/tillbehor-for-spel\\\/#listItem\",\"name\":\"Tillbeh\\u00f6r f\\u00f6r spel\"},\"previousItem\":{\"@type\":\"ListItem\",\"@id\":\"https:\\\/\\\/droix.eu\\\/sv\\\/#listItem\",\"name\":\"Home\"}},{\"@type\":\"ListItem\",\"@id\":\"https:\\\/\\\/droix.eu\\\/sv\\\/product-category\\\/tillbehor\\\/tillbehor-for-spel\\\/#listItem\",\"position\":3,\"name\":\"Tillbeh\\u00f6r f\\u00f6r spel\",\"item\":\"https:\\\/\\\/droix.eu\\\/sv\\\/product-category\\\/tillbehor\\\/tillbehor-for-spel\\\/\",\"nextItem\":{\"@type\":\"ListItem\",\"@id\":\"https:\\\/\\\/droix.eu\\\/sv\\\/product\\\/fx8s-usb-typ-c-hubb\\\/#listItem\",\"name\":\"FX8S USB typ C-hubb\"},\"previousItem\":{\"@type\":\"ListItem\",\"@id\":\"https:\\\/\\\/droix.eu\\\/sv\\\/product-category\\\/tillbehor\\\/#listItem\",\"name\":\"Tillbeh\\u00f6r\"}},{\"@type\":\"ListItem\",\"@id\":\"https:\\\/\\\/droix.eu\\\/sv\\\/product\\\/fx8s-usb-typ-c-hubb\\\/#listItem\",\"position\":4,\"name\":\"FX8S USB typ C-hubb\",\"previousItem\":{\"@type\":\"ListItem\",\"@id\":\"https:\\\/\\\/droix.eu\\\/sv\\\/product-category\\\/tillbehor\\\/tillbehor-for-spel\\\/#listItem\",\"name\":\"Tillbeh\\u00f6r f\\u00f6r spel\"}}]},{\"@type\":\"Organization\",\"@id\":\"https:\\\/\\\/droix.eu\\\/sv\\\/#organization\",\"name\":\"DroiX \\u2013 Trusted EU Tech Retailer with 12+ Years Experience\",\"description\":\"DroiX is a leading European technology retailer with over 12 years of experience, offering quality mini PCs, handheld gaming consoles, and tech accessories. We provide hassle-free EU delivery with all taxes included, ensuring a smooth and reliable shopping experience for our customers across Europe.\",\"url\":\"https:\\\/\\\/droix.eu\\\/sv\\\/\",\"logo\":{\"@type\":\"ImageObject\",\"url\":\"https:\\\/\\\/droix.eu\\\/wp-content\\\/uploads\\\/2024\\\/06\\\/droix-v2-light-logo.png\",\"@id\":\"https:\\\/\\\/droix.eu\\\/sv\\\/product\\\/fx8s-usb-typ-c-hubb\\\/#organizationLogo\",\"width\":380,\"height\":118},\"image\":{\"@id\":\"https:\\\/\\\/droix.eu\\\/sv\\\/product\\\/fx8s-usb-typ-c-hubb\\\/#organizationLogo\"},\"sameAs\":[\"https:\\\/\\\/www.facebook.com\\\/DroiX.Store\",\"https:\\\/\\\/twitter.com\\\/DroiX_Store\",\"https:\\\/\\\/www.instagram.com\\\/droix.store\\\/\",\"https:\\\/\\\/www.tiktok.com\\\/@droix.store\",\"https:\\\/\\\/www.youtube.com\\\/c\\\/DroiX_Store\",\"https:\\\/\\\/uk.linkedin.com\\\/company\\\/droix\"]},{\"@type\":\"Product\",\"@id\":\"https:\\\/\\\/droix.eu\\\/sv\\\/product\\\/fx8s-usb-typ-c-hubb\\\/#wooCommerceProduct\",\"name\":\"FX8S USB typ C-hubb\",\"description\":\"H\\u00f6ghastighets USB typ C-adapter\\n \\t4K HDMI-utg\\u00e5ng\\n \\tRJ45 100M\\\/s Ethernet-port\\n \\tSD\\\/MicroSD-kortplats\\n \\tKompatibel med Windows, Mac och Android\",\"url\":\"https:\\\/\\\/droix.eu\\\/sv\\\/product\\\/fx8s-usb-typ-c-hubb\\\/\",\"sku\":\"DX-FX8-S-USB-TYPE-C-ADAPTER\",\"image\":{\"@type\":\"ImageObject\",\"url\":\"https:\\\/\\\/droix.eu\\\/wp-content\\\/uploads\\\/2021\\\/12\\\/1-2.png\",\"@id\":\"https:\\\/\\\/droix.eu\\\/sv\\\/product\\\/fx8s-usb-typ-c-hubb\\\/#productImage\",\"width\":670,\"height\":840,\"caption\":\"DroiX FX8s - 2 USB typ C-portar, 1 HDMI, 2 USB typ A, 1 SD-kortport och 1 MicroSD-port\"},\"offers\":{\"@type\":\"Offer\",\"url\":\"https:\\\/\\\/droix.eu\\\/sv\\\/product\\\/fx8s-usb-typ-c-hubb\\\/#wooCommerceOffer\",\"price\":33.2,\"priceCurrency\":\"EUR\",\"category\":\"Tillbeh\\u00f6r\",\"priceValidUntil\":\"2024-05-26\",\"availability\":\"https:\\\/\\\/schema.org\\\/OutOfStock\",\"priceSpecification\":{\"@type\":\"PriceSpecification\",\"price\":33.2,\"priceCurrency\":\"EUR\",\"valueAddedTaxIncluded\":\"true\"},\"seller\":{\"@type\":\"Organization\",\"@id\":\"https:\\\/\\\/droix.eu\\\/sv\\\/#organization\"}}},{\"@type\":\"WebPage\",\"@id\":\"https:\\\/\\\/droix.eu\\\/sv\\\/product\\\/fx8s-usb-typ-c-hubb\\\/#webpage\",\"url\":\"https:\\\/\\\/droix.eu\\\/sv\\\/product\\\/fx8s-usb-typ-c-hubb\\\/\",\"name\":\"FX8S USB typ C-hubb - DROIX EU\",\"description\":\"H\\u00f6ghastighets USB typ C-adapter 4K HDMI-utg\\u00e5ng RJ45 100M\\\/s Ethernet-port SD\\\/MicroSD-kortplats Kompatibel med Windows, Mac och Android Package Includes 1x FX8S USB typ C-hubb\",\"inLanguage\":\"sv-SE\",\"isPartOf\":{\"@id\":\"https:\\\/\\\/droix.eu\\\/sv\\\/#website\"},\"breadcrumb\":{\"@id\":\"https:\\\/\\\/droix.eu\\\/sv\\\/product\\\/fx8s-usb-typ-c-hubb\\\/#breadcrumblist\"},\"image\":{\"@type\":\"ImageObject\",\"url\":\"https:\\\/\\\/droix.eu\\\/wp-content\\\/uploads\\\/2021\\\/12\\\/1-2.png\",\"@id\":\"https:\\\/\\\/droix.eu\\\/sv\\\/product\\\/fx8s-usb-typ-c-hubb\\\/#mainImage\",\"width\":670,\"height\":840,\"caption\":\"DroiX FX8s - 2 USB typ C-portar, 1 HDMI, 2 USB typ A, 1 SD-kortport och 1 MicroSD-port\"},\"primaryImageOfPage\":{\"@id\":\"https:\\\/\\\/droix.eu\\\/sv\\\/product\\\/fx8s-usb-typ-c-hubb\\\/#mainImage\"},\"datePublished\":\"2020-11-20T10:02:39+00:00\",\"dateModified\":\"2025-09-05T15:21:39+01:00\"},{\"@type\":\"WebSite\",\"@id\":\"https:\\\/\\\/droix.eu\\\/sv\\\/#website\",\"url\":\"https:\\\/\\\/droix.eu\\\/sv\\\/\",\"name\":\"DROIX EU\",\"description\":\"Get the latest Mini PCs, Ultrabook, PC Gaming Handhelds and more!\",\"inLanguage\":\"sv-SE\",\"publisher\":{\"@id\":\"https:\\\/\\\/droix.eu\\\/sv\\\/#organization\"}}]}\n\t\t<\/script>\n\t\t<!-- All in One SEO Pro -->\r\n\t\t<title>FX8S USB typ C-hubb - DROIX EU<\/title>\n\n","aioseo_head_json":{"title":"FX8S USB typ C-hubb - DROIX EU","description":"H\u00f6ghastighets USB typ C-adapter 4K HDMI-utg\u00e5ng RJ45 100M\/s Ethernet-port SD\/MicroSD-kortplats Kompatibel med Windows, Mac och Android Package Includes 1x FX8S USB typ C-hubb","canonical_url":"https:\/\/droix.eu\/sv\/product\/fx8s-usb-typ-c-hubb\/","robots":"max-image-preview:large","keywords":"","webmasterTools":{"miscellaneous":""},"schema":{"@context":"https:\/\/schema.org","@graph":[{"@type":"BreadcrumbList","@id":"https:\/\/droix.eu\/sv\/product\/fx8s-usb-typ-c-hubb\/#breadcrumblist","itemListElement":[{"@type":"ListItem","@id":"https:\/\/droix.eu\/sv\/#listItem","position":1,"name":"Home","item":"https:\/\/droix.eu\/sv\/","nextItem":{"@type":"ListItem","@id":"https:\/\/droix.eu\/sv\/product-category\/tillbehor\/#listItem","name":"Tillbeh\u00f6r"}},{"@type":"ListItem","@id":"https:\/\/droix.eu\/sv\/product-category\/tillbehor\/#listItem","position":2,"name":"Tillbeh\u00f6r","item":"https:\/\/droix.eu\/sv\/product-category\/tillbehor\/","nextItem":{"@type":"ListItem","@id":"https:\/\/droix.eu\/sv\/product-category\/tillbehor\/tillbehor-for-spel\/#listItem","name":"Tillbeh\u00f6r f\u00f6r spel"},"previousItem":{"@type":"ListItem","@id":"https:\/\/droix.eu\/sv\/#listItem","name":"Home"}},{"@type":"ListItem","@id":"https:\/\/droix.eu\/sv\/product-category\/tillbehor\/tillbehor-for-spel\/#listItem","position":3,"name":"Tillbeh\u00f6r f\u00f6r spel","item":"https:\/\/droix.eu\/sv\/product-category\/tillbehor\/tillbehor-for-spel\/","nextItem":{"@type":"ListItem","@id":"https:\/\/droix.eu\/sv\/product\/fx8s-usb-typ-c-hubb\/#listItem","name":"FX8S USB typ C-hubb"},"previousItem":{"@type":"ListItem","@id":"https:\/\/droix.eu\/sv\/product-category\/tillbehor\/#listItem","name":"Tillbeh\u00f6r"}},{"@type":"ListItem","@id":"https:\/\/droix.eu\/sv\/product\/fx8s-usb-typ-c-hubb\/#listItem","position":4,"name":"FX8S USB typ C-hubb","previousItem":{"@type":"ListItem","@id":"https:\/\/droix.eu\/sv\/product-category\/tillbehor\/tillbehor-for-spel\/#listItem","name":"Tillbeh\u00f6r f\u00f6r spel"}}]},{"@type":"Organization","@id":"https:\/\/droix.eu\/sv\/#organization","name":"DroiX \u2013 Trusted EU Tech Retailer with 12+ Years Experience","description":"DroiX is a leading European technology retailer with over 12 years of experience, offering quality mini PCs, handheld gaming consoles, and tech accessories. We provide hassle-free EU delivery with all taxes included, ensuring a smooth and reliable shopping experience for our customers across Europe.","url":"https:\/\/droix.eu\/sv\/","logo":{"@type":"ImageObject","url":"https:\/\/droix.eu\/wp-content\/uploads\/2024\/06\/droix-v2-light-logo.png","@id":"https:\/\/droix.eu\/sv\/product\/fx8s-usb-typ-c-hubb\/#organizationLogo","width":380,"height":118},"image":{"@id":"https:\/\/droix.eu\/sv\/product\/fx8s-usb-typ-c-hubb\/#organizationLogo"},"sameAs":["https:\/\/www.facebook.com\/DroiX.Store","https:\/\/twitter.com\/DroiX_Store","https:\/\/www.instagram.com\/droix.store\/","https:\/\/www.tiktok.com\/@droix.store","https:\/\/www.youtube.com\/c\/DroiX_Store","https:\/\/uk.linkedin.com\/company\/droix"]},{"@type":"Product","@id":"https:\/\/droix.eu\/sv\/product\/fx8s-usb-typ-c-hubb\/#wooCommerceProduct","name":"FX8S USB typ C-hubb","description":"H\u00f6ghastighets USB typ C-adapter\n \t4K HDMI-utg\u00e5ng\n \tRJ45 100M\/s Ethernet-port\n \tSD\/MicroSD-kortplats\n \tKompatibel med Windows, Mac och Android","url":"https:\/\/droix.eu\/sv\/product\/fx8s-usb-typ-c-hubb\/","sku":"DX-FX8-S-USB-TYPE-C-ADAPTER","image":{"@type":"ImageObject","url":"https:\/\/droix.eu\/wp-content\/uploads\/2021\/12\/1-2.png","@id":"https:\/\/droix.eu\/sv\/product\/fx8s-usb-typ-c-hubb\/#productImage","width":670,"height":840,"caption":"DroiX FX8s - 2 USB typ C-portar, 1 HDMI, 2 USB typ A, 1 SD-kortport och 1 MicroSD-port"},"offers":{"@type":"Offer","url":"https:\/\/droix.eu\/sv\/product\/fx8s-usb-typ-c-hubb\/#wooCommerceOffer","price":33.2,"priceCurrency":"EUR","category":"Tillbeh\u00f6r","priceValidUntil":"2024-05-26","availability":"https:\/\/schema.org\/OutOfStock","priceSpecification":{"@type":"PriceSpecification","price":33.2,"priceCurrency":"EUR","valueAddedTaxIncluded":"true"},"seller":{"@type":"Organization","@id":"https:\/\/droix.eu\/sv\/#organization"}}},{"@type":"WebPage","@id":"https:\/\/droix.eu\/sv\/product\/fx8s-usb-typ-c-hubb\/#webpage","url":"https:\/\/droix.eu\/sv\/product\/fx8s-usb-typ-c-hubb\/","name":"FX8S USB typ C-hubb - DROIX EU","description":"H\u00f6ghastighets USB typ C-adapter 4K HDMI-utg\u00e5ng RJ45 100M\/s Ethernet-port SD\/MicroSD-kortplats Kompatibel med Windows, Mac och Android Package Includes 1x FX8S USB typ C-hubb","inLanguage":"sv-SE","isPartOf":{"@id":"https:\/\/droix.eu\/sv\/#website"},"breadcrumb":{"@id":"https:\/\/droix.eu\/sv\/product\/fx8s-usb-typ-c-hubb\/#breadcrumblist"},"image":{"@type":"ImageObject","url":"https:\/\/droix.eu\/wp-content\/uploads\/2021\/12\/1-2.png","@id":"https:\/\/droix.eu\/sv\/product\/fx8s-usb-typ-c-hubb\/#mainImage","width":670,"height":840,"caption":"DroiX FX8s - 2 USB typ C-portar, 1 HDMI, 2 USB typ A, 1 SD-kortport och 1 MicroSD-port"},"primaryImageOfPage":{"@id":"https:\/\/droix.eu\/sv\/product\/fx8s-usb-typ-c-hubb\/#mainImage"},"datePublished":"2020-11-20T10:02:39+00:00","dateModified":"2025-09-05T15:21:39+01:00"},{"@type":"WebSite","@id":"https:\/\/droix.eu\/sv\/#website","url":"https:\/\/droix.eu\/sv\/","name":"DROIX EU","description":"Get the latest Mini PCs, Ultrabook, PC Gaming Handhelds and more!","inLanguage":"sv-SE","publisher":{"@id":"https:\/\/droix.eu\/sv\/#organization"}}]},"og:locale":"sv_SE","og:site_name":"DROIX EU - Get the latest Mini PCs, Ultrabook, PC Gaming Handhelds and more!","og:type":"article","og:title":"FX8S USB typ C-hubb - DROIX EU","og:description":"H\u00f6ghastighets USB typ C-adapter 4K HDMI-utg\u00e5ng RJ45 100M\/s Ethernet-port SD\/MicroSD-kortplats Kompatibel med Windows, Mac och Android Package Includes 1x FX8S USB typ C-hubb","og:url":"https:\/\/droix.eu\/sv\/product\/fx8s-usb-typ-c-hubb\/","og:image":"https:\/\/droix.eu\/wp-content\/uploads\/2024\/06\/droix-v2-light-logo.png","og:image:secure_url":"https:\/\/droix.eu\/wp-content\/uploads\/2024\/06\/droix-v2-light-logo.png","og:image:width":380,"og:image:height":118,"article:published_time":"2020-11-20T10:02:39+00:00","article:modified_time":"2025-09-05T14:21:39+00:00","article:publisher":"https:\/\/www.facebook.com\/DroiX.Store","twitter:card":"summary_large_image","twitter:site":"@DroiX_Store","twitter:title":"FX8S USB typ C-hubb - DROIX EU","twitter:description":"H\u00f6ghastighets USB typ C-adapter 4K HDMI-utg\u00e5ng RJ45 100M\/s Ethernet-port SD\/MicroSD-kortplats Kompatibel med Windows, Mac och Android Package Includes 1x FX8S USB typ C-hubb","twitter:image":"https:\/\/droix.eu\/wp-content\/uploads\/2024\/06\/droix-v2-light-logo.png"},"aioseo_meta_data":{"post_id":"551469","title":null,"description":null,"keywords":null,"keyphrases":null,"primary_term":null,"canonical_url":null,"og_title":null,"og_description":null,"og_object_type":"default","og_image_type":"default","og_image_url":null,"og_image_width":null,"og_image_height":null,"og_image_custom_url":null,"og_image_custom_fields":null,"og_video":null,"og_custom_url":null,"og_article_section":null,"og_article_tags":null,"twitter_use_og":true,"twitter_card":"default","twitter_image_type":"default","twitter_image_url":null,"twitter_image_custom_url":null,"twitter_image_custom_fields":null,"twitter_title":null,"twitter_description":null,"schema":{"blockGraphs":[],"customGraphs":[],"default":{"data":{"Article":[],"Course":[],"Dataset":[],"FAQPage":[],"Movie":[],"Person":[],"Product":[],"ProductReview":[],"Car":[],"Recipe":[],"Service":[],"SoftwareApplication":[],"WebPage":[]},"graphName":"","isEnabled":true},"graphs":[]},"schema_type":"default","schema_type_options":null,"pillar_content":false,"robots_default":true,"robots_noindex":false,"robots_noarchive":false,"robots_nosnippet":false,"robots_nofollow":false,"robots_noimageindex":false,"robots_noodp":false,"robots_notranslate":false,"robots_max_snippet":null,"robots_max_videopreview":null,"robots_max_imagepreview":"large","priority":null,"frequency":null,"local_seo":null,"seo_analyzer_scan_date":"2025-10-24 07:59:50","breadcrumb_settings":null,"limit_modified_date":false,"reviewed_by":null,"open_ai":null,"ai":null,"created":"2025-10-09 03:29:38","updated":"2025-11-27 01:40:53"},"aioseo_breadcrumb":"<div class=\"aioseo-breadcrumbs\"><span class=\"aioseo-breadcrumb\">\n\t<a href=\"https:\/\/droix.eu\/sv\/\" title=\"Home\">Home<\/a>\n<\/span><span class=\"aioseo-breadcrumb-separator\">&raquo;<\/span><span class=\"aioseo-breadcrumb\">\n\t<a href=\"https:\/\/droix.eu\/sv\/product-category\/tillbehor\/\" title=\"Tillbeh\u00f6r\">Tillbeh\u00f6r<\/a>\n<\/span><span class=\"aioseo-breadcrumb-separator\">&raquo;<\/span><span class=\"aioseo-breadcrumb\">\n\t<a href=\"https:\/\/droix.eu\/sv\/product-category\/tillbehor\/tillbehor-for-spel\/\" title=\"Tillbeh\u00f6r f\u00f6r spel\">Tillbeh\u00f6r f\u00f6r spel<\/a>\n<\/span><span class=\"aioseo-breadcrumb-separator\">&raquo;<\/span><span class=\"aioseo-breadcrumb\">\n\tFX8S USB typ C-hubb\n<\/span><\/div>","aioseo_breadcrumb_json":[{"label":"Home","link":"https:\/\/droix.eu\/sv\/"},{"label":"Tillbeh\u00f6r","link":"https:\/\/droix.eu\/sv\/product-category\/tillbehor\/"},{"label":"Tillbeh\u00f6r f\u00f6r spel","link":"https:\/\/droix.eu\/sv\/product-category\/tillbehor\/tillbehor-for-spel\/"},{"label":"FX8S USB typ C-hubb","link":"https:\/\/droix.eu\/sv\/product\/fx8s-usb-typ-c-hubb\/"}],"_links":{"self":[{"href":"https:\/\/droix.eu\/sv\/wp-json\/wp\/v2\/product\/551469","targetHints":{"allow":["GET"]}}],"collection":[{"href":"https:\/\/droix.eu\/sv\/wp-json\/wp\/v2\/product"}],"about":[{"href":"https:\/\/droix.eu\/sv\/wp-json\/wp\/v2\/types\/product"}],"version-history":[{"count":0,"href":"https:\/\/droix.eu\/sv\/wp-json\/wp\/v2\/product\/551469\/revisions"}],"wp:featuredmedia":[{"embeddable":true,"href":"https:\/\/droix.eu\/sv\/wp-json\/wp\/v2\/media\/221136"}],"wp:attachment":[{"href":"https:\/\/droix.eu\/sv\/wp-json\/wp\/v2\/media?parent=551469"}],"wp:term":[{"taxonomy":"product_brand","embeddable":true,"href":"https:\/\/droix.eu\/sv\/wp-json\/wp\/v2\/product_brand?post=551469"},{"taxonomy":"product_cat","embeddable":true,"href":"https:\/\/droix.eu\/sv\/wp-json\/wp\/v2\/product_cat?post=551469"},{"taxonomy":"product_tag","embeddable":true,"href":"https:\/\/droix.eu\/sv\/wp-json\/wp\/v2\/product_tag?post=551469"},{"taxonomy":"woo-feed-brand","embeddable":true,"href":"https:\/\/droix.eu\/sv\/wp-json\/wp\/v2\/woo-feed-brand?post=551469"},{"taxonomy":"key-features","embeddable":true,"href":"https:\/\/droix.eu\/sv\/wp-json\/wp\/v2\/key-features?post=551469"}],"curies":[{"name":"wp","href":"https:\/\/api.w.org\/{rel}","templated":true}]}}