{"id":551402,"date":"2020-11-27T15:45:33","date_gmt":"2020-11-27T15:45:33","guid":{"rendered":"https:\/\/droix.eu\/product\/gpd-skyddsfodral-for-p2-max-pocket-3-och-win-max\/"},"modified":"2025-08-18T13:53:34","modified_gmt":"2025-08-18T12:53:34","slug":"gpd-skyddsfodral-for-p2-max-pocket-3-och-win-max","status":"publish","type":"product","link":"https:\/\/droix.eu\/sv\/product\/gpd-skyddsfodral-for-p2-max-pocket-3-och-win-max\/","title":{"rendered":"GPD POCKET Skyddsfodral f\u00f6r P2 Max , Pocket 3 och Win Max"},"content":{"rendered":"<p>Detta skyddsfodral \u00e4r designat av GPD f\u00f6r GPD P2 Max, Pocket 3 och GPD WIN Max och \u00e4r snyggt och stilrent.<\/p>\n","protected":false},"excerpt":{"rendered":"<ul>\n<li>Officiell GPD-produkt<\/li>\n<li>Utformad f\u00f6r P2 Max ,Pocket 3 och WIN Max<\/li>\n<li>Sl\u00e4t textur<\/li>\n<\/ul>\n[cg_accordion title=\"2 \u00e5rs garanti p\u00e5 alla GPD-produkter\"]<\/p>\n<p>Alla GPD-produkter levereras med 2 \u00e5rs garanti och backas upp av \u00f6ver 13 \u00e5rs p\u00e5litlig service. Bli en del av v\u00e5r gemenskap med \u00f6ver 500 000 n\u00f6jda kunder och k\u00e4nn dig trygg i ditt k\u00f6p. [\/cg_accordion]\n[cg_accordion title=\"Flexibla och s\u00e4kra betalningsalternativ\"]<\/p>\n<p>Njut av sinnesfrid med v\u00e5rt s\u00e4kra kassasystem. Vi st\u00f6der alla st\u00f6rre betalningsmetoder, inklusive betal- och kreditkort, PayPal, Apple Pay, Google Pay, Klarna, Afterpay och Affirm &#8211; vilket ger dig friheten att betala p\u00e5 ditt s\u00e4tt, antingen i f\u00f6rskott eller i enkla delbetalningar. [\/cg_accordion]\n[cg_accordion title=\"Skatter\"]<\/p>\n<p>Priserna inkluderar till\u00e4mplig moms, som kan vara upp till 25% beroende p\u00e5 ditt land. Det exakta beloppet visas i kassan f\u00f6r att s\u00e4kerst\u00e4lla full transparens. [\/cg_accordion]\n[cg_accordion title=\"Frakt och returer\"]<\/p>\n<p>Vi arbetar med \u00f6ver 10 betrodda fraktpartners f\u00f6r att s\u00e4kerst\u00e4lla att din best\u00e4llning kommer fram snabbt, s\u00e4kert och tillf\u00f6rlitligt.<\/p>\n<p>Vi anv\u00e4nder Express DDP (Delivered Duty Paid) frakt. Detta inneb\u00e4r: <\/p>\n<li>Alla tullavgifter och skatter \u00e4r redan inkluderade i det produktpris som visas.<\/li>\n<li>Du kommer inte att f\u00e5 n\u00e5gra \u00f6verraskande avgifter vid leverans.<\/li>\n<li>I s\u00e4llsynta fall av tullf\u00f6rseningar kommer v\u00e5rt team att hantera klareringsprocessen \u00e5t dig f\u00f6r att s\u00e4kerst\u00e4lla en smidig leverans.<\/li>\n<p>Viktig information om returer:<\/p>\n<li>Om du returnerar din best\u00e4llning eller beg\u00e4r \u00e5terbetalning, observera att eventuella skatter och tullar som betalats f\u00f6r din r\u00e4kning enligt DDP-villkoren inte \u00e5terbetalas.<\/li>\n<p>Se v\u00e5ra <a href=\"https:\/\/droix.eu\/sv\/villkor-och-bestammelser\/\" target=\"_blank\" rel=\"nofollow noopener\">villkor<\/a> f\u00f6r detaljerad information.\n<\/ul>\n<p>[\/cg_accordion]\n[cg_accordion title=\"Kundtj\u00e4nst\"]<\/p>\n<p>Har du en fr\u00e5ga? Vi \u00e4r bara ett kort sms bort fr\u00e5n att ha l\u00f6st ditt problem![\/cg_accordion]\n[cg_accordion title=\"Paketet inneh\u00e5ller\"]<\/p>\n<ul>\n<li>1x GPD-fodral<\/li>\n<\/ul>\n<p>[\/cg_accordion]\n","protected":false},"featured_media":222751,"template":"","meta":{"_acf_changed":false},"product_brand":[],"product_cat":[13323,13324,13368],"product_tag":[],"woo-feed-brand":[2198],"key-features":[],"class_list":{"0":"post-551402","1":"product","2":"type-product","3":"status-publish","4":"has-post-thumbnail","6":"product_cat-tillbehor","7":"product_cat-tillbehor-for-spel","8":"product_cat-tillbehor-till-barbara-datorer","9":"product_shipping_class-low-end","10":"pa_accessory-type-protective-case","11":"pa_brands-gpd-sv","12":"woo-feed-brand-gpd","14":"first","15":"outofstock","16":"taxable","17":"shipping-taxable","18":"purchasable","19":"product-type-simple"},"acf":[],"aioseo_notices":[],"aioseo_head":"\n\t\t<!-- All in One SEO Pro 4.9.5.2 - aioseo.com -->\n\t<meta name=\"description\" content=\"Officiell GPD-produkt Utformad f\u00f6r P2 Max ,Pocket 3 och WIN Max Sl\u00e4t textur\" \/>\n\t<meta name=\"robots\" content=\"max-image-preview:large\" \/>\n\t<link rel=\"canonical\" href=\"https:\/\/droix.eu\/sv\/product\/gpd-skyddsfodral-for-p2-max-pocket-3-och-win-max\/\" \/>\n\t<meta name=\"generator\" content=\"All in One SEO Pro (AIOSEO) 4.9.5.2\" \/>\n\t\t<meta property=\"og:locale\" content=\"sv_SE\" \/>\n\t\t<meta property=\"og:site_name\" content=\"DROIX EU - Get the latest Mini PCs, Ultrabook, PC Gaming Handhelds and more!\" \/>\n\t\t<meta property=\"og:type\" content=\"article\" \/>\n\t\t<meta property=\"og:title\" content=\"GPD POCKET Skyddsfodral f\u00f6r P2 Max , Pocket 3 och Win Max - DROIX EU\" \/>\n\t\t<meta property=\"og:description\" content=\"Officiell GPD-produkt Utformad f\u00f6r P2 Max ,Pocket 3 och WIN Max Sl\u00e4t textur\" \/>\n\t\t<meta property=\"og:url\" content=\"https:\/\/droix.eu\/sv\/product\/gpd-skyddsfodral-for-p2-max-pocket-3-och-win-max\/\" \/>\n\t\t<meta property=\"og:image\" content=\"https:\/\/droix.eu\/wp-content\/uploads\/2024\/06\/droix-v2-light-logo.png\" \/>\n\t\t<meta property=\"og:image:secure_url\" content=\"https:\/\/droix.eu\/wp-content\/uploads\/2024\/06\/droix-v2-light-logo.png\" \/>\n\t\t<meta property=\"og:image:width\" content=\"380\" \/>\n\t\t<meta property=\"og:image:height\" content=\"118\" \/>\n\t\t<meta property=\"article:published_time\" content=\"2020-11-27T15:45:33+00:00\" \/>\n\t\t<meta property=\"article:modified_time\" content=\"2025-08-18T12:53:34+00:00\" \/>\n\t\t<meta property=\"article:publisher\" content=\"https:\/\/www.facebook.com\/DroiX.Store\" \/>\n\t\t<meta name=\"twitter:card\" content=\"summary_large_image\" \/>\n\t\t<meta name=\"twitter:site\" content=\"@DroiX_Store\" \/>\n\t\t<meta name=\"twitter:title\" content=\"GPD POCKET Skyddsfodral f\u00f6r P2 Max , Pocket 3 och Win Max - DROIX EU\" \/>\n\t\t<meta name=\"twitter:description\" content=\"Officiell GPD-produkt Utformad f\u00f6r P2 Max ,Pocket 3 och WIN Max Sl\u00e4t textur\" \/>\n\t\t<meta name=\"twitter:image\" content=\"https:\/\/droix.eu\/wp-content\/uploads\/2024\/06\/droix-v2-light-logo.png\" \/>\n\t\t<script type=\"application\/ld+json\" class=\"aioseo-schema\">\n\t\t\t{\"@context\":\"https:\\\/\\\/schema.org\",\"@graph\":[{\"@type\":\"BreadcrumbList\",\"@id\":\"https:\\\/\\\/droix.eu\\\/sv\\\/product\\\/gpd-skyddsfodral-for-p2-max-pocket-3-och-win-max\\\/#breadcrumblist\",\"itemListElement\":[{\"@type\":\"ListItem\",\"@id\":\"https:\\\/\\\/droix.eu\\\/sv\\\/#listItem\",\"position\":1,\"name\":\"Home\",\"item\":\"https:\\\/\\\/droix.eu\\\/sv\\\/\",\"nextItem\":{\"@type\":\"ListItem\",\"@id\":\"https:\\\/\\\/droix.eu\\\/sv\\\/product-category\\\/tillbehor\\\/#listItem\",\"name\":\"Tillbeh\\u00f6r\"}},{\"@type\":\"ListItem\",\"@id\":\"https:\\\/\\\/droix.eu\\\/sv\\\/product-category\\\/tillbehor\\\/#listItem\",\"position\":2,\"name\":\"Tillbeh\\u00f6r\",\"item\":\"https:\\\/\\\/droix.eu\\\/sv\\\/product-category\\\/tillbehor\\\/\",\"nextItem\":{\"@type\":\"ListItem\",\"@id\":\"https:\\\/\\\/droix.eu\\\/sv\\\/product-category\\\/tillbehor\\\/tillbehor-for-spel\\\/#listItem\",\"name\":\"Tillbeh\\u00f6r f\\u00f6r spel\"},\"previousItem\":{\"@type\":\"ListItem\",\"@id\":\"https:\\\/\\\/droix.eu\\\/sv\\\/#listItem\",\"name\":\"Home\"}},{\"@type\":\"ListItem\",\"@id\":\"https:\\\/\\\/droix.eu\\\/sv\\\/product-category\\\/tillbehor\\\/tillbehor-for-spel\\\/#listItem\",\"position\":3,\"name\":\"Tillbeh\\u00f6r f\\u00f6r spel\",\"item\":\"https:\\\/\\\/droix.eu\\\/sv\\\/product-category\\\/tillbehor\\\/tillbehor-for-spel\\\/\",\"nextItem\":{\"@type\":\"ListItem\",\"@id\":\"https:\\\/\\\/droix.eu\\\/sv\\\/product\\\/gpd-skyddsfodral-for-p2-max-pocket-3-och-win-max\\\/#listItem\",\"name\":\"GPD POCKET Skyddsfodral f\\u00f6r P2 Max , Pocket 3 och Win Max\"},\"previousItem\":{\"@type\":\"ListItem\",\"@id\":\"https:\\\/\\\/droix.eu\\\/sv\\\/product-category\\\/tillbehor\\\/#listItem\",\"name\":\"Tillbeh\\u00f6r\"}},{\"@type\":\"ListItem\",\"@id\":\"https:\\\/\\\/droix.eu\\\/sv\\\/product\\\/gpd-skyddsfodral-for-p2-max-pocket-3-och-win-max\\\/#listItem\",\"position\":4,\"name\":\"GPD POCKET Skyddsfodral f\\u00f6r P2 Max , Pocket 3 och Win Max\",\"previousItem\":{\"@type\":\"ListItem\",\"@id\":\"https:\\\/\\\/droix.eu\\\/sv\\\/product-category\\\/tillbehor\\\/tillbehor-for-spel\\\/#listItem\",\"name\":\"Tillbeh\\u00f6r f\\u00f6r spel\"}}]},{\"@type\":\"Organization\",\"@id\":\"https:\\\/\\\/droix.eu\\\/sv\\\/#organization\",\"name\":\"DroiX \\u2013 Trusted EU Tech Retailer with 12+ Years Experience\",\"description\":\"DroiX is a leading European technology retailer with over 12 years of experience, offering quality mini PCs, handheld gaming consoles, and tech accessories. We provide hassle-free EU delivery with all taxes included, ensuring a smooth and reliable shopping experience for our customers across Europe.\",\"url\":\"https:\\\/\\\/droix.eu\\\/sv\\\/\",\"logo\":{\"@type\":\"ImageObject\",\"url\":\"https:\\\/\\\/droix.eu\\\/wp-content\\\/uploads\\\/2024\\\/06\\\/droix-v2-light-logo.png\",\"@id\":\"https:\\\/\\\/droix.eu\\\/sv\\\/product\\\/gpd-skyddsfodral-for-p2-max-pocket-3-och-win-max\\\/#organizationLogo\",\"width\":380,\"height\":118},\"image\":{\"@id\":\"https:\\\/\\\/droix.eu\\\/sv\\\/product\\\/gpd-skyddsfodral-for-p2-max-pocket-3-och-win-max\\\/#organizationLogo\"},\"sameAs\":[\"https:\\\/\\\/www.facebook.com\\\/DroiX.Store\",\"https:\\\/\\\/twitter.com\\\/DroiX_Store\",\"https:\\\/\\\/www.instagram.com\\\/droix.store\\\/\",\"https:\\\/\\\/www.tiktok.com\\\/@droix.store\",\"https:\\\/\\\/www.youtube.com\\\/c\\\/DroiX_Store\",\"https:\\\/\\\/uk.linkedin.com\\\/company\\\/droix\"]},{\"@type\":\"Product\",\"@id\":\"https:\\\/\\\/droix.eu\\\/sv\\\/product\\\/gpd-skyddsfodral-for-p2-max-pocket-3-och-win-max\\\/#wooCommerceProduct\",\"name\":\"GPD POCKET Skyddsfodral f\\u00f6r P2 Max , Pocket 3 och Win Max\",\"description\":\"Officiell GPD-produkt\\n \\tUtformad f\\u00f6r P2 Max ,Pocket 3 och WIN Max\\n \\tSl\\u00e4t textur\",\"url\":\"https:\\\/\\\/droix.eu\\\/sv\\\/product\\\/gpd-skyddsfodral-for-p2-max-pocket-3-och-win-max\\\/\",\"sku\":\"GPD-PROTECTIVE-CASE-P2-MAX-WIN-MAX\",\"gtin\":\"5060763670358\",\"image\":{\"@type\":\"ImageObject\",\"url\":\"https:\\\/\\\/droix.eu\\\/wp-content\\\/uploads\\\/2021\\\/12\\\/GPD-P2-MAX-CASE-LISTING-PICTURE-1.png\",\"@id\":\"https:\\\/\\\/droix.eu\\\/sv\\\/product\\\/gpd-skyddsfodral-for-p2-max-pocket-3-och-win-max\\\/#productImage\",\"width\":700,\"height\":700,\"caption\":\"GPD P2 Max Skyddande fodral\"},\"offers\":{\"@type\":\"Offer\",\"url\":\"https:\\\/\\\/droix.eu\\\/sv\\\/product\\\/gpd-skyddsfodral-for-p2-max-pocket-3-och-win-max\\\/#wooCommerceOffer\",\"price\":27.63,\"priceCurrency\":\"EUR\",\"category\":\"Tillbeh\\u00f6r\",\"availability\":\"https:\\\/\\\/schema.org\\\/OutOfStock\",\"priceSpecification\":{\"@type\":\"PriceSpecification\",\"price\":27.63,\"priceCurrency\":\"EUR\",\"valueAddedTaxIncluded\":\"true\"},\"seller\":{\"@type\":\"Organization\",\"@id\":\"https:\\\/\\\/droix.eu\\\/sv\\\/#organization\"}}},{\"@type\":\"WebPage\",\"@id\":\"https:\\\/\\\/droix.eu\\\/sv\\\/product\\\/gpd-skyddsfodral-for-p2-max-pocket-3-och-win-max\\\/#webpage\",\"url\":\"https:\\\/\\\/droix.eu\\\/sv\\\/product\\\/gpd-skyddsfodral-for-p2-max-pocket-3-och-win-max\\\/\",\"name\":\"GPD POCKET Skyddsfodral f\\u00f6r P2 Max , Pocket 3 och Win Max - DROIX EU\",\"description\":\"Officiell GPD-produkt Utformad f\\u00f6r P2 Max ,Pocket 3 och WIN Max Sl\\u00e4t textur\",\"inLanguage\":\"sv-SE\",\"isPartOf\":{\"@id\":\"https:\\\/\\\/droix.eu\\\/sv\\\/#website\"},\"breadcrumb\":{\"@id\":\"https:\\\/\\\/droix.eu\\\/sv\\\/product\\\/gpd-skyddsfodral-for-p2-max-pocket-3-och-win-max\\\/#breadcrumblist\"},\"image\":{\"@type\":\"ImageObject\",\"url\":\"https:\\\/\\\/droix.eu\\\/wp-content\\\/uploads\\\/2021\\\/12\\\/GPD-P2-MAX-CASE-LISTING-PICTURE-1.png\",\"@id\":\"https:\\\/\\\/droix.eu\\\/sv\\\/product\\\/gpd-skyddsfodral-for-p2-max-pocket-3-och-win-max\\\/#mainImage\",\"width\":700,\"height\":700,\"caption\":\"GPD P2 Max Skyddande fodral\"},\"primaryImageOfPage\":{\"@id\":\"https:\\\/\\\/droix.eu\\\/sv\\\/product\\\/gpd-skyddsfodral-for-p2-max-pocket-3-och-win-max\\\/#mainImage\"},\"datePublished\":\"2020-11-27T15:45:33+00:00\",\"dateModified\":\"2025-08-18T13:53:34+01:00\"},{\"@type\":\"WebSite\",\"@id\":\"https:\\\/\\\/droix.eu\\\/sv\\\/#website\",\"url\":\"https:\\\/\\\/droix.eu\\\/sv\\\/\",\"name\":\"DROIX EU\",\"description\":\"Get the latest Mini PCs, Ultrabook, PC Gaming Handhelds and more!\",\"inLanguage\":\"sv-SE\",\"publisher\":{\"@id\":\"https:\\\/\\\/droix.eu\\\/sv\\\/#organization\"}}]}\n\t\t<\/script>\n\t\t<!-- All in One SEO Pro -->\r\n\t\t<title>GPD POCKET Skyddsfodral f\u00f6r P2 Max , Pocket 3 och Win Max - DROIX EU<\/title>\n\n","aioseo_head_json":{"title":"GPD POCKET Skyddsfodral f\u00f6r P2 Max , Pocket 3 och Win Max - DROIX EU","description":"Officiell GPD-produkt Utformad f\u00f6r P2 Max ,Pocket 3 och WIN Max Sl\u00e4t textur","canonical_url":"https:\/\/droix.eu\/sv\/product\/gpd-skyddsfodral-for-p2-max-pocket-3-och-win-max\/","robots":"max-image-preview:large","keywords":"","webmasterTools":{"miscellaneous":""},"schema":{"@context":"https:\/\/schema.org","@graph":[{"@type":"BreadcrumbList","@id":"https:\/\/droix.eu\/sv\/product\/gpd-skyddsfodral-for-p2-max-pocket-3-och-win-max\/#breadcrumblist","itemListElement":[{"@type":"ListItem","@id":"https:\/\/droix.eu\/sv\/#listItem","position":1,"name":"Home","item":"https:\/\/droix.eu\/sv\/","nextItem":{"@type":"ListItem","@id":"https:\/\/droix.eu\/sv\/product-category\/tillbehor\/#listItem","name":"Tillbeh\u00f6r"}},{"@type":"ListItem","@id":"https:\/\/droix.eu\/sv\/product-category\/tillbehor\/#listItem","position":2,"name":"Tillbeh\u00f6r","item":"https:\/\/droix.eu\/sv\/product-category\/tillbehor\/","nextItem":{"@type":"ListItem","@id":"https:\/\/droix.eu\/sv\/product-category\/tillbehor\/tillbehor-for-spel\/#listItem","name":"Tillbeh\u00f6r f\u00f6r spel"},"previousItem":{"@type":"ListItem","@id":"https:\/\/droix.eu\/sv\/#listItem","name":"Home"}},{"@type":"ListItem","@id":"https:\/\/droix.eu\/sv\/product-category\/tillbehor\/tillbehor-for-spel\/#listItem","position":3,"name":"Tillbeh\u00f6r f\u00f6r spel","item":"https:\/\/droix.eu\/sv\/product-category\/tillbehor\/tillbehor-for-spel\/","nextItem":{"@type":"ListItem","@id":"https:\/\/droix.eu\/sv\/product\/gpd-skyddsfodral-for-p2-max-pocket-3-och-win-max\/#listItem","name":"GPD POCKET Skyddsfodral f\u00f6r P2 Max , Pocket 3 och Win Max"},"previousItem":{"@type":"ListItem","@id":"https:\/\/droix.eu\/sv\/product-category\/tillbehor\/#listItem","name":"Tillbeh\u00f6r"}},{"@type":"ListItem","@id":"https:\/\/droix.eu\/sv\/product\/gpd-skyddsfodral-for-p2-max-pocket-3-och-win-max\/#listItem","position":4,"name":"GPD POCKET Skyddsfodral f\u00f6r P2 Max , Pocket 3 och Win Max","previousItem":{"@type":"ListItem","@id":"https:\/\/droix.eu\/sv\/product-category\/tillbehor\/tillbehor-for-spel\/#listItem","name":"Tillbeh\u00f6r f\u00f6r spel"}}]},{"@type":"Organization","@id":"https:\/\/droix.eu\/sv\/#organization","name":"DroiX \u2013 Trusted EU Tech Retailer with 12+ Years Experience","description":"DroiX is a leading European technology retailer with over 12 years of experience, offering quality mini PCs, handheld gaming consoles, and tech accessories. We provide hassle-free EU delivery with all taxes included, ensuring a smooth and reliable shopping experience for our customers across Europe.","url":"https:\/\/droix.eu\/sv\/","logo":{"@type":"ImageObject","url":"https:\/\/droix.eu\/wp-content\/uploads\/2024\/06\/droix-v2-light-logo.png","@id":"https:\/\/droix.eu\/sv\/product\/gpd-skyddsfodral-for-p2-max-pocket-3-och-win-max\/#organizationLogo","width":380,"height":118},"image":{"@id":"https:\/\/droix.eu\/sv\/product\/gpd-skyddsfodral-for-p2-max-pocket-3-och-win-max\/#organizationLogo"},"sameAs":["https:\/\/www.facebook.com\/DroiX.Store","https:\/\/twitter.com\/DroiX_Store","https:\/\/www.instagram.com\/droix.store\/","https:\/\/www.tiktok.com\/@droix.store","https:\/\/www.youtube.com\/c\/DroiX_Store","https:\/\/uk.linkedin.com\/company\/droix"]},{"@type":"Product","@id":"https:\/\/droix.eu\/sv\/product\/gpd-skyddsfodral-for-p2-max-pocket-3-och-win-max\/#wooCommerceProduct","name":"GPD POCKET Skyddsfodral f\u00f6r P2 Max , Pocket 3 och Win Max","description":"Officiell GPD-produkt\n \tUtformad f\u00f6r P2 Max ,Pocket 3 och WIN Max\n \tSl\u00e4t textur","url":"https:\/\/droix.eu\/sv\/product\/gpd-skyddsfodral-for-p2-max-pocket-3-och-win-max\/","sku":"GPD-PROTECTIVE-CASE-P2-MAX-WIN-MAX","gtin":"5060763670358","image":{"@type":"ImageObject","url":"https:\/\/droix.eu\/wp-content\/uploads\/2021\/12\/GPD-P2-MAX-CASE-LISTING-PICTURE-1.png","@id":"https:\/\/droix.eu\/sv\/product\/gpd-skyddsfodral-for-p2-max-pocket-3-och-win-max\/#productImage","width":700,"height":700,"caption":"GPD P2 Max Skyddande fodral"},"offers":{"@type":"Offer","url":"https:\/\/droix.eu\/sv\/product\/gpd-skyddsfodral-for-p2-max-pocket-3-och-win-max\/#wooCommerceOffer","price":27.63,"priceCurrency":"EUR","category":"Tillbeh\u00f6r","availability":"https:\/\/schema.org\/OutOfStock","priceSpecification":{"@type":"PriceSpecification","price":27.63,"priceCurrency":"EUR","valueAddedTaxIncluded":"true"},"seller":{"@type":"Organization","@id":"https:\/\/droix.eu\/sv\/#organization"}}},{"@type":"WebPage","@id":"https:\/\/droix.eu\/sv\/product\/gpd-skyddsfodral-for-p2-max-pocket-3-och-win-max\/#webpage","url":"https:\/\/droix.eu\/sv\/product\/gpd-skyddsfodral-for-p2-max-pocket-3-och-win-max\/","name":"GPD POCKET Skyddsfodral f\u00f6r P2 Max , Pocket 3 och Win Max - DROIX EU","description":"Officiell GPD-produkt Utformad f\u00f6r P2 Max ,Pocket 3 och WIN Max Sl\u00e4t textur","inLanguage":"sv-SE","isPartOf":{"@id":"https:\/\/droix.eu\/sv\/#website"},"breadcrumb":{"@id":"https:\/\/droix.eu\/sv\/product\/gpd-skyddsfodral-for-p2-max-pocket-3-och-win-max\/#breadcrumblist"},"image":{"@type":"ImageObject","url":"https:\/\/droix.eu\/wp-content\/uploads\/2021\/12\/GPD-P2-MAX-CASE-LISTING-PICTURE-1.png","@id":"https:\/\/droix.eu\/sv\/product\/gpd-skyddsfodral-for-p2-max-pocket-3-och-win-max\/#mainImage","width":700,"height":700,"caption":"GPD P2 Max Skyddande fodral"},"primaryImageOfPage":{"@id":"https:\/\/droix.eu\/sv\/product\/gpd-skyddsfodral-for-p2-max-pocket-3-och-win-max\/#mainImage"},"datePublished":"2020-11-27T15:45:33+00:00","dateModified":"2025-08-18T13:53:34+01:00"},{"@type":"WebSite","@id":"https:\/\/droix.eu\/sv\/#website","url":"https:\/\/droix.eu\/sv\/","name":"DROIX EU","description":"Get the latest Mini PCs, Ultrabook, PC Gaming Handhelds and more!","inLanguage":"sv-SE","publisher":{"@id":"https:\/\/droix.eu\/sv\/#organization"}}]},"og:locale":"sv_SE","og:site_name":"DROIX EU - Get the latest Mini PCs, Ultrabook, PC Gaming Handhelds and more!","og:type":"article","og:title":"GPD POCKET Skyddsfodral f\u00f6r P2 Max , Pocket 3 och Win Max - DROIX EU","og:description":"Officiell GPD-produkt Utformad f\u00f6r P2 Max ,Pocket 3 och WIN Max Sl\u00e4t textur","og:url":"https:\/\/droix.eu\/sv\/product\/gpd-skyddsfodral-for-p2-max-pocket-3-och-win-max\/","og:image":"https:\/\/droix.eu\/wp-content\/uploads\/2024\/06\/droix-v2-light-logo.png","og:image:secure_url":"https:\/\/droix.eu\/wp-content\/uploads\/2024\/06\/droix-v2-light-logo.png","og:image:width":380,"og:image:height":118,"article:published_time":"2020-11-27T15:45:33+00:00","article:modified_time":"2025-08-18T12:53:34+00:00","article:publisher":"https:\/\/www.facebook.com\/DroiX.Store","twitter:card":"summary_large_image","twitter:site":"@DroiX_Store","twitter:title":"GPD POCKET Skyddsfodral f\u00f6r P2 Max , Pocket 3 och Win Max - DROIX EU","twitter:description":"Officiell GPD-produkt Utformad f\u00f6r P2 Max ,Pocket 3 och WIN Max Sl\u00e4t textur","twitter:image":"https:\/\/droix.eu\/wp-content\/uploads\/2024\/06\/droix-v2-light-logo.png"},"aioseo_meta_data":{"post_id":"551402","title":null,"description":null,"keywords":null,"keyphrases":null,"primary_term":null,"canonical_url":null,"og_title":null,"og_description":null,"og_object_type":"default","og_image_type":"default","og_image_url":null,"og_image_width":null,"og_image_height":null,"og_image_custom_url":null,"og_image_custom_fields":null,"og_video":null,"og_custom_url":null,"og_article_section":null,"og_article_tags":null,"twitter_use_og":true,"twitter_card":"default","twitter_image_type":"default","twitter_image_url":null,"twitter_image_custom_url":null,"twitter_image_custom_fields":null,"twitter_title":null,"twitter_description":null,"schema":{"blockGraphs":[],"customGraphs":[],"default":{"data":{"Article":[],"Course":[],"Dataset":[],"FAQPage":[],"Movie":[],"Person":[],"Product":[],"ProductReview":[],"Car":[],"Recipe":[],"Service":[],"SoftwareApplication":[],"WebPage":[]},"graphName":"","isEnabled":true},"graphs":[]},"schema_type":"default","schema_type_options":null,"pillar_content":false,"robots_default":true,"robots_noindex":false,"robots_noarchive":false,"robots_nosnippet":false,"robots_nofollow":false,"robots_noimageindex":false,"robots_noodp":false,"robots_notranslate":false,"robots_max_snippet":null,"robots_max_videopreview":null,"robots_max_imagepreview":"large","priority":null,"frequency":null,"local_seo":null,"seo_analyzer_scan_date":"2025-10-24 08:24:00","breadcrumb_settings":null,"limit_modified_date":false,"reviewed_by":null,"open_ai":null,"ai":null,"created":"2025-10-09 03:35:42","updated":"2025-11-27 01:44:16"},"aioseo_breadcrumb":"<div class=\"aioseo-breadcrumbs\"><span class=\"aioseo-breadcrumb\">\n\t<a href=\"https:\/\/droix.eu\/sv\/\" title=\"Home\">Home<\/a>\n<\/span><span class=\"aioseo-breadcrumb-separator\">&raquo;<\/span><span class=\"aioseo-breadcrumb\">\n\t<a href=\"https:\/\/droix.eu\/sv\/product-category\/tillbehor\/\" title=\"Tillbeh\u00f6r\">Tillbeh\u00f6r<\/a>\n<\/span><span class=\"aioseo-breadcrumb-separator\">&raquo;<\/span><span class=\"aioseo-breadcrumb\">\n\t<a href=\"https:\/\/droix.eu\/sv\/product-category\/tillbehor\/tillbehor-for-spel\/\" title=\"Tillbeh\u00f6r f\u00f6r spel\">Tillbeh\u00f6r f\u00f6r spel<\/a>\n<\/span><span class=\"aioseo-breadcrumb-separator\">&raquo;<\/span><span class=\"aioseo-breadcrumb\">\n\tGPD POCKET Skyddsfodral f\u00f6r P2 Max , Pocket 3 och Win Max\n<\/span><\/div>","aioseo_breadcrumb_json":[{"label":"Home","link":"https:\/\/droix.eu\/sv\/"},{"label":"Tillbeh\u00f6r","link":"https:\/\/droix.eu\/sv\/product-category\/tillbehor\/"},{"label":"Tillbeh\u00f6r f\u00f6r spel","link":"https:\/\/droix.eu\/sv\/product-category\/tillbehor\/tillbehor-for-spel\/"},{"label":"GPD POCKET Skyddsfodral f\u00f6r P2 Max , Pocket 3 och Win Max","link":"https:\/\/droix.eu\/sv\/product\/gpd-skyddsfodral-for-p2-max-pocket-3-och-win-max\/"}],"_links":{"self":[{"href":"https:\/\/droix.eu\/sv\/wp-json\/wp\/v2\/product\/551402","targetHints":{"allow":["GET"]}}],"collection":[{"href":"https:\/\/droix.eu\/sv\/wp-json\/wp\/v2\/product"}],"about":[{"href":"https:\/\/droix.eu\/sv\/wp-json\/wp\/v2\/types\/product"}],"version-history":[{"count":0,"href":"https:\/\/droix.eu\/sv\/wp-json\/wp\/v2\/product\/551402\/revisions"}],"wp:featuredmedia":[{"embeddable":true,"href":"https:\/\/droix.eu\/sv\/wp-json\/wp\/v2\/media\/222751"}],"wp:attachment":[{"href":"https:\/\/droix.eu\/sv\/wp-json\/wp\/v2\/media?parent=551402"}],"wp:term":[{"taxonomy":"product_brand","embeddable":true,"href":"https:\/\/droix.eu\/sv\/wp-json\/wp\/v2\/product_brand?post=551402"},{"taxonomy":"product_cat","embeddable":true,"href":"https:\/\/droix.eu\/sv\/wp-json\/wp\/v2\/product_cat?post=551402"},{"taxonomy":"product_tag","embeddable":true,"href":"https:\/\/droix.eu\/sv\/wp-json\/wp\/v2\/product_tag?post=551402"},{"taxonomy":"woo-feed-brand","embeddable":true,"href":"https:\/\/droix.eu\/sv\/wp-json\/wp\/v2\/woo-feed-brand?post=551402"},{"taxonomy":"key-features","embeddable":true,"href":"https:\/\/droix.eu\/sv\/wp-json\/wp\/v2\/key-features?post=551402"}],"curies":[{"name":"wp","href":"https:\/\/api.w.org\/{rel}","templated":true}]}}