{"id":551286,"date":"2017-11-10T13:01:47","date_gmt":"2017-11-10T13:01:47","guid":{"rendered":"https:\/\/droix.eu\/product\/gpd-pocket-hdmi-till-micro-hdmi-kabel\/"},"modified":"2025-08-18T13:53:34","modified_gmt":"2025-08-18T12:53:34","slug":"gpd-pocket-hdmi-till-micro-hdmi-kabel","status":"publish","type":"product","link":"https:\/\/droix.eu\/sv\/product\/gpd-pocket-hdmi-till-micro-hdmi-kabel\/","title":{"rendered":"GPD Pocket HDMI till Micro HDMI-kabel"},"content":{"rendered":"<ul>\n<li>Utformad f\u00f6r alla Micro-HDMI-enheter<\/li>\n<li>St\u00f6djer upp till 4K<\/li>\n<\/ul>\n","protected":false},"excerpt":{"rendered":"<ul>\n<li>Utformad f\u00f6r alla Micro-HDMI-enheter<\/li>\n<li>St\u00f6djer upp till 4K<\/li>\n<\/ul>\n[droix_global_accordions]\n[cg_accordion title=\"Paketet inneh\u00e5ller\"]<\/p>\n<ul>\n<li>1x GPD Pocket HDMI till Micro HDMI-kabel<\/li>\n<\/ul>\n<p>[\/cg_accordion]\n","protected":false},"featured_media":207787,"template":"","meta":{"_acf_changed":false},"product_brand":[],"product_cat":[13323,13368,16851],"product_tag":[],"woo-feed-brand":[2198],"key-features":[],"class_list":{"0":"post-551286","1":"product","2":"type-product","3":"status-publish","4":"has-post-thumbnail","6":"product_cat-tillbehor","7":"product_cat-tillbehor-till-barbara-datorer","8":"product_cat-tillbehor-till-datorer","9":"product_shipping_class-low-end","10":"pa_brands-droix-sv","11":"pa_compatibility-android-sv","12":"pa_compatibility-fonster","13":"pa_compatibility-linux-sv","14":"pa_compatibility-retropie-sv","15":"woo-feed-brand-gpd","17":"first","18":"outofstock","19":"sale","20":"taxable","21":"shipping-taxable","22":"purchasable","23":"product-type-simple"},"acf":[],"aioseo_notices":[],"aioseo_head":"\n\t\t<!-- All in One SEO Pro 4.9.5.2 - aioseo.com -->\n\t<meta name=\"description\" content=\"Utformad f\u00f6r alla Micro-HDMI-enheter St\u00f6djer upp till 4K Paketet inneh\u00e5ller 1x GPD Pocket HDMI till Micro HDMI-kabel\" \/>\n\t<meta name=\"robots\" content=\"max-image-preview:large\" \/>\n\t<link rel=\"canonical\" href=\"https:\/\/droix.eu\/sv\/product\/gpd-pocket-hdmi-till-micro-hdmi-kabel\/\" \/>\n\t<meta name=\"generator\" content=\"All in One SEO Pro (AIOSEO) 4.9.5.2\" \/>\n\t\t<meta property=\"og:locale\" content=\"sv_SE\" \/>\n\t\t<meta property=\"og:site_name\" content=\"DROIX EU - Get the latest Mini PCs, Ultrabook, PC Gaming Handhelds and more!\" \/>\n\t\t<meta property=\"og:type\" content=\"article\" \/>\n\t\t<meta property=\"og:title\" content=\"GPD Pocket HDMI till Micro HDMI-kabel - DROIX EU\" \/>\n\t\t<meta property=\"og:description\" content=\"Utformad f\u00f6r alla Micro-HDMI-enheter St\u00f6djer upp till 4K Paketet inneh\u00e5ller 1x GPD Pocket HDMI till Micro HDMI-kabel\" \/>\n\t\t<meta property=\"og:url\" content=\"https:\/\/droix.eu\/sv\/product\/gpd-pocket-hdmi-till-micro-hdmi-kabel\/\" \/>\n\t\t<meta property=\"og:image\" content=\"https:\/\/droix.eu\/wp-content\/uploads\/2024\/06\/droix-v2-light-logo.png\" \/>\n\t\t<meta property=\"og:image:secure_url\" content=\"https:\/\/droix.eu\/wp-content\/uploads\/2024\/06\/droix-v2-light-logo.png\" \/>\n\t\t<meta property=\"og:image:width\" content=\"380\" \/>\n\t\t<meta property=\"og:image:height\" content=\"118\" \/>\n\t\t<meta property=\"article:published_time\" content=\"2017-11-10T13:01:47+00:00\" \/>\n\t\t<meta property=\"article:modified_time\" content=\"2025-08-18T12:53:34+00:00\" \/>\n\t\t<meta property=\"article:publisher\" content=\"https:\/\/www.facebook.com\/DroiX.Store\" \/>\n\t\t<meta name=\"twitter:card\" content=\"summary_large_image\" \/>\n\t\t<meta name=\"twitter:site\" content=\"@DroiX_Store\" \/>\n\t\t<meta name=\"twitter:title\" content=\"GPD Pocket HDMI till Micro HDMI-kabel - DROIX EU\" \/>\n\t\t<meta name=\"twitter:description\" content=\"Utformad f\u00f6r alla Micro-HDMI-enheter St\u00f6djer upp till 4K Paketet inneh\u00e5ller 1x GPD Pocket HDMI till Micro HDMI-kabel\" \/>\n\t\t<meta name=\"twitter:image\" content=\"https:\/\/droix.eu\/wp-content\/uploads\/2024\/06\/droix-v2-light-logo.png\" \/>\n\t\t<script type=\"application\/ld+json\" class=\"aioseo-schema\">\n\t\t\t{\"@context\":\"https:\\\/\\\/schema.org\",\"@graph\":[{\"@type\":\"BreadcrumbList\",\"@id\":\"https:\\\/\\\/droix.eu\\\/sv\\\/product\\\/gpd-pocket-hdmi-till-micro-hdmi-kabel\\\/#breadcrumblist\",\"itemListElement\":[{\"@type\":\"ListItem\",\"@id\":\"https:\\\/\\\/droix.eu\\\/sv\\\/#listItem\",\"position\":1,\"name\":\"Home\",\"item\":\"https:\\\/\\\/droix.eu\\\/sv\\\/\",\"nextItem\":{\"@type\":\"ListItem\",\"@id\":\"https:\\\/\\\/droix.eu\\\/sv\\\/product-category\\\/tillbehor\\\/#listItem\",\"name\":\"Tillbeh\\u00f6r\"}},{\"@type\":\"ListItem\",\"@id\":\"https:\\\/\\\/droix.eu\\\/sv\\\/product-category\\\/tillbehor\\\/#listItem\",\"position\":2,\"name\":\"Tillbeh\\u00f6r\",\"item\":\"https:\\\/\\\/droix.eu\\\/sv\\\/product-category\\\/tillbehor\\\/\",\"nextItem\":{\"@type\":\"ListItem\",\"@id\":\"https:\\\/\\\/droix.eu\\\/sv\\\/product-category\\\/tillbehor\\\/tillbehor-till-barbara-datorer\\\/#listItem\",\"name\":\"Tillbeh\\u00f6r till b\\u00e4rbara datorer\"},\"previousItem\":{\"@type\":\"ListItem\",\"@id\":\"https:\\\/\\\/droix.eu\\\/sv\\\/#listItem\",\"name\":\"Home\"}},{\"@type\":\"ListItem\",\"@id\":\"https:\\\/\\\/droix.eu\\\/sv\\\/product-category\\\/tillbehor\\\/tillbehor-till-barbara-datorer\\\/#listItem\",\"position\":3,\"name\":\"Tillbeh\\u00f6r till b\\u00e4rbara datorer\",\"item\":\"https:\\\/\\\/droix.eu\\\/sv\\\/product-category\\\/tillbehor\\\/tillbehor-till-barbara-datorer\\\/\",\"nextItem\":{\"@type\":\"ListItem\",\"@id\":\"https:\\\/\\\/droix.eu\\\/sv\\\/product\\\/gpd-pocket-hdmi-till-micro-hdmi-kabel\\\/#listItem\",\"name\":\"GPD Pocket HDMI till Micro HDMI-kabel\"},\"previousItem\":{\"@type\":\"ListItem\",\"@id\":\"https:\\\/\\\/droix.eu\\\/sv\\\/product-category\\\/tillbehor\\\/#listItem\",\"name\":\"Tillbeh\\u00f6r\"}},{\"@type\":\"ListItem\",\"@id\":\"https:\\\/\\\/droix.eu\\\/sv\\\/product\\\/gpd-pocket-hdmi-till-micro-hdmi-kabel\\\/#listItem\",\"position\":4,\"name\":\"GPD Pocket HDMI till Micro HDMI-kabel\",\"previousItem\":{\"@type\":\"ListItem\",\"@id\":\"https:\\\/\\\/droix.eu\\\/sv\\\/product-category\\\/tillbehor\\\/tillbehor-till-barbara-datorer\\\/#listItem\",\"name\":\"Tillbeh\\u00f6r till b\\u00e4rbara datorer\"}}]},{\"@type\":\"Organization\",\"@id\":\"https:\\\/\\\/droix.eu\\\/sv\\\/#organization\",\"name\":\"DroiX \\u2013 Trusted EU Tech Retailer with 12+ Years Experience\",\"description\":\"DroiX is a leading European technology retailer with over 12 years of experience, offering quality mini PCs, handheld gaming consoles, and tech accessories. We provide hassle-free EU delivery with all taxes included, ensuring a smooth and reliable shopping experience for our customers across Europe.\",\"url\":\"https:\\\/\\\/droix.eu\\\/sv\\\/\",\"logo\":{\"@type\":\"ImageObject\",\"url\":\"https:\\\/\\\/droix.eu\\\/wp-content\\\/uploads\\\/2024\\\/06\\\/droix-v2-light-logo.png\",\"@id\":\"https:\\\/\\\/droix.eu\\\/sv\\\/product\\\/gpd-pocket-hdmi-till-micro-hdmi-kabel\\\/#organizationLogo\",\"width\":380,\"height\":118},\"image\":{\"@id\":\"https:\\\/\\\/droix.eu\\\/sv\\\/product\\\/gpd-pocket-hdmi-till-micro-hdmi-kabel\\\/#organizationLogo\"},\"sameAs\":[\"https:\\\/\\\/www.facebook.com\\\/DroiX.Store\",\"https:\\\/\\\/twitter.com\\\/DroiX_Store\",\"https:\\\/\\\/www.instagram.com\\\/droix.store\\\/\",\"https:\\\/\\\/www.tiktok.com\\\/@droix.store\",\"https:\\\/\\\/www.youtube.com\\\/c\\\/DroiX_Store\",\"https:\\\/\\\/uk.linkedin.com\\\/company\\\/droix\"]},{\"@type\":\"Product\",\"@id\":\"https:\\\/\\\/droix.eu\\\/sv\\\/product\\\/gpd-pocket-hdmi-till-micro-hdmi-kabel\\\/#wooCommerceProduct\",\"name\":\"GPD Pocket HDMI till Micro HDMI-kabel\",\"description\":\"Utformad f\\u00f6r alla Micro-HDMI-enheter\\n \\tSt\\u00f6djer upp till 4K\",\"url\":\"https:\\\/\\\/droix.eu\\\/sv\\\/product\\\/gpd-pocket-hdmi-till-micro-hdmi-kabel\\\/\",\"sku\":\"MICRO-2-FULL-HDMI-CABLE\",\"gtin\":\"7426845066903\",\"image\":{\"@type\":\"ImageObject\",\"url\":\"https:\\\/\\\/droix.eu\\\/wp-content\\\/uploads\\\/2021\\\/12\\\/1_11.jpg\",\"@id\":\"https:\\\/\\\/droix.eu\\\/sv\\\/product\\\/gpd-pocket-hdmi-till-micro-hdmi-kabel\\\/#productImage\",\"width\":1500,\"height\":1500},\"offers\":{\"@type\":\"Offer\",\"url\":\"https:\\\/\\\/droix.eu\\\/sv\\\/product\\\/gpd-pocket-hdmi-till-micro-hdmi-kabel\\\/#wooCommerceOffer\",\"price\":6.09,\"priceCurrency\":\"EUR\",\"category\":\"Tillbeh\\u00f6r\",\"availability\":\"https:\\\/\\\/schema.org\\\/OutOfStock\",\"priceSpecification\":{\"@type\":\"PriceSpecification\",\"price\":6.09,\"priceCurrency\":\"EUR\",\"valueAddedTaxIncluded\":\"true\"},\"seller\":{\"@type\":\"Organization\",\"@id\":\"https:\\\/\\\/droix.eu\\\/sv\\\/#organization\"}}},{\"@type\":\"WebPage\",\"@id\":\"https:\\\/\\\/droix.eu\\\/sv\\\/product\\\/gpd-pocket-hdmi-till-micro-hdmi-kabel\\\/#webpage\",\"url\":\"https:\\\/\\\/droix.eu\\\/sv\\\/product\\\/gpd-pocket-hdmi-till-micro-hdmi-kabel\\\/\",\"name\":\"GPD Pocket HDMI till Micro HDMI-kabel - DROIX EU\",\"description\":\"Utformad f\\u00f6r alla Micro-HDMI-enheter St\\u00f6djer upp till 4K Paketet inneh\\u00e5ller 1x GPD Pocket HDMI till Micro HDMI-kabel\",\"inLanguage\":\"sv-SE\",\"isPartOf\":{\"@id\":\"https:\\\/\\\/droix.eu\\\/sv\\\/#website\"},\"breadcrumb\":{\"@id\":\"https:\\\/\\\/droix.eu\\\/sv\\\/product\\\/gpd-pocket-hdmi-till-micro-hdmi-kabel\\\/#breadcrumblist\"},\"image\":{\"@type\":\"ImageObject\",\"url\":\"https:\\\/\\\/droix.eu\\\/wp-content\\\/uploads\\\/2021\\\/12\\\/1_11.jpg\",\"@id\":\"https:\\\/\\\/droix.eu\\\/sv\\\/product\\\/gpd-pocket-hdmi-till-micro-hdmi-kabel\\\/#mainImage\",\"width\":1500,\"height\":1500},\"primaryImageOfPage\":{\"@id\":\"https:\\\/\\\/droix.eu\\\/sv\\\/product\\\/gpd-pocket-hdmi-till-micro-hdmi-kabel\\\/#mainImage\"},\"datePublished\":\"2017-11-10T13:01:47+00:00\",\"dateModified\":\"2025-08-18T13:53:34+01:00\"},{\"@type\":\"WebSite\",\"@id\":\"https:\\\/\\\/droix.eu\\\/sv\\\/#website\",\"url\":\"https:\\\/\\\/droix.eu\\\/sv\\\/\",\"name\":\"DROIX EU\",\"description\":\"Get the latest Mini PCs, Ultrabook, PC Gaming Handhelds and more!\",\"inLanguage\":\"sv-SE\",\"publisher\":{\"@id\":\"https:\\\/\\\/droix.eu\\\/sv\\\/#organization\"}}]}\n\t\t<\/script>\n\t\t<!-- All in One SEO Pro -->\r\n\t\t<title>GPD Pocket HDMI till Micro HDMI-kabel - DROIX EU<\/title>\n\n","aioseo_head_json":{"title":"GPD Pocket HDMI till Micro HDMI-kabel - DROIX EU","description":"Utformad f\u00f6r alla Micro-HDMI-enheter St\u00f6djer upp till 4K Paketet inneh\u00e5ller 1x GPD Pocket HDMI till Micro HDMI-kabel","canonical_url":"https:\/\/droix.eu\/sv\/product\/gpd-pocket-hdmi-till-micro-hdmi-kabel\/","robots":"max-image-preview:large","keywords":"","webmasterTools":{"miscellaneous":""},"schema":{"@context":"https:\/\/schema.org","@graph":[{"@type":"BreadcrumbList","@id":"https:\/\/droix.eu\/sv\/product\/gpd-pocket-hdmi-till-micro-hdmi-kabel\/#breadcrumblist","itemListElement":[{"@type":"ListItem","@id":"https:\/\/droix.eu\/sv\/#listItem","position":1,"name":"Home","item":"https:\/\/droix.eu\/sv\/","nextItem":{"@type":"ListItem","@id":"https:\/\/droix.eu\/sv\/product-category\/tillbehor\/#listItem","name":"Tillbeh\u00f6r"}},{"@type":"ListItem","@id":"https:\/\/droix.eu\/sv\/product-category\/tillbehor\/#listItem","position":2,"name":"Tillbeh\u00f6r","item":"https:\/\/droix.eu\/sv\/product-category\/tillbehor\/","nextItem":{"@type":"ListItem","@id":"https:\/\/droix.eu\/sv\/product-category\/tillbehor\/tillbehor-till-barbara-datorer\/#listItem","name":"Tillbeh\u00f6r till b\u00e4rbara datorer"},"previousItem":{"@type":"ListItem","@id":"https:\/\/droix.eu\/sv\/#listItem","name":"Home"}},{"@type":"ListItem","@id":"https:\/\/droix.eu\/sv\/product-category\/tillbehor\/tillbehor-till-barbara-datorer\/#listItem","position":3,"name":"Tillbeh\u00f6r till b\u00e4rbara datorer","item":"https:\/\/droix.eu\/sv\/product-category\/tillbehor\/tillbehor-till-barbara-datorer\/","nextItem":{"@type":"ListItem","@id":"https:\/\/droix.eu\/sv\/product\/gpd-pocket-hdmi-till-micro-hdmi-kabel\/#listItem","name":"GPD Pocket HDMI till Micro HDMI-kabel"},"previousItem":{"@type":"ListItem","@id":"https:\/\/droix.eu\/sv\/product-category\/tillbehor\/#listItem","name":"Tillbeh\u00f6r"}},{"@type":"ListItem","@id":"https:\/\/droix.eu\/sv\/product\/gpd-pocket-hdmi-till-micro-hdmi-kabel\/#listItem","position":4,"name":"GPD Pocket HDMI till Micro HDMI-kabel","previousItem":{"@type":"ListItem","@id":"https:\/\/droix.eu\/sv\/product-category\/tillbehor\/tillbehor-till-barbara-datorer\/#listItem","name":"Tillbeh\u00f6r till b\u00e4rbara datorer"}}]},{"@type":"Organization","@id":"https:\/\/droix.eu\/sv\/#organization","name":"DroiX \u2013 Trusted EU Tech Retailer with 12+ Years Experience","description":"DroiX is a leading European technology retailer with over 12 years of experience, offering quality mini PCs, handheld gaming consoles, and tech accessories. We provide hassle-free EU delivery with all taxes included, ensuring a smooth and reliable shopping experience for our customers across Europe.","url":"https:\/\/droix.eu\/sv\/","logo":{"@type":"ImageObject","url":"https:\/\/droix.eu\/wp-content\/uploads\/2024\/06\/droix-v2-light-logo.png","@id":"https:\/\/droix.eu\/sv\/product\/gpd-pocket-hdmi-till-micro-hdmi-kabel\/#organizationLogo","width":380,"height":118},"image":{"@id":"https:\/\/droix.eu\/sv\/product\/gpd-pocket-hdmi-till-micro-hdmi-kabel\/#organizationLogo"},"sameAs":["https:\/\/www.facebook.com\/DroiX.Store","https:\/\/twitter.com\/DroiX_Store","https:\/\/www.instagram.com\/droix.store\/","https:\/\/www.tiktok.com\/@droix.store","https:\/\/www.youtube.com\/c\/DroiX_Store","https:\/\/uk.linkedin.com\/company\/droix"]},{"@type":"Product","@id":"https:\/\/droix.eu\/sv\/product\/gpd-pocket-hdmi-till-micro-hdmi-kabel\/#wooCommerceProduct","name":"GPD Pocket HDMI till Micro HDMI-kabel","description":"Utformad f\u00f6r alla Micro-HDMI-enheter\n \tSt\u00f6djer upp till 4K","url":"https:\/\/droix.eu\/sv\/product\/gpd-pocket-hdmi-till-micro-hdmi-kabel\/","sku":"MICRO-2-FULL-HDMI-CABLE","gtin":"7426845066903","image":{"@type":"ImageObject","url":"https:\/\/droix.eu\/wp-content\/uploads\/2021\/12\/1_11.jpg","@id":"https:\/\/droix.eu\/sv\/product\/gpd-pocket-hdmi-till-micro-hdmi-kabel\/#productImage","width":1500,"height":1500},"offers":{"@type":"Offer","url":"https:\/\/droix.eu\/sv\/product\/gpd-pocket-hdmi-till-micro-hdmi-kabel\/#wooCommerceOffer","price":6.09,"priceCurrency":"EUR","category":"Tillbeh\u00f6r","availability":"https:\/\/schema.org\/OutOfStock","priceSpecification":{"@type":"PriceSpecification","price":6.09,"priceCurrency":"EUR","valueAddedTaxIncluded":"true"},"seller":{"@type":"Organization","@id":"https:\/\/droix.eu\/sv\/#organization"}}},{"@type":"WebPage","@id":"https:\/\/droix.eu\/sv\/product\/gpd-pocket-hdmi-till-micro-hdmi-kabel\/#webpage","url":"https:\/\/droix.eu\/sv\/product\/gpd-pocket-hdmi-till-micro-hdmi-kabel\/","name":"GPD Pocket HDMI till Micro HDMI-kabel - DROIX EU","description":"Utformad f\u00f6r alla Micro-HDMI-enheter St\u00f6djer upp till 4K Paketet inneh\u00e5ller 1x GPD Pocket HDMI till Micro HDMI-kabel","inLanguage":"sv-SE","isPartOf":{"@id":"https:\/\/droix.eu\/sv\/#website"},"breadcrumb":{"@id":"https:\/\/droix.eu\/sv\/product\/gpd-pocket-hdmi-till-micro-hdmi-kabel\/#breadcrumblist"},"image":{"@type":"ImageObject","url":"https:\/\/droix.eu\/wp-content\/uploads\/2021\/12\/1_11.jpg","@id":"https:\/\/droix.eu\/sv\/product\/gpd-pocket-hdmi-till-micro-hdmi-kabel\/#mainImage","width":1500,"height":1500},"primaryImageOfPage":{"@id":"https:\/\/droix.eu\/sv\/product\/gpd-pocket-hdmi-till-micro-hdmi-kabel\/#mainImage"},"datePublished":"2017-11-10T13:01:47+00:00","dateModified":"2025-08-18T13:53:34+01:00"},{"@type":"WebSite","@id":"https:\/\/droix.eu\/sv\/#website","url":"https:\/\/droix.eu\/sv\/","name":"DROIX EU","description":"Get the latest Mini PCs, Ultrabook, PC Gaming Handhelds and more!","inLanguage":"sv-SE","publisher":{"@id":"https:\/\/droix.eu\/sv\/#organization"}}]},"og:locale":"sv_SE","og:site_name":"DROIX EU - Get the latest Mini PCs, Ultrabook, PC Gaming Handhelds and more!","og:type":"article","og:title":"GPD Pocket HDMI till Micro HDMI-kabel - DROIX EU","og:description":"Utformad f\u00f6r alla Micro-HDMI-enheter St\u00f6djer upp till 4K Paketet inneh\u00e5ller 1x GPD Pocket HDMI till Micro HDMI-kabel","og:url":"https:\/\/droix.eu\/sv\/product\/gpd-pocket-hdmi-till-micro-hdmi-kabel\/","og:image":"https:\/\/droix.eu\/wp-content\/uploads\/2024\/06\/droix-v2-light-logo.png","og:image:secure_url":"https:\/\/droix.eu\/wp-content\/uploads\/2024\/06\/droix-v2-light-logo.png","og:image:width":380,"og:image:height":118,"article:published_time":"2017-11-10T13:01:47+00:00","article:modified_time":"2025-08-18T12:53:34+00:00","article:publisher":"https:\/\/www.facebook.com\/DroiX.Store","twitter:card":"summary_large_image","twitter:site":"@DroiX_Store","twitter:title":"GPD Pocket HDMI till Micro HDMI-kabel - DROIX EU","twitter:description":"Utformad f\u00f6r alla Micro-HDMI-enheter St\u00f6djer upp till 4K Paketet inneh\u00e5ller 1x GPD Pocket HDMI till Micro HDMI-kabel","twitter:image":"https:\/\/droix.eu\/wp-content\/uploads\/2024\/06\/droix-v2-light-logo.png"},"aioseo_meta_data":{"post_id":"551286","title":null,"description":null,"keywords":null,"keyphrases":null,"primary_term":null,"canonical_url":null,"og_title":null,"og_description":null,"og_object_type":"default","og_image_type":"default","og_image_url":null,"og_image_width":null,"og_image_height":null,"og_image_custom_url":null,"og_image_custom_fields":null,"og_video":null,"og_custom_url":null,"og_article_section":null,"og_article_tags":null,"twitter_use_og":true,"twitter_card":"default","twitter_image_type":"default","twitter_image_url":null,"twitter_image_custom_url":null,"twitter_image_custom_fields":null,"twitter_title":null,"twitter_description":null,"schema":{"blockGraphs":[],"customGraphs":[],"default":{"data":{"Article":[],"Course":[],"Dataset":[],"FAQPage":[],"Movie":[],"Person":[],"Product":[],"ProductReview":[],"Car":[],"Recipe":[],"Service":[],"SoftwareApplication":[],"WebPage":[]},"graphName":"","isEnabled":true},"graphs":[]},"schema_type":"default","schema_type_options":null,"pillar_content":false,"robots_default":true,"robots_noindex":false,"robots_noarchive":false,"robots_nosnippet":false,"robots_nofollow":false,"robots_noimageindex":false,"robots_noodp":false,"robots_notranslate":false,"robots_max_snippet":null,"robots_max_videopreview":null,"robots_max_imagepreview":"large","priority":null,"frequency":null,"local_seo":null,"seo_analyzer_scan_date":"2025-10-24 07:17:19","breadcrumb_settings":null,"limit_modified_date":false,"reviewed_by":null,"open_ai":null,"ai":null,"created":"2025-10-09 03:18:54","updated":"2025-11-27 01:35:10"},"aioseo_breadcrumb":"<div class=\"aioseo-breadcrumbs\"><span class=\"aioseo-breadcrumb\">\n\t<a href=\"https:\/\/droix.eu\/sv\/\" title=\"Home\">Home<\/a>\n<\/span><span class=\"aioseo-breadcrumb-separator\">&raquo;<\/span><span class=\"aioseo-breadcrumb\">\n\t<a href=\"https:\/\/droix.eu\/sv\/product-category\/tillbehor\/\" title=\"Tillbeh\u00f6r\">Tillbeh\u00f6r<\/a>\n<\/span><span class=\"aioseo-breadcrumb-separator\">&raquo;<\/span><span class=\"aioseo-breadcrumb\">\n\t<a href=\"https:\/\/droix.eu\/sv\/product-category\/tillbehor\/tillbehor-till-barbara-datorer\/\" title=\"Tillbeh\u00f6r till b\u00e4rbara datorer\">Tillbeh\u00f6r till b\u00e4rbara datorer<\/a>\n<\/span><span class=\"aioseo-breadcrumb-separator\">&raquo;<\/span><span class=\"aioseo-breadcrumb\">\n\tGPD Pocket HDMI till Micro HDMI-kabel\n<\/span><\/div>","aioseo_breadcrumb_json":[{"label":"Home","link":"https:\/\/droix.eu\/sv\/"},{"label":"Tillbeh\u00f6r","link":"https:\/\/droix.eu\/sv\/product-category\/tillbehor\/"},{"label":"Tillbeh\u00f6r till b\u00e4rbara datorer","link":"https:\/\/droix.eu\/sv\/product-category\/tillbehor\/tillbehor-till-barbara-datorer\/"},{"label":"GPD Pocket HDMI till Micro HDMI-kabel","link":"https:\/\/droix.eu\/sv\/product\/gpd-pocket-hdmi-till-micro-hdmi-kabel\/"}],"_links":{"self":[{"href":"https:\/\/droix.eu\/sv\/wp-json\/wp\/v2\/product\/551286","targetHints":{"allow":["GET"]}}],"collection":[{"href":"https:\/\/droix.eu\/sv\/wp-json\/wp\/v2\/product"}],"about":[{"href":"https:\/\/droix.eu\/sv\/wp-json\/wp\/v2\/types\/product"}],"version-history":[{"count":0,"href":"https:\/\/droix.eu\/sv\/wp-json\/wp\/v2\/product\/551286\/revisions"}],"wp:featuredmedia":[{"embeddable":true,"href":"https:\/\/droix.eu\/sv\/wp-json\/wp\/v2\/media\/207787"}],"wp:attachment":[{"href":"https:\/\/droix.eu\/sv\/wp-json\/wp\/v2\/media?parent=551286"}],"wp:term":[{"taxonomy":"product_brand","embeddable":true,"href":"https:\/\/droix.eu\/sv\/wp-json\/wp\/v2\/product_brand?post=551286"},{"taxonomy":"product_cat","embeddable":true,"href":"https:\/\/droix.eu\/sv\/wp-json\/wp\/v2\/product_cat?post=551286"},{"taxonomy":"product_tag","embeddable":true,"href":"https:\/\/droix.eu\/sv\/wp-json\/wp\/v2\/product_tag?post=551286"},{"taxonomy":"woo-feed-brand","embeddable":true,"href":"https:\/\/droix.eu\/sv\/wp-json\/wp\/v2\/woo-feed-brand?post=551286"},{"taxonomy":"key-features","embeddable":true,"href":"https:\/\/droix.eu\/sv\/wp-json\/wp\/v2\/key-features?post=551286"}],"curies":[{"name":"wp","href":"https:\/\/api.w.org\/{rel}","templated":true}]}}