{"id":531505,"date":"2024-07-16T11:40:59","date_gmt":"2024-07-16T10:40:59","guid":{"rendered":"https:\/\/droix.eu\/product\/anbernic-rg-cube-vaska\/"},"modified":"2026-03-27T12:33:59","modified_gmt":"2026-03-27T12:33:59","slug":"anbernic-rg-cube-vaska","status":"publish","type":"product","link":"https:\/\/droix.eu\/sv\/product\/anbernic-rg-cube-vaska\/","title":{"rendered":"ANBERNIC RG Cube v\u00e4ska"},"content":{"rendered":"\n<p>Produktnamn: F\u00f6rvaringsv\u00e4ska f\u00f6r spelkonsol<br\/><br\/>Produktf\u00e4rg: svart<br\/><br\/>Produktmaterial: h\u00f6gkvalitativ vattent\u00e4t trasa<br\/><br\/>Till\u00e4mplig modell: f\u00f6r ANBERNIC RG Cube<\/p>\n\n<h3 class=\"wp-block-heading\">Produktens egenskaper:<\/h3>\n\n<p><br\/>1. Multifunktionell: Den kan inte bara b\u00e4ra din spelkonsol, utan kan \u00e4ven f\u00f6rvara tillbeh\u00f6r som laddare, h\u00f6rlurar, datakablar etc. Denna handv\u00e4ska har flera funktioner f\u00f6r att b\u00e4ttre skydda din spelkonsol och dina tillbeh\u00f6r.<br\/><br\/>2. L\u00e4tt och b\u00e4rbar: Den har en l\u00e4ttviktsdesign och \u00e4r mycket bekv\u00e4m att b\u00e4ra. Oavsett om du ska g\u00e5 ut eller anv\u00e4nda den hemma kan du alltid l\u00e4gga spelkonsolen och tillbeh\u00f6ren i handv\u00e4skan, vilket ger ett omfattande skydd och bekv\u00e4m transport.<br\/><br\/>3. Kvalitetss\u00e4kring: Tillverkad av h\u00f6gkvalitativa material, den \u00e4r mer h\u00e5llbar och kan anv\u00e4ndas under l\u00e5ng tid utan slitage och skador. Denna handv\u00e4ska \u00e4r den b\u00e4sta skyddspartnern f\u00f6r din spelkonsol och ger dig en bekv\u00e4m och s\u00e4ker spelupplevelse.<br\/><br\/>4. Moderiktigt utseende: Utseendet \u00e4r elegant och enkelt, vilket inte bara skyddar spelkonsolen och tillbeh\u00f6ren utan ocks\u00e5 f\u00f6rb\u00e4ttrar din modek\u00e4nsla, vilket g\u00f6r att du k\u00e4nner dig sj\u00e4lvs\u00e4ker och charmig i alla tillf\u00e4llen.<br\/><br\/>5. B\u00e4rbar design: Den handv\u00e4skliknande designen \u00e4r l\u00e4mplig f\u00f6r att b\u00e4ra i en m\u00e4ngd olika scenarier, s\u00e5 att du kan b\u00e4ra spelkonsolen utan att ta upp f\u00f6r mycket handutrymme.<br\/><br\/>Produktens bruttovikt: 130 g<br\/><br\/>Paketet inneh\u00e5ller: F\u00f6rvaringsv\u00e4ska f\u00f6r spelkonsol * 1<\/p>\n\n<figure class=\"wp-block-image\"><img decoding=\"async\" src=\"https:\/\/ae01.alicdn.com\/kf\/S47af09c6805345fab0667f4210505b64g.jpg\" alt=\"Anbernic RG Cube Case - Portabelt svart fodral f&#xF6;r Anbernic handh&#xE5;llna konsoler, med en elegant design, inv&#xE4;ndig n&#xE4;tficka f&#xF6;r tillbeh&#xF6;r och robust byggkvalitet f&#xF6;r spel i farten.\"\/><\/figure>\n\n<figure class=\"wp-block-image\"><img decoding=\"async\" src=\"https:\/\/ae01.alicdn.com\/kf\/S2785b70135a540c583158fcc5a78dc5b7.jpg\" alt=\"Anbernic RG Cube Case - Skyddande svart transportv&#xE4;ska f&#xF6;r Anbernic-spelkonsoler, med en mjukt vadderad insida, slitstarkt yttre skal och kompakt design f&#xF6;r enkel transport\"\/><\/figure>\n\n<figure class=\"wp-block-image\"><img decoding=\"async\" src=\"https:\/\/ae01.alicdn.com\/kf\/S091362331cd549caa28e2cf13f83d019s.jpg\" alt=\"Anbernic RG Cube Case - Svart skyddsfodral med s&#xE4;ker dragkedjest&#xE4;ngning, skr&#xE4;ddarsytt f&#xF6;r Anbernic-spelenheter, ger &#xF6;verl&#xE4;gset skydd mot repor och st&#xF6;tar.\"\/><\/figure>\n\n<figure class=\"wp-block-image\"><img decoding=\"async\" src=\"https:\/\/ae01.alicdn.com\/kf\/Sc0cb06fe4efa49a985b944aa17d27d29S.jpg\" alt=\"Anbernic RG Cube Case - Svart skyddsfodral med s&#xE4;ker dragkedjest&#xE4;ngning, skr&#xE4;ddarsytt f&#xF6;r Anbernic-spelenheter, ger &#xF6;verl&#xE4;gset skydd mot repor och st&#xF6;tar.\"\/><\/figure>\n\n<figure class=\"wp-block-image\"><img decoding=\"async\" src=\"https:\/\/ae01.alicdn.com\/kf\/Sca5337fc1adf4aa094209058e7fc98b9j.jpg\" alt=\"Anbernic Cube-fodral i svart, med en kompakt och elegant design och en slitstark, texturerad utsida f&#xF6;r b&#xE4;ttre grepp. V&#xE4;skan inneh&#xE5;ller specialanpassade skuminsatser f&#xF6;r att s&#xE4;kert h&#xE5;lla Anbernic-spelkonsolen och tillbeh&#xF6;ren, vilket ger skydd under resan.\"\/><\/figure>\n\n<figure class=\"wp-block-image\"><img decoding=\"async\" src=\"https:\/\/ae01.alicdn.com\/kf\/S3b16c1675638498f9fd6dbc53a777f85c.jpg\" alt=\"Anbernic RG Cube Case - Portabelt svart fodral f&#xF6;r Anbernic handh&#xE5;llna konsoler, med en elegant design, inv&#xE4;ndig n&#xE4;tficka f&#xF6;r tillbeh&#xF6;r och robust byggkvalitet f&#xF6;r spel i farten.\"\/><\/figure>\n","protected":false},"excerpt":{"rendered":"<ul>\n<li><strong>Officiell<\/strong> ANBERNIC-tillbeh\u00f6r<\/li>\n<li><strong>\u00d6verl\u00e4gset skydd<\/strong> Tillverkad av premiuml\u00e4der<\/li>\n<li>Mjukt tygfoder f\u00f6r <strong>extra skydd<\/strong>.<\/li>\n<\/ul>\n[droix_global_accordions]\n[cg_accordion title=\"Paketet inneh\u00e5ller\"]<\/p>\n<ul>\n<li>1x Fodral<\/li>\n<\/ul>\n<p>[\/cg_accordion]\n","protected":false},"featured_media":486301,"template":"","meta":{"_acf_changed":false},"product_brand":[],"product_cat":[13323,13324],"product_tag":[],"woo-feed-brand":[],"key-features":[],"class_list":{"0":"post-531505","1":"product","2":"type-product","3":"status-publish","4":"has-post-thumbnail","6":"product_cat-tillbehor","7":"product_cat-tillbehor-for-spel","8":"product_shipping_class-low-end","9":"pa_accessory-type-protective-case","10":"pa_brands-anbernic-sv","11":"pa_compatibility-anbernic-rg-kub","13":"first","14":"outofstock","15":"sale","16":"taxable","17":"shipping-taxable","18":"purchasable","19":"product-type-simple"},"acf":[],"aioseo_notices":[],"aioseo_head":"\n\t\t<!-- All in One SEO Pro 4.9.6.2 - aioseo.com -->\n\t<meta name=\"description\" content=\"Officiell ANBERNIC-tillbeh\u00f6r \u00d6verl\u00e4gset skydd Tillverkad av premiuml\u00e4der Mjukt tygfoder f\u00f6r extra skydd. Paketet inneh\u00e5ller 1x Fodral\" \/>\n\t<meta name=\"robots\" content=\"max-image-preview:large\" \/>\n\t<link rel=\"canonical\" href=\"https:\/\/droix.eu\/sv\/product\/anbernic-rg-cube-vaska\/\" \/>\n\t<meta name=\"generator\" content=\"All in One SEO Pro (AIOSEO) 4.9.6.2\" \/>\n\t\t<meta property=\"og:locale\" content=\"sv_SE\" \/>\n\t\t<meta property=\"og:site_name\" content=\"DROIX EU - Get the latest Mini PCs, Ultrabook, PC Gaming Handhelds and more!\" \/>\n\t\t<meta property=\"og:type\" content=\"article\" \/>\n\t\t<meta property=\"og:title\" content=\"ANBERNIC RG Cube v\u00e4ska - DROIX EU\" \/>\n\t\t<meta property=\"og:description\" content=\"Officiell ANBERNIC-tillbeh\u00f6r \u00d6verl\u00e4gset skydd Tillverkad av premiuml\u00e4der Mjukt tygfoder f\u00f6r extra skydd. Paketet inneh\u00e5ller 1x Fodral\" \/>\n\t\t<meta property=\"og:url\" content=\"https:\/\/droix.eu\/sv\/product\/anbernic-rg-cube-vaska\/\" \/>\n\t\t<meta property=\"og:image\" content=\"https:\/\/droix.eu\/wp-content\/uploads\/2024\/06\/droix-v2-light-logo.png\" \/>\n\t\t<meta property=\"og:image:secure_url\" content=\"https:\/\/droix.eu\/wp-content\/uploads\/2024\/06\/droix-v2-light-logo.png\" \/>\n\t\t<meta property=\"og:image:width\" content=\"380\" \/>\n\t\t<meta property=\"og:image:height\" content=\"118\" \/>\n\t\t<meta property=\"article:published_time\" content=\"2024-07-16T10:40:59+00:00\" \/>\n\t\t<meta property=\"article:modified_time\" content=\"2026-03-27T12:33:59+00:00\" \/>\n\t\t<meta property=\"article:publisher\" content=\"https:\/\/www.facebook.com\/DroiX.Store\" \/>\n\t\t<meta name=\"twitter:card\" content=\"summary_large_image\" \/>\n\t\t<meta name=\"twitter:site\" content=\"@DroiX_Store\" \/>\n\t\t<meta name=\"twitter:title\" content=\"ANBERNIC RG Cube v\u00e4ska - DROIX EU\" \/>\n\t\t<meta name=\"twitter:description\" content=\"Officiell ANBERNIC-tillbeh\u00f6r \u00d6verl\u00e4gset skydd Tillverkad av premiuml\u00e4der Mjukt tygfoder f\u00f6r extra skydd. Paketet inneh\u00e5ller 1x Fodral\" \/>\n\t\t<meta name=\"twitter:image\" content=\"https:\/\/droix.eu\/wp-content\/uploads\/2024\/06\/droix-v2-light-logo.png\" \/>\n\t\t<script type=\"application\/ld+json\" class=\"aioseo-schema\">\n\t\t\t{\"@context\":\"https:\\\/\\\/schema.org\",\"@graph\":[{\"@type\":\"BreadcrumbList\",\"@id\":\"https:\\\/\\\/droix.eu\\\/sv\\\/product\\\/anbernic-rg-cube-vaska\\\/#breadcrumblist\",\"itemListElement\":[{\"@type\":\"ListItem\",\"@id\":\"https:\\\/\\\/droix.eu\\\/sv\\\/#listItem\",\"position\":1,\"name\":\"Home\",\"item\":\"https:\\\/\\\/droix.eu\\\/sv\\\/\",\"nextItem\":{\"@type\":\"ListItem\",\"@id\":\"https:\\\/\\\/droix.eu\\\/sv\\\/product-category\\\/tillbehor\\\/#listItem\",\"name\":\"Tillbeh\\u00f6r\"}},{\"@type\":\"ListItem\",\"@id\":\"https:\\\/\\\/droix.eu\\\/sv\\\/product-category\\\/tillbehor\\\/#listItem\",\"position\":2,\"name\":\"Tillbeh\\u00f6r\",\"item\":\"https:\\\/\\\/droix.eu\\\/sv\\\/product-category\\\/tillbehor\\\/\",\"nextItem\":{\"@type\":\"ListItem\",\"@id\":\"https:\\\/\\\/droix.eu\\\/sv\\\/product-category\\\/tillbehor\\\/tillbehor-for-spel\\\/#listItem\",\"name\":\"Tillbeh\\u00f6r f\\u00f6r spel\"},\"previousItem\":{\"@type\":\"ListItem\",\"@id\":\"https:\\\/\\\/droix.eu\\\/sv\\\/#listItem\",\"name\":\"Home\"}},{\"@type\":\"ListItem\",\"@id\":\"https:\\\/\\\/droix.eu\\\/sv\\\/product-category\\\/tillbehor\\\/tillbehor-for-spel\\\/#listItem\",\"position\":3,\"name\":\"Tillbeh\\u00f6r f\\u00f6r spel\",\"item\":\"https:\\\/\\\/droix.eu\\\/sv\\\/product-category\\\/tillbehor\\\/tillbehor-for-spel\\\/\",\"nextItem\":{\"@type\":\"ListItem\",\"@id\":\"https:\\\/\\\/droix.eu\\\/sv\\\/product\\\/anbernic-rg-cube-vaska\\\/#listItem\",\"name\":\"ANBERNIC RG Cube v\\u00e4ska\"},\"previousItem\":{\"@type\":\"ListItem\",\"@id\":\"https:\\\/\\\/droix.eu\\\/sv\\\/product-category\\\/tillbehor\\\/#listItem\",\"name\":\"Tillbeh\\u00f6r\"}},{\"@type\":\"ListItem\",\"@id\":\"https:\\\/\\\/droix.eu\\\/sv\\\/product\\\/anbernic-rg-cube-vaska\\\/#listItem\",\"position\":4,\"name\":\"ANBERNIC RG Cube v\\u00e4ska\",\"previousItem\":{\"@type\":\"ListItem\",\"@id\":\"https:\\\/\\\/droix.eu\\\/sv\\\/product-category\\\/tillbehor\\\/tillbehor-for-spel\\\/#listItem\",\"name\":\"Tillbeh\\u00f6r f\\u00f6r spel\"}}]},{\"@type\":\"Organization\",\"@id\":\"https:\\\/\\\/droix.eu\\\/sv\\\/#organization\",\"name\":\"DroiX \\u2013 Trusted EU Tech Retailer with 12+ Years Experience\",\"description\":\"DroiX is a leading European technology retailer with over 12 years of experience, offering quality mini PCs, handheld gaming consoles, and tech accessories. We provide hassle-free EU delivery with all taxes included, ensuring a smooth and reliable shopping experience for our customers across Europe.\",\"url\":\"https:\\\/\\\/droix.eu\\\/sv\\\/\",\"logo\":{\"@type\":\"ImageObject\",\"url\":\"https:\\\/\\\/droix.eu\\\/wp-content\\\/uploads\\\/2024\\\/06\\\/droix-v2-light-logo.png\",\"@id\":\"https:\\\/\\\/droix.eu\\\/sv\\\/product\\\/anbernic-rg-cube-vaska\\\/#organizationLogo\",\"width\":380,\"height\":118},\"image\":{\"@id\":\"https:\\\/\\\/droix.eu\\\/sv\\\/product\\\/anbernic-rg-cube-vaska\\\/#organizationLogo\"},\"sameAs\":[\"https:\\\/\\\/www.facebook.com\\\/DroiX.Store\",\"https:\\\/\\\/twitter.com\\\/DroiX_Store\",\"https:\\\/\\\/www.instagram.com\\\/droix.store\\\/\",\"https:\\\/\\\/www.tiktok.com\\\/@droix.store\",\"https:\\\/\\\/www.youtube.com\\\/c\\\/DroiX_Store\",\"https:\\\/\\\/uk.linkedin.com\\\/company\\\/droix\"]},{\"@type\":\"Product\",\"@id\":\"https:\\\/\\\/droix.eu\\\/sv\\\/product\\\/anbernic-rg-cube-vaska\\\/#wooCommerceProduct\",\"name\":\"ANBERNIC RG Cube v\\u00e4ska\",\"description\":\"Officiell ANBERNIC-tillbeh\\u00f6r\\n\\u00d6verl\\u00e4gset skydd Tillverkad av premiuml\\u00e4der\\nMjukt tygfoder f\\u00f6r extra skydd.\",\"url\":\"https:\\\/\\\/droix.eu\\\/sv\\\/product\\\/anbernic-rg-cube-vaska\\\/\",\"sku\":\"RG-CUBE-BAG\",\"gtin\":\"5060763679351\",\"image\":{\"@type\":\"ImageObject\",\"url\":\"https:\\\/\\\/droix.eu\\\/wp-content\\\/uploads\\\/2024\\\/07\\\/CUBE-CASE.png\",\"@id\":\"https:\\\/\\\/droix.eu\\\/sv\\\/product\\\/anbernic-rg-cube-vaska\\\/#productImage\",\"width\":1001,\"height\":1001,\"caption\":\"Anbernic Cube-fodral i svart, med en kompakt och elegant design och en slitstark, texturerad utsida f\\u00f6r b\\u00e4ttre grepp. V\\u00e4skan inneh\\u00e5ller specialanpassade skuminsatser f\\u00f6r att s\\u00e4kert h\\u00e5lla Anbernic-spelkonsolen och tillbeh\\u00f6ren, vilket ger skydd under resan.\"},\"offers\":{\"@type\":\"Offer\",\"url\":\"https:\\\/\\\/droix.eu\\\/sv\\\/product\\\/anbernic-rg-cube-vaska\\\/#wooCommerceOffer\",\"price\":6.09,\"priceCurrency\":\"EUR\",\"category\":\"Tillbeh\\u00f6r\",\"availability\":\"https:\\\/\\\/schema.org\\\/OutOfStock\",\"priceSpecification\":{\"@type\":\"PriceSpecification\",\"price\":6.09,\"priceCurrency\":\"EUR\",\"valueAddedTaxIncluded\":\"true\"},\"seller\":{\"@type\":\"Organization\",\"@id\":\"https:\\\/\\\/droix.eu\\\/sv\\\/#organization\"}}},{\"@type\":\"WebPage\",\"@id\":\"https:\\\/\\\/droix.eu\\\/sv\\\/product\\\/anbernic-rg-cube-vaska\\\/#webpage\",\"url\":\"https:\\\/\\\/droix.eu\\\/sv\\\/product\\\/anbernic-rg-cube-vaska\\\/\",\"name\":\"ANBERNIC RG Cube v\\u00e4ska - DROIX EU\",\"description\":\"Officiell ANBERNIC-tillbeh\\u00f6r \\u00d6verl\\u00e4gset skydd Tillverkad av premiuml\\u00e4der Mjukt tygfoder f\\u00f6r extra skydd. Paketet inneh\\u00e5ller 1x Fodral\",\"inLanguage\":\"sv-SE\",\"isPartOf\":{\"@id\":\"https:\\\/\\\/droix.eu\\\/sv\\\/#website\"},\"breadcrumb\":{\"@id\":\"https:\\\/\\\/droix.eu\\\/sv\\\/product\\\/anbernic-rg-cube-vaska\\\/#breadcrumblist\"},\"image\":{\"@type\":\"ImageObject\",\"url\":\"https:\\\/\\\/droix.eu\\\/wp-content\\\/uploads\\\/2024\\\/07\\\/CUBE-CASE.png\",\"@id\":\"https:\\\/\\\/droix.eu\\\/sv\\\/product\\\/anbernic-rg-cube-vaska\\\/#mainImage\",\"width\":1001,\"height\":1001,\"caption\":\"Anbernic Cube-fodral i svart, med en kompakt och elegant design och en slitstark, texturerad utsida f\\u00f6r b\\u00e4ttre grepp. V\\u00e4skan inneh\\u00e5ller specialanpassade skuminsatser f\\u00f6r att s\\u00e4kert h\\u00e5lla Anbernic-spelkonsolen och tillbeh\\u00f6ren, vilket ger skydd under resan.\"},\"primaryImageOfPage\":{\"@id\":\"https:\\\/\\\/droix.eu\\\/sv\\\/product\\\/anbernic-rg-cube-vaska\\\/#mainImage\"},\"datePublished\":\"2024-07-16T11:40:59+01:00\",\"dateModified\":\"2026-03-27T12:33:59+00:00\"},{\"@type\":\"WebSite\",\"@id\":\"https:\\\/\\\/droix.eu\\\/sv\\\/#website\",\"url\":\"https:\\\/\\\/droix.eu\\\/sv\\\/\",\"name\":\"DROIX EU\",\"description\":\"Get the latest Mini PCs, Ultrabook, PC Gaming Handhelds and more!\",\"inLanguage\":\"sv-SE\",\"publisher\":{\"@id\":\"https:\\\/\\\/droix.eu\\\/sv\\\/#organization\"}}]}\n\t\t<\/script>\n\t\t<!-- All in One SEO Pro -->\r\n\t\t<title>ANBERNIC RG Cube v\u00e4ska - DROIX EU<\/title>\n\n","aioseo_head_json":{"title":"ANBERNIC RG Cube v\u00e4ska - DROIX EU","description":"Officiell ANBERNIC-tillbeh\u00f6r \u00d6verl\u00e4gset skydd Tillverkad av premiuml\u00e4der Mjukt tygfoder f\u00f6r extra skydd. Paketet inneh\u00e5ller 1x Fodral","canonical_url":"https:\/\/droix.eu\/sv\/product\/anbernic-rg-cube-vaska\/","robots":"max-image-preview:large","keywords":"","webmasterTools":{"miscellaneous":""},"schema":{"@context":"https:\/\/schema.org","@graph":[{"@type":"BreadcrumbList","@id":"https:\/\/droix.eu\/sv\/product\/anbernic-rg-cube-vaska\/#breadcrumblist","itemListElement":[{"@type":"ListItem","@id":"https:\/\/droix.eu\/sv\/#listItem","position":1,"name":"Home","item":"https:\/\/droix.eu\/sv\/","nextItem":{"@type":"ListItem","@id":"https:\/\/droix.eu\/sv\/product-category\/tillbehor\/#listItem","name":"Tillbeh\u00f6r"}},{"@type":"ListItem","@id":"https:\/\/droix.eu\/sv\/product-category\/tillbehor\/#listItem","position":2,"name":"Tillbeh\u00f6r","item":"https:\/\/droix.eu\/sv\/product-category\/tillbehor\/","nextItem":{"@type":"ListItem","@id":"https:\/\/droix.eu\/sv\/product-category\/tillbehor\/tillbehor-for-spel\/#listItem","name":"Tillbeh\u00f6r f\u00f6r spel"},"previousItem":{"@type":"ListItem","@id":"https:\/\/droix.eu\/sv\/#listItem","name":"Home"}},{"@type":"ListItem","@id":"https:\/\/droix.eu\/sv\/product-category\/tillbehor\/tillbehor-for-spel\/#listItem","position":3,"name":"Tillbeh\u00f6r f\u00f6r spel","item":"https:\/\/droix.eu\/sv\/product-category\/tillbehor\/tillbehor-for-spel\/","nextItem":{"@type":"ListItem","@id":"https:\/\/droix.eu\/sv\/product\/anbernic-rg-cube-vaska\/#listItem","name":"ANBERNIC RG Cube v\u00e4ska"},"previousItem":{"@type":"ListItem","@id":"https:\/\/droix.eu\/sv\/product-category\/tillbehor\/#listItem","name":"Tillbeh\u00f6r"}},{"@type":"ListItem","@id":"https:\/\/droix.eu\/sv\/product\/anbernic-rg-cube-vaska\/#listItem","position":4,"name":"ANBERNIC RG Cube v\u00e4ska","previousItem":{"@type":"ListItem","@id":"https:\/\/droix.eu\/sv\/product-category\/tillbehor\/tillbehor-for-spel\/#listItem","name":"Tillbeh\u00f6r f\u00f6r spel"}}]},{"@type":"Organization","@id":"https:\/\/droix.eu\/sv\/#organization","name":"DroiX \u2013 Trusted EU Tech Retailer with 12+ Years Experience","description":"DroiX is a leading European technology retailer with over 12 years of experience, offering quality mini PCs, handheld gaming consoles, and tech accessories. We provide hassle-free EU delivery with all taxes included, ensuring a smooth and reliable shopping experience for our customers across Europe.","url":"https:\/\/droix.eu\/sv\/","logo":{"@type":"ImageObject","url":"https:\/\/droix.eu\/wp-content\/uploads\/2024\/06\/droix-v2-light-logo.png","@id":"https:\/\/droix.eu\/sv\/product\/anbernic-rg-cube-vaska\/#organizationLogo","width":380,"height":118},"image":{"@id":"https:\/\/droix.eu\/sv\/product\/anbernic-rg-cube-vaska\/#organizationLogo"},"sameAs":["https:\/\/www.facebook.com\/DroiX.Store","https:\/\/twitter.com\/DroiX_Store","https:\/\/www.instagram.com\/droix.store\/","https:\/\/www.tiktok.com\/@droix.store","https:\/\/www.youtube.com\/c\/DroiX_Store","https:\/\/uk.linkedin.com\/company\/droix"]},{"@type":"Product","@id":"https:\/\/droix.eu\/sv\/product\/anbernic-rg-cube-vaska\/#wooCommerceProduct","name":"ANBERNIC RG Cube v\u00e4ska","description":"Officiell ANBERNIC-tillbeh\u00f6r\n\u00d6verl\u00e4gset skydd Tillverkad av premiuml\u00e4der\nMjukt tygfoder f\u00f6r extra skydd.","url":"https:\/\/droix.eu\/sv\/product\/anbernic-rg-cube-vaska\/","sku":"RG-CUBE-BAG","gtin":"5060763679351","image":{"@type":"ImageObject","url":"https:\/\/droix.eu\/wp-content\/uploads\/2024\/07\/CUBE-CASE.png","@id":"https:\/\/droix.eu\/sv\/product\/anbernic-rg-cube-vaska\/#productImage","width":1001,"height":1001,"caption":"Anbernic Cube-fodral i svart, med en kompakt och elegant design och en slitstark, texturerad utsida f\u00f6r b\u00e4ttre grepp. V\u00e4skan inneh\u00e5ller specialanpassade skuminsatser f\u00f6r att s\u00e4kert h\u00e5lla Anbernic-spelkonsolen och tillbeh\u00f6ren, vilket ger skydd under resan."},"offers":{"@type":"Offer","url":"https:\/\/droix.eu\/sv\/product\/anbernic-rg-cube-vaska\/#wooCommerceOffer","price":6.09,"priceCurrency":"EUR","category":"Tillbeh\u00f6r","availability":"https:\/\/schema.org\/OutOfStock","priceSpecification":{"@type":"PriceSpecification","price":6.09,"priceCurrency":"EUR","valueAddedTaxIncluded":"true"},"seller":{"@type":"Organization","@id":"https:\/\/droix.eu\/sv\/#organization"}}},{"@type":"WebPage","@id":"https:\/\/droix.eu\/sv\/product\/anbernic-rg-cube-vaska\/#webpage","url":"https:\/\/droix.eu\/sv\/product\/anbernic-rg-cube-vaska\/","name":"ANBERNIC RG Cube v\u00e4ska - DROIX EU","description":"Officiell ANBERNIC-tillbeh\u00f6r \u00d6verl\u00e4gset skydd Tillverkad av premiuml\u00e4der Mjukt tygfoder f\u00f6r extra skydd. Paketet inneh\u00e5ller 1x Fodral","inLanguage":"sv-SE","isPartOf":{"@id":"https:\/\/droix.eu\/sv\/#website"},"breadcrumb":{"@id":"https:\/\/droix.eu\/sv\/product\/anbernic-rg-cube-vaska\/#breadcrumblist"},"image":{"@type":"ImageObject","url":"https:\/\/droix.eu\/wp-content\/uploads\/2024\/07\/CUBE-CASE.png","@id":"https:\/\/droix.eu\/sv\/product\/anbernic-rg-cube-vaska\/#mainImage","width":1001,"height":1001,"caption":"Anbernic Cube-fodral i svart, med en kompakt och elegant design och en slitstark, texturerad utsida f\u00f6r b\u00e4ttre grepp. V\u00e4skan inneh\u00e5ller specialanpassade skuminsatser f\u00f6r att s\u00e4kert h\u00e5lla Anbernic-spelkonsolen och tillbeh\u00f6ren, vilket ger skydd under resan."},"primaryImageOfPage":{"@id":"https:\/\/droix.eu\/sv\/product\/anbernic-rg-cube-vaska\/#mainImage"},"datePublished":"2024-07-16T11:40:59+01:00","dateModified":"2026-03-27T12:33:59+00:00"},{"@type":"WebSite","@id":"https:\/\/droix.eu\/sv\/#website","url":"https:\/\/droix.eu\/sv\/","name":"DROIX EU","description":"Get the latest Mini PCs, Ultrabook, PC Gaming Handhelds and more!","inLanguage":"sv-SE","publisher":{"@id":"https:\/\/droix.eu\/sv\/#organization"}}]},"og:locale":"sv_SE","og:site_name":"DROIX EU - Get the latest Mini PCs, Ultrabook, PC Gaming Handhelds and more!","og:type":"article","og:title":"ANBERNIC RG Cube v\u00e4ska - DROIX EU","og:description":"Officiell ANBERNIC-tillbeh\u00f6r \u00d6verl\u00e4gset skydd Tillverkad av premiuml\u00e4der Mjukt tygfoder f\u00f6r extra skydd. Paketet inneh\u00e5ller 1x Fodral","og:url":"https:\/\/droix.eu\/sv\/product\/anbernic-rg-cube-vaska\/","og:image":"https:\/\/droix.eu\/wp-content\/uploads\/2024\/06\/droix-v2-light-logo.png","og:image:secure_url":"https:\/\/droix.eu\/wp-content\/uploads\/2024\/06\/droix-v2-light-logo.png","og:image:width":380,"og:image:height":118,"article:published_time":"2024-07-16T10:40:59+00:00","article:modified_time":"2026-03-27T12:33:59+00:00","article:publisher":"https:\/\/www.facebook.com\/DroiX.Store","twitter:card":"summary_large_image","twitter:site":"@DroiX_Store","twitter:title":"ANBERNIC RG Cube v\u00e4ska - DROIX EU","twitter:description":"Officiell ANBERNIC-tillbeh\u00f6r \u00d6verl\u00e4gset skydd Tillverkad av premiuml\u00e4der Mjukt tygfoder f\u00f6r extra skydd. Paketet inneh\u00e5ller 1x Fodral","twitter:image":"https:\/\/droix.eu\/wp-content\/uploads\/2024\/06\/droix-v2-light-logo.png"},"aioseo_meta_data":{"post_id":"531505","title":null,"description":null,"keywords":null,"keyphrases":null,"primary_term":null,"canonical_url":null,"og_title":null,"og_description":null,"og_object_type":"default","og_image_type":"default","og_image_url":null,"og_image_width":null,"og_image_height":null,"og_image_custom_url":null,"og_image_custom_fields":null,"og_video":null,"og_custom_url":null,"og_article_section":null,"og_article_tags":null,"twitter_use_og":true,"twitter_card":"default","twitter_image_type":"default","twitter_image_url":null,"twitter_image_custom_url":null,"twitter_image_custom_fields":null,"twitter_title":null,"twitter_description":null,"schema":{"blockGraphs":[],"customGraphs":[],"default":{"data":{"Article":[],"Course":[],"Dataset":[],"FAQPage":[],"Movie":[],"Person":[],"Product":[],"ProductReview":[],"Car":[],"Recipe":[],"Service":[],"SoftwareApplication":[],"WebPage":[]},"graphName":"Product","isEnabled":true},"graphs":[]},"schema_type":"default","schema_type_options":null,"pillar_content":false,"robots_default":true,"robots_noindex":false,"robots_noarchive":false,"robots_nosnippet":false,"robots_nofollow":false,"robots_noimageindex":false,"robots_noodp":false,"robots_notranslate":false,"robots_max_snippet":null,"robots_max_videopreview":null,"robots_max_imagepreview":"large","priority":null,"frequency":null,"local_seo":null,"seo_analyzer_scan_date":"2026-03-27 13:01:02","breadcrumb_settings":null,"limit_modified_date":false,"reviewed_by":null,"open_ai":null,"ai":null,"created":"2025-10-09 05:50:18","updated":"2026-03-27 15:04:41"},"aioseo_breadcrumb":"<div class=\"aioseo-breadcrumbs\"><span class=\"aioseo-breadcrumb\">\n\t<a href=\"https:\/\/droix.eu\/sv\/\" title=\"Home\">Home<\/a>\n<\/span><span class=\"aioseo-breadcrumb-separator\">&raquo;<\/span><span class=\"aioseo-breadcrumb\">\n\t<a href=\"https:\/\/droix.eu\/sv\/product-category\/tillbehor\/\" title=\"Tillbeh\u00f6r\">Tillbeh\u00f6r<\/a>\n<\/span><span class=\"aioseo-breadcrumb-separator\">&raquo;<\/span><span class=\"aioseo-breadcrumb\">\n\t<a href=\"https:\/\/droix.eu\/sv\/product-category\/tillbehor\/tillbehor-for-spel\/\" title=\"Tillbeh\u00f6r f\u00f6r spel\">Tillbeh\u00f6r f\u00f6r spel<\/a>\n<\/span><span class=\"aioseo-breadcrumb-separator\">&raquo;<\/span><span class=\"aioseo-breadcrumb\">\n\tANBERNIC RG Cube v\u00e4ska\n<\/span><\/div>","aioseo_breadcrumb_json":[{"label":"Home","link":"https:\/\/droix.eu\/sv\/"},{"label":"Tillbeh\u00f6r","link":"https:\/\/droix.eu\/sv\/product-category\/tillbehor\/"},{"label":"Tillbeh\u00f6r f\u00f6r spel","link":"https:\/\/droix.eu\/sv\/product-category\/tillbehor\/tillbehor-for-spel\/"},{"label":"ANBERNIC RG Cube v\u00e4ska","link":"https:\/\/droix.eu\/sv\/product\/anbernic-rg-cube-vaska\/"}],"_links":{"self":[{"href":"https:\/\/droix.eu\/sv\/wp-json\/wp\/v2\/product\/531505","targetHints":{"allow":["GET"]}}],"collection":[{"href":"https:\/\/droix.eu\/sv\/wp-json\/wp\/v2\/product"}],"about":[{"href":"https:\/\/droix.eu\/sv\/wp-json\/wp\/v2\/types\/product"}],"version-history":[{"count":0,"href":"https:\/\/droix.eu\/sv\/wp-json\/wp\/v2\/product\/531505\/revisions"}],"wp:featuredmedia":[{"embeddable":true,"href":"https:\/\/droix.eu\/sv\/wp-json\/wp\/v2\/media\/486301"}],"wp:attachment":[{"href":"https:\/\/droix.eu\/sv\/wp-json\/wp\/v2\/media?parent=531505"}],"wp:term":[{"taxonomy":"product_brand","embeddable":true,"href":"https:\/\/droix.eu\/sv\/wp-json\/wp\/v2\/product_brand?post=531505"},{"taxonomy":"product_cat","embeddable":true,"href":"https:\/\/droix.eu\/sv\/wp-json\/wp\/v2\/product_cat?post=531505"},{"taxonomy":"product_tag","embeddable":true,"href":"https:\/\/droix.eu\/sv\/wp-json\/wp\/v2\/product_tag?post=531505"},{"taxonomy":"woo-feed-brand","embeddable":true,"href":"https:\/\/droix.eu\/sv\/wp-json\/wp\/v2\/woo-feed-brand?post=531505"},{"taxonomy":"key-features","embeddable":true,"href":"https:\/\/droix.eu\/sv\/wp-json\/wp\/v2\/key-features?post=531505"}],"curies":[{"name":"wp","href":"https:\/\/api.w.org\/{rel}","templated":true}]}}