{"id":523501,"date":"2022-11-08T16:39:00","date_gmt":"2022-11-08T16:39:00","guid":{"rendered":"https:\/\/droix.eu\/product\/gpd-win-max-2-2024-4g-lte-tillagg\/"},"modified":"2025-12-15T00:04:27","modified_gmt":"2025-12-15T00:04:27","slug":"gpd-win-max-2-2024-4g-lte-tillagg","status":"publish","type":"product","link":"https:\/\/droix.eu\/sv\/product\/gpd-win-max-2-2024-4g-lte-tillagg\/","title":{"rendered":"GPD WIN MAX 2 \/ 2024 4G LTE-till\u00e4gg"},"content":{"rendered":"&#13;\n<p>Vi presenterar det senaste 4G LTE-modultill\u00e4gget f\u00f6r <a href=\"https:\/\/droix.eu\/sv\/product\/gpd-win-max-2\/\">GPD WIN MAX 2<\/a> \/ <a href=\"https:\/\/droix.eu\/sv\/product\/gpd-win-max-2-2024\/\">GPD WIN MAX 2 2024<\/a>. Detta revolutionerande till\u00e4gg g\u00f6r det m\u00f6jligt f\u00f6r spelentusiaster att njuta av oavbrutna spelsessioner var som helst, n\u00e4r som helst, tack vare dess s\u00f6ml\u00f6sa 4G-anslutning och operat\u00f6rsst\u00f6d. <\/p>&#13;\n&#13;\n<p>Denna 4G LTE-modul, som har utvecklats f\u00f6r att m\u00f6ta anv\u00e4ndarnas krav och utformats f\u00f6r att \u00f6vervinna tekniska begr\u00e4nsningar, st\u00f6der 4G TD-LTE, FDD-LTE och 3G CDMA-n\u00e4tverk och ger prestanda som kan j\u00e4mf\u00f6ras med vanliga b\u00e4rbara datorer. Dess integrering i WIN Max 2 2024-serien \u00f6ppnar upp en v\u00e4rld av komplexa spelscenarier som tidigare varit otillg\u00e4ngliga p\u00e5 b\u00e4rbara enheter. <\/p>&#13;\n","protected":false},"excerpt":{"rendered":"<ul>\n<li><strong>S\u00f6ml\u00f6s 4G-anslutning:<\/strong> Spela var som helst, n\u00e4r som helst.<\/li>\n<li><strong>Avancerat st\u00f6d f\u00f6r n\u00e4tverk:<\/strong> 4G TD-LTE, FDD-LTE, 3G CDMA.<\/li>\n<li><strong>Officiell:<\/strong> Designad av GPD f\u00f6r Win Max 2 &amp; Win Max 2 2024<\/li>\n<li><strong>Modell:<\/strong> Quectel EG25-G<\/li>\n<\/ul>\n<pre>\n<b>IMPORTANT<\/b>\nINSTALATION REQUIRES OPENING DEVICE\nCOMPONENTS ARE SMALL &amp; DELICATE\nWE ARE NOT RESPONSIBLE FOR ANY CUSTOMER DAMAGE<\/pre>\n[droix_global_accordions]\n[cg_accordion title=\"Paketet inneh\u00e5ller\"]<\/p>\n<ul>\n<li>1x GPD WIN MAX 2 4G LTE-modul<\/li>\n<li>3x skruvar<\/li>\n<li>2x Antenner<\/li>\n<li>1x kabel<\/li>\n<\/ul>\n<p>[\/cg_accordion]\n","protected":false},"featured_media":439062,"template":"","meta":{"_acf_changed":false},"product_brand":[],"product_cat":[13323,13324,13368],"product_tag":[],"woo-feed-brand":[],"key-features":[],"class_list":{"0":"post-523501","1":"product","2":"type-product","3":"status-publish","4":"has-post-thumbnail","6":"product_cat-tillbehor","7":"product_cat-tillbehor-for-spel","8":"product_cat-tillbehor-till-barbara-datorer","9":"product_shipping_class-low-end","10":"pa_accessory-type-add-ons","11":"pa_brands-gpd-sv","12":"pa_compatibility-gpd-win-max-2-sv","14":"first","15":"outofstock","16":"sale","17":"taxable","18":"shipping-taxable","19":"purchasable","20":"product-type-simple"},"acf":[],"aioseo_notices":[],"aioseo_head":"\n\t\t<!-- All in One SEO Pro 4.9.6.2 - aioseo.com -->\n\t<meta name=\"description\" content=\"S\u00f6ml\u00f6s 4G-anslutning: Spela var som helst, n\u00e4r som helst. Avancerat st\u00f6d f\u00f6r n\u00e4tverk: 4G TD-LTE, FDD-LTE, 3G CDMA. Officiell: Designad av GPD f\u00f6r Win Max 2 &amp; Win Max 2 2024 Modell: Quectel EG25-G IMPORTANT INSTALATION REQUIRES OPENING DEVICE COMPONENTS ARE SMALL &amp; DELICATE WE ARE NOT RESPONSIBLE FOR ANY CUSTOMER DAMAGE Paketet inneh\u00e5ller 1x GPD WIN MAX 2 4G LTE-modul 3x skruvar 2x Antenner 1x kabel\" \/>\n\t<meta name=\"robots\" content=\"max-image-preview:large\" \/>\n\t<link rel=\"canonical\" href=\"https:\/\/droix.eu\/sv\/product\/gpd-win-max-2-2024-4g-lte-tillagg\/\" \/>\n\t<meta name=\"generator\" content=\"All in One SEO Pro (AIOSEO) 4.9.6.2\" \/>\n\t\t<meta property=\"og:locale\" content=\"sv_SE\" \/>\n\t\t<meta property=\"og:site_name\" content=\"DROIX EU - Get the latest Mini PCs, Ultrabook, PC Gaming Handhelds and more!\" \/>\n\t\t<meta property=\"og:type\" content=\"article\" \/>\n\t\t<meta property=\"og:title\" content=\"GPD WIN MAX 2 \/ 2024 4G LTE-till\u00e4gg - DROIX EU\" \/>\n\t\t<meta property=\"og:description\" content=\"S\u00f6ml\u00f6s 4G-anslutning: Spela var som helst, n\u00e4r som helst. Avancerat st\u00f6d f\u00f6r n\u00e4tverk: 4G TD-LTE, FDD-LTE, 3G CDMA. Officiell: Designad av GPD f\u00f6r Win Max 2 &amp; Win Max 2 2024 Modell: Quectel EG25-G IMPORTANT INSTALATION REQUIRES OPENING DEVICE COMPONENTS ARE SMALL &amp; DELICATE WE ARE NOT RESPONSIBLE FOR ANY CUSTOMER DAMAGE Paketet inneh\u00e5ller 1x GPD WIN MAX 2 4G LTE-modul 3x skruvar 2x Antenner 1x kabel\" \/>\n\t\t<meta property=\"og:url\" content=\"https:\/\/droix.eu\/sv\/product\/gpd-win-max-2-2024-4g-lte-tillagg\/\" \/>\n\t\t<meta property=\"og:image\" content=\"https:\/\/droix.eu\/wp-content\/uploads\/2024\/06\/droix-v2-light-logo.png\" \/>\n\t\t<meta property=\"og:image:secure_url\" content=\"https:\/\/droix.eu\/wp-content\/uploads\/2024\/06\/droix-v2-light-logo.png\" \/>\n\t\t<meta property=\"og:image:width\" content=\"380\" \/>\n\t\t<meta property=\"og:image:height\" content=\"118\" \/>\n\t\t<meta property=\"article:published_time\" content=\"2022-11-08T16:39:00+00:00\" \/>\n\t\t<meta property=\"article:modified_time\" content=\"2025-12-15T00:04:27+00:00\" \/>\n\t\t<meta property=\"article:publisher\" content=\"https:\/\/www.facebook.com\/DroiX.Store\" \/>\n\t\t<meta name=\"twitter:card\" content=\"summary_large_image\" \/>\n\t\t<meta name=\"twitter:site\" content=\"@DroiX_Store\" \/>\n\t\t<meta name=\"twitter:title\" content=\"GPD WIN MAX 2 \/ 2024 4G LTE-till\u00e4gg - DROIX EU\" \/>\n\t\t<meta name=\"twitter:description\" content=\"S\u00f6ml\u00f6s 4G-anslutning: Spela var som helst, n\u00e4r som helst. Avancerat st\u00f6d f\u00f6r n\u00e4tverk: 4G TD-LTE, FDD-LTE, 3G CDMA. Officiell: Designad av GPD f\u00f6r Win Max 2 &amp; Win Max 2 2024 Modell: Quectel EG25-G IMPORTANT INSTALATION REQUIRES OPENING DEVICE COMPONENTS ARE SMALL &amp; DELICATE WE ARE NOT RESPONSIBLE FOR ANY CUSTOMER DAMAGE Paketet inneh\u00e5ller 1x GPD WIN MAX 2 4G LTE-modul 3x skruvar 2x Antenner 1x kabel\" \/>\n\t\t<meta name=\"twitter:image\" content=\"https:\/\/droix.eu\/wp-content\/uploads\/2024\/06\/droix-v2-light-logo.png\" \/>\n\t\t<script type=\"application\/ld+json\" class=\"aioseo-schema\">\n\t\t\t{\"@context\":\"https:\\\/\\\/schema.org\",\"@graph\":[{\"@type\":\"BreadcrumbList\",\"@id\":\"https:\\\/\\\/droix.eu\\\/sv\\\/product\\\/gpd-win-max-2-2024-4g-lte-tillagg\\\/#breadcrumblist\",\"itemListElement\":[{\"@type\":\"ListItem\",\"@id\":\"https:\\\/\\\/droix.eu\\\/sv\\\/#listItem\",\"position\":1,\"name\":\"Home\",\"item\":\"https:\\\/\\\/droix.eu\\\/sv\\\/\",\"nextItem\":{\"@type\":\"ListItem\",\"@id\":\"https:\\\/\\\/droix.eu\\\/sv\\\/product-category\\\/tillbehor\\\/#listItem\",\"name\":\"Tillbeh\\u00f6r\"}},{\"@type\":\"ListItem\",\"@id\":\"https:\\\/\\\/droix.eu\\\/sv\\\/product-category\\\/tillbehor\\\/#listItem\",\"position\":2,\"name\":\"Tillbeh\\u00f6r\",\"item\":\"https:\\\/\\\/droix.eu\\\/sv\\\/product-category\\\/tillbehor\\\/\",\"nextItem\":{\"@type\":\"ListItem\",\"@id\":\"https:\\\/\\\/droix.eu\\\/sv\\\/product-category\\\/tillbehor\\\/tillbehor-for-spel\\\/#listItem\",\"name\":\"Tillbeh\\u00f6r f\\u00f6r spel\"},\"previousItem\":{\"@type\":\"ListItem\",\"@id\":\"https:\\\/\\\/droix.eu\\\/sv\\\/#listItem\",\"name\":\"Home\"}},{\"@type\":\"ListItem\",\"@id\":\"https:\\\/\\\/droix.eu\\\/sv\\\/product-category\\\/tillbehor\\\/tillbehor-for-spel\\\/#listItem\",\"position\":3,\"name\":\"Tillbeh\\u00f6r f\\u00f6r spel\",\"item\":\"https:\\\/\\\/droix.eu\\\/sv\\\/product-category\\\/tillbehor\\\/tillbehor-for-spel\\\/\",\"nextItem\":{\"@type\":\"ListItem\",\"@id\":\"https:\\\/\\\/droix.eu\\\/sv\\\/product\\\/gpd-win-max-2-2024-4g-lte-tillagg\\\/#listItem\",\"name\":\"GPD WIN MAX 2 \\\/ 2024 4G LTE-till\\u00e4gg\"},\"previousItem\":{\"@type\":\"ListItem\",\"@id\":\"https:\\\/\\\/droix.eu\\\/sv\\\/product-category\\\/tillbehor\\\/#listItem\",\"name\":\"Tillbeh\\u00f6r\"}},{\"@type\":\"ListItem\",\"@id\":\"https:\\\/\\\/droix.eu\\\/sv\\\/product\\\/gpd-win-max-2-2024-4g-lte-tillagg\\\/#listItem\",\"position\":4,\"name\":\"GPD WIN MAX 2 \\\/ 2024 4G LTE-till\\u00e4gg\",\"previousItem\":{\"@type\":\"ListItem\",\"@id\":\"https:\\\/\\\/droix.eu\\\/sv\\\/product-category\\\/tillbehor\\\/tillbehor-for-spel\\\/#listItem\",\"name\":\"Tillbeh\\u00f6r f\\u00f6r spel\"}}]},{\"@type\":\"Organization\",\"@id\":\"https:\\\/\\\/droix.eu\\\/sv\\\/#organization\",\"name\":\"DroiX \\u2013 Trusted EU Tech Retailer with 12+ Years Experience\",\"description\":\"DroiX is a leading European technology retailer with over 12 years of experience, offering quality mini PCs, handheld gaming consoles, and tech accessories. We provide hassle-free EU delivery with all taxes included, ensuring a smooth and reliable shopping experience for our customers across Europe.\",\"url\":\"https:\\\/\\\/droix.eu\\\/sv\\\/\",\"logo\":{\"@type\":\"ImageObject\",\"url\":\"https:\\\/\\\/droix.eu\\\/wp-content\\\/uploads\\\/2024\\\/06\\\/droix-v2-light-logo.png\",\"@id\":\"https:\\\/\\\/droix.eu\\\/sv\\\/product\\\/gpd-win-max-2-2024-4g-lte-tillagg\\\/#organizationLogo\",\"width\":380,\"height\":118},\"image\":{\"@id\":\"https:\\\/\\\/droix.eu\\\/sv\\\/product\\\/gpd-win-max-2-2024-4g-lte-tillagg\\\/#organizationLogo\"},\"sameAs\":[\"https:\\\/\\\/www.facebook.com\\\/DroiX.Store\",\"https:\\\/\\\/twitter.com\\\/DroiX_Store\",\"https:\\\/\\\/www.instagram.com\\\/droix.store\\\/\",\"https:\\\/\\\/www.tiktok.com\\\/@droix.store\",\"https:\\\/\\\/www.youtube.com\\\/c\\\/DroiX_Store\",\"https:\\\/\\\/uk.linkedin.com\\\/company\\\/droix\"]},{\"@type\":\"Product\",\"@id\":\"https:\\\/\\\/droix.eu\\\/sv\\\/product\\\/gpd-win-max-2-2024-4g-lte-tillagg\\\/#wooCommerceProduct\",\"name\":\"GPD WIN MAX 2 \\\/ 2024 4G LTE-till\\u00e4gg\",\"description\":\"S\\u00f6ml\\u00f6s 4G-anslutning: Spela var som helst, n\\u00e4r som helst.\\n \\tAvancerat st\\u00f6d f\\u00f6r n\\u00e4tverk: 4G TD-LTE, FDD-LTE, 3G CDMA.\\n \\tOfficiell: Designad av GPD f\\u00f6r Win Max 2 &amp; Win Max 2 2024\\n \\tModell: Quectel EG25-G\\n\\n\\n\\nIMPORTANT\\nINSTALATION REQUIRES OPENING DEVICE\\nCOMPONENTS ARE SMALL &amp; DELICATE\\nWE ARE NOT RESPONSIBLE FOR ANY CUSTOMER DAMAGE\",\"url\":\"https:\\\/\\\/droix.eu\\\/sv\\\/product\\\/gpd-win-max-2-2024-4g-lte-tillagg\\\/\",\"sku\":\"GPD-WIN_MAX_2-4G_LTE_Module\",\"gtin\":\"5060763673656\",\"image\":{\"@type\":\"ImageObject\",\"url\":\"https:\\\/\\\/droix.eu\\\/wp-content\\\/uploads\\\/2022\\\/11\\\/GPD-WIN-MAX-2-LTE-1.png\",\"@id\":\"https:\\\/\\\/droix.eu\\\/sv\\\/product\\\/gpd-win-max-2-2024-4g-lte-tillagg\\\/#productImage\",\"width\":622,\"height\":622,\"caption\":\"GPD WIN MAX 2 4G LTE-till\\u00e4gg\"},\"offers\":{\"@type\":\"Offer\",\"url\":\"https:\\\/\\\/droix.eu\\\/sv\\\/product\\\/gpd-win-max-2-2024-4g-lte-tillagg\\\/#wooCommerceOffer\",\"price\":97.11,\"priceCurrency\":\"EUR\",\"category\":\"Tillbeh\\u00f6r\",\"availability\":\"https:\\\/\\\/schema.org\\\/OutOfStock\",\"priceSpecification\":{\"@type\":\"PriceSpecification\",\"price\":97.11,\"priceCurrency\":\"EUR\",\"valueAddedTaxIncluded\":\"true\"},\"seller\":{\"@type\":\"Organization\",\"@id\":\"https:\\\/\\\/droix.eu\\\/sv\\\/#organization\"}}},{\"@type\":\"WebPage\",\"@id\":\"https:\\\/\\\/droix.eu\\\/sv\\\/product\\\/gpd-win-max-2-2024-4g-lte-tillagg\\\/#webpage\",\"url\":\"https:\\\/\\\/droix.eu\\\/sv\\\/product\\\/gpd-win-max-2-2024-4g-lte-tillagg\\\/\",\"name\":\"GPD WIN MAX 2 \\\/ 2024 4G LTE-till\\u00e4gg - DROIX EU\",\"description\":\"S\\u00f6ml\\u00f6s 4G-anslutning: Spela var som helst, n\\u00e4r som helst. Avancerat st\\u00f6d f\\u00f6r n\\u00e4tverk: 4G TD-LTE, FDD-LTE, 3G CDMA. Officiell: Designad av GPD f\\u00f6r Win Max 2 & Win Max 2 2024 Modell: Quectel EG25-G IMPORTANT INSTALATION REQUIRES OPENING DEVICE COMPONENTS ARE SMALL & DELICATE WE ARE NOT RESPONSIBLE FOR ANY CUSTOMER DAMAGE Paketet inneh\\u00e5ller 1x GPD WIN MAX 2 4G LTE-modul 3x skruvar 2x Antenner 1x kabel\",\"inLanguage\":\"sv-SE\",\"isPartOf\":{\"@id\":\"https:\\\/\\\/droix.eu\\\/sv\\\/#website\"},\"breadcrumb\":{\"@id\":\"https:\\\/\\\/droix.eu\\\/sv\\\/product\\\/gpd-win-max-2-2024-4g-lte-tillagg\\\/#breadcrumblist\"},\"image\":{\"@type\":\"ImageObject\",\"url\":\"https:\\\/\\\/droix.eu\\\/wp-content\\\/uploads\\\/2022\\\/11\\\/GPD-WIN-MAX-2-LTE-1.png\",\"@id\":\"https:\\\/\\\/droix.eu\\\/sv\\\/product\\\/gpd-win-max-2-2024-4g-lte-tillagg\\\/#mainImage\",\"width\":622,\"height\":622,\"caption\":\"GPD WIN MAX 2 4G LTE-till\\u00e4gg\"},\"primaryImageOfPage\":{\"@id\":\"https:\\\/\\\/droix.eu\\\/sv\\\/product\\\/gpd-win-max-2-2024-4g-lte-tillagg\\\/#mainImage\"},\"datePublished\":\"2022-11-08T16:39:00+00:00\",\"dateModified\":\"2025-12-15T00:04:27+00:00\"},{\"@type\":\"WebSite\",\"@id\":\"https:\\\/\\\/droix.eu\\\/sv\\\/#website\",\"url\":\"https:\\\/\\\/droix.eu\\\/sv\\\/\",\"name\":\"DROIX EU\",\"description\":\"Get the latest Mini PCs, Ultrabook, PC Gaming Handhelds and more!\",\"inLanguage\":\"sv-SE\",\"publisher\":{\"@id\":\"https:\\\/\\\/droix.eu\\\/sv\\\/#organization\"}}]}\n\t\t<\/script>\n\t\t<!-- All in One SEO Pro -->\r\n\t\t<title>GPD WIN MAX 2 \/ 2024 4G LTE-till\u00e4gg - DROIX EU<\/title>\n\n","aioseo_head_json":{"title":"GPD WIN MAX 2 \/ 2024 4G LTE-till\u00e4gg - DROIX EU","description":"S\u00f6ml\u00f6s 4G-anslutning: Spela var som helst, n\u00e4r som helst. Avancerat st\u00f6d f\u00f6r n\u00e4tverk: 4G TD-LTE, FDD-LTE, 3G CDMA. Officiell: Designad av GPD f\u00f6r Win Max 2 & Win Max 2 2024 Modell: Quectel EG25-G IMPORTANT INSTALATION REQUIRES OPENING DEVICE COMPONENTS ARE SMALL & DELICATE WE ARE NOT RESPONSIBLE FOR ANY CUSTOMER DAMAGE Paketet inneh\u00e5ller 1x GPD WIN MAX 2 4G LTE-modul 3x skruvar 2x Antenner 1x kabel","canonical_url":"https:\/\/droix.eu\/sv\/product\/gpd-win-max-2-2024-4g-lte-tillagg\/","robots":"max-image-preview:large","keywords":"","webmasterTools":{"miscellaneous":""},"schema":{"@context":"https:\/\/schema.org","@graph":[{"@type":"BreadcrumbList","@id":"https:\/\/droix.eu\/sv\/product\/gpd-win-max-2-2024-4g-lte-tillagg\/#breadcrumblist","itemListElement":[{"@type":"ListItem","@id":"https:\/\/droix.eu\/sv\/#listItem","position":1,"name":"Home","item":"https:\/\/droix.eu\/sv\/","nextItem":{"@type":"ListItem","@id":"https:\/\/droix.eu\/sv\/product-category\/tillbehor\/#listItem","name":"Tillbeh\u00f6r"}},{"@type":"ListItem","@id":"https:\/\/droix.eu\/sv\/product-category\/tillbehor\/#listItem","position":2,"name":"Tillbeh\u00f6r","item":"https:\/\/droix.eu\/sv\/product-category\/tillbehor\/","nextItem":{"@type":"ListItem","@id":"https:\/\/droix.eu\/sv\/product-category\/tillbehor\/tillbehor-for-spel\/#listItem","name":"Tillbeh\u00f6r f\u00f6r spel"},"previousItem":{"@type":"ListItem","@id":"https:\/\/droix.eu\/sv\/#listItem","name":"Home"}},{"@type":"ListItem","@id":"https:\/\/droix.eu\/sv\/product-category\/tillbehor\/tillbehor-for-spel\/#listItem","position":3,"name":"Tillbeh\u00f6r f\u00f6r spel","item":"https:\/\/droix.eu\/sv\/product-category\/tillbehor\/tillbehor-for-spel\/","nextItem":{"@type":"ListItem","@id":"https:\/\/droix.eu\/sv\/product\/gpd-win-max-2-2024-4g-lte-tillagg\/#listItem","name":"GPD WIN MAX 2 \/ 2024 4G LTE-till\u00e4gg"},"previousItem":{"@type":"ListItem","@id":"https:\/\/droix.eu\/sv\/product-category\/tillbehor\/#listItem","name":"Tillbeh\u00f6r"}},{"@type":"ListItem","@id":"https:\/\/droix.eu\/sv\/product\/gpd-win-max-2-2024-4g-lte-tillagg\/#listItem","position":4,"name":"GPD WIN MAX 2 \/ 2024 4G LTE-till\u00e4gg","previousItem":{"@type":"ListItem","@id":"https:\/\/droix.eu\/sv\/product-category\/tillbehor\/tillbehor-for-spel\/#listItem","name":"Tillbeh\u00f6r f\u00f6r spel"}}]},{"@type":"Organization","@id":"https:\/\/droix.eu\/sv\/#organization","name":"DroiX \u2013 Trusted EU Tech Retailer with 12+ Years Experience","description":"DroiX is a leading European technology retailer with over 12 years of experience, offering quality mini PCs, handheld gaming consoles, and tech accessories. We provide hassle-free EU delivery with all taxes included, ensuring a smooth and reliable shopping experience for our customers across Europe.","url":"https:\/\/droix.eu\/sv\/","logo":{"@type":"ImageObject","url":"https:\/\/droix.eu\/wp-content\/uploads\/2024\/06\/droix-v2-light-logo.png","@id":"https:\/\/droix.eu\/sv\/product\/gpd-win-max-2-2024-4g-lte-tillagg\/#organizationLogo","width":380,"height":118},"image":{"@id":"https:\/\/droix.eu\/sv\/product\/gpd-win-max-2-2024-4g-lte-tillagg\/#organizationLogo"},"sameAs":["https:\/\/www.facebook.com\/DroiX.Store","https:\/\/twitter.com\/DroiX_Store","https:\/\/www.instagram.com\/droix.store\/","https:\/\/www.tiktok.com\/@droix.store","https:\/\/www.youtube.com\/c\/DroiX_Store","https:\/\/uk.linkedin.com\/company\/droix"]},{"@type":"Product","@id":"https:\/\/droix.eu\/sv\/product\/gpd-win-max-2-2024-4g-lte-tillagg\/#wooCommerceProduct","name":"GPD WIN MAX 2 \/ 2024 4G LTE-till\u00e4gg","description":"S\u00f6ml\u00f6s 4G-anslutning: Spela var som helst, n\u00e4r som helst.\n \tAvancerat st\u00f6d f\u00f6r n\u00e4tverk: 4G TD-LTE, FDD-LTE, 3G CDMA.\n \tOfficiell: Designad av GPD f\u00f6r Win Max 2 &amp; Win Max 2 2024\n \tModell: Quectel EG25-G\n\n\n\nIMPORTANT\nINSTALATION REQUIRES OPENING DEVICE\nCOMPONENTS ARE SMALL &amp; DELICATE\nWE ARE NOT RESPONSIBLE FOR ANY CUSTOMER DAMAGE","url":"https:\/\/droix.eu\/sv\/product\/gpd-win-max-2-2024-4g-lte-tillagg\/","sku":"GPD-WIN_MAX_2-4G_LTE_Module","gtin":"5060763673656","image":{"@type":"ImageObject","url":"https:\/\/droix.eu\/wp-content\/uploads\/2022\/11\/GPD-WIN-MAX-2-LTE-1.png","@id":"https:\/\/droix.eu\/sv\/product\/gpd-win-max-2-2024-4g-lte-tillagg\/#productImage","width":622,"height":622,"caption":"GPD WIN MAX 2 4G LTE-till\u00e4gg"},"offers":{"@type":"Offer","url":"https:\/\/droix.eu\/sv\/product\/gpd-win-max-2-2024-4g-lte-tillagg\/#wooCommerceOffer","price":97.11,"priceCurrency":"EUR","category":"Tillbeh\u00f6r","availability":"https:\/\/schema.org\/OutOfStock","priceSpecification":{"@type":"PriceSpecification","price":97.11,"priceCurrency":"EUR","valueAddedTaxIncluded":"true"},"seller":{"@type":"Organization","@id":"https:\/\/droix.eu\/sv\/#organization"}}},{"@type":"WebPage","@id":"https:\/\/droix.eu\/sv\/product\/gpd-win-max-2-2024-4g-lte-tillagg\/#webpage","url":"https:\/\/droix.eu\/sv\/product\/gpd-win-max-2-2024-4g-lte-tillagg\/","name":"GPD WIN MAX 2 \/ 2024 4G LTE-till\u00e4gg - DROIX EU","description":"S\u00f6ml\u00f6s 4G-anslutning: Spela var som helst, n\u00e4r som helst. Avancerat st\u00f6d f\u00f6r n\u00e4tverk: 4G TD-LTE, FDD-LTE, 3G CDMA. Officiell: Designad av GPD f\u00f6r Win Max 2 & Win Max 2 2024 Modell: Quectel EG25-G IMPORTANT INSTALATION REQUIRES OPENING DEVICE COMPONENTS ARE SMALL & DELICATE WE ARE NOT RESPONSIBLE FOR ANY CUSTOMER DAMAGE Paketet inneh\u00e5ller 1x GPD WIN MAX 2 4G LTE-modul 3x skruvar 2x Antenner 1x kabel","inLanguage":"sv-SE","isPartOf":{"@id":"https:\/\/droix.eu\/sv\/#website"},"breadcrumb":{"@id":"https:\/\/droix.eu\/sv\/product\/gpd-win-max-2-2024-4g-lte-tillagg\/#breadcrumblist"},"image":{"@type":"ImageObject","url":"https:\/\/droix.eu\/wp-content\/uploads\/2022\/11\/GPD-WIN-MAX-2-LTE-1.png","@id":"https:\/\/droix.eu\/sv\/product\/gpd-win-max-2-2024-4g-lte-tillagg\/#mainImage","width":622,"height":622,"caption":"GPD WIN MAX 2 4G LTE-till\u00e4gg"},"primaryImageOfPage":{"@id":"https:\/\/droix.eu\/sv\/product\/gpd-win-max-2-2024-4g-lte-tillagg\/#mainImage"},"datePublished":"2022-11-08T16:39:00+00:00","dateModified":"2025-12-15T00:04:27+00:00"},{"@type":"WebSite","@id":"https:\/\/droix.eu\/sv\/#website","url":"https:\/\/droix.eu\/sv\/","name":"DROIX EU","description":"Get the latest Mini PCs, Ultrabook, PC Gaming Handhelds and more!","inLanguage":"sv-SE","publisher":{"@id":"https:\/\/droix.eu\/sv\/#organization"}}]},"og:locale":"sv_SE","og:site_name":"DROIX EU - Get the latest Mini PCs, Ultrabook, PC Gaming Handhelds and more!","og:type":"article","og:title":"GPD WIN MAX 2 \/ 2024 4G LTE-till\u00e4gg - DROIX EU","og:description":"S\u00f6ml\u00f6s 4G-anslutning: Spela var som helst, n\u00e4r som helst. Avancerat st\u00f6d f\u00f6r n\u00e4tverk: 4G TD-LTE, FDD-LTE, 3G CDMA. Officiell: Designad av GPD f\u00f6r Win Max 2 &amp; Win Max 2 2024 Modell: Quectel EG25-G IMPORTANT INSTALATION REQUIRES OPENING DEVICE COMPONENTS ARE SMALL &amp; DELICATE WE ARE NOT RESPONSIBLE FOR ANY CUSTOMER DAMAGE Paketet inneh\u00e5ller 1x GPD WIN MAX 2 4G LTE-modul 3x skruvar 2x Antenner 1x kabel","og:url":"https:\/\/droix.eu\/sv\/product\/gpd-win-max-2-2024-4g-lte-tillagg\/","og:image":"https:\/\/droix.eu\/wp-content\/uploads\/2024\/06\/droix-v2-light-logo.png","og:image:secure_url":"https:\/\/droix.eu\/wp-content\/uploads\/2024\/06\/droix-v2-light-logo.png","og:image:width":380,"og:image:height":118,"article:published_time":"2022-11-08T16:39:00+00:00","article:modified_time":"2025-12-15T00:04:27+00:00","article:publisher":"https:\/\/www.facebook.com\/DroiX.Store","twitter:card":"summary_large_image","twitter:site":"@DroiX_Store","twitter:title":"GPD WIN MAX 2 \/ 2024 4G LTE-till\u00e4gg - DROIX EU","twitter:description":"S\u00f6ml\u00f6s 4G-anslutning: Spela var som helst, n\u00e4r som helst. Avancerat st\u00f6d f\u00f6r n\u00e4tverk: 4G TD-LTE, FDD-LTE, 3G CDMA. Officiell: Designad av GPD f\u00f6r Win Max 2 &amp; Win Max 2 2024 Modell: Quectel EG25-G IMPORTANT INSTALATION REQUIRES OPENING DEVICE COMPONENTS ARE SMALL &amp; DELICATE WE ARE NOT RESPONSIBLE FOR ANY CUSTOMER DAMAGE Paketet inneh\u00e5ller 1x GPD WIN MAX 2 4G LTE-modul 3x skruvar 2x Antenner 1x kabel","twitter:image":"https:\/\/droix.eu\/wp-content\/uploads\/2024\/06\/droix-v2-light-logo.png"},"aioseo_meta_data":{"post_id":"523501","title":null,"description":null,"keywords":null,"keyphrases":null,"primary_term":null,"canonical_url":null,"og_title":null,"og_description":null,"og_object_type":"default","og_image_type":"default","og_image_url":null,"og_image_width":null,"og_image_height":null,"og_image_custom_url":null,"og_image_custom_fields":null,"og_video":null,"og_custom_url":null,"og_article_section":null,"og_article_tags":null,"twitter_use_og":true,"twitter_card":"default","twitter_image_type":"default","twitter_image_url":null,"twitter_image_custom_url":null,"twitter_image_custom_fields":null,"twitter_title":null,"twitter_description":null,"schema":{"blockGraphs":[],"customGraphs":[],"default":{"data":{"Article":[],"Course":[],"Dataset":[],"FAQPage":[],"Movie":[],"Person":[],"Product":[],"ProductReview":[],"Car":[],"Recipe":[],"Service":[],"SoftwareApplication":[],"WebPage":[]},"graphName":"","isEnabled":true},"graphs":[]},"schema_type":"default","schema_type_options":null,"pillar_content":false,"robots_default":true,"robots_noindex":false,"robots_noarchive":false,"robots_nosnippet":false,"robots_nofollow":false,"robots_noimageindex":false,"robots_noodp":false,"robots_notranslate":false,"robots_max_snippet":null,"robots_max_videopreview":null,"robots_max_imagepreview":"large","priority":null,"frequency":null,"local_seo":null,"seo_analyzer_scan_date":"2025-10-24 11:43:08","breadcrumb_settings":null,"limit_modified_date":false,"reviewed_by":null,"open_ai":null,"ai":null,"created":"2025-10-09 04:01:02","updated":"2026-01-24 09:04:07"},"aioseo_breadcrumb":"<div class=\"aioseo-breadcrumbs\"><span class=\"aioseo-breadcrumb\">\n\t<a href=\"https:\/\/droix.eu\/sv\/\" title=\"Home\">Home<\/a>\n<\/span><span class=\"aioseo-breadcrumb-separator\">&raquo;<\/span><span class=\"aioseo-breadcrumb\">\n\t<a href=\"https:\/\/droix.eu\/sv\/product-category\/tillbehor\/\" title=\"Tillbeh\u00f6r\">Tillbeh\u00f6r<\/a>\n<\/span><span class=\"aioseo-breadcrumb-separator\">&raquo;<\/span><span class=\"aioseo-breadcrumb\">\n\t<a href=\"https:\/\/droix.eu\/sv\/product-category\/tillbehor\/tillbehor-for-spel\/\" title=\"Tillbeh\u00f6r f\u00f6r spel\">Tillbeh\u00f6r f\u00f6r spel<\/a>\n<\/span><span class=\"aioseo-breadcrumb-separator\">&raquo;<\/span><span class=\"aioseo-breadcrumb\">\n\tGPD WIN MAX 2 \/ 2024 4G LTE-till\u00e4gg\n<\/span><\/div>","aioseo_breadcrumb_json":[{"label":"Home","link":"https:\/\/droix.eu\/sv\/"},{"label":"Tillbeh\u00f6r","link":"https:\/\/droix.eu\/sv\/product-category\/tillbehor\/"},{"label":"Tillbeh\u00f6r f\u00f6r spel","link":"https:\/\/droix.eu\/sv\/product-category\/tillbehor\/tillbehor-for-spel\/"},{"label":"GPD WIN MAX 2 \/ 2024 4G LTE-till\u00e4gg","link":"https:\/\/droix.eu\/sv\/product\/gpd-win-max-2-2024-4g-lte-tillagg\/"}],"_links":{"self":[{"href":"https:\/\/droix.eu\/sv\/wp-json\/wp\/v2\/product\/523501","targetHints":{"allow":["GET"]}}],"collection":[{"href":"https:\/\/droix.eu\/sv\/wp-json\/wp\/v2\/product"}],"about":[{"href":"https:\/\/droix.eu\/sv\/wp-json\/wp\/v2\/types\/product"}],"version-history":[{"count":0,"href":"https:\/\/droix.eu\/sv\/wp-json\/wp\/v2\/product\/523501\/revisions"}],"wp:featuredmedia":[{"embeddable":true,"href":"https:\/\/droix.eu\/sv\/wp-json\/wp\/v2\/media\/439062"}],"wp:attachment":[{"href":"https:\/\/droix.eu\/sv\/wp-json\/wp\/v2\/media?parent=523501"}],"wp:term":[{"taxonomy":"product_brand","embeddable":true,"href":"https:\/\/droix.eu\/sv\/wp-json\/wp\/v2\/product_brand?post=523501"},{"taxonomy":"product_cat","embeddable":true,"href":"https:\/\/droix.eu\/sv\/wp-json\/wp\/v2\/product_cat?post=523501"},{"taxonomy":"product_tag","embeddable":true,"href":"https:\/\/droix.eu\/sv\/wp-json\/wp\/v2\/product_tag?post=523501"},{"taxonomy":"woo-feed-brand","embeddable":true,"href":"https:\/\/droix.eu\/sv\/wp-json\/wp\/v2\/woo-feed-brand?post=523501"},{"taxonomy":"key-features","embeddable":true,"href":"https:\/\/droix.eu\/sv\/wp-json\/wp\/v2\/key-features?post=523501"}],"curies":[{"name":"wp","href":"https:\/\/api.w.org\/{rel}","templated":true}]}}