{"id":518703,"date":"2023-05-25T09:22:48","date_gmt":"2023-05-25T09:22:48","guid":{"rendered":"https:\/\/droix.eu\/product\/gpd-win-4-hardskaligt-fodral\/"},"modified":"2026-01-22T14:42:36","modified_gmt":"2026-01-22T14:42:36","slug":"gpd-win-4-hardskaligt-fodral","status":"publish","type":"product","link":"https:\/\/droix.eu\/sv\/product\/gpd-win-4-hardskaligt-fodral\/","title":{"rendered":"GPD WIN 4 h\u00e5rdskaligt fodral"},"content":{"rendered":"<p><strong>GPD WIN 4<\/strong> \u00e4r kraftfulla handh\u00e5llna gaming-PC:er som \u00e4r utformade f\u00f6r att ge en uppslukande spelupplevelse n\u00e4r du \u00e4r p\u00e5 spr\u00e5ng. F\u00f6r att skydda dessa premiumenheter fr\u00e5n repor, st\u00f6tar och andra yttre skador har en  <strong>skyddsfodral med h\u00e5rd skal<\/strong>  \u00e4r n\u00f6dv\u00e4ndigt. GPD WIN 4 hardshell skyddsfodral \u00e4r ett slitstarkt, l\u00e4tt och elegant fodral som \u00e4r speciellt utformat f\u00f6r att passa dessa spelhanddatorer. Fodralet \u00e4r tillverkat av h\u00f6gkvalitativa material som polykarbonat och ABS-plast, vilket ger ett \u00f6verl\u00e4gset skydd mot st\u00f6tar, repor och andra yttre skador. Fodralets insida \u00e4r fodrad med ett mjukt och sl\u00e4tt tyg som ger extra skydd mot repor och damm. Fodralet har ocks\u00e5 en s\u00e4ker blixtl\u00e5sst\u00e4ngning som s\u00e4kerst\u00e4ller att handenheten h\u00e5lls p\u00e5 plats under transport.<\/p>\n","protected":false},"excerpt":{"rendered":"<ul>\n<li><strong>Officiellt<\/strong> GPD-skyddsfodral f\u00f6r GPD WIN 4<\/li>\n<li><strong>Slitstarkt<\/strong> yttre skal av syntetisk polymer<\/li>\n<li>Mjukt tygfoder f\u00f6r <strong>extra skydd<\/strong>.<\/li>\n<li><strong>Separat fack<\/strong> f\u00f6r kringutrustning.<\/li>\n<li>Snygg design med s\u00e4ker dragkedjef\u00f6rslutning.<\/li>\n<\/ul>\n<p>[droix_global_accordions]<br \/>\n[cg_accordion title=\"Paketet inneh\u00e5ller\"]<\/p>\n<ul>\n<li>1x GPD WIN 4 Fodral med h\u00e5rt skal<\/li>\n<\/ul>\n<p>[\/cg_accordion]<\/p>\n","protected":false},"featured_media":409310,"template":"","meta":{"_acf_changed":false},"product_brand":[],"product_cat":[13323,13324],"product_tag":[],"woo-feed-brand":[2198],"key-features":[],"class_list":{"0":"post-518703","1":"product","2":"type-product","3":"status-publish","4":"has-post-thumbnail","6":"product_cat-tillbehor","7":"product_cat-tillbehor-for-spel","8":"product_shipping_class-low-end","9":"pa_accessory-type-protective-case","10":"pa_brands-gpd-sv","11":"woo-feed-brand-gpd","13":"first","14":"outofstock","15":"sale","16":"taxable","17":"shipping-taxable","18":"purchasable","19":"product-type-simple"},"acf":[],"aioseo_notices":[],"aioseo_head":"\n\t\t<!-- All in One SEO Pro 4.9.6.2 - aioseo.com -->\n\t<meta name=\"description\" content=\"Officiellt GPD-skyddsfodral f\u00f6r GPD WIN 4 Slitstarkt yttre skal av syntetisk polymer Mjukt tygfoder f\u00f6r extra skydd. Separat fack f\u00f6r kringutrustning. Snygg design med s\u00e4ker dragkedjef\u00f6rslutning. Paketet inneh\u00e5ller 1x GPD WIN 4 Fodral med h\u00e5rt skal\" \/>\n\t<meta name=\"robots\" content=\"max-image-preview:large\" \/>\n\t<link rel=\"canonical\" href=\"https:\/\/droix.eu\/sv\/product\/gpd-win-4-hardskaligt-fodral\/\" \/>\n\t<meta name=\"generator\" content=\"All in One SEO Pro (AIOSEO) 4.9.6.2\" \/>\n\t\t<meta property=\"og:locale\" content=\"sv_SE\" \/>\n\t\t<meta property=\"og:site_name\" content=\"DROIX EU - Get the latest Mini PCs, Ultrabook, PC Gaming Handhelds and more!\" \/>\n\t\t<meta property=\"og:type\" content=\"article\" \/>\n\t\t<meta property=\"og:title\" content=\"GPD WIN 4 h\u00e5rdskaligt fodral - DROIX EU\" \/>\n\t\t<meta property=\"og:description\" content=\"Officiellt GPD-skyddsfodral f\u00f6r GPD WIN 4 Slitstarkt yttre skal av syntetisk polymer Mjukt tygfoder f\u00f6r extra skydd. Separat fack f\u00f6r kringutrustning. Snygg design med s\u00e4ker dragkedjef\u00f6rslutning. Paketet inneh\u00e5ller 1x GPD WIN 4 Fodral med h\u00e5rt skal\" \/>\n\t\t<meta property=\"og:url\" content=\"https:\/\/droix.eu\/sv\/product\/gpd-win-4-hardskaligt-fodral\/\" \/>\n\t\t<meta property=\"og:image\" content=\"https:\/\/droix.eu\/wp-content\/uploads\/2024\/06\/droix-v2-light-logo.png\" \/>\n\t\t<meta property=\"og:image:secure_url\" content=\"https:\/\/droix.eu\/wp-content\/uploads\/2024\/06\/droix-v2-light-logo.png\" \/>\n\t\t<meta property=\"og:image:width\" content=\"380\" \/>\n\t\t<meta property=\"og:image:height\" content=\"118\" \/>\n\t\t<meta property=\"article:published_time\" content=\"2023-05-25T09:22:48+00:00\" \/>\n\t\t<meta property=\"article:modified_time\" content=\"2026-01-22T14:42:36+00:00\" \/>\n\t\t<meta property=\"article:publisher\" content=\"https:\/\/www.facebook.com\/DroiX.Store\" \/>\n\t\t<meta name=\"twitter:card\" content=\"summary_large_image\" \/>\n\t\t<meta name=\"twitter:site\" content=\"@DroiX_Store\" \/>\n\t\t<meta name=\"twitter:title\" content=\"GPD WIN 4 h\u00e5rdskaligt fodral - DROIX EU\" \/>\n\t\t<meta name=\"twitter:description\" content=\"Officiellt GPD-skyddsfodral f\u00f6r GPD WIN 4 Slitstarkt yttre skal av syntetisk polymer Mjukt tygfoder f\u00f6r extra skydd. Separat fack f\u00f6r kringutrustning. Snygg design med s\u00e4ker dragkedjef\u00f6rslutning. Paketet inneh\u00e5ller 1x GPD WIN 4 Fodral med h\u00e5rt skal\" \/>\n\t\t<meta name=\"twitter:image\" content=\"https:\/\/droix.eu\/wp-content\/uploads\/2024\/06\/droix-v2-light-logo.png\" \/>\n\t\t<script type=\"application\/ld+json\" class=\"aioseo-schema\">\n\t\t\t{\"@context\":\"https:\\\/\\\/schema.org\",\"@graph\":[{\"@type\":\"BreadcrumbList\",\"@id\":\"https:\\\/\\\/droix.eu\\\/sv\\\/product\\\/gpd-win-4-hardskaligt-fodral\\\/#breadcrumblist\",\"itemListElement\":[{\"@type\":\"ListItem\",\"@id\":\"https:\\\/\\\/droix.eu\\\/sv\\\/#listItem\",\"position\":1,\"name\":\"Home\",\"item\":\"https:\\\/\\\/droix.eu\\\/sv\\\/\",\"nextItem\":{\"@type\":\"ListItem\",\"@id\":\"https:\\\/\\\/droix.eu\\\/sv\\\/product-category\\\/tillbehor\\\/#listItem\",\"name\":\"Tillbeh\\u00f6r\"}},{\"@type\":\"ListItem\",\"@id\":\"https:\\\/\\\/droix.eu\\\/sv\\\/product-category\\\/tillbehor\\\/#listItem\",\"position\":2,\"name\":\"Tillbeh\\u00f6r\",\"item\":\"https:\\\/\\\/droix.eu\\\/sv\\\/product-category\\\/tillbehor\\\/\",\"nextItem\":{\"@type\":\"ListItem\",\"@id\":\"https:\\\/\\\/droix.eu\\\/sv\\\/product-category\\\/tillbehor\\\/tillbehor-for-spel\\\/#listItem\",\"name\":\"Tillbeh\\u00f6r f\\u00f6r spel\"},\"previousItem\":{\"@type\":\"ListItem\",\"@id\":\"https:\\\/\\\/droix.eu\\\/sv\\\/#listItem\",\"name\":\"Home\"}},{\"@type\":\"ListItem\",\"@id\":\"https:\\\/\\\/droix.eu\\\/sv\\\/product-category\\\/tillbehor\\\/tillbehor-for-spel\\\/#listItem\",\"position\":3,\"name\":\"Tillbeh\\u00f6r f\\u00f6r spel\",\"item\":\"https:\\\/\\\/droix.eu\\\/sv\\\/product-category\\\/tillbehor\\\/tillbehor-for-spel\\\/\",\"nextItem\":{\"@type\":\"ListItem\",\"@id\":\"https:\\\/\\\/droix.eu\\\/sv\\\/product\\\/gpd-win-4-hardskaligt-fodral\\\/#listItem\",\"name\":\"GPD WIN 4 h\\u00e5rdskaligt fodral\"},\"previousItem\":{\"@type\":\"ListItem\",\"@id\":\"https:\\\/\\\/droix.eu\\\/sv\\\/product-category\\\/tillbehor\\\/#listItem\",\"name\":\"Tillbeh\\u00f6r\"}},{\"@type\":\"ListItem\",\"@id\":\"https:\\\/\\\/droix.eu\\\/sv\\\/product\\\/gpd-win-4-hardskaligt-fodral\\\/#listItem\",\"position\":4,\"name\":\"GPD WIN 4 h\\u00e5rdskaligt fodral\",\"previousItem\":{\"@type\":\"ListItem\",\"@id\":\"https:\\\/\\\/droix.eu\\\/sv\\\/product-category\\\/tillbehor\\\/tillbehor-for-spel\\\/#listItem\",\"name\":\"Tillbeh\\u00f6r f\\u00f6r spel\"}}]},{\"@type\":\"Organization\",\"@id\":\"https:\\\/\\\/droix.eu\\\/sv\\\/#organization\",\"name\":\"DroiX \\u2013 Trusted EU Tech Retailer with 12+ Years Experience\",\"description\":\"DroiX is a leading European technology retailer with over 12 years of experience, offering quality mini PCs, handheld gaming consoles, and tech accessories. We provide hassle-free EU delivery with all taxes included, ensuring a smooth and reliable shopping experience for our customers across Europe.\",\"url\":\"https:\\\/\\\/droix.eu\\\/sv\\\/\",\"logo\":{\"@type\":\"ImageObject\",\"url\":\"https:\\\/\\\/droix.eu\\\/wp-content\\\/uploads\\\/2024\\\/06\\\/droix-v2-light-logo.png\",\"@id\":\"https:\\\/\\\/droix.eu\\\/sv\\\/product\\\/gpd-win-4-hardskaligt-fodral\\\/#organizationLogo\",\"width\":380,\"height\":118},\"image\":{\"@id\":\"https:\\\/\\\/droix.eu\\\/sv\\\/product\\\/gpd-win-4-hardskaligt-fodral\\\/#organizationLogo\"},\"sameAs\":[\"https:\\\/\\\/www.facebook.com\\\/DroiX.Store\",\"https:\\\/\\\/twitter.com\\\/DroiX_Store\",\"https:\\\/\\\/www.instagram.com\\\/droix.store\\\/\",\"https:\\\/\\\/www.tiktok.com\\\/@droix.store\",\"https:\\\/\\\/www.youtube.com\\\/c\\\/DroiX_Store\",\"https:\\\/\\\/uk.linkedin.com\\\/company\\\/droix\"]},{\"@type\":\"Product\",\"@id\":\"https:\\\/\\\/droix.eu\\\/sv\\\/product\\\/gpd-win-4-hardskaligt-fodral\\\/#wooCommerceProduct\",\"name\":\"GPD WIN 4 h\\u00e5rdskaligt fodral\",\"description\":\"Officiellt GPD-skyddsfodral f\\u00f6r GPD WIN 4\\n \\tSlitstarkt yttre skal av syntetisk polymer\\n \\tMjukt tygfoder f\\u00f6r extra skydd.\\n \\tSeparat fack f\\u00f6r kringutrustning.\\n \\tSnygg design med s\\u00e4ker dragkedjef\\u00f6rslutning.\",\"url\":\"https:\\\/\\\/droix.eu\\\/sv\\\/product\\\/gpd-win-4-hardskaligt-fodral\\\/\",\"sku\":\"GPD-WIN_4-CASE\",\"gtin\":\"5060763675322\",\"image\":{\"@type\":\"ImageObject\",\"url\":\"https:\\\/\\\/droix.eu\\\/wp-content\\\/uploads\\\/2023\\\/05\\\/51y5P54tgzLready-gpd-4.png\",\"@id\":\"https:\\\/\\\/droix.eu\\\/sv\\\/product\\\/gpd-win-4-hardskaligt-fodral\\\/#productImage\",\"width\":1000,\"height\":1000},\"offers\":{\"@type\":\"Offer\",\"url\":\"https:\\\/\\\/droix.eu\\\/sv\\\/product\\\/gpd-win-4-hardskaligt-fodral\\\/#wooCommerceOffer\",\"price\":27,\"priceCurrency\":\"EUR\",\"category\":\"Tillbeh\\u00f6r\",\"availability\":\"https:\\\/\\\/schema.org\\\/OutOfStock\",\"priceSpecification\":{\"@type\":\"PriceSpecification\",\"price\":27,\"priceCurrency\":\"EUR\",\"valueAddedTaxIncluded\":\"true\"},\"seller\":{\"@type\":\"Organization\",\"@id\":\"https:\\\/\\\/droix.eu\\\/sv\\\/#organization\"}}},{\"@type\":\"WebPage\",\"@id\":\"https:\\\/\\\/droix.eu\\\/sv\\\/product\\\/gpd-win-4-hardskaligt-fodral\\\/#webpage\",\"url\":\"https:\\\/\\\/droix.eu\\\/sv\\\/product\\\/gpd-win-4-hardskaligt-fodral\\\/\",\"name\":\"GPD WIN 4 h\\u00e5rdskaligt fodral - DROIX EU\",\"description\":\"Officiellt GPD-skyddsfodral f\\u00f6r GPD WIN 4 Slitstarkt yttre skal av syntetisk polymer Mjukt tygfoder f\\u00f6r extra skydd. Separat fack f\\u00f6r kringutrustning. Snygg design med s\\u00e4ker dragkedjef\\u00f6rslutning. Paketet inneh\\u00e5ller 1x GPD WIN 4 Fodral med h\\u00e5rt skal\",\"inLanguage\":\"sv-SE\",\"isPartOf\":{\"@id\":\"https:\\\/\\\/droix.eu\\\/sv\\\/#website\"},\"breadcrumb\":{\"@id\":\"https:\\\/\\\/droix.eu\\\/sv\\\/product\\\/gpd-win-4-hardskaligt-fodral\\\/#breadcrumblist\"},\"image\":{\"@type\":\"ImageObject\",\"url\":\"https:\\\/\\\/droix.eu\\\/wp-content\\\/uploads\\\/2023\\\/05\\\/51y5P54tgzLready-gpd-4.png\",\"@id\":\"https:\\\/\\\/droix.eu\\\/sv\\\/product\\\/gpd-win-4-hardskaligt-fodral\\\/#mainImage\",\"width\":1000,\"height\":1000},\"primaryImageOfPage\":{\"@id\":\"https:\\\/\\\/droix.eu\\\/sv\\\/product\\\/gpd-win-4-hardskaligt-fodral\\\/#mainImage\"},\"datePublished\":\"2023-05-25T09:22:48+01:00\",\"dateModified\":\"2026-01-22T14:42:36+00:00\"},{\"@type\":\"WebSite\",\"@id\":\"https:\\\/\\\/droix.eu\\\/sv\\\/#website\",\"url\":\"https:\\\/\\\/droix.eu\\\/sv\\\/\",\"name\":\"DROIX EU\",\"description\":\"Get the latest Mini PCs, Ultrabook, PC Gaming Handhelds and more!\",\"inLanguage\":\"sv-SE\",\"publisher\":{\"@id\":\"https:\\\/\\\/droix.eu\\\/sv\\\/#organization\"}}]}\n\t\t<\/script>\n\t\t<!-- All in One SEO Pro -->\r\n\t\t<title>GPD WIN 4 h\u00e5rdskaligt fodral - DROIX EU<\/title>\n\n","aioseo_head_json":{"title":"GPD WIN 4 h\u00e5rdskaligt fodral - DROIX EU","description":"Officiellt GPD-skyddsfodral f\u00f6r GPD WIN 4 Slitstarkt yttre skal av syntetisk polymer Mjukt tygfoder f\u00f6r extra skydd. Separat fack f\u00f6r kringutrustning. Snygg design med s\u00e4ker dragkedjef\u00f6rslutning. Paketet inneh\u00e5ller 1x GPD WIN 4 Fodral med h\u00e5rt skal","canonical_url":"https:\/\/droix.eu\/sv\/product\/gpd-win-4-hardskaligt-fodral\/","robots":"max-image-preview:large","keywords":"","webmasterTools":{"miscellaneous":""},"schema":{"@context":"https:\/\/schema.org","@graph":[{"@type":"BreadcrumbList","@id":"https:\/\/droix.eu\/sv\/product\/gpd-win-4-hardskaligt-fodral\/#breadcrumblist","itemListElement":[{"@type":"ListItem","@id":"https:\/\/droix.eu\/sv\/#listItem","position":1,"name":"Home","item":"https:\/\/droix.eu\/sv\/","nextItem":{"@type":"ListItem","@id":"https:\/\/droix.eu\/sv\/product-category\/tillbehor\/#listItem","name":"Tillbeh\u00f6r"}},{"@type":"ListItem","@id":"https:\/\/droix.eu\/sv\/product-category\/tillbehor\/#listItem","position":2,"name":"Tillbeh\u00f6r","item":"https:\/\/droix.eu\/sv\/product-category\/tillbehor\/","nextItem":{"@type":"ListItem","@id":"https:\/\/droix.eu\/sv\/product-category\/tillbehor\/tillbehor-for-spel\/#listItem","name":"Tillbeh\u00f6r f\u00f6r spel"},"previousItem":{"@type":"ListItem","@id":"https:\/\/droix.eu\/sv\/#listItem","name":"Home"}},{"@type":"ListItem","@id":"https:\/\/droix.eu\/sv\/product-category\/tillbehor\/tillbehor-for-spel\/#listItem","position":3,"name":"Tillbeh\u00f6r f\u00f6r spel","item":"https:\/\/droix.eu\/sv\/product-category\/tillbehor\/tillbehor-for-spel\/","nextItem":{"@type":"ListItem","@id":"https:\/\/droix.eu\/sv\/product\/gpd-win-4-hardskaligt-fodral\/#listItem","name":"GPD WIN 4 h\u00e5rdskaligt fodral"},"previousItem":{"@type":"ListItem","@id":"https:\/\/droix.eu\/sv\/product-category\/tillbehor\/#listItem","name":"Tillbeh\u00f6r"}},{"@type":"ListItem","@id":"https:\/\/droix.eu\/sv\/product\/gpd-win-4-hardskaligt-fodral\/#listItem","position":4,"name":"GPD WIN 4 h\u00e5rdskaligt fodral","previousItem":{"@type":"ListItem","@id":"https:\/\/droix.eu\/sv\/product-category\/tillbehor\/tillbehor-for-spel\/#listItem","name":"Tillbeh\u00f6r f\u00f6r spel"}}]},{"@type":"Organization","@id":"https:\/\/droix.eu\/sv\/#organization","name":"DroiX \u2013 Trusted EU Tech Retailer with 12+ Years Experience","description":"DroiX is a leading European technology retailer with over 12 years of experience, offering quality mini PCs, handheld gaming consoles, and tech accessories. We provide hassle-free EU delivery with all taxes included, ensuring a smooth and reliable shopping experience for our customers across Europe.","url":"https:\/\/droix.eu\/sv\/","logo":{"@type":"ImageObject","url":"https:\/\/droix.eu\/wp-content\/uploads\/2024\/06\/droix-v2-light-logo.png","@id":"https:\/\/droix.eu\/sv\/product\/gpd-win-4-hardskaligt-fodral\/#organizationLogo","width":380,"height":118},"image":{"@id":"https:\/\/droix.eu\/sv\/product\/gpd-win-4-hardskaligt-fodral\/#organizationLogo"},"sameAs":["https:\/\/www.facebook.com\/DroiX.Store","https:\/\/twitter.com\/DroiX_Store","https:\/\/www.instagram.com\/droix.store\/","https:\/\/www.tiktok.com\/@droix.store","https:\/\/www.youtube.com\/c\/DroiX_Store","https:\/\/uk.linkedin.com\/company\/droix"]},{"@type":"Product","@id":"https:\/\/droix.eu\/sv\/product\/gpd-win-4-hardskaligt-fodral\/#wooCommerceProduct","name":"GPD WIN 4 h\u00e5rdskaligt fodral","description":"Officiellt GPD-skyddsfodral f\u00f6r GPD WIN 4\n \tSlitstarkt yttre skal av syntetisk polymer\n \tMjukt tygfoder f\u00f6r extra skydd.\n \tSeparat fack f\u00f6r kringutrustning.\n \tSnygg design med s\u00e4ker dragkedjef\u00f6rslutning.","url":"https:\/\/droix.eu\/sv\/product\/gpd-win-4-hardskaligt-fodral\/","sku":"GPD-WIN_4-CASE","gtin":"5060763675322","image":{"@type":"ImageObject","url":"https:\/\/droix.eu\/wp-content\/uploads\/2023\/05\/51y5P54tgzLready-gpd-4.png","@id":"https:\/\/droix.eu\/sv\/product\/gpd-win-4-hardskaligt-fodral\/#productImage","width":1000,"height":1000},"offers":{"@type":"Offer","url":"https:\/\/droix.eu\/sv\/product\/gpd-win-4-hardskaligt-fodral\/#wooCommerceOffer","price":27,"priceCurrency":"EUR","category":"Tillbeh\u00f6r","availability":"https:\/\/schema.org\/OutOfStock","priceSpecification":{"@type":"PriceSpecification","price":27,"priceCurrency":"EUR","valueAddedTaxIncluded":"true"},"seller":{"@type":"Organization","@id":"https:\/\/droix.eu\/sv\/#organization"}}},{"@type":"WebPage","@id":"https:\/\/droix.eu\/sv\/product\/gpd-win-4-hardskaligt-fodral\/#webpage","url":"https:\/\/droix.eu\/sv\/product\/gpd-win-4-hardskaligt-fodral\/","name":"GPD WIN 4 h\u00e5rdskaligt fodral - DROIX EU","description":"Officiellt GPD-skyddsfodral f\u00f6r GPD WIN 4 Slitstarkt yttre skal av syntetisk polymer Mjukt tygfoder f\u00f6r extra skydd. Separat fack f\u00f6r kringutrustning. Snygg design med s\u00e4ker dragkedjef\u00f6rslutning. Paketet inneh\u00e5ller 1x GPD WIN 4 Fodral med h\u00e5rt skal","inLanguage":"sv-SE","isPartOf":{"@id":"https:\/\/droix.eu\/sv\/#website"},"breadcrumb":{"@id":"https:\/\/droix.eu\/sv\/product\/gpd-win-4-hardskaligt-fodral\/#breadcrumblist"},"image":{"@type":"ImageObject","url":"https:\/\/droix.eu\/wp-content\/uploads\/2023\/05\/51y5P54tgzLready-gpd-4.png","@id":"https:\/\/droix.eu\/sv\/product\/gpd-win-4-hardskaligt-fodral\/#mainImage","width":1000,"height":1000},"primaryImageOfPage":{"@id":"https:\/\/droix.eu\/sv\/product\/gpd-win-4-hardskaligt-fodral\/#mainImage"},"datePublished":"2023-05-25T09:22:48+01:00","dateModified":"2026-01-22T14:42:36+00:00"},{"@type":"WebSite","@id":"https:\/\/droix.eu\/sv\/#website","url":"https:\/\/droix.eu\/sv\/","name":"DROIX EU","description":"Get the latest Mini PCs, Ultrabook, PC Gaming Handhelds and more!","inLanguage":"sv-SE","publisher":{"@id":"https:\/\/droix.eu\/sv\/#organization"}}]},"og:locale":"sv_SE","og:site_name":"DROIX EU - Get the latest Mini PCs, Ultrabook, PC Gaming Handhelds and more!","og:type":"article","og:title":"GPD WIN 4 h\u00e5rdskaligt fodral - DROIX EU","og:description":"Officiellt GPD-skyddsfodral f\u00f6r GPD WIN 4 Slitstarkt yttre skal av syntetisk polymer Mjukt tygfoder f\u00f6r extra skydd. Separat fack f\u00f6r kringutrustning. Snygg design med s\u00e4ker dragkedjef\u00f6rslutning. Paketet inneh\u00e5ller 1x GPD WIN 4 Fodral med h\u00e5rt skal","og:url":"https:\/\/droix.eu\/sv\/product\/gpd-win-4-hardskaligt-fodral\/","og:image":"https:\/\/droix.eu\/wp-content\/uploads\/2024\/06\/droix-v2-light-logo.png","og:image:secure_url":"https:\/\/droix.eu\/wp-content\/uploads\/2024\/06\/droix-v2-light-logo.png","og:image:width":380,"og:image:height":118,"article:published_time":"2023-05-25T09:22:48+00:00","article:modified_time":"2026-01-22T14:42:36+00:00","article:publisher":"https:\/\/www.facebook.com\/DroiX.Store","twitter:card":"summary_large_image","twitter:site":"@DroiX_Store","twitter:title":"GPD WIN 4 h\u00e5rdskaligt fodral - DROIX EU","twitter:description":"Officiellt GPD-skyddsfodral f\u00f6r GPD WIN 4 Slitstarkt yttre skal av syntetisk polymer Mjukt tygfoder f\u00f6r extra skydd. Separat fack f\u00f6r kringutrustning. Snygg design med s\u00e4ker dragkedjef\u00f6rslutning. Paketet inneh\u00e5ller 1x GPD WIN 4 Fodral med h\u00e5rt skal","twitter:image":"https:\/\/droix.eu\/wp-content\/uploads\/2024\/06\/droix-v2-light-logo.png"},"aioseo_meta_data":{"post_id":"518703","title":null,"description":null,"keywords":null,"keyphrases":null,"primary_term":null,"canonical_url":null,"og_title":null,"og_description":null,"og_object_type":"default","og_image_type":"default","og_image_url":null,"og_image_width":null,"og_image_height":null,"og_image_custom_url":null,"og_image_custom_fields":null,"og_video":null,"og_custom_url":null,"og_article_section":null,"og_article_tags":null,"twitter_use_og":true,"twitter_card":"default","twitter_image_type":"default","twitter_image_url":null,"twitter_image_custom_url":null,"twitter_image_custom_fields":null,"twitter_title":null,"twitter_description":null,"schema":{"blockGraphs":[],"customGraphs":[],"default":{"data":{"Article":[],"Course":[],"Dataset":[],"FAQPage":[],"Movie":[],"Person":[],"Product":[],"ProductReview":[],"Car":[],"Recipe":[],"Service":[],"SoftwareApplication":[],"WebPage":[]},"graphName":"","isEnabled":true},"graphs":[]},"schema_type":"default","schema_type_options":null,"pillar_content":false,"robots_default":true,"robots_noindex":false,"robots_noarchive":false,"robots_nosnippet":false,"robots_nofollow":false,"robots_noimageindex":false,"robots_noodp":false,"robots_notranslate":false,"robots_max_snippet":null,"robots_max_videopreview":null,"robots_max_imagepreview":"large","priority":null,"frequency":null,"local_seo":null,"seo_analyzer_scan_date":"2025-10-24 13:11:33","breadcrumb_settings":null,"limit_modified_date":false,"reviewed_by":null,"open_ai":null,"ai":null,"created":"2025-10-09 04:26:06","updated":"2026-01-24 08:58:53"},"aioseo_breadcrumb":"<div class=\"aioseo-breadcrumbs\"><span class=\"aioseo-breadcrumb\">\n\t<a href=\"https:\/\/droix.eu\/sv\/\" title=\"Home\">Home<\/a>\n<\/span><span class=\"aioseo-breadcrumb-separator\">&raquo;<\/span><span class=\"aioseo-breadcrumb\">\n\t<a href=\"https:\/\/droix.eu\/sv\/product-category\/tillbehor\/\" title=\"Tillbeh\u00f6r\">Tillbeh\u00f6r<\/a>\n<\/span><span class=\"aioseo-breadcrumb-separator\">&raquo;<\/span><span class=\"aioseo-breadcrumb\">\n\t<a href=\"https:\/\/droix.eu\/sv\/product-category\/tillbehor\/tillbehor-for-spel\/\" title=\"Tillbeh\u00f6r f\u00f6r spel\">Tillbeh\u00f6r f\u00f6r spel<\/a>\n<\/span><span class=\"aioseo-breadcrumb-separator\">&raquo;<\/span><span class=\"aioseo-breadcrumb\">\n\tGPD WIN 4 h\u00e5rdskaligt fodral\n<\/span><\/div>","aioseo_breadcrumb_json":[{"label":"Home","link":"https:\/\/droix.eu\/sv\/"},{"label":"Tillbeh\u00f6r","link":"https:\/\/droix.eu\/sv\/product-category\/tillbehor\/"},{"label":"Tillbeh\u00f6r f\u00f6r spel","link":"https:\/\/droix.eu\/sv\/product-category\/tillbehor\/tillbehor-for-spel\/"},{"label":"GPD WIN 4 h\u00e5rdskaligt fodral","link":"https:\/\/droix.eu\/sv\/product\/gpd-win-4-hardskaligt-fodral\/"}],"_links":{"self":[{"href":"https:\/\/droix.eu\/sv\/wp-json\/wp\/v2\/product\/518703","targetHints":{"allow":["GET"]}}],"collection":[{"href":"https:\/\/droix.eu\/sv\/wp-json\/wp\/v2\/product"}],"about":[{"href":"https:\/\/droix.eu\/sv\/wp-json\/wp\/v2\/types\/product"}],"version-history":[{"count":0,"href":"https:\/\/droix.eu\/sv\/wp-json\/wp\/v2\/product\/518703\/revisions"}],"wp:featuredmedia":[{"embeddable":true,"href":"https:\/\/droix.eu\/sv\/wp-json\/wp\/v2\/media\/409310"}],"wp:attachment":[{"href":"https:\/\/droix.eu\/sv\/wp-json\/wp\/v2\/media?parent=518703"}],"wp:term":[{"taxonomy":"product_brand","embeddable":true,"href":"https:\/\/droix.eu\/sv\/wp-json\/wp\/v2\/product_brand?post=518703"},{"taxonomy":"product_cat","embeddable":true,"href":"https:\/\/droix.eu\/sv\/wp-json\/wp\/v2\/product_cat?post=518703"},{"taxonomy":"product_tag","embeddable":true,"href":"https:\/\/droix.eu\/sv\/wp-json\/wp\/v2\/product_tag?post=518703"},{"taxonomy":"woo-feed-brand","embeddable":true,"href":"https:\/\/droix.eu\/sv\/wp-json\/wp\/v2\/woo-feed-brand?post=518703"},{"taxonomy":"key-features","embeddable":true,"href":"https:\/\/droix.eu\/sv\/wp-json\/wp\/v2\/key-features?post=518703"}],"curies":[{"name":"wp","href":"https:\/\/api.w.org\/{rel}","templated":true}]}}