{"id":508626,"date":"2024-09-19T12:02:29","date_gmt":"2024-09-19T11:02:29","guid":{"rendered":"https:\/\/droix.eu\/product\/ayaneo-pocket-s-tillbehor\/"},"modified":"2026-04-08T10:14:09","modified_gmt":"2026-04-08T09:14:09","slug":"ayaneo-pocket-s-tillbehor","status":"publish","type":"product","link":"https:\/\/droix.eu\/sv\/product\/ayaneo-pocket-s-tillbehor\/","title":{"rendered":"AYANEO Pocket S Tillbeh\u00f6r"},"content":{"rendered":"\n<p>F\u00f6rh\u00f6j din AYANEO Pocket S-spelupplevelse med det h\u00e4r tillbeh\u00f6rspaketet, som \u00e4r utformat f\u00f6r skydd, komfort och f\u00f6rb\u00e4ttrad spelupplevelse.<\/p>\n\n<ul class=\"wp-block-list\">\n<li><strong><strong>Ergonomiskt skyddande skal med bekv\u00e4mt grepp<\/strong><\/strong>: Tillverkat med en innovativ ergonomisk design, f\u00f6rb\u00e4ttrar detta skyddsskal dramatiskt komforten och funktionaliteten f\u00f6r din AYANEO Pocket S. Den halkfria strukturen garanterar ett fast, s\u00e4kert grepp och det stora, konturerade handtaget ger ett fullt och bekv\u00e4mt grepp, vilket m\u00f6jligg\u00f6r l\u00e5nga, tr\u00f6tthetsfria spelsessioner. Detta slitstarka skal omsluter din enhet p\u00e5 ett s\u00e4kert s\u00e4tt och ger ett omfattande skydd f\u00f6r att skydda din AYANEO Pocket S fr\u00e5n dagliga st\u00f6tar, repor och slitage. <\/li>\n\n\n\n<li><strong>Sk\u00e4rmskydd<\/strong>: Skydda din sk\u00e4rm med ett h\u00f6gkvalitativt, ultraklart sk\u00e4rmskydd. Det \u00e4r konstruerat f\u00f6r att motst\u00e5 repor, fl\u00e4ckar och fingeravtryck och ser till att din sk\u00e4rm f\u00f6rblir lika levande och responsiv som n\u00e5gonsin. Dess l\u00e4ttapplicerade design garanterar bubbelfri installation och h\u00e5ller din sk\u00e4rm or\u00f6rd samtidigt som den bibeh\u00e5ller pekk\u00e4nsligheten f\u00f6r smidig, oavbruten spelupplevelse.  <\/li>\n\n\n\n<li><strong>Tumgrepp<\/strong>: F\u00f6rb\u00e4ttra din kontroll med premium tumgrepp. Dessa silikonskydd f\u00f6r de analoga spakarna ger \u00f6verl\u00e4gset grepp och precision, vilket hj\u00e4lper dig att beh\u00e5lla kontrollen \u00e4ven under de mest intensiva spelstunderna. De h\u00e4r tumgreppen \u00e4r utformade f\u00f6r att minska tr\u00f6tthet och f\u00f6rb\u00e4ttra komforten och m\u00f6jligg\u00f6r mer exakta r\u00f6relser, vilket ger dig den konkurrensf\u00f6rdel du beh\u00f6ver.  <\/li>\n<\/ul>\n\n<p>Den h\u00e4r tillbeh\u00f6rssatsen ser till att din AYANEO Pocket S f\u00f6rblir skyddad och redo f\u00f6r action, samtidigt som den f\u00f6rb\u00e4ttrar spelupplevelsen med ergonomiska f\u00f6rb\u00e4ttringar.<\/p>\n","protected":false},"excerpt":{"rendered":"<ul>\n<li><strong>Officiellt<\/strong> AYANEO Pocket S-fodral<\/li>\n<li>Mjukt tygfoder f\u00f6r <strong>extra skydd<\/strong>.<\/li>\n<li>Halkfri struktur och stort handtag f\u00f6r s\u00e4kert grepp.<\/li>\n<li>H\u00f6gkvalitativt, ultraklart skydd f\u00f6r att f\u00f6rhindra repor och fl\u00e4ckar.<\/li>\n<li>Bibeh\u00e5ller pekk\u00e4nsligheten f\u00f6r smidig spelupplevelse.<\/li>\n<\/ul>\n[cg_accordion title=\"1 \u00e5rs garanti, med erfarenhet i ryggen\"]<\/p>\n<p>Ditt k\u00f6p skyddas av v\u00e5r 1-\u00e5riga garanti och 13+ \u00e5rs p\u00e5litlig service. Med \u00f6ver 500.000 n\u00f6jda kunder \u00e4r du i trygga h\u00e4nder. [\/cg_accordion]\n[cg_accordion title=\"Kvalitetss\u00e4kring och testning f\u00f6re avs\u00e4ndning\"]<\/p>\n<p>S\u00e4kerst\u00e4ller kundn\u00f6jdhet p\u00e5 h\u00f6gsta niv\u00e5: Varje enhet genomg\u00e5r rigor\u00f6s testning och en kvalitetss\u00e4kringskontroll i flera punkter innan den skickas. V\u00e5rt dedikerade team verifierar prestanda, funktionalitet och komponentintegritet f\u00f6r att garantera att din AYANEO-enhet \u00e4r i perfekt skick vid ankomst, vilket ger dig f\u00f6rtroende och sinnesfrid. [\/cg_accordion]\n[cg_accordion title=\"Flexibla och s\u00e4kra betalningsalternativ\"]<\/p>\n<p>Njut av sinnesfrid med v\u00e5rt s\u00e4kra kassasystem. Vi st\u00f6der alla st\u00f6rre betalningsmetoder, inklusive betal- och kreditkort, PayPal, Apple Pay, Google Pay, Klarna, Afterpay och Affirm &#8211; vilket ger dig friheten att betala p\u00e5 ditt s\u00e4tt, antingen i f\u00f6rskott eller i enkla delbetalningar. [\/cg_accordion]\n[cg_accordion title=\"Skatter\"]<\/p>\n<p>Priserna inkluderar till\u00e4mplig moms, som kan vara upp till 25% beroende p\u00e5 ditt land. Det exakta beloppet visas i kassan f\u00f6r att s\u00e4kerst\u00e4lla full transparens. [\/cg_accordion]\n[cg_accordion title=\"Frakt och returer\"]<\/p>\n<p>Vi arbetar med \u00f6ver 10 betrodda fraktpartners f\u00f6r att s\u00e4kerst\u00e4lla att din best\u00e4llning kommer fram snabbt, s\u00e4kert och tillf\u00f6rlitligt.<\/p>\n<p>Vi anv\u00e4nder Express DDP (Delivered Duty Paid) frakt. Detta inneb\u00e4r: <\/p>\n<li>Alla tullavgifter och skatter \u00e4r redan inkluderade i det produktpris som visas.<\/li>\n<li>Du kommer inte att f\u00e5 n\u00e5gra \u00f6verraskande avgifter vid leverans.<\/li>\n<li>I s\u00e4llsynta fall av tullf\u00f6rseningar kommer v\u00e5rt team att hantera klareringsprocessen \u00e5t dig f\u00f6r att s\u00e4kerst\u00e4lla en smidig leverans.<\/li>\n<p>Viktig information om returer:<\/p>\n<li>Om du returnerar din best\u00e4llning eller beg\u00e4r \u00e5terbetalning, observera att eventuella skatter och tullar som betalats f\u00f6r din r\u00e4kning enligt DDP-villkoren inte \u00e5terbetalas.<\/li>\n<p>F\u00f6r detaljerad information h\u00e4nvisas till v\u00e5ra allm\u00e4nna <a href=\"https:\/\/droix.eu\/sv\/villkor-och-bestammelser\/\" target=\"_blank\" rel=\"nofollow noopener\">villkor<\/a>.\n<\/ul>\n<p>[\/cg_accordion]\n[cg_accordion title=\"Kundtj\u00e4nst\"]<\/p>\n<p>Har du en fr\u00e5ga? Vi \u00e4r bara ett kort sms bort fr\u00e5n att ha l\u00f6st ditt problem! [\/cg_accordion]\n[cg_accordion title=\"Paketet inneh\u00e5ller\"]<\/p>\n<ul>\n<li>1x AYANEO Pocket S Fodral<\/li>\n<li>1x AYANEO Pocket S sk\u00e4rmskydd<\/li>\n<li>1x AYANEO Pocket S-grepp<\/li>\n<\/ul>\n<p>[\/cg_accordion]\n","protected":false},"featured_media":491265,"template":"","meta":{"_acf_changed":false},"product_brand":[],"product_cat":[14617],"product_tag":[],"woo-feed-brand":[],"key-features":[],"class_list":{"0":"post-508626","1":"product","2":"type-product","3":"status-publish","4":"has-post-thumbnail","6":"product_cat-okategoriserade","7":"product_shipping_class-low-end","8":"pa_accessory-type-grip","9":"pa_accessory-type-protective-case","10":"pa_accessory-type-screen-protector","11":"pa_brands-ayaneo-sv","13":"first","14":"instock","15":"sale","16":"taxable","17":"shipping-taxable","18":"purchasable","19":"product-type-simple"},"acf":[],"aioseo_notices":[],"aioseo_head":"\n\t\t<!-- All in One SEO Pro 4.9.6.2 - aioseo.com -->\n\t<meta name=\"description\" content=\"Officiellt AYANEO Pocket S-fodral Mjukt tygfoder f\u00f6r extra skydd. Halkfri struktur och stort handtag f\u00f6r s\u00e4kert grepp. H\u00f6gkvalitativt, ultraklart skydd f\u00f6r att f\u00f6rhindra repor och fl\u00e4ckar. Bibeh\u00e5ller pekk\u00e4nsligheten f\u00f6r smidig spelupplevelse.\" \/>\n\t<meta name=\"robots\" content=\"max-image-preview:large\" \/>\n\t<link rel=\"canonical\" href=\"https:\/\/droix.eu\/sv\/product\/ayaneo-pocket-s-tillbehor\/\" \/>\n\t<meta name=\"generator\" content=\"All in One SEO Pro (AIOSEO) 4.9.6.2\" \/>\n\t\t<meta property=\"og:locale\" content=\"sv_SE\" \/>\n\t\t<meta property=\"og:site_name\" content=\"DROIX EU - Get the latest Mini PCs, Ultrabook, PC Gaming Handhelds and more!\" \/>\n\t\t<meta property=\"og:type\" content=\"article\" \/>\n\t\t<meta property=\"og:title\" content=\"AYANEO Pocket S Tillbeh\u00f6r - DROIX EU\" \/>\n\t\t<meta property=\"og:description\" content=\"Officiellt AYANEO Pocket S-fodral Mjukt tygfoder f\u00f6r extra skydd. Halkfri struktur och stort handtag f\u00f6r s\u00e4kert grepp. H\u00f6gkvalitativt, ultraklart skydd f\u00f6r att f\u00f6rhindra repor och fl\u00e4ckar. Bibeh\u00e5ller pekk\u00e4nsligheten f\u00f6r smidig spelupplevelse.\" \/>\n\t\t<meta property=\"og:url\" content=\"https:\/\/droix.eu\/sv\/product\/ayaneo-pocket-s-tillbehor\/\" \/>\n\t\t<meta property=\"og:image\" content=\"https:\/\/droix.eu\/wp-content\/uploads\/2024\/06\/droix-v2-light-logo.png\" \/>\n\t\t<meta property=\"og:image:secure_url\" content=\"https:\/\/droix.eu\/wp-content\/uploads\/2024\/06\/droix-v2-light-logo.png\" \/>\n\t\t<meta property=\"og:image:width\" content=\"380\" \/>\n\t\t<meta property=\"og:image:height\" content=\"118\" \/>\n\t\t<meta property=\"article:published_time\" content=\"2024-09-19T11:02:29+00:00\" \/>\n\t\t<meta property=\"article:modified_time\" content=\"2026-04-08T09:14:09+00:00\" \/>\n\t\t<meta property=\"article:publisher\" content=\"https:\/\/www.facebook.com\/DroiX.Store\" \/>\n\t\t<meta name=\"twitter:card\" content=\"summary_large_image\" \/>\n\t\t<meta name=\"twitter:site\" content=\"@DroiX_Store\" \/>\n\t\t<meta name=\"twitter:title\" content=\"AYANEO Pocket S Tillbeh\u00f6r - DROIX EU\" \/>\n\t\t<meta name=\"twitter:description\" content=\"Officiellt AYANEO Pocket S-fodral Mjukt tygfoder f\u00f6r extra skydd. Halkfri struktur och stort handtag f\u00f6r s\u00e4kert grepp. H\u00f6gkvalitativt, ultraklart skydd f\u00f6r att f\u00f6rhindra repor och fl\u00e4ckar. Bibeh\u00e5ller pekk\u00e4nsligheten f\u00f6r smidig spelupplevelse.\" \/>\n\t\t<meta name=\"twitter:image\" content=\"https:\/\/droix.eu\/wp-content\/uploads\/2024\/06\/droix-v2-light-logo.png\" \/>\n\t\t<script type=\"application\/ld+json\" class=\"aioseo-schema\">\n\t\t\t{\"@context\":\"https:\\\/\\\/schema.org\",\"@graph\":[{\"@type\":\"BreadcrumbList\",\"@id\":\"https:\\\/\\\/droix.eu\\\/sv\\\/product\\\/ayaneo-pocket-s-tillbehor\\\/#breadcrumblist\",\"itemListElement\":[{\"@type\":\"ListItem\",\"@id\":\"https:\\\/\\\/droix.eu\\\/sv\\\/#listItem\",\"position\":1,\"name\":\"Home\",\"item\":\"https:\\\/\\\/droix.eu\\\/sv\\\/\",\"nextItem\":{\"@type\":\"ListItem\",\"@id\":\"https:\\\/\\\/droix.eu\\\/sv\\\/product-category\\\/okategoriserade\\\/#listItem\",\"name\":\"Okategoriserade\"}},{\"@type\":\"ListItem\",\"@id\":\"https:\\\/\\\/droix.eu\\\/sv\\\/product-category\\\/okategoriserade\\\/#listItem\",\"position\":2,\"name\":\"Okategoriserade\",\"item\":\"https:\\\/\\\/droix.eu\\\/sv\\\/product-category\\\/okategoriserade\\\/\",\"nextItem\":{\"@type\":\"ListItem\",\"@id\":\"https:\\\/\\\/droix.eu\\\/sv\\\/product\\\/ayaneo-pocket-s-tillbehor\\\/#listItem\",\"name\":\"AYANEO Pocket S Tillbeh\\u00f6r\"},\"previousItem\":{\"@type\":\"ListItem\",\"@id\":\"https:\\\/\\\/droix.eu\\\/sv\\\/#listItem\",\"name\":\"Home\"}},{\"@type\":\"ListItem\",\"@id\":\"https:\\\/\\\/droix.eu\\\/sv\\\/product\\\/ayaneo-pocket-s-tillbehor\\\/#listItem\",\"position\":3,\"name\":\"AYANEO Pocket S Tillbeh\\u00f6r\",\"previousItem\":{\"@type\":\"ListItem\",\"@id\":\"https:\\\/\\\/droix.eu\\\/sv\\\/product-category\\\/okategoriserade\\\/#listItem\",\"name\":\"Okategoriserade\"}}]},{\"@type\":\"Organization\",\"@id\":\"https:\\\/\\\/droix.eu\\\/sv\\\/#organization\",\"name\":\"DroiX \\u2013 Trusted EU Tech Retailer with 12+ Years Experience\",\"description\":\"DroiX is a leading European technology retailer with over 12 years of experience, offering quality mini PCs, handheld gaming consoles, and tech accessories. We provide hassle-free EU delivery with all taxes included, ensuring a smooth and reliable shopping experience for our customers across Europe.\",\"url\":\"https:\\\/\\\/droix.eu\\\/sv\\\/\",\"logo\":{\"@type\":\"ImageObject\",\"url\":\"https:\\\/\\\/droix.eu\\\/wp-content\\\/uploads\\\/2024\\\/06\\\/droix-v2-light-logo.png\",\"@id\":\"https:\\\/\\\/droix.eu\\\/sv\\\/product\\\/ayaneo-pocket-s-tillbehor\\\/#organizationLogo\",\"width\":380,\"height\":118},\"image\":{\"@id\":\"https:\\\/\\\/droix.eu\\\/sv\\\/product\\\/ayaneo-pocket-s-tillbehor\\\/#organizationLogo\"},\"sameAs\":[\"https:\\\/\\\/www.facebook.com\\\/DroiX.Store\",\"https:\\\/\\\/twitter.com\\\/DroiX_Store\",\"https:\\\/\\\/www.instagram.com\\\/droix.store\\\/\",\"https:\\\/\\\/www.tiktok.com\\\/@droix.store\",\"https:\\\/\\\/www.youtube.com\\\/c\\\/DroiX_Store\",\"https:\\\/\\\/uk.linkedin.com\\\/company\\\/droix\"]},{\"@type\":\"Product\",\"@id\":\"https:\\\/\\\/droix.eu\\\/sv\\\/product\\\/ayaneo-pocket-s-tillbehor\\\/#wooCommerceProduct\",\"name\":\"AYANEO Pocket S Tillbeh\\u00f6r\",\"description\":\"Officiellt AYANEO Pocket S-fodral\\n \\tMjukt tygfoder f\\u00f6r extra skydd.\\n \\tHalkfri struktur och stort handtag f\\u00f6r s\\u00e4kert grepp.\\n \\tH\\u00f6gkvalitativt, ultraklart skydd f\\u00f6r att f\\u00f6rhindra repor och fl\\u00e4ckar.\\n \\tBibeh\\u00e5ller pekk\\u00e4nsligheten f\\u00f6r smidig spelupplevelse.\",\"url\":\"https:\\\/\\\/droix.eu\\\/sv\\\/product\\\/ayaneo-pocket-s-tillbehor\\\/\",\"sku\":\"AYANEO-POCKET-S-FREEBIES\",\"image\":{\"@type\":\"ImageObject\",\"url\":\"https:\\\/\\\/droix.eu\\\/wp-content\\\/uploads\\\/2024\\\/09\\\/AYANEO-POCKET-S-ACCESSORIES-LISTING-DONE-01.png\",\"@id\":\"https:\\\/\\\/droix.eu\\\/sv\\\/product\\\/ayaneo-pocket-s-tillbehor\\\/#productImage\",\"width\":1500,\"height\":1500,\"caption\":\"Gratis AYANEO Pocket S-tillbeh\\u00f6r (skyddsfodral + handtag + sk\\u00e4rmskydd)\"},\"offers\":{\"@type\":\"Offer\",\"url\":\"https:\\\/\\\/droix.eu\\\/sv\\\/product\\\/ayaneo-pocket-s-tillbehor\\\/#wooCommerceOffer\",\"price\":11.01,\"priceCurrency\":\"EUR\",\"availability\":\"https:\\\/\\\/schema.org\\\/InStock\",\"priceSpecification\":{\"@type\":\"PriceSpecification\",\"price\":11.01,\"priceCurrency\":\"EUR\",\"valueAddedTaxIncluded\":\"true\"},\"seller\":{\"@type\":\"Organization\",\"@id\":\"https:\\\/\\\/droix.eu\\\/sv\\\/#organization\"}}},{\"@type\":\"WebPage\",\"@id\":\"https:\\\/\\\/droix.eu\\\/sv\\\/product\\\/ayaneo-pocket-s-tillbehor\\\/#webpage\",\"url\":\"https:\\\/\\\/droix.eu\\\/sv\\\/product\\\/ayaneo-pocket-s-tillbehor\\\/\",\"name\":\"AYANEO Pocket S Tillbeh\\u00f6r - DROIX EU\",\"description\":\"Officiellt AYANEO Pocket S-fodral Mjukt tygfoder f\\u00f6r extra skydd. Halkfri struktur och stort handtag f\\u00f6r s\\u00e4kert grepp. H\\u00f6gkvalitativt, ultraklart skydd f\\u00f6r att f\\u00f6rhindra repor och fl\\u00e4ckar. Bibeh\\u00e5ller pekk\\u00e4nsligheten f\\u00f6r smidig spelupplevelse.\",\"inLanguage\":\"sv-SE\",\"isPartOf\":{\"@id\":\"https:\\\/\\\/droix.eu\\\/sv\\\/#website\"},\"breadcrumb\":{\"@id\":\"https:\\\/\\\/droix.eu\\\/sv\\\/product\\\/ayaneo-pocket-s-tillbehor\\\/#breadcrumblist\"},\"image\":{\"@type\":\"ImageObject\",\"url\":\"https:\\\/\\\/droix.eu\\\/wp-content\\\/uploads\\\/2024\\\/09\\\/AYANEO-POCKET-S-ACCESSORIES-LISTING-DONE-01.png\",\"@id\":\"https:\\\/\\\/droix.eu\\\/sv\\\/product\\\/ayaneo-pocket-s-tillbehor\\\/#mainImage\",\"width\":1500,\"height\":1500,\"caption\":\"Gratis AYANEO Pocket S-tillbeh\\u00f6r (skyddsfodral + handtag + sk\\u00e4rmskydd)\"},\"primaryImageOfPage\":{\"@id\":\"https:\\\/\\\/droix.eu\\\/sv\\\/product\\\/ayaneo-pocket-s-tillbehor\\\/#mainImage\"},\"datePublished\":\"2024-09-19T12:02:29+01:00\",\"dateModified\":\"2026-04-08T10:14:09+01:00\"},{\"@type\":\"WebSite\",\"@id\":\"https:\\\/\\\/droix.eu\\\/sv\\\/#website\",\"url\":\"https:\\\/\\\/droix.eu\\\/sv\\\/\",\"name\":\"DROIX EU\",\"description\":\"Get the latest Mini PCs, Ultrabook, PC Gaming Handhelds and more!\",\"inLanguage\":\"sv-SE\",\"publisher\":{\"@id\":\"https:\\\/\\\/droix.eu\\\/sv\\\/#organization\"}}]}\n\t\t<\/script>\n\t\t<!-- All in One SEO Pro -->\r\n\t\t<title>AYANEO Pocket S Tillbeh\u00f6r - DROIX EU<\/title>\n\n","aioseo_head_json":{"title":"AYANEO Pocket S Tillbeh\u00f6r - DROIX EU","description":"Officiellt AYANEO Pocket S-fodral Mjukt tygfoder f\u00f6r extra skydd. Halkfri struktur och stort handtag f\u00f6r s\u00e4kert grepp. H\u00f6gkvalitativt, ultraklart skydd f\u00f6r att f\u00f6rhindra repor och fl\u00e4ckar. Bibeh\u00e5ller pekk\u00e4nsligheten f\u00f6r smidig spelupplevelse.","canonical_url":"https:\/\/droix.eu\/sv\/product\/ayaneo-pocket-s-tillbehor\/","robots":"max-image-preview:large","keywords":"","webmasterTools":{"miscellaneous":""},"schema":{"@context":"https:\/\/schema.org","@graph":[{"@type":"BreadcrumbList","@id":"https:\/\/droix.eu\/sv\/product\/ayaneo-pocket-s-tillbehor\/#breadcrumblist","itemListElement":[{"@type":"ListItem","@id":"https:\/\/droix.eu\/sv\/#listItem","position":1,"name":"Home","item":"https:\/\/droix.eu\/sv\/","nextItem":{"@type":"ListItem","@id":"https:\/\/droix.eu\/sv\/product-category\/okategoriserade\/#listItem","name":"Okategoriserade"}},{"@type":"ListItem","@id":"https:\/\/droix.eu\/sv\/product-category\/okategoriserade\/#listItem","position":2,"name":"Okategoriserade","item":"https:\/\/droix.eu\/sv\/product-category\/okategoriserade\/","nextItem":{"@type":"ListItem","@id":"https:\/\/droix.eu\/sv\/product\/ayaneo-pocket-s-tillbehor\/#listItem","name":"AYANEO Pocket S Tillbeh\u00f6r"},"previousItem":{"@type":"ListItem","@id":"https:\/\/droix.eu\/sv\/#listItem","name":"Home"}},{"@type":"ListItem","@id":"https:\/\/droix.eu\/sv\/product\/ayaneo-pocket-s-tillbehor\/#listItem","position":3,"name":"AYANEO Pocket S Tillbeh\u00f6r","previousItem":{"@type":"ListItem","@id":"https:\/\/droix.eu\/sv\/product-category\/okategoriserade\/#listItem","name":"Okategoriserade"}}]},{"@type":"Organization","@id":"https:\/\/droix.eu\/sv\/#organization","name":"DroiX \u2013 Trusted EU Tech Retailer with 12+ Years Experience","description":"DroiX is a leading European technology retailer with over 12 years of experience, offering quality mini PCs, handheld gaming consoles, and tech accessories. We provide hassle-free EU delivery with all taxes included, ensuring a smooth and reliable shopping experience for our customers across Europe.","url":"https:\/\/droix.eu\/sv\/","logo":{"@type":"ImageObject","url":"https:\/\/droix.eu\/wp-content\/uploads\/2024\/06\/droix-v2-light-logo.png","@id":"https:\/\/droix.eu\/sv\/product\/ayaneo-pocket-s-tillbehor\/#organizationLogo","width":380,"height":118},"image":{"@id":"https:\/\/droix.eu\/sv\/product\/ayaneo-pocket-s-tillbehor\/#organizationLogo"},"sameAs":["https:\/\/www.facebook.com\/DroiX.Store","https:\/\/twitter.com\/DroiX_Store","https:\/\/www.instagram.com\/droix.store\/","https:\/\/www.tiktok.com\/@droix.store","https:\/\/www.youtube.com\/c\/DroiX_Store","https:\/\/uk.linkedin.com\/company\/droix"]},{"@type":"Product","@id":"https:\/\/droix.eu\/sv\/product\/ayaneo-pocket-s-tillbehor\/#wooCommerceProduct","name":"AYANEO Pocket S Tillbeh\u00f6r","description":"Officiellt AYANEO Pocket S-fodral\n \tMjukt tygfoder f\u00f6r extra skydd.\n \tHalkfri struktur och stort handtag f\u00f6r s\u00e4kert grepp.\n \tH\u00f6gkvalitativt, ultraklart skydd f\u00f6r att f\u00f6rhindra repor och fl\u00e4ckar.\n \tBibeh\u00e5ller pekk\u00e4nsligheten f\u00f6r smidig spelupplevelse.","url":"https:\/\/droix.eu\/sv\/product\/ayaneo-pocket-s-tillbehor\/","sku":"AYANEO-POCKET-S-FREEBIES","image":{"@type":"ImageObject","url":"https:\/\/droix.eu\/wp-content\/uploads\/2024\/09\/AYANEO-POCKET-S-ACCESSORIES-LISTING-DONE-01.png","@id":"https:\/\/droix.eu\/sv\/product\/ayaneo-pocket-s-tillbehor\/#productImage","width":1500,"height":1500,"caption":"Gratis AYANEO Pocket S-tillbeh\u00f6r (skyddsfodral + handtag + sk\u00e4rmskydd)"},"offers":{"@type":"Offer","url":"https:\/\/droix.eu\/sv\/product\/ayaneo-pocket-s-tillbehor\/#wooCommerceOffer","price":11.01,"priceCurrency":"EUR","availability":"https:\/\/schema.org\/InStock","priceSpecification":{"@type":"PriceSpecification","price":11.01,"priceCurrency":"EUR","valueAddedTaxIncluded":"true"},"seller":{"@type":"Organization","@id":"https:\/\/droix.eu\/sv\/#organization"}}},{"@type":"WebPage","@id":"https:\/\/droix.eu\/sv\/product\/ayaneo-pocket-s-tillbehor\/#webpage","url":"https:\/\/droix.eu\/sv\/product\/ayaneo-pocket-s-tillbehor\/","name":"AYANEO Pocket S Tillbeh\u00f6r - DROIX EU","description":"Officiellt AYANEO Pocket S-fodral Mjukt tygfoder f\u00f6r extra skydd. Halkfri struktur och stort handtag f\u00f6r s\u00e4kert grepp. H\u00f6gkvalitativt, ultraklart skydd f\u00f6r att f\u00f6rhindra repor och fl\u00e4ckar. Bibeh\u00e5ller pekk\u00e4nsligheten f\u00f6r smidig spelupplevelse.","inLanguage":"sv-SE","isPartOf":{"@id":"https:\/\/droix.eu\/sv\/#website"},"breadcrumb":{"@id":"https:\/\/droix.eu\/sv\/product\/ayaneo-pocket-s-tillbehor\/#breadcrumblist"},"image":{"@type":"ImageObject","url":"https:\/\/droix.eu\/wp-content\/uploads\/2024\/09\/AYANEO-POCKET-S-ACCESSORIES-LISTING-DONE-01.png","@id":"https:\/\/droix.eu\/sv\/product\/ayaneo-pocket-s-tillbehor\/#mainImage","width":1500,"height":1500,"caption":"Gratis AYANEO Pocket S-tillbeh\u00f6r (skyddsfodral + handtag + sk\u00e4rmskydd)"},"primaryImageOfPage":{"@id":"https:\/\/droix.eu\/sv\/product\/ayaneo-pocket-s-tillbehor\/#mainImage"},"datePublished":"2024-09-19T12:02:29+01:00","dateModified":"2026-04-08T10:14:09+01:00"},{"@type":"WebSite","@id":"https:\/\/droix.eu\/sv\/#website","url":"https:\/\/droix.eu\/sv\/","name":"DROIX EU","description":"Get the latest Mini PCs, Ultrabook, PC Gaming Handhelds and more!","inLanguage":"sv-SE","publisher":{"@id":"https:\/\/droix.eu\/sv\/#organization"}}]},"og:locale":"sv_SE","og:site_name":"DROIX EU - Get the latest Mini PCs, Ultrabook, PC Gaming Handhelds and more!","og:type":"article","og:title":"AYANEO Pocket S Tillbeh\u00f6r - DROIX EU","og:description":"Officiellt AYANEO Pocket S-fodral Mjukt tygfoder f\u00f6r extra skydd. Halkfri struktur och stort handtag f\u00f6r s\u00e4kert grepp. H\u00f6gkvalitativt, ultraklart skydd f\u00f6r att f\u00f6rhindra repor och fl\u00e4ckar. Bibeh\u00e5ller pekk\u00e4nsligheten f\u00f6r smidig spelupplevelse.","og:url":"https:\/\/droix.eu\/sv\/product\/ayaneo-pocket-s-tillbehor\/","og:image":"https:\/\/droix.eu\/wp-content\/uploads\/2024\/06\/droix-v2-light-logo.png","og:image:secure_url":"https:\/\/droix.eu\/wp-content\/uploads\/2024\/06\/droix-v2-light-logo.png","og:image:width":380,"og:image:height":118,"article:published_time":"2024-09-19T11:02:29+00:00","article:modified_time":"2026-04-08T09:14:09+00:00","article:publisher":"https:\/\/www.facebook.com\/DroiX.Store","twitter:card":"summary_large_image","twitter:site":"@DroiX_Store","twitter:title":"AYANEO Pocket S Tillbeh\u00f6r - DROIX EU","twitter:description":"Officiellt AYANEO Pocket S-fodral Mjukt tygfoder f\u00f6r extra skydd. Halkfri struktur och stort handtag f\u00f6r s\u00e4kert grepp. H\u00f6gkvalitativt, ultraklart skydd f\u00f6r att f\u00f6rhindra repor och fl\u00e4ckar. Bibeh\u00e5ller pekk\u00e4nsligheten f\u00f6r smidig spelupplevelse.","twitter:image":"https:\/\/droix.eu\/wp-content\/uploads\/2024\/06\/droix-v2-light-logo.png"},"aioseo_meta_data":{"post_id":"508626","title":null,"description":null,"keywords":null,"keyphrases":{"focus":{"keyphrase":"","score":0,"analysis":{"keyphraseInTitle":{"score":0,"maxScore":9,"error":1}}},"additional":[]},"primary_term":null,"canonical_url":null,"og_title":null,"og_description":null,"og_object_type":"default","og_image_type":"default","og_image_url":null,"og_image_width":null,"og_image_height":null,"og_image_custom_url":null,"og_image_custom_fields":null,"og_video":"","og_custom_url":null,"og_article_section":null,"og_article_tags":null,"twitter_use_og":true,"twitter_card":"default","twitter_image_type":"default","twitter_image_url":null,"twitter_image_custom_url":null,"twitter_image_custom_fields":null,"twitter_title":null,"twitter_description":null,"schema":{"blockGraphs":[],"customGraphs":[],"default":{"data":{"Article":[],"Course":[],"Dataset":[],"FAQPage":[],"Movie":[],"Person":[],"Product":[],"ProductReview":[],"Car":[],"Recipe":[],"Service":[],"SoftwareApplication":[],"WebPage":[]},"graphName":"Product","isEnabled":true},"graphs":[]},"schema_type":"default","schema_type_options":null,"pillar_content":false,"robots_default":true,"robots_noindex":false,"robots_noarchive":false,"robots_nosnippet":false,"robots_nofollow":false,"robots_noimageindex":false,"robots_noodp":false,"robots_notranslate":false,"robots_max_snippet":"-1","robots_max_videopreview":"-1","robots_max_imagepreview":"large","priority":null,"frequency":"default","local_seo":null,"seo_analyzer_scan_date":"2026-04-24 12:55:14","breadcrumb_settings":null,"limit_modified_date":false,"reviewed_by":null,"open_ai":null,"ai":{"faqs":[],"keyPoints":[],"titles":[],"descriptions":[],"socialPosts":{"email":[],"linkedin":[],"twitter":[],"facebook":[],"instagram":[]}},"created":"2025-10-09 06:25:32","updated":"2026-04-24 12:55:14"},"aioseo_breadcrumb":"<div class=\"aioseo-breadcrumbs\"><span class=\"aioseo-breadcrumb\">\n\t<a href=\"https:\/\/droix.eu\/sv\/\" title=\"Home\">Home<\/a>\n<\/span><span class=\"aioseo-breadcrumb-separator\">&raquo;<\/span><span class=\"aioseo-breadcrumb\">\n\t<a href=\"https:\/\/droix.eu\/sv\/product-category\/okategoriserade\/\" title=\"Okategoriserade\">Okategoriserade<\/a>\n<\/span><span class=\"aioseo-breadcrumb-separator\">&raquo;<\/span><span class=\"aioseo-breadcrumb\">\n\tAYANEO Pocket S Tillbeh\u00f6r\n<\/span><\/div>","aioseo_breadcrumb_json":[{"label":"Home","link":"https:\/\/droix.eu\/sv\/"},{"label":"Okategoriserade","link":"https:\/\/droix.eu\/sv\/product-category\/okategoriserade\/"},{"label":"AYANEO Pocket S Tillbeh\u00f6r","link":"https:\/\/droix.eu\/sv\/product\/ayaneo-pocket-s-tillbehor\/"}],"_links":{"self":[{"href":"https:\/\/droix.eu\/sv\/wp-json\/wp\/v2\/product\/508626","targetHints":{"allow":["GET"]}}],"collection":[{"href":"https:\/\/droix.eu\/sv\/wp-json\/wp\/v2\/product"}],"about":[{"href":"https:\/\/droix.eu\/sv\/wp-json\/wp\/v2\/types\/product"}],"version-history":[{"count":0,"href":"https:\/\/droix.eu\/sv\/wp-json\/wp\/v2\/product\/508626\/revisions"}],"wp:featuredmedia":[{"embeddable":true,"href":"https:\/\/droix.eu\/sv\/wp-json\/wp\/v2\/media\/491265"}],"wp:attachment":[{"href":"https:\/\/droix.eu\/sv\/wp-json\/wp\/v2\/media?parent=508626"}],"wp:term":[{"taxonomy":"product_brand","embeddable":true,"href":"https:\/\/droix.eu\/sv\/wp-json\/wp\/v2\/product_brand?post=508626"},{"taxonomy":"product_cat","embeddable":true,"href":"https:\/\/droix.eu\/sv\/wp-json\/wp\/v2\/product_cat?post=508626"},{"taxonomy":"product_tag","embeddable":true,"href":"https:\/\/droix.eu\/sv\/wp-json\/wp\/v2\/product_tag?post=508626"},{"taxonomy":"woo-feed-brand","embeddable":true,"href":"https:\/\/droix.eu\/sv\/wp-json\/wp\/v2\/woo-feed-brand?post=508626"},{"taxonomy":"key-features","embeddable":true,"href":"https:\/\/droix.eu\/sv\/wp-json\/wp\/v2\/key-features?post=508626"}],"curies":[{"name":"wp","href":"https:\/\/api.w.org\/{rel}","templated":true}]}}