{"id":508519,"date":"2024-08-27T09:11:28","date_gmt":"2024-08-27T08:11:28","guid":{"rendered":"https:\/\/droix.eu\/product\/ayn-odin-2-mini-fodral\/"},"modified":"2026-01-22T14:48:20","modified_gmt":"2026-01-22T14:48:20","slug":"ayn-odin-2-mini-fodral","status":"publish","type":"product","link":"https:\/\/droix.eu\/sv\/product\/ayn-odin-2-mini-fodral\/","title":{"rendered":"AYN Odin 2 Mini-fodral"},"content":{"rendered":"<h2><strong>Vi presenterar AYN Odin 2 Mini Case: Ultimat skydd och stil f\u00f6r din enhet<\/strong><\/h2>\n<p>F\u00f6rb\u00e4ttra skyddet och stilen p\u00e5 din enhet med AYN Odin 2-fodralet. Detta fodral \u00e4r utformat f\u00f6r att uppfylla kraven i en modern livsstil och erbjuder en perfekt blandning av h\u00e5llbarhet, funktionalitet och estetik.<\/p>\n<h2><strong>Viktiga egenskaper:<\/strong><\/h2>\n<h2><strong>F\u00f6rstklassiga material:<\/strong><\/h2>\n<p>AYN Odin 2 Mini Case \u00e4r tillverkat av h\u00f6gkvalitativa material och \u00e4r byggt f\u00f6r att motst\u00e5 dagligt slitage samtidigt som det beh\u00e5ller ett snyggt och elegant utseende.<\/p>\n<h2><strong>360\u00b0 skydd:<\/strong><\/h2>\n<p>AYN Odin 2 Mini Case ger ett helt\u00e4ckande skydd f\u00f6r din enhet. Den t\u00e4cker alla kanter och h\u00f6rn och skyddar mot fall, st\u00f6tar och repor.<\/p>\n<h2><strong>Smal och l\u00e4tt:<\/strong><\/h2>\n<p>Trots sitt robusta skydd \u00e4r detta fodral fortfarande tunt och l\u00e4tt, vilket bevarar den tunna profilen p\u00e5 din enhet utan att l\u00e4gga till on\u00f6dig volym.<\/p>\n<h2><strong>Exakt passform:<\/strong><\/h2>\n<p>AYN Odin 2 Mini-fodralet \u00e4r skr\u00e4ddarsytt f\u00f6r AYN Odin 2 Mini och garanterar en t\u00e4t och s\u00e4ker passform.<\/p>\n","protected":false},"excerpt":{"rendered":"<ul>\n<li><strong>Officiellt<\/strong> AYN Odin 2 Mini-fodral<\/li>\n<li>Mjukt tygfoder f\u00f6r <strong>extra skydd<\/strong>.<\/li>\n<li>Snygg design med s\u00e4ker dragkedjef\u00f6rslutning.<\/li>\n<\/ul>\n[droix_global_accordions]\n[cg_accordion title=\"Paketet inneh\u00e5ller\"]<\/p>\n<ul>\n<li>1x AYN Odin 2 Mini-fodral<\/li>\n<\/ul>\n<p>[\/cg_accordion]\n","protected":false},"featured_media":489803,"template":"","meta":{"_acf_changed":false},"product_brand":[],"product_cat":[13323,13324],"product_tag":[],"woo-feed-brand":[],"key-features":[],"class_list":{"0":"post-508519","1":"product","2":"type-product","3":"status-publish","4":"has-post-thumbnail","6":"product_cat-tillbehor","7":"product_cat-tillbehor-for-spel","8":"product_shipping_class-low-end","9":"pa_accessory-type-protective-case","10":"pa_brands-ayn-sv","12":"first","13":"instock","14":"sale","15":"taxable","16":"shipping-taxable","17":"purchasable","18":"product-type-simple"},"acf":[],"aioseo_notices":[],"aioseo_head":"\n\t\t<!-- All in One SEO Pro 4.9.5.2 - aioseo.com -->\n\t<meta name=\"description\" content=\"Officiellt AYN Odin 2 Mini-fodral Mjukt tygfoder f\u00f6r extra skydd. Snygg design med s\u00e4ker dragkedjef\u00f6rslutning. Paketet inneh\u00e5ller 1x AYN Odin 2 Mini-fodral\" \/>\n\t<meta name=\"robots\" content=\"max-image-preview:large\" \/>\n\t<link rel=\"canonical\" href=\"https:\/\/droix.eu\/sv\/product\/ayn-odin-2-mini-fodral\/\" \/>\n\t<meta name=\"generator\" content=\"All in One SEO Pro (AIOSEO) 4.9.5.2\" \/>\n\t\t<meta property=\"og:locale\" content=\"sv_SE\" \/>\n\t\t<meta property=\"og:site_name\" content=\"DROIX EU - Get the latest Mini PCs, Ultrabook, PC Gaming Handhelds and more!\" \/>\n\t\t<meta property=\"og:type\" content=\"article\" \/>\n\t\t<meta property=\"og:title\" content=\"AYN Odin 2 Mini-fodral - DROIX EU\" \/>\n\t\t<meta property=\"og:description\" content=\"Officiellt AYN Odin 2 Mini-fodral Mjukt tygfoder f\u00f6r extra skydd. Snygg design med s\u00e4ker dragkedjef\u00f6rslutning. Paketet inneh\u00e5ller 1x AYN Odin 2 Mini-fodral\" \/>\n\t\t<meta property=\"og:url\" content=\"https:\/\/droix.eu\/sv\/product\/ayn-odin-2-mini-fodral\/\" \/>\n\t\t<meta property=\"og:image\" content=\"https:\/\/droix.eu\/wp-content\/uploads\/2024\/06\/droix-v2-light-logo.png\" \/>\n\t\t<meta property=\"og:image:secure_url\" content=\"https:\/\/droix.eu\/wp-content\/uploads\/2024\/06\/droix-v2-light-logo.png\" \/>\n\t\t<meta property=\"og:image:width\" content=\"380\" \/>\n\t\t<meta property=\"og:image:height\" content=\"118\" \/>\n\t\t<meta property=\"article:published_time\" content=\"2024-08-27T08:11:28+00:00\" \/>\n\t\t<meta property=\"article:modified_time\" content=\"2026-01-22T14:48:20+00:00\" \/>\n\t\t<meta property=\"article:publisher\" content=\"https:\/\/www.facebook.com\/DroiX.Store\" \/>\n\t\t<meta name=\"twitter:card\" content=\"summary_large_image\" \/>\n\t\t<meta name=\"twitter:site\" content=\"@DroiX_Store\" \/>\n\t\t<meta name=\"twitter:title\" content=\"AYN Odin 2 Mini-fodral - DROIX EU\" \/>\n\t\t<meta name=\"twitter:description\" content=\"Officiellt AYN Odin 2 Mini-fodral Mjukt tygfoder f\u00f6r extra skydd. Snygg design med s\u00e4ker dragkedjef\u00f6rslutning. Paketet inneh\u00e5ller 1x AYN Odin 2 Mini-fodral\" \/>\n\t\t<meta name=\"twitter:image\" content=\"https:\/\/droix.eu\/wp-content\/uploads\/2024\/06\/droix-v2-light-logo.png\" \/>\n\t\t<script type=\"application\/ld+json\" class=\"aioseo-schema\">\n\t\t\t{\"@context\":\"https:\\\/\\\/schema.org\",\"@graph\":[{\"@type\":\"BreadcrumbList\",\"@id\":\"https:\\\/\\\/droix.eu\\\/sv\\\/product\\\/ayn-odin-2-mini-fodral\\\/#breadcrumblist\",\"itemListElement\":[{\"@type\":\"ListItem\",\"@id\":\"https:\\\/\\\/droix.eu\\\/sv\\\/#listItem\",\"position\":1,\"name\":\"Home\",\"item\":\"https:\\\/\\\/droix.eu\\\/sv\\\/\",\"nextItem\":{\"@type\":\"ListItem\",\"@id\":\"https:\\\/\\\/droix.eu\\\/sv\\\/product-category\\\/tillbehor\\\/#listItem\",\"name\":\"Tillbeh\\u00f6r\"}},{\"@type\":\"ListItem\",\"@id\":\"https:\\\/\\\/droix.eu\\\/sv\\\/product-category\\\/tillbehor\\\/#listItem\",\"position\":2,\"name\":\"Tillbeh\\u00f6r\",\"item\":\"https:\\\/\\\/droix.eu\\\/sv\\\/product-category\\\/tillbehor\\\/\",\"nextItem\":{\"@type\":\"ListItem\",\"@id\":\"https:\\\/\\\/droix.eu\\\/sv\\\/product-category\\\/tillbehor\\\/tillbehor-for-spel\\\/#listItem\",\"name\":\"Tillbeh\\u00f6r f\\u00f6r spel\"},\"previousItem\":{\"@type\":\"ListItem\",\"@id\":\"https:\\\/\\\/droix.eu\\\/sv\\\/#listItem\",\"name\":\"Home\"}},{\"@type\":\"ListItem\",\"@id\":\"https:\\\/\\\/droix.eu\\\/sv\\\/product-category\\\/tillbehor\\\/tillbehor-for-spel\\\/#listItem\",\"position\":3,\"name\":\"Tillbeh\\u00f6r f\\u00f6r spel\",\"item\":\"https:\\\/\\\/droix.eu\\\/sv\\\/product-category\\\/tillbehor\\\/tillbehor-for-spel\\\/\",\"nextItem\":{\"@type\":\"ListItem\",\"@id\":\"https:\\\/\\\/droix.eu\\\/sv\\\/product\\\/ayn-odin-2-mini-fodral\\\/#listItem\",\"name\":\"AYN Odin 2 Mini-fodral\"},\"previousItem\":{\"@type\":\"ListItem\",\"@id\":\"https:\\\/\\\/droix.eu\\\/sv\\\/product-category\\\/tillbehor\\\/#listItem\",\"name\":\"Tillbeh\\u00f6r\"}},{\"@type\":\"ListItem\",\"@id\":\"https:\\\/\\\/droix.eu\\\/sv\\\/product\\\/ayn-odin-2-mini-fodral\\\/#listItem\",\"position\":4,\"name\":\"AYN Odin 2 Mini-fodral\",\"previousItem\":{\"@type\":\"ListItem\",\"@id\":\"https:\\\/\\\/droix.eu\\\/sv\\\/product-category\\\/tillbehor\\\/tillbehor-for-spel\\\/#listItem\",\"name\":\"Tillbeh\\u00f6r f\\u00f6r spel\"}}]},{\"@type\":\"Organization\",\"@id\":\"https:\\\/\\\/droix.eu\\\/sv\\\/#organization\",\"name\":\"DroiX \\u2013 Trusted EU Tech Retailer with 12+ Years Experience\",\"description\":\"DroiX is a leading European technology retailer with over 12 years of experience, offering quality mini PCs, handheld gaming consoles, and tech accessories. We provide hassle-free EU delivery with all taxes included, ensuring a smooth and reliable shopping experience for our customers across Europe.\",\"url\":\"https:\\\/\\\/droix.eu\\\/sv\\\/\",\"logo\":{\"@type\":\"ImageObject\",\"url\":\"https:\\\/\\\/droix.eu\\\/wp-content\\\/uploads\\\/2024\\\/06\\\/droix-v2-light-logo.png\",\"@id\":\"https:\\\/\\\/droix.eu\\\/sv\\\/product\\\/ayn-odin-2-mini-fodral\\\/#organizationLogo\",\"width\":380,\"height\":118},\"image\":{\"@id\":\"https:\\\/\\\/droix.eu\\\/sv\\\/product\\\/ayn-odin-2-mini-fodral\\\/#organizationLogo\"},\"sameAs\":[\"https:\\\/\\\/www.facebook.com\\\/DroiX.Store\",\"https:\\\/\\\/twitter.com\\\/DroiX_Store\",\"https:\\\/\\\/www.instagram.com\\\/droix.store\\\/\",\"https:\\\/\\\/www.tiktok.com\\\/@droix.store\",\"https:\\\/\\\/www.youtube.com\\\/c\\\/DroiX_Store\",\"https:\\\/\\\/uk.linkedin.com\\\/company\\\/droix\"]},{\"@type\":\"Product\",\"@id\":\"https:\\\/\\\/droix.eu\\\/sv\\\/product\\\/ayn-odin-2-mini-fodral\\\/#wooCommerceProduct\",\"name\":\"AYN Odin 2 Mini-fodral\",\"description\":\"Officiellt AYN Odin 2 Mini-fodral\\n \\tMjukt tygfoder f\\u00f6r extra skydd.\\n \\tSnygg design med s\\u00e4ker dragkedjef\\u00f6rslutning.\",\"url\":\"https:\\\/\\\/droix.eu\\\/sv\\\/product\\\/ayn-odin-2-mini-fodral\\\/\",\"sku\":\"AYN-ODIN-2-MINI-CASE\",\"gtin\":\"5060763679733\",\"image\":{\"@type\":\"ImageObject\",\"url\":\"https:\\\/\\\/droix.eu\\\/wp-content\\\/uploads\\\/2024\\\/08\\\/Layer-1.png\",\"@id\":\"https:\\\/\\\/droix.eu\\\/sv\\\/product\\\/ayn-odin-2-mini-fodral\\\/#productImage\",\"width\":1500,\"height\":1500},\"offers\":{\"@type\":\"Offer\",\"url\":\"https:\\\/\\\/droix.eu\\\/sv\\\/product\\\/ayn-odin-2-mini-fodral\\\/#wooCommerceOffer\",\"price\":25.77,\"priceCurrency\":\"EUR\",\"category\":\"Tillbeh\\u00f6r\",\"availability\":\"https:\\\/\\\/schema.org\\\/InStock\",\"priceSpecification\":{\"@type\":\"PriceSpecification\",\"price\":25.77,\"priceCurrency\":\"EUR\",\"valueAddedTaxIncluded\":\"true\"},\"seller\":{\"@type\":\"Organization\",\"@id\":\"https:\\\/\\\/droix.eu\\\/sv\\\/#organization\"}}},{\"@type\":\"WebPage\",\"@id\":\"https:\\\/\\\/droix.eu\\\/sv\\\/product\\\/ayn-odin-2-mini-fodral\\\/#webpage\",\"url\":\"https:\\\/\\\/droix.eu\\\/sv\\\/product\\\/ayn-odin-2-mini-fodral\\\/\",\"name\":\"AYN Odin 2 Mini-fodral - DROIX EU\",\"description\":\"Officiellt AYN Odin 2 Mini-fodral Mjukt tygfoder f\\u00f6r extra skydd. Snygg design med s\\u00e4ker dragkedjef\\u00f6rslutning. Paketet inneh\\u00e5ller 1x AYN Odin 2 Mini-fodral\",\"inLanguage\":\"sv-SE\",\"isPartOf\":{\"@id\":\"https:\\\/\\\/droix.eu\\\/sv\\\/#website\"},\"breadcrumb\":{\"@id\":\"https:\\\/\\\/droix.eu\\\/sv\\\/product\\\/ayn-odin-2-mini-fodral\\\/#breadcrumblist\"},\"image\":{\"@type\":\"ImageObject\",\"url\":\"https:\\\/\\\/droix.eu\\\/wp-content\\\/uploads\\\/2024\\\/08\\\/Layer-1.png\",\"@id\":\"https:\\\/\\\/droix.eu\\\/sv\\\/product\\\/ayn-odin-2-mini-fodral\\\/#mainImage\",\"width\":1500,\"height\":1500},\"primaryImageOfPage\":{\"@id\":\"https:\\\/\\\/droix.eu\\\/sv\\\/product\\\/ayn-odin-2-mini-fodral\\\/#mainImage\"},\"datePublished\":\"2024-08-27T09:11:28+01:00\",\"dateModified\":\"2026-01-22T14:48:20+00:00\"},{\"@type\":\"WebSite\",\"@id\":\"https:\\\/\\\/droix.eu\\\/sv\\\/#website\",\"url\":\"https:\\\/\\\/droix.eu\\\/sv\\\/\",\"name\":\"DROIX EU\",\"description\":\"Get the latest Mini PCs, Ultrabook, PC Gaming Handhelds and more!\",\"inLanguage\":\"sv-SE\",\"publisher\":{\"@id\":\"https:\\\/\\\/droix.eu\\\/sv\\\/#organization\"}}]}\n\t\t<\/script>\n\t\t<!-- All in One SEO Pro -->\r\n\t\t<title>AYN Odin 2 Mini-fodral - DROIX EU<\/title>\n\n","aioseo_head_json":{"title":"AYN Odin 2 Mini-fodral - DROIX EU","description":"Officiellt AYN Odin 2 Mini-fodral Mjukt tygfoder f\u00f6r extra skydd. Snygg design med s\u00e4ker dragkedjef\u00f6rslutning. Paketet inneh\u00e5ller 1x AYN Odin 2 Mini-fodral","canonical_url":"https:\/\/droix.eu\/sv\/product\/ayn-odin-2-mini-fodral\/","robots":"max-image-preview:large","keywords":"","webmasterTools":{"miscellaneous":""},"schema":{"@context":"https:\/\/schema.org","@graph":[{"@type":"BreadcrumbList","@id":"https:\/\/droix.eu\/sv\/product\/ayn-odin-2-mini-fodral\/#breadcrumblist","itemListElement":[{"@type":"ListItem","@id":"https:\/\/droix.eu\/sv\/#listItem","position":1,"name":"Home","item":"https:\/\/droix.eu\/sv\/","nextItem":{"@type":"ListItem","@id":"https:\/\/droix.eu\/sv\/product-category\/tillbehor\/#listItem","name":"Tillbeh\u00f6r"}},{"@type":"ListItem","@id":"https:\/\/droix.eu\/sv\/product-category\/tillbehor\/#listItem","position":2,"name":"Tillbeh\u00f6r","item":"https:\/\/droix.eu\/sv\/product-category\/tillbehor\/","nextItem":{"@type":"ListItem","@id":"https:\/\/droix.eu\/sv\/product-category\/tillbehor\/tillbehor-for-spel\/#listItem","name":"Tillbeh\u00f6r f\u00f6r spel"},"previousItem":{"@type":"ListItem","@id":"https:\/\/droix.eu\/sv\/#listItem","name":"Home"}},{"@type":"ListItem","@id":"https:\/\/droix.eu\/sv\/product-category\/tillbehor\/tillbehor-for-spel\/#listItem","position":3,"name":"Tillbeh\u00f6r f\u00f6r spel","item":"https:\/\/droix.eu\/sv\/product-category\/tillbehor\/tillbehor-for-spel\/","nextItem":{"@type":"ListItem","@id":"https:\/\/droix.eu\/sv\/product\/ayn-odin-2-mini-fodral\/#listItem","name":"AYN Odin 2 Mini-fodral"},"previousItem":{"@type":"ListItem","@id":"https:\/\/droix.eu\/sv\/product-category\/tillbehor\/#listItem","name":"Tillbeh\u00f6r"}},{"@type":"ListItem","@id":"https:\/\/droix.eu\/sv\/product\/ayn-odin-2-mini-fodral\/#listItem","position":4,"name":"AYN Odin 2 Mini-fodral","previousItem":{"@type":"ListItem","@id":"https:\/\/droix.eu\/sv\/product-category\/tillbehor\/tillbehor-for-spel\/#listItem","name":"Tillbeh\u00f6r f\u00f6r spel"}}]},{"@type":"Organization","@id":"https:\/\/droix.eu\/sv\/#organization","name":"DroiX \u2013 Trusted EU Tech Retailer with 12+ Years Experience","description":"DroiX is a leading European technology retailer with over 12 years of experience, offering quality mini PCs, handheld gaming consoles, and tech accessories. We provide hassle-free EU delivery with all taxes included, ensuring a smooth and reliable shopping experience for our customers across Europe.","url":"https:\/\/droix.eu\/sv\/","logo":{"@type":"ImageObject","url":"https:\/\/droix.eu\/wp-content\/uploads\/2024\/06\/droix-v2-light-logo.png","@id":"https:\/\/droix.eu\/sv\/product\/ayn-odin-2-mini-fodral\/#organizationLogo","width":380,"height":118},"image":{"@id":"https:\/\/droix.eu\/sv\/product\/ayn-odin-2-mini-fodral\/#organizationLogo"},"sameAs":["https:\/\/www.facebook.com\/DroiX.Store","https:\/\/twitter.com\/DroiX_Store","https:\/\/www.instagram.com\/droix.store\/","https:\/\/www.tiktok.com\/@droix.store","https:\/\/www.youtube.com\/c\/DroiX_Store","https:\/\/uk.linkedin.com\/company\/droix"]},{"@type":"Product","@id":"https:\/\/droix.eu\/sv\/product\/ayn-odin-2-mini-fodral\/#wooCommerceProduct","name":"AYN Odin 2 Mini-fodral","description":"Officiellt AYN Odin 2 Mini-fodral\n \tMjukt tygfoder f\u00f6r extra skydd.\n \tSnygg design med s\u00e4ker dragkedjef\u00f6rslutning.","url":"https:\/\/droix.eu\/sv\/product\/ayn-odin-2-mini-fodral\/","sku":"AYN-ODIN-2-MINI-CASE","gtin":"5060763679733","image":{"@type":"ImageObject","url":"https:\/\/droix.eu\/wp-content\/uploads\/2024\/08\/Layer-1.png","@id":"https:\/\/droix.eu\/sv\/product\/ayn-odin-2-mini-fodral\/#productImage","width":1500,"height":1500},"offers":{"@type":"Offer","url":"https:\/\/droix.eu\/sv\/product\/ayn-odin-2-mini-fodral\/#wooCommerceOffer","price":25.77,"priceCurrency":"EUR","category":"Tillbeh\u00f6r","availability":"https:\/\/schema.org\/InStock","priceSpecification":{"@type":"PriceSpecification","price":25.77,"priceCurrency":"EUR","valueAddedTaxIncluded":"true"},"seller":{"@type":"Organization","@id":"https:\/\/droix.eu\/sv\/#organization"}}},{"@type":"WebPage","@id":"https:\/\/droix.eu\/sv\/product\/ayn-odin-2-mini-fodral\/#webpage","url":"https:\/\/droix.eu\/sv\/product\/ayn-odin-2-mini-fodral\/","name":"AYN Odin 2 Mini-fodral - DROIX EU","description":"Officiellt AYN Odin 2 Mini-fodral Mjukt tygfoder f\u00f6r extra skydd. Snygg design med s\u00e4ker dragkedjef\u00f6rslutning. Paketet inneh\u00e5ller 1x AYN Odin 2 Mini-fodral","inLanguage":"sv-SE","isPartOf":{"@id":"https:\/\/droix.eu\/sv\/#website"},"breadcrumb":{"@id":"https:\/\/droix.eu\/sv\/product\/ayn-odin-2-mini-fodral\/#breadcrumblist"},"image":{"@type":"ImageObject","url":"https:\/\/droix.eu\/wp-content\/uploads\/2024\/08\/Layer-1.png","@id":"https:\/\/droix.eu\/sv\/product\/ayn-odin-2-mini-fodral\/#mainImage","width":1500,"height":1500},"primaryImageOfPage":{"@id":"https:\/\/droix.eu\/sv\/product\/ayn-odin-2-mini-fodral\/#mainImage"},"datePublished":"2024-08-27T09:11:28+01:00","dateModified":"2026-01-22T14:48:20+00:00"},{"@type":"WebSite","@id":"https:\/\/droix.eu\/sv\/#website","url":"https:\/\/droix.eu\/sv\/","name":"DROIX EU","description":"Get the latest Mini PCs, Ultrabook, PC Gaming Handhelds and more!","inLanguage":"sv-SE","publisher":{"@id":"https:\/\/droix.eu\/sv\/#organization"}}]},"og:locale":"sv_SE","og:site_name":"DROIX EU - Get the latest Mini PCs, Ultrabook, PC Gaming Handhelds and more!","og:type":"article","og:title":"AYN Odin 2 Mini-fodral - DROIX EU","og:description":"Officiellt AYN Odin 2 Mini-fodral Mjukt tygfoder f\u00f6r extra skydd. Snygg design med s\u00e4ker dragkedjef\u00f6rslutning. Paketet inneh\u00e5ller 1x AYN Odin 2 Mini-fodral","og:url":"https:\/\/droix.eu\/sv\/product\/ayn-odin-2-mini-fodral\/","og:image":"https:\/\/droix.eu\/wp-content\/uploads\/2024\/06\/droix-v2-light-logo.png","og:image:secure_url":"https:\/\/droix.eu\/wp-content\/uploads\/2024\/06\/droix-v2-light-logo.png","og:image:width":380,"og:image:height":118,"article:published_time":"2024-08-27T08:11:28+00:00","article:modified_time":"2026-01-22T14:48:20+00:00","article:publisher":"https:\/\/www.facebook.com\/DroiX.Store","twitter:card":"summary_large_image","twitter:site":"@DroiX_Store","twitter:title":"AYN Odin 2 Mini-fodral - DROIX EU","twitter:description":"Officiellt AYN Odin 2 Mini-fodral Mjukt tygfoder f\u00f6r extra skydd. Snygg design med s\u00e4ker dragkedjef\u00f6rslutning. Paketet inneh\u00e5ller 1x AYN Odin 2 Mini-fodral","twitter:image":"https:\/\/droix.eu\/wp-content\/uploads\/2024\/06\/droix-v2-light-logo.png"},"aioseo_meta_data":{"post_id":"508519","title":null,"description":null,"keywords":null,"keyphrases":null,"primary_term":null,"canonical_url":null,"og_title":null,"og_description":null,"og_object_type":"default","og_image_type":"default","og_image_url":null,"og_image_width":null,"og_image_height":null,"og_image_custom_url":null,"og_image_custom_fields":null,"og_video":null,"og_custom_url":null,"og_article_section":null,"og_article_tags":null,"twitter_use_og":true,"twitter_card":"default","twitter_image_type":"default","twitter_image_url":null,"twitter_image_custom_url":null,"twitter_image_custom_fields":null,"twitter_title":null,"twitter_description":null,"schema":{"blockGraphs":[],"customGraphs":[],"default":{"data":{"Article":[],"Course":[],"Dataset":[],"FAQPage":[],"Movie":[],"Person":[],"Product":[],"ProductReview":[],"Car":[],"Recipe":[],"Service":[],"SoftwareApplication":[],"WebPage":[]},"graphName":"Product","isEnabled":true},"graphs":[]},"schema_type":"default","schema_type_options":null,"pillar_content":false,"robots_default":true,"robots_noindex":false,"robots_noarchive":false,"robots_nosnippet":false,"robots_nofollow":false,"robots_noimageindex":false,"robots_noodp":false,"robots_notranslate":false,"robots_max_snippet":null,"robots_max_videopreview":null,"robots_max_imagepreview":"large","priority":null,"frequency":null,"local_seo":null,"seo_analyzer_scan_date":"2025-10-24 21:54:58","breadcrumb_settings":null,"limit_modified_date":false,"reviewed_by":null,"open_ai":null,"ai":null,"created":"2025-10-09 06:21:55","updated":"2026-01-24 08:45:54"},"aioseo_breadcrumb":"<div class=\"aioseo-breadcrumbs\"><span class=\"aioseo-breadcrumb\">\n\t<a href=\"https:\/\/droix.eu\/sv\/\" title=\"Home\">Home<\/a>\n<\/span><span class=\"aioseo-breadcrumb-separator\">&raquo;<\/span><span class=\"aioseo-breadcrumb\">\n\t<a href=\"https:\/\/droix.eu\/sv\/product-category\/tillbehor\/\" title=\"Tillbeh\u00f6r\">Tillbeh\u00f6r<\/a>\n<\/span><span class=\"aioseo-breadcrumb-separator\">&raquo;<\/span><span class=\"aioseo-breadcrumb\">\n\t<a href=\"https:\/\/droix.eu\/sv\/product-category\/tillbehor\/tillbehor-for-spel\/\" title=\"Tillbeh\u00f6r f\u00f6r spel\">Tillbeh\u00f6r f\u00f6r spel<\/a>\n<\/span><span class=\"aioseo-breadcrumb-separator\">&raquo;<\/span><span class=\"aioseo-breadcrumb\">\n\tAYN Odin 2 Mini-fodral\n<\/span><\/div>","aioseo_breadcrumb_json":[{"label":"Home","link":"https:\/\/droix.eu\/sv\/"},{"label":"Tillbeh\u00f6r","link":"https:\/\/droix.eu\/sv\/product-category\/tillbehor\/"},{"label":"Tillbeh\u00f6r f\u00f6r spel","link":"https:\/\/droix.eu\/sv\/product-category\/tillbehor\/tillbehor-for-spel\/"},{"label":"AYN Odin 2 Mini-fodral","link":"https:\/\/droix.eu\/sv\/product\/ayn-odin-2-mini-fodral\/"}],"_links":{"self":[{"href":"https:\/\/droix.eu\/sv\/wp-json\/wp\/v2\/product\/508519","targetHints":{"allow":["GET"]}}],"collection":[{"href":"https:\/\/droix.eu\/sv\/wp-json\/wp\/v2\/product"}],"about":[{"href":"https:\/\/droix.eu\/sv\/wp-json\/wp\/v2\/types\/product"}],"version-history":[{"count":0,"href":"https:\/\/droix.eu\/sv\/wp-json\/wp\/v2\/product\/508519\/revisions"}],"wp:featuredmedia":[{"embeddable":true,"href":"https:\/\/droix.eu\/sv\/wp-json\/wp\/v2\/media\/489803"}],"wp:attachment":[{"href":"https:\/\/droix.eu\/sv\/wp-json\/wp\/v2\/media?parent=508519"}],"wp:term":[{"taxonomy":"product_brand","embeddable":true,"href":"https:\/\/droix.eu\/sv\/wp-json\/wp\/v2\/product_brand?post=508519"},{"taxonomy":"product_cat","embeddable":true,"href":"https:\/\/droix.eu\/sv\/wp-json\/wp\/v2\/product_cat?post=508519"},{"taxonomy":"product_tag","embeddable":true,"href":"https:\/\/droix.eu\/sv\/wp-json\/wp\/v2\/product_tag?post=508519"},{"taxonomy":"woo-feed-brand","embeddable":true,"href":"https:\/\/droix.eu\/sv\/wp-json\/wp\/v2\/woo-feed-brand?post=508519"},{"taxonomy":"key-features","embeddable":true,"href":"https:\/\/droix.eu\/sv\/wp-json\/wp\/v2\/key-features?post=508519"}],"curies":[{"name":"wp","href":"https:\/\/api.w.org\/{rel}","templated":true}]}}