{"id":508313,"date":"2024-11-28T09:28:43","date_gmt":"2024-11-28T09:28:43","guid":{"rendered":"https:\/\/droix.eu\/product\/gpd-pocket-4-rs-232-modul\/"},"modified":"2026-03-28T07:58:00","modified_gmt":"2026-03-28T07:58:00","slug":"gpd-pocket-4-rs-232-modul","status":"publish","type":"product","link":"https:\/\/droix.eu\/sv\/product\/gpd-pocket-4-rs-232-modul\/","title":{"rendered":"GPD Pocket 4 RS-232-modul"},"content":{"rendered":"\n<p>GPD Pocket 4 har en exklusiv RS-232-modul som tillval, vilket g\u00f6r att anv\u00e4ndarna kan ansluta till ett brett utbud av seriella enheter.<\/p>\n\n<p><\/p>\n","protected":false},"excerpt":{"rendered":"<ul>\n<li><strong>Officiell GPD-tillbeh\u00f6r<\/strong><\/li>\n<li><strong>RS-232<\/strong> expansionsmodul<\/li>\n<li>Anslut till <strong>seriella<\/strong> enheter<\/li>\n<li>L\u00e4tt att installera i<strong> GPD Pocket 4<\/strong><\/li>\n<\/ul>\n[cg_accordion title=\"2 \u00e5rs garanti p\u00e5 alla GPD-produkter\"]<\/p>\n<p>Alla GPD-produkter levereras med 2 \u00e5rs garanti och backas upp av \u00f6ver 13 \u00e5rs p\u00e5litlig service. Bli en del av v\u00e5r gemenskap med \u00f6ver 500 000 n\u00f6jda kunder och k\u00e4nn dig trygg med ditt k\u00f6p. [\/cg_accordion]\n[cg_accordion title=\"Kvalitetss\u00e4kring och testning f\u00f6re avs\u00e4ndning\"]<\/p>\n<p>S\u00e4kerst\u00e4ller kundn\u00f6jdhet p\u00e5 h\u00f6gsta niv\u00e5: Varje enhet genomg\u00e5r rigor\u00f6sa tester och en kvalitetss\u00e4kringskontroll i flera punkter innan den skickas. V\u00e5rt dedikerade team verifierar prestanda, funktionalitet och komponentintegritet f\u00f6r att garantera att din GPD-enhet \u00e4r i perfekt skick vid ankomsten, vilket ger dig f\u00f6rtroende och sinnesfrid. [\/cg_accordion]\n[cg_accordion title=\"Flexibla och s\u00e4kra betalningsalternativ\"]<\/p>\n<p>Njut av sinnesfrid med v\u00e5rt s\u00e4kra kassasystem. Vi st\u00f6der alla st\u00f6rre betalningsmetoder, inklusive betal- och kreditkort, PayPal, Apple Pay, Google Pay, Klarna, Afterpay och Affirm &#8211; vilket ger dig friheten att betala p\u00e5 ditt s\u00e4tt, antingen i f\u00f6rskott eller i enkla delbetalningar. [\/cg_accordion]\n[cg_accordion title=\"Skatter\"]<\/p>\n<p>Priserna inkluderar till\u00e4mplig moms, som kan vara upp till 25% beroende p\u00e5 ditt land. Det exakta beloppet visas i kassan f\u00f6r att s\u00e4kerst\u00e4lla full transparens. [\/cg_accordion]\n[cg_accordion title=\"Frakt och returer\"]<\/p>\n<p>Vi arbetar med \u00f6ver 10 betrodda fraktpartners f\u00f6r att s\u00e4kerst\u00e4lla att din best\u00e4llning kommer fram snabbt, s\u00e4kert och tillf\u00f6rlitligt.<\/p>\n<p>Vi anv\u00e4nder Express DDP (Delivered Duty Paid) frakt. Detta inneb\u00e4r: <\/p>\n<li>Alla tullavgifter och skatter \u00e4r redan inkluderade i det produktpris som visas.<\/li>\n<li>Du kommer inte att f\u00e5 n\u00e5gra \u00f6verraskande avgifter vid leverans.<\/li>\n<li>I s\u00e4llsynta fall av tullf\u00f6rseningar kommer v\u00e5rt team att hantera klareringsprocessen \u00e5t dig f\u00f6r att s\u00e4kerst\u00e4lla en smidig leverans.<\/li>\n<p>Viktig information om returer:<\/p>\n<li>Om du returnerar din best\u00e4llning eller beg\u00e4r \u00e5terbetalning, observera att eventuella skatter och tullar som betalats f\u00f6r din r\u00e4kning enligt DDP-villkoren inte \u00e5terbetalas.<\/li>\n<p>F\u00f6r detaljerad information h\u00e4nvisas till v\u00e5ra allm\u00e4nna <a href=\"https:\/\/droix.eu\/sv\/villkor-och-bestammelser\/\" target=\"_blank\" rel=\"nofollow noopener\">villkor<\/a>.\n<\/ul>\n<p>[\/cg_accordion]\n[cg_accordion title=\"Kundtj\u00e4nst\"]<\/p>\n<p>Har du en fr\u00e5ga? Vi \u00e4r bara ett kort sms bort fr\u00e5n att ha l\u00f6st ditt problem! [\/cg_accordion]\n[cg_accordion title=\"Paketet inneh\u00e5ller\"]<\/p>\n<ul>\n<li>1x RS-232-modul<\/li>\n<\/ul>\n<p>[\/cg_accordion]\n","protected":false},"featured_media":495532,"template":"","meta":{"_acf_changed":false},"product_brand":[],"product_cat":[13323,13368],"product_tag":[],"woo-feed-brand":[],"key-features":[],"class_list":{"0":"post-508313","1":"product","2":"type-product","3":"status-publish","4":"has-post-thumbnail","6":"product_cat-tillbehor","7":"product_cat-tillbehor-till-barbara-datorer","8":"product_shipping_class-low-end","9":"pa_accessory-type-add-ons","10":"pa_brands-gpd-sv","11":"pa_compatibility-gpd-pocket-4-sv","13":"first","14":"instock","15":"sale","16":"taxable","17":"shipping-taxable","18":"purchasable","19":"product-type-simple"},"acf":[],"aioseo_notices":[],"aioseo_head":"\n\t\t<!-- All in One SEO Pro 4.9.5.2 - aioseo.com -->\n\t<meta name=\"description\" content=\"Officiell GPD-tillbeh\u00f6r RS-232 expansionsmodul Anslut till seriella enheter L\u00e4tt att installera i GPD Pocket 4\" \/>\n\t<meta name=\"robots\" content=\"max-image-preview:large\" \/>\n\t<link rel=\"canonical\" href=\"https:\/\/droix.eu\/sv\/product\/gpd-pocket-4-rs-232-modul\/\" \/>\n\t<meta name=\"generator\" content=\"All in One SEO Pro (AIOSEO) 4.9.5.2\" \/>\n\t\t<meta property=\"og:locale\" content=\"sv_SE\" \/>\n\t\t<meta property=\"og:site_name\" content=\"DROIX EU - Get the latest Mini PCs, Ultrabook, PC Gaming Handhelds and more!\" \/>\n\t\t<meta property=\"og:type\" content=\"article\" \/>\n\t\t<meta property=\"og:title\" content=\"GPD Pocket 4 RS-232-modul - DROIX EU\" \/>\n\t\t<meta property=\"og:description\" content=\"Officiell GPD-tillbeh\u00f6r RS-232 expansionsmodul Anslut till seriella enheter L\u00e4tt att installera i GPD Pocket 4\" \/>\n\t\t<meta property=\"og:url\" content=\"https:\/\/droix.eu\/sv\/product\/gpd-pocket-4-rs-232-modul\/\" \/>\n\t\t<meta property=\"og:image\" content=\"https:\/\/droix.eu\/wp-content\/uploads\/2024\/06\/droix-v2-light-logo.png\" \/>\n\t\t<meta property=\"og:image:secure_url\" content=\"https:\/\/droix.eu\/wp-content\/uploads\/2024\/06\/droix-v2-light-logo.png\" \/>\n\t\t<meta property=\"og:image:width\" content=\"380\" \/>\n\t\t<meta property=\"og:image:height\" content=\"118\" \/>\n\t\t<meta property=\"article:published_time\" content=\"2024-11-28T09:28:43+00:00\" \/>\n\t\t<meta property=\"article:modified_time\" content=\"2026-03-28T07:58:00+00:00\" \/>\n\t\t<meta property=\"article:publisher\" content=\"https:\/\/www.facebook.com\/DroiX.Store\" \/>\n\t\t<meta name=\"twitter:card\" content=\"summary_large_image\" \/>\n\t\t<meta name=\"twitter:site\" content=\"@DroiX_Store\" \/>\n\t\t<meta name=\"twitter:title\" content=\"GPD Pocket 4 RS-232-modul - DROIX EU\" \/>\n\t\t<meta name=\"twitter:description\" content=\"Officiell GPD-tillbeh\u00f6r RS-232 expansionsmodul Anslut till seriella enheter L\u00e4tt att installera i GPD Pocket 4\" \/>\n\t\t<meta name=\"twitter:image\" content=\"https:\/\/droix.eu\/wp-content\/uploads\/2024\/06\/droix-v2-light-logo.png\" \/>\n\t\t<script type=\"application\/ld+json\" class=\"aioseo-schema\">\n\t\t\t{\"@context\":\"https:\\\/\\\/schema.org\",\"@graph\":[{\"@type\":\"BreadcrumbList\",\"@id\":\"https:\\\/\\\/droix.eu\\\/sv\\\/product\\\/gpd-pocket-4-rs-232-modul\\\/#breadcrumblist\",\"itemListElement\":[{\"@type\":\"ListItem\",\"@id\":\"https:\\\/\\\/droix.eu\\\/sv\\\/#listItem\",\"position\":1,\"name\":\"Home\",\"item\":\"https:\\\/\\\/droix.eu\\\/sv\\\/\",\"nextItem\":{\"@type\":\"ListItem\",\"@id\":\"https:\\\/\\\/droix.eu\\\/sv\\\/product-category\\\/tillbehor\\\/#listItem\",\"name\":\"Tillbeh\\u00f6r\"}},{\"@type\":\"ListItem\",\"@id\":\"https:\\\/\\\/droix.eu\\\/sv\\\/product-category\\\/tillbehor\\\/#listItem\",\"position\":2,\"name\":\"Tillbeh\\u00f6r\",\"item\":\"https:\\\/\\\/droix.eu\\\/sv\\\/product-category\\\/tillbehor\\\/\",\"nextItem\":{\"@type\":\"ListItem\",\"@id\":\"https:\\\/\\\/droix.eu\\\/sv\\\/product-category\\\/tillbehor\\\/tillbehor-till-barbara-datorer\\\/#listItem\",\"name\":\"Tillbeh\\u00f6r till b\\u00e4rbara datorer\"},\"previousItem\":{\"@type\":\"ListItem\",\"@id\":\"https:\\\/\\\/droix.eu\\\/sv\\\/#listItem\",\"name\":\"Home\"}},{\"@type\":\"ListItem\",\"@id\":\"https:\\\/\\\/droix.eu\\\/sv\\\/product-category\\\/tillbehor\\\/tillbehor-till-barbara-datorer\\\/#listItem\",\"position\":3,\"name\":\"Tillbeh\\u00f6r till b\\u00e4rbara datorer\",\"item\":\"https:\\\/\\\/droix.eu\\\/sv\\\/product-category\\\/tillbehor\\\/tillbehor-till-barbara-datorer\\\/\",\"nextItem\":{\"@type\":\"ListItem\",\"@id\":\"https:\\\/\\\/droix.eu\\\/sv\\\/product\\\/gpd-pocket-4-rs-232-modul\\\/#listItem\",\"name\":\"GPD Pocket 4 RS-232-modul\"},\"previousItem\":{\"@type\":\"ListItem\",\"@id\":\"https:\\\/\\\/droix.eu\\\/sv\\\/product-category\\\/tillbehor\\\/#listItem\",\"name\":\"Tillbeh\\u00f6r\"}},{\"@type\":\"ListItem\",\"@id\":\"https:\\\/\\\/droix.eu\\\/sv\\\/product\\\/gpd-pocket-4-rs-232-modul\\\/#listItem\",\"position\":4,\"name\":\"GPD Pocket 4 RS-232-modul\",\"previousItem\":{\"@type\":\"ListItem\",\"@id\":\"https:\\\/\\\/droix.eu\\\/sv\\\/product-category\\\/tillbehor\\\/tillbehor-till-barbara-datorer\\\/#listItem\",\"name\":\"Tillbeh\\u00f6r till b\\u00e4rbara datorer\"}}]},{\"@type\":\"Organization\",\"@id\":\"https:\\\/\\\/droix.eu\\\/sv\\\/#organization\",\"name\":\"DroiX \\u2013 Trusted EU Tech Retailer with 12+ Years Experience\",\"description\":\"DroiX is a leading European technology retailer with over 12 years of experience, offering quality mini PCs, handheld gaming consoles, and tech accessories. We provide hassle-free EU delivery with all taxes included, ensuring a smooth and reliable shopping experience for our customers across Europe.\",\"url\":\"https:\\\/\\\/droix.eu\\\/sv\\\/\",\"logo\":{\"@type\":\"ImageObject\",\"url\":\"https:\\\/\\\/droix.eu\\\/wp-content\\\/uploads\\\/2024\\\/06\\\/droix-v2-light-logo.png\",\"@id\":\"https:\\\/\\\/droix.eu\\\/sv\\\/product\\\/gpd-pocket-4-rs-232-modul\\\/#organizationLogo\",\"width\":380,\"height\":118},\"image\":{\"@id\":\"https:\\\/\\\/droix.eu\\\/sv\\\/product\\\/gpd-pocket-4-rs-232-modul\\\/#organizationLogo\"},\"sameAs\":[\"https:\\\/\\\/www.facebook.com\\\/DroiX.Store\",\"https:\\\/\\\/twitter.com\\\/DroiX_Store\",\"https:\\\/\\\/www.instagram.com\\\/droix.store\\\/\",\"https:\\\/\\\/www.tiktok.com\\\/@droix.store\",\"https:\\\/\\\/www.youtube.com\\\/c\\\/DroiX_Store\",\"https:\\\/\\\/uk.linkedin.com\\\/company\\\/droix\"]},{\"@type\":\"Product\",\"@id\":\"https:\\\/\\\/droix.eu\\\/sv\\\/product\\\/gpd-pocket-4-rs-232-modul\\\/#wooCommerceProduct\",\"name\":\"GPD Pocket 4 RS-232-modul\",\"description\":\"Officiell GPD-tillbeh\\u00f6r\\n \\tRS-232 expansionsmodul\\n \\tAnslut till seriella enheter\\n \\tL\\u00e4tt att installera i GPD Pocket 4\",\"url\":\"https:\\\/\\\/droix.eu\\\/sv\\\/product\\\/gpd-pocket-4-rs-232-modul\\\/\",\"sku\":\"GPD-POCKET-4-RS_232-MODULE\",\"gtin\":\"5061077630410\",\"image\":{\"@type\":\"ImageObject\",\"url\":\"https:\\\/\\\/droix.eu\\\/wp-content\\\/uploads\\\/2024\\\/11\\\/GPD-POCKET-4-MODULE-RS-232-DONE-01.png\",\"@id\":\"https:\\\/\\\/droix.eu\\\/sv\\\/product\\\/gpd-pocket-4-rs-232-modul\\\/#productImage\",\"width\":1500,\"height\":1500,\"caption\":\"GPD Pocket 4 KVM-modul, som g\\u00f6r det m\\u00f6jligt f\\u00f6r GPD Pocket 4 Mini Laptop &amp; Tablet 2-In-1 att ansluta till ett brett utbud av seriella enheter.\"},\"offers\":{\"@type\":\"Offer\",\"url\":\"https:\\\/\\\/droix.eu\\\/sv\\\/product\\\/gpd-pocket-4-rs-232-modul\\\/#wooCommerceOffer\",\"price\":15.93,\"priceCurrency\":\"EUR\",\"category\":\"Tillbeh\\u00f6r\",\"availability\":\"https:\\\/\\\/schema.org\\\/InStock\",\"priceSpecification\":{\"@type\":\"PriceSpecification\",\"price\":15.93,\"priceCurrency\":\"EUR\",\"valueAddedTaxIncluded\":\"true\"},\"seller\":{\"@type\":\"Organization\",\"@id\":\"https:\\\/\\\/droix.eu\\\/sv\\\/#organization\"}}},{\"@type\":\"WebPage\",\"@id\":\"https:\\\/\\\/droix.eu\\\/sv\\\/product\\\/gpd-pocket-4-rs-232-modul\\\/#webpage\",\"url\":\"https:\\\/\\\/droix.eu\\\/sv\\\/product\\\/gpd-pocket-4-rs-232-modul\\\/\",\"name\":\"GPD Pocket 4 RS-232-modul - DROIX EU\",\"description\":\"Officiell GPD-tillbeh\\u00f6r RS-232 expansionsmodul Anslut till seriella enheter L\\u00e4tt att installera i GPD Pocket 4\",\"inLanguage\":\"sv-SE\",\"isPartOf\":{\"@id\":\"https:\\\/\\\/droix.eu\\\/sv\\\/#website\"},\"breadcrumb\":{\"@id\":\"https:\\\/\\\/droix.eu\\\/sv\\\/product\\\/gpd-pocket-4-rs-232-modul\\\/#breadcrumblist\"},\"image\":{\"@type\":\"ImageObject\",\"url\":\"https:\\\/\\\/droix.eu\\\/wp-content\\\/uploads\\\/2024\\\/11\\\/GPD-POCKET-4-MODULE-RS-232-DONE-01.png\",\"@id\":\"https:\\\/\\\/droix.eu\\\/sv\\\/product\\\/gpd-pocket-4-rs-232-modul\\\/#mainImage\",\"width\":1500,\"height\":1500,\"caption\":\"GPD Pocket 4 KVM-modul, som g\\u00f6r det m\\u00f6jligt f\\u00f6r GPD Pocket 4 Mini Laptop &amp; Tablet 2-In-1 att ansluta till ett brett utbud av seriella enheter.\"},\"primaryImageOfPage\":{\"@id\":\"https:\\\/\\\/droix.eu\\\/sv\\\/product\\\/gpd-pocket-4-rs-232-modul\\\/#mainImage\"},\"datePublished\":\"2024-11-28T09:28:43+00:00\",\"dateModified\":\"2026-03-28T07:58:00+00:00\"},{\"@type\":\"WebSite\",\"@id\":\"https:\\\/\\\/droix.eu\\\/sv\\\/#website\",\"url\":\"https:\\\/\\\/droix.eu\\\/sv\\\/\",\"name\":\"DROIX EU\",\"description\":\"Get the latest Mini PCs, Ultrabook, PC Gaming Handhelds and more!\",\"inLanguage\":\"sv-SE\",\"publisher\":{\"@id\":\"https:\\\/\\\/droix.eu\\\/sv\\\/#organization\"}}]}\n\t\t<\/script>\n\t\t<!-- All in One SEO Pro -->\r\n\t\t<title>GPD Pocket 4 RS-232-modul - DROIX EU<\/title>\n\n","aioseo_head_json":{"title":"GPD Pocket 4 RS-232-modul - DROIX EU","description":"Officiell GPD-tillbeh\u00f6r RS-232 expansionsmodul Anslut till seriella enheter L\u00e4tt att installera i GPD Pocket 4","canonical_url":"https:\/\/droix.eu\/sv\/product\/gpd-pocket-4-rs-232-modul\/","robots":"max-image-preview:large","keywords":"","webmasterTools":{"miscellaneous":""},"schema":{"@context":"https:\/\/schema.org","@graph":[{"@type":"BreadcrumbList","@id":"https:\/\/droix.eu\/sv\/product\/gpd-pocket-4-rs-232-modul\/#breadcrumblist","itemListElement":[{"@type":"ListItem","@id":"https:\/\/droix.eu\/sv\/#listItem","position":1,"name":"Home","item":"https:\/\/droix.eu\/sv\/","nextItem":{"@type":"ListItem","@id":"https:\/\/droix.eu\/sv\/product-category\/tillbehor\/#listItem","name":"Tillbeh\u00f6r"}},{"@type":"ListItem","@id":"https:\/\/droix.eu\/sv\/product-category\/tillbehor\/#listItem","position":2,"name":"Tillbeh\u00f6r","item":"https:\/\/droix.eu\/sv\/product-category\/tillbehor\/","nextItem":{"@type":"ListItem","@id":"https:\/\/droix.eu\/sv\/product-category\/tillbehor\/tillbehor-till-barbara-datorer\/#listItem","name":"Tillbeh\u00f6r till b\u00e4rbara datorer"},"previousItem":{"@type":"ListItem","@id":"https:\/\/droix.eu\/sv\/#listItem","name":"Home"}},{"@type":"ListItem","@id":"https:\/\/droix.eu\/sv\/product-category\/tillbehor\/tillbehor-till-barbara-datorer\/#listItem","position":3,"name":"Tillbeh\u00f6r till b\u00e4rbara datorer","item":"https:\/\/droix.eu\/sv\/product-category\/tillbehor\/tillbehor-till-barbara-datorer\/","nextItem":{"@type":"ListItem","@id":"https:\/\/droix.eu\/sv\/product\/gpd-pocket-4-rs-232-modul\/#listItem","name":"GPD Pocket 4 RS-232-modul"},"previousItem":{"@type":"ListItem","@id":"https:\/\/droix.eu\/sv\/product-category\/tillbehor\/#listItem","name":"Tillbeh\u00f6r"}},{"@type":"ListItem","@id":"https:\/\/droix.eu\/sv\/product\/gpd-pocket-4-rs-232-modul\/#listItem","position":4,"name":"GPD Pocket 4 RS-232-modul","previousItem":{"@type":"ListItem","@id":"https:\/\/droix.eu\/sv\/product-category\/tillbehor\/tillbehor-till-barbara-datorer\/#listItem","name":"Tillbeh\u00f6r till b\u00e4rbara datorer"}}]},{"@type":"Organization","@id":"https:\/\/droix.eu\/sv\/#organization","name":"DroiX \u2013 Trusted EU Tech Retailer with 12+ Years Experience","description":"DroiX is a leading European technology retailer with over 12 years of experience, offering quality mini PCs, handheld gaming consoles, and tech accessories. We provide hassle-free EU delivery with all taxes included, ensuring a smooth and reliable shopping experience for our customers across Europe.","url":"https:\/\/droix.eu\/sv\/","logo":{"@type":"ImageObject","url":"https:\/\/droix.eu\/wp-content\/uploads\/2024\/06\/droix-v2-light-logo.png","@id":"https:\/\/droix.eu\/sv\/product\/gpd-pocket-4-rs-232-modul\/#organizationLogo","width":380,"height":118},"image":{"@id":"https:\/\/droix.eu\/sv\/product\/gpd-pocket-4-rs-232-modul\/#organizationLogo"},"sameAs":["https:\/\/www.facebook.com\/DroiX.Store","https:\/\/twitter.com\/DroiX_Store","https:\/\/www.instagram.com\/droix.store\/","https:\/\/www.tiktok.com\/@droix.store","https:\/\/www.youtube.com\/c\/DroiX_Store","https:\/\/uk.linkedin.com\/company\/droix"]},{"@type":"Product","@id":"https:\/\/droix.eu\/sv\/product\/gpd-pocket-4-rs-232-modul\/#wooCommerceProduct","name":"GPD Pocket 4 RS-232-modul","description":"Officiell GPD-tillbeh\u00f6r\n \tRS-232 expansionsmodul\n \tAnslut till seriella enheter\n \tL\u00e4tt att installera i GPD Pocket 4","url":"https:\/\/droix.eu\/sv\/product\/gpd-pocket-4-rs-232-modul\/","sku":"GPD-POCKET-4-RS_232-MODULE","gtin":"5061077630410","image":{"@type":"ImageObject","url":"https:\/\/droix.eu\/wp-content\/uploads\/2024\/11\/GPD-POCKET-4-MODULE-RS-232-DONE-01.png","@id":"https:\/\/droix.eu\/sv\/product\/gpd-pocket-4-rs-232-modul\/#productImage","width":1500,"height":1500,"caption":"GPD Pocket 4 KVM-modul, som g\u00f6r det m\u00f6jligt f\u00f6r GPD Pocket 4 Mini Laptop &amp; Tablet 2-In-1 att ansluta till ett brett utbud av seriella enheter."},"offers":{"@type":"Offer","url":"https:\/\/droix.eu\/sv\/product\/gpd-pocket-4-rs-232-modul\/#wooCommerceOffer","price":15.93,"priceCurrency":"EUR","category":"Tillbeh\u00f6r","availability":"https:\/\/schema.org\/InStock","priceSpecification":{"@type":"PriceSpecification","price":15.93,"priceCurrency":"EUR","valueAddedTaxIncluded":"true"},"seller":{"@type":"Organization","@id":"https:\/\/droix.eu\/sv\/#organization"}}},{"@type":"WebPage","@id":"https:\/\/droix.eu\/sv\/product\/gpd-pocket-4-rs-232-modul\/#webpage","url":"https:\/\/droix.eu\/sv\/product\/gpd-pocket-4-rs-232-modul\/","name":"GPD Pocket 4 RS-232-modul - DROIX EU","description":"Officiell GPD-tillbeh\u00f6r RS-232 expansionsmodul Anslut till seriella enheter L\u00e4tt att installera i GPD Pocket 4","inLanguage":"sv-SE","isPartOf":{"@id":"https:\/\/droix.eu\/sv\/#website"},"breadcrumb":{"@id":"https:\/\/droix.eu\/sv\/product\/gpd-pocket-4-rs-232-modul\/#breadcrumblist"},"image":{"@type":"ImageObject","url":"https:\/\/droix.eu\/wp-content\/uploads\/2024\/11\/GPD-POCKET-4-MODULE-RS-232-DONE-01.png","@id":"https:\/\/droix.eu\/sv\/product\/gpd-pocket-4-rs-232-modul\/#mainImage","width":1500,"height":1500,"caption":"GPD Pocket 4 KVM-modul, som g\u00f6r det m\u00f6jligt f\u00f6r GPD Pocket 4 Mini Laptop &amp; Tablet 2-In-1 att ansluta till ett brett utbud av seriella enheter."},"primaryImageOfPage":{"@id":"https:\/\/droix.eu\/sv\/product\/gpd-pocket-4-rs-232-modul\/#mainImage"},"datePublished":"2024-11-28T09:28:43+00:00","dateModified":"2026-03-28T07:58:00+00:00"},{"@type":"WebSite","@id":"https:\/\/droix.eu\/sv\/#website","url":"https:\/\/droix.eu\/sv\/","name":"DROIX EU","description":"Get the latest Mini PCs, Ultrabook, PC Gaming Handhelds and more!","inLanguage":"sv-SE","publisher":{"@id":"https:\/\/droix.eu\/sv\/#organization"}}]},"og:locale":"sv_SE","og:site_name":"DROIX EU - Get the latest Mini PCs, Ultrabook, PC Gaming Handhelds and more!","og:type":"article","og:title":"GPD Pocket 4 RS-232-modul - DROIX EU","og:description":"Officiell GPD-tillbeh\u00f6r RS-232 expansionsmodul Anslut till seriella enheter L\u00e4tt att installera i GPD Pocket 4","og:url":"https:\/\/droix.eu\/sv\/product\/gpd-pocket-4-rs-232-modul\/","og:image":"https:\/\/droix.eu\/wp-content\/uploads\/2024\/06\/droix-v2-light-logo.png","og:image:secure_url":"https:\/\/droix.eu\/wp-content\/uploads\/2024\/06\/droix-v2-light-logo.png","og:image:width":380,"og:image:height":118,"article:published_time":"2024-11-28T09:28:43+00:00","article:modified_time":"2026-03-28T07:58:00+00:00","article:publisher":"https:\/\/www.facebook.com\/DroiX.Store","twitter:card":"summary_large_image","twitter:site":"@DroiX_Store","twitter:title":"GPD Pocket 4 RS-232-modul - DROIX EU","twitter:description":"Officiell GPD-tillbeh\u00f6r RS-232 expansionsmodul Anslut till seriella enheter L\u00e4tt att installera i GPD Pocket 4","twitter:image":"https:\/\/droix.eu\/wp-content\/uploads\/2024\/06\/droix-v2-light-logo.png"},"aioseo_meta_data":{"post_id":"508313","title":null,"description":null,"keywords":null,"keyphrases":{"focus":{"keyphrase":"","score":0,"analysis":{"keyphraseInTitle":{"score":0,"maxScore":9,"error":1}}},"additional":[]},"primary_term":null,"canonical_url":null,"og_title":null,"og_description":null,"og_object_type":"default","og_image_type":"default","og_image_url":null,"og_image_width":null,"og_image_height":null,"og_image_custom_url":null,"og_image_custom_fields":null,"og_video":"","og_custom_url":null,"og_article_section":null,"og_article_tags":null,"twitter_use_og":true,"twitter_card":"default","twitter_image_type":"default","twitter_image_url":null,"twitter_image_custom_url":null,"twitter_image_custom_fields":null,"twitter_title":null,"twitter_description":null,"schema":{"blockGraphs":[],"customGraphs":[],"default":{"data":{"Article":[],"Course":[],"Dataset":[],"FAQPage":[],"Movie":[],"Person":[],"Product":[],"ProductReview":[],"Car":[],"Recipe":[],"Service":[],"SoftwareApplication":[],"WebPage":[]},"graphName":"Product","isEnabled":true},"graphs":[]},"schema_type":"default","schema_type_options":null,"pillar_content":false,"robots_default":true,"robots_noindex":false,"robots_noarchive":false,"robots_nosnippet":false,"robots_nofollow":false,"robots_noimageindex":false,"robots_noodp":false,"robots_notranslate":false,"robots_max_snippet":"-1","robots_max_videopreview":"-1","robots_max_imagepreview":"large","priority":null,"frequency":"default","local_seo":null,"seo_analyzer_scan_date":"2026-03-28 13:41:24","breadcrumb_settings":null,"limit_modified_date":false,"reviewed_by":null,"open_ai":null,"ai":{"faqs":[],"keyPoints":[],"titles":[],"descriptions":[],"socialPosts":{"email":[],"linkedin":[],"twitter":[],"facebook":[],"instagram":[]}},"created":"2025-10-09 06:44:21","updated":"2026-03-28 13:41:24"},"aioseo_breadcrumb":"<div class=\"aioseo-breadcrumbs\"><span class=\"aioseo-breadcrumb\">\n\t<a href=\"https:\/\/droix.eu\/sv\/\" title=\"Home\">Home<\/a>\n<\/span><span class=\"aioseo-breadcrumb-separator\">&raquo;<\/span><span class=\"aioseo-breadcrumb\">\n\t<a href=\"https:\/\/droix.eu\/sv\/product-category\/tillbehor\/\" title=\"Tillbeh\u00f6r\">Tillbeh\u00f6r<\/a>\n<\/span><span class=\"aioseo-breadcrumb-separator\">&raquo;<\/span><span class=\"aioseo-breadcrumb\">\n\t<a href=\"https:\/\/droix.eu\/sv\/product-category\/tillbehor\/tillbehor-till-barbara-datorer\/\" title=\"Tillbeh\u00f6r till b\u00e4rbara datorer\">Tillbeh\u00f6r till b\u00e4rbara datorer<\/a>\n<\/span><span class=\"aioseo-breadcrumb-separator\">&raquo;<\/span><span class=\"aioseo-breadcrumb\">\n\tGPD Pocket 4 RS-232-modul\n<\/span><\/div>","aioseo_breadcrumb_json":[{"label":"Home","link":"https:\/\/droix.eu\/sv\/"},{"label":"Tillbeh\u00f6r","link":"https:\/\/droix.eu\/sv\/product-category\/tillbehor\/"},{"label":"Tillbeh\u00f6r till b\u00e4rbara datorer","link":"https:\/\/droix.eu\/sv\/product-category\/tillbehor\/tillbehor-till-barbara-datorer\/"},{"label":"GPD Pocket 4 RS-232-modul","link":"https:\/\/droix.eu\/sv\/product\/gpd-pocket-4-rs-232-modul\/"}],"_links":{"self":[{"href":"https:\/\/droix.eu\/sv\/wp-json\/wp\/v2\/product\/508313","targetHints":{"allow":["GET"]}}],"collection":[{"href":"https:\/\/droix.eu\/sv\/wp-json\/wp\/v2\/product"}],"about":[{"href":"https:\/\/droix.eu\/sv\/wp-json\/wp\/v2\/types\/product"}],"version-history":[{"count":0,"href":"https:\/\/droix.eu\/sv\/wp-json\/wp\/v2\/product\/508313\/revisions"}],"wp:featuredmedia":[{"embeddable":true,"href":"https:\/\/droix.eu\/sv\/wp-json\/wp\/v2\/media\/495532"}],"wp:attachment":[{"href":"https:\/\/droix.eu\/sv\/wp-json\/wp\/v2\/media?parent=508313"}],"wp:term":[{"taxonomy":"product_brand","embeddable":true,"href":"https:\/\/droix.eu\/sv\/wp-json\/wp\/v2\/product_brand?post=508313"},{"taxonomy":"product_cat","embeddable":true,"href":"https:\/\/droix.eu\/sv\/wp-json\/wp\/v2\/product_cat?post=508313"},{"taxonomy":"product_tag","embeddable":true,"href":"https:\/\/droix.eu\/sv\/wp-json\/wp\/v2\/product_tag?post=508313"},{"taxonomy":"woo-feed-brand","embeddable":true,"href":"https:\/\/droix.eu\/sv\/wp-json\/wp\/v2\/woo-feed-brand?post=508313"},{"taxonomy":"key-features","embeddable":true,"href":"https:\/\/droix.eu\/sv\/wp-json\/wp\/v2\/key-features?post=508313"}],"curies":[{"name":"wp","href":"https:\/\/api.w.org\/{rel}","templated":true}]}}