{"id":505083,"date":"2023-05-02T16:38:01","date_gmt":"2023-05-02T15:38:01","guid":{"rendered":"https:\/\/droix.eu\/lager-betalning-och-leverans\/"},"modified":"2025-04-23T01:11:36","modified_gmt":"2025-04-23T00:11:36","slug":"lager-betalning-och-leverans","status":"publish","type":"page","link":"https:\/\/droix.eu\/sv\/lager-betalning-och-leverans\/","title":{"rendered":"Lager, betalning och leverans"},"content":{"rendered":"\n<p>Vi \u00e4r glada att kunna meddela att <strong>DROIX <\/strong>nu erbjuder \u00e4nnu snabbare och mer prisv\u00e4rda fraktalternativ f\u00f6r alla dina elektroniska behov. V\u00e5rt \u00e5tagande att ge dig exceptionell kundservice str\u00e4cker sig till att s\u00e4kerst\u00e4lla att du f\u00e5r dina best\u00e4llningar s\u00e5 snabbt och effektivt som m\u00f6jligt, utan att bryta banken. <\/p>\n\n<p>P\u00e5 <strong>DROIX<\/strong> f\u00f6rst\u00e5r vi vikten av flexibilitet n\u00e4r det g\u00e4ller betalning. Det \u00e4r d\u00e4rf\u00f6r vi \u00e4r stolta \u00f6ver att acceptera betalning i alla st\u00f6rre valutor och metoder, inklusive kreditkort, betalkort, PayPal, BNPL-system och mer, f\u00f6r att g\u00f6ra din shoppingupplevelse s\u00f6ml\u00f6s och bekv\u00e4m. <\/p>\n\n<p>F\u00f6r att ytterligare f\u00f6rb\u00e4ttra v\u00e5r service skickar vi best\u00e4llningar fr\u00e5n v\u00e5ra strategiskt placerade lager i Storbritannien, Europa och USA. Detta g\u00f6r att vi kan leverera dina ink\u00f6p p\u00e5 kortast m\u00f6jliga tid samtidigt som vi minimerar fraktkostnaderna. <\/p>\n\n<p>Dessutom arbetar vi st\u00e4ndigt med att ut\u00f6ka v\u00e5ra fraktalternativ och f\u00f6rhandla fram b\u00e4ttre avtal med v\u00e5ra fraktpartners f\u00f6r att s\u00e4nka kostnaderna. V\u00e5rt m\u00e5l \u00e4r att \u00f6verf\u00f6ra dessa besparingar till dig och g\u00f6ra v\u00e5ra produkter \u00e4nnu mer tillg\u00e4ngliga f\u00f6r kunder \u00f6ver hela v\u00e4rlden. <\/p>\n\n<h2 class=\"wp-block-heading\">Aktieinformation<\/h2>\n\n<p>P\u00e5 <strong>DROIX<\/strong> str\u00e4var vi efter att h\u00e5lla dig informerad om tillg\u00e4ngligheten av v\u00e5ra produkter. F\u00f6r att hj\u00e4lpa dig att b\u00e4ttre f\u00f6rst\u00e5 de olika lagerstatusarna p\u00e5 v\u00e5r webbplats har vi gett en kort f\u00f6rklaring f\u00f6r var och en: <\/p>\n\n<ul class=\"wp-block-list\">\n<li><strong>I lager:<\/strong> N\u00e4r en produkt \u00e4r markerad som &#8220;I lager&#8221; betyder det att vi f\u00f6r n\u00e4rvarande har varan i v\u00e5rt lager och att den \u00e4r redo att skickas. Best\u00e4llningar av varor som finns i lager behandlas och skickas vanligtvis inom en kort period, vilket s\u00e4kerst\u00e4ller att du f\u00e5r dina produkter s\u00e5 snabbt som m\u00f6jligt. <\/li>\n\n\n\n<li><strong>I restorder:<\/strong> Om en produkt listas som &#8220;I restorder&#8221; betyder det att produkten har lanserats officiellt, men att den f\u00f6r n\u00e4rvarande inte finns i v\u00e5rt lager. Du kan vara s\u00e4ker p\u00e5 att vi kommer att skicka din best\u00e4llning s\u00e5 snart vi f\u00e5r nya varor fr\u00e5n tillverkarna. Datumet f\u00f6r restnotering anges vanligtvis p\u00e5 produktsidan, vilket ger dig en uppskattning av n\u00e4r du kan f\u00f6rv\u00e4nta dig att din best\u00e4llning skickas.  <\/li>\n\n\n\n<li><strong>F\u00f6rbest\u00e4llning:<\/strong> N\u00e4r du ser en produkt markerad som &#8220;F\u00f6rbest\u00e4llning&#8221; betyder det att produkten inte har lanserats officiellt \u00e4nnu. Genom att l\u00e4gga en f\u00f6rbest\u00e4llning reserverar du produkten och s\u00e4kerst\u00e4ller att du \u00e4r bland de f\u00f6rsta som f\u00e5r den n\u00e4r den har lanserats och vi har lager i v\u00e5ra lager.  Vi skickar f\u00f6rbest\u00e4llda varor till kunder s\u00e5 snart produkten blir tillg\u00e4nglig.<\/li>\n<\/ul>\n\n<p>Om du har n\u00e5gra fr\u00e5gor om huruvida varan finns i lager \u00e4r det bara att hoppa in p\u00e5 v\u00e5r <strong>Live Chat<\/strong> eller mejla oss p\u00e5 <strong><a>support@droix.co.uk<\/a><\/strong>s\u00e5 hj\u00e4lper vi mer \u00e4n g\u00e4rna till.<\/p>\n\n<h2 class=\"wp-block-heading\">Betalning<\/h2>\n\n<p>P\u00e5 <strong>DROIX<\/strong> f\u00f6rst\u00e5r vi vikten av att erbjuda flexibla och s\u00e4kra betalningsalternativ f\u00f6r en s\u00f6ml\u00f6s shoppingupplevelse. Det \u00e4r d\u00e4rf\u00f6r vi \u00e4r stolta \u00f6ver att acceptera ett brett utbud av betalningsmetoder som tillgodoser dina individuella preferenser och s\u00e4kerst\u00e4ller en problemfri utcheckningsprocess. <\/p>\n\n<p>Vi tar g\u00e4rna emot alla st\u00f6rre betal- och kreditkort, inklusive<\/p>\n\n<ul class=\"wp-block-list\">\n<li><strong>Apple Betala:<\/strong> G\u00f6r s\u00e4kra och kontaktl\u00f6sa betalningar med dina Apple-enheter.<\/li>\n\n\n\n<li><strong>Mastercard:<\/strong> Betala tryggt med ditt betrodda bankkort eller kreditkort fr\u00e5n Mastercard.<\/li>\n\n\n\n<li><strong>Visa:<\/strong> Lita p\u00e5 den globala r\u00e4ckvidden och s\u00e4kerheten hos ditt Visa betalkort eller kreditkort.<\/li>\n<\/ul>\n\n<p>F\u00f6rutom betal- och kreditkort accepterar vi \u00e4ven <strong>PayPal<\/strong>, en allm\u00e4nt erk\u00e4nd och s\u00e4ker betalningsplattform online. Med PayPal kan du handla tryggt, eftersom du vet att din finansiella information skyddas med avancerad krypteringsteknik. <\/p>\n\n<p>Genom att erbjuda flera betalningsalternativ str\u00e4var vi efter att ge dig den flexibilitet och bekv\u00e4mlighet du f\u00f6rtj\u00e4nar n\u00e4r du handlar p\u00e5 <strong>DROIX<\/strong>. Om du har n\u00e5gra fr\u00e5gor eller beh\u00f6ver hj\u00e4lp med kassaprocessen, tveka inte att kontakta v\u00e5rt dedikerade kundsupportteam. <\/p>\n\n<h2 class=\"wp-block-heading\">Frakt och skatt<\/h2>\n\n<p>Vi \u00e4r glada att kunna informera dig om att alla <strong>DROIX-best\u00e4llningar <\/strong>skickas uteslutande fr\u00e5n v\u00e5rt lager i Storbritannien, bel\u00e4get p\u00e5 54C Expressway, N Woolwich Rd, London, E16 2AA, Storbritannien. \u00c4ven om produktsidor kan h\u00e4nvisa till internationell leveranstillg\u00e4nglighet, v\u00e4nligen notera att <strong>alla varor skickas fr\u00e5n Storbritannien<\/strong>, oavsett destination. Vi driver inte n\u00e5gra leveranscenter i EU eller USA. Alla internationella best\u00e4llningar skickas fr\u00e5n Storbritannien och kan bli f\u00f6rem\u00e5l f\u00f6r importtullar och skatter, som ber\u00e4knas i kassan (i f\u00f6rekommande fall). V\u00e5rt logistikteam har \u00e5tagit sig att s\u00e4kerst\u00e4lla effektiv och snabb leverans \u00f6ver hela v\u00e4rlden fr\u00e5n v\u00e5r bas i Storbritannien.    <\/p>\n\n<ul class=\"wp-block-list\">\n<li><strong>Skatter inkluderade:<\/strong> Alla priser som anges p\u00e5 v\u00e5r webbplats inkluderar till\u00e4mpliga skatter, vilket g\u00f6r din kassaupplevelse transparent och bekymmersfri.<\/li>\n\n\n\n<li><strong>Importskatter:<\/strong> Kunder fr\u00e5n Storbritannien och USA kommer inte att drabbas av n\u00e5gra ytterligare importskatter. F\u00f6r kunder utanf\u00f6r dessa regioner kommer de flesta artiklar ocks\u00e5 att skickas med betalda skatter. Detta kommer att n\u00e4mnas p\u00e5 varje produktsida, vilket s\u00e4kerst\u00e4ller att inga dolda \u00f6verraskningar intr\u00e4ffar under leveransen.  \n<ul class=\"wp-block-list\">\n<li>Genom att slutf\u00f6ra ditt k\u00f6p till\u00e5ter du DROIX att betala dessa importskatter och tullar f\u00f6r din r\u00e4kning vid inf\u00f6rselst\u00e4llet. Dessa belopp betalas direkt till ditt lands tullmyndighet och \u00e5terbetalas d\u00e4rf\u00f6r inte under n\u00e5gra omst\u00e4ndigheter, inklusive nekade eller returnerade best\u00e4llningar. <\/li>\n\n\n\n<li>Se till att du \u00e4r bekant med ditt lands importregler innan du g\u00f6r en best\u00e4llning, eftersom vi inte kan \u00e5terkr\u00e4va eller ers\u00e4tta importavgifter n\u00e4r de har l\u00e4mnats till tullen.<\/li>\n<\/ul>\n<\/li>\n<\/ul>\n\n<p><strong>DROIX <\/strong>levererar stolt till f\u00f6ljande l\u00e4nder:<\/p>\n\n<ul class=\"wp-block-list\">\n<li>F\u00f6renade kungariket<\/li>\n\n\n\n<li>Albanien<\/li>\n\n\n\n<li>Andorra<\/li>\n\n\n\n<li>\u00d6sterrike<\/li>\n\n\n\n<li>Belgien<\/li>\n\n\n\n<li>Bosnien och Hercegovina<\/li>\n\n\n\n<li>Bulgarien<\/li>\n\n\n\n<li>Kanada<\/li>\n\n\n\n<li>Kroatien<\/li>\n\n\n\n<li>Tjeckien<\/li>\n\n\n\n<li>Danmark<\/li>\n\n\n\n<li>Estland<\/li>\n\n\n\n<li>Finland<\/li>\n\n\n\n<li>Frankrike<\/li>\n\n\n\n<li>Tyskland<\/li>\n\n\n\n<li>Grekland<\/li>\n\n\n\n<li>Ungern<\/li>\n\n\n\n<li>Island<\/li>\n\n\n\n<li>Irland<\/li>\n\n\n\n<li>Italien<\/li>\n\n\n\n<li>Lettland<\/li>\n\n\n\n<li>Litauen<\/li>\n\n\n\n<li>Luxemburg<\/li>\n\n\n\n<li>Malta<\/li>\n\n\n\n<li>Moldavien<\/li>\n\n\n\n<li>Montenegro<\/li>\n\n\n\n<li>Nederl\u00e4nderna<\/li>\n\n\n\n<li>Norge<\/li>\n\n\n\n<li>Polen<\/li>\n\n\n\n<li>Portugal<\/li>\n\n\n\n<li>Rum\u00e4nien<\/li>\n\n\n\n<li>Serbien<\/li>\n\n\n\n<li>Slovakien<\/li>\n\n\n\n<li>Slovenien<\/li>\n\n\n\n<li>Spanien<\/li>\n\n\n\n<li>Sverige<\/li>\n\n\n\n<li>Schweiz<\/li>\n\n\n\n<li>USA<\/li>\n<\/ul>\n\n<p>Vi erbjuder olika fraktmetoder baserat p\u00e5 artikelns klass. Avancerade produkter kan endast skickas via <strong>DHL Express<\/strong> f\u00f6r att s\u00e4kerst\u00e4lla s\u00e4ker och snabb leverans. V\u00e5ra tillg\u00e4ngliga leveransalternativ inkluderar <strong>DHL Express<\/strong>, <strong>DPD<\/strong>, <strong>GlobalMail<\/strong> och <strong>Royal Mail<\/strong>.  <\/p>\n\n<p>Vi hoppas att denna information f\u00f6rtydligar v\u00e5ra leveranspolicyer och f\u00f6rfaranden. Om du har ytterligare fr\u00e5gor eller funderingar \u00e4r du v\u00e4lkommen att kontakta v\u00e5rt kundtj\u00e4nstteam f\u00f6r hj\u00e4lp. <\/p>\n\n<h4 class=\"wp-block-heading\"><strong>Fraktkostnad och sp\u00e5rning<\/strong><\/h4>\n\n<p><strong>Sp\u00e5rning av order:<\/strong> Vi skickar alla v\u00e5ra best\u00e4llningar via sp\u00e5rade metoder, och ett e-postmeddelande med ditt sp\u00e5rningsnummer skickas ut efter att vi har skickat din best\u00e4llning.<\/p>\n\n<p><strong>Fraktkostnader:<\/strong> Fraktkostnaderna ber\u00e4knas utifr\u00e5n varans vikt, v\u00e4rde och destination, med en l\u00e4gsta fraktkostnad p\u00e5 10,11 GBP. F\u00f6r en korrekt ber\u00e4kning, l\u00e4gg till varan du vill k\u00f6pa i din kundvagn och ange din adress i kassan. <\/p>\n\n<p>Om du har n\u00e5gra fr\u00e5gor ang\u00e5ende din best\u00e4llning eller din sp\u00e5rning, tveka inte att <a href=\"https:\/\/droix.eu\/sv\/kontakta-oss\/\" target=\"_blank\" rel=\"noreferrer noopener\" data-type=\"page\" data-id=\"10257\">kontakta oss<\/a><\/p>\n","protected":false},"excerpt":{"rendered":"<p>Vi \u00e4r glada att kunna meddela att DROIX nu erbjuder \u00e4nnu snabbare och mer prisv\u00e4rda fraktalternativ f\u00f6r alla dina elektroniska behov. V\u00e5rt \u00e5tagande att ge dig exceptionell kundservice str\u00e4cker sig till att s\u00e4kerst\u00e4lla att du f\u00e5r dina best\u00e4llningar s\u00e5 snabbt och effektivt som m\u00f6jligt, utan att bryta banken. P\u00e5 DROIX f\u00f6rst\u00e5r vi vikten av flexibilitet [&hellip;]<\/p>\n","protected":false},"author":2,"featured_media":0,"parent":0,"menu_order":0,"comment_status":"closed","ping_status":"closed","template":"","meta":{"_acf_changed":false,"footnotes":""},"class_list":["post-505083","page","type-page","status-publish","hentry"],"acf":[],"aioseo_notices":[],"aioseo_head":"\n\t\t<!-- All in One SEO Pro 4.9.6.2 - aioseo.com -->\n\t<meta name=\"description\" content=\"Vi \u00e4r glada att kunna meddela att DROIX nu erbjuder \u00e4nnu snabbare och mer prisv\u00e4rda fraktalternativ f\u00f6r alla dina elektroniska behov. V\u00e5rt \u00e5tagande att ge dig exceptionell kundservice str\u00e4cker sig till att s\u00e4kerst\u00e4lla att du f\u00e5r dina best\u00e4llningar s\u00e5 snabbt och effektivt som m\u00f6jligt, utan att bryta banken. P\u00e5 DROIX f\u00f6rst\u00e5r vi vikten av flexibilitet\" \/>\n\t<meta name=\"robots\" content=\"max-image-preview:large\" \/>\n\t<link rel=\"canonical\" href=\"https:\/\/droix.eu\/sv\/lager-betalning-och-leverans\/\" \/>\n\t<meta name=\"generator\" content=\"All in One SEO Pro (AIOSEO) 4.9.6.2\" \/>\n\t\t<meta property=\"og:locale\" content=\"sv_SE\" \/>\n\t\t<meta property=\"og:site_name\" content=\"DROIX EU - Get the latest Mini PCs, Ultrabook, PC Gaming Handhelds and more!\" \/>\n\t\t<meta property=\"og:type\" content=\"article\" \/>\n\t\t<meta property=\"og:title\" content=\"Lager, betalning och leverans - DROIX EU\" \/>\n\t\t<meta property=\"og:description\" content=\"Vi \u00e4r glada att kunna meddela att DROIX nu erbjuder \u00e4nnu snabbare och mer prisv\u00e4rda fraktalternativ f\u00f6r alla dina elektroniska behov. V\u00e5rt \u00e5tagande att ge dig exceptionell kundservice str\u00e4cker sig till att s\u00e4kerst\u00e4lla att du f\u00e5r dina best\u00e4llningar s\u00e5 snabbt och effektivt som m\u00f6jligt, utan att bryta banken. P\u00e5 DROIX f\u00f6rst\u00e5r vi vikten av flexibilitet\" \/>\n\t\t<meta property=\"og:url\" content=\"https:\/\/droix.eu\/sv\/lager-betalning-och-leverans\/\" \/>\n\t\t<meta property=\"og:image\" content=\"https:\/\/droix.eu\/wp-content\/uploads\/2024\/06\/droix-v2-light-logo.png\" \/>\n\t\t<meta property=\"og:image:secure_url\" content=\"https:\/\/droix.eu\/wp-content\/uploads\/2024\/06\/droix-v2-light-logo.png\" \/>\n\t\t<meta property=\"og:image:width\" content=\"380\" \/>\n\t\t<meta property=\"og:image:height\" content=\"118\" \/>\n\t\t<meta property=\"article:published_time\" content=\"2023-05-02T15:38:01+00:00\" \/>\n\t\t<meta property=\"article:modified_time\" content=\"2025-04-23T00:11:36+00:00\" \/>\n\t\t<meta property=\"article:publisher\" content=\"https:\/\/www.facebook.com\/DroiX.Store\" \/>\n\t\t<meta name=\"twitter:card\" content=\"summary_large_image\" \/>\n\t\t<meta name=\"twitter:site\" content=\"@DroiX_Store\" \/>\n\t\t<meta name=\"twitter:title\" content=\"Lager, betalning och leverans - DROIX EU\" \/>\n\t\t<meta name=\"twitter:description\" content=\"Vi \u00e4r glada att kunna meddela att DROIX nu erbjuder \u00e4nnu snabbare och mer prisv\u00e4rda fraktalternativ f\u00f6r alla dina elektroniska behov. V\u00e5rt \u00e5tagande att ge dig exceptionell kundservice str\u00e4cker sig till att s\u00e4kerst\u00e4lla att du f\u00e5r dina best\u00e4llningar s\u00e5 snabbt och effektivt som m\u00f6jligt, utan att bryta banken. P\u00e5 DROIX f\u00f6rst\u00e5r vi vikten av flexibilitet\" \/>\n\t\t<meta name=\"twitter:creator\" content=\"@DroiX_Store\" \/>\n\t\t<meta name=\"twitter:image\" content=\"https:\/\/droix.eu\/wp-content\/uploads\/2024\/06\/droix-v2-light-logo.png\" \/>\n\t\t<script type=\"application\/ld+json\" class=\"aioseo-schema\">\n\t\t\t{\"@context\":\"https:\\\/\\\/schema.org\",\"@graph\":[{\"@type\":\"BreadcrumbList\",\"@id\":\"https:\\\/\\\/droix.eu\\\/sv\\\/lager-betalning-och-leverans\\\/#breadcrumblist\",\"itemListElement\":[{\"@type\":\"ListItem\",\"@id\":\"https:\\\/\\\/droix.eu\\\/sv\\\/#listItem\",\"position\":1,\"name\":\"Home\",\"item\":\"https:\\\/\\\/droix.eu\\\/sv\\\/\",\"nextItem\":{\"@type\":\"ListItem\",\"@id\":\"https:\\\/\\\/droix.eu\\\/sv\\\/lager-betalning-och-leverans\\\/#listItem\",\"name\":\"Lager, betalning och leverans\"}},{\"@type\":\"ListItem\",\"@id\":\"https:\\\/\\\/droix.eu\\\/sv\\\/lager-betalning-och-leverans\\\/#listItem\",\"position\":2,\"name\":\"Lager, betalning och leverans\",\"previousItem\":{\"@type\":\"ListItem\",\"@id\":\"https:\\\/\\\/droix.eu\\\/sv\\\/#listItem\",\"name\":\"Home\"}}]},{\"@type\":\"Organization\",\"@id\":\"https:\\\/\\\/droix.eu\\\/sv\\\/#organization\",\"name\":\"DroiX \\u2013 Trusted EU Tech Retailer with 12+ Years Experience\",\"description\":\"DroiX is a leading European technology retailer with over 12 years of experience, offering quality mini PCs, handheld gaming consoles, and tech accessories. We provide hassle-free EU delivery with all taxes included, ensuring a smooth and reliable shopping experience for our customers across Europe.\",\"url\":\"https:\\\/\\\/droix.eu\\\/sv\\\/\",\"logo\":{\"@type\":\"ImageObject\",\"url\":\"https:\\\/\\\/droix.eu\\\/wp-content\\\/uploads\\\/2024\\\/06\\\/droix-v2-light-logo.png\",\"@id\":\"https:\\\/\\\/droix.eu\\\/sv\\\/lager-betalning-och-leverans\\\/#organizationLogo\",\"width\":380,\"height\":118},\"image\":{\"@id\":\"https:\\\/\\\/droix.eu\\\/sv\\\/lager-betalning-och-leverans\\\/#organizationLogo\"},\"sameAs\":[\"https:\\\/\\\/www.facebook.com\\\/DroiX.Store\",\"https:\\\/\\\/twitter.com\\\/DroiX_Store\",\"https:\\\/\\\/www.instagram.com\\\/droix.store\\\/\",\"https:\\\/\\\/www.tiktok.com\\\/@droix.store\",\"https:\\\/\\\/www.youtube.com\\\/c\\\/DroiX_Store\",\"https:\\\/\\\/uk.linkedin.com\\\/company\\\/droix\"]},{\"@type\":\"WebPage\",\"@id\":\"https:\\\/\\\/droix.eu\\\/sv\\\/lager-betalning-och-leverans\\\/#webpage\",\"url\":\"https:\\\/\\\/droix.eu\\\/sv\\\/lager-betalning-och-leverans\\\/\",\"name\":\"Lager, betalning och leverans - DROIX EU\",\"description\":\"Vi \\u00e4r glada att kunna meddela att DROIX nu erbjuder \\u00e4nnu snabbare och mer prisv\\u00e4rda fraktalternativ f\\u00f6r alla dina elektroniska behov. V\\u00e5rt \\u00e5tagande att ge dig exceptionell kundservice str\\u00e4cker sig till att s\\u00e4kerst\\u00e4lla att du f\\u00e5r dina best\\u00e4llningar s\\u00e5 snabbt och effektivt som m\\u00f6jligt, utan att bryta banken. P\\u00e5 DROIX f\\u00f6rst\\u00e5r vi vikten av flexibilitet\",\"inLanguage\":\"sv-SE\",\"isPartOf\":{\"@id\":\"https:\\\/\\\/droix.eu\\\/sv\\\/#website\"},\"breadcrumb\":{\"@id\":\"https:\\\/\\\/droix.eu\\\/sv\\\/lager-betalning-och-leverans\\\/#breadcrumblist\"},\"datePublished\":\"2023-05-02T16:38:01+01:00\",\"dateModified\":\"2025-04-23T01:11:36+01:00\"},{\"@type\":\"WebSite\",\"@id\":\"https:\\\/\\\/droix.eu\\\/sv\\\/#website\",\"url\":\"https:\\\/\\\/droix.eu\\\/sv\\\/\",\"name\":\"DROIX EU\",\"description\":\"Get the latest Mini PCs, Ultrabook, PC Gaming Handhelds and more!\",\"inLanguage\":\"sv-SE\",\"publisher\":{\"@id\":\"https:\\\/\\\/droix.eu\\\/sv\\\/#organization\"}}]}\n\t\t<\/script>\n\t\t<!-- All in One SEO Pro -->\r\n\t\t<title>Lager, betalning och leverans - DROIX EU<\/title>\n\n","aioseo_head_json":{"title":"Lager, betalning och leverans - DROIX EU","description":"Vi \u00e4r glada att kunna meddela att DROIX nu erbjuder \u00e4nnu snabbare och mer prisv\u00e4rda fraktalternativ f\u00f6r alla dina elektroniska behov. V\u00e5rt \u00e5tagande att ge dig exceptionell kundservice str\u00e4cker sig till att s\u00e4kerst\u00e4lla att du f\u00e5r dina best\u00e4llningar s\u00e5 snabbt och effektivt som m\u00f6jligt, utan att bryta banken. P\u00e5 DROIX f\u00f6rst\u00e5r vi vikten av flexibilitet","canonical_url":"https:\/\/droix.eu\/sv\/lager-betalning-och-leverans\/","robots":"max-image-preview:large","keywords":"","webmasterTools":{"miscellaneous":""},"schema":{"@context":"https:\/\/schema.org","@graph":[{"@type":"BreadcrumbList","@id":"https:\/\/droix.eu\/sv\/lager-betalning-och-leverans\/#breadcrumblist","itemListElement":[{"@type":"ListItem","@id":"https:\/\/droix.eu\/sv\/#listItem","position":1,"name":"Home","item":"https:\/\/droix.eu\/sv\/","nextItem":{"@type":"ListItem","@id":"https:\/\/droix.eu\/sv\/lager-betalning-och-leverans\/#listItem","name":"Lager, betalning och leverans"}},{"@type":"ListItem","@id":"https:\/\/droix.eu\/sv\/lager-betalning-och-leverans\/#listItem","position":2,"name":"Lager, betalning och leverans","previousItem":{"@type":"ListItem","@id":"https:\/\/droix.eu\/sv\/#listItem","name":"Home"}}]},{"@type":"Organization","@id":"https:\/\/droix.eu\/sv\/#organization","name":"DroiX \u2013 Trusted EU Tech Retailer with 12+ Years Experience","description":"DroiX is a leading European technology retailer with over 12 years of experience, offering quality mini PCs, handheld gaming consoles, and tech accessories. We provide hassle-free EU delivery with all taxes included, ensuring a smooth and reliable shopping experience for our customers across Europe.","url":"https:\/\/droix.eu\/sv\/","logo":{"@type":"ImageObject","url":"https:\/\/droix.eu\/wp-content\/uploads\/2024\/06\/droix-v2-light-logo.png","@id":"https:\/\/droix.eu\/sv\/lager-betalning-och-leverans\/#organizationLogo","width":380,"height":118},"image":{"@id":"https:\/\/droix.eu\/sv\/lager-betalning-och-leverans\/#organizationLogo"},"sameAs":["https:\/\/www.facebook.com\/DroiX.Store","https:\/\/twitter.com\/DroiX_Store","https:\/\/www.instagram.com\/droix.store\/","https:\/\/www.tiktok.com\/@droix.store","https:\/\/www.youtube.com\/c\/DroiX_Store","https:\/\/uk.linkedin.com\/company\/droix"]},{"@type":"WebPage","@id":"https:\/\/droix.eu\/sv\/lager-betalning-och-leverans\/#webpage","url":"https:\/\/droix.eu\/sv\/lager-betalning-och-leverans\/","name":"Lager, betalning och leverans - DROIX EU","description":"Vi \u00e4r glada att kunna meddela att DROIX nu erbjuder \u00e4nnu snabbare och mer prisv\u00e4rda fraktalternativ f\u00f6r alla dina elektroniska behov. V\u00e5rt \u00e5tagande att ge dig exceptionell kundservice str\u00e4cker sig till att s\u00e4kerst\u00e4lla att du f\u00e5r dina best\u00e4llningar s\u00e5 snabbt och effektivt som m\u00f6jligt, utan att bryta banken. P\u00e5 DROIX f\u00f6rst\u00e5r vi vikten av flexibilitet","inLanguage":"sv-SE","isPartOf":{"@id":"https:\/\/droix.eu\/sv\/#website"},"breadcrumb":{"@id":"https:\/\/droix.eu\/sv\/lager-betalning-och-leverans\/#breadcrumblist"},"datePublished":"2023-05-02T16:38:01+01:00","dateModified":"2025-04-23T01:11:36+01:00"},{"@type":"WebSite","@id":"https:\/\/droix.eu\/sv\/#website","url":"https:\/\/droix.eu\/sv\/","name":"DROIX EU","description":"Get the latest Mini PCs, Ultrabook, PC Gaming Handhelds and more!","inLanguage":"sv-SE","publisher":{"@id":"https:\/\/droix.eu\/sv\/#organization"}}]},"og:locale":"sv_SE","og:site_name":"DROIX EU - Get the latest Mini PCs, Ultrabook, PC Gaming Handhelds and more!","og:type":"article","og:title":"Lager, betalning och leverans - DROIX EU","og:description":"Vi \u00e4r glada att kunna meddela att DROIX nu erbjuder \u00e4nnu snabbare och mer prisv\u00e4rda fraktalternativ f\u00f6r alla dina elektroniska behov. V\u00e5rt \u00e5tagande att ge dig exceptionell kundservice str\u00e4cker sig till att s\u00e4kerst\u00e4lla att du f\u00e5r dina best\u00e4llningar s\u00e5 snabbt och effektivt som m\u00f6jligt, utan att bryta banken. P\u00e5 DROIX f\u00f6rst\u00e5r vi vikten av flexibilitet","og:url":"https:\/\/droix.eu\/sv\/lager-betalning-och-leverans\/","og:image":"https:\/\/droix.eu\/wp-content\/uploads\/2024\/06\/droix-v2-light-logo.png","og:image:secure_url":"https:\/\/droix.eu\/wp-content\/uploads\/2024\/06\/droix-v2-light-logo.png","og:image:width":380,"og:image:height":118,"article:published_time":"2023-05-02T15:38:01+00:00","article:modified_time":"2025-04-23T00:11:36+00:00","article:publisher":"https:\/\/www.facebook.com\/DroiX.Store","twitter:card":"summary_large_image","twitter:site":"@DroiX_Store","twitter:title":"Lager, betalning och leverans - DROIX EU","twitter:description":"Vi \u00e4r glada att kunna meddela att DROIX nu erbjuder \u00e4nnu snabbare och mer prisv\u00e4rda fraktalternativ f\u00f6r alla dina elektroniska behov. V\u00e5rt \u00e5tagande att ge dig exceptionell kundservice str\u00e4cker sig till att s\u00e4kerst\u00e4lla att du f\u00e5r dina best\u00e4llningar s\u00e5 snabbt och effektivt som m\u00f6jligt, utan att bryta banken. P\u00e5 DROIX f\u00f6rst\u00e5r vi vikten av flexibilitet","twitter:creator":"@DroiX_Store","twitter:image":"https:\/\/droix.eu\/wp-content\/uploads\/2024\/06\/droix-v2-light-logo.png"},"aioseo_meta_data":{"post_id":"505083","title":null,"description":null,"keywords":null,"keyphrases":null,"primary_term":null,"canonical_url":null,"og_title":null,"og_description":null,"og_object_type":"default","og_image_type":"default","og_image_url":null,"og_image_width":null,"og_image_height":null,"og_image_custom_url":null,"og_image_custom_fields":null,"og_video":null,"og_custom_url":null,"og_article_section":null,"og_article_tags":null,"twitter_use_og":true,"twitter_card":"default","twitter_image_type":"default","twitter_image_url":null,"twitter_image_custom_url":null,"twitter_image_custom_fields":null,"twitter_title":null,"twitter_description":null,"schema":{"blockGraphs":[],"customGraphs":[],"default":{"data":{"Article":[],"Course":[],"Dataset":[],"FAQPage":[],"Movie":[],"Person":[],"Product":[],"ProductReview":[],"Car":[],"Recipe":[],"Service":[],"SoftwareApplication":[],"WebPage":[]},"graphName":"","isEnabled":true},"graphs":[]},"schema_type":"default","schema_type_options":null,"pillar_content":false,"robots_default":true,"robots_noindex":false,"robots_noarchive":false,"robots_nosnippet":false,"robots_nofollow":false,"robots_noimageindex":false,"robots_noodp":false,"robots_notranslate":false,"robots_max_snippet":null,"robots_max_videopreview":null,"robots_max_imagepreview":"large","priority":null,"frequency":null,"local_seo":null,"seo_analyzer_scan_date":"2025-09-17 00:16:43","breadcrumb_settings":null,"limit_modified_date":false,"reviewed_by":null,"open_ai":null,"ai":null,"created":"2025-09-17 00:16:43","updated":"2025-11-27 01:25:05"},"aioseo_breadcrumb":"<div class=\"aioseo-breadcrumbs\"><span class=\"aioseo-breadcrumb\">\n\t<a href=\"https:\/\/droix.eu\/sv\/\" title=\"Home\">Home<\/a>\n<\/span><span class=\"aioseo-breadcrumb-separator\">&raquo;<\/span><span class=\"aioseo-breadcrumb\">\n\tLager, betalning och leverans\n<\/span><\/div>","aioseo_breadcrumb_json":[{"label":"Home","link":"https:\/\/droix.eu\/sv\/"},{"label":"Lager, betalning och leverans","link":"https:\/\/droix.eu\/sv\/lager-betalning-och-leverans\/"}],"_links":{"self":[{"href":"https:\/\/droix.eu\/sv\/wp-json\/wp\/v2\/pages\/505083","targetHints":{"allow":["GET"]}}],"collection":[{"href":"https:\/\/droix.eu\/sv\/wp-json\/wp\/v2\/pages"}],"about":[{"href":"https:\/\/droix.eu\/sv\/wp-json\/wp\/v2\/types\/page"}],"author":[{"embeddable":true,"href":"https:\/\/droix.eu\/sv\/wp-json\/wp\/v2\/users\/2"}],"replies":[{"embeddable":true,"href":"https:\/\/droix.eu\/sv\/wp-json\/wp\/v2\/comments?post=505083"}],"version-history":[{"count":0,"href":"https:\/\/droix.eu\/sv\/wp-json\/wp\/v2\/pages\/505083\/revisions"}],"wp:attachment":[{"href":"https:\/\/droix.eu\/sv\/wp-json\/wp\/v2\/media?parent=505083"}],"curies":[{"name":"wp","href":"https:\/\/api.w.org\/{rel}","templated":true}]}}