{"id":504952,"date":"2021-12-23T11:49:46","date_gmt":"2021-12-23T11:49:46","guid":{"rendered":"https:\/\/droix.eu\/policy-for-cookies\/"},"modified":"2025-05-06T15:58:56","modified_gmt":"2025-05-06T14:58:56","slug":"policy-for-cookies","status":"publish","type":"page","link":"https:\/\/droix.eu\/sv\/policy-for-cookies\/","title":{"rendered":"Policy f\u00f6r cookies"},"content":{"rendered":"\n<p>F\u00f6ljande cookiepolicy ska tolkas i \u00f6verensst\u00e4mmelse med, &#8220;som en enhet&#8221; med, <a href=\"https:\/\/droix.eu\/sv\/villkor-och-bestammelser\/\" target=\"_blank\" rel=\"noreferrer noopener\">villkoren<\/a> och <a href=\"https:\/\/droix.eu\/sv\/integritetspolicy\/\" target=\"_blank\" rel=\"noreferrer noopener\">integritetspolicyn<\/a><\/p>\n\n<ol class=\"wp-block-list\">\n<li>Dessa f\u00f6rs\u00e4ljningsvillkor g\u00e4ller f\u00f6r alla varor som levereras av DROIX, med s\u00e4te p\u00e5 54C Expressway, N Woolwich Rd, London, E16 2AA, Storbritannien).\n<ol class=\"wp-block-list\">\n<li>I det angivna kontraktet \u00e4r h\u00e4nvisningar till: Vi (DROIX) \u00e4r leverant\u00f6ren och du (kunden)<\/li>\n<\/ol>\n<\/li>\n<\/ol>\n\n<ol class=\"wp-block-list\">\n<li>Leverant\u00f6rens webbplats anv\u00e4nder cookies f\u00f6r att s\u00e4rskilja kunden, dvs. Du, fr\u00e5n andra anv\u00e4ndare av webbplatsen. Detta hj\u00e4lper leverant\u00f6ren att ge dig en bra upplevelse n\u00e4r du surfar p\u00e5 leverant\u00f6rens webbplats och g\u00f6r det ocks\u00e5 m\u00f6jligt f\u00f6r leverant\u00f6ren att f\u00f6rb\u00e4ttra v\u00e5r webbplats. Genom att forts\u00e4tta surfa p\u00e5 webbplatsen godk\u00e4nner du Leverant\u00f6rens anv\u00e4ndning av cookies.  <\/li>\n\n\n\n<li>En cookie \u00e4r en liten fil med bokst\u00e4ver och siffror som leverant\u00f6ren lagrar i din webbl\u00e4sare eller p\u00e5 h\u00e5rddisken i din dator eller mobiltelefon om du samtycker till det. Cookies inneh\u00e5ller information som \u00f6verf\u00f6rs till din dators h\u00e5rddisk. <\/li>\n\n\n\n<li>Leverant\u00f6ren anv\u00e4nder f\u00f6ljande cookies:\n<ol class=\"wp-block-list\">\n<li>Str\u00e4ngt n\u00f6dv\u00e4ndiga cookies. Detta \u00e4r cookies som kr\u00e4vs f\u00f6r driften av Leverant\u00f6rens webbplats. De inkluderar till exempel cookies som g\u00f6r att du kan logga in p\u00e5 s\u00e4kra omr\u00e5den p\u00e5 Leverant\u00f6rens webbplats och utf\u00f6ra transaktioner.  <\/li>\n\n\n\n<li>Cookies f\u00f6r analys\/prestanda. De g\u00f6r det m\u00f6jligt f\u00f6r Leverant\u00f6ren att k\u00e4nna igen och r\u00e4kna antalet bes\u00f6kare och att se hur bes\u00f6karna r\u00f6r sig p\u00e5 Leverant\u00f6rens webbplats n\u00e4r de anv\u00e4nder den. Detta hj\u00e4lper leverant\u00f6ren att f\u00f6rb\u00e4ttra hur webbplatsen fungerar, till exempel genom att se till att anv\u00e4ndarna hittar vad de letar efter enkelt och utan kr\u00e5ngel.  <\/li>\n\n\n\n<li>Leverant\u00f6ren anv\u00e4nder cookies fr\u00e5n Google Analytics. Google Analytics samlar in information anonymt. Den rapporterar trender p\u00e5 webbplatsen utan att identifiera enskilda bes\u00f6kare. Du kan v\u00e4lja bort Google Analytics utan att det p\u00e5verkar hur du bes\u00f6ker den h\u00e4r webbplatsen. F\u00f6r mer information om Google Analytics, v\u00e4nligen klicka h\u00e4r.    <\/li>\n\n\n\n<li>Cookies f\u00f6r m\u00e5lgruppsanpassning. Dessa cookies registrerar ditt bes\u00f6k p\u00e5 Leverant\u00f6rens webbplats, de sidor du har bes\u00f6kt och de l\u00e4nkar du har f\u00f6ljt. Leverant\u00f6ren anv\u00e4nder denna information f\u00f6r att g\u00f6ra webbplatsen och den reklam som visas p\u00e5 den mer relevant f\u00f6r dina intressen. Leverant\u00f6ren kan ocks\u00e5 dela denna information med tredje part f\u00f6r detta \u00e4ndam\u00e5l.   <\/li>\n<\/ol>\n<\/li>\n\n\n\n<li>Observera att tredje part (inklusive till exempel annonsn\u00e4tverk och leverant\u00f6rer av externa tj\u00e4nster som webbtrafikanalystj\u00e4nster) ocks\u00e5 kan anv\u00e4nda cookies, \u00f6ver vilka leverant\u00f6ren inte har n\u00e5gon kontroll. Dessa cookies kommer sannolikt att vara analytiska\/prestanda cookies eller riktade cookies. <\/li>\n\n\n\n<li>Du kan blockera cookies genom att aktivera den inst\u00e4llning i din webbl\u00e4sare som g\u00f6r att du kan v\u00e4gra att ta emot alla eller vissa cookies. Om du anv\u00e4nder din webbl\u00e4sares inst\u00e4llningar f\u00f6r att blockera alla cookies (inklusive viktiga cookies) kanske du inte kan komma \u00e5t hela eller delar av Leverant\u00f6rens webbplats. <\/li>\n<\/ol>\n\n<h2 class=\"wp-block-heading\" id=\"h-cookie-description\">COOKIE-BESKRIVNING<\/h2>\n<p><script type=\"text\/javascript\" charset=\"UTF-8\" data-cookiescriptreport=\"report\" src=\"\/\/report.cookie-script.com\/r\/21c7c108a50ee55d6c4ed24051df0334.js\"><\/script><\/p>\n\n<p class=\"has-text-align-center\">Cookie Policy senast uppdaterad: 12 oktober, 2022 &#8211; 02:29AM.<\/p>\n","protected":false},"excerpt":{"rendered":"<p>F\u00f6ljande cookiepolicy ska tolkas i \u00f6verensst\u00e4mmelse med, &#8220;som en enhet&#8221; med, villkoren och integritetspolicyn COOKIE-BESKRIVNING Cookie Policy senast uppdaterad: 12 oktober, 2022 &#8211; 02:29AM.<\/p>\n","protected":false},"author":1,"featured_media":0,"parent":0,"menu_order":0,"comment_status":"closed","ping_status":"closed","template":"","meta":{"_acf_changed":false,"footnotes":""},"class_list":["post-504952","page","type-page","status-publish","hentry"],"acf":[],"aioseo_notices":[],"aioseo_head":"\n\t\t<!-- All in One SEO Pro 4.9.5.2 - aioseo.com -->\n\t<meta name=\"description\" content=\"F\u00f6ljande cookiepolicy ska tolkas i \u00f6verensst\u00e4mmelse med, &quot;som en enhet&quot; med, villkoren och integritetspolicyn Dessa f\u00f6rs\u00e4ljningsvillkor g\u00e4ller f\u00f6r alla varor som levereras av DROIX, med s\u00e4te p\u00e5 54C Expressway, N Woolwich Rd, London, E16 2AA, Storbritannien). I det angivna kontraktet \u00e4r h\u00e4nvisningar till: Vi (DROIX) \u00e4r leverant\u00f6ren och du (kunden) Leverant\u00f6rens webbplats anv\u00e4nder cookies f\u00f6r\" \/>\n\t<meta name=\"robots\" content=\"max-image-preview:large\" \/>\n\t<link rel=\"canonical\" href=\"https:\/\/droix.eu\/sv\/policy-for-cookies\/\" \/>\n\t<meta name=\"generator\" content=\"All in One SEO Pro (AIOSEO) 4.9.5.2\" \/>\n\t\t<meta property=\"og:locale\" content=\"sv_SE\" \/>\n\t\t<meta property=\"og:site_name\" content=\"DROIX EU - Get the latest Mini PCs, Ultrabook, PC Gaming Handhelds and more!\" \/>\n\t\t<meta property=\"og:type\" content=\"article\" \/>\n\t\t<meta property=\"og:title\" content=\"Policy f\u00f6r cookies - DROIX EU\" \/>\n\t\t<meta property=\"og:description\" content=\"F\u00f6ljande cookiepolicy ska tolkas i \u00f6verensst\u00e4mmelse med, &quot;som en enhet&quot; med, villkoren och integritetspolicyn Dessa f\u00f6rs\u00e4ljningsvillkor g\u00e4ller f\u00f6r alla varor som levereras av DROIX, med s\u00e4te p\u00e5 54C Expressway, N Woolwich Rd, London, E16 2AA, Storbritannien). I det angivna kontraktet \u00e4r h\u00e4nvisningar till: Vi (DROIX) \u00e4r leverant\u00f6ren och du (kunden) Leverant\u00f6rens webbplats anv\u00e4nder cookies f\u00f6r\" \/>\n\t\t<meta property=\"og:url\" content=\"https:\/\/droix.eu\/sv\/policy-for-cookies\/\" \/>\n\t\t<meta property=\"og:image\" content=\"https:\/\/droix.eu\/wp-content\/uploads\/2024\/06\/droix-v2-light-logo.png\" \/>\n\t\t<meta property=\"og:image:secure_url\" content=\"https:\/\/droix.eu\/wp-content\/uploads\/2024\/06\/droix-v2-light-logo.png\" \/>\n\t\t<meta property=\"og:image:width\" content=\"380\" \/>\n\t\t<meta property=\"og:image:height\" content=\"118\" \/>\n\t\t<meta property=\"article:published_time\" content=\"2021-12-23T11:49:46+00:00\" \/>\n\t\t<meta property=\"article:modified_time\" content=\"2025-05-06T14:58:56+00:00\" \/>\n\t\t<meta property=\"article:publisher\" content=\"https:\/\/www.facebook.com\/DroiX.Store\" \/>\n\t\t<meta name=\"twitter:card\" content=\"summary_large_image\" \/>\n\t\t<meta name=\"twitter:site\" content=\"@DroiX_Store\" \/>\n\t\t<meta name=\"twitter:title\" content=\"Policy f\u00f6r cookies - DROIX EU\" \/>\n\t\t<meta name=\"twitter:description\" content=\"F\u00f6ljande cookiepolicy ska tolkas i \u00f6verensst\u00e4mmelse med, &quot;som en enhet&quot; med, villkoren och integritetspolicyn Dessa f\u00f6rs\u00e4ljningsvillkor g\u00e4ller f\u00f6r alla varor som levereras av DROIX, med s\u00e4te p\u00e5 54C Expressway, N Woolwich Rd, London, E16 2AA, Storbritannien). I det angivna kontraktet \u00e4r h\u00e4nvisningar till: Vi (DROIX) \u00e4r leverant\u00f6ren och du (kunden) Leverant\u00f6rens webbplats anv\u00e4nder cookies f\u00f6r\" \/>\n\t\t<meta name=\"twitter:creator\" content=\"@DroiX_Store\" \/>\n\t\t<meta name=\"twitter:image\" content=\"https:\/\/droix.eu\/wp-content\/uploads\/2024\/06\/droix-v2-light-logo.png\" \/>\n\t\t<script type=\"application\/ld+json\" class=\"aioseo-schema\">\n\t\t\t{\"@context\":\"https:\\\/\\\/schema.org\",\"@graph\":[{\"@type\":\"BreadcrumbList\",\"@id\":\"https:\\\/\\\/droix.eu\\\/sv\\\/policy-for-cookies\\\/#breadcrumblist\",\"itemListElement\":[{\"@type\":\"ListItem\",\"@id\":\"https:\\\/\\\/droix.eu\\\/sv\\\/#listItem\",\"position\":1,\"name\":\"Home\",\"item\":\"https:\\\/\\\/droix.eu\\\/sv\\\/\",\"nextItem\":{\"@type\":\"ListItem\",\"@id\":\"https:\\\/\\\/droix.eu\\\/sv\\\/policy-for-cookies\\\/#listItem\",\"name\":\"Policy f\\u00f6r cookies\"}},{\"@type\":\"ListItem\",\"@id\":\"https:\\\/\\\/droix.eu\\\/sv\\\/policy-for-cookies\\\/#listItem\",\"position\":2,\"name\":\"Policy f\\u00f6r cookies\",\"previousItem\":{\"@type\":\"ListItem\",\"@id\":\"https:\\\/\\\/droix.eu\\\/sv\\\/#listItem\",\"name\":\"Home\"}}]},{\"@type\":\"Organization\",\"@id\":\"https:\\\/\\\/droix.eu\\\/sv\\\/#organization\",\"name\":\"DroiX \\u2013 Trusted EU Tech Retailer with 12+ Years Experience\",\"description\":\"DroiX is a leading European technology retailer with over 12 years of experience, offering quality mini PCs, handheld gaming consoles, and tech accessories. We provide hassle-free EU delivery with all taxes included, ensuring a smooth and reliable shopping experience for our customers across Europe.\",\"url\":\"https:\\\/\\\/droix.eu\\\/sv\\\/\",\"logo\":{\"@type\":\"ImageObject\",\"url\":\"https:\\\/\\\/droix.eu\\\/wp-content\\\/uploads\\\/2024\\\/06\\\/droix-v2-light-logo.png\",\"@id\":\"https:\\\/\\\/droix.eu\\\/sv\\\/policy-for-cookies\\\/#organizationLogo\",\"width\":380,\"height\":118},\"image\":{\"@id\":\"https:\\\/\\\/droix.eu\\\/sv\\\/policy-for-cookies\\\/#organizationLogo\"},\"sameAs\":[\"https:\\\/\\\/www.facebook.com\\\/DroiX.Store\",\"https:\\\/\\\/twitter.com\\\/DroiX_Store\",\"https:\\\/\\\/www.instagram.com\\\/droix.store\\\/\",\"https:\\\/\\\/www.tiktok.com\\\/@droix.store\",\"https:\\\/\\\/www.youtube.com\\\/c\\\/DroiX_Store\",\"https:\\\/\\\/uk.linkedin.com\\\/company\\\/droix\"]},{\"@type\":\"WebPage\",\"@id\":\"https:\\\/\\\/droix.eu\\\/sv\\\/policy-for-cookies\\\/#webpage\",\"url\":\"https:\\\/\\\/droix.eu\\\/sv\\\/policy-for-cookies\\\/\",\"name\":\"Policy f\\u00f6r cookies - DROIX EU\",\"description\":\"F\\u00f6ljande cookiepolicy ska tolkas i \\u00f6verensst\\u00e4mmelse med, \\\"som en enhet\\\" med, villkoren och integritetspolicyn Dessa f\\u00f6rs\\u00e4ljningsvillkor g\\u00e4ller f\\u00f6r alla varor som levereras av DROIX, med s\\u00e4te p\\u00e5 54C Expressway, N Woolwich Rd, London, E16 2AA, Storbritannien). I det angivna kontraktet \\u00e4r h\\u00e4nvisningar till: Vi (DROIX) \\u00e4r leverant\\u00f6ren och du (kunden) Leverant\\u00f6rens webbplats anv\\u00e4nder cookies f\\u00f6r\",\"inLanguage\":\"sv-SE\",\"isPartOf\":{\"@id\":\"https:\\\/\\\/droix.eu\\\/sv\\\/#website\"},\"breadcrumb\":{\"@id\":\"https:\\\/\\\/droix.eu\\\/sv\\\/policy-for-cookies\\\/#breadcrumblist\"},\"datePublished\":\"2021-12-23T11:49:46+00:00\",\"dateModified\":\"2025-05-06T15:58:56+01:00\"},{\"@type\":\"WebSite\",\"@id\":\"https:\\\/\\\/droix.eu\\\/sv\\\/#website\",\"url\":\"https:\\\/\\\/droix.eu\\\/sv\\\/\",\"name\":\"DROIX EU\",\"description\":\"Get the latest Mini PCs, Ultrabook, PC Gaming Handhelds and more!\",\"inLanguage\":\"sv-SE\",\"publisher\":{\"@id\":\"https:\\\/\\\/droix.eu\\\/sv\\\/#organization\"}}]}\n\t\t<\/script>\n\t\t<!-- All in One SEO Pro -->\r\n\t\t<title>Policy f\u00f6r cookies - DROIX EU<\/title>\n\n","aioseo_head_json":{"title":"Policy f\u00f6r cookies - DROIX EU","description":"F\u00f6ljande cookiepolicy ska tolkas i \u00f6verensst\u00e4mmelse med, \"som en enhet\" med, villkoren och integritetspolicyn Dessa f\u00f6rs\u00e4ljningsvillkor g\u00e4ller f\u00f6r alla varor som levereras av DROIX, med s\u00e4te p\u00e5 54C Expressway, N Woolwich Rd, London, E16 2AA, Storbritannien). I det angivna kontraktet \u00e4r h\u00e4nvisningar till: Vi (DROIX) \u00e4r leverant\u00f6ren och du (kunden) Leverant\u00f6rens webbplats anv\u00e4nder cookies f\u00f6r","canonical_url":"https:\/\/droix.eu\/sv\/policy-for-cookies\/","robots":"max-image-preview:large","keywords":"","webmasterTools":{"miscellaneous":""},"schema":{"@context":"https:\/\/schema.org","@graph":[{"@type":"BreadcrumbList","@id":"https:\/\/droix.eu\/sv\/policy-for-cookies\/#breadcrumblist","itemListElement":[{"@type":"ListItem","@id":"https:\/\/droix.eu\/sv\/#listItem","position":1,"name":"Home","item":"https:\/\/droix.eu\/sv\/","nextItem":{"@type":"ListItem","@id":"https:\/\/droix.eu\/sv\/policy-for-cookies\/#listItem","name":"Policy f\u00f6r cookies"}},{"@type":"ListItem","@id":"https:\/\/droix.eu\/sv\/policy-for-cookies\/#listItem","position":2,"name":"Policy f\u00f6r cookies","previousItem":{"@type":"ListItem","@id":"https:\/\/droix.eu\/sv\/#listItem","name":"Home"}}]},{"@type":"Organization","@id":"https:\/\/droix.eu\/sv\/#organization","name":"DroiX \u2013 Trusted EU Tech Retailer with 12+ Years Experience","description":"DroiX is a leading European technology retailer with over 12 years of experience, offering quality mini PCs, handheld gaming consoles, and tech accessories. We provide hassle-free EU delivery with all taxes included, ensuring a smooth and reliable shopping experience for our customers across Europe.","url":"https:\/\/droix.eu\/sv\/","logo":{"@type":"ImageObject","url":"https:\/\/droix.eu\/wp-content\/uploads\/2024\/06\/droix-v2-light-logo.png","@id":"https:\/\/droix.eu\/sv\/policy-for-cookies\/#organizationLogo","width":380,"height":118},"image":{"@id":"https:\/\/droix.eu\/sv\/policy-for-cookies\/#organizationLogo"},"sameAs":["https:\/\/www.facebook.com\/DroiX.Store","https:\/\/twitter.com\/DroiX_Store","https:\/\/www.instagram.com\/droix.store\/","https:\/\/www.tiktok.com\/@droix.store","https:\/\/www.youtube.com\/c\/DroiX_Store","https:\/\/uk.linkedin.com\/company\/droix"]},{"@type":"WebPage","@id":"https:\/\/droix.eu\/sv\/policy-for-cookies\/#webpage","url":"https:\/\/droix.eu\/sv\/policy-for-cookies\/","name":"Policy f\u00f6r cookies - DROIX EU","description":"F\u00f6ljande cookiepolicy ska tolkas i \u00f6verensst\u00e4mmelse med, \"som en enhet\" med, villkoren och integritetspolicyn Dessa f\u00f6rs\u00e4ljningsvillkor g\u00e4ller f\u00f6r alla varor som levereras av DROIX, med s\u00e4te p\u00e5 54C Expressway, N Woolwich Rd, London, E16 2AA, Storbritannien). I det angivna kontraktet \u00e4r h\u00e4nvisningar till: Vi (DROIX) \u00e4r leverant\u00f6ren och du (kunden) Leverant\u00f6rens webbplats anv\u00e4nder cookies f\u00f6r","inLanguage":"sv-SE","isPartOf":{"@id":"https:\/\/droix.eu\/sv\/#website"},"breadcrumb":{"@id":"https:\/\/droix.eu\/sv\/policy-for-cookies\/#breadcrumblist"},"datePublished":"2021-12-23T11:49:46+00:00","dateModified":"2025-05-06T15:58:56+01:00"},{"@type":"WebSite","@id":"https:\/\/droix.eu\/sv\/#website","url":"https:\/\/droix.eu\/sv\/","name":"DROIX EU","description":"Get the latest Mini PCs, Ultrabook, PC Gaming Handhelds and more!","inLanguage":"sv-SE","publisher":{"@id":"https:\/\/droix.eu\/sv\/#organization"}}]},"og:locale":"sv_SE","og:site_name":"DROIX EU - Get the latest Mini PCs, Ultrabook, PC Gaming Handhelds and more!","og:type":"article","og:title":"Policy f\u00f6r cookies - DROIX EU","og:description":"F\u00f6ljande cookiepolicy ska tolkas i \u00f6verensst\u00e4mmelse med, &quot;som en enhet&quot; med, villkoren och integritetspolicyn Dessa f\u00f6rs\u00e4ljningsvillkor g\u00e4ller f\u00f6r alla varor som levereras av DROIX, med s\u00e4te p\u00e5 54C Expressway, N Woolwich Rd, London, E16 2AA, Storbritannien). I det angivna kontraktet \u00e4r h\u00e4nvisningar till: Vi (DROIX) \u00e4r leverant\u00f6ren och du (kunden) Leverant\u00f6rens webbplats anv\u00e4nder cookies f\u00f6r","og:url":"https:\/\/droix.eu\/sv\/policy-for-cookies\/","og:image":"https:\/\/droix.eu\/wp-content\/uploads\/2024\/06\/droix-v2-light-logo.png","og:image:secure_url":"https:\/\/droix.eu\/wp-content\/uploads\/2024\/06\/droix-v2-light-logo.png","og:image:width":380,"og:image:height":118,"article:published_time":"2021-12-23T11:49:46+00:00","article:modified_time":"2025-05-06T14:58:56+00:00","article:publisher":"https:\/\/www.facebook.com\/DroiX.Store","twitter:card":"summary_large_image","twitter:site":"@DroiX_Store","twitter:title":"Policy f\u00f6r cookies - DROIX EU","twitter:description":"F\u00f6ljande cookiepolicy ska tolkas i \u00f6verensst\u00e4mmelse med, &quot;som en enhet&quot; med, villkoren och integritetspolicyn Dessa f\u00f6rs\u00e4ljningsvillkor g\u00e4ller f\u00f6r alla varor som levereras av DROIX, med s\u00e4te p\u00e5 54C Expressway, N Woolwich Rd, London, E16 2AA, Storbritannien). I det angivna kontraktet \u00e4r h\u00e4nvisningar till: Vi (DROIX) \u00e4r leverant\u00f6ren och du (kunden) Leverant\u00f6rens webbplats anv\u00e4nder cookies f\u00f6r","twitter:creator":"@DroiX_Store","twitter:image":"https:\/\/droix.eu\/wp-content\/uploads\/2024\/06\/droix-v2-light-logo.png"},"aioseo_meta_data":{"post_id":"504952","title":null,"description":null,"keywords":null,"keyphrases":null,"primary_term":null,"canonical_url":null,"og_title":null,"og_description":null,"og_object_type":"default","og_image_type":"default","og_image_url":null,"og_image_width":null,"og_image_height":null,"og_image_custom_url":null,"og_image_custom_fields":null,"og_video":null,"og_custom_url":null,"og_article_section":null,"og_article_tags":null,"twitter_use_og":true,"twitter_card":"default","twitter_image_type":"default","twitter_image_url":null,"twitter_image_custom_url":null,"twitter_image_custom_fields":null,"twitter_title":null,"twitter_description":null,"schema":{"blockGraphs":[],"customGraphs":[],"default":{"data":{"Article":[],"Course":[],"Dataset":[],"FAQPage":[],"Movie":[],"Person":[],"Product":[],"ProductReview":[],"Car":[],"Recipe":[],"Service":[],"SoftwareApplication":[],"WebPage":[]},"graphName":"","isEnabled":true},"graphs":[]},"schema_type":"default","schema_type_options":null,"pillar_content":false,"robots_default":true,"robots_noindex":false,"robots_noarchive":false,"robots_nosnippet":false,"robots_nofollow":false,"robots_noimageindex":false,"robots_noodp":false,"robots_notranslate":false,"robots_max_snippet":null,"robots_max_videopreview":null,"robots_max_imagepreview":"large","priority":null,"frequency":null,"local_seo":null,"seo_analyzer_scan_date":"2025-09-16 22:50:08","breadcrumb_settings":null,"limit_modified_date":false,"reviewed_by":null,"open_ai":null,"ai":null,"created":"2025-09-16 22:50:08","updated":"2025-11-27 00:05:22"},"aioseo_breadcrumb":"<div class=\"aioseo-breadcrumbs\"><span class=\"aioseo-breadcrumb\">\n\t<a href=\"https:\/\/droix.eu\/sv\/\" title=\"Home\">Home<\/a>\n<\/span><span class=\"aioseo-breadcrumb-separator\">&raquo;<\/span><span class=\"aioseo-breadcrumb\">\n\tPolicy f\u00f6r cookies\n<\/span><\/div>","aioseo_breadcrumb_json":[{"label":"Home","link":"https:\/\/droix.eu\/sv\/"},{"label":"Policy f\u00f6r cookies","link":"https:\/\/droix.eu\/sv\/policy-for-cookies\/"}],"_links":{"self":[{"href":"https:\/\/droix.eu\/sv\/wp-json\/wp\/v2\/pages\/504952","targetHints":{"allow":["GET"]}}],"collection":[{"href":"https:\/\/droix.eu\/sv\/wp-json\/wp\/v2\/pages"}],"about":[{"href":"https:\/\/droix.eu\/sv\/wp-json\/wp\/v2\/types\/page"}],"author":[{"embeddable":true,"href":"https:\/\/droix.eu\/sv\/wp-json\/wp\/v2\/users\/1"}],"replies":[{"embeddable":true,"href":"https:\/\/droix.eu\/sv\/wp-json\/wp\/v2\/comments?post=504952"}],"version-history":[{"count":0,"href":"https:\/\/droix.eu\/sv\/wp-json\/wp\/v2\/pages\/504952\/revisions"}],"wp:attachment":[{"href":"https:\/\/droix.eu\/sv\/wp-json\/wp\/v2\/media?parent=504952"}],"curies":[{"name":"wp","href":"https:\/\/api.w.org\/{rel}","templated":true}]}}