{"id":719747,"date":"2026-05-08T11:39:44","date_gmt":"2026-05-08T10:39:44","guid":{"rendered":"https:\/\/droix.eu\/product\/droix-140w-stenski-polnilnik-usb-c\/"},"modified":"2026-05-13T12:27:57","modified_gmt":"2026-05-13T11:27:57","slug":"droix-140w-stenski-polnilnik-usb-c","status":"publish","type":"product","link":"https:\/\/droix.eu\/sl\/product\/droix-140w-stenski-polnilnik-usb-c\/","title":{"rendered":"DROIX 140W stenski polnilnik USB-C"},"content":{"rendered":"\n<div class=\"wp-block-columns is-layout-flex wp-container-core-columns-is-layout-28f84493 wp-block-columns-is-layout-flex\">\n<div class=\"wp-block-column is-layout-flow wp-block-column-is-layout-flow\" style=\"flex-basis:33.33%\">\n<figure class=\"wp-block-image size-large\"><a href=\"https:\/\/droix.eu\/wp-content\/uploads\/2026\/05\/DROIX-140W-BLACK-DONE-01.png\"><img fetchpriority=\"high\" decoding=\"async\" width=\"1024\" height=\"1024\" src=\"https:\/\/droix.eu\/wp-content\/uploads\/2026\/05\/DROIX-140W-BLACK-DONE-01-1024x1024.png\" alt=\"Podroben prikaz izdelka dveh stenskih polnilnikov DROIX 140W GaN z razli&#x10D;nih zornih kotov na &#x10D;rnem ozadju. Polnilnik v ospredju je prikazan v pogledu od spredaj in s treh &#x10D;etrtin. Gre za matiran &#x10D;rn blok z ameri&#x161;kim zlo&#x17E;ljivim vti&#x10D;em, ki je na levi strani delno iztegnjen. Na njegovi strani je vidno belo besedilo z napisom &quot;CHARGER 140W&quot; z veliko &#x10D;rko &quot;O&quot; in majhno &#x10D;rko &quot;140&quot; nad &#x10D;rko &quot;O&quot;, pod njo pa je logotip DROIX. Na sprednjem sijajnem &#x10D;rnem obrazu je osrednji okrogli zaslon z dinami&#x10D;nim mavri&#x10D;nim obro&#x10D;em okoli belega besedila &quot;140 W&quot; in majhno zeleno ikono za polnjenje. Pod zaslonom je gumb ali indikator LED. Polnilec v ozadju je v zadnjem tri&#x10D;etrtinskem pogledu, na katerem so prikazani priklju&#x10D;ki in podrobnosti besedila. V majhnem belem besedilu so navedene obse&#x17E;ne ve&#x10D;vrsti&#x10D;ne tehni&#x10D;ne specifikacije in varnostni certifikati (kot so &#x161;tevilke modelov, nazivne napetosti\/toka ter oznake CE, FCC, UKCA). Ta enota prikazuje svoja &#x161;tiri izhodna vrata: od zgoraj navzdol, eno oran&#x17E;no obarvano vrata USB-A, ozna&#x10D;eno z majhnim besedilom &quot;22,5 W Max&quot;, ki mu sledijo tri vrata USB-C, ozna&#x10D;ena v vrstnem redu &quot;40 W&quot;, &quot;100 W&quot; in &quot;140 W&quot;. Obe enoti imata zgornje prezra&#x10D;evalne re&#x161;etke. Ta kompozicija zagotavlja celovit pogled na blagovno znamko, zaslon in zmogljivosti priklju&#x10D;kov polnilnika.          \" class=\"wp-image-719285\" srcset=\"https:\/\/droix.eu\/wp-content\/uploads\/2026\/05\/DROIX-140W-BLACK-DONE-01-1024x1024.png 1024w, https:\/\/droix.eu\/wp-content\/uploads\/2026\/05\/DROIX-140W-BLACK-DONE-01-300x300.png 300w, https:\/\/droix.eu\/wp-content\/uploads\/2026\/05\/DROIX-140W-BLACK-DONE-01-768x768.png 768w, https:\/\/droix.eu\/wp-content\/uploads\/2026\/05\/DROIX-140W-BLACK-DONE-01-990x990.png 990w, https:\/\/droix.eu\/wp-content\/uploads\/2026\/05\/DROIX-140W-BLACK-DONE-01-441x441.png 441w, https:\/\/droix.eu\/wp-content\/uploads\/2026\/05\/DROIX-140W-BLACK-DONE-01-100x100.png 100w, https:\/\/droix.eu\/wp-content\/uploads\/2026\/05\/DROIX-140W-BLACK-DONE-01-1000x1000.png 1000w, https:\/\/droix.eu\/wp-content\/uploads\/2026\/05\/DROIX-140W-BLACK-DONE-01-150x150.png 150w, https:\/\/droix.eu\/wp-content\/uploads\/2026\/05\/DROIX-140W-BLACK-DONE-01.png 1500w\" sizes=\"(max-width: 1024px) 100vw, 1024px\" \/><\/a><\/figure>\n<\/div>\n\n\n\n<div class=\"wp-block-column is-layout-flow wp-block-column-is-layout-flow\" style=\"flex-basis:66.66%\">\n<h2 class=\"wp-block-heading\"><strong><strong><strong>DROIX 140W USB-C GaN stenski polnilec: Najzmogljivej\u0161e visoko zmogljivo potovalno vozli\u0161\u010de<\/strong><\/strong><\/strong><\/h2>\n\n\n\n<p>Stenski polnilec DROIX 140W USB-C predstavlja naslednjo generacijo prenosnega napajanja, zasnovan posebej za uporabnike, ki zahtevajo u\u010dinkovitost brez velikih koli\u010din. Z vklju\u010ditvijo vrhunske tehnologije GaN (galijev nitrid) smo ustvarili polnilnik, ki zagotavlja velikansko zmogljivost, potrebno za vrhunsko delovanje vseh naprav, od najnovej\u0161ega telefona iPhone 17 do vrhunskih igralnih ro\u010dnih ra\u010dunalnikov. Posledi\u010dno odpravlja potrebo po ve\u010d obse\u017enih adapterjih, saj zdru\u017euje va\u0161e potrebe po polnjenju v eni elegantni, visoko u\u010dinkoviti napajalni enoti.  <\/p>\n<\/div>\n<\/div>\n\n<h2 class=\"wp-block-heading has-text-align-center\"><strong><strong><strong>Zakaj je DROIXov 140W polnilec USB-C GaN va\u0161 novi potovalni pripomo\u010dek<\/strong><\/strong><\/strong><\/h2>\n\n<div class=\"wp-block-columns is-layout-flex wp-container-core-columns-is-layout-28f84493 wp-block-columns-is-layout-flex\">\n<div class=\"wp-block-column is-layout-flow wp-block-column-is-layout-flow\">\n<figure class=\"wp-block-image size-large\"><a href=\"https:\/\/droix.eu\/wp-content\/uploads\/2026\/05\/DROIX-140W-MARKETING-DONE-05.jpg\"><img decoding=\"async\" width=\"1024\" height=\"1024\" src=\"https:\/\/droix.eu\/wp-content\/uploads\/2026\/05\/DROIX-140W-MARKETING-DONE-05-1024x1024.jpg\" alt=\"Droixov 140W polnilec z mo&#x17E;nostjo zlo&#x17E;ljivega EU\/US vti&#x10D;a in dimenzijami, prikazanimi na belem ozadju\" class=\"wp-image-719286\" srcset=\"https:\/\/droix.eu\/wp-content\/uploads\/2026\/05\/DROIX-140W-MARKETING-DONE-05-1024x1024.jpg 1024w, https:\/\/droix.eu\/wp-content\/uploads\/2026\/05\/DROIX-140W-MARKETING-DONE-05-300x300.jpg 300w, https:\/\/droix.eu\/wp-content\/uploads\/2026\/05\/DROIX-140W-MARKETING-DONE-05-768x768.jpg 768w, https:\/\/droix.eu\/wp-content\/uploads\/2026\/05\/DROIX-140W-MARKETING-DONE-05-990x990.jpg 990w, https:\/\/droix.eu\/wp-content\/uploads\/2026\/05\/DROIX-140W-MARKETING-DONE-05-441x441.jpg 441w, https:\/\/droix.eu\/wp-content\/uploads\/2026\/05\/DROIX-140W-MARKETING-DONE-05-100x100.jpg 100w, https:\/\/droix.eu\/wp-content\/uploads\/2026\/05\/DROIX-140W-MARKETING-DONE-05-1000x1000.jpg 1000w, https:\/\/droix.eu\/wp-content\/uploads\/2026\/05\/DROIX-140W-MARKETING-DONE-05-150x150.jpg 150w, https:\/\/droix.eu\/wp-content\/uploads\/2026\/05\/DROIX-140W-MARKETING-DONE-05.jpg 1500w\" sizes=\"(max-width: 1024px) 100vw, 1024px\" \/><\/a><\/figure>\n<\/div>\n\n\n\n<div class=\"wp-block-column is-layout-flow wp-block-column-is-layout-flow\">\n<figure class=\"wp-block-image size-large\"><a href=\"https:\/\/droix.eu\/wp-content\/uploads\/2026\/05\/DROIX-140W-MARKETING-DONE-012.jpg\"><img decoding=\"async\" width=\"1024\" height=\"1024\" src=\"https:\/\/droix.eu\/wp-content\/uploads\/2026\/05\/DROIX-140W-MARKETING-DONE-012-1024x1024.jpg\" alt=\"Stenski polnilnik DROIX 140W USB-C, ki je priklju&#x10D;en v stensko vti&#x10D;nico, hkrati polni &#x161;tiri naprave, vklju&#x10D;no s prenosnikom, tabli&#x10D;nim ra&#x10D;unalnikom, pametnim telefonom in pametno uro. Na sliki je poudarjena zmogljivost &quot;hkratnega polnjenja 4 naprav&quot; s &#x161;tirimi kabli, priklju&#x10D;enimi na spodnji del naprave. \" class=\"wp-image-719287\" srcset=\"https:\/\/droix.eu\/wp-content\/uploads\/2026\/05\/DROIX-140W-MARKETING-DONE-012-1024x1024.jpg 1024w, https:\/\/droix.eu\/wp-content\/uploads\/2026\/05\/DROIX-140W-MARKETING-DONE-012-300x300.jpg 300w, https:\/\/droix.eu\/wp-content\/uploads\/2026\/05\/DROIX-140W-MARKETING-DONE-012-768x768.jpg 768w, https:\/\/droix.eu\/wp-content\/uploads\/2026\/05\/DROIX-140W-MARKETING-DONE-012-990x990.jpg 990w, https:\/\/droix.eu\/wp-content\/uploads\/2026\/05\/DROIX-140W-MARKETING-DONE-012-441x441.jpg 441w, https:\/\/droix.eu\/wp-content\/uploads\/2026\/05\/DROIX-140W-MARKETING-DONE-012-100x100.jpg 100w, https:\/\/droix.eu\/wp-content\/uploads\/2026\/05\/DROIX-140W-MARKETING-DONE-012-1000x1000.jpg 1000w, https:\/\/droix.eu\/wp-content\/uploads\/2026\/05\/DROIX-140W-MARKETING-DONE-012-150x150.jpg 150w, https:\/\/droix.eu\/wp-content\/uploads\/2026\/05\/DROIX-140W-MARKETING-DONE-012.jpg 1500w\" sizes=\"(max-width: 1024px) 100vw, 1024px\" \/><\/a><\/figure>\n<\/div>\n<\/div>\n\n<p class=\"has-text-align-left\">Osnova te zasnove je prenosljivost. Polnilec DROIX 140 W meri le 71 mm in je bistveno manj\u0161i od standardne opeke za prenosni ra\u010dunalnik. Kljub svoji kompaktni velikosti je dovolj zmogljiv, da <a href=\"https:\/\/droix.eu\/sl\/product\/gpd-win-max-2-2025\/\" target=\"_blank\" rel=\"noopener\" title=\"\">s polno hitrostjo polni MacBook Pro 16&#8243; ali GPD WIN MAX 2<\/a>.  <\/p>\n\n<p class=\"has-text-align-left\">Poleg tega vam sistem brez\u0161ivnega pripenjanja omogo\u010da enostavno zamenjavo vti\u010dev iz Velike Britanije, EU, ZDA in AUS. Zato je resni\u010dno globalni spremljevalec za sodobne digitalne nomade. Ker se prilagaja razli\u010dnim mednarodnim vti\u010dnicam, lahko potujete z zaupanjem, da bo va\u0161a oprema &#8211; od iPhona 16 do Nintenda Switch 2 &#8211; ostala napajana.  <\/p>\n\n<h2 class=\"wp-block-heading has-text-align-center\"><strong><strong><strong>Napredni standardi za napajanje GaN in PD 3.1<\/strong><\/strong><\/strong><\/h2>\n\n<div class=\"wp-block-columns is-layout-flex wp-container-core-columns-is-layout-28f84493 wp-block-columns-is-layout-flex\">\n<div class=\"wp-block-column is-layout-flow wp-block-column-is-layout-flow\">\n<figure class=\"wp-block-image size-large\"><a href=\"https:\/\/droix.eu\/wp-content\/uploads\/2026\/05\/DROIX-140W-MARKETING-DONE-011.jpg\"><img loading=\"lazy\" decoding=\"async\" width=\"1024\" height=\"1024\" src=\"https:\/\/droix.eu\/wp-content\/uploads\/2026\/05\/DROIX-140W-MARKETING-DONE-011-1024x1024.jpg\" alt=\"Bli&#x17E;nji posnetek srebrnega polnilnika DROIX 140W, ki prikazuje &#x161;tiri vrata in vgrajen vizualni zaslon. Besedilo poudarja tehnologijo &quot;140W PD 3.1&quot; in poudarja njegovo sposobnost samodejnega prilagajanja in hitrega polnjenja zmogljivih prenosnikov. \" class=\"wp-image-719288\" srcset=\"https:\/\/droix.eu\/wp-content\/uploads\/2026\/05\/DROIX-140W-MARKETING-DONE-011-1024x1024.jpg 1024w, https:\/\/droix.eu\/wp-content\/uploads\/2026\/05\/DROIX-140W-MARKETING-DONE-011-300x300.jpg 300w, https:\/\/droix.eu\/wp-content\/uploads\/2026\/05\/DROIX-140W-MARKETING-DONE-011-768x768.jpg 768w, https:\/\/droix.eu\/wp-content\/uploads\/2026\/05\/DROIX-140W-MARKETING-DONE-011-990x990.jpg 990w, https:\/\/droix.eu\/wp-content\/uploads\/2026\/05\/DROIX-140W-MARKETING-DONE-011-441x441.jpg 441w, https:\/\/droix.eu\/wp-content\/uploads\/2026\/05\/DROIX-140W-MARKETING-DONE-011-100x100.jpg 100w, https:\/\/droix.eu\/wp-content\/uploads\/2026\/05\/DROIX-140W-MARKETING-DONE-011-1000x1000.jpg 1000w, https:\/\/droix.eu\/wp-content\/uploads\/2026\/05\/DROIX-140W-MARKETING-DONE-011-150x150.jpg 150w, https:\/\/droix.eu\/wp-content\/uploads\/2026\/05\/DROIX-140W-MARKETING-DONE-011.jpg 1500w\" sizes=\"(max-width: 1024px) 100vw, 1024px\" \/><\/a><\/figure>\n<\/div>\n\n\n\n<div class=\"wp-block-column is-layout-flow wp-block-column-is-layout-flow\">\n<figure class=\"wp-block-image size-large\"><a href=\"https:\/\/droix.eu\/wp-content\/uploads\/2026\/05\/DROIX-140W-MARKETING-DONE-09.jpg\"><img loading=\"lazy\" decoding=\"async\" width=\"1024\" height=\"1024\" src=\"https:\/\/droix.eu\/wp-content\/uploads\/2026\/05\/DROIX-140W-MARKETING-DONE-09-1024x1024.jpg\" alt=\"Infografika z naslovom &quot;Pametni vizualni polnilec&quot;, ki prikazuje razli&#x10D;ne na&#x10D;ine prikaza polnilnika DROIX 140W v realnem &#x10D;asu. Podrobno opisuje zaslone vmesnika za izhodno mo&#x10D; na priklju&#x10D;ek, skupni &#x10D;as uporabe (88H), stanje toplotnega stanja in dinami&#x10D;ne ikone za polnjenje. \" class=\"wp-image-719289\" srcset=\"https:\/\/droix.eu\/wp-content\/uploads\/2026\/05\/DROIX-140W-MARKETING-DONE-09-1024x1024.jpg 1024w, https:\/\/droix.eu\/wp-content\/uploads\/2026\/05\/DROIX-140W-MARKETING-DONE-09-300x300.jpg 300w, https:\/\/droix.eu\/wp-content\/uploads\/2026\/05\/DROIX-140W-MARKETING-DONE-09-768x768.jpg 768w, https:\/\/droix.eu\/wp-content\/uploads\/2026\/05\/DROIX-140W-MARKETING-DONE-09-990x990.jpg 990w, https:\/\/droix.eu\/wp-content\/uploads\/2026\/05\/DROIX-140W-MARKETING-DONE-09-441x441.jpg 441w, https:\/\/droix.eu\/wp-content\/uploads\/2026\/05\/DROIX-140W-MARKETING-DONE-09-100x100.jpg 100w, https:\/\/droix.eu\/wp-content\/uploads\/2026\/05\/DROIX-140W-MARKETING-DONE-09-1000x1000.jpg 1000w, https:\/\/droix.eu\/wp-content\/uploads\/2026\/05\/DROIX-140W-MARKETING-DONE-09-150x150.jpg 150w, https:\/\/droix.eu\/wp-content\/uploads\/2026\/05\/DROIX-140W-MARKETING-DONE-09.jpg 1500w\" sizes=\"(max-width: 1024px) 100vw, 1024px\" \/><\/a><\/figure>\n<\/div>\n<\/div>\n\n<p>Z uporabo napredne polprevodni\u0161ke tehnologije GaN ta najbolj\u0161i 140-vatni polnilnik USB c dosega ve\u010djo u\u010dinkovitost in manj\u0161o proizvodnjo toplote v primerjavi s tradicionalnimi silicijevimi polnilniki. \u0160e posebej podpira standard PD 3.1, kar zagotavlja popolno zdru\u017eljivost z napravami na trgu, ki zahtevajo najve\u010d energije, vklju\u010dno z GPD WIN 5 in GPD G2. <\/p>\n\n<p>Pametno polnjenje s triktilnim polnjenjem: Za\u0161\u010dita dolge \u017eivljenjske dobe baterije s samodejnim preklopom na\u010dina, ko naprava dose\u017ee 80 % zmogljivosti.<\/p>\n\n<p>Toplotno upravljanje: Zmanj\u0161ana toplotna obremenitev prepre\u010duje toplotno obremenitev drage strojne opreme in zagotavlja, da bodo va\u0161i Macbooki in mobilne naprave dlje \u010dasa v vrhunskem stanju.<\/p>\n\n<h2 class=\"wp-block-heading has-text-align-center\"><strong><strong><strong>Tehni\u010dne specifikacije in univerzalna zdru\u017eljivost<\/strong><\/strong><\/strong><\/h2>\n\n<div class=\"wp-block-columns is-layout-flex wp-container-core-columns-is-layout-28f84493 wp-block-columns-is-layout-flex\">\n<div class=\"wp-block-column is-layout-flow wp-block-column-is-layout-flow\">\n<figure class=\"wp-block-image size-large\"><a href=\"https:\/\/droix.eu\/wp-content\/uploads\/2026\/05\/DROIX-140W-MARKETING-DONE-07.jpg\"><img loading=\"lazy\" decoding=\"async\" width=\"1024\" height=\"1024\" src=\"https:\/\/droix.eu\/wp-content\/uploads\/2026\/05\/DROIX-140W-MARKETING-DONE-07-1024x1024.jpg\" alt=\"Iz&#x10D;rpna tehni&#x10D;na infografika s podrobnostmi o izhodni mo&#x10D;i in porazdelitvi polnilnika DROIX 140 W. V zgornjem delu so navedene najve&#x10D;je posamezne mo&#x10D;i in specifikacije napetosti\/amperature za priklju&#x10D;ke C1 (140 W), C2 (100 W), C3 (40 W) in USB-A (22,5 W). V spodnjem delu je deset diagramov, ki natan&#x10D;no prikazujejo, kako se mo&#x10D; porazdeli in razdeli med razli&#x10D;ne konfiguracije z dvema, tremi in &#x161;tirimi priklju&#x10D;ki.  \" class=\"wp-image-719290\" srcset=\"https:\/\/droix.eu\/wp-content\/uploads\/2026\/05\/DROIX-140W-MARKETING-DONE-07-1024x1024.jpg 1024w, https:\/\/droix.eu\/wp-content\/uploads\/2026\/05\/DROIX-140W-MARKETING-DONE-07-300x300.jpg 300w, https:\/\/droix.eu\/wp-content\/uploads\/2026\/05\/DROIX-140W-MARKETING-DONE-07-768x768.jpg 768w, https:\/\/droix.eu\/wp-content\/uploads\/2026\/05\/DROIX-140W-MARKETING-DONE-07-990x990.jpg 990w, https:\/\/droix.eu\/wp-content\/uploads\/2026\/05\/DROIX-140W-MARKETING-DONE-07-441x441.jpg 441w, https:\/\/droix.eu\/wp-content\/uploads\/2026\/05\/DROIX-140W-MARKETING-DONE-07-100x100.jpg 100w, https:\/\/droix.eu\/wp-content\/uploads\/2026\/05\/DROIX-140W-MARKETING-DONE-07-1000x1000.jpg 1000w, https:\/\/droix.eu\/wp-content\/uploads\/2026\/05\/DROIX-140W-MARKETING-DONE-07-150x150.jpg 150w, https:\/\/droix.eu\/wp-content\/uploads\/2026\/05\/DROIX-140W-MARKETING-DONE-07.jpg 1500w\" sizes=\"(max-width: 1024px) 100vw, 1024px\" \/><\/a><\/figure>\n<\/div>\n\n\n\n<div class=\"wp-block-column is-layout-flow wp-block-column-is-layout-flow\">\n<figure class=\"wp-block-image size-large\"><a href=\"https:\/\/droix.eu\/wp-content\/uploads\/2026\/05\/DROIX-140W-MARKETING-DONE-010.jpg\"><img loading=\"lazy\" decoding=\"async\" width=\"1024\" height=\"1024\" src=\"https:\/\/droix.eu\/wp-content\/uploads\/2026\/05\/DROIX-140W-MARKETING-DONE-010-1024x1024.jpg\" alt=\"Marketin&#x161;ka grafika z naslovom &quot;Razume va&#x161;e potrebe po polnjenju&quot;, ki poudarja 4 izhodne priklju&#x10D;ke naprave (3 USB-C in 1 USB-A). Na sliki je prikazana raznolika zbirka zdru&#x17E;ljive elektronike, vklju&#x10D;no s prenosnim ra&#x10D;unalnikom, tablicami, Nintendo Switch, pametnimi telefoni, brez&#x17E;i&#x10D;nimi slu&#x161;alkami, dronom in gimbalno kamero, kar dokazuje vsestranskost polnilnika. \" class=\"wp-image-719291\" srcset=\"https:\/\/droix.eu\/wp-content\/uploads\/2026\/05\/DROIX-140W-MARKETING-DONE-010-1024x1024.jpg 1024w, https:\/\/droix.eu\/wp-content\/uploads\/2026\/05\/DROIX-140W-MARKETING-DONE-010-300x300.jpg 300w, https:\/\/droix.eu\/wp-content\/uploads\/2026\/05\/DROIX-140W-MARKETING-DONE-010-768x768.jpg 768w, https:\/\/droix.eu\/wp-content\/uploads\/2026\/05\/DROIX-140W-MARKETING-DONE-010-990x990.jpg 990w, https:\/\/droix.eu\/wp-content\/uploads\/2026\/05\/DROIX-140W-MARKETING-DONE-010-441x441.jpg 441w, https:\/\/droix.eu\/wp-content\/uploads\/2026\/05\/DROIX-140W-MARKETING-DONE-010-100x100.jpg 100w, https:\/\/droix.eu\/wp-content\/uploads\/2026\/05\/DROIX-140W-MARKETING-DONE-010-1000x1000.jpg 1000w, https:\/\/droix.eu\/wp-content\/uploads\/2026\/05\/DROIX-140W-MARKETING-DONE-010-150x150.jpg 150w, https:\/\/droix.eu\/wp-content\/uploads\/2026\/05\/DROIX-140W-MARKETING-DONE-010.jpg 1500w\" sizes=\"(max-width: 1024px) 100vw, 1024px\" \/><\/a><\/figure>\n<\/div>\n<\/div>\n\n<p>Stenski polnilec DROIX 140W USB-C ima zelo vsestransko konfiguracijo priklju\u010dkov, ki je zasnovana za hkratno obdelavo ve\u010d zahtev po napajanju. Najprej je glavni priklju\u010dek USB-C1 zmo\u017een zagotavljati mo\u010d 140 W. Ta najve\u010dja zmogljivost je v celoti podprta z najnovej\u0161ima protokoloma PD 3.1 in PPS. Poleg tega drugi priklju\u010dek USB-C2 zagotavlja znatno 100W izhodno mo\u010d za visoko zmogljive prenosnike.   <\/p>\n\n<p>Nasprotno pa vrata USB-C3 ponujajo namensko mo\u010d 40 W za tabli\u010dne ra\u010dunalnike ali ro\u010dne konzole. Poleg tega vrata USB-A zagotavljajo polnjenje starej\u0161e dodatne opreme z mo\u010djo do 22,5 W. Ta vrata uporabljajo standarde QC 3.0 in SCP za najve\u010djo zdru\u017eljivost. Nazadnje, ta \u0161tiri vrata upravlja inteligentno vezje, ki zagotavlja varno napajanje va\u0161e strojne opreme. Zato ta enota ostaja naju\u010dinkovitej\u0161a izbira za uporabnike ve\u010d naprav.    <\/p>\n\n<h2 class=\"wp-block-heading has-text-align-center\"><strong><strong><strong>Natan\u010dno spremljanje: Vgrajen vizualni zaslon<\/strong><\/strong><\/strong><\/h2>\n\n<p>Informacije so mo\u010d in polnilec DROIX 140W jih zagotavlja v realnem \u010dasu. Vgrajeni pametni vizualni zaslon vam omogo\u010da, da z enim samim pogledom spremljate izhodno mo\u010d na priklju\u010dek, skupno mo\u010d in toplotno stanje. Poleg tega sledilnik &#8220;\u010cas uporabe&#8221; omogo\u010da vpogled v va\u0161e polnilne navade. Ker je varnost najpomembnej\u0161a, zaslon tudi poudarja, kdaj je enota v &#8220;odli\u010dnih&#8221; toplotnih obmo\u010djih, kar zagotavlja, da vedno polnite s popolnim mirom.   <\/p>\n\n<h2 class=\"wp-block-heading has-text-align-center\"><strong>Vgrajena varnost in ve\u010dplastna za\u0161\u010dita<\/strong><\/h2>\n\n<p>Varnost pri razvoju te strojne opreme ni bila preuranjena. Ohi\u0161je je izdelano iz ognjevarnega materiala PC in ima zasnovo za za\u0161\u010dito pred padci. V notranjosti je enota opremljena z:  <\/p>\n\n<ul class=\"wp-block-list\">\n<li>Nadtokovna in prenapetostna za\u0161\u010dita<\/li>\n\n\n\n<li>Za\u0161\u010dita pred kratkim stikom in pregrevanjem<\/li>\n\n\n\n<li>Za\u0161\u010dita pred elektromagnetnim poljem<\/li>\n<\/ul>\n\n<p>Zato so dragi ro\u010dni ra\u010dunalniki iPhone 17 in GPD za\u0161\u010diteni pred elektri\u010dnimi motnjami. Lahka konstrukcija GaN in nizka stopnja valovanja \u0161e dodatno zagotavljata, da va\u0161a elektronika vedno prejema \u010disto in stabilno napajanje. <\/p>\n\n<h2 class=\"wp-block-heading has-text-align-center\"><strong>Zagotovite si stenski polnilec DROIX 140W USB-C \u0161e danes<\/strong><\/h2>\n\n<p>Ne nosite ve\u010d torbe, polne neusklajenih kablov in te\u017ekih adapterjev. Stenski polnilnik DROIX 140W USB-C je edino orodje, ki ga potrebujete, da va\u0161a mobilna pisarna ali igralna naprava deluje z najve\u010djo zmogljivostjo. Zaradi velikega povpra\u0161evanja po tej re\u0161itvi GaN &#8220;vse v enem&#8221; se zaloge hitro premikajo.  <\/p>\n\n<p>Odkrijte, kako stenski polnilec DROIX 140W USB-C GaN spreminja pravila igre&#8230;<strong><a href=\"https:\/\/droix.net\/blogs\/pre-order-the-droix-140w-usb-c-wall-charger\/\" target=\"_blank\" rel=\"noopener\" title=\"\">Preberite ve\u010d na na\u0161em blogu!<\/a><\/strong><\/p>\n\n<p><\/p>\n","protected":false},"excerpt":{"rendered":"<ul>\n<li><strong>140W PD 3.1 Power &#8211; Hitro<\/strong> polnite zmogljive prenosnike in igralne ro\u010dne ra\u010dunalnike z najve\u010djo hitrostjo.<\/li>\n<li><strong>Vsestranskost \u0161tirih priklju\u010dkov &#8211;<\/strong> Hkrati napajate \u0161tiri naprave prek treh priklju\u010dkov USB-C in enega priklju\u010dka USB-A.<\/li>\n<li><strong>Vizualni zaslon v \u017eivo &#8211;<\/strong> z enim samim pogledom spremljajte mo\u010d, toplotno stanje in na\u010dine polnjenja v realnem \u010dasu.<\/li>\n<li><strong>Globalni potovalni sistem &#8211;<\/strong> vklju\u010duje zamenljive vti\u010dne adapterje iz Velike Britanije, EU, ZDA in AUS.<\/li>\n<li><strong>Napredni varnostni integrirani \u010dip &#8211;<\/strong> ve\u010dplastna za\u0161\u010dita zagotavlja stabilno in toplotno regulirano napajanje va\u0161e strojne opreme.<\/li>\n<\/ul>\n[droix_global_accordions]\n[cg_accordion title=\"Paket vklju\u010duje\"]<\/p>\n<ul>\n<li>1x DROIX 140W stenski polnilnik USB-C<\/li>\n<li>1x adapter za britanski vti\u010d<\/li>\n<li>1x adapter za vti\u010d EU<\/li>\n<li>1x uporabni\u0161ki priro\u010dnik<\/li>\n<\/ul>\n<p>[\/cg_accordion]\n","protected":false},"featured_media":719748,"template":"","meta":{"_acf_changed":false},"product_brand":[],"product_cat":[13256,13257,13335,16881],"product_tag":[],"woo-feed-brand":[],"key-features":[],"class_list":{"0":"post-719747","1":"product","2":"type-product","3":"status-publish","4":"has-post-thumbnail","6":"product_cat-dodatki","7":"product_cat-dodatki-za-prenosne-racunalnike","8":"product_cat-gaming-dodatki","9":"product_cat-racunalniski-dodatki","10":"product_shipping_class-standard","12":"first","13":"onbackorder","14":"sale","15":"taxable","16":"shipping-taxable","17":"product-type-variable","18":"has-default-attributes"},"acf":[],"aioseo_notices":[],"_links":{"self":[{"href":"https:\/\/droix.eu\/sl\/wp-json\/wp\/v2\/product\/719747","targetHints":{"allow":["GET"]}}],"collection":[{"href":"https:\/\/droix.eu\/sl\/wp-json\/wp\/v2\/product"}],"about":[{"href":"https:\/\/droix.eu\/sl\/wp-json\/wp\/v2\/types\/product"}],"version-history":[{"count":0,"href":"https:\/\/droix.eu\/sl\/wp-json\/wp\/v2\/product\/719747\/revisions"}],"wp:featuredmedia":[{"embeddable":true,"href":"https:\/\/droix.eu\/sl\/wp-json\/wp\/v2\/media\/719748"}],"wp:attachment":[{"href":"https:\/\/droix.eu\/sl\/wp-json\/wp\/v2\/media?parent=719747"}],"wp:term":[{"taxonomy":"product_brand","embeddable":true,"href":"https:\/\/droix.eu\/sl\/wp-json\/wp\/v2\/product_brand?post=719747"},{"taxonomy":"product_cat","embeddable":true,"href":"https:\/\/droix.eu\/sl\/wp-json\/wp\/v2\/product_cat?post=719747"},{"taxonomy":"product_tag","embeddable":true,"href":"https:\/\/droix.eu\/sl\/wp-json\/wp\/v2\/product_tag?post=719747"},{"taxonomy":"woo-feed-brand","embeddable":true,"href":"https:\/\/droix.eu\/sl\/wp-json\/wp\/v2\/woo-feed-brand?post=719747"},{"taxonomy":"key-features","embeddable":true,"href":"https:\/\/droix.eu\/sl\/wp-json\/wp\/v2\/key-features?post=719747"}],"curies":[{"name":"wp","href":"https:\/\/api.w.org\/{rel}","templated":true}]}}