{"id":564981,"date":"2020-11-20T10:02:39","date_gmt":"2020-11-20T10:02:39","guid":{"rendered":"https:\/\/droix.eu\/product\/razdelilnik-usb-tipa-c-fx8s\/"},"modified":"2025-09-05T14:55:44","modified_gmt":"2025-09-05T13:55:44","slug":"razdelilnik-usb-tipa-c-fx8s","status":"publish","type":"product","link":"https:\/\/droix.eu\/sl\/product\/razdelilnik-usb-tipa-c-fx8s\/","title":{"rendered":"Razdelilnik USB tipa C FX8S"},"content":{"rendered":"<p><strong>Adapter<\/strong> FX8s <strong>USB-C Hub 8 v 1<\/strong> zdru\u017euje pogosto potrebne priklju\u010dke v enem kompaktnem in visoko zmogljivem <strong>USB-C Hubu<\/strong>.<\/p>\n<p><strong>Vozli\u0161\u010de<\/strong> FX8s <strong>USB-C<\/strong> se priklju\u010di na vrata USB Type-C in je zdru\u017eljivo tudi z <a href=\"https:\/\/www.pocket-lint.com\/laptops\/news\/139323-thunderbolt-3-explained-the-one-port-to-rule-them-all\">vmesnikom Thunderbolt 3<\/a>. Zagotavlja visokohitrostni prehod iz va\u0161e naprave, kot je osebni ali prenosni ra\u010dunalnik, do vozli\u0161\u010da, omogo\u010da pa tudi polnjenje med uporabo. <\/p>\n<p>Vrata <strong>HDMI<\/strong> v <strong>vozli\u0161\u010du USB-C<\/strong> podpirajo do <strong>4K*2K UHD<\/strong> (3840&#215;2160) pri 60 Hz za povezavo z zaslonskimi napravami, kot so televizorji, monitorji ali projektorji. Preprosto priklju\u010dite kabel HDMI na vozli\u0161\u010de in zaslon ter ste pripravljeni na delo. <\/p>\n<p>Dva izjemno hitra <strong>priklju\u010dka USB 3.0<\/strong> sta name\u0161\u010dena ob strani in omogo\u010data priklju\u010ditev naprav, kot sta mi\u0161ka ali tipkovnica, ali hitrih perifernih naprav, kot so pomnilni\u0161ki klju\u010di USB in zunanji trdi diski. Omogo\u010data najve\u010djo mo\u010d do 4,5 W. <\/p>\n<p>\u017denska <strong>vrata USB tipa C<\/strong> podpirajo do 87W napajalnike, poleg tega pa lahko oddajajo 20 V pri 3 A. Zaradi dvojne funkcionalnosti lahko napravo polnite prek vozli\u0161\u010da, medtem ko ga uporabljate, kar je odli\u010dna re\u0161itev, \u010de ima va\u0161a naprava samo en priklju\u010dek Type-C. Prek teh vrat lahko na vozli\u0161\u010de priklju\u010dite tudi zdru\u017eljive <a href=\"https:\/\/www.computerworld.com\/article\/2488194\/usb-c-explained-how-to-get-the-most-from-it-and-why-its-great.html\">periferne naprave Type-C<\/a>.  <\/p>\n<p>\u0160tevilne prenosne naprave imajo zdaj samo brez\u017ei\u010dno povezavo, ki pogosto ni dovolj hitra ali zanesljiva. Vrata <strong>ethernet<\/strong> RJ45 v <strong>vozli\u0161\u010du USB-C<\/strong> podpirajo hitrost do 100 Mb\/s za hiter in stabilen \u017ei\u010dni prenos podatkov. <\/p>\n<p>Vozli\u0161\u010de FX8s ima tudi <strong>bralnik kartic<\/strong> SD in Micro SD <strong>USB-C<\/strong>, ki zagotavlja zanesljivo in hitro pisanje ter branje s kartic v napravo.<\/p>\n","protected":false},"excerpt":{"rendered":"<ul>\n<li><strong>Hitri<\/strong> adapter USB tipa C<\/li>\n<li>Izhod <strong>4K<\/strong> HDMI<\/li>\n<li>RJ45 <strong>100M\/s<\/strong> Ethernet Port<\/li>\n<li>Re\u017ea za kartico SD\/MicroSD<\/li>\n<li>Zdru\u017eljiv z <strong>operacijskimi sistemi Windows<\/strong><strong>,Mac<\/strong> in <strong>Android<\/strong><\/li>\n<\/ul>\n[droix_global_accordions]\n[cg_accordion title=\"Package Includes\"]<\/p>\n<ul>\n<li>1x FX8S Razdelilnik USB tipa C<\/li>\n<\/ul>\n<p>[\/cg_accordion]\n","protected":false},"featured_media":221134,"template":"","meta":{"_acf_changed":false},"product_brand":[],"product_cat":[13256,13257,13335,16881],"product_tag":[],"woo-feed-brand":[],"key-features":[],"class_list":{"0":"post-564981","1":"product","2":"type-product","3":"status-publish","4":"has-post-thumbnail","6":"product_cat-dodatki","7":"product_cat-dodatki-za-prenosne-racunalnike","8":"product_cat-gaming-dodatki","9":"product_cat-racunalniski-dodatki","10":"product_shipping_class-low-end","11":"pa_accessory-type-docking-station","12":"pa_brands-droix-sl","14":"first","15":"outofstock","16":"taxable","17":"shipping-taxable","18":"purchasable","19":"product-type-simple"},"acf":[],"aioseo_notices":[],"aioseo_head":"\n\t\t<!-- All in One SEO Pro 4.9.6.2 - aioseo.com -->\n\t<meta name=\"description\" content=\"Hitri adapter USB tipa C Izhod 4K HDMI RJ45 100M\/s Ethernet Port Re\u017ea za kartico SD\/MicroSD Zdru\u017eljiv z operacijskimi sistemi Windows,Mac in Android Package Includes 1x FX8S Razdelilnik USB tipa C\" \/>\n\t<meta name=\"robots\" content=\"max-image-preview:large\" \/>\n\t<link rel=\"canonical\" href=\"https:\/\/droix.eu\/sl\/product\/razdelilnik-usb-tipa-c-fx8s\/\" \/>\n\t<meta name=\"generator\" content=\"All in One SEO Pro (AIOSEO) 4.9.6.2\" \/>\n\t\t<meta property=\"og:locale\" content=\"sl_SI\" \/>\n\t\t<meta property=\"og:site_name\" content=\"DROIX EU - Get the latest Mini PCs, Ultrabook, PC Gaming Handhelds and more!\" \/>\n\t\t<meta property=\"og:type\" content=\"article\" \/>\n\t\t<meta property=\"og:title\" content=\"Razdelilnik USB tipa C FX8S - DROIX EU\" \/>\n\t\t<meta property=\"og:description\" content=\"Hitri adapter USB tipa C Izhod 4K HDMI RJ45 100M\/s Ethernet Port Re\u017ea za kartico SD\/MicroSD Zdru\u017eljiv z operacijskimi sistemi Windows,Mac in Android Package Includes 1x FX8S Razdelilnik USB tipa C\" \/>\n\t\t<meta property=\"og:url\" content=\"https:\/\/droix.eu\/sl\/product\/razdelilnik-usb-tipa-c-fx8s\/\" \/>\n\t\t<meta property=\"og:image\" content=\"https:\/\/droix.eu\/wp-content\/uploads\/2024\/06\/droix-v2-light-logo.png\" \/>\n\t\t<meta property=\"og:image:secure_url\" content=\"https:\/\/droix.eu\/wp-content\/uploads\/2024\/06\/droix-v2-light-logo.png\" \/>\n\t\t<meta property=\"og:image:width\" content=\"380\" \/>\n\t\t<meta property=\"og:image:height\" content=\"118\" \/>\n\t\t<meta property=\"article:published_time\" content=\"2020-11-20T10:02:39+00:00\" \/>\n\t\t<meta property=\"article:modified_time\" content=\"2025-09-05T13:55:44+00:00\" \/>\n\t\t<meta property=\"article:publisher\" content=\"https:\/\/www.facebook.com\/DroiX.Store\" \/>\n\t\t<meta name=\"twitter:card\" content=\"summary_large_image\" \/>\n\t\t<meta name=\"twitter:site\" content=\"@DroiX_Store\" \/>\n\t\t<meta name=\"twitter:title\" content=\"Razdelilnik USB tipa C FX8S - DROIX EU\" \/>\n\t\t<meta name=\"twitter:description\" content=\"Hitri adapter USB tipa C Izhod 4K HDMI RJ45 100M\/s Ethernet Port Re\u017ea za kartico SD\/MicroSD Zdru\u017eljiv z operacijskimi sistemi Windows,Mac in Android Package Includes 1x FX8S Razdelilnik USB tipa C\" \/>\n\t\t<meta name=\"twitter:image\" content=\"https:\/\/droix.eu\/wp-content\/uploads\/2024\/06\/droix-v2-light-logo.png\" \/>\n\t\t<script type=\"application\/ld+json\" class=\"aioseo-schema\">\n\t\t\t{\"@context\":\"https:\\\/\\\/schema.org\",\"@graph\":[{\"@type\":\"BreadcrumbList\",\"@id\":\"https:\\\/\\\/droix.eu\\\/sl\\\/product\\\/razdelilnik-usb-tipa-c-fx8s\\\/#breadcrumblist\",\"itemListElement\":[{\"@type\":\"ListItem\",\"@id\":\"https:\\\/\\\/droix.eu\\\/sl\\\/#listItem\",\"position\":1,\"name\":\"Home\",\"item\":\"https:\\\/\\\/droix.eu\\\/sl\\\/\",\"nextItem\":{\"@type\":\"ListItem\",\"@id\":\"https:\\\/\\\/droix.eu\\\/sl\\\/product-category\\\/dodatki\\\/#listItem\",\"name\":\"Dodatki\"}},{\"@type\":\"ListItem\",\"@id\":\"https:\\\/\\\/droix.eu\\\/sl\\\/product-category\\\/dodatki\\\/#listItem\",\"position\":2,\"name\":\"Dodatki\",\"item\":\"https:\\\/\\\/droix.eu\\\/sl\\\/product-category\\\/dodatki\\\/\",\"nextItem\":{\"@type\":\"ListItem\",\"@id\":\"https:\\\/\\\/droix.eu\\\/sl\\\/product-category\\\/dodatki\\\/dodatki-za-prenosne-racunalnike\\\/#listItem\",\"name\":\"Dodatki za prenosne ra\\u010dunalnike\"},\"previousItem\":{\"@type\":\"ListItem\",\"@id\":\"https:\\\/\\\/droix.eu\\\/sl\\\/#listItem\",\"name\":\"Home\"}},{\"@type\":\"ListItem\",\"@id\":\"https:\\\/\\\/droix.eu\\\/sl\\\/product-category\\\/dodatki\\\/dodatki-za-prenosne-racunalnike\\\/#listItem\",\"position\":3,\"name\":\"Dodatki za prenosne ra\\u010dunalnike\",\"item\":\"https:\\\/\\\/droix.eu\\\/sl\\\/product-category\\\/dodatki\\\/dodatki-za-prenosne-racunalnike\\\/\",\"nextItem\":{\"@type\":\"ListItem\",\"@id\":\"https:\\\/\\\/droix.eu\\\/sl\\\/product\\\/razdelilnik-usb-tipa-c-fx8s\\\/#listItem\",\"name\":\"Razdelilnik USB tipa C FX8S\"},\"previousItem\":{\"@type\":\"ListItem\",\"@id\":\"https:\\\/\\\/droix.eu\\\/sl\\\/product-category\\\/dodatki\\\/#listItem\",\"name\":\"Dodatki\"}},{\"@type\":\"ListItem\",\"@id\":\"https:\\\/\\\/droix.eu\\\/sl\\\/product\\\/razdelilnik-usb-tipa-c-fx8s\\\/#listItem\",\"position\":4,\"name\":\"Razdelilnik USB tipa C FX8S\",\"previousItem\":{\"@type\":\"ListItem\",\"@id\":\"https:\\\/\\\/droix.eu\\\/sl\\\/product-category\\\/dodatki\\\/dodatki-za-prenosne-racunalnike\\\/#listItem\",\"name\":\"Dodatki za prenosne ra\\u010dunalnike\"}}]},{\"@type\":\"Organization\",\"@id\":\"https:\\\/\\\/droix.eu\\\/sl\\\/#organization\",\"name\":\"DroiX \\u2013 Trusted EU Tech Retailer with 12+ Years Experience\",\"description\":\"DroiX is a leading European technology retailer with over 12 years of experience, offering quality mini PCs, handheld gaming consoles, and tech accessories. We provide hassle-free EU delivery with all taxes included, ensuring a smooth and reliable shopping experience for our customers across Europe.\",\"url\":\"https:\\\/\\\/droix.eu\\\/sl\\\/\",\"logo\":{\"@type\":\"ImageObject\",\"url\":\"https:\\\/\\\/droix.eu\\\/wp-content\\\/uploads\\\/2024\\\/06\\\/droix-v2-light-logo.png\",\"@id\":\"https:\\\/\\\/droix.eu\\\/sl\\\/product\\\/razdelilnik-usb-tipa-c-fx8s\\\/#organizationLogo\",\"width\":380,\"height\":118},\"image\":{\"@id\":\"https:\\\/\\\/droix.eu\\\/sl\\\/product\\\/razdelilnik-usb-tipa-c-fx8s\\\/#organizationLogo\"},\"sameAs\":[\"https:\\\/\\\/www.facebook.com\\\/DroiX.Store\",\"https:\\\/\\\/twitter.com\\\/DroiX_Store\",\"https:\\\/\\\/www.instagram.com\\\/droix.store\\\/\",\"https:\\\/\\\/www.tiktok.com\\\/@droix.store\",\"https:\\\/\\\/www.youtube.com\\\/c\\\/DroiX_Store\",\"https:\\\/\\\/uk.linkedin.com\\\/company\\\/droix\"]},{\"@type\":\"Product\",\"@id\":\"https:\\\/\\\/droix.eu\\\/sl\\\/product\\\/razdelilnik-usb-tipa-c-fx8s\\\/#wooCommerceProduct\",\"name\":\"Razdelilnik USB tipa C FX8S\",\"description\":\"Hitri adapter USB tipa C\\n \\tIzhod 4K HDMI\\n \\tRJ45 100M\\\/s Ethernet Port\\n \\tRe\\u017ea za kartico SD\\\/MicroSD\\n \\tZdru\\u017eljiv z operacijskimi sistemi Windows,Mac in Android\",\"url\":\"https:\\\/\\\/droix.eu\\\/sl\\\/product\\\/razdelilnik-usb-tipa-c-fx8s\\\/\",\"sku\":\"DX-FX8-S-USB-TYPE-C-ADAPTER\",\"image\":{\"@type\":\"ImageObject\",\"url\":\"https:\\\/\\\/droix.eu\\\/wp-content\\\/uploads\\\/2021\\\/12\\\/1-2.png\",\"@id\":\"https:\\\/\\\/droix.eu\\\/sl\\\/product\\\/razdelilnik-usb-tipa-c-fx8s\\\/#productImage\",\"width\":670,\"height\":840,\"caption\":\"DroiX FX8s - Prikazuje 2 vhoda USB tipa C, 1 HDMI, 2 vhoda USB tipa A, 1 vhod za kartico SD in 1 vhod MicroSD\"},\"offers\":{\"@type\":\"Offer\",\"url\":\"https:\\\/\\\/droix.eu\\\/sl\\\/product\\\/razdelilnik-usb-tipa-c-fx8s\\\/#wooCommerceOffer\",\"price\":33.2,\"priceCurrency\":\"EUR\",\"category\":\"Dodatki\",\"priceValidUntil\":\"2024-05-26\",\"availability\":\"https:\\\/\\\/schema.org\\\/OutOfStock\",\"priceSpecification\":{\"@type\":\"PriceSpecification\",\"price\":33.2,\"priceCurrency\":\"EUR\",\"valueAddedTaxIncluded\":\"true\"},\"seller\":{\"@type\":\"Organization\",\"@id\":\"https:\\\/\\\/droix.eu\\\/sl\\\/#organization\"}}},{\"@type\":\"WebPage\",\"@id\":\"https:\\\/\\\/droix.eu\\\/sl\\\/product\\\/razdelilnik-usb-tipa-c-fx8s\\\/#webpage\",\"url\":\"https:\\\/\\\/droix.eu\\\/sl\\\/product\\\/razdelilnik-usb-tipa-c-fx8s\\\/\",\"name\":\"Razdelilnik USB tipa C FX8S - DROIX EU\",\"description\":\"Hitri adapter USB tipa C Izhod 4K HDMI RJ45 100M\\\/s Ethernet Port Re\\u017ea za kartico SD\\\/MicroSD Zdru\\u017eljiv z operacijskimi sistemi Windows,Mac in Android Package Includes 1x FX8S Razdelilnik USB tipa C\",\"inLanguage\":\"sl-SI\",\"isPartOf\":{\"@id\":\"https:\\\/\\\/droix.eu\\\/sl\\\/#website\"},\"breadcrumb\":{\"@id\":\"https:\\\/\\\/droix.eu\\\/sl\\\/product\\\/razdelilnik-usb-tipa-c-fx8s\\\/#breadcrumblist\"},\"image\":{\"@type\":\"ImageObject\",\"url\":\"https:\\\/\\\/droix.eu\\\/wp-content\\\/uploads\\\/2021\\\/12\\\/1-2.png\",\"@id\":\"https:\\\/\\\/droix.eu\\\/sl\\\/product\\\/razdelilnik-usb-tipa-c-fx8s\\\/#mainImage\",\"width\":670,\"height\":840,\"caption\":\"DroiX FX8s - Prikazuje 2 vhoda USB tipa C, 1 HDMI, 2 vhoda USB tipa A, 1 vhod za kartico SD in 1 vhod MicroSD\"},\"primaryImageOfPage\":{\"@id\":\"https:\\\/\\\/droix.eu\\\/sl\\\/product\\\/razdelilnik-usb-tipa-c-fx8s\\\/#mainImage\"},\"datePublished\":\"2020-11-20T10:02:39+00:00\",\"dateModified\":\"2025-09-05T14:55:44+01:00\"},{\"@type\":\"WebSite\",\"@id\":\"https:\\\/\\\/droix.eu\\\/sl\\\/#website\",\"url\":\"https:\\\/\\\/droix.eu\\\/sl\\\/\",\"name\":\"DROIX EU\",\"description\":\"Get the latest Mini PCs, Ultrabook, PC Gaming Handhelds and more!\",\"inLanguage\":\"sl-SI\",\"publisher\":{\"@id\":\"https:\\\/\\\/droix.eu\\\/sl\\\/#organization\"}}]}\n\t\t<\/script>\n\t\t<!-- All in One SEO Pro -->\r\n\t\t<title>Razdelilnik USB tipa C FX8S - DROIX EU<\/title>\n\n","aioseo_head_json":{"title":"Razdelilnik USB tipa C FX8S - DROIX EU","description":"Hitri adapter USB tipa C Izhod 4K HDMI RJ45 100M\/s Ethernet Port Re\u017ea za kartico SD\/MicroSD Zdru\u017eljiv z operacijskimi sistemi Windows,Mac in Android Package Includes 1x FX8S Razdelilnik USB tipa C","canonical_url":"https:\/\/droix.eu\/sl\/product\/razdelilnik-usb-tipa-c-fx8s\/","robots":"max-image-preview:large","keywords":"","webmasterTools":{"miscellaneous":""},"schema":{"@context":"https:\/\/schema.org","@graph":[{"@type":"BreadcrumbList","@id":"https:\/\/droix.eu\/sl\/product\/razdelilnik-usb-tipa-c-fx8s\/#breadcrumblist","itemListElement":[{"@type":"ListItem","@id":"https:\/\/droix.eu\/sl\/#listItem","position":1,"name":"Home","item":"https:\/\/droix.eu\/sl\/","nextItem":{"@type":"ListItem","@id":"https:\/\/droix.eu\/sl\/product-category\/dodatki\/#listItem","name":"Dodatki"}},{"@type":"ListItem","@id":"https:\/\/droix.eu\/sl\/product-category\/dodatki\/#listItem","position":2,"name":"Dodatki","item":"https:\/\/droix.eu\/sl\/product-category\/dodatki\/","nextItem":{"@type":"ListItem","@id":"https:\/\/droix.eu\/sl\/product-category\/dodatki\/dodatki-za-prenosne-racunalnike\/#listItem","name":"Dodatki za prenosne ra\u010dunalnike"},"previousItem":{"@type":"ListItem","@id":"https:\/\/droix.eu\/sl\/#listItem","name":"Home"}},{"@type":"ListItem","@id":"https:\/\/droix.eu\/sl\/product-category\/dodatki\/dodatki-za-prenosne-racunalnike\/#listItem","position":3,"name":"Dodatki za prenosne ra\u010dunalnike","item":"https:\/\/droix.eu\/sl\/product-category\/dodatki\/dodatki-za-prenosne-racunalnike\/","nextItem":{"@type":"ListItem","@id":"https:\/\/droix.eu\/sl\/product\/razdelilnik-usb-tipa-c-fx8s\/#listItem","name":"Razdelilnik USB tipa C FX8S"},"previousItem":{"@type":"ListItem","@id":"https:\/\/droix.eu\/sl\/product-category\/dodatki\/#listItem","name":"Dodatki"}},{"@type":"ListItem","@id":"https:\/\/droix.eu\/sl\/product\/razdelilnik-usb-tipa-c-fx8s\/#listItem","position":4,"name":"Razdelilnik USB tipa C FX8S","previousItem":{"@type":"ListItem","@id":"https:\/\/droix.eu\/sl\/product-category\/dodatki\/dodatki-za-prenosne-racunalnike\/#listItem","name":"Dodatki za prenosne ra\u010dunalnike"}}]},{"@type":"Organization","@id":"https:\/\/droix.eu\/sl\/#organization","name":"DroiX \u2013 Trusted EU Tech Retailer with 12+ Years Experience","description":"DroiX is a leading European technology retailer with over 12 years of experience, offering quality mini PCs, handheld gaming consoles, and tech accessories. We provide hassle-free EU delivery with all taxes included, ensuring a smooth and reliable shopping experience for our customers across Europe.","url":"https:\/\/droix.eu\/sl\/","logo":{"@type":"ImageObject","url":"https:\/\/droix.eu\/wp-content\/uploads\/2024\/06\/droix-v2-light-logo.png","@id":"https:\/\/droix.eu\/sl\/product\/razdelilnik-usb-tipa-c-fx8s\/#organizationLogo","width":380,"height":118},"image":{"@id":"https:\/\/droix.eu\/sl\/product\/razdelilnik-usb-tipa-c-fx8s\/#organizationLogo"},"sameAs":["https:\/\/www.facebook.com\/DroiX.Store","https:\/\/twitter.com\/DroiX_Store","https:\/\/www.instagram.com\/droix.store\/","https:\/\/www.tiktok.com\/@droix.store","https:\/\/www.youtube.com\/c\/DroiX_Store","https:\/\/uk.linkedin.com\/company\/droix"]},{"@type":"Product","@id":"https:\/\/droix.eu\/sl\/product\/razdelilnik-usb-tipa-c-fx8s\/#wooCommerceProduct","name":"Razdelilnik USB tipa C FX8S","description":"Hitri adapter USB tipa C\n \tIzhod 4K HDMI\n \tRJ45 100M\/s Ethernet Port\n \tRe\u017ea za kartico SD\/MicroSD\n \tZdru\u017eljiv z operacijskimi sistemi Windows,Mac in Android","url":"https:\/\/droix.eu\/sl\/product\/razdelilnik-usb-tipa-c-fx8s\/","sku":"DX-FX8-S-USB-TYPE-C-ADAPTER","image":{"@type":"ImageObject","url":"https:\/\/droix.eu\/wp-content\/uploads\/2021\/12\/1-2.png","@id":"https:\/\/droix.eu\/sl\/product\/razdelilnik-usb-tipa-c-fx8s\/#productImage","width":670,"height":840,"caption":"DroiX FX8s - Prikazuje 2 vhoda USB tipa C, 1 HDMI, 2 vhoda USB tipa A, 1 vhod za kartico SD in 1 vhod MicroSD"},"offers":{"@type":"Offer","url":"https:\/\/droix.eu\/sl\/product\/razdelilnik-usb-tipa-c-fx8s\/#wooCommerceOffer","price":33.2,"priceCurrency":"EUR","category":"Dodatki","priceValidUntil":"2024-05-26","availability":"https:\/\/schema.org\/OutOfStock","priceSpecification":{"@type":"PriceSpecification","price":33.2,"priceCurrency":"EUR","valueAddedTaxIncluded":"true"},"seller":{"@type":"Organization","@id":"https:\/\/droix.eu\/sl\/#organization"}}},{"@type":"WebPage","@id":"https:\/\/droix.eu\/sl\/product\/razdelilnik-usb-tipa-c-fx8s\/#webpage","url":"https:\/\/droix.eu\/sl\/product\/razdelilnik-usb-tipa-c-fx8s\/","name":"Razdelilnik USB tipa C FX8S - DROIX EU","description":"Hitri adapter USB tipa C Izhod 4K HDMI RJ45 100M\/s Ethernet Port Re\u017ea za kartico SD\/MicroSD Zdru\u017eljiv z operacijskimi sistemi Windows,Mac in Android Package Includes 1x FX8S Razdelilnik USB tipa C","inLanguage":"sl-SI","isPartOf":{"@id":"https:\/\/droix.eu\/sl\/#website"},"breadcrumb":{"@id":"https:\/\/droix.eu\/sl\/product\/razdelilnik-usb-tipa-c-fx8s\/#breadcrumblist"},"image":{"@type":"ImageObject","url":"https:\/\/droix.eu\/wp-content\/uploads\/2021\/12\/1-2.png","@id":"https:\/\/droix.eu\/sl\/product\/razdelilnik-usb-tipa-c-fx8s\/#mainImage","width":670,"height":840,"caption":"DroiX FX8s - Prikazuje 2 vhoda USB tipa C, 1 HDMI, 2 vhoda USB tipa A, 1 vhod za kartico SD in 1 vhod MicroSD"},"primaryImageOfPage":{"@id":"https:\/\/droix.eu\/sl\/product\/razdelilnik-usb-tipa-c-fx8s\/#mainImage"},"datePublished":"2020-11-20T10:02:39+00:00","dateModified":"2025-09-05T14:55:44+01:00"},{"@type":"WebSite","@id":"https:\/\/droix.eu\/sl\/#website","url":"https:\/\/droix.eu\/sl\/","name":"DROIX EU","description":"Get the latest Mini PCs, Ultrabook, PC Gaming Handhelds and more!","inLanguage":"sl-SI","publisher":{"@id":"https:\/\/droix.eu\/sl\/#organization"}}]},"og:locale":"sl_SI","og:site_name":"DROIX EU - Get the latest Mini PCs, Ultrabook, PC Gaming Handhelds and more!","og:type":"article","og:title":"Razdelilnik USB tipa C FX8S - DROIX EU","og:description":"Hitri adapter USB tipa C Izhod 4K HDMI RJ45 100M\/s Ethernet Port Re\u017ea za kartico SD\/MicroSD Zdru\u017eljiv z operacijskimi sistemi Windows,Mac in Android Package Includes 1x FX8S Razdelilnik USB tipa C","og:url":"https:\/\/droix.eu\/sl\/product\/razdelilnik-usb-tipa-c-fx8s\/","og:image":"https:\/\/droix.eu\/wp-content\/uploads\/2024\/06\/droix-v2-light-logo.png","og:image:secure_url":"https:\/\/droix.eu\/wp-content\/uploads\/2024\/06\/droix-v2-light-logo.png","og:image:width":380,"og:image:height":118,"article:published_time":"2020-11-20T10:02:39+00:00","article:modified_time":"2025-09-05T13:55:44+00:00","article:publisher":"https:\/\/www.facebook.com\/DroiX.Store","twitter:card":"summary_large_image","twitter:site":"@DroiX_Store","twitter:title":"Razdelilnik USB tipa C FX8S - DROIX EU","twitter:description":"Hitri adapter USB tipa C Izhod 4K HDMI RJ45 100M\/s Ethernet Port Re\u017ea za kartico SD\/MicroSD Zdru\u017eljiv z operacijskimi sistemi Windows,Mac in Android Package Includes 1x FX8S Razdelilnik USB tipa C","twitter:image":"https:\/\/droix.eu\/wp-content\/uploads\/2024\/06\/droix-v2-light-logo.png"},"aioseo_meta_data":{"post_id":"564981","title":null,"description":null,"keywords":null,"keyphrases":null,"primary_term":null,"canonical_url":null,"og_title":null,"og_description":null,"og_object_type":"default","og_image_type":"default","og_image_url":null,"og_image_width":null,"og_image_height":null,"og_image_custom_url":null,"og_image_custom_fields":null,"og_video":null,"og_custom_url":null,"og_article_section":null,"og_article_tags":null,"twitter_use_og":true,"twitter_card":"default","twitter_image_type":"default","twitter_image_url":null,"twitter_image_custom_url":null,"twitter_image_custom_fields":null,"twitter_title":null,"twitter_description":null,"schema":{"blockGraphs":[],"customGraphs":[],"default":{"data":{"Article":[],"Course":[],"Dataset":[],"FAQPage":[],"Movie":[],"Person":[],"Product":[],"ProductReview":[],"Car":[],"Recipe":[],"Service":[],"SoftwareApplication":[],"WebPage":[]},"graphName":"","isEnabled":true},"graphs":[]},"schema_type":"default","schema_type_options":null,"pillar_content":false,"robots_default":true,"robots_noindex":false,"robots_noarchive":false,"robots_nosnippet":false,"robots_nofollow":false,"robots_noimageindex":false,"robots_noodp":false,"robots_notranslate":false,"robots_max_snippet":null,"robots_max_videopreview":null,"robots_max_imagepreview":"large","priority":null,"frequency":null,"local_seo":null,"seo_analyzer_scan_date":"2025-10-24 08:03:33","breadcrumb_settings":null,"limit_modified_date":false,"reviewed_by":null,"open_ai":null,"ai":null,"created":"2025-10-09 03:30:41","updated":"2025-11-27 01:41:46"},"aioseo_breadcrumb":"<div class=\"aioseo-breadcrumbs\"><span class=\"aioseo-breadcrumb\">\n\t<a href=\"https:\/\/droix.eu\/sl\/\" title=\"Home\">Home<\/a>\n<\/span><span class=\"aioseo-breadcrumb-separator\">&raquo;<\/span><span class=\"aioseo-breadcrumb\">\n\t<a href=\"https:\/\/droix.eu\/sl\/product-category\/dodatki\/\" title=\"Dodatki\">Dodatki<\/a>\n<\/span><span class=\"aioseo-breadcrumb-separator\">&raquo;<\/span><span class=\"aioseo-breadcrumb\">\n\t<a href=\"https:\/\/droix.eu\/sl\/product-category\/dodatki\/dodatki-za-prenosne-racunalnike\/\" title=\"Dodatki za prenosne ra\u010dunalnike\">Dodatki za prenosne ra\u010dunalnike<\/a>\n<\/span><span class=\"aioseo-breadcrumb-separator\">&raquo;<\/span><span class=\"aioseo-breadcrumb\">\n\tRazdelilnik USB tipa C FX8S\n<\/span><\/div>","aioseo_breadcrumb_json":[{"label":"Home","link":"https:\/\/droix.eu\/sl\/"},{"label":"Dodatki","link":"https:\/\/droix.eu\/sl\/product-category\/dodatki\/"},{"label":"Dodatki za prenosne ra\u010dunalnike","link":"https:\/\/droix.eu\/sl\/product-category\/dodatki\/dodatki-za-prenosne-racunalnike\/"},{"label":"Razdelilnik USB tipa C FX8S","link":"https:\/\/droix.eu\/sl\/product\/razdelilnik-usb-tipa-c-fx8s\/"}],"_links":{"self":[{"href":"https:\/\/droix.eu\/sl\/wp-json\/wp\/v2\/product\/564981","targetHints":{"allow":["GET"]}}],"collection":[{"href":"https:\/\/droix.eu\/sl\/wp-json\/wp\/v2\/product"}],"about":[{"href":"https:\/\/droix.eu\/sl\/wp-json\/wp\/v2\/types\/product"}],"version-history":[{"count":0,"href":"https:\/\/droix.eu\/sl\/wp-json\/wp\/v2\/product\/564981\/revisions"}],"wp:featuredmedia":[{"embeddable":true,"href":"https:\/\/droix.eu\/sl\/wp-json\/wp\/v2\/media\/221134"}],"wp:attachment":[{"href":"https:\/\/droix.eu\/sl\/wp-json\/wp\/v2\/media?parent=564981"}],"wp:term":[{"taxonomy":"product_brand","embeddable":true,"href":"https:\/\/droix.eu\/sl\/wp-json\/wp\/v2\/product_brand?post=564981"},{"taxonomy":"product_cat","embeddable":true,"href":"https:\/\/droix.eu\/sl\/wp-json\/wp\/v2\/product_cat?post=564981"},{"taxonomy":"product_tag","embeddable":true,"href":"https:\/\/droix.eu\/sl\/wp-json\/wp\/v2\/product_tag?post=564981"},{"taxonomy":"woo-feed-brand","embeddable":true,"href":"https:\/\/droix.eu\/sl\/wp-json\/wp\/v2\/woo-feed-brand?post=564981"},{"taxonomy":"key-features","embeddable":true,"href":"https:\/\/droix.eu\/sl\/wp-json\/wp\/v2\/key-features?post=564981"}],"curies":[{"name":"wp","href":"https:\/\/api.w.org\/{rel}","templated":true}]}}