{"id":564947,"date":"2020-11-17T11:23:03","date_gmt":"2020-11-17T11:23:03","guid":{"rendered":"https:\/\/droix.eu\/product\/droix-g10s-air-mouse-z-osvetlitvijo-in-glasovnim-upravljanjem\/"},"modified":"2026-01-22T14:33:11","modified_gmt":"2026-01-22T14:33:11","slug":"droix-g10s-air-mouse-z-osvetlitvijo-in-glasovnim-upravljanjem","status":"publish","type":"product","link":"https:\/\/droix.eu\/sl\/product\/droix-g10s-air-mouse-z-osvetlitvijo-in-glasovnim-upravljanjem\/","title":{"rendered":"DroiX G10S Air-Mouse z osvetlitvijo in glasovnim upravljanjem"},"content":{"rendered":"<p><span data-contrast=\"none\">Priljubljena zra\u010dna mi\u0161ka DroiX G10 se vra\u010da v najnovej\u0161i razli\u010dici, <strong>G10S<\/strong>!<\/span><span data-ccp-props=\"{\">&nbsp;<\/span><\/p>\n<p><span data-contrast=\"none\">Z vgrajenim visokokakovostnim <strong>\u017eiroskopskim<\/strong> senzorjem natan\u010dno in enostavno upravljajte mi\u0161ko v napravi z razdalje ve\u010d metrov!<\/span><span data-ccp-props=\"{\">&nbsp;<\/span><\/p>\n<p><span data-contrast=\"none\">Se vam ne ljubi mahati z roko? Ni problema! Z&nbsp;<\/span><strong>vgrajen<\/strong><span data-contrast=\"none\"><strong> mikrofon<\/strong>, narekujte svoje besede, namesto da jih tipkate, prek razli\u010dnih aplikacij z glasovno podporo!<\/span><span data-ccp-props=\"{\">&nbsp;<\/span><\/p>\n<p><span data-contrast=\"none\">G10S ima enako obliko kot njegov predhodnik in meri le 143*45*29 mm, zato se dobesedno prilega va\u0161i dlani!<\/span><span data-ccp-props=\"{\">&nbsp;<\/span><\/p>\n<p><span data-contrast=\"none\">Posebnost modela G10S je vgrajena <strong>osvetlitev<\/strong> pod gumbi, ki omogo\u010da la\u017ejo uporabo v okoljih s \u0161ibko svetlobo!<\/span><span data-ccp-props=\"{\">&nbsp;<\/span><\/p>\n","protected":false},"excerpt":{"rendered":"<ul>\n<li><strong>Brez\u017ei\u010dna<\/strong> povezljivost 2,4 GHz<\/li>\n<li>Deluje na baterije AAA.<\/li>\n<li>Gumbi z <strong>osvetlitvijo<\/strong> <\/li>\n<li><strong>Vgrajen mikrofon<\/strong><\/li>\n<li>Lahka, ergonomska zasnova.<\/li>\n<\/ul>\n[droix_global_accordions]\n[cg_accordion title=\"Paket vklju\u010duje\"]<\/p>\n<ul>\n<li>1x DroiX G10S Air-Mouse\/li&gt;\n<li>1x 2,4Ghz RF USB Dongle<\/li>\n<li>1x uporabni\u0161ki priro\u010dnik<\/li>\n<\/ul>\n<p>[\/cg_accordion]\n","protected":false},"featured_media":220352,"template":"","meta":{"_acf_changed":false},"product_brand":[],"product_cat":[13256,41110],"product_tag":[],"woo-feed-brand":[],"key-features":[],"class_list":{"0":"post-564947","1":"product","2":"type-product","3":"status-publish","4":"has-post-thumbnail","6":"product_cat-dodatki","7":"product_cat-dodatna-oprema-za-televizijske-predale-android","8":"product_shipping_class-low-end","9":"pa_brands-droix-sl","10":"pa_compatibility-android-sl","11":"pa_compatibility-windows-sl","13":"first","14":"outofstock","15":"sale","16":"taxable","17":"shipping-taxable","18":"purchasable","19":"product-type-simple"},"acf":[],"aioseo_notices":[],"aioseo_head":"\n\t\t<!-- All in One SEO Pro 4.9.6.2 - aioseo.com -->\n\t<meta name=\"description\" content=\"Brez\u017ei\u010dna povezljivost 2,4 GHz Deluje na baterije AAA. Gumbi z osvetlitvijo Vgrajen mikrofon Lahka, ergonomska zasnova. Paket vklju\u010duje 1x DroiX G10S Air-Mouse\/li&gt; 1x 2,4Ghz RF USB Dongle 1x uporabni\u0161ki priro\u010dnik\" \/>\n\t<meta name=\"robots\" content=\"max-image-preview:large\" \/>\n\t<link rel=\"canonical\" href=\"https:\/\/droix.eu\/sl\/product\/droix-g10s-air-mouse-z-osvetlitvijo-in-glasovnim-upravljanjem\/\" \/>\n\t<meta name=\"generator\" content=\"All in One SEO Pro (AIOSEO) 4.9.6.2\" \/>\n\t\t<meta property=\"og:locale\" content=\"sl_SI\" \/>\n\t\t<meta property=\"og:site_name\" content=\"DROIX EU - Get the latest Mini PCs, Ultrabook, PC Gaming Handhelds and more!\" \/>\n\t\t<meta property=\"og:type\" content=\"article\" \/>\n\t\t<meta property=\"og:title\" content=\"DroiX G10S Air-Mouse z osvetlitvijo in glasovnim upravljanjem - DROIX EU\" \/>\n\t\t<meta property=\"og:description\" content=\"Brez\u017ei\u010dna povezljivost 2,4 GHz Deluje na baterije AAA. Gumbi z osvetlitvijo Vgrajen mikrofon Lahka, ergonomska zasnova. Paket vklju\u010duje 1x DroiX G10S Air-Mouse\/li&gt; 1x 2,4Ghz RF USB Dongle 1x uporabni\u0161ki priro\u010dnik\" \/>\n\t\t<meta property=\"og:url\" content=\"https:\/\/droix.eu\/sl\/product\/droix-g10s-air-mouse-z-osvetlitvijo-in-glasovnim-upravljanjem\/\" \/>\n\t\t<meta property=\"og:image\" content=\"https:\/\/droix.eu\/wp-content\/uploads\/2024\/06\/droix-v2-light-logo.png\" \/>\n\t\t<meta property=\"og:image:secure_url\" content=\"https:\/\/droix.eu\/wp-content\/uploads\/2024\/06\/droix-v2-light-logo.png\" \/>\n\t\t<meta property=\"og:image:width\" content=\"380\" \/>\n\t\t<meta property=\"og:image:height\" content=\"118\" \/>\n\t\t<meta property=\"article:published_time\" content=\"2020-11-17T11:23:03+00:00\" \/>\n\t\t<meta property=\"article:modified_time\" content=\"2026-01-22T14:33:11+00:00\" \/>\n\t\t<meta property=\"article:publisher\" content=\"https:\/\/www.facebook.com\/DroiX.Store\" \/>\n\t\t<meta name=\"twitter:card\" content=\"summary_large_image\" \/>\n\t\t<meta name=\"twitter:site\" content=\"@DroiX_Store\" \/>\n\t\t<meta name=\"twitter:title\" content=\"DroiX G10S Air-Mouse z osvetlitvijo in glasovnim upravljanjem - DROIX EU\" \/>\n\t\t<meta name=\"twitter:description\" content=\"Brez\u017ei\u010dna povezljivost 2,4 GHz Deluje na baterije AAA. Gumbi z osvetlitvijo Vgrajen mikrofon Lahka, ergonomska zasnova. Paket vklju\u010duje 1x DroiX G10S Air-Mouse\/li&gt; 1x 2,4Ghz RF USB Dongle 1x uporabni\u0161ki priro\u010dnik\" \/>\n\t\t<meta name=\"twitter:image\" content=\"https:\/\/droix.eu\/wp-content\/uploads\/2024\/06\/droix-v2-light-logo.png\" \/>\n\t\t<script type=\"application\/ld+json\" class=\"aioseo-schema\">\n\t\t\t{\"@context\":\"https:\\\/\\\/schema.org\",\"@graph\":[{\"@type\":\"BreadcrumbList\",\"@id\":\"https:\\\/\\\/droix.eu\\\/sl\\\/product\\\/droix-g10s-air-mouse-z-osvetlitvijo-in-glasovnim-upravljanjem\\\/#breadcrumblist\",\"itemListElement\":[{\"@type\":\"ListItem\",\"@id\":\"https:\\\/\\\/droix.eu\\\/sl\\\/#listItem\",\"position\":1,\"name\":\"Home\",\"item\":\"https:\\\/\\\/droix.eu\\\/sl\\\/\",\"nextItem\":{\"@type\":\"ListItem\",\"@id\":\"https:\\\/\\\/droix.eu\\\/sl\\\/product-category\\\/dodatki\\\/#listItem\",\"name\":\"Dodatki\"}},{\"@type\":\"ListItem\",\"@id\":\"https:\\\/\\\/droix.eu\\\/sl\\\/product-category\\\/dodatki\\\/#listItem\",\"position\":2,\"name\":\"Dodatki\",\"item\":\"https:\\\/\\\/droix.eu\\\/sl\\\/product-category\\\/dodatki\\\/\",\"nextItem\":{\"@type\":\"ListItem\",\"@id\":\"https:\\\/\\\/droix.eu\\\/sl\\\/product-category\\\/dodatki\\\/dodatna-oprema-za-televizijske-predale-android\\\/#listItem\",\"name\":\"Dodatna oprema za televizijske predale Android\"},\"previousItem\":{\"@type\":\"ListItem\",\"@id\":\"https:\\\/\\\/droix.eu\\\/sl\\\/#listItem\",\"name\":\"Home\"}},{\"@type\":\"ListItem\",\"@id\":\"https:\\\/\\\/droix.eu\\\/sl\\\/product-category\\\/dodatki\\\/dodatna-oprema-za-televizijske-predale-android\\\/#listItem\",\"position\":3,\"name\":\"Dodatna oprema za televizijske predale Android\",\"item\":\"https:\\\/\\\/droix.eu\\\/sl\\\/product-category\\\/dodatki\\\/dodatna-oprema-za-televizijske-predale-android\\\/\",\"nextItem\":{\"@type\":\"ListItem\",\"@id\":\"https:\\\/\\\/droix.eu\\\/sl\\\/product\\\/droix-g10s-air-mouse-z-osvetlitvijo-in-glasovnim-upravljanjem\\\/#listItem\",\"name\":\"DroiX G10S Air-Mouse z osvetlitvijo in glasovnim upravljanjem\"},\"previousItem\":{\"@type\":\"ListItem\",\"@id\":\"https:\\\/\\\/droix.eu\\\/sl\\\/product-category\\\/dodatki\\\/#listItem\",\"name\":\"Dodatki\"}},{\"@type\":\"ListItem\",\"@id\":\"https:\\\/\\\/droix.eu\\\/sl\\\/product\\\/droix-g10s-air-mouse-z-osvetlitvijo-in-glasovnim-upravljanjem\\\/#listItem\",\"position\":4,\"name\":\"DroiX G10S Air-Mouse z osvetlitvijo in glasovnim upravljanjem\",\"previousItem\":{\"@type\":\"ListItem\",\"@id\":\"https:\\\/\\\/droix.eu\\\/sl\\\/product-category\\\/dodatki\\\/dodatna-oprema-za-televizijske-predale-android\\\/#listItem\",\"name\":\"Dodatna oprema za televizijske predale Android\"}}]},{\"@type\":\"Organization\",\"@id\":\"https:\\\/\\\/droix.eu\\\/sl\\\/#organization\",\"name\":\"DroiX \\u2013 Trusted EU Tech Retailer with 12+ Years Experience\",\"description\":\"DroiX is a leading European technology retailer with over 12 years of experience, offering quality mini PCs, handheld gaming consoles, and tech accessories. We provide hassle-free EU delivery with all taxes included, ensuring a smooth and reliable shopping experience for our customers across Europe.\",\"url\":\"https:\\\/\\\/droix.eu\\\/sl\\\/\",\"logo\":{\"@type\":\"ImageObject\",\"url\":\"https:\\\/\\\/droix.eu\\\/wp-content\\\/uploads\\\/2024\\\/06\\\/droix-v2-light-logo.png\",\"@id\":\"https:\\\/\\\/droix.eu\\\/sl\\\/product\\\/droix-g10s-air-mouse-z-osvetlitvijo-in-glasovnim-upravljanjem\\\/#organizationLogo\",\"width\":380,\"height\":118},\"image\":{\"@id\":\"https:\\\/\\\/droix.eu\\\/sl\\\/product\\\/droix-g10s-air-mouse-z-osvetlitvijo-in-glasovnim-upravljanjem\\\/#organizationLogo\"},\"sameAs\":[\"https:\\\/\\\/www.facebook.com\\\/DroiX.Store\",\"https:\\\/\\\/twitter.com\\\/DroiX_Store\",\"https:\\\/\\\/www.instagram.com\\\/droix.store\\\/\",\"https:\\\/\\\/www.tiktok.com\\\/@droix.store\",\"https:\\\/\\\/www.youtube.com\\\/c\\\/DroiX_Store\",\"https:\\\/\\\/uk.linkedin.com\\\/company\\\/droix\"]},{\"@type\":\"Product\",\"@id\":\"https:\\\/\\\/droix.eu\\\/sl\\\/product\\\/droix-g10s-air-mouse-z-osvetlitvijo-in-glasovnim-upravljanjem\\\/#wooCommerceProduct\",\"name\":\"DroiX G10S Air-Mouse z osvetlitvijo in glasovnim upravljanjem\",\"description\":\"Brez\\u017ei\\u010dna povezljivost 2,4 GHz\\n \\tDeluje na baterije AAA.\\n \\tGumbi z osvetlitvijo \\n \\tVgrajen mikrofon\\n \\tLahka, ergonomska zasnova.\",\"url\":\"https:\\\/\\\/droix.eu\\\/sl\\\/product\\\/droix-g10s-air-mouse-z-osvetlitvijo-in-glasovnim-upravljanjem\\\/\",\"sku\":\"DROIX-G10S\",\"gtin\":\"5060763670440\",\"image\":{\"@type\":\"ImageObject\",\"url\":\"https:\\\/\\\/droix.eu\\\/wp-content\\\/uploads\\\/2021\\\/12\\\/G10S-LISTING-PICTURE-1.png\",\"@id\":\"https:\\\/\\\/droix.eu\\\/sl\\\/product\\\/droix-g10s-air-mouse-z-osvetlitvijo-in-glasovnim-upravljanjem\\\/#productImage\",\"width\":1000,\"height\":1000,\"caption\":\"DroiX G10S Air-Mouse z osvetlitvijo - prikaz spredaj\"},\"offers\":{\"@type\":\"Offer\",\"url\":\"https:\\\/\\\/droix.eu\\\/sl\\\/product\\\/droix-g10s-air-mouse-z-osvetlitvijo-in-glasovnim-upravljanjem\\\/#wooCommerceOffer\",\"price\":11.01,\"priceCurrency\":\"EUR\",\"category\":\"Dodatki\",\"availability\":\"https:\\\/\\\/schema.org\\\/OutOfStock\",\"priceSpecification\":{\"@type\":\"PriceSpecification\",\"price\":11.01,\"priceCurrency\":\"EUR\",\"valueAddedTaxIncluded\":\"true\"},\"seller\":{\"@type\":\"Organization\",\"@id\":\"https:\\\/\\\/droix.eu\\\/sl\\\/#organization\"}}},{\"@type\":\"WebPage\",\"@id\":\"https:\\\/\\\/droix.eu\\\/sl\\\/product\\\/droix-g10s-air-mouse-z-osvetlitvijo-in-glasovnim-upravljanjem\\\/#webpage\",\"url\":\"https:\\\/\\\/droix.eu\\\/sl\\\/product\\\/droix-g10s-air-mouse-z-osvetlitvijo-in-glasovnim-upravljanjem\\\/\",\"name\":\"DroiX G10S Air-Mouse z osvetlitvijo in glasovnim upravljanjem - DROIX EU\",\"description\":\"Brez\\u017ei\\u010dna povezljivost 2,4 GHz Deluje na baterije AAA. Gumbi z osvetlitvijo Vgrajen mikrofon Lahka, ergonomska zasnova. Paket vklju\\u010duje 1x DroiX G10S Air-Mouse\\\/li> 1x 2,4Ghz RF USB Dongle 1x uporabni\\u0161ki priro\\u010dnik\",\"inLanguage\":\"sl-SI\",\"isPartOf\":{\"@id\":\"https:\\\/\\\/droix.eu\\\/sl\\\/#website\"},\"breadcrumb\":{\"@id\":\"https:\\\/\\\/droix.eu\\\/sl\\\/product\\\/droix-g10s-air-mouse-z-osvetlitvijo-in-glasovnim-upravljanjem\\\/#breadcrumblist\"},\"image\":{\"@type\":\"ImageObject\",\"url\":\"https:\\\/\\\/droix.eu\\\/wp-content\\\/uploads\\\/2021\\\/12\\\/G10S-LISTING-PICTURE-1.png\",\"@id\":\"https:\\\/\\\/droix.eu\\\/sl\\\/product\\\/droix-g10s-air-mouse-z-osvetlitvijo-in-glasovnim-upravljanjem\\\/#mainImage\",\"width\":1000,\"height\":1000,\"caption\":\"DroiX G10S Air-Mouse z osvetlitvijo - prikaz spredaj\"},\"primaryImageOfPage\":{\"@id\":\"https:\\\/\\\/droix.eu\\\/sl\\\/product\\\/droix-g10s-air-mouse-z-osvetlitvijo-in-glasovnim-upravljanjem\\\/#mainImage\"},\"datePublished\":\"2020-11-17T11:23:03+00:00\",\"dateModified\":\"2026-01-22T14:33:11+00:00\"},{\"@type\":\"WebSite\",\"@id\":\"https:\\\/\\\/droix.eu\\\/sl\\\/#website\",\"url\":\"https:\\\/\\\/droix.eu\\\/sl\\\/\",\"name\":\"DROIX EU\",\"description\":\"Get the latest Mini PCs, Ultrabook, PC Gaming Handhelds and more!\",\"inLanguage\":\"sl-SI\",\"publisher\":{\"@id\":\"https:\\\/\\\/droix.eu\\\/sl\\\/#organization\"}}]}\n\t\t<\/script>\n\t\t<!-- All in One SEO Pro -->\r\n\t\t<title>DroiX G10S Air-Mouse z osvetlitvijo in glasovnim upravljanjem - DROIX EU<\/title>\n\n","aioseo_head_json":{"title":"DroiX G10S Air-Mouse z osvetlitvijo in glasovnim upravljanjem - DROIX EU","description":"Brez\u017ei\u010dna povezljivost 2,4 GHz Deluje na baterije AAA. Gumbi z osvetlitvijo Vgrajen mikrofon Lahka, ergonomska zasnova. Paket vklju\u010duje 1x DroiX G10S Air-Mouse\/li> 1x 2,4Ghz RF USB Dongle 1x uporabni\u0161ki priro\u010dnik","canonical_url":"https:\/\/droix.eu\/sl\/product\/droix-g10s-air-mouse-z-osvetlitvijo-in-glasovnim-upravljanjem\/","robots":"max-image-preview:large","keywords":"","webmasterTools":{"miscellaneous":""},"schema":{"@context":"https:\/\/schema.org","@graph":[{"@type":"BreadcrumbList","@id":"https:\/\/droix.eu\/sl\/product\/droix-g10s-air-mouse-z-osvetlitvijo-in-glasovnim-upravljanjem\/#breadcrumblist","itemListElement":[{"@type":"ListItem","@id":"https:\/\/droix.eu\/sl\/#listItem","position":1,"name":"Home","item":"https:\/\/droix.eu\/sl\/","nextItem":{"@type":"ListItem","@id":"https:\/\/droix.eu\/sl\/product-category\/dodatki\/#listItem","name":"Dodatki"}},{"@type":"ListItem","@id":"https:\/\/droix.eu\/sl\/product-category\/dodatki\/#listItem","position":2,"name":"Dodatki","item":"https:\/\/droix.eu\/sl\/product-category\/dodatki\/","nextItem":{"@type":"ListItem","@id":"https:\/\/droix.eu\/sl\/product-category\/dodatki\/dodatna-oprema-za-televizijske-predale-android\/#listItem","name":"Dodatna oprema za televizijske predale Android"},"previousItem":{"@type":"ListItem","@id":"https:\/\/droix.eu\/sl\/#listItem","name":"Home"}},{"@type":"ListItem","@id":"https:\/\/droix.eu\/sl\/product-category\/dodatki\/dodatna-oprema-za-televizijske-predale-android\/#listItem","position":3,"name":"Dodatna oprema za televizijske predale Android","item":"https:\/\/droix.eu\/sl\/product-category\/dodatki\/dodatna-oprema-za-televizijske-predale-android\/","nextItem":{"@type":"ListItem","@id":"https:\/\/droix.eu\/sl\/product\/droix-g10s-air-mouse-z-osvetlitvijo-in-glasovnim-upravljanjem\/#listItem","name":"DroiX G10S Air-Mouse z osvetlitvijo in glasovnim upravljanjem"},"previousItem":{"@type":"ListItem","@id":"https:\/\/droix.eu\/sl\/product-category\/dodatki\/#listItem","name":"Dodatki"}},{"@type":"ListItem","@id":"https:\/\/droix.eu\/sl\/product\/droix-g10s-air-mouse-z-osvetlitvijo-in-glasovnim-upravljanjem\/#listItem","position":4,"name":"DroiX G10S Air-Mouse z osvetlitvijo in glasovnim upravljanjem","previousItem":{"@type":"ListItem","@id":"https:\/\/droix.eu\/sl\/product-category\/dodatki\/dodatna-oprema-za-televizijske-predale-android\/#listItem","name":"Dodatna oprema za televizijske predale Android"}}]},{"@type":"Organization","@id":"https:\/\/droix.eu\/sl\/#organization","name":"DroiX \u2013 Trusted EU Tech Retailer with 12+ Years Experience","description":"DroiX is a leading European technology retailer with over 12 years of experience, offering quality mini PCs, handheld gaming consoles, and tech accessories. We provide hassle-free EU delivery with all taxes included, ensuring a smooth and reliable shopping experience for our customers across Europe.","url":"https:\/\/droix.eu\/sl\/","logo":{"@type":"ImageObject","url":"https:\/\/droix.eu\/wp-content\/uploads\/2024\/06\/droix-v2-light-logo.png","@id":"https:\/\/droix.eu\/sl\/product\/droix-g10s-air-mouse-z-osvetlitvijo-in-glasovnim-upravljanjem\/#organizationLogo","width":380,"height":118},"image":{"@id":"https:\/\/droix.eu\/sl\/product\/droix-g10s-air-mouse-z-osvetlitvijo-in-glasovnim-upravljanjem\/#organizationLogo"},"sameAs":["https:\/\/www.facebook.com\/DroiX.Store","https:\/\/twitter.com\/DroiX_Store","https:\/\/www.instagram.com\/droix.store\/","https:\/\/www.tiktok.com\/@droix.store","https:\/\/www.youtube.com\/c\/DroiX_Store","https:\/\/uk.linkedin.com\/company\/droix"]},{"@type":"Product","@id":"https:\/\/droix.eu\/sl\/product\/droix-g10s-air-mouse-z-osvetlitvijo-in-glasovnim-upravljanjem\/#wooCommerceProduct","name":"DroiX G10S Air-Mouse z osvetlitvijo in glasovnim upravljanjem","description":"Brez\u017ei\u010dna povezljivost 2,4 GHz\n \tDeluje na baterije AAA.\n \tGumbi z osvetlitvijo \n \tVgrajen mikrofon\n \tLahka, ergonomska zasnova.","url":"https:\/\/droix.eu\/sl\/product\/droix-g10s-air-mouse-z-osvetlitvijo-in-glasovnim-upravljanjem\/","sku":"DROIX-G10S","gtin":"5060763670440","image":{"@type":"ImageObject","url":"https:\/\/droix.eu\/wp-content\/uploads\/2021\/12\/G10S-LISTING-PICTURE-1.png","@id":"https:\/\/droix.eu\/sl\/product\/droix-g10s-air-mouse-z-osvetlitvijo-in-glasovnim-upravljanjem\/#productImage","width":1000,"height":1000,"caption":"DroiX G10S Air-Mouse z osvetlitvijo - prikaz spredaj"},"offers":{"@type":"Offer","url":"https:\/\/droix.eu\/sl\/product\/droix-g10s-air-mouse-z-osvetlitvijo-in-glasovnim-upravljanjem\/#wooCommerceOffer","price":11.01,"priceCurrency":"EUR","category":"Dodatki","availability":"https:\/\/schema.org\/OutOfStock","priceSpecification":{"@type":"PriceSpecification","price":11.01,"priceCurrency":"EUR","valueAddedTaxIncluded":"true"},"seller":{"@type":"Organization","@id":"https:\/\/droix.eu\/sl\/#organization"}}},{"@type":"WebPage","@id":"https:\/\/droix.eu\/sl\/product\/droix-g10s-air-mouse-z-osvetlitvijo-in-glasovnim-upravljanjem\/#webpage","url":"https:\/\/droix.eu\/sl\/product\/droix-g10s-air-mouse-z-osvetlitvijo-in-glasovnim-upravljanjem\/","name":"DroiX G10S Air-Mouse z osvetlitvijo in glasovnim upravljanjem - DROIX EU","description":"Brez\u017ei\u010dna povezljivost 2,4 GHz Deluje na baterije AAA. Gumbi z osvetlitvijo Vgrajen mikrofon Lahka, ergonomska zasnova. Paket vklju\u010duje 1x DroiX G10S Air-Mouse\/li> 1x 2,4Ghz RF USB Dongle 1x uporabni\u0161ki priro\u010dnik","inLanguage":"sl-SI","isPartOf":{"@id":"https:\/\/droix.eu\/sl\/#website"},"breadcrumb":{"@id":"https:\/\/droix.eu\/sl\/product\/droix-g10s-air-mouse-z-osvetlitvijo-in-glasovnim-upravljanjem\/#breadcrumblist"},"image":{"@type":"ImageObject","url":"https:\/\/droix.eu\/wp-content\/uploads\/2021\/12\/G10S-LISTING-PICTURE-1.png","@id":"https:\/\/droix.eu\/sl\/product\/droix-g10s-air-mouse-z-osvetlitvijo-in-glasovnim-upravljanjem\/#mainImage","width":1000,"height":1000,"caption":"DroiX G10S Air-Mouse z osvetlitvijo - prikaz spredaj"},"primaryImageOfPage":{"@id":"https:\/\/droix.eu\/sl\/product\/droix-g10s-air-mouse-z-osvetlitvijo-in-glasovnim-upravljanjem\/#mainImage"},"datePublished":"2020-11-17T11:23:03+00:00","dateModified":"2026-01-22T14:33:11+00:00"},{"@type":"WebSite","@id":"https:\/\/droix.eu\/sl\/#website","url":"https:\/\/droix.eu\/sl\/","name":"DROIX EU","description":"Get the latest Mini PCs, Ultrabook, PC Gaming Handhelds and more!","inLanguage":"sl-SI","publisher":{"@id":"https:\/\/droix.eu\/sl\/#organization"}}]},"og:locale":"sl_SI","og:site_name":"DROIX EU - Get the latest Mini PCs, Ultrabook, PC Gaming Handhelds and more!","og:type":"article","og:title":"DroiX G10S Air-Mouse z osvetlitvijo in glasovnim upravljanjem - DROIX EU","og:description":"Brez\u017ei\u010dna povezljivost 2,4 GHz Deluje na baterije AAA. Gumbi z osvetlitvijo Vgrajen mikrofon Lahka, ergonomska zasnova. Paket vklju\u010duje 1x DroiX G10S Air-Mouse\/li&gt; 1x 2,4Ghz RF USB Dongle 1x uporabni\u0161ki priro\u010dnik","og:url":"https:\/\/droix.eu\/sl\/product\/droix-g10s-air-mouse-z-osvetlitvijo-in-glasovnim-upravljanjem\/","og:image":"https:\/\/droix.eu\/wp-content\/uploads\/2024\/06\/droix-v2-light-logo.png","og:image:secure_url":"https:\/\/droix.eu\/wp-content\/uploads\/2024\/06\/droix-v2-light-logo.png","og:image:width":380,"og:image:height":118,"article:published_time":"2020-11-17T11:23:03+00:00","article:modified_time":"2026-01-22T14:33:11+00:00","article:publisher":"https:\/\/www.facebook.com\/DroiX.Store","twitter:card":"summary_large_image","twitter:site":"@DroiX_Store","twitter:title":"DroiX G10S Air-Mouse z osvetlitvijo in glasovnim upravljanjem - DROIX EU","twitter:description":"Brez\u017ei\u010dna povezljivost 2,4 GHz Deluje na baterije AAA. Gumbi z osvetlitvijo Vgrajen mikrofon Lahka, ergonomska zasnova. Paket vklju\u010duje 1x DroiX G10S Air-Mouse\/li&gt; 1x 2,4Ghz RF USB Dongle 1x uporabni\u0161ki priro\u010dnik","twitter:image":"https:\/\/droix.eu\/wp-content\/uploads\/2024\/06\/droix-v2-light-logo.png"},"aioseo_meta_data":{"post_id":"564947","title":null,"description":null,"keywords":null,"keyphrases":null,"primary_term":null,"canonical_url":null,"og_title":null,"og_description":null,"og_object_type":"default","og_image_type":"default","og_image_url":null,"og_image_width":null,"og_image_height":null,"og_image_custom_url":null,"og_image_custom_fields":null,"og_video":null,"og_custom_url":null,"og_article_section":null,"og_article_tags":null,"twitter_use_og":true,"twitter_card":"default","twitter_image_type":"default","twitter_image_url":null,"twitter_image_custom_url":null,"twitter_image_custom_fields":null,"twitter_title":null,"twitter_description":null,"schema":{"blockGraphs":[],"customGraphs":[],"default":{"data":{"Article":[],"Course":[],"Dataset":[],"FAQPage":[],"Movie":[],"Person":[],"Product":[],"ProductReview":[],"Car":[],"Recipe":[],"Service":[],"SoftwareApplication":[],"WebPage":[]},"graphName":"","isEnabled":true},"graphs":[]},"schema_type":"default","schema_type_options":null,"pillar_content":false,"robots_default":true,"robots_noindex":false,"robots_noarchive":false,"robots_nosnippet":false,"robots_nofollow":false,"robots_noimageindex":false,"robots_noodp":false,"robots_notranslate":false,"robots_max_snippet":null,"robots_max_videopreview":null,"robots_max_imagepreview":"large","priority":null,"frequency":null,"local_seo":null,"seo_analyzer_scan_date":"2025-10-24 07:50:03","breadcrumb_settings":null,"limit_modified_date":false,"reviewed_by":null,"open_ai":null,"ai":null,"created":"2025-10-09 03:26:55","updated":"2026-01-24 09:19:52"},"aioseo_breadcrumb":"<div class=\"aioseo-breadcrumbs\"><span class=\"aioseo-breadcrumb\">\n\t<a href=\"https:\/\/droix.eu\/sl\/\" title=\"Home\">Home<\/a>\n<\/span><span class=\"aioseo-breadcrumb-separator\">&raquo;<\/span><span class=\"aioseo-breadcrumb\">\n\t<a href=\"https:\/\/droix.eu\/sl\/product-category\/dodatki\/\" title=\"Dodatki\">Dodatki<\/a>\n<\/span><span class=\"aioseo-breadcrumb-separator\">&raquo;<\/span><span class=\"aioseo-breadcrumb\">\n\t<a href=\"https:\/\/droix.eu\/sl\/product-category\/dodatki\/dodatna-oprema-za-televizijske-predale-android\/\" title=\"Dodatna oprema za televizijske predale Android\">Dodatna oprema za televizijske predale Android<\/a>\n<\/span><span class=\"aioseo-breadcrumb-separator\">&raquo;<\/span><span class=\"aioseo-breadcrumb\">\n\tDroiX G10S Air-Mouse z osvetlitvijo in glasovnim upravljanjem\n<\/span><\/div>","aioseo_breadcrumb_json":[{"label":"Home","link":"https:\/\/droix.eu\/sl\/"},{"label":"Dodatki","link":"https:\/\/droix.eu\/sl\/product-category\/dodatki\/"},{"label":"Dodatna oprema za televizijske predale Android","link":"https:\/\/droix.eu\/sl\/product-category\/dodatki\/dodatna-oprema-za-televizijske-predale-android\/"},{"label":"DroiX G10S Air-Mouse z osvetlitvijo in glasovnim upravljanjem","link":"https:\/\/droix.eu\/sl\/product\/droix-g10s-air-mouse-z-osvetlitvijo-in-glasovnim-upravljanjem\/"}],"_links":{"self":[{"href":"https:\/\/droix.eu\/sl\/wp-json\/wp\/v2\/product\/564947","targetHints":{"allow":["GET"]}}],"collection":[{"href":"https:\/\/droix.eu\/sl\/wp-json\/wp\/v2\/product"}],"about":[{"href":"https:\/\/droix.eu\/sl\/wp-json\/wp\/v2\/types\/product"}],"version-history":[{"count":0,"href":"https:\/\/droix.eu\/sl\/wp-json\/wp\/v2\/product\/564947\/revisions"}],"wp:featuredmedia":[{"embeddable":true,"href":"https:\/\/droix.eu\/sl\/wp-json\/wp\/v2\/media\/220352"}],"wp:attachment":[{"href":"https:\/\/droix.eu\/sl\/wp-json\/wp\/v2\/media?parent=564947"}],"wp:term":[{"taxonomy":"product_brand","embeddable":true,"href":"https:\/\/droix.eu\/sl\/wp-json\/wp\/v2\/product_brand?post=564947"},{"taxonomy":"product_cat","embeddable":true,"href":"https:\/\/droix.eu\/sl\/wp-json\/wp\/v2\/product_cat?post=564947"},{"taxonomy":"product_tag","embeddable":true,"href":"https:\/\/droix.eu\/sl\/wp-json\/wp\/v2\/product_tag?post=564947"},{"taxonomy":"woo-feed-brand","embeddable":true,"href":"https:\/\/droix.eu\/sl\/wp-json\/wp\/v2\/woo-feed-brand?post=564947"},{"taxonomy":"key-features","embeddable":true,"href":"https:\/\/droix.eu\/sl\/wp-json\/wp\/v2\/key-features?post=564947"}],"curies":[{"name":"wp","href":"https:\/\/api.w.org\/{rel}","templated":true}]}}