{"id":532615,"date":"2022-12-20T15:00:27","date_gmt":"2022-12-20T15:00:27","guid":{"rendered":"https:\/\/droix.eu\/product\/kingspec-2230-steam-deck-shranjevanje-nvme\/"},"modified":"2025-09-05T15:03:27","modified_gmt":"2025-09-05T14:03:27","slug":"kingspec-2230-steam-deck-shranjevanje-nvme","status":"publish","type":"product","link":"https:\/\/droix.eu\/sl\/product\/kingspec-2230-steam-deck-shranjevanje-nvme\/","title":{"rendered":"KingSpec 2230 Steam Deck Shranjevanje NVMe"},"content":{"rendered":"&#13;\n<p><strong>SSD<\/strong>disk <strong>KingSpec NVMe 22*30<\/strong>lahko dose\u017ee hitrosti branja do 3621,35 MB\/s in pisanja do 2314,32 MB\/s. Te hitrosti so bistveno vi\u0161je od hitrosti obi\u010dajnih trdih diskov, ki obi\u010dajno dosegajo hitrosti okoli 100 MB\/s. To pomeni, da lahko pogon KingSpec NVMe do podatkov dostopa in jih prena\u0161a veliko hitreje, kar omogo\u010da hitrej\u0161i zagon in hitrej\u0161i zagon programske opreme.  <\/p>&#13;\n&#13;\n<p>Recimo, da imate veliko programsko aplikacijo, ki jo morate namestiti. S klasi\u010dnim trdim diskom lahko postopek namestitve traja ve\u010d minut. Z diskom KingSpec NVMe pa bi bil postopek namestitve veliko hitrej\u0161i, saj lahko disk do potrebnih podatkov dostopa in jih prena\u0161a z veliko ve\u010djo hitrostjo.  <\/p>&#13;\n&#13;\n<p>Na splo\u0161no je pogon <strong>KingSpec NVMe<\/strong> zaradi vi\u0161jih hitrosti branja in pisanja odli\u010dna izbira za tiste, ki \u017eelijo izbolj\u0161ati splo\u0161no zmogljivost svojega ra\u010dunalnika. Ne glede na to, ali ste igri\u010dar, ki \u017eeli hitreje nalo\u017eiti ravni, ustvarjalec, ki dela z velikimi datotekami, ali preprosto nekdo, ki \u017eeli bolj gladko in odzivno ra\u010dunalni\u0161ko izku\u0161njo, vam bo ta pogon zagotovo pomagal. <\/p>&#13;\n&#13;\n<p>Preverite spodnje rezultate za <strong>Steam Deck<\/strong> z uporabo <strong>KingSpec 2230 NVMe 1TB<\/strong> Storage :<\/p>&#13;\n&#13;\n<p>Hitrost branja: <strong>3621,35 MB\/s<\/strong><br\/>Hitrost zapisovanja:<strong> 2314,32 MB\/s<\/strong><\/p>&#13;\n&#13;\n<p>Programska oprema za primerjalno testiranje <strong>CrystalDiskMark<\/strong> izvede vrsto testov na pomnilniku in preveri njegovo zmogljivost pri razli\u010dnih vzorcih branja\/pisanja. Rezultati v prvi vrstici prikazujejo optimalno najve\u010djo hitrost branja in pisanja. <\/p>&#13;\n&#13;\n<figure class=\"wp-block-image aligncenter\"><img fetchpriority=\"high\" decoding=\"async\" width=\"601\" height=\"438\" src=\"https:\/\/droix.eu\/wp-content\/uploads\/2022\/12\/r-w-speed-kigspec2230-steam-deck.png\" alt=\"SD KingSpec 2230 hitrost branja pisanja\" class=\"wp-image-94989\" srcset=\"https:\/\/droix.eu\/wp-content\/uploads\/2022\/12\/r-w-speed-kigspec2230-steam-deck.png 601w, https:\/\/droix.eu\/wp-content\/uploads\/2022\/12\/r-w-speed-kigspec2230-steam-deck-300x219.png 300w, https:\/\/droix.eu\/wp-content\/uploads\/2022\/12\/r-w-speed-kigspec2230-steam-deck-441x321.png 441w\" sizes=\"(max-width: 601px) 100vw, 601px\" \/><\/figure>&#13;\n&#13;\n<figure class=\"wp-block-image aligncenter\"><img decoding=\"async\" width=\"1500\" height=\"1500\" src=\"https:\/\/droix.eu\/wp-content\/uploads\/2022\/12\/SSD-EXPLINATION.png\" alt=\"orodje za razlago ssd\" class=\"wp-image-105048\" srcset=\"https:\/\/droix.eu\/wp-content\/uploads\/2022\/12\/SSD-EXPLINATION.png 1500w, https:\/\/droix.eu\/wp-content\/uploads\/2022\/12\/SSD-EXPLINATION-300x300.png 300w, https:\/\/droix.eu\/wp-content\/uploads\/2022\/12\/SSD-EXPLINATION-100x100.png 100w, https:\/\/droix.eu\/wp-content\/uploads\/2022\/12\/SSD-EXPLINATION-1000x1000.png 1000w, https:\/\/droix.eu\/wp-content\/uploads\/2022\/12\/SSD-EXPLINATION-1024x1024.png 1024w, https:\/\/droix.eu\/wp-content\/uploads\/2022\/12\/SSD-EXPLINATION-768x768.png 768w, https:\/\/droix.eu\/wp-content\/uploads\/2022\/12\/SSD-EXPLINATION-990x990.png 990w, https:\/\/droix.eu\/wp-content\/uploads\/2022\/12\/SSD-EXPLINATION-441x441.png 441w\" sizes=\"(max-width: 1500px) 100vw, 1500px\" \/><\/figure>&#13;\n","protected":false},"excerpt":{"rendered":"<ul>\n<li>Hitre hitrosti NVMe<\/li>\n<li>Zdru\u017eljiv s sistemom SteamDeck in sistemom GPD WIN Max 2  <\/li>\n<li>3-letna garancija<\/li>\n<\/ul>\n[droix_global_accordions]\n[cg_accordion title=\"Paket vklju\u010duje\"]<\/p>\n<ul>\n<li>1x 22*30 NVMe SSD<\/li>\n<\/ul>\n<p>[\/cg_accordion]\n","protected":false},"featured_media":342446,"template":"","meta":{"_acf_changed":false},"product_brand":[],"product_cat":[34898,31659,34899],"product_tag":[],"woo-feed-brand":[],"key-features":[],"class_list":{"0":"post-532615","1":"product","2":"type-product","3":"status-publish","4":"has-post-thumbnail","6":"product_cat-racunalniska-strojna-oprema","7":"product_cat-strojna-oprema","8":"product_cat-strojna-oprema-za-prenosne-racunalnike","9":"product_shipping_class-low-end","10":"pa_brands-kingspec-sl","12":"first","13":"instock","14":"taxable","15":"shipping-taxable","16":"purchasable","17":"product-type-variable","18":"has-default-attributes"},"acf":[],"aioseo_notices":[],"aioseo_head":"\n\t\t<!-- All in One SEO Pro 4.9.6.2 - aioseo.com -->\n\t<meta name=\"description\" content=\"Hitre hitrosti NVMe Zdru\u017eljiv s sistemom SteamDeck in sistemom GPD WIN Max 2 3-letna garancija Paket vklju\u010duje 1x 22*30 NVMe SSD\" \/>\n\t<meta name=\"robots\" content=\"max-image-preview:large\" \/>\n\t<link rel=\"canonical\" href=\"https:\/\/droix.eu\/sl\/product\/kingspec-2230-steam-deck-shranjevanje-nvme\/\" \/>\n\t<meta name=\"generator\" content=\"All in One SEO Pro (AIOSEO) 4.9.6.2\" \/>\n\t\t<meta property=\"og:locale\" content=\"sl_SI\" \/>\n\t\t<meta property=\"og:site_name\" content=\"DROIX EU - Get the latest Mini PCs, Ultrabook, PC Gaming Handhelds and more!\" \/>\n\t\t<meta property=\"og:type\" content=\"article\" \/>\n\t\t<meta property=\"og:title\" content=\"KingSpec 2230 Steam Deck Shranjevanje NVMe - DROIX EU\" \/>\n\t\t<meta property=\"og:description\" content=\"Hitre hitrosti NVMe Zdru\u017eljiv s sistemom SteamDeck in sistemom GPD WIN Max 2 3-letna garancija Paket vklju\u010duje 1x 22*30 NVMe SSD\" \/>\n\t\t<meta property=\"og:url\" content=\"https:\/\/droix.eu\/sl\/product\/kingspec-2230-steam-deck-shranjevanje-nvme\/\" \/>\n\t\t<meta property=\"og:image\" content=\"https:\/\/droix.eu\/wp-content\/uploads\/2024\/06\/droix-v2-light-logo.png\" \/>\n\t\t<meta property=\"og:image:secure_url\" content=\"https:\/\/droix.eu\/wp-content\/uploads\/2024\/06\/droix-v2-light-logo.png\" \/>\n\t\t<meta property=\"og:image:width\" content=\"380\" \/>\n\t\t<meta property=\"og:image:height\" content=\"118\" \/>\n\t\t<meta property=\"article:published_time\" content=\"2022-12-20T15:00:27+00:00\" \/>\n\t\t<meta property=\"article:modified_time\" content=\"2025-09-05T14:03:27+00:00\" \/>\n\t\t<meta property=\"article:publisher\" content=\"https:\/\/www.facebook.com\/DroiX.Store\" \/>\n\t\t<meta name=\"twitter:card\" content=\"summary_large_image\" \/>\n\t\t<meta name=\"twitter:site\" content=\"@DroiX_Store\" \/>\n\t\t<meta name=\"twitter:title\" content=\"KingSpec 2230 Steam Deck Shranjevanje NVMe - DROIX EU\" \/>\n\t\t<meta name=\"twitter:description\" content=\"Hitre hitrosti NVMe Zdru\u017eljiv s sistemom SteamDeck in sistemom GPD WIN Max 2 3-letna garancija Paket vklju\u010duje 1x 22*30 NVMe SSD\" \/>\n\t\t<meta name=\"twitter:image\" content=\"https:\/\/droix.eu\/wp-content\/uploads\/2024\/06\/droix-v2-light-logo.png\" \/>\n\t\t<script type=\"application\/ld+json\" class=\"aioseo-schema\">\n\t\t\t{\"@context\":\"https:\\\/\\\/schema.org\",\"@graph\":[{\"@type\":\"BreadcrumbList\",\"@id\":\"https:\\\/\\\/droix.eu\\\/sl\\\/product\\\/kingspec-2230-steam-deck-shranjevanje-nvme\\\/#breadcrumblist\",\"itemListElement\":[{\"@type\":\"ListItem\",\"@id\":\"https:\\\/\\\/droix.eu\\\/sl\\\/#listItem\",\"position\":1,\"name\":\"Home\",\"item\":\"https:\\\/\\\/droix.eu\\\/sl\\\/\",\"nextItem\":{\"@type\":\"ListItem\",\"@id\":\"https:\\\/\\\/droix.eu\\\/sl\\\/product-category\\\/strojna-oprema\\\/#listItem\",\"name\":\"Strojna oprema\"}},{\"@type\":\"ListItem\",\"@id\":\"https:\\\/\\\/droix.eu\\\/sl\\\/product-category\\\/strojna-oprema\\\/#listItem\",\"position\":2,\"name\":\"Strojna oprema\",\"item\":\"https:\\\/\\\/droix.eu\\\/sl\\\/product-category\\\/strojna-oprema\\\/\",\"nextItem\":{\"@type\":\"ListItem\",\"@id\":\"https:\\\/\\\/droix.eu\\\/sl\\\/product-category\\\/strojna-oprema\\\/racunalniska-strojna-oprema\\\/#listItem\",\"name\":\"Ra\\u010dunalni\\u0161ka strojna oprema\"},\"previousItem\":{\"@type\":\"ListItem\",\"@id\":\"https:\\\/\\\/droix.eu\\\/sl\\\/#listItem\",\"name\":\"Home\"}},{\"@type\":\"ListItem\",\"@id\":\"https:\\\/\\\/droix.eu\\\/sl\\\/product-category\\\/strojna-oprema\\\/racunalniska-strojna-oprema\\\/#listItem\",\"position\":3,\"name\":\"Ra\\u010dunalni\\u0161ka strojna oprema\",\"item\":\"https:\\\/\\\/droix.eu\\\/sl\\\/product-category\\\/strojna-oprema\\\/racunalniska-strojna-oprema\\\/\",\"nextItem\":{\"@type\":\"ListItem\",\"@id\":\"https:\\\/\\\/droix.eu\\\/sl\\\/product\\\/kingspec-2230-steam-deck-shranjevanje-nvme\\\/#listItem\",\"name\":\"KingSpec 2230 Steam Deck Shranjevanje NVMe\"},\"previousItem\":{\"@type\":\"ListItem\",\"@id\":\"https:\\\/\\\/droix.eu\\\/sl\\\/product-category\\\/strojna-oprema\\\/#listItem\",\"name\":\"Strojna oprema\"}},{\"@type\":\"ListItem\",\"@id\":\"https:\\\/\\\/droix.eu\\\/sl\\\/product\\\/kingspec-2230-steam-deck-shranjevanje-nvme\\\/#listItem\",\"position\":4,\"name\":\"KingSpec 2230 Steam Deck Shranjevanje NVMe\",\"previousItem\":{\"@type\":\"ListItem\",\"@id\":\"https:\\\/\\\/droix.eu\\\/sl\\\/product-category\\\/strojna-oprema\\\/racunalniska-strojna-oprema\\\/#listItem\",\"name\":\"Ra\\u010dunalni\\u0161ka strojna oprema\"}}]},{\"@type\":\"Organization\",\"@id\":\"https:\\\/\\\/droix.eu\\\/sl\\\/#organization\",\"name\":\"DroiX \\u2013 Trusted EU Tech Retailer with 12+ Years Experience\",\"description\":\"DroiX is a leading European technology retailer with over 12 years of experience, offering quality mini PCs, handheld gaming consoles, and tech accessories. We provide hassle-free EU delivery with all taxes included, ensuring a smooth and reliable shopping experience for our customers across Europe.\",\"url\":\"https:\\\/\\\/droix.eu\\\/sl\\\/\",\"logo\":{\"@type\":\"ImageObject\",\"url\":\"https:\\\/\\\/droix.eu\\\/wp-content\\\/uploads\\\/2024\\\/06\\\/droix-v2-light-logo.png\",\"@id\":\"https:\\\/\\\/droix.eu\\\/sl\\\/product\\\/kingspec-2230-steam-deck-shranjevanje-nvme\\\/#organizationLogo\",\"width\":380,\"height\":118},\"image\":{\"@id\":\"https:\\\/\\\/droix.eu\\\/sl\\\/product\\\/kingspec-2230-steam-deck-shranjevanje-nvme\\\/#organizationLogo\"},\"sameAs\":[\"https:\\\/\\\/www.facebook.com\\\/DroiX.Store\",\"https:\\\/\\\/twitter.com\\\/DroiX_Store\",\"https:\\\/\\\/www.instagram.com\\\/droix.store\\\/\",\"https:\\\/\\\/www.tiktok.com\\\/@droix.store\",\"https:\\\/\\\/www.youtube.com\\\/c\\\/DroiX_Store\",\"https:\\\/\\\/uk.linkedin.com\\\/company\\\/droix\"]},{\"@type\":\"ProductGroup\",\"@id\":\"https:\\\/\\\/droix.eu\\\/sl\\\/product\\\/kingspec-2230-steam-deck-shranjevanje-nvme\\\/#wooCommerceProduct\",\"name\":\"KingSpec 2230 Steam Deck Shranjevanje NVMe\",\"description\":\"Hitre hitrosti NVMe\\n \\tZdru\\u017eljiv s sistemom SteamDeck in sistemom GPD WIN Max 2  \\n \\t3-letna garancija\",\"url\":\"https:\\\/\\\/droix.eu\\\/sl\\\/product\\\/kingspec-2230-steam-deck-shranjevanje-nvme\\\/\",\"image\":{\"@type\":\"ImageObject\",\"url\":\"https:\\\/\\\/droix.eu\\\/wp-content\\\/uploads\\\/2022\\\/12\\\/22_30NVME-LISTING-PICTURE-1TB-1.png\",\"@id\":\"https:\\\/\\\/droix.eu\\\/sl\\\/product\\\/kingspec-2230-steam-deck-shranjevanje-nvme\\\/#productImage\",\"width\":1500,\"height\":1500,\"caption\":\"KingSpec 1TB NVME 2230 za shranjevanje\"},\"productGroupID\":532615,\"hasVariant\":[{\"@type\":\"Product\",\"@id\":\"https:\\\/\\\/droix.eu\\\/sl\\\/product\\\/kingspec-2230-steam-deck-shranjevanje-nvme\\\/#wooCommerceProduct\",\"name\":\"KingSpec 2230 Steam Deck Shranjevanje NVMe - 512gb\",\"description\":\"Hitre hitrosti NVMe\\n \\tZdru\\u017eljiv s sistemom SteamDeck in sistemom GPD WIN Max 2  \\n \\t3-letna garancija\",\"url\":\"https:\\\/\\\/droix.eu\\\/sl\\\/product\\\/kingspec-2230-steam-deck-shranjevanje-nvme\\\/\",\"sku\":\"KINGSPEC-NVME-2230-512GB\",\"image\":{\"@type\":\"ImageObject\",\"url\":\"https:\\\/\\\/droix.eu\\\/wp-content\\\/uploads\\\/2022\\\/12\\\/22_30NVME-LISTING-PICTURE-512GB-1.png\",\"@id\":\"https:\\\/\\\/droix.eu\\\/sl\\\/product\\\/kingspec-2230-steam-deck-shranjevanje-nvme\\\/#productImage\",\"width\":1500,\"height\":1500,\"caption\":\"KingSpec 512 GB NVME 2230 za shranjevanje\"},\"offers\":{\"@type\":\"Offer\",\"url\":\"https:\\\/\\\/droix.eu\\\/sl\\\/product\\\/kingspec-2230-steam-deck-shranjevanje-nvme\\\/#wooCommerceOffer\",\"price\":\"59.95\",\"priceCurrency\":\"EUR\",\"category\":\"Ra\\u010dunalni\\u0161ka strojna oprema\",\"availability\":\"https:\\\/\\\/schema.org\\\/OutOfStock\",\"priceSpecification\":{\"@type\":\"PriceSpecification\",\"price\":59.95,\"priceCurrency\":\"EUR\",\"valueAddedTaxIncluded\":\"true\"}}}]},{\"@type\":\"WebPage\",\"@id\":\"https:\\\/\\\/droix.eu\\\/sl\\\/product\\\/kingspec-2230-steam-deck-shranjevanje-nvme\\\/#webpage\",\"url\":\"https:\\\/\\\/droix.eu\\\/sl\\\/product\\\/kingspec-2230-steam-deck-shranjevanje-nvme\\\/\",\"name\":\"KingSpec 2230 Steam Deck Shranjevanje NVMe - DROIX EU\",\"description\":\"Hitre hitrosti NVMe Zdru\\u017eljiv s sistemom SteamDeck in sistemom GPD WIN Max 2 3-letna garancija Paket vklju\\u010duje 1x 22*30 NVMe SSD\",\"inLanguage\":\"sl-SI\",\"isPartOf\":{\"@id\":\"https:\\\/\\\/droix.eu\\\/sl\\\/#website\"},\"breadcrumb\":{\"@id\":\"https:\\\/\\\/droix.eu\\\/sl\\\/product\\\/kingspec-2230-steam-deck-shranjevanje-nvme\\\/#breadcrumblist\"},\"image\":{\"@type\":\"ImageObject\",\"url\":\"https:\\\/\\\/droix.eu\\\/wp-content\\\/uploads\\\/2022\\\/12\\\/22_30NVME-LISTING-PICTURE-1TB-1.png\",\"@id\":\"https:\\\/\\\/droix.eu\\\/sl\\\/product\\\/kingspec-2230-steam-deck-shranjevanje-nvme\\\/#mainImage\",\"width\":1500,\"height\":1500,\"caption\":\"KingSpec 1TB NVME 2230 za shranjevanje\"},\"primaryImageOfPage\":{\"@id\":\"https:\\\/\\\/droix.eu\\\/sl\\\/product\\\/kingspec-2230-steam-deck-shranjevanje-nvme\\\/#mainImage\"},\"datePublished\":\"2022-12-20T15:00:27+00:00\",\"dateModified\":\"2025-09-05T15:03:27+01:00\"},{\"@type\":\"WebSite\",\"@id\":\"https:\\\/\\\/droix.eu\\\/sl\\\/#website\",\"url\":\"https:\\\/\\\/droix.eu\\\/sl\\\/\",\"name\":\"DROIX EU\",\"description\":\"Get the latest Mini PCs, Ultrabook, PC Gaming Handhelds and more!\",\"inLanguage\":\"sl-SI\",\"publisher\":{\"@id\":\"https:\\\/\\\/droix.eu\\\/sl\\\/#organization\"}}]}\n\t\t<\/script>\n\t\t<!-- All in One SEO Pro -->\r\n\t\t<title>KingSpec 2230 Steam Deck Shranjevanje NVMe - DROIX EU<\/title>\n\n","aioseo_head_json":{"title":"KingSpec 2230 Steam Deck Shranjevanje NVMe - DROIX EU","description":"Hitre hitrosti NVMe Zdru\u017eljiv s sistemom SteamDeck in sistemom GPD WIN Max 2 3-letna garancija Paket vklju\u010duje 1x 22*30 NVMe SSD","canonical_url":"https:\/\/droix.eu\/sl\/product\/kingspec-2230-steam-deck-shranjevanje-nvme\/","robots":"max-image-preview:large","keywords":"","webmasterTools":{"miscellaneous":""},"schema":{"@context":"https:\/\/schema.org","@graph":[{"@type":"BreadcrumbList","@id":"https:\/\/droix.eu\/sl\/product\/kingspec-2230-steam-deck-shranjevanje-nvme\/#breadcrumblist","itemListElement":[{"@type":"ListItem","@id":"https:\/\/droix.eu\/sl\/#listItem","position":1,"name":"Home","item":"https:\/\/droix.eu\/sl\/","nextItem":{"@type":"ListItem","@id":"https:\/\/droix.eu\/sl\/product-category\/strojna-oprema\/#listItem","name":"Strojna oprema"}},{"@type":"ListItem","@id":"https:\/\/droix.eu\/sl\/product-category\/strojna-oprema\/#listItem","position":2,"name":"Strojna oprema","item":"https:\/\/droix.eu\/sl\/product-category\/strojna-oprema\/","nextItem":{"@type":"ListItem","@id":"https:\/\/droix.eu\/sl\/product-category\/strojna-oprema\/racunalniska-strojna-oprema\/#listItem","name":"Ra\u010dunalni\u0161ka strojna oprema"},"previousItem":{"@type":"ListItem","@id":"https:\/\/droix.eu\/sl\/#listItem","name":"Home"}},{"@type":"ListItem","@id":"https:\/\/droix.eu\/sl\/product-category\/strojna-oprema\/racunalniska-strojna-oprema\/#listItem","position":3,"name":"Ra\u010dunalni\u0161ka strojna oprema","item":"https:\/\/droix.eu\/sl\/product-category\/strojna-oprema\/racunalniska-strojna-oprema\/","nextItem":{"@type":"ListItem","@id":"https:\/\/droix.eu\/sl\/product\/kingspec-2230-steam-deck-shranjevanje-nvme\/#listItem","name":"KingSpec 2230 Steam Deck Shranjevanje NVMe"},"previousItem":{"@type":"ListItem","@id":"https:\/\/droix.eu\/sl\/product-category\/strojna-oprema\/#listItem","name":"Strojna oprema"}},{"@type":"ListItem","@id":"https:\/\/droix.eu\/sl\/product\/kingspec-2230-steam-deck-shranjevanje-nvme\/#listItem","position":4,"name":"KingSpec 2230 Steam Deck Shranjevanje NVMe","previousItem":{"@type":"ListItem","@id":"https:\/\/droix.eu\/sl\/product-category\/strojna-oprema\/racunalniska-strojna-oprema\/#listItem","name":"Ra\u010dunalni\u0161ka strojna oprema"}}]},{"@type":"Organization","@id":"https:\/\/droix.eu\/sl\/#organization","name":"DroiX \u2013 Trusted EU Tech Retailer with 12+ Years Experience","description":"DroiX is a leading European technology retailer with over 12 years of experience, offering quality mini PCs, handheld gaming consoles, and tech accessories. We provide hassle-free EU delivery with all taxes included, ensuring a smooth and reliable shopping experience for our customers across Europe.","url":"https:\/\/droix.eu\/sl\/","logo":{"@type":"ImageObject","url":"https:\/\/droix.eu\/wp-content\/uploads\/2024\/06\/droix-v2-light-logo.png","@id":"https:\/\/droix.eu\/sl\/product\/kingspec-2230-steam-deck-shranjevanje-nvme\/#organizationLogo","width":380,"height":118},"image":{"@id":"https:\/\/droix.eu\/sl\/product\/kingspec-2230-steam-deck-shranjevanje-nvme\/#organizationLogo"},"sameAs":["https:\/\/www.facebook.com\/DroiX.Store","https:\/\/twitter.com\/DroiX_Store","https:\/\/www.instagram.com\/droix.store\/","https:\/\/www.tiktok.com\/@droix.store","https:\/\/www.youtube.com\/c\/DroiX_Store","https:\/\/uk.linkedin.com\/company\/droix"]},{"@type":"ProductGroup","@id":"https:\/\/droix.eu\/sl\/product\/kingspec-2230-steam-deck-shranjevanje-nvme\/#wooCommerceProduct","name":"KingSpec 2230 Steam Deck Shranjevanje NVMe","description":"Hitre hitrosti NVMe\n \tZdru\u017eljiv s sistemom SteamDeck in sistemom GPD WIN Max 2  \n \t3-letna garancija","url":"https:\/\/droix.eu\/sl\/product\/kingspec-2230-steam-deck-shranjevanje-nvme\/","image":{"@type":"ImageObject","url":"https:\/\/droix.eu\/wp-content\/uploads\/2022\/12\/22_30NVME-LISTING-PICTURE-1TB-1.png","@id":"https:\/\/droix.eu\/sl\/product\/kingspec-2230-steam-deck-shranjevanje-nvme\/#productImage","width":1500,"height":1500,"caption":"KingSpec 1TB NVME 2230 za shranjevanje"},"productGroupID":532615,"hasVariant":[{"@type":"Product","@id":"https:\/\/droix.eu\/sl\/product\/kingspec-2230-steam-deck-shranjevanje-nvme\/#wooCommerceProduct","name":"KingSpec 2230 Steam Deck Shranjevanje NVMe - 512gb","description":"Hitre hitrosti NVMe\n \tZdru\u017eljiv s sistemom SteamDeck in sistemom GPD WIN Max 2  \n \t3-letna garancija","url":"https:\/\/droix.eu\/sl\/product\/kingspec-2230-steam-deck-shranjevanje-nvme\/","sku":"KINGSPEC-NVME-2230-512GB","image":{"@type":"ImageObject","url":"https:\/\/droix.eu\/wp-content\/uploads\/2022\/12\/22_30NVME-LISTING-PICTURE-512GB-1.png","@id":"https:\/\/droix.eu\/sl\/product\/kingspec-2230-steam-deck-shranjevanje-nvme\/#productImage","width":1500,"height":1500,"caption":"KingSpec 512 GB NVME 2230 za shranjevanje"},"offers":{"@type":"Offer","url":"https:\/\/droix.eu\/sl\/product\/kingspec-2230-steam-deck-shranjevanje-nvme\/#wooCommerceOffer","price":"59.95","priceCurrency":"EUR","category":"Ra\u010dunalni\u0161ka strojna oprema","availability":"https:\/\/schema.org\/OutOfStock","priceSpecification":{"@type":"PriceSpecification","price":59.95,"priceCurrency":"EUR","valueAddedTaxIncluded":"true"}}}]},{"@type":"WebPage","@id":"https:\/\/droix.eu\/sl\/product\/kingspec-2230-steam-deck-shranjevanje-nvme\/#webpage","url":"https:\/\/droix.eu\/sl\/product\/kingspec-2230-steam-deck-shranjevanje-nvme\/","name":"KingSpec 2230 Steam Deck Shranjevanje NVMe - DROIX EU","description":"Hitre hitrosti NVMe Zdru\u017eljiv s sistemom SteamDeck in sistemom GPD WIN Max 2 3-letna garancija Paket vklju\u010duje 1x 22*30 NVMe SSD","inLanguage":"sl-SI","isPartOf":{"@id":"https:\/\/droix.eu\/sl\/#website"},"breadcrumb":{"@id":"https:\/\/droix.eu\/sl\/product\/kingspec-2230-steam-deck-shranjevanje-nvme\/#breadcrumblist"},"image":{"@type":"ImageObject","url":"https:\/\/droix.eu\/wp-content\/uploads\/2022\/12\/22_30NVME-LISTING-PICTURE-1TB-1.png","@id":"https:\/\/droix.eu\/sl\/product\/kingspec-2230-steam-deck-shranjevanje-nvme\/#mainImage","width":1500,"height":1500,"caption":"KingSpec 1TB NVME 2230 za shranjevanje"},"primaryImageOfPage":{"@id":"https:\/\/droix.eu\/sl\/product\/kingspec-2230-steam-deck-shranjevanje-nvme\/#mainImage"},"datePublished":"2022-12-20T15:00:27+00:00","dateModified":"2025-09-05T15:03:27+01:00"},{"@type":"WebSite","@id":"https:\/\/droix.eu\/sl\/#website","url":"https:\/\/droix.eu\/sl\/","name":"DROIX EU","description":"Get the latest Mini PCs, Ultrabook, PC Gaming Handhelds and more!","inLanguage":"sl-SI","publisher":{"@id":"https:\/\/droix.eu\/sl\/#organization"}}]},"og:locale":"sl_SI","og:site_name":"DROIX EU - Get the latest Mini PCs, Ultrabook, PC Gaming Handhelds and more!","og:type":"article","og:title":"KingSpec 2230 Steam Deck Shranjevanje NVMe - DROIX EU","og:description":"Hitre hitrosti NVMe Zdru\u017eljiv s sistemom SteamDeck in sistemom GPD WIN Max 2 3-letna garancija Paket vklju\u010duje 1x 22*30 NVMe SSD","og:url":"https:\/\/droix.eu\/sl\/product\/kingspec-2230-steam-deck-shranjevanje-nvme\/","og:image":"https:\/\/droix.eu\/wp-content\/uploads\/2024\/06\/droix-v2-light-logo.png","og:image:secure_url":"https:\/\/droix.eu\/wp-content\/uploads\/2024\/06\/droix-v2-light-logo.png","og:image:width":380,"og:image:height":118,"article:published_time":"2022-12-20T15:00:27+00:00","article:modified_time":"2025-09-05T14:03:27+00:00","article:publisher":"https:\/\/www.facebook.com\/DroiX.Store","twitter:card":"summary_large_image","twitter:site":"@DroiX_Store","twitter:title":"KingSpec 2230 Steam Deck Shranjevanje NVMe - DROIX EU","twitter:description":"Hitre hitrosti NVMe Zdru\u017eljiv s sistemom SteamDeck in sistemom GPD WIN Max 2 3-letna garancija Paket vklju\u010duje 1x 22*30 NVMe SSD","twitter:image":"https:\/\/droix.eu\/wp-content\/uploads\/2024\/06\/droix-v2-light-logo.png"},"aioseo_meta_data":{"post_id":"532615","title":null,"description":null,"keywords":null,"keyphrases":null,"primary_term":null,"canonical_url":null,"og_title":null,"og_description":null,"og_object_type":"default","og_image_type":"default","og_image_url":null,"og_image_width":null,"og_image_height":null,"og_image_custom_url":null,"og_image_custom_fields":null,"og_video":null,"og_custom_url":null,"og_article_section":null,"og_article_tags":null,"twitter_use_og":true,"twitter_card":"default","twitter_image_type":"default","twitter_image_url":null,"twitter_image_custom_url":null,"twitter_image_custom_fields":null,"twitter_title":null,"twitter_description":null,"schema":{"blockGraphs":[],"customGraphs":[],"default":{"data":{"Article":[],"Course":[],"Dataset":[],"FAQPage":[],"Movie":[],"Person":[],"Product":[],"ProductReview":[],"Car":[],"Recipe":[],"Service":[],"SoftwareApplication":[],"WebPage":[]},"graphName":"","isEnabled":true},"graphs":[]},"schema_type":"default","schema_type_options":null,"pillar_content":false,"robots_default":true,"robots_noindex":false,"robots_noarchive":false,"robots_nosnippet":false,"robots_nofollow":false,"robots_noimageindex":false,"robots_noodp":false,"robots_notranslate":false,"robots_max_snippet":null,"robots_max_videopreview":null,"robots_max_imagepreview":"large","priority":null,"frequency":null,"local_seo":null,"seo_analyzer_scan_date":"2025-10-24 12:03:20","breadcrumb_settings":null,"limit_modified_date":false,"reviewed_by":null,"open_ai":null,"ai":null,"created":"2025-10-09 04:05:25","updated":"2025-11-27 02:11:30"},"aioseo_breadcrumb":"<div class=\"aioseo-breadcrumbs\"><span class=\"aioseo-breadcrumb\">\n\t<a href=\"https:\/\/droix.eu\/sl\/\" title=\"Home\">Home<\/a>\n<\/span><span class=\"aioseo-breadcrumb-separator\">&raquo;<\/span><span class=\"aioseo-breadcrumb\">\n\t<a href=\"https:\/\/droix.eu\/sl\/product-category\/strojna-oprema\/\" title=\"Strojna oprema\">Strojna oprema<\/a>\n<\/span><span class=\"aioseo-breadcrumb-separator\">&raquo;<\/span><span class=\"aioseo-breadcrumb\">\n\t<a href=\"https:\/\/droix.eu\/sl\/product-category\/strojna-oprema\/racunalniska-strojna-oprema\/\" title=\"Ra\u010dunalni\u0161ka strojna oprema\">Ra\u010dunalni\u0161ka strojna oprema<\/a>\n<\/span><span class=\"aioseo-breadcrumb-separator\">&raquo;<\/span><span class=\"aioseo-breadcrumb\">\n\tKingSpec 2230 Steam Deck Shranjevanje NVMe\n<\/span><\/div>","aioseo_breadcrumb_json":[{"label":"Home","link":"https:\/\/droix.eu\/sl\/"},{"label":"Strojna oprema","link":"https:\/\/droix.eu\/sl\/product-category\/strojna-oprema\/"},{"label":"Ra\u010dunalni\u0161ka strojna oprema","link":"https:\/\/droix.eu\/sl\/product-category\/strojna-oprema\/racunalniska-strojna-oprema\/"},{"label":"KingSpec 2230 Steam Deck Shranjevanje NVMe","link":"https:\/\/droix.eu\/sl\/product\/kingspec-2230-steam-deck-shranjevanje-nvme\/"}],"_links":{"self":[{"href":"https:\/\/droix.eu\/sl\/wp-json\/wp\/v2\/product\/532615","targetHints":{"allow":["GET"]}}],"collection":[{"href":"https:\/\/droix.eu\/sl\/wp-json\/wp\/v2\/product"}],"about":[{"href":"https:\/\/droix.eu\/sl\/wp-json\/wp\/v2\/types\/product"}],"version-history":[{"count":0,"href":"https:\/\/droix.eu\/sl\/wp-json\/wp\/v2\/product\/532615\/revisions"}],"wp:featuredmedia":[{"embeddable":true,"href":"https:\/\/droix.eu\/sl\/wp-json\/wp\/v2\/media\/342446"}],"wp:attachment":[{"href":"https:\/\/droix.eu\/sl\/wp-json\/wp\/v2\/media?parent=532615"}],"wp:term":[{"taxonomy":"product_brand","embeddable":true,"href":"https:\/\/droix.eu\/sl\/wp-json\/wp\/v2\/product_brand?post=532615"},{"taxonomy":"product_cat","embeddable":true,"href":"https:\/\/droix.eu\/sl\/wp-json\/wp\/v2\/product_cat?post=532615"},{"taxonomy":"product_tag","embeddable":true,"href":"https:\/\/droix.eu\/sl\/wp-json\/wp\/v2\/product_tag?post=532615"},{"taxonomy":"woo-feed-brand","embeddable":true,"href":"https:\/\/droix.eu\/sl\/wp-json\/wp\/v2\/woo-feed-brand?post=532615"},{"taxonomy":"key-features","embeddable":true,"href":"https:\/\/droix.eu\/sl\/wp-json\/wp\/v2\/key-features?post=532615"}],"curies":[{"name":"wp","href":"https:\/\/api.w.org\/{rel}","templated":true}]}}