{"id":531524,"date":"2024-07-16T11:40:59","date_gmt":"2024-07-16T10:40:59","guid":{"rendered":"https:\/\/droix.eu\/product\/anbernic-rg-cube-bag\/"},"modified":"2026-03-27T12:33:57","modified_gmt":"2026-03-27T12:33:57","slug":"anbernic-rg-cube-bag","status":"publish","type":"product","link":"https:\/\/droix.eu\/sl\/product\/anbernic-rg-cube-bag\/","title":{"rendered":"ANBERNIC RG Cube Bag"},"content":{"rendered":"\n<p>Ime izdelka: Vre\u010dka za shranjevanje igralne konzole<br\/><br\/>Barva izdelka: \u010drna<br\/><br\/>Material izdelka: visokokakovostna vodoodporna tkanina<br\/><br\/>Uporaben model: za ANBERNIC RG Cube<\/p>\n\n<h3 class=\"wp-block-heading\">Zna\u010dilnosti izdelka:<\/h3>\n\n<p><br\/>1. Ve\u010dnamenski: V njem lahko shranite tudi dodatke, kot so polnilci, slu\u0161alke, podatkovni kabli itd. Ta torbica ima ve\u010d funkcij za bolj\u0161o za\u0161\u010dito igralne konzole in dodatne opreme.<br\/><br\/>2. Lahka in prenosna: Je lahke oblike in zelo priro\u010den za prena\u0161anje. Igralno konzolo in dodatke lahko vedno pospravite v torbico, ne glede na to, ali se odpravljate ven ali jo uporabljate doma, kar zagotavlja celovito za\u0161\u010dito in priro\u010dno prena\u0161anje.<br\/><br\/>3. Zagotavljanje kakovosti: Iz visokokakovostnih materialov, je trajnej\u0161i in se lahko dolgo uporablja brez obrabe in po\u0161kodb. Ta torbica je najbolj\u0161a za\u0161\u010dita za va\u0161o igralno konzolo, saj vam zagotavlja udobno in varno igranje.<br\/><br\/>4. Modni videz: Videz je eleganten in preprost, kar ne le \u0161\u010diti igralno konzolo in dodatke, temve\u010d tudi izbolj\u0161a va\u0161 ob\u010dutek za modo, zaradi \u010desar se boste ob vsaki prilo\u017enosti po\u010dutili samozavestno in o\u010darljivo.<br\/><br\/>5. Prenosna zasnova: Prenosna zasnova v obliki torbice je primerna za prena\u0161anje v razli\u010dnih primerih, saj omogo\u010da prena\u0161anje igralne konzole, ne da bi vam v roki zavzela preve\u010d prostora.<br\/><br\/>Bruto te\u017ea izdelka: 130 g<br\/><br\/>Paket vklju\u010duje: Vre\u010dka za shranjevanje igralne konzole * 1<\/p>\n\n<figure class=\"wp-block-image\"><img decoding=\"async\" src=\"https:\/\/ae01.alicdn.com\/kf\/S47af09c6805345fab0667f4210505b64g.jpg\" alt=\"Anbernic RG Cube Case - Prenosni &#x10D;rni etui za ro&#x10D;ne konzole Anbernic z elegantno obliko, notranjim mre&#x17E;astim &#x17E;epom za dodatke in robustno kakovostjo izdelave za igranje na poti.\"\/><\/figure>\n\n<figure class=\"wp-block-image\"><img decoding=\"async\" src=\"https:\/\/ae01.alicdn.com\/kf\/S2785b70135a540c583158fcc5a78dc5b7.jpg\" alt=\"Anbernic RG Cube Case - Za&#x161;&#x10D;itni &#x10D;rni kov&#x10D;ek za igralne konzole Anbernic z mehko oblazinjeno notranjostjo, trpe&#x17E;no zunanjo lupino in kompaktno obliko za enostaven prenos\"\/><\/figure>\n\n<figure class=\"wp-block-image\"><img decoding=\"async\" src=\"https:\/\/ae01.alicdn.com\/kf\/S091362331cd549caa28e2cf13f83d019s.jpg\" alt=\"Anbernic RG Cube Case - &#x10C;rno za&#x161;&#x10D;itno ohi&#x161;je z varnim zapiranjem z zadrgo, prilagojeno za igralne naprave Anbernic, ki zagotavlja odli&#x10D;no za&#x161;&#x10D;ito pred praskami in udarci.\"\/><\/figure>\n\n<figure class=\"wp-block-image\"><img decoding=\"async\" src=\"https:\/\/ae01.alicdn.com\/kf\/Sc0cb06fe4efa49a985b944aa17d27d29S.jpg\" alt=\"Anbernic RG Cube Case - &#x10C;rno za&#x161;&#x10D;itno ohi&#x161;je z varnim zapiranjem z zadrgo, prilagojeno za igralne naprave Anbernic, ki zagotavlja odli&#x10D;no za&#x161;&#x10D;ito pred praskami in udarci.\"\/><\/figure>\n\n<figure class=\"wp-block-image\"><img decoding=\"async\" src=\"https:\/\/ae01.alicdn.com\/kf\/Sca5337fc1adf4aa094209058e7fc98b9j.jpg\" alt=\"Kov&#x10D;ek Anbernic Cube v &#x10D;rni barvi, ki ga odlikuje kompaktna in elegantna zasnova z vzdr&#x17E;ljivo, teksturirano zunanjo povr&#x161;ino za bolj&#x161;i oprijem. Kov&#x10D;ek vklju&#x10D;uje po meri prilagojene vlo&#x17E;ke iz pene, ki varno dr&#x17E;ijo igralno konzolo Anbernic in dodatno opremo ter zagotavljajo za&#x161;&#x10D;ito med potovanjem.\"\/><\/figure>\n\n<figure class=\"wp-block-image\"><img decoding=\"async\" src=\"https:\/\/ae01.alicdn.com\/kf\/S3b16c1675638498f9fd6dbc53a777f85c.jpg\" alt=\"Anbernic RG Cube Case - Prenosni &#x10D;rni etui za ro&#x10D;ne konzole Anbernic z elegantno obliko, notranjim mre&#x17E;astim &#x17E;epom za dodatke in robustno kakovostjo izdelave za igranje na poti.\"\/><\/figure>\n","protected":false},"excerpt":{"rendered":"<ul>\n<li><strong>Uradni<\/strong> dodatek ANBERNIC<\/li>\n<li><strong>Vrhunska za\u0161\u010dita<\/strong> Izdelano iz vrhunskega usnja<\/li>\n<li>Mehka podloga iz tkanine za <strong>dodatno za\u0161\u010dito<\/strong>.<\/li>\n<\/ul>\n[droix_global_accordions]\n[cg_accordion title=\"Paket vklju\u010duje\"]<\/p>\n<ul>\n<li>1x ohi\u0161je<\/li>\n<\/ul>\n<p>[\/cg_accordion]\n","protected":false},"featured_media":486299,"template":"","meta":{"_acf_changed":false},"product_brand":[],"product_cat":[13256,13335],"product_tag":[],"woo-feed-brand":[],"key-features":[],"class_list":{"0":"post-531524","1":"product","2":"type-product","3":"status-publish","4":"has-post-thumbnail","6":"product_cat-dodatki","7":"product_cat-gaming-dodatki","8":"product_shipping_class-low-end","9":"pa_accessory-type-protective-case","10":"pa_brands-anbernic-sl","11":"pa_compatibility-anbernic-rg-cube-sl","13":"first","14":"outofstock","15":"sale","16":"taxable","17":"shipping-taxable","18":"purchasable","19":"product-type-simple"},"acf":[],"aioseo_notices":[],"aioseo_head":"\n\t\t<!-- All in One SEO Pro 4.9.5.2 - aioseo.com -->\n\t<meta name=\"description\" content=\"Uradni dodatek ANBERNIC Vrhunska za\u0161\u010dita Izdelano iz vrhunskega usnja Mehka podloga iz tkanine za dodatno za\u0161\u010dito. Paket vklju\u010duje 1x ohi\u0161je\" \/>\n\t<meta name=\"robots\" content=\"max-image-preview:large\" \/>\n\t<link rel=\"canonical\" href=\"https:\/\/droix.eu\/sl\/product\/anbernic-rg-cube-bag\/\" \/>\n\t<meta name=\"generator\" content=\"All in One SEO Pro (AIOSEO) 4.9.5.2\" \/>\n\t\t<meta property=\"og:locale\" content=\"sl_SI\" \/>\n\t\t<meta property=\"og:site_name\" content=\"DROIX EU - Get the latest Mini PCs, Ultrabook, PC Gaming Handhelds and more!\" \/>\n\t\t<meta property=\"og:type\" content=\"article\" \/>\n\t\t<meta property=\"og:title\" content=\"ANBERNIC RG Cube Bag - DROIX EU\" \/>\n\t\t<meta property=\"og:description\" content=\"Uradni dodatek ANBERNIC Vrhunska za\u0161\u010dita Izdelano iz vrhunskega usnja Mehka podloga iz tkanine za dodatno za\u0161\u010dito. Paket vklju\u010duje 1x ohi\u0161je\" \/>\n\t\t<meta property=\"og:url\" content=\"https:\/\/droix.eu\/sl\/product\/anbernic-rg-cube-bag\/\" \/>\n\t\t<meta property=\"og:image\" content=\"https:\/\/droix.eu\/wp-content\/uploads\/2024\/06\/droix-v2-light-logo.png\" \/>\n\t\t<meta property=\"og:image:secure_url\" content=\"https:\/\/droix.eu\/wp-content\/uploads\/2024\/06\/droix-v2-light-logo.png\" \/>\n\t\t<meta property=\"og:image:width\" content=\"380\" \/>\n\t\t<meta property=\"og:image:height\" content=\"118\" \/>\n\t\t<meta property=\"article:published_time\" content=\"2024-07-16T10:40:59+00:00\" \/>\n\t\t<meta property=\"article:modified_time\" content=\"2026-03-27T12:33:57+00:00\" \/>\n\t\t<meta property=\"article:publisher\" content=\"https:\/\/www.facebook.com\/DroiX.Store\" \/>\n\t\t<meta name=\"twitter:card\" content=\"summary_large_image\" \/>\n\t\t<meta name=\"twitter:site\" content=\"@DroiX_Store\" \/>\n\t\t<meta name=\"twitter:title\" content=\"ANBERNIC RG Cube Bag - DROIX EU\" \/>\n\t\t<meta name=\"twitter:description\" content=\"Uradni dodatek ANBERNIC Vrhunska za\u0161\u010dita Izdelano iz vrhunskega usnja Mehka podloga iz tkanine za dodatno za\u0161\u010dito. Paket vklju\u010duje 1x ohi\u0161je\" \/>\n\t\t<meta name=\"twitter:image\" content=\"https:\/\/droix.eu\/wp-content\/uploads\/2024\/06\/droix-v2-light-logo.png\" \/>\n\t\t<script type=\"application\/ld+json\" class=\"aioseo-schema\">\n\t\t\t{\"@context\":\"https:\\\/\\\/schema.org\",\"@graph\":[{\"@type\":\"BreadcrumbList\",\"@id\":\"https:\\\/\\\/droix.eu\\\/sl\\\/product\\\/anbernic-rg-cube-bag\\\/#breadcrumblist\",\"itemListElement\":[{\"@type\":\"ListItem\",\"@id\":\"https:\\\/\\\/droix.eu\\\/sl\\\/#listItem\",\"position\":1,\"name\":\"Home\",\"item\":\"https:\\\/\\\/droix.eu\\\/sl\\\/\",\"nextItem\":{\"@type\":\"ListItem\",\"@id\":\"https:\\\/\\\/droix.eu\\\/sl\\\/product-category\\\/dodatki\\\/#listItem\",\"name\":\"Dodatki\"}},{\"@type\":\"ListItem\",\"@id\":\"https:\\\/\\\/droix.eu\\\/sl\\\/product-category\\\/dodatki\\\/#listItem\",\"position\":2,\"name\":\"Dodatki\",\"item\":\"https:\\\/\\\/droix.eu\\\/sl\\\/product-category\\\/dodatki\\\/\",\"nextItem\":{\"@type\":\"ListItem\",\"@id\":\"https:\\\/\\\/droix.eu\\\/sl\\\/product-category\\\/dodatki\\\/gaming-dodatki\\\/#listItem\",\"name\":\"Gaming dodatki\"},\"previousItem\":{\"@type\":\"ListItem\",\"@id\":\"https:\\\/\\\/droix.eu\\\/sl\\\/#listItem\",\"name\":\"Home\"}},{\"@type\":\"ListItem\",\"@id\":\"https:\\\/\\\/droix.eu\\\/sl\\\/product-category\\\/dodatki\\\/gaming-dodatki\\\/#listItem\",\"position\":3,\"name\":\"Gaming dodatki\",\"item\":\"https:\\\/\\\/droix.eu\\\/sl\\\/product-category\\\/dodatki\\\/gaming-dodatki\\\/\",\"nextItem\":{\"@type\":\"ListItem\",\"@id\":\"https:\\\/\\\/droix.eu\\\/sl\\\/product\\\/anbernic-rg-cube-bag\\\/#listItem\",\"name\":\"ANBERNIC RG Cube Bag\"},\"previousItem\":{\"@type\":\"ListItem\",\"@id\":\"https:\\\/\\\/droix.eu\\\/sl\\\/product-category\\\/dodatki\\\/#listItem\",\"name\":\"Dodatki\"}},{\"@type\":\"ListItem\",\"@id\":\"https:\\\/\\\/droix.eu\\\/sl\\\/product\\\/anbernic-rg-cube-bag\\\/#listItem\",\"position\":4,\"name\":\"ANBERNIC RG Cube Bag\",\"previousItem\":{\"@type\":\"ListItem\",\"@id\":\"https:\\\/\\\/droix.eu\\\/sl\\\/product-category\\\/dodatki\\\/gaming-dodatki\\\/#listItem\",\"name\":\"Gaming dodatki\"}}]},{\"@type\":\"Organization\",\"@id\":\"https:\\\/\\\/droix.eu\\\/sl\\\/#organization\",\"name\":\"DroiX \\u2013 Trusted EU Tech Retailer with 12+ Years Experience\",\"description\":\"DroiX is a leading European technology retailer with over 12 years of experience, offering quality mini PCs, handheld gaming consoles, and tech accessories. We provide hassle-free EU delivery with all taxes included, ensuring a smooth and reliable shopping experience for our customers across Europe.\",\"url\":\"https:\\\/\\\/droix.eu\\\/sl\\\/\",\"logo\":{\"@type\":\"ImageObject\",\"url\":\"https:\\\/\\\/droix.eu\\\/wp-content\\\/uploads\\\/2024\\\/06\\\/droix-v2-light-logo.png\",\"@id\":\"https:\\\/\\\/droix.eu\\\/sl\\\/product\\\/anbernic-rg-cube-bag\\\/#organizationLogo\",\"width\":380,\"height\":118},\"image\":{\"@id\":\"https:\\\/\\\/droix.eu\\\/sl\\\/product\\\/anbernic-rg-cube-bag\\\/#organizationLogo\"},\"sameAs\":[\"https:\\\/\\\/www.facebook.com\\\/DroiX.Store\",\"https:\\\/\\\/twitter.com\\\/DroiX_Store\",\"https:\\\/\\\/www.instagram.com\\\/droix.store\\\/\",\"https:\\\/\\\/www.tiktok.com\\\/@droix.store\",\"https:\\\/\\\/www.youtube.com\\\/c\\\/DroiX_Store\",\"https:\\\/\\\/uk.linkedin.com\\\/company\\\/droix\"]},{\"@type\":\"Product\",\"@id\":\"https:\\\/\\\/droix.eu\\\/sl\\\/product\\\/anbernic-rg-cube-bag\\\/#wooCommerceProduct\",\"name\":\"ANBERNIC RG Cube Bag\",\"description\":\"Uradni dodatek ANBERNIC\\nVrhunska za\\u0161\\u010dita Izdelano iz vrhunskega usnja\\nMehka podloga iz tkanine za dodatno za\\u0161\\u010dito.\",\"url\":\"https:\\\/\\\/droix.eu\\\/sl\\\/product\\\/anbernic-rg-cube-bag\\\/\",\"sku\":\"RG-CUBE-BAG\",\"gtin\":\"5060763679351\",\"image\":{\"@type\":\"ImageObject\",\"url\":\"https:\\\/\\\/droix.eu\\\/wp-content\\\/uploads\\\/2024\\\/07\\\/CUBE-CASE.png\",\"@id\":\"https:\\\/\\\/droix.eu\\\/sl\\\/product\\\/anbernic-rg-cube-bag\\\/#productImage\",\"width\":1001,\"height\":1001,\"caption\":\"Kov\\u010dek Anbernic Cube v \\u010drni barvi, ki ga odlikuje kompaktna in elegantna zasnova z vzdr\\u017eljivo, teksturirano zunanjo povr\\u0161ino za bolj\\u0161i oprijem. Kov\\u010dek vklju\\u010duje po meri prilagojene vlo\\u017eke iz pene, ki varno dr\\u017eijo igralno konzolo Anbernic in dodatno opremo ter zagotavljajo za\\u0161\\u010dito med potovanjem.\"},\"offers\":{\"@type\":\"Offer\",\"url\":\"https:\\\/\\\/droix.eu\\\/sl\\\/product\\\/anbernic-rg-cube-bag\\\/#wooCommerceOffer\",\"price\":151.18,\"priceCurrency\":\"CZK\",\"category\":\"Dodatki\",\"availability\":\"https:\\\/\\\/schema.org\\\/OutOfStock\",\"priceSpecification\":{\"@type\":\"PriceSpecification\",\"price\":151.18,\"priceCurrency\":\"CZK\",\"valueAddedTaxIncluded\":\"true\"},\"seller\":{\"@type\":\"Organization\",\"@id\":\"https:\\\/\\\/droix.eu\\\/sl\\\/#organization\"}}},{\"@type\":\"WebPage\",\"@id\":\"https:\\\/\\\/droix.eu\\\/sl\\\/product\\\/anbernic-rg-cube-bag\\\/#webpage\",\"url\":\"https:\\\/\\\/droix.eu\\\/sl\\\/product\\\/anbernic-rg-cube-bag\\\/\",\"name\":\"ANBERNIC RG Cube Bag - DROIX EU\",\"description\":\"Uradni dodatek ANBERNIC Vrhunska za\\u0161\\u010dita Izdelano iz vrhunskega usnja Mehka podloga iz tkanine za dodatno za\\u0161\\u010dito. Paket vklju\\u010duje 1x ohi\\u0161je\",\"inLanguage\":\"sl-SI\",\"isPartOf\":{\"@id\":\"https:\\\/\\\/droix.eu\\\/sl\\\/#website\"},\"breadcrumb\":{\"@id\":\"https:\\\/\\\/droix.eu\\\/sl\\\/product\\\/anbernic-rg-cube-bag\\\/#breadcrumblist\"},\"image\":{\"@type\":\"ImageObject\",\"url\":\"https:\\\/\\\/droix.eu\\\/wp-content\\\/uploads\\\/2024\\\/07\\\/CUBE-CASE.png\",\"@id\":\"https:\\\/\\\/droix.eu\\\/sl\\\/product\\\/anbernic-rg-cube-bag\\\/#mainImage\",\"width\":1001,\"height\":1001,\"caption\":\"Kov\\u010dek Anbernic Cube v \\u010drni barvi, ki ga odlikuje kompaktna in elegantna zasnova z vzdr\\u017eljivo, teksturirano zunanjo povr\\u0161ino za bolj\\u0161i oprijem. Kov\\u010dek vklju\\u010duje po meri prilagojene vlo\\u017eke iz pene, ki varno dr\\u017eijo igralno konzolo Anbernic in dodatno opremo ter zagotavljajo za\\u0161\\u010dito med potovanjem.\"},\"primaryImageOfPage\":{\"@id\":\"https:\\\/\\\/droix.eu\\\/sl\\\/product\\\/anbernic-rg-cube-bag\\\/#mainImage\"},\"datePublished\":\"2024-07-16T11:40:59+01:00\",\"dateModified\":\"2026-03-27T12:33:57+00:00\"},{\"@type\":\"WebSite\",\"@id\":\"https:\\\/\\\/droix.eu\\\/sl\\\/#website\",\"url\":\"https:\\\/\\\/droix.eu\\\/sl\\\/\",\"name\":\"DROIX EU\",\"description\":\"Get the latest Mini PCs, Ultrabook, PC Gaming Handhelds and more!\",\"inLanguage\":\"sl-SI\",\"publisher\":{\"@id\":\"https:\\\/\\\/droix.eu\\\/sl\\\/#organization\"}}]}\n\t\t<\/script>\n\t\t<!-- All in One SEO Pro -->\r\n\t\t<title>ANBERNIC RG Cube Bag - DROIX EU<\/title>\n\n","aioseo_head_json":{"title":"ANBERNIC RG Cube Bag - DROIX EU","description":"Uradni dodatek ANBERNIC Vrhunska za\u0161\u010dita Izdelano iz vrhunskega usnja Mehka podloga iz tkanine za dodatno za\u0161\u010dito. Paket vklju\u010duje 1x ohi\u0161je","canonical_url":"https:\/\/droix.eu\/sl\/product\/anbernic-rg-cube-bag\/","robots":"max-image-preview:large","keywords":"","webmasterTools":{"miscellaneous":""},"schema":{"@context":"https:\/\/schema.org","@graph":[{"@type":"BreadcrumbList","@id":"https:\/\/droix.eu\/sl\/product\/anbernic-rg-cube-bag\/#breadcrumblist","itemListElement":[{"@type":"ListItem","@id":"https:\/\/droix.eu\/sl\/#listItem","position":1,"name":"Home","item":"https:\/\/droix.eu\/sl\/","nextItem":{"@type":"ListItem","@id":"https:\/\/droix.eu\/sl\/product-category\/dodatki\/#listItem","name":"Dodatki"}},{"@type":"ListItem","@id":"https:\/\/droix.eu\/sl\/product-category\/dodatki\/#listItem","position":2,"name":"Dodatki","item":"https:\/\/droix.eu\/sl\/product-category\/dodatki\/","nextItem":{"@type":"ListItem","@id":"https:\/\/droix.eu\/sl\/product-category\/dodatki\/gaming-dodatki\/#listItem","name":"Gaming dodatki"},"previousItem":{"@type":"ListItem","@id":"https:\/\/droix.eu\/sl\/#listItem","name":"Home"}},{"@type":"ListItem","@id":"https:\/\/droix.eu\/sl\/product-category\/dodatki\/gaming-dodatki\/#listItem","position":3,"name":"Gaming dodatki","item":"https:\/\/droix.eu\/sl\/product-category\/dodatki\/gaming-dodatki\/","nextItem":{"@type":"ListItem","@id":"https:\/\/droix.eu\/sl\/product\/anbernic-rg-cube-bag\/#listItem","name":"ANBERNIC RG Cube Bag"},"previousItem":{"@type":"ListItem","@id":"https:\/\/droix.eu\/sl\/product-category\/dodatki\/#listItem","name":"Dodatki"}},{"@type":"ListItem","@id":"https:\/\/droix.eu\/sl\/product\/anbernic-rg-cube-bag\/#listItem","position":4,"name":"ANBERNIC RG Cube Bag","previousItem":{"@type":"ListItem","@id":"https:\/\/droix.eu\/sl\/product-category\/dodatki\/gaming-dodatki\/#listItem","name":"Gaming dodatki"}}]},{"@type":"Organization","@id":"https:\/\/droix.eu\/sl\/#organization","name":"DroiX \u2013 Trusted EU Tech Retailer with 12+ Years Experience","description":"DroiX is a leading European technology retailer with over 12 years of experience, offering quality mini PCs, handheld gaming consoles, and tech accessories. We provide hassle-free EU delivery with all taxes included, ensuring a smooth and reliable shopping experience for our customers across Europe.","url":"https:\/\/droix.eu\/sl\/","logo":{"@type":"ImageObject","url":"https:\/\/droix.eu\/wp-content\/uploads\/2024\/06\/droix-v2-light-logo.png","@id":"https:\/\/droix.eu\/sl\/product\/anbernic-rg-cube-bag\/#organizationLogo","width":380,"height":118},"image":{"@id":"https:\/\/droix.eu\/sl\/product\/anbernic-rg-cube-bag\/#organizationLogo"},"sameAs":["https:\/\/www.facebook.com\/DroiX.Store","https:\/\/twitter.com\/DroiX_Store","https:\/\/www.instagram.com\/droix.store\/","https:\/\/www.tiktok.com\/@droix.store","https:\/\/www.youtube.com\/c\/DroiX_Store","https:\/\/uk.linkedin.com\/company\/droix"]},{"@type":"Product","@id":"https:\/\/droix.eu\/sl\/product\/anbernic-rg-cube-bag\/#wooCommerceProduct","name":"ANBERNIC RG Cube Bag","description":"Uradni dodatek ANBERNIC\nVrhunska za\u0161\u010dita Izdelano iz vrhunskega usnja\nMehka podloga iz tkanine za dodatno za\u0161\u010dito.","url":"https:\/\/droix.eu\/sl\/product\/anbernic-rg-cube-bag\/","sku":"RG-CUBE-BAG","gtin":"5060763679351","image":{"@type":"ImageObject","url":"https:\/\/droix.eu\/wp-content\/uploads\/2024\/07\/CUBE-CASE.png","@id":"https:\/\/droix.eu\/sl\/product\/anbernic-rg-cube-bag\/#productImage","width":1001,"height":1001,"caption":"Kov\u010dek Anbernic Cube v \u010drni barvi, ki ga odlikuje kompaktna in elegantna zasnova z vzdr\u017eljivo, teksturirano zunanjo povr\u0161ino za bolj\u0161i oprijem. Kov\u010dek vklju\u010duje po meri prilagojene vlo\u017eke iz pene, ki varno dr\u017eijo igralno konzolo Anbernic in dodatno opremo ter zagotavljajo za\u0161\u010dito med potovanjem."},"offers":{"@type":"Offer","url":"https:\/\/droix.eu\/sl\/product\/anbernic-rg-cube-bag\/#wooCommerceOffer","price":151.18,"priceCurrency":"CZK","category":"Dodatki","availability":"https:\/\/schema.org\/OutOfStock","priceSpecification":{"@type":"PriceSpecification","price":151.18,"priceCurrency":"CZK","valueAddedTaxIncluded":"true"},"seller":{"@type":"Organization","@id":"https:\/\/droix.eu\/sl\/#organization"}}},{"@type":"WebPage","@id":"https:\/\/droix.eu\/sl\/product\/anbernic-rg-cube-bag\/#webpage","url":"https:\/\/droix.eu\/sl\/product\/anbernic-rg-cube-bag\/","name":"ANBERNIC RG Cube Bag - DROIX EU","description":"Uradni dodatek ANBERNIC Vrhunska za\u0161\u010dita Izdelano iz vrhunskega usnja Mehka podloga iz tkanine za dodatno za\u0161\u010dito. Paket vklju\u010duje 1x ohi\u0161je","inLanguage":"sl-SI","isPartOf":{"@id":"https:\/\/droix.eu\/sl\/#website"},"breadcrumb":{"@id":"https:\/\/droix.eu\/sl\/product\/anbernic-rg-cube-bag\/#breadcrumblist"},"image":{"@type":"ImageObject","url":"https:\/\/droix.eu\/wp-content\/uploads\/2024\/07\/CUBE-CASE.png","@id":"https:\/\/droix.eu\/sl\/product\/anbernic-rg-cube-bag\/#mainImage","width":1001,"height":1001,"caption":"Kov\u010dek Anbernic Cube v \u010drni barvi, ki ga odlikuje kompaktna in elegantna zasnova z vzdr\u017eljivo, teksturirano zunanjo povr\u0161ino za bolj\u0161i oprijem. Kov\u010dek vklju\u010duje po meri prilagojene vlo\u017eke iz pene, ki varno dr\u017eijo igralno konzolo Anbernic in dodatno opremo ter zagotavljajo za\u0161\u010dito med potovanjem."},"primaryImageOfPage":{"@id":"https:\/\/droix.eu\/sl\/product\/anbernic-rg-cube-bag\/#mainImage"},"datePublished":"2024-07-16T11:40:59+01:00","dateModified":"2026-03-27T12:33:57+00:00"},{"@type":"WebSite","@id":"https:\/\/droix.eu\/sl\/#website","url":"https:\/\/droix.eu\/sl\/","name":"DROIX EU","description":"Get the latest Mini PCs, Ultrabook, PC Gaming Handhelds and more!","inLanguage":"sl-SI","publisher":{"@id":"https:\/\/droix.eu\/sl\/#organization"}}]},"og:locale":"sl_SI","og:site_name":"DROIX EU - Get the latest Mini PCs, Ultrabook, PC Gaming Handhelds and more!","og:type":"article","og:title":"ANBERNIC RG Cube Bag - DROIX EU","og:description":"Uradni dodatek ANBERNIC Vrhunska za\u0161\u010dita Izdelano iz vrhunskega usnja Mehka podloga iz tkanine za dodatno za\u0161\u010dito. Paket vklju\u010duje 1x ohi\u0161je","og:url":"https:\/\/droix.eu\/sl\/product\/anbernic-rg-cube-bag\/","og:image":"https:\/\/droix.eu\/wp-content\/uploads\/2024\/06\/droix-v2-light-logo.png","og:image:secure_url":"https:\/\/droix.eu\/wp-content\/uploads\/2024\/06\/droix-v2-light-logo.png","og:image:width":380,"og:image:height":118,"article:published_time":"2024-07-16T10:40:59+00:00","article:modified_time":"2026-03-27T12:33:57+00:00","article:publisher":"https:\/\/www.facebook.com\/DroiX.Store","twitter:card":"summary_large_image","twitter:site":"@DroiX_Store","twitter:title":"ANBERNIC RG Cube Bag - DROIX EU","twitter:description":"Uradni dodatek ANBERNIC Vrhunska za\u0161\u010dita Izdelano iz vrhunskega usnja Mehka podloga iz tkanine za dodatno za\u0161\u010dito. Paket vklju\u010duje 1x ohi\u0161je","twitter:image":"https:\/\/droix.eu\/wp-content\/uploads\/2024\/06\/droix-v2-light-logo.png"},"aioseo_meta_data":{"post_id":"531524","title":null,"description":null,"keywords":null,"keyphrases":null,"primary_term":null,"canonical_url":null,"og_title":null,"og_description":null,"og_object_type":"default","og_image_type":"default","og_image_url":null,"og_image_width":null,"og_image_height":null,"og_image_custom_url":null,"og_image_custom_fields":null,"og_video":null,"og_custom_url":null,"og_article_section":null,"og_article_tags":null,"twitter_use_og":true,"twitter_card":"default","twitter_image_type":"default","twitter_image_url":null,"twitter_image_custom_url":null,"twitter_image_custom_fields":null,"twitter_title":null,"twitter_description":null,"schema":{"blockGraphs":[],"customGraphs":[],"default":{"data":{"Article":[],"Course":[],"Dataset":[],"FAQPage":[],"Movie":[],"Person":[],"Product":[],"ProductReview":[],"Car":[],"Recipe":[],"Service":[],"SoftwareApplication":[],"WebPage":[]},"graphName":"Product","isEnabled":true},"graphs":[]},"schema_type":"default","schema_type_options":null,"pillar_content":false,"robots_default":true,"robots_noindex":false,"robots_noarchive":false,"robots_nosnippet":false,"robots_nofollow":false,"robots_noimageindex":false,"robots_noodp":false,"robots_notranslate":false,"robots_max_snippet":null,"robots_max_videopreview":null,"robots_max_imagepreview":"large","priority":null,"frequency":null,"local_seo":null,"seo_analyzer_scan_date":"2026-03-27 13:08:29","breadcrumb_settings":null,"limit_modified_date":false,"reviewed_by":null,"open_ai":null,"ai":null,"created":"2025-10-09 05:50:18","updated":"2026-03-27 15:04:41"},"aioseo_breadcrumb":"<div class=\"aioseo-breadcrumbs\"><span class=\"aioseo-breadcrumb\">\n\t<a href=\"https:\/\/droix.eu\/sl\/\" title=\"Home\">Home<\/a>\n<\/span><span class=\"aioseo-breadcrumb-separator\">&raquo;<\/span><span class=\"aioseo-breadcrumb\">\n\t<a href=\"https:\/\/droix.eu\/sl\/product-category\/dodatki\/\" title=\"Dodatki\">Dodatki<\/a>\n<\/span><span class=\"aioseo-breadcrumb-separator\">&raquo;<\/span><span class=\"aioseo-breadcrumb\">\n\t<a href=\"https:\/\/droix.eu\/sl\/product-category\/dodatki\/gaming-dodatki\/\" title=\"Gaming dodatki\">Gaming dodatki<\/a>\n<\/span><span class=\"aioseo-breadcrumb-separator\">&raquo;<\/span><span class=\"aioseo-breadcrumb\">\n\tANBERNIC RG Cube Bag\n<\/span><\/div>","aioseo_breadcrumb_json":[{"label":"Home","link":"https:\/\/droix.eu\/sl\/"},{"label":"Dodatki","link":"https:\/\/droix.eu\/sl\/product-category\/dodatki\/"},{"label":"Gaming dodatki","link":"https:\/\/droix.eu\/sl\/product-category\/dodatki\/gaming-dodatki\/"},{"label":"ANBERNIC RG Cube Bag","link":"https:\/\/droix.eu\/sl\/product\/anbernic-rg-cube-bag\/"}],"_links":{"self":[{"href":"https:\/\/droix.eu\/sl\/wp-json\/wp\/v2\/product\/531524","targetHints":{"allow":["GET"]}}],"collection":[{"href":"https:\/\/droix.eu\/sl\/wp-json\/wp\/v2\/product"}],"about":[{"href":"https:\/\/droix.eu\/sl\/wp-json\/wp\/v2\/types\/product"}],"version-history":[{"count":0,"href":"https:\/\/droix.eu\/sl\/wp-json\/wp\/v2\/product\/531524\/revisions"}],"wp:featuredmedia":[{"embeddable":true,"href":"https:\/\/droix.eu\/sl\/wp-json\/wp\/v2\/media\/486299"}],"wp:attachment":[{"href":"https:\/\/droix.eu\/sl\/wp-json\/wp\/v2\/media?parent=531524"}],"wp:term":[{"taxonomy":"product_brand","embeddable":true,"href":"https:\/\/droix.eu\/sl\/wp-json\/wp\/v2\/product_brand?post=531524"},{"taxonomy":"product_cat","embeddable":true,"href":"https:\/\/droix.eu\/sl\/wp-json\/wp\/v2\/product_cat?post=531524"},{"taxonomy":"product_tag","embeddable":true,"href":"https:\/\/droix.eu\/sl\/wp-json\/wp\/v2\/product_tag?post=531524"},{"taxonomy":"woo-feed-brand","embeddable":true,"href":"https:\/\/droix.eu\/sl\/wp-json\/wp\/v2\/woo-feed-brand?post=531524"},{"taxonomy":"key-features","embeddable":true,"href":"https:\/\/droix.eu\/sl\/wp-json\/wp\/v2\/key-features?post=531524"}],"curies":[{"name":"wp","href":"https:\/\/api.w.org\/{rel}","templated":true}]}}