{"id":526082,"date":"2022-01-07T15:00:20","date_gmt":"2022-01-07T15:00:20","guid":{"rendered":"https:\/\/droix.eu\/product\/gpd-pocket-3-kvm-in-modul-rs-232\/"},"modified":"2025-12-15T00:03:16","modified_gmt":"2025-12-15T00:03:16","slug":"gpd-pocket-3-kvm-in-modul-rs-232","status":"publish","type":"product","link":"https:\/\/droix.eu\/sl\/product\/gpd-pocket-3-kvm-in-modul-rs-232\/","title":{"rendered":"GPD Pocket 3 KVM in modul RS-232"},"content":{"rendered":"<p>GPD Pocket 3 je opremljen z modulom KVM, ki omogo\u010da priro\u010dno upravljanje stre\u017enikov. Podobno modul RS232 omogo\u010da vgradnjo pravih vrat RS232, zato je odli\u010dna mo\u017enost za odpravljanje napak v sistemu ali upravljanje profesionalnih rezkalnih strojev CNC.<\/p>\n<p>Oba modula sta del paketa.<\/p>\n<p>Poleg tega je GPD Pocket 3 opremljen s privzetim modulom USB-A. Po potrebi lahko ta modul zamenjate z enim od dveh prilo\u017eenih modulov.<\/p>\n","protected":false},"excerpt":{"rendered":"<ul>\n<li><strong>Uradna dodatna oprema GPD<\/strong><\/li>\n<li>Kombinirani paket z <strong>dvema<\/strong> raz\u0161iritvenima moduloma<\/li>\n<li>Povezovanje s stre\u017eniki in nadzor nad njimi prek modula <strong>KVM<\/strong> <\/li>\n<li>Vmesnik z industrijskimi stroji prek <strong>RS232<\/strong><\/li>\n<\/ul>\n[cg_accordion title=\"2-letna garancija za vse izdelke GPD\"]<\/p>\n<p>Vsi izdelki GPD imajo dvoletno garancijo in so podprti z ve\u010d kot 13 leti zanesljivih storitev. Pridru\u017eite se na\u0161i skupnosti ve\u010d kot 500.000 zadovoljnih strank in bodite prepri\u010dani v svoj nakup. [\/cg_accordion]\n[cg_accordion title=\"Zagotavljanje kakovosti in testiranje pred odpremo\"]<\/p>\n<p>Zagotavljanje zadovoljstva strank na najvi\u0161ji ravni: Vsaka naprava je pred odpremo strogo preizku\u0161ena in preverjena v ve\u010d to\u010dkah za zagotavljanje kakovosti. Na\u0161a predana ekipa preveri delovanje, funkcionalnost in celovitost komponent, s \u010dimer zagotovimo, da bo va\u0161a naprava GPD ob prihodu v popolnem delovnem stanju, kar vam zagotavlja zaupanje in mir v du\u0161i. [\/cg_accordion]\n[cg_accordion title=\"Prilagodljive in varne mo\u017enosti pla\u010dila\"]<\/p>\n<p>U\u017eivajte v miru z na\u0161im varnim sistemom naro\u010danja. Podpiramo vse glavne na\u010dine pla\u010dila, vklju\u010dno z debetnimi\/kreditnimi karticami, PayPal, Apple Pay, Google Pay, Klarna, Afterpay in Affirm, kar vam omogo\u010da, da pla\u010date po svojih \u017eeljah, bodisi vnaprej ali na obroke. [\/cg_accordion]\n[cg_accordion title=\"Davki\"]<\/p>\n<p>Cene vklju\u010dujejo veljavni DDV, ki lahko zna\u0161a do 25 %, odvisno od va\u0161e dr\u017eave. Natan\u010den znesek je prikazan med nakupovanjem, da se zagotovi popolna preglednost. [\/cg_accordion]\n[cg_accordion title=\"Dostava in vra\u010dila\"]<\/p>\n<p>Sodelujemo z ve\u010d kot 10 zaupanja vrednimi partnerji, ki zagotavljajo, da va\u0161e naro\u010dilo prispe hitro, varno in zanesljivo.<\/p>\n<p>Uporabljamo ekspresno dostavo DDP (Delivered Duty Paid). To pomeni: <\/p>\n<li>Vse carine in davki so \u017ee vklju\u010deni v prikazano ceno izdelka.<\/li>\n<li>Ob dostavi vas ne bodo presenetili nobeni stro\u0161ki.<\/li>\n<li>V redkih primerih carinskih zamud bo na\u0161a ekipa za vas vodila postopek carinjenja in zagotovila nemoteno dostavo.<\/li>\n<p>Pomembne informacije o vra\u010dilih:<\/p>\n<li>\u010ce vrnete naro\u010dilo ali zahtevate vra\u010dilo, upo\u0161tevajte, da se davki in dajatve, pla\u010dani v va\u0161em imenu v skladu s pogoji DDP, ne vra\u010dajo.<\/li>\n<p>Podrobne informacije so na voljo v na\u0161ih <a href=\"https:\/\/droix.eu\/sl\/pogoji-in-dolocila\/\" target=\"_blank\" rel=\"nofollow noopener\">pogojih in dolo\u010dilih<\/a>.\n<\/ul>\n<p>[\/cg_accordion]\n[cg_accordion title=\"Podpora strankam\"]<\/p>\n<p>Imate vpra\u0161anje? Samo kratko besedilo nas lo\u010di od re\u0161itve va\u0161ega vpra\u0161anja! [\/cg_accordion]\n[cg_accordion title=\"Paket vklju\u010duje\"]<\/p>\n<ul>\n<li>1x modul KVM in RS-232<\/li>\n<\/ul>\n<p>[\/cg_accordion]\n","protected":false},"featured_media":293631,"template":"","meta":{"_acf_changed":false},"product_brand":[],"product_cat":[13256,13257],"product_tag":[],"woo-feed-brand":[2198],"key-features":[],"class_list":{"0":"post-526082","1":"product","2":"type-product","3":"status-publish","4":"has-post-thumbnail","6":"product_cat-dodatki","7":"product_cat-dodatki-za-prenosne-racunalnike","8":"product_shipping_class-low-end","9":"pa_brands-gpd-sl","10":"pa_compatibility-gpd-pocket-3-sl","11":"woo-feed-brand-gpd","13":"first","14":"instock","15":"sale","16":"taxable","17":"shipping-taxable","18":"purchasable","19":"product-type-simple"},"acf":[],"aioseo_notices":[],"aioseo_head":"\n\t\t<!-- All in One SEO Pro 4.9.6.2 - aioseo.com -->\n\t<meta name=\"description\" content=\"Uradna dodatna oprema GPD Kombinirani paket z dvema raz\u0161iritvenima moduloma Povezovanje s stre\u017eniki in nadzor nad njimi prek modula KVM Vmesnik z industrijskimi stroji prek RS232\" \/>\n\t<meta name=\"robots\" content=\"max-image-preview:large\" \/>\n\t<link rel=\"canonical\" href=\"https:\/\/droix.eu\/sl\/product\/gpd-pocket-3-kvm-in-modul-rs-232\/\" \/>\n\t<meta name=\"generator\" content=\"All in One SEO Pro (AIOSEO) 4.9.6.2\" \/>\n\t\t<meta property=\"og:locale\" content=\"sl_SI\" \/>\n\t\t<meta property=\"og:site_name\" content=\"DROIX EU - Get the latest Mini PCs, Ultrabook, PC Gaming Handhelds and more!\" \/>\n\t\t<meta property=\"og:type\" content=\"article\" \/>\n\t\t<meta property=\"og:title\" content=\"GPD Pocket 3 KVM in modul RS-232 - DROIX EU\" \/>\n\t\t<meta property=\"og:description\" content=\"Uradna dodatna oprema GPD Kombinirani paket z dvema raz\u0161iritvenima moduloma Povezovanje s stre\u017eniki in nadzor nad njimi prek modula KVM Vmesnik z industrijskimi stroji prek RS232\" \/>\n\t\t<meta property=\"og:url\" content=\"https:\/\/droix.eu\/sl\/product\/gpd-pocket-3-kvm-in-modul-rs-232\/\" \/>\n\t\t<meta property=\"og:image\" content=\"https:\/\/droix.eu\/wp-content\/uploads\/2024\/06\/droix-v2-light-logo.png\" \/>\n\t\t<meta property=\"og:image:secure_url\" content=\"https:\/\/droix.eu\/wp-content\/uploads\/2024\/06\/droix-v2-light-logo.png\" \/>\n\t\t<meta property=\"og:image:width\" content=\"380\" \/>\n\t\t<meta property=\"og:image:height\" content=\"118\" \/>\n\t\t<meta property=\"article:published_time\" content=\"2022-01-07T15:00:20+00:00\" \/>\n\t\t<meta property=\"article:modified_time\" content=\"2025-12-15T00:03:16+00:00\" \/>\n\t\t<meta property=\"article:publisher\" content=\"https:\/\/www.facebook.com\/DroiX.Store\" \/>\n\t\t<meta name=\"twitter:card\" content=\"summary_large_image\" \/>\n\t\t<meta name=\"twitter:site\" content=\"@DroiX_Store\" \/>\n\t\t<meta name=\"twitter:title\" content=\"GPD Pocket 3 KVM in modul RS-232 - DROIX EU\" \/>\n\t\t<meta name=\"twitter:description\" content=\"Uradna dodatna oprema GPD Kombinirani paket z dvema raz\u0161iritvenima moduloma Povezovanje s stre\u017eniki in nadzor nad njimi prek modula KVM Vmesnik z industrijskimi stroji prek RS232\" \/>\n\t\t<meta name=\"twitter:image\" content=\"https:\/\/droix.eu\/wp-content\/uploads\/2024\/06\/droix-v2-light-logo.png\" \/>\n\t\t<script type=\"application\/ld+json\" class=\"aioseo-schema\">\n\t\t\t{\"@context\":\"https:\\\/\\\/schema.org\",\"@graph\":[{\"@type\":\"BreadcrumbList\",\"@id\":\"https:\\\/\\\/droix.eu\\\/sl\\\/product\\\/gpd-pocket-3-kvm-in-modul-rs-232\\\/#breadcrumblist\",\"itemListElement\":[{\"@type\":\"ListItem\",\"@id\":\"https:\\\/\\\/droix.eu\\\/sl\\\/#listItem\",\"position\":1,\"name\":\"Home\",\"item\":\"https:\\\/\\\/droix.eu\\\/sl\\\/\",\"nextItem\":{\"@type\":\"ListItem\",\"@id\":\"https:\\\/\\\/droix.eu\\\/sl\\\/product-category\\\/dodatki\\\/#listItem\",\"name\":\"Dodatki\"}},{\"@type\":\"ListItem\",\"@id\":\"https:\\\/\\\/droix.eu\\\/sl\\\/product-category\\\/dodatki\\\/#listItem\",\"position\":2,\"name\":\"Dodatki\",\"item\":\"https:\\\/\\\/droix.eu\\\/sl\\\/product-category\\\/dodatki\\\/\",\"nextItem\":{\"@type\":\"ListItem\",\"@id\":\"https:\\\/\\\/droix.eu\\\/sl\\\/product-category\\\/dodatki\\\/dodatki-za-prenosne-racunalnike\\\/#listItem\",\"name\":\"Dodatki za prenosne ra\\u010dunalnike\"},\"previousItem\":{\"@type\":\"ListItem\",\"@id\":\"https:\\\/\\\/droix.eu\\\/sl\\\/#listItem\",\"name\":\"Home\"}},{\"@type\":\"ListItem\",\"@id\":\"https:\\\/\\\/droix.eu\\\/sl\\\/product-category\\\/dodatki\\\/dodatki-za-prenosne-racunalnike\\\/#listItem\",\"position\":3,\"name\":\"Dodatki za prenosne ra\\u010dunalnike\",\"item\":\"https:\\\/\\\/droix.eu\\\/sl\\\/product-category\\\/dodatki\\\/dodatki-za-prenosne-racunalnike\\\/\",\"nextItem\":{\"@type\":\"ListItem\",\"@id\":\"https:\\\/\\\/droix.eu\\\/sl\\\/product\\\/gpd-pocket-3-kvm-in-modul-rs-232\\\/#listItem\",\"name\":\"GPD Pocket 3 KVM in modul RS-232\"},\"previousItem\":{\"@type\":\"ListItem\",\"@id\":\"https:\\\/\\\/droix.eu\\\/sl\\\/product-category\\\/dodatki\\\/#listItem\",\"name\":\"Dodatki\"}},{\"@type\":\"ListItem\",\"@id\":\"https:\\\/\\\/droix.eu\\\/sl\\\/product\\\/gpd-pocket-3-kvm-in-modul-rs-232\\\/#listItem\",\"position\":4,\"name\":\"GPD Pocket 3 KVM in modul RS-232\",\"previousItem\":{\"@type\":\"ListItem\",\"@id\":\"https:\\\/\\\/droix.eu\\\/sl\\\/product-category\\\/dodatki\\\/dodatki-za-prenosne-racunalnike\\\/#listItem\",\"name\":\"Dodatki za prenosne ra\\u010dunalnike\"}}]},{\"@type\":\"Organization\",\"@id\":\"https:\\\/\\\/droix.eu\\\/sl\\\/#organization\",\"name\":\"DroiX \\u2013 Trusted EU Tech Retailer with 12+ Years Experience\",\"description\":\"DroiX is a leading European technology retailer with over 12 years of experience, offering quality mini PCs, handheld gaming consoles, and tech accessories. We provide hassle-free EU delivery with all taxes included, ensuring a smooth and reliable shopping experience for our customers across Europe.\",\"url\":\"https:\\\/\\\/droix.eu\\\/sl\\\/\",\"logo\":{\"@type\":\"ImageObject\",\"url\":\"https:\\\/\\\/droix.eu\\\/wp-content\\\/uploads\\\/2024\\\/06\\\/droix-v2-light-logo.png\",\"@id\":\"https:\\\/\\\/droix.eu\\\/sl\\\/product\\\/gpd-pocket-3-kvm-in-modul-rs-232\\\/#organizationLogo\",\"width\":380,\"height\":118},\"image\":{\"@id\":\"https:\\\/\\\/droix.eu\\\/sl\\\/product\\\/gpd-pocket-3-kvm-in-modul-rs-232\\\/#organizationLogo\"},\"sameAs\":[\"https:\\\/\\\/www.facebook.com\\\/DroiX.Store\",\"https:\\\/\\\/twitter.com\\\/DroiX_Store\",\"https:\\\/\\\/www.instagram.com\\\/droix.store\\\/\",\"https:\\\/\\\/www.tiktok.com\\\/@droix.store\",\"https:\\\/\\\/www.youtube.com\\\/c\\\/DroiX_Store\",\"https:\\\/\\\/uk.linkedin.com\\\/company\\\/droix\"]},{\"@type\":\"Product\",\"@id\":\"https:\\\/\\\/droix.eu\\\/sl\\\/product\\\/gpd-pocket-3-kvm-in-modul-rs-232\\\/#wooCommerceProduct\",\"name\":\"GPD Pocket 3 KVM in modul RS-232\",\"description\":\"Uradna dodatna oprema GPD\\n \\tKombinirani paket z dvema raz\\u0161iritvenima moduloma\\n \\tPovezovanje s stre\\u017eniki in nadzor nad njimi prek modula KVM \\n \\tVmesnik z industrijskimi stroji prek RS232\",\"url\":\"https:\\\/\\\/droix.eu\\\/sl\\\/product\\\/gpd-pocket-3-kvm-in-modul-rs-232\\\/\",\"sku\":\"GPD-POCKET-3-EXPANSION-MODULE-KVM-RS\",\"gtin\":\"5060763672192\",\"image\":{\"@type\":\"ImageObject\",\"url\":\"https:\\\/\\\/droix.eu\\\/wp-content\\\/uploads\\\/2022\\\/01\\\/GPD-POCKET-3-KVM-RS232-MODULE-LISTING-IMAGE-1.png\",\"@id\":\"https:\\\/\\\/droix.eu\\\/sl\\\/product\\\/gpd-pocket-3-kvm-in-modul-rs-232\\\/#productImage\",\"width\":1000,\"height\":1000,\"caption\":\"GPD Pocket 3 raz\\u0161iritveni modul KVM in RS232\"},\"offers\":{\"@type\":\"Offer\",\"url\":\"https:\\\/\\\/droix.eu\\\/sl\\\/product\\\/gpd-pocket-3-kvm-in-modul-rs-232\\\/#wooCommerceOffer\",\"price\":114.33,\"priceCurrency\":\"EUR\",\"category\":\"Dodatki\",\"availability\":\"https:\\\/\\\/schema.org\\\/InStock\",\"priceSpecification\":{\"@type\":\"PriceSpecification\",\"price\":114.33,\"priceCurrency\":\"EUR\",\"valueAddedTaxIncluded\":\"true\"},\"seller\":{\"@type\":\"Organization\",\"@id\":\"https:\\\/\\\/droix.eu\\\/sl\\\/#organization\"}}},{\"@type\":\"WebPage\",\"@id\":\"https:\\\/\\\/droix.eu\\\/sl\\\/product\\\/gpd-pocket-3-kvm-in-modul-rs-232\\\/#webpage\",\"url\":\"https:\\\/\\\/droix.eu\\\/sl\\\/product\\\/gpd-pocket-3-kvm-in-modul-rs-232\\\/\",\"name\":\"GPD Pocket 3 KVM in modul RS-232 - DROIX EU\",\"description\":\"Uradna dodatna oprema GPD Kombinirani paket z dvema raz\\u0161iritvenima moduloma Povezovanje s stre\\u017eniki in nadzor nad njimi prek modula KVM Vmesnik z industrijskimi stroji prek RS232\",\"inLanguage\":\"sl-SI\",\"isPartOf\":{\"@id\":\"https:\\\/\\\/droix.eu\\\/sl\\\/#website\"},\"breadcrumb\":{\"@id\":\"https:\\\/\\\/droix.eu\\\/sl\\\/product\\\/gpd-pocket-3-kvm-in-modul-rs-232\\\/#breadcrumblist\"},\"image\":{\"@type\":\"ImageObject\",\"url\":\"https:\\\/\\\/droix.eu\\\/wp-content\\\/uploads\\\/2022\\\/01\\\/GPD-POCKET-3-KVM-RS232-MODULE-LISTING-IMAGE-1.png\",\"@id\":\"https:\\\/\\\/droix.eu\\\/sl\\\/product\\\/gpd-pocket-3-kvm-in-modul-rs-232\\\/#mainImage\",\"width\":1000,\"height\":1000,\"caption\":\"GPD Pocket 3 raz\\u0161iritveni modul KVM in RS232\"},\"primaryImageOfPage\":{\"@id\":\"https:\\\/\\\/droix.eu\\\/sl\\\/product\\\/gpd-pocket-3-kvm-in-modul-rs-232\\\/#mainImage\"},\"datePublished\":\"2022-01-07T15:00:20+00:00\",\"dateModified\":\"2025-12-15T00:03:16+00:00\"},{\"@type\":\"WebSite\",\"@id\":\"https:\\\/\\\/droix.eu\\\/sl\\\/#website\",\"url\":\"https:\\\/\\\/droix.eu\\\/sl\\\/\",\"name\":\"DROIX EU\",\"description\":\"Get the latest Mini PCs, Ultrabook, PC Gaming Handhelds and more!\",\"inLanguage\":\"sl-SI\",\"publisher\":{\"@id\":\"https:\\\/\\\/droix.eu\\\/sl\\\/#organization\"}}]}\n\t\t<\/script>\n\t\t<!-- All in One SEO Pro -->\r\n\t\t<title>GPD Pocket 3 KVM in modul RS-232 - DROIX EU<\/title>\n\n","aioseo_head_json":{"title":"GPD Pocket 3 KVM in modul RS-232 - DROIX EU","description":"Uradna dodatna oprema GPD Kombinirani paket z dvema raz\u0161iritvenima moduloma Povezovanje s stre\u017eniki in nadzor nad njimi prek modula KVM Vmesnik z industrijskimi stroji prek RS232","canonical_url":"https:\/\/droix.eu\/sl\/product\/gpd-pocket-3-kvm-in-modul-rs-232\/","robots":"max-image-preview:large","keywords":"","webmasterTools":{"miscellaneous":""},"schema":{"@context":"https:\/\/schema.org","@graph":[{"@type":"BreadcrumbList","@id":"https:\/\/droix.eu\/sl\/product\/gpd-pocket-3-kvm-in-modul-rs-232\/#breadcrumblist","itemListElement":[{"@type":"ListItem","@id":"https:\/\/droix.eu\/sl\/#listItem","position":1,"name":"Home","item":"https:\/\/droix.eu\/sl\/","nextItem":{"@type":"ListItem","@id":"https:\/\/droix.eu\/sl\/product-category\/dodatki\/#listItem","name":"Dodatki"}},{"@type":"ListItem","@id":"https:\/\/droix.eu\/sl\/product-category\/dodatki\/#listItem","position":2,"name":"Dodatki","item":"https:\/\/droix.eu\/sl\/product-category\/dodatki\/","nextItem":{"@type":"ListItem","@id":"https:\/\/droix.eu\/sl\/product-category\/dodatki\/dodatki-za-prenosne-racunalnike\/#listItem","name":"Dodatki za prenosne ra\u010dunalnike"},"previousItem":{"@type":"ListItem","@id":"https:\/\/droix.eu\/sl\/#listItem","name":"Home"}},{"@type":"ListItem","@id":"https:\/\/droix.eu\/sl\/product-category\/dodatki\/dodatki-za-prenosne-racunalnike\/#listItem","position":3,"name":"Dodatki za prenosne ra\u010dunalnike","item":"https:\/\/droix.eu\/sl\/product-category\/dodatki\/dodatki-za-prenosne-racunalnike\/","nextItem":{"@type":"ListItem","@id":"https:\/\/droix.eu\/sl\/product\/gpd-pocket-3-kvm-in-modul-rs-232\/#listItem","name":"GPD Pocket 3 KVM in modul RS-232"},"previousItem":{"@type":"ListItem","@id":"https:\/\/droix.eu\/sl\/product-category\/dodatki\/#listItem","name":"Dodatki"}},{"@type":"ListItem","@id":"https:\/\/droix.eu\/sl\/product\/gpd-pocket-3-kvm-in-modul-rs-232\/#listItem","position":4,"name":"GPD Pocket 3 KVM in modul RS-232","previousItem":{"@type":"ListItem","@id":"https:\/\/droix.eu\/sl\/product-category\/dodatki\/dodatki-za-prenosne-racunalnike\/#listItem","name":"Dodatki za prenosne ra\u010dunalnike"}}]},{"@type":"Organization","@id":"https:\/\/droix.eu\/sl\/#organization","name":"DroiX \u2013 Trusted EU Tech Retailer with 12+ Years Experience","description":"DroiX is a leading European technology retailer with over 12 years of experience, offering quality mini PCs, handheld gaming consoles, and tech accessories. We provide hassle-free EU delivery with all taxes included, ensuring a smooth and reliable shopping experience for our customers across Europe.","url":"https:\/\/droix.eu\/sl\/","logo":{"@type":"ImageObject","url":"https:\/\/droix.eu\/wp-content\/uploads\/2024\/06\/droix-v2-light-logo.png","@id":"https:\/\/droix.eu\/sl\/product\/gpd-pocket-3-kvm-in-modul-rs-232\/#organizationLogo","width":380,"height":118},"image":{"@id":"https:\/\/droix.eu\/sl\/product\/gpd-pocket-3-kvm-in-modul-rs-232\/#organizationLogo"},"sameAs":["https:\/\/www.facebook.com\/DroiX.Store","https:\/\/twitter.com\/DroiX_Store","https:\/\/www.instagram.com\/droix.store\/","https:\/\/www.tiktok.com\/@droix.store","https:\/\/www.youtube.com\/c\/DroiX_Store","https:\/\/uk.linkedin.com\/company\/droix"]},{"@type":"Product","@id":"https:\/\/droix.eu\/sl\/product\/gpd-pocket-3-kvm-in-modul-rs-232\/#wooCommerceProduct","name":"GPD Pocket 3 KVM in modul RS-232","description":"Uradna dodatna oprema GPD\n \tKombinirani paket z dvema raz\u0161iritvenima moduloma\n \tPovezovanje s stre\u017eniki in nadzor nad njimi prek modula KVM \n \tVmesnik z industrijskimi stroji prek RS232","url":"https:\/\/droix.eu\/sl\/product\/gpd-pocket-3-kvm-in-modul-rs-232\/","sku":"GPD-POCKET-3-EXPANSION-MODULE-KVM-RS","gtin":"5060763672192","image":{"@type":"ImageObject","url":"https:\/\/droix.eu\/wp-content\/uploads\/2022\/01\/GPD-POCKET-3-KVM-RS232-MODULE-LISTING-IMAGE-1.png","@id":"https:\/\/droix.eu\/sl\/product\/gpd-pocket-3-kvm-in-modul-rs-232\/#productImage","width":1000,"height":1000,"caption":"GPD Pocket 3 raz\u0161iritveni modul KVM in RS232"},"offers":{"@type":"Offer","url":"https:\/\/droix.eu\/sl\/product\/gpd-pocket-3-kvm-in-modul-rs-232\/#wooCommerceOffer","price":114.33,"priceCurrency":"EUR","category":"Dodatki","availability":"https:\/\/schema.org\/InStock","priceSpecification":{"@type":"PriceSpecification","price":114.33,"priceCurrency":"EUR","valueAddedTaxIncluded":"true"},"seller":{"@type":"Organization","@id":"https:\/\/droix.eu\/sl\/#organization"}}},{"@type":"WebPage","@id":"https:\/\/droix.eu\/sl\/product\/gpd-pocket-3-kvm-in-modul-rs-232\/#webpage","url":"https:\/\/droix.eu\/sl\/product\/gpd-pocket-3-kvm-in-modul-rs-232\/","name":"GPD Pocket 3 KVM in modul RS-232 - DROIX EU","description":"Uradna dodatna oprema GPD Kombinirani paket z dvema raz\u0161iritvenima moduloma Povezovanje s stre\u017eniki in nadzor nad njimi prek modula KVM Vmesnik z industrijskimi stroji prek RS232","inLanguage":"sl-SI","isPartOf":{"@id":"https:\/\/droix.eu\/sl\/#website"},"breadcrumb":{"@id":"https:\/\/droix.eu\/sl\/product\/gpd-pocket-3-kvm-in-modul-rs-232\/#breadcrumblist"},"image":{"@type":"ImageObject","url":"https:\/\/droix.eu\/wp-content\/uploads\/2022\/01\/GPD-POCKET-3-KVM-RS232-MODULE-LISTING-IMAGE-1.png","@id":"https:\/\/droix.eu\/sl\/product\/gpd-pocket-3-kvm-in-modul-rs-232\/#mainImage","width":1000,"height":1000,"caption":"GPD Pocket 3 raz\u0161iritveni modul KVM in RS232"},"primaryImageOfPage":{"@id":"https:\/\/droix.eu\/sl\/product\/gpd-pocket-3-kvm-in-modul-rs-232\/#mainImage"},"datePublished":"2022-01-07T15:00:20+00:00","dateModified":"2025-12-15T00:03:16+00:00"},{"@type":"WebSite","@id":"https:\/\/droix.eu\/sl\/#website","url":"https:\/\/droix.eu\/sl\/","name":"DROIX EU","description":"Get the latest Mini PCs, Ultrabook, PC Gaming Handhelds and more!","inLanguage":"sl-SI","publisher":{"@id":"https:\/\/droix.eu\/sl\/#organization"}}]},"og:locale":"sl_SI","og:site_name":"DROIX EU - Get the latest Mini PCs, Ultrabook, PC Gaming Handhelds and more!","og:type":"article","og:title":"GPD Pocket 3 KVM in modul RS-232 - DROIX EU","og:description":"Uradna dodatna oprema GPD Kombinirani paket z dvema raz\u0161iritvenima moduloma Povezovanje s stre\u017eniki in nadzor nad njimi prek modula KVM Vmesnik z industrijskimi stroji prek RS232","og:url":"https:\/\/droix.eu\/sl\/product\/gpd-pocket-3-kvm-in-modul-rs-232\/","og:image":"https:\/\/droix.eu\/wp-content\/uploads\/2024\/06\/droix-v2-light-logo.png","og:image:secure_url":"https:\/\/droix.eu\/wp-content\/uploads\/2024\/06\/droix-v2-light-logo.png","og:image:width":380,"og:image:height":118,"article:published_time":"2022-01-07T15:00:20+00:00","article:modified_time":"2025-12-15T00:03:16+00:00","article:publisher":"https:\/\/www.facebook.com\/DroiX.Store","twitter:card":"summary_large_image","twitter:site":"@DroiX_Store","twitter:title":"GPD Pocket 3 KVM in modul RS-232 - DROIX EU","twitter:description":"Uradna dodatna oprema GPD Kombinirani paket z dvema raz\u0161iritvenima moduloma Povezovanje s stre\u017eniki in nadzor nad njimi prek modula KVM Vmesnik z industrijskimi stroji prek RS232","twitter:image":"https:\/\/droix.eu\/wp-content\/uploads\/2024\/06\/droix-v2-light-logo.png"},"aioseo_meta_data":{"post_id":"526082","title":null,"description":null,"keywords":null,"keyphrases":{"focus":{"keyphrase":"","score":0,"analysis":{"keyphraseInTitle":{"score":0,"maxScore":9,"error":1}}},"additional":[]},"primary_term":null,"canonical_url":null,"og_title":null,"og_description":null,"og_object_type":"default","og_image_type":"default","og_image_url":null,"og_image_width":null,"og_image_height":null,"og_image_custom_url":null,"og_image_custom_fields":null,"og_video":"","og_custom_url":null,"og_article_section":null,"og_article_tags":null,"twitter_use_og":true,"twitter_card":"default","twitter_image_type":"default","twitter_image_url":null,"twitter_image_custom_url":null,"twitter_image_custom_fields":null,"twitter_title":null,"twitter_description":null,"schema":{"blockGraphs":[],"customGraphs":[],"default":{"data":{"Article":[],"Course":[],"Dataset":[],"FAQPage":[],"Movie":[],"Person":[],"Product":[],"ProductReview":[],"Car":[],"Recipe":[],"Service":[],"SoftwareApplication":[],"WebPage":[]},"graphName":"Product","isEnabled":true},"graphs":[]},"schema_type":"default","schema_type_options":null,"pillar_content":false,"robots_default":true,"robots_noindex":false,"robots_noarchive":false,"robots_nosnippet":false,"robots_nofollow":false,"robots_noimageindex":false,"robots_noodp":false,"robots_notranslate":false,"robots_max_snippet":"-1","robots_max_videopreview":"-1","robots_max_imagepreview":"large","priority":null,"frequency":"default","local_seo":null,"seo_analyzer_scan_date":"2025-10-24 08:36:44","breadcrumb_settings":null,"limit_modified_date":false,"reviewed_by":null,"open_ai":null,"ai":{"faqs":[],"keyPoints":[],"titles":[],"descriptions":[],"socialPosts":{"email":[],"linkedin":[],"twitter":[],"facebook":[],"instagram":[]}},"created":"2025-10-09 03:39:25","updated":"2026-01-24 12:15:00"},"aioseo_breadcrumb":"<div class=\"aioseo-breadcrumbs\"><span class=\"aioseo-breadcrumb\">\n\t<a href=\"https:\/\/droix.eu\/sl\/\" title=\"Home\">Home<\/a>\n<\/span><span class=\"aioseo-breadcrumb-separator\">&raquo;<\/span><span class=\"aioseo-breadcrumb\">\n\t<a href=\"https:\/\/droix.eu\/sl\/product-category\/dodatki\/\" title=\"Dodatki\">Dodatki<\/a>\n<\/span><span class=\"aioseo-breadcrumb-separator\">&raquo;<\/span><span class=\"aioseo-breadcrumb\">\n\t<a href=\"https:\/\/droix.eu\/sl\/product-category\/dodatki\/dodatki-za-prenosne-racunalnike\/\" title=\"Dodatki za prenosne ra\u010dunalnike\">Dodatki za prenosne ra\u010dunalnike<\/a>\n<\/span><span class=\"aioseo-breadcrumb-separator\">&raquo;<\/span><span class=\"aioseo-breadcrumb\">\n\tGPD Pocket 3 KVM in modul RS-232\n<\/span><\/div>","aioseo_breadcrumb_json":[{"label":"Home","link":"https:\/\/droix.eu\/sl\/"},{"label":"Dodatki","link":"https:\/\/droix.eu\/sl\/product-category\/dodatki\/"},{"label":"Dodatki za prenosne ra\u010dunalnike","link":"https:\/\/droix.eu\/sl\/product-category\/dodatki\/dodatki-za-prenosne-racunalnike\/"},{"label":"GPD Pocket 3 KVM in modul RS-232","link":"https:\/\/droix.eu\/sl\/product\/gpd-pocket-3-kvm-in-modul-rs-232\/"}],"_links":{"self":[{"href":"https:\/\/droix.eu\/sl\/wp-json\/wp\/v2\/product\/526082","targetHints":{"allow":["GET"]}}],"collection":[{"href":"https:\/\/droix.eu\/sl\/wp-json\/wp\/v2\/product"}],"about":[{"href":"https:\/\/droix.eu\/sl\/wp-json\/wp\/v2\/types\/product"}],"version-history":[{"count":0,"href":"https:\/\/droix.eu\/sl\/wp-json\/wp\/v2\/product\/526082\/revisions"}],"wp:featuredmedia":[{"embeddable":true,"href":"https:\/\/droix.eu\/sl\/wp-json\/wp\/v2\/media\/293631"}],"wp:attachment":[{"href":"https:\/\/droix.eu\/sl\/wp-json\/wp\/v2\/media?parent=526082"}],"wp:term":[{"taxonomy":"product_brand","embeddable":true,"href":"https:\/\/droix.eu\/sl\/wp-json\/wp\/v2\/product_brand?post=526082"},{"taxonomy":"product_cat","embeddable":true,"href":"https:\/\/droix.eu\/sl\/wp-json\/wp\/v2\/product_cat?post=526082"},{"taxonomy":"product_tag","embeddable":true,"href":"https:\/\/droix.eu\/sl\/wp-json\/wp\/v2\/product_tag?post=526082"},{"taxonomy":"woo-feed-brand","embeddable":true,"href":"https:\/\/droix.eu\/sl\/wp-json\/wp\/v2\/woo-feed-brand?post=526082"},{"taxonomy":"key-features","embeddable":true,"href":"https:\/\/droix.eu\/sl\/wp-json\/wp\/v2\/key-features?post=526082"}],"curies":[{"name":"wp","href":"https:\/\/api.w.org\/{rel}","templated":true}]}}