{"id":523546,"date":"2022-11-08T16:39:00","date_gmt":"2022-11-08T16:39:00","guid":{"rendered":"https:\/\/droix.eu\/product\/gpd-win-max-2-2024-4g-lte-dodatek\/"},"modified":"2025-12-15T00:04:24","modified_gmt":"2025-12-15T00:04:24","slug":"gpd-win-max-2-2024-4g-lte-dodatek","status":"publish","type":"product","link":"https:\/\/droix.eu\/sl\/product\/gpd-win-max-2-2024-4g-lte-dodatek\/","title":{"rendered":"GPD WIN MAX 2 \/ 2024 4G LTE dodatek"},"content":{"rendered":"&#13;\n<p>Predstavljamo najnovej\u0161i dodatek modula 4G LTE za <a href=\"https:\/\/droix.eu\/sl\/product\/gpd-win-max-2\/\">GPD WIN MAX 2 \/<\/a> <a href=\"https:\/\/droix.eu\/sl\/product\/gpd-win-max-2-2024\/\">GPD WIN MAX 2 2024.<\/a> Ta revolucionarni dodatek omogo\u010da igralnim navdu\u0161encem, da zaradi brezhibne povezljivosti 4G in podpore operaterja u\u017eivajo v neprekinjenih igralnih seansah kjer koli in kadar koli. <\/p>&#13;\n&#13;\n<p>Ta modul 4G LTE, ki je bil razvit kot odziv na zahteve uporabnikov in skrbno zasnovan za premagovanje tehni\u010dnih omejitev, podpira omre\u017eja 4G TD-LTE, FDD-LTE in 3G CDMA ter zagotavlja zmogljivost, primerljivo z obi\u010dajnimi prenosnimi ra\u010dunalniki. Njegova vklju\u010ditev v serijo WIN Max 2 2024 odpira svet zapletenih scenarijev igranja iger, ki so bili prej na prenosnih napravah nedostopni. <\/p>&#13;\n","protected":false},"excerpt":{"rendered":"<ul>\n<li><strong>Brezhibna povezljivost 4G:<\/strong> Igrajte kjerkoli in kadarkoli.<\/li>\n<li><strong>Napredna omre\u017ena podpora:<\/strong> 4G TD-LTE, FDD-LTE, 3G CDMA.<\/li>\n<li><strong>Uradno:<\/strong> Oblikoval GPD za Win Max 2 in Win Max 2 2024<\/li>\n<li><strong>Model:<\/strong> Quectel EG25-G<\/li>\n<\/ul>\n<pre>\n<b>IMPORTANT<\/b>\nINSTALATION REQUIRES OPENING DEVICE\nCOMPONENTS ARE SMALL &amp; DELICATE\nWE ARE NOT RESPONSIBLE FOR ANY CUSTOMER DAMAGE<\/pre>\n[droix_global_accordions]\n[cg_accordion title=\"Paket vklju\u010duje\"]<\/p>\n<ul>\n<li>1x GPD WIN MAX 2 4G LTE modul<\/li>\n<li>3x vijaki<\/li>\n<li>2x antene<\/li>\n<li>1x kabel<\/li>\n<\/ul>\n<p>[\/cg_accordion]\n","protected":false},"featured_media":439058,"template":"","meta":{"_acf_changed":false},"product_brand":[],"product_cat":[13256,13257,13335],"product_tag":[],"woo-feed-brand":[],"key-features":[],"class_list":{"0":"post-523546","1":"product","2":"type-product","3":"status-publish","4":"has-post-thumbnail","6":"product_cat-dodatki","7":"product_cat-dodatki-za-prenosne-racunalnike","8":"product_cat-gaming-dodatki","9":"product_shipping_class-low-end","10":"pa_accessory-type-add-ons","11":"pa_brands-gpd-sl","12":"pa_compatibility-gpd-win-max-2-sl","14":"first","15":"outofstock","16":"sale","17":"taxable","18":"shipping-taxable","19":"purchasable","20":"product-type-simple"},"acf":[],"aioseo_notices":[],"aioseo_head":"\n\t\t<!-- All in One SEO Pro 4.9.5.2 - aioseo.com -->\n\t<meta name=\"description\" content=\"Brezhibna povezljivost 4G: Igrajte kjerkoli in kadarkoli. Napredna omre\u017ena podpora: 4G TD-LTE, FDD-LTE, 3G CDMA. Uradno: Oblikoval GPD za Win Max 2 in Win Max 2 2024 Model: Quectel EG25-G IMPORTANT INSTALATION REQUIRES OPENING DEVICE COMPONENTS ARE SMALL &amp; DELICATE WE ARE NOT RESPONSIBLE FOR ANY CUSTOMER DAMAGE Paket vklju\u010duje 1x GPD WIN MAX 2 4G LTE modul 3x vijaki 2x antene 1x kabel\" \/>\n\t<meta name=\"robots\" content=\"max-image-preview:large\" \/>\n\t<link rel=\"canonical\" href=\"https:\/\/droix.eu\/sl\/product\/gpd-win-max-2-2024-4g-lte-dodatek\/\" \/>\n\t<meta name=\"generator\" content=\"All in One SEO Pro (AIOSEO) 4.9.5.2\" \/>\n\t\t<meta property=\"og:locale\" content=\"sl_SI\" \/>\n\t\t<meta property=\"og:site_name\" content=\"DROIX EU - Get the latest Mini PCs, Ultrabook, PC Gaming Handhelds and more!\" \/>\n\t\t<meta property=\"og:type\" content=\"article\" \/>\n\t\t<meta property=\"og:title\" content=\"GPD WIN MAX 2 \/ 2024 4G LTE dodatek - DROIX EU\" \/>\n\t\t<meta property=\"og:description\" content=\"Brezhibna povezljivost 4G: Igrajte kjerkoli in kadarkoli. Napredna omre\u017ena podpora: 4G TD-LTE, FDD-LTE, 3G CDMA. Uradno: Oblikoval GPD za Win Max 2 in Win Max 2 2024 Model: Quectel EG25-G IMPORTANT INSTALATION REQUIRES OPENING DEVICE COMPONENTS ARE SMALL &amp; DELICATE WE ARE NOT RESPONSIBLE FOR ANY CUSTOMER DAMAGE Paket vklju\u010duje 1x GPD WIN MAX 2 4G LTE modul 3x vijaki 2x antene 1x kabel\" \/>\n\t\t<meta property=\"og:url\" content=\"https:\/\/droix.eu\/sl\/product\/gpd-win-max-2-2024-4g-lte-dodatek\/\" \/>\n\t\t<meta property=\"og:image\" content=\"https:\/\/droix.eu\/wp-content\/uploads\/2024\/06\/droix-v2-light-logo.png\" \/>\n\t\t<meta property=\"og:image:secure_url\" content=\"https:\/\/droix.eu\/wp-content\/uploads\/2024\/06\/droix-v2-light-logo.png\" \/>\n\t\t<meta property=\"og:image:width\" content=\"380\" \/>\n\t\t<meta property=\"og:image:height\" content=\"118\" \/>\n\t\t<meta property=\"article:published_time\" content=\"2022-11-08T16:39:00+00:00\" \/>\n\t\t<meta property=\"article:modified_time\" content=\"2025-12-15T00:04:24+00:00\" \/>\n\t\t<meta property=\"article:publisher\" content=\"https:\/\/www.facebook.com\/DroiX.Store\" \/>\n\t\t<meta name=\"twitter:card\" content=\"summary_large_image\" \/>\n\t\t<meta name=\"twitter:site\" content=\"@DroiX_Store\" \/>\n\t\t<meta name=\"twitter:title\" content=\"GPD WIN MAX 2 \/ 2024 4G LTE dodatek - DROIX EU\" \/>\n\t\t<meta name=\"twitter:description\" content=\"Brezhibna povezljivost 4G: Igrajte kjerkoli in kadarkoli. Napredna omre\u017ena podpora: 4G TD-LTE, FDD-LTE, 3G CDMA. Uradno: Oblikoval GPD za Win Max 2 in Win Max 2 2024 Model: Quectel EG25-G IMPORTANT INSTALATION REQUIRES OPENING DEVICE COMPONENTS ARE SMALL &amp; DELICATE WE ARE NOT RESPONSIBLE FOR ANY CUSTOMER DAMAGE Paket vklju\u010duje 1x GPD WIN MAX 2 4G LTE modul 3x vijaki 2x antene 1x kabel\" \/>\n\t\t<meta name=\"twitter:image\" content=\"https:\/\/droix.eu\/wp-content\/uploads\/2024\/06\/droix-v2-light-logo.png\" \/>\n\t\t<script type=\"application\/ld+json\" class=\"aioseo-schema\">\n\t\t\t{\"@context\":\"https:\\\/\\\/schema.org\",\"@graph\":[{\"@type\":\"BreadcrumbList\",\"@id\":\"https:\\\/\\\/droix.eu\\\/sl\\\/product\\\/gpd-win-max-2-2024-4g-lte-dodatek\\\/#breadcrumblist\",\"itemListElement\":[{\"@type\":\"ListItem\",\"@id\":\"https:\\\/\\\/droix.eu\\\/sl\\\/#listItem\",\"position\":1,\"name\":\"Home\",\"item\":\"https:\\\/\\\/droix.eu\\\/sl\\\/\",\"nextItem\":{\"@type\":\"ListItem\",\"@id\":\"https:\\\/\\\/droix.eu\\\/sl\\\/product-category\\\/dodatki\\\/#listItem\",\"name\":\"Dodatki\"}},{\"@type\":\"ListItem\",\"@id\":\"https:\\\/\\\/droix.eu\\\/sl\\\/product-category\\\/dodatki\\\/#listItem\",\"position\":2,\"name\":\"Dodatki\",\"item\":\"https:\\\/\\\/droix.eu\\\/sl\\\/product-category\\\/dodatki\\\/\",\"nextItem\":{\"@type\":\"ListItem\",\"@id\":\"https:\\\/\\\/droix.eu\\\/sl\\\/product-category\\\/dodatki\\\/dodatki-za-prenosne-racunalnike\\\/#listItem\",\"name\":\"Dodatki za prenosne ra\\u010dunalnike\"},\"previousItem\":{\"@type\":\"ListItem\",\"@id\":\"https:\\\/\\\/droix.eu\\\/sl\\\/#listItem\",\"name\":\"Home\"}},{\"@type\":\"ListItem\",\"@id\":\"https:\\\/\\\/droix.eu\\\/sl\\\/product-category\\\/dodatki\\\/dodatki-za-prenosne-racunalnike\\\/#listItem\",\"position\":3,\"name\":\"Dodatki za prenosne ra\\u010dunalnike\",\"item\":\"https:\\\/\\\/droix.eu\\\/sl\\\/product-category\\\/dodatki\\\/dodatki-za-prenosne-racunalnike\\\/\",\"nextItem\":{\"@type\":\"ListItem\",\"@id\":\"https:\\\/\\\/droix.eu\\\/sl\\\/product\\\/gpd-win-max-2-2024-4g-lte-dodatek\\\/#listItem\",\"name\":\"GPD WIN MAX 2 \\\/ 2024 4G LTE dodatek\"},\"previousItem\":{\"@type\":\"ListItem\",\"@id\":\"https:\\\/\\\/droix.eu\\\/sl\\\/product-category\\\/dodatki\\\/#listItem\",\"name\":\"Dodatki\"}},{\"@type\":\"ListItem\",\"@id\":\"https:\\\/\\\/droix.eu\\\/sl\\\/product\\\/gpd-win-max-2-2024-4g-lte-dodatek\\\/#listItem\",\"position\":4,\"name\":\"GPD WIN MAX 2 \\\/ 2024 4G LTE dodatek\",\"previousItem\":{\"@type\":\"ListItem\",\"@id\":\"https:\\\/\\\/droix.eu\\\/sl\\\/product-category\\\/dodatki\\\/dodatki-za-prenosne-racunalnike\\\/#listItem\",\"name\":\"Dodatki za prenosne ra\\u010dunalnike\"}}]},{\"@type\":\"Organization\",\"@id\":\"https:\\\/\\\/droix.eu\\\/sl\\\/#organization\",\"name\":\"DroiX \\u2013 Trusted EU Tech Retailer with 12+ Years Experience\",\"description\":\"DroiX is a leading European technology retailer with over 12 years of experience, offering quality mini PCs, handheld gaming consoles, and tech accessories. We provide hassle-free EU delivery with all taxes included, ensuring a smooth and reliable shopping experience for our customers across Europe.\",\"url\":\"https:\\\/\\\/droix.eu\\\/sl\\\/\",\"logo\":{\"@type\":\"ImageObject\",\"url\":\"https:\\\/\\\/droix.eu\\\/wp-content\\\/uploads\\\/2024\\\/06\\\/droix-v2-light-logo.png\",\"@id\":\"https:\\\/\\\/droix.eu\\\/sl\\\/product\\\/gpd-win-max-2-2024-4g-lte-dodatek\\\/#organizationLogo\",\"width\":380,\"height\":118},\"image\":{\"@id\":\"https:\\\/\\\/droix.eu\\\/sl\\\/product\\\/gpd-win-max-2-2024-4g-lte-dodatek\\\/#organizationLogo\"},\"sameAs\":[\"https:\\\/\\\/www.facebook.com\\\/DroiX.Store\",\"https:\\\/\\\/twitter.com\\\/DroiX_Store\",\"https:\\\/\\\/www.instagram.com\\\/droix.store\\\/\",\"https:\\\/\\\/www.tiktok.com\\\/@droix.store\",\"https:\\\/\\\/www.youtube.com\\\/c\\\/DroiX_Store\",\"https:\\\/\\\/uk.linkedin.com\\\/company\\\/droix\"]},{\"@type\":\"Product\",\"@id\":\"https:\\\/\\\/droix.eu\\\/sl\\\/product\\\/gpd-win-max-2-2024-4g-lte-dodatek\\\/#wooCommerceProduct\",\"name\":\"GPD WIN MAX 2 \\\/ 2024 4G LTE dodatek\",\"description\":\"Brezhibna povezljivost 4G: Igrajte kjerkoli in kadarkoli.\\n \\tNapredna omre\\u017ena podpora: 4G TD-LTE, FDD-LTE, 3G CDMA.\\n \\tUradno: Oblikoval GPD za Win Max 2 in Win Max 2 2024\\n \\tModel: Quectel EG25-G\\n\\n\\n\\nIMPORTANT\\nINSTALATION REQUIRES OPENING DEVICE\\nCOMPONENTS ARE SMALL &amp; DELICATE\\nWE ARE NOT RESPONSIBLE FOR ANY CUSTOMER DAMAGE\",\"url\":\"https:\\\/\\\/droix.eu\\\/sl\\\/product\\\/gpd-win-max-2-2024-4g-lte-dodatek\\\/\",\"sku\":\"GPD-WIN_MAX_2-4G_LTE_Module\",\"gtin\":\"5060763673656\",\"image\":{\"@type\":\"ImageObject\",\"url\":\"https:\\\/\\\/droix.eu\\\/wp-content\\\/uploads\\\/2022\\\/11\\\/GPD-WIN-MAX-2-LTE-1.png\",\"@id\":\"https:\\\/\\\/droix.eu\\\/sl\\\/product\\\/gpd-win-max-2-2024-4g-lte-dodatek\\\/#productImage\",\"width\":622,\"height\":622,\"caption\":\"Dodatek GPD WIN MAX 2 4G LTE\"},\"offers\":{\"@type\":\"Offer\",\"url\":\"https:\\\/\\\/droix.eu\\\/sl\\\/product\\\/gpd-win-max-2-2024-4g-lte-dodatek\\\/#wooCommerceOffer\",\"price\":99.57,\"priceCurrency\":\"EUR\",\"category\":\"Dodatki\",\"availability\":\"https:\\\/\\\/schema.org\\\/OutOfStock\",\"priceSpecification\":{\"@type\":\"PriceSpecification\",\"price\":99.57,\"priceCurrency\":\"EUR\",\"valueAddedTaxIncluded\":\"true\"},\"seller\":{\"@type\":\"Organization\",\"@id\":\"https:\\\/\\\/droix.eu\\\/sl\\\/#organization\"}}},{\"@type\":\"WebPage\",\"@id\":\"https:\\\/\\\/droix.eu\\\/sl\\\/product\\\/gpd-win-max-2-2024-4g-lte-dodatek\\\/#webpage\",\"url\":\"https:\\\/\\\/droix.eu\\\/sl\\\/product\\\/gpd-win-max-2-2024-4g-lte-dodatek\\\/\",\"name\":\"GPD WIN MAX 2 \\\/ 2024 4G LTE dodatek - DROIX EU\",\"description\":\"Brezhibna povezljivost 4G: Igrajte kjerkoli in kadarkoli. Napredna omre\\u017ena podpora: 4G TD-LTE, FDD-LTE, 3G CDMA. Uradno: Oblikoval GPD za Win Max 2 in Win Max 2 2024 Model: Quectel EG25-G IMPORTANT INSTALATION REQUIRES OPENING DEVICE COMPONENTS ARE SMALL & DELICATE WE ARE NOT RESPONSIBLE FOR ANY CUSTOMER DAMAGE Paket vklju\\u010duje 1x GPD WIN MAX 2 4G LTE modul 3x vijaki 2x antene 1x kabel\",\"inLanguage\":\"sl-SI\",\"isPartOf\":{\"@id\":\"https:\\\/\\\/droix.eu\\\/sl\\\/#website\"},\"breadcrumb\":{\"@id\":\"https:\\\/\\\/droix.eu\\\/sl\\\/product\\\/gpd-win-max-2-2024-4g-lte-dodatek\\\/#breadcrumblist\"},\"image\":{\"@type\":\"ImageObject\",\"url\":\"https:\\\/\\\/droix.eu\\\/wp-content\\\/uploads\\\/2022\\\/11\\\/GPD-WIN-MAX-2-LTE-1.png\",\"@id\":\"https:\\\/\\\/droix.eu\\\/sl\\\/product\\\/gpd-win-max-2-2024-4g-lte-dodatek\\\/#mainImage\",\"width\":622,\"height\":622,\"caption\":\"Dodatek GPD WIN MAX 2 4G LTE\"},\"primaryImageOfPage\":{\"@id\":\"https:\\\/\\\/droix.eu\\\/sl\\\/product\\\/gpd-win-max-2-2024-4g-lte-dodatek\\\/#mainImage\"},\"datePublished\":\"2022-11-08T16:39:00+00:00\",\"dateModified\":\"2025-12-15T00:04:24+00:00\"},{\"@type\":\"WebSite\",\"@id\":\"https:\\\/\\\/droix.eu\\\/sl\\\/#website\",\"url\":\"https:\\\/\\\/droix.eu\\\/sl\\\/\",\"name\":\"DROIX EU\",\"description\":\"Get the latest Mini PCs, Ultrabook, PC Gaming Handhelds and more!\",\"inLanguage\":\"sl-SI\",\"publisher\":{\"@id\":\"https:\\\/\\\/droix.eu\\\/sl\\\/#organization\"}}]}\n\t\t<\/script>\n\t\t<!-- All in One SEO Pro -->\r\n\t\t<title>GPD WIN MAX 2 \/ 2024 4G LTE dodatek - DROIX EU<\/title>\n\n","aioseo_head_json":{"title":"GPD WIN MAX 2 \/ 2024 4G LTE dodatek - DROIX EU","description":"Brezhibna povezljivost 4G: Igrajte kjerkoli in kadarkoli. Napredna omre\u017ena podpora: 4G TD-LTE, FDD-LTE, 3G CDMA. Uradno: Oblikoval GPD za Win Max 2 in Win Max 2 2024 Model: Quectel EG25-G IMPORTANT INSTALATION REQUIRES OPENING DEVICE COMPONENTS ARE SMALL & DELICATE WE ARE NOT RESPONSIBLE FOR ANY CUSTOMER DAMAGE Paket vklju\u010duje 1x GPD WIN MAX 2 4G LTE modul 3x vijaki 2x antene 1x kabel","canonical_url":"https:\/\/droix.eu\/sl\/product\/gpd-win-max-2-2024-4g-lte-dodatek\/","robots":"max-image-preview:large","keywords":"","webmasterTools":{"miscellaneous":""},"schema":{"@context":"https:\/\/schema.org","@graph":[{"@type":"BreadcrumbList","@id":"https:\/\/droix.eu\/sl\/product\/gpd-win-max-2-2024-4g-lte-dodatek\/#breadcrumblist","itemListElement":[{"@type":"ListItem","@id":"https:\/\/droix.eu\/sl\/#listItem","position":1,"name":"Home","item":"https:\/\/droix.eu\/sl\/","nextItem":{"@type":"ListItem","@id":"https:\/\/droix.eu\/sl\/product-category\/dodatki\/#listItem","name":"Dodatki"}},{"@type":"ListItem","@id":"https:\/\/droix.eu\/sl\/product-category\/dodatki\/#listItem","position":2,"name":"Dodatki","item":"https:\/\/droix.eu\/sl\/product-category\/dodatki\/","nextItem":{"@type":"ListItem","@id":"https:\/\/droix.eu\/sl\/product-category\/dodatki\/dodatki-za-prenosne-racunalnike\/#listItem","name":"Dodatki za prenosne ra\u010dunalnike"},"previousItem":{"@type":"ListItem","@id":"https:\/\/droix.eu\/sl\/#listItem","name":"Home"}},{"@type":"ListItem","@id":"https:\/\/droix.eu\/sl\/product-category\/dodatki\/dodatki-za-prenosne-racunalnike\/#listItem","position":3,"name":"Dodatki za prenosne ra\u010dunalnike","item":"https:\/\/droix.eu\/sl\/product-category\/dodatki\/dodatki-za-prenosne-racunalnike\/","nextItem":{"@type":"ListItem","@id":"https:\/\/droix.eu\/sl\/product\/gpd-win-max-2-2024-4g-lte-dodatek\/#listItem","name":"GPD WIN MAX 2 \/ 2024 4G LTE dodatek"},"previousItem":{"@type":"ListItem","@id":"https:\/\/droix.eu\/sl\/product-category\/dodatki\/#listItem","name":"Dodatki"}},{"@type":"ListItem","@id":"https:\/\/droix.eu\/sl\/product\/gpd-win-max-2-2024-4g-lte-dodatek\/#listItem","position":4,"name":"GPD WIN MAX 2 \/ 2024 4G LTE dodatek","previousItem":{"@type":"ListItem","@id":"https:\/\/droix.eu\/sl\/product-category\/dodatki\/dodatki-za-prenosne-racunalnike\/#listItem","name":"Dodatki za prenosne ra\u010dunalnike"}}]},{"@type":"Organization","@id":"https:\/\/droix.eu\/sl\/#organization","name":"DroiX \u2013 Trusted EU Tech Retailer with 12+ Years Experience","description":"DroiX is a leading European technology retailer with over 12 years of experience, offering quality mini PCs, handheld gaming consoles, and tech accessories. We provide hassle-free EU delivery with all taxes included, ensuring a smooth and reliable shopping experience for our customers across Europe.","url":"https:\/\/droix.eu\/sl\/","logo":{"@type":"ImageObject","url":"https:\/\/droix.eu\/wp-content\/uploads\/2024\/06\/droix-v2-light-logo.png","@id":"https:\/\/droix.eu\/sl\/product\/gpd-win-max-2-2024-4g-lte-dodatek\/#organizationLogo","width":380,"height":118},"image":{"@id":"https:\/\/droix.eu\/sl\/product\/gpd-win-max-2-2024-4g-lte-dodatek\/#organizationLogo"},"sameAs":["https:\/\/www.facebook.com\/DroiX.Store","https:\/\/twitter.com\/DroiX_Store","https:\/\/www.instagram.com\/droix.store\/","https:\/\/www.tiktok.com\/@droix.store","https:\/\/www.youtube.com\/c\/DroiX_Store","https:\/\/uk.linkedin.com\/company\/droix"]},{"@type":"Product","@id":"https:\/\/droix.eu\/sl\/product\/gpd-win-max-2-2024-4g-lte-dodatek\/#wooCommerceProduct","name":"GPD WIN MAX 2 \/ 2024 4G LTE dodatek","description":"Brezhibna povezljivost 4G: Igrajte kjerkoli in kadarkoli.\n \tNapredna omre\u017ena podpora: 4G TD-LTE, FDD-LTE, 3G CDMA.\n \tUradno: Oblikoval GPD za Win Max 2 in Win Max 2 2024\n \tModel: Quectel EG25-G\n\n\n\nIMPORTANT\nINSTALATION REQUIRES OPENING DEVICE\nCOMPONENTS ARE SMALL &amp; DELICATE\nWE ARE NOT RESPONSIBLE FOR ANY CUSTOMER DAMAGE","url":"https:\/\/droix.eu\/sl\/product\/gpd-win-max-2-2024-4g-lte-dodatek\/","sku":"GPD-WIN_MAX_2-4G_LTE_Module","gtin":"5060763673656","image":{"@type":"ImageObject","url":"https:\/\/droix.eu\/wp-content\/uploads\/2022\/11\/GPD-WIN-MAX-2-LTE-1.png","@id":"https:\/\/droix.eu\/sl\/product\/gpd-win-max-2-2024-4g-lte-dodatek\/#productImage","width":622,"height":622,"caption":"Dodatek GPD WIN MAX 2 4G LTE"},"offers":{"@type":"Offer","url":"https:\/\/droix.eu\/sl\/product\/gpd-win-max-2-2024-4g-lte-dodatek\/#wooCommerceOffer","price":99.57,"priceCurrency":"EUR","category":"Dodatki","availability":"https:\/\/schema.org\/OutOfStock","priceSpecification":{"@type":"PriceSpecification","price":99.57,"priceCurrency":"EUR","valueAddedTaxIncluded":"true"},"seller":{"@type":"Organization","@id":"https:\/\/droix.eu\/sl\/#organization"}}},{"@type":"WebPage","@id":"https:\/\/droix.eu\/sl\/product\/gpd-win-max-2-2024-4g-lte-dodatek\/#webpage","url":"https:\/\/droix.eu\/sl\/product\/gpd-win-max-2-2024-4g-lte-dodatek\/","name":"GPD WIN MAX 2 \/ 2024 4G LTE dodatek - DROIX EU","description":"Brezhibna povezljivost 4G: Igrajte kjerkoli in kadarkoli. Napredna omre\u017ena podpora: 4G TD-LTE, FDD-LTE, 3G CDMA. Uradno: Oblikoval GPD za Win Max 2 in Win Max 2 2024 Model: Quectel EG25-G IMPORTANT INSTALATION REQUIRES OPENING DEVICE COMPONENTS ARE SMALL & DELICATE WE ARE NOT RESPONSIBLE FOR ANY CUSTOMER DAMAGE Paket vklju\u010duje 1x GPD WIN MAX 2 4G LTE modul 3x vijaki 2x antene 1x kabel","inLanguage":"sl-SI","isPartOf":{"@id":"https:\/\/droix.eu\/sl\/#website"},"breadcrumb":{"@id":"https:\/\/droix.eu\/sl\/product\/gpd-win-max-2-2024-4g-lte-dodatek\/#breadcrumblist"},"image":{"@type":"ImageObject","url":"https:\/\/droix.eu\/wp-content\/uploads\/2022\/11\/GPD-WIN-MAX-2-LTE-1.png","@id":"https:\/\/droix.eu\/sl\/product\/gpd-win-max-2-2024-4g-lte-dodatek\/#mainImage","width":622,"height":622,"caption":"Dodatek GPD WIN MAX 2 4G LTE"},"primaryImageOfPage":{"@id":"https:\/\/droix.eu\/sl\/product\/gpd-win-max-2-2024-4g-lte-dodatek\/#mainImage"},"datePublished":"2022-11-08T16:39:00+00:00","dateModified":"2025-12-15T00:04:24+00:00"},{"@type":"WebSite","@id":"https:\/\/droix.eu\/sl\/#website","url":"https:\/\/droix.eu\/sl\/","name":"DROIX EU","description":"Get the latest Mini PCs, Ultrabook, PC Gaming Handhelds and more!","inLanguage":"sl-SI","publisher":{"@id":"https:\/\/droix.eu\/sl\/#organization"}}]},"og:locale":"sl_SI","og:site_name":"DROIX EU - Get the latest Mini PCs, Ultrabook, PC Gaming Handhelds and more!","og:type":"article","og:title":"GPD WIN MAX 2 \/ 2024 4G LTE dodatek - DROIX EU","og:description":"Brezhibna povezljivost 4G: Igrajte kjerkoli in kadarkoli. Napredna omre\u017ena podpora: 4G TD-LTE, FDD-LTE, 3G CDMA. Uradno: Oblikoval GPD za Win Max 2 in Win Max 2 2024 Model: Quectel EG25-G IMPORTANT INSTALATION REQUIRES OPENING DEVICE COMPONENTS ARE SMALL &amp; DELICATE WE ARE NOT RESPONSIBLE FOR ANY CUSTOMER DAMAGE Paket vklju\u010duje 1x GPD WIN MAX 2 4G LTE modul 3x vijaki 2x antene 1x kabel","og:url":"https:\/\/droix.eu\/sl\/product\/gpd-win-max-2-2024-4g-lte-dodatek\/","og:image":"https:\/\/droix.eu\/wp-content\/uploads\/2024\/06\/droix-v2-light-logo.png","og:image:secure_url":"https:\/\/droix.eu\/wp-content\/uploads\/2024\/06\/droix-v2-light-logo.png","og:image:width":380,"og:image:height":118,"article:published_time":"2022-11-08T16:39:00+00:00","article:modified_time":"2025-12-15T00:04:24+00:00","article:publisher":"https:\/\/www.facebook.com\/DroiX.Store","twitter:card":"summary_large_image","twitter:site":"@DroiX_Store","twitter:title":"GPD WIN MAX 2 \/ 2024 4G LTE dodatek - DROIX EU","twitter:description":"Brezhibna povezljivost 4G: Igrajte kjerkoli in kadarkoli. Napredna omre\u017ena podpora: 4G TD-LTE, FDD-LTE, 3G CDMA. Uradno: Oblikoval GPD za Win Max 2 in Win Max 2 2024 Model: Quectel EG25-G IMPORTANT INSTALATION REQUIRES OPENING DEVICE COMPONENTS ARE SMALL &amp; DELICATE WE ARE NOT RESPONSIBLE FOR ANY CUSTOMER DAMAGE Paket vklju\u010duje 1x GPD WIN MAX 2 4G LTE modul 3x vijaki 2x antene 1x kabel","twitter:image":"https:\/\/droix.eu\/wp-content\/uploads\/2024\/06\/droix-v2-light-logo.png"},"aioseo_meta_data":{"post_id":"523546","title":null,"description":null,"keywords":null,"keyphrases":null,"primary_term":null,"canonical_url":null,"og_title":null,"og_description":null,"og_object_type":"default","og_image_type":"default","og_image_url":null,"og_image_width":null,"og_image_height":null,"og_image_custom_url":null,"og_image_custom_fields":null,"og_video":null,"og_custom_url":null,"og_article_section":null,"og_article_tags":null,"twitter_use_og":true,"twitter_card":"default","twitter_image_type":"default","twitter_image_url":null,"twitter_image_custom_url":null,"twitter_image_custom_fields":null,"twitter_title":null,"twitter_description":null,"schema":{"blockGraphs":[],"customGraphs":[],"default":{"data":{"Article":[],"Course":[],"Dataset":[],"FAQPage":[],"Movie":[],"Person":[],"Product":[],"ProductReview":[],"Car":[],"Recipe":[],"Service":[],"SoftwareApplication":[],"WebPage":[]},"graphName":"","isEnabled":true},"graphs":[]},"schema_type":"default","schema_type_options":null,"pillar_content":false,"robots_default":true,"robots_noindex":false,"robots_noarchive":false,"robots_nosnippet":false,"robots_nofollow":false,"robots_noimageindex":false,"robots_noodp":false,"robots_notranslate":false,"robots_max_snippet":null,"robots_max_videopreview":null,"robots_max_imagepreview":"large","priority":null,"frequency":null,"local_seo":null,"seo_analyzer_scan_date":"2025-10-24 11:45:13","breadcrumb_settings":null,"limit_modified_date":false,"reviewed_by":null,"open_ai":null,"ai":null,"created":"2025-10-09 04:01:02","updated":"2026-01-24 09:04:07"},"aioseo_breadcrumb":"<div class=\"aioseo-breadcrumbs\"><span class=\"aioseo-breadcrumb\">\n\t<a href=\"https:\/\/droix.eu\/sl\/\" title=\"Home\">Home<\/a>\n<\/span><span class=\"aioseo-breadcrumb-separator\">&raquo;<\/span><span class=\"aioseo-breadcrumb\">\n\t<a href=\"https:\/\/droix.eu\/sl\/product-category\/dodatki\/\" title=\"Dodatki\">Dodatki<\/a>\n<\/span><span class=\"aioseo-breadcrumb-separator\">&raquo;<\/span><span class=\"aioseo-breadcrumb\">\n\t<a href=\"https:\/\/droix.eu\/sl\/product-category\/dodatki\/dodatki-za-prenosne-racunalnike\/\" title=\"Dodatki za prenosne ra\u010dunalnike\">Dodatki za prenosne ra\u010dunalnike<\/a>\n<\/span><span class=\"aioseo-breadcrumb-separator\">&raquo;<\/span><span class=\"aioseo-breadcrumb\">\n\tGPD WIN MAX 2 \/ 2024 4G LTE dodatek\n<\/span><\/div>","aioseo_breadcrumb_json":[{"label":"Home","link":"https:\/\/droix.eu\/sl\/"},{"label":"Dodatki","link":"https:\/\/droix.eu\/sl\/product-category\/dodatki\/"},{"label":"Dodatki za prenosne ra\u010dunalnike","link":"https:\/\/droix.eu\/sl\/product-category\/dodatki\/dodatki-za-prenosne-racunalnike\/"},{"label":"GPD WIN MAX 2 \/ 2024 4G LTE dodatek","link":"https:\/\/droix.eu\/sl\/product\/gpd-win-max-2-2024-4g-lte-dodatek\/"}],"_links":{"self":[{"href":"https:\/\/droix.eu\/sl\/wp-json\/wp\/v2\/product\/523546","targetHints":{"allow":["GET"]}}],"collection":[{"href":"https:\/\/droix.eu\/sl\/wp-json\/wp\/v2\/product"}],"about":[{"href":"https:\/\/droix.eu\/sl\/wp-json\/wp\/v2\/types\/product"}],"version-history":[{"count":0,"href":"https:\/\/droix.eu\/sl\/wp-json\/wp\/v2\/product\/523546\/revisions"}],"wp:featuredmedia":[{"embeddable":true,"href":"https:\/\/droix.eu\/sl\/wp-json\/wp\/v2\/media\/439058"}],"wp:attachment":[{"href":"https:\/\/droix.eu\/sl\/wp-json\/wp\/v2\/media?parent=523546"}],"wp:term":[{"taxonomy":"product_brand","embeddable":true,"href":"https:\/\/droix.eu\/sl\/wp-json\/wp\/v2\/product_brand?post=523546"},{"taxonomy":"product_cat","embeddable":true,"href":"https:\/\/droix.eu\/sl\/wp-json\/wp\/v2\/product_cat?post=523546"},{"taxonomy":"product_tag","embeddable":true,"href":"https:\/\/droix.eu\/sl\/wp-json\/wp\/v2\/product_tag?post=523546"},{"taxonomy":"woo-feed-brand","embeddable":true,"href":"https:\/\/droix.eu\/sl\/wp-json\/wp\/v2\/woo-feed-brand?post=523546"},{"taxonomy":"key-features","embeddable":true,"href":"https:\/\/droix.eu\/sl\/wp-json\/wp\/v2\/key-features?post=523546"}],"curies":[{"name":"wp","href":"https:\/\/api.w.org\/{rel}","templated":true}]}}