{"id":523540,"date":"2022-11-11T11:44:32","date_gmt":"2022-11-11T11:44:32","guid":{"rendered":"https:\/\/droix.eu\/product\/pokrovcki-za-oprijem-palca-z-zivalsko-temo\/"},"modified":"2026-03-28T08:31:06","modified_gmt":"2026-03-28T08:31:06","slug":"pokrovcki-za-oprijem-palca-z-zivalsko-temo","status":"publish","type":"product","link":"https:\/\/droix.eu\/sl\/product\/pokrovcki-za-oprijem-palca-z-zivalsko-temo\/","title":{"rendered":"Pokrov\u010dki za oprijem palca z \u017eivalsko temo"},"content":{"rendered":"&#13;\n<p>\u010cepice za oprijem palca s simpati\u010dno \u017eivalsko temo dodajo va\u0161i ro\u010dni konzoli sme\u0161nost in vitalnost, zaradi \u010desar je bolj privla\u010dna.Narejena je iz mehkega silikonskega materiala, ki lahko za\u0161\u010diti analogne palice pred praskami in umazanijo ter je zelo udobna na dotik!<\/p>&#13;\n&#13;\n<h5 class=\"wp-block-heading\">\u00a0<\/h5>&#13;\n&#13;\n<h5 class=\"wp-block-heading\">NI zdru\u017eljiv s PS4, Switch Pro ali Xbox One Controllerjem.<\/h5>&#13;\n","protected":false},"excerpt":{"rendered":"<ul>\n<li>Narejen je iz mehkega silikonskega materiala<\/li>\n<li>Za\u0161\u010dita analogne pali\u010dice<\/li>\n<li>Zelo prijetno na dotik<\/li>\n<li>Ni se lahko deformirati<\/li>\n<li>Nestrupeno in ne zlahka zbledi<\/li>\n<\/ul>\n[droix_global_accordions]\n","protected":false},"featured_media":702987,"template":"","meta":{"_acf_changed":false},"product_brand":[],"product_cat":[13256,13335],"product_tag":[],"woo-feed-brand":[],"key-features":[],"class_list":{"0":"post-523540","1":"product","2":"type-product","3":"status-publish","4":"has-post-thumbnail","6":"product_cat-dodatki","7":"product_cat-gaming-dodatki","8":"product_shipping_class-low-end","9":"pa_compatibility-ayaneo-2-sl","10":"pa_compatibility-ayaneo-2021-sl","11":"pa_compatibility-ayaneo-air-sl","12":"pa_compatibility-ayaneo-geek-sl","14":"first","15":"instock","16":"sale","17":"taxable","18":"shipping-taxable","19":"purchasable","20":"product-type-simple"},"acf":[],"aioseo_notices":[],"aioseo_head":"\n\t\t<!-- All in One SEO Pro 4.9.5.2 - aioseo.com -->\n\t<meta name=\"description\" content=\"Narejen je iz mehkega silikonskega materiala Za\u0161\u010dita analogne pali\u010dice Zelo prijetno na dotik Ni se lahko deformirati Nestrupeno in ne zlahka zbledi\" \/>\n\t<meta name=\"robots\" content=\"max-image-preview:large\" \/>\n\t<link rel=\"canonical\" href=\"https:\/\/droix.eu\/sl\/product\/pokrovcki-za-oprijem-palca-z-zivalsko-temo\/\" \/>\n\t<meta name=\"generator\" content=\"All in One SEO Pro (AIOSEO) 4.9.5.2\" \/>\n\t\t<meta property=\"og:locale\" content=\"sl_SI\" \/>\n\t\t<meta property=\"og:site_name\" content=\"DROIX EU - Get the latest Mini PCs, Ultrabook, PC Gaming Handhelds and more!\" \/>\n\t\t<meta property=\"og:type\" content=\"article\" \/>\n\t\t<meta property=\"og:title\" content=\"Pokrov\u010dki za oprijem palca z \u017eivalsko temo - DROIX EU\" \/>\n\t\t<meta property=\"og:description\" content=\"Narejen je iz mehkega silikonskega materiala Za\u0161\u010dita analogne pali\u010dice Zelo prijetno na dotik Ni se lahko deformirati Nestrupeno in ne zlahka zbledi\" \/>\n\t\t<meta property=\"og:url\" content=\"https:\/\/droix.eu\/sl\/product\/pokrovcki-za-oprijem-palca-z-zivalsko-temo\/\" \/>\n\t\t<meta property=\"og:image\" content=\"https:\/\/droix.eu\/wp-content\/uploads\/2024\/06\/droix-v2-light-logo.png\" \/>\n\t\t<meta property=\"og:image:secure_url\" content=\"https:\/\/droix.eu\/wp-content\/uploads\/2024\/06\/droix-v2-light-logo.png\" \/>\n\t\t<meta property=\"og:image:width\" content=\"380\" \/>\n\t\t<meta property=\"og:image:height\" content=\"118\" \/>\n\t\t<meta property=\"article:published_time\" content=\"2022-11-11T11:44:32+00:00\" \/>\n\t\t<meta property=\"article:modified_time\" content=\"2026-03-28T08:31:06+00:00\" \/>\n\t\t<meta property=\"article:publisher\" content=\"https:\/\/www.facebook.com\/DroiX.Store\" \/>\n\t\t<meta name=\"twitter:card\" content=\"summary_large_image\" \/>\n\t\t<meta name=\"twitter:site\" content=\"@DroiX_Store\" \/>\n\t\t<meta name=\"twitter:title\" content=\"Pokrov\u010dki za oprijem palca z \u017eivalsko temo - DROIX EU\" \/>\n\t\t<meta name=\"twitter:description\" content=\"Narejen je iz mehkega silikonskega materiala Za\u0161\u010dita analogne pali\u010dice Zelo prijetno na dotik Ni se lahko deformirati Nestrupeno in ne zlahka zbledi\" \/>\n\t\t<meta name=\"twitter:image\" content=\"https:\/\/droix.eu\/wp-content\/uploads\/2024\/06\/droix-v2-light-logo.png\" \/>\n\t\t<script type=\"application\/ld+json\" class=\"aioseo-schema\">\n\t\t\t{\"@context\":\"https:\\\/\\\/schema.org\",\"@graph\":[{\"@type\":\"BreadcrumbList\",\"@id\":\"https:\\\/\\\/droix.eu\\\/sl\\\/product\\\/pokrovcki-za-oprijem-palca-z-zivalsko-temo\\\/#breadcrumblist\",\"itemListElement\":[{\"@type\":\"ListItem\",\"@id\":\"https:\\\/\\\/droix.eu\\\/sl\\\/#listItem\",\"position\":1,\"name\":\"Home\",\"item\":\"https:\\\/\\\/droix.eu\\\/sl\\\/\",\"nextItem\":{\"@type\":\"ListItem\",\"@id\":\"https:\\\/\\\/droix.eu\\\/sl\\\/product-category\\\/dodatki\\\/#listItem\",\"name\":\"Dodatki\"}},{\"@type\":\"ListItem\",\"@id\":\"https:\\\/\\\/droix.eu\\\/sl\\\/product-category\\\/dodatki\\\/#listItem\",\"position\":2,\"name\":\"Dodatki\",\"item\":\"https:\\\/\\\/droix.eu\\\/sl\\\/product-category\\\/dodatki\\\/\",\"nextItem\":{\"@type\":\"ListItem\",\"@id\":\"https:\\\/\\\/droix.eu\\\/sl\\\/product-category\\\/dodatki\\\/gaming-dodatki\\\/#listItem\",\"name\":\"Gaming dodatki\"},\"previousItem\":{\"@type\":\"ListItem\",\"@id\":\"https:\\\/\\\/droix.eu\\\/sl\\\/#listItem\",\"name\":\"Home\"}},{\"@type\":\"ListItem\",\"@id\":\"https:\\\/\\\/droix.eu\\\/sl\\\/product-category\\\/dodatki\\\/gaming-dodatki\\\/#listItem\",\"position\":3,\"name\":\"Gaming dodatki\",\"item\":\"https:\\\/\\\/droix.eu\\\/sl\\\/product-category\\\/dodatki\\\/gaming-dodatki\\\/\",\"nextItem\":{\"@type\":\"ListItem\",\"@id\":\"https:\\\/\\\/droix.eu\\\/sl\\\/product\\\/pokrovcki-za-oprijem-palca-z-zivalsko-temo\\\/#listItem\",\"name\":\"Pokrov\\u010dki za oprijem palca z \\u017eivalsko temo\"},\"previousItem\":{\"@type\":\"ListItem\",\"@id\":\"https:\\\/\\\/droix.eu\\\/sl\\\/product-category\\\/dodatki\\\/#listItem\",\"name\":\"Dodatki\"}},{\"@type\":\"ListItem\",\"@id\":\"https:\\\/\\\/droix.eu\\\/sl\\\/product\\\/pokrovcki-za-oprijem-palca-z-zivalsko-temo\\\/#listItem\",\"position\":4,\"name\":\"Pokrov\\u010dki za oprijem palca z \\u017eivalsko temo\",\"previousItem\":{\"@type\":\"ListItem\",\"@id\":\"https:\\\/\\\/droix.eu\\\/sl\\\/product-category\\\/dodatki\\\/gaming-dodatki\\\/#listItem\",\"name\":\"Gaming dodatki\"}}]},{\"@type\":\"Organization\",\"@id\":\"https:\\\/\\\/droix.eu\\\/sl\\\/#organization\",\"name\":\"DroiX \\u2013 Trusted EU Tech Retailer with 12+ Years Experience\",\"description\":\"DroiX is a leading European technology retailer with over 12 years of experience, offering quality mini PCs, handheld gaming consoles, and tech accessories. We provide hassle-free EU delivery with all taxes included, ensuring a smooth and reliable shopping experience for our customers across Europe.\",\"url\":\"https:\\\/\\\/droix.eu\\\/sl\\\/\",\"logo\":{\"@type\":\"ImageObject\",\"url\":\"https:\\\/\\\/droix.eu\\\/wp-content\\\/uploads\\\/2024\\\/06\\\/droix-v2-light-logo.png\",\"@id\":\"https:\\\/\\\/droix.eu\\\/sl\\\/product\\\/pokrovcki-za-oprijem-palca-z-zivalsko-temo\\\/#organizationLogo\",\"width\":380,\"height\":118},\"image\":{\"@id\":\"https:\\\/\\\/droix.eu\\\/sl\\\/product\\\/pokrovcki-za-oprijem-palca-z-zivalsko-temo\\\/#organizationLogo\"},\"sameAs\":[\"https:\\\/\\\/www.facebook.com\\\/DroiX.Store\",\"https:\\\/\\\/twitter.com\\\/DroiX_Store\",\"https:\\\/\\\/www.instagram.com\\\/droix.store\\\/\",\"https:\\\/\\\/www.tiktok.com\\\/@droix.store\",\"https:\\\/\\\/www.youtube.com\\\/c\\\/DroiX_Store\",\"https:\\\/\\\/uk.linkedin.com\\\/company\\\/droix\"]},{\"@type\":\"Product\",\"@id\":\"https:\\\/\\\/droix.eu\\\/sl\\\/product\\\/pokrovcki-za-oprijem-palca-z-zivalsko-temo\\\/#wooCommerceProduct\",\"name\":\"Pokrov\\u010dki za oprijem palca z \\u017eivalsko temo\",\"description\":\"Narejen je iz mehkega silikonskega materiala\\n \\tZa\\u0161\\u010dita analogne pali\\u010dice\\n \\tZelo prijetno na dotik\\n \\tNi se lahko deformirati\\n \\tNestrupeno in ne zlahka zbledi\",\"url\":\"https:\\\/\\\/droix.eu\\\/sl\\\/product\\\/pokrovcki-za-oprijem-palca-z-zivalsko-temo\\\/\",\"sku\":\"ANIMAL-THUMB-STICK-CAPS\",\"gtin\":\"5060763673601\",\"image\":{\"@type\":\"ImageObject\",\"url\":\"https:\\\/\\\/droix.eu\\\/wp-content\\\/uploads\\\/2022\\\/11\\\/ANIMAL-THUMB-STICK-CAPS-IMAGE-1.png\",\"@id\":\"https:\\\/\\\/droix.eu\\\/sl\\\/product\\\/pokrovcki-za-oprijem-palca-z-zivalsko-temo\\\/#productImage\",\"width\":900,\"height\":1200},\"offers\":{\"@type\":\"Offer\",\"url\":\"https:\\\/\\\/droix.eu\\\/sl\\\/product\\\/pokrovcki-za-oprijem-palca-z-zivalsko-temo\\\/#wooCommerceOffer\",\"price\":12.24,\"priceCurrency\":\"EUR\",\"category\":\"Dodatki\",\"availability\":\"https:\\\/\\\/schema.org\\\/InStock\",\"priceSpecification\":{\"@type\":\"PriceSpecification\",\"price\":12.24,\"priceCurrency\":\"EUR\",\"valueAddedTaxIncluded\":\"true\"},\"seller\":{\"@type\":\"Organization\",\"@id\":\"https:\\\/\\\/droix.eu\\\/sl\\\/#organization\"}}},{\"@type\":\"WebPage\",\"@id\":\"https:\\\/\\\/droix.eu\\\/sl\\\/product\\\/pokrovcki-za-oprijem-palca-z-zivalsko-temo\\\/#webpage\",\"url\":\"https:\\\/\\\/droix.eu\\\/sl\\\/product\\\/pokrovcki-za-oprijem-palca-z-zivalsko-temo\\\/\",\"name\":\"Pokrov\\u010dki za oprijem palca z \\u017eivalsko temo - DROIX EU\",\"description\":\"Narejen je iz mehkega silikonskega materiala Za\\u0161\\u010dita analogne pali\\u010dice Zelo prijetno na dotik Ni se lahko deformirati Nestrupeno in ne zlahka zbledi\",\"inLanguage\":\"sl-SI\",\"isPartOf\":{\"@id\":\"https:\\\/\\\/droix.eu\\\/sl\\\/#website\"},\"breadcrumb\":{\"@id\":\"https:\\\/\\\/droix.eu\\\/sl\\\/product\\\/pokrovcki-za-oprijem-palca-z-zivalsko-temo\\\/#breadcrumblist\"},\"image\":{\"@type\":\"ImageObject\",\"url\":\"https:\\\/\\\/droix.eu\\\/wp-content\\\/uploads\\\/2022\\\/11\\\/ANIMAL-THUMB-STICK-CAPS-IMAGE-1.png\",\"@id\":\"https:\\\/\\\/droix.eu\\\/sl\\\/product\\\/pokrovcki-za-oprijem-palca-z-zivalsko-temo\\\/#mainImage\",\"width\":900,\"height\":1200},\"primaryImageOfPage\":{\"@id\":\"https:\\\/\\\/droix.eu\\\/sl\\\/product\\\/pokrovcki-za-oprijem-palca-z-zivalsko-temo\\\/#mainImage\"},\"datePublished\":\"2022-11-11T11:44:32+00:00\",\"dateModified\":\"2026-03-28T08:31:06+00:00\"},{\"@type\":\"WebSite\",\"@id\":\"https:\\\/\\\/droix.eu\\\/sl\\\/#website\",\"url\":\"https:\\\/\\\/droix.eu\\\/sl\\\/\",\"name\":\"DROIX EU\",\"description\":\"Get the latest Mini PCs, Ultrabook, PC Gaming Handhelds and more!\",\"inLanguage\":\"sl-SI\",\"publisher\":{\"@id\":\"https:\\\/\\\/droix.eu\\\/sl\\\/#organization\"}}]}\n\t\t<\/script>\n\t\t<!-- All in One SEO Pro -->\r\n\t\t<title>Pokrov\u010dki za oprijem palca z \u017eivalsko temo - DROIX EU<\/title>\n\n","aioseo_head_json":{"title":"Pokrov\u010dki za oprijem palca z \u017eivalsko temo - DROIX EU","description":"Narejen je iz mehkega silikonskega materiala Za\u0161\u010dita analogne pali\u010dice Zelo prijetno na dotik Ni se lahko deformirati Nestrupeno in ne zlahka zbledi","canonical_url":"https:\/\/droix.eu\/sl\/product\/pokrovcki-za-oprijem-palca-z-zivalsko-temo\/","robots":"max-image-preview:large","keywords":"","webmasterTools":{"miscellaneous":""},"schema":{"@context":"https:\/\/schema.org","@graph":[{"@type":"BreadcrumbList","@id":"https:\/\/droix.eu\/sl\/product\/pokrovcki-za-oprijem-palca-z-zivalsko-temo\/#breadcrumblist","itemListElement":[{"@type":"ListItem","@id":"https:\/\/droix.eu\/sl\/#listItem","position":1,"name":"Home","item":"https:\/\/droix.eu\/sl\/","nextItem":{"@type":"ListItem","@id":"https:\/\/droix.eu\/sl\/product-category\/dodatki\/#listItem","name":"Dodatki"}},{"@type":"ListItem","@id":"https:\/\/droix.eu\/sl\/product-category\/dodatki\/#listItem","position":2,"name":"Dodatki","item":"https:\/\/droix.eu\/sl\/product-category\/dodatki\/","nextItem":{"@type":"ListItem","@id":"https:\/\/droix.eu\/sl\/product-category\/dodatki\/gaming-dodatki\/#listItem","name":"Gaming dodatki"},"previousItem":{"@type":"ListItem","@id":"https:\/\/droix.eu\/sl\/#listItem","name":"Home"}},{"@type":"ListItem","@id":"https:\/\/droix.eu\/sl\/product-category\/dodatki\/gaming-dodatki\/#listItem","position":3,"name":"Gaming dodatki","item":"https:\/\/droix.eu\/sl\/product-category\/dodatki\/gaming-dodatki\/","nextItem":{"@type":"ListItem","@id":"https:\/\/droix.eu\/sl\/product\/pokrovcki-za-oprijem-palca-z-zivalsko-temo\/#listItem","name":"Pokrov\u010dki za oprijem palca z \u017eivalsko temo"},"previousItem":{"@type":"ListItem","@id":"https:\/\/droix.eu\/sl\/product-category\/dodatki\/#listItem","name":"Dodatki"}},{"@type":"ListItem","@id":"https:\/\/droix.eu\/sl\/product\/pokrovcki-za-oprijem-palca-z-zivalsko-temo\/#listItem","position":4,"name":"Pokrov\u010dki za oprijem palca z \u017eivalsko temo","previousItem":{"@type":"ListItem","@id":"https:\/\/droix.eu\/sl\/product-category\/dodatki\/gaming-dodatki\/#listItem","name":"Gaming dodatki"}}]},{"@type":"Organization","@id":"https:\/\/droix.eu\/sl\/#organization","name":"DroiX \u2013 Trusted EU Tech Retailer with 12+ Years Experience","description":"DroiX is a leading European technology retailer with over 12 years of experience, offering quality mini PCs, handheld gaming consoles, and tech accessories. We provide hassle-free EU delivery with all taxes included, ensuring a smooth and reliable shopping experience for our customers across Europe.","url":"https:\/\/droix.eu\/sl\/","logo":{"@type":"ImageObject","url":"https:\/\/droix.eu\/wp-content\/uploads\/2024\/06\/droix-v2-light-logo.png","@id":"https:\/\/droix.eu\/sl\/product\/pokrovcki-za-oprijem-palca-z-zivalsko-temo\/#organizationLogo","width":380,"height":118},"image":{"@id":"https:\/\/droix.eu\/sl\/product\/pokrovcki-za-oprijem-palca-z-zivalsko-temo\/#organizationLogo"},"sameAs":["https:\/\/www.facebook.com\/DroiX.Store","https:\/\/twitter.com\/DroiX_Store","https:\/\/www.instagram.com\/droix.store\/","https:\/\/www.tiktok.com\/@droix.store","https:\/\/www.youtube.com\/c\/DroiX_Store","https:\/\/uk.linkedin.com\/company\/droix"]},{"@type":"Product","@id":"https:\/\/droix.eu\/sl\/product\/pokrovcki-za-oprijem-palca-z-zivalsko-temo\/#wooCommerceProduct","name":"Pokrov\u010dki za oprijem palca z \u017eivalsko temo","description":"Narejen je iz mehkega silikonskega materiala\n \tZa\u0161\u010dita analogne pali\u010dice\n \tZelo prijetno na dotik\n \tNi se lahko deformirati\n \tNestrupeno in ne zlahka zbledi","url":"https:\/\/droix.eu\/sl\/product\/pokrovcki-za-oprijem-palca-z-zivalsko-temo\/","sku":"ANIMAL-THUMB-STICK-CAPS","gtin":"5060763673601","image":{"@type":"ImageObject","url":"https:\/\/droix.eu\/wp-content\/uploads\/2022\/11\/ANIMAL-THUMB-STICK-CAPS-IMAGE-1.png","@id":"https:\/\/droix.eu\/sl\/product\/pokrovcki-za-oprijem-palca-z-zivalsko-temo\/#productImage","width":900,"height":1200},"offers":{"@type":"Offer","url":"https:\/\/droix.eu\/sl\/product\/pokrovcki-za-oprijem-palca-z-zivalsko-temo\/#wooCommerceOffer","price":12.24,"priceCurrency":"EUR","category":"Dodatki","availability":"https:\/\/schema.org\/InStock","priceSpecification":{"@type":"PriceSpecification","price":12.24,"priceCurrency":"EUR","valueAddedTaxIncluded":"true"},"seller":{"@type":"Organization","@id":"https:\/\/droix.eu\/sl\/#organization"}}},{"@type":"WebPage","@id":"https:\/\/droix.eu\/sl\/product\/pokrovcki-za-oprijem-palca-z-zivalsko-temo\/#webpage","url":"https:\/\/droix.eu\/sl\/product\/pokrovcki-za-oprijem-palca-z-zivalsko-temo\/","name":"Pokrov\u010dki za oprijem palca z \u017eivalsko temo - DROIX EU","description":"Narejen je iz mehkega silikonskega materiala Za\u0161\u010dita analogne pali\u010dice Zelo prijetno na dotik Ni se lahko deformirati Nestrupeno in ne zlahka zbledi","inLanguage":"sl-SI","isPartOf":{"@id":"https:\/\/droix.eu\/sl\/#website"},"breadcrumb":{"@id":"https:\/\/droix.eu\/sl\/product\/pokrovcki-za-oprijem-palca-z-zivalsko-temo\/#breadcrumblist"},"image":{"@type":"ImageObject","url":"https:\/\/droix.eu\/wp-content\/uploads\/2022\/11\/ANIMAL-THUMB-STICK-CAPS-IMAGE-1.png","@id":"https:\/\/droix.eu\/sl\/product\/pokrovcki-za-oprijem-palca-z-zivalsko-temo\/#mainImage","width":900,"height":1200},"primaryImageOfPage":{"@id":"https:\/\/droix.eu\/sl\/product\/pokrovcki-za-oprijem-palca-z-zivalsko-temo\/#mainImage"},"datePublished":"2022-11-11T11:44:32+00:00","dateModified":"2026-03-28T08:31:06+00:00"},{"@type":"WebSite","@id":"https:\/\/droix.eu\/sl\/#website","url":"https:\/\/droix.eu\/sl\/","name":"DROIX EU","description":"Get the latest Mini PCs, Ultrabook, PC Gaming Handhelds and more!","inLanguage":"sl-SI","publisher":{"@id":"https:\/\/droix.eu\/sl\/#organization"}}]},"og:locale":"sl_SI","og:site_name":"DROIX EU - Get the latest Mini PCs, Ultrabook, PC Gaming Handhelds and more!","og:type":"article","og:title":"Pokrov\u010dki za oprijem palca z \u017eivalsko temo - DROIX EU","og:description":"Narejen je iz mehkega silikonskega materiala Za\u0161\u010dita analogne pali\u010dice Zelo prijetno na dotik Ni se lahko deformirati Nestrupeno in ne zlahka zbledi","og:url":"https:\/\/droix.eu\/sl\/product\/pokrovcki-za-oprijem-palca-z-zivalsko-temo\/","og:image":"https:\/\/droix.eu\/wp-content\/uploads\/2024\/06\/droix-v2-light-logo.png","og:image:secure_url":"https:\/\/droix.eu\/wp-content\/uploads\/2024\/06\/droix-v2-light-logo.png","og:image:width":380,"og:image:height":118,"article:published_time":"2022-11-11T11:44:32+00:00","article:modified_time":"2026-03-28T08:31:06+00:00","article:publisher":"https:\/\/www.facebook.com\/DroiX.Store","twitter:card":"summary_large_image","twitter:site":"@DroiX_Store","twitter:title":"Pokrov\u010dki za oprijem palca z \u017eivalsko temo - DROIX EU","twitter:description":"Narejen je iz mehkega silikonskega materiala Za\u0161\u010dita analogne pali\u010dice Zelo prijetno na dotik Ni se lahko deformirati Nestrupeno in ne zlahka zbledi","twitter:image":"https:\/\/droix.eu\/wp-content\/uploads\/2024\/06\/droix-v2-light-logo.png"},"aioseo_meta_data":{"post_id":"523540","title":null,"description":null,"keywords":null,"keyphrases":{"focus":{"keyphrase":"","score":0,"analysis":{"keyphraseInTitle":{"score":0,"maxScore":9,"error":1}}},"additional":[]},"primary_term":null,"canonical_url":null,"og_title":null,"og_description":null,"og_object_type":"default","og_image_type":"default","og_image_url":null,"og_image_width":null,"og_image_height":null,"og_image_custom_url":null,"og_image_custom_fields":null,"og_video":"","og_custom_url":null,"og_article_section":null,"og_article_tags":null,"twitter_use_og":true,"twitter_card":"default","twitter_image_type":"default","twitter_image_url":null,"twitter_image_custom_url":null,"twitter_image_custom_fields":null,"twitter_title":null,"twitter_description":null,"schema":{"blockGraphs":[],"customGraphs":[],"default":{"data":{"Article":[],"Course":[],"Dataset":[],"FAQPage":[],"Movie":[],"Person":[],"Product":[],"ProductReview":[],"Car":[],"Recipe":[],"Service":[],"SoftwareApplication":[],"WebPage":[]},"graphName":"Product","isEnabled":true},"graphs":[]},"schema_type":"default","schema_type_options":null,"pillar_content":false,"robots_default":true,"robots_noindex":false,"robots_noarchive":false,"robots_nosnippet":false,"robots_nofollow":false,"robots_noimageindex":false,"robots_noodp":false,"robots_notranslate":false,"robots_max_snippet":"-1","robots_max_videopreview":"-1","robots_max_imagepreview":"large","priority":null,"frequency":"default","local_seo":null,"seo_analyzer_scan_date":null,"breadcrumb_settings":null,"limit_modified_date":false,"reviewed_by":null,"open_ai":null,"ai":{"faqs":[],"keyPoints":[],"titles":[],"descriptions":[],"socialPosts":{"email":[],"linkedin":[],"twitter":[],"facebook":[],"instagram":[]}},"created":"2025-10-09 04:02:58","updated":"2026-03-28 11:23:49"},"aioseo_breadcrumb":"<div class=\"aioseo-breadcrumbs\"><span class=\"aioseo-breadcrumb\">\n\t<a href=\"https:\/\/droix.eu\/sl\/\" title=\"Home\">Home<\/a>\n<\/span><span class=\"aioseo-breadcrumb-separator\">&raquo;<\/span><span class=\"aioseo-breadcrumb\">\n\t<a href=\"https:\/\/droix.eu\/sl\/product-category\/dodatki\/\" title=\"Dodatki\">Dodatki<\/a>\n<\/span><span class=\"aioseo-breadcrumb-separator\">&raquo;<\/span><span class=\"aioseo-breadcrumb\">\n\t<a href=\"https:\/\/droix.eu\/sl\/product-category\/dodatki\/gaming-dodatki\/\" title=\"Gaming dodatki\">Gaming dodatki<\/a>\n<\/span><span class=\"aioseo-breadcrumb-separator\">&raquo;<\/span><span class=\"aioseo-breadcrumb\">\n\tPokrov\u010dki za oprijem palca z \u017eivalsko temo\n<\/span><\/div>","aioseo_breadcrumb_json":[{"label":"Home","link":"https:\/\/droix.eu\/sl\/"},{"label":"Dodatki","link":"https:\/\/droix.eu\/sl\/product-category\/dodatki\/"},{"label":"Gaming dodatki","link":"https:\/\/droix.eu\/sl\/product-category\/dodatki\/gaming-dodatki\/"},{"label":"Pokrov\u010dki za oprijem palca z \u017eivalsko temo","link":"https:\/\/droix.eu\/sl\/product\/pokrovcki-za-oprijem-palca-z-zivalsko-temo\/"}],"_links":{"self":[{"href":"https:\/\/droix.eu\/sl\/wp-json\/wp\/v2\/product\/523540","targetHints":{"allow":["GET"]}}],"collection":[{"href":"https:\/\/droix.eu\/sl\/wp-json\/wp\/v2\/product"}],"about":[{"href":"https:\/\/droix.eu\/sl\/wp-json\/wp\/v2\/types\/product"}],"version-history":[{"count":0,"href":"https:\/\/droix.eu\/sl\/wp-json\/wp\/v2\/product\/523540\/revisions"}],"wp:featuredmedia":[{"embeddable":true,"href":"https:\/\/droix.eu\/sl\/wp-json\/wp\/v2\/media\/702987"}],"wp:attachment":[{"href":"https:\/\/droix.eu\/sl\/wp-json\/wp\/v2\/media?parent=523540"}],"wp:term":[{"taxonomy":"product_brand","embeddable":true,"href":"https:\/\/droix.eu\/sl\/wp-json\/wp\/v2\/product_brand?post=523540"},{"taxonomy":"product_cat","embeddable":true,"href":"https:\/\/droix.eu\/sl\/wp-json\/wp\/v2\/product_cat?post=523540"},{"taxonomy":"product_tag","embeddable":true,"href":"https:\/\/droix.eu\/sl\/wp-json\/wp\/v2\/product_tag?post=523540"},{"taxonomy":"woo-feed-brand","embeddable":true,"href":"https:\/\/droix.eu\/sl\/wp-json\/wp\/v2\/woo-feed-brand?post=523540"},{"taxonomy":"key-features","embeddable":true,"href":"https:\/\/droix.eu\/sl\/wp-json\/wp\/v2\/key-features?post=523540"}],"curies":[{"name":"wp","href":"https:\/\/api.w.org\/{rel}","templated":true}]}}