{"id":518949,"date":"2023-05-25T09:22:48","date_gmt":"2023-05-25T09:22:48","guid":{"rendered":"https:\/\/droix.eu\/product\/gpd-win-4-ohisje-s-trdim-ohisjem\/"},"modified":"2026-01-22T14:38:23","modified_gmt":"2026-01-22T14:38:23","slug":"gpd-win-4-ohisje-s-trdim-ohisjem","status":"publish","type":"product","link":"https:\/\/droix.eu\/sl\/product\/gpd-win-4-ohisje-s-trdim-ohisjem\/","title":{"rendered":"GPD WIN 4 ohi\u0161je s trdim ohi\u0161jem"},"content":{"rendered":"<p><strong>GPD WIN 4 so<\/strong> zmogljivi prenosni igralni ra\u010dunalniki, ki so zasnovani tako, da omogo\u010dajo poglobljeno igralno izku\u0161njo na poti. Za za\u0161\u010dito teh vrhunskih naprav pred praskami, udarci in drugimi zunanjimi po\u0161kodbami  <strong>za\u0161\u010ditno ohi\u0161je s trdno lupino<\/strong>  je potrebno. Za\u0161\u010ditni ovitek GPD WIN 4 je trpe\u017een, lahek in eleganten ovitek, ki je posebej zasnovan za te igralne dlan\u010dnike. Ohi\u0161je je izdelano iz visokokakovostnih materialov, kot sta polikarbonat in plastika ABS, ki zagotavljata vrhunsko za\u0161\u010dito pred udarci, praskami in drugimi zunanjimi po\u0161kodbami . notranjost ohi\u0161ja je oblo\u017eena z mehko in gladko tkanino, ki zagotavlja dodatno za\u0161\u010dito pred praskami in prahom. Ovitek ima tudi varno zapiranje z zadrgo, ki zagotavlja, da ro\u010dni ra\u010dunalnik med prevozom ostane na svojem mestu.<\/p>\n","protected":false},"excerpt":{"rendered":"<ul>\n<li><strong>Uradni<\/strong> za\u0161\u010ditni etui <strong>GPD<\/strong> za GPD WIN 4<\/li>\n<li><strong>Trajna<\/strong> zunanja lupina iz sinteti\u010dnega polimera<\/li>\n<li>Mehka podloga iz tkanine za <strong>dodatno za\u0161\u010dito<\/strong>.<\/li>\n<li><strong>Lo\u010den predal za<\/strong> periferne naprave.<\/li>\n<li>Elegantna zasnova z varnim zapiranjem z zadrgo.<\/li>\n<\/ul>\n<p>[droix_global_accordions]<br \/>\n[cg_accordion title=\"Paket vklju\u010duje\"]<\/p>\n<ul>\n<li>1x trdo ohi\u0161je GPD WIN 4<\/li>\n<\/ul>\n<p>[\/cg_accordion]<\/p>\n","protected":false},"featured_media":409306,"template":"","meta":{"_acf_changed":false},"product_brand":[],"product_cat":[13256,13335],"product_tag":[],"woo-feed-brand":[2198],"key-features":[],"class_list":{"0":"post-518949","1":"product","2":"type-product","3":"status-publish","4":"has-post-thumbnail","6":"product_cat-dodatki","7":"product_cat-gaming-dodatki","8":"product_shipping_class-low-end","9":"pa_accessory-type-protective-case","10":"pa_brands-gpd-sl","11":"woo-feed-brand-gpd","13":"first","14":"outofstock","15":"sale","16":"taxable","17":"shipping-taxable","18":"purchasable","19":"product-type-simple"},"acf":[],"aioseo_notices":[],"aioseo_head":"\n\t\t<!-- All in One SEO Pro 4.9.6.2 - aioseo.com -->\n\t<meta name=\"description\" content=\"Uradni za\u0161\u010ditni etui GPD za GPD WIN 4 Trajna zunanja lupina iz sinteti\u010dnega polimera Mehka podloga iz tkanine za dodatno za\u0161\u010dito. Lo\u010den predal za periferne naprave. Elegantna zasnova z varnim zapiranjem z zadrgo. Paket vklju\u010duje 1x trdo ohi\u0161je GPD WIN 4\" \/>\n\t<meta name=\"robots\" content=\"max-image-preview:large\" \/>\n\t<link rel=\"canonical\" href=\"https:\/\/droix.eu\/sl\/product\/gpd-win-4-ohisje-s-trdim-ohisjem\/\" \/>\n\t<meta name=\"generator\" content=\"All in One SEO Pro (AIOSEO) 4.9.6.2\" \/>\n\t\t<meta property=\"og:locale\" content=\"sl_SI\" \/>\n\t\t<meta property=\"og:site_name\" content=\"DROIX EU - Get the latest Mini PCs, Ultrabook, PC Gaming Handhelds and more!\" \/>\n\t\t<meta property=\"og:type\" content=\"article\" \/>\n\t\t<meta property=\"og:title\" content=\"GPD WIN 4 ohi\u0161je s trdim ohi\u0161jem - DROIX EU\" \/>\n\t\t<meta property=\"og:description\" content=\"Uradni za\u0161\u010ditni etui GPD za GPD WIN 4 Trajna zunanja lupina iz sinteti\u010dnega polimera Mehka podloga iz tkanine za dodatno za\u0161\u010dito. Lo\u010den predal za periferne naprave. Elegantna zasnova z varnim zapiranjem z zadrgo. Paket vklju\u010duje 1x trdo ohi\u0161je GPD WIN 4\" \/>\n\t\t<meta property=\"og:url\" content=\"https:\/\/droix.eu\/sl\/product\/gpd-win-4-ohisje-s-trdim-ohisjem\/\" \/>\n\t\t<meta property=\"og:image\" content=\"https:\/\/droix.eu\/wp-content\/uploads\/2024\/06\/droix-v2-light-logo.png\" \/>\n\t\t<meta property=\"og:image:secure_url\" content=\"https:\/\/droix.eu\/wp-content\/uploads\/2024\/06\/droix-v2-light-logo.png\" \/>\n\t\t<meta property=\"og:image:width\" content=\"380\" \/>\n\t\t<meta property=\"og:image:height\" content=\"118\" \/>\n\t\t<meta property=\"article:published_time\" content=\"2023-05-25T09:22:48+00:00\" \/>\n\t\t<meta property=\"article:modified_time\" content=\"2026-01-22T14:38:23+00:00\" \/>\n\t\t<meta property=\"article:publisher\" content=\"https:\/\/www.facebook.com\/DroiX.Store\" \/>\n\t\t<meta name=\"twitter:card\" content=\"summary_large_image\" \/>\n\t\t<meta name=\"twitter:site\" content=\"@DroiX_Store\" \/>\n\t\t<meta name=\"twitter:title\" content=\"GPD WIN 4 ohi\u0161je s trdim ohi\u0161jem - DROIX EU\" \/>\n\t\t<meta name=\"twitter:description\" content=\"Uradni za\u0161\u010ditni etui GPD za GPD WIN 4 Trajna zunanja lupina iz sinteti\u010dnega polimera Mehka podloga iz tkanine za dodatno za\u0161\u010dito. Lo\u010den predal za periferne naprave. Elegantna zasnova z varnim zapiranjem z zadrgo. Paket vklju\u010duje 1x trdo ohi\u0161je GPD WIN 4\" \/>\n\t\t<meta name=\"twitter:image\" content=\"https:\/\/droix.eu\/wp-content\/uploads\/2024\/06\/droix-v2-light-logo.png\" \/>\n\t\t<script type=\"application\/ld+json\" class=\"aioseo-schema\">\n\t\t\t{\"@context\":\"https:\\\/\\\/schema.org\",\"@graph\":[{\"@type\":\"BreadcrumbList\",\"@id\":\"https:\\\/\\\/droix.eu\\\/sl\\\/product\\\/gpd-win-4-ohisje-s-trdim-ohisjem\\\/#breadcrumblist\",\"itemListElement\":[{\"@type\":\"ListItem\",\"@id\":\"https:\\\/\\\/droix.eu\\\/sl\\\/#listItem\",\"position\":1,\"name\":\"Home\",\"item\":\"https:\\\/\\\/droix.eu\\\/sl\\\/\",\"nextItem\":{\"@type\":\"ListItem\",\"@id\":\"https:\\\/\\\/droix.eu\\\/sl\\\/product-category\\\/dodatki\\\/#listItem\",\"name\":\"Dodatki\"}},{\"@type\":\"ListItem\",\"@id\":\"https:\\\/\\\/droix.eu\\\/sl\\\/product-category\\\/dodatki\\\/#listItem\",\"position\":2,\"name\":\"Dodatki\",\"item\":\"https:\\\/\\\/droix.eu\\\/sl\\\/product-category\\\/dodatki\\\/\",\"nextItem\":{\"@type\":\"ListItem\",\"@id\":\"https:\\\/\\\/droix.eu\\\/sl\\\/product-category\\\/dodatki\\\/gaming-dodatki\\\/#listItem\",\"name\":\"Gaming dodatki\"},\"previousItem\":{\"@type\":\"ListItem\",\"@id\":\"https:\\\/\\\/droix.eu\\\/sl\\\/#listItem\",\"name\":\"Home\"}},{\"@type\":\"ListItem\",\"@id\":\"https:\\\/\\\/droix.eu\\\/sl\\\/product-category\\\/dodatki\\\/gaming-dodatki\\\/#listItem\",\"position\":3,\"name\":\"Gaming dodatki\",\"item\":\"https:\\\/\\\/droix.eu\\\/sl\\\/product-category\\\/dodatki\\\/gaming-dodatki\\\/\",\"nextItem\":{\"@type\":\"ListItem\",\"@id\":\"https:\\\/\\\/droix.eu\\\/sl\\\/product\\\/gpd-win-4-ohisje-s-trdim-ohisjem\\\/#listItem\",\"name\":\"GPD WIN 4 ohi\\u0161je s trdim ohi\\u0161jem\"},\"previousItem\":{\"@type\":\"ListItem\",\"@id\":\"https:\\\/\\\/droix.eu\\\/sl\\\/product-category\\\/dodatki\\\/#listItem\",\"name\":\"Dodatki\"}},{\"@type\":\"ListItem\",\"@id\":\"https:\\\/\\\/droix.eu\\\/sl\\\/product\\\/gpd-win-4-ohisje-s-trdim-ohisjem\\\/#listItem\",\"position\":4,\"name\":\"GPD WIN 4 ohi\\u0161je s trdim ohi\\u0161jem\",\"previousItem\":{\"@type\":\"ListItem\",\"@id\":\"https:\\\/\\\/droix.eu\\\/sl\\\/product-category\\\/dodatki\\\/gaming-dodatki\\\/#listItem\",\"name\":\"Gaming dodatki\"}}]},{\"@type\":\"Organization\",\"@id\":\"https:\\\/\\\/droix.eu\\\/sl\\\/#organization\",\"name\":\"DroiX \\u2013 Trusted EU Tech Retailer with 12+ Years Experience\",\"description\":\"DroiX is a leading European technology retailer with over 12 years of experience, offering quality mini PCs, handheld gaming consoles, and tech accessories. We provide hassle-free EU delivery with all taxes included, ensuring a smooth and reliable shopping experience for our customers across Europe.\",\"url\":\"https:\\\/\\\/droix.eu\\\/sl\\\/\",\"logo\":{\"@type\":\"ImageObject\",\"url\":\"https:\\\/\\\/droix.eu\\\/wp-content\\\/uploads\\\/2024\\\/06\\\/droix-v2-light-logo.png\",\"@id\":\"https:\\\/\\\/droix.eu\\\/sl\\\/product\\\/gpd-win-4-ohisje-s-trdim-ohisjem\\\/#organizationLogo\",\"width\":380,\"height\":118},\"image\":{\"@id\":\"https:\\\/\\\/droix.eu\\\/sl\\\/product\\\/gpd-win-4-ohisje-s-trdim-ohisjem\\\/#organizationLogo\"},\"sameAs\":[\"https:\\\/\\\/www.facebook.com\\\/DroiX.Store\",\"https:\\\/\\\/twitter.com\\\/DroiX_Store\",\"https:\\\/\\\/www.instagram.com\\\/droix.store\\\/\",\"https:\\\/\\\/www.tiktok.com\\\/@droix.store\",\"https:\\\/\\\/www.youtube.com\\\/c\\\/DroiX_Store\",\"https:\\\/\\\/uk.linkedin.com\\\/company\\\/droix\"]},{\"@type\":\"Product\",\"@id\":\"https:\\\/\\\/droix.eu\\\/sl\\\/product\\\/gpd-win-4-ohisje-s-trdim-ohisjem\\\/#wooCommerceProduct\",\"name\":\"GPD WIN 4 ohi\\u0161je s trdim ohi\\u0161jem\",\"description\":\"Uradni za\\u0161\\u010ditni etui GPD za GPD WIN 4\\n \\tTrajna zunanja lupina iz sinteti\\u010dnega polimera\\n \\tMehka podloga iz tkanine za dodatno za\\u0161\\u010dito.\\n \\tLo\\u010den predal za periferne naprave.\\n \\tElegantna zasnova z varnim zapiranjem z zadrgo.\",\"url\":\"https:\\\/\\\/droix.eu\\\/sl\\\/product\\\/gpd-win-4-ohisje-s-trdim-ohisjem\\\/\",\"sku\":\"GPD-WIN_4-CASE\",\"gtin\":\"5060763675322\",\"image\":{\"@type\":\"ImageObject\",\"url\":\"https:\\\/\\\/droix.eu\\\/wp-content\\\/uploads\\\/2023\\\/05\\\/51y5P54tgzLready-gpd-4.png\",\"@id\":\"https:\\\/\\\/droix.eu\\\/sl\\\/product\\\/gpd-win-4-ohisje-s-trdim-ohisjem\\\/#productImage\",\"width\":1000,\"height\":1000},\"offers\":{\"@type\":\"Offer\",\"url\":\"https:\\\/\\\/droix.eu\\\/sl\\\/product\\\/gpd-win-4-ohisje-s-trdim-ohisjem\\\/#wooCommerceOffer\",\"price\":27,\"priceCurrency\":\"EUR\",\"category\":\"Dodatki\",\"availability\":\"https:\\\/\\\/schema.org\\\/OutOfStock\",\"priceSpecification\":{\"@type\":\"PriceSpecification\",\"price\":27,\"priceCurrency\":\"EUR\",\"valueAddedTaxIncluded\":\"true\"},\"seller\":{\"@type\":\"Organization\",\"@id\":\"https:\\\/\\\/droix.eu\\\/sl\\\/#organization\"}}},{\"@type\":\"WebPage\",\"@id\":\"https:\\\/\\\/droix.eu\\\/sl\\\/product\\\/gpd-win-4-ohisje-s-trdim-ohisjem\\\/#webpage\",\"url\":\"https:\\\/\\\/droix.eu\\\/sl\\\/product\\\/gpd-win-4-ohisje-s-trdim-ohisjem\\\/\",\"name\":\"GPD WIN 4 ohi\\u0161je s trdim ohi\\u0161jem - DROIX EU\",\"description\":\"Uradni za\\u0161\\u010ditni etui GPD za GPD WIN 4 Trajna zunanja lupina iz sinteti\\u010dnega polimera Mehka podloga iz tkanine za dodatno za\\u0161\\u010dito. Lo\\u010den predal za periferne naprave. Elegantna zasnova z varnim zapiranjem z zadrgo. Paket vklju\\u010duje 1x trdo ohi\\u0161je GPD WIN 4\",\"inLanguage\":\"sl-SI\",\"isPartOf\":{\"@id\":\"https:\\\/\\\/droix.eu\\\/sl\\\/#website\"},\"breadcrumb\":{\"@id\":\"https:\\\/\\\/droix.eu\\\/sl\\\/product\\\/gpd-win-4-ohisje-s-trdim-ohisjem\\\/#breadcrumblist\"},\"image\":{\"@type\":\"ImageObject\",\"url\":\"https:\\\/\\\/droix.eu\\\/wp-content\\\/uploads\\\/2023\\\/05\\\/51y5P54tgzLready-gpd-4.png\",\"@id\":\"https:\\\/\\\/droix.eu\\\/sl\\\/product\\\/gpd-win-4-ohisje-s-trdim-ohisjem\\\/#mainImage\",\"width\":1000,\"height\":1000},\"primaryImageOfPage\":{\"@id\":\"https:\\\/\\\/droix.eu\\\/sl\\\/product\\\/gpd-win-4-ohisje-s-trdim-ohisjem\\\/#mainImage\"},\"datePublished\":\"2023-05-25T09:22:48+01:00\",\"dateModified\":\"2026-01-22T14:38:23+00:00\"},{\"@type\":\"WebSite\",\"@id\":\"https:\\\/\\\/droix.eu\\\/sl\\\/#website\",\"url\":\"https:\\\/\\\/droix.eu\\\/sl\\\/\",\"name\":\"DROIX EU\",\"description\":\"Get the latest Mini PCs, Ultrabook, PC Gaming Handhelds and more!\",\"inLanguage\":\"sl-SI\",\"publisher\":{\"@id\":\"https:\\\/\\\/droix.eu\\\/sl\\\/#organization\"}}]}\n\t\t<\/script>\n\t\t<!-- All in One SEO Pro -->\r\n\t\t<title>GPD WIN 4 ohi\u0161je s trdim ohi\u0161jem - DROIX EU<\/title>\n\n","aioseo_head_json":{"title":"GPD WIN 4 ohi\u0161je s trdim ohi\u0161jem - DROIX EU","description":"Uradni za\u0161\u010ditni etui GPD za GPD WIN 4 Trajna zunanja lupina iz sinteti\u010dnega polimera Mehka podloga iz tkanine za dodatno za\u0161\u010dito. Lo\u010den predal za periferne naprave. Elegantna zasnova z varnim zapiranjem z zadrgo. Paket vklju\u010duje 1x trdo ohi\u0161je GPD WIN 4","canonical_url":"https:\/\/droix.eu\/sl\/product\/gpd-win-4-ohisje-s-trdim-ohisjem\/","robots":"max-image-preview:large","keywords":"","webmasterTools":{"miscellaneous":""},"schema":{"@context":"https:\/\/schema.org","@graph":[{"@type":"BreadcrumbList","@id":"https:\/\/droix.eu\/sl\/product\/gpd-win-4-ohisje-s-trdim-ohisjem\/#breadcrumblist","itemListElement":[{"@type":"ListItem","@id":"https:\/\/droix.eu\/sl\/#listItem","position":1,"name":"Home","item":"https:\/\/droix.eu\/sl\/","nextItem":{"@type":"ListItem","@id":"https:\/\/droix.eu\/sl\/product-category\/dodatki\/#listItem","name":"Dodatki"}},{"@type":"ListItem","@id":"https:\/\/droix.eu\/sl\/product-category\/dodatki\/#listItem","position":2,"name":"Dodatki","item":"https:\/\/droix.eu\/sl\/product-category\/dodatki\/","nextItem":{"@type":"ListItem","@id":"https:\/\/droix.eu\/sl\/product-category\/dodatki\/gaming-dodatki\/#listItem","name":"Gaming dodatki"},"previousItem":{"@type":"ListItem","@id":"https:\/\/droix.eu\/sl\/#listItem","name":"Home"}},{"@type":"ListItem","@id":"https:\/\/droix.eu\/sl\/product-category\/dodatki\/gaming-dodatki\/#listItem","position":3,"name":"Gaming dodatki","item":"https:\/\/droix.eu\/sl\/product-category\/dodatki\/gaming-dodatki\/","nextItem":{"@type":"ListItem","@id":"https:\/\/droix.eu\/sl\/product\/gpd-win-4-ohisje-s-trdim-ohisjem\/#listItem","name":"GPD WIN 4 ohi\u0161je s trdim ohi\u0161jem"},"previousItem":{"@type":"ListItem","@id":"https:\/\/droix.eu\/sl\/product-category\/dodatki\/#listItem","name":"Dodatki"}},{"@type":"ListItem","@id":"https:\/\/droix.eu\/sl\/product\/gpd-win-4-ohisje-s-trdim-ohisjem\/#listItem","position":4,"name":"GPD WIN 4 ohi\u0161je s trdim ohi\u0161jem","previousItem":{"@type":"ListItem","@id":"https:\/\/droix.eu\/sl\/product-category\/dodatki\/gaming-dodatki\/#listItem","name":"Gaming dodatki"}}]},{"@type":"Organization","@id":"https:\/\/droix.eu\/sl\/#organization","name":"DroiX \u2013 Trusted EU Tech Retailer with 12+ Years Experience","description":"DroiX is a leading European technology retailer with over 12 years of experience, offering quality mini PCs, handheld gaming consoles, and tech accessories. We provide hassle-free EU delivery with all taxes included, ensuring a smooth and reliable shopping experience for our customers across Europe.","url":"https:\/\/droix.eu\/sl\/","logo":{"@type":"ImageObject","url":"https:\/\/droix.eu\/wp-content\/uploads\/2024\/06\/droix-v2-light-logo.png","@id":"https:\/\/droix.eu\/sl\/product\/gpd-win-4-ohisje-s-trdim-ohisjem\/#organizationLogo","width":380,"height":118},"image":{"@id":"https:\/\/droix.eu\/sl\/product\/gpd-win-4-ohisje-s-trdim-ohisjem\/#organizationLogo"},"sameAs":["https:\/\/www.facebook.com\/DroiX.Store","https:\/\/twitter.com\/DroiX_Store","https:\/\/www.instagram.com\/droix.store\/","https:\/\/www.tiktok.com\/@droix.store","https:\/\/www.youtube.com\/c\/DroiX_Store","https:\/\/uk.linkedin.com\/company\/droix"]},{"@type":"Product","@id":"https:\/\/droix.eu\/sl\/product\/gpd-win-4-ohisje-s-trdim-ohisjem\/#wooCommerceProduct","name":"GPD WIN 4 ohi\u0161je s trdim ohi\u0161jem","description":"Uradni za\u0161\u010ditni etui GPD za GPD WIN 4\n \tTrajna zunanja lupina iz sinteti\u010dnega polimera\n \tMehka podloga iz tkanine za dodatno za\u0161\u010dito.\n \tLo\u010den predal za periferne naprave.\n \tElegantna zasnova z varnim zapiranjem z zadrgo.","url":"https:\/\/droix.eu\/sl\/product\/gpd-win-4-ohisje-s-trdim-ohisjem\/","sku":"GPD-WIN_4-CASE","gtin":"5060763675322","image":{"@type":"ImageObject","url":"https:\/\/droix.eu\/wp-content\/uploads\/2023\/05\/51y5P54tgzLready-gpd-4.png","@id":"https:\/\/droix.eu\/sl\/product\/gpd-win-4-ohisje-s-trdim-ohisjem\/#productImage","width":1000,"height":1000},"offers":{"@type":"Offer","url":"https:\/\/droix.eu\/sl\/product\/gpd-win-4-ohisje-s-trdim-ohisjem\/#wooCommerceOffer","price":27,"priceCurrency":"EUR","category":"Dodatki","availability":"https:\/\/schema.org\/OutOfStock","priceSpecification":{"@type":"PriceSpecification","price":27,"priceCurrency":"EUR","valueAddedTaxIncluded":"true"},"seller":{"@type":"Organization","@id":"https:\/\/droix.eu\/sl\/#organization"}}},{"@type":"WebPage","@id":"https:\/\/droix.eu\/sl\/product\/gpd-win-4-ohisje-s-trdim-ohisjem\/#webpage","url":"https:\/\/droix.eu\/sl\/product\/gpd-win-4-ohisje-s-trdim-ohisjem\/","name":"GPD WIN 4 ohi\u0161je s trdim ohi\u0161jem - DROIX EU","description":"Uradni za\u0161\u010ditni etui GPD za GPD WIN 4 Trajna zunanja lupina iz sinteti\u010dnega polimera Mehka podloga iz tkanine za dodatno za\u0161\u010dito. Lo\u010den predal za periferne naprave. Elegantna zasnova z varnim zapiranjem z zadrgo. Paket vklju\u010duje 1x trdo ohi\u0161je GPD WIN 4","inLanguage":"sl-SI","isPartOf":{"@id":"https:\/\/droix.eu\/sl\/#website"},"breadcrumb":{"@id":"https:\/\/droix.eu\/sl\/product\/gpd-win-4-ohisje-s-trdim-ohisjem\/#breadcrumblist"},"image":{"@type":"ImageObject","url":"https:\/\/droix.eu\/wp-content\/uploads\/2023\/05\/51y5P54tgzLready-gpd-4.png","@id":"https:\/\/droix.eu\/sl\/product\/gpd-win-4-ohisje-s-trdim-ohisjem\/#mainImage","width":1000,"height":1000},"primaryImageOfPage":{"@id":"https:\/\/droix.eu\/sl\/product\/gpd-win-4-ohisje-s-trdim-ohisjem\/#mainImage"},"datePublished":"2023-05-25T09:22:48+01:00","dateModified":"2026-01-22T14:38:23+00:00"},{"@type":"WebSite","@id":"https:\/\/droix.eu\/sl\/#website","url":"https:\/\/droix.eu\/sl\/","name":"DROIX EU","description":"Get the latest Mini PCs, Ultrabook, PC Gaming Handhelds and more!","inLanguage":"sl-SI","publisher":{"@id":"https:\/\/droix.eu\/sl\/#organization"}}]},"og:locale":"sl_SI","og:site_name":"DROIX EU - Get the latest Mini PCs, Ultrabook, PC Gaming Handhelds and more!","og:type":"article","og:title":"GPD WIN 4 ohi\u0161je s trdim ohi\u0161jem - DROIX EU","og:description":"Uradni za\u0161\u010ditni etui GPD za GPD WIN 4 Trajna zunanja lupina iz sinteti\u010dnega polimera Mehka podloga iz tkanine za dodatno za\u0161\u010dito. Lo\u010den predal za periferne naprave. Elegantna zasnova z varnim zapiranjem z zadrgo. Paket vklju\u010duje 1x trdo ohi\u0161je GPD WIN 4","og:url":"https:\/\/droix.eu\/sl\/product\/gpd-win-4-ohisje-s-trdim-ohisjem\/","og:image":"https:\/\/droix.eu\/wp-content\/uploads\/2024\/06\/droix-v2-light-logo.png","og:image:secure_url":"https:\/\/droix.eu\/wp-content\/uploads\/2024\/06\/droix-v2-light-logo.png","og:image:width":380,"og:image:height":118,"article:published_time":"2023-05-25T09:22:48+00:00","article:modified_time":"2026-01-22T14:38:23+00:00","article:publisher":"https:\/\/www.facebook.com\/DroiX.Store","twitter:card":"summary_large_image","twitter:site":"@DroiX_Store","twitter:title":"GPD WIN 4 ohi\u0161je s trdim ohi\u0161jem - DROIX EU","twitter:description":"Uradni za\u0161\u010ditni etui GPD za GPD WIN 4 Trajna zunanja lupina iz sinteti\u010dnega polimera Mehka podloga iz tkanine za dodatno za\u0161\u010dito. Lo\u010den predal za periferne naprave. Elegantna zasnova z varnim zapiranjem z zadrgo. Paket vklju\u010duje 1x trdo ohi\u0161je GPD WIN 4","twitter:image":"https:\/\/droix.eu\/wp-content\/uploads\/2024\/06\/droix-v2-light-logo.png"},"aioseo_meta_data":{"post_id":"518949","title":null,"description":null,"keywords":null,"keyphrases":null,"primary_term":null,"canonical_url":null,"og_title":null,"og_description":null,"og_object_type":"default","og_image_type":"default","og_image_url":null,"og_image_width":null,"og_image_height":null,"og_image_custom_url":null,"og_image_custom_fields":null,"og_video":null,"og_custom_url":null,"og_article_section":null,"og_article_tags":null,"twitter_use_og":true,"twitter_card":"default","twitter_image_type":"default","twitter_image_url":null,"twitter_image_custom_url":null,"twitter_image_custom_fields":null,"twitter_title":null,"twitter_description":null,"schema":{"blockGraphs":[],"customGraphs":[],"default":{"data":{"Article":[],"Course":[],"Dataset":[],"FAQPage":[],"Movie":[],"Person":[],"Product":[],"ProductReview":[],"Car":[],"Recipe":[],"Service":[],"SoftwareApplication":[],"WebPage":[]},"graphName":"","isEnabled":true},"graphs":[]},"schema_type":"default","schema_type_options":null,"pillar_content":false,"robots_default":true,"robots_noindex":false,"robots_noarchive":false,"robots_nosnippet":false,"robots_nofollow":false,"robots_noimageindex":false,"robots_noodp":false,"robots_notranslate":false,"robots_max_snippet":null,"robots_max_videopreview":null,"robots_max_imagepreview":"large","priority":null,"frequency":null,"local_seo":null,"seo_analyzer_scan_date":"2025-10-24 13:11:33","breadcrumb_settings":null,"limit_modified_date":false,"reviewed_by":null,"open_ai":null,"ai":null,"created":"2025-10-09 04:26:06","updated":"2026-01-24 08:58:53"},"aioseo_breadcrumb":"<div class=\"aioseo-breadcrumbs\"><span class=\"aioseo-breadcrumb\">\n\t<a href=\"https:\/\/droix.eu\/sl\/\" title=\"Home\">Home<\/a>\n<\/span><span class=\"aioseo-breadcrumb-separator\">&raquo;<\/span><span class=\"aioseo-breadcrumb\">\n\t<a href=\"https:\/\/droix.eu\/sl\/product-category\/dodatki\/\" title=\"Dodatki\">Dodatki<\/a>\n<\/span><span class=\"aioseo-breadcrumb-separator\">&raquo;<\/span><span class=\"aioseo-breadcrumb\">\n\t<a href=\"https:\/\/droix.eu\/sl\/product-category\/dodatki\/gaming-dodatki\/\" title=\"Gaming dodatki\">Gaming dodatki<\/a>\n<\/span><span class=\"aioseo-breadcrumb-separator\">&raquo;<\/span><span class=\"aioseo-breadcrumb\">\n\tGPD WIN 4 ohi\u0161je s trdim ohi\u0161jem\n<\/span><\/div>","aioseo_breadcrumb_json":[{"label":"Home","link":"https:\/\/droix.eu\/sl\/"},{"label":"Dodatki","link":"https:\/\/droix.eu\/sl\/product-category\/dodatki\/"},{"label":"Gaming dodatki","link":"https:\/\/droix.eu\/sl\/product-category\/dodatki\/gaming-dodatki\/"},{"label":"GPD WIN 4 ohi\u0161je s trdim ohi\u0161jem","link":"https:\/\/droix.eu\/sl\/product\/gpd-win-4-ohisje-s-trdim-ohisjem\/"}],"_links":{"self":[{"href":"https:\/\/droix.eu\/sl\/wp-json\/wp\/v2\/product\/518949","targetHints":{"allow":["GET"]}}],"collection":[{"href":"https:\/\/droix.eu\/sl\/wp-json\/wp\/v2\/product"}],"about":[{"href":"https:\/\/droix.eu\/sl\/wp-json\/wp\/v2\/types\/product"}],"version-history":[{"count":0,"href":"https:\/\/droix.eu\/sl\/wp-json\/wp\/v2\/product\/518949\/revisions"}],"wp:featuredmedia":[{"embeddable":true,"href":"https:\/\/droix.eu\/sl\/wp-json\/wp\/v2\/media\/409306"}],"wp:attachment":[{"href":"https:\/\/droix.eu\/sl\/wp-json\/wp\/v2\/media?parent=518949"}],"wp:term":[{"taxonomy":"product_brand","embeddable":true,"href":"https:\/\/droix.eu\/sl\/wp-json\/wp\/v2\/product_brand?post=518949"},{"taxonomy":"product_cat","embeddable":true,"href":"https:\/\/droix.eu\/sl\/wp-json\/wp\/v2\/product_cat?post=518949"},{"taxonomy":"product_tag","embeddable":true,"href":"https:\/\/droix.eu\/sl\/wp-json\/wp\/v2\/product_tag?post=518949"},{"taxonomy":"woo-feed-brand","embeddable":true,"href":"https:\/\/droix.eu\/sl\/wp-json\/wp\/v2\/woo-feed-brand?post=518949"},{"taxonomy":"key-features","embeddable":true,"href":"https:\/\/droix.eu\/sl\/wp-json\/wp\/v2\/key-features?post=518949"}],"curies":[{"name":"wp","href":"https:\/\/api.w.org\/{rel}","templated":true}]}}