{"id":517058,"date":"2024-01-19T16:43:31","date_gmt":"2024-01-19T16:43:31","guid":{"rendered":"https:\/\/droix.eu\/product\/ayn-odin-2-zascita-zaslona\/"},"modified":"2026-01-20T05:42:36","modified_gmt":"2026-01-20T05:42:36","slug":"ayn-odin-2-zascita-zaslona","status":"publish","type":"product","link":"https:\/\/droix.eu\/sl\/product\/ayn-odin-2-zascita-zaslona\/","title":{"rendered":"AYN Odin 2 Za\u0161\u010dita zaslona"},"content":{"rendered":"<h2><strong>Predstavljamo AYN Odin 2 Screen Protector: Za\u0161\u010dita za va\u0161o napravo: vrhunska za\u0161\u010dita za va\u0161o napravo<\/strong><\/h2>\n<p>Izbolj\u0161ajte za\u0161\u010dito svoje naprave z za\u0161\u010ditnim zaslonom AYN Odin 2. Ta za\u0161\u010dita zaslona je zasnovana tako, da ustreza zahtevam sodobnega na\u010dina \u017eivljenja, zato je popolna kombinacija vzdr\u017eljivosti in funkcionalnosti.<\/p>\n<h2><strong>Klju\u010dne lastnosti:<\/strong><\/h2>\n<h2><strong>Vrhunski materiali:<\/strong><\/h2>\n<p>Za\u0161\u010dita zaslona AYN Odin 2 je izdelana iz visokokakovostnih materialov in je odporna na vsakodnevno obrabo.<\/p>\n<h2><strong>Natan\u010dno prileganje:<\/strong><\/h2>\n<p>Za\u0161\u010dita zaslona AYN Odin 2, izdelana po meri za AYN Odin 2, zagotavlja gladko prileganje.<\/p>\n","protected":false},"excerpt":{"rendered":"<ul>\n<li><strong>Uradna<\/strong> za\u0161\u010dita zaslona AYN Odin 2<\/li>\n<li>Trajna <strong> prozorna<\/strong> za\u0161\u010dita<\/li>\n<li>Popolnoma primeren za AYN Odin 2<\/li>\n<\/ul>\n[droix_global_accordions]\n[cg_accordion title=\"Paket vklju\u010duje\"]<\/p>\n<ul>\n<li>1x AYN Odin 2 Za\u0161\u010dita zaslona<\/li>\n<\/ul>\n<p>[\/cg_accordion]\n","protected":false},"featured_media":456607,"template":"","meta":{"_acf_changed":false},"product_brand":[],"product_cat":[13256,13335],"product_tag":[],"woo-feed-brand":[],"key-features":[],"class_list":{"0":"post-517058","1":"product","2":"type-product","3":"status-publish","4":"has-post-thumbnail","6":"product_cat-dodatki","7":"product_cat-gaming-dodatki","8":"product_shipping_class-low-end","9":"pa_accessory-type-screen-protector","10":"pa_brands-ayn-sl","12":"first","13":"instock","14":"taxable","15":"shipping-taxable","16":"purchasable","17":"product-type-simple"},"acf":[],"aioseo_notices":[],"aioseo_head":"\n\t\t<!-- All in One SEO Pro 4.9.5.2 - aioseo.com -->\n\t<meta name=\"description\" content=\"Uradna za\u0161\u010dita zaslona AYN Odin 2 Trajna prozorna za\u0161\u010dita Popolnoma primeren za AYN Odin 2 Paket vklju\u010duje 1x AYN Odin 2 Za\u0161\u010dita zaslona\" \/>\n\t<meta name=\"robots\" content=\"max-image-preview:large\" \/>\n\t<link rel=\"canonical\" href=\"https:\/\/droix.eu\/sl\/product\/ayn-odin-2-zascita-zaslona\/\" \/>\n\t<meta name=\"generator\" content=\"All in One SEO Pro (AIOSEO) 4.9.5.2\" \/>\n\t\t<meta property=\"og:locale\" content=\"sl_SI\" \/>\n\t\t<meta property=\"og:site_name\" content=\"DROIX EU - Get the latest Mini PCs, Ultrabook, PC Gaming Handhelds and more!\" \/>\n\t\t<meta property=\"og:type\" content=\"article\" \/>\n\t\t<meta property=\"og:title\" content=\"AYN Odin 2 Za\u0161\u010dita zaslona - DROIX EU\" \/>\n\t\t<meta property=\"og:description\" content=\"Uradna za\u0161\u010dita zaslona AYN Odin 2 Trajna prozorna za\u0161\u010dita Popolnoma primeren za AYN Odin 2 Paket vklju\u010duje 1x AYN Odin 2 Za\u0161\u010dita zaslona\" \/>\n\t\t<meta property=\"og:url\" content=\"https:\/\/droix.eu\/sl\/product\/ayn-odin-2-zascita-zaslona\/\" \/>\n\t\t<meta property=\"og:image\" content=\"https:\/\/droix.eu\/wp-content\/uploads\/2024\/06\/droix-v2-light-logo.png\" \/>\n\t\t<meta property=\"og:image:secure_url\" content=\"https:\/\/droix.eu\/wp-content\/uploads\/2024\/06\/droix-v2-light-logo.png\" \/>\n\t\t<meta property=\"og:image:width\" content=\"380\" \/>\n\t\t<meta property=\"og:image:height\" content=\"118\" \/>\n\t\t<meta property=\"article:published_time\" content=\"2024-01-19T16:43:31+00:00\" \/>\n\t\t<meta property=\"article:modified_time\" content=\"2026-01-20T05:42:36+00:00\" \/>\n\t\t<meta property=\"article:publisher\" content=\"https:\/\/www.facebook.com\/DroiX.Store\" \/>\n\t\t<meta name=\"twitter:card\" content=\"summary_large_image\" \/>\n\t\t<meta name=\"twitter:site\" content=\"@DroiX_Store\" \/>\n\t\t<meta name=\"twitter:title\" content=\"AYN Odin 2 Za\u0161\u010dita zaslona - DROIX EU\" \/>\n\t\t<meta name=\"twitter:description\" content=\"Uradna za\u0161\u010dita zaslona AYN Odin 2 Trajna prozorna za\u0161\u010dita Popolnoma primeren za AYN Odin 2 Paket vklju\u010duje 1x AYN Odin 2 Za\u0161\u010dita zaslona\" \/>\n\t\t<meta name=\"twitter:image\" content=\"https:\/\/droix.eu\/wp-content\/uploads\/2024\/06\/droix-v2-light-logo.png\" \/>\n\t\t<script type=\"application\/ld+json\" class=\"aioseo-schema\">\n\t\t\t{\"@context\":\"https:\\\/\\\/schema.org\",\"@graph\":[{\"@type\":\"BreadcrumbList\",\"@id\":\"https:\\\/\\\/droix.eu\\\/sl\\\/product\\\/ayn-odin-2-zascita-zaslona\\\/#breadcrumblist\",\"itemListElement\":[{\"@type\":\"ListItem\",\"@id\":\"https:\\\/\\\/droix.eu\\\/sl\\\/#listItem\",\"position\":1,\"name\":\"Home\",\"item\":\"https:\\\/\\\/droix.eu\\\/sl\\\/\",\"nextItem\":{\"@type\":\"ListItem\",\"@id\":\"https:\\\/\\\/droix.eu\\\/sl\\\/product-category\\\/dodatki\\\/#listItem\",\"name\":\"Dodatki\"}},{\"@type\":\"ListItem\",\"@id\":\"https:\\\/\\\/droix.eu\\\/sl\\\/product-category\\\/dodatki\\\/#listItem\",\"position\":2,\"name\":\"Dodatki\",\"item\":\"https:\\\/\\\/droix.eu\\\/sl\\\/product-category\\\/dodatki\\\/\",\"nextItem\":{\"@type\":\"ListItem\",\"@id\":\"https:\\\/\\\/droix.eu\\\/sl\\\/product-category\\\/dodatki\\\/gaming-dodatki\\\/#listItem\",\"name\":\"Gaming dodatki\"},\"previousItem\":{\"@type\":\"ListItem\",\"@id\":\"https:\\\/\\\/droix.eu\\\/sl\\\/#listItem\",\"name\":\"Home\"}},{\"@type\":\"ListItem\",\"@id\":\"https:\\\/\\\/droix.eu\\\/sl\\\/product-category\\\/dodatki\\\/gaming-dodatki\\\/#listItem\",\"position\":3,\"name\":\"Gaming dodatki\",\"item\":\"https:\\\/\\\/droix.eu\\\/sl\\\/product-category\\\/dodatki\\\/gaming-dodatki\\\/\",\"nextItem\":{\"@type\":\"ListItem\",\"@id\":\"https:\\\/\\\/droix.eu\\\/sl\\\/product\\\/ayn-odin-2-zascita-zaslona\\\/#listItem\",\"name\":\"AYN Odin 2 Za\\u0161\\u010dita zaslona\"},\"previousItem\":{\"@type\":\"ListItem\",\"@id\":\"https:\\\/\\\/droix.eu\\\/sl\\\/product-category\\\/dodatki\\\/#listItem\",\"name\":\"Dodatki\"}},{\"@type\":\"ListItem\",\"@id\":\"https:\\\/\\\/droix.eu\\\/sl\\\/product\\\/ayn-odin-2-zascita-zaslona\\\/#listItem\",\"position\":4,\"name\":\"AYN Odin 2 Za\\u0161\\u010dita zaslona\",\"previousItem\":{\"@type\":\"ListItem\",\"@id\":\"https:\\\/\\\/droix.eu\\\/sl\\\/product-category\\\/dodatki\\\/gaming-dodatki\\\/#listItem\",\"name\":\"Gaming dodatki\"}}]},{\"@type\":\"Organization\",\"@id\":\"https:\\\/\\\/droix.eu\\\/sl\\\/#organization\",\"name\":\"DroiX \\u2013 Trusted EU Tech Retailer with 12+ Years Experience\",\"description\":\"DroiX is a leading European technology retailer with over 12 years of experience, offering quality mini PCs, handheld gaming consoles, and tech accessories. We provide hassle-free EU delivery with all taxes included, ensuring a smooth and reliable shopping experience for our customers across Europe.\",\"url\":\"https:\\\/\\\/droix.eu\\\/sl\\\/\",\"logo\":{\"@type\":\"ImageObject\",\"url\":\"https:\\\/\\\/droix.eu\\\/wp-content\\\/uploads\\\/2024\\\/06\\\/droix-v2-light-logo.png\",\"@id\":\"https:\\\/\\\/droix.eu\\\/sl\\\/product\\\/ayn-odin-2-zascita-zaslona\\\/#organizationLogo\",\"width\":380,\"height\":118},\"image\":{\"@id\":\"https:\\\/\\\/droix.eu\\\/sl\\\/product\\\/ayn-odin-2-zascita-zaslona\\\/#organizationLogo\"},\"sameAs\":[\"https:\\\/\\\/www.facebook.com\\\/DroiX.Store\",\"https:\\\/\\\/twitter.com\\\/DroiX_Store\",\"https:\\\/\\\/www.instagram.com\\\/droix.store\\\/\",\"https:\\\/\\\/www.tiktok.com\\\/@droix.store\",\"https:\\\/\\\/www.youtube.com\\\/c\\\/DroiX_Store\",\"https:\\\/\\\/uk.linkedin.com\\\/company\\\/droix\"]},{\"@type\":\"Product\",\"@id\":\"https:\\\/\\\/droix.eu\\\/sl\\\/product\\\/ayn-odin-2-zascita-zaslona\\\/#wooCommerceProduct\",\"name\":\"AYN Odin 2 Za\\u0161\\u010dita zaslona\",\"description\":\"Uradna za\\u0161\\u010dita zaslona AYN Odin 2\\n \\tTrajna  prozorna za\\u0161\\u010dita\\n \\tPopolnoma primeren za AYN Odin 2\",\"url\":\"https:\\\/\\\/droix.eu\\\/sl\\\/product\\\/ayn-odin-2-zascita-zaslona\\\/\",\"sku\":\"AYN-ODIN-2-SCREEN-PROTECTOR\",\"gtin\":\"5060763677845\",\"image\":{\"@type\":\"ImageObject\",\"url\":\"https:\\\/\\\/droix.eu\\\/wp-content\\\/uploads\\\/2024\\\/01\\\/AYN-ODIN-2-SCREEN-PROTECTOR-DONE-01.png\",\"@id\":\"https:\\\/\\\/droix.eu\\\/sl\\\/product\\\/ayn-odin-2-zascita-zaslona\\\/#productImage\",\"width\":1500,\"height\":1500,\"caption\":\"AYN Odin 2 Za\\u0161\\u010dita zaslona\"},\"offers\":{\"@type\":\"Offer\",\"url\":\"https:\\\/\\\/droix.eu\\\/sl\\\/product\\\/ayn-odin-2-zascita-zaslona\\\/#wooCommerceOffer\",\"price\":3.63,\"priceCurrency\":\"EUR\",\"category\":\"Dodatki\",\"availability\":\"https:\\\/\\\/schema.org\\\/InStock\",\"priceSpecification\":{\"@type\":\"PriceSpecification\",\"price\":3.63,\"priceCurrency\":\"EUR\",\"valueAddedTaxIncluded\":\"true\"},\"seller\":{\"@type\":\"Organization\",\"@id\":\"https:\\\/\\\/droix.eu\\\/sl\\\/#organization\"}}},{\"@type\":\"WebPage\",\"@id\":\"https:\\\/\\\/droix.eu\\\/sl\\\/product\\\/ayn-odin-2-zascita-zaslona\\\/#webpage\",\"url\":\"https:\\\/\\\/droix.eu\\\/sl\\\/product\\\/ayn-odin-2-zascita-zaslona\\\/\",\"name\":\"AYN Odin 2 Za\\u0161\\u010dita zaslona - DROIX EU\",\"description\":\"Uradna za\\u0161\\u010dita zaslona AYN Odin 2 Trajna prozorna za\\u0161\\u010dita Popolnoma primeren za AYN Odin 2 Paket vklju\\u010duje 1x AYN Odin 2 Za\\u0161\\u010dita zaslona\",\"inLanguage\":\"sl-SI\",\"isPartOf\":{\"@id\":\"https:\\\/\\\/droix.eu\\\/sl\\\/#website\"},\"breadcrumb\":{\"@id\":\"https:\\\/\\\/droix.eu\\\/sl\\\/product\\\/ayn-odin-2-zascita-zaslona\\\/#breadcrumblist\"},\"image\":{\"@type\":\"ImageObject\",\"url\":\"https:\\\/\\\/droix.eu\\\/wp-content\\\/uploads\\\/2024\\\/01\\\/AYN-ODIN-2-SCREEN-PROTECTOR-DONE-01.png\",\"@id\":\"https:\\\/\\\/droix.eu\\\/sl\\\/product\\\/ayn-odin-2-zascita-zaslona\\\/#mainImage\",\"width\":1500,\"height\":1500,\"caption\":\"AYN Odin 2 Za\\u0161\\u010dita zaslona\"},\"primaryImageOfPage\":{\"@id\":\"https:\\\/\\\/droix.eu\\\/sl\\\/product\\\/ayn-odin-2-zascita-zaslona\\\/#mainImage\"},\"datePublished\":\"2024-01-19T16:43:31+00:00\",\"dateModified\":\"2026-01-20T05:42:36+00:00\"},{\"@type\":\"WebSite\",\"@id\":\"https:\\\/\\\/droix.eu\\\/sl\\\/#website\",\"url\":\"https:\\\/\\\/droix.eu\\\/sl\\\/\",\"name\":\"DROIX EU\",\"description\":\"Get the latest Mini PCs, Ultrabook, PC Gaming Handhelds and more!\",\"inLanguage\":\"sl-SI\",\"publisher\":{\"@id\":\"https:\\\/\\\/droix.eu\\\/sl\\\/#organization\"}}]}\n\t\t<\/script>\n\t\t<!-- All in One SEO Pro -->\r\n\t\t<title>AYN Odin 2 Za\u0161\u010dita zaslona - DROIX EU<\/title>\n\n","aioseo_head_json":{"title":"AYN Odin 2 Za\u0161\u010dita zaslona - DROIX EU","description":"Uradna za\u0161\u010dita zaslona AYN Odin 2 Trajna prozorna za\u0161\u010dita Popolnoma primeren za AYN Odin 2 Paket vklju\u010duje 1x AYN Odin 2 Za\u0161\u010dita zaslona","canonical_url":"https:\/\/droix.eu\/sl\/product\/ayn-odin-2-zascita-zaslona\/","robots":"max-image-preview:large","keywords":"","webmasterTools":{"miscellaneous":""},"schema":{"@context":"https:\/\/schema.org","@graph":[{"@type":"BreadcrumbList","@id":"https:\/\/droix.eu\/sl\/product\/ayn-odin-2-zascita-zaslona\/#breadcrumblist","itemListElement":[{"@type":"ListItem","@id":"https:\/\/droix.eu\/sl\/#listItem","position":1,"name":"Home","item":"https:\/\/droix.eu\/sl\/","nextItem":{"@type":"ListItem","@id":"https:\/\/droix.eu\/sl\/product-category\/dodatki\/#listItem","name":"Dodatki"}},{"@type":"ListItem","@id":"https:\/\/droix.eu\/sl\/product-category\/dodatki\/#listItem","position":2,"name":"Dodatki","item":"https:\/\/droix.eu\/sl\/product-category\/dodatki\/","nextItem":{"@type":"ListItem","@id":"https:\/\/droix.eu\/sl\/product-category\/dodatki\/gaming-dodatki\/#listItem","name":"Gaming dodatki"},"previousItem":{"@type":"ListItem","@id":"https:\/\/droix.eu\/sl\/#listItem","name":"Home"}},{"@type":"ListItem","@id":"https:\/\/droix.eu\/sl\/product-category\/dodatki\/gaming-dodatki\/#listItem","position":3,"name":"Gaming dodatki","item":"https:\/\/droix.eu\/sl\/product-category\/dodatki\/gaming-dodatki\/","nextItem":{"@type":"ListItem","@id":"https:\/\/droix.eu\/sl\/product\/ayn-odin-2-zascita-zaslona\/#listItem","name":"AYN Odin 2 Za\u0161\u010dita zaslona"},"previousItem":{"@type":"ListItem","@id":"https:\/\/droix.eu\/sl\/product-category\/dodatki\/#listItem","name":"Dodatki"}},{"@type":"ListItem","@id":"https:\/\/droix.eu\/sl\/product\/ayn-odin-2-zascita-zaslona\/#listItem","position":4,"name":"AYN Odin 2 Za\u0161\u010dita zaslona","previousItem":{"@type":"ListItem","@id":"https:\/\/droix.eu\/sl\/product-category\/dodatki\/gaming-dodatki\/#listItem","name":"Gaming dodatki"}}]},{"@type":"Organization","@id":"https:\/\/droix.eu\/sl\/#organization","name":"DroiX \u2013 Trusted EU Tech Retailer with 12+ Years Experience","description":"DroiX is a leading European technology retailer with over 12 years of experience, offering quality mini PCs, handheld gaming consoles, and tech accessories. We provide hassle-free EU delivery with all taxes included, ensuring a smooth and reliable shopping experience for our customers across Europe.","url":"https:\/\/droix.eu\/sl\/","logo":{"@type":"ImageObject","url":"https:\/\/droix.eu\/wp-content\/uploads\/2024\/06\/droix-v2-light-logo.png","@id":"https:\/\/droix.eu\/sl\/product\/ayn-odin-2-zascita-zaslona\/#organizationLogo","width":380,"height":118},"image":{"@id":"https:\/\/droix.eu\/sl\/product\/ayn-odin-2-zascita-zaslona\/#organizationLogo"},"sameAs":["https:\/\/www.facebook.com\/DroiX.Store","https:\/\/twitter.com\/DroiX_Store","https:\/\/www.instagram.com\/droix.store\/","https:\/\/www.tiktok.com\/@droix.store","https:\/\/www.youtube.com\/c\/DroiX_Store","https:\/\/uk.linkedin.com\/company\/droix"]},{"@type":"Product","@id":"https:\/\/droix.eu\/sl\/product\/ayn-odin-2-zascita-zaslona\/#wooCommerceProduct","name":"AYN Odin 2 Za\u0161\u010dita zaslona","description":"Uradna za\u0161\u010dita zaslona AYN Odin 2\n \tTrajna  prozorna za\u0161\u010dita\n \tPopolnoma primeren za AYN Odin 2","url":"https:\/\/droix.eu\/sl\/product\/ayn-odin-2-zascita-zaslona\/","sku":"AYN-ODIN-2-SCREEN-PROTECTOR","gtin":"5060763677845","image":{"@type":"ImageObject","url":"https:\/\/droix.eu\/wp-content\/uploads\/2024\/01\/AYN-ODIN-2-SCREEN-PROTECTOR-DONE-01.png","@id":"https:\/\/droix.eu\/sl\/product\/ayn-odin-2-zascita-zaslona\/#productImage","width":1500,"height":1500,"caption":"AYN Odin 2 Za\u0161\u010dita zaslona"},"offers":{"@type":"Offer","url":"https:\/\/droix.eu\/sl\/product\/ayn-odin-2-zascita-zaslona\/#wooCommerceOffer","price":3.63,"priceCurrency":"EUR","category":"Dodatki","availability":"https:\/\/schema.org\/InStock","priceSpecification":{"@type":"PriceSpecification","price":3.63,"priceCurrency":"EUR","valueAddedTaxIncluded":"true"},"seller":{"@type":"Organization","@id":"https:\/\/droix.eu\/sl\/#organization"}}},{"@type":"WebPage","@id":"https:\/\/droix.eu\/sl\/product\/ayn-odin-2-zascita-zaslona\/#webpage","url":"https:\/\/droix.eu\/sl\/product\/ayn-odin-2-zascita-zaslona\/","name":"AYN Odin 2 Za\u0161\u010dita zaslona - DROIX EU","description":"Uradna za\u0161\u010dita zaslona AYN Odin 2 Trajna prozorna za\u0161\u010dita Popolnoma primeren za AYN Odin 2 Paket vklju\u010duje 1x AYN Odin 2 Za\u0161\u010dita zaslona","inLanguage":"sl-SI","isPartOf":{"@id":"https:\/\/droix.eu\/sl\/#website"},"breadcrumb":{"@id":"https:\/\/droix.eu\/sl\/product\/ayn-odin-2-zascita-zaslona\/#breadcrumblist"},"image":{"@type":"ImageObject","url":"https:\/\/droix.eu\/wp-content\/uploads\/2024\/01\/AYN-ODIN-2-SCREEN-PROTECTOR-DONE-01.png","@id":"https:\/\/droix.eu\/sl\/product\/ayn-odin-2-zascita-zaslona\/#mainImage","width":1500,"height":1500,"caption":"AYN Odin 2 Za\u0161\u010dita zaslona"},"primaryImageOfPage":{"@id":"https:\/\/droix.eu\/sl\/product\/ayn-odin-2-zascita-zaslona\/#mainImage"},"datePublished":"2024-01-19T16:43:31+00:00","dateModified":"2026-01-20T05:42:36+00:00"},{"@type":"WebSite","@id":"https:\/\/droix.eu\/sl\/#website","url":"https:\/\/droix.eu\/sl\/","name":"DROIX EU","description":"Get the latest Mini PCs, Ultrabook, PC Gaming Handhelds and more!","inLanguage":"sl-SI","publisher":{"@id":"https:\/\/droix.eu\/sl\/#organization"}}]},"og:locale":"sl_SI","og:site_name":"DROIX EU - Get the latest Mini PCs, Ultrabook, PC Gaming Handhelds and more!","og:type":"article","og:title":"AYN Odin 2 Za\u0161\u010dita zaslona - DROIX EU","og:description":"Uradna za\u0161\u010dita zaslona AYN Odin 2 Trajna prozorna za\u0161\u010dita Popolnoma primeren za AYN Odin 2 Paket vklju\u010duje 1x AYN Odin 2 Za\u0161\u010dita zaslona","og:url":"https:\/\/droix.eu\/sl\/product\/ayn-odin-2-zascita-zaslona\/","og:image":"https:\/\/droix.eu\/wp-content\/uploads\/2024\/06\/droix-v2-light-logo.png","og:image:secure_url":"https:\/\/droix.eu\/wp-content\/uploads\/2024\/06\/droix-v2-light-logo.png","og:image:width":380,"og:image:height":118,"article:published_time":"2024-01-19T16:43:31+00:00","article:modified_time":"2026-01-20T05:42:36+00:00","article:publisher":"https:\/\/www.facebook.com\/DroiX.Store","twitter:card":"summary_large_image","twitter:site":"@DroiX_Store","twitter:title":"AYN Odin 2 Za\u0161\u010dita zaslona - DROIX EU","twitter:description":"Uradna za\u0161\u010dita zaslona AYN Odin 2 Trajna prozorna za\u0161\u010dita Popolnoma primeren za AYN Odin 2 Paket vklju\u010duje 1x AYN Odin 2 Za\u0161\u010dita zaslona","twitter:image":"https:\/\/droix.eu\/wp-content\/uploads\/2024\/06\/droix-v2-light-logo.png"},"aioseo_meta_data":{"post_id":"517058","title":null,"description":null,"keywords":null,"keyphrases":null,"primary_term":null,"canonical_url":null,"og_title":null,"og_description":null,"og_object_type":"default","og_image_type":"default","og_image_url":null,"og_image_width":null,"og_image_height":null,"og_image_custom_url":null,"og_image_custom_fields":null,"og_video":null,"og_custom_url":null,"og_article_section":null,"og_article_tags":null,"twitter_use_og":true,"twitter_card":"default","twitter_image_type":"default","twitter_image_url":null,"twitter_image_custom_url":null,"twitter_image_custom_fields":null,"twitter_title":null,"twitter_description":null,"schema":{"blockGraphs":[],"customGraphs":[],"default":{"data":{"Article":[],"Course":[],"Dataset":[],"FAQPage":[],"Movie":[],"Person":[],"Product":[],"ProductReview":[],"Car":[],"Recipe":[],"Service":[],"SoftwareApplication":[],"WebPage":[]},"graphName":"Product","isEnabled":true},"graphs":[]},"schema_type":"default","schema_type_options":null,"pillar_content":false,"robots_default":true,"robots_noindex":false,"robots_noarchive":false,"robots_nosnippet":false,"robots_nofollow":false,"robots_noimageindex":false,"robots_noodp":false,"robots_notranslate":false,"robots_max_snippet":null,"robots_max_videopreview":null,"robots_max_imagepreview":"large","priority":null,"frequency":null,"local_seo":null,"seo_analyzer_scan_date":"2025-10-24 16:32:35","breadcrumb_settings":null,"limit_modified_date":false,"reviewed_by":null,"open_ai":null,"ai":null,"created":"2025-10-09 05:11:24","updated":"2026-01-24 08:57:40"},"aioseo_breadcrumb":"<div class=\"aioseo-breadcrumbs\"><span class=\"aioseo-breadcrumb\">\n\t<a href=\"https:\/\/droix.eu\/sl\/\" title=\"Home\">Home<\/a>\n<\/span><span class=\"aioseo-breadcrumb-separator\">&raquo;<\/span><span class=\"aioseo-breadcrumb\">\n\t<a href=\"https:\/\/droix.eu\/sl\/product-category\/dodatki\/\" title=\"Dodatki\">Dodatki<\/a>\n<\/span><span class=\"aioseo-breadcrumb-separator\">&raquo;<\/span><span class=\"aioseo-breadcrumb\">\n\t<a href=\"https:\/\/droix.eu\/sl\/product-category\/dodatki\/gaming-dodatki\/\" title=\"Gaming dodatki\">Gaming dodatki<\/a>\n<\/span><span class=\"aioseo-breadcrumb-separator\">&raquo;<\/span><span class=\"aioseo-breadcrumb\">\n\tAYN Odin 2 Za\u0161\u010dita zaslona\n<\/span><\/div>","aioseo_breadcrumb_json":[{"label":"Home","link":"https:\/\/droix.eu\/sl\/"},{"label":"Dodatki","link":"https:\/\/droix.eu\/sl\/product-category\/dodatki\/"},{"label":"Gaming dodatki","link":"https:\/\/droix.eu\/sl\/product-category\/dodatki\/gaming-dodatki\/"},{"label":"AYN Odin 2 Za\u0161\u010dita zaslona","link":"https:\/\/droix.eu\/sl\/product\/ayn-odin-2-zascita-zaslona\/"}],"_links":{"self":[{"href":"https:\/\/droix.eu\/sl\/wp-json\/wp\/v2\/product\/517058","targetHints":{"allow":["GET"]}}],"collection":[{"href":"https:\/\/droix.eu\/sl\/wp-json\/wp\/v2\/product"}],"about":[{"href":"https:\/\/droix.eu\/sl\/wp-json\/wp\/v2\/types\/product"}],"version-history":[{"count":0,"href":"https:\/\/droix.eu\/sl\/wp-json\/wp\/v2\/product\/517058\/revisions"}],"wp:featuredmedia":[{"embeddable":true,"href":"https:\/\/droix.eu\/sl\/wp-json\/wp\/v2\/media\/456607"}],"wp:attachment":[{"href":"https:\/\/droix.eu\/sl\/wp-json\/wp\/v2\/media?parent=517058"}],"wp:term":[{"taxonomy":"product_brand","embeddable":true,"href":"https:\/\/droix.eu\/sl\/wp-json\/wp\/v2\/product_brand?post=517058"},{"taxonomy":"product_cat","embeddable":true,"href":"https:\/\/droix.eu\/sl\/wp-json\/wp\/v2\/product_cat?post=517058"},{"taxonomy":"product_tag","embeddable":true,"href":"https:\/\/droix.eu\/sl\/wp-json\/wp\/v2\/product_tag?post=517058"},{"taxonomy":"woo-feed-brand","embeddable":true,"href":"https:\/\/droix.eu\/sl\/wp-json\/wp\/v2\/woo-feed-brand?post=517058"},{"taxonomy":"key-features","embeddable":true,"href":"https:\/\/droix.eu\/sl\/wp-json\/wp\/v2\/key-features?post=517058"}],"curies":[{"name":"wp","href":"https:\/\/api.w.org\/{rel}","templated":true}]}}