{"id":508630,"date":"2024-09-19T12:02:29","date_gmt":"2024-09-19T11:02:29","guid":{"rendered":"https:\/\/droix.eu\/product\/ayaneo-zepni-s-dodatki\/"},"modified":"2026-04-08T10:14:07","modified_gmt":"2026-04-08T09:14:07","slug":"ayaneo-zepni-s-dodatki","status":"publish","type":"product","link":"https:\/\/droix.eu\/sl\/product\/ayaneo-zepni-s-dodatki\/","title":{"rendered":"AYANEO Pocket S dodatki"},"content":{"rendered":"\n<p>Izbolj\u0161ajte svojo igralno izku\u0161njo z AYANEO Pocket S s tem obveznim paketom dodatne opreme, ki je zasnovan za za\u0161\u010dito, udobje in izbolj\u0161ano igranje.<\/p>\n\n<ul class=\"wp-block-list\">\n<li><strong><strong>Ergonomska za\u0161\u010ditna lupina Comfort Grip<\/strong><\/strong>: Ta za\u0161\u010ditna lupina, izdelana z inovativno ergonomsko zasnovo, bistveno pove\u010da udobje in funkcionalnost va\u0161ega AYANEO Pocket S. Nedrse\u010da tekstura zagotavlja trden in varen oprijem, velik, oblikovan ro\u010daj pa omogo\u010da popoln in udoben oprijem, kar omogo\u010da dalj\u0161e igranje brez utrujenosti. Ta trpe\u017ena lupina varno obdaja va\u0161o napravo in zagotavlja celovito za\u0161\u010dito, ki \u0161\u010diti va\u0161 AYANEO Pocket S pred vsakodnevnimi udarci, praskami in obrabo. <\/li>\n\n\n\n<li><strong>Za\u0161\u010dita zaslona<\/strong>: Za\u0161\u010ditite svoj zaslon z visokokakovostno, izjemno prozorno za\u0161\u010dito zaslona. Zasnovan je tako, da je odporen proti praskam, made\u017eem in prstnim odtisom ter zagotavlja, da bo va\u0161 zaslon ostal tako \u017eivahen in odziven kot vedno. Njegova zasnova, ki jo je enostavno namestiti, zagotavlja namestitev brez mehur\u010dkov, tako da bo va\u0161 zaslon ostal nedotaknjen, hkrati pa bo ohranil ob\u010dutljivost na dotik za nemoteno in neprekinjeno igranje.  <\/li>\n\n\n\n<li><strong>Ro\u010daji za palec<\/strong>: Izbolj\u0161ajte nadzor z vrhunskimi ro\u010daji za palec. Ti silikonski pokrovi za analogne palice zagotavljajo vrhunski oprijem in natan\u010dnost ter vam pomagajo ohranjati nadzor tudi v najbolj intenzivnih trenutkih igranja. Ta dr\u017eala za palce so zasnovana tako, da zmanj\u0161ujejo utrujenost in izbolj\u0161ujejo udobje, omogo\u010dajo natan\u010dnej\u0161e gibe ter vam zagotavljajo potrebno tekmovalno prednost.  <\/li>\n<\/ul>\n\n<p>Ta komplet dodatne opreme zagotavlja, da je va\u0161 AYANEO Pocket S za\u0161\u010diten in pripravljen na akcijo, hkrati pa z ergonomskimi izbolj\u0161avami izbolj\u0161a igralno izku\u0161njo.<\/p>\n","protected":false},"excerpt":{"rendered":"<ul>\n<li><strong>Uradni AYANEO<\/strong> Pocket S etui<\/li>\n<li>Mehka podloga iz tkanine za <strong>dodatno za\u0161\u010dito<\/strong>.<\/li>\n<li>Nedrse\u010da tekstura in velik ro\u010daj za varno dr\u017eanje.<\/li>\n<li>Visokokakovostna, izjemno prozorna za\u0161\u010dita za prepre\u010devanje prask in made\u017eev.<\/li>\n<li>Ohranja ob\u010dutljivost na dotik za nemoteno igranje.<\/li>\n<\/ul>\n[cg_accordion title=\"1-letna garancija, podprta z izku\u0161njami\"]<\/p>\n<p>Va\u0161 nakup je za\u0161\u010diten z na\u0161o enoletno garancijo in ve\u010d kot 13-letnim zaupanja vrednim servisom. Z ve\u010d kot 500.000 zadovoljnimi strankami ste v varnih rokah. [\/cg_accordion]\n[cg_accordion title=\"Zagotavljanje kakovosti in testiranje pred odpremo\"]<\/p>\n<p>Zagotavljanje zadovoljstva strank na najvi\u0161ji ravni: Vsaka naprava je pred odpremo strogo preizku\u0161ena in preverjena v ve\u010d to\u010dkah za zagotavljanje kakovosti. Na\u0161a predana ekipa preveri delovanje, funkcionalnost in celovitost komponent, s \u010dimer zagotovimo, da bo va\u0161a naprava AYANEO ob prihodu v popolnem stanju, kar vam bo zagotovilo zaupanje in mir v du\u0161i. [\/cg_accordion]\n[cg_accordion title=\"Prilagodljive in varne mo\u017enosti pla\u010dila\"]<\/p>\n<p>U\u017eivajte v miru z na\u0161im varnim sistemom naro\u010danja. Podpiramo vse glavne na\u010dine pla\u010dila, vklju\u010dno z debetnimi\/kreditnimi karticami, PayPal, Apple Pay, Google Pay, Klarna, Afterpay in Affirm, kar vam omogo\u010da, da pla\u010date po svojih \u017eeljah, bodisi vnaprej ali na obroke. [\/cg_accordion]\n[cg_accordion title=\"Davki\"]<\/p>\n<p>Cene vklju\u010dujejo veljavni DDV, ki lahko zna\u0161a do 25 %, odvisno od va\u0161e dr\u017eave. Natan\u010den znesek je prikazan med nakupovanjem, da se zagotovi popolna preglednost. [\/cg_accordion]\n[cg_accordion title=\"Dostava in vra\u010dila\"]<\/p>\n<p>Sodelujemo z ve\u010d kot 10 zaupanja vrednimi partnerji, ki zagotavljajo, da va\u0161e naro\u010dilo prispe hitro, varno in zanesljivo.<\/p>\n<p>Uporabljamo ekspresno dostavo DDP (Delivered Duty Paid). To pomeni: <\/p>\n<li>Vse carine in davki so \u017ee vklju\u010deni v prikazano ceno izdelka.<\/li>\n<li>Ob dostavi vas ne bodo presenetili nobeni stro\u0161ki.<\/li>\n<li>V redkih primerih carinskih zamud bo na\u0161a ekipa za vas vodila postopek carinjenja in zagotovila nemoteno dostavo.<\/li>\n<p>Pomembne informacije o vra\u010dilih:<\/p>\n<li>\u010ce vrnete naro\u010dilo ali zahtevate vra\u010dilo, upo\u0161tevajte, da se davki in dajatve, pla\u010dani v va\u0161em imenu v skladu s pogoji DDP, ne vra\u010dajo.<\/li>\n<p>Podrobne informacije so na voljo v na\u0161ih <a href=\"https:\/\/droix.eu\/sl\/pogoji-in-dolocila\/\" target=\"_blank\" rel=\"nofollow noopener\">pogojih in dolo\u010dilih<\/a>.\n<\/ul>\n<p>[\/cg_accordion]\n[cg_accordion title=\"Podpora strankam\"]<\/p>\n<p>Imate vpra\u0161anje? Samo kratko besedilo nas lo\u010di od re\u0161itve va\u0161ega vpra\u0161anja! [\/cg_accordion]\n[cg_accordion title=\"Paket vklju\u010duje\"]<\/p>\n<ul>\n<li>1x AYANEO Pocket etui S<\/li>\n<li>1x AYANEO Pocket S Za\u0161\u010dita zaslona<\/li>\n<li>1x ro\u010daji AYANEO Pocket S<\/li>\n<\/ul>\n<p>[\/cg_accordion]\n","protected":false},"featured_media":491263,"template":"","meta":{"_acf_changed":false},"product_brand":[],"product_cat":[14669],"product_tag":[],"woo-feed-brand":[],"key-features":[],"class_list":{"0":"post-508630","1":"product","2":"type-product","3":"status-publish","4":"has-post-thumbnail","6":"product_cat-nekategorizirane","7":"product_shipping_class-low-end","8":"pa_accessory-type-grip","9":"pa_accessory-type-protective-case","10":"pa_accessory-type-screen-protector","11":"pa_brands-ayaneo-sl","13":"first","14":"instock","15":"sale","16":"taxable","17":"shipping-taxable","18":"purchasable","19":"product-type-simple"},"acf":[],"aioseo_notices":[],"aioseo_head":"\n\t\t<!-- All in One SEO Pro 4.9.6.2 - aioseo.com -->\n\t<meta name=\"description\" content=\"Uradni AYANEO Pocket S etui Mehka podloga iz tkanine za dodatno za\u0161\u010dito. Nedrse\u010da tekstura in velik ro\u010daj za varno dr\u017eanje. Visokokakovostna, izjemno prozorna za\u0161\u010dita za prepre\u010devanje prask in made\u017eev. Ohranja ob\u010dutljivost na dotik za nemoteno igranje.\" \/>\n\t<meta name=\"robots\" content=\"max-image-preview:large\" \/>\n\t<link rel=\"canonical\" href=\"https:\/\/droix.eu\/sl\/product\/ayaneo-zepni-s-dodatki\/\" \/>\n\t<meta name=\"generator\" content=\"All in One SEO Pro (AIOSEO) 4.9.6.2\" \/>\n\t\t<meta property=\"og:locale\" content=\"sl_SI\" \/>\n\t\t<meta property=\"og:site_name\" content=\"DROIX EU - Get the latest Mini PCs, Ultrabook, PC Gaming Handhelds and more!\" \/>\n\t\t<meta property=\"og:type\" content=\"article\" \/>\n\t\t<meta property=\"og:title\" content=\"AYANEO Pocket S dodatki - DROIX EU\" \/>\n\t\t<meta property=\"og:description\" content=\"Uradni AYANEO Pocket S etui Mehka podloga iz tkanine za dodatno za\u0161\u010dito. Nedrse\u010da tekstura in velik ro\u010daj za varno dr\u017eanje. Visokokakovostna, izjemno prozorna za\u0161\u010dita za prepre\u010devanje prask in made\u017eev. Ohranja ob\u010dutljivost na dotik za nemoteno igranje.\" \/>\n\t\t<meta property=\"og:url\" content=\"https:\/\/droix.eu\/sl\/product\/ayaneo-zepni-s-dodatki\/\" \/>\n\t\t<meta property=\"og:image\" content=\"https:\/\/droix.eu\/wp-content\/uploads\/2024\/06\/droix-v2-light-logo.png\" \/>\n\t\t<meta property=\"og:image:secure_url\" content=\"https:\/\/droix.eu\/wp-content\/uploads\/2024\/06\/droix-v2-light-logo.png\" \/>\n\t\t<meta property=\"og:image:width\" content=\"380\" \/>\n\t\t<meta property=\"og:image:height\" content=\"118\" \/>\n\t\t<meta property=\"article:published_time\" content=\"2024-09-19T11:02:29+00:00\" \/>\n\t\t<meta property=\"article:modified_time\" content=\"2026-04-08T09:14:07+00:00\" \/>\n\t\t<meta property=\"article:publisher\" content=\"https:\/\/www.facebook.com\/DroiX.Store\" \/>\n\t\t<meta name=\"twitter:card\" content=\"summary_large_image\" \/>\n\t\t<meta name=\"twitter:site\" content=\"@DroiX_Store\" \/>\n\t\t<meta name=\"twitter:title\" content=\"AYANEO Pocket S dodatki - DROIX EU\" \/>\n\t\t<meta name=\"twitter:description\" content=\"Uradni AYANEO Pocket S etui Mehka podloga iz tkanine za dodatno za\u0161\u010dito. Nedrse\u010da tekstura in velik ro\u010daj za varno dr\u017eanje. Visokokakovostna, izjemno prozorna za\u0161\u010dita za prepre\u010devanje prask in made\u017eev. Ohranja ob\u010dutljivost na dotik za nemoteno igranje.\" \/>\n\t\t<meta name=\"twitter:image\" content=\"https:\/\/droix.eu\/wp-content\/uploads\/2024\/06\/droix-v2-light-logo.png\" \/>\n\t\t<script type=\"application\/ld+json\" class=\"aioseo-schema\">\n\t\t\t{\"@context\":\"https:\\\/\\\/schema.org\",\"@graph\":[{\"@type\":\"BreadcrumbList\",\"@id\":\"https:\\\/\\\/droix.eu\\\/sl\\\/product\\\/ayaneo-zepni-s-dodatki\\\/#breadcrumblist\",\"itemListElement\":[{\"@type\":\"ListItem\",\"@id\":\"https:\\\/\\\/droix.eu\\\/sl\\\/#listItem\",\"position\":1,\"name\":\"Home\",\"item\":\"https:\\\/\\\/droix.eu\\\/sl\\\/\",\"nextItem\":{\"@type\":\"ListItem\",\"@id\":\"https:\\\/\\\/droix.eu\\\/sl\\\/product-category\\\/nekategorizirane\\\/#listItem\",\"name\":\"Nekategorizirane\"}},{\"@type\":\"ListItem\",\"@id\":\"https:\\\/\\\/droix.eu\\\/sl\\\/product-category\\\/nekategorizirane\\\/#listItem\",\"position\":2,\"name\":\"Nekategorizirane\",\"item\":\"https:\\\/\\\/droix.eu\\\/sl\\\/product-category\\\/nekategorizirane\\\/\",\"nextItem\":{\"@type\":\"ListItem\",\"@id\":\"https:\\\/\\\/droix.eu\\\/sl\\\/product\\\/ayaneo-zepni-s-dodatki\\\/#listItem\",\"name\":\"AYANEO Pocket S dodatki\"},\"previousItem\":{\"@type\":\"ListItem\",\"@id\":\"https:\\\/\\\/droix.eu\\\/sl\\\/#listItem\",\"name\":\"Home\"}},{\"@type\":\"ListItem\",\"@id\":\"https:\\\/\\\/droix.eu\\\/sl\\\/product\\\/ayaneo-zepni-s-dodatki\\\/#listItem\",\"position\":3,\"name\":\"AYANEO Pocket S dodatki\",\"previousItem\":{\"@type\":\"ListItem\",\"@id\":\"https:\\\/\\\/droix.eu\\\/sl\\\/product-category\\\/nekategorizirane\\\/#listItem\",\"name\":\"Nekategorizirane\"}}]},{\"@type\":\"Organization\",\"@id\":\"https:\\\/\\\/droix.eu\\\/sl\\\/#organization\",\"name\":\"DroiX \\u2013 Trusted EU Tech Retailer with 12+ Years Experience\",\"description\":\"DroiX is a leading European technology retailer with over 12 years of experience, offering quality mini PCs, handheld gaming consoles, and tech accessories. We provide hassle-free EU delivery with all taxes included, ensuring a smooth and reliable shopping experience for our customers across Europe.\",\"url\":\"https:\\\/\\\/droix.eu\\\/sl\\\/\",\"logo\":{\"@type\":\"ImageObject\",\"url\":\"https:\\\/\\\/droix.eu\\\/wp-content\\\/uploads\\\/2024\\\/06\\\/droix-v2-light-logo.png\",\"@id\":\"https:\\\/\\\/droix.eu\\\/sl\\\/product\\\/ayaneo-zepni-s-dodatki\\\/#organizationLogo\",\"width\":380,\"height\":118},\"image\":{\"@id\":\"https:\\\/\\\/droix.eu\\\/sl\\\/product\\\/ayaneo-zepni-s-dodatki\\\/#organizationLogo\"},\"sameAs\":[\"https:\\\/\\\/www.facebook.com\\\/DroiX.Store\",\"https:\\\/\\\/twitter.com\\\/DroiX_Store\",\"https:\\\/\\\/www.instagram.com\\\/droix.store\\\/\",\"https:\\\/\\\/www.tiktok.com\\\/@droix.store\",\"https:\\\/\\\/www.youtube.com\\\/c\\\/DroiX_Store\",\"https:\\\/\\\/uk.linkedin.com\\\/company\\\/droix\"]},{\"@type\":\"Product\",\"@id\":\"https:\\\/\\\/droix.eu\\\/sl\\\/product\\\/ayaneo-zepni-s-dodatki\\\/#wooCommerceProduct\",\"name\":\"AYANEO Pocket S dodatki\",\"description\":\"Uradni AYANEO Pocket S etui\\n \\tMehka podloga iz tkanine za dodatno za\\u0161\\u010dito.\\n \\tNedrse\\u010da tekstura in velik ro\\u010daj za varno dr\\u017eanje.\\n \\tVisokokakovostna, izjemno prozorna za\\u0161\\u010dita za prepre\\u010devanje prask in made\\u017eev.\\n \\tOhranja ob\\u010dutljivost na dotik za nemoteno igranje.\",\"url\":\"https:\\\/\\\/droix.eu\\\/sl\\\/product\\\/ayaneo-zepni-s-dodatki\\\/\",\"sku\":\"AYANEO-POCKET-S-FREEBIES\",\"image\":{\"@type\":\"ImageObject\",\"url\":\"https:\\\/\\\/droix.eu\\\/wp-content\\\/uploads\\\/2024\\\/09\\\/AYANEO-POCKET-S-ACCESSORIES-LISTING-DONE-01.png\",\"@id\":\"https:\\\/\\\/droix.eu\\\/sl\\\/product\\\/ayaneo-zepni-s-dodatki\\\/#productImage\",\"width\":1500,\"height\":1500,\"caption\":\"Brezpla\\u010dni dodatki za AYANEO Pocket S (za\\u0161\\u010ditno ohi\\u0161je + ro\\u010daji + za\\u0161\\u010dita zaslona)\"},\"offers\":{\"@type\":\"Offer\",\"url\":\"https:\\\/\\\/droix.eu\\\/sl\\\/product\\\/ayaneo-zepni-s-dodatki\\\/#wooCommerceOffer\",\"price\":11.01,\"priceCurrency\":\"EUR\",\"category\":\"Nekategorizirane\",\"availability\":\"https:\\\/\\\/schema.org\\\/InStock\",\"priceSpecification\":{\"@type\":\"PriceSpecification\",\"price\":11.01,\"priceCurrency\":\"EUR\",\"valueAddedTaxIncluded\":\"true\"},\"seller\":{\"@type\":\"Organization\",\"@id\":\"https:\\\/\\\/droix.eu\\\/sl\\\/#organization\"}}},{\"@type\":\"WebPage\",\"@id\":\"https:\\\/\\\/droix.eu\\\/sl\\\/product\\\/ayaneo-zepni-s-dodatki\\\/#webpage\",\"url\":\"https:\\\/\\\/droix.eu\\\/sl\\\/product\\\/ayaneo-zepni-s-dodatki\\\/\",\"name\":\"AYANEO Pocket S dodatki - DROIX EU\",\"description\":\"Uradni AYANEO Pocket S etui Mehka podloga iz tkanine za dodatno za\\u0161\\u010dito. Nedrse\\u010da tekstura in velik ro\\u010daj za varno dr\\u017eanje. Visokokakovostna, izjemno prozorna za\\u0161\\u010dita za prepre\\u010devanje prask in made\\u017eev. Ohranja ob\\u010dutljivost na dotik za nemoteno igranje.\",\"inLanguage\":\"sl-SI\",\"isPartOf\":{\"@id\":\"https:\\\/\\\/droix.eu\\\/sl\\\/#website\"},\"breadcrumb\":{\"@id\":\"https:\\\/\\\/droix.eu\\\/sl\\\/product\\\/ayaneo-zepni-s-dodatki\\\/#breadcrumblist\"},\"image\":{\"@type\":\"ImageObject\",\"url\":\"https:\\\/\\\/droix.eu\\\/wp-content\\\/uploads\\\/2024\\\/09\\\/AYANEO-POCKET-S-ACCESSORIES-LISTING-DONE-01.png\",\"@id\":\"https:\\\/\\\/droix.eu\\\/sl\\\/product\\\/ayaneo-zepni-s-dodatki\\\/#mainImage\",\"width\":1500,\"height\":1500,\"caption\":\"Brezpla\\u010dni dodatki za AYANEO Pocket S (za\\u0161\\u010ditno ohi\\u0161je + ro\\u010daji + za\\u0161\\u010dita zaslona)\"},\"primaryImageOfPage\":{\"@id\":\"https:\\\/\\\/droix.eu\\\/sl\\\/product\\\/ayaneo-zepni-s-dodatki\\\/#mainImage\"},\"datePublished\":\"2024-09-19T12:02:29+01:00\",\"dateModified\":\"2026-04-08T10:14:07+01:00\"},{\"@type\":\"WebSite\",\"@id\":\"https:\\\/\\\/droix.eu\\\/sl\\\/#website\",\"url\":\"https:\\\/\\\/droix.eu\\\/sl\\\/\",\"name\":\"DROIX EU\",\"description\":\"Get the latest Mini PCs, Ultrabook, PC Gaming Handhelds and more!\",\"inLanguage\":\"sl-SI\",\"publisher\":{\"@id\":\"https:\\\/\\\/droix.eu\\\/sl\\\/#organization\"}}]}\n\t\t<\/script>\n\t\t<!-- All in One SEO Pro -->\r\n\t\t<title>AYANEO Pocket S dodatki - DROIX EU<\/title>\n\n","aioseo_head_json":{"title":"AYANEO Pocket S dodatki - DROIX EU","description":"Uradni AYANEO Pocket S etui Mehka podloga iz tkanine za dodatno za\u0161\u010dito. Nedrse\u010da tekstura in velik ro\u010daj za varno dr\u017eanje. Visokokakovostna, izjemno prozorna za\u0161\u010dita za prepre\u010devanje prask in made\u017eev. Ohranja ob\u010dutljivost na dotik za nemoteno igranje.","canonical_url":"https:\/\/droix.eu\/sl\/product\/ayaneo-zepni-s-dodatki\/","robots":"max-image-preview:large","keywords":"","webmasterTools":{"miscellaneous":""},"schema":{"@context":"https:\/\/schema.org","@graph":[{"@type":"BreadcrumbList","@id":"https:\/\/droix.eu\/sl\/product\/ayaneo-zepni-s-dodatki\/#breadcrumblist","itemListElement":[{"@type":"ListItem","@id":"https:\/\/droix.eu\/sl\/#listItem","position":1,"name":"Home","item":"https:\/\/droix.eu\/sl\/","nextItem":{"@type":"ListItem","@id":"https:\/\/droix.eu\/sl\/product-category\/nekategorizirane\/#listItem","name":"Nekategorizirane"}},{"@type":"ListItem","@id":"https:\/\/droix.eu\/sl\/product-category\/nekategorizirane\/#listItem","position":2,"name":"Nekategorizirane","item":"https:\/\/droix.eu\/sl\/product-category\/nekategorizirane\/","nextItem":{"@type":"ListItem","@id":"https:\/\/droix.eu\/sl\/product\/ayaneo-zepni-s-dodatki\/#listItem","name":"AYANEO Pocket S dodatki"},"previousItem":{"@type":"ListItem","@id":"https:\/\/droix.eu\/sl\/#listItem","name":"Home"}},{"@type":"ListItem","@id":"https:\/\/droix.eu\/sl\/product\/ayaneo-zepni-s-dodatki\/#listItem","position":3,"name":"AYANEO Pocket S dodatki","previousItem":{"@type":"ListItem","@id":"https:\/\/droix.eu\/sl\/product-category\/nekategorizirane\/#listItem","name":"Nekategorizirane"}}]},{"@type":"Organization","@id":"https:\/\/droix.eu\/sl\/#organization","name":"DroiX \u2013 Trusted EU Tech Retailer with 12+ Years Experience","description":"DroiX is a leading European technology retailer with over 12 years of experience, offering quality mini PCs, handheld gaming consoles, and tech accessories. We provide hassle-free EU delivery with all taxes included, ensuring a smooth and reliable shopping experience for our customers across Europe.","url":"https:\/\/droix.eu\/sl\/","logo":{"@type":"ImageObject","url":"https:\/\/droix.eu\/wp-content\/uploads\/2024\/06\/droix-v2-light-logo.png","@id":"https:\/\/droix.eu\/sl\/product\/ayaneo-zepni-s-dodatki\/#organizationLogo","width":380,"height":118},"image":{"@id":"https:\/\/droix.eu\/sl\/product\/ayaneo-zepni-s-dodatki\/#organizationLogo"},"sameAs":["https:\/\/www.facebook.com\/DroiX.Store","https:\/\/twitter.com\/DroiX_Store","https:\/\/www.instagram.com\/droix.store\/","https:\/\/www.tiktok.com\/@droix.store","https:\/\/www.youtube.com\/c\/DroiX_Store","https:\/\/uk.linkedin.com\/company\/droix"]},{"@type":"Product","@id":"https:\/\/droix.eu\/sl\/product\/ayaneo-zepni-s-dodatki\/#wooCommerceProduct","name":"AYANEO Pocket S dodatki","description":"Uradni AYANEO Pocket S etui\n \tMehka podloga iz tkanine za dodatno za\u0161\u010dito.\n \tNedrse\u010da tekstura in velik ro\u010daj za varno dr\u017eanje.\n \tVisokokakovostna, izjemno prozorna za\u0161\u010dita za prepre\u010devanje prask in made\u017eev.\n \tOhranja ob\u010dutljivost na dotik za nemoteno igranje.","url":"https:\/\/droix.eu\/sl\/product\/ayaneo-zepni-s-dodatki\/","sku":"AYANEO-POCKET-S-FREEBIES","image":{"@type":"ImageObject","url":"https:\/\/droix.eu\/wp-content\/uploads\/2024\/09\/AYANEO-POCKET-S-ACCESSORIES-LISTING-DONE-01.png","@id":"https:\/\/droix.eu\/sl\/product\/ayaneo-zepni-s-dodatki\/#productImage","width":1500,"height":1500,"caption":"Brezpla\u010dni dodatki za AYANEO Pocket S (za\u0161\u010ditno ohi\u0161je + ro\u010daji + za\u0161\u010dita zaslona)"},"offers":{"@type":"Offer","url":"https:\/\/droix.eu\/sl\/product\/ayaneo-zepni-s-dodatki\/#wooCommerceOffer","price":11.01,"priceCurrency":"EUR","category":"Nekategorizirane","availability":"https:\/\/schema.org\/InStock","priceSpecification":{"@type":"PriceSpecification","price":11.01,"priceCurrency":"EUR","valueAddedTaxIncluded":"true"},"seller":{"@type":"Organization","@id":"https:\/\/droix.eu\/sl\/#organization"}}},{"@type":"WebPage","@id":"https:\/\/droix.eu\/sl\/product\/ayaneo-zepni-s-dodatki\/#webpage","url":"https:\/\/droix.eu\/sl\/product\/ayaneo-zepni-s-dodatki\/","name":"AYANEO Pocket S dodatki - DROIX EU","description":"Uradni AYANEO Pocket S etui Mehka podloga iz tkanine za dodatno za\u0161\u010dito. Nedrse\u010da tekstura in velik ro\u010daj za varno dr\u017eanje. Visokokakovostna, izjemno prozorna za\u0161\u010dita za prepre\u010devanje prask in made\u017eev. Ohranja ob\u010dutljivost na dotik za nemoteno igranje.","inLanguage":"sl-SI","isPartOf":{"@id":"https:\/\/droix.eu\/sl\/#website"},"breadcrumb":{"@id":"https:\/\/droix.eu\/sl\/product\/ayaneo-zepni-s-dodatki\/#breadcrumblist"},"image":{"@type":"ImageObject","url":"https:\/\/droix.eu\/wp-content\/uploads\/2024\/09\/AYANEO-POCKET-S-ACCESSORIES-LISTING-DONE-01.png","@id":"https:\/\/droix.eu\/sl\/product\/ayaneo-zepni-s-dodatki\/#mainImage","width":1500,"height":1500,"caption":"Brezpla\u010dni dodatki za AYANEO Pocket S (za\u0161\u010ditno ohi\u0161je + ro\u010daji + za\u0161\u010dita zaslona)"},"primaryImageOfPage":{"@id":"https:\/\/droix.eu\/sl\/product\/ayaneo-zepni-s-dodatki\/#mainImage"},"datePublished":"2024-09-19T12:02:29+01:00","dateModified":"2026-04-08T10:14:07+01:00"},{"@type":"WebSite","@id":"https:\/\/droix.eu\/sl\/#website","url":"https:\/\/droix.eu\/sl\/","name":"DROIX EU","description":"Get the latest Mini PCs, Ultrabook, PC Gaming Handhelds and more!","inLanguage":"sl-SI","publisher":{"@id":"https:\/\/droix.eu\/sl\/#organization"}}]},"og:locale":"sl_SI","og:site_name":"DROIX EU - Get the latest Mini PCs, Ultrabook, PC Gaming Handhelds and more!","og:type":"article","og:title":"AYANEO Pocket S dodatki - DROIX EU","og:description":"Uradni AYANEO Pocket S etui Mehka podloga iz tkanine za dodatno za\u0161\u010dito. Nedrse\u010da tekstura in velik ro\u010daj za varno dr\u017eanje. Visokokakovostna, izjemno prozorna za\u0161\u010dita za prepre\u010devanje prask in made\u017eev. Ohranja ob\u010dutljivost na dotik za nemoteno igranje.","og:url":"https:\/\/droix.eu\/sl\/product\/ayaneo-zepni-s-dodatki\/","og:image":"https:\/\/droix.eu\/wp-content\/uploads\/2024\/06\/droix-v2-light-logo.png","og:image:secure_url":"https:\/\/droix.eu\/wp-content\/uploads\/2024\/06\/droix-v2-light-logo.png","og:image:width":380,"og:image:height":118,"article:published_time":"2024-09-19T11:02:29+00:00","article:modified_time":"2026-04-08T09:14:07+00:00","article:publisher":"https:\/\/www.facebook.com\/DroiX.Store","twitter:card":"summary_large_image","twitter:site":"@DroiX_Store","twitter:title":"AYANEO Pocket S dodatki - DROIX EU","twitter:description":"Uradni AYANEO Pocket S etui Mehka podloga iz tkanine za dodatno za\u0161\u010dito. Nedrse\u010da tekstura in velik ro\u010daj za varno dr\u017eanje. Visokokakovostna, izjemno prozorna za\u0161\u010dita za prepre\u010devanje prask in made\u017eev. Ohranja ob\u010dutljivost na dotik za nemoteno igranje.","twitter:image":"https:\/\/droix.eu\/wp-content\/uploads\/2024\/06\/droix-v2-light-logo.png"},"aioseo_meta_data":{"post_id":"508630","title":null,"description":null,"keywords":null,"keyphrases":{"focus":{"keyphrase":"","score":0,"analysis":{"keyphraseInTitle":{"score":0,"maxScore":9,"error":1}}},"additional":[]},"primary_term":null,"canonical_url":null,"og_title":null,"og_description":null,"og_object_type":"default","og_image_type":"default","og_image_url":null,"og_image_width":null,"og_image_height":null,"og_image_custom_url":null,"og_image_custom_fields":null,"og_video":"","og_custom_url":null,"og_article_section":null,"og_article_tags":null,"twitter_use_og":true,"twitter_card":"default","twitter_image_type":"default","twitter_image_url":null,"twitter_image_custom_url":null,"twitter_image_custom_fields":null,"twitter_title":null,"twitter_description":null,"schema":{"blockGraphs":[],"customGraphs":[],"default":{"data":{"Article":[],"Course":[],"Dataset":[],"FAQPage":[],"Movie":[],"Person":[],"Product":[],"ProductReview":[],"Car":[],"Recipe":[],"Service":[],"SoftwareApplication":[],"WebPage":[]},"graphName":"Product","isEnabled":true},"graphs":[]},"schema_type":"default","schema_type_options":null,"pillar_content":false,"robots_default":true,"robots_noindex":false,"robots_noarchive":false,"robots_nosnippet":false,"robots_nofollow":false,"robots_noimageindex":false,"robots_noodp":false,"robots_notranslate":false,"robots_max_snippet":"-1","robots_max_videopreview":"-1","robots_max_imagepreview":"large","priority":null,"frequency":"default","local_seo":null,"seo_analyzer_scan_date":"2026-04-24 12:55:15","breadcrumb_settings":null,"limit_modified_date":false,"reviewed_by":null,"open_ai":null,"ai":{"faqs":[],"keyPoints":[],"titles":[],"descriptions":[],"socialPosts":{"email":[],"linkedin":[],"twitter":[],"facebook":[],"instagram":[]}},"created":"2025-10-09 06:26:04","updated":"2026-04-24 12:55:15"},"aioseo_breadcrumb":"<div class=\"aioseo-breadcrumbs\"><span class=\"aioseo-breadcrumb\">\n\t<a href=\"https:\/\/droix.eu\/sl\/\" title=\"Home\">Home<\/a>\n<\/span><span class=\"aioseo-breadcrumb-separator\">&raquo;<\/span><span class=\"aioseo-breadcrumb\">\n\t<a href=\"https:\/\/droix.eu\/sl\/product-category\/nekategorizirane\/\" title=\"Nekategorizirane\">Nekategorizirane<\/a>\n<\/span><span class=\"aioseo-breadcrumb-separator\">&raquo;<\/span><span class=\"aioseo-breadcrumb\">\n\tAYANEO Pocket S dodatki\n<\/span><\/div>","aioseo_breadcrumb_json":[{"label":"Home","link":"https:\/\/droix.eu\/sl\/"},{"label":"Nekategorizirane","link":"https:\/\/droix.eu\/sl\/product-category\/nekategorizirane\/"},{"label":"AYANEO Pocket S dodatki","link":"https:\/\/droix.eu\/sl\/product\/ayaneo-zepni-s-dodatki\/"}],"_links":{"self":[{"href":"https:\/\/droix.eu\/sl\/wp-json\/wp\/v2\/product\/508630","targetHints":{"allow":["GET"]}}],"collection":[{"href":"https:\/\/droix.eu\/sl\/wp-json\/wp\/v2\/product"}],"about":[{"href":"https:\/\/droix.eu\/sl\/wp-json\/wp\/v2\/types\/product"}],"version-history":[{"count":0,"href":"https:\/\/droix.eu\/sl\/wp-json\/wp\/v2\/product\/508630\/revisions"}],"wp:featuredmedia":[{"embeddable":true,"href":"https:\/\/droix.eu\/sl\/wp-json\/wp\/v2\/media\/491263"}],"wp:attachment":[{"href":"https:\/\/droix.eu\/sl\/wp-json\/wp\/v2\/media?parent=508630"}],"wp:term":[{"taxonomy":"product_brand","embeddable":true,"href":"https:\/\/droix.eu\/sl\/wp-json\/wp\/v2\/product_brand?post=508630"},{"taxonomy":"product_cat","embeddable":true,"href":"https:\/\/droix.eu\/sl\/wp-json\/wp\/v2\/product_cat?post=508630"},{"taxonomy":"product_tag","embeddable":true,"href":"https:\/\/droix.eu\/sl\/wp-json\/wp\/v2\/product_tag?post=508630"},{"taxonomy":"woo-feed-brand","embeddable":true,"href":"https:\/\/droix.eu\/sl\/wp-json\/wp\/v2\/woo-feed-brand?post=508630"},{"taxonomy":"key-features","embeddable":true,"href":"https:\/\/droix.eu\/sl\/wp-json\/wp\/v2\/key-features?post=508630"}],"curies":[{"name":"wp","href":"https:\/\/api.w.org\/{rel}","templated":true}]}}