{"id":505087,"date":"2023-05-02T16:38:01","date_gmt":"2023-05-02T15:38:01","guid":{"rendered":"https:\/\/droix.eu\/zaloga-placilo-in-dostava\/"},"modified":"2025-05-27T14:11:37","modified_gmt":"2025-05-27T13:11:37","slug":"zaloga-placilo-in-dostava","status":"publish","type":"page","link":"https:\/\/droix.eu\/sl\/zaloga-placilo-in-dostava\/","title":{"rendered":"Zaloga, pla\u010dilo in dostava"},"content":{"rendered":"\n<p>Z veseljem sporo\u010damo, da <strong>DROIX <\/strong>zdaj ponuja \u0161e hitrej\u0161e in cenovno ugodnej\u0161e mo\u017enosti po\u0161iljanja za vse va\u0161e elektronske potrebe. Na\u0161a zaveza, da vam zagotovimo izjemno storitev za stranke, se razteza na zagotavljanje \u010dim hitrej\u0161ega in u\u010dinkovitej\u0161ega prejemanja naro\u010dil, ne da bi pri tem o\u0161kodovali banko. <\/p>\n\n<p>V podjetju <strong>DROIX<\/strong> se zavedamo, kako pomembna je prilagodljivost pri pla\u010devanju. Zato s ponosom sprejemamo pla\u010dila v vseh glavnih valutah in metodah, vklju\u010dno s kreditnimi in debetnimi karticami, PayPalom, shemami BNPL in drugimi, da bo va\u0161e nakupovanje nemoteno in priro\u010dno. <\/p>\n\n<p>Da bi \u0161e izbolj\u0161ali na\u0161e storitve, naro\u010dila po\u0161iljamo iz strate\u0161ko razporejenih skladi\u0161\u010d v Zdru\u017eenem kraljestvu, Evropi in ZDA. Tako lahko va\u0161e nakupe dostavimo v najkraj\u0161em mo\u017enem \u010dasu in hkrati zmanj\u0161amo stro\u0161ke po\u0161iljanja. <\/p>\n\n<p>Poleg tega si nenehno prizadevamo za raz\u0161iritev mo\u017enosti po\u0161iljanja in se z na\u0161imi partnerji za po\u0161iljanje pogajamo o bolj\u0161ih ponudbah, da bi zmanj\u0161ali stro\u0161ke. Na\u0161 cilj je, da te prihranke prenesemo na vas in da so na\u0161i izdelki \u0161e bolj dostopni strankam po vsem svetu. <\/p>\n\n<h2 class=\"wp-block-heading\">Informacije o zalogah<\/h2>\n\n<p>V podjetju <strong>DROIX<\/strong> si prizadevamo, da vas obve\u0161\u010damo o razpolo\u017eljivosti na\u0161ih izdelkov. Da bi la\u017eje razumeli razli\u010dna stanja zalog na na\u0161em spletnem mestu, smo za vsako stanje pripravili kratko razlago: <\/p>\n\n<ul class=\"wp-block-list\">\n<li><strong>Na zalogi:<\/strong> Kadar je izdelek ozna\u010den kot &#8220;Na zalogi&#8221;, to pomeni, da ga imamo trenutno na zalogi in je pripravljen za odpremo. Naro\u010dila za izdelke, ki so na zalogi, obi\u010dajno obdelamo in odpo\u0161ljemo v kratkem \u010dasu, s \u010dimer vam zagotovimo, da izdelke prejmete v najkraj\u0161em mo\u017enem \u010dasu. <\/li>\n\n\n\n<li><strong>Na zalogi:<\/strong> \u010ce je izdelek naveden kot &#8220;Na naro\u010dilo&#8221;, to pomeni, da je bil izdelek uradno predstavljen, vendar ga trenutno nimamo na zalogi. Lahko ste prepri\u010dani, da bomo va\u0161e naro\u010dilo poslali takoj, ko bomo od proizvajalcev prejeli nove zaloge. Datum obnovitve zaloge je obi\u010dajno naveden na strani izdelka in vam omogo\u010da oceno, kdaj lahko pri\u010dakujete odpremo naro\u010dila.  <\/li>\n\n\n\n<li><strong>Prednaro\u010dilo:<\/strong> Kadar je izdelek ozna\u010den kot &#8220;Prednaro\u010dilo&#8221;, to pomeni, da izdelek \u0161e ni bil uradno predstavljen. S prednaro\u010dilom izdelek rezervirate in si zagotovite, da ga boste prejeli med prvimi, ko bo izdelek lansiran in ko ga bomo imeli na zalogi v na\u0161ih skladi\u0161\u010dih.  Kupcem bomo prednaro\u010dene izdelke poslali takoj, ko bodo na voljo.<\/li>\n<\/ul>\n\n<p>\u010ce imate vpra\u0161anja o tem, ali je izdelek na zalogi, se obrnite na na\u0161 <strong>klepet v \u017eivo<\/strong> ali nam pi\u0161ite na <strong><a>support@droix.co.uk<\/a><\/strong>in z veseljem vam bomo pomagali.<\/p>\n\n<h2 class=\"wp-block-heading\">Pla\u010dilo<\/h2>\n\n<p>V podjetju <strong>DROIX<\/strong> se zavedamo, kako pomembno je ponujati prilagodljive in varne mo\u017enosti pla\u010dila za nemoteno nakupovalno izku\u0161njo. Zato smo ponosni, da sprejemamo \u0161tevilne na\u010dine pla\u010devanja, s \u010dimer se prilagajamo va\u0161im individualnim \u017eeljam in zagotavljamo brezskrben postopek pla\u010devanja. <\/p>\n\n<p>Z veseljem sprejemamo vse glavne debetne in kreditne kartice, vklju\u010dno z:<\/p>\n\n<ul class=\"wp-block-list\">\n<li><strong>Apple Pay:<\/strong> Izvajajte varna in brezsti\u010dna pla\u010dila z napravami Apple.<\/li>\n\n\n\n<li><strong>Mastercard:<\/strong> pla\u010dujte z zaupanja vredno debetno ali kreditno kartico Mastercard.<\/li>\n\n\n\n<li><strong>Vizum:<\/strong> Zana\u0161ajte se na globalni doseg in varnost svoje debetne ali kreditne kartice Visa.<\/li>\n<\/ul>\n\n<p>Poleg debetnih in kreditnih kartic sprejemamo tudi <strong>PayPal<\/strong>, splo\u0161no priznano in varno spletno pla\u010dilno platformo. PayPal vam omogo\u010da samozavestno nakupovanje, saj veste, da so va\u0161i finan\u010dni podatki za\u0161\u010diteni z napredno tehnologijo \u0161ifriranja. <\/p>\n\n<p>Z ve\u010d mo\u017enostmi pla\u010dila vam \u017eelimo zagotoviti prilagodljivost in udobje, ki si ju zaslu\u017eite pri nakupovanju pri <strong>DROIX-u<\/strong>. \u010ce imate kakr\u0161na koli vpra\u0161anja ali potrebujete pomo\u010d pri postopku pla\u010devanja, se obrnite na na\u0161o posebno ekipo za podporo strankam. <\/p>\n\n<h2 class=\"wp-block-heading\">Dostava in davek<\/h2>\n\n<p>Z veseljem vas obve\u0161\u010damo, da vsa naro\u010dila <strong>DROIX <\/strong>po\u0161iljamo izklju\u010dno iz na\u0161ega skladi\u0161\u010da v Zdru\u017eenem kraljestvu na naslovu 54C Expressway, N Woolwich Rd, London, E16 2AA, Zdru\u017eeno kraljestvo. \u010ceprav je na straneh izdelkov navedena mednarodna razpolo\u017eljivost dostave, upo\u0161tevajte, da <strong>so vsi izdelki poslani iz Zdru\u017eenega kraljestva<\/strong>, ne glede na namembni kraj. V EU ali ZDA nimamo centrov za izpolnjevanje naro\u010dil. Vsa mednarodna naro\u010dila so poslana iz Zdru\u017eenega kraljestva in zanje lahko veljajo uvozne dajatve in davki, ki se obra\u010dunajo ob nakupu (kjer je to primerno). Na\u0161a logisti\u010dna ekipa si prizadeva za u\u010dinkovito in pravo\u010dasno po\u0161iljanje po vsem svetu iz na\u0161ega sede\u017ea v Zdru\u017eenem kraljestvu.    <\/p>\n\n<ul class=\"wp-block-list\">\n<li><strong>Vklju\u010deni davki:<\/strong> Vse cene, navedene na na\u0161i spletni strani, vklju\u010dujejo veljavne davke, tako da je va\u0161a izku\u0161nja pri nakupu pregledna in brezskrbna.<\/li>\n\n\n\n<li><strong>Uvozni davki:<\/strong> Za kupce iz Zdru\u017eenega kraljestva in Zdru\u017eenih dr\u017eav Amerike ne bo nobenih dodatnih uvoznih davkov. Za stranke zunaj teh regij bo ve\u010dina izdelkov prav tako poslana s pla\u010danimi davki. To bo navedeno na vsaki strani izdelka, kar zagotavlja, da med dostavo ne bo prikritih presene\u010denj.  \n<ul class=\"wp-block-list\">\n<li>Z dokon\u010danjem nakupa pooblastite dru\u017ebo DROIX, da na vstopni to\u010dki v va\u0161em imenu pla\u010da te uvozne davke in dajatve. Ti zneski se pla\u010dajo neposredno carinskemu organu va\u0161e dr\u017eave in jih zato ni mogo\u010de povrniti v nobenem primeru, vklju\u010dno z zavrnjenimi ali vrnjenimi naro\u010dili. <\/li>\n\n\n\n<li>Pred oddajo naro\u010dila se prepri\u010dajte, da ste seznanjeni z uvoznimi pravili svoje dr\u017eave, saj ne moremo izterjati ali povrniti uvoznih pristojbin, ko so predlo\u017eene carini.<\/li>\n<\/ul>\n<\/li>\n<\/ul>\n\n<p><strong>DROIX <\/strong>s ponosom po\u0161ilja v naslednje dr\u017eave:<\/p>\n\n<ul class=\"wp-block-list\">\n<li>Zdru\u017eeno kraljestvo<\/li>\n\n\n\n<li>Albanija<\/li>\n\n\n\n<li>Andora<\/li>\n\n\n\n<li>Avstrija<\/li>\n\n\n\n<li>Belgija<\/li>\n\n\n\n<li>Bosna in Hercegovina<\/li>\n\n\n\n<li>Bolgarija<\/li>\n\n\n\n<li>Kanada<\/li>\n\n\n\n<li>Hrva\u0161ka<\/li>\n\n\n\n<li>\u010ce\u0161ka republika<\/li>\n\n\n\n<li>Danska<\/li>\n\n\n\n<li>Estonija<\/li>\n\n\n\n<li>Finska<\/li>\n\n\n\n<li>Francija<\/li>\n\n\n\n<li>Nem\u010dija<\/li>\n\n\n\n<li>Gr\u010dija<\/li>\n\n\n\n<li>Mad\u017earska<\/li>\n\n\n\n<li>Islandija<\/li>\n\n\n\n<li>Irska<\/li>\n\n\n\n<li>Italija<\/li>\n\n\n\n<li>Latvija<\/li>\n\n\n\n<li>Litva<\/li>\n\n\n\n<li>Luksemburg<\/li>\n\n\n\n<li>Malta<\/li>\n\n\n\n<li>Moldavija<\/li>\n\n\n\n<li>\u010crna gora<\/li>\n\n\n\n<li>Nizozemska<\/li>\n\n\n\n<li>Norve\u0161ka<\/li>\n\n\n\n<li>Poljska<\/li>\n\n\n\n<li>Portugalska<\/li>\n\n\n\n<li>Romunija<\/li>\n\n\n\n<li>Srbija<\/li>\n\n\n\n<li>Slova\u0161ka<\/li>\n\n\n\n<li>Slovenija<\/li>\n\n\n\n<li>\u0160panija<\/li>\n\n\n\n<li>\u0160vedska<\/li>\n\n\n\n<li>\u0160vica<\/li>\n\n\n\n<li>ZDA<\/li>\n<\/ul>\n\n<p>Ponujamo razli\u010dne na\u010dine po\u0161iljanja glede na razred izdelka. Izdelke visokega razreda lahko po\u0161ljemo samo prek <strong>DHL Express<\/strong>, da zagotovimo varno in hitro dostavo. Na\u0161e razpolo\u017eljive mo\u017enosti po\u0161iljanja vklju\u010dujejo <strong>DHL Express<\/strong>, <strong>DPD<\/strong>, <strong>GlobalMail<\/strong> in <strong>Royal Mail<\/strong>.  <\/p>\n\n<p>Upamo, da te informacije pojasnjujejo na\u0161e pravilnike in postopke po\u0161iljanja. \u010ce imate dodatna vpra\u0161anja ali pomisleke, se za pomo\u010d obrnite na na\u0161o ekipo za podporo strankam. <\/p>\n\n<h4 class=\"wp-block-heading\"><strong>Stro\u0161ki po\u0161iljanja in sledenje<\/strong><\/h4>\n\n<p><strong>Sledenje naro\u010dilu:<\/strong> Po\u0161iljamo vsa na\u0161a naro\u010dila s sledljivimi metodami, po odpremi naro\u010dila pa vam bomo poslali e-po\u0161tno sporo\u010dilo s \u0161tevilko za sledenje.<\/p>\n\n<p><strong>Stro\u0161ki dostave:<\/strong> Stro\u0161ki po\u0161iljanja se izra\u010dunajo na podlagi te\u017ee, vrednosti in namembnega kraja izdelka, pri \u010demer minimalni stro\u0161ki po\u0161iljanja zna\u0161ajo 10,11 \u00a3. Za natan\u010den izra\u010dun dodajte izdelek, ki ga \u017eelite kupiti, v ko\u0161arico in vnesite svoj naslov med nakupovanjem. <\/p>\n\n<p>\u010ce imate kakr\u0161na koli vpra\u0161anja v zvezi z va\u0161im naro\u010dilom ali sledenjem, <a href=\"https:\/\/droix.eu\/sl\/pisite-nam\/\" target=\"_blank\" rel=\"noreferrer noopener\" data-type=\"page\" data-id=\"10257\">se obrnite na nas<\/a>.<\/p>\n","protected":false},"excerpt":{"rendered":"<p>Z veseljem sporo\u010damo, da DROIX zdaj ponuja \u0161e hitrej\u0161e in cenovno ugodnej\u0161e mo\u017enosti po\u0161iljanja za vse va\u0161e elektronske potrebe. Na\u0161a zaveza, da vam zagotovimo izjemno storitev za stranke, se razteza na zagotavljanje \u010dim hitrej\u0161ega in u\u010dinkovitej\u0161ega prejemanja naro\u010dil, ne da bi pri tem o\u0161kodovali banko. V podjetju DROIX se zavedamo, kako pomembna je prilagodljivost pri [&hellip;]<\/p>\n","protected":false},"author":2,"featured_media":0,"parent":0,"menu_order":0,"comment_status":"closed","ping_status":"closed","template":"","meta":{"_acf_changed":false,"footnotes":""},"class_list":["post-505087","page","type-page","status-publish","hentry"],"acf":[],"aioseo_notices":[],"aioseo_head":"\n\t\t<!-- All in One SEO Pro 4.9.6.2 - aioseo.com -->\n\t<meta name=\"description\" content=\"Z veseljem sporo\u010damo, da DROIX zdaj ponuja \u0161e hitrej\u0161e in cenovno ugodnej\u0161e mo\u017enosti po\u0161iljanja za vse va\u0161e elektronske potrebe. Na\u0161a zaveza, da vam zagotovimo izjemno storitev za stranke, se razteza na zagotavljanje \u010dim hitrej\u0161ega in u\u010dinkovitej\u0161ega prejemanja naro\u010dil, ne da bi pri tem o\u0161kodovali banko. V podjetju DROIX se zavedamo, kako pomembna je prilagodljivost pri\" \/>\n\t<meta name=\"robots\" content=\"max-image-preview:large\" \/>\n\t<link rel=\"canonical\" href=\"https:\/\/droix.eu\/sl\/zaloga-placilo-in-dostava\/\" \/>\n\t<meta name=\"generator\" content=\"All in One SEO Pro (AIOSEO) 4.9.6.2\" \/>\n\t\t<meta property=\"og:locale\" content=\"sl_SI\" \/>\n\t\t<meta property=\"og:site_name\" content=\"DROIX EU - Get the latest Mini PCs, Ultrabook, PC Gaming Handhelds and more!\" \/>\n\t\t<meta property=\"og:type\" content=\"article\" \/>\n\t\t<meta property=\"og:title\" content=\"Zaloga, pla\u010dilo in dostava - DROIX EU\" \/>\n\t\t<meta property=\"og:description\" content=\"Z veseljem sporo\u010damo, da DROIX zdaj ponuja \u0161e hitrej\u0161e in cenovno ugodnej\u0161e mo\u017enosti po\u0161iljanja za vse va\u0161e elektronske potrebe. Na\u0161a zaveza, da vam zagotovimo izjemno storitev za stranke, se razteza na zagotavljanje \u010dim hitrej\u0161ega in u\u010dinkovitej\u0161ega prejemanja naro\u010dil, ne da bi pri tem o\u0161kodovali banko. V podjetju DROIX se zavedamo, kako pomembna je prilagodljivost pri\" \/>\n\t\t<meta property=\"og:url\" content=\"https:\/\/droix.eu\/sl\/zaloga-placilo-in-dostava\/\" \/>\n\t\t<meta property=\"og:image\" content=\"https:\/\/droix.eu\/wp-content\/uploads\/2024\/06\/droix-v2-light-logo.png\" \/>\n\t\t<meta property=\"og:image:secure_url\" content=\"https:\/\/droix.eu\/wp-content\/uploads\/2024\/06\/droix-v2-light-logo.png\" \/>\n\t\t<meta property=\"og:image:width\" content=\"380\" \/>\n\t\t<meta property=\"og:image:height\" content=\"118\" \/>\n\t\t<meta property=\"article:published_time\" content=\"2023-05-02T15:38:01+00:00\" \/>\n\t\t<meta property=\"article:modified_time\" content=\"2025-05-27T13:11:37+00:00\" \/>\n\t\t<meta property=\"article:publisher\" content=\"https:\/\/www.facebook.com\/DroiX.Store\" \/>\n\t\t<meta name=\"twitter:card\" content=\"summary_large_image\" \/>\n\t\t<meta name=\"twitter:site\" content=\"@DroiX_Store\" \/>\n\t\t<meta name=\"twitter:title\" content=\"Zaloga, pla\u010dilo in dostava - DROIX EU\" \/>\n\t\t<meta name=\"twitter:description\" content=\"Z veseljem sporo\u010damo, da DROIX zdaj ponuja \u0161e hitrej\u0161e in cenovno ugodnej\u0161e mo\u017enosti po\u0161iljanja za vse va\u0161e elektronske potrebe. Na\u0161a zaveza, da vam zagotovimo izjemno storitev za stranke, se razteza na zagotavljanje \u010dim hitrej\u0161ega in u\u010dinkovitej\u0161ega prejemanja naro\u010dil, ne da bi pri tem o\u0161kodovali banko. V podjetju DROIX se zavedamo, kako pomembna je prilagodljivost pri\" \/>\n\t\t<meta name=\"twitter:creator\" content=\"@DroiX_Store\" \/>\n\t\t<meta name=\"twitter:image\" content=\"https:\/\/droix.eu\/wp-content\/uploads\/2024\/06\/droix-v2-light-logo.png\" \/>\n\t\t<script type=\"application\/ld+json\" class=\"aioseo-schema\">\n\t\t\t{\"@context\":\"https:\\\/\\\/schema.org\",\"@graph\":[{\"@type\":\"BreadcrumbList\",\"@id\":\"https:\\\/\\\/droix.eu\\\/sl\\\/zaloga-placilo-in-dostava\\\/#breadcrumblist\",\"itemListElement\":[{\"@type\":\"ListItem\",\"@id\":\"https:\\\/\\\/droix.eu\\\/sl\\\/#listItem\",\"position\":1,\"name\":\"Home\",\"item\":\"https:\\\/\\\/droix.eu\\\/sl\\\/\",\"nextItem\":{\"@type\":\"ListItem\",\"@id\":\"https:\\\/\\\/droix.eu\\\/sl\\\/zaloga-placilo-in-dostava\\\/#listItem\",\"name\":\"Zaloga, pla\\u010dilo in dostava\"}},{\"@type\":\"ListItem\",\"@id\":\"https:\\\/\\\/droix.eu\\\/sl\\\/zaloga-placilo-in-dostava\\\/#listItem\",\"position\":2,\"name\":\"Zaloga, pla\\u010dilo in dostava\",\"previousItem\":{\"@type\":\"ListItem\",\"@id\":\"https:\\\/\\\/droix.eu\\\/sl\\\/#listItem\",\"name\":\"Home\"}}]},{\"@type\":\"Organization\",\"@id\":\"https:\\\/\\\/droix.eu\\\/sl\\\/#organization\",\"name\":\"DroiX \\u2013 Trusted EU Tech Retailer with 12+ Years Experience\",\"description\":\"DroiX is a leading European technology retailer with over 12 years of experience, offering quality mini PCs, handheld gaming consoles, and tech accessories. We provide hassle-free EU delivery with all taxes included, ensuring a smooth and reliable shopping experience for our customers across Europe.\",\"url\":\"https:\\\/\\\/droix.eu\\\/sl\\\/\",\"logo\":{\"@type\":\"ImageObject\",\"url\":\"https:\\\/\\\/droix.eu\\\/wp-content\\\/uploads\\\/2024\\\/06\\\/droix-v2-light-logo.png\",\"@id\":\"https:\\\/\\\/droix.eu\\\/sl\\\/zaloga-placilo-in-dostava\\\/#organizationLogo\",\"width\":380,\"height\":118},\"image\":{\"@id\":\"https:\\\/\\\/droix.eu\\\/sl\\\/zaloga-placilo-in-dostava\\\/#organizationLogo\"},\"sameAs\":[\"https:\\\/\\\/www.facebook.com\\\/DroiX.Store\",\"https:\\\/\\\/twitter.com\\\/DroiX_Store\",\"https:\\\/\\\/www.instagram.com\\\/droix.store\\\/\",\"https:\\\/\\\/www.tiktok.com\\\/@droix.store\",\"https:\\\/\\\/www.youtube.com\\\/c\\\/DroiX_Store\",\"https:\\\/\\\/uk.linkedin.com\\\/company\\\/droix\"]},{\"@type\":\"WebPage\",\"@id\":\"https:\\\/\\\/droix.eu\\\/sl\\\/zaloga-placilo-in-dostava\\\/#webpage\",\"url\":\"https:\\\/\\\/droix.eu\\\/sl\\\/zaloga-placilo-in-dostava\\\/\",\"name\":\"Zaloga, pla\\u010dilo in dostava - DROIX EU\",\"description\":\"Z veseljem sporo\\u010damo, da DROIX zdaj ponuja \\u0161e hitrej\\u0161e in cenovno ugodnej\\u0161e mo\\u017enosti po\\u0161iljanja za vse va\\u0161e elektronske potrebe. Na\\u0161a zaveza, da vam zagotovimo izjemno storitev za stranke, se razteza na zagotavljanje \\u010dim hitrej\\u0161ega in u\\u010dinkovitej\\u0161ega prejemanja naro\\u010dil, ne da bi pri tem o\\u0161kodovali banko. V podjetju DROIX se zavedamo, kako pomembna je prilagodljivost pri\",\"inLanguage\":\"sl-SI\",\"isPartOf\":{\"@id\":\"https:\\\/\\\/droix.eu\\\/sl\\\/#website\"},\"breadcrumb\":{\"@id\":\"https:\\\/\\\/droix.eu\\\/sl\\\/zaloga-placilo-in-dostava\\\/#breadcrumblist\"},\"datePublished\":\"2023-05-02T16:38:01+01:00\",\"dateModified\":\"2025-05-27T14:11:37+01:00\"},{\"@type\":\"WebSite\",\"@id\":\"https:\\\/\\\/droix.eu\\\/sl\\\/#website\",\"url\":\"https:\\\/\\\/droix.eu\\\/sl\\\/\",\"name\":\"DROIX EU\",\"description\":\"Get the latest Mini PCs, Ultrabook, PC Gaming Handhelds and more!\",\"inLanguage\":\"sl-SI\",\"publisher\":{\"@id\":\"https:\\\/\\\/droix.eu\\\/sl\\\/#organization\"}}]}\n\t\t<\/script>\n\t\t<!-- All in One SEO Pro -->\r\n\t\t<title>Zaloga, pla\u010dilo in dostava - DROIX EU<\/title>\n\n","aioseo_head_json":{"title":"Zaloga, pla\u010dilo in dostava - DROIX EU","description":"Z veseljem sporo\u010damo, da DROIX zdaj ponuja \u0161e hitrej\u0161e in cenovno ugodnej\u0161e mo\u017enosti po\u0161iljanja za vse va\u0161e elektronske potrebe. Na\u0161a zaveza, da vam zagotovimo izjemno storitev za stranke, se razteza na zagotavljanje \u010dim hitrej\u0161ega in u\u010dinkovitej\u0161ega prejemanja naro\u010dil, ne da bi pri tem o\u0161kodovali banko. V podjetju DROIX se zavedamo, kako pomembna je prilagodljivost pri","canonical_url":"https:\/\/droix.eu\/sl\/zaloga-placilo-in-dostava\/","robots":"max-image-preview:large","keywords":"","webmasterTools":{"miscellaneous":""},"schema":{"@context":"https:\/\/schema.org","@graph":[{"@type":"BreadcrumbList","@id":"https:\/\/droix.eu\/sl\/zaloga-placilo-in-dostava\/#breadcrumblist","itemListElement":[{"@type":"ListItem","@id":"https:\/\/droix.eu\/sl\/#listItem","position":1,"name":"Home","item":"https:\/\/droix.eu\/sl\/","nextItem":{"@type":"ListItem","@id":"https:\/\/droix.eu\/sl\/zaloga-placilo-in-dostava\/#listItem","name":"Zaloga, pla\u010dilo in dostava"}},{"@type":"ListItem","@id":"https:\/\/droix.eu\/sl\/zaloga-placilo-in-dostava\/#listItem","position":2,"name":"Zaloga, pla\u010dilo in dostava","previousItem":{"@type":"ListItem","@id":"https:\/\/droix.eu\/sl\/#listItem","name":"Home"}}]},{"@type":"Organization","@id":"https:\/\/droix.eu\/sl\/#organization","name":"DroiX \u2013 Trusted EU Tech Retailer with 12+ Years Experience","description":"DroiX is a leading European technology retailer with over 12 years of experience, offering quality mini PCs, handheld gaming consoles, and tech accessories. We provide hassle-free EU delivery with all taxes included, ensuring a smooth and reliable shopping experience for our customers across Europe.","url":"https:\/\/droix.eu\/sl\/","logo":{"@type":"ImageObject","url":"https:\/\/droix.eu\/wp-content\/uploads\/2024\/06\/droix-v2-light-logo.png","@id":"https:\/\/droix.eu\/sl\/zaloga-placilo-in-dostava\/#organizationLogo","width":380,"height":118},"image":{"@id":"https:\/\/droix.eu\/sl\/zaloga-placilo-in-dostava\/#organizationLogo"},"sameAs":["https:\/\/www.facebook.com\/DroiX.Store","https:\/\/twitter.com\/DroiX_Store","https:\/\/www.instagram.com\/droix.store\/","https:\/\/www.tiktok.com\/@droix.store","https:\/\/www.youtube.com\/c\/DroiX_Store","https:\/\/uk.linkedin.com\/company\/droix"]},{"@type":"WebPage","@id":"https:\/\/droix.eu\/sl\/zaloga-placilo-in-dostava\/#webpage","url":"https:\/\/droix.eu\/sl\/zaloga-placilo-in-dostava\/","name":"Zaloga, pla\u010dilo in dostava - DROIX EU","description":"Z veseljem sporo\u010damo, da DROIX zdaj ponuja \u0161e hitrej\u0161e in cenovno ugodnej\u0161e mo\u017enosti po\u0161iljanja za vse va\u0161e elektronske potrebe. Na\u0161a zaveza, da vam zagotovimo izjemno storitev za stranke, se razteza na zagotavljanje \u010dim hitrej\u0161ega in u\u010dinkovitej\u0161ega prejemanja naro\u010dil, ne da bi pri tem o\u0161kodovali banko. V podjetju DROIX se zavedamo, kako pomembna je prilagodljivost pri","inLanguage":"sl-SI","isPartOf":{"@id":"https:\/\/droix.eu\/sl\/#website"},"breadcrumb":{"@id":"https:\/\/droix.eu\/sl\/zaloga-placilo-in-dostava\/#breadcrumblist"},"datePublished":"2023-05-02T16:38:01+01:00","dateModified":"2025-05-27T14:11:37+01:00"},{"@type":"WebSite","@id":"https:\/\/droix.eu\/sl\/#website","url":"https:\/\/droix.eu\/sl\/","name":"DROIX EU","description":"Get the latest Mini PCs, Ultrabook, PC Gaming Handhelds and more!","inLanguage":"sl-SI","publisher":{"@id":"https:\/\/droix.eu\/sl\/#organization"}}]},"og:locale":"sl_SI","og:site_name":"DROIX EU - Get the latest Mini PCs, Ultrabook, PC Gaming Handhelds and more!","og:type":"article","og:title":"Zaloga, pla\u010dilo in dostava - DROIX EU","og:description":"Z veseljem sporo\u010damo, da DROIX zdaj ponuja \u0161e hitrej\u0161e in cenovno ugodnej\u0161e mo\u017enosti po\u0161iljanja za vse va\u0161e elektronske potrebe. Na\u0161a zaveza, da vam zagotovimo izjemno storitev za stranke, se razteza na zagotavljanje \u010dim hitrej\u0161ega in u\u010dinkovitej\u0161ega prejemanja naro\u010dil, ne da bi pri tem o\u0161kodovali banko. V podjetju DROIX se zavedamo, kako pomembna je prilagodljivost pri","og:url":"https:\/\/droix.eu\/sl\/zaloga-placilo-in-dostava\/","og:image":"https:\/\/droix.eu\/wp-content\/uploads\/2024\/06\/droix-v2-light-logo.png","og:image:secure_url":"https:\/\/droix.eu\/wp-content\/uploads\/2024\/06\/droix-v2-light-logo.png","og:image:width":380,"og:image:height":118,"article:published_time":"2023-05-02T15:38:01+00:00","article:modified_time":"2025-05-27T13:11:37+00:00","article:publisher":"https:\/\/www.facebook.com\/DroiX.Store","twitter:card":"summary_large_image","twitter:site":"@DroiX_Store","twitter:title":"Zaloga, pla\u010dilo in dostava - DROIX EU","twitter:description":"Z veseljem sporo\u010damo, da DROIX zdaj ponuja \u0161e hitrej\u0161e in cenovno ugodnej\u0161e mo\u017enosti po\u0161iljanja za vse va\u0161e elektronske potrebe. Na\u0161a zaveza, da vam zagotovimo izjemno storitev za stranke, se razteza na zagotavljanje \u010dim hitrej\u0161ega in u\u010dinkovitej\u0161ega prejemanja naro\u010dil, ne da bi pri tem o\u0161kodovali banko. V podjetju DROIX se zavedamo, kako pomembna je prilagodljivost pri","twitter:creator":"@DroiX_Store","twitter:image":"https:\/\/droix.eu\/wp-content\/uploads\/2024\/06\/droix-v2-light-logo.png"},"aioseo_meta_data":{"post_id":"505087","title":null,"description":null,"keywords":null,"keyphrases":null,"primary_term":null,"canonical_url":null,"og_title":null,"og_description":null,"og_object_type":"default","og_image_type":"default","og_image_url":null,"og_image_width":null,"og_image_height":null,"og_image_custom_url":null,"og_image_custom_fields":null,"og_video":null,"og_custom_url":null,"og_article_section":null,"og_article_tags":null,"twitter_use_og":true,"twitter_card":"default","twitter_image_type":"default","twitter_image_url":null,"twitter_image_custom_url":null,"twitter_image_custom_fields":null,"twitter_title":null,"twitter_description":null,"schema":{"blockGraphs":[],"customGraphs":[],"default":{"data":{"Article":[],"Course":[],"Dataset":[],"FAQPage":[],"Movie":[],"Person":[],"Product":[],"ProductReview":[],"Car":[],"Recipe":[],"Service":[],"SoftwareApplication":[],"WebPage":[]},"graphName":"","isEnabled":true},"graphs":[]},"schema_type":"default","schema_type_options":null,"pillar_content":false,"robots_default":true,"robots_noindex":false,"robots_noarchive":false,"robots_nosnippet":false,"robots_nofollow":false,"robots_noimageindex":false,"robots_noodp":false,"robots_notranslate":false,"robots_max_snippet":null,"robots_max_videopreview":null,"robots_max_imagepreview":"large","priority":null,"frequency":null,"local_seo":null,"seo_analyzer_scan_date":"2025-09-17 00:16:43","breadcrumb_settings":null,"limit_modified_date":false,"reviewed_by":null,"open_ai":null,"ai":null,"created":"2025-09-17 00:16:43","updated":"2025-11-27 01:25:13"},"aioseo_breadcrumb":"<div class=\"aioseo-breadcrumbs\"><span class=\"aioseo-breadcrumb\">\n\t<a href=\"https:\/\/droix.eu\/sl\/\" title=\"Home\">Home<\/a>\n<\/span><span class=\"aioseo-breadcrumb-separator\">&raquo;<\/span><span class=\"aioseo-breadcrumb\">\n\tZaloga, pla\u010dilo in dostava\n<\/span><\/div>","aioseo_breadcrumb_json":[{"label":"Home","link":"https:\/\/droix.eu\/sl\/"},{"label":"Zaloga, pla\u010dilo in dostava","link":"https:\/\/droix.eu\/sl\/zaloga-placilo-in-dostava\/"}],"_links":{"self":[{"href":"https:\/\/droix.eu\/sl\/wp-json\/wp\/v2\/pages\/505087","targetHints":{"allow":["GET"]}}],"collection":[{"href":"https:\/\/droix.eu\/sl\/wp-json\/wp\/v2\/pages"}],"about":[{"href":"https:\/\/droix.eu\/sl\/wp-json\/wp\/v2\/types\/page"}],"author":[{"embeddable":true,"href":"https:\/\/droix.eu\/sl\/wp-json\/wp\/v2\/users\/2"}],"replies":[{"embeddable":true,"href":"https:\/\/droix.eu\/sl\/wp-json\/wp\/v2\/comments?post=505087"}],"version-history":[{"count":0,"href":"https:\/\/droix.eu\/sl\/wp-json\/wp\/v2\/pages\/505087\/revisions"}],"wp:attachment":[{"href":"https:\/\/droix.eu\/sl\/wp-json\/wp\/v2\/media?parent=505087"}],"curies":[{"name":"wp","href":"https:\/\/api.w.org\/{rel}","templated":true}]}}