{"id":504956,"date":"2021-12-23T11:49:46","date_gmt":"2021-12-23T11:49:46","guid":{"rendered":"https:\/\/droix.eu\/pravilnik-o-piskotkih\/"},"modified":"2025-05-27T14:16:34","modified_gmt":"2025-05-27T13:16:34","slug":"pravilnik-o-piskotkih","status":"publish","type":"page","link":"https:\/\/droix.eu\/sl\/pravilnik-o-piskotkih\/","title":{"rendered":"Pravilnik o pi\u0161kotkih"},"content":{"rendered":"\n<p>Naslednji pravilnik o pi\u0161kotkih je treba razumeti v skladu (v paru) s <a href=\"https:\/\/droix.eu\/sl\/pogoji-in-dolocila\/\" target=\"_blank\" rel=\"noreferrer noopener\">pogoji in dolo\u010dili<\/a> ter <a href=\"https:\/\/droix.eu\/sl\/pravilnik-o-zasebnosti\/\" target=\"_blank\" rel=\"noreferrer noopener\">pravilnikom o zasebnosti<\/a>.<\/p>\n\n<ol class=\"wp-block-list\">\n<li>Ti prodajni pogoji veljajo za vse blago, ki ga dobavlja dru\u017eba DROIX s sede\u017eem na 54C Expressway, N Woolwich Rd, London, E16 2AA, Zdru\u017eeno kraljestvo).\n<ol class=\"wp-block-list\">\n<li>V navedeni pogodbi so sklicevanja na: Mi (DROIX) smo dobavitelj, vi (kupec) pa<\/li>\n<\/ol>\n<\/li>\n<\/ol>\n\n<ol class=\"wp-block-list\">\n<li>Dobaviteljevo spletno mesto uporablja pi\u0161kotke za razlikovanje stranke, tj. vas, od drugih uporabnikov spletnega mesta. To dobavitelju pomaga, da vam zagotovi dobro izku\u0161njo, ko brskate po dobaviteljevem spletnem mestu, dobavitelju pa omogo\u010da tudi izbolj\u0161anje na\u0161ega spletnega mesta. Z nadaljnjim brskanjem po spletnem mestu se strinjate, da dobavitelj uporablja pi\u0161kotke.  <\/li>\n\n\n\n<li>Pi\u0161kotek je majhna datoteka s \u010drkami in \u0161tevilkami, ki jo dobavitelj shrani v va\u0161 brskalnik ali na trdi disk va\u0161ega ra\u010dunalnika ali mobilnega telefona, \u010de se s tem strinjate. Pi\u0161kotki vsebujejo informacije, ki se prenesejo na trdi disk va\u0161ega ra\u010dunalnika. <\/li>\n\n\n\n<li>Dobavitelj uporablja naslednje pi\u0161kotke:\n<ol class=\"wp-block-list\">\n<li>Strogo potrebni pi\u0161kotki. To so pi\u0161kotki, ki so potrebni za delovanje dobaviteljeve spletne strani. Vklju\u010dujejo na primer pi\u0161kotke, ki vam omogo\u010dajo prijavo v varna obmo\u010dja dobaviteljevega spletnega mesta in izvajanje transakcij.  <\/li>\n\n\n\n<li>Analiti\u010dni\/izvedbeni pi\u0161kotki. Dobavitelju omogo\u010dajo, da prepozna in pre\u0161teje \u0161tevilo obiskovalcev ter vidi, kako se obiskovalci gibljejo po dobaviteljevem spletnem mestu, ko ga uporabljajo. To dobavitelju pomaga izbolj\u0161ati na\u010din delovanja spletnega mesta, na primer tako, da zagotovi, da uporabniki zlahka in brez te\u017eav najdejo, kar i\u0161\u010dejo.  <\/li>\n\n\n\n<li>Dobavitelj uporablja pi\u0161kotke Google Analytics. Google Analytics zbira informacije anonimno. Poro\u010da o trendih na spletnem mestu, ne da bi identificiral posamezne obiskovalce. Storitev Google Analytics lahko odjavite, ne da bi to vplivalo na na\u010din obiskovanja tega spletnega mesta. Za ve\u010d informacij o storitvi Google Analytics kliknite tukaj.    <\/li>\n\n\n\n<li>Ciljni pi\u0161kotki. Ti pi\u0161kotki bele\u017eijo va\u0161 obisk dobaviteljevega spletnega mesta, strani, ki ste jih obiskali, in povezave, ki ste jim sledili. Dobavitelj te informacije uporabi, da bi spletno mesto in na njem prikazano ogla\u0161evanje bolj ustrezalo va\u0161im interesom. Dobavitelj lahko te informacije v ta namen deli tudi s tretjimi osebami.   <\/li>\n<\/ol>\n<\/li>\n\n\n\n<li>Upo\u0161tevajte, da lahko pi\u0161kotke uporabljajo tudi tretje osebe (na primer ogla\u0161evalska omre\u017eja in ponudniki zunanjih storitev, kot so storitve analize spletnega prometa), nad katerimi dobavitelj nima nadzora. Ti pi\u0161kotki so verjetno analiti\u010dni\/izvedbeni pi\u0161kotki ali ciljni pi\u0161kotki. <\/li>\n\n\n\n<li>Pi\u0161kotke lahko blokirate tako, da v brskalniku aktivirate nastavitev, ki vam omogo\u010da, da zavrnete nastavitev vseh ali nekaterih pi\u0161kotkov. \u010ce z nastavitvami brskalnika blokirate vse pi\u0161kotke (vklju\u010dno z bistvenimi pi\u0161kotki), morda ne boste mogli dostopati do vseh ali nekaterih delov dobaviteljevega spletnega mesta. <\/li>\n<\/ol>\n\n<h2 class=\"wp-block-heading\" id=\"h-cookie-description\">OPIS PI\u0160KOTKOV<\/h2>\n<p><script type=\"text\/javascript\" charset=\"UTF-8\" data-cookiescriptreport=\"report\" src=\"\/\/report.cookie-script.com\/r\/21c7c108a50ee55d6c4ed24051df0334.js\"><\/script><\/p>\n\n<p class=\"has-text-align-center\">Pravilnik o pi\u0161kotkih je bil nazadnje posodobljen: oktober 2022 &#8211; 02:29AM.<\/p>\n","protected":false},"excerpt":{"rendered":"<p>Naslednji pravilnik o pi\u0161kotkih je treba razumeti v skladu (v paru) s pogoji in dolo\u010dili ter pravilnikom o zasebnosti. OPIS PI\u0160KOTKOV Pravilnik o pi\u0161kotkih je bil nazadnje posodobljen: oktober 2022 &#8211; 02:29AM.<\/p>\n","protected":false},"author":1,"featured_media":0,"parent":0,"menu_order":0,"comment_status":"closed","ping_status":"closed","template":"","meta":{"_acf_changed":false,"footnotes":""},"class_list":["post-504956","page","type-page","status-publish","hentry"],"acf":[],"aioseo_notices":[],"aioseo_head":"\n\t\t<!-- All in One SEO Pro 4.9.5.2 - aioseo.com -->\n\t<meta name=\"description\" content=\"Naslednji pravilnik o pi\u0161kotkih je treba razumeti v skladu (v paru) s pogoji in dolo\u010dili ter pravilnikom o zasebnosti. Ti prodajni pogoji veljajo za vse blago, ki ga dobavlja dru\u017eba DROIX s sede\u017eem na 54C Expressway, N Woolwich Rd, London, E16 2AA, Zdru\u017eeno kraljestvo). V navedeni pogodbi so sklicevanja na: Mi (DROIX) smo dobavitelj, vi\" \/>\n\t<meta name=\"robots\" content=\"max-image-preview:large\" \/>\n\t<link rel=\"canonical\" href=\"https:\/\/droix.eu\/sl\/pravilnik-o-piskotkih\/\" \/>\n\t<meta name=\"generator\" content=\"All in One SEO Pro (AIOSEO) 4.9.5.2\" \/>\n\t\t<meta property=\"og:locale\" content=\"sl_SI\" \/>\n\t\t<meta property=\"og:site_name\" content=\"DROIX EU - Get the latest Mini PCs, Ultrabook, PC Gaming Handhelds and more!\" \/>\n\t\t<meta property=\"og:type\" content=\"article\" \/>\n\t\t<meta property=\"og:title\" content=\"Pravilnik o pi\u0161kotkih - DROIX EU\" \/>\n\t\t<meta property=\"og:description\" content=\"Naslednji pravilnik o pi\u0161kotkih je treba razumeti v skladu (v paru) s pogoji in dolo\u010dili ter pravilnikom o zasebnosti. Ti prodajni pogoji veljajo za vse blago, ki ga dobavlja dru\u017eba DROIX s sede\u017eem na 54C Expressway, N Woolwich Rd, London, E16 2AA, Zdru\u017eeno kraljestvo). V navedeni pogodbi so sklicevanja na: Mi (DROIX) smo dobavitelj, vi\" \/>\n\t\t<meta property=\"og:url\" content=\"https:\/\/droix.eu\/sl\/pravilnik-o-piskotkih\/\" \/>\n\t\t<meta property=\"og:image\" content=\"https:\/\/droix.eu\/wp-content\/uploads\/2024\/06\/droix-v2-light-logo.png\" \/>\n\t\t<meta property=\"og:image:secure_url\" content=\"https:\/\/droix.eu\/wp-content\/uploads\/2024\/06\/droix-v2-light-logo.png\" \/>\n\t\t<meta property=\"og:image:width\" content=\"380\" \/>\n\t\t<meta property=\"og:image:height\" content=\"118\" \/>\n\t\t<meta property=\"article:published_time\" content=\"2021-12-23T11:49:46+00:00\" \/>\n\t\t<meta property=\"article:modified_time\" content=\"2025-05-27T13:16:34+00:00\" \/>\n\t\t<meta property=\"article:publisher\" content=\"https:\/\/www.facebook.com\/DroiX.Store\" \/>\n\t\t<meta name=\"twitter:card\" content=\"summary_large_image\" \/>\n\t\t<meta name=\"twitter:site\" content=\"@DroiX_Store\" \/>\n\t\t<meta name=\"twitter:title\" content=\"Pravilnik o pi\u0161kotkih - DROIX EU\" \/>\n\t\t<meta name=\"twitter:description\" content=\"Naslednji pravilnik o pi\u0161kotkih je treba razumeti v skladu (v paru) s pogoji in dolo\u010dili ter pravilnikom o zasebnosti. Ti prodajni pogoji veljajo za vse blago, ki ga dobavlja dru\u017eba DROIX s sede\u017eem na 54C Expressway, N Woolwich Rd, London, E16 2AA, Zdru\u017eeno kraljestvo). V navedeni pogodbi so sklicevanja na: Mi (DROIX) smo dobavitelj, vi\" \/>\n\t\t<meta name=\"twitter:creator\" content=\"@DroiX_Store\" \/>\n\t\t<meta name=\"twitter:image\" content=\"https:\/\/droix.eu\/wp-content\/uploads\/2024\/06\/droix-v2-light-logo.png\" \/>\n\t\t<script type=\"application\/ld+json\" class=\"aioseo-schema\">\n\t\t\t{\"@context\":\"https:\\\/\\\/schema.org\",\"@graph\":[{\"@type\":\"BreadcrumbList\",\"@id\":\"https:\\\/\\\/droix.eu\\\/sl\\\/pravilnik-o-piskotkih\\\/#breadcrumblist\",\"itemListElement\":[{\"@type\":\"ListItem\",\"@id\":\"https:\\\/\\\/droix.eu\\\/sl\\\/#listItem\",\"position\":1,\"name\":\"Home\",\"item\":\"https:\\\/\\\/droix.eu\\\/sl\\\/\",\"nextItem\":{\"@type\":\"ListItem\",\"@id\":\"https:\\\/\\\/droix.eu\\\/sl\\\/pravilnik-o-piskotkih\\\/#listItem\",\"name\":\"Pravilnik o pi\\u0161kotkih\"}},{\"@type\":\"ListItem\",\"@id\":\"https:\\\/\\\/droix.eu\\\/sl\\\/pravilnik-o-piskotkih\\\/#listItem\",\"position\":2,\"name\":\"Pravilnik o pi\\u0161kotkih\",\"previousItem\":{\"@type\":\"ListItem\",\"@id\":\"https:\\\/\\\/droix.eu\\\/sl\\\/#listItem\",\"name\":\"Home\"}}]},{\"@type\":\"Organization\",\"@id\":\"https:\\\/\\\/droix.eu\\\/sl\\\/#organization\",\"name\":\"DroiX \\u2013 Trusted EU Tech Retailer with 12+ Years Experience\",\"description\":\"DroiX is a leading European technology retailer with over 12 years of experience, offering quality mini PCs, handheld gaming consoles, and tech accessories. We provide hassle-free EU delivery with all taxes included, ensuring a smooth and reliable shopping experience for our customers across Europe.\",\"url\":\"https:\\\/\\\/droix.eu\\\/sl\\\/\",\"logo\":{\"@type\":\"ImageObject\",\"url\":\"https:\\\/\\\/droix.eu\\\/wp-content\\\/uploads\\\/2024\\\/06\\\/droix-v2-light-logo.png\",\"@id\":\"https:\\\/\\\/droix.eu\\\/sl\\\/pravilnik-o-piskotkih\\\/#organizationLogo\",\"width\":380,\"height\":118},\"image\":{\"@id\":\"https:\\\/\\\/droix.eu\\\/sl\\\/pravilnik-o-piskotkih\\\/#organizationLogo\"},\"sameAs\":[\"https:\\\/\\\/www.facebook.com\\\/DroiX.Store\",\"https:\\\/\\\/twitter.com\\\/DroiX_Store\",\"https:\\\/\\\/www.instagram.com\\\/droix.store\\\/\",\"https:\\\/\\\/www.tiktok.com\\\/@droix.store\",\"https:\\\/\\\/www.youtube.com\\\/c\\\/DroiX_Store\",\"https:\\\/\\\/uk.linkedin.com\\\/company\\\/droix\"]},{\"@type\":\"WebPage\",\"@id\":\"https:\\\/\\\/droix.eu\\\/sl\\\/pravilnik-o-piskotkih\\\/#webpage\",\"url\":\"https:\\\/\\\/droix.eu\\\/sl\\\/pravilnik-o-piskotkih\\\/\",\"name\":\"Pravilnik o pi\\u0161kotkih - DROIX EU\",\"description\":\"Naslednji pravilnik o pi\\u0161kotkih je treba razumeti v skladu (v paru) s pogoji in dolo\\u010dili ter pravilnikom o zasebnosti. Ti prodajni pogoji veljajo za vse blago, ki ga dobavlja dru\\u017eba DROIX s sede\\u017eem na 54C Expressway, N Woolwich Rd, London, E16 2AA, Zdru\\u017eeno kraljestvo). V navedeni pogodbi so sklicevanja na: Mi (DROIX) smo dobavitelj, vi\",\"inLanguage\":\"sl-SI\",\"isPartOf\":{\"@id\":\"https:\\\/\\\/droix.eu\\\/sl\\\/#website\"},\"breadcrumb\":{\"@id\":\"https:\\\/\\\/droix.eu\\\/sl\\\/pravilnik-o-piskotkih\\\/#breadcrumblist\"},\"datePublished\":\"2021-12-23T11:49:46+00:00\",\"dateModified\":\"2025-05-27T14:16:34+01:00\"},{\"@type\":\"WebSite\",\"@id\":\"https:\\\/\\\/droix.eu\\\/sl\\\/#website\",\"url\":\"https:\\\/\\\/droix.eu\\\/sl\\\/\",\"name\":\"DROIX EU\",\"description\":\"Get the latest Mini PCs, Ultrabook, PC Gaming Handhelds and more!\",\"inLanguage\":\"sl-SI\",\"publisher\":{\"@id\":\"https:\\\/\\\/droix.eu\\\/sl\\\/#organization\"}}]}\n\t\t<\/script>\n\t\t<!-- All in One SEO Pro -->\r\n\t\t<title>Pravilnik o pi\u0161kotkih - DROIX EU<\/title>\n\n","aioseo_head_json":{"title":"Pravilnik o pi\u0161kotkih - DROIX EU","description":"Naslednji pravilnik o pi\u0161kotkih je treba razumeti v skladu (v paru) s pogoji in dolo\u010dili ter pravilnikom o zasebnosti. Ti prodajni pogoji veljajo za vse blago, ki ga dobavlja dru\u017eba DROIX s sede\u017eem na 54C Expressway, N Woolwich Rd, London, E16 2AA, Zdru\u017eeno kraljestvo). V navedeni pogodbi so sklicevanja na: Mi (DROIX) smo dobavitelj, vi","canonical_url":"https:\/\/droix.eu\/sl\/pravilnik-o-piskotkih\/","robots":"max-image-preview:large","keywords":"","webmasterTools":{"miscellaneous":""},"schema":{"@context":"https:\/\/schema.org","@graph":[{"@type":"BreadcrumbList","@id":"https:\/\/droix.eu\/sl\/pravilnik-o-piskotkih\/#breadcrumblist","itemListElement":[{"@type":"ListItem","@id":"https:\/\/droix.eu\/sl\/#listItem","position":1,"name":"Home","item":"https:\/\/droix.eu\/sl\/","nextItem":{"@type":"ListItem","@id":"https:\/\/droix.eu\/sl\/pravilnik-o-piskotkih\/#listItem","name":"Pravilnik o pi\u0161kotkih"}},{"@type":"ListItem","@id":"https:\/\/droix.eu\/sl\/pravilnik-o-piskotkih\/#listItem","position":2,"name":"Pravilnik o pi\u0161kotkih","previousItem":{"@type":"ListItem","@id":"https:\/\/droix.eu\/sl\/#listItem","name":"Home"}}]},{"@type":"Organization","@id":"https:\/\/droix.eu\/sl\/#organization","name":"DroiX \u2013 Trusted EU Tech Retailer with 12+ Years Experience","description":"DroiX is a leading European technology retailer with over 12 years of experience, offering quality mini PCs, handheld gaming consoles, and tech accessories. We provide hassle-free EU delivery with all taxes included, ensuring a smooth and reliable shopping experience for our customers across Europe.","url":"https:\/\/droix.eu\/sl\/","logo":{"@type":"ImageObject","url":"https:\/\/droix.eu\/wp-content\/uploads\/2024\/06\/droix-v2-light-logo.png","@id":"https:\/\/droix.eu\/sl\/pravilnik-o-piskotkih\/#organizationLogo","width":380,"height":118},"image":{"@id":"https:\/\/droix.eu\/sl\/pravilnik-o-piskotkih\/#organizationLogo"},"sameAs":["https:\/\/www.facebook.com\/DroiX.Store","https:\/\/twitter.com\/DroiX_Store","https:\/\/www.instagram.com\/droix.store\/","https:\/\/www.tiktok.com\/@droix.store","https:\/\/www.youtube.com\/c\/DroiX_Store","https:\/\/uk.linkedin.com\/company\/droix"]},{"@type":"WebPage","@id":"https:\/\/droix.eu\/sl\/pravilnik-o-piskotkih\/#webpage","url":"https:\/\/droix.eu\/sl\/pravilnik-o-piskotkih\/","name":"Pravilnik o pi\u0161kotkih - DROIX EU","description":"Naslednji pravilnik o pi\u0161kotkih je treba razumeti v skladu (v paru) s pogoji in dolo\u010dili ter pravilnikom o zasebnosti. Ti prodajni pogoji veljajo za vse blago, ki ga dobavlja dru\u017eba DROIX s sede\u017eem na 54C Expressway, N Woolwich Rd, London, E16 2AA, Zdru\u017eeno kraljestvo). V navedeni pogodbi so sklicevanja na: Mi (DROIX) smo dobavitelj, vi","inLanguage":"sl-SI","isPartOf":{"@id":"https:\/\/droix.eu\/sl\/#website"},"breadcrumb":{"@id":"https:\/\/droix.eu\/sl\/pravilnik-o-piskotkih\/#breadcrumblist"},"datePublished":"2021-12-23T11:49:46+00:00","dateModified":"2025-05-27T14:16:34+01:00"},{"@type":"WebSite","@id":"https:\/\/droix.eu\/sl\/#website","url":"https:\/\/droix.eu\/sl\/","name":"DROIX EU","description":"Get the latest Mini PCs, Ultrabook, PC Gaming Handhelds and more!","inLanguage":"sl-SI","publisher":{"@id":"https:\/\/droix.eu\/sl\/#organization"}}]},"og:locale":"sl_SI","og:site_name":"DROIX EU - Get the latest Mini PCs, Ultrabook, PC Gaming Handhelds and more!","og:type":"article","og:title":"Pravilnik o pi\u0161kotkih - DROIX EU","og:description":"Naslednji pravilnik o pi\u0161kotkih je treba razumeti v skladu (v paru) s pogoji in dolo\u010dili ter pravilnikom o zasebnosti. Ti prodajni pogoji veljajo za vse blago, ki ga dobavlja dru\u017eba DROIX s sede\u017eem na 54C Expressway, N Woolwich Rd, London, E16 2AA, Zdru\u017eeno kraljestvo). V navedeni pogodbi so sklicevanja na: Mi (DROIX) smo dobavitelj, vi","og:url":"https:\/\/droix.eu\/sl\/pravilnik-o-piskotkih\/","og:image":"https:\/\/droix.eu\/wp-content\/uploads\/2024\/06\/droix-v2-light-logo.png","og:image:secure_url":"https:\/\/droix.eu\/wp-content\/uploads\/2024\/06\/droix-v2-light-logo.png","og:image:width":380,"og:image:height":118,"article:published_time":"2021-12-23T11:49:46+00:00","article:modified_time":"2025-05-27T13:16:34+00:00","article:publisher":"https:\/\/www.facebook.com\/DroiX.Store","twitter:card":"summary_large_image","twitter:site":"@DroiX_Store","twitter:title":"Pravilnik o pi\u0161kotkih - DROIX EU","twitter:description":"Naslednji pravilnik o pi\u0161kotkih je treba razumeti v skladu (v paru) s pogoji in dolo\u010dili ter pravilnikom o zasebnosti. Ti prodajni pogoji veljajo za vse blago, ki ga dobavlja dru\u017eba DROIX s sede\u017eem na 54C Expressway, N Woolwich Rd, London, E16 2AA, Zdru\u017eeno kraljestvo). V navedeni pogodbi so sklicevanja na: Mi (DROIX) smo dobavitelj, vi","twitter:creator":"@DroiX_Store","twitter:image":"https:\/\/droix.eu\/wp-content\/uploads\/2024\/06\/droix-v2-light-logo.png"},"aioseo_meta_data":{"post_id":"504956","title":null,"description":null,"keywords":null,"keyphrases":null,"primary_term":null,"canonical_url":null,"og_title":null,"og_description":null,"og_object_type":"default","og_image_type":"default","og_image_url":null,"og_image_width":null,"og_image_height":null,"og_image_custom_url":null,"og_image_custom_fields":null,"og_video":null,"og_custom_url":null,"og_article_section":null,"og_article_tags":null,"twitter_use_og":true,"twitter_card":"default","twitter_image_type":"default","twitter_image_url":null,"twitter_image_custom_url":null,"twitter_image_custom_fields":null,"twitter_title":null,"twitter_description":null,"schema":{"blockGraphs":[],"customGraphs":[],"default":{"data":{"Article":[],"Course":[],"Dataset":[],"FAQPage":[],"Movie":[],"Person":[],"Product":[],"ProductReview":[],"Car":[],"Recipe":[],"Service":[],"SoftwareApplication":[],"WebPage":[]},"graphName":"","isEnabled":true},"graphs":[]},"schema_type":"default","schema_type_options":null,"pillar_content":false,"robots_default":true,"robots_noindex":false,"robots_noarchive":false,"robots_nosnippet":false,"robots_nofollow":false,"robots_noimageindex":false,"robots_noodp":false,"robots_notranslate":false,"robots_max_snippet":null,"robots_max_videopreview":null,"robots_max_imagepreview":"large","priority":null,"frequency":null,"local_seo":null,"seo_analyzer_scan_date":"2025-09-16 22:50:08","breadcrumb_settings":null,"limit_modified_date":false,"reviewed_by":null,"open_ai":null,"ai":null,"created":"2025-09-16 22:50:08","updated":"2025-11-27 00:05:24"},"aioseo_breadcrumb":"<div class=\"aioseo-breadcrumbs\"><span class=\"aioseo-breadcrumb\">\n\t<a href=\"https:\/\/droix.eu\/sl\/\" title=\"Home\">Home<\/a>\n<\/span><span class=\"aioseo-breadcrumb-separator\">&raquo;<\/span><span class=\"aioseo-breadcrumb\">\n\tPravilnik o pi\u0161kotkih\n<\/span><\/div>","aioseo_breadcrumb_json":[{"label":"Home","link":"https:\/\/droix.eu\/sl\/"},{"label":"Pravilnik o pi\u0161kotkih","link":"https:\/\/droix.eu\/sl\/pravilnik-o-piskotkih\/"}],"_links":{"self":[{"href":"https:\/\/droix.eu\/sl\/wp-json\/wp\/v2\/pages\/504956","targetHints":{"allow":["GET"]}}],"collection":[{"href":"https:\/\/droix.eu\/sl\/wp-json\/wp\/v2\/pages"}],"about":[{"href":"https:\/\/droix.eu\/sl\/wp-json\/wp\/v2\/types\/page"}],"author":[{"embeddable":true,"href":"https:\/\/droix.eu\/sl\/wp-json\/wp\/v2\/users\/1"}],"replies":[{"embeddable":true,"href":"https:\/\/droix.eu\/sl\/wp-json\/wp\/v2\/comments?post=504956"}],"version-history":[{"count":0,"href":"https:\/\/droix.eu\/sl\/wp-json\/wp\/v2\/pages\/504956\/revisions"}],"wp:attachment":[{"href":"https:\/\/droix.eu\/sl\/wp-json\/wp\/v2\/media?parent=504956"}],"curies":[{"name":"wp","href":"https:\/\/api.w.org\/{rel}","templated":true}]}}