{"id":707019,"date":"2026-02-10T11:27:40","date_gmt":"2026-02-10T11:27:40","guid":{"rendered":"https:\/\/droix.eu\/product\/bateria-onexplayer-apex\/"},"modified":"2026-02-12T10:11:05","modified_gmt":"2026-02-12T10:11:05","slug":"bateria-onexplayer-apex","status":"publish","type":"product","link":"https:\/\/droix.eu\/sk\/product\/bateria-onexplayer-apex\/","title":{"rendered":"Bat\u00e9ria ONEXPLAYER APEX"},"content":{"rendered":"\n<h2 class=\"wp-block-heading\">Bat\u00e9ria ONEXPLAYER Apex: Zlep\u0161ite svoje hranie s 85Wh vymenite\u013enou nap\u00e1jacou s\u00fapravou<\/h2>\n\n<p id=\"p-rc_b05a515aa78bffb9-171\">Bat\u00e9ria ONEXPLAYER apex je revolu\u010dn\u00e9 pr\u00edslu\u0161enstvo navrhnut\u00e9 tak, aby zmenilo sp\u00f4sob, ak\u00fdm nad\u0161enci vreckov\u00fdch hier spravuj\u00fa svoje po\u017eiadavky na nap\u00e1janie po\u010das dlh\u0161\u00edch hern\u00fdch se\u00e1ns. T\u00e1to vysokokapacitn\u00e1 85Wh jednotka poskytuje bezprobl\u00e9mov\u00e9 rie\u0161enie nap\u00e1jania pre OneXFly Apex, v\u010faka \u010domu sa pou\u017e\u00edvatelia nikdy nebud\u00fa musie\u0165 uprostred hry prip\u00e1ja\u0165 k z\u00e1suvke. Ke\u010f\u017ee za\u010diatok dod\u00e1vok je napl\u00e1novan\u00fd na j\u00fan 2026, toto vylep\u0161enie predstavuje bud\u00facnos\u0165 v\u00fddr\u017ee prenosn\u00fdch hier.  <\/p>\n\n<h2 class=\"wp-block-heading\">Pre\u010do je bat\u00e9ria OneXFly Apex zmenou v oblasti prenosnosti<\/h2>\n\n<p id=\"p-rc_b05a515aa78bffb9-172\">Z\u00e1kladom filozofie bat\u00e9rie onexfly apex je energia vhodn\u00e1 na cestovanie. Ke\u010f\u017ee hranie hier na cest\u00e1ch \u010dasto vedie k \u00fazkosti z bat\u00e9rie, tento vymenite\u013en\u00fd syst\u00e9m bol vyvinut\u00fd s cie\u013eom poskytn\u00fa\u0165 okam\u017eit\u00fa \u00fa\u013eavu. Prip\u00ednacia kon\u0161trukcia umo\u017e\u0148uje r\u00fdchle a bezprobl\u00e9mov\u00e9 pripojenie, \u010do znamen\u00e1, \u017ee m\u00f4\u017eete zdvojn\u00e1sobi\u0165 \u010das hrania bez nutnosti re\u0161tartova\u0165 syst\u00e9m.  <\/p>\n\n<h2 class=\"wp-block-heading\">Technick\u00e9 \u0161pecifik\u00e1cie a dizajn Snap-On<\/h2>\n\n<p id=\"p-rc_b05a515aa78bffb9-173\">Bat\u00e9ria OneXFly Apex s p\u00f4sobivou kapacitou 85Wh pon\u00faka jednu z najvy\u0161\u0161\u00edch energetick\u00fdch hust\u00f4t dostupn\u00fdch pre vreckov\u00e9 perif\u00e9rne zariadenia.<sup><\/sup>  Ku ka\u017edej jednotke je prilo\u017een\u00fd \u0161peci\u00e1lny k\u00e1bel na pripojenie bat\u00e9rie k zariadeniu, ktor\u00fd zabezpe\u010duje stabiln\u00fd a efekt\u00edvny tok energie. V d\u00f4sledku toho zost\u00e1va hardv\u00e9r \u0161t\u00edhly, zatia\u013e \u010do bat\u00e9ria poskytuje energiu potrebn\u00fa pre tituly AAA. <\/p>\n\n<h2 class=\"wp-block-heading\">Zabezpe\u010denie \u0161pi\u010dkov\u00e9ho v\u00fdkonu s bat\u00e9riou ONEXPLAYER Apex<\/h2>\n\n<p>Optimaliz\u00e1cia pou\u017e\u00edvania vreckov\u00e9ho zariadenia je jednoduch\u00e1 v\u010faka tejto technol\u00f3gii okam\u017eitej v\u00fdmeny. Zatia\u013e \u010do intern\u00e9 bat\u00e9rie sa \u010dasom znehodnotia, vymenite\u013en\u00e1 bat\u00e9ria ONEXPLAYER apex zaru\u010duje, \u017ee va\u0161e zariadenie zostane funk\u010dn\u00e9 e\u0161te dlh\u00e9 roky. Pripojenie je zabezpe\u010den\u00e9 pomocou robustn\u00e9ho zacvak\u00e1vacieho mechanizmu, ktor\u00fd bol pr\u00edsne testovan\u00fd z h\u013eadiska odolnosti a jednoduch\u00e9ho pou\u017e\u00edvania po\u010das cestovania.  <\/p>\n\n<h2 class=\"wp-block-heading\">Zabezpe\u010dte si svoj v\u00fdstroj a skontrolujte cenu bat\u00e9rie Apex<\/h2>\n\n<p>O\u010dak\u00e1va sa, \u017ee dopyt po tomto v\u00fdkonnom pr\u00edslu\u0161enstve bude s bl\u00ed\u017eiacim sa term\u00ednom \u0161tartu v j\u00fani 2026 zna\u010dn\u00fd. Skontrolovan\u00edm aktu\u00e1lnej ceny bat\u00e9rie apex a zadan\u00edm predobjedn\u00e1vky v na\u0161om obchode si zaru\u010d\u00edte, \u017ee va\u0161a jednotka bude rezervovan\u00e1 z prvej v\u00fdrobnej d\u00e1vky. Neriskujte, \u017ee pr\u00eddete o toto nevyhnutn\u00e9 vylep\u0161enie; nav\u0161t\u00edvte na\u0161u str\u00e1nku produktu e\u0161te dnes, aby ste sa dozvedeli viac a zabezpe\u010dili si bat\u00e9riu OneXFly Apex, ktor\u00e1 zabezpe\u010d\u00ed, \u017ee va\u0161e hern\u00e9 rel\u00e1cie sa nikdy nebud\u00fa musie\u0165 skon\u010di\u0165 pred\u010dasne!  <\/p>\n","protected":false},"excerpt":{"rendered":"<ul>\n<li><strong>Kapacita 85Wh:<\/strong> Poskytuje pred\u013a\u017een\u00fd \u010das hrania prenosn\u00fdch hier s vysok\u00fdm v\u00fdkonom.<\/li>\n<li><strong>5519 mAh Menovit\u00e1 kapacita:<\/strong> Zabezpe\u010duje dlhotrvaj\u00face a spo\u013eahliv\u00e9 pou\u017e\u00edvanie na cest\u00e1ch.<\/li>\n<li><strong>Modul\u00e1rny dizajn:<\/strong> R\u00fdchloup\u00ednac\u00ed mechanizmus na jednoduch\u00fa v\u00fdmenu a demont\u00e1\u017e.<\/li>\n<li><strong>Vysokonap\u00e4\u0165ov\u00e9 nap\u00e1janie: Skon\u0161truovan\u00e9<\/strong> na podporu v\u00fdkonn\u00e9ho APU ONEXFLY APEX.<\/li>\n<li><strong>Ofici\u00e1lne pr\u00edslu\u0161enstvo ONEXPLAYER:<\/strong> Zaru\u010duje dokonal\u00e9 prisp\u00f4sobenie, kompatibilitu a bezpe\u010dnos\u0165.<\/li>\n<\/ul>\n<pre><b>Polo\u017eka na predobjedn\u00e1vku<\/b>\n<ul>\n<li>Predpokladan\u00fd d\u00e1tum vydania: 26. j\u00fana 2026<\/li><\/pre>\n<\/ul>\n[droix_global_accordions]\n[cg_accordion title=\"Balenie obsahuje\"]<\/p>\n<ul>\n<li>1x bat\u00e9ria ONEXPLAYER APEX<\/li>\n<\/ul>\n<p>[\/cg_accordion]\n","protected":false},"featured_media":707020,"template":"","meta":{"_acf_changed":false},"product_brand":[],"product_cat":[13339,13265],"product_tag":[],"woo-feed-brand":[2199],"key-features":[],"class_list":{"0":"post-707019","1":"product","2":"type-product","3":"status-publish","4":"has-post-thumbnail","6":"product_cat-herne-prislusenstvo","7":"product_cat-prislusenstvo","8":"product_shipping_class-low-end","9":"pa_accessory-type-add-ons","10":"pa_brands-onexplayer-sk","11":"pa_compatibility-onexplayer-onexfly-apex","12":"woo-feed-brand-onexplayer","14":"first","15":"onbackorder","16":"taxable","17":"shipping-taxable","18":"purchasable","19":"product-type-variable","20":"has-default-attributes"},"acf":[],"aioseo_notices":[],"_links":{"self":[{"href":"https:\/\/droix.eu\/sk\/wp-json\/wp\/v2\/product\/707019","targetHints":{"allow":["GET"]}}],"collection":[{"href":"https:\/\/droix.eu\/sk\/wp-json\/wp\/v2\/product"}],"about":[{"href":"https:\/\/droix.eu\/sk\/wp-json\/wp\/v2\/types\/product"}],"version-history":[{"count":0,"href":"https:\/\/droix.eu\/sk\/wp-json\/wp\/v2\/product\/707019\/revisions"}],"wp:featuredmedia":[{"embeddable":true,"href":"https:\/\/droix.eu\/sk\/wp-json\/wp\/v2\/media\/707020"}],"wp:attachment":[{"href":"https:\/\/droix.eu\/sk\/wp-json\/wp\/v2\/media?parent=707019"}],"wp:term":[{"taxonomy":"product_brand","embeddable":true,"href":"https:\/\/droix.eu\/sk\/wp-json\/wp\/v2\/product_brand?post=707019"},{"taxonomy":"product_cat","embeddable":true,"href":"https:\/\/droix.eu\/sk\/wp-json\/wp\/v2\/product_cat?post=707019"},{"taxonomy":"product_tag","embeddable":true,"href":"https:\/\/droix.eu\/sk\/wp-json\/wp\/v2\/product_tag?post=707019"},{"taxonomy":"woo-feed-brand","embeddable":true,"href":"https:\/\/droix.eu\/sk\/wp-json\/wp\/v2\/woo-feed-brand?post=707019"},{"taxonomy":"key-features","embeddable":true,"href":"https:\/\/droix.eu\/sk\/wp-json\/wp\/v2\/key-features?post=707019"}],"curies":[{"name":"wp","href":"https:\/\/api.w.org\/{rel}","templated":true}]}}