{"id":658276,"date":"2025-06-17T15:49:05","date_gmt":"2025-06-17T14:49:05","guid":{"rendered":"https:\/\/droix.eu\/product\/onexplayer-kabel-oculink\/"},"modified":"2026-04-08T10:56:55","modified_gmt":"2026-04-08T09:56:55","slug":"onexplayer-kabel-oculink","status":"publish","type":"product","link":"https:\/\/droix.eu\/sk\/product\/onexplayer-kabel-oculink\/","title":{"rendered":"K\u00e1bel ONEXPLAYER OCuLink"},"content":{"rendered":"\n<h3 class=\"wp-block-heading\"><strong>Predstavujeme ONEXPLAYER OCuLink: Posilnite svoje nastavenie<\/strong><\/h3>\n\n<p>Vyroben\u00e9 ako doplnok k ONEXPLAYER ONEXGPU. K\u00e1bel ONEXPLAYER OCuLink je starostlivo navrhnut\u00fd z prvotriednych materi\u00e1lov, aby vydr\u017eal ka\u017edodenn\u00e9 opotrebovanie a z\u00e1rove\u0148 v\u00e1m poskytol v\u00fdhodu.<\/p>\n\n<p><\/p>\n","protected":false},"excerpt":{"rendered":"<ul>\n<li><strong>Ofici\u00e1lny<\/strong> k\u00e1bel <strong>ONEXPLAYER<\/strong> OCuLink<\/li>\n<li>Kompatibiln\u00fd s <strong>ONEXPLAYER ONEXGPU \/ X1<\/strong><\/li>\n<li>R\u00fdchlej\u0161ie ako <strong>USB 4.0 typu C<\/strong><\/li>\n<li>Vysokokvalitn\u00fd opleten\u00fd k\u00e1bel<\/li>\n<li>1M dlh\u00fd k\u00e1bel<\/li>\n<\/ul>\n[droix_global_accordions]\n[cg_accordion title=\"Balenie obsahuje\"]<\/p>\n<ul>\n<li>1x k\u00e1bel ONEXPLAYER OCuLink<\/li>\n<\/ul>\n<p>[\/cg_accordion]\n","protected":false},"featured_media":647939,"template":"","meta":{"_acf_changed":false},"product_brand":[],"product_cat":[13339,13265],"product_tag":[],"woo-feed-brand":[2199],"key-features":[],"class_list":{"0":"post-658276","1":"product","2":"type-product","3":"status-publish","4":"has-post-thumbnail","6":"product_cat-herne-prislusenstvo","7":"product_cat-prislusenstvo","8":"product_shipping_class-low-end","9":"pa_accessory-type-cable","10":"pa_brands-onexplayer-sk","11":"woo-feed-brand-onexplayer","13":"first","14":"instock","15":"sale","16":"taxable","17":"shipping-taxable","18":"purchasable","19":"product-type-simple"},"acf":[],"aioseo_notices":[],"aioseo_head":"\n\t\t<!-- All in One SEO Pro 4.9.5.2 - aioseo.com -->\n\t<meta name=\"description\" content=\"Ofici\u00e1lny k\u00e1bel ONEXPLAYER OCuLink Kompatibiln\u00fd s ONEXPLAYER ONEXGPU \/ X1 R\u00fdchlej\u0161ie ako USB 4.0 typu C Vysokokvalitn\u00fd opleten\u00fd k\u00e1bel 1M dlh\u00fd k\u00e1bel Balenie obsahuje 1x k\u00e1bel ONEXPLAYER OCuLink\" \/>\n\t<meta name=\"robots\" content=\"max-image-preview:large\" \/>\n\t<link rel=\"canonical\" href=\"https:\/\/droix.eu\/sk\/product\/onexplayer-kabel-oculink\/\" \/>\n\t<meta name=\"generator\" content=\"All in One SEO Pro (AIOSEO) 4.9.5.2\" \/>\n\t\t<meta property=\"og:locale\" content=\"sk_SK\" \/>\n\t\t<meta property=\"og:site_name\" content=\"DROIX EU - Get the latest Mini PCs, Ultrabook, PC Gaming Handhelds and more!\" \/>\n\t\t<meta property=\"og:type\" content=\"article\" \/>\n\t\t<meta property=\"og:title\" content=\"K\u00e1bel ONEXPLAYER OCuLink - DROIX EU\" \/>\n\t\t<meta property=\"og:description\" content=\"Ofici\u00e1lny k\u00e1bel ONEXPLAYER OCuLink Kompatibiln\u00fd s ONEXPLAYER ONEXGPU \/ X1 R\u00fdchlej\u0161ie ako USB 4.0 typu C Vysokokvalitn\u00fd opleten\u00fd k\u00e1bel 1M dlh\u00fd k\u00e1bel Balenie obsahuje 1x k\u00e1bel ONEXPLAYER OCuLink\" \/>\n\t\t<meta property=\"og:url\" content=\"https:\/\/droix.eu\/sk\/product\/onexplayer-kabel-oculink\/\" \/>\n\t\t<meta property=\"og:image\" content=\"https:\/\/droix.eu\/wp-content\/uploads\/2024\/06\/droix-v2-light-logo.png\" \/>\n\t\t<meta property=\"og:image:secure_url\" content=\"https:\/\/droix.eu\/wp-content\/uploads\/2024\/06\/droix-v2-light-logo.png\" \/>\n\t\t<meta property=\"og:image:width\" content=\"380\" \/>\n\t\t<meta property=\"og:image:height\" content=\"118\" \/>\n\t\t<meta property=\"article:published_time\" content=\"2025-06-17T14:49:05+00:00\" \/>\n\t\t<meta property=\"article:modified_time\" content=\"2026-04-08T09:56:55+00:00\" \/>\n\t\t<meta property=\"article:publisher\" content=\"https:\/\/www.facebook.com\/DroiX.Store\" \/>\n\t\t<meta name=\"twitter:card\" content=\"summary_large_image\" \/>\n\t\t<meta name=\"twitter:site\" content=\"@DroiX_Store\" \/>\n\t\t<meta name=\"twitter:title\" content=\"K\u00e1bel ONEXPLAYER OCuLink - DROIX EU\" \/>\n\t\t<meta name=\"twitter:description\" content=\"Ofici\u00e1lny k\u00e1bel ONEXPLAYER OCuLink Kompatibiln\u00fd s ONEXPLAYER ONEXGPU \/ X1 R\u00fdchlej\u0161ie ako USB 4.0 typu C Vysokokvalitn\u00fd opleten\u00fd k\u00e1bel 1M dlh\u00fd k\u00e1bel Balenie obsahuje 1x k\u00e1bel ONEXPLAYER OCuLink\" \/>\n\t\t<meta name=\"twitter:image\" content=\"https:\/\/droix.eu\/wp-content\/uploads\/2024\/06\/droix-v2-light-logo.png\" \/>\n\t\t<script type=\"application\/ld+json\" class=\"aioseo-schema\">\n\t\t\t{\"@context\":\"https:\\\/\\\/schema.org\",\"@graph\":[{\"@type\":\"BreadcrumbList\",\"@id\":\"https:\\\/\\\/droix.eu\\\/sk\\\/product\\\/onexplayer-kabel-oculink\\\/#breadcrumblist\",\"itemListElement\":[{\"@type\":\"ListItem\",\"@id\":\"https:\\\/\\\/droix.eu\\\/sk\\\/#listItem\",\"position\":1,\"name\":\"Home\",\"item\":\"https:\\\/\\\/droix.eu\\\/sk\\\/\",\"nextItem\":{\"@type\":\"ListItem\",\"@id\":\"https:\\\/\\\/droix.eu\\\/sk\\\/product-category\\\/prislusenstvo\\\/#listItem\",\"name\":\"Pr\\u00edslu\\u0161enstvo\"}},{\"@type\":\"ListItem\",\"@id\":\"https:\\\/\\\/droix.eu\\\/sk\\\/product-category\\\/prislusenstvo\\\/#listItem\",\"position\":2,\"name\":\"Pr\\u00edslu\\u0161enstvo\",\"item\":\"https:\\\/\\\/droix.eu\\\/sk\\\/product-category\\\/prislusenstvo\\\/\",\"nextItem\":{\"@type\":\"ListItem\",\"@id\":\"https:\\\/\\\/droix.eu\\\/sk\\\/product-category\\\/prislusenstvo\\\/herne-prislusenstvo\\\/#listItem\",\"name\":\"Hern\\u00e9 pr\\u00edslu\\u0161enstvo\"},\"previousItem\":{\"@type\":\"ListItem\",\"@id\":\"https:\\\/\\\/droix.eu\\\/sk\\\/#listItem\",\"name\":\"Home\"}},{\"@type\":\"ListItem\",\"@id\":\"https:\\\/\\\/droix.eu\\\/sk\\\/product-category\\\/prislusenstvo\\\/herne-prislusenstvo\\\/#listItem\",\"position\":3,\"name\":\"Hern\\u00e9 pr\\u00edslu\\u0161enstvo\",\"item\":\"https:\\\/\\\/droix.eu\\\/sk\\\/product-category\\\/prislusenstvo\\\/herne-prislusenstvo\\\/\",\"nextItem\":{\"@type\":\"ListItem\",\"@id\":\"https:\\\/\\\/droix.eu\\\/sk\\\/product\\\/onexplayer-kabel-oculink\\\/#listItem\",\"name\":\"K\\u00e1bel ONEXPLAYER OCuLink\"},\"previousItem\":{\"@type\":\"ListItem\",\"@id\":\"https:\\\/\\\/droix.eu\\\/sk\\\/product-category\\\/prislusenstvo\\\/#listItem\",\"name\":\"Pr\\u00edslu\\u0161enstvo\"}},{\"@type\":\"ListItem\",\"@id\":\"https:\\\/\\\/droix.eu\\\/sk\\\/product\\\/onexplayer-kabel-oculink\\\/#listItem\",\"position\":4,\"name\":\"K\\u00e1bel ONEXPLAYER OCuLink\",\"previousItem\":{\"@type\":\"ListItem\",\"@id\":\"https:\\\/\\\/droix.eu\\\/sk\\\/product-category\\\/prislusenstvo\\\/herne-prislusenstvo\\\/#listItem\",\"name\":\"Hern\\u00e9 pr\\u00edslu\\u0161enstvo\"}}]},{\"@type\":\"Organization\",\"@id\":\"https:\\\/\\\/droix.eu\\\/sk\\\/#organization\",\"name\":\"DroiX \\u2013 Trusted EU Tech Retailer with 12+ Years Experience\",\"description\":\"DroiX is a leading European technology retailer with over 12 years of experience, offering quality mini PCs, handheld gaming consoles, and tech accessories. We provide hassle-free EU delivery with all taxes included, ensuring a smooth and reliable shopping experience for our customers across Europe.\",\"url\":\"https:\\\/\\\/droix.eu\\\/sk\\\/\",\"logo\":{\"@type\":\"ImageObject\",\"url\":\"https:\\\/\\\/droix.eu\\\/wp-content\\\/uploads\\\/2024\\\/06\\\/droix-v2-light-logo.png\",\"@id\":\"https:\\\/\\\/droix.eu\\\/sk\\\/product\\\/onexplayer-kabel-oculink\\\/#organizationLogo\",\"width\":380,\"height\":118},\"image\":{\"@id\":\"https:\\\/\\\/droix.eu\\\/sk\\\/product\\\/onexplayer-kabel-oculink\\\/#organizationLogo\"},\"sameAs\":[\"https:\\\/\\\/www.facebook.com\\\/DroiX.Store\",\"https:\\\/\\\/twitter.com\\\/DroiX_Store\",\"https:\\\/\\\/www.instagram.com\\\/droix.store\\\/\",\"https:\\\/\\\/www.tiktok.com\\\/@droix.store\",\"https:\\\/\\\/www.youtube.com\\\/c\\\/DroiX_Store\",\"https:\\\/\\\/uk.linkedin.com\\\/company\\\/droix\"]},{\"@type\":\"Product\",\"@id\":\"https:\\\/\\\/droix.eu\\\/sk\\\/product\\\/onexplayer-kabel-oculink\\\/#wooCommerceProduct\",\"name\":\"K\\u00e1bel ONEXPLAYER OCuLink\",\"description\":\"Ofici\\u00e1lny k\\u00e1bel ONEXPLAYER OCuLink\\n  Kompatibiln\\u00fd s ONEXPLAYER ONEXGPU \\\/ X1\\n  R\\u00fdchlej\\u0161ie ako USB 4.0 typu C\\n  Vysokokvalitn\\u00fd opleten\\u00fd k\\u00e1bel\\n  1M dlh\\u00fd k\\u00e1bel\",\"url\":\"https:\\\/\\\/droix.eu\\\/sk\\\/product\\\/onexplayer-kabel-oculink\\\/\",\"sku\":\"ONEXPLAYER-OCULINK-CABLE\",\"gtin\":\"5060763678439\",\"image\":{\"@type\":\"ImageObject\",\"url\":\"https:\\\/\\\/droix.eu\\\/wp-content\\\/uploads\\\/2025\\\/06\\\/ONEXPLAYER-OCULINK-CABLE-DONE-01.png\",\"@id\":\"https:\\\/\\\/droix.eu\\\/sk\\\/product\\\/onexplayer-kabel-oculink\\\/#productImage\",\"width\":1500,\"height\":1500,\"caption\":\"Obr\\u00e1zok predstavuj\\u00faci k\\u00e1bel ONEXPLAYER OCuLink s odoln\\u00fdm opleten\\u00edm a konektormi na oboch koncoch. Ni\\u017e\\u0161ie sa nach\\u00e1dza \\u010das\\u0165 o kompatibilite zobrazuj\\u00faca podporovan\\u00e9 zariadenia vr\\u00e1tane GPD WIN 4 (2024 a 2025), GPD WIN MAX 2 (2024 a 2025), GPD DUO, ONEXPLAYER X1\\\/X1 Mini a MINISFORUM UM780XTX spolu s pozn\\u00e1mkou, v ktorej sa uv\\u00e1dza kompatibilita s \\u010fal\\u0161\\u00edmi zariadeniami s portami OCuLink\\\/M.2 NVMe\"},\"offers\":{\"@type\":\"Offer\",\"url\":\"https:\\\/\\\/droix.eu\\\/sk\\\/product\\\/onexplayer-kabel-oculink\\\/#wooCommerceOffer\",\"price\":24.54,\"priceCurrency\":\"EUR\",\"category\":\"Hern\\u00e9 pr\\u00edslu\\u0161enstvo\",\"availability\":\"https:\\\/\\\/schema.org\\\/InStock\",\"priceSpecification\":{\"@type\":\"PriceSpecification\",\"price\":24.54,\"priceCurrency\":\"EUR\",\"valueAddedTaxIncluded\":\"true\"},\"seller\":{\"@type\":\"Organization\",\"@id\":\"https:\\\/\\\/droix.eu\\\/sk\\\/#organization\"}}},{\"@type\":\"WebPage\",\"@id\":\"https:\\\/\\\/droix.eu\\\/sk\\\/product\\\/onexplayer-kabel-oculink\\\/#webpage\",\"url\":\"https:\\\/\\\/droix.eu\\\/sk\\\/product\\\/onexplayer-kabel-oculink\\\/\",\"name\":\"K\\u00e1bel ONEXPLAYER OCuLink - DROIX EU\",\"description\":\"Ofici\\u00e1lny k\\u00e1bel ONEXPLAYER OCuLink Kompatibiln\\u00fd s ONEXPLAYER ONEXGPU \\\/ X1 R\\u00fdchlej\\u0161ie ako USB 4.0 typu C Vysokokvalitn\\u00fd opleten\\u00fd k\\u00e1bel 1M dlh\\u00fd k\\u00e1bel Balenie obsahuje 1x k\\u00e1bel ONEXPLAYER OCuLink\",\"inLanguage\":\"sk-SK\",\"isPartOf\":{\"@id\":\"https:\\\/\\\/droix.eu\\\/sk\\\/#website\"},\"breadcrumb\":{\"@id\":\"https:\\\/\\\/droix.eu\\\/sk\\\/product\\\/onexplayer-kabel-oculink\\\/#breadcrumblist\"},\"image\":{\"@type\":\"ImageObject\",\"url\":\"https:\\\/\\\/droix.eu\\\/wp-content\\\/uploads\\\/2025\\\/06\\\/ONEXPLAYER-OCULINK-CABLE-DONE-01.png\",\"@id\":\"https:\\\/\\\/droix.eu\\\/sk\\\/product\\\/onexplayer-kabel-oculink\\\/#mainImage\",\"width\":1500,\"height\":1500,\"caption\":\"Obr\\u00e1zok predstavuj\\u00faci k\\u00e1bel ONEXPLAYER OCuLink s odoln\\u00fdm opleten\\u00edm a konektormi na oboch koncoch. Ni\\u017e\\u0161ie sa nach\\u00e1dza \\u010das\\u0165 o kompatibilite zobrazuj\\u00faca podporovan\\u00e9 zariadenia vr\\u00e1tane GPD WIN 4 (2024 a 2025), GPD WIN MAX 2 (2024 a 2025), GPD DUO, ONEXPLAYER X1\\\/X1 Mini a MINISFORUM UM780XTX spolu s pozn\\u00e1mkou, v ktorej sa uv\\u00e1dza kompatibilita s \\u010fal\\u0161\\u00edmi zariadeniami s portami OCuLink\\\/M.2 NVMe\"},\"primaryImageOfPage\":{\"@id\":\"https:\\\/\\\/droix.eu\\\/sk\\\/product\\\/onexplayer-kabel-oculink\\\/#mainImage\"},\"datePublished\":\"2025-06-17T15:49:05+01:00\",\"dateModified\":\"2026-04-08T10:56:55+01:00\"},{\"@type\":\"WebSite\",\"@id\":\"https:\\\/\\\/droix.eu\\\/sk\\\/#website\",\"url\":\"https:\\\/\\\/droix.eu\\\/sk\\\/\",\"name\":\"DROIX EU\",\"description\":\"Get the latest Mini PCs, Ultrabook, PC Gaming Handhelds and more!\",\"inLanguage\":\"sk-SK\",\"publisher\":{\"@id\":\"https:\\\/\\\/droix.eu\\\/sk\\\/#organization\"}}]}\n\t\t<\/script>\n\t\t<!-- All in One SEO Pro -->\r\n\t\t<title>K\u00e1bel ONEXPLAYER OCuLink - DROIX EU<\/title>\n\n","aioseo_head_json":{"title":"K\u00e1bel ONEXPLAYER OCuLink - DROIX EU","description":"Ofici\u00e1lny k\u00e1bel ONEXPLAYER OCuLink Kompatibiln\u00fd s ONEXPLAYER ONEXGPU \/ X1 R\u00fdchlej\u0161ie ako USB 4.0 typu C Vysokokvalitn\u00fd opleten\u00fd k\u00e1bel 1M dlh\u00fd k\u00e1bel Balenie obsahuje 1x k\u00e1bel ONEXPLAYER OCuLink","canonical_url":"https:\/\/droix.eu\/sk\/product\/onexplayer-kabel-oculink\/","robots":"max-image-preview:large","keywords":"","webmasterTools":{"miscellaneous":""},"schema":{"@context":"https:\/\/schema.org","@graph":[{"@type":"BreadcrumbList","@id":"https:\/\/droix.eu\/sk\/product\/onexplayer-kabel-oculink\/#breadcrumblist","itemListElement":[{"@type":"ListItem","@id":"https:\/\/droix.eu\/sk\/#listItem","position":1,"name":"Home","item":"https:\/\/droix.eu\/sk\/","nextItem":{"@type":"ListItem","@id":"https:\/\/droix.eu\/sk\/product-category\/prislusenstvo\/#listItem","name":"Pr\u00edslu\u0161enstvo"}},{"@type":"ListItem","@id":"https:\/\/droix.eu\/sk\/product-category\/prislusenstvo\/#listItem","position":2,"name":"Pr\u00edslu\u0161enstvo","item":"https:\/\/droix.eu\/sk\/product-category\/prislusenstvo\/","nextItem":{"@type":"ListItem","@id":"https:\/\/droix.eu\/sk\/product-category\/prislusenstvo\/herne-prislusenstvo\/#listItem","name":"Hern\u00e9 pr\u00edslu\u0161enstvo"},"previousItem":{"@type":"ListItem","@id":"https:\/\/droix.eu\/sk\/#listItem","name":"Home"}},{"@type":"ListItem","@id":"https:\/\/droix.eu\/sk\/product-category\/prislusenstvo\/herne-prislusenstvo\/#listItem","position":3,"name":"Hern\u00e9 pr\u00edslu\u0161enstvo","item":"https:\/\/droix.eu\/sk\/product-category\/prislusenstvo\/herne-prislusenstvo\/","nextItem":{"@type":"ListItem","@id":"https:\/\/droix.eu\/sk\/product\/onexplayer-kabel-oculink\/#listItem","name":"K\u00e1bel ONEXPLAYER OCuLink"},"previousItem":{"@type":"ListItem","@id":"https:\/\/droix.eu\/sk\/product-category\/prislusenstvo\/#listItem","name":"Pr\u00edslu\u0161enstvo"}},{"@type":"ListItem","@id":"https:\/\/droix.eu\/sk\/product\/onexplayer-kabel-oculink\/#listItem","position":4,"name":"K\u00e1bel ONEXPLAYER OCuLink","previousItem":{"@type":"ListItem","@id":"https:\/\/droix.eu\/sk\/product-category\/prislusenstvo\/herne-prislusenstvo\/#listItem","name":"Hern\u00e9 pr\u00edslu\u0161enstvo"}}]},{"@type":"Organization","@id":"https:\/\/droix.eu\/sk\/#organization","name":"DroiX \u2013 Trusted EU Tech Retailer with 12+ Years Experience","description":"DroiX is a leading European technology retailer with over 12 years of experience, offering quality mini PCs, handheld gaming consoles, and tech accessories. We provide hassle-free EU delivery with all taxes included, ensuring a smooth and reliable shopping experience for our customers across Europe.","url":"https:\/\/droix.eu\/sk\/","logo":{"@type":"ImageObject","url":"https:\/\/droix.eu\/wp-content\/uploads\/2024\/06\/droix-v2-light-logo.png","@id":"https:\/\/droix.eu\/sk\/product\/onexplayer-kabel-oculink\/#organizationLogo","width":380,"height":118},"image":{"@id":"https:\/\/droix.eu\/sk\/product\/onexplayer-kabel-oculink\/#organizationLogo"},"sameAs":["https:\/\/www.facebook.com\/DroiX.Store","https:\/\/twitter.com\/DroiX_Store","https:\/\/www.instagram.com\/droix.store\/","https:\/\/www.tiktok.com\/@droix.store","https:\/\/www.youtube.com\/c\/DroiX_Store","https:\/\/uk.linkedin.com\/company\/droix"]},{"@type":"Product","@id":"https:\/\/droix.eu\/sk\/product\/onexplayer-kabel-oculink\/#wooCommerceProduct","name":"K\u00e1bel ONEXPLAYER OCuLink","description":"Ofici\u00e1lny k\u00e1bel ONEXPLAYER OCuLink\n  Kompatibiln\u00fd s ONEXPLAYER ONEXGPU \/ X1\n  R\u00fdchlej\u0161ie ako USB 4.0 typu C\n  Vysokokvalitn\u00fd opleten\u00fd k\u00e1bel\n  1M dlh\u00fd k\u00e1bel","url":"https:\/\/droix.eu\/sk\/product\/onexplayer-kabel-oculink\/","sku":"ONEXPLAYER-OCULINK-CABLE","gtin":"5060763678439","image":{"@type":"ImageObject","url":"https:\/\/droix.eu\/wp-content\/uploads\/2025\/06\/ONEXPLAYER-OCULINK-CABLE-DONE-01.png","@id":"https:\/\/droix.eu\/sk\/product\/onexplayer-kabel-oculink\/#productImage","width":1500,"height":1500,"caption":"Obr\u00e1zok predstavuj\u00faci k\u00e1bel ONEXPLAYER OCuLink s odoln\u00fdm opleten\u00edm a konektormi na oboch koncoch. Ni\u017e\u0161ie sa nach\u00e1dza \u010das\u0165 o kompatibilite zobrazuj\u00faca podporovan\u00e9 zariadenia vr\u00e1tane GPD WIN 4 (2024 a 2025), GPD WIN MAX 2 (2024 a 2025), GPD DUO, ONEXPLAYER X1\/X1 Mini a MINISFORUM UM780XTX spolu s pozn\u00e1mkou, v ktorej sa uv\u00e1dza kompatibilita s \u010fal\u0161\u00edmi zariadeniami s portami OCuLink\/M.2 NVMe"},"offers":{"@type":"Offer","url":"https:\/\/droix.eu\/sk\/product\/onexplayer-kabel-oculink\/#wooCommerceOffer","price":24.54,"priceCurrency":"EUR","category":"Hern\u00e9 pr\u00edslu\u0161enstvo","availability":"https:\/\/schema.org\/InStock","priceSpecification":{"@type":"PriceSpecification","price":24.54,"priceCurrency":"EUR","valueAddedTaxIncluded":"true"},"seller":{"@type":"Organization","@id":"https:\/\/droix.eu\/sk\/#organization"}}},{"@type":"WebPage","@id":"https:\/\/droix.eu\/sk\/product\/onexplayer-kabel-oculink\/#webpage","url":"https:\/\/droix.eu\/sk\/product\/onexplayer-kabel-oculink\/","name":"K\u00e1bel ONEXPLAYER OCuLink - DROIX EU","description":"Ofici\u00e1lny k\u00e1bel ONEXPLAYER OCuLink Kompatibiln\u00fd s ONEXPLAYER ONEXGPU \/ X1 R\u00fdchlej\u0161ie ako USB 4.0 typu C Vysokokvalitn\u00fd opleten\u00fd k\u00e1bel 1M dlh\u00fd k\u00e1bel Balenie obsahuje 1x k\u00e1bel ONEXPLAYER OCuLink","inLanguage":"sk-SK","isPartOf":{"@id":"https:\/\/droix.eu\/sk\/#website"},"breadcrumb":{"@id":"https:\/\/droix.eu\/sk\/product\/onexplayer-kabel-oculink\/#breadcrumblist"},"image":{"@type":"ImageObject","url":"https:\/\/droix.eu\/wp-content\/uploads\/2025\/06\/ONEXPLAYER-OCULINK-CABLE-DONE-01.png","@id":"https:\/\/droix.eu\/sk\/product\/onexplayer-kabel-oculink\/#mainImage","width":1500,"height":1500,"caption":"Obr\u00e1zok predstavuj\u00faci k\u00e1bel ONEXPLAYER OCuLink s odoln\u00fdm opleten\u00edm a konektormi na oboch koncoch. Ni\u017e\u0161ie sa nach\u00e1dza \u010das\u0165 o kompatibilite zobrazuj\u00faca podporovan\u00e9 zariadenia vr\u00e1tane GPD WIN 4 (2024 a 2025), GPD WIN MAX 2 (2024 a 2025), GPD DUO, ONEXPLAYER X1\/X1 Mini a MINISFORUM UM780XTX spolu s pozn\u00e1mkou, v ktorej sa uv\u00e1dza kompatibilita s \u010fal\u0161\u00edmi zariadeniami s portami OCuLink\/M.2 NVMe"},"primaryImageOfPage":{"@id":"https:\/\/droix.eu\/sk\/product\/onexplayer-kabel-oculink\/#mainImage"},"datePublished":"2025-06-17T15:49:05+01:00","dateModified":"2026-04-08T10:56:55+01:00"},{"@type":"WebSite","@id":"https:\/\/droix.eu\/sk\/#website","url":"https:\/\/droix.eu\/sk\/","name":"DROIX EU","description":"Get the latest Mini PCs, Ultrabook, PC Gaming Handhelds and more!","inLanguage":"sk-SK","publisher":{"@id":"https:\/\/droix.eu\/sk\/#organization"}}]},"og:locale":"sk_SK","og:site_name":"DROIX EU - Get the latest Mini PCs, Ultrabook, PC Gaming Handhelds and more!","og:type":"article","og:title":"K\u00e1bel ONEXPLAYER OCuLink - DROIX EU","og:description":"Ofici\u00e1lny k\u00e1bel ONEXPLAYER OCuLink Kompatibiln\u00fd s ONEXPLAYER ONEXGPU \/ X1 R\u00fdchlej\u0161ie ako USB 4.0 typu C Vysokokvalitn\u00fd opleten\u00fd k\u00e1bel 1M dlh\u00fd k\u00e1bel Balenie obsahuje 1x k\u00e1bel ONEXPLAYER OCuLink","og:url":"https:\/\/droix.eu\/sk\/product\/onexplayer-kabel-oculink\/","og:image":"https:\/\/droix.eu\/wp-content\/uploads\/2024\/06\/droix-v2-light-logo.png","og:image:secure_url":"https:\/\/droix.eu\/wp-content\/uploads\/2024\/06\/droix-v2-light-logo.png","og:image:width":380,"og:image:height":118,"article:published_time":"2025-06-17T14:49:05+00:00","article:modified_time":"2026-04-08T09:56:55+00:00","article:publisher":"https:\/\/www.facebook.com\/DroiX.Store","twitter:card":"summary_large_image","twitter:site":"@DroiX_Store","twitter:title":"K\u00e1bel ONEXPLAYER OCuLink - DROIX EU","twitter:description":"Ofici\u00e1lny k\u00e1bel ONEXPLAYER OCuLink Kompatibiln\u00fd s ONEXPLAYER ONEXGPU \/ X1 R\u00fdchlej\u0161ie ako USB 4.0 typu C Vysokokvalitn\u00fd opleten\u00fd k\u00e1bel 1M dlh\u00fd k\u00e1bel Balenie obsahuje 1x k\u00e1bel ONEXPLAYER OCuLink","twitter:image":"https:\/\/droix.eu\/wp-content\/uploads\/2024\/06\/droix-v2-light-logo.png"},"aioseo_meta_data":{"post_id":"658276","title":null,"description":null,"keywords":null,"keyphrases":null,"primary_term":null,"canonical_url":null,"og_title":null,"og_description":null,"og_object_type":"default","og_image_type":"default","og_image_url":null,"og_image_width":null,"og_image_height":null,"og_image_custom_url":null,"og_image_custom_fields":null,"og_video":null,"og_custom_url":null,"og_article_section":null,"og_article_tags":null,"twitter_use_og":true,"twitter_card":"default","twitter_image_type":"default","twitter_image_url":null,"twitter_image_custom_url":null,"twitter_image_custom_fields":null,"twitter_title":null,"twitter_description":null,"schema":{"blockGraphs":[],"customGraphs":[],"default":{"data":{"Article":[],"Course":[],"Dataset":[],"FAQPage":[],"Movie":[],"Person":[],"Product":[],"ProductReview":[],"Car":[],"Recipe":[],"Service":[],"SoftwareApplication":[],"WebPage":[]},"graphName":"Product","isEnabled":true},"graphs":[]},"schema_type":"default","schema_type_options":null,"pillar_content":false,"robots_default":true,"robots_noindex":false,"robots_noarchive":false,"robots_nosnippet":false,"robots_nofollow":false,"robots_noimageindex":false,"robots_noodp":false,"robots_notranslate":false,"robots_max_snippet":null,"robots_max_videopreview":null,"robots_max_imagepreview":"large","priority":null,"frequency":null,"local_seo":null,"seo_analyzer_scan_date":null,"breadcrumb_settings":null,"limit_modified_date":false,"reviewed_by":null,"open_ai":null,"ai":null,"created":"2025-10-09 11:12:13","updated":"2026-04-08 16:02:29"},"aioseo_breadcrumb":"<div class=\"aioseo-breadcrumbs\"><span class=\"aioseo-breadcrumb\">\n\t<a href=\"https:\/\/droix.eu\/sk\/\" title=\"Home\">Home<\/a>\n<\/span><span class=\"aioseo-breadcrumb-separator\">&raquo;<\/span><span class=\"aioseo-breadcrumb\">\n\t<a href=\"https:\/\/droix.eu\/sk\/product-category\/prislusenstvo\/\" title=\"Pr\u00edslu\u0161enstvo\">Pr\u00edslu\u0161enstvo<\/a>\n<\/span><span class=\"aioseo-breadcrumb-separator\">&raquo;<\/span><span class=\"aioseo-breadcrumb\">\n\t<a href=\"https:\/\/droix.eu\/sk\/product-category\/prislusenstvo\/herne-prislusenstvo\/\" title=\"Hern\u00e9 pr\u00edslu\u0161enstvo\">Hern\u00e9 pr\u00edslu\u0161enstvo<\/a>\n<\/span><span class=\"aioseo-breadcrumb-separator\">&raquo;<\/span><span class=\"aioseo-breadcrumb\">\n\tK\u00e1bel ONEXPLAYER OCuLink\n<\/span><\/div>","aioseo_breadcrumb_json":[{"label":"Home","link":"https:\/\/droix.eu\/sk\/"},{"label":"Pr\u00edslu\u0161enstvo","link":"https:\/\/droix.eu\/sk\/product-category\/prislusenstvo\/"},{"label":"Hern\u00e9 pr\u00edslu\u0161enstvo","link":"https:\/\/droix.eu\/sk\/product-category\/prislusenstvo\/herne-prislusenstvo\/"},{"label":"K\u00e1bel ONEXPLAYER OCuLink","link":"https:\/\/droix.eu\/sk\/product\/onexplayer-kabel-oculink\/"}],"_links":{"self":[{"href":"https:\/\/droix.eu\/sk\/wp-json\/wp\/v2\/product\/658276","targetHints":{"allow":["GET"]}}],"collection":[{"href":"https:\/\/droix.eu\/sk\/wp-json\/wp\/v2\/product"}],"about":[{"href":"https:\/\/droix.eu\/sk\/wp-json\/wp\/v2\/types\/product"}],"version-history":[{"count":0,"href":"https:\/\/droix.eu\/sk\/wp-json\/wp\/v2\/product\/658276\/revisions"}],"wp:featuredmedia":[{"embeddable":true,"href":"https:\/\/droix.eu\/sk\/wp-json\/wp\/v2\/media\/647939"}],"wp:attachment":[{"href":"https:\/\/droix.eu\/sk\/wp-json\/wp\/v2\/media?parent=658276"}],"wp:term":[{"taxonomy":"product_brand","embeddable":true,"href":"https:\/\/droix.eu\/sk\/wp-json\/wp\/v2\/product_brand?post=658276"},{"taxonomy":"product_cat","embeddable":true,"href":"https:\/\/droix.eu\/sk\/wp-json\/wp\/v2\/product_cat?post=658276"},{"taxonomy":"product_tag","embeddable":true,"href":"https:\/\/droix.eu\/sk\/wp-json\/wp\/v2\/product_tag?post=658276"},{"taxonomy":"woo-feed-brand","embeddable":true,"href":"https:\/\/droix.eu\/sk\/wp-json\/wp\/v2\/woo-feed-brand?post=658276"},{"taxonomy":"key-features","embeddable":true,"href":"https:\/\/droix.eu\/sk\/wp-json\/wp\/v2\/key-features?post=658276"}],"curies":[{"name":"wp","href":"https:\/\/api.w.org\/{rel}","templated":true}]}}