{"id":565003,"date":"2020-11-27T15:45:33","date_gmt":"2020-11-27T15:45:33","guid":{"rendered":"https:\/\/droix.eu\/product\/ochranne-puzdro-gpd-pre-p2-max-pocket-3-a-win-max\/"},"modified":"2025-08-18T15:01:46","modified_gmt":"2025-08-18T14:01:46","slug":"ochranne-puzdro-gpd-pre-p2-max-pocket-3-a-win-max","status":"publish","type":"product","link":"https:\/\/droix.eu\/sk\/product\/ochranne-puzdro-gpd-pre-p2-max-pocket-3-a-win-max\/","title":{"rendered":"Ochrann\u00e9 puzdro GPD pre P2 Max , Pocket 3 a Win Max"},"content":{"rendered":"<p>Toto ochrann\u00e9 puzdro navrhnut\u00e9 spolo\u010dnos\u0165ou GPD pre GPD P2 Max , Pocket 3 a GPD WIN Max je elegantn\u00e9 a \u0161t\u00fdlov\u00e9.<\/p>\n","protected":false},"excerpt":{"rendered":"<ul>\n<li>Ofici\u00e1lny produkt GPD<\/li>\n<li>Ur\u010den\u00e9 pre P2 Max , Pocket 3 a WIN Max<\/li>\n<li>Hladk\u00e1 text\u00fara<\/li>\n<\/ul>\n[cg_accordion title=\"2-ro\u010dn\u00e1 z\u00e1ruka na v\u0161etky produkty GPD\"]<\/p>\n<p>Na v\u0161etky produkty GPD sa vz\u0165ahuje 2-ro\u010dn\u00e1 z\u00e1ruka a s\u00fa podporovan\u00e9 viac ako 13 rokmi d\u00f4veryhodn\u00e9ho servisu. Pripojte sa k na\u0161ej komunite viac ako 500 000 spokojn\u00fdch z\u00e1kazn\u00edkov a bu\u010fte si ist\u00ed svoj\u00edm n\u00e1kupom. [\/cg_accordion]\n[cg_accordion title=\"Flexibiln\u00e9 a bezpe\u010dn\u00e9 mo\u017enosti platby\"]<\/p>\n<p>U\u017eite si pokoj s na\u0161\u00edm bezpe\u010dn\u00fdm pokladni\u010dn\u00fdm syst\u00e9mom. Podporujeme v\u0161etky hlavn\u00e9 platobn\u00e9 met\u00f3dy vr\u00e1tane debetn\u00fdch\/kreditn\u00fdch kariet, slu\u017eieb PayPal, Apple Pay, Google Pay, Klarna, Afterpay a Affirm, \u010do v\u00e1m d\u00e1va mo\u017enos\u0165 plati\u0165 pod\u013ea va\u0161ich predst\u00e1v, \u010di u\u017e vopred, alebo v jednoduch\u00fdch spl\u00e1tkach. [\/cg_accordion]\n[cg_accordion title=\"Dane\"]<\/p>\n<p>Ceny zah\u0155\u0148aj\u00fa platn\u00fa DPH, ktor\u00e1 m\u00f4\u017ee by\u0165 a\u017e 25 % v z\u00e1vislosti od va\u0161ej krajiny. Presn\u00e1 suma sa zobrazuje po\u010das objedn\u00e1vky, aby sa zabezpe\u010dila \u00fapln\u00e1 transparentnos\u0165. [\/cg_accordion]\n[cg_accordion title=\"Preprava a vr\u00e1tenie tovaru\"]<\/p>\n<p>Spolupracujeme s viac ako 10 d\u00f4veryhodn\u00fdmi prepravn\u00fdmi partnermi, aby sme zabezpe\u010dili, \u017ee va\u0161a objedn\u00e1vka pr\u00edde r\u00fdchlo, bezpe\u010dne a spo\u013eahlivo.<\/p>\n<p>Pou\u017e\u00edvame expresn\u00fa prepravu DDP (Delivered Duty Paid). To znamen\u00e1: <\/p>\n<li>V\u0161etky cl\u00e1 a dane s\u00fa u\u017e zahrnut\u00e9 v uvedenej cene v\u00fdrobku.<\/li>\n<li>Pri doru\u010den\u00ed v\u00e1s neprekvapia \u017eiadne poplatky.<\/li>\n<li>V zriedkav\u00fdch pr\u00edpadoch oneskorenia coln\u00e9ho konania za v\u00e1s n\u00e1\u0161 t\u00edm spravuje proces coln\u00e9ho konania, aby sa zabezpe\u010dilo bezprobl\u00e9mov\u00e9 doru\u010denie.<\/li>\n<p>D\u00f4le\u017eit\u00e9 inform\u00e1cie o vr\u00e1ten\u00ed tovaru:<\/p>\n<li>Ak objedn\u00e1vku vr\u00e1tite alebo po\u017eiadate o vr\u00e1tenie pe\u0148az\u00ed, upozor\u0148ujeme, \u017ee v\u0161etky dane a cl\u00e1 zaplaten\u00e9 vo va\u0161om mene pod\u013ea podmienok DDP sa nevracaj\u00fa.<\/li>\n<p>Podrobn\u00e9 inform\u00e1cie n\u00e1jdete v na\u0161ich <a href=\"https:\/\/droix.eu\/sk\/podmienky-a-pravidla\/\" target=\"_blank\" rel=\"nofollow noopener\">zmluvn\u00fdch podmienkach<\/a>.\n<\/ul>\n<p>[\/cg_accordion]\n[cg_accordion title=\"Podpora z\u00e1kazn\u00edkov\"]<\/p>\n<p>M\u00e1te ot\u00e1zku? Od vyrie\u0161enia v\u00e1\u0161ho probl\u00e9mu n\u00e1s del\u00ed kr\u00e1tka textov\u00e1 spr\u00e1va![\/cg_accordion]\n[cg_accordion title=\"Balenie obsahuje\"]<\/p>\n<ul>\n<li>1x puzdro GPD<\/li>\n<\/ul>\n<p>[\/cg_accordion]\n","protected":false},"featured_media":222748,"template":"","meta":{"_acf_changed":false},"product_brand":[],"product_cat":[13339,13265,13266],"product_tag":[],"woo-feed-brand":[2198],"key-features":[],"class_list":{"0":"post-565003","1":"product","2":"type-product","3":"status-publish","4":"has-post-thumbnail","6":"product_cat-herne-prislusenstvo","7":"product_cat-prislusenstvo","8":"product_cat-prislusenstvo-pre-notebooky","9":"product_shipping_class-low-end","10":"pa_accessory-type-protective-case","11":"pa_brands-gpd-sk","12":"woo-feed-brand-gpd","14":"first","15":"outofstock","16":"taxable","17":"shipping-taxable","18":"purchasable","19":"product-type-simple"},"acf":[],"aioseo_notices":[],"aioseo_head":"\n\t\t<!-- All in One SEO Pro 4.9.5.2 - aioseo.com -->\n\t<meta name=\"description\" content=\"Ofici\u00e1lny produkt GPD Ur\u010den\u00e9 pre P2 Max , Pocket 3 a WIN Max Hladk\u00e1 text\u00fara\" \/>\n\t<meta name=\"robots\" content=\"max-image-preview:large\" \/>\n\t<link rel=\"canonical\" href=\"https:\/\/droix.eu\/sk\/product\/ochranne-puzdro-gpd-pre-p2-max-pocket-3-a-win-max\/\" \/>\n\t<meta name=\"generator\" content=\"All in One SEO Pro (AIOSEO) 4.9.5.2\" \/>\n\t\t<meta property=\"og:locale\" content=\"sk_SK\" \/>\n\t\t<meta property=\"og:site_name\" content=\"DROIX EU - Get the latest Mini PCs, Ultrabook, PC Gaming Handhelds and more!\" \/>\n\t\t<meta property=\"og:type\" content=\"article\" \/>\n\t\t<meta property=\"og:title\" content=\"Ochrann\u00e9 puzdro GPD pre P2 Max , Pocket 3 a Win Max - DROIX EU\" \/>\n\t\t<meta property=\"og:description\" content=\"Ofici\u00e1lny produkt GPD Ur\u010den\u00e9 pre P2 Max , Pocket 3 a WIN Max Hladk\u00e1 text\u00fara\" \/>\n\t\t<meta property=\"og:url\" content=\"https:\/\/droix.eu\/sk\/product\/ochranne-puzdro-gpd-pre-p2-max-pocket-3-a-win-max\/\" \/>\n\t\t<meta property=\"og:image\" content=\"https:\/\/droix.eu\/wp-content\/uploads\/2024\/06\/droix-v2-light-logo.png\" \/>\n\t\t<meta property=\"og:image:secure_url\" content=\"https:\/\/droix.eu\/wp-content\/uploads\/2024\/06\/droix-v2-light-logo.png\" \/>\n\t\t<meta property=\"og:image:width\" content=\"380\" \/>\n\t\t<meta property=\"og:image:height\" content=\"118\" \/>\n\t\t<meta property=\"article:published_time\" content=\"2020-11-27T15:45:33+00:00\" \/>\n\t\t<meta property=\"article:modified_time\" content=\"2025-08-18T14:01:46+00:00\" \/>\n\t\t<meta property=\"article:publisher\" content=\"https:\/\/www.facebook.com\/DroiX.Store\" \/>\n\t\t<meta name=\"twitter:card\" content=\"summary_large_image\" \/>\n\t\t<meta name=\"twitter:site\" content=\"@DroiX_Store\" \/>\n\t\t<meta name=\"twitter:title\" content=\"Ochrann\u00e9 puzdro GPD pre P2 Max , Pocket 3 a Win Max - DROIX EU\" \/>\n\t\t<meta name=\"twitter:description\" content=\"Ofici\u00e1lny produkt GPD Ur\u010den\u00e9 pre P2 Max , Pocket 3 a WIN Max Hladk\u00e1 text\u00fara\" \/>\n\t\t<meta name=\"twitter:image\" content=\"https:\/\/droix.eu\/wp-content\/uploads\/2024\/06\/droix-v2-light-logo.png\" \/>\n\t\t<script type=\"application\/ld+json\" class=\"aioseo-schema\">\n\t\t\t{\"@context\":\"https:\\\/\\\/schema.org\",\"@graph\":[{\"@type\":\"BreadcrumbList\",\"@id\":\"https:\\\/\\\/droix.eu\\\/sk\\\/product\\\/ochranne-puzdro-gpd-pre-p2-max-pocket-3-a-win-max\\\/#breadcrumblist\",\"itemListElement\":[{\"@type\":\"ListItem\",\"@id\":\"https:\\\/\\\/droix.eu\\\/sk\\\/#listItem\",\"position\":1,\"name\":\"Home\",\"item\":\"https:\\\/\\\/droix.eu\\\/sk\\\/\",\"nextItem\":{\"@type\":\"ListItem\",\"@id\":\"https:\\\/\\\/droix.eu\\\/sk\\\/product-category\\\/prislusenstvo\\\/#listItem\",\"name\":\"Pr\\u00edslu\\u0161enstvo\"}},{\"@type\":\"ListItem\",\"@id\":\"https:\\\/\\\/droix.eu\\\/sk\\\/product-category\\\/prislusenstvo\\\/#listItem\",\"position\":2,\"name\":\"Pr\\u00edslu\\u0161enstvo\",\"item\":\"https:\\\/\\\/droix.eu\\\/sk\\\/product-category\\\/prislusenstvo\\\/\",\"nextItem\":{\"@type\":\"ListItem\",\"@id\":\"https:\\\/\\\/droix.eu\\\/sk\\\/product-category\\\/prislusenstvo\\\/prislusenstvo-pre-notebooky\\\/#listItem\",\"name\":\"Pr\\u00edslu\\u0161enstvo pre notebooky\"},\"previousItem\":{\"@type\":\"ListItem\",\"@id\":\"https:\\\/\\\/droix.eu\\\/sk\\\/#listItem\",\"name\":\"Home\"}},{\"@type\":\"ListItem\",\"@id\":\"https:\\\/\\\/droix.eu\\\/sk\\\/product-category\\\/prislusenstvo\\\/prislusenstvo-pre-notebooky\\\/#listItem\",\"position\":3,\"name\":\"Pr\\u00edslu\\u0161enstvo pre notebooky\",\"item\":\"https:\\\/\\\/droix.eu\\\/sk\\\/product-category\\\/prislusenstvo\\\/prislusenstvo-pre-notebooky\\\/\",\"nextItem\":{\"@type\":\"ListItem\",\"@id\":\"https:\\\/\\\/droix.eu\\\/sk\\\/product\\\/ochranne-puzdro-gpd-pre-p2-max-pocket-3-a-win-max\\\/#listItem\",\"name\":\"Ochrann\\u00e9 puzdro GPD pre P2 Max , Pocket 3 a Win Max\"},\"previousItem\":{\"@type\":\"ListItem\",\"@id\":\"https:\\\/\\\/droix.eu\\\/sk\\\/product-category\\\/prislusenstvo\\\/#listItem\",\"name\":\"Pr\\u00edslu\\u0161enstvo\"}},{\"@type\":\"ListItem\",\"@id\":\"https:\\\/\\\/droix.eu\\\/sk\\\/product\\\/ochranne-puzdro-gpd-pre-p2-max-pocket-3-a-win-max\\\/#listItem\",\"position\":4,\"name\":\"Ochrann\\u00e9 puzdro GPD pre P2 Max , Pocket 3 a Win Max\",\"previousItem\":{\"@type\":\"ListItem\",\"@id\":\"https:\\\/\\\/droix.eu\\\/sk\\\/product-category\\\/prislusenstvo\\\/prislusenstvo-pre-notebooky\\\/#listItem\",\"name\":\"Pr\\u00edslu\\u0161enstvo pre notebooky\"}}]},{\"@type\":\"Organization\",\"@id\":\"https:\\\/\\\/droix.eu\\\/sk\\\/#organization\",\"name\":\"DroiX \\u2013 Trusted EU Tech Retailer with 12+ Years Experience\",\"description\":\"DroiX is a leading European technology retailer with over 12 years of experience, offering quality mini PCs, handheld gaming consoles, and tech accessories. We provide hassle-free EU delivery with all taxes included, ensuring a smooth and reliable shopping experience for our customers across Europe.\",\"url\":\"https:\\\/\\\/droix.eu\\\/sk\\\/\",\"logo\":{\"@type\":\"ImageObject\",\"url\":\"https:\\\/\\\/droix.eu\\\/wp-content\\\/uploads\\\/2024\\\/06\\\/droix-v2-light-logo.png\",\"@id\":\"https:\\\/\\\/droix.eu\\\/sk\\\/product\\\/ochranne-puzdro-gpd-pre-p2-max-pocket-3-a-win-max\\\/#organizationLogo\",\"width\":380,\"height\":118},\"image\":{\"@id\":\"https:\\\/\\\/droix.eu\\\/sk\\\/product\\\/ochranne-puzdro-gpd-pre-p2-max-pocket-3-a-win-max\\\/#organizationLogo\"},\"sameAs\":[\"https:\\\/\\\/www.facebook.com\\\/DroiX.Store\",\"https:\\\/\\\/twitter.com\\\/DroiX_Store\",\"https:\\\/\\\/www.instagram.com\\\/droix.store\\\/\",\"https:\\\/\\\/www.tiktok.com\\\/@droix.store\",\"https:\\\/\\\/www.youtube.com\\\/c\\\/DroiX_Store\",\"https:\\\/\\\/uk.linkedin.com\\\/company\\\/droix\"]},{\"@type\":\"Product\",\"@id\":\"https:\\\/\\\/droix.eu\\\/sk\\\/product\\\/ochranne-puzdro-gpd-pre-p2-max-pocket-3-a-win-max\\\/#wooCommerceProduct\",\"name\":\"Ochrann\\u00e9 puzdro GPD pre P2 Max , Pocket 3 a Win Max\",\"description\":\"Ofici\\u00e1lny produkt GPD\\n \\tUr\\u010den\\u00e9 pre P2 Max , Pocket 3 a WIN Max\\n \\tHladk\\u00e1 text\\u00fara\",\"url\":\"https:\\\/\\\/droix.eu\\\/sk\\\/product\\\/ochranne-puzdro-gpd-pre-p2-max-pocket-3-a-win-max\\\/\",\"sku\":\"GPD-PROTECTIVE-CASE-P2-MAX-WIN-MAX\",\"gtin\":\"5060763670358\",\"image\":{\"@type\":\"ImageObject\",\"url\":\"https:\\\/\\\/droix.eu\\\/wp-content\\\/uploads\\\/2021\\\/12\\\/GPD-P2-MAX-CASE-LISTING-PICTURE-1.png\",\"@id\":\"https:\\\/\\\/droix.eu\\\/sk\\\/product\\\/ochranne-puzdro-gpd-pre-p2-max-pocket-3-a-win-max\\\/#productImage\",\"width\":700,\"height\":700,\"caption\":\"GPD P2 Max Ochrann\\u00e9 puzdro\"},\"offers\":{\"@type\":\"Offer\",\"url\":\"https:\\\/\\\/droix.eu\\\/sk\\\/product\\\/ochranne-puzdro-gpd-pre-p2-max-pocket-3-a-win-max\\\/#wooCommerceOffer\",\"price\":27.63,\"priceCurrency\":\"EUR\",\"category\":\"Hern\\u00e9 pr\\u00edslu\\u0161enstvo\",\"availability\":\"https:\\\/\\\/schema.org\\\/OutOfStock\",\"priceSpecification\":{\"@type\":\"PriceSpecification\",\"price\":27.63,\"priceCurrency\":\"EUR\",\"valueAddedTaxIncluded\":\"true\"},\"seller\":{\"@type\":\"Organization\",\"@id\":\"https:\\\/\\\/droix.eu\\\/sk\\\/#organization\"}}},{\"@type\":\"WebPage\",\"@id\":\"https:\\\/\\\/droix.eu\\\/sk\\\/product\\\/ochranne-puzdro-gpd-pre-p2-max-pocket-3-a-win-max\\\/#webpage\",\"url\":\"https:\\\/\\\/droix.eu\\\/sk\\\/product\\\/ochranne-puzdro-gpd-pre-p2-max-pocket-3-a-win-max\\\/\",\"name\":\"Ochrann\\u00e9 puzdro GPD pre P2 Max , Pocket 3 a Win Max - DROIX EU\",\"description\":\"Ofici\\u00e1lny produkt GPD Ur\\u010den\\u00e9 pre P2 Max , Pocket 3 a WIN Max Hladk\\u00e1 text\\u00fara\",\"inLanguage\":\"sk-SK\",\"isPartOf\":{\"@id\":\"https:\\\/\\\/droix.eu\\\/sk\\\/#website\"},\"breadcrumb\":{\"@id\":\"https:\\\/\\\/droix.eu\\\/sk\\\/product\\\/ochranne-puzdro-gpd-pre-p2-max-pocket-3-a-win-max\\\/#breadcrumblist\"},\"image\":{\"@type\":\"ImageObject\",\"url\":\"https:\\\/\\\/droix.eu\\\/wp-content\\\/uploads\\\/2021\\\/12\\\/GPD-P2-MAX-CASE-LISTING-PICTURE-1.png\",\"@id\":\"https:\\\/\\\/droix.eu\\\/sk\\\/product\\\/ochranne-puzdro-gpd-pre-p2-max-pocket-3-a-win-max\\\/#mainImage\",\"width\":700,\"height\":700,\"caption\":\"GPD P2 Max Ochrann\\u00e9 puzdro\"},\"primaryImageOfPage\":{\"@id\":\"https:\\\/\\\/droix.eu\\\/sk\\\/product\\\/ochranne-puzdro-gpd-pre-p2-max-pocket-3-a-win-max\\\/#mainImage\"},\"datePublished\":\"2020-11-27T15:45:33+00:00\",\"dateModified\":\"2025-08-18T15:01:46+01:00\"},{\"@type\":\"WebSite\",\"@id\":\"https:\\\/\\\/droix.eu\\\/sk\\\/#website\",\"url\":\"https:\\\/\\\/droix.eu\\\/sk\\\/\",\"name\":\"DROIX EU\",\"description\":\"Get the latest Mini PCs, Ultrabook, PC Gaming Handhelds and more!\",\"inLanguage\":\"sk-SK\",\"publisher\":{\"@id\":\"https:\\\/\\\/droix.eu\\\/sk\\\/#organization\"}}]}\n\t\t<\/script>\n\t\t<!-- All in One SEO Pro -->\r\n\t\t<title>Ochrann\u00e9 puzdro GPD pre P2 Max , Pocket 3 a Win Max - DROIX EU<\/title>\n\n","aioseo_head_json":{"title":"Ochrann\u00e9 puzdro GPD pre P2 Max , Pocket 3 a Win Max - DROIX EU","description":"Ofici\u00e1lny produkt GPD Ur\u010den\u00e9 pre P2 Max , Pocket 3 a WIN Max Hladk\u00e1 text\u00fara","canonical_url":"https:\/\/droix.eu\/sk\/product\/ochranne-puzdro-gpd-pre-p2-max-pocket-3-a-win-max\/","robots":"max-image-preview:large","keywords":"","webmasterTools":{"miscellaneous":""},"schema":{"@context":"https:\/\/schema.org","@graph":[{"@type":"BreadcrumbList","@id":"https:\/\/droix.eu\/sk\/product\/ochranne-puzdro-gpd-pre-p2-max-pocket-3-a-win-max\/#breadcrumblist","itemListElement":[{"@type":"ListItem","@id":"https:\/\/droix.eu\/sk\/#listItem","position":1,"name":"Home","item":"https:\/\/droix.eu\/sk\/","nextItem":{"@type":"ListItem","@id":"https:\/\/droix.eu\/sk\/product-category\/prislusenstvo\/#listItem","name":"Pr\u00edslu\u0161enstvo"}},{"@type":"ListItem","@id":"https:\/\/droix.eu\/sk\/product-category\/prislusenstvo\/#listItem","position":2,"name":"Pr\u00edslu\u0161enstvo","item":"https:\/\/droix.eu\/sk\/product-category\/prislusenstvo\/","nextItem":{"@type":"ListItem","@id":"https:\/\/droix.eu\/sk\/product-category\/prislusenstvo\/prislusenstvo-pre-notebooky\/#listItem","name":"Pr\u00edslu\u0161enstvo pre notebooky"},"previousItem":{"@type":"ListItem","@id":"https:\/\/droix.eu\/sk\/#listItem","name":"Home"}},{"@type":"ListItem","@id":"https:\/\/droix.eu\/sk\/product-category\/prislusenstvo\/prislusenstvo-pre-notebooky\/#listItem","position":3,"name":"Pr\u00edslu\u0161enstvo pre notebooky","item":"https:\/\/droix.eu\/sk\/product-category\/prislusenstvo\/prislusenstvo-pre-notebooky\/","nextItem":{"@type":"ListItem","@id":"https:\/\/droix.eu\/sk\/product\/ochranne-puzdro-gpd-pre-p2-max-pocket-3-a-win-max\/#listItem","name":"Ochrann\u00e9 puzdro GPD pre P2 Max , Pocket 3 a Win Max"},"previousItem":{"@type":"ListItem","@id":"https:\/\/droix.eu\/sk\/product-category\/prislusenstvo\/#listItem","name":"Pr\u00edslu\u0161enstvo"}},{"@type":"ListItem","@id":"https:\/\/droix.eu\/sk\/product\/ochranne-puzdro-gpd-pre-p2-max-pocket-3-a-win-max\/#listItem","position":4,"name":"Ochrann\u00e9 puzdro GPD pre P2 Max , Pocket 3 a Win Max","previousItem":{"@type":"ListItem","@id":"https:\/\/droix.eu\/sk\/product-category\/prislusenstvo\/prislusenstvo-pre-notebooky\/#listItem","name":"Pr\u00edslu\u0161enstvo pre notebooky"}}]},{"@type":"Organization","@id":"https:\/\/droix.eu\/sk\/#organization","name":"DroiX \u2013 Trusted EU Tech Retailer with 12+ Years Experience","description":"DroiX is a leading European technology retailer with over 12 years of experience, offering quality mini PCs, handheld gaming consoles, and tech accessories. We provide hassle-free EU delivery with all taxes included, ensuring a smooth and reliable shopping experience for our customers across Europe.","url":"https:\/\/droix.eu\/sk\/","logo":{"@type":"ImageObject","url":"https:\/\/droix.eu\/wp-content\/uploads\/2024\/06\/droix-v2-light-logo.png","@id":"https:\/\/droix.eu\/sk\/product\/ochranne-puzdro-gpd-pre-p2-max-pocket-3-a-win-max\/#organizationLogo","width":380,"height":118},"image":{"@id":"https:\/\/droix.eu\/sk\/product\/ochranne-puzdro-gpd-pre-p2-max-pocket-3-a-win-max\/#organizationLogo"},"sameAs":["https:\/\/www.facebook.com\/DroiX.Store","https:\/\/twitter.com\/DroiX_Store","https:\/\/www.instagram.com\/droix.store\/","https:\/\/www.tiktok.com\/@droix.store","https:\/\/www.youtube.com\/c\/DroiX_Store","https:\/\/uk.linkedin.com\/company\/droix"]},{"@type":"Product","@id":"https:\/\/droix.eu\/sk\/product\/ochranne-puzdro-gpd-pre-p2-max-pocket-3-a-win-max\/#wooCommerceProduct","name":"Ochrann\u00e9 puzdro GPD pre P2 Max , Pocket 3 a Win Max","description":"Ofici\u00e1lny produkt GPD\n \tUr\u010den\u00e9 pre P2 Max , Pocket 3 a WIN Max\n \tHladk\u00e1 text\u00fara","url":"https:\/\/droix.eu\/sk\/product\/ochranne-puzdro-gpd-pre-p2-max-pocket-3-a-win-max\/","sku":"GPD-PROTECTIVE-CASE-P2-MAX-WIN-MAX","gtin":"5060763670358","image":{"@type":"ImageObject","url":"https:\/\/droix.eu\/wp-content\/uploads\/2021\/12\/GPD-P2-MAX-CASE-LISTING-PICTURE-1.png","@id":"https:\/\/droix.eu\/sk\/product\/ochranne-puzdro-gpd-pre-p2-max-pocket-3-a-win-max\/#productImage","width":700,"height":700,"caption":"GPD P2 Max Ochrann\u00e9 puzdro"},"offers":{"@type":"Offer","url":"https:\/\/droix.eu\/sk\/product\/ochranne-puzdro-gpd-pre-p2-max-pocket-3-a-win-max\/#wooCommerceOffer","price":27.63,"priceCurrency":"EUR","category":"Hern\u00e9 pr\u00edslu\u0161enstvo","availability":"https:\/\/schema.org\/OutOfStock","priceSpecification":{"@type":"PriceSpecification","price":27.63,"priceCurrency":"EUR","valueAddedTaxIncluded":"true"},"seller":{"@type":"Organization","@id":"https:\/\/droix.eu\/sk\/#organization"}}},{"@type":"WebPage","@id":"https:\/\/droix.eu\/sk\/product\/ochranne-puzdro-gpd-pre-p2-max-pocket-3-a-win-max\/#webpage","url":"https:\/\/droix.eu\/sk\/product\/ochranne-puzdro-gpd-pre-p2-max-pocket-3-a-win-max\/","name":"Ochrann\u00e9 puzdro GPD pre P2 Max , Pocket 3 a Win Max - DROIX EU","description":"Ofici\u00e1lny produkt GPD Ur\u010den\u00e9 pre P2 Max , Pocket 3 a WIN Max Hladk\u00e1 text\u00fara","inLanguage":"sk-SK","isPartOf":{"@id":"https:\/\/droix.eu\/sk\/#website"},"breadcrumb":{"@id":"https:\/\/droix.eu\/sk\/product\/ochranne-puzdro-gpd-pre-p2-max-pocket-3-a-win-max\/#breadcrumblist"},"image":{"@type":"ImageObject","url":"https:\/\/droix.eu\/wp-content\/uploads\/2021\/12\/GPD-P2-MAX-CASE-LISTING-PICTURE-1.png","@id":"https:\/\/droix.eu\/sk\/product\/ochranne-puzdro-gpd-pre-p2-max-pocket-3-a-win-max\/#mainImage","width":700,"height":700,"caption":"GPD P2 Max Ochrann\u00e9 puzdro"},"primaryImageOfPage":{"@id":"https:\/\/droix.eu\/sk\/product\/ochranne-puzdro-gpd-pre-p2-max-pocket-3-a-win-max\/#mainImage"},"datePublished":"2020-11-27T15:45:33+00:00","dateModified":"2025-08-18T15:01:46+01:00"},{"@type":"WebSite","@id":"https:\/\/droix.eu\/sk\/#website","url":"https:\/\/droix.eu\/sk\/","name":"DROIX EU","description":"Get the latest Mini PCs, Ultrabook, PC Gaming Handhelds and more!","inLanguage":"sk-SK","publisher":{"@id":"https:\/\/droix.eu\/sk\/#organization"}}]},"og:locale":"sk_SK","og:site_name":"DROIX EU - Get the latest Mini PCs, Ultrabook, PC Gaming Handhelds and more!","og:type":"article","og:title":"Ochrann\u00e9 puzdro GPD pre P2 Max , Pocket 3 a Win Max - DROIX EU","og:description":"Ofici\u00e1lny produkt GPD Ur\u010den\u00e9 pre P2 Max , Pocket 3 a WIN Max Hladk\u00e1 text\u00fara","og:url":"https:\/\/droix.eu\/sk\/product\/ochranne-puzdro-gpd-pre-p2-max-pocket-3-a-win-max\/","og:image":"https:\/\/droix.eu\/wp-content\/uploads\/2024\/06\/droix-v2-light-logo.png","og:image:secure_url":"https:\/\/droix.eu\/wp-content\/uploads\/2024\/06\/droix-v2-light-logo.png","og:image:width":380,"og:image:height":118,"article:published_time":"2020-11-27T15:45:33+00:00","article:modified_time":"2025-08-18T14:01:46+00:00","article:publisher":"https:\/\/www.facebook.com\/DroiX.Store","twitter:card":"summary_large_image","twitter:site":"@DroiX_Store","twitter:title":"Ochrann\u00e9 puzdro GPD pre P2 Max , Pocket 3 a Win Max - DROIX EU","twitter:description":"Ofici\u00e1lny produkt GPD Ur\u010den\u00e9 pre P2 Max , Pocket 3 a WIN Max Hladk\u00e1 text\u00fara","twitter:image":"https:\/\/droix.eu\/wp-content\/uploads\/2024\/06\/droix-v2-light-logo.png"},"aioseo_meta_data":{"post_id":"565003","title":null,"description":null,"keywords":null,"keyphrases":null,"primary_term":null,"canonical_url":null,"og_title":null,"og_description":null,"og_object_type":"default","og_image_type":"default","og_image_url":null,"og_image_width":null,"og_image_height":null,"og_image_custom_url":null,"og_image_custom_fields":null,"og_video":null,"og_custom_url":null,"og_article_section":null,"og_article_tags":null,"twitter_use_og":true,"twitter_card":"default","twitter_image_type":"default","twitter_image_url":null,"twitter_image_custom_url":null,"twitter_image_custom_fields":null,"twitter_title":null,"twitter_description":null,"schema":{"blockGraphs":[],"customGraphs":[],"default":{"data":{"Article":[],"Course":[],"Dataset":[],"FAQPage":[],"Movie":[],"Person":[],"Product":[],"ProductReview":[],"Car":[],"Recipe":[],"Service":[],"SoftwareApplication":[],"WebPage":[]},"graphName":"","isEnabled":true},"graphs":[]},"schema_type":"default","schema_type_options":null,"pillar_content":false,"robots_default":true,"robots_noindex":false,"robots_noarchive":false,"robots_nosnippet":false,"robots_nofollow":false,"robots_noimageindex":false,"robots_noodp":false,"robots_notranslate":false,"robots_max_snippet":null,"robots_max_videopreview":null,"robots_max_imagepreview":"large","priority":null,"frequency":null,"local_seo":null,"seo_analyzer_scan_date":"2025-10-24 08:26:05","breadcrumb_settings":null,"limit_modified_date":false,"reviewed_by":null,"open_ai":null,"ai":null,"created":"2025-10-09 03:37:05","updated":"2025-11-27 01:45:06"},"aioseo_breadcrumb":"<div class=\"aioseo-breadcrumbs\"><span class=\"aioseo-breadcrumb\">\n\t<a href=\"https:\/\/droix.eu\/sk\/\" title=\"Home\">Home<\/a>\n<\/span><span class=\"aioseo-breadcrumb-separator\">&raquo;<\/span><span class=\"aioseo-breadcrumb\">\n\t<a href=\"https:\/\/droix.eu\/sk\/product-category\/prislusenstvo\/\" title=\"Pr\u00edslu\u0161enstvo\">Pr\u00edslu\u0161enstvo<\/a>\n<\/span><span class=\"aioseo-breadcrumb-separator\">&raquo;<\/span><span class=\"aioseo-breadcrumb\">\n\t<a href=\"https:\/\/droix.eu\/sk\/product-category\/prislusenstvo\/prislusenstvo-pre-notebooky\/\" title=\"Pr\u00edslu\u0161enstvo pre notebooky\">Pr\u00edslu\u0161enstvo pre notebooky<\/a>\n<\/span><span class=\"aioseo-breadcrumb-separator\">&raquo;<\/span><span class=\"aioseo-breadcrumb\">\n\tOchrann\u00e9 puzdro GPD pre P2 Max , Pocket 3 a Win Max\n<\/span><\/div>","aioseo_breadcrumb_json":[{"label":"Home","link":"https:\/\/droix.eu\/sk\/"},{"label":"Pr\u00edslu\u0161enstvo","link":"https:\/\/droix.eu\/sk\/product-category\/prislusenstvo\/"},{"label":"Pr\u00edslu\u0161enstvo pre notebooky","link":"https:\/\/droix.eu\/sk\/product-category\/prislusenstvo\/prislusenstvo-pre-notebooky\/"},{"label":"Ochrann\u00e9 puzdro GPD pre P2 Max , Pocket 3 a Win Max","link":"https:\/\/droix.eu\/sk\/product\/ochranne-puzdro-gpd-pre-p2-max-pocket-3-a-win-max\/"}],"_links":{"self":[{"href":"https:\/\/droix.eu\/sk\/wp-json\/wp\/v2\/product\/565003","targetHints":{"allow":["GET"]}}],"collection":[{"href":"https:\/\/droix.eu\/sk\/wp-json\/wp\/v2\/product"}],"about":[{"href":"https:\/\/droix.eu\/sk\/wp-json\/wp\/v2\/types\/product"}],"version-history":[{"count":0,"href":"https:\/\/droix.eu\/sk\/wp-json\/wp\/v2\/product\/565003\/revisions"}],"wp:featuredmedia":[{"embeddable":true,"href":"https:\/\/droix.eu\/sk\/wp-json\/wp\/v2\/media\/222748"}],"wp:attachment":[{"href":"https:\/\/droix.eu\/sk\/wp-json\/wp\/v2\/media?parent=565003"}],"wp:term":[{"taxonomy":"product_brand","embeddable":true,"href":"https:\/\/droix.eu\/sk\/wp-json\/wp\/v2\/product_brand?post=565003"},{"taxonomy":"product_cat","embeddable":true,"href":"https:\/\/droix.eu\/sk\/wp-json\/wp\/v2\/product_cat?post=565003"},{"taxonomy":"product_tag","embeddable":true,"href":"https:\/\/droix.eu\/sk\/wp-json\/wp\/v2\/product_tag?post=565003"},{"taxonomy":"woo-feed-brand","embeddable":true,"href":"https:\/\/droix.eu\/sk\/wp-json\/wp\/v2\/woo-feed-brand?post=565003"},{"taxonomy":"key-features","embeddable":true,"href":"https:\/\/droix.eu\/sk\/wp-json\/wp\/v2\/key-features?post=565003"}],"curies":[{"name":"wp","href":"https:\/\/api.w.org\/{rel}","templated":true}]}}