{"id":564983,"date":"2020-11-20T10:02:39","date_gmt":"2020-11-20T10:02:39","guid":{"rendered":"https:\/\/droix.eu\/product\/rozbocovac-usb-typu-c-fx8s\/"},"modified":"2025-09-05T14:56:10","modified_gmt":"2025-09-05T13:56:10","slug":"rozbocovac-usb-typu-c-fx8s","status":"publish","type":"product","link":"https:\/\/droix.eu\/sk\/product\/rozbocovac-usb-typu-c-fx8s\/","title":{"rendered":"Rozbo\u010dova\u010d USB typu C FX8S"},"content":{"rendered":"<p><strong>Adapt\u00e9r<\/strong> FX8s <strong>USB-C Hub 8 v 1<\/strong> sp\u00e1ja be\u017ene potrebn\u00e9 porty v jednom kompaktnom a vysoko v\u00fdkonnom <strong>USB-C Hube<\/strong>.<\/p>\n<p><strong>Rozbo\u010dova\u010d<\/strong> FX8s <strong>USB-C<\/strong> sa prip\u00e1ja k portu USB typu C a je kompatibiln\u00fd aj s <a href=\"https:\/\/www.pocket-lint.com\/laptops\/news\/139323-thunderbolt-3-explained-the-one-port-to-rule-them-all\">rozhran\u00edm Thunderbolt 3<\/a>. Poskytuje vysokor\u00fdchlostn\u00fa br\u00e1nu zo zariadenia, ako je po\u010d\u00edta\u010d alebo notebook, do rozbo\u010dova\u010da a umo\u017e\u0148uje aj nab\u00edjanie po\u010das pou\u017e\u00edvania. <\/p>\n<p>Port <strong>HDMI rozbo\u010dova\u010da USB-C<\/strong> podporuje <strong>rozl\u00ed\u0161enie<\/strong> a\u017e do <strong>4K*2K UHD<\/strong> (3840&#215;2160) pri 60 Hz na pripojenie k zobrazovac\u00edm zariadeniam, ako s\u00fa telev\u00edzory, monitory alebo projektory. Sta\u010d\u00ed pripoji\u0165 k\u00e1bel HDMI k rozbo\u010dova\u010du a displeju a m\u00f4\u017eete za\u010da\u0165 pracova\u0165. <\/p>\n<p>Dva superr\u00fdchle <strong>porty USB 3.0<\/strong> s\u00fa umiestnen\u00e9 na bo\u010dnej strane a umo\u017e\u0148uj\u00fa pripojenie zariaden\u00ed, ako je my\u0161 alebo kl\u00e1vesnica, alebo vysokor\u00fdchlostn\u00fdch perif\u00e9rnych zariaden\u00ed, ako s\u00fa pam\u00e4\u0165ov\u00e9 k\u013e\u00fa\u010de USB a extern\u00e9 pevn\u00e9 disky. Dod\u00e1vaj\u00fa maxim\u00e1lny v\u00fdkon a\u017e 4,5 W. <\/p>\n<p>\u017densk\u00fd <strong>port USB typu C<\/strong> podporuje a\u017e 87W nap\u00e1jacie adapt\u00e9ry a dok\u00e1\u017ee tie\u017e vyvies\u0165 20 V pri 3 A. Du\u00e1lna funkcia umo\u017e\u0148uje nab\u00edja\u0165 zariadenie prostredn\u00edctvom rozbo\u010dova\u010da a z\u00e1rove\u0148 ho pou\u017e\u00edva\u0165, \u010do je ide\u00e1lne rie\u0161enie, ak m\u00e1 va\u0161e zariadenie len jeden port Type-C. Cez tento port m\u00f4\u017eete k rozbo\u010dova\u010du pripoji\u0165 aj kompatibiln\u00e9 <a href=\"https:\/\/www.computerworld.com\/article\/2488194\/usb-c-explained-how-to-get-the-most-from-it-and-why-its-great.html\">perif\u00e9rne zariadenia typu C<\/a>.  <\/p>\n<p>Mnoh\u00e9 prenosn\u00e9 zariadenia maj\u00fa v s\u00fa\u010dasnosti len bezdr\u00f4tov\u00e9 pripojenie, ktor\u00e9 \u010dasto nemus\u00ed by\u0165 dostato\u010dne r\u00fdchle alebo spo\u013eahliv\u00e9. <strong>Ethernetov\u00fd<\/strong> port RJ45 <strong>rozbo\u010dova\u010da USB-C<\/strong> podporuje r\u00fdchlos\u0165 a\u017e 100 Mb\/s na r\u00fdchly a stabiln\u00fd k\u00e1blov\u00fd prenos d\u00e1t. <\/p>\n<p>Rozbo\u010dova\u010d FX8s m\u00e1 aj <strong>\u010d\u00edta\u010dku kariet<\/strong> SD a Micro SD <strong>USB-C<\/strong>, ktor\u00e1 poskytuje spo\u013eahliv\u00fd vysokor\u00fdchlostn\u00fd z\u00e1pis a \u010d\u00edtanie z kariet do v\u00e1\u0161ho zariadenia.<\/p>\n","protected":false},"excerpt":{"rendered":"<ul>\n<li><strong>Vysokor\u00fdchlostn\u00fd<\/strong> adapt\u00e9r USB typu C<\/li>\n<li>V\u00fdstup HDMI <strong>4K<\/strong> <\/li>\n<li>Port RJ45 <strong>100M\/s<\/strong> Ethernet<\/li>\n<li>Slot na kartu SD\/MicroSD<\/li>\n<li>Kompatibiln\u00e9 s opera\u010dn\u00fdmi <strong>syst\u00e9mami Windows<\/strong><strong>,Mac<\/strong> a <strong>Android<\/strong><\/li>\n<\/ul>\n[droix_global_accordions]\n[cg_accordion title=\"Package Includes\"]<\/p>\n<ul>\n<li>1x rozbo\u010dova\u010d USB typu C FX8S<\/li>\n<\/ul>\n<p>[\/cg_accordion]\n","protected":false},"featured_media":221133,"template":"","meta":{"_acf_changed":false},"product_brand":[],"product_cat":[13339,16896,13265,13266],"product_tag":[],"woo-feed-brand":[],"key-features":[],"class_list":{"0":"post-564983","1":"product","2":"type-product","3":"status-publish","4":"has-post-thumbnail","6":"product_cat-herne-prislusenstvo","7":"product_cat-pocitacove-prislusenstvo","8":"product_cat-prislusenstvo","9":"product_cat-prislusenstvo-pre-notebooky","10":"product_shipping_class-low-end","11":"pa_accessory-type-docking-station","12":"pa_brands-droix-sk","14":"first","15":"outofstock","16":"taxable","17":"shipping-taxable","18":"purchasable","19":"product-type-simple"},"acf":[],"aioseo_notices":[],"aioseo_head":"\n\t\t<!-- All in One SEO Pro 4.9.6.2 - aioseo.com -->\n\t<meta name=\"description\" content=\"Vysokor\u00fdchlostn\u00fd adapt\u00e9r USB typu C V\u00fdstup HDMI 4K Port RJ45 100M\/s Ethernet Slot na kartu SD\/MicroSD Kompatibiln\u00e9 s opera\u010dn\u00fdmi syst\u00e9mami Windows,Mac a Android Package Includes 1x rozbo\u010dova\u010d USB typu C FX8S\" \/>\n\t<meta name=\"robots\" content=\"max-image-preview:large\" \/>\n\t<link rel=\"canonical\" href=\"https:\/\/droix.eu\/sk\/product\/rozbocovac-usb-typu-c-fx8s\/\" \/>\n\t<meta name=\"generator\" content=\"All in One SEO Pro (AIOSEO) 4.9.6.2\" \/>\n\t\t<meta property=\"og:locale\" content=\"sk_SK\" \/>\n\t\t<meta property=\"og:site_name\" content=\"DROIX EU - Get the latest Mini PCs, Ultrabook, PC Gaming Handhelds and more!\" \/>\n\t\t<meta property=\"og:type\" content=\"article\" \/>\n\t\t<meta property=\"og:title\" content=\"Rozbo\u010dova\u010d USB typu C FX8S - DROIX EU\" \/>\n\t\t<meta property=\"og:description\" content=\"Vysokor\u00fdchlostn\u00fd adapt\u00e9r USB typu C V\u00fdstup HDMI 4K Port RJ45 100M\/s Ethernet Slot na kartu SD\/MicroSD Kompatibiln\u00e9 s opera\u010dn\u00fdmi syst\u00e9mami Windows,Mac a Android Package Includes 1x rozbo\u010dova\u010d USB typu C FX8S\" \/>\n\t\t<meta property=\"og:url\" content=\"https:\/\/droix.eu\/sk\/product\/rozbocovac-usb-typu-c-fx8s\/\" \/>\n\t\t<meta property=\"og:image\" content=\"https:\/\/droix.eu\/wp-content\/uploads\/2024\/06\/droix-v2-light-logo.png\" \/>\n\t\t<meta property=\"og:image:secure_url\" content=\"https:\/\/droix.eu\/wp-content\/uploads\/2024\/06\/droix-v2-light-logo.png\" \/>\n\t\t<meta property=\"og:image:width\" content=\"380\" \/>\n\t\t<meta property=\"og:image:height\" content=\"118\" \/>\n\t\t<meta property=\"article:published_time\" content=\"2020-11-20T10:02:39+00:00\" \/>\n\t\t<meta property=\"article:modified_time\" content=\"2025-09-05T13:56:10+00:00\" \/>\n\t\t<meta property=\"article:publisher\" content=\"https:\/\/www.facebook.com\/DroiX.Store\" \/>\n\t\t<meta name=\"twitter:card\" content=\"summary_large_image\" \/>\n\t\t<meta name=\"twitter:site\" content=\"@DroiX_Store\" \/>\n\t\t<meta name=\"twitter:title\" content=\"Rozbo\u010dova\u010d USB typu C FX8S - DROIX EU\" \/>\n\t\t<meta name=\"twitter:description\" content=\"Vysokor\u00fdchlostn\u00fd adapt\u00e9r USB typu C V\u00fdstup HDMI 4K Port RJ45 100M\/s Ethernet Slot na kartu SD\/MicroSD Kompatibiln\u00e9 s opera\u010dn\u00fdmi syst\u00e9mami Windows,Mac a Android Package Includes 1x rozbo\u010dova\u010d USB typu C FX8S\" \/>\n\t\t<meta name=\"twitter:image\" content=\"https:\/\/droix.eu\/wp-content\/uploads\/2024\/06\/droix-v2-light-logo.png\" \/>\n\t\t<script type=\"application\/ld+json\" class=\"aioseo-schema\">\n\t\t\t{\"@context\":\"https:\\\/\\\/schema.org\",\"@graph\":[{\"@type\":\"BreadcrumbList\",\"@id\":\"https:\\\/\\\/droix.eu\\\/sk\\\/product\\\/rozbocovac-usb-typu-c-fx8s\\\/#breadcrumblist\",\"itemListElement\":[{\"@type\":\"ListItem\",\"@id\":\"https:\\\/\\\/droix.eu\\\/sk\\\/#listItem\",\"position\":1,\"name\":\"Home\",\"item\":\"https:\\\/\\\/droix.eu\\\/sk\\\/\",\"nextItem\":{\"@type\":\"ListItem\",\"@id\":\"https:\\\/\\\/droix.eu\\\/sk\\\/product-category\\\/prislusenstvo\\\/#listItem\",\"name\":\"Pr\\u00edslu\\u0161enstvo\"}},{\"@type\":\"ListItem\",\"@id\":\"https:\\\/\\\/droix.eu\\\/sk\\\/product-category\\\/prislusenstvo\\\/#listItem\",\"position\":2,\"name\":\"Pr\\u00edslu\\u0161enstvo\",\"item\":\"https:\\\/\\\/droix.eu\\\/sk\\\/product-category\\\/prislusenstvo\\\/\",\"nextItem\":{\"@type\":\"ListItem\",\"@id\":\"https:\\\/\\\/droix.eu\\\/sk\\\/product-category\\\/prislusenstvo\\\/prislusenstvo-pre-notebooky\\\/#listItem\",\"name\":\"Pr\\u00edslu\\u0161enstvo pre notebooky\"},\"previousItem\":{\"@type\":\"ListItem\",\"@id\":\"https:\\\/\\\/droix.eu\\\/sk\\\/#listItem\",\"name\":\"Home\"}},{\"@type\":\"ListItem\",\"@id\":\"https:\\\/\\\/droix.eu\\\/sk\\\/product-category\\\/prislusenstvo\\\/prislusenstvo-pre-notebooky\\\/#listItem\",\"position\":3,\"name\":\"Pr\\u00edslu\\u0161enstvo pre notebooky\",\"item\":\"https:\\\/\\\/droix.eu\\\/sk\\\/product-category\\\/prislusenstvo\\\/prislusenstvo-pre-notebooky\\\/\",\"nextItem\":{\"@type\":\"ListItem\",\"@id\":\"https:\\\/\\\/droix.eu\\\/sk\\\/product\\\/rozbocovac-usb-typu-c-fx8s\\\/#listItem\",\"name\":\"Rozbo\\u010dova\\u010d USB typu C FX8S\"},\"previousItem\":{\"@type\":\"ListItem\",\"@id\":\"https:\\\/\\\/droix.eu\\\/sk\\\/product-category\\\/prislusenstvo\\\/#listItem\",\"name\":\"Pr\\u00edslu\\u0161enstvo\"}},{\"@type\":\"ListItem\",\"@id\":\"https:\\\/\\\/droix.eu\\\/sk\\\/product\\\/rozbocovac-usb-typu-c-fx8s\\\/#listItem\",\"position\":4,\"name\":\"Rozbo\\u010dova\\u010d USB typu C FX8S\",\"previousItem\":{\"@type\":\"ListItem\",\"@id\":\"https:\\\/\\\/droix.eu\\\/sk\\\/product-category\\\/prislusenstvo\\\/prislusenstvo-pre-notebooky\\\/#listItem\",\"name\":\"Pr\\u00edslu\\u0161enstvo pre notebooky\"}}]},{\"@type\":\"Organization\",\"@id\":\"https:\\\/\\\/droix.eu\\\/sk\\\/#organization\",\"name\":\"DroiX \\u2013 Trusted EU Tech Retailer with 12+ Years Experience\",\"description\":\"DroiX is a leading European technology retailer with over 12 years of experience, offering quality mini PCs, handheld gaming consoles, and tech accessories. We provide hassle-free EU delivery with all taxes included, ensuring a smooth and reliable shopping experience for our customers across Europe.\",\"url\":\"https:\\\/\\\/droix.eu\\\/sk\\\/\",\"logo\":{\"@type\":\"ImageObject\",\"url\":\"https:\\\/\\\/droix.eu\\\/wp-content\\\/uploads\\\/2024\\\/06\\\/droix-v2-light-logo.png\",\"@id\":\"https:\\\/\\\/droix.eu\\\/sk\\\/product\\\/rozbocovac-usb-typu-c-fx8s\\\/#organizationLogo\",\"width\":380,\"height\":118},\"image\":{\"@id\":\"https:\\\/\\\/droix.eu\\\/sk\\\/product\\\/rozbocovac-usb-typu-c-fx8s\\\/#organizationLogo\"},\"sameAs\":[\"https:\\\/\\\/www.facebook.com\\\/DroiX.Store\",\"https:\\\/\\\/twitter.com\\\/DroiX_Store\",\"https:\\\/\\\/www.instagram.com\\\/droix.store\\\/\",\"https:\\\/\\\/www.tiktok.com\\\/@droix.store\",\"https:\\\/\\\/www.youtube.com\\\/c\\\/DroiX_Store\",\"https:\\\/\\\/uk.linkedin.com\\\/company\\\/droix\"]},{\"@type\":\"Product\",\"@id\":\"https:\\\/\\\/droix.eu\\\/sk\\\/product\\\/rozbocovac-usb-typu-c-fx8s\\\/#wooCommerceProduct\",\"name\":\"Rozbo\\u010dova\\u010d USB typu C FX8S\",\"description\":\"Vysokor\\u00fdchlostn\\u00fd adapt\\u00e9r USB typu C\\n \\tV\\u00fdstup HDMI 4K \\n \\tPort RJ45 100M\\\/s Ethernet\\n \\tSlot na kartu SD\\\/MicroSD\\n \\tKompatibiln\\u00e9 s opera\\u010dn\\u00fdmi syst\\u00e9mami Windows,Mac a Android\",\"url\":\"https:\\\/\\\/droix.eu\\\/sk\\\/product\\\/rozbocovac-usb-typu-c-fx8s\\\/\",\"sku\":\"DX-FX8-S-USB-TYPE-C-ADAPTER\",\"image\":{\"@type\":\"ImageObject\",\"url\":\"https:\\\/\\\/droix.eu\\\/wp-content\\\/uploads\\\/2021\\\/12\\\/1-2.png\",\"@id\":\"https:\\\/\\\/droix.eu\\\/sk\\\/product\\\/rozbocovac-usb-typu-c-fx8s\\\/#productImage\",\"width\":670,\"height\":840,\"caption\":\"DroiX FX8s - zobrazuje 2 porty USB typu C, 1 HDMI, 2 porty USB typu A, 1 port pre kartu SD a 1 port MicroSD\"},\"offers\":{\"@type\":\"Offer\",\"url\":\"https:\\\/\\\/droix.eu\\\/sk\\\/product\\\/rozbocovac-usb-typu-c-fx8s\\\/#wooCommerceOffer\",\"price\":33.2,\"priceCurrency\":\"EUR\",\"category\":\"Hern\\u00e9 pr\\u00edslu\\u0161enstvo\",\"priceValidUntil\":\"2024-05-26\",\"availability\":\"https:\\\/\\\/schema.org\\\/OutOfStock\",\"priceSpecification\":{\"@type\":\"PriceSpecification\",\"price\":33.2,\"priceCurrency\":\"EUR\",\"valueAddedTaxIncluded\":\"true\"},\"seller\":{\"@type\":\"Organization\",\"@id\":\"https:\\\/\\\/droix.eu\\\/sk\\\/#organization\"}}},{\"@type\":\"WebPage\",\"@id\":\"https:\\\/\\\/droix.eu\\\/sk\\\/product\\\/rozbocovac-usb-typu-c-fx8s\\\/#webpage\",\"url\":\"https:\\\/\\\/droix.eu\\\/sk\\\/product\\\/rozbocovac-usb-typu-c-fx8s\\\/\",\"name\":\"Rozbo\\u010dova\\u010d USB typu C FX8S - DROIX EU\",\"description\":\"Vysokor\\u00fdchlostn\\u00fd adapt\\u00e9r USB typu C V\\u00fdstup HDMI 4K Port RJ45 100M\\\/s Ethernet Slot na kartu SD\\\/MicroSD Kompatibiln\\u00e9 s opera\\u010dn\\u00fdmi syst\\u00e9mami Windows,Mac a Android Package Includes 1x rozbo\\u010dova\\u010d USB typu C FX8S\",\"inLanguage\":\"sk-SK\",\"isPartOf\":{\"@id\":\"https:\\\/\\\/droix.eu\\\/sk\\\/#website\"},\"breadcrumb\":{\"@id\":\"https:\\\/\\\/droix.eu\\\/sk\\\/product\\\/rozbocovac-usb-typu-c-fx8s\\\/#breadcrumblist\"},\"image\":{\"@type\":\"ImageObject\",\"url\":\"https:\\\/\\\/droix.eu\\\/wp-content\\\/uploads\\\/2021\\\/12\\\/1-2.png\",\"@id\":\"https:\\\/\\\/droix.eu\\\/sk\\\/product\\\/rozbocovac-usb-typu-c-fx8s\\\/#mainImage\",\"width\":670,\"height\":840,\"caption\":\"DroiX FX8s - zobrazuje 2 porty USB typu C, 1 HDMI, 2 porty USB typu A, 1 port pre kartu SD a 1 port MicroSD\"},\"primaryImageOfPage\":{\"@id\":\"https:\\\/\\\/droix.eu\\\/sk\\\/product\\\/rozbocovac-usb-typu-c-fx8s\\\/#mainImage\"},\"datePublished\":\"2020-11-20T10:02:39+00:00\",\"dateModified\":\"2025-09-05T14:56:10+01:00\"},{\"@type\":\"WebSite\",\"@id\":\"https:\\\/\\\/droix.eu\\\/sk\\\/#website\",\"url\":\"https:\\\/\\\/droix.eu\\\/sk\\\/\",\"name\":\"DROIX EU\",\"description\":\"Get the latest Mini PCs, Ultrabook, PC Gaming Handhelds and more!\",\"inLanguage\":\"sk-SK\",\"publisher\":{\"@id\":\"https:\\\/\\\/droix.eu\\\/sk\\\/#organization\"}}]}\n\t\t<\/script>\n\t\t<!-- All in One SEO Pro -->\r\n\t\t<title>Rozbo\u010dova\u010d USB typu C FX8S - DROIX EU<\/title>\n\n","aioseo_head_json":{"title":"Rozbo\u010dova\u010d USB typu C FX8S - DROIX EU","description":"Vysokor\u00fdchlostn\u00fd adapt\u00e9r USB typu C V\u00fdstup HDMI 4K Port RJ45 100M\/s Ethernet Slot na kartu SD\/MicroSD Kompatibiln\u00e9 s opera\u010dn\u00fdmi syst\u00e9mami Windows,Mac a Android Package Includes 1x rozbo\u010dova\u010d USB typu C FX8S","canonical_url":"https:\/\/droix.eu\/sk\/product\/rozbocovac-usb-typu-c-fx8s\/","robots":"max-image-preview:large","keywords":"","webmasterTools":{"miscellaneous":""},"schema":{"@context":"https:\/\/schema.org","@graph":[{"@type":"BreadcrumbList","@id":"https:\/\/droix.eu\/sk\/product\/rozbocovac-usb-typu-c-fx8s\/#breadcrumblist","itemListElement":[{"@type":"ListItem","@id":"https:\/\/droix.eu\/sk\/#listItem","position":1,"name":"Home","item":"https:\/\/droix.eu\/sk\/","nextItem":{"@type":"ListItem","@id":"https:\/\/droix.eu\/sk\/product-category\/prislusenstvo\/#listItem","name":"Pr\u00edslu\u0161enstvo"}},{"@type":"ListItem","@id":"https:\/\/droix.eu\/sk\/product-category\/prislusenstvo\/#listItem","position":2,"name":"Pr\u00edslu\u0161enstvo","item":"https:\/\/droix.eu\/sk\/product-category\/prislusenstvo\/","nextItem":{"@type":"ListItem","@id":"https:\/\/droix.eu\/sk\/product-category\/prislusenstvo\/prislusenstvo-pre-notebooky\/#listItem","name":"Pr\u00edslu\u0161enstvo pre notebooky"},"previousItem":{"@type":"ListItem","@id":"https:\/\/droix.eu\/sk\/#listItem","name":"Home"}},{"@type":"ListItem","@id":"https:\/\/droix.eu\/sk\/product-category\/prislusenstvo\/prislusenstvo-pre-notebooky\/#listItem","position":3,"name":"Pr\u00edslu\u0161enstvo pre notebooky","item":"https:\/\/droix.eu\/sk\/product-category\/prislusenstvo\/prislusenstvo-pre-notebooky\/","nextItem":{"@type":"ListItem","@id":"https:\/\/droix.eu\/sk\/product\/rozbocovac-usb-typu-c-fx8s\/#listItem","name":"Rozbo\u010dova\u010d USB typu C FX8S"},"previousItem":{"@type":"ListItem","@id":"https:\/\/droix.eu\/sk\/product-category\/prislusenstvo\/#listItem","name":"Pr\u00edslu\u0161enstvo"}},{"@type":"ListItem","@id":"https:\/\/droix.eu\/sk\/product\/rozbocovac-usb-typu-c-fx8s\/#listItem","position":4,"name":"Rozbo\u010dova\u010d USB typu C FX8S","previousItem":{"@type":"ListItem","@id":"https:\/\/droix.eu\/sk\/product-category\/prislusenstvo\/prislusenstvo-pre-notebooky\/#listItem","name":"Pr\u00edslu\u0161enstvo pre notebooky"}}]},{"@type":"Organization","@id":"https:\/\/droix.eu\/sk\/#organization","name":"DroiX \u2013 Trusted EU Tech Retailer with 12+ Years Experience","description":"DroiX is a leading European technology retailer with over 12 years of experience, offering quality mini PCs, handheld gaming consoles, and tech accessories. We provide hassle-free EU delivery with all taxes included, ensuring a smooth and reliable shopping experience for our customers across Europe.","url":"https:\/\/droix.eu\/sk\/","logo":{"@type":"ImageObject","url":"https:\/\/droix.eu\/wp-content\/uploads\/2024\/06\/droix-v2-light-logo.png","@id":"https:\/\/droix.eu\/sk\/product\/rozbocovac-usb-typu-c-fx8s\/#organizationLogo","width":380,"height":118},"image":{"@id":"https:\/\/droix.eu\/sk\/product\/rozbocovac-usb-typu-c-fx8s\/#organizationLogo"},"sameAs":["https:\/\/www.facebook.com\/DroiX.Store","https:\/\/twitter.com\/DroiX_Store","https:\/\/www.instagram.com\/droix.store\/","https:\/\/www.tiktok.com\/@droix.store","https:\/\/www.youtube.com\/c\/DroiX_Store","https:\/\/uk.linkedin.com\/company\/droix"]},{"@type":"Product","@id":"https:\/\/droix.eu\/sk\/product\/rozbocovac-usb-typu-c-fx8s\/#wooCommerceProduct","name":"Rozbo\u010dova\u010d USB typu C FX8S","description":"Vysokor\u00fdchlostn\u00fd adapt\u00e9r USB typu C\n \tV\u00fdstup HDMI 4K \n \tPort RJ45 100M\/s Ethernet\n \tSlot na kartu SD\/MicroSD\n \tKompatibiln\u00e9 s opera\u010dn\u00fdmi syst\u00e9mami Windows,Mac a Android","url":"https:\/\/droix.eu\/sk\/product\/rozbocovac-usb-typu-c-fx8s\/","sku":"DX-FX8-S-USB-TYPE-C-ADAPTER","image":{"@type":"ImageObject","url":"https:\/\/droix.eu\/wp-content\/uploads\/2021\/12\/1-2.png","@id":"https:\/\/droix.eu\/sk\/product\/rozbocovac-usb-typu-c-fx8s\/#productImage","width":670,"height":840,"caption":"DroiX FX8s - zobrazuje 2 porty USB typu C, 1 HDMI, 2 porty USB typu A, 1 port pre kartu SD a 1 port MicroSD"},"offers":{"@type":"Offer","url":"https:\/\/droix.eu\/sk\/product\/rozbocovac-usb-typu-c-fx8s\/#wooCommerceOffer","price":33.2,"priceCurrency":"EUR","category":"Hern\u00e9 pr\u00edslu\u0161enstvo","priceValidUntil":"2024-05-26","availability":"https:\/\/schema.org\/OutOfStock","priceSpecification":{"@type":"PriceSpecification","price":33.2,"priceCurrency":"EUR","valueAddedTaxIncluded":"true"},"seller":{"@type":"Organization","@id":"https:\/\/droix.eu\/sk\/#organization"}}},{"@type":"WebPage","@id":"https:\/\/droix.eu\/sk\/product\/rozbocovac-usb-typu-c-fx8s\/#webpage","url":"https:\/\/droix.eu\/sk\/product\/rozbocovac-usb-typu-c-fx8s\/","name":"Rozbo\u010dova\u010d USB typu C FX8S - DROIX EU","description":"Vysokor\u00fdchlostn\u00fd adapt\u00e9r USB typu C V\u00fdstup HDMI 4K Port RJ45 100M\/s Ethernet Slot na kartu SD\/MicroSD Kompatibiln\u00e9 s opera\u010dn\u00fdmi syst\u00e9mami Windows,Mac a Android Package Includes 1x rozbo\u010dova\u010d USB typu C FX8S","inLanguage":"sk-SK","isPartOf":{"@id":"https:\/\/droix.eu\/sk\/#website"},"breadcrumb":{"@id":"https:\/\/droix.eu\/sk\/product\/rozbocovac-usb-typu-c-fx8s\/#breadcrumblist"},"image":{"@type":"ImageObject","url":"https:\/\/droix.eu\/wp-content\/uploads\/2021\/12\/1-2.png","@id":"https:\/\/droix.eu\/sk\/product\/rozbocovac-usb-typu-c-fx8s\/#mainImage","width":670,"height":840,"caption":"DroiX FX8s - zobrazuje 2 porty USB typu C, 1 HDMI, 2 porty USB typu A, 1 port pre kartu SD a 1 port MicroSD"},"primaryImageOfPage":{"@id":"https:\/\/droix.eu\/sk\/product\/rozbocovac-usb-typu-c-fx8s\/#mainImage"},"datePublished":"2020-11-20T10:02:39+00:00","dateModified":"2025-09-05T14:56:10+01:00"},{"@type":"WebSite","@id":"https:\/\/droix.eu\/sk\/#website","url":"https:\/\/droix.eu\/sk\/","name":"DROIX EU","description":"Get the latest Mini PCs, Ultrabook, PC Gaming Handhelds and more!","inLanguage":"sk-SK","publisher":{"@id":"https:\/\/droix.eu\/sk\/#organization"}}]},"og:locale":"sk_SK","og:site_name":"DROIX EU - Get the latest Mini PCs, Ultrabook, PC Gaming Handhelds and more!","og:type":"article","og:title":"Rozbo\u010dova\u010d USB typu C FX8S - DROIX EU","og:description":"Vysokor\u00fdchlostn\u00fd adapt\u00e9r USB typu C V\u00fdstup HDMI 4K Port RJ45 100M\/s Ethernet Slot na kartu SD\/MicroSD Kompatibiln\u00e9 s opera\u010dn\u00fdmi syst\u00e9mami Windows,Mac a Android Package Includes 1x rozbo\u010dova\u010d USB typu C FX8S","og:url":"https:\/\/droix.eu\/sk\/product\/rozbocovac-usb-typu-c-fx8s\/","og:image":"https:\/\/droix.eu\/wp-content\/uploads\/2024\/06\/droix-v2-light-logo.png","og:image:secure_url":"https:\/\/droix.eu\/wp-content\/uploads\/2024\/06\/droix-v2-light-logo.png","og:image:width":380,"og:image:height":118,"article:published_time":"2020-11-20T10:02:39+00:00","article:modified_time":"2025-09-05T13:56:10+00:00","article:publisher":"https:\/\/www.facebook.com\/DroiX.Store","twitter:card":"summary_large_image","twitter:site":"@DroiX_Store","twitter:title":"Rozbo\u010dova\u010d USB typu C FX8S - DROIX EU","twitter:description":"Vysokor\u00fdchlostn\u00fd adapt\u00e9r USB typu C V\u00fdstup HDMI 4K Port RJ45 100M\/s Ethernet Slot na kartu SD\/MicroSD Kompatibiln\u00e9 s opera\u010dn\u00fdmi syst\u00e9mami Windows,Mac a Android Package Includes 1x rozbo\u010dova\u010d USB typu C FX8S","twitter:image":"https:\/\/droix.eu\/wp-content\/uploads\/2024\/06\/droix-v2-light-logo.png"},"aioseo_meta_data":{"post_id":"564983","title":null,"description":null,"keywords":null,"keyphrases":null,"primary_term":null,"canonical_url":null,"og_title":null,"og_description":null,"og_object_type":"default","og_image_type":"default","og_image_url":null,"og_image_width":null,"og_image_height":null,"og_image_custom_url":null,"og_image_custom_fields":null,"og_video":null,"og_custom_url":null,"og_article_section":null,"og_article_tags":null,"twitter_use_og":true,"twitter_card":"default","twitter_image_type":"default","twitter_image_url":null,"twitter_image_custom_url":null,"twitter_image_custom_fields":null,"twitter_title":null,"twitter_description":null,"schema":{"blockGraphs":[],"customGraphs":[],"default":{"data":{"Article":[],"Course":[],"Dataset":[],"FAQPage":[],"Movie":[],"Person":[],"Product":[],"ProductReview":[],"Car":[],"Recipe":[],"Service":[],"SoftwareApplication":[],"WebPage":[]},"graphName":"","isEnabled":true},"graphs":[]},"schema_type":"default","schema_type_options":null,"pillar_content":false,"robots_default":true,"robots_noindex":false,"robots_noarchive":false,"robots_nosnippet":false,"robots_nofollow":false,"robots_noimageindex":false,"robots_noodp":false,"robots_notranslate":false,"robots_max_snippet":null,"robots_max_videopreview":null,"robots_max_imagepreview":"large","priority":null,"frequency":null,"local_seo":null,"seo_analyzer_scan_date":"2025-10-24 08:05:19","breadcrumb_settings":null,"limit_modified_date":false,"reviewed_by":null,"open_ai":null,"ai":null,"created":"2025-10-09 03:30:41","updated":"2025-11-27 01:41:46"},"aioseo_breadcrumb":"<div class=\"aioseo-breadcrumbs\"><span class=\"aioseo-breadcrumb\">\n\t<a href=\"https:\/\/droix.eu\/sk\/\" title=\"Home\">Home<\/a>\n<\/span><span class=\"aioseo-breadcrumb-separator\">&raquo;<\/span><span class=\"aioseo-breadcrumb\">\n\t<a href=\"https:\/\/droix.eu\/sk\/product-category\/prislusenstvo\/\" title=\"Pr\u00edslu\u0161enstvo\">Pr\u00edslu\u0161enstvo<\/a>\n<\/span><span class=\"aioseo-breadcrumb-separator\">&raquo;<\/span><span class=\"aioseo-breadcrumb\">\n\t<a href=\"https:\/\/droix.eu\/sk\/product-category\/prislusenstvo\/prislusenstvo-pre-notebooky\/\" title=\"Pr\u00edslu\u0161enstvo pre notebooky\">Pr\u00edslu\u0161enstvo pre notebooky<\/a>\n<\/span><span class=\"aioseo-breadcrumb-separator\">&raquo;<\/span><span class=\"aioseo-breadcrumb\">\n\tRozbo\u010dova\u010d USB typu C FX8S\n<\/span><\/div>","aioseo_breadcrumb_json":[{"label":"Home","link":"https:\/\/droix.eu\/sk\/"},{"label":"Pr\u00edslu\u0161enstvo","link":"https:\/\/droix.eu\/sk\/product-category\/prislusenstvo\/"},{"label":"Pr\u00edslu\u0161enstvo pre notebooky","link":"https:\/\/droix.eu\/sk\/product-category\/prislusenstvo\/prislusenstvo-pre-notebooky\/"},{"label":"Rozbo\u010dova\u010d USB typu C FX8S","link":"https:\/\/droix.eu\/sk\/product\/rozbocovac-usb-typu-c-fx8s\/"}],"_links":{"self":[{"href":"https:\/\/droix.eu\/sk\/wp-json\/wp\/v2\/product\/564983","targetHints":{"allow":["GET"]}}],"collection":[{"href":"https:\/\/droix.eu\/sk\/wp-json\/wp\/v2\/product"}],"about":[{"href":"https:\/\/droix.eu\/sk\/wp-json\/wp\/v2\/types\/product"}],"version-history":[{"count":0,"href":"https:\/\/droix.eu\/sk\/wp-json\/wp\/v2\/product\/564983\/revisions"}],"wp:featuredmedia":[{"embeddable":true,"href":"https:\/\/droix.eu\/sk\/wp-json\/wp\/v2\/media\/221133"}],"wp:attachment":[{"href":"https:\/\/droix.eu\/sk\/wp-json\/wp\/v2\/media?parent=564983"}],"wp:term":[{"taxonomy":"product_brand","embeddable":true,"href":"https:\/\/droix.eu\/sk\/wp-json\/wp\/v2\/product_brand?post=564983"},{"taxonomy":"product_cat","embeddable":true,"href":"https:\/\/droix.eu\/sk\/wp-json\/wp\/v2\/product_cat?post=564983"},{"taxonomy":"product_tag","embeddable":true,"href":"https:\/\/droix.eu\/sk\/wp-json\/wp\/v2\/product_tag?post=564983"},{"taxonomy":"woo-feed-brand","embeddable":true,"href":"https:\/\/droix.eu\/sk\/wp-json\/wp\/v2\/woo-feed-brand?post=564983"},{"taxonomy":"key-features","embeddable":true,"href":"https:\/\/droix.eu\/sk\/wp-json\/wp\/v2\/key-features?post=564983"}],"curies":[{"name":"wp","href":"https:\/\/api.w.org\/{rel}","templated":true}]}}