{"id":564954,"date":"2020-11-17T11:23:03","date_gmt":"2020-11-17T11:23:03","guid":{"rendered":"https:\/\/droix.eu\/product\/droix-g10s-podsvietena-vzduchova-mys-s-hlasovym-ovladanim\/"},"modified":"2026-01-22T14:33:16","modified_gmt":"2026-01-22T14:33:16","slug":"droix-g10s-podsvietena-vzduchova-mys-s-hlasovym-ovladanim","status":"publish","type":"product","link":"https:\/\/droix.eu\/sk\/product\/droix-g10s-podsvietena-vzduchova-mys-s-hlasovym-ovladanim\/","title":{"rendered":"DroiX G10S Podsvieten\u00e1 vzduchov\u00e1 my\u0161 s hlasov\u00fdm ovl\u00e1dan\u00edm"},"content":{"rendered":"<p><span data-contrast=\"none\">Ob\u013e\u00faben\u00e1 vzduchov\u00e1 my\u0161 DroiX G10 sa vracia vo svojej najnov\u0161ej iter\u00e1cii, <strong>G10S<\/strong>!<\/span><span data-ccp-props=\"{\">&nbsp;<\/span><\/p>\n<p><span data-contrast=\"none\">Pomocou zabudovan\u00e9ho vysokokvalitn\u00e9ho <strong>gyroskopick\u00e9ho<\/strong> sn\u00edma\u010da m\u00f4\u017eete my\u0161 na svojom zariaden\u00ed presne a jednoducho ovl\u00e1da\u0165 na vzdialenos\u0165 nieko\u013ek\u00fdch metrov!<\/span><span data-ccp-props=\"{\">&nbsp;<\/span><\/p>\n<p><span data-contrast=\"none\">Nechce sa v\u00e1m m\u00e1va\u0165 rukou? \u017diadny probl\u00e9m! S&nbsp;<\/span><strong>vstavan\u00fd<\/strong><span data-contrast=\"none\"><strong> mikrof\u00f3n<\/strong>, diktujte svoje slov\u00e1 namiesto ich p\u00edsania prostredn\u00edctvom r\u00f4znych aplik\u00e1ci\u00ed s podporou hlasu!<\/span><span data-ccp-props=\"{\">&nbsp;<\/span><\/p>\n<p><span data-contrast=\"none\">G10S m\u00e1 rovnak\u00e9 rozmery ako jeho predchodca, iba 143*45*29 mm, a tak sa v\u00e1m doslova zmest\u00ed do dlane!<\/span><span data-ccp-props=\"{\">&nbsp;<\/span><\/p>\n<p><span data-contrast=\"none\">Najv\u00fdraznej\u0161ou vlastnos\u0165ou modelu G10S je <strong>podsvietenie<\/strong> pod tla\u010didlami, ktor\u00e9 u\u013eah\u010duje pou\u017e\u00edvanie v prostred\u00ed so slab\u00fdm osvetlen\u00edm!<\/span><span data-ccp-props=\"{\">&nbsp;<\/span><\/p>\n","protected":false},"excerpt":{"rendered":"<ul>\n<li><strong>Bezdr\u00f4tov\u00e9 pripojenie<\/strong> 2,4 GHz<\/li>\n<li>Funguje na bat\u00e9rie AAA.<\/li>\n<li><strong>Podsvieten\u00e9<\/strong> tla\u010didl\u00e1<\/li>\n<li><strong>Zabudovan\u00fd mikrof\u00f3n<\/strong><\/li>\n<li>\u013dahk\u00fd, ergonomick\u00fd dizajn.<\/li>\n<\/ul>\n[droix_global_accordions]\n[cg_accordion title=\"Balenie obsahuje\"]<\/p>\n<ul>\n<li>1x DroiX G10S Air-Mouse\/li&gt;\n<li>1x 2,4Ghz RF USB Dongle<\/li>\n<li>1x u\u017e\u00edvate\u013esk\u00e1 pr\u00edru\u010dka<\/li>\n<\/ul>\n<p>[\/cg_accordion]\n","protected":false},"featured_media":220351,"template":"","meta":{"_acf_changed":false},"product_brand":[],"product_cat":[13265,41111],"product_tag":[],"woo-feed-brand":[],"key-features":[],"class_list":{"0":"post-564954","1":"product","2":"type-product","3":"status-publish","4":"has-post-thumbnail","6":"product_cat-prislusenstvo","7":"product_cat-prislusenstvo-pre-televizne-boxy-android","8":"product_shipping_class-low-end","9":"pa_brands-droix-sk","10":"pa_compatibility-android-sk","11":"pa_compatibility-windows-sk","13":"first","14":"outofstock","15":"sale","16":"taxable","17":"shipping-taxable","18":"purchasable","19":"product-type-simple"},"acf":[],"aioseo_notices":[],"aioseo_head":"\n\t\t<!-- All in One SEO Pro 4.9.6.2 - aioseo.com -->\n\t<meta name=\"description\" content=\"Bezdr\u00f4tov\u00e9 pripojenie 2,4 GHz Funguje na bat\u00e9rie AAA. Podsvieten\u00e9 tla\u010didl\u00e1 Zabudovan\u00fd mikrof\u00f3n \u013dahk\u00fd, ergonomick\u00fd dizajn. Balenie obsahuje 1x DroiX G10S Air-Mouse\/li&gt; 1x 2,4Ghz RF USB Dongle 1x u\u017e\u00edvate\u013esk\u00e1 pr\u00edru\u010dka\" \/>\n\t<meta name=\"robots\" content=\"max-image-preview:large\" \/>\n\t<link rel=\"canonical\" href=\"https:\/\/droix.eu\/sk\/product\/droix-g10s-podsvietena-vzduchova-mys-s-hlasovym-ovladanim\/\" \/>\n\t<meta name=\"generator\" content=\"All in One SEO Pro (AIOSEO) 4.9.6.2\" \/>\n\t\t<meta property=\"og:locale\" content=\"sk_SK\" \/>\n\t\t<meta property=\"og:site_name\" content=\"DROIX EU - Get the latest Mini PCs, Ultrabook, PC Gaming Handhelds and more!\" \/>\n\t\t<meta property=\"og:type\" content=\"article\" \/>\n\t\t<meta property=\"og:title\" content=\"DroiX G10S Podsvieten\u00e1 vzduchov\u00e1 my\u0161 s hlasov\u00fdm ovl\u00e1dan\u00edm - DROIX EU\" \/>\n\t\t<meta property=\"og:description\" content=\"Bezdr\u00f4tov\u00e9 pripojenie 2,4 GHz Funguje na bat\u00e9rie AAA. Podsvieten\u00e9 tla\u010didl\u00e1 Zabudovan\u00fd mikrof\u00f3n \u013dahk\u00fd, ergonomick\u00fd dizajn. Balenie obsahuje 1x DroiX G10S Air-Mouse\/li&gt; 1x 2,4Ghz RF USB Dongle 1x u\u017e\u00edvate\u013esk\u00e1 pr\u00edru\u010dka\" \/>\n\t\t<meta property=\"og:url\" content=\"https:\/\/droix.eu\/sk\/product\/droix-g10s-podsvietena-vzduchova-mys-s-hlasovym-ovladanim\/\" \/>\n\t\t<meta property=\"og:image\" content=\"https:\/\/droix.eu\/wp-content\/uploads\/2024\/06\/droix-v2-light-logo.png\" \/>\n\t\t<meta property=\"og:image:secure_url\" content=\"https:\/\/droix.eu\/wp-content\/uploads\/2024\/06\/droix-v2-light-logo.png\" \/>\n\t\t<meta property=\"og:image:width\" content=\"380\" \/>\n\t\t<meta property=\"og:image:height\" content=\"118\" \/>\n\t\t<meta property=\"article:published_time\" content=\"2020-11-17T11:23:03+00:00\" \/>\n\t\t<meta property=\"article:modified_time\" content=\"2026-01-22T14:33:16+00:00\" \/>\n\t\t<meta property=\"article:publisher\" content=\"https:\/\/www.facebook.com\/DroiX.Store\" \/>\n\t\t<meta name=\"twitter:card\" content=\"summary_large_image\" \/>\n\t\t<meta name=\"twitter:site\" content=\"@DroiX_Store\" \/>\n\t\t<meta name=\"twitter:title\" content=\"DroiX G10S Podsvieten\u00e1 vzduchov\u00e1 my\u0161 s hlasov\u00fdm ovl\u00e1dan\u00edm - DROIX EU\" \/>\n\t\t<meta name=\"twitter:description\" content=\"Bezdr\u00f4tov\u00e9 pripojenie 2,4 GHz Funguje na bat\u00e9rie AAA. Podsvieten\u00e9 tla\u010didl\u00e1 Zabudovan\u00fd mikrof\u00f3n \u013dahk\u00fd, ergonomick\u00fd dizajn. Balenie obsahuje 1x DroiX G10S Air-Mouse\/li&gt; 1x 2,4Ghz RF USB Dongle 1x u\u017e\u00edvate\u013esk\u00e1 pr\u00edru\u010dka\" \/>\n\t\t<meta name=\"twitter:image\" content=\"https:\/\/droix.eu\/wp-content\/uploads\/2024\/06\/droix-v2-light-logo.png\" \/>\n\t\t<script type=\"application\/ld+json\" class=\"aioseo-schema\">\n\t\t\t{\"@context\":\"https:\\\/\\\/schema.org\",\"@graph\":[{\"@type\":\"BreadcrumbList\",\"@id\":\"https:\\\/\\\/droix.eu\\\/sk\\\/product\\\/droix-g10s-podsvietena-vzduchova-mys-s-hlasovym-ovladanim\\\/#breadcrumblist\",\"itemListElement\":[{\"@type\":\"ListItem\",\"@id\":\"https:\\\/\\\/droix.eu\\\/sk\\\/#listItem\",\"position\":1,\"name\":\"Home\",\"item\":\"https:\\\/\\\/droix.eu\\\/sk\\\/\",\"nextItem\":{\"@type\":\"ListItem\",\"@id\":\"https:\\\/\\\/droix.eu\\\/sk\\\/product-category\\\/prislusenstvo\\\/#listItem\",\"name\":\"Pr\\u00edslu\\u0161enstvo\"}},{\"@type\":\"ListItem\",\"@id\":\"https:\\\/\\\/droix.eu\\\/sk\\\/product-category\\\/prislusenstvo\\\/#listItem\",\"position\":2,\"name\":\"Pr\\u00edslu\\u0161enstvo\",\"item\":\"https:\\\/\\\/droix.eu\\\/sk\\\/product-category\\\/prislusenstvo\\\/\",\"nextItem\":{\"@type\":\"ListItem\",\"@id\":\"https:\\\/\\\/droix.eu\\\/sk\\\/product-category\\\/prislusenstvo\\\/prislusenstvo-pre-televizne-boxy-android\\\/#listItem\",\"name\":\"Pr\\u00edslu\\u0161enstvo pre telev\\u00edzne boxy Android\"},\"previousItem\":{\"@type\":\"ListItem\",\"@id\":\"https:\\\/\\\/droix.eu\\\/sk\\\/#listItem\",\"name\":\"Home\"}},{\"@type\":\"ListItem\",\"@id\":\"https:\\\/\\\/droix.eu\\\/sk\\\/product-category\\\/prislusenstvo\\\/prislusenstvo-pre-televizne-boxy-android\\\/#listItem\",\"position\":3,\"name\":\"Pr\\u00edslu\\u0161enstvo pre telev\\u00edzne boxy Android\",\"item\":\"https:\\\/\\\/droix.eu\\\/sk\\\/product-category\\\/prislusenstvo\\\/prislusenstvo-pre-televizne-boxy-android\\\/\",\"nextItem\":{\"@type\":\"ListItem\",\"@id\":\"https:\\\/\\\/droix.eu\\\/sk\\\/product\\\/droix-g10s-podsvietena-vzduchova-mys-s-hlasovym-ovladanim\\\/#listItem\",\"name\":\"DroiX G10S Podsvieten\\u00e1 vzduchov\\u00e1 my\\u0161 s hlasov\\u00fdm ovl\\u00e1dan\\u00edm\"},\"previousItem\":{\"@type\":\"ListItem\",\"@id\":\"https:\\\/\\\/droix.eu\\\/sk\\\/product-category\\\/prislusenstvo\\\/#listItem\",\"name\":\"Pr\\u00edslu\\u0161enstvo\"}},{\"@type\":\"ListItem\",\"@id\":\"https:\\\/\\\/droix.eu\\\/sk\\\/product\\\/droix-g10s-podsvietena-vzduchova-mys-s-hlasovym-ovladanim\\\/#listItem\",\"position\":4,\"name\":\"DroiX G10S Podsvieten\\u00e1 vzduchov\\u00e1 my\\u0161 s hlasov\\u00fdm ovl\\u00e1dan\\u00edm\",\"previousItem\":{\"@type\":\"ListItem\",\"@id\":\"https:\\\/\\\/droix.eu\\\/sk\\\/product-category\\\/prislusenstvo\\\/prislusenstvo-pre-televizne-boxy-android\\\/#listItem\",\"name\":\"Pr\\u00edslu\\u0161enstvo pre telev\\u00edzne boxy Android\"}}]},{\"@type\":\"Organization\",\"@id\":\"https:\\\/\\\/droix.eu\\\/sk\\\/#organization\",\"name\":\"DroiX \\u2013 Trusted EU Tech Retailer with 12+ Years Experience\",\"description\":\"DroiX is a leading European technology retailer with over 12 years of experience, offering quality mini PCs, handheld gaming consoles, and tech accessories. We provide hassle-free EU delivery with all taxes included, ensuring a smooth and reliable shopping experience for our customers across Europe.\",\"url\":\"https:\\\/\\\/droix.eu\\\/sk\\\/\",\"logo\":{\"@type\":\"ImageObject\",\"url\":\"https:\\\/\\\/droix.eu\\\/wp-content\\\/uploads\\\/2024\\\/06\\\/droix-v2-light-logo.png\",\"@id\":\"https:\\\/\\\/droix.eu\\\/sk\\\/product\\\/droix-g10s-podsvietena-vzduchova-mys-s-hlasovym-ovladanim\\\/#organizationLogo\",\"width\":380,\"height\":118},\"image\":{\"@id\":\"https:\\\/\\\/droix.eu\\\/sk\\\/product\\\/droix-g10s-podsvietena-vzduchova-mys-s-hlasovym-ovladanim\\\/#organizationLogo\"},\"sameAs\":[\"https:\\\/\\\/www.facebook.com\\\/DroiX.Store\",\"https:\\\/\\\/twitter.com\\\/DroiX_Store\",\"https:\\\/\\\/www.instagram.com\\\/droix.store\\\/\",\"https:\\\/\\\/www.tiktok.com\\\/@droix.store\",\"https:\\\/\\\/www.youtube.com\\\/c\\\/DroiX_Store\",\"https:\\\/\\\/uk.linkedin.com\\\/company\\\/droix\"]},{\"@type\":\"Product\",\"@id\":\"https:\\\/\\\/droix.eu\\\/sk\\\/product\\\/droix-g10s-podsvietena-vzduchova-mys-s-hlasovym-ovladanim\\\/#wooCommerceProduct\",\"name\":\"DroiX G10S Podsvieten\\u00e1 vzduchov\\u00e1 my\\u0161 s hlasov\\u00fdm ovl\\u00e1dan\\u00edm\",\"description\":\"Bezdr\\u00f4tov\\u00e9 pripojenie 2,4 GHz\\n \\tFunguje na bat\\u00e9rie AAA.\\n \\tPodsvieten\\u00e9 tla\\u010didl\\u00e1\\n \\tZabudovan\\u00fd mikrof\\u00f3n\\n \\t\\u013dahk\\u00fd, ergonomick\\u00fd dizajn.\",\"url\":\"https:\\\/\\\/droix.eu\\\/sk\\\/product\\\/droix-g10s-podsvietena-vzduchova-mys-s-hlasovym-ovladanim\\\/\",\"sku\":\"DROIX-G10S\",\"gtin\":\"5060763670440\",\"image\":{\"@type\":\"ImageObject\",\"url\":\"https:\\\/\\\/droix.eu\\\/wp-content\\\/uploads\\\/2021\\\/12\\\/G10S-LISTING-PICTURE-1.png\",\"@id\":\"https:\\\/\\\/droix.eu\\\/sk\\\/product\\\/droix-g10s-podsvietena-vzduchova-mys-s-hlasovym-ovladanim\\\/#productImage\",\"width\":1000,\"height\":1000,\"caption\":\"My\\u0161 DroiX G10S s podsvieten\\u00edm - zobrazen\\u00e1 spredu\"},\"offers\":{\"@type\":\"Offer\",\"url\":\"https:\\\/\\\/droix.eu\\\/sk\\\/product\\\/droix-g10s-podsvietena-vzduchova-mys-s-hlasovym-ovladanim\\\/#wooCommerceOffer\",\"price\":11.01,\"priceCurrency\":\"EUR\",\"category\":\"Pr\\u00edslu\\u0161enstvo\",\"availability\":\"https:\\\/\\\/schema.org\\\/OutOfStock\",\"priceSpecification\":{\"@type\":\"PriceSpecification\",\"price\":11.01,\"priceCurrency\":\"EUR\",\"valueAddedTaxIncluded\":\"true\"},\"seller\":{\"@type\":\"Organization\",\"@id\":\"https:\\\/\\\/droix.eu\\\/sk\\\/#organization\"}}},{\"@type\":\"WebPage\",\"@id\":\"https:\\\/\\\/droix.eu\\\/sk\\\/product\\\/droix-g10s-podsvietena-vzduchova-mys-s-hlasovym-ovladanim\\\/#webpage\",\"url\":\"https:\\\/\\\/droix.eu\\\/sk\\\/product\\\/droix-g10s-podsvietena-vzduchova-mys-s-hlasovym-ovladanim\\\/\",\"name\":\"DroiX G10S Podsvieten\\u00e1 vzduchov\\u00e1 my\\u0161 s hlasov\\u00fdm ovl\\u00e1dan\\u00edm - DROIX EU\",\"description\":\"Bezdr\\u00f4tov\\u00e9 pripojenie 2,4 GHz Funguje na bat\\u00e9rie AAA. Podsvieten\\u00e9 tla\\u010didl\\u00e1 Zabudovan\\u00fd mikrof\\u00f3n \\u013dahk\\u00fd, ergonomick\\u00fd dizajn. Balenie obsahuje 1x DroiX G10S Air-Mouse\\\/li> 1x 2,4Ghz RF USB Dongle 1x u\\u017e\\u00edvate\\u013esk\\u00e1 pr\\u00edru\\u010dka\",\"inLanguage\":\"sk-SK\",\"isPartOf\":{\"@id\":\"https:\\\/\\\/droix.eu\\\/sk\\\/#website\"},\"breadcrumb\":{\"@id\":\"https:\\\/\\\/droix.eu\\\/sk\\\/product\\\/droix-g10s-podsvietena-vzduchova-mys-s-hlasovym-ovladanim\\\/#breadcrumblist\"},\"image\":{\"@type\":\"ImageObject\",\"url\":\"https:\\\/\\\/droix.eu\\\/wp-content\\\/uploads\\\/2021\\\/12\\\/G10S-LISTING-PICTURE-1.png\",\"@id\":\"https:\\\/\\\/droix.eu\\\/sk\\\/product\\\/droix-g10s-podsvietena-vzduchova-mys-s-hlasovym-ovladanim\\\/#mainImage\",\"width\":1000,\"height\":1000,\"caption\":\"My\\u0161 DroiX G10S s podsvieten\\u00edm - zobrazen\\u00e1 spredu\"},\"primaryImageOfPage\":{\"@id\":\"https:\\\/\\\/droix.eu\\\/sk\\\/product\\\/droix-g10s-podsvietena-vzduchova-mys-s-hlasovym-ovladanim\\\/#mainImage\"},\"datePublished\":\"2020-11-17T11:23:03+00:00\",\"dateModified\":\"2026-01-22T14:33:16+00:00\"},{\"@type\":\"WebSite\",\"@id\":\"https:\\\/\\\/droix.eu\\\/sk\\\/#website\",\"url\":\"https:\\\/\\\/droix.eu\\\/sk\\\/\",\"name\":\"DROIX EU\",\"description\":\"Get the latest Mini PCs, Ultrabook, PC Gaming Handhelds and more!\",\"inLanguage\":\"sk-SK\",\"publisher\":{\"@id\":\"https:\\\/\\\/droix.eu\\\/sk\\\/#organization\"}}]}\n\t\t<\/script>\n\t\t<!-- All in One SEO Pro -->\r\n\t\t<title>DroiX G10S Podsvieten\u00e1 vzduchov\u00e1 my\u0161 s hlasov\u00fdm ovl\u00e1dan\u00edm - DROIX EU<\/title>\n\n","aioseo_head_json":{"title":"DroiX G10S Podsvieten\u00e1 vzduchov\u00e1 my\u0161 s hlasov\u00fdm ovl\u00e1dan\u00edm - DROIX EU","description":"Bezdr\u00f4tov\u00e9 pripojenie 2,4 GHz Funguje na bat\u00e9rie AAA. Podsvieten\u00e9 tla\u010didl\u00e1 Zabudovan\u00fd mikrof\u00f3n \u013dahk\u00fd, ergonomick\u00fd dizajn. Balenie obsahuje 1x DroiX G10S Air-Mouse\/li> 1x 2,4Ghz RF USB Dongle 1x u\u017e\u00edvate\u013esk\u00e1 pr\u00edru\u010dka","canonical_url":"https:\/\/droix.eu\/sk\/product\/droix-g10s-podsvietena-vzduchova-mys-s-hlasovym-ovladanim\/","robots":"max-image-preview:large","keywords":"","webmasterTools":{"miscellaneous":""},"schema":{"@context":"https:\/\/schema.org","@graph":[{"@type":"BreadcrumbList","@id":"https:\/\/droix.eu\/sk\/product\/droix-g10s-podsvietena-vzduchova-mys-s-hlasovym-ovladanim\/#breadcrumblist","itemListElement":[{"@type":"ListItem","@id":"https:\/\/droix.eu\/sk\/#listItem","position":1,"name":"Home","item":"https:\/\/droix.eu\/sk\/","nextItem":{"@type":"ListItem","@id":"https:\/\/droix.eu\/sk\/product-category\/prislusenstvo\/#listItem","name":"Pr\u00edslu\u0161enstvo"}},{"@type":"ListItem","@id":"https:\/\/droix.eu\/sk\/product-category\/prislusenstvo\/#listItem","position":2,"name":"Pr\u00edslu\u0161enstvo","item":"https:\/\/droix.eu\/sk\/product-category\/prislusenstvo\/","nextItem":{"@type":"ListItem","@id":"https:\/\/droix.eu\/sk\/product-category\/prislusenstvo\/prislusenstvo-pre-televizne-boxy-android\/#listItem","name":"Pr\u00edslu\u0161enstvo pre telev\u00edzne boxy Android"},"previousItem":{"@type":"ListItem","@id":"https:\/\/droix.eu\/sk\/#listItem","name":"Home"}},{"@type":"ListItem","@id":"https:\/\/droix.eu\/sk\/product-category\/prislusenstvo\/prislusenstvo-pre-televizne-boxy-android\/#listItem","position":3,"name":"Pr\u00edslu\u0161enstvo pre telev\u00edzne boxy Android","item":"https:\/\/droix.eu\/sk\/product-category\/prislusenstvo\/prislusenstvo-pre-televizne-boxy-android\/","nextItem":{"@type":"ListItem","@id":"https:\/\/droix.eu\/sk\/product\/droix-g10s-podsvietena-vzduchova-mys-s-hlasovym-ovladanim\/#listItem","name":"DroiX G10S Podsvieten\u00e1 vzduchov\u00e1 my\u0161 s hlasov\u00fdm ovl\u00e1dan\u00edm"},"previousItem":{"@type":"ListItem","@id":"https:\/\/droix.eu\/sk\/product-category\/prislusenstvo\/#listItem","name":"Pr\u00edslu\u0161enstvo"}},{"@type":"ListItem","@id":"https:\/\/droix.eu\/sk\/product\/droix-g10s-podsvietena-vzduchova-mys-s-hlasovym-ovladanim\/#listItem","position":4,"name":"DroiX G10S Podsvieten\u00e1 vzduchov\u00e1 my\u0161 s hlasov\u00fdm ovl\u00e1dan\u00edm","previousItem":{"@type":"ListItem","@id":"https:\/\/droix.eu\/sk\/product-category\/prislusenstvo\/prislusenstvo-pre-televizne-boxy-android\/#listItem","name":"Pr\u00edslu\u0161enstvo pre telev\u00edzne boxy Android"}}]},{"@type":"Organization","@id":"https:\/\/droix.eu\/sk\/#organization","name":"DroiX \u2013 Trusted EU Tech Retailer with 12+ Years Experience","description":"DroiX is a leading European technology retailer with over 12 years of experience, offering quality mini PCs, handheld gaming consoles, and tech accessories. We provide hassle-free EU delivery with all taxes included, ensuring a smooth and reliable shopping experience for our customers across Europe.","url":"https:\/\/droix.eu\/sk\/","logo":{"@type":"ImageObject","url":"https:\/\/droix.eu\/wp-content\/uploads\/2024\/06\/droix-v2-light-logo.png","@id":"https:\/\/droix.eu\/sk\/product\/droix-g10s-podsvietena-vzduchova-mys-s-hlasovym-ovladanim\/#organizationLogo","width":380,"height":118},"image":{"@id":"https:\/\/droix.eu\/sk\/product\/droix-g10s-podsvietena-vzduchova-mys-s-hlasovym-ovladanim\/#organizationLogo"},"sameAs":["https:\/\/www.facebook.com\/DroiX.Store","https:\/\/twitter.com\/DroiX_Store","https:\/\/www.instagram.com\/droix.store\/","https:\/\/www.tiktok.com\/@droix.store","https:\/\/www.youtube.com\/c\/DroiX_Store","https:\/\/uk.linkedin.com\/company\/droix"]},{"@type":"Product","@id":"https:\/\/droix.eu\/sk\/product\/droix-g10s-podsvietena-vzduchova-mys-s-hlasovym-ovladanim\/#wooCommerceProduct","name":"DroiX G10S Podsvieten\u00e1 vzduchov\u00e1 my\u0161 s hlasov\u00fdm ovl\u00e1dan\u00edm","description":"Bezdr\u00f4tov\u00e9 pripojenie 2,4 GHz\n \tFunguje na bat\u00e9rie AAA.\n \tPodsvieten\u00e9 tla\u010didl\u00e1\n \tZabudovan\u00fd mikrof\u00f3n\n \t\u013dahk\u00fd, ergonomick\u00fd dizajn.","url":"https:\/\/droix.eu\/sk\/product\/droix-g10s-podsvietena-vzduchova-mys-s-hlasovym-ovladanim\/","sku":"DROIX-G10S","gtin":"5060763670440","image":{"@type":"ImageObject","url":"https:\/\/droix.eu\/wp-content\/uploads\/2021\/12\/G10S-LISTING-PICTURE-1.png","@id":"https:\/\/droix.eu\/sk\/product\/droix-g10s-podsvietena-vzduchova-mys-s-hlasovym-ovladanim\/#productImage","width":1000,"height":1000,"caption":"My\u0161 DroiX G10S s podsvieten\u00edm - zobrazen\u00e1 spredu"},"offers":{"@type":"Offer","url":"https:\/\/droix.eu\/sk\/product\/droix-g10s-podsvietena-vzduchova-mys-s-hlasovym-ovladanim\/#wooCommerceOffer","price":11.01,"priceCurrency":"EUR","category":"Pr\u00edslu\u0161enstvo","availability":"https:\/\/schema.org\/OutOfStock","priceSpecification":{"@type":"PriceSpecification","price":11.01,"priceCurrency":"EUR","valueAddedTaxIncluded":"true"},"seller":{"@type":"Organization","@id":"https:\/\/droix.eu\/sk\/#organization"}}},{"@type":"WebPage","@id":"https:\/\/droix.eu\/sk\/product\/droix-g10s-podsvietena-vzduchova-mys-s-hlasovym-ovladanim\/#webpage","url":"https:\/\/droix.eu\/sk\/product\/droix-g10s-podsvietena-vzduchova-mys-s-hlasovym-ovladanim\/","name":"DroiX G10S Podsvieten\u00e1 vzduchov\u00e1 my\u0161 s hlasov\u00fdm ovl\u00e1dan\u00edm - DROIX EU","description":"Bezdr\u00f4tov\u00e9 pripojenie 2,4 GHz Funguje na bat\u00e9rie AAA. Podsvieten\u00e9 tla\u010didl\u00e1 Zabudovan\u00fd mikrof\u00f3n \u013dahk\u00fd, ergonomick\u00fd dizajn. Balenie obsahuje 1x DroiX G10S Air-Mouse\/li> 1x 2,4Ghz RF USB Dongle 1x u\u017e\u00edvate\u013esk\u00e1 pr\u00edru\u010dka","inLanguage":"sk-SK","isPartOf":{"@id":"https:\/\/droix.eu\/sk\/#website"},"breadcrumb":{"@id":"https:\/\/droix.eu\/sk\/product\/droix-g10s-podsvietena-vzduchova-mys-s-hlasovym-ovladanim\/#breadcrumblist"},"image":{"@type":"ImageObject","url":"https:\/\/droix.eu\/wp-content\/uploads\/2021\/12\/G10S-LISTING-PICTURE-1.png","@id":"https:\/\/droix.eu\/sk\/product\/droix-g10s-podsvietena-vzduchova-mys-s-hlasovym-ovladanim\/#mainImage","width":1000,"height":1000,"caption":"My\u0161 DroiX G10S s podsvieten\u00edm - zobrazen\u00e1 spredu"},"primaryImageOfPage":{"@id":"https:\/\/droix.eu\/sk\/product\/droix-g10s-podsvietena-vzduchova-mys-s-hlasovym-ovladanim\/#mainImage"},"datePublished":"2020-11-17T11:23:03+00:00","dateModified":"2026-01-22T14:33:16+00:00"},{"@type":"WebSite","@id":"https:\/\/droix.eu\/sk\/#website","url":"https:\/\/droix.eu\/sk\/","name":"DROIX EU","description":"Get the latest Mini PCs, Ultrabook, PC Gaming Handhelds and more!","inLanguage":"sk-SK","publisher":{"@id":"https:\/\/droix.eu\/sk\/#organization"}}]},"og:locale":"sk_SK","og:site_name":"DROIX EU - Get the latest Mini PCs, Ultrabook, PC Gaming Handhelds and more!","og:type":"article","og:title":"DroiX G10S Podsvieten\u00e1 vzduchov\u00e1 my\u0161 s hlasov\u00fdm ovl\u00e1dan\u00edm - DROIX EU","og:description":"Bezdr\u00f4tov\u00e9 pripojenie 2,4 GHz Funguje na bat\u00e9rie AAA. Podsvieten\u00e9 tla\u010didl\u00e1 Zabudovan\u00fd mikrof\u00f3n \u013dahk\u00fd, ergonomick\u00fd dizajn. Balenie obsahuje 1x DroiX G10S Air-Mouse\/li&gt; 1x 2,4Ghz RF USB Dongle 1x u\u017e\u00edvate\u013esk\u00e1 pr\u00edru\u010dka","og:url":"https:\/\/droix.eu\/sk\/product\/droix-g10s-podsvietena-vzduchova-mys-s-hlasovym-ovladanim\/","og:image":"https:\/\/droix.eu\/wp-content\/uploads\/2024\/06\/droix-v2-light-logo.png","og:image:secure_url":"https:\/\/droix.eu\/wp-content\/uploads\/2024\/06\/droix-v2-light-logo.png","og:image:width":380,"og:image:height":118,"article:published_time":"2020-11-17T11:23:03+00:00","article:modified_time":"2026-01-22T14:33:16+00:00","article:publisher":"https:\/\/www.facebook.com\/DroiX.Store","twitter:card":"summary_large_image","twitter:site":"@DroiX_Store","twitter:title":"DroiX G10S Podsvieten\u00e1 vzduchov\u00e1 my\u0161 s hlasov\u00fdm ovl\u00e1dan\u00edm - DROIX EU","twitter:description":"Bezdr\u00f4tov\u00e9 pripojenie 2,4 GHz Funguje na bat\u00e9rie AAA. Podsvieten\u00e9 tla\u010didl\u00e1 Zabudovan\u00fd mikrof\u00f3n \u013dahk\u00fd, ergonomick\u00fd dizajn. Balenie obsahuje 1x DroiX G10S Air-Mouse\/li&gt; 1x 2,4Ghz RF USB Dongle 1x u\u017e\u00edvate\u013esk\u00e1 pr\u00edru\u010dka","twitter:image":"https:\/\/droix.eu\/wp-content\/uploads\/2024\/06\/droix-v2-light-logo.png"},"aioseo_meta_data":{"post_id":"564954","title":null,"description":null,"keywords":null,"keyphrases":null,"primary_term":null,"canonical_url":null,"og_title":null,"og_description":null,"og_object_type":"default","og_image_type":"default","og_image_url":null,"og_image_width":null,"og_image_height":null,"og_image_custom_url":null,"og_image_custom_fields":null,"og_video":null,"og_custom_url":null,"og_article_section":null,"og_article_tags":null,"twitter_use_og":true,"twitter_card":"default","twitter_image_type":"default","twitter_image_url":null,"twitter_image_custom_url":null,"twitter_image_custom_fields":null,"twitter_title":null,"twitter_description":null,"schema":{"blockGraphs":[],"customGraphs":[],"default":{"data":{"Article":[],"Course":[],"Dataset":[],"FAQPage":[],"Movie":[],"Person":[],"Product":[],"ProductReview":[],"Car":[],"Recipe":[],"Service":[],"SoftwareApplication":[],"WebPage":[]},"graphName":"","isEnabled":true},"graphs":[]},"schema_type":"default","schema_type_options":null,"pillar_content":false,"robots_default":true,"robots_noindex":false,"robots_noarchive":false,"robots_nosnippet":false,"robots_nofollow":false,"robots_noimageindex":false,"robots_noodp":false,"robots_notranslate":false,"robots_max_snippet":null,"robots_max_videopreview":null,"robots_max_imagepreview":"large","priority":null,"frequency":null,"local_seo":null,"seo_analyzer_scan_date":"2025-10-24 07:50:03","breadcrumb_settings":null,"limit_modified_date":false,"reviewed_by":null,"open_ai":null,"ai":null,"created":"2025-10-09 03:26:55","updated":"2026-01-24 09:19:52"},"aioseo_breadcrumb":"<div class=\"aioseo-breadcrumbs\"><span class=\"aioseo-breadcrumb\">\n\t<a href=\"https:\/\/droix.eu\/sk\/\" title=\"Home\">Home<\/a>\n<\/span><span class=\"aioseo-breadcrumb-separator\">&raquo;<\/span><span class=\"aioseo-breadcrumb\">\n\t<a href=\"https:\/\/droix.eu\/sk\/product-category\/prislusenstvo\/\" title=\"Pr\u00edslu\u0161enstvo\">Pr\u00edslu\u0161enstvo<\/a>\n<\/span><span class=\"aioseo-breadcrumb-separator\">&raquo;<\/span><span class=\"aioseo-breadcrumb\">\n\t<a href=\"https:\/\/droix.eu\/sk\/product-category\/prislusenstvo\/prislusenstvo-pre-televizne-boxy-android\/\" title=\"Pr\u00edslu\u0161enstvo pre telev\u00edzne boxy Android\">Pr\u00edslu\u0161enstvo pre telev\u00edzne boxy Android<\/a>\n<\/span><span class=\"aioseo-breadcrumb-separator\">&raquo;<\/span><span class=\"aioseo-breadcrumb\">\n\tDroiX G10S Podsvieten\u00e1 vzduchov\u00e1 my\u0161 s hlasov\u00fdm ovl\u00e1dan\u00edm\n<\/span><\/div>","aioseo_breadcrumb_json":[{"label":"Home","link":"https:\/\/droix.eu\/sk\/"},{"label":"Pr\u00edslu\u0161enstvo","link":"https:\/\/droix.eu\/sk\/product-category\/prislusenstvo\/"},{"label":"Pr\u00edslu\u0161enstvo pre telev\u00edzne boxy Android","link":"https:\/\/droix.eu\/sk\/product-category\/prislusenstvo\/prislusenstvo-pre-televizne-boxy-android\/"},{"label":"DroiX G10S Podsvieten\u00e1 vzduchov\u00e1 my\u0161 s hlasov\u00fdm ovl\u00e1dan\u00edm","link":"https:\/\/droix.eu\/sk\/product\/droix-g10s-podsvietena-vzduchova-mys-s-hlasovym-ovladanim\/"}],"_links":{"self":[{"href":"https:\/\/droix.eu\/sk\/wp-json\/wp\/v2\/product\/564954","targetHints":{"allow":["GET"]}}],"collection":[{"href":"https:\/\/droix.eu\/sk\/wp-json\/wp\/v2\/product"}],"about":[{"href":"https:\/\/droix.eu\/sk\/wp-json\/wp\/v2\/types\/product"}],"version-history":[{"count":0,"href":"https:\/\/droix.eu\/sk\/wp-json\/wp\/v2\/product\/564954\/revisions"}],"wp:featuredmedia":[{"embeddable":true,"href":"https:\/\/droix.eu\/sk\/wp-json\/wp\/v2\/media\/220351"}],"wp:attachment":[{"href":"https:\/\/droix.eu\/sk\/wp-json\/wp\/v2\/media?parent=564954"}],"wp:term":[{"taxonomy":"product_brand","embeddable":true,"href":"https:\/\/droix.eu\/sk\/wp-json\/wp\/v2\/product_brand?post=564954"},{"taxonomy":"product_cat","embeddable":true,"href":"https:\/\/droix.eu\/sk\/wp-json\/wp\/v2\/product_cat?post=564954"},{"taxonomy":"product_tag","embeddable":true,"href":"https:\/\/droix.eu\/sk\/wp-json\/wp\/v2\/product_tag?post=564954"},{"taxonomy":"woo-feed-brand","embeddable":true,"href":"https:\/\/droix.eu\/sk\/wp-json\/wp\/v2\/woo-feed-brand?post=564954"},{"taxonomy":"key-features","embeddable":true,"href":"https:\/\/droix.eu\/sk\/wp-json\/wp\/v2\/key-features?post=564954"}],"curies":[{"name":"wp","href":"https:\/\/api.w.org\/{rel}","templated":true}]}}