{"id":564917,"date":"2018-02-21T13:07:06","date_gmt":"2018-02-21T13:07:06","guid":{"rendered":"https:\/\/droix.eu\/product\/sluchadla-gpd\/"},"modified":"2025-08-18T14:59:45","modified_gmt":"2025-08-18T13:59:45","slug":"sluchadla-gpd","status":"publish","type":"product","link":"https:\/\/droix.eu\/sk\/product\/sluchadla-gpd\/","title":{"rendered":"Sl\u00fachadl\u00e1 GPD"},"content":{"rendered":"<p>Ofici\u00e1lne sl\u00fachadl\u00e1 GPD \u0161peci\u00e1lne navrhnut\u00e9 pre v\u00e1\u0161 ru\u010dn\u00fd ovl\u00e1da\u010d GPD.<\/p>\n<p>Tento p\u00e1r sl\u00fachadiel s hlbokou z\u00e1klad\u0148ou a vysokokvalitn\u00fdm zvukom je ide\u00e1lny na to, aby ste si ho mohli vzia\u0165 v\u0161ade so sebou.<\/p>\n","protected":false},"excerpt":{"rendered":"<p>Ofici\u00e1lne sl\u00fachadl\u00e1 GPD \u0161peci\u00e1lne navrhnut\u00e9 pre v\u00e1\u0161 ru\u010dn\u00fd ovl\u00e1da\u010d GPD.<br \/>\nTento p\u00e1r sl\u00fachadiel s hlbokou z\u00e1klad\u0148ou a vysokokvalitn\u00fdm zvukom je ide\u00e1lny na to, aby ste si ho mohli vzia\u0165 v\u0161ade so sebou.<\/p>\n[droix_global_accordions]\n[cg_accordion title=\"Balenie obsahuje\"]<\/p>\n<ul>\n<li>1x sl\u00fachadl\u00e1 GPD<\/li>\n<\/ul>\n<p>[\/cg_accordion]\n","protected":false},"featured_media":208889,"template":"","meta":{"_acf_changed":false},"product_brand":[],"product_cat":[13339,16896,13265,13266],"product_tag":[],"woo-feed-brand":[2198],"key-features":[],"class_list":{"0":"post-564917","1":"product","2":"type-product","3":"status-publish","4":"has-post-thumbnail","6":"product_cat-herne-prislusenstvo","7":"product_cat-pocitacove-prislusenstvo","8":"product_cat-prislusenstvo","9":"product_cat-prislusenstvo-pre-notebooky","10":"product_shipping_class-low-end","11":"pa_brands-gpd-sk","12":"woo-feed-brand-gpd","14":"first","15":"instock","16":"sale","17":"taxable","18":"shipping-taxable","19":"purchasable","20":"product-type-simple"},"acf":[],"aioseo_notices":[],"aioseo_head":"\n\t\t<!-- All in One SEO Pro 4.9.6.2 - aioseo.com -->\n\t<meta name=\"description\" content=\"Ofici\u00e1lne sl\u00fachadl\u00e1 GPD \u0161peci\u00e1lne navrhnut\u00e9 pre v\u00e1\u0161 ru\u010dn\u00fd ovl\u00e1da\u010d GPD. Tento p\u00e1r sl\u00fachadiel s hlbokou z\u00e1klad\u0148ou a vysokokvalitn\u00fdm zvukom je ide\u00e1lny na to, aby ste si ho mohli vzia\u0165 v\u0161ade so sebou. Balenie obsahuje 1x sl\u00fachadl\u00e1 GPD\" \/>\n\t<meta name=\"robots\" content=\"max-image-preview:large\" \/>\n\t<link rel=\"canonical\" href=\"https:\/\/droix.eu\/sk\/product\/sluchadla-gpd\/\" \/>\n\t<meta name=\"generator\" content=\"All in One SEO Pro (AIOSEO) 4.9.6.2\" \/>\n\t\t<meta property=\"og:locale\" content=\"sk_SK\" \/>\n\t\t<meta property=\"og:site_name\" content=\"DROIX EU - Get the latest Mini PCs, Ultrabook, PC Gaming Handhelds and more!\" \/>\n\t\t<meta property=\"og:type\" content=\"article\" \/>\n\t\t<meta property=\"og:title\" content=\"Sl\u00fachadl\u00e1 GPD - DROIX EU\" \/>\n\t\t<meta property=\"og:description\" content=\"Ofici\u00e1lne sl\u00fachadl\u00e1 GPD \u0161peci\u00e1lne navrhnut\u00e9 pre v\u00e1\u0161 ru\u010dn\u00fd ovl\u00e1da\u010d GPD. Tento p\u00e1r sl\u00fachadiel s hlbokou z\u00e1klad\u0148ou a vysokokvalitn\u00fdm zvukom je ide\u00e1lny na to, aby ste si ho mohli vzia\u0165 v\u0161ade so sebou. Balenie obsahuje 1x sl\u00fachadl\u00e1 GPD\" \/>\n\t\t<meta property=\"og:url\" content=\"https:\/\/droix.eu\/sk\/product\/sluchadla-gpd\/\" \/>\n\t\t<meta property=\"og:image\" content=\"https:\/\/droix.eu\/wp-content\/uploads\/2024\/06\/droix-v2-light-logo.png\" \/>\n\t\t<meta property=\"og:image:secure_url\" content=\"https:\/\/droix.eu\/wp-content\/uploads\/2024\/06\/droix-v2-light-logo.png\" \/>\n\t\t<meta property=\"og:image:width\" content=\"380\" \/>\n\t\t<meta property=\"og:image:height\" content=\"118\" \/>\n\t\t<meta property=\"article:published_time\" content=\"2018-02-21T13:07:06+00:00\" \/>\n\t\t<meta property=\"article:modified_time\" content=\"2025-08-18T13:59:45+00:00\" \/>\n\t\t<meta property=\"article:publisher\" content=\"https:\/\/www.facebook.com\/DroiX.Store\" \/>\n\t\t<meta name=\"twitter:card\" content=\"summary_large_image\" \/>\n\t\t<meta name=\"twitter:site\" content=\"@DroiX_Store\" \/>\n\t\t<meta name=\"twitter:title\" content=\"Sl\u00fachadl\u00e1 GPD - DROIX EU\" \/>\n\t\t<meta name=\"twitter:description\" content=\"Ofici\u00e1lne sl\u00fachadl\u00e1 GPD \u0161peci\u00e1lne navrhnut\u00e9 pre v\u00e1\u0161 ru\u010dn\u00fd ovl\u00e1da\u010d GPD. Tento p\u00e1r sl\u00fachadiel s hlbokou z\u00e1klad\u0148ou a vysokokvalitn\u00fdm zvukom je ide\u00e1lny na to, aby ste si ho mohli vzia\u0165 v\u0161ade so sebou. Balenie obsahuje 1x sl\u00fachadl\u00e1 GPD\" \/>\n\t\t<meta name=\"twitter:image\" content=\"https:\/\/droix.eu\/wp-content\/uploads\/2024\/06\/droix-v2-light-logo.png\" \/>\n\t\t<script type=\"application\/ld+json\" class=\"aioseo-schema\">\n\t\t\t{\"@context\":\"https:\\\/\\\/schema.org\",\"@graph\":[{\"@type\":\"BreadcrumbList\",\"@id\":\"https:\\\/\\\/droix.eu\\\/sk\\\/product\\\/sluchadla-gpd\\\/#breadcrumblist\",\"itemListElement\":[{\"@type\":\"ListItem\",\"@id\":\"https:\\\/\\\/droix.eu\\\/sk\\\/#listItem\",\"position\":1,\"name\":\"Home\",\"item\":\"https:\\\/\\\/droix.eu\\\/sk\\\/\",\"nextItem\":{\"@type\":\"ListItem\",\"@id\":\"https:\\\/\\\/droix.eu\\\/sk\\\/product-category\\\/prislusenstvo\\\/#listItem\",\"name\":\"Pr\\u00edslu\\u0161enstvo\"}},{\"@type\":\"ListItem\",\"@id\":\"https:\\\/\\\/droix.eu\\\/sk\\\/product-category\\\/prislusenstvo\\\/#listItem\",\"position\":2,\"name\":\"Pr\\u00edslu\\u0161enstvo\",\"item\":\"https:\\\/\\\/droix.eu\\\/sk\\\/product-category\\\/prislusenstvo\\\/\",\"nextItem\":{\"@type\":\"ListItem\",\"@id\":\"https:\\\/\\\/droix.eu\\\/sk\\\/product-category\\\/prislusenstvo\\\/prislusenstvo-pre-notebooky\\\/#listItem\",\"name\":\"Pr\\u00edslu\\u0161enstvo pre notebooky\"},\"previousItem\":{\"@type\":\"ListItem\",\"@id\":\"https:\\\/\\\/droix.eu\\\/sk\\\/#listItem\",\"name\":\"Home\"}},{\"@type\":\"ListItem\",\"@id\":\"https:\\\/\\\/droix.eu\\\/sk\\\/product-category\\\/prislusenstvo\\\/prislusenstvo-pre-notebooky\\\/#listItem\",\"position\":3,\"name\":\"Pr\\u00edslu\\u0161enstvo pre notebooky\",\"item\":\"https:\\\/\\\/droix.eu\\\/sk\\\/product-category\\\/prislusenstvo\\\/prislusenstvo-pre-notebooky\\\/\",\"nextItem\":{\"@type\":\"ListItem\",\"@id\":\"https:\\\/\\\/droix.eu\\\/sk\\\/product\\\/sluchadla-gpd\\\/#listItem\",\"name\":\"Sl\\u00fachadl\\u00e1 GPD\"},\"previousItem\":{\"@type\":\"ListItem\",\"@id\":\"https:\\\/\\\/droix.eu\\\/sk\\\/product-category\\\/prislusenstvo\\\/#listItem\",\"name\":\"Pr\\u00edslu\\u0161enstvo\"}},{\"@type\":\"ListItem\",\"@id\":\"https:\\\/\\\/droix.eu\\\/sk\\\/product\\\/sluchadla-gpd\\\/#listItem\",\"position\":4,\"name\":\"Sl\\u00fachadl\\u00e1 GPD\",\"previousItem\":{\"@type\":\"ListItem\",\"@id\":\"https:\\\/\\\/droix.eu\\\/sk\\\/product-category\\\/prislusenstvo\\\/prislusenstvo-pre-notebooky\\\/#listItem\",\"name\":\"Pr\\u00edslu\\u0161enstvo pre notebooky\"}}]},{\"@type\":\"Organization\",\"@id\":\"https:\\\/\\\/droix.eu\\\/sk\\\/#organization\",\"name\":\"DroiX \\u2013 Trusted EU Tech Retailer with 12+ Years Experience\",\"description\":\"DroiX is a leading European technology retailer with over 12 years of experience, offering quality mini PCs, handheld gaming consoles, and tech accessories. We provide hassle-free EU delivery with all taxes included, ensuring a smooth and reliable shopping experience for our customers across Europe.\",\"url\":\"https:\\\/\\\/droix.eu\\\/sk\\\/\",\"logo\":{\"@type\":\"ImageObject\",\"url\":\"https:\\\/\\\/droix.eu\\\/wp-content\\\/uploads\\\/2024\\\/06\\\/droix-v2-light-logo.png\",\"@id\":\"https:\\\/\\\/droix.eu\\\/sk\\\/product\\\/sluchadla-gpd\\\/#organizationLogo\",\"width\":380,\"height\":118},\"image\":{\"@id\":\"https:\\\/\\\/droix.eu\\\/sk\\\/product\\\/sluchadla-gpd\\\/#organizationLogo\"},\"sameAs\":[\"https:\\\/\\\/www.facebook.com\\\/DroiX.Store\",\"https:\\\/\\\/twitter.com\\\/DroiX_Store\",\"https:\\\/\\\/www.instagram.com\\\/droix.store\\\/\",\"https:\\\/\\\/www.tiktok.com\\\/@droix.store\",\"https:\\\/\\\/www.youtube.com\\\/c\\\/DroiX_Store\",\"https:\\\/\\\/uk.linkedin.com\\\/company\\\/droix\"]},{\"@type\":\"Product\",\"@id\":\"https:\\\/\\\/droix.eu\\\/sk\\\/product\\\/sluchadla-gpd\\\/#wooCommerceProduct\",\"name\":\"Sl\\u00fachadl\\u00e1 GPD\",\"description\":\"Ofici\\u00e1lne sl\\u00fachadl\\u00e1 GPD \\u0161peci\\u00e1lne navrhnut\\u00e9 pre v\\u00e1\\u0161 ru\\u010dn\\u00fd ovl\\u00e1da\\u010d GPD.\\nTento p\\u00e1r sl\\u00fachadiel s hlbokou z\\u00e1klad\\u0148ou a vysokokvalitn\\u00fdm zvukom je ide\\u00e1lny na to, aby ste si ho mohli vzia\\u0165 v\\u0161ade so sebou.\",\"url\":\"https:\\\/\\\/droix.eu\\\/sk\\\/product\\\/sluchadla-gpd\\\/\",\"sku\":\"GPD-HEADPHONES\",\"image\":{\"@type\":\"ImageObject\",\"url\":\"https:\\\/\\\/droix.eu\\\/wp-content\\\/uploads\\\/2021\\\/12\\\/1_6_5.jpg\",\"@id\":\"https:\\\/\\\/droix.eu\\\/sk\\\/product\\\/sluchadla-gpd\\\/#productImage\",\"width\":800,\"height\":800},\"offers\":{\"@type\":\"Offer\",\"url\":\"https:\\\/\\\/droix.eu\\\/sk\\\/product\\\/sluchadla-gpd\\\/#wooCommerceOffer\",\"price\":7.32,\"priceCurrency\":\"EUR\",\"category\":\"Hern\\u00e9 pr\\u00edslu\\u0161enstvo\",\"availability\":\"https:\\\/\\\/schema.org\\\/InStock\",\"priceSpecification\":{\"@type\":\"PriceSpecification\",\"price\":7.32,\"priceCurrency\":\"EUR\",\"valueAddedTaxIncluded\":\"true\"},\"seller\":{\"@type\":\"Organization\",\"@id\":\"https:\\\/\\\/droix.eu\\\/sk\\\/#organization\"}}},{\"@type\":\"WebPage\",\"@id\":\"https:\\\/\\\/droix.eu\\\/sk\\\/product\\\/sluchadla-gpd\\\/#webpage\",\"url\":\"https:\\\/\\\/droix.eu\\\/sk\\\/product\\\/sluchadla-gpd\\\/\",\"name\":\"Sl\\u00fachadl\\u00e1 GPD - DROIX EU\",\"description\":\"Ofici\\u00e1lne sl\\u00fachadl\\u00e1 GPD \\u0161peci\\u00e1lne navrhnut\\u00e9 pre v\\u00e1\\u0161 ru\\u010dn\\u00fd ovl\\u00e1da\\u010d GPD. Tento p\\u00e1r sl\\u00fachadiel s hlbokou z\\u00e1klad\\u0148ou a vysokokvalitn\\u00fdm zvukom je ide\\u00e1lny na to, aby ste si ho mohli vzia\\u0165 v\\u0161ade so sebou. Balenie obsahuje 1x sl\\u00fachadl\\u00e1 GPD\",\"inLanguage\":\"sk-SK\",\"isPartOf\":{\"@id\":\"https:\\\/\\\/droix.eu\\\/sk\\\/#website\"},\"breadcrumb\":{\"@id\":\"https:\\\/\\\/droix.eu\\\/sk\\\/product\\\/sluchadla-gpd\\\/#breadcrumblist\"},\"image\":{\"@type\":\"ImageObject\",\"url\":\"https:\\\/\\\/droix.eu\\\/wp-content\\\/uploads\\\/2021\\\/12\\\/1_6_5.jpg\",\"@id\":\"https:\\\/\\\/droix.eu\\\/sk\\\/product\\\/sluchadla-gpd\\\/#mainImage\",\"width\":800,\"height\":800},\"primaryImageOfPage\":{\"@id\":\"https:\\\/\\\/droix.eu\\\/sk\\\/product\\\/sluchadla-gpd\\\/#mainImage\"},\"datePublished\":\"2018-02-21T13:07:06+00:00\",\"dateModified\":\"2025-08-18T14:59:45+01:00\"},{\"@type\":\"WebSite\",\"@id\":\"https:\\\/\\\/droix.eu\\\/sk\\\/#website\",\"url\":\"https:\\\/\\\/droix.eu\\\/sk\\\/\",\"name\":\"DROIX EU\",\"description\":\"Get the latest Mini PCs, Ultrabook, PC Gaming Handhelds and more!\",\"inLanguage\":\"sk-SK\",\"publisher\":{\"@id\":\"https:\\\/\\\/droix.eu\\\/sk\\\/#organization\"}}]}\n\t\t<\/script>\n\t\t<!-- All in One SEO Pro -->\r\n\t\t<title>Sl\u00fachadl\u00e1 GPD - DROIX EU<\/title>\n\n","aioseo_head_json":{"title":"Sl\u00fachadl\u00e1 GPD - DROIX EU","description":"Ofici\u00e1lne sl\u00fachadl\u00e1 GPD \u0161peci\u00e1lne navrhnut\u00e9 pre v\u00e1\u0161 ru\u010dn\u00fd ovl\u00e1da\u010d GPD. Tento p\u00e1r sl\u00fachadiel s hlbokou z\u00e1klad\u0148ou a vysokokvalitn\u00fdm zvukom je ide\u00e1lny na to, aby ste si ho mohli vzia\u0165 v\u0161ade so sebou. Balenie obsahuje 1x sl\u00fachadl\u00e1 GPD","canonical_url":"https:\/\/droix.eu\/sk\/product\/sluchadla-gpd\/","robots":"max-image-preview:large","keywords":"","webmasterTools":{"miscellaneous":""},"schema":{"@context":"https:\/\/schema.org","@graph":[{"@type":"BreadcrumbList","@id":"https:\/\/droix.eu\/sk\/product\/sluchadla-gpd\/#breadcrumblist","itemListElement":[{"@type":"ListItem","@id":"https:\/\/droix.eu\/sk\/#listItem","position":1,"name":"Home","item":"https:\/\/droix.eu\/sk\/","nextItem":{"@type":"ListItem","@id":"https:\/\/droix.eu\/sk\/product-category\/prislusenstvo\/#listItem","name":"Pr\u00edslu\u0161enstvo"}},{"@type":"ListItem","@id":"https:\/\/droix.eu\/sk\/product-category\/prislusenstvo\/#listItem","position":2,"name":"Pr\u00edslu\u0161enstvo","item":"https:\/\/droix.eu\/sk\/product-category\/prislusenstvo\/","nextItem":{"@type":"ListItem","@id":"https:\/\/droix.eu\/sk\/product-category\/prislusenstvo\/prislusenstvo-pre-notebooky\/#listItem","name":"Pr\u00edslu\u0161enstvo pre notebooky"},"previousItem":{"@type":"ListItem","@id":"https:\/\/droix.eu\/sk\/#listItem","name":"Home"}},{"@type":"ListItem","@id":"https:\/\/droix.eu\/sk\/product-category\/prislusenstvo\/prislusenstvo-pre-notebooky\/#listItem","position":3,"name":"Pr\u00edslu\u0161enstvo pre notebooky","item":"https:\/\/droix.eu\/sk\/product-category\/prislusenstvo\/prislusenstvo-pre-notebooky\/","nextItem":{"@type":"ListItem","@id":"https:\/\/droix.eu\/sk\/product\/sluchadla-gpd\/#listItem","name":"Sl\u00fachadl\u00e1 GPD"},"previousItem":{"@type":"ListItem","@id":"https:\/\/droix.eu\/sk\/product-category\/prislusenstvo\/#listItem","name":"Pr\u00edslu\u0161enstvo"}},{"@type":"ListItem","@id":"https:\/\/droix.eu\/sk\/product\/sluchadla-gpd\/#listItem","position":4,"name":"Sl\u00fachadl\u00e1 GPD","previousItem":{"@type":"ListItem","@id":"https:\/\/droix.eu\/sk\/product-category\/prislusenstvo\/prislusenstvo-pre-notebooky\/#listItem","name":"Pr\u00edslu\u0161enstvo pre notebooky"}}]},{"@type":"Organization","@id":"https:\/\/droix.eu\/sk\/#organization","name":"DroiX \u2013 Trusted EU Tech Retailer with 12+ Years Experience","description":"DroiX is a leading European technology retailer with over 12 years of experience, offering quality mini PCs, handheld gaming consoles, and tech accessories. We provide hassle-free EU delivery with all taxes included, ensuring a smooth and reliable shopping experience for our customers across Europe.","url":"https:\/\/droix.eu\/sk\/","logo":{"@type":"ImageObject","url":"https:\/\/droix.eu\/wp-content\/uploads\/2024\/06\/droix-v2-light-logo.png","@id":"https:\/\/droix.eu\/sk\/product\/sluchadla-gpd\/#organizationLogo","width":380,"height":118},"image":{"@id":"https:\/\/droix.eu\/sk\/product\/sluchadla-gpd\/#organizationLogo"},"sameAs":["https:\/\/www.facebook.com\/DroiX.Store","https:\/\/twitter.com\/DroiX_Store","https:\/\/www.instagram.com\/droix.store\/","https:\/\/www.tiktok.com\/@droix.store","https:\/\/www.youtube.com\/c\/DroiX_Store","https:\/\/uk.linkedin.com\/company\/droix"]},{"@type":"Product","@id":"https:\/\/droix.eu\/sk\/product\/sluchadla-gpd\/#wooCommerceProduct","name":"Sl\u00fachadl\u00e1 GPD","description":"Ofici\u00e1lne sl\u00fachadl\u00e1 GPD \u0161peci\u00e1lne navrhnut\u00e9 pre v\u00e1\u0161 ru\u010dn\u00fd ovl\u00e1da\u010d GPD.\nTento p\u00e1r sl\u00fachadiel s hlbokou z\u00e1klad\u0148ou a vysokokvalitn\u00fdm zvukom je ide\u00e1lny na to, aby ste si ho mohli vzia\u0165 v\u0161ade so sebou.","url":"https:\/\/droix.eu\/sk\/product\/sluchadla-gpd\/","sku":"GPD-HEADPHONES","image":{"@type":"ImageObject","url":"https:\/\/droix.eu\/wp-content\/uploads\/2021\/12\/1_6_5.jpg","@id":"https:\/\/droix.eu\/sk\/product\/sluchadla-gpd\/#productImage","width":800,"height":800},"offers":{"@type":"Offer","url":"https:\/\/droix.eu\/sk\/product\/sluchadla-gpd\/#wooCommerceOffer","price":7.32,"priceCurrency":"EUR","category":"Hern\u00e9 pr\u00edslu\u0161enstvo","availability":"https:\/\/schema.org\/InStock","priceSpecification":{"@type":"PriceSpecification","price":7.32,"priceCurrency":"EUR","valueAddedTaxIncluded":"true"},"seller":{"@type":"Organization","@id":"https:\/\/droix.eu\/sk\/#organization"}}},{"@type":"WebPage","@id":"https:\/\/droix.eu\/sk\/product\/sluchadla-gpd\/#webpage","url":"https:\/\/droix.eu\/sk\/product\/sluchadla-gpd\/","name":"Sl\u00fachadl\u00e1 GPD - DROIX EU","description":"Ofici\u00e1lne sl\u00fachadl\u00e1 GPD \u0161peci\u00e1lne navrhnut\u00e9 pre v\u00e1\u0161 ru\u010dn\u00fd ovl\u00e1da\u010d GPD. Tento p\u00e1r sl\u00fachadiel s hlbokou z\u00e1klad\u0148ou a vysokokvalitn\u00fdm zvukom je ide\u00e1lny na to, aby ste si ho mohli vzia\u0165 v\u0161ade so sebou. Balenie obsahuje 1x sl\u00fachadl\u00e1 GPD","inLanguage":"sk-SK","isPartOf":{"@id":"https:\/\/droix.eu\/sk\/#website"},"breadcrumb":{"@id":"https:\/\/droix.eu\/sk\/product\/sluchadla-gpd\/#breadcrumblist"},"image":{"@type":"ImageObject","url":"https:\/\/droix.eu\/wp-content\/uploads\/2021\/12\/1_6_5.jpg","@id":"https:\/\/droix.eu\/sk\/product\/sluchadla-gpd\/#mainImage","width":800,"height":800},"primaryImageOfPage":{"@id":"https:\/\/droix.eu\/sk\/product\/sluchadla-gpd\/#mainImage"},"datePublished":"2018-02-21T13:07:06+00:00","dateModified":"2025-08-18T14:59:45+01:00"},{"@type":"WebSite","@id":"https:\/\/droix.eu\/sk\/#website","url":"https:\/\/droix.eu\/sk\/","name":"DROIX EU","description":"Get the latest Mini PCs, Ultrabook, PC Gaming Handhelds and more!","inLanguage":"sk-SK","publisher":{"@id":"https:\/\/droix.eu\/sk\/#organization"}}]},"og:locale":"sk_SK","og:site_name":"DROIX EU - Get the latest Mini PCs, Ultrabook, PC Gaming Handhelds and more!","og:type":"article","og:title":"Sl\u00fachadl\u00e1 GPD - DROIX EU","og:description":"Ofici\u00e1lne sl\u00fachadl\u00e1 GPD \u0161peci\u00e1lne navrhnut\u00e9 pre v\u00e1\u0161 ru\u010dn\u00fd ovl\u00e1da\u010d GPD. Tento p\u00e1r sl\u00fachadiel s hlbokou z\u00e1klad\u0148ou a vysokokvalitn\u00fdm zvukom je ide\u00e1lny na to, aby ste si ho mohli vzia\u0165 v\u0161ade so sebou. Balenie obsahuje 1x sl\u00fachadl\u00e1 GPD","og:url":"https:\/\/droix.eu\/sk\/product\/sluchadla-gpd\/","og:image":"https:\/\/droix.eu\/wp-content\/uploads\/2024\/06\/droix-v2-light-logo.png","og:image:secure_url":"https:\/\/droix.eu\/wp-content\/uploads\/2024\/06\/droix-v2-light-logo.png","og:image:width":380,"og:image:height":118,"article:published_time":"2018-02-21T13:07:06+00:00","article:modified_time":"2025-08-18T13:59:45+00:00","article:publisher":"https:\/\/www.facebook.com\/DroiX.Store","twitter:card":"summary_large_image","twitter:site":"@DroiX_Store","twitter:title":"Sl\u00fachadl\u00e1 GPD - DROIX EU","twitter:description":"Ofici\u00e1lne sl\u00fachadl\u00e1 GPD \u0161peci\u00e1lne navrhnut\u00e9 pre v\u00e1\u0161 ru\u010dn\u00fd ovl\u00e1da\u010d GPD. Tento p\u00e1r sl\u00fachadiel s hlbokou z\u00e1klad\u0148ou a vysokokvalitn\u00fdm zvukom je ide\u00e1lny na to, aby ste si ho mohli vzia\u0165 v\u0161ade so sebou. Balenie obsahuje 1x sl\u00fachadl\u00e1 GPD","twitter:image":"https:\/\/droix.eu\/wp-content\/uploads\/2024\/06\/droix-v2-light-logo.png"},"aioseo_meta_data":{"post_id":"564917","title":null,"description":null,"keywords":null,"keyphrases":null,"primary_term":null,"canonical_url":null,"og_title":null,"og_description":null,"og_object_type":"default","og_image_type":"default","og_image_url":null,"og_image_width":null,"og_image_height":null,"og_image_custom_url":null,"og_image_custom_fields":null,"og_video":null,"og_custom_url":null,"og_article_section":null,"og_article_tags":null,"twitter_use_og":true,"twitter_card":"default","twitter_image_type":"default","twitter_image_url":null,"twitter_image_custom_url":null,"twitter_image_custom_fields":null,"twitter_title":null,"twitter_description":null,"schema":{"blockGraphs":[],"customGraphs":[],"default":{"data":{"Article":[],"Course":[],"Dataset":[],"FAQPage":[],"Movie":[],"Person":[],"Product":[],"ProductReview":[],"Car":[],"Recipe":[],"Service":[],"SoftwareApplication":[],"WebPage":[]},"graphName":"","isEnabled":true},"graphs":[]},"schema_type":"default","schema_type_options":null,"pillar_content":false,"robots_default":true,"robots_noindex":false,"robots_noarchive":false,"robots_nosnippet":false,"robots_nofollow":false,"robots_noimageindex":false,"robots_noodp":false,"robots_notranslate":false,"robots_max_snippet":null,"robots_max_videopreview":null,"robots_max_imagepreview":"large","priority":null,"frequency":null,"local_seo":null,"seo_analyzer_scan_date":"2025-10-24 07:35:13","breadcrumb_settings":null,"limit_modified_date":false,"reviewed_by":null,"open_ai":null,"ai":null,"created":"2025-10-09 03:22:35","updated":"2025-11-27 01:37:46"},"aioseo_breadcrumb":"<div class=\"aioseo-breadcrumbs\"><span class=\"aioseo-breadcrumb\">\n\t<a href=\"https:\/\/droix.eu\/sk\/\" title=\"Home\">Home<\/a>\n<\/span><span class=\"aioseo-breadcrumb-separator\">&raquo;<\/span><span class=\"aioseo-breadcrumb\">\n\t<a href=\"https:\/\/droix.eu\/sk\/product-category\/prislusenstvo\/\" title=\"Pr\u00edslu\u0161enstvo\">Pr\u00edslu\u0161enstvo<\/a>\n<\/span><span class=\"aioseo-breadcrumb-separator\">&raquo;<\/span><span class=\"aioseo-breadcrumb\">\n\t<a href=\"https:\/\/droix.eu\/sk\/product-category\/prislusenstvo\/prislusenstvo-pre-notebooky\/\" title=\"Pr\u00edslu\u0161enstvo pre notebooky\">Pr\u00edslu\u0161enstvo pre notebooky<\/a>\n<\/span><span class=\"aioseo-breadcrumb-separator\">&raquo;<\/span><span class=\"aioseo-breadcrumb\">\n\tSl\u00fachadl\u00e1 GPD\n<\/span><\/div>","aioseo_breadcrumb_json":[{"label":"Home","link":"https:\/\/droix.eu\/sk\/"},{"label":"Pr\u00edslu\u0161enstvo","link":"https:\/\/droix.eu\/sk\/product-category\/prislusenstvo\/"},{"label":"Pr\u00edslu\u0161enstvo pre notebooky","link":"https:\/\/droix.eu\/sk\/product-category\/prislusenstvo\/prislusenstvo-pre-notebooky\/"},{"label":"Sl\u00fachadl\u00e1 GPD","link":"https:\/\/droix.eu\/sk\/product\/sluchadla-gpd\/"}],"_links":{"self":[{"href":"https:\/\/droix.eu\/sk\/wp-json\/wp\/v2\/product\/564917","targetHints":{"allow":["GET"]}}],"collection":[{"href":"https:\/\/droix.eu\/sk\/wp-json\/wp\/v2\/product"}],"about":[{"href":"https:\/\/droix.eu\/sk\/wp-json\/wp\/v2\/types\/product"}],"version-history":[{"count":0,"href":"https:\/\/droix.eu\/sk\/wp-json\/wp\/v2\/product\/564917\/revisions"}],"wp:featuredmedia":[{"embeddable":true,"href":"https:\/\/droix.eu\/sk\/wp-json\/wp\/v2\/media\/208889"}],"wp:attachment":[{"href":"https:\/\/droix.eu\/sk\/wp-json\/wp\/v2\/media?parent=564917"}],"wp:term":[{"taxonomy":"product_brand","embeddable":true,"href":"https:\/\/droix.eu\/sk\/wp-json\/wp\/v2\/product_brand?post=564917"},{"taxonomy":"product_cat","embeddable":true,"href":"https:\/\/droix.eu\/sk\/wp-json\/wp\/v2\/product_cat?post=564917"},{"taxonomy":"product_tag","embeddable":true,"href":"https:\/\/droix.eu\/sk\/wp-json\/wp\/v2\/product_tag?post=564917"},{"taxonomy":"woo-feed-brand","embeddable":true,"href":"https:\/\/droix.eu\/sk\/wp-json\/wp\/v2\/woo-feed-brand?post=564917"},{"taxonomy":"key-features","embeddable":true,"href":"https:\/\/droix.eu\/sk\/wp-json\/wp\/v2\/key-features?post=564917"}],"curies":[{"name":"wp","href":"https:\/\/api.w.org\/{rel}","templated":true}]}}