{"id":532629,"date":"2022-12-20T15:00:27","date_gmt":"2022-12-20T15:00:27","guid":{"rendered":"https:\/\/droix.eu\/product\/kingspec-2230-steam-deck-ulozisko-nvme\/"},"modified":"2025-09-05T15:02:05","modified_gmt":"2025-09-05T14:02:05","slug":"kingspec-2230-steam-deck-ulozisko-nvme","status":"publish","type":"product","link":"https:\/\/droix.eu\/sk\/product\/kingspec-2230-steam-deck-ulozisko-nvme\/","title":{"rendered":"KingSpec 2230 Steam Deck \u00dalo\u017eisko NVMe"},"content":{"rendered":"&#13;\n<p><strong>SSD<\/strong>disk <strong>KingSpec NVMe 22*30<\/strong>dok\u00e1\u017ee dosiahnu\u0165 r\u00fdchlos\u0165 \u010d\u00edtania a\u017e 3621,35 MB\/s a r\u00fdchlos\u0165 z\u00e1pisu a\u017e 2314,32 MB\/s. Tieto r\u00fdchlosti s\u00fa v\u00fdrazne vy\u0161\u0161ie ako pri tradi\u010dnom pevnom disku, ktor\u00fd zvy\u010dajne dosahuje r\u00fdchlosti okolo 100 MB\/s. To znamen\u00e1, \u017ee disk KingSpec NVMe dok\u00e1\u017ee pristupova\u0165 k \u00fadajom a pren\u00e1\u0161a\u0165 ich ove\u013ea r\u00fdchlej\u0161ie, \u010do vedie k r\u00fdchlej\u0161iemu \u0161tartu syst\u00e9mu a r\u00fdchlej\u0161iemu sp\u00fa\u0161\u0165aniu softv\u00e9ru.  <\/p>&#13;\n&#13;\n<p>Povedzme, \u017ee m\u00e1te napr\u00edklad ve\u013ek\u00fa softv\u00e9rov\u00fa aplik\u00e1ciu, ktor\u00fa potrebujete nain\u0161talova\u0165. Na klasickom pevnom disku m\u00f4\u017ee trva\u0165 nieko\u013eko min\u00fat, k\u00fdm sa proces in\u0161tal\u00e1cie dokon\u010d\u00ed. S diskom KingSpec NVMe by v\u0161ak bol proces in\u0161tal\u00e1cie ove\u013ea r\u00fdchlej\u0161\u00ed, preto\u017ee disk dok\u00e1\u017ee pristupova\u0165 a pren\u00e1\u0161a\u0165 potrebn\u00e9 \u00fadaje ove\u013ea vy\u0161\u0161ou r\u00fdchlos\u0165ou.  <\/p>&#13;\n&#13;\n<p>Vo v\u0161eobecnosti s\u00fa vy\u0161\u0161ie r\u00fdchlosti \u010d\u00edtania a z\u00e1pisu disku <strong>KingSpec NVMe<\/strong> vynikaj\u00facou vo\u013ebou pre t\u00fdch, ktor\u00ed chc\u00fa zv\u00fd\u0161i\u0165 celkov\u00fd v\u00fdkon svojho po\u010d\u00edta\u010da. \u010ci u\u017e ste hr\u00e1\u010d, ktor\u00fd chce r\u00fdchlej\u0161ie na\u010d\u00edtava\u0165 \u00farovne, kreat\u00edvny profesion\u00e1l pracuj\u00faci s ve\u013ek\u00fdmi s\u00fabormi, alebo len niekto, kto chce plynulej\u0161ie a svi\u017enej\u0161ie reakcie pri pr\u00e1ci s po\u010d\u00edta\u010dom, tento disk v\u00e1m to ur\u010dite zabezpe\u010d\u00ed. <\/p>&#13;\n&#13;\n<p>Skontrolujte ni\u017e\u0161ie uveden\u00e9 v\u00fdsledky pre <strong>Steam Deck<\/strong> pomocou <strong>KingSpec 2230 NVMe 1TB<\/strong> Storage :<\/p>&#13;\n&#13;\n<p>R\u00fdchlos\u0165 \u010d\u00edtania: <strong>3621,35 MB\/s<\/strong><br\/>R\u00fdchlos\u0165 z\u00e1pisu:<strong> 2314,32 MB\/s<\/strong><\/p>&#13;\n&#13;\n<p>Porovn\u00e1vac\u00ed softv\u00e9r <strong>CrystalDiskMark<\/strong> vykon\u00e1 na \u00falo\u017eisku s\u00e9riu testov, aby zistil jeho v\u00fdkon pri r\u00f4znych sp\u00f4soboch \u010d\u00edtania\/z\u00e1pisu. V\u00fdsledky ukazuj\u00fa optim\u00e1lne maxim\u00e1lne r\u00fdchlosti \u010d\u00edtania a z\u00e1pisu v prvom riadku. <\/p>&#13;\n&#13;\n<figure class=\"wp-block-image aligncenter\"><img fetchpriority=\"high\" decoding=\"async\" width=\"601\" height=\"438\" src=\"https:\/\/droix.eu\/wp-content\/uploads\/2022\/12\/r-w-speed-kigspec2230-steam-deck.png\" alt=\"SD KingSpec 2230 r&#xFD;chlos&#x165; &#x10D;&#xED;tania a z&#xE1;pisu\" class=\"wp-image-94989\" srcset=\"https:\/\/droix.eu\/wp-content\/uploads\/2022\/12\/r-w-speed-kigspec2230-steam-deck.png 601w, https:\/\/droix.eu\/wp-content\/uploads\/2022\/12\/r-w-speed-kigspec2230-steam-deck-300x219.png 300w, https:\/\/droix.eu\/wp-content\/uploads\/2022\/12\/r-w-speed-kigspec2230-steam-deck-441x321.png 441w\" sizes=\"(max-width: 601px) 100vw, 601px\" \/><\/figure>&#13;\n&#13;\n<figure class=\"wp-block-image aligncenter\"><img decoding=\"async\" width=\"1500\" height=\"1500\" src=\"https:\/\/droix.eu\/wp-content\/uploads\/2022\/12\/SSD-EXPLINATION.png\" alt=\"ssd-explanation-tool\" class=\"wp-image-105048\" srcset=\"https:\/\/droix.eu\/wp-content\/uploads\/2022\/12\/SSD-EXPLINATION.png 1500w, https:\/\/droix.eu\/wp-content\/uploads\/2022\/12\/SSD-EXPLINATION-300x300.png 300w, https:\/\/droix.eu\/wp-content\/uploads\/2022\/12\/SSD-EXPLINATION-100x100.png 100w, https:\/\/droix.eu\/wp-content\/uploads\/2022\/12\/SSD-EXPLINATION-1000x1000.png 1000w, https:\/\/droix.eu\/wp-content\/uploads\/2022\/12\/SSD-EXPLINATION-1024x1024.png 1024w, https:\/\/droix.eu\/wp-content\/uploads\/2022\/12\/SSD-EXPLINATION-768x768.png 768w, https:\/\/droix.eu\/wp-content\/uploads\/2022\/12\/SSD-EXPLINATION-990x990.png 990w, https:\/\/droix.eu\/wp-content\/uploads\/2022\/12\/SSD-EXPLINATION-441x441.png 441w\" sizes=\"(max-width: 1500px) 100vw, 1500px\" \/><\/figure>&#13;\n","protected":false},"excerpt":{"rendered":"<ul>\n<li>R\u00fdchle r\u00fdchlosti NVMe<\/li>\n<li>Kompatibiln\u00fd s parnou plo\u0161inou SteamDeck &amp; GPD WIN Max 2  <\/li>\n<li>3 roky z\u00e1ruka<\/li>\n<\/ul>\n[droix_global_accordions]\n[cg_accordion title=\"Balenie obsahuje\"]<\/p>\n<ul>\n<li>1x 22*30 NVMe SSD<\/li>\n<\/ul>\n<p>[\/cg_accordion]\n","protected":false},"featured_media":342445,"template":"","meta":{"_acf_changed":false},"product_brand":[],"product_cat":[31666,34905,34904],"product_tag":[],"woo-feed-brand":[],"key-features":[],"class_list":{"0":"post-532629","1":"product","2":"type-product","3":"status-publish","4":"has-post-thumbnail","6":"product_cat-hardver","7":"product_cat-hardver-pre-notebooky","8":"product_cat-pocitacovy-hardver","9":"product_shipping_class-low-end","10":"pa_brands-kingspec-sk","12":"first","13":"instock","14":"taxable","15":"shipping-taxable","16":"purchasable","17":"product-type-variable","18":"has-default-attributes"},"acf":[],"aioseo_notices":[],"aioseo_head":"\n\t\t<!-- All in One SEO Pro 4.9.6.2 - aioseo.com -->\n\t<meta name=\"description\" content=\"R\u00fdchle r\u00fdchlosti NVMe Kompatibiln\u00fd s parnou plo\u0161inou SteamDeck &amp; GPD WIN Max 2 3 roky z\u00e1ruka Balenie obsahuje 1x 22*30 NVMe SSD\" \/>\n\t<meta name=\"robots\" content=\"max-image-preview:large\" \/>\n\t<link rel=\"canonical\" href=\"https:\/\/droix.eu\/sk\/product\/kingspec-2230-steam-deck-ulozisko-nvme\/\" \/>\n\t<meta name=\"generator\" content=\"All in One SEO Pro (AIOSEO) 4.9.6.2\" \/>\n\t\t<meta property=\"og:locale\" content=\"sk_SK\" \/>\n\t\t<meta property=\"og:site_name\" content=\"DROIX EU - Get the latest Mini PCs, Ultrabook, PC Gaming Handhelds and more!\" \/>\n\t\t<meta property=\"og:type\" content=\"article\" \/>\n\t\t<meta property=\"og:title\" content=\"KingSpec 2230 Steam Deck \u00dalo\u017eisko NVMe - DROIX EU\" \/>\n\t\t<meta property=\"og:description\" content=\"R\u00fdchle r\u00fdchlosti NVMe Kompatibiln\u00fd s parnou plo\u0161inou SteamDeck &amp; GPD WIN Max 2 3 roky z\u00e1ruka Balenie obsahuje 1x 22*30 NVMe SSD\" \/>\n\t\t<meta property=\"og:url\" content=\"https:\/\/droix.eu\/sk\/product\/kingspec-2230-steam-deck-ulozisko-nvme\/\" \/>\n\t\t<meta property=\"og:image\" content=\"https:\/\/droix.eu\/wp-content\/uploads\/2024\/06\/droix-v2-light-logo.png\" \/>\n\t\t<meta property=\"og:image:secure_url\" content=\"https:\/\/droix.eu\/wp-content\/uploads\/2024\/06\/droix-v2-light-logo.png\" \/>\n\t\t<meta property=\"og:image:width\" content=\"380\" \/>\n\t\t<meta property=\"og:image:height\" content=\"118\" \/>\n\t\t<meta property=\"article:published_time\" content=\"2022-12-20T15:00:27+00:00\" \/>\n\t\t<meta property=\"article:modified_time\" content=\"2025-09-05T14:02:05+00:00\" \/>\n\t\t<meta property=\"article:publisher\" content=\"https:\/\/www.facebook.com\/DroiX.Store\" \/>\n\t\t<meta name=\"twitter:card\" content=\"summary_large_image\" \/>\n\t\t<meta name=\"twitter:site\" content=\"@DroiX_Store\" \/>\n\t\t<meta name=\"twitter:title\" content=\"KingSpec 2230 Steam Deck \u00dalo\u017eisko NVMe - DROIX EU\" \/>\n\t\t<meta name=\"twitter:description\" content=\"R\u00fdchle r\u00fdchlosti NVMe Kompatibiln\u00fd s parnou plo\u0161inou SteamDeck &amp; GPD WIN Max 2 3 roky z\u00e1ruka Balenie obsahuje 1x 22*30 NVMe SSD\" \/>\n\t\t<meta name=\"twitter:image\" content=\"https:\/\/droix.eu\/wp-content\/uploads\/2024\/06\/droix-v2-light-logo.png\" \/>\n\t\t<script type=\"application\/ld+json\" class=\"aioseo-schema\">\n\t\t\t{\"@context\":\"https:\\\/\\\/schema.org\",\"@graph\":[{\"@type\":\"BreadcrumbList\",\"@id\":\"https:\\\/\\\/droix.eu\\\/sk\\\/product\\\/kingspec-2230-steam-deck-ulozisko-nvme\\\/#breadcrumblist\",\"itemListElement\":[{\"@type\":\"ListItem\",\"@id\":\"https:\\\/\\\/droix.eu\\\/sk\\\/#listItem\",\"position\":1,\"name\":\"Home\",\"item\":\"https:\\\/\\\/droix.eu\\\/sk\\\/\",\"nextItem\":{\"@type\":\"ListItem\",\"@id\":\"https:\\\/\\\/droix.eu\\\/sk\\\/product-category\\\/hardver\\\/#listItem\",\"name\":\"Hardv\\u00e9r\"}},{\"@type\":\"ListItem\",\"@id\":\"https:\\\/\\\/droix.eu\\\/sk\\\/product-category\\\/hardver\\\/#listItem\",\"position\":2,\"name\":\"Hardv\\u00e9r\",\"item\":\"https:\\\/\\\/droix.eu\\\/sk\\\/product-category\\\/hardver\\\/\",\"nextItem\":{\"@type\":\"ListItem\",\"@id\":\"https:\\\/\\\/droix.eu\\\/sk\\\/product-category\\\/hardver\\\/pocitacovy-hardver\\\/#listItem\",\"name\":\"Po\\u010d\\u00edta\\u010dov\\u00fd hardv\\u00e9r\"},\"previousItem\":{\"@type\":\"ListItem\",\"@id\":\"https:\\\/\\\/droix.eu\\\/sk\\\/#listItem\",\"name\":\"Home\"}},{\"@type\":\"ListItem\",\"@id\":\"https:\\\/\\\/droix.eu\\\/sk\\\/product-category\\\/hardver\\\/pocitacovy-hardver\\\/#listItem\",\"position\":3,\"name\":\"Po\\u010d\\u00edta\\u010dov\\u00fd hardv\\u00e9r\",\"item\":\"https:\\\/\\\/droix.eu\\\/sk\\\/product-category\\\/hardver\\\/pocitacovy-hardver\\\/\",\"nextItem\":{\"@type\":\"ListItem\",\"@id\":\"https:\\\/\\\/droix.eu\\\/sk\\\/product\\\/kingspec-2230-steam-deck-ulozisko-nvme\\\/#listItem\",\"name\":\"KingSpec 2230 Steam Deck \\u00dalo\\u017eisko NVMe\"},\"previousItem\":{\"@type\":\"ListItem\",\"@id\":\"https:\\\/\\\/droix.eu\\\/sk\\\/product-category\\\/hardver\\\/#listItem\",\"name\":\"Hardv\\u00e9r\"}},{\"@type\":\"ListItem\",\"@id\":\"https:\\\/\\\/droix.eu\\\/sk\\\/product\\\/kingspec-2230-steam-deck-ulozisko-nvme\\\/#listItem\",\"position\":4,\"name\":\"KingSpec 2230 Steam Deck \\u00dalo\\u017eisko NVMe\",\"previousItem\":{\"@type\":\"ListItem\",\"@id\":\"https:\\\/\\\/droix.eu\\\/sk\\\/product-category\\\/hardver\\\/pocitacovy-hardver\\\/#listItem\",\"name\":\"Po\\u010d\\u00edta\\u010dov\\u00fd hardv\\u00e9r\"}}]},{\"@type\":\"Organization\",\"@id\":\"https:\\\/\\\/droix.eu\\\/sk\\\/#organization\",\"name\":\"DroiX \\u2013 Trusted EU Tech Retailer with 12+ Years Experience\",\"description\":\"DroiX is a leading European technology retailer with over 12 years of experience, offering quality mini PCs, handheld gaming consoles, and tech accessories. We provide hassle-free EU delivery with all taxes included, ensuring a smooth and reliable shopping experience for our customers across Europe.\",\"url\":\"https:\\\/\\\/droix.eu\\\/sk\\\/\",\"logo\":{\"@type\":\"ImageObject\",\"url\":\"https:\\\/\\\/droix.eu\\\/wp-content\\\/uploads\\\/2024\\\/06\\\/droix-v2-light-logo.png\",\"@id\":\"https:\\\/\\\/droix.eu\\\/sk\\\/product\\\/kingspec-2230-steam-deck-ulozisko-nvme\\\/#organizationLogo\",\"width\":380,\"height\":118},\"image\":{\"@id\":\"https:\\\/\\\/droix.eu\\\/sk\\\/product\\\/kingspec-2230-steam-deck-ulozisko-nvme\\\/#organizationLogo\"},\"sameAs\":[\"https:\\\/\\\/www.facebook.com\\\/DroiX.Store\",\"https:\\\/\\\/twitter.com\\\/DroiX_Store\",\"https:\\\/\\\/www.instagram.com\\\/droix.store\\\/\",\"https:\\\/\\\/www.tiktok.com\\\/@droix.store\",\"https:\\\/\\\/www.youtube.com\\\/c\\\/DroiX_Store\",\"https:\\\/\\\/uk.linkedin.com\\\/company\\\/droix\"]},{\"@type\":\"ProductGroup\",\"@id\":\"https:\\\/\\\/droix.eu\\\/sk\\\/product\\\/kingspec-2230-steam-deck-ulozisko-nvme\\\/#wooCommerceProduct\",\"name\":\"KingSpec 2230 Steam Deck \\u00dalo\\u017eisko NVMe\",\"description\":\"R\\u00fdchle r\\u00fdchlosti NVMe\\n \\tKompatibiln\\u00fd s parnou plo\\u0161inou SteamDeck &amp; GPD WIN Max 2  \\n \\t3 roky z\\u00e1ruka\",\"url\":\"https:\\\/\\\/droix.eu\\\/sk\\\/product\\\/kingspec-2230-steam-deck-ulozisko-nvme\\\/\",\"image\":{\"@type\":\"ImageObject\",\"url\":\"https:\\\/\\\/droix.eu\\\/wp-content\\\/uploads\\\/2022\\\/12\\\/22_30NVME-LISTING-PICTURE-1TB-1.png\",\"@id\":\"https:\\\/\\\/droix.eu\\\/sk\\\/product\\\/kingspec-2230-steam-deck-ulozisko-nvme\\\/#productImage\",\"width\":1500,\"height\":1500,\"caption\":\"\\u00dalo\\u017eisko KingSpec 1TB NVME 2230\"},\"productGroupID\":532629,\"hasVariant\":[{\"@type\":\"Product\",\"@id\":\"https:\\\/\\\/droix.eu\\\/sk\\\/product\\\/kingspec-2230-steam-deck-ulozisko-nvme\\\/#wooCommerceProduct\",\"name\":\"KingSpec 2230 Steam Deck \\u00dalo\\u017eisko NVMe - 512gb\",\"description\":\"R\\u00fdchle r\\u00fdchlosti NVMe\\n \\tKompatibiln\\u00fd s parnou plo\\u0161inou SteamDeck &amp; GPD WIN Max 2  \\n \\t3 roky z\\u00e1ruka\",\"url\":\"https:\\\/\\\/droix.eu\\\/sk\\\/product\\\/kingspec-2230-steam-deck-ulozisko-nvme\\\/\",\"sku\":\"KINGSPEC-NVME-2230-512GB\",\"image\":{\"@type\":\"ImageObject\",\"url\":\"https:\\\/\\\/droix.eu\\\/wp-content\\\/uploads\\\/2022\\\/12\\\/22_30NVME-LISTING-PICTURE-512GB-1.png\",\"@id\":\"https:\\\/\\\/droix.eu\\\/sk\\\/product\\\/kingspec-2230-steam-deck-ulozisko-nvme\\\/#productImage\",\"width\":1500,\"height\":1500,\"caption\":\"KingSpec 512GB NVME 2230 Storage\"},\"offers\":{\"@type\":\"Offer\",\"url\":\"https:\\\/\\\/droix.eu\\\/sk\\\/product\\\/kingspec-2230-steam-deck-ulozisko-nvme\\\/#wooCommerceOffer\",\"price\":\"59.95\",\"priceCurrency\":\"EUR\",\"category\":\"Hardv\\u00e9r\",\"availability\":\"https:\\\/\\\/schema.org\\\/OutOfStock\",\"priceSpecification\":{\"@type\":\"PriceSpecification\",\"price\":59.95,\"priceCurrency\":\"EUR\",\"valueAddedTaxIncluded\":\"true\"}}}]},{\"@type\":\"WebPage\",\"@id\":\"https:\\\/\\\/droix.eu\\\/sk\\\/product\\\/kingspec-2230-steam-deck-ulozisko-nvme\\\/#webpage\",\"url\":\"https:\\\/\\\/droix.eu\\\/sk\\\/product\\\/kingspec-2230-steam-deck-ulozisko-nvme\\\/\",\"name\":\"KingSpec 2230 Steam Deck \\u00dalo\\u017eisko NVMe - DROIX EU\",\"description\":\"R\\u00fdchle r\\u00fdchlosti NVMe Kompatibiln\\u00fd s parnou plo\\u0161inou SteamDeck & GPD WIN Max 2 3 roky z\\u00e1ruka Balenie obsahuje 1x 22*30 NVMe SSD\",\"inLanguage\":\"sk-SK\",\"isPartOf\":{\"@id\":\"https:\\\/\\\/droix.eu\\\/sk\\\/#website\"},\"breadcrumb\":{\"@id\":\"https:\\\/\\\/droix.eu\\\/sk\\\/product\\\/kingspec-2230-steam-deck-ulozisko-nvme\\\/#breadcrumblist\"},\"image\":{\"@type\":\"ImageObject\",\"url\":\"https:\\\/\\\/droix.eu\\\/wp-content\\\/uploads\\\/2022\\\/12\\\/22_30NVME-LISTING-PICTURE-1TB-1.png\",\"@id\":\"https:\\\/\\\/droix.eu\\\/sk\\\/product\\\/kingspec-2230-steam-deck-ulozisko-nvme\\\/#mainImage\",\"width\":1500,\"height\":1500,\"caption\":\"\\u00dalo\\u017eisko KingSpec 1TB NVME 2230\"},\"primaryImageOfPage\":{\"@id\":\"https:\\\/\\\/droix.eu\\\/sk\\\/product\\\/kingspec-2230-steam-deck-ulozisko-nvme\\\/#mainImage\"},\"datePublished\":\"2022-12-20T15:00:27+00:00\",\"dateModified\":\"2025-09-05T15:02:05+01:00\"},{\"@type\":\"WebSite\",\"@id\":\"https:\\\/\\\/droix.eu\\\/sk\\\/#website\",\"url\":\"https:\\\/\\\/droix.eu\\\/sk\\\/\",\"name\":\"DROIX EU\",\"description\":\"Get the latest Mini PCs, Ultrabook, PC Gaming Handhelds and more!\",\"inLanguage\":\"sk-SK\",\"publisher\":{\"@id\":\"https:\\\/\\\/droix.eu\\\/sk\\\/#organization\"}}]}\n\t\t<\/script>\n\t\t<!-- All in One SEO Pro -->\r\n\t\t<title>KingSpec 2230 Steam Deck \u00dalo\u017eisko NVMe - DROIX EU<\/title>\n\n","aioseo_head_json":{"title":"KingSpec 2230 Steam Deck \u00dalo\u017eisko NVMe - DROIX EU","description":"R\u00fdchle r\u00fdchlosti NVMe Kompatibiln\u00fd s parnou plo\u0161inou SteamDeck & GPD WIN Max 2 3 roky z\u00e1ruka Balenie obsahuje 1x 22*30 NVMe SSD","canonical_url":"https:\/\/droix.eu\/sk\/product\/kingspec-2230-steam-deck-ulozisko-nvme\/","robots":"max-image-preview:large","keywords":"","webmasterTools":{"miscellaneous":""},"schema":{"@context":"https:\/\/schema.org","@graph":[{"@type":"BreadcrumbList","@id":"https:\/\/droix.eu\/sk\/product\/kingspec-2230-steam-deck-ulozisko-nvme\/#breadcrumblist","itemListElement":[{"@type":"ListItem","@id":"https:\/\/droix.eu\/sk\/#listItem","position":1,"name":"Home","item":"https:\/\/droix.eu\/sk\/","nextItem":{"@type":"ListItem","@id":"https:\/\/droix.eu\/sk\/product-category\/hardver\/#listItem","name":"Hardv\u00e9r"}},{"@type":"ListItem","@id":"https:\/\/droix.eu\/sk\/product-category\/hardver\/#listItem","position":2,"name":"Hardv\u00e9r","item":"https:\/\/droix.eu\/sk\/product-category\/hardver\/","nextItem":{"@type":"ListItem","@id":"https:\/\/droix.eu\/sk\/product-category\/hardver\/pocitacovy-hardver\/#listItem","name":"Po\u010d\u00edta\u010dov\u00fd hardv\u00e9r"},"previousItem":{"@type":"ListItem","@id":"https:\/\/droix.eu\/sk\/#listItem","name":"Home"}},{"@type":"ListItem","@id":"https:\/\/droix.eu\/sk\/product-category\/hardver\/pocitacovy-hardver\/#listItem","position":3,"name":"Po\u010d\u00edta\u010dov\u00fd hardv\u00e9r","item":"https:\/\/droix.eu\/sk\/product-category\/hardver\/pocitacovy-hardver\/","nextItem":{"@type":"ListItem","@id":"https:\/\/droix.eu\/sk\/product\/kingspec-2230-steam-deck-ulozisko-nvme\/#listItem","name":"KingSpec 2230 Steam Deck \u00dalo\u017eisko NVMe"},"previousItem":{"@type":"ListItem","@id":"https:\/\/droix.eu\/sk\/product-category\/hardver\/#listItem","name":"Hardv\u00e9r"}},{"@type":"ListItem","@id":"https:\/\/droix.eu\/sk\/product\/kingspec-2230-steam-deck-ulozisko-nvme\/#listItem","position":4,"name":"KingSpec 2230 Steam Deck \u00dalo\u017eisko NVMe","previousItem":{"@type":"ListItem","@id":"https:\/\/droix.eu\/sk\/product-category\/hardver\/pocitacovy-hardver\/#listItem","name":"Po\u010d\u00edta\u010dov\u00fd hardv\u00e9r"}}]},{"@type":"Organization","@id":"https:\/\/droix.eu\/sk\/#organization","name":"DroiX \u2013 Trusted EU Tech Retailer with 12+ Years Experience","description":"DroiX is a leading European technology retailer with over 12 years of experience, offering quality mini PCs, handheld gaming consoles, and tech accessories. We provide hassle-free EU delivery with all taxes included, ensuring a smooth and reliable shopping experience for our customers across Europe.","url":"https:\/\/droix.eu\/sk\/","logo":{"@type":"ImageObject","url":"https:\/\/droix.eu\/wp-content\/uploads\/2024\/06\/droix-v2-light-logo.png","@id":"https:\/\/droix.eu\/sk\/product\/kingspec-2230-steam-deck-ulozisko-nvme\/#organizationLogo","width":380,"height":118},"image":{"@id":"https:\/\/droix.eu\/sk\/product\/kingspec-2230-steam-deck-ulozisko-nvme\/#organizationLogo"},"sameAs":["https:\/\/www.facebook.com\/DroiX.Store","https:\/\/twitter.com\/DroiX_Store","https:\/\/www.instagram.com\/droix.store\/","https:\/\/www.tiktok.com\/@droix.store","https:\/\/www.youtube.com\/c\/DroiX_Store","https:\/\/uk.linkedin.com\/company\/droix"]},{"@type":"ProductGroup","@id":"https:\/\/droix.eu\/sk\/product\/kingspec-2230-steam-deck-ulozisko-nvme\/#wooCommerceProduct","name":"KingSpec 2230 Steam Deck \u00dalo\u017eisko NVMe","description":"R\u00fdchle r\u00fdchlosti NVMe\n \tKompatibiln\u00fd s parnou plo\u0161inou SteamDeck &amp; GPD WIN Max 2  \n \t3 roky z\u00e1ruka","url":"https:\/\/droix.eu\/sk\/product\/kingspec-2230-steam-deck-ulozisko-nvme\/","image":{"@type":"ImageObject","url":"https:\/\/droix.eu\/wp-content\/uploads\/2022\/12\/22_30NVME-LISTING-PICTURE-1TB-1.png","@id":"https:\/\/droix.eu\/sk\/product\/kingspec-2230-steam-deck-ulozisko-nvme\/#productImage","width":1500,"height":1500,"caption":"\u00dalo\u017eisko KingSpec 1TB NVME 2230"},"productGroupID":532629,"hasVariant":[{"@type":"Product","@id":"https:\/\/droix.eu\/sk\/product\/kingspec-2230-steam-deck-ulozisko-nvme\/#wooCommerceProduct","name":"KingSpec 2230 Steam Deck \u00dalo\u017eisko NVMe - 512gb","description":"R\u00fdchle r\u00fdchlosti NVMe\n \tKompatibiln\u00fd s parnou plo\u0161inou SteamDeck &amp; GPD WIN Max 2  \n \t3 roky z\u00e1ruka","url":"https:\/\/droix.eu\/sk\/product\/kingspec-2230-steam-deck-ulozisko-nvme\/","sku":"KINGSPEC-NVME-2230-512GB","image":{"@type":"ImageObject","url":"https:\/\/droix.eu\/wp-content\/uploads\/2022\/12\/22_30NVME-LISTING-PICTURE-512GB-1.png","@id":"https:\/\/droix.eu\/sk\/product\/kingspec-2230-steam-deck-ulozisko-nvme\/#productImage","width":1500,"height":1500,"caption":"KingSpec 512GB NVME 2230 Storage"},"offers":{"@type":"Offer","url":"https:\/\/droix.eu\/sk\/product\/kingspec-2230-steam-deck-ulozisko-nvme\/#wooCommerceOffer","price":"59.95","priceCurrency":"EUR","category":"Hardv\u00e9r","availability":"https:\/\/schema.org\/OutOfStock","priceSpecification":{"@type":"PriceSpecification","price":59.95,"priceCurrency":"EUR","valueAddedTaxIncluded":"true"}}}]},{"@type":"WebPage","@id":"https:\/\/droix.eu\/sk\/product\/kingspec-2230-steam-deck-ulozisko-nvme\/#webpage","url":"https:\/\/droix.eu\/sk\/product\/kingspec-2230-steam-deck-ulozisko-nvme\/","name":"KingSpec 2230 Steam Deck \u00dalo\u017eisko NVMe - DROIX EU","description":"R\u00fdchle r\u00fdchlosti NVMe Kompatibiln\u00fd s parnou plo\u0161inou SteamDeck & GPD WIN Max 2 3 roky z\u00e1ruka Balenie obsahuje 1x 22*30 NVMe SSD","inLanguage":"sk-SK","isPartOf":{"@id":"https:\/\/droix.eu\/sk\/#website"},"breadcrumb":{"@id":"https:\/\/droix.eu\/sk\/product\/kingspec-2230-steam-deck-ulozisko-nvme\/#breadcrumblist"},"image":{"@type":"ImageObject","url":"https:\/\/droix.eu\/wp-content\/uploads\/2022\/12\/22_30NVME-LISTING-PICTURE-1TB-1.png","@id":"https:\/\/droix.eu\/sk\/product\/kingspec-2230-steam-deck-ulozisko-nvme\/#mainImage","width":1500,"height":1500,"caption":"\u00dalo\u017eisko KingSpec 1TB NVME 2230"},"primaryImageOfPage":{"@id":"https:\/\/droix.eu\/sk\/product\/kingspec-2230-steam-deck-ulozisko-nvme\/#mainImage"},"datePublished":"2022-12-20T15:00:27+00:00","dateModified":"2025-09-05T15:02:05+01:00"},{"@type":"WebSite","@id":"https:\/\/droix.eu\/sk\/#website","url":"https:\/\/droix.eu\/sk\/","name":"DROIX EU","description":"Get the latest Mini PCs, Ultrabook, PC Gaming Handhelds and more!","inLanguage":"sk-SK","publisher":{"@id":"https:\/\/droix.eu\/sk\/#organization"}}]},"og:locale":"sk_SK","og:site_name":"DROIX EU - Get the latest Mini PCs, Ultrabook, PC Gaming Handhelds and more!","og:type":"article","og:title":"KingSpec 2230 Steam Deck \u00dalo\u017eisko NVMe - DROIX EU","og:description":"R\u00fdchle r\u00fdchlosti NVMe Kompatibiln\u00fd s parnou plo\u0161inou SteamDeck &amp; GPD WIN Max 2 3 roky z\u00e1ruka Balenie obsahuje 1x 22*30 NVMe SSD","og:url":"https:\/\/droix.eu\/sk\/product\/kingspec-2230-steam-deck-ulozisko-nvme\/","og:image":"https:\/\/droix.eu\/wp-content\/uploads\/2024\/06\/droix-v2-light-logo.png","og:image:secure_url":"https:\/\/droix.eu\/wp-content\/uploads\/2024\/06\/droix-v2-light-logo.png","og:image:width":380,"og:image:height":118,"article:published_time":"2022-12-20T15:00:27+00:00","article:modified_time":"2025-09-05T14:02:05+00:00","article:publisher":"https:\/\/www.facebook.com\/DroiX.Store","twitter:card":"summary_large_image","twitter:site":"@DroiX_Store","twitter:title":"KingSpec 2230 Steam Deck \u00dalo\u017eisko NVMe - DROIX EU","twitter:description":"R\u00fdchle r\u00fdchlosti NVMe Kompatibiln\u00fd s parnou plo\u0161inou SteamDeck &amp; GPD WIN Max 2 3 roky z\u00e1ruka Balenie obsahuje 1x 22*30 NVMe SSD","twitter:image":"https:\/\/droix.eu\/wp-content\/uploads\/2024\/06\/droix-v2-light-logo.png"},"aioseo_meta_data":{"post_id":"532629","title":null,"description":null,"keywords":null,"keyphrases":null,"primary_term":null,"canonical_url":null,"og_title":null,"og_description":null,"og_object_type":"default","og_image_type":"default","og_image_url":null,"og_image_width":null,"og_image_height":null,"og_image_custom_url":null,"og_image_custom_fields":null,"og_video":null,"og_custom_url":null,"og_article_section":null,"og_article_tags":null,"twitter_use_og":true,"twitter_card":"default","twitter_image_type":"default","twitter_image_url":null,"twitter_image_custom_url":null,"twitter_image_custom_fields":null,"twitter_title":null,"twitter_description":null,"schema":{"blockGraphs":[],"customGraphs":[],"default":{"data":{"Article":[],"Course":[],"Dataset":[],"FAQPage":[],"Movie":[],"Person":[],"Product":[],"ProductReview":[],"Car":[],"Recipe":[],"Service":[],"SoftwareApplication":[],"WebPage":[]},"graphName":"","isEnabled":true},"graphs":[]},"schema_type":"default","schema_type_options":null,"pillar_content":false,"robots_default":true,"robots_noindex":false,"robots_noarchive":false,"robots_nosnippet":false,"robots_nofollow":false,"robots_noimageindex":false,"robots_noodp":false,"robots_notranslate":false,"robots_max_snippet":null,"robots_max_videopreview":null,"robots_max_imagepreview":"large","priority":null,"frequency":null,"local_seo":null,"seo_analyzer_scan_date":"2025-10-24 12:03:20","breadcrumb_settings":null,"limit_modified_date":false,"reviewed_by":null,"open_ai":null,"ai":null,"created":"2025-10-09 04:06:35","updated":"2025-11-27 02:11:30"},"aioseo_breadcrumb":"<div class=\"aioseo-breadcrumbs\"><span class=\"aioseo-breadcrumb\">\n\t<a href=\"https:\/\/droix.eu\/sk\/\" title=\"Home\">Home<\/a>\n<\/span><span class=\"aioseo-breadcrumb-separator\">&raquo;<\/span><span class=\"aioseo-breadcrumb\">\n\t<a href=\"https:\/\/droix.eu\/sk\/product-category\/hardver\/\" title=\"Hardv\u00e9r\">Hardv\u00e9r<\/a>\n<\/span><span class=\"aioseo-breadcrumb-separator\">&raquo;<\/span><span class=\"aioseo-breadcrumb\">\n\t<a href=\"https:\/\/droix.eu\/sk\/product-category\/hardver\/pocitacovy-hardver\/\" title=\"Po\u010d\u00edta\u010dov\u00fd hardv\u00e9r\">Po\u010d\u00edta\u010dov\u00fd hardv\u00e9r<\/a>\n<\/span><span class=\"aioseo-breadcrumb-separator\">&raquo;<\/span><span class=\"aioseo-breadcrumb\">\n\tKingSpec 2230 Steam Deck \u00dalo\u017eisko NVMe\n<\/span><\/div>","aioseo_breadcrumb_json":[{"label":"Home","link":"https:\/\/droix.eu\/sk\/"},{"label":"Hardv\u00e9r","link":"https:\/\/droix.eu\/sk\/product-category\/hardver\/"},{"label":"Po\u010d\u00edta\u010dov\u00fd hardv\u00e9r","link":"https:\/\/droix.eu\/sk\/product-category\/hardver\/pocitacovy-hardver\/"},{"label":"KingSpec 2230 Steam Deck \u00dalo\u017eisko NVMe","link":"https:\/\/droix.eu\/sk\/product\/kingspec-2230-steam-deck-ulozisko-nvme\/"}],"_links":{"self":[{"href":"https:\/\/droix.eu\/sk\/wp-json\/wp\/v2\/product\/532629","targetHints":{"allow":["GET"]}}],"collection":[{"href":"https:\/\/droix.eu\/sk\/wp-json\/wp\/v2\/product"}],"about":[{"href":"https:\/\/droix.eu\/sk\/wp-json\/wp\/v2\/types\/product"}],"version-history":[{"count":0,"href":"https:\/\/droix.eu\/sk\/wp-json\/wp\/v2\/product\/532629\/revisions"}],"wp:featuredmedia":[{"embeddable":true,"href":"https:\/\/droix.eu\/sk\/wp-json\/wp\/v2\/media\/342445"}],"wp:attachment":[{"href":"https:\/\/droix.eu\/sk\/wp-json\/wp\/v2\/media?parent=532629"}],"wp:term":[{"taxonomy":"product_brand","embeddable":true,"href":"https:\/\/droix.eu\/sk\/wp-json\/wp\/v2\/product_brand?post=532629"},{"taxonomy":"product_cat","embeddable":true,"href":"https:\/\/droix.eu\/sk\/wp-json\/wp\/v2\/product_cat?post=532629"},{"taxonomy":"product_tag","embeddable":true,"href":"https:\/\/droix.eu\/sk\/wp-json\/wp\/v2\/product_tag?post=532629"},{"taxonomy":"woo-feed-brand","embeddable":true,"href":"https:\/\/droix.eu\/sk\/wp-json\/wp\/v2\/woo-feed-brand?post=532629"},{"taxonomy":"key-features","embeddable":true,"href":"https:\/\/droix.eu\/sk\/wp-json\/wp\/v2\/key-features?post=532629"}],"curies":[{"name":"wp","href":"https:\/\/api.w.org\/{rel}","templated":true}]}}