{"id":523553,"date":"2022-11-08T16:39:00","date_gmt":"2022-11-08T16:39:00","guid":{"rendered":"https:\/\/droix.eu\/product\/pridavne-zariadenie-gpd-win-max-2-2024-4g-lte\/"},"modified":"2025-12-15T00:04:21","modified_gmt":"2025-12-15T00:04:21","slug":"pridavne-zariadenie-gpd-win-max-2-2024-4g-lte","status":"publish","type":"product","link":"https:\/\/droix.eu\/sk\/product\/pridavne-zariadenie-gpd-win-max-2-2024-4g-lte\/","title":{"rendered":"Pr\u00eddavn\u00e9 zariadenie GPD WIN MAX 2 \/ 2024 4G LTE"},"content":{"rendered":"&#13;\n<p>Predstavujeme najnov\u0161\u00ed doplnok modulu 4G LTE pre <a href=\"https:\/\/droix.eu\/sk\/product\/gpd-win-max-2\/\">GPD WIN MAX 2 \/<\/a> <a href=\"https:\/\/droix.eu\/sk\/product\/gpd-win-max-2-2024\/\">GPD WIN MAX 2 2024.<\/a> Tento revolu\u010dn\u00fd doplnok umo\u017e\u0148uje hern\u00fdm nad\u0161encom vychutna\u0165 si nepreru\u0161ovan\u00e9 hern\u00e9 rel\u00e1cie kdeko\u013evek a kedyko\u013evek v\u010faka bezprobl\u00e9mov\u00e9mu pripojeniu 4G a podpore oper\u00e1tora. <\/p>&#13;\n&#13;\n<p>Tento modul 4G LTE, vyvinut\u00fd na z\u00e1klade po\u017eiadaviek pou\u017e\u00edvate\u013eov a starostlivo navrhnut\u00fd na prekonanie technick\u00fdch obmedzen\u00ed, podporuje siete 4G TD-LTE, FDD-LTE a 3G CDMA a poskytuje v\u00fdkon porovnate\u013en\u00fd s be\u017en\u00fdmi prenosn\u00fdmi po\u010d\u00edta\u010dmi. Jeho integr\u00e1cia do s\u00e9rie WIN Max 2 2024 otv\u00e1ra svet komplexn\u00fdch hern\u00fdch scen\u00e1rov, ktor\u00e9 boli predt\u00fdm na prenosn\u00fdch zariadeniach nedostupn\u00e9. <\/p>&#13;\n","protected":false},"excerpt":{"rendered":"<ul>\n<li><strong>Bezprobl\u00e9mov\u00e9 pripojenie 4G:<\/strong> Hrajte kdeko\u013evek a kedyko\u013evek.<\/li>\n<li><strong>Pokro\u010dil\u00e1 sie\u0165ov\u00e1 podpora:<\/strong> 4G TD-LTE, FDD-LTE, 3G CDMA.<\/li>\n<li><strong>Ofici\u00e1lne:<\/strong> Navrhnut\u00e9 spolo\u010dnos\u0165ou GPD pre Win Max 2 a Win Max 2 2024<\/li>\n<li><strong>Model:<\/strong> Quectel EG25-G<\/li>\n<\/ul>\n<pre>\n<b>IMPORTANT<\/b>\nINSTALATION REQUIRES OPENING DEVICE\nCOMPONENTS ARE SMALL &amp; DELICATE\nWE ARE NOT RESPONSIBLE FOR ANY CUSTOMER DAMAGE<\/pre>\n[droix_global_accordions]\n[cg_accordion title=\"Balenie obsahuje\"]<\/p>\n<ul>\n<li>1x modul GPD WIN MAX 2 4G LTE<\/li>\n<li>3x skrutky<\/li>\n<li>2x ant\u00e9ny<\/li>\n<li>1x k\u00e1bel<\/li>\n<\/ul>\n<p>[\/cg_accordion]\n","protected":false},"featured_media":439056,"template":"","meta":{"_acf_changed":false},"product_brand":[],"product_cat":[13339,13265,13266],"product_tag":[],"woo-feed-brand":[],"key-features":[],"class_list":{"0":"post-523553","1":"product","2":"type-product","3":"status-publish","4":"has-post-thumbnail","6":"product_cat-herne-prislusenstvo","7":"product_cat-prislusenstvo","8":"product_cat-prislusenstvo-pre-notebooky","9":"product_shipping_class-low-end","10":"pa_accessory-type-add-ons","11":"pa_brands-gpd-sk","12":"pa_compatibility-gpd-win-max-2-sk","14":"first","15":"outofstock","16":"sale","17":"taxable","18":"shipping-taxable","19":"purchasable","20":"product-type-simple"},"acf":[],"aioseo_notices":[],"aioseo_head":"\n\t\t<!-- All in One SEO Pro 4.9.5.2 - aioseo.com -->\n\t<meta name=\"description\" content=\"Bezprobl\u00e9mov\u00e9 pripojenie 4G: Hrajte kdeko\u013evek a kedyko\u013evek. Pokro\u010dil\u00e1 sie\u0165ov\u00e1 podpora: 4G TD-LTE, FDD-LTE, 3G CDMA. Ofici\u00e1lne: Navrhnut\u00e9 spolo\u010dnos\u0165ou GPD pre Win Max 2 a Win Max 2 2024 Model: Quectel EG25-G IMPORTANT INSTALATION REQUIRES OPENING DEVICE COMPONENTS ARE SMALL &amp; DELICATE WE ARE NOT RESPONSIBLE FOR ANY CUSTOMER DAMAGE Balenie obsahuje 1x modul GPD WIN MAX 2 4G LTE 3x skrutky 2x ant\u00e9ny 1x k\u00e1bel\" \/>\n\t<meta name=\"robots\" content=\"max-image-preview:large\" \/>\n\t<link rel=\"canonical\" href=\"https:\/\/droix.eu\/sk\/product\/pridavne-zariadenie-gpd-win-max-2-2024-4g-lte\/\" \/>\n\t<meta name=\"generator\" content=\"All in One SEO Pro (AIOSEO) 4.9.5.2\" \/>\n\t\t<meta property=\"og:locale\" content=\"sk_SK\" \/>\n\t\t<meta property=\"og:site_name\" content=\"DROIX EU - Get the latest Mini PCs, Ultrabook, PC Gaming Handhelds and more!\" \/>\n\t\t<meta property=\"og:type\" content=\"article\" \/>\n\t\t<meta property=\"og:title\" content=\"Pr\u00eddavn\u00e9 zariadenie GPD WIN MAX 2 \/ 2024 4G LTE - DROIX EU\" \/>\n\t\t<meta property=\"og:description\" content=\"Bezprobl\u00e9mov\u00e9 pripojenie 4G: Hrajte kdeko\u013evek a kedyko\u013evek. Pokro\u010dil\u00e1 sie\u0165ov\u00e1 podpora: 4G TD-LTE, FDD-LTE, 3G CDMA. Ofici\u00e1lne: Navrhnut\u00e9 spolo\u010dnos\u0165ou GPD pre Win Max 2 a Win Max 2 2024 Model: Quectel EG25-G IMPORTANT INSTALATION REQUIRES OPENING DEVICE COMPONENTS ARE SMALL &amp; DELICATE WE ARE NOT RESPONSIBLE FOR ANY CUSTOMER DAMAGE Balenie obsahuje 1x modul GPD WIN MAX 2 4G LTE 3x skrutky 2x ant\u00e9ny 1x k\u00e1bel\" \/>\n\t\t<meta property=\"og:url\" content=\"https:\/\/droix.eu\/sk\/product\/pridavne-zariadenie-gpd-win-max-2-2024-4g-lte\/\" \/>\n\t\t<meta property=\"og:image\" content=\"https:\/\/droix.eu\/wp-content\/uploads\/2024\/06\/droix-v2-light-logo.png\" \/>\n\t\t<meta property=\"og:image:secure_url\" content=\"https:\/\/droix.eu\/wp-content\/uploads\/2024\/06\/droix-v2-light-logo.png\" \/>\n\t\t<meta property=\"og:image:width\" content=\"380\" \/>\n\t\t<meta property=\"og:image:height\" content=\"118\" \/>\n\t\t<meta property=\"article:published_time\" content=\"2022-11-08T16:39:00+00:00\" \/>\n\t\t<meta property=\"article:modified_time\" content=\"2025-12-15T00:04:21+00:00\" \/>\n\t\t<meta property=\"article:publisher\" content=\"https:\/\/www.facebook.com\/DroiX.Store\" \/>\n\t\t<meta name=\"twitter:card\" content=\"summary_large_image\" \/>\n\t\t<meta name=\"twitter:site\" content=\"@DroiX_Store\" \/>\n\t\t<meta name=\"twitter:title\" content=\"Pr\u00eddavn\u00e9 zariadenie GPD WIN MAX 2 \/ 2024 4G LTE - DROIX EU\" \/>\n\t\t<meta name=\"twitter:description\" content=\"Bezprobl\u00e9mov\u00e9 pripojenie 4G: Hrajte kdeko\u013evek a kedyko\u013evek. Pokro\u010dil\u00e1 sie\u0165ov\u00e1 podpora: 4G TD-LTE, FDD-LTE, 3G CDMA. Ofici\u00e1lne: Navrhnut\u00e9 spolo\u010dnos\u0165ou GPD pre Win Max 2 a Win Max 2 2024 Model: Quectel EG25-G IMPORTANT INSTALATION REQUIRES OPENING DEVICE COMPONENTS ARE SMALL &amp; DELICATE WE ARE NOT RESPONSIBLE FOR ANY CUSTOMER DAMAGE Balenie obsahuje 1x modul GPD WIN MAX 2 4G LTE 3x skrutky 2x ant\u00e9ny 1x k\u00e1bel\" \/>\n\t\t<meta name=\"twitter:image\" content=\"https:\/\/droix.eu\/wp-content\/uploads\/2024\/06\/droix-v2-light-logo.png\" \/>\n\t\t<script type=\"application\/ld+json\" class=\"aioseo-schema\">\n\t\t\t{\"@context\":\"https:\\\/\\\/schema.org\",\"@graph\":[{\"@type\":\"BreadcrumbList\",\"@id\":\"https:\\\/\\\/droix.eu\\\/sk\\\/product\\\/pridavne-zariadenie-gpd-win-max-2-2024-4g-lte\\\/#breadcrumblist\",\"itemListElement\":[{\"@type\":\"ListItem\",\"@id\":\"https:\\\/\\\/droix.eu\\\/sk\\\/#listItem\",\"position\":1,\"name\":\"Home\",\"item\":\"https:\\\/\\\/droix.eu\\\/sk\\\/\",\"nextItem\":{\"@type\":\"ListItem\",\"@id\":\"https:\\\/\\\/droix.eu\\\/sk\\\/product-category\\\/prislusenstvo\\\/#listItem\",\"name\":\"Pr\\u00edslu\\u0161enstvo\"}},{\"@type\":\"ListItem\",\"@id\":\"https:\\\/\\\/droix.eu\\\/sk\\\/product-category\\\/prislusenstvo\\\/#listItem\",\"position\":2,\"name\":\"Pr\\u00edslu\\u0161enstvo\",\"item\":\"https:\\\/\\\/droix.eu\\\/sk\\\/product-category\\\/prislusenstvo\\\/\",\"nextItem\":{\"@type\":\"ListItem\",\"@id\":\"https:\\\/\\\/droix.eu\\\/sk\\\/product-category\\\/prislusenstvo\\\/prislusenstvo-pre-notebooky\\\/#listItem\",\"name\":\"Pr\\u00edslu\\u0161enstvo pre notebooky\"},\"previousItem\":{\"@type\":\"ListItem\",\"@id\":\"https:\\\/\\\/droix.eu\\\/sk\\\/#listItem\",\"name\":\"Home\"}},{\"@type\":\"ListItem\",\"@id\":\"https:\\\/\\\/droix.eu\\\/sk\\\/product-category\\\/prislusenstvo\\\/prislusenstvo-pre-notebooky\\\/#listItem\",\"position\":3,\"name\":\"Pr\\u00edslu\\u0161enstvo pre notebooky\",\"item\":\"https:\\\/\\\/droix.eu\\\/sk\\\/product-category\\\/prislusenstvo\\\/prislusenstvo-pre-notebooky\\\/\",\"nextItem\":{\"@type\":\"ListItem\",\"@id\":\"https:\\\/\\\/droix.eu\\\/sk\\\/product\\\/pridavne-zariadenie-gpd-win-max-2-2024-4g-lte\\\/#listItem\",\"name\":\"Pr\\u00eddavn\\u00e9 zariadenie GPD WIN MAX 2 \\\/ 2024 4G LTE\"},\"previousItem\":{\"@type\":\"ListItem\",\"@id\":\"https:\\\/\\\/droix.eu\\\/sk\\\/product-category\\\/prislusenstvo\\\/#listItem\",\"name\":\"Pr\\u00edslu\\u0161enstvo\"}},{\"@type\":\"ListItem\",\"@id\":\"https:\\\/\\\/droix.eu\\\/sk\\\/product\\\/pridavne-zariadenie-gpd-win-max-2-2024-4g-lte\\\/#listItem\",\"position\":4,\"name\":\"Pr\\u00eddavn\\u00e9 zariadenie GPD WIN MAX 2 \\\/ 2024 4G LTE\",\"previousItem\":{\"@type\":\"ListItem\",\"@id\":\"https:\\\/\\\/droix.eu\\\/sk\\\/product-category\\\/prislusenstvo\\\/prislusenstvo-pre-notebooky\\\/#listItem\",\"name\":\"Pr\\u00edslu\\u0161enstvo pre notebooky\"}}]},{\"@type\":\"Organization\",\"@id\":\"https:\\\/\\\/droix.eu\\\/sk\\\/#organization\",\"name\":\"DroiX \\u2013 Trusted EU Tech Retailer with 12+ Years Experience\",\"description\":\"DroiX is a leading European technology retailer with over 12 years of experience, offering quality mini PCs, handheld gaming consoles, and tech accessories. We provide hassle-free EU delivery with all taxes included, ensuring a smooth and reliable shopping experience for our customers across Europe.\",\"url\":\"https:\\\/\\\/droix.eu\\\/sk\\\/\",\"logo\":{\"@type\":\"ImageObject\",\"url\":\"https:\\\/\\\/droix.eu\\\/wp-content\\\/uploads\\\/2024\\\/06\\\/droix-v2-light-logo.png\",\"@id\":\"https:\\\/\\\/droix.eu\\\/sk\\\/product\\\/pridavne-zariadenie-gpd-win-max-2-2024-4g-lte\\\/#organizationLogo\",\"width\":380,\"height\":118},\"image\":{\"@id\":\"https:\\\/\\\/droix.eu\\\/sk\\\/product\\\/pridavne-zariadenie-gpd-win-max-2-2024-4g-lte\\\/#organizationLogo\"},\"sameAs\":[\"https:\\\/\\\/www.facebook.com\\\/DroiX.Store\",\"https:\\\/\\\/twitter.com\\\/DroiX_Store\",\"https:\\\/\\\/www.instagram.com\\\/droix.store\\\/\",\"https:\\\/\\\/www.tiktok.com\\\/@droix.store\",\"https:\\\/\\\/www.youtube.com\\\/c\\\/DroiX_Store\",\"https:\\\/\\\/uk.linkedin.com\\\/company\\\/droix\"]},{\"@type\":\"Product\",\"@id\":\"https:\\\/\\\/droix.eu\\\/sk\\\/product\\\/pridavne-zariadenie-gpd-win-max-2-2024-4g-lte\\\/#wooCommerceProduct\",\"name\":\"Pr\\u00eddavn\\u00e9 zariadenie GPD WIN MAX 2 \\\/ 2024 4G LTE\",\"description\":\"Bezprobl\\u00e9mov\\u00e9 pripojenie 4G: Hrajte kdeko\\u013evek a kedyko\\u013evek.\\n \\tPokro\\u010dil\\u00e1 sie\\u0165ov\\u00e1 podpora: 4G TD-LTE, FDD-LTE, 3G CDMA.\\n \\tOfici\\u00e1lne: Navrhnut\\u00e9 spolo\\u010dnos\\u0165ou GPD pre Win Max 2 a Win Max 2 2024\\n \\tModel: Quectel EG25-G\\n\\n\\n\\nIMPORTANT\\nINSTALATION REQUIRES OPENING DEVICE\\nCOMPONENTS ARE SMALL &amp; DELICATE\\nWE ARE NOT RESPONSIBLE FOR ANY CUSTOMER DAMAGE\",\"url\":\"https:\\\/\\\/droix.eu\\\/sk\\\/product\\\/pridavne-zariadenie-gpd-win-max-2-2024-4g-lte\\\/\",\"sku\":\"GPD-WIN_MAX_2-4G_LTE_Module\",\"gtin\":\"5060763673656\",\"image\":{\"@type\":\"ImageObject\",\"url\":\"https:\\\/\\\/droix.eu\\\/wp-content\\\/uploads\\\/2022\\\/11\\\/GPD-WIN-MAX-2-LTE-1.png\",\"@id\":\"https:\\\/\\\/droix.eu\\\/sk\\\/product\\\/pridavne-zariadenie-gpd-win-max-2-2024-4g-lte\\\/#productImage\",\"width\":622,\"height\":622,\"caption\":\"Pr\\u00eddavn\\u00e9 zariadenie GPD WIN MAX 2 4G LTE\"},\"offers\":{\"@type\":\"Offer\",\"url\":\"https:\\\/\\\/droix.eu\\\/sk\\\/product\\\/pridavne-zariadenie-gpd-win-max-2-2024-4g-lte\\\/#wooCommerceOffer\",\"price\":99.57,\"priceCurrency\":\"EUR\",\"category\":\"Hern\\u00e9 pr\\u00edslu\\u0161enstvo\",\"availability\":\"https:\\\/\\\/schema.org\\\/OutOfStock\",\"priceSpecification\":{\"@type\":\"PriceSpecification\",\"price\":99.57,\"priceCurrency\":\"EUR\",\"valueAddedTaxIncluded\":\"true\"},\"seller\":{\"@type\":\"Organization\",\"@id\":\"https:\\\/\\\/droix.eu\\\/sk\\\/#organization\"}}},{\"@type\":\"WebPage\",\"@id\":\"https:\\\/\\\/droix.eu\\\/sk\\\/product\\\/pridavne-zariadenie-gpd-win-max-2-2024-4g-lte\\\/#webpage\",\"url\":\"https:\\\/\\\/droix.eu\\\/sk\\\/product\\\/pridavne-zariadenie-gpd-win-max-2-2024-4g-lte\\\/\",\"name\":\"Pr\\u00eddavn\\u00e9 zariadenie GPD WIN MAX 2 \\\/ 2024 4G LTE - DROIX EU\",\"description\":\"Bezprobl\\u00e9mov\\u00e9 pripojenie 4G: Hrajte kdeko\\u013evek a kedyko\\u013evek. Pokro\\u010dil\\u00e1 sie\\u0165ov\\u00e1 podpora: 4G TD-LTE, FDD-LTE, 3G CDMA. Ofici\\u00e1lne: Navrhnut\\u00e9 spolo\\u010dnos\\u0165ou GPD pre Win Max 2 a Win Max 2 2024 Model: Quectel EG25-G IMPORTANT INSTALATION REQUIRES OPENING DEVICE COMPONENTS ARE SMALL & DELICATE WE ARE NOT RESPONSIBLE FOR ANY CUSTOMER DAMAGE Balenie obsahuje 1x modul GPD WIN MAX 2 4G LTE 3x skrutky 2x ant\\u00e9ny 1x k\\u00e1bel\",\"inLanguage\":\"sk-SK\",\"isPartOf\":{\"@id\":\"https:\\\/\\\/droix.eu\\\/sk\\\/#website\"},\"breadcrumb\":{\"@id\":\"https:\\\/\\\/droix.eu\\\/sk\\\/product\\\/pridavne-zariadenie-gpd-win-max-2-2024-4g-lte\\\/#breadcrumblist\"},\"image\":{\"@type\":\"ImageObject\",\"url\":\"https:\\\/\\\/droix.eu\\\/wp-content\\\/uploads\\\/2022\\\/11\\\/GPD-WIN-MAX-2-LTE-1.png\",\"@id\":\"https:\\\/\\\/droix.eu\\\/sk\\\/product\\\/pridavne-zariadenie-gpd-win-max-2-2024-4g-lte\\\/#mainImage\",\"width\":622,\"height\":622,\"caption\":\"Pr\\u00eddavn\\u00e9 zariadenie GPD WIN MAX 2 4G LTE\"},\"primaryImageOfPage\":{\"@id\":\"https:\\\/\\\/droix.eu\\\/sk\\\/product\\\/pridavne-zariadenie-gpd-win-max-2-2024-4g-lte\\\/#mainImage\"},\"datePublished\":\"2022-11-08T16:39:00+00:00\",\"dateModified\":\"2025-12-15T00:04:21+00:00\"},{\"@type\":\"WebSite\",\"@id\":\"https:\\\/\\\/droix.eu\\\/sk\\\/#website\",\"url\":\"https:\\\/\\\/droix.eu\\\/sk\\\/\",\"name\":\"DROIX EU\",\"description\":\"Get the latest Mini PCs, Ultrabook, PC Gaming Handhelds and more!\",\"inLanguage\":\"sk-SK\",\"publisher\":{\"@id\":\"https:\\\/\\\/droix.eu\\\/sk\\\/#organization\"}}]}\n\t\t<\/script>\n\t\t<!-- All in One SEO Pro -->\r\n\t\t<title>Pr\u00eddavn\u00e9 zariadenie GPD WIN MAX 2 \/ 2024 4G LTE - DROIX EU<\/title>\n\n","aioseo_head_json":{"title":"Pr\u00eddavn\u00e9 zariadenie GPD WIN MAX 2 \/ 2024 4G LTE - DROIX EU","description":"Bezprobl\u00e9mov\u00e9 pripojenie 4G: Hrajte kdeko\u013evek a kedyko\u013evek. Pokro\u010dil\u00e1 sie\u0165ov\u00e1 podpora: 4G TD-LTE, FDD-LTE, 3G CDMA. Ofici\u00e1lne: Navrhnut\u00e9 spolo\u010dnos\u0165ou GPD pre Win Max 2 a Win Max 2 2024 Model: Quectel EG25-G IMPORTANT INSTALATION REQUIRES OPENING DEVICE COMPONENTS ARE SMALL & DELICATE WE ARE NOT RESPONSIBLE FOR ANY CUSTOMER DAMAGE Balenie obsahuje 1x modul GPD WIN MAX 2 4G LTE 3x skrutky 2x ant\u00e9ny 1x k\u00e1bel","canonical_url":"https:\/\/droix.eu\/sk\/product\/pridavne-zariadenie-gpd-win-max-2-2024-4g-lte\/","robots":"max-image-preview:large","keywords":"","webmasterTools":{"miscellaneous":""},"schema":{"@context":"https:\/\/schema.org","@graph":[{"@type":"BreadcrumbList","@id":"https:\/\/droix.eu\/sk\/product\/pridavne-zariadenie-gpd-win-max-2-2024-4g-lte\/#breadcrumblist","itemListElement":[{"@type":"ListItem","@id":"https:\/\/droix.eu\/sk\/#listItem","position":1,"name":"Home","item":"https:\/\/droix.eu\/sk\/","nextItem":{"@type":"ListItem","@id":"https:\/\/droix.eu\/sk\/product-category\/prislusenstvo\/#listItem","name":"Pr\u00edslu\u0161enstvo"}},{"@type":"ListItem","@id":"https:\/\/droix.eu\/sk\/product-category\/prislusenstvo\/#listItem","position":2,"name":"Pr\u00edslu\u0161enstvo","item":"https:\/\/droix.eu\/sk\/product-category\/prislusenstvo\/","nextItem":{"@type":"ListItem","@id":"https:\/\/droix.eu\/sk\/product-category\/prislusenstvo\/prislusenstvo-pre-notebooky\/#listItem","name":"Pr\u00edslu\u0161enstvo pre notebooky"},"previousItem":{"@type":"ListItem","@id":"https:\/\/droix.eu\/sk\/#listItem","name":"Home"}},{"@type":"ListItem","@id":"https:\/\/droix.eu\/sk\/product-category\/prislusenstvo\/prislusenstvo-pre-notebooky\/#listItem","position":3,"name":"Pr\u00edslu\u0161enstvo pre notebooky","item":"https:\/\/droix.eu\/sk\/product-category\/prislusenstvo\/prislusenstvo-pre-notebooky\/","nextItem":{"@type":"ListItem","@id":"https:\/\/droix.eu\/sk\/product\/pridavne-zariadenie-gpd-win-max-2-2024-4g-lte\/#listItem","name":"Pr\u00eddavn\u00e9 zariadenie GPD WIN MAX 2 \/ 2024 4G LTE"},"previousItem":{"@type":"ListItem","@id":"https:\/\/droix.eu\/sk\/product-category\/prislusenstvo\/#listItem","name":"Pr\u00edslu\u0161enstvo"}},{"@type":"ListItem","@id":"https:\/\/droix.eu\/sk\/product\/pridavne-zariadenie-gpd-win-max-2-2024-4g-lte\/#listItem","position":4,"name":"Pr\u00eddavn\u00e9 zariadenie GPD WIN MAX 2 \/ 2024 4G LTE","previousItem":{"@type":"ListItem","@id":"https:\/\/droix.eu\/sk\/product-category\/prislusenstvo\/prislusenstvo-pre-notebooky\/#listItem","name":"Pr\u00edslu\u0161enstvo pre notebooky"}}]},{"@type":"Organization","@id":"https:\/\/droix.eu\/sk\/#organization","name":"DroiX \u2013 Trusted EU Tech Retailer with 12+ Years Experience","description":"DroiX is a leading European technology retailer with over 12 years of experience, offering quality mini PCs, handheld gaming consoles, and tech accessories. We provide hassle-free EU delivery with all taxes included, ensuring a smooth and reliable shopping experience for our customers across Europe.","url":"https:\/\/droix.eu\/sk\/","logo":{"@type":"ImageObject","url":"https:\/\/droix.eu\/wp-content\/uploads\/2024\/06\/droix-v2-light-logo.png","@id":"https:\/\/droix.eu\/sk\/product\/pridavne-zariadenie-gpd-win-max-2-2024-4g-lte\/#organizationLogo","width":380,"height":118},"image":{"@id":"https:\/\/droix.eu\/sk\/product\/pridavne-zariadenie-gpd-win-max-2-2024-4g-lte\/#organizationLogo"},"sameAs":["https:\/\/www.facebook.com\/DroiX.Store","https:\/\/twitter.com\/DroiX_Store","https:\/\/www.instagram.com\/droix.store\/","https:\/\/www.tiktok.com\/@droix.store","https:\/\/www.youtube.com\/c\/DroiX_Store","https:\/\/uk.linkedin.com\/company\/droix"]},{"@type":"Product","@id":"https:\/\/droix.eu\/sk\/product\/pridavne-zariadenie-gpd-win-max-2-2024-4g-lte\/#wooCommerceProduct","name":"Pr\u00eddavn\u00e9 zariadenie GPD WIN MAX 2 \/ 2024 4G LTE","description":"Bezprobl\u00e9mov\u00e9 pripojenie 4G: Hrajte kdeko\u013evek a kedyko\u013evek.\n \tPokro\u010dil\u00e1 sie\u0165ov\u00e1 podpora: 4G TD-LTE, FDD-LTE, 3G CDMA.\n \tOfici\u00e1lne: Navrhnut\u00e9 spolo\u010dnos\u0165ou GPD pre Win Max 2 a Win Max 2 2024\n \tModel: Quectel EG25-G\n\n\n\nIMPORTANT\nINSTALATION REQUIRES OPENING DEVICE\nCOMPONENTS ARE SMALL &amp; DELICATE\nWE ARE NOT RESPONSIBLE FOR ANY CUSTOMER DAMAGE","url":"https:\/\/droix.eu\/sk\/product\/pridavne-zariadenie-gpd-win-max-2-2024-4g-lte\/","sku":"GPD-WIN_MAX_2-4G_LTE_Module","gtin":"5060763673656","image":{"@type":"ImageObject","url":"https:\/\/droix.eu\/wp-content\/uploads\/2022\/11\/GPD-WIN-MAX-2-LTE-1.png","@id":"https:\/\/droix.eu\/sk\/product\/pridavne-zariadenie-gpd-win-max-2-2024-4g-lte\/#productImage","width":622,"height":622,"caption":"Pr\u00eddavn\u00e9 zariadenie GPD WIN MAX 2 4G LTE"},"offers":{"@type":"Offer","url":"https:\/\/droix.eu\/sk\/product\/pridavne-zariadenie-gpd-win-max-2-2024-4g-lte\/#wooCommerceOffer","price":99.57,"priceCurrency":"EUR","category":"Hern\u00e9 pr\u00edslu\u0161enstvo","availability":"https:\/\/schema.org\/OutOfStock","priceSpecification":{"@type":"PriceSpecification","price":99.57,"priceCurrency":"EUR","valueAddedTaxIncluded":"true"},"seller":{"@type":"Organization","@id":"https:\/\/droix.eu\/sk\/#organization"}}},{"@type":"WebPage","@id":"https:\/\/droix.eu\/sk\/product\/pridavne-zariadenie-gpd-win-max-2-2024-4g-lte\/#webpage","url":"https:\/\/droix.eu\/sk\/product\/pridavne-zariadenie-gpd-win-max-2-2024-4g-lte\/","name":"Pr\u00eddavn\u00e9 zariadenie GPD WIN MAX 2 \/ 2024 4G LTE - DROIX EU","description":"Bezprobl\u00e9mov\u00e9 pripojenie 4G: Hrajte kdeko\u013evek a kedyko\u013evek. Pokro\u010dil\u00e1 sie\u0165ov\u00e1 podpora: 4G TD-LTE, FDD-LTE, 3G CDMA. Ofici\u00e1lne: Navrhnut\u00e9 spolo\u010dnos\u0165ou GPD pre Win Max 2 a Win Max 2 2024 Model: Quectel EG25-G IMPORTANT INSTALATION REQUIRES OPENING DEVICE COMPONENTS ARE SMALL & DELICATE WE ARE NOT RESPONSIBLE FOR ANY CUSTOMER DAMAGE Balenie obsahuje 1x modul GPD WIN MAX 2 4G LTE 3x skrutky 2x ant\u00e9ny 1x k\u00e1bel","inLanguage":"sk-SK","isPartOf":{"@id":"https:\/\/droix.eu\/sk\/#website"},"breadcrumb":{"@id":"https:\/\/droix.eu\/sk\/product\/pridavne-zariadenie-gpd-win-max-2-2024-4g-lte\/#breadcrumblist"},"image":{"@type":"ImageObject","url":"https:\/\/droix.eu\/wp-content\/uploads\/2022\/11\/GPD-WIN-MAX-2-LTE-1.png","@id":"https:\/\/droix.eu\/sk\/product\/pridavne-zariadenie-gpd-win-max-2-2024-4g-lte\/#mainImage","width":622,"height":622,"caption":"Pr\u00eddavn\u00e9 zariadenie GPD WIN MAX 2 4G LTE"},"primaryImageOfPage":{"@id":"https:\/\/droix.eu\/sk\/product\/pridavne-zariadenie-gpd-win-max-2-2024-4g-lte\/#mainImage"},"datePublished":"2022-11-08T16:39:00+00:00","dateModified":"2025-12-15T00:04:21+00:00"},{"@type":"WebSite","@id":"https:\/\/droix.eu\/sk\/#website","url":"https:\/\/droix.eu\/sk\/","name":"DROIX EU","description":"Get the latest Mini PCs, Ultrabook, PC Gaming Handhelds and more!","inLanguage":"sk-SK","publisher":{"@id":"https:\/\/droix.eu\/sk\/#organization"}}]},"og:locale":"sk_SK","og:site_name":"DROIX EU - Get the latest Mini PCs, Ultrabook, PC Gaming Handhelds and more!","og:type":"article","og:title":"Pr\u00eddavn\u00e9 zariadenie GPD WIN MAX 2 \/ 2024 4G LTE - DROIX EU","og:description":"Bezprobl\u00e9mov\u00e9 pripojenie 4G: Hrajte kdeko\u013evek a kedyko\u013evek. Pokro\u010dil\u00e1 sie\u0165ov\u00e1 podpora: 4G TD-LTE, FDD-LTE, 3G CDMA. Ofici\u00e1lne: Navrhnut\u00e9 spolo\u010dnos\u0165ou GPD pre Win Max 2 a Win Max 2 2024 Model: Quectel EG25-G IMPORTANT INSTALATION REQUIRES OPENING DEVICE COMPONENTS ARE SMALL &amp; DELICATE WE ARE NOT RESPONSIBLE FOR ANY CUSTOMER DAMAGE Balenie obsahuje 1x modul GPD WIN MAX 2 4G LTE 3x skrutky 2x ant\u00e9ny 1x k\u00e1bel","og:url":"https:\/\/droix.eu\/sk\/product\/pridavne-zariadenie-gpd-win-max-2-2024-4g-lte\/","og:image":"https:\/\/droix.eu\/wp-content\/uploads\/2024\/06\/droix-v2-light-logo.png","og:image:secure_url":"https:\/\/droix.eu\/wp-content\/uploads\/2024\/06\/droix-v2-light-logo.png","og:image:width":380,"og:image:height":118,"article:published_time":"2022-11-08T16:39:00+00:00","article:modified_time":"2025-12-15T00:04:21+00:00","article:publisher":"https:\/\/www.facebook.com\/DroiX.Store","twitter:card":"summary_large_image","twitter:site":"@DroiX_Store","twitter:title":"Pr\u00eddavn\u00e9 zariadenie GPD WIN MAX 2 \/ 2024 4G LTE - DROIX EU","twitter:description":"Bezprobl\u00e9mov\u00e9 pripojenie 4G: Hrajte kdeko\u013evek a kedyko\u013evek. Pokro\u010dil\u00e1 sie\u0165ov\u00e1 podpora: 4G TD-LTE, FDD-LTE, 3G CDMA. Ofici\u00e1lne: Navrhnut\u00e9 spolo\u010dnos\u0165ou GPD pre Win Max 2 a Win Max 2 2024 Model: Quectel EG25-G IMPORTANT INSTALATION REQUIRES OPENING DEVICE COMPONENTS ARE SMALL &amp; DELICATE WE ARE NOT RESPONSIBLE FOR ANY CUSTOMER DAMAGE Balenie obsahuje 1x modul GPD WIN MAX 2 4G LTE 3x skrutky 2x ant\u00e9ny 1x k\u00e1bel","twitter:image":"https:\/\/droix.eu\/wp-content\/uploads\/2024\/06\/droix-v2-light-logo.png"},"aioseo_meta_data":{"post_id":"523553","title":null,"description":null,"keywords":null,"keyphrases":null,"primary_term":null,"canonical_url":null,"og_title":null,"og_description":null,"og_object_type":"default","og_image_type":"default","og_image_url":null,"og_image_width":null,"og_image_height":null,"og_image_custom_url":null,"og_image_custom_fields":null,"og_video":null,"og_custom_url":null,"og_article_section":null,"og_article_tags":null,"twitter_use_og":true,"twitter_card":"default","twitter_image_type":"default","twitter_image_url":null,"twitter_image_custom_url":null,"twitter_image_custom_fields":null,"twitter_title":null,"twitter_description":null,"schema":{"blockGraphs":[],"customGraphs":[],"default":{"data":{"Article":[],"Course":[],"Dataset":[],"FAQPage":[],"Movie":[],"Person":[],"Product":[],"ProductReview":[],"Car":[],"Recipe":[],"Service":[],"SoftwareApplication":[],"WebPage":[]},"graphName":"","isEnabled":true},"graphs":[]},"schema_type":"default","schema_type_options":null,"pillar_content":false,"robots_default":true,"robots_noindex":false,"robots_noarchive":false,"robots_nosnippet":false,"robots_nofollow":false,"robots_noimageindex":false,"robots_noodp":false,"robots_notranslate":false,"robots_max_snippet":null,"robots_max_videopreview":null,"robots_max_imagepreview":"large","priority":null,"frequency":null,"local_seo":null,"seo_analyzer_scan_date":"2025-10-24 11:45:13","breadcrumb_settings":null,"limit_modified_date":false,"reviewed_by":null,"open_ai":null,"ai":null,"created":"2025-10-09 04:01:02","updated":"2026-01-24 09:05:17"},"aioseo_breadcrumb":"<div class=\"aioseo-breadcrumbs\"><span class=\"aioseo-breadcrumb\">\n\t<a href=\"https:\/\/droix.eu\/sk\/\" title=\"Home\">Home<\/a>\n<\/span><span class=\"aioseo-breadcrumb-separator\">&raquo;<\/span><span class=\"aioseo-breadcrumb\">\n\t<a href=\"https:\/\/droix.eu\/sk\/product-category\/prislusenstvo\/\" title=\"Pr\u00edslu\u0161enstvo\">Pr\u00edslu\u0161enstvo<\/a>\n<\/span><span class=\"aioseo-breadcrumb-separator\">&raquo;<\/span><span class=\"aioseo-breadcrumb\">\n\t<a href=\"https:\/\/droix.eu\/sk\/product-category\/prislusenstvo\/prislusenstvo-pre-notebooky\/\" title=\"Pr\u00edslu\u0161enstvo pre notebooky\">Pr\u00edslu\u0161enstvo pre notebooky<\/a>\n<\/span><span class=\"aioseo-breadcrumb-separator\">&raquo;<\/span><span class=\"aioseo-breadcrumb\">\n\tPr\u00eddavn\u00e9 zariadenie GPD WIN MAX 2 \/ 2024 4G LTE\n<\/span><\/div>","aioseo_breadcrumb_json":[{"label":"Home","link":"https:\/\/droix.eu\/sk\/"},{"label":"Pr\u00edslu\u0161enstvo","link":"https:\/\/droix.eu\/sk\/product-category\/prislusenstvo\/"},{"label":"Pr\u00edslu\u0161enstvo pre notebooky","link":"https:\/\/droix.eu\/sk\/product-category\/prislusenstvo\/prislusenstvo-pre-notebooky\/"},{"label":"Pr\u00eddavn\u00e9 zariadenie GPD WIN MAX 2 \/ 2024 4G LTE","link":"https:\/\/droix.eu\/sk\/product\/pridavne-zariadenie-gpd-win-max-2-2024-4g-lte\/"}],"_links":{"self":[{"href":"https:\/\/droix.eu\/sk\/wp-json\/wp\/v2\/product\/523553","targetHints":{"allow":["GET"]}}],"collection":[{"href":"https:\/\/droix.eu\/sk\/wp-json\/wp\/v2\/product"}],"about":[{"href":"https:\/\/droix.eu\/sk\/wp-json\/wp\/v2\/types\/product"}],"version-history":[{"count":0,"href":"https:\/\/droix.eu\/sk\/wp-json\/wp\/v2\/product\/523553\/revisions"}],"wp:featuredmedia":[{"embeddable":true,"href":"https:\/\/droix.eu\/sk\/wp-json\/wp\/v2\/media\/439056"}],"wp:attachment":[{"href":"https:\/\/droix.eu\/sk\/wp-json\/wp\/v2\/media?parent=523553"}],"wp:term":[{"taxonomy":"product_brand","embeddable":true,"href":"https:\/\/droix.eu\/sk\/wp-json\/wp\/v2\/product_brand?post=523553"},{"taxonomy":"product_cat","embeddable":true,"href":"https:\/\/droix.eu\/sk\/wp-json\/wp\/v2\/product_cat?post=523553"},{"taxonomy":"product_tag","embeddable":true,"href":"https:\/\/droix.eu\/sk\/wp-json\/wp\/v2\/product_tag?post=523553"},{"taxonomy":"woo-feed-brand","embeddable":true,"href":"https:\/\/droix.eu\/sk\/wp-json\/wp\/v2\/woo-feed-brand?post=523553"},{"taxonomy":"key-features","embeddable":true,"href":"https:\/\/droix.eu\/sk\/wp-json\/wp\/v2\/key-features?post=523553"}],"curies":[{"name":"wp","href":"https:\/\/api.w.org\/{rel}","templated":true}]}}