{"id":518954,"date":"2023-05-25T09:22:48","date_gmt":"2023-05-25T09:22:48","guid":{"rendered":"https:\/\/droix.eu\/product\/puzdro-gpd-win-4-hardshell\/"},"modified":"2026-01-22T14:38:28","modified_gmt":"2026-01-22T14:38:28","slug":"puzdro-gpd-win-4-hardshell","status":"publish","type":"product","link":"https:\/\/droix.eu\/sk\/product\/puzdro-gpd-win-4-hardshell\/","title":{"rendered":"Puzdro GPD WIN 4 Hardshell"},"content":{"rendered":"<p><strong>GPD WIN 4 s\u00fa<\/strong> v\u00fdkonn\u00e9 vreckov\u00e9 hern\u00e9 po\u010d\u00edta\u010de, ktor\u00e9 s\u00fa navrhnut\u00e9 tak, aby poskytovali pohlcuj\u00faci hern\u00fd z\u00e1\u017eitok na cest\u00e1ch. Na ochranu t\u00fdchto pr\u00e9miov\u00fdch zariaden\u00ed pred po\u0161kriaban\u00edm, n\u00e1razmi a in\u00fdm vonkaj\u0161\u00edm po\u0161koden\u00edm sl\u00fa\u017ei  <strong>ochrann\u00e9 puzdro s tvrdou \u0161krupinou<\/strong>  je potrebn\u00e1. Ochrann\u00e9 puzdro GPD WIN 4 hardshell je odoln\u00e9, \u013eahk\u00e9 a \u0161t\u00fdlov\u00e9 puzdro, ktor\u00e9 je \u0161peci\u00e1lne navrhnut\u00e9 pre tieto hern\u00e9 vreckov\u00e9 po\u010d\u00edta\u010de. Puzdro je vyroben\u00e9 z vysokokvalitn\u00fdch materi\u00e1lov, ako je polykarbon\u00e1t a ABS plast, ktor\u00e9 poskytuj\u00fa vynikaj\u00facu ochranu proti n\u00e1razom, po\u0161kriabaniu a in\u00fdm vonkaj\u0161\u00edm po\u0161kodeniam . vn\u00fatro puzdra je vystlan\u00e9 m\u00e4kkou a hladkou tkaninou, ktor\u00e1 poskytuje dodato\u010dn\u00fa ochranu proti po\u0161kriabaniu a prachu. Puzdro je tie\u017e vybaven\u00e9 bezpe\u010dn\u00fdm zipsov\u00fdm uz\u00e1verom, ktor\u00fd zaru\u010duje, \u017ee vreckov\u00e9 zariadenie zostane po\u010das prepravy na svojom mieste.<\/p>\n","protected":false},"excerpt":{"rendered":"<ul>\n<li><strong>Ofici\u00e1lne<\/strong> ochrann\u00e9 puzdro <strong>GPD<\/strong> pre GPD WIN 4<\/li>\n<li><strong>Odoln\u00fd<\/strong> vonkaj\u0161\u00ed pl\u00e1\u0161\u0165 zo syntetick\u00e9ho polym\u00e9ru<\/li>\n<li>M\u00e4kk\u00e1 textiln\u00e1 pod\u0161\u00edvka na <strong>zv\u00fd\u0161en\u00fa ochranu<\/strong>.<\/li>\n<li><strong>Oddelen\u00fd priestor na<\/strong> perif\u00e9rne zariadenia.<\/li>\n<li>Elegantn\u00fd dizajn s bezpe\u010dn\u00fdm zap\u00ednan\u00edm na zips.<\/li>\n<\/ul>\n<p>[droix_global_accordions]<br \/>\n[cg_accordion title=\"Balenie obsahuje\"]<\/p>\n<ul>\n<li>1x tvrd\u00e9 puzdro GPD WIN 4<\/li>\n<\/ul>\n<p>[\/cg_accordion]<\/p>\n","protected":false},"featured_media":409303,"template":"","meta":{"_acf_changed":false},"product_brand":[],"product_cat":[13339,13265],"product_tag":[],"woo-feed-brand":[2198],"key-features":[],"class_list":{"0":"post-518954","1":"product","2":"type-product","3":"status-publish","4":"has-post-thumbnail","6":"product_cat-herne-prislusenstvo","7":"product_cat-prislusenstvo","8":"product_shipping_class-low-end","9":"pa_accessory-type-protective-case","10":"pa_brands-gpd-sk","11":"woo-feed-brand-gpd","13":"first","14":"outofstock","15":"sale","16":"taxable","17":"shipping-taxable","18":"purchasable","19":"product-type-simple"},"acf":[],"aioseo_notices":[],"aioseo_head":"\n\t\t<!-- All in One SEO Pro 4.9.6.2 - aioseo.com -->\n\t<meta name=\"description\" content=\"Ofici\u00e1lne ochrann\u00e9 puzdro GPD pre GPD WIN 4 Odoln\u00fd vonkaj\u0161\u00ed pl\u00e1\u0161\u0165 zo syntetick\u00e9ho polym\u00e9ru M\u00e4kk\u00e1 textiln\u00e1 pod\u0161\u00edvka na zv\u00fd\u0161en\u00fa ochranu. Oddelen\u00fd priestor na perif\u00e9rne zariadenia. Elegantn\u00fd dizajn s bezpe\u010dn\u00fdm zap\u00ednan\u00edm na zips. Balenie obsahuje 1x tvrd\u00e9 puzdro GPD WIN 4\" \/>\n\t<meta name=\"robots\" content=\"max-image-preview:large\" \/>\n\t<link rel=\"canonical\" href=\"https:\/\/droix.eu\/sk\/product\/puzdro-gpd-win-4-hardshell\/\" \/>\n\t<meta name=\"generator\" content=\"All in One SEO Pro (AIOSEO) 4.9.6.2\" \/>\n\t\t<meta property=\"og:locale\" content=\"sk_SK\" \/>\n\t\t<meta property=\"og:site_name\" content=\"DROIX EU - Get the latest Mini PCs, Ultrabook, PC Gaming Handhelds and more!\" \/>\n\t\t<meta property=\"og:type\" content=\"article\" \/>\n\t\t<meta property=\"og:title\" content=\"Puzdro GPD WIN 4 Hardshell - DROIX EU\" \/>\n\t\t<meta property=\"og:description\" content=\"Ofici\u00e1lne ochrann\u00e9 puzdro GPD pre GPD WIN 4 Odoln\u00fd vonkaj\u0161\u00ed pl\u00e1\u0161\u0165 zo syntetick\u00e9ho polym\u00e9ru M\u00e4kk\u00e1 textiln\u00e1 pod\u0161\u00edvka na zv\u00fd\u0161en\u00fa ochranu. Oddelen\u00fd priestor na perif\u00e9rne zariadenia. Elegantn\u00fd dizajn s bezpe\u010dn\u00fdm zap\u00ednan\u00edm na zips. Balenie obsahuje 1x tvrd\u00e9 puzdro GPD WIN 4\" \/>\n\t\t<meta property=\"og:url\" content=\"https:\/\/droix.eu\/sk\/product\/puzdro-gpd-win-4-hardshell\/\" \/>\n\t\t<meta property=\"og:image\" content=\"https:\/\/droix.eu\/wp-content\/uploads\/2024\/06\/droix-v2-light-logo.png\" \/>\n\t\t<meta property=\"og:image:secure_url\" content=\"https:\/\/droix.eu\/wp-content\/uploads\/2024\/06\/droix-v2-light-logo.png\" \/>\n\t\t<meta property=\"og:image:width\" content=\"380\" \/>\n\t\t<meta property=\"og:image:height\" content=\"118\" \/>\n\t\t<meta property=\"article:published_time\" content=\"2023-05-25T09:22:48+00:00\" \/>\n\t\t<meta property=\"article:modified_time\" content=\"2026-01-22T14:38:28+00:00\" \/>\n\t\t<meta property=\"article:publisher\" content=\"https:\/\/www.facebook.com\/DroiX.Store\" \/>\n\t\t<meta name=\"twitter:card\" content=\"summary_large_image\" \/>\n\t\t<meta name=\"twitter:site\" content=\"@DroiX_Store\" \/>\n\t\t<meta name=\"twitter:title\" content=\"Puzdro GPD WIN 4 Hardshell - DROIX EU\" \/>\n\t\t<meta name=\"twitter:description\" content=\"Ofici\u00e1lne ochrann\u00e9 puzdro GPD pre GPD WIN 4 Odoln\u00fd vonkaj\u0161\u00ed pl\u00e1\u0161\u0165 zo syntetick\u00e9ho polym\u00e9ru M\u00e4kk\u00e1 textiln\u00e1 pod\u0161\u00edvka na zv\u00fd\u0161en\u00fa ochranu. Oddelen\u00fd priestor na perif\u00e9rne zariadenia. Elegantn\u00fd dizajn s bezpe\u010dn\u00fdm zap\u00ednan\u00edm na zips. Balenie obsahuje 1x tvrd\u00e9 puzdro GPD WIN 4\" \/>\n\t\t<meta name=\"twitter:image\" content=\"https:\/\/droix.eu\/wp-content\/uploads\/2024\/06\/droix-v2-light-logo.png\" \/>\n\t\t<script type=\"application\/ld+json\" class=\"aioseo-schema\">\n\t\t\t{\"@context\":\"https:\\\/\\\/schema.org\",\"@graph\":[{\"@type\":\"BreadcrumbList\",\"@id\":\"https:\\\/\\\/droix.eu\\\/sk\\\/product\\\/puzdro-gpd-win-4-hardshell\\\/#breadcrumblist\",\"itemListElement\":[{\"@type\":\"ListItem\",\"@id\":\"https:\\\/\\\/droix.eu\\\/sk\\\/#listItem\",\"position\":1,\"name\":\"Home\",\"item\":\"https:\\\/\\\/droix.eu\\\/sk\\\/\",\"nextItem\":{\"@type\":\"ListItem\",\"@id\":\"https:\\\/\\\/droix.eu\\\/sk\\\/product-category\\\/prislusenstvo\\\/#listItem\",\"name\":\"Pr\\u00edslu\\u0161enstvo\"}},{\"@type\":\"ListItem\",\"@id\":\"https:\\\/\\\/droix.eu\\\/sk\\\/product-category\\\/prislusenstvo\\\/#listItem\",\"position\":2,\"name\":\"Pr\\u00edslu\\u0161enstvo\",\"item\":\"https:\\\/\\\/droix.eu\\\/sk\\\/product-category\\\/prislusenstvo\\\/\",\"nextItem\":{\"@type\":\"ListItem\",\"@id\":\"https:\\\/\\\/droix.eu\\\/sk\\\/product-category\\\/prislusenstvo\\\/herne-prislusenstvo\\\/#listItem\",\"name\":\"Hern\\u00e9 pr\\u00edslu\\u0161enstvo\"},\"previousItem\":{\"@type\":\"ListItem\",\"@id\":\"https:\\\/\\\/droix.eu\\\/sk\\\/#listItem\",\"name\":\"Home\"}},{\"@type\":\"ListItem\",\"@id\":\"https:\\\/\\\/droix.eu\\\/sk\\\/product-category\\\/prislusenstvo\\\/herne-prislusenstvo\\\/#listItem\",\"position\":3,\"name\":\"Hern\\u00e9 pr\\u00edslu\\u0161enstvo\",\"item\":\"https:\\\/\\\/droix.eu\\\/sk\\\/product-category\\\/prislusenstvo\\\/herne-prislusenstvo\\\/\",\"nextItem\":{\"@type\":\"ListItem\",\"@id\":\"https:\\\/\\\/droix.eu\\\/sk\\\/product\\\/puzdro-gpd-win-4-hardshell\\\/#listItem\",\"name\":\"Puzdro GPD WIN 4 Hardshell\"},\"previousItem\":{\"@type\":\"ListItem\",\"@id\":\"https:\\\/\\\/droix.eu\\\/sk\\\/product-category\\\/prislusenstvo\\\/#listItem\",\"name\":\"Pr\\u00edslu\\u0161enstvo\"}},{\"@type\":\"ListItem\",\"@id\":\"https:\\\/\\\/droix.eu\\\/sk\\\/product\\\/puzdro-gpd-win-4-hardshell\\\/#listItem\",\"position\":4,\"name\":\"Puzdro GPD WIN 4 Hardshell\",\"previousItem\":{\"@type\":\"ListItem\",\"@id\":\"https:\\\/\\\/droix.eu\\\/sk\\\/product-category\\\/prislusenstvo\\\/herne-prislusenstvo\\\/#listItem\",\"name\":\"Hern\\u00e9 pr\\u00edslu\\u0161enstvo\"}}]},{\"@type\":\"Organization\",\"@id\":\"https:\\\/\\\/droix.eu\\\/sk\\\/#organization\",\"name\":\"DroiX \\u2013 Trusted EU Tech Retailer with 12+ Years Experience\",\"description\":\"DroiX is a leading European technology retailer with over 12 years of experience, offering quality mini PCs, handheld gaming consoles, and tech accessories. We provide hassle-free EU delivery with all taxes included, ensuring a smooth and reliable shopping experience for our customers across Europe.\",\"url\":\"https:\\\/\\\/droix.eu\\\/sk\\\/\",\"logo\":{\"@type\":\"ImageObject\",\"url\":\"https:\\\/\\\/droix.eu\\\/wp-content\\\/uploads\\\/2024\\\/06\\\/droix-v2-light-logo.png\",\"@id\":\"https:\\\/\\\/droix.eu\\\/sk\\\/product\\\/puzdro-gpd-win-4-hardshell\\\/#organizationLogo\",\"width\":380,\"height\":118},\"image\":{\"@id\":\"https:\\\/\\\/droix.eu\\\/sk\\\/product\\\/puzdro-gpd-win-4-hardshell\\\/#organizationLogo\"},\"sameAs\":[\"https:\\\/\\\/www.facebook.com\\\/DroiX.Store\",\"https:\\\/\\\/twitter.com\\\/DroiX_Store\",\"https:\\\/\\\/www.instagram.com\\\/droix.store\\\/\",\"https:\\\/\\\/www.tiktok.com\\\/@droix.store\",\"https:\\\/\\\/www.youtube.com\\\/c\\\/DroiX_Store\",\"https:\\\/\\\/uk.linkedin.com\\\/company\\\/droix\"]},{\"@type\":\"Product\",\"@id\":\"https:\\\/\\\/droix.eu\\\/sk\\\/product\\\/puzdro-gpd-win-4-hardshell\\\/#wooCommerceProduct\",\"name\":\"Puzdro GPD WIN 4 Hardshell\",\"description\":\"Ofici\\u00e1lne ochrann\\u00e9 puzdro GPD pre GPD WIN 4\\n \\tOdoln\\u00fd vonkaj\\u0161\\u00ed pl\\u00e1\\u0161\\u0165 zo syntetick\\u00e9ho polym\\u00e9ru\\n \\tM\\u00e4kk\\u00e1 textiln\\u00e1 pod\\u0161\\u00edvka na zv\\u00fd\\u0161en\\u00fa ochranu.\\n \\tOddelen\\u00fd priestor na perif\\u00e9rne zariadenia.\\n \\tElegantn\\u00fd dizajn s bezpe\\u010dn\\u00fdm zap\\u00ednan\\u00edm na zips.\",\"url\":\"https:\\\/\\\/droix.eu\\\/sk\\\/product\\\/puzdro-gpd-win-4-hardshell\\\/\",\"sku\":\"GPD-WIN_4-CASE\",\"gtin\":\"5060763675322\",\"image\":{\"@type\":\"ImageObject\",\"url\":\"https:\\\/\\\/droix.eu\\\/wp-content\\\/uploads\\\/2023\\\/05\\\/51y5P54tgzLready-gpd-4.png\",\"@id\":\"https:\\\/\\\/droix.eu\\\/sk\\\/product\\\/puzdro-gpd-win-4-hardshell\\\/#productImage\",\"width\":1000,\"height\":1000},\"offers\":{\"@type\":\"Offer\",\"url\":\"https:\\\/\\\/droix.eu\\\/sk\\\/product\\\/puzdro-gpd-win-4-hardshell\\\/#wooCommerceOffer\",\"price\":27,\"priceCurrency\":\"EUR\",\"category\":\"Hern\\u00e9 pr\\u00edslu\\u0161enstvo\",\"availability\":\"https:\\\/\\\/schema.org\\\/OutOfStock\",\"priceSpecification\":{\"@type\":\"PriceSpecification\",\"price\":27,\"priceCurrency\":\"EUR\",\"valueAddedTaxIncluded\":\"true\"},\"seller\":{\"@type\":\"Organization\",\"@id\":\"https:\\\/\\\/droix.eu\\\/sk\\\/#organization\"}}},{\"@type\":\"WebPage\",\"@id\":\"https:\\\/\\\/droix.eu\\\/sk\\\/product\\\/puzdro-gpd-win-4-hardshell\\\/#webpage\",\"url\":\"https:\\\/\\\/droix.eu\\\/sk\\\/product\\\/puzdro-gpd-win-4-hardshell\\\/\",\"name\":\"Puzdro GPD WIN 4 Hardshell - DROIX EU\",\"description\":\"Ofici\\u00e1lne ochrann\\u00e9 puzdro GPD pre GPD WIN 4 Odoln\\u00fd vonkaj\\u0161\\u00ed pl\\u00e1\\u0161\\u0165 zo syntetick\\u00e9ho polym\\u00e9ru M\\u00e4kk\\u00e1 textiln\\u00e1 pod\\u0161\\u00edvka na zv\\u00fd\\u0161en\\u00fa ochranu. Oddelen\\u00fd priestor na perif\\u00e9rne zariadenia. Elegantn\\u00fd dizajn s bezpe\\u010dn\\u00fdm zap\\u00ednan\\u00edm na zips. Balenie obsahuje 1x tvrd\\u00e9 puzdro GPD WIN 4\",\"inLanguage\":\"sk-SK\",\"isPartOf\":{\"@id\":\"https:\\\/\\\/droix.eu\\\/sk\\\/#website\"},\"breadcrumb\":{\"@id\":\"https:\\\/\\\/droix.eu\\\/sk\\\/product\\\/puzdro-gpd-win-4-hardshell\\\/#breadcrumblist\"},\"image\":{\"@type\":\"ImageObject\",\"url\":\"https:\\\/\\\/droix.eu\\\/wp-content\\\/uploads\\\/2023\\\/05\\\/51y5P54tgzLready-gpd-4.png\",\"@id\":\"https:\\\/\\\/droix.eu\\\/sk\\\/product\\\/puzdro-gpd-win-4-hardshell\\\/#mainImage\",\"width\":1000,\"height\":1000},\"primaryImageOfPage\":{\"@id\":\"https:\\\/\\\/droix.eu\\\/sk\\\/product\\\/puzdro-gpd-win-4-hardshell\\\/#mainImage\"},\"datePublished\":\"2023-05-25T09:22:48+01:00\",\"dateModified\":\"2026-01-22T14:38:28+00:00\"},{\"@type\":\"WebSite\",\"@id\":\"https:\\\/\\\/droix.eu\\\/sk\\\/#website\",\"url\":\"https:\\\/\\\/droix.eu\\\/sk\\\/\",\"name\":\"DROIX EU\",\"description\":\"Get the latest Mini PCs, Ultrabook, PC Gaming Handhelds and more!\",\"inLanguage\":\"sk-SK\",\"publisher\":{\"@id\":\"https:\\\/\\\/droix.eu\\\/sk\\\/#organization\"}}]}\n\t\t<\/script>\n\t\t<!-- All in One SEO Pro -->\r\n\t\t<title>Puzdro GPD WIN 4 Hardshell - DROIX EU<\/title>\n\n","aioseo_head_json":{"title":"Puzdro GPD WIN 4 Hardshell - DROIX EU","description":"Ofici\u00e1lne ochrann\u00e9 puzdro GPD pre GPD WIN 4 Odoln\u00fd vonkaj\u0161\u00ed pl\u00e1\u0161\u0165 zo syntetick\u00e9ho polym\u00e9ru M\u00e4kk\u00e1 textiln\u00e1 pod\u0161\u00edvka na zv\u00fd\u0161en\u00fa ochranu. Oddelen\u00fd priestor na perif\u00e9rne zariadenia. Elegantn\u00fd dizajn s bezpe\u010dn\u00fdm zap\u00ednan\u00edm na zips. Balenie obsahuje 1x tvrd\u00e9 puzdro GPD WIN 4","canonical_url":"https:\/\/droix.eu\/sk\/product\/puzdro-gpd-win-4-hardshell\/","robots":"max-image-preview:large","keywords":"","webmasterTools":{"miscellaneous":""},"schema":{"@context":"https:\/\/schema.org","@graph":[{"@type":"BreadcrumbList","@id":"https:\/\/droix.eu\/sk\/product\/puzdro-gpd-win-4-hardshell\/#breadcrumblist","itemListElement":[{"@type":"ListItem","@id":"https:\/\/droix.eu\/sk\/#listItem","position":1,"name":"Home","item":"https:\/\/droix.eu\/sk\/","nextItem":{"@type":"ListItem","@id":"https:\/\/droix.eu\/sk\/product-category\/prislusenstvo\/#listItem","name":"Pr\u00edslu\u0161enstvo"}},{"@type":"ListItem","@id":"https:\/\/droix.eu\/sk\/product-category\/prislusenstvo\/#listItem","position":2,"name":"Pr\u00edslu\u0161enstvo","item":"https:\/\/droix.eu\/sk\/product-category\/prislusenstvo\/","nextItem":{"@type":"ListItem","@id":"https:\/\/droix.eu\/sk\/product-category\/prislusenstvo\/herne-prislusenstvo\/#listItem","name":"Hern\u00e9 pr\u00edslu\u0161enstvo"},"previousItem":{"@type":"ListItem","@id":"https:\/\/droix.eu\/sk\/#listItem","name":"Home"}},{"@type":"ListItem","@id":"https:\/\/droix.eu\/sk\/product-category\/prislusenstvo\/herne-prislusenstvo\/#listItem","position":3,"name":"Hern\u00e9 pr\u00edslu\u0161enstvo","item":"https:\/\/droix.eu\/sk\/product-category\/prislusenstvo\/herne-prislusenstvo\/","nextItem":{"@type":"ListItem","@id":"https:\/\/droix.eu\/sk\/product\/puzdro-gpd-win-4-hardshell\/#listItem","name":"Puzdro GPD WIN 4 Hardshell"},"previousItem":{"@type":"ListItem","@id":"https:\/\/droix.eu\/sk\/product-category\/prislusenstvo\/#listItem","name":"Pr\u00edslu\u0161enstvo"}},{"@type":"ListItem","@id":"https:\/\/droix.eu\/sk\/product\/puzdro-gpd-win-4-hardshell\/#listItem","position":4,"name":"Puzdro GPD WIN 4 Hardshell","previousItem":{"@type":"ListItem","@id":"https:\/\/droix.eu\/sk\/product-category\/prislusenstvo\/herne-prislusenstvo\/#listItem","name":"Hern\u00e9 pr\u00edslu\u0161enstvo"}}]},{"@type":"Organization","@id":"https:\/\/droix.eu\/sk\/#organization","name":"DroiX \u2013 Trusted EU Tech Retailer with 12+ Years Experience","description":"DroiX is a leading European technology retailer with over 12 years of experience, offering quality mini PCs, handheld gaming consoles, and tech accessories. We provide hassle-free EU delivery with all taxes included, ensuring a smooth and reliable shopping experience for our customers across Europe.","url":"https:\/\/droix.eu\/sk\/","logo":{"@type":"ImageObject","url":"https:\/\/droix.eu\/wp-content\/uploads\/2024\/06\/droix-v2-light-logo.png","@id":"https:\/\/droix.eu\/sk\/product\/puzdro-gpd-win-4-hardshell\/#organizationLogo","width":380,"height":118},"image":{"@id":"https:\/\/droix.eu\/sk\/product\/puzdro-gpd-win-4-hardshell\/#organizationLogo"},"sameAs":["https:\/\/www.facebook.com\/DroiX.Store","https:\/\/twitter.com\/DroiX_Store","https:\/\/www.instagram.com\/droix.store\/","https:\/\/www.tiktok.com\/@droix.store","https:\/\/www.youtube.com\/c\/DroiX_Store","https:\/\/uk.linkedin.com\/company\/droix"]},{"@type":"Product","@id":"https:\/\/droix.eu\/sk\/product\/puzdro-gpd-win-4-hardshell\/#wooCommerceProduct","name":"Puzdro GPD WIN 4 Hardshell","description":"Ofici\u00e1lne ochrann\u00e9 puzdro GPD pre GPD WIN 4\n \tOdoln\u00fd vonkaj\u0161\u00ed pl\u00e1\u0161\u0165 zo syntetick\u00e9ho polym\u00e9ru\n \tM\u00e4kk\u00e1 textiln\u00e1 pod\u0161\u00edvka na zv\u00fd\u0161en\u00fa ochranu.\n \tOddelen\u00fd priestor na perif\u00e9rne zariadenia.\n \tElegantn\u00fd dizajn s bezpe\u010dn\u00fdm zap\u00ednan\u00edm na zips.","url":"https:\/\/droix.eu\/sk\/product\/puzdro-gpd-win-4-hardshell\/","sku":"GPD-WIN_4-CASE","gtin":"5060763675322","image":{"@type":"ImageObject","url":"https:\/\/droix.eu\/wp-content\/uploads\/2023\/05\/51y5P54tgzLready-gpd-4.png","@id":"https:\/\/droix.eu\/sk\/product\/puzdro-gpd-win-4-hardshell\/#productImage","width":1000,"height":1000},"offers":{"@type":"Offer","url":"https:\/\/droix.eu\/sk\/product\/puzdro-gpd-win-4-hardshell\/#wooCommerceOffer","price":27,"priceCurrency":"EUR","category":"Hern\u00e9 pr\u00edslu\u0161enstvo","availability":"https:\/\/schema.org\/OutOfStock","priceSpecification":{"@type":"PriceSpecification","price":27,"priceCurrency":"EUR","valueAddedTaxIncluded":"true"},"seller":{"@type":"Organization","@id":"https:\/\/droix.eu\/sk\/#organization"}}},{"@type":"WebPage","@id":"https:\/\/droix.eu\/sk\/product\/puzdro-gpd-win-4-hardshell\/#webpage","url":"https:\/\/droix.eu\/sk\/product\/puzdro-gpd-win-4-hardshell\/","name":"Puzdro GPD WIN 4 Hardshell - DROIX EU","description":"Ofici\u00e1lne ochrann\u00e9 puzdro GPD pre GPD WIN 4 Odoln\u00fd vonkaj\u0161\u00ed pl\u00e1\u0161\u0165 zo syntetick\u00e9ho polym\u00e9ru M\u00e4kk\u00e1 textiln\u00e1 pod\u0161\u00edvka na zv\u00fd\u0161en\u00fa ochranu. Oddelen\u00fd priestor na perif\u00e9rne zariadenia. Elegantn\u00fd dizajn s bezpe\u010dn\u00fdm zap\u00ednan\u00edm na zips. Balenie obsahuje 1x tvrd\u00e9 puzdro GPD WIN 4","inLanguage":"sk-SK","isPartOf":{"@id":"https:\/\/droix.eu\/sk\/#website"},"breadcrumb":{"@id":"https:\/\/droix.eu\/sk\/product\/puzdro-gpd-win-4-hardshell\/#breadcrumblist"},"image":{"@type":"ImageObject","url":"https:\/\/droix.eu\/wp-content\/uploads\/2023\/05\/51y5P54tgzLready-gpd-4.png","@id":"https:\/\/droix.eu\/sk\/product\/puzdro-gpd-win-4-hardshell\/#mainImage","width":1000,"height":1000},"primaryImageOfPage":{"@id":"https:\/\/droix.eu\/sk\/product\/puzdro-gpd-win-4-hardshell\/#mainImage"},"datePublished":"2023-05-25T09:22:48+01:00","dateModified":"2026-01-22T14:38:28+00:00"},{"@type":"WebSite","@id":"https:\/\/droix.eu\/sk\/#website","url":"https:\/\/droix.eu\/sk\/","name":"DROIX EU","description":"Get the latest Mini PCs, Ultrabook, PC Gaming Handhelds and more!","inLanguage":"sk-SK","publisher":{"@id":"https:\/\/droix.eu\/sk\/#organization"}}]},"og:locale":"sk_SK","og:site_name":"DROIX EU - Get the latest Mini PCs, Ultrabook, PC Gaming Handhelds and more!","og:type":"article","og:title":"Puzdro GPD WIN 4 Hardshell - DROIX EU","og:description":"Ofici\u00e1lne ochrann\u00e9 puzdro GPD pre GPD WIN 4 Odoln\u00fd vonkaj\u0161\u00ed pl\u00e1\u0161\u0165 zo syntetick\u00e9ho polym\u00e9ru M\u00e4kk\u00e1 textiln\u00e1 pod\u0161\u00edvka na zv\u00fd\u0161en\u00fa ochranu. Oddelen\u00fd priestor na perif\u00e9rne zariadenia. Elegantn\u00fd dizajn s bezpe\u010dn\u00fdm zap\u00ednan\u00edm na zips. Balenie obsahuje 1x tvrd\u00e9 puzdro GPD WIN 4","og:url":"https:\/\/droix.eu\/sk\/product\/puzdro-gpd-win-4-hardshell\/","og:image":"https:\/\/droix.eu\/wp-content\/uploads\/2024\/06\/droix-v2-light-logo.png","og:image:secure_url":"https:\/\/droix.eu\/wp-content\/uploads\/2024\/06\/droix-v2-light-logo.png","og:image:width":380,"og:image:height":118,"article:published_time":"2023-05-25T09:22:48+00:00","article:modified_time":"2026-01-22T14:38:28+00:00","article:publisher":"https:\/\/www.facebook.com\/DroiX.Store","twitter:card":"summary_large_image","twitter:site":"@DroiX_Store","twitter:title":"Puzdro GPD WIN 4 Hardshell - DROIX EU","twitter:description":"Ofici\u00e1lne ochrann\u00e9 puzdro GPD pre GPD WIN 4 Odoln\u00fd vonkaj\u0161\u00ed pl\u00e1\u0161\u0165 zo syntetick\u00e9ho polym\u00e9ru M\u00e4kk\u00e1 textiln\u00e1 pod\u0161\u00edvka na zv\u00fd\u0161en\u00fa ochranu. Oddelen\u00fd priestor na perif\u00e9rne zariadenia. Elegantn\u00fd dizajn s bezpe\u010dn\u00fdm zap\u00ednan\u00edm na zips. Balenie obsahuje 1x tvrd\u00e9 puzdro GPD WIN 4","twitter:image":"https:\/\/droix.eu\/wp-content\/uploads\/2024\/06\/droix-v2-light-logo.png"},"aioseo_meta_data":{"post_id":"518954","title":null,"description":null,"keywords":null,"keyphrases":null,"primary_term":null,"canonical_url":null,"og_title":null,"og_description":null,"og_object_type":"default","og_image_type":"default","og_image_url":null,"og_image_width":null,"og_image_height":null,"og_image_custom_url":null,"og_image_custom_fields":null,"og_video":null,"og_custom_url":null,"og_article_section":null,"og_article_tags":null,"twitter_use_og":true,"twitter_card":"default","twitter_image_type":"default","twitter_image_url":null,"twitter_image_custom_url":null,"twitter_image_custom_fields":null,"twitter_title":null,"twitter_description":null,"schema":{"blockGraphs":[],"customGraphs":[],"default":{"data":{"Article":[],"Course":[],"Dataset":[],"FAQPage":[],"Movie":[],"Person":[],"Product":[],"ProductReview":[],"Car":[],"Recipe":[],"Service":[],"SoftwareApplication":[],"WebPage":[]},"graphName":"","isEnabled":true},"graphs":[]},"schema_type":"default","schema_type_options":null,"pillar_content":false,"robots_default":true,"robots_noindex":false,"robots_noarchive":false,"robots_nosnippet":false,"robots_nofollow":false,"robots_noimageindex":false,"robots_noodp":false,"robots_notranslate":false,"robots_max_snippet":null,"robots_max_videopreview":null,"robots_max_imagepreview":"large","priority":null,"frequency":null,"local_seo":null,"seo_analyzer_scan_date":"2025-10-24 13:11:33","breadcrumb_settings":null,"limit_modified_date":false,"reviewed_by":null,"open_ai":null,"ai":null,"created":"2025-10-09 04:26:06","updated":"2026-01-24 08:58:53"},"aioseo_breadcrumb":"<div class=\"aioseo-breadcrumbs\"><span class=\"aioseo-breadcrumb\">\n\t<a href=\"https:\/\/droix.eu\/sk\/\" title=\"Home\">Home<\/a>\n<\/span><span class=\"aioseo-breadcrumb-separator\">&raquo;<\/span><span class=\"aioseo-breadcrumb\">\n\t<a href=\"https:\/\/droix.eu\/sk\/product-category\/prislusenstvo\/\" title=\"Pr\u00edslu\u0161enstvo\">Pr\u00edslu\u0161enstvo<\/a>\n<\/span><span class=\"aioseo-breadcrumb-separator\">&raquo;<\/span><span class=\"aioseo-breadcrumb\">\n\t<a href=\"https:\/\/droix.eu\/sk\/product-category\/prislusenstvo\/herne-prislusenstvo\/\" title=\"Hern\u00e9 pr\u00edslu\u0161enstvo\">Hern\u00e9 pr\u00edslu\u0161enstvo<\/a>\n<\/span><span class=\"aioseo-breadcrumb-separator\">&raquo;<\/span><span class=\"aioseo-breadcrumb\">\n\tPuzdro GPD WIN 4 Hardshell\n<\/span><\/div>","aioseo_breadcrumb_json":[{"label":"Home","link":"https:\/\/droix.eu\/sk\/"},{"label":"Pr\u00edslu\u0161enstvo","link":"https:\/\/droix.eu\/sk\/product-category\/prislusenstvo\/"},{"label":"Hern\u00e9 pr\u00edslu\u0161enstvo","link":"https:\/\/droix.eu\/sk\/product-category\/prislusenstvo\/herne-prislusenstvo\/"},{"label":"Puzdro GPD WIN 4 Hardshell","link":"https:\/\/droix.eu\/sk\/product\/puzdro-gpd-win-4-hardshell\/"}],"_links":{"self":[{"href":"https:\/\/droix.eu\/sk\/wp-json\/wp\/v2\/product\/518954","targetHints":{"allow":["GET"]}}],"collection":[{"href":"https:\/\/droix.eu\/sk\/wp-json\/wp\/v2\/product"}],"about":[{"href":"https:\/\/droix.eu\/sk\/wp-json\/wp\/v2\/types\/product"}],"version-history":[{"count":0,"href":"https:\/\/droix.eu\/sk\/wp-json\/wp\/v2\/product\/518954\/revisions"}],"wp:featuredmedia":[{"embeddable":true,"href":"https:\/\/droix.eu\/sk\/wp-json\/wp\/v2\/media\/409303"}],"wp:attachment":[{"href":"https:\/\/droix.eu\/sk\/wp-json\/wp\/v2\/media?parent=518954"}],"wp:term":[{"taxonomy":"product_brand","embeddable":true,"href":"https:\/\/droix.eu\/sk\/wp-json\/wp\/v2\/product_brand?post=518954"},{"taxonomy":"product_cat","embeddable":true,"href":"https:\/\/droix.eu\/sk\/wp-json\/wp\/v2\/product_cat?post=518954"},{"taxonomy":"product_tag","embeddable":true,"href":"https:\/\/droix.eu\/sk\/wp-json\/wp\/v2\/product_tag?post=518954"},{"taxonomy":"woo-feed-brand","embeddable":true,"href":"https:\/\/droix.eu\/sk\/wp-json\/wp\/v2\/woo-feed-brand?post=518954"},{"taxonomy":"key-features","embeddable":true,"href":"https:\/\/droix.eu\/sk\/wp-json\/wp\/v2\/key-features?post=518954"}],"curies":[{"name":"wp","href":"https:\/\/api.w.org\/{rel}","templated":true}]}}