{"id":709617,"date":"2026-02-16T11:50:42","date_gmt":"2026-02-16T11:50:42","guid":{"rendered":"https:\/\/droix.eu\/product\/cablu-usb-4-0-type-c\/"},"modified":"2026-02-16T11:50:42","modified_gmt":"2026-02-16T11:50:42","slug":"cablu-usb-4-0-type-c","status":"publish","type":"product","link":"https:\/\/droix.eu\/ro\/product\/cablu-usb-4-0-type-c\/","title":{"rendered":"Cablu USB 4.0 Type-C"},"content":{"rendered":"","protected":false},"excerpt":{"rendered":"<ul>\n<li><strong>Date 40Gbps<\/strong> &#8211; Transfer extrem de rapid pentru fi\u0219iere masive.<\/li>\n<li><strong>\u00cenc\u0103rcare 240W<\/strong> &#8211; PD 3.1 pentru laptopuri de \u00eenalt\u0103 performan\u021b\u0103.<\/li>\n<li><strong>Video 8K60Hz<\/strong> &#8211; Suport pentru afi\u0219aj Sharp 8K sau 4K dual.<\/li>\n<li><strong>E-Marker Chip<\/strong> &#8211; Siguran\u021b\u0103 inteligent\u0103 pentru furnizarea stabil\u0103 a energiei.<\/li>\n<li><strong>Construc\u021bie \u00eempletit\u0103<\/strong> &#8211; Nailon ranforsat \u0219i carcas\u0103 din aluminiu.<\/li>\n<\/ul>\n[droix_global_accordions]\n[cg_accordion title=\"Pachetul include\"]<\/p>\n<ul>\n<li>1x cablu USB 4.0 tip C<\/li>\n<\/ul>\n<p>[\/cg_accordion]\n","protected":false},"featured_media":709623,"template":"","meta":{"_acf_changed":false},"product_brand":[],"product_cat":[13343,16911,13344,13384],"product_tag":[],"woo-feed-brand":[],"key-features":[],"class_list":{"0":"post-709617","1":"product","2":"type-product","3":"status-publish","4":"has-post-thumbnail","6":"product_cat-accesorii","7":"product_cat-accesorii-pentru-calculatoare","8":"product_cat-accesorii-pentru-jocuri","9":"product_cat-accesorii-pentru-laptop","10":"product_shipping_class-low-end","11":"pa_i-o-usb-1x-usb-4-0-tip-c-40gb-s","12":"pa_i-o-video-1x-prin-usb-4-0-tip-c-dp-8k60hz","14":"first","15":"instock","16":"sale","17":"taxable","18":"shipping-taxable","19":"purchasable","20":"product-type-variable","21":"has-default-attributes"},"acf":[],"aioseo_notices":[],"aioseo_head":"\n\t\t<!-- All in One SEO Pro 4.9.6.2 - aioseo.com -->\n\t<meta name=\"description\" content=\"Optimizeaz\u0103-\u021bi configura\u021bia cu cel mai bun cablu USB4 USB C. \u26a1 Experimenteaz\u0103 \u00eenc\u0103rcare 240W PD 3.1, date 40Gbps \u0219i video 8K60Hz pentru MacBook \u0219i iPhone 15. Cump\u0103ra\u021bi acum! \ud83d\udcbb\u2728\" \/>\n\t<meta name=\"robots\" content=\"max-image-preview:large\" \/>\n\t<link rel=\"canonical\" href=\"https:\/\/droix.eu\/ro\/product\/cablu-usb-4-0-type-c\/\" \/>\n\t<meta name=\"generator\" content=\"All in One SEO Pro (AIOSEO) 4.9.6.2\" \/>\n\t\t<meta property=\"og:locale\" content=\"ro_RO\" \/>\n\t\t<meta property=\"og:site_name\" content=\"DROIX EU - Get the latest Mini PCs, Ultrabook, PC Gaming Handhelds and more!\" \/>\n\t\t<meta property=\"og:type\" content=\"article\" \/>\n\t\t<meta property=\"og:title\" content=\"\u26a1 Cablu USB4 USB C: 240W Thunderbolt 4 \u0219i vitez\u0103 40Gbps \ud83d\ude80\" \/>\n\t\t<meta property=\"og:description\" content=\"Optimizeaz\u0103-\u021bi configura\u021bia cu cel mai bun cablu USB4 USB C. \u26a1 Experimenteaz\u0103 \u00eenc\u0103rcare 240W PD 3.1, date 40Gbps \u0219i video 8K60Hz pentru MacBook \u0219i iPhone 15. Cump\u0103ra\u021bi acum! \ud83d\udcbb\u2728\" \/>\n\t\t<meta property=\"og:url\" content=\"https:\/\/droix.eu\/ro\/product\/cablu-usb-4-0-type-c\/\" \/>\n\t\t<meta property=\"og:image\" content=\"https:\/\/droix.eu\/wp-content\/uploads\/2024\/06\/droix-v2-light-logo.png\" \/>\n\t\t<meta property=\"og:image:secure_url\" content=\"https:\/\/droix.eu\/wp-content\/uploads\/2024\/06\/droix-v2-light-logo.png\" \/>\n\t\t<meta property=\"og:image:width\" content=\"380\" \/>\n\t\t<meta property=\"og:image:height\" content=\"118\" \/>\n\t\t<meta property=\"article:published_time\" content=\"2026-02-16T11:50:42+00:00\" \/>\n\t\t<meta property=\"article:modified_time\" content=\"2026-02-16T11:50:42+00:00\" \/>\n\t\t<meta property=\"article:publisher\" content=\"https:\/\/www.facebook.com\/DroiX.Store\" \/>\n\t\t<meta name=\"twitter:card\" content=\"summary_large_image\" \/>\n\t\t<meta name=\"twitter:site\" content=\"@DroiX_Store\" \/>\n\t\t<meta name=\"twitter:title\" content=\"\u26a1 Cablu USB4 USB C: 240W Thunderbolt 4 \u0219i vitez\u0103 40Gbps \ud83d\ude80\" \/>\n\t\t<meta name=\"twitter:description\" content=\"Optimizeaz\u0103-\u021bi configura\u021bia cu cel mai bun cablu USB4 USB C. \u26a1 Experimenteaz\u0103 \u00eenc\u0103rcare 240W PD 3.1, date 40Gbps \u0219i video 8K60Hz pentru MacBook \u0219i iPhone 15. Cump\u0103ra\u021bi acum! \ud83d\udcbb\u2728\" \/>\n\t\t<meta name=\"twitter:image\" content=\"https:\/\/droix.eu\/wp-content\/uploads\/2024\/06\/droix-v2-light-logo.png\" \/>\n\t\t<script type=\"application\/ld+json\" class=\"aioseo-schema\">\n\t\t\t{\"@context\":\"https:\\\/\\\/schema.org\",\"@graph\":[{\"@type\":\"BreadcrumbList\",\"@id\":\"https:\\\/\\\/droix.eu\\\/ro\\\/product\\\/cablu-usb-4-0-type-c\\\/#breadcrumblist\",\"itemListElement\":[{\"@type\":\"ListItem\",\"@id\":\"https:\\\/\\\/droix.eu\\\/ro\\\/#listItem\",\"position\":1,\"name\":\"Home\",\"item\":\"https:\\\/\\\/droix.eu\\\/ro\\\/\",\"nextItem\":{\"@type\":\"ListItem\",\"@id\":\"https:\\\/\\\/droix.eu\\\/ro\\\/product-category\\\/accesorii\\\/#listItem\",\"name\":\"Accesorii\"}},{\"@type\":\"ListItem\",\"@id\":\"https:\\\/\\\/droix.eu\\\/ro\\\/product-category\\\/accesorii\\\/#listItem\",\"position\":2,\"name\":\"Accesorii\",\"item\":\"https:\\\/\\\/droix.eu\\\/ro\\\/product-category\\\/accesorii\\\/\",\"nextItem\":{\"@type\":\"ListItem\",\"@id\":\"https:\\\/\\\/droix.eu\\\/ro\\\/product-category\\\/accesorii\\\/accesorii-pentru-jocuri\\\/#listItem\",\"name\":\"Accesorii pentru jocuri\"},\"previousItem\":{\"@type\":\"ListItem\",\"@id\":\"https:\\\/\\\/droix.eu\\\/ro\\\/#listItem\",\"name\":\"Home\"}},{\"@type\":\"ListItem\",\"@id\":\"https:\\\/\\\/droix.eu\\\/ro\\\/product-category\\\/accesorii\\\/accesorii-pentru-jocuri\\\/#listItem\",\"position\":3,\"name\":\"Accesorii pentru jocuri\",\"item\":\"https:\\\/\\\/droix.eu\\\/ro\\\/product-category\\\/accesorii\\\/accesorii-pentru-jocuri\\\/\",\"nextItem\":{\"@type\":\"ListItem\",\"@id\":\"https:\\\/\\\/droix.eu\\\/ro\\\/product\\\/cablu-usb-4-0-type-c\\\/#listItem\",\"name\":\"Cablu USB 4.0 Type-C\"},\"previousItem\":{\"@type\":\"ListItem\",\"@id\":\"https:\\\/\\\/droix.eu\\\/ro\\\/product-category\\\/accesorii\\\/#listItem\",\"name\":\"Accesorii\"}},{\"@type\":\"ListItem\",\"@id\":\"https:\\\/\\\/droix.eu\\\/ro\\\/product\\\/cablu-usb-4-0-type-c\\\/#listItem\",\"position\":4,\"name\":\"Cablu USB 4.0 Type-C\",\"previousItem\":{\"@type\":\"ListItem\",\"@id\":\"https:\\\/\\\/droix.eu\\\/ro\\\/product-category\\\/accesorii\\\/accesorii-pentru-jocuri\\\/#listItem\",\"name\":\"Accesorii pentru jocuri\"}}]},{\"@type\":\"Organization\",\"@id\":\"https:\\\/\\\/droix.eu\\\/ro\\\/#organization\",\"name\":\"DroiX \\u2013 Trusted EU Tech Retailer with 12+ Years Experience\",\"description\":\"DroiX is a leading European technology retailer with over 12 years of experience, offering quality mini PCs, handheld gaming consoles, and tech accessories. We provide hassle-free EU delivery with all taxes included, ensuring a smooth and reliable shopping experience for our customers across Europe.\",\"url\":\"https:\\\/\\\/droix.eu\\\/ro\\\/\",\"logo\":{\"@type\":\"ImageObject\",\"url\":\"https:\\\/\\\/droix.eu\\\/wp-content\\\/uploads\\\/2024\\\/06\\\/droix-v2-light-logo.png\",\"@id\":\"https:\\\/\\\/droix.eu\\\/ro\\\/product\\\/cablu-usb-4-0-type-c\\\/#organizationLogo\",\"width\":380,\"height\":118},\"image\":{\"@id\":\"https:\\\/\\\/droix.eu\\\/ro\\\/product\\\/cablu-usb-4-0-type-c\\\/#organizationLogo\"},\"sameAs\":[\"https:\\\/\\\/www.facebook.com\\\/DroiX.Store\",\"https:\\\/\\\/twitter.com\\\/DroiX_Store\",\"https:\\\/\\\/www.instagram.com\\\/droix.store\\\/\",\"https:\\\/\\\/www.tiktok.com\\\/@droix.store\",\"https:\\\/\\\/www.youtube.com\\\/c\\\/DroiX_Store\",\"https:\\\/\\\/uk.linkedin.com\\\/company\\\/droix\"]},{\"@type\":\"ProductGroup\",\"@id\":\"https:\\\/\\\/droix.eu\\\/ro\\\/product\\\/cablu-usb-4-0-type-c\\\/#wooCommerceProduct\",\"name\":\"Cablu USB 4.0 Type-C\",\"description\":\"Date 40Gbps - Transfer extrem de rapid pentru fi\\u0219iere masive.\\n  \\u00cenc\\u0103rcare 240W - PD 3.1 pentru laptopuri de \\u00eenalt\\u0103 performan\\u021b\\u0103.\\n  Video 8K60Hz - Suport pentru afi\\u0219aj Sharp 8K sau 4K dual.\\n  E-Marker Chip - Siguran\\u021b\\u0103 inteligent\\u0103 pentru furnizarea stabil\\u0103 a energiei.\\n  Construc\\u021bie \\u00eempletit\\u0103 - Nailon ranforsat \\u0219i carcas\\u0103 din aluminiu.\",\"url\":\"https:\\\/\\\/droix.eu\\\/ro\\\/product\\\/cablu-usb-4-0-type-c\\\/\",\"image\":{\"@type\":\"ImageObject\",\"url\":\"https:\\\/\\\/droix.eu\\\/wp-content\\\/uploads\\\/2026\\\/02\\\/DROIX-USB-4-CABLE-LISTING-DONE-01.png\",\"@id\":\"https:\\\/\\\/droix.eu\\\/ro\\\/product\\\/cablu-usb-4-0-type-c\\\/#productImage\",\"width\":1500,\"height\":1500},\"productGroupID\":709617,\"hasVariant\":[{\"@type\":\"Product\",\"@id\":\"https:\\\/\\\/droix.eu\\\/ro\\\/product\\\/cablu-usb-4-0-type-c\\\/#wooCommerceProduct\",\"name\":\"Cablu USB 4.0 Type-C - 2m\",\"description\":\"Date 40Gbps - Transfer extrem de rapid pentru fi\\u0219iere masive.\\n  \\u00cenc\\u0103rcare 240W - PD 3.1 pentru laptopuri de \\u00eenalt\\u0103 performan\\u021b\\u0103.\\n  Video 8K60Hz - Suport pentru afi\\u0219aj Sharp 8K sau 4K dual.\\n  E-Marker Chip - Siguran\\u021b\\u0103 inteligent\\u0103 pentru furnizarea stabil\\u0103 a energiei.\\n  Construc\\u021bie \\u00eempletit\\u0103 - Nailon ranforsat \\u0219i carcas\\u0103 din aluminiu.\",\"url\":\"https:\\\/\\\/droix.eu\\\/ro\\\/product\\\/cablu-usb-4-0-type-c\\\/\",\"sku\":\"DROIX-S-USB4-2\",\"gtin\":\"5061077633572\",\"image\":{\"@type\":\"ImageObject\",\"url\":\"https:\\\/\\\/droix.eu\\\/wp-content\\\/uploads\\\/2026\\\/02\\\/DROIX-USB-4-CABLE-LISTING-DONE-01.png\",\"@id\":\"https:\\\/\\\/droix.eu\\\/ro\\\/product\\\/cablu-usb-4-0-type-c\\\/#productImage\",\"width\":1500,\"height\":1500},\"offers\":{\"@type\":\"Offer\",\"url\":\"https:\\\/\\\/droix.eu\\\/ro\\\/product\\\/cablu-usb-4-0-type-c\\\/#wooCommerceOffer\",\"price\":\"9.95\",\"priceCurrency\":\"EUR\",\"category\":\"Accesorii\",\"availability\":\"https:\\\/\\\/schema.org\\\/InStock\",\"priceSpecification\":{\"@type\":\"PriceSpecification\",\"price\":9.95,\"priceCurrency\":\"EUR\",\"valueAddedTaxIncluded\":\"true\"}}},{\"@type\":\"Product\",\"@id\":\"https:\\\/\\\/droix.eu\\\/ro\\\/product\\\/cablu-usb-4-0-type-c\\\/#wooCommerceProduct\",\"name\":\"Cablu USB 4.0 Type-C - 1-5m\",\"description\":\"Date 40Gbps - Transfer extrem de rapid pentru fi\\u0219iere masive.\\n  \\u00cenc\\u0103rcare 240W - PD 3.1 pentru laptopuri de \\u00eenalt\\u0103 performan\\u021b\\u0103.\\n  Video 8K60Hz - Suport pentru afi\\u0219aj Sharp 8K sau 4K dual.\\n  E-Marker Chip - Siguran\\u021b\\u0103 inteligent\\u0103 pentru furnizarea stabil\\u0103 a energiei.\\n  Construc\\u021bie \\u00eempletit\\u0103 - Nailon ranforsat \\u0219i carcas\\u0103 din aluminiu.\",\"url\":\"https:\\\/\\\/droix.eu\\\/ro\\\/product\\\/cablu-usb-4-0-type-c\\\/\",\"sku\":\"DROIX-S-USB4-15\",\"gtin\":\"5061077633565\",\"image\":{\"@type\":\"ImageObject\",\"url\":\"https:\\\/\\\/droix.eu\\\/wp-content\\\/uploads\\\/2026\\\/02\\\/DROIX-USB-4-CABLE-LISTING-DONE-01.png\",\"@id\":\"https:\\\/\\\/droix.eu\\\/ro\\\/product\\\/cablu-usb-4-0-type-c\\\/#productImage\",\"width\":1500,\"height\":1500},\"offers\":{\"@type\":\"Offer\",\"url\":\"https:\\\/\\\/droix.eu\\\/ro\\\/product\\\/cablu-usb-4-0-type-c\\\/#wooCommerceOffer\",\"price\":\"7.95\",\"priceCurrency\":\"EUR\",\"category\":\"Accesorii\",\"availability\":\"https:\\\/\\\/schema.org\\\/InStock\",\"priceSpecification\":{\"@type\":\"PriceSpecification\",\"price\":7.95,\"priceCurrency\":\"EUR\",\"valueAddedTaxIncluded\":\"true\"}}}]},{\"@type\":\"WebPage\",\"@id\":\"https:\\\/\\\/droix.eu\\\/ro\\\/product\\\/cablu-usb-4-0-type-c\\\/#webpage\",\"url\":\"https:\\\/\\\/droix.eu\\\/ro\\\/product\\\/cablu-usb-4-0-type-c\\\/\",\"name\":\"\\u26a1 Cablu USB4 USB C: 240W Thunderbolt 4 \\u0219i vitez\\u0103 40Gbps \\ud83d\\ude80\",\"description\":\"Optimizeaz\\u0103-\\u021bi configura\\u021bia cu cel mai bun cablu USB4 USB C. \\u26a1 Experimenteaz\\u0103 \\u00eenc\\u0103rcare 240W PD 3.1, date 40Gbps \\u0219i video 8K60Hz pentru MacBook \\u0219i iPhone 15. Cump\\u0103ra\\u021bi acum! \\ud83d\\udcbb\\u2728\",\"inLanguage\":\"ro-RO\",\"isPartOf\":{\"@id\":\"https:\\\/\\\/droix.eu\\\/ro\\\/#website\"},\"breadcrumb\":{\"@id\":\"https:\\\/\\\/droix.eu\\\/ro\\\/product\\\/cablu-usb-4-0-type-c\\\/#breadcrumblist\"},\"image\":{\"@type\":\"ImageObject\",\"url\":\"https:\\\/\\\/droix.eu\\\/wp-content\\\/uploads\\\/2026\\\/02\\\/DROIX-USB-4-CABLE-LISTING-DONE-01.png\",\"@id\":\"https:\\\/\\\/droix.eu\\\/ro\\\/product\\\/cablu-usb-4-0-type-c\\\/#mainImage\",\"width\":1500,\"height\":1500},\"primaryImageOfPage\":{\"@id\":\"https:\\\/\\\/droix.eu\\\/ro\\\/product\\\/cablu-usb-4-0-type-c\\\/#mainImage\"},\"datePublished\":\"2026-02-16T11:50:42+00:00\",\"dateModified\":\"2026-02-16T11:50:42+00:00\"},{\"@type\":\"WebSite\",\"@id\":\"https:\\\/\\\/droix.eu\\\/ro\\\/#website\",\"url\":\"https:\\\/\\\/droix.eu\\\/ro\\\/\",\"name\":\"DROIX EU\",\"description\":\"Get the latest Mini PCs, Ultrabook, PC Gaming Handhelds and more!\",\"inLanguage\":\"ro-RO\",\"publisher\":{\"@id\":\"https:\\\/\\\/droix.eu\\\/ro\\\/#organization\"}}]}\n\t\t<\/script>\n\t\t<!-- All in One SEO Pro -->\r\n\t\t<title>\u26a1 Cablu USB4 USB C: 240W Thunderbolt 4 \u0219i vitez\u0103 40Gbps \ud83d\ude80<\/title>\n\n","aioseo_head_json":{"title":"\u26a1 Cablu USB4 USB C: 240W Thunderbolt 4 \u0219i vitez\u0103 40Gbps \ud83d\ude80","description":"Optimizeaz\u0103-\u021bi configura\u021bia cu cel mai bun cablu USB4 USB C. \u26a1 Experimenteaz\u0103 \u00eenc\u0103rcare 240W PD 3.1, date 40Gbps \u0219i video 8K60Hz pentru MacBook \u0219i iPhone 15. Cump\u0103ra\u021bi acum! \ud83d\udcbb\u2728","canonical_url":"https:\/\/droix.eu\/ro\/product\/cablu-usb-4-0-type-c\/","robots":"max-image-preview:large","keywords":"","webmasterTools":{"miscellaneous":""},"schema":{"@context":"https:\/\/schema.org","@graph":[{"@type":"BreadcrumbList","@id":"https:\/\/droix.eu\/ro\/product\/cablu-usb-4-0-type-c\/#breadcrumblist","itemListElement":[{"@type":"ListItem","@id":"https:\/\/droix.eu\/ro\/#listItem","position":1,"name":"Home","item":"https:\/\/droix.eu\/ro\/","nextItem":{"@type":"ListItem","@id":"https:\/\/droix.eu\/ro\/product-category\/accesorii\/#listItem","name":"Accesorii"}},{"@type":"ListItem","@id":"https:\/\/droix.eu\/ro\/product-category\/accesorii\/#listItem","position":2,"name":"Accesorii","item":"https:\/\/droix.eu\/ro\/product-category\/accesorii\/","nextItem":{"@type":"ListItem","@id":"https:\/\/droix.eu\/ro\/product-category\/accesorii\/accesorii-pentru-jocuri\/#listItem","name":"Accesorii pentru jocuri"},"previousItem":{"@type":"ListItem","@id":"https:\/\/droix.eu\/ro\/#listItem","name":"Home"}},{"@type":"ListItem","@id":"https:\/\/droix.eu\/ro\/product-category\/accesorii\/accesorii-pentru-jocuri\/#listItem","position":3,"name":"Accesorii pentru jocuri","item":"https:\/\/droix.eu\/ro\/product-category\/accesorii\/accesorii-pentru-jocuri\/","nextItem":{"@type":"ListItem","@id":"https:\/\/droix.eu\/ro\/product\/cablu-usb-4-0-type-c\/#listItem","name":"Cablu USB 4.0 Type-C"},"previousItem":{"@type":"ListItem","@id":"https:\/\/droix.eu\/ro\/product-category\/accesorii\/#listItem","name":"Accesorii"}},{"@type":"ListItem","@id":"https:\/\/droix.eu\/ro\/product\/cablu-usb-4-0-type-c\/#listItem","position":4,"name":"Cablu USB 4.0 Type-C","previousItem":{"@type":"ListItem","@id":"https:\/\/droix.eu\/ro\/product-category\/accesorii\/accesorii-pentru-jocuri\/#listItem","name":"Accesorii pentru jocuri"}}]},{"@type":"Organization","@id":"https:\/\/droix.eu\/ro\/#organization","name":"DroiX \u2013 Trusted EU Tech Retailer with 12+ Years Experience","description":"DroiX is a leading European technology retailer with over 12 years of experience, offering quality mini PCs, handheld gaming consoles, and tech accessories. We provide hassle-free EU delivery with all taxes included, ensuring a smooth and reliable shopping experience for our customers across Europe.","url":"https:\/\/droix.eu\/ro\/","logo":{"@type":"ImageObject","url":"https:\/\/droix.eu\/wp-content\/uploads\/2024\/06\/droix-v2-light-logo.png","@id":"https:\/\/droix.eu\/ro\/product\/cablu-usb-4-0-type-c\/#organizationLogo","width":380,"height":118},"image":{"@id":"https:\/\/droix.eu\/ro\/product\/cablu-usb-4-0-type-c\/#organizationLogo"},"sameAs":["https:\/\/www.facebook.com\/DroiX.Store","https:\/\/twitter.com\/DroiX_Store","https:\/\/www.instagram.com\/droix.store\/","https:\/\/www.tiktok.com\/@droix.store","https:\/\/www.youtube.com\/c\/DroiX_Store","https:\/\/uk.linkedin.com\/company\/droix"]},{"@type":"ProductGroup","@id":"https:\/\/droix.eu\/ro\/product\/cablu-usb-4-0-type-c\/#wooCommerceProduct","name":"Cablu USB 4.0 Type-C","description":"Date 40Gbps - Transfer extrem de rapid pentru fi\u0219iere masive.\n  \u00cenc\u0103rcare 240W - PD 3.1 pentru laptopuri de \u00eenalt\u0103 performan\u021b\u0103.\n  Video 8K60Hz - Suport pentru afi\u0219aj Sharp 8K sau 4K dual.\n  E-Marker Chip - Siguran\u021b\u0103 inteligent\u0103 pentru furnizarea stabil\u0103 a energiei.\n  Construc\u021bie \u00eempletit\u0103 - Nailon ranforsat \u0219i carcas\u0103 din aluminiu.","url":"https:\/\/droix.eu\/ro\/product\/cablu-usb-4-0-type-c\/","image":{"@type":"ImageObject","url":"https:\/\/droix.eu\/wp-content\/uploads\/2026\/02\/DROIX-USB-4-CABLE-LISTING-DONE-01.png","@id":"https:\/\/droix.eu\/ro\/product\/cablu-usb-4-0-type-c\/#productImage","width":1500,"height":1500},"productGroupID":709617,"hasVariant":[{"@type":"Product","@id":"https:\/\/droix.eu\/ro\/product\/cablu-usb-4-0-type-c\/#wooCommerceProduct","name":"Cablu USB 4.0 Type-C - 2m","description":"Date 40Gbps - Transfer extrem de rapid pentru fi\u0219iere masive.\n  \u00cenc\u0103rcare 240W - PD 3.1 pentru laptopuri de \u00eenalt\u0103 performan\u021b\u0103.\n  Video 8K60Hz - Suport pentru afi\u0219aj Sharp 8K sau 4K dual.\n  E-Marker Chip - Siguran\u021b\u0103 inteligent\u0103 pentru furnizarea stabil\u0103 a energiei.\n  Construc\u021bie \u00eempletit\u0103 - Nailon ranforsat \u0219i carcas\u0103 din aluminiu.","url":"https:\/\/droix.eu\/ro\/product\/cablu-usb-4-0-type-c\/","sku":"DROIX-S-USB4-2","gtin":"5061077633572","image":{"@type":"ImageObject","url":"https:\/\/droix.eu\/wp-content\/uploads\/2026\/02\/DROIX-USB-4-CABLE-LISTING-DONE-01.png","@id":"https:\/\/droix.eu\/ro\/product\/cablu-usb-4-0-type-c\/#productImage","width":1500,"height":1500},"offers":{"@type":"Offer","url":"https:\/\/droix.eu\/ro\/product\/cablu-usb-4-0-type-c\/#wooCommerceOffer","price":"9.95","priceCurrency":"EUR","category":"Accesorii","availability":"https:\/\/schema.org\/InStock","priceSpecification":{"@type":"PriceSpecification","price":9.95,"priceCurrency":"EUR","valueAddedTaxIncluded":"true"}}},{"@type":"Product","@id":"https:\/\/droix.eu\/ro\/product\/cablu-usb-4-0-type-c\/#wooCommerceProduct","name":"Cablu USB 4.0 Type-C - 1-5m","description":"Date 40Gbps - Transfer extrem de rapid pentru fi\u0219iere masive.\n  \u00cenc\u0103rcare 240W - PD 3.1 pentru laptopuri de \u00eenalt\u0103 performan\u021b\u0103.\n  Video 8K60Hz - Suport pentru afi\u0219aj Sharp 8K sau 4K dual.\n  E-Marker Chip - Siguran\u021b\u0103 inteligent\u0103 pentru furnizarea stabil\u0103 a energiei.\n  Construc\u021bie \u00eempletit\u0103 - Nailon ranforsat \u0219i carcas\u0103 din aluminiu.","url":"https:\/\/droix.eu\/ro\/product\/cablu-usb-4-0-type-c\/","sku":"DROIX-S-USB4-15","gtin":"5061077633565","image":{"@type":"ImageObject","url":"https:\/\/droix.eu\/wp-content\/uploads\/2026\/02\/DROIX-USB-4-CABLE-LISTING-DONE-01.png","@id":"https:\/\/droix.eu\/ro\/product\/cablu-usb-4-0-type-c\/#productImage","width":1500,"height":1500},"offers":{"@type":"Offer","url":"https:\/\/droix.eu\/ro\/product\/cablu-usb-4-0-type-c\/#wooCommerceOffer","price":"7.95","priceCurrency":"EUR","category":"Accesorii","availability":"https:\/\/schema.org\/InStock","priceSpecification":{"@type":"PriceSpecification","price":7.95,"priceCurrency":"EUR","valueAddedTaxIncluded":"true"}}}]},{"@type":"WebPage","@id":"https:\/\/droix.eu\/ro\/product\/cablu-usb-4-0-type-c\/#webpage","url":"https:\/\/droix.eu\/ro\/product\/cablu-usb-4-0-type-c\/","name":"\u26a1 Cablu USB4 USB C: 240W Thunderbolt 4 \u0219i vitez\u0103 40Gbps \ud83d\ude80","description":"Optimizeaz\u0103-\u021bi configura\u021bia cu cel mai bun cablu USB4 USB C. \u26a1 Experimenteaz\u0103 \u00eenc\u0103rcare 240W PD 3.1, date 40Gbps \u0219i video 8K60Hz pentru MacBook \u0219i iPhone 15. Cump\u0103ra\u021bi acum! \ud83d\udcbb\u2728","inLanguage":"ro-RO","isPartOf":{"@id":"https:\/\/droix.eu\/ro\/#website"},"breadcrumb":{"@id":"https:\/\/droix.eu\/ro\/product\/cablu-usb-4-0-type-c\/#breadcrumblist"},"image":{"@type":"ImageObject","url":"https:\/\/droix.eu\/wp-content\/uploads\/2026\/02\/DROIX-USB-4-CABLE-LISTING-DONE-01.png","@id":"https:\/\/droix.eu\/ro\/product\/cablu-usb-4-0-type-c\/#mainImage","width":1500,"height":1500},"primaryImageOfPage":{"@id":"https:\/\/droix.eu\/ro\/product\/cablu-usb-4-0-type-c\/#mainImage"},"datePublished":"2026-02-16T11:50:42+00:00","dateModified":"2026-02-16T11:50:42+00:00"},{"@type":"WebSite","@id":"https:\/\/droix.eu\/ro\/#website","url":"https:\/\/droix.eu\/ro\/","name":"DROIX EU","description":"Get the latest Mini PCs, Ultrabook, PC Gaming Handhelds and more!","inLanguage":"ro-RO","publisher":{"@id":"https:\/\/droix.eu\/ro\/#organization"}}]},"og:locale":"ro_RO","og:site_name":"DROIX EU - Get the latest Mini PCs, Ultrabook, PC Gaming Handhelds and more!","og:type":"article","og:title":"\u26a1 Cablu USB4 USB C: 240W Thunderbolt 4 \u0219i vitez\u0103 40Gbps \ud83d\ude80","og:description":"Optimizeaz\u0103-\u021bi configura\u021bia cu cel mai bun cablu USB4 USB C. \u26a1 Experimenteaz\u0103 \u00eenc\u0103rcare 240W PD 3.1, date 40Gbps \u0219i video 8K60Hz pentru MacBook \u0219i iPhone 15. Cump\u0103ra\u021bi acum! \ud83d\udcbb\u2728","og:url":"https:\/\/droix.eu\/ro\/product\/cablu-usb-4-0-type-c\/","og:image":"https:\/\/droix.eu\/wp-content\/uploads\/2024\/06\/droix-v2-light-logo.png","og:image:secure_url":"https:\/\/droix.eu\/wp-content\/uploads\/2024\/06\/droix-v2-light-logo.png","og:image:width":380,"og:image:height":118,"article:published_time":"2026-02-16T11:50:42+00:00","article:modified_time":"2026-02-16T11:50:42+00:00","article:publisher":"https:\/\/www.facebook.com\/DroiX.Store","twitter:card":"summary_large_image","twitter:site":"@DroiX_Store","twitter:title":"\u26a1 Cablu USB4 USB C: 240W Thunderbolt 4 \u0219i vitez\u0103 40Gbps \ud83d\ude80","twitter:description":"Optimizeaz\u0103-\u021bi configura\u021bia cu cel mai bun cablu USB4 USB C. \u26a1 Experimenteaz\u0103 \u00eenc\u0103rcare 240W PD 3.1, date 40Gbps \u0219i video 8K60Hz pentru MacBook \u0219i iPhone 15. Cump\u0103ra\u021bi acum! \ud83d\udcbb\u2728","twitter:image":"https:\/\/droix.eu\/wp-content\/uploads\/2024\/06\/droix-v2-light-logo.png"},"aioseo_meta_data":{"post_id":"709617","title":"\u26a1 Cablu USB4 USB C: 240W Thunderbolt 4 \u0219i vitez\u0103 40Gbps \ud83d\ude80","description":"Optimizeaz\u0103-\u021bi configura\u021bia cu cel mai bun cablu USB4 USB C. \u26a1 Experimenteaz\u0103 \u00eenc\u0103rcare 240W PD 3.1, date 40Gbps \u0219i video 8K60Hz pentru MacBook \u0219i iPhone 15. Cump\u0103ra\u021bi acum! \ud83d\udcbb\u2728","keywords":null,"keyphrases":{"focus":{"keyphrase":"","score":0,"analysis":{"keyphraseInTitle":{"score":0,"maxScore":9,"error":1}}},"additional":[]},"primary_term":{"product_cat":32},"canonical_url":null,"og_title":null,"og_description":null,"og_object_type":"default","og_image_type":"default","og_image_url":null,"og_image_width":null,"og_image_height":null,"og_image_custom_url":null,"og_image_custom_fields":null,"og_video":"","og_custom_url":null,"og_article_section":null,"og_article_tags":null,"twitter_use_og":true,"twitter_card":"default","twitter_image_type":"default","twitter_image_url":null,"twitter_image_custom_url":null,"twitter_image_custom_fields":null,"twitter_title":null,"twitter_description":null,"schema":{"blockGraphs":[],"customGraphs":[],"default":{"data":{"Article":[],"Course":[],"Dataset":[],"FAQPage":[],"Movie":[],"Person":[],"Product":[],"ProductReview":[],"Car":[],"Recipe":[],"Service":[],"SoftwareApplication":[],"WebPage":[]},"graphName":"Product","isEnabled":true},"graphs":[]},"schema_type":"default","schema_type_options":null,"pillar_content":false,"robots_default":true,"robots_noindex":false,"robots_noarchive":false,"robots_nosnippet":false,"robots_nofollow":false,"robots_noimageindex":false,"robots_noodp":false,"robots_notranslate":false,"robots_max_snippet":"-1","robots_max_videopreview":"-1","robots_max_imagepreview":"large","priority":null,"frequency":"default","local_seo":null,"seo_analyzer_scan_date":null,"breadcrumb_settings":null,"limit_modified_date":false,"reviewed_by":null,"open_ai":null,"ai":{"faqs":[],"keyPoints":[],"titles":[],"descriptions":[],"socialPosts":{"email":[],"linkedin":[],"twitter":[],"facebook":[],"instagram":[]}},"created":"2026-03-10 11:09:09","updated":"2026-03-10 11:09:13"},"aioseo_breadcrumb":"<div class=\"aioseo-breadcrumbs\"><span class=\"aioseo-breadcrumb\">\n\t<a href=\"https:\/\/droix.eu\/ro\/\" title=\"Home\">Home<\/a>\n<\/span><span class=\"aioseo-breadcrumb-separator\">&raquo;<\/span><span class=\"aioseo-breadcrumb\">\n\t<a href=\"https:\/\/droix.eu\/ro\/product-category\/accesorii\/\" title=\"Accesorii\">Accesorii<\/a>\n<\/span><span class=\"aioseo-breadcrumb-separator\">&raquo;<\/span><span class=\"aioseo-breadcrumb\">\n\t<a href=\"https:\/\/droix.eu\/ro\/product-category\/accesorii\/accesorii-pentru-jocuri\/\" title=\"Accesorii pentru jocuri\">Accesorii pentru jocuri<\/a>\n<\/span><span class=\"aioseo-breadcrumb-separator\">&raquo;<\/span><span class=\"aioseo-breadcrumb\">\n\tCablu USB 4.0 Type-C\n<\/span><\/div>","aioseo_breadcrumb_json":[{"label":"Home","link":"https:\/\/droix.eu\/ro\/"},{"label":"Accesorii","link":"https:\/\/droix.eu\/ro\/product-category\/accesorii\/"},{"label":"Accesorii pentru jocuri","link":"https:\/\/droix.eu\/ro\/product-category\/accesorii\/accesorii-pentru-jocuri\/"},{"label":"Cablu USB 4.0 Type-C","link":"https:\/\/droix.eu\/ro\/product\/cablu-usb-4-0-type-c\/"}],"_links":{"self":[{"href":"https:\/\/droix.eu\/ro\/wp-json\/wp\/v2\/product\/709617","targetHints":{"allow":["GET"]}}],"collection":[{"href":"https:\/\/droix.eu\/ro\/wp-json\/wp\/v2\/product"}],"about":[{"href":"https:\/\/droix.eu\/ro\/wp-json\/wp\/v2\/types\/product"}],"version-history":[{"count":0,"href":"https:\/\/droix.eu\/ro\/wp-json\/wp\/v2\/product\/709617\/revisions"}],"wp:featuredmedia":[{"embeddable":true,"href":"https:\/\/droix.eu\/ro\/wp-json\/wp\/v2\/media\/709623"}],"wp:attachment":[{"href":"https:\/\/droix.eu\/ro\/wp-json\/wp\/v2\/media?parent=709617"}],"wp:term":[{"taxonomy":"product_brand","embeddable":true,"href":"https:\/\/droix.eu\/ro\/wp-json\/wp\/v2\/product_brand?post=709617"},{"taxonomy":"product_cat","embeddable":true,"href":"https:\/\/droix.eu\/ro\/wp-json\/wp\/v2\/product_cat?post=709617"},{"taxonomy":"product_tag","embeddable":true,"href":"https:\/\/droix.eu\/ro\/wp-json\/wp\/v2\/product_tag?post=709617"},{"taxonomy":"woo-feed-brand","embeddable":true,"href":"https:\/\/droix.eu\/ro\/wp-json\/wp\/v2\/woo-feed-brand?post=709617"},{"taxonomy":"key-features","embeddable":true,"href":"https:\/\/droix.eu\/ro\/wp-json\/wp\/v2\/key-features?post=709617"}],"curies":[{"name":"wp","href":"https:\/\/api.w.org\/{rel}","templated":true}]}}