{"id":707023,"date":"2026-02-10T11:27:40","date_gmt":"2026-02-10T11:27:40","guid":{"rendered":"https:\/\/droix.eu\/product\/baterie-onexplayer-apex\/"},"modified":"2026-02-12T10:11:05","modified_gmt":"2026-02-12T10:11:05","slug":"baterie-onexplayer-apex","status":"publish","type":"product","link":"https:\/\/droix.eu\/ro\/product\/baterie-onexplayer-apex\/","title":{"rendered":"Baterie ONEXPLAYER APEX"},"content":{"rendered":"\n<h2 class=\"wp-block-heading\">Baterie ONEXPLAYER Apex: \u00cembun\u0103t\u0103\u021bi\u021bi-v\u0103 jocurile cu kitul de alimentare interschimbabil de 85Wh<\/h2>\n\n<p id=\"p-rc_b05a515aa78bffb9-171\">Bateria onexplayer apex este un accesoriu revolu\u021bionar conceput pentru a transforma modul \u00een care pasiona\u021bii de handheld \u00ee\u0219i gestioneaz\u0103 cerin\u021bele de alimentare \u00een timpul sesiunilor de joc prelungite. Aceast\u0103 unitate de mare capacitate de 85Wh ofer\u0103 o solu\u021bie de alimentare f\u0103r\u0103 \u00eentreruperi pentru OneXFly Apex, asigur\u00e2ndu-se c\u0103 utilizatorii nu trebuie s\u0103 se lege niciodat\u0103 de o priz\u0103 de perete \u00een mijlocul jocului. Deoarece livr\u0103rile sunt programate s\u0103 \u00eenceap\u0103 \u00een iunie 2026, aceast\u0103 actualizare reprezint\u0103 viitorul rezisten\u021bei jocurilor portabile.  <\/p>\n\n<h2 class=\"wp-block-heading\">De ce bateria OneXFly Apex este o schimbare a jocului pentru portabilitate<\/h2>\n\n<p id=\"p-rc_b05a515aa78bffb9-172\">Puterea pentru c\u0103l\u0103torii este filozofia principal\u0103 din spatele bateriei onexfly apex. Deoarece jocurile \u00een mi\u0219care duc adesea la anxietatea bateriei, acest sistem interschimbabil a fost dezvoltat pentru a oferi o u\u0219urare instantanee. Designul snap-on permite o conexiune rapid\u0103 \u0219i f\u0103r\u0103 efort, ceea ce \u00eenseamn\u0103 c\u0103 v\u0103 pute\u021bi dubla timpul de joc f\u0103r\u0103 a fi nevoie s\u0103 reporni\u021bi sistemul.  <\/p>\n\n<h2 class=\"wp-block-heading\">Specifica\u021bii tehnice \u0219i design Snap-On<\/h2>\n\n<p id=\"p-rc_b05a515aa78bffb9-173\">Proiectat\u0103 cu o capacitate impresionant\u0103 de 85Wh, bateria OneXFly Apex ofer\u0103 una dintre cele mai mari densit\u0103\u021bi de energie disponibile pentru perifericele portabile.<sup><\/sup>  Fiecare unitate este \u00eenso\u021bit\u0103 de un cablu dedicat de conectare a bateriei la dispozitiv pentru a asigura un flux de energie stabil \u0219i eficient. \u00cen consecin\u021b\u0103, hardware-ul r\u0103m\u00e2ne sub\u021bire, \u00een timp ce bateria furnizeaz\u0103 energia grea necesar\u0103 pentru titlurile AAA. <\/p>\n\n<h2 class=\"wp-block-heading\">Asigurarea performan\u021bei de v\u00e2rf cu bateria ONEXPLAYER Apex<\/h2>\n\n<p>Optimizarea experien\u021bei dvs. handheld este simplificat\u0103 prin aceast\u0103 tehnologie de \u00eenlocuire instantanee. \u00cen timp ce bateriile interne se degradeaz\u0103 \u00een cele din urm\u0103, existen\u021ba unei baterii apex ONEXPLAYER interschimbabile asigur\u0103 faptul c\u0103 dispozitivul dvs. r\u0103m\u00e2ne func\u021bional pentru anii urm\u0103tori. Conexiunea este asigurat\u0103 prin intermediul unui mecanism robust de fixare, care a fost testat riguros pentru durabilitate \u0219i u\u0219urin\u021b\u0103 \u00een utilizare \u00een timpul c\u0103l\u0103toriilor.  <\/p>\n\n<h2 class=\"wp-block-heading\">Asigura\u021bi-v\u0103 echipamentul \u0219i verifica\u021bi pre\u021bul bateriei Apex<\/h2>\n\n<p>Cererea pentru acest accesoriu de \u00eenalt\u0103 performan\u021b\u0103 este de a\u0219teptat s\u0103 fie semnificativ\u0103 pe m\u0103sur\u0103 ce ne apropiem de fereastra de lansare din iunie 2026. Verific\u00e2nd pre\u021bul actual al bateriei apex \u0219i plas\u00e2nd o precomand\u0103 pe magazinul nostru, garanta\u021bi c\u0103 unitatea dvs. este rezervat\u0103 din primul lot de produc\u021bie. Nu risca\u021bi s\u0103 rata\u021bi acest upgrade esen\u021bial; vizita\u021bi pagina noastr\u0103 de produse ast\u0103zi pentru a afla mai multe \u0219i asigura\u021bi-v\u0103 bateria OneXFly Apex pentru a v\u0103 asigura c\u0103 sesiunile dvs. de jocuri nu trebuie s\u0103 se \u00eencheie niciodat\u0103 mai devreme!  <\/p>\n","protected":false},"excerpt":{"rendered":"<ul>\n<li><strong>Capacitate de 85Wh:<\/strong> Ofer\u0103 timp de joc portabil prelungit, de mare putere.<\/li>\n<li><strong>Capacitate nominal\u0103 de 5519mAh:<\/strong> Asigur\u0103 o utilizare fiabil\u0103 \u0219i de lung\u0103 durat\u0103 \u00een mi\u0219care.<\/li>\n<li><strong>Design modular:<\/strong> Mecanism de ata\u0219are rapid\u0103 pentru \u00eenlocuire \u0219i \u00eendep\u0103rtare u\u0219oar\u0103.<\/li>\n<li><strong>Putere de \u00eenalt\u0103 tensiune:<\/strong> Construit pentru a sus\u021bine puternicul APU al ONEXFLY APEX.<\/li>\n<li><strong>Accesoriu oficial ONEXPLAYER:<\/strong> Garanteaz\u0103 potrivire perfect\u0103, compatibilitate \u0219i siguran\u021b\u0103.<\/li>\n<\/ul>\n<pre><b>Articol la precomand\u0103<\/b>\n<ul>\n<li>Data de lansare ETA: 26 iunie 2026<\/li><\/pre>\n<\/ul>\n[droix_global_accordions]\n[cg_accordion title=\"Pachetul include\"]<\/p>\n<ul>\n<li>1x ONEXPLAYER APEX Baterie<\/li>\n<\/ul>\n<p>[\/cg_accordion]\n","protected":false},"featured_media":707024,"template":"","meta":{"_acf_changed":false},"product_brand":[],"product_cat":[13343,13344],"product_tag":[],"woo-feed-brand":[2199],"key-features":[],"class_list":{"0":"post-707023","1":"product","2":"type-product","3":"status-publish","4":"has-post-thumbnail","6":"product_cat-accesorii","7":"product_cat-accesorii-pentru-jocuri","8":"product_shipping_class-low-end","9":"pa_accessory-type-add-ons","10":"pa_brands-onexplayer-ro","11":"pa_compatibility-onexplayer-onexfly-apex","12":"woo-feed-brand-onexplayer","14":"first","15":"onbackorder","16":"taxable","17":"shipping-taxable","18":"purchasable","19":"product-type-variable","20":"has-default-attributes"},"acf":[],"aioseo_notices":[],"_links":{"self":[{"href":"https:\/\/droix.eu\/ro\/wp-json\/wp\/v2\/product\/707023","targetHints":{"allow":["GET"]}}],"collection":[{"href":"https:\/\/droix.eu\/ro\/wp-json\/wp\/v2\/product"}],"about":[{"href":"https:\/\/droix.eu\/ro\/wp-json\/wp\/v2\/types\/product"}],"version-history":[{"count":0,"href":"https:\/\/droix.eu\/ro\/wp-json\/wp\/v2\/product\/707023\/revisions"}],"wp:featuredmedia":[{"embeddable":true,"href":"https:\/\/droix.eu\/ro\/wp-json\/wp\/v2\/media\/707024"}],"wp:attachment":[{"href":"https:\/\/droix.eu\/ro\/wp-json\/wp\/v2\/media?parent=707023"}],"wp:term":[{"taxonomy":"product_brand","embeddable":true,"href":"https:\/\/droix.eu\/ro\/wp-json\/wp\/v2\/product_brand?post=707023"},{"taxonomy":"product_cat","embeddable":true,"href":"https:\/\/droix.eu\/ro\/wp-json\/wp\/v2\/product_cat?post=707023"},{"taxonomy":"product_tag","embeddable":true,"href":"https:\/\/droix.eu\/ro\/wp-json\/wp\/v2\/product_tag?post=707023"},{"taxonomy":"woo-feed-brand","embeddable":true,"href":"https:\/\/droix.eu\/ro\/wp-json\/wp\/v2\/woo-feed-brand?post=707023"},{"taxonomy":"key-features","embeddable":true,"href":"https:\/\/droix.eu\/ro\/wp-json\/wp\/v2\/key-features?post=707023"}],"curies":[{"name":"wp","href":"https:\/\/api.w.org\/{rel}","templated":true}]}}