{"id":658330,"date":"2025-06-17T15:49:05","date_gmt":"2025-06-17T14:49:05","guid":{"rendered":"https:\/\/droix.eu\/product\/onexplayer-oculink-cable\/"},"modified":"2026-04-08T10:56:54","modified_gmt":"2026-04-08T09:56:54","slug":"onexplayer-oculink-cable","status":"publish","type":"product","link":"https:\/\/droix.eu\/ro\/product\/onexplayer-oculink-cable\/","title":{"rendered":"ONEXPLAYER Cablu OCuLink"},"content":{"rendered":"\n<h3 class=\"wp-block-heading\"><strong>Prezent\u0103m ONEXPLAYER OCuLink: \u00cembun\u0103t\u0103\u021birea configura\u021biei dvs.<\/strong><\/h3>\n\n<p>Creat pentru a completa ONEXPLAYER ONEXGPU. Proiectat meticulos cu materiale premium, cablul ONEXPLAYER OCuLink este conceput pentru a rezista uzurii zilnice \u0219i pentru a v\u0103 oferi un avantaj.<\/p>\n\n<p><\/p>\n","protected":false},"excerpt":{"rendered":"<ul>\n<li>Cablu OCuLink <strong>oficial<\/strong> ONEXPLAYER<\/li>\n<li>Compatibil cu <strong>ONEXPLAYER ONEXGPU \/ X1<\/strong><\/li>\n<li>Mai rapid dec\u00e2t <strong>USB 4.0 Type-C<\/strong><\/li>\n<li>Cablu \u00eempletit de \u00eenalt\u0103 calitate<\/li>\n<li>Cablu de 1M lungime<\/li>\n<\/ul>\n[droix_global_accordions]\n[cg_accordion title=\"Pachetul include\"]<\/p>\n<ul>\n<li>1x cablu OCuLink ONEXPLAYER<\/li>\n<\/ul>\n<p>[\/cg_accordion]\n","protected":false},"featured_media":647938,"template":"","meta":{"_acf_changed":false},"product_brand":[],"product_cat":[13343,13344],"product_tag":[],"woo-feed-brand":[2199],"key-features":[],"class_list":{"0":"post-658330","1":"product","2":"type-product","3":"status-publish","4":"has-post-thumbnail","6":"product_cat-accesorii","7":"product_cat-accesorii-pentru-jocuri","8":"product_shipping_class-low-end","9":"pa_accessory-type-cable","10":"pa_brands-onexplayer-ro","11":"woo-feed-brand-onexplayer","13":"first","14":"instock","15":"sale","16":"taxable","17":"shipping-taxable","18":"purchasable","19":"product-type-simple"},"acf":[],"aioseo_notices":[],"aioseo_head":"\n\t\t<!-- All in One SEO Pro 4.9.5.2 - aioseo.com -->\n\t<meta name=\"description\" content=\"Cablu OCuLink oficial ONEXPLAYER Compatibil cu ONEXPLAYER ONEXGPU \/ X1 Mai rapid dec\u00e2t USB 4.0 Type-C Cablu \u00eempletit de \u00eenalt\u0103 calitate Cablu de 1M lungime Pachetul include 1x cablu OCuLink ONEXPLAYER\" \/>\n\t<meta name=\"robots\" content=\"max-image-preview:large\" \/>\n\t<link rel=\"canonical\" href=\"https:\/\/droix.eu\/ro\/product\/onexplayer-oculink-cable\/\" \/>\n\t<meta name=\"generator\" content=\"All in One SEO Pro (AIOSEO) 4.9.5.2\" \/>\n\t\t<meta property=\"og:locale\" content=\"ro_RO\" \/>\n\t\t<meta property=\"og:site_name\" content=\"DROIX EU - Get the latest Mini PCs, Ultrabook, PC Gaming Handhelds and more!\" \/>\n\t\t<meta property=\"og:type\" content=\"article\" \/>\n\t\t<meta property=\"og:title\" content=\"ONEXPLAYER Cablu OCuLink - DROIX EU\" \/>\n\t\t<meta property=\"og:description\" content=\"Cablu OCuLink oficial ONEXPLAYER Compatibil cu ONEXPLAYER ONEXGPU \/ X1 Mai rapid dec\u00e2t USB 4.0 Type-C Cablu \u00eempletit de \u00eenalt\u0103 calitate Cablu de 1M lungime Pachetul include 1x cablu OCuLink ONEXPLAYER\" \/>\n\t\t<meta property=\"og:url\" content=\"https:\/\/droix.eu\/ro\/product\/onexplayer-oculink-cable\/\" \/>\n\t\t<meta property=\"og:image\" content=\"https:\/\/droix.eu\/wp-content\/uploads\/2024\/06\/droix-v2-light-logo.png\" \/>\n\t\t<meta property=\"og:image:secure_url\" content=\"https:\/\/droix.eu\/wp-content\/uploads\/2024\/06\/droix-v2-light-logo.png\" \/>\n\t\t<meta property=\"og:image:width\" content=\"380\" \/>\n\t\t<meta property=\"og:image:height\" content=\"118\" \/>\n\t\t<meta property=\"article:published_time\" content=\"2025-06-17T14:49:05+00:00\" \/>\n\t\t<meta property=\"article:modified_time\" content=\"2026-04-08T09:56:54+00:00\" \/>\n\t\t<meta property=\"article:publisher\" content=\"https:\/\/www.facebook.com\/DroiX.Store\" \/>\n\t\t<meta name=\"twitter:card\" content=\"summary_large_image\" \/>\n\t\t<meta name=\"twitter:site\" content=\"@DroiX_Store\" \/>\n\t\t<meta name=\"twitter:title\" content=\"ONEXPLAYER Cablu OCuLink - DROIX EU\" \/>\n\t\t<meta name=\"twitter:description\" content=\"Cablu OCuLink oficial ONEXPLAYER Compatibil cu ONEXPLAYER ONEXGPU \/ X1 Mai rapid dec\u00e2t USB 4.0 Type-C Cablu \u00eempletit de \u00eenalt\u0103 calitate Cablu de 1M lungime Pachetul include 1x cablu OCuLink ONEXPLAYER\" \/>\n\t\t<meta name=\"twitter:image\" content=\"https:\/\/droix.eu\/wp-content\/uploads\/2024\/06\/droix-v2-light-logo.png\" \/>\n\t\t<script type=\"application\/ld+json\" class=\"aioseo-schema\">\n\t\t\t{\"@context\":\"https:\\\/\\\/schema.org\",\"@graph\":[{\"@type\":\"BreadcrumbList\",\"@id\":\"https:\\\/\\\/droix.eu\\\/ro\\\/product\\\/onexplayer-oculink-cable\\\/#breadcrumblist\",\"itemListElement\":[{\"@type\":\"ListItem\",\"@id\":\"https:\\\/\\\/droix.eu\\\/ro\\\/#listItem\",\"position\":1,\"name\":\"Home\",\"item\":\"https:\\\/\\\/droix.eu\\\/ro\\\/\",\"nextItem\":{\"@type\":\"ListItem\",\"@id\":\"https:\\\/\\\/droix.eu\\\/ro\\\/product-category\\\/accesorii\\\/#listItem\",\"name\":\"Accesorii\"}},{\"@type\":\"ListItem\",\"@id\":\"https:\\\/\\\/droix.eu\\\/ro\\\/product-category\\\/accesorii\\\/#listItem\",\"position\":2,\"name\":\"Accesorii\",\"item\":\"https:\\\/\\\/droix.eu\\\/ro\\\/product-category\\\/accesorii\\\/\",\"nextItem\":{\"@type\":\"ListItem\",\"@id\":\"https:\\\/\\\/droix.eu\\\/ro\\\/product-category\\\/accesorii\\\/accesorii-pentru-jocuri\\\/#listItem\",\"name\":\"Accesorii pentru jocuri\"},\"previousItem\":{\"@type\":\"ListItem\",\"@id\":\"https:\\\/\\\/droix.eu\\\/ro\\\/#listItem\",\"name\":\"Home\"}},{\"@type\":\"ListItem\",\"@id\":\"https:\\\/\\\/droix.eu\\\/ro\\\/product-category\\\/accesorii\\\/accesorii-pentru-jocuri\\\/#listItem\",\"position\":3,\"name\":\"Accesorii pentru jocuri\",\"item\":\"https:\\\/\\\/droix.eu\\\/ro\\\/product-category\\\/accesorii\\\/accesorii-pentru-jocuri\\\/\",\"nextItem\":{\"@type\":\"ListItem\",\"@id\":\"https:\\\/\\\/droix.eu\\\/ro\\\/product\\\/onexplayer-oculink-cable\\\/#listItem\",\"name\":\"ONEXPLAYER Cablu OCuLink\"},\"previousItem\":{\"@type\":\"ListItem\",\"@id\":\"https:\\\/\\\/droix.eu\\\/ro\\\/product-category\\\/accesorii\\\/#listItem\",\"name\":\"Accesorii\"}},{\"@type\":\"ListItem\",\"@id\":\"https:\\\/\\\/droix.eu\\\/ro\\\/product\\\/onexplayer-oculink-cable\\\/#listItem\",\"position\":4,\"name\":\"ONEXPLAYER Cablu OCuLink\",\"previousItem\":{\"@type\":\"ListItem\",\"@id\":\"https:\\\/\\\/droix.eu\\\/ro\\\/product-category\\\/accesorii\\\/accesorii-pentru-jocuri\\\/#listItem\",\"name\":\"Accesorii pentru jocuri\"}}]},{\"@type\":\"Organization\",\"@id\":\"https:\\\/\\\/droix.eu\\\/ro\\\/#organization\",\"name\":\"DroiX \\u2013 Trusted EU Tech Retailer with 12+ Years Experience\",\"description\":\"DroiX is a leading European technology retailer with over 12 years of experience, offering quality mini PCs, handheld gaming consoles, and tech accessories. We provide hassle-free EU delivery with all taxes included, ensuring a smooth and reliable shopping experience for our customers across Europe.\",\"url\":\"https:\\\/\\\/droix.eu\\\/ro\\\/\",\"logo\":{\"@type\":\"ImageObject\",\"url\":\"https:\\\/\\\/droix.eu\\\/wp-content\\\/uploads\\\/2024\\\/06\\\/droix-v2-light-logo.png\",\"@id\":\"https:\\\/\\\/droix.eu\\\/ro\\\/product\\\/onexplayer-oculink-cable\\\/#organizationLogo\",\"width\":380,\"height\":118},\"image\":{\"@id\":\"https:\\\/\\\/droix.eu\\\/ro\\\/product\\\/onexplayer-oculink-cable\\\/#organizationLogo\"},\"sameAs\":[\"https:\\\/\\\/www.facebook.com\\\/DroiX.Store\",\"https:\\\/\\\/twitter.com\\\/DroiX_Store\",\"https:\\\/\\\/www.instagram.com\\\/droix.store\\\/\",\"https:\\\/\\\/www.tiktok.com\\\/@droix.store\",\"https:\\\/\\\/www.youtube.com\\\/c\\\/DroiX_Store\",\"https:\\\/\\\/uk.linkedin.com\\\/company\\\/droix\"]},{\"@type\":\"Product\",\"@id\":\"https:\\\/\\\/droix.eu\\\/ro\\\/product\\\/onexplayer-oculink-cable\\\/#wooCommerceProduct\",\"name\":\"ONEXPLAYER Cablu OCuLink\",\"description\":\"Cablu OCuLink oficial ONEXPLAYER\\n  Compatibil cu ONEXPLAYER ONEXGPU \\\/ X1\\n  Mai rapid dec\\u00e2t USB 4.0 Type-C\\n  Cablu \\u00eempletit de \\u00eenalt\\u0103 calitate\\n  Cablu de 1M lungime\",\"url\":\"https:\\\/\\\/droix.eu\\\/ro\\\/product\\\/onexplayer-oculink-cable\\\/\",\"sku\":\"ONEXPLAYER-OCULINK-CABLE\",\"gtin\":\"5060763678439\",\"image\":{\"@type\":\"ImageObject\",\"url\":\"https:\\\/\\\/droix.eu\\\/wp-content\\\/uploads\\\/2025\\\/06\\\/ONEXPLAYER-OCULINK-CABLE-DONE-01.png\",\"@id\":\"https:\\\/\\\/droix.eu\\\/ro\\\/product\\\/onexplayer-oculink-cable\\\/#productImage\",\"width\":1500,\"height\":1500,\"caption\":\"Imagine prezent\\u00e2nd cablul ONEXPLAYER OCuLink cu un design \\u00eempletit durabil \\u0219i conectori la ambele capete. Mai jos, exist\\u0103 o sec\\u021biune de compatibilitate care afi\\u0219eaz\\u0103 dispozitivele acceptate, inclusiv GPD WIN 4 (2024 &amp; 2025), GPD WIN MAX 2 (2024 &amp; 2025), GPD DUO, ONEXPLAYER X1\\\/X1 Mini \\u0219i MINISFORUM UM780XTX, \\u00eempreun\\u0103 cu o not\\u0103 care men\\u021bioneaz\\u0103 compatibilitatea cu dispozitive suplimentare care dispun de porturi OCuLink\\\/M.2 NVMe\"},\"offers\":{\"@type\":\"Offer\",\"url\":\"https:\\\/\\\/droix.eu\\\/ro\\\/product\\\/onexplayer-oculink-cable\\\/#wooCommerceOffer\",\"price\":24.54,\"priceCurrency\":\"EUR\",\"category\":\"Accesorii\",\"availability\":\"https:\\\/\\\/schema.org\\\/InStock\",\"priceSpecification\":{\"@type\":\"PriceSpecification\",\"price\":24.54,\"priceCurrency\":\"EUR\",\"valueAddedTaxIncluded\":\"true\"},\"seller\":{\"@type\":\"Organization\",\"@id\":\"https:\\\/\\\/droix.eu\\\/ro\\\/#organization\"}}},{\"@type\":\"WebPage\",\"@id\":\"https:\\\/\\\/droix.eu\\\/ro\\\/product\\\/onexplayer-oculink-cable\\\/#webpage\",\"url\":\"https:\\\/\\\/droix.eu\\\/ro\\\/product\\\/onexplayer-oculink-cable\\\/\",\"name\":\"ONEXPLAYER Cablu OCuLink - DROIX EU\",\"description\":\"Cablu OCuLink oficial ONEXPLAYER Compatibil cu ONEXPLAYER ONEXGPU \\\/ X1 Mai rapid dec\\u00e2t USB 4.0 Type-C Cablu \\u00eempletit de \\u00eenalt\\u0103 calitate Cablu de 1M lungime Pachetul include 1x cablu OCuLink ONEXPLAYER\",\"inLanguage\":\"ro-RO\",\"isPartOf\":{\"@id\":\"https:\\\/\\\/droix.eu\\\/ro\\\/#website\"},\"breadcrumb\":{\"@id\":\"https:\\\/\\\/droix.eu\\\/ro\\\/product\\\/onexplayer-oculink-cable\\\/#breadcrumblist\"},\"image\":{\"@type\":\"ImageObject\",\"url\":\"https:\\\/\\\/droix.eu\\\/wp-content\\\/uploads\\\/2025\\\/06\\\/ONEXPLAYER-OCULINK-CABLE-DONE-01.png\",\"@id\":\"https:\\\/\\\/droix.eu\\\/ro\\\/product\\\/onexplayer-oculink-cable\\\/#mainImage\",\"width\":1500,\"height\":1500,\"caption\":\"Imagine prezent\\u00e2nd cablul ONEXPLAYER OCuLink cu un design \\u00eempletit durabil \\u0219i conectori la ambele capete. Mai jos, exist\\u0103 o sec\\u021biune de compatibilitate care afi\\u0219eaz\\u0103 dispozitivele acceptate, inclusiv GPD WIN 4 (2024 &amp; 2025), GPD WIN MAX 2 (2024 &amp; 2025), GPD DUO, ONEXPLAYER X1\\\/X1 Mini \\u0219i MINISFORUM UM780XTX, \\u00eempreun\\u0103 cu o not\\u0103 care men\\u021bioneaz\\u0103 compatibilitatea cu dispozitive suplimentare care dispun de porturi OCuLink\\\/M.2 NVMe\"},\"primaryImageOfPage\":{\"@id\":\"https:\\\/\\\/droix.eu\\\/ro\\\/product\\\/onexplayer-oculink-cable\\\/#mainImage\"},\"datePublished\":\"2025-06-17T15:49:05+01:00\",\"dateModified\":\"2026-04-08T10:56:54+01:00\"},{\"@type\":\"WebSite\",\"@id\":\"https:\\\/\\\/droix.eu\\\/ro\\\/#website\",\"url\":\"https:\\\/\\\/droix.eu\\\/ro\\\/\",\"name\":\"DROIX EU\",\"description\":\"Get the latest Mini PCs, Ultrabook, PC Gaming Handhelds and more!\",\"inLanguage\":\"ro-RO\",\"publisher\":{\"@id\":\"https:\\\/\\\/droix.eu\\\/ro\\\/#organization\"}}]}\n\t\t<\/script>\n\t\t<!-- All in One SEO Pro -->\r\n\t\t<title>ONEXPLAYER Cablu OCuLink - DROIX EU<\/title>\n\n","aioseo_head_json":{"title":"ONEXPLAYER Cablu OCuLink - DROIX EU","description":"Cablu OCuLink oficial ONEXPLAYER Compatibil cu ONEXPLAYER ONEXGPU \/ X1 Mai rapid dec\u00e2t USB 4.0 Type-C Cablu \u00eempletit de \u00eenalt\u0103 calitate Cablu de 1M lungime Pachetul include 1x cablu OCuLink ONEXPLAYER","canonical_url":"https:\/\/droix.eu\/ro\/product\/onexplayer-oculink-cable\/","robots":"max-image-preview:large","keywords":"","webmasterTools":{"miscellaneous":""},"schema":{"@context":"https:\/\/schema.org","@graph":[{"@type":"BreadcrumbList","@id":"https:\/\/droix.eu\/ro\/product\/onexplayer-oculink-cable\/#breadcrumblist","itemListElement":[{"@type":"ListItem","@id":"https:\/\/droix.eu\/ro\/#listItem","position":1,"name":"Home","item":"https:\/\/droix.eu\/ro\/","nextItem":{"@type":"ListItem","@id":"https:\/\/droix.eu\/ro\/product-category\/accesorii\/#listItem","name":"Accesorii"}},{"@type":"ListItem","@id":"https:\/\/droix.eu\/ro\/product-category\/accesorii\/#listItem","position":2,"name":"Accesorii","item":"https:\/\/droix.eu\/ro\/product-category\/accesorii\/","nextItem":{"@type":"ListItem","@id":"https:\/\/droix.eu\/ro\/product-category\/accesorii\/accesorii-pentru-jocuri\/#listItem","name":"Accesorii pentru jocuri"},"previousItem":{"@type":"ListItem","@id":"https:\/\/droix.eu\/ro\/#listItem","name":"Home"}},{"@type":"ListItem","@id":"https:\/\/droix.eu\/ro\/product-category\/accesorii\/accesorii-pentru-jocuri\/#listItem","position":3,"name":"Accesorii pentru jocuri","item":"https:\/\/droix.eu\/ro\/product-category\/accesorii\/accesorii-pentru-jocuri\/","nextItem":{"@type":"ListItem","@id":"https:\/\/droix.eu\/ro\/product\/onexplayer-oculink-cable\/#listItem","name":"ONEXPLAYER Cablu OCuLink"},"previousItem":{"@type":"ListItem","@id":"https:\/\/droix.eu\/ro\/product-category\/accesorii\/#listItem","name":"Accesorii"}},{"@type":"ListItem","@id":"https:\/\/droix.eu\/ro\/product\/onexplayer-oculink-cable\/#listItem","position":4,"name":"ONEXPLAYER Cablu OCuLink","previousItem":{"@type":"ListItem","@id":"https:\/\/droix.eu\/ro\/product-category\/accesorii\/accesorii-pentru-jocuri\/#listItem","name":"Accesorii pentru jocuri"}}]},{"@type":"Organization","@id":"https:\/\/droix.eu\/ro\/#organization","name":"DroiX \u2013 Trusted EU Tech Retailer with 12+ Years Experience","description":"DroiX is a leading European technology retailer with over 12 years of experience, offering quality mini PCs, handheld gaming consoles, and tech accessories. We provide hassle-free EU delivery with all taxes included, ensuring a smooth and reliable shopping experience for our customers across Europe.","url":"https:\/\/droix.eu\/ro\/","logo":{"@type":"ImageObject","url":"https:\/\/droix.eu\/wp-content\/uploads\/2024\/06\/droix-v2-light-logo.png","@id":"https:\/\/droix.eu\/ro\/product\/onexplayer-oculink-cable\/#organizationLogo","width":380,"height":118},"image":{"@id":"https:\/\/droix.eu\/ro\/product\/onexplayer-oculink-cable\/#organizationLogo"},"sameAs":["https:\/\/www.facebook.com\/DroiX.Store","https:\/\/twitter.com\/DroiX_Store","https:\/\/www.instagram.com\/droix.store\/","https:\/\/www.tiktok.com\/@droix.store","https:\/\/www.youtube.com\/c\/DroiX_Store","https:\/\/uk.linkedin.com\/company\/droix"]},{"@type":"Product","@id":"https:\/\/droix.eu\/ro\/product\/onexplayer-oculink-cable\/#wooCommerceProduct","name":"ONEXPLAYER Cablu OCuLink","description":"Cablu OCuLink oficial ONEXPLAYER\n  Compatibil cu ONEXPLAYER ONEXGPU \/ X1\n  Mai rapid dec\u00e2t USB 4.0 Type-C\n  Cablu \u00eempletit de \u00eenalt\u0103 calitate\n  Cablu de 1M lungime","url":"https:\/\/droix.eu\/ro\/product\/onexplayer-oculink-cable\/","sku":"ONEXPLAYER-OCULINK-CABLE","gtin":"5060763678439","image":{"@type":"ImageObject","url":"https:\/\/droix.eu\/wp-content\/uploads\/2025\/06\/ONEXPLAYER-OCULINK-CABLE-DONE-01.png","@id":"https:\/\/droix.eu\/ro\/product\/onexplayer-oculink-cable\/#productImage","width":1500,"height":1500,"caption":"Imagine prezent\u00e2nd cablul ONEXPLAYER OCuLink cu un design \u00eempletit durabil \u0219i conectori la ambele capete. Mai jos, exist\u0103 o sec\u021biune de compatibilitate care afi\u0219eaz\u0103 dispozitivele acceptate, inclusiv GPD WIN 4 (2024 &amp; 2025), GPD WIN MAX 2 (2024 &amp; 2025), GPD DUO, ONEXPLAYER X1\/X1 Mini \u0219i MINISFORUM UM780XTX, \u00eempreun\u0103 cu o not\u0103 care men\u021bioneaz\u0103 compatibilitatea cu dispozitive suplimentare care dispun de porturi OCuLink\/M.2 NVMe"},"offers":{"@type":"Offer","url":"https:\/\/droix.eu\/ro\/product\/onexplayer-oculink-cable\/#wooCommerceOffer","price":24.54,"priceCurrency":"EUR","category":"Accesorii","availability":"https:\/\/schema.org\/InStock","priceSpecification":{"@type":"PriceSpecification","price":24.54,"priceCurrency":"EUR","valueAddedTaxIncluded":"true"},"seller":{"@type":"Organization","@id":"https:\/\/droix.eu\/ro\/#organization"}}},{"@type":"WebPage","@id":"https:\/\/droix.eu\/ro\/product\/onexplayer-oculink-cable\/#webpage","url":"https:\/\/droix.eu\/ro\/product\/onexplayer-oculink-cable\/","name":"ONEXPLAYER Cablu OCuLink - DROIX EU","description":"Cablu OCuLink oficial ONEXPLAYER Compatibil cu ONEXPLAYER ONEXGPU \/ X1 Mai rapid dec\u00e2t USB 4.0 Type-C Cablu \u00eempletit de \u00eenalt\u0103 calitate Cablu de 1M lungime Pachetul include 1x cablu OCuLink ONEXPLAYER","inLanguage":"ro-RO","isPartOf":{"@id":"https:\/\/droix.eu\/ro\/#website"},"breadcrumb":{"@id":"https:\/\/droix.eu\/ro\/product\/onexplayer-oculink-cable\/#breadcrumblist"},"image":{"@type":"ImageObject","url":"https:\/\/droix.eu\/wp-content\/uploads\/2025\/06\/ONEXPLAYER-OCULINK-CABLE-DONE-01.png","@id":"https:\/\/droix.eu\/ro\/product\/onexplayer-oculink-cable\/#mainImage","width":1500,"height":1500,"caption":"Imagine prezent\u00e2nd cablul ONEXPLAYER OCuLink cu un design \u00eempletit durabil \u0219i conectori la ambele capete. Mai jos, exist\u0103 o sec\u021biune de compatibilitate care afi\u0219eaz\u0103 dispozitivele acceptate, inclusiv GPD WIN 4 (2024 &amp; 2025), GPD WIN MAX 2 (2024 &amp; 2025), GPD DUO, ONEXPLAYER X1\/X1 Mini \u0219i MINISFORUM UM780XTX, \u00eempreun\u0103 cu o not\u0103 care men\u021bioneaz\u0103 compatibilitatea cu dispozitive suplimentare care dispun de porturi OCuLink\/M.2 NVMe"},"primaryImageOfPage":{"@id":"https:\/\/droix.eu\/ro\/product\/onexplayer-oculink-cable\/#mainImage"},"datePublished":"2025-06-17T15:49:05+01:00","dateModified":"2026-04-08T10:56:54+01:00"},{"@type":"WebSite","@id":"https:\/\/droix.eu\/ro\/#website","url":"https:\/\/droix.eu\/ro\/","name":"DROIX EU","description":"Get the latest Mini PCs, Ultrabook, PC Gaming Handhelds and more!","inLanguage":"ro-RO","publisher":{"@id":"https:\/\/droix.eu\/ro\/#organization"}}]},"og:locale":"ro_RO","og:site_name":"DROIX EU - Get the latest Mini PCs, Ultrabook, PC Gaming Handhelds and more!","og:type":"article","og:title":"ONEXPLAYER Cablu OCuLink - DROIX EU","og:description":"Cablu OCuLink oficial ONEXPLAYER Compatibil cu ONEXPLAYER ONEXGPU \/ X1 Mai rapid dec\u00e2t USB 4.0 Type-C Cablu \u00eempletit de \u00eenalt\u0103 calitate Cablu de 1M lungime Pachetul include 1x cablu OCuLink ONEXPLAYER","og:url":"https:\/\/droix.eu\/ro\/product\/onexplayer-oculink-cable\/","og:image":"https:\/\/droix.eu\/wp-content\/uploads\/2024\/06\/droix-v2-light-logo.png","og:image:secure_url":"https:\/\/droix.eu\/wp-content\/uploads\/2024\/06\/droix-v2-light-logo.png","og:image:width":380,"og:image:height":118,"article:published_time":"2025-06-17T14:49:05+00:00","article:modified_time":"2026-04-08T09:56:54+00:00","article:publisher":"https:\/\/www.facebook.com\/DroiX.Store","twitter:card":"summary_large_image","twitter:site":"@DroiX_Store","twitter:title":"ONEXPLAYER Cablu OCuLink - DROIX EU","twitter:description":"Cablu OCuLink oficial ONEXPLAYER Compatibil cu ONEXPLAYER ONEXGPU \/ X1 Mai rapid dec\u00e2t USB 4.0 Type-C Cablu \u00eempletit de \u00eenalt\u0103 calitate Cablu de 1M lungime Pachetul include 1x cablu OCuLink ONEXPLAYER","twitter:image":"https:\/\/droix.eu\/wp-content\/uploads\/2024\/06\/droix-v2-light-logo.png"},"aioseo_meta_data":{"post_id":"658330","title":null,"description":null,"keywords":null,"keyphrases":null,"primary_term":null,"canonical_url":null,"og_title":null,"og_description":null,"og_object_type":"default","og_image_type":"default","og_image_url":null,"og_image_width":null,"og_image_height":null,"og_image_custom_url":null,"og_image_custom_fields":null,"og_video":null,"og_custom_url":null,"og_article_section":null,"og_article_tags":null,"twitter_use_og":true,"twitter_card":"default","twitter_image_type":"default","twitter_image_url":null,"twitter_image_custom_url":null,"twitter_image_custom_fields":null,"twitter_title":null,"twitter_description":null,"schema":{"blockGraphs":[],"customGraphs":[],"default":{"data":{"Article":[],"Course":[],"Dataset":[],"FAQPage":[],"Movie":[],"Person":[],"Product":[],"ProductReview":[],"Car":[],"Recipe":[],"Service":[],"SoftwareApplication":[],"WebPage":[]},"graphName":"Product","isEnabled":true},"graphs":[]},"schema_type":"default","schema_type_options":null,"pillar_content":false,"robots_default":true,"robots_noindex":false,"robots_noarchive":false,"robots_nosnippet":false,"robots_nofollow":false,"robots_noimageindex":false,"robots_noodp":false,"robots_notranslate":false,"robots_max_snippet":null,"robots_max_videopreview":null,"robots_max_imagepreview":"large","priority":null,"frequency":null,"local_seo":null,"seo_analyzer_scan_date":null,"breadcrumb_settings":null,"limit_modified_date":false,"reviewed_by":null,"open_ai":null,"ai":null,"created":"2025-10-09 11:13:20","updated":"2026-04-08 16:04:53"},"aioseo_breadcrumb":"<div class=\"aioseo-breadcrumbs\"><span class=\"aioseo-breadcrumb\">\n\t<a href=\"https:\/\/droix.eu\/ro\/\" title=\"Home\">Home<\/a>\n<\/span><span class=\"aioseo-breadcrumb-separator\">&raquo;<\/span><span class=\"aioseo-breadcrumb\">\n\t<a href=\"https:\/\/droix.eu\/ro\/product-category\/accesorii\/\" title=\"Accesorii\">Accesorii<\/a>\n<\/span><span class=\"aioseo-breadcrumb-separator\">&raquo;<\/span><span class=\"aioseo-breadcrumb\">\n\t<a href=\"https:\/\/droix.eu\/ro\/product-category\/accesorii\/accesorii-pentru-jocuri\/\" title=\"Accesorii pentru jocuri\">Accesorii pentru jocuri<\/a>\n<\/span><span class=\"aioseo-breadcrumb-separator\">&raquo;<\/span><span class=\"aioseo-breadcrumb\">\n\tONEXPLAYER Cablu OCuLink\n<\/span><\/div>","aioseo_breadcrumb_json":[{"label":"Home","link":"https:\/\/droix.eu\/ro\/"},{"label":"Accesorii","link":"https:\/\/droix.eu\/ro\/product-category\/accesorii\/"},{"label":"Accesorii pentru jocuri","link":"https:\/\/droix.eu\/ro\/product-category\/accesorii\/accesorii-pentru-jocuri\/"},{"label":"ONEXPLAYER Cablu OCuLink","link":"https:\/\/droix.eu\/ro\/product\/onexplayer-oculink-cable\/"}],"_links":{"self":[{"href":"https:\/\/droix.eu\/ro\/wp-json\/wp\/v2\/product\/658330","targetHints":{"allow":["GET"]}}],"collection":[{"href":"https:\/\/droix.eu\/ro\/wp-json\/wp\/v2\/product"}],"about":[{"href":"https:\/\/droix.eu\/ro\/wp-json\/wp\/v2\/types\/product"}],"version-history":[{"count":0,"href":"https:\/\/droix.eu\/ro\/wp-json\/wp\/v2\/product\/658330\/revisions"}],"wp:featuredmedia":[{"embeddable":true,"href":"https:\/\/droix.eu\/ro\/wp-json\/wp\/v2\/media\/647938"}],"wp:attachment":[{"href":"https:\/\/droix.eu\/ro\/wp-json\/wp\/v2\/media?parent=658330"}],"wp:term":[{"taxonomy":"product_brand","embeddable":true,"href":"https:\/\/droix.eu\/ro\/wp-json\/wp\/v2\/product_brand?post=658330"},{"taxonomy":"product_cat","embeddable":true,"href":"https:\/\/droix.eu\/ro\/wp-json\/wp\/v2\/product_cat?post=658330"},{"taxonomy":"product_tag","embeddable":true,"href":"https:\/\/droix.eu\/ro\/wp-json\/wp\/v2\/product_tag?post=658330"},{"taxonomy":"woo-feed-brand","embeddable":true,"href":"https:\/\/droix.eu\/ro\/wp-json\/wp\/v2\/woo-feed-brand?post=658330"},{"taxonomy":"key-features","embeddable":true,"href":"https:\/\/droix.eu\/ro\/wp-json\/wp\/v2\/key-features?post=658330"}],"curies":[{"name":"wp","href":"https:\/\/api.w.org\/{rel}","templated":true}]}}