{"id":564965,"date":"2020-11-20T10:02:39","date_gmt":"2020-11-20T10:02:39","guid":{"rendered":"https:\/\/droix.eu\/product\/hub-fx8s-usb-de-tip-c\/"},"modified":"2025-09-05T14:59:48","modified_gmt":"2025-09-05T13:59:48","slug":"hub-fx8s-usb-de-tip-c","status":"publish","type":"product","link":"https:\/\/droix.eu\/ro\/product\/hub-fx8s-usb-de-tip-c\/","title":{"rendered":"Hub FX8S USB de tip C"},"content":{"rendered":"<p><strong>Adaptorul<\/strong> FX8s <strong>USB-C Hub 8-in-1<\/strong> reune\u0219te porturile necesare \u00een mod obi\u0219nuit \u00eentr-un singur <strong>hub USB-C<\/strong> compact \u0219i de \u00eenalt\u0103 performan\u021b\u0103.<\/p>\n<p><strong>Hub-ul<\/strong> FX8s <strong>USB-C<\/strong> se conecteaz\u0103 la portul dvs. USB Type-C \u0219i este, de asemenea, compatibil cu <a href=\"https:\/\/www.pocket-lint.com\/laptops\/news\/139323-thunderbolt-3-explained-the-one-port-to-rule-them-all\">Thunderbolt 3<\/a>. Acesta ofer\u0103 o poart\u0103 de mare vitez\u0103 de la dispozitivul dvs., cum ar fi un PC sau un laptop, la hub \u0219i permite, de asemenea, \u00eenc\u0103rcarea \u00een timpul utiliz\u0103rii. <\/p>\n<p>Portul <strong>HDMI al hub-ului USB-C<\/strong> suport\u0103 p\u00e2n\u0103 la <strong>4K*2K UHD<\/strong> (3840&#215;2160) la 60Hz pentru conectarea la dispozitive de afi\u0219are precum televizoare, monitoare sau proiectoare. Pur \u0219i simplu conecta\u021bi un cablu HDMI la hub \u0219i la ecranul dvs. \u0219i sunte\u021bi gata de plecare. <\/p>\n<p>Dou\u0103 <strong>porturi USB 3.0<\/strong> super-rapide sunt amplasate pe lateral \u0219i permit conectarea unor dispozitive precum un mouse sau o tastatur\u0103 sau periferice de mare vitez\u0103 precum stick-uri de memorie USB \u0219i hard disk-uri externe. Acestea furnizeaz\u0103 o putere maxim\u0103 de p\u00e2n\u0103 la 4,5W. <\/p>\n<p><strong>Portul USB Type-C<\/strong> de sex feminin accept\u0103 adaptoare de alimentare de p\u00e2n\u0103 la 87W \u0219i, de asemenea, poate emite 20v la 3A. Func\u021bionalitatea dubl\u0103 v\u0103 permite s\u0103 v\u0103 \u00eenc\u0103rca\u021bi dispozitivul prin hub \u00een timp ce \u00eel utiliza\u021bi, aceasta fiind o solu\u021bie perfect\u0103 dac\u0103 dispozitivul dvs. are un singur port Type-C. De asemenea, pute\u021bi conecta <a href=\"https:\/\/www.computerworld.com\/article\/2488194\/usb-c-explained-how-to-get-the-most-from-it-and-why-its-great.html\">periferice Type-C<\/a> compatibile la hub prin intermediul acestui port.  <\/p>\n<p>\u00cen prezent, multe dispozitive portabile au doar conectivitate wireless \u0219i adesea aceasta nu este suficient de rapid\u0103 sau fiabil\u0103. Portul RJ45 <strong>ethernet al hub-ului USB-C<\/strong> accept\u0103 p\u00e2n\u0103 la 100 Mbps pentru un transfer de date prin cablu rapid \u0219i stabil. <\/p>\n<p>Hub-ul FX8s are, de asemenea, un <strong>cititor de carduri<\/strong> SD \u0219i Micro SD <strong>USB-C<\/strong>, care asigur\u0103 o scriere \u0219i citire de mare vitez\u0103 \u0219i fiabil\u0103 a cardurilor c\u0103tre \u0219i de pe dispozitivul dvs.<\/p>\n","protected":false},"excerpt":{"rendered":"<ul>\n<li>Adaptor USB tip C <strong>de mare vitez\u0103<\/strong> <\/li>\n<li>Ie\u0219ire HDMI <strong>4K<\/strong> <\/li>\n<li>RJ45 Port Ethernet <strong>100M\/s<\/strong> <\/li>\n<li>Slot pentru card SD\/MicroSD<\/li>\n<li>Compatibil cu <strong>Windows<\/strong><strong>, Mac<\/strong> \u0219i <strong>Android<\/strong><\/li>\n<\/ul>\n[droix_global_accordions]\n[cg_accordion title=\"Package Includes\"]<\/p>\n<ul>\n<li>1x FX8S Hub USB de tip C<\/li>\n<\/ul>\n<p>[\/cg_accordion]\n","protected":false},"featured_media":221132,"template":"","meta":{"_acf_changed":false},"product_brand":[],"product_cat":[13343,16911,13344,13384],"product_tag":[],"woo-feed-brand":[],"key-features":[],"class_list":{"0":"post-564965","1":"product","2":"type-product","3":"status-publish","4":"has-post-thumbnail","6":"product_cat-accesorii","7":"product_cat-accesorii-pentru-calculatoare","8":"product_cat-accesorii-pentru-jocuri","9":"product_cat-accesorii-pentru-laptop","10":"product_shipping_class-low-end","11":"pa_accessory-type-docking-station","12":"pa_brands-droix-ro","14":"first","15":"outofstock","16":"taxable","17":"shipping-taxable","18":"purchasable","19":"product-type-simple"},"acf":[],"aioseo_notices":[],"aioseo_head":"\n\t\t<!-- All in One SEO Pro 4.9.6.2 - aioseo.com -->\n\t<meta name=\"description\" content=\"Adaptor USB tip C de mare vitez\u0103 Ie\u0219ire HDMI 4K RJ45 Port Ethernet 100M\/s Slot pentru card SD\/MicroSD Compatibil cu Windows, Mac \u0219i Android Package Includes 1x FX8S Hub USB de tip C\" \/>\n\t<meta name=\"robots\" content=\"max-image-preview:large\" \/>\n\t<link rel=\"canonical\" href=\"https:\/\/droix.eu\/ro\/product\/hub-fx8s-usb-de-tip-c\/\" \/>\n\t<meta name=\"generator\" content=\"All in One SEO Pro (AIOSEO) 4.9.6.2\" \/>\n\t\t<meta property=\"og:locale\" content=\"ro_RO\" \/>\n\t\t<meta property=\"og:site_name\" content=\"DROIX EU - Get the latest Mini PCs, Ultrabook, PC Gaming Handhelds and more!\" \/>\n\t\t<meta property=\"og:type\" content=\"article\" \/>\n\t\t<meta property=\"og:title\" content=\"Hub FX8S USB de tip C - DROIX EU\" \/>\n\t\t<meta property=\"og:description\" content=\"Adaptor USB tip C de mare vitez\u0103 Ie\u0219ire HDMI 4K RJ45 Port Ethernet 100M\/s Slot pentru card SD\/MicroSD Compatibil cu Windows, Mac \u0219i Android Package Includes 1x FX8S Hub USB de tip C\" \/>\n\t\t<meta property=\"og:url\" content=\"https:\/\/droix.eu\/ro\/product\/hub-fx8s-usb-de-tip-c\/\" \/>\n\t\t<meta property=\"og:image\" content=\"https:\/\/droix.eu\/wp-content\/uploads\/2024\/06\/droix-v2-light-logo.png\" \/>\n\t\t<meta property=\"og:image:secure_url\" content=\"https:\/\/droix.eu\/wp-content\/uploads\/2024\/06\/droix-v2-light-logo.png\" \/>\n\t\t<meta property=\"og:image:width\" content=\"380\" \/>\n\t\t<meta property=\"og:image:height\" content=\"118\" \/>\n\t\t<meta property=\"article:published_time\" content=\"2020-11-20T10:02:39+00:00\" \/>\n\t\t<meta property=\"article:modified_time\" content=\"2025-09-05T13:59:48+00:00\" \/>\n\t\t<meta property=\"article:publisher\" content=\"https:\/\/www.facebook.com\/DroiX.Store\" \/>\n\t\t<meta name=\"twitter:card\" content=\"summary_large_image\" \/>\n\t\t<meta name=\"twitter:site\" content=\"@DroiX_Store\" \/>\n\t\t<meta name=\"twitter:title\" content=\"Hub FX8S USB de tip C - DROIX EU\" \/>\n\t\t<meta name=\"twitter:description\" content=\"Adaptor USB tip C de mare vitez\u0103 Ie\u0219ire HDMI 4K RJ45 Port Ethernet 100M\/s Slot pentru card SD\/MicroSD Compatibil cu Windows, Mac \u0219i Android Package Includes 1x FX8S Hub USB de tip C\" \/>\n\t\t<meta name=\"twitter:image\" content=\"https:\/\/droix.eu\/wp-content\/uploads\/2024\/06\/droix-v2-light-logo.png\" \/>\n\t\t<script type=\"application\/ld+json\" class=\"aioseo-schema\">\n\t\t\t{\"@context\":\"https:\\\/\\\/schema.org\",\"@graph\":[{\"@type\":\"BreadcrumbList\",\"@id\":\"https:\\\/\\\/droix.eu\\\/ro\\\/product\\\/hub-fx8s-usb-de-tip-c\\\/#breadcrumblist\",\"itemListElement\":[{\"@type\":\"ListItem\",\"@id\":\"https:\\\/\\\/droix.eu\\\/ro\\\/#listItem\",\"position\":1,\"name\":\"Home\",\"item\":\"https:\\\/\\\/droix.eu\\\/ro\\\/\",\"nextItem\":{\"@type\":\"ListItem\",\"@id\":\"https:\\\/\\\/droix.eu\\\/ro\\\/product-category\\\/accesorii\\\/#listItem\",\"name\":\"Accesorii\"}},{\"@type\":\"ListItem\",\"@id\":\"https:\\\/\\\/droix.eu\\\/ro\\\/product-category\\\/accesorii\\\/#listItem\",\"position\":2,\"name\":\"Accesorii\",\"item\":\"https:\\\/\\\/droix.eu\\\/ro\\\/product-category\\\/accesorii\\\/\",\"nextItem\":{\"@type\":\"ListItem\",\"@id\":\"https:\\\/\\\/droix.eu\\\/ro\\\/product-category\\\/accesorii\\\/accesorii-pentru-jocuri\\\/#listItem\",\"name\":\"Accesorii pentru jocuri\"},\"previousItem\":{\"@type\":\"ListItem\",\"@id\":\"https:\\\/\\\/droix.eu\\\/ro\\\/#listItem\",\"name\":\"Home\"}},{\"@type\":\"ListItem\",\"@id\":\"https:\\\/\\\/droix.eu\\\/ro\\\/product-category\\\/accesorii\\\/accesorii-pentru-jocuri\\\/#listItem\",\"position\":3,\"name\":\"Accesorii pentru jocuri\",\"item\":\"https:\\\/\\\/droix.eu\\\/ro\\\/product-category\\\/accesorii\\\/accesorii-pentru-jocuri\\\/\",\"nextItem\":{\"@type\":\"ListItem\",\"@id\":\"https:\\\/\\\/droix.eu\\\/ro\\\/product\\\/hub-fx8s-usb-de-tip-c\\\/#listItem\",\"name\":\"Hub FX8S USB de tip C\"},\"previousItem\":{\"@type\":\"ListItem\",\"@id\":\"https:\\\/\\\/droix.eu\\\/ro\\\/product-category\\\/accesorii\\\/#listItem\",\"name\":\"Accesorii\"}},{\"@type\":\"ListItem\",\"@id\":\"https:\\\/\\\/droix.eu\\\/ro\\\/product\\\/hub-fx8s-usb-de-tip-c\\\/#listItem\",\"position\":4,\"name\":\"Hub FX8S USB de tip C\",\"previousItem\":{\"@type\":\"ListItem\",\"@id\":\"https:\\\/\\\/droix.eu\\\/ro\\\/product-category\\\/accesorii\\\/accesorii-pentru-jocuri\\\/#listItem\",\"name\":\"Accesorii pentru jocuri\"}}]},{\"@type\":\"Organization\",\"@id\":\"https:\\\/\\\/droix.eu\\\/ro\\\/#organization\",\"name\":\"DroiX \\u2013 Trusted EU Tech Retailer with 12+ Years Experience\",\"description\":\"DroiX is a leading European technology retailer with over 12 years of experience, offering quality mini PCs, handheld gaming consoles, and tech accessories. We provide hassle-free EU delivery with all taxes included, ensuring a smooth and reliable shopping experience for our customers across Europe.\",\"url\":\"https:\\\/\\\/droix.eu\\\/ro\\\/\",\"logo\":{\"@type\":\"ImageObject\",\"url\":\"https:\\\/\\\/droix.eu\\\/wp-content\\\/uploads\\\/2024\\\/06\\\/droix-v2-light-logo.png\",\"@id\":\"https:\\\/\\\/droix.eu\\\/ro\\\/product\\\/hub-fx8s-usb-de-tip-c\\\/#organizationLogo\",\"width\":380,\"height\":118},\"image\":{\"@id\":\"https:\\\/\\\/droix.eu\\\/ro\\\/product\\\/hub-fx8s-usb-de-tip-c\\\/#organizationLogo\"},\"sameAs\":[\"https:\\\/\\\/www.facebook.com\\\/DroiX.Store\",\"https:\\\/\\\/twitter.com\\\/DroiX_Store\",\"https:\\\/\\\/www.instagram.com\\\/droix.store\\\/\",\"https:\\\/\\\/www.tiktok.com\\\/@droix.store\",\"https:\\\/\\\/www.youtube.com\\\/c\\\/DroiX_Store\",\"https:\\\/\\\/uk.linkedin.com\\\/company\\\/droix\"]},{\"@type\":\"Product\",\"@id\":\"https:\\\/\\\/droix.eu\\\/ro\\\/product\\\/hub-fx8s-usb-de-tip-c\\\/#wooCommerceProduct\",\"name\":\"Hub FX8S USB de tip C\",\"description\":\"Adaptor USB tip C de mare vitez\\u0103 \\n \\tIe\\u0219ire HDMI 4K \\n \\tRJ45 Port Ethernet 100M\\\/s \\n \\tSlot pentru card SD\\\/MicroSD\\n \\tCompatibil cu Windows, Mac \\u0219i Android\",\"url\":\"https:\\\/\\\/droix.eu\\\/ro\\\/product\\\/hub-fx8s-usb-de-tip-c\\\/\",\"sku\":\"DX-FX8-S-USB-TYPE-C-ADAPTER\",\"image\":{\"@type\":\"ImageObject\",\"url\":\"https:\\\/\\\/droix.eu\\\/wp-content\\\/uploads\\\/2021\\\/12\\\/1-2.png\",\"@id\":\"https:\\\/\\\/droix.eu\\\/ro\\\/product\\\/hub-fx8s-usb-de-tip-c\\\/#productImage\",\"width\":670,\"height\":840,\"caption\":\"DroiX FX8s - Afi\\u0219eaz\\u0103 2 porturi USB Type-C, 1 HDMI, 2 USB Type-A, 1 card SD \\u0219i 1 port MicroSD\"},\"offers\":{\"@type\":\"Offer\",\"url\":\"https:\\\/\\\/droix.eu\\\/ro\\\/product\\\/hub-fx8s-usb-de-tip-c\\\/#wooCommerceOffer\",\"price\":33.2,\"priceCurrency\":\"EUR\",\"category\":\"Accesorii\",\"priceValidUntil\":\"2024-05-26\",\"availability\":\"https:\\\/\\\/schema.org\\\/OutOfStock\",\"priceSpecification\":{\"@type\":\"PriceSpecification\",\"price\":33.2,\"priceCurrency\":\"EUR\",\"valueAddedTaxIncluded\":\"true\"},\"seller\":{\"@type\":\"Organization\",\"@id\":\"https:\\\/\\\/droix.eu\\\/ro\\\/#organization\"}}},{\"@type\":\"WebPage\",\"@id\":\"https:\\\/\\\/droix.eu\\\/ro\\\/product\\\/hub-fx8s-usb-de-tip-c\\\/#webpage\",\"url\":\"https:\\\/\\\/droix.eu\\\/ro\\\/product\\\/hub-fx8s-usb-de-tip-c\\\/\",\"name\":\"Hub FX8S USB de tip C - DROIX EU\",\"description\":\"Adaptor USB tip C de mare vitez\\u0103 Ie\\u0219ire HDMI 4K RJ45 Port Ethernet 100M\\\/s Slot pentru card SD\\\/MicroSD Compatibil cu Windows, Mac \\u0219i Android Package Includes 1x FX8S Hub USB de tip C\",\"inLanguage\":\"ro-RO\",\"isPartOf\":{\"@id\":\"https:\\\/\\\/droix.eu\\\/ro\\\/#website\"},\"breadcrumb\":{\"@id\":\"https:\\\/\\\/droix.eu\\\/ro\\\/product\\\/hub-fx8s-usb-de-tip-c\\\/#breadcrumblist\"},\"image\":{\"@type\":\"ImageObject\",\"url\":\"https:\\\/\\\/droix.eu\\\/wp-content\\\/uploads\\\/2021\\\/12\\\/1-2.png\",\"@id\":\"https:\\\/\\\/droix.eu\\\/ro\\\/product\\\/hub-fx8s-usb-de-tip-c\\\/#mainImage\",\"width\":670,\"height\":840,\"caption\":\"DroiX FX8s - Afi\\u0219eaz\\u0103 2 porturi USB Type-C, 1 HDMI, 2 USB Type-A, 1 card SD \\u0219i 1 port MicroSD\"},\"primaryImageOfPage\":{\"@id\":\"https:\\\/\\\/droix.eu\\\/ro\\\/product\\\/hub-fx8s-usb-de-tip-c\\\/#mainImage\"},\"datePublished\":\"2020-11-20T10:02:39+00:00\",\"dateModified\":\"2025-09-05T14:59:48+01:00\"},{\"@type\":\"WebSite\",\"@id\":\"https:\\\/\\\/droix.eu\\\/ro\\\/#website\",\"url\":\"https:\\\/\\\/droix.eu\\\/ro\\\/\",\"name\":\"DROIX EU\",\"description\":\"Get the latest Mini PCs, Ultrabook, PC Gaming Handhelds and more!\",\"inLanguage\":\"ro-RO\",\"publisher\":{\"@id\":\"https:\\\/\\\/droix.eu\\\/ro\\\/#organization\"}}]}\n\t\t<\/script>\n\t\t<!-- All in One SEO Pro -->\r\n\t\t<title>Hub FX8S USB de tip C - DROIX EU<\/title>\n\n","aioseo_head_json":{"title":"Hub FX8S USB de tip C - DROIX EU","description":"Adaptor USB tip C de mare vitez\u0103 Ie\u0219ire HDMI 4K RJ45 Port Ethernet 100M\/s Slot pentru card SD\/MicroSD Compatibil cu Windows, Mac \u0219i Android Package Includes 1x FX8S Hub USB de tip C","canonical_url":"https:\/\/droix.eu\/ro\/product\/hub-fx8s-usb-de-tip-c\/","robots":"max-image-preview:large","keywords":"","webmasterTools":{"miscellaneous":""},"schema":{"@context":"https:\/\/schema.org","@graph":[{"@type":"BreadcrumbList","@id":"https:\/\/droix.eu\/ro\/product\/hub-fx8s-usb-de-tip-c\/#breadcrumblist","itemListElement":[{"@type":"ListItem","@id":"https:\/\/droix.eu\/ro\/#listItem","position":1,"name":"Home","item":"https:\/\/droix.eu\/ro\/","nextItem":{"@type":"ListItem","@id":"https:\/\/droix.eu\/ro\/product-category\/accesorii\/#listItem","name":"Accesorii"}},{"@type":"ListItem","@id":"https:\/\/droix.eu\/ro\/product-category\/accesorii\/#listItem","position":2,"name":"Accesorii","item":"https:\/\/droix.eu\/ro\/product-category\/accesorii\/","nextItem":{"@type":"ListItem","@id":"https:\/\/droix.eu\/ro\/product-category\/accesorii\/accesorii-pentru-jocuri\/#listItem","name":"Accesorii pentru jocuri"},"previousItem":{"@type":"ListItem","@id":"https:\/\/droix.eu\/ro\/#listItem","name":"Home"}},{"@type":"ListItem","@id":"https:\/\/droix.eu\/ro\/product-category\/accesorii\/accesorii-pentru-jocuri\/#listItem","position":3,"name":"Accesorii pentru jocuri","item":"https:\/\/droix.eu\/ro\/product-category\/accesorii\/accesorii-pentru-jocuri\/","nextItem":{"@type":"ListItem","@id":"https:\/\/droix.eu\/ro\/product\/hub-fx8s-usb-de-tip-c\/#listItem","name":"Hub FX8S USB de tip C"},"previousItem":{"@type":"ListItem","@id":"https:\/\/droix.eu\/ro\/product-category\/accesorii\/#listItem","name":"Accesorii"}},{"@type":"ListItem","@id":"https:\/\/droix.eu\/ro\/product\/hub-fx8s-usb-de-tip-c\/#listItem","position":4,"name":"Hub FX8S USB de tip C","previousItem":{"@type":"ListItem","@id":"https:\/\/droix.eu\/ro\/product-category\/accesorii\/accesorii-pentru-jocuri\/#listItem","name":"Accesorii pentru jocuri"}}]},{"@type":"Organization","@id":"https:\/\/droix.eu\/ro\/#organization","name":"DroiX \u2013 Trusted EU Tech Retailer with 12+ Years Experience","description":"DroiX is a leading European technology retailer with over 12 years of experience, offering quality mini PCs, handheld gaming consoles, and tech accessories. We provide hassle-free EU delivery with all taxes included, ensuring a smooth and reliable shopping experience for our customers across Europe.","url":"https:\/\/droix.eu\/ro\/","logo":{"@type":"ImageObject","url":"https:\/\/droix.eu\/wp-content\/uploads\/2024\/06\/droix-v2-light-logo.png","@id":"https:\/\/droix.eu\/ro\/product\/hub-fx8s-usb-de-tip-c\/#organizationLogo","width":380,"height":118},"image":{"@id":"https:\/\/droix.eu\/ro\/product\/hub-fx8s-usb-de-tip-c\/#organizationLogo"},"sameAs":["https:\/\/www.facebook.com\/DroiX.Store","https:\/\/twitter.com\/DroiX_Store","https:\/\/www.instagram.com\/droix.store\/","https:\/\/www.tiktok.com\/@droix.store","https:\/\/www.youtube.com\/c\/DroiX_Store","https:\/\/uk.linkedin.com\/company\/droix"]},{"@type":"Product","@id":"https:\/\/droix.eu\/ro\/product\/hub-fx8s-usb-de-tip-c\/#wooCommerceProduct","name":"Hub FX8S USB de tip C","description":"Adaptor USB tip C de mare vitez\u0103 \n \tIe\u0219ire HDMI 4K \n \tRJ45 Port Ethernet 100M\/s \n \tSlot pentru card SD\/MicroSD\n \tCompatibil cu Windows, Mac \u0219i Android","url":"https:\/\/droix.eu\/ro\/product\/hub-fx8s-usb-de-tip-c\/","sku":"DX-FX8-S-USB-TYPE-C-ADAPTER","image":{"@type":"ImageObject","url":"https:\/\/droix.eu\/wp-content\/uploads\/2021\/12\/1-2.png","@id":"https:\/\/droix.eu\/ro\/product\/hub-fx8s-usb-de-tip-c\/#productImage","width":670,"height":840,"caption":"DroiX FX8s - Afi\u0219eaz\u0103 2 porturi USB Type-C, 1 HDMI, 2 USB Type-A, 1 card SD \u0219i 1 port MicroSD"},"offers":{"@type":"Offer","url":"https:\/\/droix.eu\/ro\/product\/hub-fx8s-usb-de-tip-c\/#wooCommerceOffer","price":33.2,"priceCurrency":"EUR","category":"Accesorii","priceValidUntil":"2024-05-26","availability":"https:\/\/schema.org\/OutOfStock","priceSpecification":{"@type":"PriceSpecification","price":33.2,"priceCurrency":"EUR","valueAddedTaxIncluded":"true"},"seller":{"@type":"Organization","@id":"https:\/\/droix.eu\/ro\/#organization"}}},{"@type":"WebPage","@id":"https:\/\/droix.eu\/ro\/product\/hub-fx8s-usb-de-tip-c\/#webpage","url":"https:\/\/droix.eu\/ro\/product\/hub-fx8s-usb-de-tip-c\/","name":"Hub FX8S USB de tip C - DROIX EU","description":"Adaptor USB tip C de mare vitez\u0103 Ie\u0219ire HDMI 4K RJ45 Port Ethernet 100M\/s Slot pentru card SD\/MicroSD Compatibil cu Windows, Mac \u0219i Android Package Includes 1x FX8S Hub USB de tip C","inLanguage":"ro-RO","isPartOf":{"@id":"https:\/\/droix.eu\/ro\/#website"},"breadcrumb":{"@id":"https:\/\/droix.eu\/ro\/product\/hub-fx8s-usb-de-tip-c\/#breadcrumblist"},"image":{"@type":"ImageObject","url":"https:\/\/droix.eu\/wp-content\/uploads\/2021\/12\/1-2.png","@id":"https:\/\/droix.eu\/ro\/product\/hub-fx8s-usb-de-tip-c\/#mainImage","width":670,"height":840,"caption":"DroiX FX8s - Afi\u0219eaz\u0103 2 porturi USB Type-C, 1 HDMI, 2 USB Type-A, 1 card SD \u0219i 1 port MicroSD"},"primaryImageOfPage":{"@id":"https:\/\/droix.eu\/ro\/product\/hub-fx8s-usb-de-tip-c\/#mainImage"},"datePublished":"2020-11-20T10:02:39+00:00","dateModified":"2025-09-05T14:59:48+01:00"},{"@type":"WebSite","@id":"https:\/\/droix.eu\/ro\/#website","url":"https:\/\/droix.eu\/ro\/","name":"DROIX EU","description":"Get the latest Mini PCs, Ultrabook, PC Gaming Handhelds and more!","inLanguage":"ro-RO","publisher":{"@id":"https:\/\/droix.eu\/ro\/#organization"}}]},"og:locale":"ro_RO","og:site_name":"DROIX EU - Get the latest Mini PCs, Ultrabook, PC Gaming Handhelds and more!","og:type":"article","og:title":"Hub FX8S USB de tip C - DROIX EU","og:description":"Adaptor USB tip C de mare vitez\u0103 Ie\u0219ire HDMI 4K RJ45 Port Ethernet 100M\/s Slot pentru card SD\/MicroSD Compatibil cu Windows, Mac \u0219i Android Package Includes 1x FX8S Hub USB de tip C","og:url":"https:\/\/droix.eu\/ro\/product\/hub-fx8s-usb-de-tip-c\/","og:image":"https:\/\/droix.eu\/wp-content\/uploads\/2024\/06\/droix-v2-light-logo.png","og:image:secure_url":"https:\/\/droix.eu\/wp-content\/uploads\/2024\/06\/droix-v2-light-logo.png","og:image:width":380,"og:image:height":118,"article:published_time":"2020-11-20T10:02:39+00:00","article:modified_time":"2025-09-05T13:59:48+00:00","article:publisher":"https:\/\/www.facebook.com\/DroiX.Store","twitter:card":"summary_large_image","twitter:site":"@DroiX_Store","twitter:title":"Hub FX8S USB de tip C - DROIX EU","twitter:description":"Adaptor USB tip C de mare vitez\u0103 Ie\u0219ire HDMI 4K RJ45 Port Ethernet 100M\/s Slot pentru card SD\/MicroSD Compatibil cu Windows, Mac \u0219i Android Package Includes 1x FX8S Hub USB de tip C","twitter:image":"https:\/\/droix.eu\/wp-content\/uploads\/2024\/06\/droix-v2-light-logo.png"},"aioseo_meta_data":{"post_id":"564965","title":null,"description":null,"keywords":null,"keyphrases":null,"primary_term":null,"canonical_url":null,"og_title":null,"og_description":null,"og_object_type":"default","og_image_type":"default","og_image_url":null,"og_image_width":null,"og_image_height":null,"og_image_custom_url":null,"og_image_custom_fields":null,"og_video":null,"og_custom_url":null,"og_article_section":null,"og_article_tags":null,"twitter_use_og":true,"twitter_card":"default","twitter_image_type":"default","twitter_image_url":null,"twitter_image_custom_url":null,"twitter_image_custom_fields":null,"twitter_title":null,"twitter_description":null,"schema":{"blockGraphs":[],"customGraphs":[],"default":{"data":{"Article":[],"Course":[],"Dataset":[],"FAQPage":[],"Movie":[],"Person":[],"Product":[],"ProductReview":[],"Car":[],"Recipe":[],"Service":[],"SoftwareApplication":[],"WebPage":[]},"graphName":"","isEnabled":true},"graphs":[]},"schema_type":"default","schema_type_options":null,"pillar_content":false,"robots_default":true,"robots_noindex":false,"robots_noarchive":false,"robots_nosnippet":false,"robots_nofollow":false,"robots_noimageindex":false,"robots_noodp":false,"robots_notranslate":false,"robots_max_snippet":null,"robots_max_videopreview":null,"robots_max_imagepreview":"large","priority":null,"frequency":null,"local_seo":null,"seo_analyzer_scan_date":"2025-10-24 08:03:32","breadcrumb_settings":null,"limit_modified_date":false,"reviewed_by":null,"open_ai":null,"ai":null,"created":"2025-10-09 03:29:38","updated":"2025-11-27 01:41:43"},"aioseo_breadcrumb":"<div class=\"aioseo-breadcrumbs\"><span class=\"aioseo-breadcrumb\">\n\t<a href=\"https:\/\/droix.eu\/ro\/\" title=\"Home\">Home<\/a>\n<\/span><span class=\"aioseo-breadcrumb-separator\">&raquo;<\/span><span class=\"aioseo-breadcrumb\">\n\t<a href=\"https:\/\/droix.eu\/ro\/product-category\/accesorii\/\" title=\"Accesorii\">Accesorii<\/a>\n<\/span><span class=\"aioseo-breadcrumb-separator\">&raquo;<\/span><span class=\"aioseo-breadcrumb\">\n\t<a href=\"https:\/\/droix.eu\/ro\/product-category\/accesorii\/accesorii-pentru-jocuri\/\" title=\"Accesorii pentru jocuri\">Accesorii pentru jocuri<\/a>\n<\/span><span class=\"aioseo-breadcrumb-separator\">&raquo;<\/span><span class=\"aioseo-breadcrumb\">\n\tHub FX8S USB de tip C\n<\/span><\/div>","aioseo_breadcrumb_json":[{"label":"Home","link":"https:\/\/droix.eu\/ro\/"},{"label":"Accesorii","link":"https:\/\/droix.eu\/ro\/product-category\/accesorii\/"},{"label":"Accesorii pentru jocuri","link":"https:\/\/droix.eu\/ro\/product-category\/accesorii\/accesorii-pentru-jocuri\/"},{"label":"Hub FX8S USB de tip C","link":"https:\/\/droix.eu\/ro\/product\/hub-fx8s-usb-de-tip-c\/"}],"_links":{"self":[{"href":"https:\/\/droix.eu\/ro\/wp-json\/wp\/v2\/product\/564965","targetHints":{"allow":["GET"]}}],"collection":[{"href":"https:\/\/droix.eu\/ro\/wp-json\/wp\/v2\/product"}],"about":[{"href":"https:\/\/droix.eu\/ro\/wp-json\/wp\/v2\/types\/product"}],"version-history":[{"count":0,"href":"https:\/\/droix.eu\/ro\/wp-json\/wp\/v2\/product\/564965\/revisions"}],"wp:featuredmedia":[{"embeddable":true,"href":"https:\/\/droix.eu\/ro\/wp-json\/wp\/v2\/media\/221132"}],"wp:attachment":[{"href":"https:\/\/droix.eu\/ro\/wp-json\/wp\/v2\/media?parent=564965"}],"wp:term":[{"taxonomy":"product_brand","embeddable":true,"href":"https:\/\/droix.eu\/ro\/wp-json\/wp\/v2\/product_brand?post=564965"},{"taxonomy":"product_cat","embeddable":true,"href":"https:\/\/droix.eu\/ro\/wp-json\/wp\/v2\/product_cat?post=564965"},{"taxonomy":"product_tag","embeddable":true,"href":"https:\/\/droix.eu\/ro\/wp-json\/wp\/v2\/product_tag?post=564965"},{"taxonomy":"woo-feed-brand","embeddable":true,"href":"https:\/\/droix.eu\/ro\/wp-json\/wp\/v2\/woo-feed-brand?post=564965"},{"taxonomy":"key-features","embeddable":true,"href":"https:\/\/droix.eu\/ro\/wp-json\/wp\/v2\/key-features?post=564965"}],"curies":[{"name":"wp","href":"https:\/\/api.w.org\/{rel}","templated":true}]}}