{"id":532599,"date":"2022-12-20T15:00:27","date_gmt":"2022-12-20T15:00:27","guid":{"rendered":"https:\/\/droix.eu\/product\/kingspec-2230-steam-deck-nvme-storage\/"},"modified":"2025-09-05T15:02:05","modified_gmt":"2025-09-05T14:02:05","slug":"kingspec-2230-steam-deck-nvme-storage","status":"publish","type":"product","link":"https:\/\/droix.eu\/ro\/product\/kingspec-2230-steam-deck-nvme-storage\/","title":{"rendered":"KingSpec 2230 Steam Deck NVMe Storage"},"content":{"rendered":"&#13;\n<p>Unitatea de stocare <strong>KingSpec NVMe 22*30<\/strong> este capabil\u0103 s\u0103 ating\u0103 viteze de citire de p\u00e2n\u0103 la 3621.35 MB\/s \u0219i viteze de scriere de p\u00e2n\u0103 la 2314.32 MB\/s. Aceste viteze sunt semnificativ mai rapide dec\u00e2t cele ale unui hard disk tradi\u021bional, care poate atinge viteze de aproximativ 100 MB\/s. Acest lucru \u00eenseamn\u0103 c\u0103 unitatea KingSpec NVMe poate accesa \u0219i transfera date mult mai rapid, rezult\u00e2nd timpi de pornire mai rapizi \u0219i lans\u0103ri mai rapide ale software-ului.  <\/p>&#13;\n&#13;\n<p>De exemplu, s\u0103 presupunem c\u0103 ave\u021bi o aplica\u021bie software mare pe care trebuie s\u0103 o instala\u021bi. Cu un hard disk tradi\u021bional, ar putea dura c\u00e2teva minute pentru a finaliza procesul de instalare. Cu unitatea KingSpec NVMe, \u00eens\u0103, procesul de instalare ar fi mult mai rapid, deoarece unitatea poate accesa \u0219i transfera datele necesare la viteze mult mai mari.  <\/p>&#13;\n&#13;\n<p>\u00cen general, vitezele mai rapide de citire \u0219i scriere ale unit\u0103\u021bii <strong>KingSpec NVMe<\/strong> o fac o alegere excelent\u0103 pentru cei care doresc s\u0103 \u00eembun\u0103t\u0103\u021beasc\u0103 performan\u021ba general\u0103 a calculatorului lor. Fie c\u0103 sunte\u021bi un gamer care dore\u0219te s\u0103 \u00eencarce niveluri mai rapid, un profesionist creativ care lucreaz\u0103 cu fi\u0219iere mari sau doar cineva care dore\u0219te o experien\u021b\u0103 de calcul mai fluid\u0103 \u0219i mai receptiv\u0103, aceast\u0103 unitate cu siguran\u021b\u0103 va livra. <\/p>&#13;\n&#13;\n<p>Verifica\u021bi rezultatele de mai jos pentru <strong>Steam Deck<\/strong> folosind <strong>KingSpec 2230 NVMe 1TB<\/strong> Storage:<\/p>&#13;\n&#13;\n<p>Vitez\u0103 de citire: <strong>3621.35 MB\/s<\/strong><br\/>Vitez\u0103 de scriere: <strong> 2314.32 MB\/s<\/strong><\/p>&#13;\n&#13;\n<p>Software-ul de benchmark <strong>The CrystalDiskMark<\/strong> ruleaz\u0103 o serie de teste pe unitatea de stocare pentru a-i vedea performan\u021ba \u00een diferite modele de citire\/scriere. Rezultatele arat\u0103 vitezele maxime optime de citire \u0219i scriere pe primul r\u00e2nd. <\/p>&#13;\n&#13;\n<figure class=\"wp-block-image aligncenter\"><img fetchpriority=\"high\" decoding=\"async\" width=\"601\" height=\"438\" src=\"https:\/\/droix.eu\/wp-content\/uploads\/2022\/12\/r-w-speed-kigspec2230-steam-deck.png\" alt=\"Viteza de citire &#x219;i scriere SD KingSpec 2230\" class=\"wp-image-94989\" srcset=\"https:\/\/droix.eu\/wp-content\/uploads\/2022\/12\/r-w-speed-kigspec2230-steam-deck.png 601w, https:\/\/droix.eu\/wp-content\/uploads\/2022\/12\/r-w-speed-kigspec2230-steam-deck-300x219.png 300w, https:\/\/droix.eu\/wp-content\/uploads\/2022\/12\/r-w-speed-kigspec2230-steam-deck-441x321.png 441w\" sizes=\"(max-width: 601px) 100vw, 601px\" \/><\/figure>&#13;\n&#13;\n<figure class=\"wp-block-image aligncenter\"><img decoding=\"async\" width=\"1500\" height=\"1500\" src=\"https:\/\/droix.eu\/wp-content\/uploads\/2022\/12\/SSD-EXPLINATION.png\" alt=\"instrument de explicare ssd\" class=\"wp-image-105048\" srcset=\"https:\/\/droix.eu\/wp-content\/uploads\/2022\/12\/SSD-EXPLINATION.png 1500w, https:\/\/droix.eu\/wp-content\/uploads\/2022\/12\/SSD-EXPLINATION-300x300.png 300w, https:\/\/droix.eu\/wp-content\/uploads\/2022\/12\/SSD-EXPLINATION-100x100.png 100w, https:\/\/droix.eu\/wp-content\/uploads\/2022\/12\/SSD-EXPLINATION-1000x1000.png 1000w, https:\/\/droix.eu\/wp-content\/uploads\/2022\/12\/SSD-EXPLINATION-1024x1024.png 1024w, https:\/\/droix.eu\/wp-content\/uploads\/2022\/12\/SSD-EXPLINATION-768x768.png 768w, https:\/\/droix.eu\/wp-content\/uploads\/2022\/12\/SSD-EXPLINATION-990x990.png 990w, https:\/\/droix.eu\/wp-content\/uploads\/2022\/12\/SSD-EXPLINATION-441x441.png 441w\" sizes=\"(max-width: 1500px) 100vw, 1500px\" \/><\/figure>&#13;\n","protected":false},"excerpt":{"rendered":"<ul>\n<li>Viteze rapide NVMe<\/li>\n<li>Compatibil cu SteamDeck \u0219i GPD WIN Max 2  <\/li>\n<li>Garan\u021bie de 3 ani<\/li>\n<\/ul>\n[droix_global_accordions]\n[cg_accordion title=\"Pachetul include\"]<\/p>\n<ul>\n<li>1x 22*30 NVMe SSD<\/li>\n<\/ul>\n<p>[\/cg_accordion]\n","protected":false},"featured_media":342444,"template":"","meta":{"_acf_changed":false},"product_brand":[],"product_cat":[31667,34881,34884],"product_tag":[],"woo-feed-brand":[],"key-features":[],"class_list":{"0":"post-532599","1":"product","2":"type-product","3":"status-publish","4":"has-post-thumbnail","6":"product_cat-hardware-ro","7":"product_cat-hardware-pentru-calculatoare","8":"product_cat-hardware-pentru-laptopuri","9":"product_shipping_class-low-end","10":"pa_brands-kingspec-ro","12":"first","13":"instock","14":"taxable","15":"shipping-taxable","16":"purchasable","17":"product-type-variable","18":"has-default-attributes"},"acf":[],"aioseo_notices":[],"aioseo_head":"\n\t\t<!-- All in One SEO Pro 4.9.6.2 - aioseo.com -->\n\t<meta name=\"description\" content=\"Viteze rapide NVMe Compatibil cu SteamDeck \u0219i GPD WIN Max 2 Garan\u021bie de 3 ani Pachetul include 1x 22*30 NVMe SSD\" \/>\n\t<meta name=\"robots\" content=\"max-image-preview:large\" \/>\n\t<link rel=\"canonical\" href=\"https:\/\/droix.eu\/ro\/product\/kingspec-2230-steam-deck-nvme-storage\/\" \/>\n\t<meta name=\"generator\" content=\"All in One SEO Pro (AIOSEO) 4.9.6.2\" \/>\n\t\t<meta property=\"og:locale\" content=\"ro_RO\" \/>\n\t\t<meta property=\"og:site_name\" content=\"DROIX EU - Get the latest Mini PCs, Ultrabook, PC Gaming Handhelds and more!\" \/>\n\t\t<meta property=\"og:type\" content=\"article\" \/>\n\t\t<meta property=\"og:title\" content=\"KingSpec 2230 Steam Deck NVMe Storage - DROIX EU\" \/>\n\t\t<meta property=\"og:description\" content=\"Viteze rapide NVMe Compatibil cu SteamDeck \u0219i GPD WIN Max 2 Garan\u021bie de 3 ani Pachetul include 1x 22*30 NVMe SSD\" \/>\n\t\t<meta property=\"og:url\" content=\"https:\/\/droix.eu\/ro\/product\/kingspec-2230-steam-deck-nvme-storage\/\" \/>\n\t\t<meta property=\"og:image\" content=\"https:\/\/droix.eu\/wp-content\/uploads\/2024\/06\/droix-v2-light-logo.png\" \/>\n\t\t<meta property=\"og:image:secure_url\" content=\"https:\/\/droix.eu\/wp-content\/uploads\/2024\/06\/droix-v2-light-logo.png\" \/>\n\t\t<meta property=\"og:image:width\" content=\"380\" \/>\n\t\t<meta property=\"og:image:height\" content=\"118\" \/>\n\t\t<meta property=\"article:published_time\" content=\"2022-12-20T15:00:27+00:00\" \/>\n\t\t<meta property=\"article:modified_time\" content=\"2025-09-05T14:02:05+00:00\" \/>\n\t\t<meta property=\"article:publisher\" content=\"https:\/\/www.facebook.com\/DroiX.Store\" \/>\n\t\t<meta name=\"twitter:card\" content=\"summary_large_image\" \/>\n\t\t<meta name=\"twitter:site\" content=\"@DroiX_Store\" \/>\n\t\t<meta name=\"twitter:title\" content=\"KingSpec 2230 Steam Deck NVMe Storage - DROIX EU\" \/>\n\t\t<meta name=\"twitter:description\" content=\"Viteze rapide NVMe Compatibil cu SteamDeck \u0219i GPD WIN Max 2 Garan\u021bie de 3 ani Pachetul include 1x 22*30 NVMe SSD\" \/>\n\t\t<meta name=\"twitter:image\" content=\"https:\/\/droix.eu\/wp-content\/uploads\/2024\/06\/droix-v2-light-logo.png\" \/>\n\t\t<script type=\"application\/ld+json\" class=\"aioseo-schema\">\n\t\t\t{\"@context\":\"https:\\\/\\\/schema.org\",\"@graph\":[{\"@type\":\"BreadcrumbList\",\"@id\":\"https:\\\/\\\/droix.eu\\\/ro\\\/product\\\/kingspec-2230-steam-deck-nvme-storage\\\/#breadcrumblist\",\"itemListElement\":[{\"@type\":\"ListItem\",\"@id\":\"https:\\\/\\\/droix.eu\\\/ro\\\/#listItem\",\"position\":1,\"name\":\"Home\",\"item\":\"https:\\\/\\\/droix.eu\\\/ro\\\/\",\"nextItem\":{\"@type\":\"ListItem\",\"@id\":\"https:\\\/\\\/droix.eu\\\/ro\\\/product-category\\\/hardware-ro\\\/#listItem\",\"name\":\"Hardware\"}},{\"@type\":\"ListItem\",\"@id\":\"https:\\\/\\\/droix.eu\\\/ro\\\/product-category\\\/hardware-ro\\\/#listItem\",\"position\":2,\"name\":\"Hardware\",\"item\":\"https:\\\/\\\/droix.eu\\\/ro\\\/product-category\\\/hardware-ro\\\/\",\"nextItem\":{\"@type\":\"ListItem\",\"@id\":\"https:\\\/\\\/droix.eu\\\/ro\\\/product-category\\\/hardware-ro\\\/hardware-pentru-calculatoare\\\/#listItem\",\"name\":\"Hardware pentru calculatoare\"},\"previousItem\":{\"@type\":\"ListItem\",\"@id\":\"https:\\\/\\\/droix.eu\\\/ro\\\/#listItem\",\"name\":\"Home\"}},{\"@type\":\"ListItem\",\"@id\":\"https:\\\/\\\/droix.eu\\\/ro\\\/product-category\\\/hardware-ro\\\/hardware-pentru-calculatoare\\\/#listItem\",\"position\":3,\"name\":\"Hardware pentru calculatoare\",\"item\":\"https:\\\/\\\/droix.eu\\\/ro\\\/product-category\\\/hardware-ro\\\/hardware-pentru-calculatoare\\\/\",\"nextItem\":{\"@type\":\"ListItem\",\"@id\":\"https:\\\/\\\/droix.eu\\\/ro\\\/product\\\/kingspec-2230-steam-deck-nvme-storage\\\/#listItem\",\"name\":\"KingSpec 2230 Steam Deck NVMe Storage\"},\"previousItem\":{\"@type\":\"ListItem\",\"@id\":\"https:\\\/\\\/droix.eu\\\/ro\\\/product-category\\\/hardware-ro\\\/#listItem\",\"name\":\"Hardware\"}},{\"@type\":\"ListItem\",\"@id\":\"https:\\\/\\\/droix.eu\\\/ro\\\/product\\\/kingspec-2230-steam-deck-nvme-storage\\\/#listItem\",\"position\":4,\"name\":\"KingSpec 2230 Steam Deck NVMe Storage\",\"previousItem\":{\"@type\":\"ListItem\",\"@id\":\"https:\\\/\\\/droix.eu\\\/ro\\\/product-category\\\/hardware-ro\\\/hardware-pentru-calculatoare\\\/#listItem\",\"name\":\"Hardware pentru calculatoare\"}}]},{\"@type\":\"Organization\",\"@id\":\"https:\\\/\\\/droix.eu\\\/ro\\\/#organization\",\"name\":\"DroiX \\u2013 Trusted EU Tech Retailer with 12+ Years Experience\",\"description\":\"DroiX is a leading European technology retailer with over 12 years of experience, offering quality mini PCs, handheld gaming consoles, and tech accessories. We provide hassle-free EU delivery with all taxes included, ensuring a smooth and reliable shopping experience for our customers across Europe.\",\"url\":\"https:\\\/\\\/droix.eu\\\/ro\\\/\",\"logo\":{\"@type\":\"ImageObject\",\"url\":\"https:\\\/\\\/droix.eu\\\/wp-content\\\/uploads\\\/2024\\\/06\\\/droix-v2-light-logo.png\",\"@id\":\"https:\\\/\\\/droix.eu\\\/ro\\\/product\\\/kingspec-2230-steam-deck-nvme-storage\\\/#organizationLogo\",\"width\":380,\"height\":118},\"image\":{\"@id\":\"https:\\\/\\\/droix.eu\\\/ro\\\/product\\\/kingspec-2230-steam-deck-nvme-storage\\\/#organizationLogo\"},\"sameAs\":[\"https:\\\/\\\/www.facebook.com\\\/DroiX.Store\",\"https:\\\/\\\/twitter.com\\\/DroiX_Store\",\"https:\\\/\\\/www.instagram.com\\\/droix.store\\\/\",\"https:\\\/\\\/www.tiktok.com\\\/@droix.store\",\"https:\\\/\\\/www.youtube.com\\\/c\\\/DroiX_Store\",\"https:\\\/\\\/uk.linkedin.com\\\/company\\\/droix\"]},{\"@type\":\"ProductGroup\",\"@id\":\"https:\\\/\\\/droix.eu\\\/ro\\\/product\\\/kingspec-2230-steam-deck-nvme-storage\\\/#wooCommerceProduct\",\"name\":\"KingSpec 2230 Steam Deck NVMe Storage\",\"description\":\"Viteze rapide NVMe\\n \\tCompatibil cu SteamDeck \\u0219i GPD WIN Max 2  \\n \\tGaran\\u021bie de 3 ani\",\"url\":\"https:\\\/\\\/droix.eu\\\/ro\\\/product\\\/kingspec-2230-steam-deck-nvme-storage\\\/\",\"image\":{\"@type\":\"ImageObject\",\"url\":\"https:\\\/\\\/droix.eu\\\/wp-content\\\/uploads\\\/2022\\\/12\\\/22_30NVME-LISTING-PICTURE-1TB-1.png\",\"@id\":\"https:\\\/\\\/droix.eu\\\/ro\\\/product\\\/kingspec-2230-steam-deck-nvme-storage\\\/#productImage\",\"width\":1500,\"height\":1500,\"caption\":\"KingSpec 1TB NVME 2230 Storage\"},\"productGroupID\":532599,\"hasVariant\":[{\"@type\":\"Product\",\"@id\":\"https:\\\/\\\/droix.eu\\\/ro\\\/product\\\/kingspec-2230-steam-deck-nvme-storage\\\/#wooCommerceProduct\",\"name\":\"KingSpec 2230 Steam Deck NVMe Storage - 512gb\",\"description\":\"Viteze rapide NVMe\\n \\tCompatibil cu SteamDeck \\u0219i GPD WIN Max 2  \\n \\tGaran\\u021bie de 3 ani\",\"url\":\"https:\\\/\\\/droix.eu\\\/ro\\\/product\\\/kingspec-2230-steam-deck-nvme-storage\\\/\",\"sku\":\"KINGSPEC-NVME-2230-512GB\",\"image\":{\"@type\":\"ImageObject\",\"url\":\"https:\\\/\\\/droix.eu\\\/wp-content\\\/uploads\\\/2022\\\/12\\\/22_30NVME-LISTING-PICTURE-512GB-1.png\",\"@id\":\"https:\\\/\\\/droix.eu\\\/ro\\\/product\\\/kingspec-2230-steam-deck-nvme-storage\\\/#productImage\",\"width\":1500,\"height\":1500,\"caption\":\"KingSpec 512GB NVME 2230 Storage\"},\"offers\":{\"@type\":\"Offer\",\"url\":\"https:\\\/\\\/droix.eu\\\/ro\\\/product\\\/kingspec-2230-steam-deck-nvme-storage\\\/#wooCommerceOffer\",\"price\":\"59.95\",\"priceCurrency\":\"EUR\",\"category\":\"Hardware\",\"availability\":\"https:\\\/\\\/schema.org\\\/OutOfStock\",\"priceSpecification\":{\"@type\":\"PriceSpecification\",\"price\":59.95,\"priceCurrency\":\"EUR\",\"valueAddedTaxIncluded\":\"true\"}}}]},{\"@type\":\"WebPage\",\"@id\":\"https:\\\/\\\/droix.eu\\\/ro\\\/product\\\/kingspec-2230-steam-deck-nvme-storage\\\/#webpage\",\"url\":\"https:\\\/\\\/droix.eu\\\/ro\\\/product\\\/kingspec-2230-steam-deck-nvme-storage\\\/\",\"name\":\"KingSpec 2230 Steam Deck NVMe Storage - DROIX EU\",\"description\":\"Viteze rapide NVMe Compatibil cu SteamDeck \\u0219i GPD WIN Max 2 Garan\\u021bie de 3 ani Pachetul include 1x 22*30 NVMe SSD\",\"inLanguage\":\"ro-RO\",\"isPartOf\":{\"@id\":\"https:\\\/\\\/droix.eu\\\/ro\\\/#website\"},\"breadcrumb\":{\"@id\":\"https:\\\/\\\/droix.eu\\\/ro\\\/product\\\/kingspec-2230-steam-deck-nvme-storage\\\/#breadcrumblist\"},\"image\":{\"@type\":\"ImageObject\",\"url\":\"https:\\\/\\\/droix.eu\\\/wp-content\\\/uploads\\\/2022\\\/12\\\/22_30NVME-LISTING-PICTURE-1TB-1.png\",\"@id\":\"https:\\\/\\\/droix.eu\\\/ro\\\/product\\\/kingspec-2230-steam-deck-nvme-storage\\\/#mainImage\",\"width\":1500,\"height\":1500,\"caption\":\"KingSpec 1TB NVME 2230 Storage\"},\"primaryImageOfPage\":{\"@id\":\"https:\\\/\\\/droix.eu\\\/ro\\\/product\\\/kingspec-2230-steam-deck-nvme-storage\\\/#mainImage\"},\"datePublished\":\"2022-12-20T15:00:27+00:00\",\"dateModified\":\"2025-09-05T15:02:05+01:00\"},{\"@type\":\"WebSite\",\"@id\":\"https:\\\/\\\/droix.eu\\\/ro\\\/#website\",\"url\":\"https:\\\/\\\/droix.eu\\\/ro\\\/\",\"name\":\"DROIX EU\",\"description\":\"Get the latest Mini PCs, Ultrabook, PC Gaming Handhelds and more!\",\"inLanguage\":\"ro-RO\",\"publisher\":{\"@id\":\"https:\\\/\\\/droix.eu\\\/ro\\\/#organization\"}}]}\n\t\t<\/script>\n\t\t<!-- All in One SEO Pro -->\r\n\t\t<title>KingSpec 2230 Steam Deck NVMe Storage - DROIX EU<\/title>\n\n","aioseo_head_json":{"title":"KingSpec 2230 Steam Deck NVMe Storage - DROIX EU","description":"Viteze rapide NVMe Compatibil cu SteamDeck \u0219i GPD WIN Max 2 Garan\u021bie de 3 ani Pachetul include 1x 22*30 NVMe SSD","canonical_url":"https:\/\/droix.eu\/ro\/product\/kingspec-2230-steam-deck-nvme-storage\/","robots":"max-image-preview:large","keywords":"","webmasterTools":{"miscellaneous":""},"schema":{"@context":"https:\/\/schema.org","@graph":[{"@type":"BreadcrumbList","@id":"https:\/\/droix.eu\/ro\/product\/kingspec-2230-steam-deck-nvme-storage\/#breadcrumblist","itemListElement":[{"@type":"ListItem","@id":"https:\/\/droix.eu\/ro\/#listItem","position":1,"name":"Home","item":"https:\/\/droix.eu\/ro\/","nextItem":{"@type":"ListItem","@id":"https:\/\/droix.eu\/ro\/product-category\/hardware-ro\/#listItem","name":"Hardware"}},{"@type":"ListItem","@id":"https:\/\/droix.eu\/ro\/product-category\/hardware-ro\/#listItem","position":2,"name":"Hardware","item":"https:\/\/droix.eu\/ro\/product-category\/hardware-ro\/","nextItem":{"@type":"ListItem","@id":"https:\/\/droix.eu\/ro\/product-category\/hardware-ro\/hardware-pentru-calculatoare\/#listItem","name":"Hardware pentru calculatoare"},"previousItem":{"@type":"ListItem","@id":"https:\/\/droix.eu\/ro\/#listItem","name":"Home"}},{"@type":"ListItem","@id":"https:\/\/droix.eu\/ro\/product-category\/hardware-ro\/hardware-pentru-calculatoare\/#listItem","position":3,"name":"Hardware pentru calculatoare","item":"https:\/\/droix.eu\/ro\/product-category\/hardware-ro\/hardware-pentru-calculatoare\/","nextItem":{"@type":"ListItem","@id":"https:\/\/droix.eu\/ro\/product\/kingspec-2230-steam-deck-nvme-storage\/#listItem","name":"KingSpec 2230 Steam Deck NVMe Storage"},"previousItem":{"@type":"ListItem","@id":"https:\/\/droix.eu\/ro\/product-category\/hardware-ro\/#listItem","name":"Hardware"}},{"@type":"ListItem","@id":"https:\/\/droix.eu\/ro\/product\/kingspec-2230-steam-deck-nvme-storage\/#listItem","position":4,"name":"KingSpec 2230 Steam Deck NVMe Storage","previousItem":{"@type":"ListItem","@id":"https:\/\/droix.eu\/ro\/product-category\/hardware-ro\/hardware-pentru-calculatoare\/#listItem","name":"Hardware pentru calculatoare"}}]},{"@type":"Organization","@id":"https:\/\/droix.eu\/ro\/#organization","name":"DroiX \u2013 Trusted EU Tech Retailer with 12+ Years Experience","description":"DroiX is a leading European technology retailer with over 12 years of experience, offering quality mini PCs, handheld gaming consoles, and tech accessories. We provide hassle-free EU delivery with all taxes included, ensuring a smooth and reliable shopping experience for our customers across Europe.","url":"https:\/\/droix.eu\/ro\/","logo":{"@type":"ImageObject","url":"https:\/\/droix.eu\/wp-content\/uploads\/2024\/06\/droix-v2-light-logo.png","@id":"https:\/\/droix.eu\/ro\/product\/kingspec-2230-steam-deck-nvme-storage\/#organizationLogo","width":380,"height":118},"image":{"@id":"https:\/\/droix.eu\/ro\/product\/kingspec-2230-steam-deck-nvme-storage\/#organizationLogo"},"sameAs":["https:\/\/www.facebook.com\/DroiX.Store","https:\/\/twitter.com\/DroiX_Store","https:\/\/www.instagram.com\/droix.store\/","https:\/\/www.tiktok.com\/@droix.store","https:\/\/www.youtube.com\/c\/DroiX_Store","https:\/\/uk.linkedin.com\/company\/droix"]},{"@type":"ProductGroup","@id":"https:\/\/droix.eu\/ro\/product\/kingspec-2230-steam-deck-nvme-storage\/#wooCommerceProduct","name":"KingSpec 2230 Steam Deck NVMe Storage","description":"Viteze rapide NVMe\n \tCompatibil cu SteamDeck \u0219i GPD WIN Max 2  \n \tGaran\u021bie de 3 ani","url":"https:\/\/droix.eu\/ro\/product\/kingspec-2230-steam-deck-nvme-storage\/","image":{"@type":"ImageObject","url":"https:\/\/droix.eu\/wp-content\/uploads\/2022\/12\/22_30NVME-LISTING-PICTURE-1TB-1.png","@id":"https:\/\/droix.eu\/ro\/product\/kingspec-2230-steam-deck-nvme-storage\/#productImage","width":1500,"height":1500,"caption":"KingSpec 1TB NVME 2230 Storage"},"productGroupID":532599,"hasVariant":[{"@type":"Product","@id":"https:\/\/droix.eu\/ro\/product\/kingspec-2230-steam-deck-nvme-storage\/#wooCommerceProduct","name":"KingSpec 2230 Steam Deck NVMe Storage - 512gb","description":"Viteze rapide NVMe\n \tCompatibil cu SteamDeck \u0219i GPD WIN Max 2  \n \tGaran\u021bie de 3 ani","url":"https:\/\/droix.eu\/ro\/product\/kingspec-2230-steam-deck-nvme-storage\/","sku":"KINGSPEC-NVME-2230-512GB","image":{"@type":"ImageObject","url":"https:\/\/droix.eu\/wp-content\/uploads\/2022\/12\/22_30NVME-LISTING-PICTURE-512GB-1.png","@id":"https:\/\/droix.eu\/ro\/product\/kingspec-2230-steam-deck-nvme-storage\/#productImage","width":1500,"height":1500,"caption":"KingSpec 512GB NVME 2230 Storage"},"offers":{"@type":"Offer","url":"https:\/\/droix.eu\/ro\/product\/kingspec-2230-steam-deck-nvme-storage\/#wooCommerceOffer","price":"59.95","priceCurrency":"EUR","category":"Hardware","availability":"https:\/\/schema.org\/OutOfStock","priceSpecification":{"@type":"PriceSpecification","price":59.95,"priceCurrency":"EUR","valueAddedTaxIncluded":"true"}}}]},{"@type":"WebPage","@id":"https:\/\/droix.eu\/ro\/product\/kingspec-2230-steam-deck-nvme-storage\/#webpage","url":"https:\/\/droix.eu\/ro\/product\/kingspec-2230-steam-deck-nvme-storage\/","name":"KingSpec 2230 Steam Deck NVMe Storage - DROIX EU","description":"Viteze rapide NVMe Compatibil cu SteamDeck \u0219i GPD WIN Max 2 Garan\u021bie de 3 ani Pachetul include 1x 22*30 NVMe SSD","inLanguage":"ro-RO","isPartOf":{"@id":"https:\/\/droix.eu\/ro\/#website"},"breadcrumb":{"@id":"https:\/\/droix.eu\/ro\/product\/kingspec-2230-steam-deck-nvme-storage\/#breadcrumblist"},"image":{"@type":"ImageObject","url":"https:\/\/droix.eu\/wp-content\/uploads\/2022\/12\/22_30NVME-LISTING-PICTURE-1TB-1.png","@id":"https:\/\/droix.eu\/ro\/product\/kingspec-2230-steam-deck-nvme-storage\/#mainImage","width":1500,"height":1500,"caption":"KingSpec 1TB NVME 2230 Storage"},"primaryImageOfPage":{"@id":"https:\/\/droix.eu\/ro\/product\/kingspec-2230-steam-deck-nvme-storage\/#mainImage"},"datePublished":"2022-12-20T15:00:27+00:00","dateModified":"2025-09-05T15:02:05+01:00"},{"@type":"WebSite","@id":"https:\/\/droix.eu\/ro\/#website","url":"https:\/\/droix.eu\/ro\/","name":"DROIX EU","description":"Get the latest Mini PCs, Ultrabook, PC Gaming Handhelds and more!","inLanguage":"ro-RO","publisher":{"@id":"https:\/\/droix.eu\/ro\/#organization"}}]},"og:locale":"ro_RO","og:site_name":"DROIX EU - Get the latest Mini PCs, Ultrabook, PC Gaming Handhelds and more!","og:type":"article","og:title":"KingSpec 2230 Steam Deck NVMe Storage - DROIX EU","og:description":"Viteze rapide NVMe Compatibil cu SteamDeck \u0219i GPD WIN Max 2 Garan\u021bie de 3 ani Pachetul include 1x 22*30 NVMe SSD","og:url":"https:\/\/droix.eu\/ro\/product\/kingspec-2230-steam-deck-nvme-storage\/","og:image":"https:\/\/droix.eu\/wp-content\/uploads\/2024\/06\/droix-v2-light-logo.png","og:image:secure_url":"https:\/\/droix.eu\/wp-content\/uploads\/2024\/06\/droix-v2-light-logo.png","og:image:width":380,"og:image:height":118,"article:published_time":"2022-12-20T15:00:27+00:00","article:modified_time":"2025-09-05T14:02:05+00:00","article:publisher":"https:\/\/www.facebook.com\/DroiX.Store","twitter:card":"summary_large_image","twitter:site":"@DroiX_Store","twitter:title":"KingSpec 2230 Steam Deck NVMe Storage - DROIX EU","twitter:description":"Viteze rapide NVMe Compatibil cu SteamDeck \u0219i GPD WIN Max 2 Garan\u021bie de 3 ani Pachetul include 1x 22*30 NVMe SSD","twitter:image":"https:\/\/droix.eu\/wp-content\/uploads\/2024\/06\/droix-v2-light-logo.png"},"aioseo_meta_data":{"post_id":"532599","title":null,"description":null,"keywords":null,"keyphrases":null,"primary_term":null,"canonical_url":null,"og_title":null,"og_description":null,"og_object_type":"default","og_image_type":"default","og_image_url":null,"og_image_width":null,"og_image_height":null,"og_image_custom_url":null,"og_image_custom_fields":null,"og_video":null,"og_custom_url":null,"og_article_section":null,"og_article_tags":null,"twitter_use_og":true,"twitter_card":"default","twitter_image_type":"default","twitter_image_url":null,"twitter_image_custom_url":null,"twitter_image_custom_fields":null,"twitter_title":null,"twitter_description":null,"schema":{"blockGraphs":[],"customGraphs":[],"default":{"data":{"Article":[],"Course":[],"Dataset":[],"FAQPage":[],"Movie":[],"Person":[],"Product":[],"ProductReview":[],"Car":[],"Recipe":[],"Service":[],"SoftwareApplication":[],"WebPage":[]},"graphName":"","isEnabled":true},"graphs":[]},"schema_type":"default","schema_type_options":null,"pillar_content":false,"robots_default":true,"robots_noindex":false,"robots_noarchive":false,"robots_nosnippet":false,"robots_nofollow":false,"robots_noimageindex":false,"robots_noodp":false,"robots_notranslate":false,"robots_max_snippet":null,"robots_max_videopreview":null,"robots_max_imagepreview":"large","priority":null,"frequency":null,"local_seo":null,"seo_analyzer_scan_date":"2025-10-24 12:01:20","breadcrumb_settings":null,"limit_modified_date":false,"reviewed_by":null,"open_ai":null,"ai":null,"created":"2025-10-09 04:05:25","updated":"2025-11-27 02:11:28"},"aioseo_breadcrumb":"<div class=\"aioseo-breadcrumbs\"><span class=\"aioseo-breadcrumb\">\n\t<a href=\"https:\/\/droix.eu\/ro\/\" title=\"Home\">Home<\/a>\n<\/span><span class=\"aioseo-breadcrumb-separator\">&raquo;<\/span><span class=\"aioseo-breadcrumb\">\n\t<a href=\"https:\/\/droix.eu\/ro\/product-category\/hardware-ro\/\" title=\"Hardware\">Hardware<\/a>\n<\/span><span class=\"aioseo-breadcrumb-separator\">&raquo;<\/span><span class=\"aioseo-breadcrumb\">\n\t<a href=\"https:\/\/droix.eu\/ro\/product-category\/hardware-ro\/hardware-pentru-calculatoare\/\" title=\"Hardware pentru calculatoare\">Hardware pentru calculatoare<\/a>\n<\/span><span class=\"aioseo-breadcrumb-separator\">&raquo;<\/span><span class=\"aioseo-breadcrumb\">\n\tKingSpec 2230 Steam Deck NVMe Storage\n<\/span><\/div>","aioseo_breadcrumb_json":[{"label":"Home","link":"https:\/\/droix.eu\/ro\/"},{"label":"Hardware","link":"https:\/\/droix.eu\/ro\/product-category\/hardware-ro\/"},{"label":"Hardware pentru calculatoare","link":"https:\/\/droix.eu\/ro\/product-category\/hardware-ro\/hardware-pentru-calculatoare\/"},{"label":"KingSpec 2230 Steam Deck NVMe Storage","link":"https:\/\/droix.eu\/ro\/product\/kingspec-2230-steam-deck-nvme-storage\/"}],"_links":{"self":[{"href":"https:\/\/droix.eu\/ro\/wp-json\/wp\/v2\/product\/532599","targetHints":{"allow":["GET"]}}],"collection":[{"href":"https:\/\/droix.eu\/ro\/wp-json\/wp\/v2\/product"}],"about":[{"href":"https:\/\/droix.eu\/ro\/wp-json\/wp\/v2\/types\/product"}],"version-history":[{"count":0,"href":"https:\/\/droix.eu\/ro\/wp-json\/wp\/v2\/product\/532599\/revisions"}],"wp:featuredmedia":[{"embeddable":true,"href":"https:\/\/droix.eu\/ro\/wp-json\/wp\/v2\/media\/342444"}],"wp:attachment":[{"href":"https:\/\/droix.eu\/ro\/wp-json\/wp\/v2\/media?parent=532599"}],"wp:term":[{"taxonomy":"product_brand","embeddable":true,"href":"https:\/\/droix.eu\/ro\/wp-json\/wp\/v2\/product_brand?post=532599"},{"taxonomy":"product_cat","embeddable":true,"href":"https:\/\/droix.eu\/ro\/wp-json\/wp\/v2\/product_cat?post=532599"},{"taxonomy":"product_tag","embeddable":true,"href":"https:\/\/droix.eu\/ro\/wp-json\/wp\/v2\/product_tag?post=532599"},{"taxonomy":"woo-feed-brand","embeddable":true,"href":"https:\/\/droix.eu\/ro\/wp-json\/wp\/v2\/woo-feed-brand?post=532599"},{"taxonomy":"key-features","embeddable":true,"href":"https:\/\/droix.eu\/ro\/wp-json\/wp\/v2\/key-features?post=532599"}],"curies":[{"name":"wp","href":"https:\/\/api.w.org\/{rel}","templated":true}]}}