{"id":531529,"date":"2024-07-16T11:40:59","date_gmt":"2024-07-16T10:40:59","guid":{"rendered":"https:\/\/droix.eu\/product\/anbernic-rg-cube-bag\/"},"modified":"2026-03-27T12:33:54","modified_gmt":"2026-03-27T12:33:54","slug":"anbernic-rg-cube-bag","status":"publish","type":"product","link":"https:\/\/droix.eu\/ro\/product\/anbernic-rg-cube-bag\/","title":{"rendered":"ANBERNIC RG Cube Bag"},"content":{"rendered":"\n<p>Nume produs: Geant\u0103 de depozitare pentru consol\u0103 de jocuri<br\/><br\/>Culoare produs: negru<br\/><br\/>Material produs: p\u00e2nz\u0103 impermeabil\u0103 de \u00eenalt\u0103 calitate<br\/><br\/>Model aplicabil: pentru ANBERNIC RG Cube<\/p>\n\n<h3 class=\"wp-block-heading\">Caracteristicile produsului:<\/h3>\n\n<p><br\/>1. Multifunc\u021bional: Nu numai c\u0103 v\u0103 poate transporta consola de jocuri, dar poate stoca \u0219i accesorii precum \u00eenc\u0103rc\u0103toare, c\u0103\u0219ti, cabluri de date etc. Aceast\u0103 geant\u0103 de m\u00e2n\u0103 are func\u021bii multiple pentru a v\u0103 proteja mai bine consola de jocuri \u0219i accesoriile.<br\/><br\/>2. U\u0219or \u0219i portabil: Adopt\u0103 un design u\u0219or \u0219i este foarte convenabil de transportat. Fie c\u0103 ie\u0219i\u021bi \u00een ora\u0219 sau o folosi\u021bi acas\u0103, pute\u021bi pune \u00eentotdeauna consola de jocuri \u0219i accesoriile \u00een geant\u0103, oferind protec\u021bie complet\u0103 \u0219i transport convenabil.<br\/><br\/>3. Asigurarea calit\u0103\u021bii: Fabricat din materiale de \u00eenalt\u0103 calitate, este mai durabil \u0219i poate fi utilizat pentru o perioad\u0103 lung\u0103 de timp f\u0103r\u0103 uzur\u0103 \u0219i deteriorare. Aceast\u0103 geant\u0103 de m\u00e2n\u0103 este cel mai bun partener de protec\u021bie pentru consola dvs. de jocuri, oferindu-v\u0103 o experien\u021b\u0103 de joc confortabil\u0103 \u0219i sigur\u0103.<br\/><br\/>4. Aspect la mod\u0103: Aspectul este elegant \u0219i simplu, care nu doar protejeaz\u0103 consola de jocuri \u0219i accesoriile, dar \u00ee\u021bi \u00eembun\u0103t\u0103\u021be\u0219te \u0219i sim\u021bul modei, f\u0103c\u00e2ndu-te s\u0103 te sim\u021bi \u00eencrez\u0103tor \u0219i fermec\u0103tor \u00een orice ocazie.<br\/><br\/>5. Design portabil: Designul tip geant\u0103 de m\u00e2n\u0103 este potrivit pentru transport \u00een diverse scenarii, permi\u021b\u00e2ndu-v\u0103 s\u0103 transporta\u021bi consola de jocuri f\u0103r\u0103 a ocupa prea mult spa\u021biu \u00een m\u00e2n\u0103.<br\/><br\/>Greutatea brut\u0103 a produsului: 130g<br\/><br\/>Pachetul include: Geant\u0103 de depozitare pentru consol\u0103 de jocuri * 1<\/p>\n\n<figure class=\"wp-block-image\"><img decoding=\"async\" src=\"https:\/\/ae01.alicdn.com\/kf\/S47af09c6805345fab0667f4210505b64g.jpg\" alt=\"Carcas&#x103; Anbernic RG Cube - Carcas&#x103; portabil&#x103; neagr&#x103; pentru consolele portabile Anbernic, cu un design elegant, buzunar intern din plas&#x103; pentru accesorii &#x219;i o construc&#x21B;ie robust&#x103; pentru jocuri &#xEE;n mi&#x219;care.\"\/><\/figure>\n\n<figure class=\"wp-block-image\"><img decoding=\"async\" src=\"https:\/\/ae01.alicdn.com\/kf\/S2785b70135a540c583158fcc5a78dc5b7.jpg\" alt=\"Carcas&#x103; Anbernic RG Cube - Carcas&#x103; de transport neagr&#x103; protectoare pentru consolele de jocuri Anbernic, include un interior moale c&#x103;ptu&#x219;it, o carcas&#x103; exterioar&#x103; durabil&#x103; &#x219;i un design compact pentru transport u&#x219;or\"\/><\/figure>\n\n<figure class=\"wp-block-image\"><img decoding=\"async\" src=\"https:\/\/ae01.alicdn.com\/kf\/S091362331cd549caa28e2cf13f83d019s.jpg\" alt=\"Carcas&#x103; Anbernic RG Cube - Carcas&#x103; protectoare neagr&#x103; cu &#xEE;nchidere sigur&#x103; cu fermoar, personalizat&#x103; pentru dispozitivele de jocuri Anbernic, oferind protec&#x21B;ie superioar&#x103; &#xEE;mpotriva zg&#xE2;rieturilor &#x219;i impacturilor.\"\/><\/figure>\n\n<figure class=\"wp-block-image\"><img decoding=\"async\" src=\"https:\/\/ae01.alicdn.com\/kf\/Sc0cb06fe4efa49a985b944aa17d27d29S.jpg\" alt=\"Carcas&#x103; Anbernic RG Cube - Carcas&#x103; protectoare neagr&#x103; cu &#xEE;nchidere sigur&#x103; cu fermoar, personalizat&#x103; pentru dispozitivele de jocuri Anbernic, oferind protec&#x21B;ie superioar&#x103; &#xEE;mpotriva zg&#xE2;rieturilor &#x219;i impacturilor.\"\/><\/figure>\n\n<figure class=\"wp-block-image\"><img decoding=\"async\" src=\"https:\/\/ae01.alicdn.com\/kf\/Sca5337fc1adf4aa094209058e7fc98b9j.jpg\" alt=\"Carcas&#x103; Anbernic Cube de culoare neagr&#x103;, cu un design compact &#x219;i elegant, cu un exterior durabil &#x219;i texturat pentru o aderen&#x21B;&#x103; sporit&#x103;. Geanta include inser&#x21B;ii din spum&#x103; personalizate pentru a &#x21B;ine &#xEE;n siguran&#x21B;&#x103; consola de jocuri Anbernic &#x219;i accesoriile, asigur&#xE2;nd protec&#x21B;ie &#xEE;n timpul c&#x103;l&#x103;toriei.\"\/><\/figure>\n\n<figure class=\"wp-block-image\"><img decoding=\"async\" src=\"https:\/\/ae01.alicdn.com\/kf\/S3b16c1675638498f9fd6dbc53a777f85c.jpg\" alt=\"Carcas&#x103; Anbernic RG Cube - Carcas&#x103; portabil&#x103; neagr&#x103; pentru consolele portabile Anbernic, cu un design elegant, buzunar intern din plas&#x103; pentru accesorii &#x219;i o construc&#x21B;ie robust&#x103; pentru jocuri &#xEE;n mi&#x219;care.\"\/><\/figure>\n","protected":false},"excerpt":{"rendered":"<ul>\n<li><strong>Accesoriu oficial<\/strong> ANBERNIC<\/li>\n<li><strong>Protec\u021bie superioar\u0103<\/strong> realizat\u0103 din piele premium<\/li>\n<li>C\u0103ptu\u0219eal\u0103 din material textil moale pentru <strong>protec\u021bie suplimentar\u0103<\/strong>.<\/li>\n<\/ul>\n[droix_global_accordions]\n[cg_accordion title=\"Pachetul include\"]<\/p>\n<ul>\n<li>1x Carcas\u0103<\/li>\n<\/ul>\n<p>[\/cg_accordion]\n","protected":false},"featured_media":486297,"template":"","meta":{"_acf_changed":false},"product_brand":[],"product_cat":[13343,13344],"product_tag":[],"woo-feed-brand":[],"key-features":[],"class_list":{"0":"post-531529","1":"product","2":"type-product","3":"status-publish","4":"has-post-thumbnail","6":"product_cat-accesorii","7":"product_cat-accesorii-pentru-jocuri","8":"product_shipping_class-low-end","9":"pa_accessory-type-protective-case","10":"pa_brands-anbernic-ro","11":"pa_compatibility-anbernic-rg-cube-ro","13":"first","14":"outofstock","15":"sale","16":"taxable","17":"shipping-taxable","18":"purchasable","19":"product-type-simple"},"acf":[],"aioseo_notices":[],"aioseo_head":"\n\t\t<!-- All in One SEO Pro 4.9.5.2 - aioseo.com -->\n\t<meta name=\"description\" content=\"Accesoriu oficial ANBERNIC Protec\u021bie superioar\u0103 realizat\u0103 din piele premium C\u0103ptu\u0219eal\u0103 din material textil moale pentru protec\u021bie suplimentar\u0103. Pachetul include 1x Carcas\u0103\" \/>\n\t<meta name=\"robots\" content=\"max-image-preview:large\" \/>\n\t<link rel=\"canonical\" href=\"https:\/\/droix.eu\/ro\/product\/anbernic-rg-cube-bag\/\" \/>\n\t<meta name=\"generator\" content=\"All in One SEO Pro (AIOSEO) 4.9.5.2\" \/>\n\t\t<meta property=\"og:locale\" content=\"ro_RO\" \/>\n\t\t<meta property=\"og:site_name\" content=\"DROIX EU - Get the latest Mini PCs, Ultrabook, PC Gaming Handhelds and more!\" \/>\n\t\t<meta property=\"og:type\" content=\"article\" \/>\n\t\t<meta property=\"og:title\" content=\"ANBERNIC RG Cube Bag - DROIX EU\" \/>\n\t\t<meta property=\"og:description\" content=\"Accesoriu oficial ANBERNIC Protec\u021bie superioar\u0103 realizat\u0103 din piele premium C\u0103ptu\u0219eal\u0103 din material textil moale pentru protec\u021bie suplimentar\u0103. Pachetul include 1x Carcas\u0103\" \/>\n\t\t<meta property=\"og:url\" content=\"https:\/\/droix.eu\/ro\/product\/anbernic-rg-cube-bag\/\" \/>\n\t\t<meta property=\"og:image\" content=\"https:\/\/droix.eu\/wp-content\/uploads\/2024\/06\/droix-v2-light-logo.png\" \/>\n\t\t<meta property=\"og:image:secure_url\" content=\"https:\/\/droix.eu\/wp-content\/uploads\/2024\/06\/droix-v2-light-logo.png\" \/>\n\t\t<meta property=\"og:image:width\" content=\"380\" \/>\n\t\t<meta property=\"og:image:height\" content=\"118\" \/>\n\t\t<meta property=\"article:published_time\" content=\"2024-07-16T10:40:59+00:00\" \/>\n\t\t<meta property=\"article:modified_time\" content=\"2026-03-27T12:33:54+00:00\" \/>\n\t\t<meta property=\"article:publisher\" content=\"https:\/\/www.facebook.com\/DroiX.Store\" \/>\n\t\t<meta name=\"twitter:card\" content=\"summary_large_image\" \/>\n\t\t<meta name=\"twitter:site\" content=\"@DroiX_Store\" \/>\n\t\t<meta name=\"twitter:title\" content=\"ANBERNIC RG Cube Bag - DROIX EU\" \/>\n\t\t<meta name=\"twitter:description\" content=\"Accesoriu oficial ANBERNIC Protec\u021bie superioar\u0103 realizat\u0103 din piele premium C\u0103ptu\u0219eal\u0103 din material textil moale pentru protec\u021bie suplimentar\u0103. Pachetul include 1x Carcas\u0103\" \/>\n\t\t<meta name=\"twitter:image\" content=\"https:\/\/droix.eu\/wp-content\/uploads\/2024\/06\/droix-v2-light-logo.png\" \/>\n\t\t<script type=\"application\/ld+json\" class=\"aioseo-schema\">\n\t\t\t{\"@context\":\"https:\\\/\\\/schema.org\",\"@graph\":[{\"@type\":\"BreadcrumbList\",\"@id\":\"https:\\\/\\\/droix.eu\\\/ro\\\/product\\\/anbernic-rg-cube-bag\\\/#breadcrumblist\",\"itemListElement\":[{\"@type\":\"ListItem\",\"@id\":\"https:\\\/\\\/droix.eu\\\/ro\\\/#listItem\",\"position\":1,\"name\":\"Home\",\"item\":\"https:\\\/\\\/droix.eu\\\/ro\\\/\",\"nextItem\":{\"@type\":\"ListItem\",\"@id\":\"https:\\\/\\\/droix.eu\\\/ro\\\/product-category\\\/accesorii\\\/#listItem\",\"name\":\"Accesorii\"}},{\"@type\":\"ListItem\",\"@id\":\"https:\\\/\\\/droix.eu\\\/ro\\\/product-category\\\/accesorii\\\/#listItem\",\"position\":2,\"name\":\"Accesorii\",\"item\":\"https:\\\/\\\/droix.eu\\\/ro\\\/product-category\\\/accesorii\\\/\",\"nextItem\":{\"@type\":\"ListItem\",\"@id\":\"https:\\\/\\\/droix.eu\\\/ro\\\/product-category\\\/accesorii\\\/accesorii-pentru-jocuri\\\/#listItem\",\"name\":\"Accesorii pentru jocuri\"},\"previousItem\":{\"@type\":\"ListItem\",\"@id\":\"https:\\\/\\\/droix.eu\\\/ro\\\/#listItem\",\"name\":\"Home\"}},{\"@type\":\"ListItem\",\"@id\":\"https:\\\/\\\/droix.eu\\\/ro\\\/product-category\\\/accesorii\\\/accesorii-pentru-jocuri\\\/#listItem\",\"position\":3,\"name\":\"Accesorii pentru jocuri\",\"item\":\"https:\\\/\\\/droix.eu\\\/ro\\\/product-category\\\/accesorii\\\/accesorii-pentru-jocuri\\\/\",\"nextItem\":{\"@type\":\"ListItem\",\"@id\":\"https:\\\/\\\/droix.eu\\\/ro\\\/product\\\/anbernic-rg-cube-bag\\\/#listItem\",\"name\":\"ANBERNIC RG Cube Bag\"},\"previousItem\":{\"@type\":\"ListItem\",\"@id\":\"https:\\\/\\\/droix.eu\\\/ro\\\/product-category\\\/accesorii\\\/#listItem\",\"name\":\"Accesorii\"}},{\"@type\":\"ListItem\",\"@id\":\"https:\\\/\\\/droix.eu\\\/ro\\\/product\\\/anbernic-rg-cube-bag\\\/#listItem\",\"position\":4,\"name\":\"ANBERNIC RG Cube Bag\",\"previousItem\":{\"@type\":\"ListItem\",\"@id\":\"https:\\\/\\\/droix.eu\\\/ro\\\/product-category\\\/accesorii\\\/accesorii-pentru-jocuri\\\/#listItem\",\"name\":\"Accesorii pentru jocuri\"}}]},{\"@type\":\"Organization\",\"@id\":\"https:\\\/\\\/droix.eu\\\/ro\\\/#organization\",\"name\":\"DroiX \\u2013 Trusted EU Tech Retailer with 12+ Years Experience\",\"description\":\"DroiX is a leading European technology retailer with over 12 years of experience, offering quality mini PCs, handheld gaming consoles, and tech accessories. We provide hassle-free EU delivery with all taxes included, ensuring a smooth and reliable shopping experience for our customers across Europe.\",\"url\":\"https:\\\/\\\/droix.eu\\\/ro\\\/\",\"logo\":{\"@type\":\"ImageObject\",\"url\":\"https:\\\/\\\/droix.eu\\\/wp-content\\\/uploads\\\/2024\\\/06\\\/droix-v2-light-logo.png\",\"@id\":\"https:\\\/\\\/droix.eu\\\/ro\\\/product\\\/anbernic-rg-cube-bag\\\/#organizationLogo\",\"width\":380,\"height\":118},\"image\":{\"@id\":\"https:\\\/\\\/droix.eu\\\/ro\\\/product\\\/anbernic-rg-cube-bag\\\/#organizationLogo\"},\"sameAs\":[\"https:\\\/\\\/www.facebook.com\\\/DroiX.Store\",\"https:\\\/\\\/twitter.com\\\/DroiX_Store\",\"https:\\\/\\\/www.instagram.com\\\/droix.store\\\/\",\"https:\\\/\\\/www.tiktok.com\\\/@droix.store\",\"https:\\\/\\\/www.youtube.com\\\/c\\\/DroiX_Store\",\"https:\\\/\\\/uk.linkedin.com\\\/company\\\/droix\"]},{\"@type\":\"Product\",\"@id\":\"https:\\\/\\\/droix.eu\\\/ro\\\/product\\\/anbernic-rg-cube-bag\\\/#wooCommerceProduct\",\"name\":\"ANBERNIC RG Cube Bag\",\"description\":\"Accesoriu oficial ANBERNIC\\nProtec\\u021bie superioar\\u0103 realizat\\u0103 din piele premium\\nC\\u0103ptu\\u0219eal\\u0103 din material textil moale pentru protec\\u021bie suplimentar\\u0103.\",\"url\":\"https:\\\/\\\/droix.eu\\\/ro\\\/product\\\/anbernic-rg-cube-bag\\\/\",\"sku\":\"RG-CUBE-BAG\",\"gtin\":\"5060763679351\",\"image\":{\"@type\":\"ImageObject\",\"url\":\"https:\\\/\\\/droix.eu\\\/wp-content\\\/uploads\\\/2024\\\/07\\\/CUBE-CASE.png\",\"@id\":\"https:\\\/\\\/droix.eu\\\/ro\\\/product\\\/anbernic-rg-cube-bag\\\/#productImage\",\"width\":1001,\"height\":1001,\"caption\":\"Carcas\\u0103 Anbernic Cube de culoare neagr\\u0103, cu un design compact \\u0219i elegant, cu un exterior durabil \\u0219i texturat pentru o aderen\\u021b\\u0103 sporit\\u0103. Geanta include inser\\u021bii din spum\\u0103 personalizate pentru a \\u021bine \\u00een siguran\\u021b\\u0103 consola de jocuri Anbernic \\u0219i accesoriile, asigur\\u00e2nd protec\\u021bie \\u00een timpul c\\u0103l\\u0103toriei.\"},\"offers\":{\"@type\":\"Offer\",\"url\":\"https:\\\/\\\/droix.eu\\\/ro\\\/product\\\/anbernic-rg-cube-bag\\\/#wooCommerceOffer\",\"price\":12.19,\"priceCurrency\":\"BGN\",\"category\":\"Accesorii\",\"availability\":\"https:\\\/\\\/schema.org\\\/OutOfStock\",\"priceSpecification\":{\"@type\":\"PriceSpecification\",\"price\":12.19,\"priceCurrency\":\"BGN\",\"valueAddedTaxIncluded\":\"true\"},\"seller\":{\"@type\":\"Organization\",\"@id\":\"https:\\\/\\\/droix.eu\\\/ro\\\/#organization\"}}},{\"@type\":\"WebPage\",\"@id\":\"https:\\\/\\\/droix.eu\\\/ro\\\/product\\\/anbernic-rg-cube-bag\\\/#webpage\",\"url\":\"https:\\\/\\\/droix.eu\\\/ro\\\/product\\\/anbernic-rg-cube-bag\\\/\",\"name\":\"ANBERNIC RG Cube Bag - DROIX EU\",\"description\":\"Accesoriu oficial ANBERNIC Protec\\u021bie superioar\\u0103 realizat\\u0103 din piele premium C\\u0103ptu\\u0219eal\\u0103 din material textil moale pentru protec\\u021bie suplimentar\\u0103. Pachetul include 1x Carcas\\u0103\",\"inLanguage\":\"ro-RO\",\"isPartOf\":{\"@id\":\"https:\\\/\\\/droix.eu\\\/ro\\\/#website\"},\"breadcrumb\":{\"@id\":\"https:\\\/\\\/droix.eu\\\/ro\\\/product\\\/anbernic-rg-cube-bag\\\/#breadcrumblist\"},\"image\":{\"@type\":\"ImageObject\",\"url\":\"https:\\\/\\\/droix.eu\\\/wp-content\\\/uploads\\\/2024\\\/07\\\/CUBE-CASE.png\",\"@id\":\"https:\\\/\\\/droix.eu\\\/ro\\\/product\\\/anbernic-rg-cube-bag\\\/#mainImage\",\"width\":1001,\"height\":1001,\"caption\":\"Carcas\\u0103 Anbernic Cube de culoare neagr\\u0103, cu un design compact \\u0219i elegant, cu un exterior durabil \\u0219i texturat pentru o aderen\\u021b\\u0103 sporit\\u0103. Geanta include inser\\u021bii din spum\\u0103 personalizate pentru a \\u021bine \\u00een siguran\\u021b\\u0103 consola de jocuri Anbernic \\u0219i accesoriile, asigur\\u00e2nd protec\\u021bie \\u00een timpul c\\u0103l\\u0103toriei.\"},\"primaryImageOfPage\":{\"@id\":\"https:\\\/\\\/droix.eu\\\/ro\\\/product\\\/anbernic-rg-cube-bag\\\/#mainImage\"},\"datePublished\":\"2024-07-16T11:40:59+01:00\",\"dateModified\":\"2026-03-27T12:33:54+00:00\"},{\"@type\":\"WebSite\",\"@id\":\"https:\\\/\\\/droix.eu\\\/ro\\\/#website\",\"url\":\"https:\\\/\\\/droix.eu\\\/ro\\\/\",\"name\":\"DROIX EU\",\"description\":\"Get the latest Mini PCs, Ultrabook, PC Gaming Handhelds and more!\",\"inLanguage\":\"ro-RO\",\"publisher\":{\"@id\":\"https:\\\/\\\/droix.eu\\\/ro\\\/#organization\"}}]}\n\t\t<\/script>\n\t\t<!-- All in One SEO Pro -->\r\n\t\t<title>ANBERNIC RG Cube Bag - DROIX EU<\/title>\n\n","aioseo_head_json":{"title":"ANBERNIC RG Cube Bag - DROIX EU","description":"Accesoriu oficial ANBERNIC Protec\u021bie superioar\u0103 realizat\u0103 din piele premium C\u0103ptu\u0219eal\u0103 din material textil moale pentru protec\u021bie suplimentar\u0103. Pachetul include 1x Carcas\u0103","canonical_url":"https:\/\/droix.eu\/ro\/product\/anbernic-rg-cube-bag\/","robots":"max-image-preview:large","keywords":"","webmasterTools":{"miscellaneous":""},"schema":{"@context":"https:\/\/schema.org","@graph":[{"@type":"BreadcrumbList","@id":"https:\/\/droix.eu\/ro\/product\/anbernic-rg-cube-bag\/#breadcrumblist","itemListElement":[{"@type":"ListItem","@id":"https:\/\/droix.eu\/ro\/#listItem","position":1,"name":"Home","item":"https:\/\/droix.eu\/ro\/","nextItem":{"@type":"ListItem","@id":"https:\/\/droix.eu\/ro\/product-category\/accesorii\/#listItem","name":"Accesorii"}},{"@type":"ListItem","@id":"https:\/\/droix.eu\/ro\/product-category\/accesorii\/#listItem","position":2,"name":"Accesorii","item":"https:\/\/droix.eu\/ro\/product-category\/accesorii\/","nextItem":{"@type":"ListItem","@id":"https:\/\/droix.eu\/ro\/product-category\/accesorii\/accesorii-pentru-jocuri\/#listItem","name":"Accesorii pentru jocuri"},"previousItem":{"@type":"ListItem","@id":"https:\/\/droix.eu\/ro\/#listItem","name":"Home"}},{"@type":"ListItem","@id":"https:\/\/droix.eu\/ro\/product-category\/accesorii\/accesorii-pentru-jocuri\/#listItem","position":3,"name":"Accesorii pentru jocuri","item":"https:\/\/droix.eu\/ro\/product-category\/accesorii\/accesorii-pentru-jocuri\/","nextItem":{"@type":"ListItem","@id":"https:\/\/droix.eu\/ro\/product\/anbernic-rg-cube-bag\/#listItem","name":"ANBERNIC RG Cube Bag"},"previousItem":{"@type":"ListItem","@id":"https:\/\/droix.eu\/ro\/product-category\/accesorii\/#listItem","name":"Accesorii"}},{"@type":"ListItem","@id":"https:\/\/droix.eu\/ro\/product\/anbernic-rg-cube-bag\/#listItem","position":4,"name":"ANBERNIC RG Cube Bag","previousItem":{"@type":"ListItem","@id":"https:\/\/droix.eu\/ro\/product-category\/accesorii\/accesorii-pentru-jocuri\/#listItem","name":"Accesorii pentru jocuri"}}]},{"@type":"Organization","@id":"https:\/\/droix.eu\/ro\/#organization","name":"DroiX \u2013 Trusted EU Tech Retailer with 12+ Years Experience","description":"DroiX is a leading European technology retailer with over 12 years of experience, offering quality mini PCs, handheld gaming consoles, and tech accessories. We provide hassle-free EU delivery with all taxes included, ensuring a smooth and reliable shopping experience for our customers across Europe.","url":"https:\/\/droix.eu\/ro\/","logo":{"@type":"ImageObject","url":"https:\/\/droix.eu\/wp-content\/uploads\/2024\/06\/droix-v2-light-logo.png","@id":"https:\/\/droix.eu\/ro\/product\/anbernic-rg-cube-bag\/#organizationLogo","width":380,"height":118},"image":{"@id":"https:\/\/droix.eu\/ro\/product\/anbernic-rg-cube-bag\/#organizationLogo"},"sameAs":["https:\/\/www.facebook.com\/DroiX.Store","https:\/\/twitter.com\/DroiX_Store","https:\/\/www.instagram.com\/droix.store\/","https:\/\/www.tiktok.com\/@droix.store","https:\/\/www.youtube.com\/c\/DroiX_Store","https:\/\/uk.linkedin.com\/company\/droix"]},{"@type":"Product","@id":"https:\/\/droix.eu\/ro\/product\/anbernic-rg-cube-bag\/#wooCommerceProduct","name":"ANBERNIC RG Cube Bag","description":"Accesoriu oficial ANBERNIC\nProtec\u021bie superioar\u0103 realizat\u0103 din piele premium\nC\u0103ptu\u0219eal\u0103 din material textil moale pentru protec\u021bie suplimentar\u0103.","url":"https:\/\/droix.eu\/ro\/product\/anbernic-rg-cube-bag\/","sku":"RG-CUBE-BAG","gtin":"5060763679351","image":{"@type":"ImageObject","url":"https:\/\/droix.eu\/wp-content\/uploads\/2024\/07\/CUBE-CASE.png","@id":"https:\/\/droix.eu\/ro\/product\/anbernic-rg-cube-bag\/#productImage","width":1001,"height":1001,"caption":"Carcas\u0103 Anbernic Cube de culoare neagr\u0103, cu un design compact \u0219i elegant, cu un exterior durabil \u0219i texturat pentru o aderen\u021b\u0103 sporit\u0103. Geanta include inser\u021bii din spum\u0103 personalizate pentru a \u021bine \u00een siguran\u021b\u0103 consola de jocuri Anbernic \u0219i accesoriile, asigur\u00e2nd protec\u021bie \u00een timpul c\u0103l\u0103toriei."},"offers":{"@type":"Offer","url":"https:\/\/droix.eu\/ro\/product\/anbernic-rg-cube-bag\/#wooCommerceOffer","price":12.19,"priceCurrency":"BGN","category":"Accesorii","availability":"https:\/\/schema.org\/OutOfStock","priceSpecification":{"@type":"PriceSpecification","price":12.19,"priceCurrency":"BGN","valueAddedTaxIncluded":"true"},"seller":{"@type":"Organization","@id":"https:\/\/droix.eu\/ro\/#organization"}}},{"@type":"WebPage","@id":"https:\/\/droix.eu\/ro\/product\/anbernic-rg-cube-bag\/#webpage","url":"https:\/\/droix.eu\/ro\/product\/anbernic-rg-cube-bag\/","name":"ANBERNIC RG Cube Bag - DROIX EU","description":"Accesoriu oficial ANBERNIC Protec\u021bie superioar\u0103 realizat\u0103 din piele premium C\u0103ptu\u0219eal\u0103 din material textil moale pentru protec\u021bie suplimentar\u0103. Pachetul include 1x Carcas\u0103","inLanguage":"ro-RO","isPartOf":{"@id":"https:\/\/droix.eu\/ro\/#website"},"breadcrumb":{"@id":"https:\/\/droix.eu\/ro\/product\/anbernic-rg-cube-bag\/#breadcrumblist"},"image":{"@type":"ImageObject","url":"https:\/\/droix.eu\/wp-content\/uploads\/2024\/07\/CUBE-CASE.png","@id":"https:\/\/droix.eu\/ro\/product\/anbernic-rg-cube-bag\/#mainImage","width":1001,"height":1001,"caption":"Carcas\u0103 Anbernic Cube de culoare neagr\u0103, cu un design compact \u0219i elegant, cu un exterior durabil \u0219i texturat pentru o aderen\u021b\u0103 sporit\u0103. Geanta include inser\u021bii din spum\u0103 personalizate pentru a \u021bine \u00een siguran\u021b\u0103 consola de jocuri Anbernic \u0219i accesoriile, asigur\u00e2nd protec\u021bie \u00een timpul c\u0103l\u0103toriei."},"primaryImageOfPage":{"@id":"https:\/\/droix.eu\/ro\/product\/anbernic-rg-cube-bag\/#mainImage"},"datePublished":"2024-07-16T11:40:59+01:00","dateModified":"2026-03-27T12:33:54+00:00"},{"@type":"WebSite","@id":"https:\/\/droix.eu\/ro\/#website","url":"https:\/\/droix.eu\/ro\/","name":"DROIX EU","description":"Get the latest Mini PCs, Ultrabook, PC Gaming Handhelds and more!","inLanguage":"ro-RO","publisher":{"@id":"https:\/\/droix.eu\/ro\/#organization"}}]},"og:locale":"ro_RO","og:site_name":"DROIX EU - Get the latest Mini PCs, Ultrabook, PC Gaming Handhelds and more!","og:type":"article","og:title":"ANBERNIC RG Cube Bag - DROIX EU","og:description":"Accesoriu oficial ANBERNIC Protec\u021bie superioar\u0103 realizat\u0103 din piele premium C\u0103ptu\u0219eal\u0103 din material textil moale pentru protec\u021bie suplimentar\u0103. Pachetul include 1x Carcas\u0103","og:url":"https:\/\/droix.eu\/ro\/product\/anbernic-rg-cube-bag\/","og:image":"https:\/\/droix.eu\/wp-content\/uploads\/2024\/06\/droix-v2-light-logo.png","og:image:secure_url":"https:\/\/droix.eu\/wp-content\/uploads\/2024\/06\/droix-v2-light-logo.png","og:image:width":380,"og:image:height":118,"article:published_time":"2024-07-16T10:40:59+00:00","article:modified_time":"2026-03-27T12:33:54+00:00","article:publisher":"https:\/\/www.facebook.com\/DroiX.Store","twitter:card":"summary_large_image","twitter:site":"@DroiX_Store","twitter:title":"ANBERNIC RG Cube Bag - DROIX EU","twitter:description":"Accesoriu oficial ANBERNIC Protec\u021bie superioar\u0103 realizat\u0103 din piele premium C\u0103ptu\u0219eal\u0103 din material textil moale pentru protec\u021bie suplimentar\u0103. Pachetul include 1x Carcas\u0103","twitter:image":"https:\/\/droix.eu\/wp-content\/uploads\/2024\/06\/droix-v2-light-logo.png"},"aioseo_meta_data":{"post_id":"531529","title":null,"description":null,"keywords":null,"keyphrases":null,"primary_term":null,"canonical_url":null,"og_title":null,"og_description":null,"og_object_type":"default","og_image_type":"default","og_image_url":null,"og_image_width":null,"og_image_height":null,"og_image_custom_url":null,"og_image_custom_fields":null,"og_video":null,"og_custom_url":null,"og_article_section":null,"og_article_tags":null,"twitter_use_og":true,"twitter_card":"default","twitter_image_type":"default","twitter_image_url":null,"twitter_image_custom_url":null,"twitter_image_custom_fields":null,"twitter_title":null,"twitter_description":null,"schema":{"blockGraphs":[],"customGraphs":[],"default":{"data":{"Article":[],"Course":[],"Dataset":[],"FAQPage":[],"Movie":[],"Person":[],"Product":[],"ProductReview":[],"Car":[],"Recipe":[],"Service":[],"SoftwareApplication":[],"WebPage":[]},"graphName":"Product","isEnabled":true},"graphs":[]},"schema_type":"default","schema_type_options":null,"pillar_content":false,"robots_default":true,"robots_noindex":false,"robots_noarchive":false,"robots_nosnippet":false,"robots_nofollow":false,"robots_noimageindex":false,"robots_noodp":false,"robots_notranslate":false,"robots_max_snippet":null,"robots_max_videopreview":null,"robots_max_imagepreview":"large","priority":null,"frequency":null,"local_seo":null,"seo_analyzer_scan_date":"2026-03-27 13:08:30","breadcrumb_settings":null,"limit_modified_date":false,"reviewed_by":null,"open_ai":null,"ai":null,"created":"2025-10-09 05:50:18","updated":"2026-03-27 15:06:47"},"aioseo_breadcrumb":"<div class=\"aioseo-breadcrumbs\"><span class=\"aioseo-breadcrumb\">\n\t<a href=\"https:\/\/droix.eu\/ro\/\" title=\"Home\">Home<\/a>\n<\/span><span class=\"aioseo-breadcrumb-separator\">&raquo;<\/span><span class=\"aioseo-breadcrumb\">\n\t<a href=\"https:\/\/droix.eu\/ro\/product-category\/accesorii\/\" title=\"Accesorii\">Accesorii<\/a>\n<\/span><span class=\"aioseo-breadcrumb-separator\">&raquo;<\/span><span class=\"aioseo-breadcrumb\">\n\t<a href=\"https:\/\/droix.eu\/ro\/product-category\/accesorii\/accesorii-pentru-jocuri\/\" title=\"Accesorii pentru jocuri\">Accesorii pentru jocuri<\/a>\n<\/span><span class=\"aioseo-breadcrumb-separator\">&raquo;<\/span><span class=\"aioseo-breadcrumb\">\n\tANBERNIC RG Cube Bag\n<\/span><\/div>","aioseo_breadcrumb_json":[{"label":"Home","link":"https:\/\/droix.eu\/ro\/"},{"label":"Accesorii","link":"https:\/\/droix.eu\/ro\/product-category\/accesorii\/"},{"label":"Accesorii pentru jocuri","link":"https:\/\/droix.eu\/ro\/product-category\/accesorii\/accesorii-pentru-jocuri\/"},{"label":"ANBERNIC RG Cube Bag","link":"https:\/\/droix.eu\/ro\/product\/anbernic-rg-cube-bag\/"}],"_links":{"self":[{"href":"https:\/\/droix.eu\/ro\/wp-json\/wp\/v2\/product\/531529","targetHints":{"allow":["GET"]}}],"collection":[{"href":"https:\/\/droix.eu\/ro\/wp-json\/wp\/v2\/product"}],"about":[{"href":"https:\/\/droix.eu\/ro\/wp-json\/wp\/v2\/types\/product"}],"version-history":[{"count":0,"href":"https:\/\/droix.eu\/ro\/wp-json\/wp\/v2\/product\/531529\/revisions"}],"wp:featuredmedia":[{"embeddable":true,"href":"https:\/\/droix.eu\/ro\/wp-json\/wp\/v2\/media\/486297"}],"wp:attachment":[{"href":"https:\/\/droix.eu\/ro\/wp-json\/wp\/v2\/media?parent=531529"}],"wp:term":[{"taxonomy":"product_brand","embeddable":true,"href":"https:\/\/droix.eu\/ro\/wp-json\/wp\/v2\/product_brand?post=531529"},{"taxonomy":"product_cat","embeddable":true,"href":"https:\/\/droix.eu\/ro\/wp-json\/wp\/v2\/product_cat?post=531529"},{"taxonomy":"product_tag","embeddable":true,"href":"https:\/\/droix.eu\/ro\/wp-json\/wp\/v2\/product_tag?post=531529"},{"taxonomy":"woo-feed-brand","embeddable":true,"href":"https:\/\/droix.eu\/ro\/wp-json\/wp\/v2\/woo-feed-brand?post=531529"},{"taxonomy":"key-features","embeddable":true,"href":"https:\/\/droix.eu\/ro\/wp-json\/wp\/v2\/key-features?post=531529"}],"curies":[{"name":"wp","href":"https:\/\/api.w.org\/{rel}","templated":true}]}}