{"id":526892,"date":"2022-05-12T22:03:45","date_gmt":"2022-05-12T21:03:45","guid":{"rendered":"https:\/\/droix.eu\/product\/gpd-hardshell-case-pentru-micro-pc\/"},"modified":"2026-04-08T11:33:40","modified_gmt":"2026-04-08T10:33:40","slug":"gpd-hardshell-case-pentru-micro-pc","status":"publish","type":"product","link":"https:\/\/droix.eu\/ro\/product\/gpd-hardshell-case-pentru-micro-pc\/","title":{"rendered":"GPD Hardshell Case pentru GPD Micro PC"},"content":{"rendered":"&#13;\n<p>Accesoriza\u021bi \u0219i proteja\u021bi GPD Micro PC cu geanta de c\u0103l\u0103torie oficial\u0103 GPD Hardshell Carry.<\/p>&#13;\n&#13;\n<p>Este proiectat\u0103 pentru a v\u0103 men\u021bine dispozitivul \u00een siguran\u021b\u0103 cu dou\u0103 benzi elastice \u0219i cu un al doilea compartiment pentru alte accesorii.<\/p>&#13;\n","protected":false},"excerpt":{"rendered":"<ul data-children-count=\"0\">\n<li>Produs <strong>oficial GPD<\/strong> <\/li>\n<li>Conceput pentru <strong>GPD XD Plus<\/strong> \u0219i GPD WIN 2<\/li>\n<li>Compartiment pentru accesorii<\/li>\n<\/ul>\n[cg_accordion title=\"Garan\u021bie de 2 ani pentru toate produsele GPD\"]<\/p>\n<p>Toate produsele GPD vin cu o garan\u021bie de 2 ani \u0219i sunt sus\u021binute de peste 13 ani de servicii de \u00eencredere. Al\u0103tura\u021bi-v\u0103 comunit\u0103\u021bii noastre de peste 500.000 de clien\u021bi ferici\u021bi \u0219i sim\u021bi\u021bi-v\u0103 \u00eencrez\u0103tori \u00een achizi\u021bia dvs. [\/cg_accordion]\n[cg_accordion title=\"Op\u021biuni de plat\u0103 flexibile \u0219i sigure\"]<\/p>\n<p>Bucura\u021bi-v\u0103 de lini\u0219te cu sistemul nostru de plat\u0103 securizat. Accept\u0103m toate metodele majore de plat\u0103, inclusiv cardurile de debit\/credit, PayPal, Apple Pay, Google Pay, Klarna, Afterpay \u0219i Affirm &#8211; oferindu-v\u0103 libertatea de a pl\u0103ti \u00een felul dvs., fie \u00een avans, fie \u00een rate simple. [\/cg_accordion]\n[cg_accordion title=\"Impozite\"]<\/p>\n<p>Pre\u021burile includ TVA aplicabil, care poate fi de p\u00e2n\u0103 la 25% \u00een func\u021bie de \u021bara dumneavoastr\u0103. Suma exact\u0103 este afi\u0219at\u0103 la finalizarea comenzii pentru a asigura transparen\u021ba total\u0103. [\/cg_accordion]\n[cg_accordion title=\"Transport \u0219i retururi\"]<\/p>\n<p>Lucr\u0103m cu peste 10 parteneri de transport de \u00eencredere pentru a ne asigura c\u0103 comanda dvs. ajunge rapid, sigur \u0219i fiabil.<\/p>\n<p>Utiliz\u0103m expedierea Express DDP (Delivered Duty Paid). Aceasta \u00eenseamn\u0103 c\u0103: <\/p>\n<li>Toate taxele vamale \u0219i impozitele sunt deja incluse \u00een pre\u021bul produsului afi\u0219at.<\/li>\n<li>Nu v\u0103 ve\u021bi confrunta cu nicio tax\u0103 surpriz\u0103 la livrare.<\/li>\n<li>\u00cen cazul rar al \u00eent\u00e2rzierilor vamale, echipa noastr\u0103 va gestiona procesul de v\u0103muire pentru dvs. pentru a asigura o livrare f\u0103r\u0103 probleme.<\/li>\n<p>Informa\u021bii importante despre return\u0103ri:<\/p>\n<li>Dac\u0103 returna\u021bi comanda sau solicita\u021bi o rambursare, v\u0103 rug\u0103m s\u0103 re\u021bine\u021bi c\u0103 orice taxe \u0219i impozite pl\u0103tite \u00een numele dvs. \u00een conformitate cu condi\u021biile DDP nu sunt rambursabile.<\/li>\n<p>V\u0103 rug\u0103m s\u0103 consulta\u021bi <a href=\"https:\/\/droix.eu\/ro\/termeni-si-conditii\/\" target=\"_blank\" rel=\"nofollow noopener\">Termenii &amp; Condi\u021biile<\/a> noastre pentru informa\u021bii detaliate.\n<\/ul>\n<p>[\/cg_accordion]\n[cg_accordion title=\"Asisten\u021b\u0103 pentru clien\u021bi\"]<\/p>\n<p>Ave\u021bi o \u00eentrebare? Suntem la un mesaj distan\u021b\u0103 de a v\u0103 rezolva problema! [\/cg_accordion]\n[cg_accordion title=\"Pachetul include\"]<\/p>\n<ul>\n<li>1x GPD Hardshell Case<\/li>\n<\/ul>\n<p>[\/cg_accordion]\n","protected":false},"featured_media":207630,"template":"","meta":{"_acf_changed":false},"product_brand":[],"product_cat":[13343,13384],"product_tag":[],"woo-feed-brand":[],"key-features":[],"class_list":{"0":"post-526892","1":"product","2":"type-product","3":"status-publish","4":"has-post-thumbnail","6":"product_cat-accesorii","7":"product_cat-accesorii-pentru-laptop","8":"product_shipping_class-low-end","9":"pa_accessory-type-protective-case","10":"pa_brands-gpd-ro","11":"pa_compatibility-gpd-micro-pc-ro","13":"first","14":"outofstock","15":"sale","16":"taxable","17":"shipping-taxable","18":"purchasable","19":"product-type-simple"},"acf":[],"aioseo_notices":[],"aioseo_head":"\n\t\t<!-- All in One SEO Pro 4.9.5.2 - aioseo.com -->\n\t<meta name=\"description\" content=\"Produs oficial GPD Conceput pentru GPD XD Plus \u0219i GPD WIN 2 Compartiment pentru accesorii\" \/>\n\t<meta name=\"robots\" content=\"max-image-preview:large\" \/>\n\t<link rel=\"canonical\" href=\"https:\/\/droix.eu\/ro\/product\/gpd-hardshell-case-pentru-micro-pc\/\" \/>\n\t<meta name=\"generator\" content=\"All in One SEO Pro (AIOSEO) 4.9.5.2\" \/>\n\t\t<meta property=\"og:locale\" content=\"ro_RO\" \/>\n\t\t<meta property=\"og:site_name\" content=\"DROIX EU - Get the latest Mini PCs, Ultrabook, PC Gaming Handhelds and more!\" \/>\n\t\t<meta property=\"og:type\" content=\"article\" \/>\n\t\t<meta property=\"og:title\" content=\"GPD Hardshell Case pentru GPD Micro PC - DROIX EU\" \/>\n\t\t<meta property=\"og:description\" content=\"Produs oficial GPD Conceput pentru GPD XD Plus \u0219i GPD WIN 2 Compartiment pentru accesorii\" \/>\n\t\t<meta property=\"og:url\" content=\"https:\/\/droix.eu\/ro\/product\/gpd-hardshell-case-pentru-micro-pc\/\" \/>\n\t\t<meta property=\"og:image\" content=\"https:\/\/droix.eu\/wp-content\/uploads\/2024\/06\/droix-v2-light-logo.png\" \/>\n\t\t<meta property=\"og:image:secure_url\" content=\"https:\/\/droix.eu\/wp-content\/uploads\/2024\/06\/droix-v2-light-logo.png\" \/>\n\t\t<meta property=\"og:image:width\" content=\"380\" \/>\n\t\t<meta property=\"og:image:height\" content=\"118\" \/>\n\t\t<meta property=\"article:published_time\" content=\"2022-05-12T21:03:45+00:00\" \/>\n\t\t<meta property=\"article:modified_time\" content=\"2026-04-08T10:33:40+00:00\" \/>\n\t\t<meta property=\"article:publisher\" content=\"https:\/\/www.facebook.com\/DroiX.Store\" \/>\n\t\t<meta name=\"twitter:card\" content=\"summary_large_image\" \/>\n\t\t<meta name=\"twitter:site\" content=\"@DroiX_Store\" \/>\n\t\t<meta name=\"twitter:title\" content=\"GPD Hardshell Case pentru GPD Micro PC - DROIX EU\" \/>\n\t\t<meta name=\"twitter:description\" content=\"Produs oficial GPD Conceput pentru GPD XD Plus \u0219i GPD WIN 2 Compartiment pentru accesorii\" \/>\n\t\t<meta name=\"twitter:image\" content=\"https:\/\/droix.eu\/wp-content\/uploads\/2024\/06\/droix-v2-light-logo.png\" \/>\n\t\t<script type=\"application\/ld+json\" class=\"aioseo-schema\">\n\t\t\t{\"@context\":\"https:\\\/\\\/schema.org\",\"@graph\":[{\"@type\":\"BreadcrumbList\",\"@id\":\"https:\\\/\\\/droix.eu\\\/ro\\\/product\\\/gpd-hardshell-case-pentru-micro-pc\\\/#breadcrumblist\",\"itemListElement\":[{\"@type\":\"ListItem\",\"@id\":\"https:\\\/\\\/droix.eu\\\/ro\\\/#listItem\",\"position\":1,\"name\":\"Home\",\"item\":\"https:\\\/\\\/droix.eu\\\/ro\\\/\",\"nextItem\":{\"@type\":\"ListItem\",\"@id\":\"https:\\\/\\\/droix.eu\\\/ro\\\/product-category\\\/accesorii\\\/#listItem\",\"name\":\"Accesorii\"}},{\"@type\":\"ListItem\",\"@id\":\"https:\\\/\\\/droix.eu\\\/ro\\\/product-category\\\/accesorii\\\/#listItem\",\"position\":2,\"name\":\"Accesorii\",\"item\":\"https:\\\/\\\/droix.eu\\\/ro\\\/product-category\\\/accesorii\\\/\",\"nextItem\":{\"@type\":\"ListItem\",\"@id\":\"https:\\\/\\\/droix.eu\\\/ro\\\/product-category\\\/accesorii\\\/accesorii-pentru-laptop\\\/#listItem\",\"name\":\"Accesorii pentru laptop\"},\"previousItem\":{\"@type\":\"ListItem\",\"@id\":\"https:\\\/\\\/droix.eu\\\/ro\\\/#listItem\",\"name\":\"Home\"}},{\"@type\":\"ListItem\",\"@id\":\"https:\\\/\\\/droix.eu\\\/ro\\\/product-category\\\/accesorii\\\/accesorii-pentru-laptop\\\/#listItem\",\"position\":3,\"name\":\"Accesorii pentru laptop\",\"item\":\"https:\\\/\\\/droix.eu\\\/ro\\\/product-category\\\/accesorii\\\/accesorii-pentru-laptop\\\/\",\"nextItem\":{\"@type\":\"ListItem\",\"@id\":\"https:\\\/\\\/droix.eu\\\/ro\\\/product\\\/gpd-hardshell-case-pentru-micro-pc\\\/#listItem\",\"name\":\"GPD Hardshell Case pentru GPD Micro PC\"},\"previousItem\":{\"@type\":\"ListItem\",\"@id\":\"https:\\\/\\\/droix.eu\\\/ro\\\/product-category\\\/accesorii\\\/#listItem\",\"name\":\"Accesorii\"}},{\"@type\":\"ListItem\",\"@id\":\"https:\\\/\\\/droix.eu\\\/ro\\\/product\\\/gpd-hardshell-case-pentru-micro-pc\\\/#listItem\",\"position\":4,\"name\":\"GPD Hardshell Case pentru GPD Micro PC\",\"previousItem\":{\"@type\":\"ListItem\",\"@id\":\"https:\\\/\\\/droix.eu\\\/ro\\\/product-category\\\/accesorii\\\/accesorii-pentru-laptop\\\/#listItem\",\"name\":\"Accesorii pentru laptop\"}}]},{\"@type\":\"Organization\",\"@id\":\"https:\\\/\\\/droix.eu\\\/ro\\\/#organization\",\"name\":\"DroiX \\u2013 Trusted EU Tech Retailer with 12+ Years Experience\",\"description\":\"DroiX is a leading European technology retailer with over 12 years of experience, offering quality mini PCs, handheld gaming consoles, and tech accessories. We provide hassle-free EU delivery with all taxes included, ensuring a smooth and reliable shopping experience for our customers across Europe.\",\"url\":\"https:\\\/\\\/droix.eu\\\/ro\\\/\",\"logo\":{\"@type\":\"ImageObject\",\"url\":\"https:\\\/\\\/droix.eu\\\/wp-content\\\/uploads\\\/2024\\\/06\\\/droix-v2-light-logo.png\",\"@id\":\"https:\\\/\\\/droix.eu\\\/ro\\\/product\\\/gpd-hardshell-case-pentru-micro-pc\\\/#organizationLogo\",\"width\":380,\"height\":118},\"image\":{\"@id\":\"https:\\\/\\\/droix.eu\\\/ro\\\/product\\\/gpd-hardshell-case-pentru-micro-pc\\\/#organizationLogo\"},\"sameAs\":[\"https:\\\/\\\/www.facebook.com\\\/DroiX.Store\",\"https:\\\/\\\/twitter.com\\\/DroiX_Store\",\"https:\\\/\\\/www.instagram.com\\\/droix.store\\\/\",\"https:\\\/\\\/www.tiktok.com\\\/@droix.store\",\"https:\\\/\\\/www.youtube.com\\\/c\\\/DroiX_Store\",\"https:\\\/\\\/uk.linkedin.com\\\/company\\\/droix\"]},{\"@type\":\"Product\",\"@id\":\"https:\\\/\\\/droix.eu\\\/ro\\\/product\\\/gpd-hardshell-case-pentru-micro-pc\\\/#wooCommerceProduct\",\"name\":\"GPD Hardshell Case pentru GPD Micro PC\",\"description\":\"Produs oficial GPD \\nConceput pentru GPD XD Plus \\u0219i GPD WIN 2\\nCompartiment pentru accesorii\",\"url\":\"https:\\\/\\\/droix.eu\\\/ro\\\/product\\\/gpd-hardshell-case-pentru-micro-pc\\\/\",\"sku\":\"GPD-HARDSHELL-MICRO-PC\",\"gtin\":\"712971998360\",\"image\":{\"@type\":\"ImageObject\",\"url\":\"https:\\\/\\\/droix.eu\\\/wp-content\\\/uploads\\\/2021\\\/12\\\/41ubjjbd1al.jpg\",\"@id\":\"https:\\\/\\\/droix.eu\\\/ro\\\/product\\\/gpd-hardshell-case-pentru-micro-pc\\\/#productImage\",\"width\":500,\"height\":500},\"offers\":{\"@type\":\"Offer\",\"url\":\"https:\\\/\\\/droix.eu\\\/ro\\\/product\\\/gpd-hardshell-case-pentru-micro-pc\\\/#wooCommerceOffer\",\"price\":9.78,\"priceCurrency\":\"EUR\",\"category\":\"Accesorii\",\"availability\":\"https:\\\/\\\/schema.org\\\/OutOfStock\",\"priceSpecification\":{\"@type\":\"PriceSpecification\",\"price\":9.78,\"priceCurrency\":\"EUR\",\"valueAddedTaxIncluded\":\"true\"},\"seller\":{\"@type\":\"Organization\",\"@id\":\"https:\\\/\\\/droix.eu\\\/ro\\\/#organization\"}}},{\"@type\":\"WebPage\",\"@id\":\"https:\\\/\\\/droix.eu\\\/ro\\\/product\\\/gpd-hardshell-case-pentru-micro-pc\\\/#webpage\",\"url\":\"https:\\\/\\\/droix.eu\\\/ro\\\/product\\\/gpd-hardshell-case-pentru-micro-pc\\\/\",\"name\":\"GPD Hardshell Case pentru GPD Micro PC - DROIX EU\",\"description\":\"Produs oficial GPD Conceput pentru GPD XD Plus \\u0219i GPD WIN 2 Compartiment pentru accesorii\",\"inLanguage\":\"ro-RO\",\"isPartOf\":{\"@id\":\"https:\\\/\\\/droix.eu\\\/ro\\\/#website\"},\"breadcrumb\":{\"@id\":\"https:\\\/\\\/droix.eu\\\/ro\\\/product\\\/gpd-hardshell-case-pentru-micro-pc\\\/#breadcrumblist\"},\"image\":{\"@type\":\"ImageObject\",\"url\":\"https:\\\/\\\/droix.eu\\\/wp-content\\\/uploads\\\/2021\\\/12\\\/41ubjjbd1al.jpg\",\"@id\":\"https:\\\/\\\/droix.eu\\\/ro\\\/product\\\/gpd-hardshell-case-pentru-micro-pc\\\/#mainImage\",\"width\":500,\"height\":500},\"primaryImageOfPage\":{\"@id\":\"https:\\\/\\\/droix.eu\\\/ro\\\/product\\\/gpd-hardshell-case-pentru-micro-pc\\\/#mainImage\"},\"datePublished\":\"2022-05-12T22:03:45+01:00\",\"dateModified\":\"2026-04-08T11:33:40+01:00\"},{\"@type\":\"WebSite\",\"@id\":\"https:\\\/\\\/droix.eu\\\/ro\\\/#website\",\"url\":\"https:\\\/\\\/droix.eu\\\/ro\\\/\",\"name\":\"DROIX EU\",\"description\":\"Get the latest Mini PCs, Ultrabook, PC Gaming Handhelds and more!\",\"inLanguage\":\"ro-RO\",\"publisher\":{\"@id\":\"https:\\\/\\\/droix.eu\\\/ro\\\/#organization\"}}]}\n\t\t<\/script>\n\t\t<!-- All in One SEO Pro -->\r\n\t\t<title>GPD Hardshell Case pentru GPD Micro PC - DROIX EU<\/title>\n\n","aioseo_head_json":{"title":"GPD Hardshell Case pentru GPD Micro PC - DROIX EU","description":"Produs oficial GPD Conceput pentru GPD XD Plus \u0219i GPD WIN 2 Compartiment pentru accesorii","canonical_url":"https:\/\/droix.eu\/ro\/product\/gpd-hardshell-case-pentru-micro-pc\/","robots":"max-image-preview:large","keywords":"","webmasterTools":{"miscellaneous":""},"schema":{"@context":"https:\/\/schema.org","@graph":[{"@type":"BreadcrumbList","@id":"https:\/\/droix.eu\/ro\/product\/gpd-hardshell-case-pentru-micro-pc\/#breadcrumblist","itemListElement":[{"@type":"ListItem","@id":"https:\/\/droix.eu\/ro\/#listItem","position":1,"name":"Home","item":"https:\/\/droix.eu\/ro\/","nextItem":{"@type":"ListItem","@id":"https:\/\/droix.eu\/ro\/product-category\/accesorii\/#listItem","name":"Accesorii"}},{"@type":"ListItem","@id":"https:\/\/droix.eu\/ro\/product-category\/accesorii\/#listItem","position":2,"name":"Accesorii","item":"https:\/\/droix.eu\/ro\/product-category\/accesorii\/","nextItem":{"@type":"ListItem","@id":"https:\/\/droix.eu\/ro\/product-category\/accesorii\/accesorii-pentru-laptop\/#listItem","name":"Accesorii pentru laptop"},"previousItem":{"@type":"ListItem","@id":"https:\/\/droix.eu\/ro\/#listItem","name":"Home"}},{"@type":"ListItem","@id":"https:\/\/droix.eu\/ro\/product-category\/accesorii\/accesorii-pentru-laptop\/#listItem","position":3,"name":"Accesorii pentru laptop","item":"https:\/\/droix.eu\/ro\/product-category\/accesorii\/accesorii-pentru-laptop\/","nextItem":{"@type":"ListItem","@id":"https:\/\/droix.eu\/ro\/product\/gpd-hardshell-case-pentru-micro-pc\/#listItem","name":"GPD Hardshell Case pentru GPD Micro PC"},"previousItem":{"@type":"ListItem","@id":"https:\/\/droix.eu\/ro\/product-category\/accesorii\/#listItem","name":"Accesorii"}},{"@type":"ListItem","@id":"https:\/\/droix.eu\/ro\/product\/gpd-hardshell-case-pentru-micro-pc\/#listItem","position":4,"name":"GPD Hardshell Case pentru GPD Micro PC","previousItem":{"@type":"ListItem","@id":"https:\/\/droix.eu\/ro\/product-category\/accesorii\/accesorii-pentru-laptop\/#listItem","name":"Accesorii pentru laptop"}}]},{"@type":"Organization","@id":"https:\/\/droix.eu\/ro\/#organization","name":"DroiX \u2013 Trusted EU Tech Retailer with 12+ Years Experience","description":"DroiX is a leading European technology retailer with over 12 years of experience, offering quality mini PCs, handheld gaming consoles, and tech accessories. We provide hassle-free EU delivery with all taxes included, ensuring a smooth and reliable shopping experience for our customers across Europe.","url":"https:\/\/droix.eu\/ro\/","logo":{"@type":"ImageObject","url":"https:\/\/droix.eu\/wp-content\/uploads\/2024\/06\/droix-v2-light-logo.png","@id":"https:\/\/droix.eu\/ro\/product\/gpd-hardshell-case-pentru-micro-pc\/#organizationLogo","width":380,"height":118},"image":{"@id":"https:\/\/droix.eu\/ro\/product\/gpd-hardshell-case-pentru-micro-pc\/#organizationLogo"},"sameAs":["https:\/\/www.facebook.com\/DroiX.Store","https:\/\/twitter.com\/DroiX_Store","https:\/\/www.instagram.com\/droix.store\/","https:\/\/www.tiktok.com\/@droix.store","https:\/\/www.youtube.com\/c\/DroiX_Store","https:\/\/uk.linkedin.com\/company\/droix"]},{"@type":"Product","@id":"https:\/\/droix.eu\/ro\/product\/gpd-hardshell-case-pentru-micro-pc\/#wooCommerceProduct","name":"GPD Hardshell Case pentru GPD Micro PC","description":"Produs oficial GPD \nConceput pentru GPD XD Plus \u0219i GPD WIN 2\nCompartiment pentru accesorii","url":"https:\/\/droix.eu\/ro\/product\/gpd-hardshell-case-pentru-micro-pc\/","sku":"GPD-HARDSHELL-MICRO-PC","gtin":"712971998360","image":{"@type":"ImageObject","url":"https:\/\/droix.eu\/wp-content\/uploads\/2021\/12\/41ubjjbd1al.jpg","@id":"https:\/\/droix.eu\/ro\/product\/gpd-hardshell-case-pentru-micro-pc\/#productImage","width":500,"height":500},"offers":{"@type":"Offer","url":"https:\/\/droix.eu\/ro\/product\/gpd-hardshell-case-pentru-micro-pc\/#wooCommerceOffer","price":9.78,"priceCurrency":"EUR","category":"Accesorii","availability":"https:\/\/schema.org\/OutOfStock","priceSpecification":{"@type":"PriceSpecification","price":9.78,"priceCurrency":"EUR","valueAddedTaxIncluded":"true"},"seller":{"@type":"Organization","@id":"https:\/\/droix.eu\/ro\/#organization"}}},{"@type":"WebPage","@id":"https:\/\/droix.eu\/ro\/product\/gpd-hardshell-case-pentru-micro-pc\/#webpage","url":"https:\/\/droix.eu\/ro\/product\/gpd-hardshell-case-pentru-micro-pc\/","name":"GPD Hardshell Case pentru GPD Micro PC - DROIX EU","description":"Produs oficial GPD Conceput pentru GPD XD Plus \u0219i GPD WIN 2 Compartiment pentru accesorii","inLanguage":"ro-RO","isPartOf":{"@id":"https:\/\/droix.eu\/ro\/#website"},"breadcrumb":{"@id":"https:\/\/droix.eu\/ro\/product\/gpd-hardshell-case-pentru-micro-pc\/#breadcrumblist"},"image":{"@type":"ImageObject","url":"https:\/\/droix.eu\/wp-content\/uploads\/2021\/12\/41ubjjbd1al.jpg","@id":"https:\/\/droix.eu\/ro\/product\/gpd-hardshell-case-pentru-micro-pc\/#mainImage","width":500,"height":500},"primaryImageOfPage":{"@id":"https:\/\/droix.eu\/ro\/product\/gpd-hardshell-case-pentru-micro-pc\/#mainImage"},"datePublished":"2022-05-12T22:03:45+01:00","dateModified":"2026-04-08T11:33:40+01:00"},{"@type":"WebSite","@id":"https:\/\/droix.eu\/ro\/#website","url":"https:\/\/droix.eu\/ro\/","name":"DROIX EU","description":"Get the latest Mini PCs, Ultrabook, PC Gaming Handhelds and more!","inLanguage":"ro-RO","publisher":{"@id":"https:\/\/droix.eu\/ro\/#organization"}}]},"og:locale":"ro_RO","og:site_name":"DROIX EU - Get the latest Mini PCs, Ultrabook, PC Gaming Handhelds and more!","og:type":"article","og:title":"GPD Hardshell Case pentru GPD Micro PC - DROIX EU","og:description":"Produs oficial GPD Conceput pentru GPD XD Plus \u0219i GPD WIN 2 Compartiment pentru accesorii","og:url":"https:\/\/droix.eu\/ro\/product\/gpd-hardshell-case-pentru-micro-pc\/","og:image":"https:\/\/droix.eu\/wp-content\/uploads\/2024\/06\/droix-v2-light-logo.png","og:image:secure_url":"https:\/\/droix.eu\/wp-content\/uploads\/2024\/06\/droix-v2-light-logo.png","og:image:width":380,"og:image:height":118,"article:published_time":"2022-05-12T21:03:45+00:00","article:modified_time":"2026-04-08T10:33:40+00:00","article:publisher":"https:\/\/www.facebook.com\/DroiX.Store","twitter:card":"summary_large_image","twitter:site":"@DroiX_Store","twitter:title":"GPD Hardshell Case pentru GPD Micro PC - DROIX EU","twitter:description":"Produs oficial GPD Conceput pentru GPD XD Plus \u0219i GPD WIN 2 Compartiment pentru accesorii","twitter:image":"https:\/\/droix.eu\/wp-content\/uploads\/2024\/06\/droix-v2-light-logo.png"},"aioseo_meta_data":{"post_id":"526892","title":null,"description":null,"keywords":null,"keyphrases":null,"primary_term":null,"canonical_url":null,"og_title":null,"og_description":null,"og_object_type":"default","og_image_type":"default","og_image_url":null,"og_image_width":null,"og_image_height":null,"og_image_custom_url":null,"og_image_custom_fields":null,"og_video":null,"og_custom_url":null,"og_article_section":null,"og_article_tags":null,"twitter_use_og":true,"twitter_card":"default","twitter_image_type":"default","twitter_image_url":null,"twitter_image_custom_url":null,"twitter_image_custom_fields":null,"twitter_title":null,"twitter_description":null,"schema":{"blockGraphs":[],"customGraphs":[],"default":{"data":{"Article":[],"Course":[],"Dataset":[],"FAQPage":[],"Movie":[],"Person":[],"Product":[],"ProductReview":[],"Car":[],"Recipe":[],"Service":[],"SoftwareApplication":[],"WebPage":[]},"graphName":"Product","isEnabled":true},"graphs":[]},"schema_type":"default","schema_type_options":null,"pillar_content":false,"robots_default":true,"robots_noindex":false,"robots_noarchive":false,"robots_nosnippet":false,"robots_nofollow":false,"robots_noimageindex":false,"robots_noodp":false,"robots_notranslate":false,"robots_max_snippet":null,"robots_max_videopreview":null,"robots_max_imagepreview":"large","priority":null,"frequency":null,"local_seo":null,"seo_analyzer_scan_date":null,"breadcrumb_settings":null,"limit_modified_date":false,"reviewed_by":null,"open_ai":null,"ai":null,"created":"2025-10-09 03:53:21","updated":"2026-04-08 12:33:02"},"aioseo_breadcrumb":"<div class=\"aioseo-breadcrumbs\"><span class=\"aioseo-breadcrumb\">\n\t<a href=\"https:\/\/droix.eu\/ro\/\" title=\"Home\">Home<\/a>\n<\/span><span class=\"aioseo-breadcrumb-separator\">&raquo;<\/span><span class=\"aioseo-breadcrumb\">\n\t<a href=\"https:\/\/droix.eu\/ro\/product-category\/accesorii\/\" title=\"Accesorii\">Accesorii<\/a>\n<\/span><span class=\"aioseo-breadcrumb-separator\">&raquo;<\/span><span class=\"aioseo-breadcrumb\">\n\t<a href=\"https:\/\/droix.eu\/ro\/product-category\/accesorii\/accesorii-pentru-laptop\/\" title=\"Accesorii pentru laptop\">Accesorii pentru laptop<\/a>\n<\/span><span class=\"aioseo-breadcrumb-separator\">&raquo;<\/span><span class=\"aioseo-breadcrumb\">\n\tGPD Hardshell Case pentru GPD Micro PC\n<\/span><\/div>","aioseo_breadcrumb_json":[{"label":"Home","link":"https:\/\/droix.eu\/ro\/"},{"label":"Accesorii","link":"https:\/\/droix.eu\/ro\/product-category\/accesorii\/"},{"label":"Accesorii pentru laptop","link":"https:\/\/droix.eu\/ro\/product-category\/accesorii\/accesorii-pentru-laptop\/"},{"label":"GPD Hardshell Case pentru GPD Micro PC","link":"https:\/\/droix.eu\/ro\/product\/gpd-hardshell-case-pentru-micro-pc\/"}],"_links":{"self":[{"href":"https:\/\/droix.eu\/ro\/wp-json\/wp\/v2\/product\/526892","targetHints":{"allow":["GET"]}}],"collection":[{"href":"https:\/\/droix.eu\/ro\/wp-json\/wp\/v2\/product"}],"about":[{"href":"https:\/\/droix.eu\/ro\/wp-json\/wp\/v2\/types\/product"}],"version-history":[{"count":0,"href":"https:\/\/droix.eu\/ro\/wp-json\/wp\/v2\/product\/526892\/revisions"}],"wp:featuredmedia":[{"embeddable":true,"href":"https:\/\/droix.eu\/ro\/wp-json\/wp\/v2\/media\/207630"}],"wp:attachment":[{"href":"https:\/\/droix.eu\/ro\/wp-json\/wp\/v2\/media?parent=526892"}],"wp:term":[{"taxonomy":"product_brand","embeddable":true,"href":"https:\/\/droix.eu\/ro\/wp-json\/wp\/v2\/product_brand?post=526892"},{"taxonomy":"product_cat","embeddable":true,"href":"https:\/\/droix.eu\/ro\/wp-json\/wp\/v2\/product_cat?post=526892"},{"taxonomy":"product_tag","embeddable":true,"href":"https:\/\/droix.eu\/ro\/wp-json\/wp\/v2\/product_tag?post=526892"},{"taxonomy":"woo-feed-brand","embeddable":true,"href":"https:\/\/droix.eu\/ro\/wp-json\/wp\/v2\/woo-feed-brand?post=526892"},{"taxonomy":"key-features","embeddable":true,"href":"https:\/\/droix.eu\/ro\/wp-json\/wp\/v2\/key-features?post=526892"}],"curies":[{"name":"wp","href":"https:\/\/api.w.org\/{rel}","templated":true}]}}