{"id":526283,"date":"2022-02-14T10:48:08","date_gmt":"2022-02-14T10:48:08","guid":{"rendered":"https:\/\/droix.eu\/product\/husa-de-protectie-oficiala-gpd-pocket-3\/"},"modified":"2025-08-18T13:38:08","modified_gmt":"2025-08-18T12:38:08","slug":"husa-de-protectie-oficiala-gpd-pocket-3","status":"publish","type":"product","link":"https:\/\/droix.eu\/ro\/product\/husa-de-protectie-oficiala-gpd-pocket-3\/","title":{"rendered":"Carcas\u0103 de protec\u021bie oficial\u0103 GPD POCKET 3"},"content":{"rendered":"<p>Conceput\u0103 de GPD pentru GPD P2 Max, GPD Pocket 3 \u0219i GPD WIN Max, aceast\u0103 hus\u0103 de protec\u021bie este elegant\u0103 \u0219i stilat\u0103.<\/p>\n","protected":false},"excerpt":{"rendered":"<ul>\n<li>Produs <strong>oficial GPD<\/strong> <\/li>\n<li>Conceput pentru <strong>GPD POCKET 3<\/strong> Mini Laptop<\/li>\n<li>Textur\u0103 <strong>Faux Leather<\/strong><\/li>\n<li>Capac <strong>Magnetic<\/strong><\/li>\n<\/ul>\n[droix_global_accordions]\n[cg_accordion title=\"Pachetul include\"]<\/p>\n<ul>\n<li>1x Carcas\u0103 de protec\u021bie oficial\u0103 GPD POCKET 3<\/li>\n<\/ul>\n<p>[\/cg_accordion]\n","protected":false},"featured_media":323641,"template":"","meta":{"_acf_changed":false},"product_brand":[],"product_cat":[13343,13384],"product_tag":[],"woo-feed-brand":[2198],"key-features":[],"class_list":{"0":"post-526283","1":"product","2":"type-product","3":"status-publish","4":"has-post-thumbnail","6":"product_cat-accesorii","7":"product_cat-accesorii-pentru-laptop","8":"product_shipping_class-low-end","9":"pa_accessory-type-protective-case","10":"pa_brands-gpd-ro","11":"pa_compatibility-gpd-pocket-3-ro","12":"woo-feed-brand-gpd","14":"first","15":"outofstock","16":"taxable","17":"shipping-taxable","18":"purchasable","19":"product-type-simple"},"acf":[],"aioseo_notices":[],"aioseo_head":"\n\t\t<!-- All in One SEO Pro 4.9.6.2 - aioseo.com -->\n\t<meta name=\"description\" content=\"Produs oficial GPD Conceput pentru GPD POCKET 3 Mini Laptop Textur\u0103 Faux Leather Capac Magnetic Pachetul include 1x Carcas\u0103 de protec\u021bie oficial\u0103 GPD POCKET 3\" \/>\n\t<meta name=\"robots\" content=\"max-image-preview:large\" \/>\n\t<link rel=\"canonical\" href=\"https:\/\/droix.eu\/ro\/product\/husa-de-protectie-oficiala-gpd-pocket-3\/\" \/>\n\t<meta name=\"generator\" content=\"All in One SEO Pro (AIOSEO) 4.9.6.2\" \/>\n\t\t<meta property=\"og:locale\" content=\"ro_RO\" \/>\n\t\t<meta property=\"og:site_name\" content=\"DROIX EU - Get the latest Mini PCs, Ultrabook, PC Gaming Handhelds and more!\" \/>\n\t\t<meta property=\"og:type\" content=\"article\" \/>\n\t\t<meta property=\"og:title\" content=\"Carcas\u0103 de protec\u021bie oficial\u0103 GPD POCKET 3 - DROIX EU\" \/>\n\t\t<meta property=\"og:description\" content=\"Produs oficial GPD Conceput pentru GPD POCKET 3 Mini Laptop Textur\u0103 Faux Leather Capac Magnetic Pachetul include 1x Carcas\u0103 de protec\u021bie oficial\u0103 GPD POCKET 3\" \/>\n\t\t<meta property=\"og:url\" content=\"https:\/\/droix.eu\/ro\/product\/husa-de-protectie-oficiala-gpd-pocket-3\/\" \/>\n\t\t<meta property=\"og:image\" content=\"https:\/\/droix.eu\/wp-content\/uploads\/2024\/06\/droix-v2-light-logo.png\" \/>\n\t\t<meta property=\"og:image:secure_url\" content=\"https:\/\/droix.eu\/wp-content\/uploads\/2024\/06\/droix-v2-light-logo.png\" \/>\n\t\t<meta property=\"og:image:width\" content=\"380\" \/>\n\t\t<meta property=\"og:image:height\" content=\"118\" \/>\n\t\t<meta property=\"article:published_time\" content=\"2022-02-14T10:48:08+00:00\" \/>\n\t\t<meta property=\"article:modified_time\" content=\"2025-08-18T12:38:08+00:00\" \/>\n\t\t<meta property=\"article:publisher\" content=\"https:\/\/www.facebook.com\/DroiX.Store\" \/>\n\t\t<meta name=\"twitter:card\" content=\"summary_large_image\" \/>\n\t\t<meta name=\"twitter:site\" content=\"@DroiX_Store\" \/>\n\t\t<meta name=\"twitter:title\" content=\"Carcas\u0103 de protec\u021bie oficial\u0103 GPD POCKET 3 - DROIX EU\" \/>\n\t\t<meta name=\"twitter:description\" content=\"Produs oficial GPD Conceput pentru GPD POCKET 3 Mini Laptop Textur\u0103 Faux Leather Capac Magnetic Pachetul include 1x Carcas\u0103 de protec\u021bie oficial\u0103 GPD POCKET 3\" \/>\n\t\t<meta name=\"twitter:image\" content=\"https:\/\/droix.eu\/wp-content\/uploads\/2024\/06\/droix-v2-light-logo.png\" \/>\n\t\t<script type=\"application\/ld+json\" class=\"aioseo-schema\">\n\t\t\t{\"@context\":\"https:\\\/\\\/schema.org\",\"@graph\":[{\"@type\":\"BreadcrumbList\",\"@id\":\"https:\\\/\\\/droix.eu\\\/ro\\\/product\\\/husa-de-protectie-oficiala-gpd-pocket-3\\\/#breadcrumblist\",\"itemListElement\":[{\"@type\":\"ListItem\",\"@id\":\"https:\\\/\\\/droix.eu\\\/ro\\\/#listItem\",\"position\":1,\"name\":\"Home\",\"item\":\"https:\\\/\\\/droix.eu\\\/ro\\\/\",\"nextItem\":{\"@type\":\"ListItem\",\"@id\":\"https:\\\/\\\/droix.eu\\\/ro\\\/product-category\\\/accesorii\\\/#listItem\",\"name\":\"Accesorii\"}},{\"@type\":\"ListItem\",\"@id\":\"https:\\\/\\\/droix.eu\\\/ro\\\/product-category\\\/accesorii\\\/#listItem\",\"position\":2,\"name\":\"Accesorii\",\"item\":\"https:\\\/\\\/droix.eu\\\/ro\\\/product-category\\\/accesorii\\\/\",\"nextItem\":{\"@type\":\"ListItem\",\"@id\":\"https:\\\/\\\/droix.eu\\\/ro\\\/product-category\\\/accesorii\\\/accesorii-pentru-laptop\\\/#listItem\",\"name\":\"Accesorii pentru laptop\"},\"previousItem\":{\"@type\":\"ListItem\",\"@id\":\"https:\\\/\\\/droix.eu\\\/ro\\\/#listItem\",\"name\":\"Home\"}},{\"@type\":\"ListItem\",\"@id\":\"https:\\\/\\\/droix.eu\\\/ro\\\/product-category\\\/accesorii\\\/accesorii-pentru-laptop\\\/#listItem\",\"position\":3,\"name\":\"Accesorii pentru laptop\",\"item\":\"https:\\\/\\\/droix.eu\\\/ro\\\/product-category\\\/accesorii\\\/accesorii-pentru-laptop\\\/\",\"nextItem\":{\"@type\":\"ListItem\",\"@id\":\"https:\\\/\\\/droix.eu\\\/ro\\\/product\\\/husa-de-protectie-oficiala-gpd-pocket-3\\\/#listItem\",\"name\":\"Carcas\\u0103 de protec\\u021bie oficial\\u0103 GPD POCKET 3\"},\"previousItem\":{\"@type\":\"ListItem\",\"@id\":\"https:\\\/\\\/droix.eu\\\/ro\\\/product-category\\\/accesorii\\\/#listItem\",\"name\":\"Accesorii\"}},{\"@type\":\"ListItem\",\"@id\":\"https:\\\/\\\/droix.eu\\\/ro\\\/product\\\/husa-de-protectie-oficiala-gpd-pocket-3\\\/#listItem\",\"position\":4,\"name\":\"Carcas\\u0103 de protec\\u021bie oficial\\u0103 GPD POCKET 3\",\"previousItem\":{\"@type\":\"ListItem\",\"@id\":\"https:\\\/\\\/droix.eu\\\/ro\\\/product-category\\\/accesorii\\\/accesorii-pentru-laptop\\\/#listItem\",\"name\":\"Accesorii pentru laptop\"}}]},{\"@type\":\"Organization\",\"@id\":\"https:\\\/\\\/droix.eu\\\/ro\\\/#organization\",\"name\":\"DroiX \\u2013 Trusted EU Tech Retailer with 12+ Years Experience\",\"description\":\"DroiX is a leading European technology retailer with over 12 years of experience, offering quality mini PCs, handheld gaming consoles, and tech accessories. We provide hassle-free EU delivery with all taxes included, ensuring a smooth and reliable shopping experience for our customers across Europe.\",\"url\":\"https:\\\/\\\/droix.eu\\\/ro\\\/\",\"logo\":{\"@type\":\"ImageObject\",\"url\":\"https:\\\/\\\/droix.eu\\\/wp-content\\\/uploads\\\/2024\\\/06\\\/droix-v2-light-logo.png\",\"@id\":\"https:\\\/\\\/droix.eu\\\/ro\\\/product\\\/husa-de-protectie-oficiala-gpd-pocket-3\\\/#organizationLogo\",\"width\":380,\"height\":118},\"image\":{\"@id\":\"https:\\\/\\\/droix.eu\\\/ro\\\/product\\\/husa-de-protectie-oficiala-gpd-pocket-3\\\/#organizationLogo\"},\"sameAs\":[\"https:\\\/\\\/www.facebook.com\\\/DroiX.Store\",\"https:\\\/\\\/twitter.com\\\/DroiX_Store\",\"https:\\\/\\\/www.instagram.com\\\/droix.store\\\/\",\"https:\\\/\\\/www.tiktok.com\\\/@droix.store\",\"https:\\\/\\\/www.youtube.com\\\/c\\\/DroiX_Store\",\"https:\\\/\\\/uk.linkedin.com\\\/company\\\/droix\"]},{\"@type\":\"Product\",\"@id\":\"https:\\\/\\\/droix.eu\\\/ro\\\/product\\\/husa-de-protectie-oficiala-gpd-pocket-3\\\/#wooCommerceProduct\",\"name\":\"Carcas\\u0103 de protec\\u021bie oficial\\u0103 GPD POCKET 3\",\"description\":\"Produs oficial GPD \\n \\tConceput pentru GPD POCKET 3 Mini Laptop\\n \\tTextur\\u0103 Faux Leather\\n \\tCapac Magnetic\",\"url\":\"https:\\\/\\\/droix.eu\\\/ro\\\/product\\\/husa-de-protectie-oficiala-gpd-pocket-3\\\/\",\"sku\":\"GPD-POCKET-3-PROTECTIVE-CASE\",\"gtin\":\"5060763670358\",\"image\":{\"@type\":\"ImageObject\",\"url\":\"https:\\\/\\\/droix.eu\\\/wp-content\\\/uploads\\\/2022\\\/02\\\/GPD_POCKET_3-CASE-WC-DONE-LISTING-IMAGE-1.png\",\"@id\":\"https:\\\/\\\/droix.eu\\\/ro\\\/product\\\/husa-de-protectie-oficiala-gpd-pocket-3\\\/#productImage\",\"width\":1000,\"height\":1000,\"caption\":\"GPD POCKET 3 geant\\u0103 din piele imagine principal\\u0103\"},\"offers\":{\"@type\":\"Offer\",\"url\":\"https:\\\/\\\/droix.eu\\\/ro\\\/product\\\/husa-de-protectie-oficiala-gpd-pocket-3\\\/#wooCommerceOffer\",\"price\":27.63,\"priceCurrency\":\"EUR\",\"category\":\"Accesorii\",\"availability\":\"https:\\\/\\\/schema.org\\\/OutOfStock\",\"priceSpecification\":{\"@type\":\"PriceSpecification\",\"price\":27.63,\"priceCurrency\":\"EUR\",\"valueAddedTaxIncluded\":\"true\"},\"seller\":{\"@type\":\"Organization\",\"@id\":\"https:\\\/\\\/droix.eu\\\/ro\\\/#organization\"}}},{\"@type\":\"WebPage\",\"@id\":\"https:\\\/\\\/droix.eu\\\/ro\\\/product\\\/husa-de-protectie-oficiala-gpd-pocket-3\\\/#webpage\",\"url\":\"https:\\\/\\\/droix.eu\\\/ro\\\/product\\\/husa-de-protectie-oficiala-gpd-pocket-3\\\/\",\"name\":\"Carcas\\u0103 de protec\\u021bie oficial\\u0103 GPD POCKET 3 - DROIX EU\",\"description\":\"Produs oficial GPD Conceput pentru GPD POCKET 3 Mini Laptop Textur\\u0103 Faux Leather Capac Magnetic Pachetul include 1x Carcas\\u0103 de protec\\u021bie oficial\\u0103 GPD POCKET 3\",\"inLanguage\":\"ro-RO\",\"isPartOf\":{\"@id\":\"https:\\\/\\\/droix.eu\\\/ro\\\/#website\"},\"breadcrumb\":{\"@id\":\"https:\\\/\\\/droix.eu\\\/ro\\\/product\\\/husa-de-protectie-oficiala-gpd-pocket-3\\\/#breadcrumblist\"},\"image\":{\"@type\":\"ImageObject\",\"url\":\"https:\\\/\\\/droix.eu\\\/wp-content\\\/uploads\\\/2022\\\/02\\\/GPD_POCKET_3-CASE-WC-DONE-LISTING-IMAGE-1.png\",\"@id\":\"https:\\\/\\\/droix.eu\\\/ro\\\/product\\\/husa-de-protectie-oficiala-gpd-pocket-3\\\/#mainImage\",\"width\":1000,\"height\":1000,\"caption\":\"GPD POCKET 3 geant\\u0103 din piele imagine principal\\u0103\"},\"primaryImageOfPage\":{\"@id\":\"https:\\\/\\\/droix.eu\\\/ro\\\/product\\\/husa-de-protectie-oficiala-gpd-pocket-3\\\/#mainImage\"},\"datePublished\":\"2022-02-14T10:48:08+00:00\",\"dateModified\":\"2025-08-18T13:38:08+01:00\"},{\"@type\":\"WebSite\",\"@id\":\"https:\\\/\\\/droix.eu\\\/ro\\\/#website\",\"url\":\"https:\\\/\\\/droix.eu\\\/ro\\\/\",\"name\":\"DROIX EU\",\"description\":\"Get the latest Mini PCs, Ultrabook, PC Gaming Handhelds and more!\",\"inLanguage\":\"ro-RO\",\"publisher\":{\"@id\":\"https:\\\/\\\/droix.eu\\\/ro\\\/#organization\"}}]}\n\t\t<\/script>\n\t\t<!-- All in One SEO Pro -->\r\n\t\t<title>Carcas\u0103 de protec\u021bie oficial\u0103 GPD POCKET 3 - DROIX EU<\/title>\n\n","aioseo_head_json":{"title":"Carcas\u0103 de protec\u021bie oficial\u0103 GPD POCKET 3 - DROIX EU","description":"Produs oficial GPD Conceput pentru GPD POCKET 3 Mini Laptop Textur\u0103 Faux Leather Capac Magnetic Pachetul include 1x Carcas\u0103 de protec\u021bie oficial\u0103 GPD POCKET 3","canonical_url":"https:\/\/droix.eu\/ro\/product\/husa-de-protectie-oficiala-gpd-pocket-3\/","robots":"max-image-preview:large","keywords":"","webmasterTools":{"miscellaneous":""},"schema":{"@context":"https:\/\/schema.org","@graph":[{"@type":"BreadcrumbList","@id":"https:\/\/droix.eu\/ro\/product\/husa-de-protectie-oficiala-gpd-pocket-3\/#breadcrumblist","itemListElement":[{"@type":"ListItem","@id":"https:\/\/droix.eu\/ro\/#listItem","position":1,"name":"Home","item":"https:\/\/droix.eu\/ro\/","nextItem":{"@type":"ListItem","@id":"https:\/\/droix.eu\/ro\/product-category\/accesorii\/#listItem","name":"Accesorii"}},{"@type":"ListItem","@id":"https:\/\/droix.eu\/ro\/product-category\/accesorii\/#listItem","position":2,"name":"Accesorii","item":"https:\/\/droix.eu\/ro\/product-category\/accesorii\/","nextItem":{"@type":"ListItem","@id":"https:\/\/droix.eu\/ro\/product-category\/accesorii\/accesorii-pentru-laptop\/#listItem","name":"Accesorii pentru laptop"},"previousItem":{"@type":"ListItem","@id":"https:\/\/droix.eu\/ro\/#listItem","name":"Home"}},{"@type":"ListItem","@id":"https:\/\/droix.eu\/ro\/product-category\/accesorii\/accesorii-pentru-laptop\/#listItem","position":3,"name":"Accesorii pentru laptop","item":"https:\/\/droix.eu\/ro\/product-category\/accesorii\/accesorii-pentru-laptop\/","nextItem":{"@type":"ListItem","@id":"https:\/\/droix.eu\/ro\/product\/husa-de-protectie-oficiala-gpd-pocket-3\/#listItem","name":"Carcas\u0103 de protec\u021bie oficial\u0103 GPD POCKET 3"},"previousItem":{"@type":"ListItem","@id":"https:\/\/droix.eu\/ro\/product-category\/accesorii\/#listItem","name":"Accesorii"}},{"@type":"ListItem","@id":"https:\/\/droix.eu\/ro\/product\/husa-de-protectie-oficiala-gpd-pocket-3\/#listItem","position":4,"name":"Carcas\u0103 de protec\u021bie oficial\u0103 GPD POCKET 3","previousItem":{"@type":"ListItem","@id":"https:\/\/droix.eu\/ro\/product-category\/accesorii\/accesorii-pentru-laptop\/#listItem","name":"Accesorii pentru laptop"}}]},{"@type":"Organization","@id":"https:\/\/droix.eu\/ro\/#organization","name":"DroiX \u2013 Trusted EU Tech Retailer with 12+ Years Experience","description":"DroiX is a leading European technology retailer with over 12 years of experience, offering quality mini PCs, handheld gaming consoles, and tech accessories. We provide hassle-free EU delivery with all taxes included, ensuring a smooth and reliable shopping experience for our customers across Europe.","url":"https:\/\/droix.eu\/ro\/","logo":{"@type":"ImageObject","url":"https:\/\/droix.eu\/wp-content\/uploads\/2024\/06\/droix-v2-light-logo.png","@id":"https:\/\/droix.eu\/ro\/product\/husa-de-protectie-oficiala-gpd-pocket-3\/#organizationLogo","width":380,"height":118},"image":{"@id":"https:\/\/droix.eu\/ro\/product\/husa-de-protectie-oficiala-gpd-pocket-3\/#organizationLogo"},"sameAs":["https:\/\/www.facebook.com\/DroiX.Store","https:\/\/twitter.com\/DroiX_Store","https:\/\/www.instagram.com\/droix.store\/","https:\/\/www.tiktok.com\/@droix.store","https:\/\/www.youtube.com\/c\/DroiX_Store","https:\/\/uk.linkedin.com\/company\/droix"]},{"@type":"Product","@id":"https:\/\/droix.eu\/ro\/product\/husa-de-protectie-oficiala-gpd-pocket-3\/#wooCommerceProduct","name":"Carcas\u0103 de protec\u021bie oficial\u0103 GPD POCKET 3","description":"Produs oficial GPD \n \tConceput pentru GPD POCKET 3 Mini Laptop\n \tTextur\u0103 Faux Leather\n \tCapac Magnetic","url":"https:\/\/droix.eu\/ro\/product\/husa-de-protectie-oficiala-gpd-pocket-3\/","sku":"GPD-POCKET-3-PROTECTIVE-CASE","gtin":"5060763670358","image":{"@type":"ImageObject","url":"https:\/\/droix.eu\/wp-content\/uploads\/2022\/02\/GPD_POCKET_3-CASE-WC-DONE-LISTING-IMAGE-1.png","@id":"https:\/\/droix.eu\/ro\/product\/husa-de-protectie-oficiala-gpd-pocket-3\/#productImage","width":1000,"height":1000,"caption":"GPD POCKET 3 geant\u0103 din piele imagine principal\u0103"},"offers":{"@type":"Offer","url":"https:\/\/droix.eu\/ro\/product\/husa-de-protectie-oficiala-gpd-pocket-3\/#wooCommerceOffer","price":27.63,"priceCurrency":"EUR","category":"Accesorii","availability":"https:\/\/schema.org\/OutOfStock","priceSpecification":{"@type":"PriceSpecification","price":27.63,"priceCurrency":"EUR","valueAddedTaxIncluded":"true"},"seller":{"@type":"Organization","@id":"https:\/\/droix.eu\/ro\/#organization"}}},{"@type":"WebPage","@id":"https:\/\/droix.eu\/ro\/product\/husa-de-protectie-oficiala-gpd-pocket-3\/#webpage","url":"https:\/\/droix.eu\/ro\/product\/husa-de-protectie-oficiala-gpd-pocket-3\/","name":"Carcas\u0103 de protec\u021bie oficial\u0103 GPD POCKET 3 - DROIX EU","description":"Produs oficial GPD Conceput pentru GPD POCKET 3 Mini Laptop Textur\u0103 Faux Leather Capac Magnetic Pachetul include 1x Carcas\u0103 de protec\u021bie oficial\u0103 GPD POCKET 3","inLanguage":"ro-RO","isPartOf":{"@id":"https:\/\/droix.eu\/ro\/#website"},"breadcrumb":{"@id":"https:\/\/droix.eu\/ro\/product\/husa-de-protectie-oficiala-gpd-pocket-3\/#breadcrumblist"},"image":{"@type":"ImageObject","url":"https:\/\/droix.eu\/wp-content\/uploads\/2022\/02\/GPD_POCKET_3-CASE-WC-DONE-LISTING-IMAGE-1.png","@id":"https:\/\/droix.eu\/ro\/product\/husa-de-protectie-oficiala-gpd-pocket-3\/#mainImage","width":1000,"height":1000,"caption":"GPD POCKET 3 geant\u0103 din piele imagine principal\u0103"},"primaryImageOfPage":{"@id":"https:\/\/droix.eu\/ro\/product\/husa-de-protectie-oficiala-gpd-pocket-3\/#mainImage"},"datePublished":"2022-02-14T10:48:08+00:00","dateModified":"2025-08-18T13:38:08+01:00"},{"@type":"WebSite","@id":"https:\/\/droix.eu\/ro\/#website","url":"https:\/\/droix.eu\/ro\/","name":"DROIX EU","description":"Get the latest Mini PCs, Ultrabook, PC Gaming Handhelds and more!","inLanguage":"ro-RO","publisher":{"@id":"https:\/\/droix.eu\/ro\/#organization"}}]},"og:locale":"ro_RO","og:site_name":"DROIX EU - Get the latest Mini PCs, Ultrabook, PC Gaming Handhelds and more!","og:type":"article","og:title":"Carcas\u0103 de protec\u021bie oficial\u0103 GPD POCKET 3 - DROIX EU","og:description":"Produs oficial GPD Conceput pentru GPD POCKET 3 Mini Laptop Textur\u0103 Faux Leather Capac Magnetic Pachetul include 1x Carcas\u0103 de protec\u021bie oficial\u0103 GPD POCKET 3","og:url":"https:\/\/droix.eu\/ro\/product\/husa-de-protectie-oficiala-gpd-pocket-3\/","og:image":"https:\/\/droix.eu\/wp-content\/uploads\/2024\/06\/droix-v2-light-logo.png","og:image:secure_url":"https:\/\/droix.eu\/wp-content\/uploads\/2024\/06\/droix-v2-light-logo.png","og:image:width":380,"og:image:height":118,"article:published_time":"2022-02-14T10:48:08+00:00","article:modified_time":"2025-08-18T12:38:08+00:00","article:publisher":"https:\/\/www.facebook.com\/DroiX.Store","twitter:card":"summary_large_image","twitter:site":"@DroiX_Store","twitter:title":"Carcas\u0103 de protec\u021bie oficial\u0103 GPD POCKET 3 - DROIX EU","twitter:description":"Produs oficial GPD Conceput pentru GPD POCKET 3 Mini Laptop Textur\u0103 Faux Leather Capac Magnetic Pachetul include 1x Carcas\u0103 de protec\u021bie oficial\u0103 GPD POCKET 3","twitter:image":"https:\/\/droix.eu\/wp-content\/uploads\/2024\/06\/droix-v2-light-logo.png"},"aioseo_meta_data":{"post_id":"526283","title":null,"description":null,"keywords":null,"keyphrases":null,"primary_term":null,"canonical_url":null,"og_title":null,"og_description":null,"og_object_type":"default","og_image_type":"default","og_image_url":null,"og_image_width":null,"og_image_height":null,"og_image_custom_url":null,"og_image_custom_fields":null,"og_video":null,"og_custom_url":null,"og_article_section":null,"og_article_tags":null,"twitter_use_og":true,"twitter_card":"default","twitter_image_type":"default","twitter_image_url":null,"twitter_image_custom_url":null,"twitter_image_custom_fields":null,"twitter_title":null,"twitter_description":null,"schema":{"blockGraphs":[],"customGraphs":[],"default":{"data":{"Article":[],"Course":[],"Dataset":[],"FAQPage":[],"Movie":[],"Person":[],"Product":[],"ProductReview":[],"Car":[],"Recipe":[],"Service":[],"SoftwareApplication":[],"WebPage":[]},"graphName":"","isEnabled":true},"graphs":[]},"schema_type":"default","schema_type_options":null,"pillar_content":false,"robots_default":true,"robots_noindex":false,"robots_noarchive":false,"robots_nosnippet":false,"robots_nofollow":false,"robots_noimageindex":false,"robots_noodp":false,"robots_notranslate":false,"robots_max_snippet":null,"robots_max_videopreview":null,"robots_max_imagepreview":"large","priority":null,"frequency":null,"local_seo":null,"seo_analyzer_scan_date":"2025-10-24 08:59:53","breadcrumb_settings":null,"limit_modified_date":false,"reviewed_by":null,"open_ai":null,"ai":null,"created":"2025-10-09 03:45:33","updated":"2025-11-27 01:50:45"},"aioseo_breadcrumb":"<div class=\"aioseo-breadcrumbs\"><span class=\"aioseo-breadcrumb\">\n\t<a href=\"https:\/\/droix.eu\/ro\/\" title=\"Home\">Home<\/a>\n<\/span><span class=\"aioseo-breadcrumb-separator\">&raquo;<\/span><span class=\"aioseo-breadcrumb\">\n\t<a href=\"https:\/\/droix.eu\/ro\/product-category\/accesorii\/\" title=\"Accesorii\">Accesorii<\/a>\n<\/span><span class=\"aioseo-breadcrumb-separator\">&raquo;<\/span><span class=\"aioseo-breadcrumb\">\n\t<a href=\"https:\/\/droix.eu\/ro\/product-category\/accesorii\/accesorii-pentru-laptop\/\" title=\"Accesorii pentru laptop\">Accesorii pentru laptop<\/a>\n<\/span><span class=\"aioseo-breadcrumb-separator\">&raquo;<\/span><span class=\"aioseo-breadcrumb\">\n\tCarcas\u0103 de protec\u021bie oficial\u0103 GPD POCKET 3\n<\/span><\/div>","aioseo_breadcrumb_json":[{"label":"Home","link":"https:\/\/droix.eu\/ro\/"},{"label":"Accesorii","link":"https:\/\/droix.eu\/ro\/product-category\/accesorii\/"},{"label":"Accesorii pentru laptop","link":"https:\/\/droix.eu\/ro\/product-category\/accesorii\/accesorii-pentru-laptop\/"},{"label":"Carcas\u0103 de protec\u021bie oficial\u0103 GPD POCKET 3","link":"https:\/\/droix.eu\/ro\/product\/husa-de-protectie-oficiala-gpd-pocket-3\/"}],"_links":{"self":[{"href":"https:\/\/droix.eu\/ro\/wp-json\/wp\/v2\/product\/526283","targetHints":{"allow":["GET"]}}],"collection":[{"href":"https:\/\/droix.eu\/ro\/wp-json\/wp\/v2\/product"}],"about":[{"href":"https:\/\/droix.eu\/ro\/wp-json\/wp\/v2\/types\/product"}],"version-history":[{"count":0,"href":"https:\/\/droix.eu\/ro\/wp-json\/wp\/v2\/product\/526283\/revisions"}],"wp:featuredmedia":[{"embeddable":true,"href":"https:\/\/droix.eu\/ro\/wp-json\/wp\/v2\/media\/323641"}],"wp:attachment":[{"href":"https:\/\/droix.eu\/ro\/wp-json\/wp\/v2\/media?parent=526283"}],"wp:term":[{"taxonomy":"product_brand","embeddable":true,"href":"https:\/\/droix.eu\/ro\/wp-json\/wp\/v2\/product_brand?post=526283"},{"taxonomy":"product_cat","embeddable":true,"href":"https:\/\/droix.eu\/ro\/wp-json\/wp\/v2\/product_cat?post=526283"},{"taxonomy":"product_tag","embeddable":true,"href":"https:\/\/droix.eu\/ro\/wp-json\/wp\/v2\/product_tag?post=526283"},{"taxonomy":"woo-feed-brand","embeddable":true,"href":"https:\/\/droix.eu\/ro\/wp-json\/wp\/v2\/woo-feed-brand?post=526283"},{"taxonomy":"key-features","embeddable":true,"href":"https:\/\/droix.eu\/ro\/wp-json\/wp\/v2\/key-features?post=526283"}],"curies":[{"name":"wp","href":"https:\/\/api.w.org\/{rel}","templated":true}]}}