{"id":523464,"date":"2022-11-08T16:39:00","date_gmt":"2022-11-08T16:39:00","guid":{"rendered":"https:\/\/droix.eu\/product\/gpd-win-max-2-2024-4g-lte-add-on\/"},"modified":"2025-12-15T00:04:18","modified_gmt":"2025-12-15T00:04:18","slug":"gpd-win-max-2-2024-4g-lte-add-on","status":"publish","type":"product","link":"https:\/\/droix.eu\/ro\/product\/gpd-win-max-2-2024-4g-lte-add-on\/","title":{"rendered":"GPD WIN MAX 2 \/ 2024 4G LTE Add-on"},"content":{"rendered":"&#13;\n<p>V\u0103 prezent\u0103m cel mai recent modul 4G LTE Add-On pentru <a href=\"https:\/\/droix.eu\/ro\/product\/gpd-win-max-2\/\">GPD WIN MAX 2<\/a> \/ <a href=\"https:\/\/droix.eu\/ro\/product\/gpd-win-max-2-2024\/\">GPD WIN MAX 2 2024<\/a>. Acest add-on revolu\u021bionar permite pasiona\u021bilor de jocuri s\u0103 se bucure de sesiuni de joc ne\u00eentrerupte oriunde \u0219i oric\u00e2nd, datorit\u0103 conectivit\u0103\u021bii 4G f\u0103r\u0103 \u00eentreruperi \u0219i suportului operatorului. <\/p>&#13;\n&#13;\n<p>Dezvoltat ca r\u0103spuns la cerin\u021bele utilizatorilor \u0219i proiectat meticulos pentru a dep\u0103\u0219i constr\u00e2ngerile tehnice, acest modul 4G LTE suport\u0103 re\u021bele 4G TD-LTE, FDD-LTE \u0219i 3G CDMA, oferind o performan\u021b\u0103 comparabil\u0103 cu laptopurile mainstream. Integrarea sa \u00een seria WIN Max 2 2024 deschide o lume de scenarii complexe de joc anterior inaccesibile pe dispozitive portabile. <\/p>&#13;\n","protected":false},"excerpt":{"rendered":"<ul>\n<li><strong>Conectivitate 4G F\u0103r\u0103 \u00centreruperi:<\/strong> Joac\u0103 oriunde, oric\u00e2nd.<\/li>\n<li><strong>Suport Avansat pentru Re\u021bea:<\/strong> 4G TD-LTE, FDD-LTE, 3G CDMA.<\/li>\n<li><strong>Oficial:<\/strong> Proiectat de GPD pentru Win Max 2 \u0219i Win Max 2 2024<\/li>\n<li><strong>Model:<\/strong> Quectel EG25-G<\/li>\n<\/ul>\n<pre>\n<b>IMPORTANT<\/b>\nINSTALATION REQUIRES OPENING DEVICE\nCOMPONENTS ARE SMALL &amp; DELICATE\nWE ARE NOT RESPONSIBLE FOR ANY CUSTOMER DAMAGE<\/pre>\n[droix_global_accordions]\n[cg_accordion title=\"Pachetul include\"]<\/p>\n<ul>\n<li>1x GPD WIN MAX 2 Modul 4G LTE<\/li>\n<li>3x \u0218uruburi<\/li>\n<li>2x Antene<\/li>\n<li>1x Cablu<\/li>\n<\/ul>\n<p>[\/cg_accordion]\n","protected":false},"featured_media":439053,"template":"","meta":{"_acf_changed":false},"product_brand":[],"product_cat":[13343,13344,13384],"product_tag":[],"woo-feed-brand":[],"key-features":[],"class_list":{"0":"post-523464","1":"product","2":"type-product","3":"status-publish","4":"has-post-thumbnail","6":"product_cat-accesorii","7":"product_cat-accesorii-pentru-jocuri","8":"product_cat-accesorii-pentru-laptop","9":"product_shipping_class-low-end","10":"pa_accessory-type-add-ons","11":"pa_brands-gpd-ro","12":"pa_compatibility-gpd-win-max-2-ro","14":"first","15":"outofstock","16":"sale","17":"taxable","18":"shipping-taxable","19":"purchasable","20":"product-type-simple"},"acf":[],"aioseo_notices":[],"aioseo_head":"\n\t\t<!-- All in One SEO Pro 4.9.5.2 - aioseo.com -->\n\t<meta name=\"description\" content=\"Conectivitate 4G F\u0103r\u0103 \u00centreruperi: Joac\u0103 oriunde, oric\u00e2nd. Suport Avansat pentru Re\u021bea: 4G TD-LTE, FDD-LTE, 3G CDMA. Oficial: Proiectat de GPD pentru Win Max 2 \u0219i Win Max 2 2024 Model: Quectel EG25-G IMPORTANT INSTALATION REQUIRES OPENING DEVICE COMPONENTS ARE SMALL &amp; DELICATE WE ARE NOT RESPONSIBLE FOR ANY CUSTOMER DAMAGE Pachetul include 1x GPD WIN MAX 2 Modul 4G LTE 3x \u0218uruburi 2x Antene 1x Cablu\" \/>\n\t<meta name=\"robots\" content=\"max-image-preview:large\" \/>\n\t<link rel=\"canonical\" href=\"https:\/\/droix.eu\/ro\/product\/gpd-win-max-2-2024-4g-lte-add-on\/\" \/>\n\t<meta name=\"generator\" content=\"All in One SEO Pro (AIOSEO) 4.9.5.2\" \/>\n\t\t<meta property=\"og:locale\" content=\"ro_RO\" \/>\n\t\t<meta property=\"og:site_name\" content=\"DROIX EU - Get the latest Mini PCs, Ultrabook, PC Gaming Handhelds and more!\" \/>\n\t\t<meta property=\"og:type\" content=\"article\" \/>\n\t\t<meta property=\"og:title\" content=\"GPD WIN MAX 2 \/ 2024 4G LTE Add-on - DROIX EU\" \/>\n\t\t<meta property=\"og:description\" content=\"Conectivitate 4G F\u0103r\u0103 \u00centreruperi: Joac\u0103 oriunde, oric\u00e2nd. Suport Avansat pentru Re\u021bea: 4G TD-LTE, FDD-LTE, 3G CDMA. Oficial: Proiectat de GPD pentru Win Max 2 \u0219i Win Max 2 2024 Model: Quectel EG25-G IMPORTANT INSTALATION REQUIRES OPENING DEVICE COMPONENTS ARE SMALL &amp; DELICATE WE ARE NOT RESPONSIBLE FOR ANY CUSTOMER DAMAGE Pachetul include 1x GPD WIN MAX 2 Modul 4G LTE 3x \u0218uruburi 2x Antene 1x Cablu\" \/>\n\t\t<meta property=\"og:url\" content=\"https:\/\/droix.eu\/ro\/product\/gpd-win-max-2-2024-4g-lte-add-on\/\" \/>\n\t\t<meta property=\"og:image\" content=\"https:\/\/droix.eu\/wp-content\/uploads\/2024\/06\/droix-v2-light-logo.png\" \/>\n\t\t<meta property=\"og:image:secure_url\" content=\"https:\/\/droix.eu\/wp-content\/uploads\/2024\/06\/droix-v2-light-logo.png\" \/>\n\t\t<meta property=\"og:image:width\" content=\"380\" \/>\n\t\t<meta property=\"og:image:height\" content=\"118\" \/>\n\t\t<meta property=\"article:published_time\" content=\"2022-11-08T16:39:00+00:00\" \/>\n\t\t<meta property=\"article:modified_time\" content=\"2025-12-15T00:04:18+00:00\" \/>\n\t\t<meta property=\"article:publisher\" content=\"https:\/\/www.facebook.com\/DroiX.Store\" \/>\n\t\t<meta name=\"twitter:card\" content=\"summary_large_image\" \/>\n\t\t<meta name=\"twitter:site\" content=\"@DroiX_Store\" \/>\n\t\t<meta name=\"twitter:title\" content=\"GPD WIN MAX 2 \/ 2024 4G LTE Add-on - DROIX EU\" \/>\n\t\t<meta name=\"twitter:description\" content=\"Conectivitate 4G F\u0103r\u0103 \u00centreruperi: Joac\u0103 oriunde, oric\u00e2nd. Suport Avansat pentru Re\u021bea: 4G TD-LTE, FDD-LTE, 3G CDMA. Oficial: Proiectat de GPD pentru Win Max 2 \u0219i Win Max 2 2024 Model: Quectel EG25-G IMPORTANT INSTALATION REQUIRES OPENING DEVICE COMPONENTS ARE SMALL &amp; DELICATE WE ARE NOT RESPONSIBLE FOR ANY CUSTOMER DAMAGE Pachetul include 1x GPD WIN MAX 2 Modul 4G LTE 3x \u0218uruburi 2x Antene 1x Cablu\" \/>\n\t\t<meta name=\"twitter:image\" content=\"https:\/\/droix.eu\/wp-content\/uploads\/2024\/06\/droix-v2-light-logo.png\" \/>\n\t\t<script type=\"application\/ld+json\" class=\"aioseo-schema\">\n\t\t\t{\"@context\":\"https:\\\/\\\/schema.org\",\"@graph\":[{\"@type\":\"BreadcrumbList\",\"@id\":\"https:\\\/\\\/droix.eu\\\/ro\\\/product\\\/gpd-win-max-2-2024-4g-lte-add-on\\\/#breadcrumblist\",\"itemListElement\":[{\"@type\":\"ListItem\",\"@id\":\"https:\\\/\\\/droix.eu\\\/ro\\\/#listItem\",\"position\":1,\"name\":\"Home\",\"item\":\"https:\\\/\\\/droix.eu\\\/ro\\\/\",\"nextItem\":{\"@type\":\"ListItem\",\"@id\":\"https:\\\/\\\/droix.eu\\\/ro\\\/product-category\\\/accesorii\\\/#listItem\",\"name\":\"Accesorii\"}},{\"@type\":\"ListItem\",\"@id\":\"https:\\\/\\\/droix.eu\\\/ro\\\/product-category\\\/accesorii\\\/#listItem\",\"position\":2,\"name\":\"Accesorii\",\"item\":\"https:\\\/\\\/droix.eu\\\/ro\\\/product-category\\\/accesorii\\\/\",\"nextItem\":{\"@type\":\"ListItem\",\"@id\":\"https:\\\/\\\/droix.eu\\\/ro\\\/product-category\\\/accesorii\\\/accesorii-pentru-jocuri\\\/#listItem\",\"name\":\"Accesorii pentru jocuri\"},\"previousItem\":{\"@type\":\"ListItem\",\"@id\":\"https:\\\/\\\/droix.eu\\\/ro\\\/#listItem\",\"name\":\"Home\"}},{\"@type\":\"ListItem\",\"@id\":\"https:\\\/\\\/droix.eu\\\/ro\\\/product-category\\\/accesorii\\\/accesorii-pentru-jocuri\\\/#listItem\",\"position\":3,\"name\":\"Accesorii pentru jocuri\",\"item\":\"https:\\\/\\\/droix.eu\\\/ro\\\/product-category\\\/accesorii\\\/accesorii-pentru-jocuri\\\/\",\"nextItem\":{\"@type\":\"ListItem\",\"@id\":\"https:\\\/\\\/droix.eu\\\/ro\\\/product\\\/gpd-win-max-2-2024-4g-lte-add-on\\\/#listItem\",\"name\":\"GPD WIN MAX 2 \\\/ 2024 4G LTE Add-on\"},\"previousItem\":{\"@type\":\"ListItem\",\"@id\":\"https:\\\/\\\/droix.eu\\\/ro\\\/product-category\\\/accesorii\\\/#listItem\",\"name\":\"Accesorii\"}},{\"@type\":\"ListItem\",\"@id\":\"https:\\\/\\\/droix.eu\\\/ro\\\/product\\\/gpd-win-max-2-2024-4g-lte-add-on\\\/#listItem\",\"position\":4,\"name\":\"GPD WIN MAX 2 \\\/ 2024 4G LTE Add-on\",\"previousItem\":{\"@type\":\"ListItem\",\"@id\":\"https:\\\/\\\/droix.eu\\\/ro\\\/product-category\\\/accesorii\\\/accesorii-pentru-jocuri\\\/#listItem\",\"name\":\"Accesorii pentru jocuri\"}}]},{\"@type\":\"Organization\",\"@id\":\"https:\\\/\\\/droix.eu\\\/ro\\\/#organization\",\"name\":\"DroiX \\u2013 Trusted EU Tech Retailer with 12+ Years Experience\",\"description\":\"DroiX is a leading European technology retailer with over 12 years of experience, offering quality mini PCs, handheld gaming consoles, and tech accessories. We provide hassle-free EU delivery with all taxes included, ensuring a smooth and reliable shopping experience for our customers across Europe.\",\"url\":\"https:\\\/\\\/droix.eu\\\/ro\\\/\",\"logo\":{\"@type\":\"ImageObject\",\"url\":\"https:\\\/\\\/droix.eu\\\/wp-content\\\/uploads\\\/2024\\\/06\\\/droix-v2-light-logo.png\",\"@id\":\"https:\\\/\\\/droix.eu\\\/ro\\\/product\\\/gpd-win-max-2-2024-4g-lte-add-on\\\/#organizationLogo\",\"width\":380,\"height\":118},\"image\":{\"@id\":\"https:\\\/\\\/droix.eu\\\/ro\\\/product\\\/gpd-win-max-2-2024-4g-lte-add-on\\\/#organizationLogo\"},\"sameAs\":[\"https:\\\/\\\/www.facebook.com\\\/DroiX.Store\",\"https:\\\/\\\/twitter.com\\\/DroiX_Store\",\"https:\\\/\\\/www.instagram.com\\\/droix.store\\\/\",\"https:\\\/\\\/www.tiktok.com\\\/@droix.store\",\"https:\\\/\\\/www.youtube.com\\\/c\\\/DroiX_Store\",\"https:\\\/\\\/uk.linkedin.com\\\/company\\\/droix\"]},{\"@type\":\"Product\",\"@id\":\"https:\\\/\\\/droix.eu\\\/ro\\\/product\\\/gpd-win-max-2-2024-4g-lte-add-on\\\/#wooCommerceProduct\",\"name\":\"GPD WIN MAX 2 \\\/ 2024 4G LTE Add-on\",\"description\":\"Conectivitate 4G F\\u0103r\\u0103 \\u00centreruperi: Joac\\u0103 oriunde, oric\\u00e2nd.\\n \\tSuport Avansat pentru Re\\u021bea: 4G TD-LTE, FDD-LTE, 3G CDMA.\\n \\tOficial: Proiectat de GPD pentru Win Max 2 \\u0219i Win Max 2 2024\\n \\tModel: Quectel EG25-G\\n\\n\\n\\nIMPORTANT\\nINSTALATION REQUIRES OPENING DEVICE\\nCOMPONENTS ARE SMALL &amp; DELICATE\\nWE ARE NOT RESPONSIBLE FOR ANY CUSTOMER DAMAGE\",\"url\":\"https:\\\/\\\/droix.eu\\\/ro\\\/product\\\/gpd-win-max-2-2024-4g-lte-add-on\\\/\",\"sku\":\"GPD-WIN_MAX_2-4G_LTE_Module\",\"gtin\":\"5060763673656\",\"image\":{\"@type\":\"ImageObject\",\"url\":\"https:\\\/\\\/droix.eu\\\/wp-content\\\/uploads\\\/2022\\\/11\\\/GPD-WIN-MAX-2-LTE-1.png\",\"@id\":\"https:\\\/\\\/droix.eu\\\/ro\\\/product\\\/gpd-win-max-2-2024-4g-lte-add-on\\\/#productImage\",\"width\":622,\"height\":622,\"caption\":\"GPD WIN MAX 2 4G LTE Add-on\"},\"offers\":{\"@type\":\"Offer\",\"url\":\"https:\\\/\\\/droix.eu\\\/ro\\\/product\\\/gpd-win-max-2-2024-4g-lte-add-on\\\/#wooCommerceOffer\",\"price\":99.57,\"priceCurrency\":\"EUR\",\"category\":\"Accesorii\",\"availability\":\"https:\\\/\\\/schema.org\\\/OutOfStock\",\"priceSpecification\":{\"@type\":\"PriceSpecification\",\"price\":99.57,\"priceCurrency\":\"EUR\",\"valueAddedTaxIncluded\":\"true\"},\"seller\":{\"@type\":\"Organization\",\"@id\":\"https:\\\/\\\/droix.eu\\\/ro\\\/#organization\"}}},{\"@type\":\"WebPage\",\"@id\":\"https:\\\/\\\/droix.eu\\\/ro\\\/product\\\/gpd-win-max-2-2024-4g-lte-add-on\\\/#webpage\",\"url\":\"https:\\\/\\\/droix.eu\\\/ro\\\/product\\\/gpd-win-max-2-2024-4g-lte-add-on\\\/\",\"name\":\"GPD WIN MAX 2 \\\/ 2024 4G LTE Add-on - DROIX EU\",\"description\":\"Conectivitate 4G F\\u0103r\\u0103 \\u00centreruperi: Joac\\u0103 oriunde, oric\\u00e2nd. Suport Avansat pentru Re\\u021bea: 4G TD-LTE, FDD-LTE, 3G CDMA. Oficial: Proiectat de GPD pentru Win Max 2 \\u0219i Win Max 2 2024 Model: Quectel EG25-G IMPORTANT INSTALATION REQUIRES OPENING DEVICE COMPONENTS ARE SMALL & DELICATE WE ARE NOT RESPONSIBLE FOR ANY CUSTOMER DAMAGE Pachetul include 1x GPD WIN MAX 2 Modul 4G LTE 3x \\u0218uruburi 2x Antene 1x Cablu\",\"inLanguage\":\"ro-RO\",\"isPartOf\":{\"@id\":\"https:\\\/\\\/droix.eu\\\/ro\\\/#website\"},\"breadcrumb\":{\"@id\":\"https:\\\/\\\/droix.eu\\\/ro\\\/product\\\/gpd-win-max-2-2024-4g-lte-add-on\\\/#breadcrumblist\"},\"image\":{\"@type\":\"ImageObject\",\"url\":\"https:\\\/\\\/droix.eu\\\/wp-content\\\/uploads\\\/2022\\\/11\\\/GPD-WIN-MAX-2-LTE-1.png\",\"@id\":\"https:\\\/\\\/droix.eu\\\/ro\\\/product\\\/gpd-win-max-2-2024-4g-lte-add-on\\\/#mainImage\",\"width\":622,\"height\":622,\"caption\":\"GPD WIN MAX 2 4G LTE Add-on\"},\"primaryImageOfPage\":{\"@id\":\"https:\\\/\\\/droix.eu\\\/ro\\\/product\\\/gpd-win-max-2-2024-4g-lte-add-on\\\/#mainImage\"},\"datePublished\":\"2022-11-08T16:39:00+00:00\",\"dateModified\":\"2025-12-15T00:04:18+00:00\"},{\"@type\":\"WebSite\",\"@id\":\"https:\\\/\\\/droix.eu\\\/ro\\\/#website\",\"url\":\"https:\\\/\\\/droix.eu\\\/ro\\\/\",\"name\":\"DROIX EU\",\"description\":\"Get the latest Mini PCs, Ultrabook, PC Gaming Handhelds and more!\",\"inLanguage\":\"ro-RO\",\"publisher\":{\"@id\":\"https:\\\/\\\/droix.eu\\\/ro\\\/#organization\"}}]}\n\t\t<\/script>\n\t\t<!-- All in One SEO Pro -->\r\n\t\t<title>GPD WIN MAX 2 \/ 2024 4G LTE Add-on - DROIX EU<\/title>\n\n","aioseo_head_json":{"title":"GPD WIN MAX 2 \/ 2024 4G LTE Add-on - DROIX EU","description":"Conectivitate 4G F\u0103r\u0103 \u00centreruperi: Joac\u0103 oriunde, oric\u00e2nd. Suport Avansat pentru Re\u021bea: 4G TD-LTE, FDD-LTE, 3G CDMA. Oficial: Proiectat de GPD pentru Win Max 2 \u0219i Win Max 2 2024 Model: Quectel EG25-G IMPORTANT INSTALATION REQUIRES OPENING DEVICE COMPONENTS ARE SMALL & DELICATE WE ARE NOT RESPONSIBLE FOR ANY CUSTOMER DAMAGE Pachetul include 1x GPD WIN MAX 2 Modul 4G LTE 3x \u0218uruburi 2x Antene 1x Cablu","canonical_url":"https:\/\/droix.eu\/ro\/product\/gpd-win-max-2-2024-4g-lte-add-on\/","robots":"max-image-preview:large","keywords":"","webmasterTools":{"miscellaneous":""},"schema":{"@context":"https:\/\/schema.org","@graph":[{"@type":"BreadcrumbList","@id":"https:\/\/droix.eu\/ro\/product\/gpd-win-max-2-2024-4g-lte-add-on\/#breadcrumblist","itemListElement":[{"@type":"ListItem","@id":"https:\/\/droix.eu\/ro\/#listItem","position":1,"name":"Home","item":"https:\/\/droix.eu\/ro\/","nextItem":{"@type":"ListItem","@id":"https:\/\/droix.eu\/ro\/product-category\/accesorii\/#listItem","name":"Accesorii"}},{"@type":"ListItem","@id":"https:\/\/droix.eu\/ro\/product-category\/accesorii\/#listItem","position":2,"name":"Accesorii","item":"https:\/\/droix.eu\/ro\/product-category\/accesorii\/","nextItem":{"@type":"ListItem","@id":"https:\/\/droix.eu\/ro\/product-category\/accesorii\/accesorii-pentru-jocuri\/#listItem","name":"Accesorii pentru jocuri"},"previousItem":{"@type":"ListItem","@id":"https:\/\/droix.eu\/ro\/#listItem","name":"Home"}},{"@type":"ListItem","@id":"https:\/\/droix.eu\/ro\/product-category\/accesorii\/accesorii-pentru-jocuri\/#listItem","position":3,"name":"Accesorii pentru jocuri","item":"https:\/\/droix.eu\/ro\/product-category\/accesorii\/accesorii-pentru-jocuri\/","nextItem":{"@type":"ListItem","@id":"https:\/\/droix.eu\/ro\/product\/gpd-win-max-2-2024-4g-lte-add-on\/#listItem","name":"GPD WIN MAX 2 \/ 2024 4G LTE Add-on"},"previousItem":{"@type":"ListItem","@id":"https:\/\/droix.eu\/ro\/product-category\/accesorii\/#listItem","name":"Accesorii"}},{"@type":"ListItem","@id":"https:\/\/droix.eu\/ro\/product\/gpd-win-max-2-2024-4g-lte-add-on\/#listItem","position":4,"name":"GPD WIN MAX 2 \/ 2024 4G LTE Add-on","previousItem":{"@type":"ListItem","@id":"https:\/\/droix.eu\/ro\/product-category\/accesorii\/accesorii-pentru-jocuri\/#listItem","name":"Accesorii pentru jocuri"}}]},{"@type":"Organization","@id":"https:\/\/droix.eu\/ro\/#organization","name":"DroiX \u2013 Trusted EU Tech Retailer with 12+ Years Experience","description":"DroiX is a leading European technology retailer with over 12 years of experience, offering quality mini PCs, handheld gaming consoles, and tech accessories. We provide hassle-free EU delivery with all taxes included, ensuring a smooth and reliable shopping experience for our customers across Europe.","url":"https:\/\/droix.eu\/ro\/","logo":{"@type":"ImageObject","url":"https:\/\/droix.eu\/wp-content\/uploads\/2024\/06\/droix-v2-light-logo.png","@id":"https:\/\/droix.eu\/ro\/product\/gpd-win-max-2-2024-4g-lte-add-on\/#organizationLogo","width":380,"height":118},"image":{"@id":"https:\/\/droix.eu\/ro\/product\/gpd-win-max-2-2024-4g-lte-add-on\/#organizationLogo"},"sameAs":["https:\/\/www.facebook.com\/DroiX.Store","https:\/\/twitter.com\/DroiX_Store","https:\/\/www.instagram.com\/droix.store\/","https:\/\/www.tiktok.com\/@droix.store","https:\/\/www.youtube.com\/c\/DroiX_Store","https:\/\/uk.linkedin.com\/company\/droix"]},{"@type":"Product","@id":"https:\/\/droix.eu\/ro\/product\/gpd-win-max-2-2024-4g-lte-add-on\/#wooCommerceProduct","name":"GPD WIN MAX 2 \/ 2024 4G LTE Add-on","description":"Conectivitate 4G F\u0103r\u0103 \u00centreruperi: Joac\u0103 oriunde, oric\u00e2nd.\n \tSuport Avansat pentru Re\u021bea: 4G TD-LTE, FDD-LTE, 3G CDMA.\n \tOficial: Proiectat de GPD pentru Win Max 2 \u0219i Win Max 2 2024\n \tModel: Quectel EG25-G\n\n\n\nIMPORTANT\nINSTALATION REQUIRES OPENING DEVICE\nCOMPONENTS ARE SMALL &amp; DELICATE\nWE ARE NOT RESPONSIBLE FOR ANY CUSTOMER DAMAGE","url":"https:\/\/droix.eu\/ro\/product\/gpd-win-max-2-2024-4g-lte-add-on\/","sku":"GPD-WIN_MAX_2-4G_LTE_Module","gtin":"5060763673656","image":{"@type":"ImageObject","url":"https:\/\/droix.eu\/wp-content\/uploads\/2022\/11\/GPD-WIN-MAX-2-LTE-1.png","@id":"https:\/\/droix.eu\/ro\/product\/gpd-win-max-2-2024-4g-lte-add-on\/#productImage","width":622,"height":622,"caption":"GPD WIN MAX 2 4G LTE Add-on"},"offers":{"@type":"Offer","url":"https:\/\/droix.eu\/ro\/product\/gpd-win-max-2-2024-4g-lte-add-on\/#wooCommerceOffer","price":99.57,"priceCurrency":"EUR","category":"Accesorii","availability":"https:\/\/schema.org\/OutOfStock","priceSpecification":{"@type":"PriceSpecification","price":99.57,"priceCurrency":"EUR","valueAddedTaxIncluded":"true"},"seller":{"@type":"Organization","@id":"https:\/\/droix.eu\/ro\/#organization"}}},{"@type":"WebPage","@id":"https:\/\/droix.eu\/ro\/product\/gpd-win-max-2-2024-4g-lte-add-on\/#webpage","url":"https:\/\/droix.eu\/ro\/product\/gpd-win-max-2-2024-4g-lte-add-on\/","name":"GPD WIN MAX 2 \/ 2024 4G LTE Add-on - DROIX EU","description":"Conectivitate 4G F\u0103r\u0103 \u00centreruperi: Joac\u0103 oriunde, oric\u00e2nd. Suport Avansat pentru Re\u021bea: 4G TD-LTE, FDD-LTE, 3G CDMA. Oficial: Proiectat de GPD pentru Win Max 2 \u0219i Win Max 2 2024 Model: Quectel EG25-G IMPORTANT INSTALATION REQUIRES OPENING DEVICE COMPONENTS ARE SMALL & DELICATE WE ARE NOT RESPONSIBLE FOR ANY CUSTOMER DAMAGE Pachetul include 1x GPD WIN MAX 2 Modul 4G LTE 3x \u0218uruburi 2x Antene 1x Cablu","inLanguage":"ro-RO","isPartOf":{"@id":"https:\/\/droix.eu\/ro\/#website"},"breadcrumb":{"@id":"https:\/\/droix.eu\/ro\/product\/gpd-win-max-2-2024-4g-lte-add-on\/#breadcrumblist"},"image":{"@type":"ImageObject","url":"https:\/\/droix.eu\/wp-content\/uploads\/2022\/11\/GPD-WIN-MAX-2-LTE-1.png","@id":"https:\/\/droix.eu\/ro\/product\/gpd-win-max-2-2024-4g-lte-add-on\/#mainImage","width":622,"height":622,"caption":"GPD WIN MAX 2 4G LTE Add-on"},"primaryImageOfPage":{"@id":"https:\/\/droix.eu\/ro\/product\/gpd-win-max-2-2024-4g-lte-add-on\/#mainImage"},"datePublished":"2022-11-08T16:39:00+00:00","dateModified":"2025-12-15T00:04:18+00:00"},{"@type":"WebSite","@id":"https:\/\/droix.eu\/ro\/#website","url":"https:\/\/droix.eu\/ro\/","name":"DROIX EU","description":"Get the latest Mini PCs, Ultrabook, PC Gaming Handhelds and more!","inLanguage":"ro-RO","publisher":{"@id":"https:\/\/droix.eu\/ro\/#organization"}}]},"og:locale":"ro_RO","og:site_name":"DROIX EU - Get the latest Mini PCs, Ultrabook, PC Gaming Handhelds and more!","og:type":"article","og:title":"GPD WIN MAX 2 \/ 2024 4G LTE Add-on - DROIX EU","og:description":"Conectivitate 4G F\u0103r\u0103 \u00centreruperi: Joac\u0103 oriunde, oric\u00e2nd. Suport Avansat pentru Re\u021bea: 4G TD-LTE, FDD-LTE, 3G CDMA. Oficial: Proiectat de GPD pentru Win Max 2 \u0219i Win Max 2 2024 Model: Quectel EG25-G IMPORTANT INSTALATION REQUIRES OPENING DEVICE COMPONENTS ARE SMALL &amp; DELICATE WE ARE NOT RESPONSIBLE FOR ANY CUSTOMER DAMAGE Pachetul include 1x GPD WIN MAX 2 Modul 4G LTE 3x \u0218uruburi 2x Antene 1x Cablu","og:url":"https:\/\/droix.eu\/ro\/product\/gpd-win-max-2-2024-4g-lte-add-on\/","og:image":"https:\/\/droix.eu\/wp-content\/uploads\/2024\/06\/droix-v2-light-logo.png","og:image:secure_url":"https:\/\/droix.eu\/wp-content\/uploads\/2024\/06\/droix-v2-light-logo.png","og:image:width":380,"og:image:height":118,"article:published_time":"2022-11-08T16:39:00+00:00","article:modified_time":"2025-12-15T00:04:18+00:00","article:publisher":"https:\/\/www.facebook.com\/DroiX.Store","twitter:card":"summary_large_image","twitter:site":"@DroiX_Store","twitter:title":"GPD WIN MAX 2 \/ 2024 4G LTE Add-on - DROIX EU","twitter:description":"Conectivitate 4G F\u0103r\u0103 \u00centreruperi: Joac\u0103 oriunde, oric\u00e2nd. Suport Avansat pentru Re\u021bea: 4G TD-LTE, FDD-LTE, 3G CDMA. Oficial: Proiectat de GPD pentru Win Max 2 \u0219i Win Max 2 2024 Model: Quectel EG25-G IMPORTANT INSTALATION REQUIRES OPENING DEVICE COMPONENTS ARE SMALL &amp; DELICATE WE ARE NOT RESPONSIBLE FOR ANY CUSTOMER DAMAGE Pachetul include 1x GPD WIN MAX 2 Modul 4G LTE 3x \u0218uruburi 2x Antene 1x Cablu","twitter:image":"https:\/\/droix.eu\/wp-content\/uploads\/2024\/06\/droix-v2-light-logo.png"},"aioseo_meta_data":{"post_id":"523464","title":null,"description":null,"keywords":null,"keyphrases":null,"primary_term":null,"canonical_url":null,"og_title":null,"og_description":null,"og_object_type":"default","og_image_type":"default","og_image_url":null,"og_image_width":null,"og_image_height":null,"og_image_custom_url":null,"og_image_custom_fields":null,"og_video":null,"og_custom_url":null,"og_article_section":null,"og_article_tags":null,"twitter_use_og":true,"twitter_card":"default","twitter_image_type":"default","twitter_image_url":null,"twitter_image_custom_url":null,"twitter_image_custom_fields":null,"twitter_title":null,"twitter_description":null,"schema":{"blockGraphs":[],"customGraphs":[],"default":{"data":{"Article":[],"Course":[],"Dataset":[],"FAQPage":[],"Movie":[],"Person":[],"Product":[],"ProductReview":[],"Car":[],"Recipe":[],"Service":[],"SoftwareApplication":[],"WebPage":[]},"graphName":"","isEnabled":true},"graphs":[]},"schema_type":"default","schema_type_options":null,"pillar_content":false,"robots_default":true,"robots_noindex":false,"robots_noarchive":false,"robots_nosnippet":false,"robots_nofollow":false,"robots_noimageindex":false,"robots_noodp":false,"robots_notranslate":false,"robots_max_snippet":null,"robots_max_videopreview":null,"robots_max_imagepreview":"large","priority":null,"frequency":null,"local_seo":null,"seo_analyzer_scan_date":"2025-10-24 11:43:08","breadcrumb_settings":null,"limit_modified_date":false,"reviewed_by":null,"open_ai":null,"ai":null,"created":"2025-10-09 03:59:48","updated":"2026-01-24 09:04:07"},"aioseo_breadcrumb":"<div class=\"aioseo-breadcrumbs\"><span class=\"aioseo-breadcrumb\">\n\t<a href=\"https:\/\/droix.eu\/ro\/\" title=\"Home\">Home<\/a>\n<\/span><span class=\"aioseo-breadcrumb-separator\">&raquo;<\/span><span class=\"aioseo-breadcrumb\">\n\t<a href=\"https:\/\/droix.eu\/ro\/product-category\/accesorii\/\" title=\"Accesorii\">Accesorii<\/a>\n<\/span><span class=\"aioseo-breadcrumb-separator\">&raquo;<\/span><span class=\"aioseo-breadcrumb\">\n\t<a href=\"https:\/\/droix.eu\/ro\/product-category\/accesorii\/accesorii-pentru-jocuri\/\" title=\"Accesorii pentru jocuri\">Accesorii pentru jocuri<\/a>\n<\/span><span class=\"aioseo-breadcrumb-separator\">&raquo;<\/span><span class=\"aioseo-breadcrumb\">\n\tGPD WIN MAX 2 \/ 2024 4G LTE Add-on\n<\/span><\/div>","aioseo_breadcrumb_json":[{"label":"Home","link":"https:\/\/droix.eu\/ro\/"},{"label":"Accesorii","link":"https:\/\/droix.eu\/ro\/product-category\/accesorii\/"},{"label":"Accesorii pentru jocuri","link":"https:\/\/droix.eu\/ro\/product-category\/accesorii\/accesorii-pentru-jocuri\/"},{"label":"GPD WIN MAX 2 \/ 2024 4G LTE Add-on","link":"https:\/\/droix.eu\/ro\/product\/gpd-win-max-2-2024-4g-lte-add-on\/"}],"_links":{"self":[{"href":"https:\/\/droix.eu\/ro\/wp-json\/wp\/v2\/product\/523464","targetHints":{"allow":["GET"]}}],"collection":[{"href":"https:\/\/droix.eu\/ro\/wp-json\/wp\/v2\/product"}],"about":[{"href":"https:\/\/droix.eu\/ro\/wp-json\/wp\/v2\/types\/product"}],"version-history":[{"count":0,"href":"https:\/\/droix.eu\/ro\/wp-json\/wp\/v2\/product\/523464\/revisions"}],"wp:featuredmedia":[{"embeddable":true,"href":"https:\/\/droix.eu\/ro\/wp-json\/wp\/v2\/media\/439053"}],"wp:attachment":[{"href":"https:\/\/droix.eu\/ro\/wp-json\/wp\/v2\/media?parent=523464"}],"wp:term":[{"taxonomy":"product_brand","embeddable":true,"href":"https:\/\/droix.eu\/ro\/wp-json\/wp\/v2\/product_brand?post=523464"},{"taxonomy":"product_cat","embeddable":true,"href":"https:\/\/droix.eu\/ro\/wp-json\/wp\/v2\/product_cat?post=523464"},{"taxonomy":"product_tag","embeddable":true,"href":"https:\/\/droix.eu\/ro\/wp-json\/wp\/v2\/product_tag?post=523464"},{"taxonomy":"woo-feed-brand","embeddable":true,"href":"https:\/\/droix.eu\/ro\/wp-json\/wp\/v2\/woo-feed-brand?post=523464"},{"taxonomy":"key-features","embeddable":true,"href":"https:\/\/droix.eu\/ro\/wp-json\/wp\/v2\/key-features?post=523464"}],"curies":[{"name":"wp","href":"https:\/\/api.w.org\/{rel}","templated":true}]}}