{"id":518961,"date":"2023-05-25T09:22:48","date_gmt":"2023-05-25T09:22:48","guid":{"rendered":"https:\/\/droix.eu\/product\/gpd-win-4-hardshell-case\/"},"modified":"2026-01-22T14:38:34","modified_gmt":"2026-01-22T14:38:34","slug":"gpd-win-4-hardshell-case","status":"publish","type":"product","link":"https:\/\/droix.eu\/ro\/product\/gpd-win-4-hardshell-case\/","title":{"rendered":"GPD WIN 4 Hardshell Case"},"content":{"rendered":"<p><strong>GPD WIN 4<\/strong> sunt PC-uri de gaming portabile puternice, concepute pentru a oferi o experien\u021b\u0103 de gaming imersiv\u0103 \u00een mi\u0219care. Pentru a proteja aceste dispozitive premium de zg\u00e2rieturi, lovituri \u0219i alte daune externe, un  <strong>carcas\u0103 protectoare dur\u0103<\/strong>  este necesar\u0103. Husa de protec\u021bie GPD WIN 4 hardshell este o hus\u0103 durabil\u0103, u\u0219oar\u0103 \u0219i elegant\u0103, conceput\u0103 special pentru a se potrivi acestor dispozitive portabile de jocuri. Carcasa este fabricat\u0103 din materiale de \u00eenalt\u0103 calitate, cum ar fi policarbonatul \u0219i plasticul ABS, care ofer\u0103 protec\u021bie superioar\u0103 \u00eempotriva impacturilor, zg\u00e2rieturilor \u0219i a altor deterior\u0103ri externe .interiorul carcasei este c\u0103ptu\u0219it cu o \u021bes\u0103tur\u0103 moale \u0219i neted\u0103 care ofer\u0103 protec\u021bie suplimentar\u0103 \u00eempotriva zg\u00e2rieturilor \u0219i prafului. De asemenea, husa are o \u00eenchidere sigur\u0103 cu fermoar care asigur\u0103 c\u0103 dispozitivul portabil r\u0103m\u00e2ne \u00een pozi\u021bie \u00een timpul transportului.<\/p>\n","protected":false},"excerpt":{"rendered":"<ul>\n<li>Hus\u0103 de protec\u021bie <strong>oficial\u0103<\/strong> GPD pentru GPD WIN 4<\/li>\n<li><strong>Carcas\u0103 extern\u0103 durabil\u0103<\/strong> din polimer sintetic<\/li>\n<li>C\u0103ptu\u0219eal\u0103 din material textil moale pentru <strong>protec\u021bie suplimentar\u0103<\/strong>.<\/li>\n<li><strong>Compartiment separat<\/strong> pentru periferice.<\/li>\n<li>Design elegant cu \u00eenchidere sigur\u0103 cu fermoar.<\/li>\n<\/ul>\n<p>[droix_global_accordions]<br \/>\n[cg_accordion title=\"Pachetul include\"]<\/p>\n<ul>\n<li>1x hus\u0103 rigid\u0103 GPD WIN 4<\/li>\n<\/ul>\n<p>[\/cg_accordion]<\/p>\n","protected":false},"featured_media":409301,"template":"","meta":{"_acf_changed":false},"product_brand":[],"product_cat":[13343,13344],"product_tag":[],"woo-feed-brand":[2198],"key-features":[],"class_list":{"0":"post-518961","1":"product","2":"type-product","3":"status-publish","4":"has-post-thumbnail","6":"product_cat-accesorii","7":"product_cat-accesorii-pentru-jocuri","8":"product_shipping_class-low-end","9":"pa_accessory-type-protective-case","10":"pa_brands-gpd-ro","11":"woo-feed-brand-gpd","13":"first","14":"outofstock","15":"sale","16":"taxable","17":"shipping-taxable","18":"purchasable","19":"product-type-simple"},"acf":[],"aioseo_notices":[],"aioseo_head":"\n\t\t<!-- All in One SEO Pro 4.9.6.2 - aioseo.com -->\n\t<meta name=\"description\" content=\"Hus\u0103 de protec\u021bie oficial\u0103 GPD pentru GPD WIN 4 Carcas\u0103 extern\u0103 durabil\u0103 din polimer sintetic C\u0103ptu\u0219eal\u0103 din material textil moale pentru protec\u021bie suplimentar\u0103. Compartiment separat pentru periferice. Design elegant cu \u00eenchidere sigur\u0103 cu fermoar. Pachetul include 1x hus\u0103 rigid\u0103 GPD WIN 4\" \/>\n\t<meta name=\"robots\" content=\"max-image-preview:large\" \/>\n\t<link rel=\"canonical\" href=\"https:\/\/droix.eu\/ro\/product\/gpd-win-4-hardshell-case\/\" \/>\n\t<meta name=\"generator\" content=\"All in One SEO Pro (AIOSEO) 4.9.6.2\" \/>\n\t\t<meta property=\"og:locale\" content=\"ro_RO\" \/>\n\t\t<meta property=\"og:site_name\" content=\"DROIX EU - Get the latest Mini PCs, Ultrabook, PC Gaming Handhelds and more!\" \/>\n\t\t<meta property=\"og:type\" content=\"article\" \/>\n\t\t<meta property=\"og:title\" content=\"GPD WIN 4 Hardshell Case - DROIX EU\" \/>\n\t\t<meta property=\"og:description\" content=\"Hus\u0103 de protec\u021bie oficial\u0103 GPD pentru GPD WIN 4 Carcas\u0103 extern\u0103 durabil\u0103 din polimer sintetic C\u0103ptu\u0219eal\u0103 din material textil moale pentru protec\u021bie suplimentar\u0103. Compartiment separat pentru periferice. Design elegant cu \u00eenchidere sigur\u0103 cu fermoar. Pachetul include 1x hus\u0103 rigid\u0103 GPD WIN 4\" \/>\n\t\t<meta property=\"og:url\" content=\"https:\/\/droix.eu\/ro\/product\/gpd-win-4-hardshell-case\/\" \/>\n\t\t<meta property=\"og:image\" content=\"https:\/\/droix.eu\/wp-content\/uploads\/2024\/06\/droix-v2-light-logo.png\" \/>\n\t\t<meta property=\"og:image:secure_url\" content=\"https:\/\/droix.eu\/wp-content\/uploads\/2024\/06\/droix-v2-light-logo.png\" \/>\n\t\t<meta property=\"og:image:width\" content=\"380\" \/>\n\t\t<meta property=\"og:image:height\" content=\"118\" \/>\n\t\t<meta property=\"article:published_time\" content=\"2023-05-25T09:22:48+00:00\" \/>\n\t\t<meta property=\"article:modified_time\" content=\"2026-01-22T14:38:34+00:00\" \/>\n\t\t<meta property=\"article:publisher\" content=\"https:\/\/www.facebook.com\/DroiX.Store\" \/>\n\t\t<meta name=\"twitter:card\" content=\"summary_large_image\" \/>\n\t\t<meta name=\"twitter:site\" content=\"@DroiX_Store\" \/>\n\t\t<meta name=\"twitter:title\" content=\"GPD WIN 4 Hardshell Case - DROIX EU\" \/>\n\t\t<meta name=\"twitter:description\" content=\"Hus\u0103 de protec\u021bie oficial\u0103 GPD pentru GPD WIN 4 Carcas\u0103 extern\u0103 durabil\u0103 din polimer sintetic C\u0103ptu\u0219eal\u0103 din material textil moale pentru protec\u021bie suplimentar\u0103. Compartiment separat pentru periferice. Design elegant cu \u00eenchidere sigur\u0103 cu fermoar. Pachetul include 1x hus\u0103 rigid\u0103 GPD WIN 4\" \/>\n\t\t<meta name=\"twitter:image\" content=\"https:\/\/droix.eu\/wp-content\/uploads\/2024\/06\/droix-v2-light-logo.png\" \/>\n\t\t<script type=\"application\/ld+json\" class=\"aioseo-schema\">\n\t\t\t{\"@context\":\"https:\\\/\\\/schema.org\",\"@graph\":[{\"@type\":\"BreadcrumbList\",\"@id\":\"https:\\\/\\\/droix.eu\\\/ro\\\/product\\\/gpd-win-4-hardshell-case\\\/#breadcrumblist\",\"itemListElement\":[{\"@type\":\"ListItem\",\"@id\":\"https:\\\/\\\/droix.eu\\\/ro\\\/#listItem\",\"position\":1,\"name\":\"Home\",\"item\":\"https:\\\/\\\/droix.eu\\\/ro\\\/\",\"nextItem\":{\"@type\":\"ListItem\",\"@id\":\"https:\\\/\\\/droix.eu\\\/ro\\\/product-category\\\/accesorii\\\/#listItem\",\"name\":\"Accesorii\"}},{\"@type\":\"ListItem\",\"@id\":\"https:\\\/\\\/droix.eu\\\/ro\\\/product-category\\\/accesorii\\\/#listItem\",\"position\":2,\"name\":\"Accesorii\",\"item\":\"https:\\\/\\\/droix.eu\\\/ro\\\/product-category\\\/accesorii\\\/\",\"nextItem\":{\"@type\":\"ListItem\",\"@id\":\"https:\\\/\\\/droix.eu\\\/ro\\\/product-category\\\/accesorii\\\/accesorii-pentru-jocuri\\\/#listItem\",\"name\":\"Accesorii pentru jocuri\"},\"previousItem\":{\"@type\":\"ListItem\",\"@id\":\"https:\\\/\\\/droix.eu\\\/ro\\\/#listItem\",\"name\":\"Home\"}},{\"@type\":\"ListItem\",\"@id\":\"https:\\\/\\\/droix.eu\\\/ro\\\/product-category\\\/accesorii\\\/accesorii-pentru-jocuri\\\/#listItem\",\"position\":3,\"name\":\"Accesorii pentru jocuri\",\"item\":\"https:\\\/\\\/droix.eu\\\/ro\\\/product-category\\\/accesorii\\\/accesorii-pentru-jocuri\\\/\",\"nextItem\":{\"@type\":\"ListItem\",\"@id\":\"https:\\\/\\\/droix.eu\\\/ro\\\/product\\\/gpd-win-4-hardshell-case\\\/#listItem\",\"name\":\"GPD WIN 4 Hardshell Case\"},\"previousItem\":{\"@type\":\"ListItem\",\"@id\":\"https:\\\/\\\/droix.eu\\\/ro\\\/product-category\\\/accesorii\\\/#listItem\",\"name\":\"Accesorii\"}},{\"@type\":\"ListItem\",\"@id\":\"https:\\\/\\\/droix.eu\\\/ro\\\/product\\\/gpd-win-4-hardshell-case\\\/#listItem\",\"position\":4,\"name\":\"GPD WIN 4 Hardshell Case\",\"previousItem\":{\"@type\":\"ListItem\",\"@id\":\"https:\\\/\\\/droix.eu\\\/ro\\\/product-category\\\/accesorii\\\/accesorii-pentru-jocuri\\\/#listItem\",\"name\":\"Accesorii pentru jocuri\"}}]},{\"@type\":\"Organization\",\"@id\":\"https:\\\/\\\/droix.eu\\\/ro\\\/#organization\",\"name\":\"DroiX \\u2013 Trusted EU Tech Retailer with 12+ Years Experience\",\"description\":\"DroiX is a leading European technology retailer with over 12 years of experience, offering quality mini PCs, handheld gaming consoles, and tech accessories. We provide hassle-free EU delivery with all taxes included, ensuring a smooth and reliable shopping experience for our customers across Europe.\",\"url\":\"https:\\\/\\\/droix.eu\\\/ro\\\/\",\"logo\":{\"@type\":\"ImageObject\",\"url\":\"https:\\\/\\\/droix.eu\\\/wp-content\\\/uploads\\\/2024\\\/06\\\/droix-v2-light-logo.png\",\"@id\":\"https:\\\/\\\/droix.eu\\\/ro\\\/product\\\/gpd-win-4-hardshell-case\\\/#organizationLogo\",\"width\":380,\"height\":118},\"image\":{\"@id\":\"https:\\\/\\\/droix.eu\\\/ro\\\/product\\\/gpd-win-4-hardshell-case\\\/#organizationLogo\"},\"sameAs\":[\"https:\\\/\\\/www.facebook.com\\\/DroiX.Store\",\"https:\\\/\\\/twitter.com\\\/DroiX_Store\",\"https:\\\/\\\/www.instagram.com\\\/droix.store\\\/\",\"https:\\\/\\\/www.tiktok.com\\\/@droix.store\",\"https:\\\/\\\/www.youtube.com\\\/c\\\/DroiX_Store\",\"https:\\\/\\\/uk.linkedin.com\\\/company\\\/droix\"]},{\"@type\":\"Product\",\"@id\":\"https:\\\/\\\/droix.eu\\\/ro\\\/product\\\/gpd-win-4-hardshell-case\\\/#wooCommerceProduct\",\"name\":\"GPD WIN 4 Hardshell Case\",\"description\":\"Hus\\u0103 de protec\\u021bie oficial\\u0103 GPD pentru GPD WIN 4\\n \\tCarcas\\u0103 extern\\u0103 durabil\\u0103 din polimer sintetic\\n \\tC\\u0103ptu\\u0219eal\\u0103 din material textil moale pentru protec\\u021bie suplimentar\\u0103.\\n \\tCompartiment separat pentru periferice.\\n \\tDesign elegant cu \\u00eenchidere sigur\\u0103 cu fermoar.\",\"url\":\"https:\\\/\\\/droix.eu\\\/ro\\\/product\\\/gpd-win-4-hardshell-case\\\/\",\"sku\":\"GPD-WIN_4-CASE\",\"gtin\":\"5060763675322\",\"image\":{\"@type\":\"ImageObject\",\"url\":\"https:\\\/\\\/droix.eu\\\/wp-content\\\/uploads\\\/2023\\\/05\\\/51y5P54tgzLready-gpd-4.png\",\"@id\":\"https:\\\/\\\/droix.eu\\\/ro\\\/product\\\/gpd-win-4-hardshell-case\\\/#productImage\",\"width\":1000,\"height\":1000},\"offers\":{\"@type\":\"Offer\",\"url\":\"https:\\\/\\\/droix.eu\\\/ro\\\/product\\\/gpd-win-4-hardshell-case\\\/#wooCommerceOffer\",\"price\":27,\"priceCurrency\":\"EUR\",\"category\":\"Accesorii\",\"availability\":\"https:\\\/\\\/schema.org\\\/OutOfStock\",\"priceSpecification\":{\"@type\":\"PriceSpecification\",\"price\":27,\"priceCurrency\":\"EUR\",\"valueAddedTaxIncluded\":\"true\"},\"seller\":{\"@type\":\"Organization\",\"@id\":\"https:\\\/\\\/droix.eu\\\/ro\\\/#organization\"}}},{\"@type\":\"WebPage\",\"@id\":\"https:\\\/\\\/droix.eu\\\/ro\\\/product\\\/gpd-win-4-hardshell-case\\\/#webpage\",\"url\":\"https:\\\/\\\/droix.eu\\\/ro\\\/product\\\/gpd-win-4-hardshell-case\\\/\",\"name\":\"GPD WIN 4 Hardshell Case - DROIX EU\",\"description\":\"Hus\\u0103 de protec\\u021bie oficial\\u0103 GPD pentru GPD WIN 4 Carcas\\u0103 extern\\u0103 durabil\\u0103 din polimer sintetic C\\u0103ptu\\u0219eal\\u0103 din material textil moale pentru protec\\u021bie suplimentar\\u0103. Compartiment separat pentru periferice. Design elegant cu \\u00eenchidere sigur\\u0103 cu fermoar. Pachetul include 1x hus\\u0103 rigid\\u0103 GPD WIN 4\",\"inLanguage\":\"ro-RO\",\"isPartOf\":{\"@id\":\"https:\\\/\\\/droix.eu\\\/ro\\\/#website\"},\"breadcrumb\":{\"@id\":\"https:\\\/\\\/droix.eu\\\/ro\\\/product\\\/gpd-win-4-hardshell-case\\\/#breadcrumblist\"},\"image\":{\"@type\":\"ImageObject\",\"url\":\"https:\\\/\\\/droix.eu\\\/wp-content\\\/uploads\\\/2023\\\/05\\\/51y5P54tgzLready-gpd-4.png\",\"@id\":\"https:\\\/\\\/droix.eu\\\/ro\\\/product\\\/gpd-win-4-hardshell-case\\\/#mainImage\",\"width\":1000,\"height\":1000},\"primaryImageOfPage\":{\"@id\":\"https:\\\/\\\/droix.eu\\\/ro\\\/product\\\/gpd-win-4-hardshell-case\\\/#mainImage\"},\"datePublished\":\"2023-05-25T09:22:48+01:00\",\"dateModified\":\"2026-01-22T14:38:34+00:00\"},{\"@type\":\"WebSite\",\"@id\":\"https:\\\/\\\/droix.eu\\\/ro\\\/#website\",\"url\":\"https:\\\/\\\/droix.eu\\\/ro\\\/\",\"name\":\"DROIX EU\",\"description\":\"Get the latest Mini PCs, Ultrabook, PC Gaming Handhelds and more!\",\"inLanguage\":\"ro-RO\",\"publisher\":{\"@id\":\"https:\\\/\\\/droix.eu\\\/ro\\\/#organization\"}}]}\n\t\t<\/script>\n\t\t<!-- All in One SEO Pro -->\r\n\t\t<title>GPD WIN 4 Hardshell Case - DROIX EU<\/title>\n\n","aioseo_head_json":{"title":"GPD WIN 4 Hardshell Case - DROIX EU","description":"Hus\u0103 de protec\u021bie oficial\u0103 GPD pentru GPD WIN 4 Carcas\u0103 extern\u0103 durabil\u0103 din polimer sintetic C\u0103ptu\u0219eal\u0103 din material textil moale pentru protec\u021bie suplimentar\u0103. Compartiment separat pentru periferice. Design elegant cu \u00eenchidere sigur\u0103 cu fermoar. Pachetul include 1x hus\u0103 rigid\u0103 GPD WIN 4","canonical_url":"https:\/\/droix.eu\/ro\/product\/gpd-win-4-hardshell-case\/","robots":"max-image-preview:large","keywords":"","webmasterTools":{"miscellaneous":""},"schema":{"@context":"https:\/\/schema.org","@graph":[{"@type":"BreadcrumbList","@id":"https:\/\/droix.eu\/ro\/product\/gpd-win-4-hardshell-case\/#breadcrumblist","itemListElement":[{"@type":"ListItem","@id":"https:\/\/droix.eu\/ro\/#listItem","position":1,"name":"Home","item":"https:\/\/droix.eu\/ro\/","nextItem":{"@type":"ListItem","@id":"https:\/\/droix.eu\/ro\/product-category\/accesorii\/#listItem","name":"Accesorii"}},{"@type":"ListItem","@id":"https:\/\/droix.eu\/ro\/product-category\/accesorii\/#listItem","position":2,"name":"Accesorii","item":"https:\/\/droix.eu\/ro\/product-category\/accesorii\/","nextItem":{"@type":"ListItem","@id":"https:\/\/droix.eu\/ro\/product-category\/accesorii\/accesorii-pentru-jocuri\/#listItem","name":"Accesorii pentru jocuri"},"previousItem":{"@type":"ListItem","@id":"https:\/\/droix.eu\/ro\/#listItem","name":"Home"}},{"@type":"ListItem","@id":"https:\/\/droix.eu\/ro\/product-category\/accesorii\/accesorii-pentru-jocuri\/#listItem","position":3,"name":"Accesorii pentru jocuri","item":"https:\/\/droix.eu\/ro\/product-category\/accesorii\/accesorii-pentru-jocuri\/","nextItem":{"@type":"ListItem","@id":"https:\/\/droix.eu\/ro\/product\/gpd-win-4-hardshell-case\/#listItem","name":"GPD WIN 4 Hardshell Case"},"previousItem":{"@type":"ListItem","@id":"https:\/\/droix.eu\/ro\/product-category\/accesorii\/#listItem","name":"Accesorii"}},{"@type":"ListItem","@id":"https:\/\/droix.eu\/ro\/product\/gpd-win-4-hardshell-case\/#listItem","position":4,"name":"GPD WIN 4 Hardshell Case","previousItem":{"@type":"ListItem","@id":"https:\/\/droix.eu\/ro\/product-category\/accesorii\/accesorii-pentru-jocuri\/#listItem","name":"Accesorii pentru jocuri"}}]},{"@type":"Organization","@id":"https:\/\/droix.eu\/ro\/#organization","name":"DroiX \u2013 Trusted EU Tech Retailer with 12+ Years Experience","description":"DroiX is a leading European technology retailer with over 12 years of experience, offering quality mini PCs, handheld gaming consoles, and tech accessories. We provide hassle-free EU delivery with all taxes included, ensuring a smooth and reliable shopping experience for our customers across Europe.","url":"https:\/\/droix.eu\/ro\/","logo":{"@type":"ImageObject","url":"https:\/\/droix.eu\/wp-content\/uploads\/2024\/06\/droix-v2-light-logo.png","@id":"https:\/\/droix.eu\/ro\/product\/gpd-win-4-hardshell-case\/#organizationLogo","width":380,"height":118},"image":{"@id":"https:\/\/droix.eu\/ro\/product\/gpd-win-4-hardshell-case\/#organizationLogo"},"sameAs":["https:\/\/www.facebook.com\/DroiX.Store","https:\/\/twitter.com\/DroiX_Store","https:\/\/www.instagram.com\/droix.store\/","https:\/\/www.tiktok.com\/@droix.store","https:\/\/www.youtube.com\/c\/DroiX_Store","https:\/\/uk.linkedin.com\/company\/droix"]},{"@type":"Product","@id":"https:\/\/droix.eu\/ro\/product\/gpd-win-4-hardshell-case\/#wooCommerceProduct","name":"GPD WIN 4 Hardshell Case","description":"Hus\u0103 de protec\u021bie oficial\u0103 GPD pentru GPD WIN 4\n \tCarcas\u0103 extern\u0103 durabil\u0103 din polimer sintetic\n \tC\u0103ptu\u0219eal\u0103 din material textil moale pentru protec\u021bie suplimentar\u0103.\n \tCompartiment separat pentru periferice.\n \tDesign elegant cu \u00eenchidere sigur\u0103 cu fermoar.","url":"https:\/\/droix.eu\/ro\/product\/gpd-win-4-hardshell-case\/","sku":"GPD-WIN_4-CASE","gtin":"5060763675322","image":{"@type":"ImageObject","url":"https:\/\/droix.eu\/wp-content\/uploads\/2023\/05\/51y5P54tgzLready-gpd-4.png","@id":"https:\/\/droix.eu\/ro\/product\/gpd-win-4-hardshell-case\/#productImage","width":1000,"height":1000},"offers":{"@type":"Offer","url":"https:\/\/droix.eu\/ro\/product\/gpd-win-4-hardshell-case\/#wooCommerceOffer","price":27,"priceCurrency":"EUR","category":"Accesorii","availability":"https:\/\/schema.org\/OutOfStock","priceSpecification":{"@type":"PriceSpecification","price":27,"priceCurrency":"EUR","valueAddedTaxIncluded":"true"},"seller":{"@type":"Organization","@id":"https:\/\/droix.eu\/ro\/#organization"}}},{"@type":"WebPage","@id":"https:\/\/droix.eu\/ro\/product\/gpd-win-4-hardshell-case\/#webpage","url":"https:\/\/droix.eu\/ro\/product\/gpd-win-4-hardshell-case\/","name":"GPD WIN 4 Hardshell Case - DROIX EU","description":"Hus\u0103 de protec\u021bie oficial\u0103 GPD pentru GPD WIN 4 Carcas\u0103 extern\u0103 durabil\u0103 din polimer sintetic C\u0103ptu\u0219eal\u0103 din material textil moale pentru protec\u021bie suplimentar\u0103. Compartiment separat pentru periferice. Design elegant cu \u00eenchidere sigur\u0103 cu fermoar. Pachetul include 1x hus\u0103 rigid\u0103 GPD WIN 4","inLanguage":"ro-RO","isPartOf":{"@id":"https:\/\/droix.eu\/ro\/#website"},"breadcrumb":{"@id":"https:\/\/droix.eu\/ro\/product\/gpd-win-4-hardshell-case\/#breadcrumblist"},"image":{"@type":"ImageObject","url":"https:\/\/droix.eu\/wp-content\/uploads\/2023\/05\/51y5P54tgzLready-gpd-4.png","@id":"https:\/\/droix.eu\/ro\/product\/gpd-win-4-hardshell-case\/#mainImage","width":1000,"height":1000},"primaryImageOfPage":{"@id":"https:\/\/droix.eu\/ro\/product\/gpd-win-4-hardshell-case\/#mainImage"},"datePublished":"2023-05-25T09:22:48+01:00","dateModified":"2026-01-22T14:38:34+00:00"},{"@type":"WebSite","@id":"https:\/\/droix.eu\/ro\/#website","url":"https:\/\/droix.eu\/ro\/","name":"DROIX EU","description":"Get the latest Mini PCs, Ultrabook, PC Gaming Handhelds and more!","inLanguage":"ro-RO","publisher":{"@id":"https:\/\/droix.eu\/ro\/#organization"}}]},"og:locale":"ro_RO","og:site_name":"DROIX EU - Get the latest Mini PCs, Ultrabook, PC Gaming Handhelds and more!","og:type":"article","og:title":"GPD WIN 4 Hardshell Case - DROIX EU","og:description":"Hus\u0103 de protec\u021bie oficial\u0103 GPD pentru GPD WIN 4 Carcas\u0103 extern\u0103 durabil\u0103 din polimer sintetic C\u0103ptu\u0219eal\u0103 din material textil moale pentru protec\u021bie suplimentar\u0103. Compartiment separat pentru periferice. Design elegant cu \u00eenchidere sigur\u0103 cu fermoar. Pachetul include 1x hus\u0103 rigid\u0103 GPD WIN 4","og:url":"https:\/\/droix.eu\/ro\/product\/gpd-win-4-hardshell-case\/","og:image":"https:\/\/droix.eu\/wp-content\/uploads\/2024\/06\/droix-v2-light-logo.png","og:image:secure_url":"https:\/\/droix.eu\/wp-content\/uploads\/2024\/06\/droix-v2-light-logo.png","og:image:width":380,"og:image:height":118,"article:published_time":"2023-05-25T09:22:48+00:00","article:modified_time":"2026-01-22T14:38:34+00:00","article:publisher":"https:\/\/www.facebook.com\/DroiX.Store","twitter:card":"summary_large_image","twitter:site":"@DroiX_Store","twitter:title":"GPD WIN 4 Hardshell Case - DROIX EU","twitter:description":"Hus\u0103 de protec\u021bie oficial\u0103 GPD pentru GPD WIN 4 Carcas\u0103 extern\u0103 durabil\u0103 din polimer sintetic C\u0103ptu\u0219eal\u0103 din material textil moale pentru protec\u021bie suplimentar\u0103. Compartiment separat pentru periferice. Design elegant cu \u00eenchidere sigur\u0103 cu fermoar. Pachetul include 1x hus\u0103 rigid\u0103 GPD WIN 4","twitter:image":"https:\/\/droix.eu\/wp-content\/uploads\/2024\/06\/droix-v2-light-logo.png"},"aioseo_meta_data":{"post_id":"518961","title":null,"description":null,"keywords":null,"keyphrases":null,"primary_term":null,"canonical_url":null,"og_title":null,"og_description":null,"og_object_type":"default","og_image_type":"default","og_image_url":null,"og_image_width":null,"og_image_height":null,"og_image_custom_url":null,"og_image_custom_fields":null,"og_video":null,"og_custom_url":null,"og_article_section":null,"og_article_tags":null,"twitter_use_og":true,"twitter_card":"default","twitter_image_type":"default","twitter_image_url":null,"twitter_image_custom_url":null,"twitter_image_custom_fields":null,"twitter_title":null,"twitter_description":null,"schema":{"blockGraphs":[],"customGraphs":[],"default":{"data":{"Article":[],"Course":[],"Dataset":[],"FAQPage":[],"Movie":[],"Person":[],"Product":[],"ProductReview":[],"Car":[],"Recipe":[],"Service":[],"SoftwareApplication":[],"WebPage":[]},"graphName":"","isEnabled":true},"graphs":[]},"schema_type":"default","schema_type_options":null,"pillar_content":false,"robots_default":true,"robots_noindex":false,"robots_noarchive":false,"robots_nosnippet":false,"robots_nofollow":false,"robots_noimageindex":false,"robots_noodp":false,"robots_notranslate":false,"robots_max_snippet":null,"robots_max_videopreview":null,"robots_max_imagepreview":"large","priority":null,"frequency":null,"local_seo":null,"seo_analyzer_scan_date":"2025-10-24 13:11:33","breadcrumb_settings":null,"limit_modified_date":false,"reviewed_by":null,"open_ai":null,"ai":null,"created":"2025-10-09 04:26:06","updated":"2026-01-24 08:58:53"},"aioseo_breadcrumb":"<div class=\"aioseo-breadcrumbs\"><span class=\"aioseo-breadcrumb\">\n\t<a href=\"https:\/\/droix.eu\/ro\/\" title=\"Home\">Home<\/a>\n<\/span><span class=\"aioseo-breadcrumb-separator\">&raquo;<\/span><span class=\"aioseo-breadcrumb\">\n\t<a href=\"https:\/\/droix.eu\/ro\/product-category\/accesorii\/\" title=\"Accesorii\">Accesorii<\/a>\n<\/span><span class=\"aioseo-breadcrumb-separator\">&raquo;<\/span><span class=\"aioseo-breadcrumb\">\n\t<a href=\"https:\/\/droix.eu\/ro\/product-category\/accesorii\/accesorii-pentru-jocuri\/\" title=\"Accesorii pentru jocuri\">Accesorii pentru jocuri<\/a>\n<\/span><span class=\"aioseo-breadcrumb-separator\">&raquo;<\/span><span class=\"aioseo-breadcrumb\">\n\tGPD WIN 4 Hardshell Case\n<\/span><\/div>","aioseo_breadcrumb_json":[{"label":"Home","link":"https:\/\/droix.eu\/ro\/"},{"label":"Accesorii","link":"https:\/\/droix.eu\/ro\/product-category\/accesorii\/"},{"label":"Accesorii pentru jocuri","link":"https:\/\/droix.eu\/ro\/product-category\/accesorii\/accesorii-pentru-jocuri\/"},{"label":"GPD WIN 4 Hardshell Case","link":"https:\/\/droix.eu\/ro\/product\/gpd-win-4-hardshell-case\/"}],"_links":{"self":[{"href":"https:\/\/droix.eu\/ro\/wp-json\/wp\/v2\/product\/518961","targetHints":{"allow":["GET"]}}],"collection":[{"href":"https:\/\/droix.eu\/ro\/wp-json\/wp\/v2\/product"}],"about":[{"href":"https:\/\/droix.eu\/ro\/wp-json\/wp\/v2\/types\/product"}],"version-history":[{"count":0,"href":"https:\/\/droix.eu\/ro\/wp-json\/wp\/v2\/product\/518961\/revisions"}],"wp:featuredmedia":[{"embeddable":true,"href":"https:\/\/droix.eu\/ro\/wp-json\/wp\/v2\/media\/409301"}],"wp:attachment":[{"href":"https:\/\/droix.eu\/ro\/wp-json\/wp\/v2\/media?parent=518961"}],"wp:term":[{"taxonomy":"product_brand","embeddable":true,"href":"https:\/\/droix.eu\/ro\/wp-json\/wp\/v2\/product_brand?post=518961"},{"taxonomy":"product_cat","embeddable":true,"href":"https:\/\/droix.eu\/ro\/wp-json\/wp\/v2\/product_cat?post=518961"},{"taxonomy":"product_tag","embeddable":true,"href":"https:\/\/droix.eu\/ro\/wp-json\/wp\/v2\/product_tag?post=518961"},{"taxonomy":"woo-feed-brand","embeddable":true,"href":"https:\/\/droix.eu\/ro\/wp-json\/wp\/v2\/woo-feed-brand?post=518961"},{"taxonomy":"key-features","embeddable":true,"href":"https:\/\/droix.eu\/ro\/wp-json\/wp\/v2\/key-features?post=518961"}],"curies":[{"name":"wp","href":"https:\/\/api.w.org\/{rel}","templated":true}]}}