{"id":517063,"date":"2024-01-19T16:43:31","date_gmt":"2024-01-19T16:43:31","guid":{"rendered":"https:\/\/droix.eu\/product\/ayn-odin-2-screen-protector\/"},"modified":"2026-01-20T05:42:46","modified_gmt":"2026-01-20T05:42:46","slug":"ayn-odin-2-screen-protector","status":"publish","type":"product","link":"https:\/\/droix.eu\/ro\/product\/ayn-odin-2-screen-protector\/","title":{"rendered":"AYN Odin 2 Screen Protector"},"content":{"rendered":"<h2><strong>Introducerea AYN Odin 2 Screen Protector: Protec\u021bie suprem\u0103 pentru dispozitivul dumneavoastr\u0103<\/strong><\/h2>\n<p>\u00cembun\u0103t\u0103\u021bi\u021bi protec\u021bia dispozitivului dvs. cu AYN Odin 2 Screen Protector. Conceput pentru a satisface cerin\u021bele stilurilor de via\u021b\u0103 moderne, acest protector de ecran ofer\u0103 un amestec perfect de durabilitate \u0219i func\u021bionalitate.<\/p>\n<h2><strong>Caracteristici principale:<\/strong><\/h2>\n<h2><strong>Materiale premium:<\/strong><\/h2>\n<p>Fabricat din materiale de \u00eenalt\u0103 calitate, AYN Odin 2 Screen Protector este construit pentru a rezista uzurii zilnice.<\/p>\n<h2><strong>Potrivire precis\u0103:<\/strong><\/h2>\n<p>Personalizat pentru AYN Odin 2, AYN Odin 2 Screen Protector asigur\u0103 o potrivire elegant\u0103.<\/p>\n","protected":false},"excerpt":{"rendered":"<ul>\n<li><strong>Official<\/strong> AYN Odin 2 Screen Protector<\/li>\n<li>Protec\u021bie durabil\u0103 <strong> Clear<\/strong><\/li>\n<li>Potrivire perfect\u0103 pentru AYN Odin 2<\/li>\n<\/ul>\n[droix_global_accordions]\n[cg_accordion title=\"Pachetul include\"]<\/p>\n<ul>\n<li>1x AYN Odin 2 Screen Protector<\/li>\n<\/ul>\n<p>[\/cg_accordion]\n","protected":false},"featured_media":456603,"template":"","meta":{"_acf_changed":false},"product_brand":[],"product_cat":[13343,13344],"product_tag":[],"woo-feed-brand":[],"key-features":[],"class_list":{"0":"post-517063","1":"product","2":"type-product","3":"status-publish","4":"has-post-thumbnail","6":"product_cat-accesorii","7":"product_cat-accesorii-pentru-jocuri","8":"product_shipping_class-low-end","9":"pa_accessory-type-screen-protector","10":"pa_brands-ayn-ro","12":"first","13":"instock","14":"taxable","15":"shipping-taxable","16":"purchasable","17":"product-type-simple"},"acf":[],"aioseo_notices":[],"aioseo_head":"\n\t\t<!-- All in One SEO Pro 4.9.6.2 - aioseo.com -->\n\t<meta name=\"description\" content=\"Official AYN Odin 2 Screen Protector Protec\u021bie durabil\u0103 Clear Potrivire perfect\u0103 pentru AYN Odin 2 Pachetul include 1x AYN Odin 2 Screen Protector\" \/>\n\t<meta name=\"robots\" content=\"max-image-preview:large\" \/>\n\t<link rel=\"canonical\" href=\"https:\/\/droix.eu\/ro\/product\/ayn-odin-2-screen-protector\/\" \/>\n\t<meta name=\"generator\" content=\"All in One SEO Pro (AIOSEO) 4.9.6.2\" \/>\n\t\t<meta property=\"og:locale\" content=\"ro_RO\" \/>\n\t\t<meta property=\"og:site_name\" content=\"DROIX EU - Get the latest Mini PCs, Ultrabook, PC Gaming Handhelds and more!\" \/>\n\t\t<meta property=\"og:type\" content=\"article\" \/>\n\t\t<meta property=\"og:title\" content=\"AYN Odin 2 Screen Protector - DROIX EU\" \/>\n\t\t<meta property=\"og:description\" content=\"Official AYN Odin 2 Screen Protector Protec\u021bie durabil\u0103 Clear Potrivire perfect\u0103 pentru AYN Odin 2 Pachetul include 1x AYN Odin 2 Screen Protector\" \/>\n\t\t<meta property=\"og:url\" content=\"https:\/\/droix.eu\/ro\/product\/ayn-odin-2-screen-protector\/\" \/>\n\t\t<meta property=\"og:image\" content=\"https:\/\/droix.eu\/wp-content\/uploads\/2024\/06\/droix-v2-light-logo.png\" \/>\n\t\t<meta property=\"og:image:secure_url\" content=\"https:\/\/droix.eu\/wp-content\/uploads\/2024\/06\/droix-v2-light-logo.png\" \/>\n\t\t<meta property=\"og:image:width\" content=\"380\" \/>\n\t\t<meta property=\"og:image:height\" content=\"118\" \/>\n\t\t<meta property=\"article:published_time\" content=\"2024-01-19T16:43:31+00:00\" \/>\n\t\t<meta property=\"article:modified_time\" content=\"2026-01-20T05:42:46+00:00\" \/>\n\t\t<meta property=\"article:publisher\" content=\"https:\/\/www.facebook.com\/DroiX.Store\" \/>\n\t\t<meta name=\"twitter:card\" content=\"summary_large_image\" \/>\n\t\t<meta name=\"twitter:site\" content=\"@DroiX_Store\" \/>\n\t\t<meta name=\"twitter:title\" content=\"AYN Odin 2 Screen Protector - DROIX EU\" \/>\n\t\t<meta name=\"twitter:description\" content=\"Official AYN Odin 2 Screen Protector Protec\u021bie durabil\u0103 Clear Potrivire perfect\u0103 pentru AYN Odin 2 Pachetul include 1x AYN Odin 2 Screen Protector\" \/>\n\t\t<meta name=\"twitter:image\" content=\"https:\/\/droix.eu\/wp-content\/uploads\/2024\/06\/droix-v2-light-logo.png\" \/>\n\t\t<script type=\"application\/ld+json\" class=\"aioseo-schema\">\n\t\t\t{\"@context\":\"https:\\\/\\\/schema.org\",\"@graph\":[{\"@type\":\"BreadcrumbList\",\"@id\":\"https:\\\/\\\/droix.eu\\\/ro\\\/product\\\/ayn-odin-2-screen-protector\\\/#breadcrumblist\",\"itemListElement\":[{\"@type\":\"ListItem\",\"@id\":\"https:\\\/\\\/droix.eu\\\/ro\\\/#listItem\",\"position\":1,\"name\":\"Home\",\"item\":\"https:\\\/\\\/droix.eu\\\/ro\\\/\",\"nextItem\":{\"@type\":\"ListItem\",\"@id\":\"https:\\\/\\\/droix.eu\\\/ro\\\/product-category\\\/accesorii\\\/#listItem\",\"name\":\"Accesorii\"}},{\"@type\":\"ListItem\",\"@id\":\"https:\\\/\\\/droix.eu\\\/ro\\\/product-category\\\/accesorii\\\/#listItem\",\"position\":2,\"name\":\"Accesorii\",\"item\":\"https:\\\/\\\/droix.eu\\\/ro\\\/product-category\\\/accesorii\\\/\",\"nextItem\":{\"@type\":\"ListItem\",\"@id\":\"https:\\\/\\\/droix.eu\\\/ro\\\/product-category\\\/accesorii\\\/accesorii-pentru-jocuri\\\/#listItem\",\"name\":\"Accesorii pentru jocuri\"},\"previousItem\":{\"@type\":\"ListItem\",\"@id\":\"https:\\\/\\\/droix.eu\\\/ro\\\/#listItem\",\"name\":\"Home\"}},{\"@type\":\"ListItem\",\"@id\":\"https:\\\/\\\/droix.eu\\\/ro\\\/product-category\\\/accesorii\\\/accesorii-pentru-jocuri\\\/#listItem\",\"position\":3,\"name\":\"Accesorii pentru jocuri\",\"item\":\"https:\\\/\\\/droix.eu\\\/ro\\\/product-category\\\/accesorii\\\/accesorii-pentru-jocuri\\\/\",\"nextItem\":{\"@type\":\"ListItem\",\"@id\":\"https:\\\/\\\/droix.eu\\\/ro\\\/product\\\/ayn-odin-2-screen-protector\\\/#listItem\",\"name\":\"AYN Odin 2 Screen Protector\"},\"previousItem\":{\"@type\":\"ListItem\",\"@id\":\"https:\\\/\\\/droix.eu\\\/ro\\\/product-category\\\/accesorii\\\/#listItem\",\"name\":\"Accesorii\"}},{\"@type\":\"ListItem\",\"@id\":\"https:\\\/\\\/droix.eu\\\/ro\\\/product\\\/ayn-odin-2-screen-protector\\\/#listItem\",\"position\":4,\"name\":\"AYN Odin 2 Screen Protector\",\"previousItem\":{\"@type\":\"ListItem\",\"@id\":\"https:\\\/\\\/droix.eu\\\/ro\\\/product-category\\\/accesorii\\\/accesorii-pentru-jocuri\\\/#listItem\",\"name\":\"Accesorii pentru jocuri\"}}]},{\"@type\":\"Organization\",\"@id\":\"https:\\\/\\\/droix.eu\\\/ro\\\/#organization\",\"name\":\"DroiX \\u2013 Trusted EU Tech Retailer with 12+ Years Experience\",\"description\":\"DroiX is a leading European technology retailer with over 12 years of experience, offering quality mini PCs, handheld gaming consoles, and tech accessories. We provide hassle-free EU delivery with all taxes included, ensuring a smooth and reliable shopping experience for our customers across Europe.\",\"url\":\"https:\\\/\\\/droix.eu\\\/ro\\\/\",\"logo\":{\"@type\":\"ImageObject\",\"url\":\"https:\\\/\\\/droix.eu\\\/wp-content\\\/uploads\\\/2024\\\/06\\\/droix-v2-light-logo.png\",\"@id\":\"https:\\\/\\\/droix.eu\\\/ro\\\/product\\\/ayn-odin-2-screen-protector\\\/#organizationLogo\",\"width\":380,\"height\":118},\"image\":{\"@id\":\"https:\\\/\\\/droix.eu\\\/ro\\\/product\\\/ayn-odin-2-screen-protector\\\/#organizationLogo\"},\"sameAs\":[\"https:\\\/\\\/www.facebook.com\\\/DroiX.Store\",\"https:\\\/\\\/twitter.com\\\/DroiX_Store\",\"https:\\\/\\\/www.instagram.com\\\/droix.store\\\/\",\"https:\\\/\\\/www.tiktok.com\\\/@droix.store\",\"https:\\\/\\\/www.youtube.com\\\/c\\\/DroiX_Store\",\"https:\\\/\\\/uk.linkedin.com\\\/company\\\/droix\"]},{\"@type\":\"Product\",\"@id\":\"https:\\\/\\\/droix.eu\\\/ro\\\/product\\\/ayn-odin-2-screen-protector\\\/#wooCommerceProduct\",\"name\":\"AYN Odin 2 Screen Protector\",\"description\":\"Official AYN Odin 2 Screen Protector\\n \\tProtec\\u021bie durabil\\u0103  Clear\\n \\tPotrivire perfect\\u0103 pentru AYN Odin 2\",\"url\":\"https:\\\/\\\/droix.eu\\\/ro\\\/product\\\/ayn-odin-2-screen-protector\\\/\",\"sku\":\"AYN-ODIN-2-SCREEN-PROTECTOR\",\"gtin\":\"5060763677845\",\"image\":{\"@type\":\"ImageObject\",\"url\":\"https:\\\/\\\/droix.eu\\\/wp-content\\\/uploads\\\/2024\\\/01\\\/AYN-ODIN-2-SCREEN-PROTECTOR-DONE-01.png\",\"@id\":\"https:\\\/\\\/droix.eu\\\/ro\\\/product\\\/ayn-odin-2-screen-protector\\\/#productImage\",\"width\":1500,\"height\":1500,\"caption\":\"AYN Odin 2 Screen Protector\"},\"offers\":{\"@type\":\"Offer\",\"url\":\"https:\\\/\\\/droix.eu\\\/ro\\\/product\\\/ayn-odin-2-screen-protector\\\/#wooCommerceOffer\",\"price\":3.63,\"priceCurrency\":\"EUR\",\"category\":\"Accesorii\",\"availability\":\"https:\\\/\\\/schema.org\\\/InStock\",\"priceSpecification\":{\"@type\":\"PriceSpecification\",\"price\":3.63,\"priceCurrency\":\"EUR\",\"valueAddedTaxIncluded\":\"true\"},\"seller\":{\"@type\":\"Organization\",\"@id\":\"https:\\\/\\\/droix.eu\\\/ro\\\/#organization\"}}},{\"@type\":\"WebPage\",\"@id\":\"https:\\\/\\\/droix.eu\\\/ro\\\/product\\\/ayn-odin-2-screen-protector\\\/#webpage\",\"url\":\"https:\\\/\\\/droix.eu\\\/ro\\\/product\\\/ayn-odin-2-screen-protector\\\/\",\"name\":\"AYN Odin 2 Screen Protector - DROIX EU\",\"description\":\"Official AYN Odin 2 Screen Protector Protec\\u021bie durabil\\u0103 Clear Potrivire perfect\\u0103 pentru AYN Odin 2 Pachetul include 1x AYN Odin 2 Screen Protector\",\"inLanguage\":\"ro-RO\",\"isPartOf\":{\"@id\":\"https:\\\/\\\/droix.eu\\\/ro\\\/#website\"},\"breadcrumb\":{\"@id\":\"https:\\\/\\\/droix.eu\\\/ro\\\/product\\\/ayn-odin-2-screen-protector\\\/#breadcrumblist\"},\"image\":{\"@type\":\"ImageObject\",\"url\":\"https:\\\/\\\/droix.eu\\\/wp-content\\\/uploads\\\/2024\\\/01\\\/AYN-ODIN-2-SCREEN-PROTECTOR-DONE-01.png\",\"@id\":\"https:\\\/\\\/droix.eu\\\/ro\\\/product\\\/ayn-odin-2-screen-protector\\\/#mainImage\",\"width\":1500,\"height\":1500,\"caption\":\"AYN Odin 2 Screen Protector\"},\"primaryImageOfPage\":{\"@id\":\"https:\\\/\\\/droix.eu\\\/ro\\\/product\\\/ayn-odin-2-screen-protector\\\/#mainImage\"},\"datePublished\":\"2024-01-19T16:43:31+00:00\",\"dateModified\":\"2026-01-20T05:42:46+00:00\"},{\"@type\":\"WebSite\",\"@id\":\"https:\\\/\\\/droix.eu\\\/ro\\\/#website\",\"url\":\"https:\\\/\\\/droix.eu\\\/ro\\\/\",\"name\":\"DROIX EU\",\"description\":\"Get the latest Mini PCs, Ultrabook, PC Gaming Handhelds and more!\",\"inLanguage\":\"ro-RO\",\"publisher\":{\"@id\":\"https:\\\/\\\/droix.eu\\\/ro\\\/#organization\"}}]}\n\t\t<\/script>\n\t\t<!-- All in One SEO Pro -->\r\n\t\t<title>AYN Odin 2 Screen Protector - DROIX EU<\/title>\n\n","aioseo_head_json":{"title":"AYN Odin 2 Screen Protector - DROIX EU","description":"Official AYN Odin 2 Screen Protector Protec\u021bie durabil\u0103 Clear Potrivire perfect\u0103 pentru AYN Odin 2 Pachetul include 1x AYN Odin 2 Screen Protector","canonical_url":"https:\/\/droix.eu\/ro\/product\/ayn-odin-2-screen-protector\/","robots":"max-image-preview:large","keywords":"","webmasterTools":{"miscellaneous":""},"schema":{"@context":"https:\/\/schema.org","@graph":[{"@type":"BreadcrumbList","@id":"https:\/\/droix.eu\/ro\/product\/ayn-odin-2-screen-protector\/#breadcrumblist","itemListElement":[{"@type":"ListItem","@id":"https:\/\/droix.eu\/ro\/#listItem","position":1,"name":"Home","item":"https:\/\/droix.eu\/ro\/","nextItem":{"@type":"ListItem","@id":"https:\/\/droix.eu\/ro\/product-category\/accesorii\/#listItem","name":"Accesorii"}},{"@type":"ListItem","@id":"https:\/\/droix.eu\/ro\/product-category\/accesorii\/#listItem","position":2,"name":"Accesorii","item":"https:\/\/droix.eu\/ro\/product-category\/accesorii\/","nextItem":{"@type":"ListItem","@id":"https:\/\/droix.eu\/ro\/product-category\/accesorii\/accesorii-pentru-jocuri\/#listItem","name":"Accesorii pentru jocuri"},"previousItem":{"@type":"ListItem","@id":"https:\/\/droix.eu\/ro\/#listItem","name":"Home"}},{"@type":"ListItem","@id":"https:\/\/droix.eu\/ro\/product-category\/accesorii\/accesorii-pentru-jocuri\/#listItem","position":3,"name":"Accesorii pentru jocuri","item":"https:\/\/droix.eu\/ro\/product-category\/accesorii\/accesorii-pentru-jocuri\/","nextItem":{"@type":"ListItem","@id":"https:\/\/droix.eu\/ro\/product\/ayn-odin-2-screen-protector\/#listItem","name":"AYN Odin 2 Screen Protector"},"previousItem":{"@type":"ListItem","@id":"https:\/\/droix.eu\/ro\/product-category\/accesorii\/#listItem","name":"Accesorii"}},{"@type":"ListItem","@id":"https:\/\/droix.eu\/ro\/product\/ayn-odin-2-screen-protector\/#listItem","position":4,"name":"AYN Odin 2 Screen Protector","previousItem":{"@type":"ListItem","@id":"https:\/\/droix.eu\/ro\/product-category\/accesorii\/accesorii-pentru-jocuri\/#listItem","name":"Accesorii pentru jocuri"}}]},{"@type":"Organization","@id":"https:\/\/droix.eu\/ro\/#organization","name":"DroiX \u2013 Trusted EU Tech Retailer with 12+ Years Experience","description":"DroiX is a leading European technology retailer with over 12 years of experience, offering quality mini PCs, handheld gaming consoles, and tech accessories. We provide hassle-free EU delivery with all taxes included, ensuring a smooth and reliable shopping experience for our customers across Europe.","url":"https:\/\/droix.eu\/ro\/","logo":{"@type":"ImageObject","url":"https:\/\/droix.eu\/wp-content\/uploads\/2024\/06\/droix-v2-light-logo.png","@id":"https:\/\/droix.eu\/ro\/product\/ayn-odin-2-screen-protector\/#organizationLogo","width":380,"height":118},"image":{"@id":"https:\/\/droix.eu\/ro\/product\/ayn-odin-2-screen-protector\/#organizationLogo"},"sameAs":["https:\/\/www.facebook.com\/DroiX.Store","https:\/\/twitter.com\/DroiX_Store","https:\/\/www.instagram.com\/droix.store\/","https:\/\/www.tiktok.com\/@droix.store","https:\/\/www.youtube.com\/c\/DroiX_Store","https:\/\/uk.linkedin.com\/company\/droix"]},{"@type":"Product","@id":"https:\/\/droix.eu\/ro\/product\/ayn-odin-2-screen-protector\/#wooCommerceProduct","name":"AYN Odin 2 Screen Protector","description":"Official AYN Odin 2 Screen Protector\n \tProtec\u021bie durabil\u0103  Clear\n \tPotrivire perfect\u0103 pentru AYN Odin 2","url":"https:\/\/droix.eu\/ro\/product\/ayn-odin-2-screen-protector\/","sku":"AYN-ODIN-2-SCREEN-PROTECTOR","gtin":"5060763677845","image":{"@type":"ImageObject","url":"https:\/\/droix.eu\/wp-content\/uploads\/2024\/01\/AYN-ODIN-2-SCREEN-PROTECTOR-DONE-01.png","@id":"https:\/\/droix.eu\/ro\/product\/ayn-odin-2-screen-protector\/#productImage","width":1500,"height":1500,"caption":"AYN Odin 2 Screen Protector"},"offers":{"@type":"Offer","url":"https:\/\/droix.eu\/ro\/product\/ayn-odin-2-screen-protector\/#wooCommerceOffer","price":3.63,"priceCurrency":"EUR","category":"Accesorii","availability":"https:\/\/schema.org\/InStock","priceSpecification":{"@type":"PriceSpecification","price":3.63,"priceCurrency":"EUR","valueAddedTaxIncluded":"true"},"seller":{"@type":"Organization","@id":"https:\/\/droix.eu\/ro\/#organization"}}},{"@type":"WebPage","@id":"https:\/\/droix.eu\/ro\/product\/ayn-odin-2-screen-protector\/#webpage","url":"https:\/\/droix.eu\/ro\/product\/ayn-odin-2-screen-protector\/","name":"AYN Odin 2 Screen Protector - DROIX EU","description":"Official AYN Odin 2 Screen Protector Protec\u021bie durabil\u0103 Clear Potrivire perfect\u0103 pentru AYN Odin 2 Pachetul include 1x AYN Odin 2 Screen Protector","inLanguage":"ro-RO","isPartOf":{"@id":"https:\/\/droix.eu\/ro\/#website"},"breadcrumb":{"@id":"https:\/\/droix.eu\/ro\/product\/ayn-odin-2-screen-protector\/#breadcrumblist"},"image":{"@type":"ImageObject","url":"https:\/\/droix.eu\/wp-content\/uploads\/2024\/01\/AYN-ODIN-2-SCREEN-PROTECTOR-DONE-01.png","@id":"https:\/\/droix.eu\/ro\/product\/ayn-odin-2-screen-protector\/#mainImage","width":1500,"height":1500,"caption":"AYN Odin 2 Screen Protector"},"primaryImageOfPage":{"@id":"https:\/\/droix.eu\/ro\/product\/ayn-odin-2-screen-protector\/#mainImage"},"datePublished":"2024-01-19T16:43:31+00:00","dateModified":"2026-01-20T05:42:46+00:00"},{"@type":"WebSite","@id":"https:\/\/droix.eu\/ro\/#website","url":"https:\/\/droix.eu\/ro\/","name":"DROIX EU","description":"Get the latest Mini PCs, Ultrabook, PC Gaming Handhelds and more!","inLanguage":"ro-RO","publisher":{"@id":"https:\/\/droix.eu\/ro\/#organization"}}]},"og:locale":"ro_RO","og:site_name":"DROIX EU - Get the latest Mini PCs, Ultrabook, PC Gaming Handhelds and more!","og:type":"article","og:title":"AYN Odin 2 Screen Protector - DROIX EU","og:description":"Official AYN Odin 2 Screen Protector Protec\u021bie durabil\u0103 Clear Potrivire perfect\u0103 pentru AYN Odin 2 Pachetul include 1x AYN Odin 2 Screen Protector","og:url":"https:\/\/droix.eu\/ro\/product\/ayn-odin-2-screen-protector\/","og:image":"https:\/\/droix.eu\/wp-content\/uploads\/2024\/06\/droix-v2-light-logo.png","og:image:secure_url":"https:\/\/droix.eu\/wp-content\/uploads\/2024\/06\/droix-v2-light-logo.png","og:image:width":380,"og:image:height":118,"article:published_time":"2024-01-19T16:43:31+00:00","article:modified_time":"2026-01-20T05:42:46+00:00","article:publisher":"https:\/\/www.facebook.com\/DroiX.Store","twitter:card":"summary_large_image","twitter:site":"@DroiX_Store","twitter:title":"AYN Odin 2 Screen Protector - DROIX EU","twitter:description":"Official AYN Odin 2 Screen Protector Protec\u021bie durabil\u0103 Clear Potrivire perfect\u0103 pentru AYN Odin 2 Pachetul include 1x AYN Odin 2 Screen Protector","twitter:image":"https:\/\/droix.eu\/wp-content\/uploads\/2024\/06\/droix-v2-light-logo.png"},"aioseo_meta_data":{"post_id":"517063","title":null,"description":null,"keywords":null,"keyphrases":null,"primary_term":null,"canonical_url":null,"og_title":null,"og_description":null,"og_object_type":"default","og_image_type":"default","og_image_url":null,"og_image_width":null,"og_image_height":null,"og_image_custom_url":null,"og_image_custom_fields":null,"og_video":null,"og_custom_url":null,"og_article_section":null,"og_article_tags":null,"twitter_use_og":true,"twitter_card":"default","twitter_image_type":"default","twitter_image_url":null,"twitter_image_custom_url":null,"twitter_image_custom_fields":null,"twitter_title":null,"twitter_description":null,"schema":{"blockGraphs":[],"customGraphs":[],"default":{"data":{"Article":[],"Course":[],"Dataset":[],"FAQPage":[],"Movie":[],"Person":[],"Product":[],"ProductReview":[],"Car":[],"Recipe":[],"Service":[],"SoftwareApplication":[],"WebPage":[]},"graphName":"Product","isEnabled":true},"graphs":[]},"schema_type":"default","schema_type_options":null,"pillar_content":false,"robots_default":true,"robots_noindex":false,"robots_noarchive":false,"robots_nosnippet":false,"robots_nofollow":false,"robots_noimageindex":false,"robots_noodp":false,"robots_notranslate":false,"robots_max_snippet":null,"robots_max_videopreview":null,"robots_max_imagepreview":"large","priority":null,"frequency":null,"local_seo":null,"seo_analyzer_scan_date":"2025-10-24 16:32:35","breadcrumb_settings":null,"limit_modified_date":false,"reviewed_by":null,"open_ai":null,"ai":null,"created":"2025-10-09 05:11:24","updated":"2026-01-24 08:57:40"},"aioseo_breadcrumb":"<div class=\"aioseo-breadcrumbs\"><span class=\"aioseo-breadcrumb\">\n\t<a href=\"https:\/\/droix.eu\/ro\/\" title=\"Home\">Home<\/a>\n<\/span><span class=\"aioseo-breadcrumb-separator\">&raquo;<\/span><span class=\"aioseo-breadcrumb\">\n\t<a href=\"https:\/\/droix.eu\/ro\/product-category\/accesorii\/\" title=\"Accesorii\">Accesorii<\/a>\n<\/span><span class=\"aioseo-breadcrumb-separator\">&raquo;<\/span><span class=\"aioseo-breadcrumb\">\n\t<a href=\"https:\/\/droix.eu\/ro\/product-category\/accesorii\/accesorii-pentru-jocuri\/\" title=\"Accesorii pentru jocuri\">Accesorii pentru jocuri<\/a>\n<\/span><span class=\"aioseo-breadcrumb-separator\">&raquo;<\/span><span class=\"aioseo-breadcrumb\">\n\tAYN Odin 2 Screen Protector\n<\/span><\/div>","aioseo_breadcrumb_json":[{"label":"Home","link":"https:\/\/droix.eu\/ro\/"},{"label":"Accesorii","link":"https:\/\/droix.eu\/ro\/product-category\/accesorii\/"},{"label":"Accesorii pentru jocuri","link":"https:\/\/droix.eu\/ro\/product-category\/accesorii\/accesorii-pentru-jocuri\/"},{"label":"AYN Odin 2 Screen Protector","link":"https:\/\/droix.eu\/ro\/product\/ayn-odin-2-screen-protector\/"}],"_links":{"self":[{"href":"https:\/\/droix.eu\/ro\/wp-json\/wp\/v2\/product\/517063","targetHints":{"allow":["GET"]}}],"collection":[{"href":"https:\/\/droix.eu\/ro\/wp-json\/wp\/v2\/product"}],"about":[{"href":"https:\/\/droix.eu\/ro\/wp-json\/wp\/v2\/types\/product"}],"version-history":[{"count":0,"href":"https:\/\/droix.eu\/ro\/wp-json\/wp\/v2\/product\/517063\/revisions"}],"wp:featuredmedia":[{"embeddable":true,"href":"https:\/\/droix.eu\/ro\/wp-json\/wp\/v2\/media\/456603"}],"wp:attachment":[{"href":"https:\/\/droix.eu\/ro\/wp-json\/wp\/v2\/media?parent=517063"}],"wp:term":[{"taxonomy":"product_brand","embeddable":true,"href":"https:\/\/droix.eu\/ro\/wp-json\/wp\/v2\/product_brand?post=517063"},{"taxonomy":"product_cat","embeddable":true,"href":"https:\/\/droix.eu\/ro\/wp-json\/wp\/v2\/product_cat?post=517063"},{"taxonomy":"product_tag","embeddable":true,"href":"https:\/\/droix.eu\/ro\/wp-json\/wp\/v2\/product_tag?post=517063"},{"taxonomy":"woo-feed-brand","embeddable":true,"href":"https:\/\/droix.eu\/ro\/wp-json\/wp\/v2\/woo-feed-brand?post=517063"},{"taxonomy":"key-features","embeddable":true,"href":"https:\/\/droix.eu\/ro\/wp-json\/wp\/v2\/key-features?post=517063"}],"curies":[{"name":"wp","href":"https:\/\/api.w.org\/{rel}","templated":true}]}}