{"id":516929,"date":"2024-01-12T14:13:19","date_gmt":"2024-01-12T14:13:19","guid":{"rendered":"https:\/\/droix.eu\/product\/carcasa-ayn-odin-2\/"},"modified":"2026-01-20T05:42:05","modified_gmt":"2026-01-20T05:42:05","slug":"carcasa-ayn-odin-2","status":"publish","type":"product","link":"https:\/\/droix.eu\/ro\/product\/carcasa-ayn-odin-2\/","title":{"rendered":"Carcas\u0103 AYN Odin 2"},"content":{"rendered":"<h2><strong>Prezent\u0103m AYN Odin 2 Case: Protec\u021bie \u0219i stil suprem pentru dispozitivul dumneavoastr\u0103<\/strong><\/h2>\n<p>\u00cembun\u0103t\u0103\u021bi\u021bi protec\u021bia \u0219i stilul dispozitivului dvs. cu husa AYN Odin 2. Conceput\u0103 pentru a satisface cerin\u021bele stilurilor de via\u021b\u0103 moderne, aceast\u0103 carcas\u0103 ofer\u0103 un amestec perfect de durabilitate, func\u021bionalitate \u0219i estetic\u0103.<\/p>\n<h2><strong>Caracteristici principale:<\/strong><\/h2>\n<h2><strong>Materiale premium:<\/strong><\/h2>\n<p>Fabricat\u0103 din materiale de \u00eenalt\u0103 calitate, AYN Odin 2 Case este construit\u0103 pentru a rezista uzurii zilnice, men\u021bin\u00e2nd \u00een acela\u0219i timp un aspect elegant \u0219i rafinat.<\/p>\n<h2><strong>Protec\u021bie 360\u00b0:<\/strong><\/h2>\n<p>Carcasa AYN Odin ofer\u0103 protec\u021bie complet\u0103 pentru dispozitivul dvs. Acoper\u0103 toate marginile \u0219i col\u021burile, protej\u00e2nd \u00eempotriva c\u0103derilor, impacturilor \u0219i zg\u00e2rieturilor.<\/p>\n<h2><strong>Sub\u021bire \u0219i u\u0219or:<\/strong><\/h2>\n<p>\u00cen ciuda protec\u021biei sale robuste, aceast\u0103 carcas\u0103 r\u0103m\u00e2ne sub\u021bire \u0219i u\u0219oar\u0103, p\u0103str\u00e2nd profilul sub\u021bire al dispozitivului dvs. f\u0103r\u0103 a ad\u0103uga volum inutil.<\/p>\n<h2><strong>Potrivire precis\u0103:<\/strong><\/h2>\n<p>Fabricat\u0103 la comand\u0103 pentru AYN Odin 2, AYN Odin 2 Case asigur\u0103 o potrivire str\u00e2ns\u0103 \u0219i sigur\u0103.<\/p>\n","protected":false},"excerpt":{"rendered":"<ul>\n<li><strong>Official<\/strong> AYN Odin 2 Case<\/li>\n<li>C\u0103ptu\u0219eal\u0103 din material textil moale pentru <strong>protec\u021bie suplimentar\u0103<\/strong>.<\/li>\n<li>Design elegant cu \u00eenchidere sigur\u0103 cu fermoar.<\/li>\n<\/ul>\n[droix_global_accordions]\n[cg_accordion title=\"Pachetul include\"]<\/p>\n<ul>\n<li>1x AYN Odin 2 Case<\/li>\n<\/ul>\n<p>[\/cg_accordion]\n","protected":false},"featured_media":454117,"template":"","meta":{"_acf_changed":false},"product_brand":[],"product_cat":[13343,13344],"product_tag":[],"woo-feed-brand":[],"key-features":[],"class_list":{"0":"post-516929","1":"product","2":"type-product","3":"status-publish","4":"has-post-thumbnail","6":"product_cat-accesorii","7":"product_cat-accesorii-pentru-jocuri","8":"product_shipping_class-low-end","9":"pa_accessory-type-protective-case","10":"pa_brands-ayn-ro","12":"first","13":"instock","14":"sale","15":"taxable","16":"shipping-taxable","17":"purchasable","18":"product-type-simple"},"acf":[],"aioseo_notices":[],"aioseo_head":"\n\t\t<!-- All in One SEO Pro 4.9.5.2 - aioseo.com -->\n\t<meta name=\"description\" content=\"Official AYN Odin 2 Case C\u0103ptu\u0219eal\u0103 din material textil moale pentru protec\u021bie suplimentar\u0103. Design elegant cu \u00eenchidere sigur\u0103 cu fermoar. Pachetul include 1x AYN Odin 2 Case\" \/>\n\t<meta name=\"robots\" content=\"max-image-preview:large\" \/>\n\t<link rel=\"canonical\" href=\"https:\/\/droix.eu\/ro\/product\/carcasa-ayn-odin-2\/\" \/>\n\t<meta name=\"generator\" content=\"All in One SEO Pro (AIOSEO) 4.9.5.2\" \/>\n\t\t<meta property=\"og:locale\" content=\"ro_RO\" \/>\n\t\t<meta property=\"og:site_name\" content=\"DROIX EU - Get the latest Mini PCs, Ultrabook, PC Gaming Handhelds and more!\" \/>\n\t\t<meta property=\"og:type\" content=\"article\" \/>\n\t\t<meta property=\"og:title\" content=\"Carcas\u0103 AYN Odin 2 - DROIX EU\" \/>\n\t\t<meta property=\"og:description\" content=\"Official AYN Odin 2 Case C\u0103ptu\u0219eal\u0103 din material textil moale pentru protec\u021bie suplimentar\u0103. Design elegant cu \u00eenchidere sigur\u0103 cu fermoar. Pachetul include 1x AYN Odin 2 Case\" \/>\n\t\t<meta property=\"og:url\" content=\"https:\/\/droix.eu\/ro\/product\/carcasa-ayn-odin-2\/\" \/>\n\t\t<meta property=\"og:image\" content=\"https:\/\/droix.eu\/wp-content\/uploads\/2024\/06\/droix-v2-light-logo.png\" \/>\n\t\t<meta property=\"og:image:secure_url\" content=\"https:\/\/droix.eu\/wp-content\/uploads\/2024\/06\/droix-v2-light-logo.png\" \/>\n\t\t<meta property=\"og:image:width\" content=\"380\" \/>\n\t\t<meta property=\"og:image:height\" content=\"118\" \/>\n\t\t<meta property=\"article:published_time\" content=\"2024-01-12T14:13:19+00:00\" \/>\n\t\t<meta property=\"article:modified_time\" content=\"2026-01-20T05:42:05+00:00\" \/>\n\t\t<meta property=\"article:publisher\" content=\"https:\/\/www.facebook.com\/DroiX.Store\" \/>\n\t\t<meta name=\"twitter:card\" content=\"summary_large_image\" \/>\n\t\t<meta name=\"twitter:site\" content=\"@DroiX_Store\" \/>\n\t\t<meta name=\"twitter:title\" content=\"Carcas\u0103 AYN Odin 2 - DROIX EU\" \/>\n\t\t<meta name=\"twitter:description\" content=\"Official AYN Odin 2 Case C\u0103ptu\u0219eal\u0103 din material textil moale pentru protec\u021bie suplimentar\u0103. Design elegant cu \u00eenchidere sigur\u0103 cu fermoar. Pachetul include 1x AYN Odin 2 Case\" \/>\n\t\t<meta name=\"twitter:image\" content=\"https:\/\/droix.eu\/wp-content\/uploads\/2024\/06\/droix-v2-light-logo.png\" \/>\n\t\t<script type=\"application\/ld+json\" class=\"aioseo-schema\">\n\t\t\t{\"@context\":\"https:\\\/\\\/schema.org\",\"@graph\":[{\"@type\":\"BreadcrumbList\",\"@id\":\"https:\\\/\\\/droix.eu\\\/ro\\\/product\\\/carcasa-ayn-odin-2\\\/#breadcrumblist\",\"itemListElement\":[{\"@type\":\"ListItem\",\"@id\":\"https:\\\/\\\/droix.eu\\\/ro\\\/#listItem\",\"position\":1,\"name\":\"Home\",\"item\":\"https:\\\/\\\/droix.eu\\\/ro\\\/\",\"nextItem\":{\"@type\":\"ListItem\",\"@id\":\"https:\\\/\\\/droix.eu\\\/ro\\\/product-category\\\/accesorii\\\/#listItem\",\"name\":\"Accesorii\"}},{\"@type\":\"ListItem\",\"@id\":\"https:\\\/\\\/droix.eu\\\/ro\\\/product-category\\\/accesorii\\\/#listItem\",\"position\":2,\"name\":\"Accesorii\",\"item\":\"https:\\\/\\\/droix.eu\\\/ro\\\/product-category\\\/accesorii\\\/\",\"nextItem\":{\"@type\":\"ListItem\",\"@id\":\"https:\\\/\\\/droix.eu\\\/ro\\\/product-category\\\/accesorii\\\/accesorii-pentru-jocuri\\\/#listItem\",\"name\":\"Accesorii pentru jocuri\"},\"previousItem\":{\"@type\":\"ListItem\",\"@id\":\"https:\\\/\\\/droix.eu\\\/ro\\\/#listItem\",\"name\":\"Home\"}},{\"@type\":\"ListItem\",\"@id\":\"https:\\\/\\\/droix.eu\\\/ro\\\/product-category\\\/accesorii\\\/accesorii-pentru-jocuri\\\/#listItem\",\"position\":3,\"name\":\"Accesorii pentru jocuri\",\"item\":\"https:\\\/\\\/droix.eu\\\/ro\\\/product-category\\\/accesorii\\\/accesorii-pentru-jocuri\\\/\",\"nextItem\":{\"@type\":\"ListItem\",\"@id\":\"https:\\\/\\\/droix.eu\\\/ro\\\/product\\\/carcasa-ayn-odin-2\\\/#listItem\",\"name\":\"Carcas\\u0103 AYN Odin 2\"},\"previousItem\":{\"@type\":\"ListItem\",\"@id\":\"https:\\\/\\\/droix.eu\\\/ro\\\/product-category\\\/accesorii\\\/#listItem\",\"name\":\"Accesorii\"}},{\"@type\":\"ListItem\",\"@id\":\"https:\\\/\\\/droix.eu\\\/ro\\\/product\\\/carcasa-ayn-odin-2\\\/#listItem\",\"position\":4,\"name\":\"Carcas\\u0103 AYN Odin 2\",\"previousItem\":{\"@type\":\"ListItem\",\"@id\":\"https:\\\/\\\/droix.eu\\\/ro\\\/product-category\\\/accesorii\\\/accesorii-pentru-jocuri\\\/#listItem\",\"name\":\"Accesorii pentru jocuri\"}}]},{\"@type\":\"Organization\",\"@id\":\"https:\\\/\\\/droix.eu\\\/ro\\\/#organization\",\"name\":\"DroiX \\u2013 Trusted EU Tech Retailer with 12+ Years Experience\",\"description\":\"DroiX is a leading European technology retailer with over 12 years of experience, offering quality mini PCs, handheld gaming consoles, and tech accessories. We provide hassle-free EU delivery with all taxes included, ensuring a smooth and reliable shopping experience for our customers across Europe.\",\"url\":\"https:\\\/\\\/droix.eu\\\/ro\\\/\",\"logo\":{\"@type\":\"ImageObject\",\"url\":\"https:\\\/\\\/droix.eu\\\/wp-content\\\/uploads\\\/2024\\\/06\\\/droix-v2-light-logo.png\",\"@id\":\"https:\\\/\\\/droix.eu\\\/ro\\\/product\\\/carcasa-ayn-odin-2\\\/#organizationLogo\",\"width\":380,\"height\":118},\"image\":{\"@id\":\"https:\\\/\\\/droix.eu\\\/ro\\\/product\\\/carcasa-ayn-odin-2\\\/#organizationLogo\"},\"sameAs\":[\"https:\\\/\\\/www.facebook.com\\\/DroiX.Store\",\"https:\\\/\\\/twitter.com\\\/DroiX_Store\",\"https:\\\/\\\/www.instagram.com\\\/droix.store\\\/\",\"https:\\\/\\\/www.tiktok.com\\\/@droix.store\",\"https:\\\/\\\/www.youtube.com\\\/c\\\/DroiX_Store\",\"https:\\\/\\\/uk.linkedin.com\\\/company\\\/droix\"]},{\"@type\":\"Product\",\"@id\":\"https:\\\/\\\/droix.eu\\\/ro\\\/product\\\/carcasa-ayn-odin-2\\\/#wooCommerceProduct\",\"name\":\"Carcas\\u0103 AYN Odin 2\",\"description\":\"Official AYN Odin 2 Case\\n \\tC\\u0103ptu\\u0219eal\\u0103 din material textil moale pentru protec\\u021bie suplimentar\\u0103.\\n \\tDesign elegant cu \\u00eenchidere sigur\\u0103 cu fermoar.\",\"url\":\"https:\\\/\\\/droix.eu\\\/ro\\\/product\\\/carcasa-ayn-odin-2\\\/\",\"sku\":\"AYN-ODIN-2-CASE\",\"gtin\":\"5060763677685\",\"image\":{\"@type\":\"ImageObject\",\"url\":\"https:\\\/\\\/droix.eu\\\/wp-content\\\/uploads\\\/2024\\\/01\\\/ODIN-2-CASE-01.png\",\"@id\":\"https:\\\/\\\/droix.eu\\\/ro\\\/product\\\/carcasa-ayn-odin-2\\\/#productImage\",\"width\":1500,\"height\":1500,\"caption\":\"Carcas\\u0103 AYN Odin 2\"},\"offers\":{\"@type\":\"Offer\",\"url\":\"https:\\\/\\\/droix.eu\\\/ro\\\/product\\\/carcasa-ayn-odin-2\\\/#wooCommerceOffer\",\"price\":25.77,\"priceCurrency\":\"EUR\",\"category\":\"Accesorii\",\"availability\":\"https:\\\/\\\/schema.org\\\/InStock\",\"priceSpecification\":{\"@type\":\"PriceSpecification\",\"price\":25.77,\"priceCurrency\":\"EUR\",\"valueAddedTaxIncluded\":\"true\"},\"seller\":{\"@type\":\"Organization\",\"@id\":\"https:\\\/\\\/droix.eu\\\/ro\\\/#organization\"}}},{\"@type\":\"WebPage\",\"@id\":\"https:\\\/\\\/droix.eu\\\/ro\\\/product\\\/carcasa-ayn-odin-2\\\/#webpage\",\"url\":\"https:\\\/\\\/droix.eu\\\/ro\\\/product\\\/carcasa-ayn-odin-2\\\/\",\"name\":\"Carcas\\u0103 AYN Odin 2 - DROIX EU\",\"description\":\"Official AYN Odin 2 Case C\\u0103ptu\\u0219eal\\u0103 din material textil moale pentru protec\\u021bie suplimentar\\u0103. Design elegant cu \\u00eenchidere sigur\\u0103 cu fermoar. Pachetul include 1x AYN Odin 2 Case\",\"inLanguage\":\"ro-RO\",\"isPartOf\":{\"@id\":\"https:\\\/\\\/droix.eu\\\/ro\\\/#website\"},\"breadcrumb\":{\"@id\":\"https:\\\/\\\/droix.eu\\\/ro\\\/product\\\/carcasa-ayn-odin-2\\\/#breadcrumblist\"},\"image\":{\"@type\":\"ImageObject\",\"url\":\"https:\\\/\\\/droix.eu\\\/wp-content\\\/uploads\\\/2024\\\/01\\\/ODIN-2-CASE-01.png\",\"@id\":\"https:\\\/\\\/droix.eu\\\/ro\\\/product\\\/carcasa-ayn-odin-2\\\/#mainImage\",\"width\":1500,\"height\":1500,\"caption\":\"Carcas\\u0103 AYN Odin 2\"},\"primaryImageOfPage\":{\"@id\":\"https:\\\/\\\/droix.eu\\\/ro\\\/product\\\/carcasa-ayn-odin-2\\\/#mainImage\"},\"datePublished\":\"2024-01-12T14:13:19+00:00\",\"dateModified\":\"2026-01-20T05:42:05+00:00\"},{\"@type\":\"WebSite\",\"@id\":\"https:\\\/\\\/droix.eu\\\/ro\\\/#website\",\"url\":\"https:\\\/\\\/droix.eu\\\/ro\\\/\",\"name\":\"DROIX EU\",\"description\":\"Get the latest Mini PCs, Ultrabook, PC Gaming Handhelds and more!\",\"inLanguage\":\"ro-RO\",\"publisher\":{\"@id\":\"https:\\\/\\\/droix.eu\\\/ro\\\/#organization\"}}]}\n\t\t<\/script>\n\t\t<!-- All in One SEO Pro -->\r\n\t\t<title>Carcas\u0103 AYN Odin 2 - DROIX EU<\/title>\n\n","aioseo_head_json":{"title":"Carcas\u0103 AYN Odin 2 - DROIX EU","description":"Official AYN Odin 2 Case C\u0103ptu\u0219eal\u0103 din material textil moale pentru protec\u021bie suplimentar\u0103. Design elegant cu \u00eenchidere sigur\u0103 cu fermoar. Pachetul include 1x AYN Odin 2 Case","canonical_url":"https:\/\/droix.eu\/ro\/product\/carcasa-ayn-odin-2\/","robots":"max-image-preview:large","keywords":"","webmasterTools":{"miscellaneous":""},"schema":{"@context":"https:\/\/schema.org","@graph":[{"@type":"BreadcrumbList","@id":"https:\/\/droix.eu\/ro\/product\/carcasa-ayn-odin-2\/#breadcrumblist","itemListElement":[{"@type":"ListItem","@id":"https:\/\/droix.eu\/ro\/#listItem","position":1,"name":"Home","item":"https:\/\/droix.eu\/ro\/","nextItem":{"@type":"ListItem","@id":"https:\/\/droix.eu\/ro\/product-category\/accesorii\/#listItem","name":"Accesorii"}},{"@type":"ListItem","@id":"https:\/\/droix.eu\/ro\/product-category\/accesorii\/#listItem","position":2,"name":"Accesorii","item":"https:\/\/droix.eu\/ro\/product-category\/accesorii\/","nextItem":{"@type":"ListItem","@id":"https:\/\/droix.eu\/ro\/product-category\/accesorii\/accesorii-pentru-jocuri\/#listItem","name":"Accesorii pentru jocuri"},"previousItem":{"@type":"ListItem","@id":"https:\/\/droix.eu\/ro\/#listItem","name":"Home"}},{"@type":"ListItem","@id":"https:\/\/droix.eu\/ro\/product-category\/accesorii\/accesorii-pentru-jocuri\/#listItem","position":3,"name":"Accesorii pentru jocuri","item":"https:\/\/droix.eu\/ro\/product-category\/accesorii\/accesorii-pentru-jocuri\/","nextItem":{"@type":"ListItem","@id":"https:\/\/droix.eu\/ro\/product\/carcasa-ayn-odin-2\/#listItem","name":"Carcas\u0103 AYN Odin 2"},"previousItem":{"@type":"ListItem","@id":"https:\/\/droix.eu\/ro\/product-category\/accesorii\/#listItem","name":"Accesorii"}},{"@type":"ListItem","@id":"https:\/\/droix.eu\/ro\/product\/carcasa-ayn-odin-2\/#listItem","position":4,"name":"Carcas\u0103 AYN Odin 2","previousItem":{"@type":"ListItem","@id":"https:\/\/droix.eu\/ro\/product-category\/accesorii\/accesorii-pentru-jocuri\/#listItem","name":"Accesorii pentru jocuri"}}]},{"@type":"Organization","@id":"https:\/\/droix.eu\/ro\/#organization","name":"DroiX \u2013 Trusted EU Tech Retailer with 12+ Years Experience","description":"DroiX is a leading European technology retailer with over 12 years of experience, offering quality mini PCs, handheld gaming consoles, and tech accessories. We provide hassle-free EU delivery with all taxes included, ensuring a smooth and reliable shopping experience for our customers across Europe.","url":"https:\/\/droix.eu\/ro\/","logo":{"@type":"ImageObject","url":"https:\/\/droix.eu\/wp-content\/uploads\/2024\/06\/droix-v2-light-logo.png","@id":"https:\/\/droix.eu\/ro\/product\/carcasa-ayn-odin-2\/#organizationLogo","width":380,"height":118},"image":{"@id":"https:\/\/droix.eu\/ro\/product\/carcasa-ayn-odin-2\/#organizationLogo"},"sameAs":["https:\/\/www.facebook.com\/DroiX.Store","https:\/\/twitter.com\/DroiX_Store","https:\/\/www.instagram.com\/droix.store\/","https:\/\/www.tiktok.com\/@droix.store","https:\/\/www.youtube.com\/c\/DroiX_Store","https:\/\/uk.linkedin.com\/company\/droix"]},{"@type":"Product","@id":"https:\/\/droix.eu\/ro\/product\/carcasa-ayn-odin-2\/#wooCommerceProduct","name":"Carcas\u0103 AYN Odin 2","description":"Official AYN Odin 2 Case\n \tC\u0103ptu\u0219eal\u0103 din material textil moale pentru protec\u021bie suplimentar\u0103.\n \tDesign elegant cu \u00eenchidere sigur\u0103 cu fermoar.","url":"https:\/\/droix.eu\/ro\/product\/carcasa-ayn-odin-2\/","sku":"AYN-ODIN-2-CASE","gtin":"5060763677685","image":{"@type":"ImageObject","url":"https:\/\/droix.eu\/wp-content\/uploads\/2024\/01\/ODIN-2-CASE-01.png","@id":"https:\/\/droix.eu\/ro\/product\/carcasa-ayn-odin-2\/#productImage","width":1500,"height":1500,"caption":"Carcas\u0103 AYN Odin 2"},"offers":{"@type":"Offer","url":"https:\/\/droix.eu\/ro\/product\/carcasa-ayn-odin-2\/#wooCommerceOffer","price":25.77,"priceCurrency":"EUR","category":"Accesorii","availability":"https:\/\/schema.org\/InStock","priceSpecification":{"@type":"PriceSpecification","price":25.77,"priceCurrency":"EUR","valueAddedTaxIncluded":"true"},"seller":{"@type":"Organization","@id":"https:\/\/droix.eu\/ro\/#organization"}}},{"@type":"WebPage","@id":"https:\/\/droix.eu\/ro\/product\/carcasa-ayn-odin-2\/#webpage","url":"https:\/\/droix.eu\/ro\/product\/carcasa-ayn-odin-2\/","name":"Carcas\u0103 AYN Odin 2 - DROIX EU","description":"Official AYN Odin 2 Case C\u0103ptu\u0219eal\u0103 din material textil moale pentru protec\u021bie suplimentar\u0103. Design elegant cu \u00eenchidere sigur\u0103 cu fermoar. Pachetul include 1x AYN Odin 2 Case","inLanguage":"ro-RO","isPartOf":{"@id":"https:\/\/droix.eu\/ro\/#website"},"breadcrumb":{"@id":"https:\/\/droix.eu\/ro\/product\/carcasa-ayn-odin-2\/#breadcrumblist"},"image":{"@type":"ImageObject","url":"https:\/\/droix.eu\/wp-content\/uploads\/2024\/01\/ODIN-2-CASE-01.png","@id":"https:\/\/droix.eu\/ro\/product\/carcasa-ayn-odin-2\/#mainImage","width":1500,"height":1500,"caption":"Carcas\u0103 AYN Odin 2"},"primaryImageOfPage":{"@id":"https:\/\/droix.eu\/ro\/product\/carcasa-ayn-odin-2\/#mainImage"},"datePublished":"2024-01-12T14:13:19+00:00","dateModified":"2026-01-20T05:42:05+00:00"},{"@type":"WebSite","@id":"https:\/\/droix.eu\/ro\/#website","url":"https:\/\/droix.eu\/ro\/","name":"DROIX EU","description":"Get the latest Mini PCs, Ultrabook, PC Gaming Handhelds and more!","inLanguage":"ro-RO","publisher":{"@id":"https:\/\/droix.eu\/ro\/#organization"}}]},"og:locale":"ro_RO","og:site_name":"DROIX EU - Get the latest Mini PCs, Ultrabook, PC Gaming Handhelds and more!","og:type":"article","og:title":"Carcas\u0103 AYN Odin 2 - DROIX EU","og:description":"Official AYN Odin 2 Case C\u0103ptu\u0219eal\u0103 din material textil moale pentru protec\u021bie suplimentar\u0103. Design elegant cu \u00eenchidere sigur\u0103 cu fermoar. Pachetul include 1x AYN Odin 2 Case","og:url":"https:\/\/droix.eu\/ro\/product\/carcasa-ayn-odin-2\/","og:image":"https:\/\/droix.eu\/wp-content\/uploads\/2024\/06\/droix-v2-light-logo.png","og:image:secure_url":"https:\/\/droix.eu\/wp-content\/uploads\/2024\/06\/droix-v2-light-logo.png","og:image:width":380,"og:image:height":118,"article:published_time":"2024-01-12T14:13:19+00:00","article:modified_time":"2026-01-20T05:42:05+00:00","article:publisher":"https:\/\/www.facebook.com\/DroiX.Store","twitter:card":"summary_large_image","twitter:site":"@DroiX_Store","twitter:title":"Carcas\u0103 AYN Odin 2 - DROIX EU","twitter:description":"Official AYN Odin 2 Case C\u0103ptu\u0219eal\u0103 din material textil moale pentru protec\u021bie suplimentar\u0103. Design elegant cu \u00eenchidere sigur\u0103 cu fermoar. Pachetul include 1x AYN Odin 2 Case","twitter:image":"https:\/\/droix.eu\/wp-content\/uploads\/2024\/06\/droix-v2-light-logo.png"},"aioseo_meta_data":{"post_id":"516929","title":null,"description":null,"keywords":null,"keyphrases":{"focus":{"keyphrase":"","score":0,"analysis":{"keyphraseInTitle":{"score":0,"maxScore":9,"error":1}}},"additional":[]},"primary_term":null,"canonical_url":null,"og_title":null,"og_description":null,"og_object_type":"default","og_image_type":"default","og_image_url":null,"og_image_width":null,"og_image_height":null,"og_image_custom_url":null,"og_image_custom_fields":null,"og_video":"","og_custom_url":null,"og_article_section":null,"og_article_tags":null,"twitter_use_og":true,"twitter_card":"default","twitter_image_type":"default","twitter_image_url":null,"twitter_image_custom_url":null,"twitter_image_custom_fields":null,"twitter_title":null,"twitter_description":null,"schema":{"blockGraphs":[],"customGraphs":[],"default":{"data":{"Article":[],"Course":[],"Dataset":[],"FAQPage":[],"Movie":[],"Person":[],"Product":[],"ProductReview":[],"Car":[],"Recipe":[],"Service":[],"SoftwareApplication":[],"WebPage":[]},"graphName":"Product","isEnabled":true},"graphs":[]},"schema_type":"default","schema_type_options":null,"pillar_content":false,"robots_default":true,"robots_noindex":false,"robots_noarchive":false,"robots_nosnippet":false,"robots_nofollow":false,"robots_noimageindex":false,"robots_noodp":false,"robots_notranslate":false,"robots_max_snippet":"-1","robots_max_videopreview":"-1","robots_max_imagepreview":"large","priority":null,"frequency":"default","local_seo":null,"seo_analyzer_scan_date":"2025-11-28 10:39:55","breadcrumb_settings":null,"limit_modified_date":false,"reviewed_by":null,"open_ai":null,"ai":{"faqs":[],"keyPoints":[],"titles":[],"descriptions":[],"socialPosts":{"email":[],"linkedin":[],"twitter":[],"facebook":[],"instagram":[]}},"created":"2025-10-09 05:07:43","updated":"2026-01-24 11:47:26"},"aioseo_breadcrumb":"<div class=\"aioseo-breadcrumbs\"><span class=\"aioseo-breadcrumb\">\n\t<a href=\"https:\/\/droix.eu\/ro\/\" title=\"Home\">Home<\/a>\n<\/span><span class=\"aioseo-breadcrumb-separator\">&raquo;<\/span><span class=\"aioseo-breadcrumb\">\n\t<a href=\"https:\/\/droix.eu\/ro\/product-category\/accesorii\/\" title=\"Accesorii\">Accesorii<\/a>\n<\/span><span class=\"aioseo-breadcrumb-separator\">&raquo;<\/span><span class=\"aioseo-breadcrumb\">\n\t<a href=\"https:\/\/droix.eu\/ro\/product-category\/accesorii\/accesorii-pentru-jocuri\/\" title=\"Accesorii pentru jocuri\">Accesorii pentru jocuri<\/a>\n<\/span><span class=\"aioseo-breadcrumb-separator\">&raquo;<\/span><span class=\"aioseo-breadcrumb\">\n\tCarcas\u0103 AYN Odin 2\n<\/span><\/div>","aioseo_breadcrumb_json":[{"label":"Home","link":"https:\/\/droix.eu\/ro\/"},{"label":"Accesorii","link":"https:\/\/droix.eu\/ro\/product-category\/accesorii\/"},{"label":"Accesorii pentru jocuri","link":"https:\/\/droix.eu\/ro\/product-category\/accesorii\/accesorii-pentru-jocuri\/"},{"label":"Carcas\u0103 AYN Odin 2","link":"https:\/\/droix.eu\/ro\/product\/carcasa-ayn-odin-2\/"}],"_links":{"self":[{"href":"https:\/\/droix.eu\/ro\/wp-json\/wp\/v2\/product\/516929","targetHints":{"allow":["GET"]}}],"collection":[{"href":"https:\/\/droix.eu\/ro\/wp-json\/wp\/v2\/product"}],"about":[{"href":"https:\/\/droix.eu\/ro\/wp-json\/wp\/v2\/types\/product"}],"version-history":[{"count":0,"href":"https:\/\/droix.eu\/ro\/wp-json\/wp\/v2\/product\/516929\/revisions"}],"wp:featuredmedia":[{"embeddable":true,"href":"https:\/\/droix.eu\/ro\/wp-json\/wp\/v2\/media\/454117"}],"wp:attachment":[{"href":"https:\/\/droix.eu\/ro\/wp-json\/wp\/v2\/media?parent=516929"}],"wp:term":[{"taxonomy":"product_brand","embeddable":true,"href":"https:\/\/droix.eu\/ro\/wp-json\/wp\/v2\/product_brand?post=516929"},{"taxonomy":"product_cat","embeddable":true,"href":"https:\/\/droix.eu\/ro\/wp-json\/wp\/v2\/product_cat?post=516929"},{"taxonomy":"product_tag","embeddable":true,"href":"https:\/\/droix.eu\/ro\/wp-json\/wp\/v2\/product_tag?post=516929"},{"taxonomy":"woo-feed-brand","embeddable":true,"href":"https:\/\/droix.eu\/ro\/wp-json\/wp\/v2\/woo-feed-brand?post=516929"},{"taxonomy":"key-features","embeddable":true,"href":"https:\/\/droix.eu\/ro\/wp-json\/wp\/v2\/key-features?post=516929"}],"curies":[{"name":"wp","href":"https:\/\/api.w.org\/{rel}","templated":true}]}}