{"id":508301,"date":"2024-11-28T09:28:43","date_gmt":"2024-11-28T09:28:43","guid":{"rendered":"https:\/\/droix.eu\/product\/gpd-pocket-4-modul-rs-232\/"},"modified":"2026-03-28T07:57:56","modified_gmt":"2026-03-28T07:57:56","slug":"gpd-pocket-4-modul-rs-232","status":"publish","type":"product","link":"https:\/\/droix.eu\/ro\/product\/gpd-pocket-4-modul-rs-232\/","title":{"rendered":"Modul RS-232 GPD POCKET 4"},"content":{"rendered":"\n<p>GPD POCKET 4 ofer\u0103 un modul RS-232 exclusiv ca o caracteristic\u0103 op\u021bional\u0103, permi\u021b\u00e2nd utilizatorilor s\u0103 se conecteze la o gam\u0103 larg\u0103 de dispozitive seriale.<\/p>\n\n<p><\/p>\n","protected":false},"excerpt":{"rendered":"<ul>\n<li><strong>Accesoriu oficial GPD<\/strong><\/li>\n<li>Modul de expansiune <strong>RS-232<\/strong> <\/li>\n<li>Conectare la dispozitive <strong>seriale<\/strong> <\/li>\n<li>Instalare u\u0219oar\u0103 \u00een<strong> GPD POCKET 4<\/strong><\/li>\n<\/ul>\n[cg_accordion title=\"Garan\u021bie de 2 ani pentru toate produsele GPD\"]<\/p>\n<p>Toate produsele GPD vin cu o garan\u021bie de 2 ani \u0219i sunt sus\u021binute de peste 13 ani de servicii de \u00eencredere. Al\u0103tura\u021bi-v\u0103 comunit\u0103\u021bii noastre de peste 500.000 de clien\u021bi ferici\u021bi \u0219i sim\u021bi\u021bi-v\u0103 \u00eencrez\u0103tori \u00een achizi\u021bia dvs. [\/cg_accordion]\n[cg_accordion title=\"Asigurarea calit\u0103\u021bii \u0219i testarea \u00eenainte de expediere\"]<\/p>\n<p>Asigurarea satisfac\u021biei clien\u021bilor la cel mai \u00eenalt standard: Fiecare dispozitiv este supus unor teste riguroase \u0219i unei verific\u0103ri de asigurare a calit\u0103\u021bii \u00een mai multe puncte \u00eenainte de a fi expediat. Echipa noastr\u0103 dedicat\u0103 verific\u0103 performan\u021ba, func\u021bionalitatea \u0219i integritatea componentelor pentru a v\u0103 garanta c\u0103 dispozitivul GPD este \u00een perfect\u0103 stare de func\u021bionare la sosire, oferindu-v\u0103 \u00eencredere \u0219i lini\u0219te sufleteasc\u0103. [\/cg_accordion]\n[cg_accordion title=\"Op\u021biuni de plat\u0103 flexibile \u0219i sigure\"]<\/p>\n<p>Bucura\u021bi-v\u0103 de lini\u0219te cu sistemul nostru de plat\u0103 securizat. Accept\u0103m toate metodele majore de plat\u0103, inclusiv cardurile de debit\/credit, PayPal, Apple Pay, Google Pay, Klarna, Afterpay \u0219i Affirm &#8211; oferindu-v\u0103 libertatea de a pl\u0103ti \u00een felul dvs., fie \u00een avans, fie \u00een rate simple. [\/cg_accordion]\n[cg_accordion title=\"Impozite\"]<\/p>\n<p>Pre\u021burile includ TVA aplicabil, care poate fi de p\u00e2n\u0103 la 25% \u00een func\u021bie de \u021bara dumneavoastr\u0103. Suma exact\u0103 este afi\u0219at\u0103 la finalizarea comenzii pentru a asigura transparen\u021ba total\u0103. [\/cg_accordion]\n[cg_accordion title=\"Transport \u0219i retururi\"]<\/p>\n<p>Lucr\u0103m cu peste 10 parteneri de transport de \u00eencredere pentru a ne asigura c\u0103 comanda dvs. ajunge rapid, sigur \u0219i fiabil.<\/p>\n<p>Utiliz\u0103m expedierea Express DDP (Delivered Duty Paid). Aceasta \u00eenseamn\u0103 c\u0103: <\/p>\n<li>Toate taxele vamale \u0219i impozitele sunt deja incluse \u00een pre\u021bul produsului afi\u0219at.<\/li>\n<li>Nu v\u0103 ve\u021bi confrunta cu nicio tax\u0103 surpriz\u0103 la livrare.<\/li>\n<li>\u00cen cazul rar al \u00eent\u00e2rzierilor vamale, echipa noastr\u0103 va gestiona procesul de v\u0103muire pentru dvs. pentru a asigura o livrare f\u0103r\u0103 probleme.<\/li>\n<p>Informa\u021bii importante despre return\u0103ri:<\/p>\n<li>Dac\u0103 returna\u021bi comanda sau solicita\u021bi o rambursare, v\u0103 rug\u0103m s\u0103 re\u021bine\u021bi c\u0103 orice taxe \u0219i impozite pl\u0103tite \u00een numele dvs. \u00een conformitate cu condi\u021biile DDP nu sunt rambursabile.<\/li>\n<p>V\u0103 rug\u0103m s\u0103 consulta\u021bi <a href=\"https:\/\/droix.eu\/ro\/termeni-si-conditii\/\" target=\"_blank\" rel=\"nofollow noopener\">Termenii &amp; Condi\u021biile<\/a> noastre pentru informa\u021bii detaliate.\n<\/ul>\n<p>[\/cg_accordion]\n[cg_accordion title=\"Asisten\u021b\u0103 pentru clien\u021bi\"]<\/p>\n<p>Ave\u021bi o \u00eentrebare? Suntem la un mesaj distan\u021b\u0103 de a v\u0103 rezolva problema! [\/cg_accordion]\n[cg_accordion title=\"Pachetul include\"]<\/p>\n<ul>\n<li>1x modul RS-232<\/li>\n<\/ul>\n<p>[\/cg_accordion]\n","protected":false},"featured_media":495528,"template":"","meta":{"_acf_changed":false},"product_brand":[],"product_cat":[13343,13384],"product_tag":[],"woo-feed-brand":[],"key-features":[],"class_list":{"0":"post-508301","1":"product","2":"type-product","3":"status-publish","4":"has-post-thumbnail","6":"product_cat-accesorii","7":"product_cat-accesorii-pentru-laptop","8":"product_shipping_class-low-end","9":"pa_accessory-type-add-ons","10":"pa_brands-gpd-ro","11":"pa_compatibility-gpd-pocket-4-ro","13":"first","14":"instock","15":"sale","16":"taxable","17":"shipping-taxable","18":"purchasable","19":"product-type-simple"},"acf":[],"aioseo_notices":[],"aioseo_head":"\n\t\t<!-- All in One SEO Pro 4.9.5.2 - aioseo.com -->\n\t<meta name=\"description\" content=\"Accesoriu oficial GPD Modul de expansiune RS-232 Conectare la dispozitive seriale Instalare u\u0219oar\u0103 \u00een GPD POCKET 4\" \/>\n\t<meta name=\"robots\" content=\"max-image-preview:large\" \/>\n\t<link rel=\"canonical\" href=\"https:\/\/droix.eu\/ro\/product\/gpd-pocket-4-modul-rs-232\/\" \/>\n\t<meta name=\"generator\" content=\"All in One SEO Pro (AIOSEO) 4.9.5.2\" \/>\n\t\t<meta property=\"og:locale\" content=\"ro_RO\" \/>\n\t\t<meta property=\"og:site_name\" content=\"DROIX EU - Get the latest Mini PCs, Ultrabook, PC Gaming Handhelds and more!\" \/>\n\t\t<meta property=\"og:type\" content=\"article\" \/>\n\t\t<meta property=\"og:title\" content=\"Modul RS-232 GPD POCKET 4 - DROIX EU\" \/>\n\t\t<meta property=\"og:description\" content=\"Accesoriu oficial GPD Modul de expansiune RS-232 Conectare la dispozitive seriale Instalare u\u0219oar\u0103 \u00een GPD POCKET 4\" \/>\n\t\t<meta property=\"og:url\" content=\"https:\/\/droix.eu\/ro\/product\/gpd-pocket-4-modul-rs-232\/\" \/>\n\t\t<meta property=\"og:image\" content=\"https:\/\/droix.eu\/wp-content\/uploads\/2024\/06\/droix-v2-light-logo.png\" \/>\n\t\t<meta property=\"og:image:secure_url\" content=\"https:\/\/droix.eu\/wp-content\/uploads\/2024\/06\/droix-v2-light-logo.png\" \/>\n\t\t<meta property=\"og:image:width\" content=\"380\" \/>\n\t\t<meta property=\"og:image:height\" content=\"118\" \/>\n\t\t<meta property=\"article:published_time\" content=\"2024-11-28T09:28:43+00:00\" \/>\n\t\t<meta property=\"article:modified_time\" content=\"2026-03-28T07:57:56+00:00\" \/>\n\t\t<meta property=\"article:publisher\" content=\"https:\/\/www.facebook.com\/DroiX.Store\" \/>\n\t\t<meta name=\"twitter:card\" content=\"summary_large_image\" \/>\n\t\t<meta name=\"twitter:site\" content=\"@DroiX_Store\" \/>\n\t\t<meta name=\"twitter:title\" content=\"Modul RS-232 GPD POCKET 4 - DROIX EU\" \/>\n\t\t<meta name=\"twitter:description\" content=\"Accesoriu oficial GPD Modul de expansiune RS-232 Conectare la dispozitive seriale Instalare u\u0219oar\u0103 \u00een GPD POCKET 4\" \/>\n\t\t<meta name=\"twitter:image\" content=\"https:\/\/droix.eu\/wp-content\/uploads\/2024\/06\/droix-v2-light-logo.png\" \/>\n\t\t<script type=\"application\/ld+json\" class=\"aioseo-schema\">\n\t\t\t{\"@context\":\"https:\\\/\\\/schema.org\",\"@graph\":[{\"@type\":\"BreadcrumbList\",\"@id\":\"https:\\\/\\\/droix.eu\\\/ro\\\/product\\\/gpd-pocket-4-modul-rs-232\\\/#breadcrumblist\",\"itemListElement\":[{\"@type\":\"ListItem\",\"@id\":\"https:\\\/\\\/droix.eu\\\/ro\\\/#listItem\",\"position\":1,\"name\":\"Home\",\"item\":\"https:\\\/\\\/droix.eu\\\/ro\\\/\",\"nextItem\":{\"@type\":\"ListItem\",\"@id\":\"https:\\\/\\\/droix.eu\\\/ro\\\/product-category\\\/accesorii\\\/#listItem\",\"name\":\"Accesorii\"}},{\"@type\":\"ListItem\",\"@id\":\"https:\\\/\\\/droix.eu\\\/ro\\\/product-category\\\/accesorii\\\/#listItem\",\"position\":2,\"name\":\"Accesorii\",\"item\":\"https:\\\/\\\/droix.eu\\\/ro\\\/product-category\\\/accesorii\\\/\",\"nextItem\":{\"@type\":\"ListItem\",\"@id\":\"https:\\\/\\\/droix.eu\\\/ro\\\/product-category\\\/accesorii\\\/accesorii-pentru-laptop\\\/#listItem\",\"name\":\"Accesorii pentru laptop\"},\"previousItem\":{\"@type\":\"ListItem\",\"@id\":\"https:\\\/\\\/droix.eu\\\/ro\\\/#listItem\",\"name\":\"Home\"}},{\"@type\":\"ListItem\",\"@id\":\"https:\\\/\\\/droix.eu\\\/ro\\\/product-category\\\/accesorii\\\/accesorii-pentru-laptop\\\/#listItem\",\"position\":3,\"name\":\"Accesorii pentru laptop\",\"item\":\"https:\\\/\\\/droix.eu\\\/ro\\\/product-category\\\/accesorii\\\/accesorii-pentru-laptop\\\/\",\"nextItem\":{\"@type\":\"ListItem\",\"@id\":\"https:\\\/\\\/droix.eu\\\/ro\\\/product\\\/gpd-pocket-4-modul-rs-232\\\/#listItem\",\"name\":\"Modul RS-232 GPD POCKET 4\"},\"previousItem\":{\"@type\":\"ListItem\",\"@id\":\"https:\\\/\\\/droix.eu\\\/ro\\\/product-category\\\/accesorii\\\/#listItem\",\"name\":\"Accesorii\"}},{\"@type\":\"ListItem\",\"@id\":\"https:\\\/\\\/droix.eu\\\/ro\\\/product\\\/gpd-pocket-4-modul-rs-232\\\/#listItem\",\"position\":4,\"name\":\"Modul RS-232 GPD POCKET 4\",\"previousItem\":{\"@type\":\"ListItem\",\"@id\":\"https:\\\/\\\/droix.eu\\\/ro\\\/product-category\\\/accesorii\\\/accesorii-pentru-laptop\\\/#listItem\",\"name\":\"Accesorii pentru laptop\"}}]},{\"@type\":\"Organization\",\"@id\":\"https:\\\/\\\/droix.eu\\\/ro\\\/#organization\",\"name\":\"DroiX \\u2013 Trusted EU Tech Retailer with 12+ Years Experience\",\"description\":\"DroiX is a leading European technology retailer with over 12 years of experience, offering quality mini PCs, handheld gaming consoles, and tech accessories. We provide hassle-free EU delivery with all taxes included, ensuring a smooth and reliable shopping experience for our customers across Europe.\",\"url\":\"https:\\\/\\\/droix.eu\\\/ro\\\/\",\"logo\":{\"@type\":\"ImageObject\",\"url\":\"https:\\\/\\\/droix.eu\\\/wp-content\\\/uploads\\\/2024\\\/06\\\/droix-v2-light-logo.png\",\"@id\":\"https:\\\/\\\/droix.eu\\\/ro\\\/product\\\/gpd-pocket-4-modul-rs-232\\\/#organizationLogo\",\"width\":380,\"height\":118},\"image\":{\"@id\":\"https:\\\/\\\/droix.eu\\\/ro\\\/product\\\/gpd-pocket-4-modul-rs-232\\\/#organizationLogo\"},\"sameAs\":[\"https:\\\/\\\/www.facebook.com\\\/DroiX.Store\",\"https:\\\/\\\/twitter.com\\\/DroiX_Store\",\"https:\\\/\\\/www.instagram.com\\\/droix.store\\\/\",\"https:\\\/\\\/www.tiktok.com\\\/@droix.store\",\"https:\\\/\\\/www.youtube.com\\\/c\\\/DroiX_Store\",\"https:\\\/\\\/uk.linkedin.com\\\/company\\\/droix\"]},{\"@type\":\"Product\",\"@id\":\"https:\\\/\\\/droix.eu\\\/ro\\\/product\\\/gpd-pocket-4-modul-rs-232\\\/#wooCommerceProduct\",\"name\":\"Modul RS-232 GPD POCKET 4\",\"description\":\"Accesoriu oficial GPD\\n \\tModul de expansiune RS-232 \\n \\tConectare la dispozitive seriale \\n \\tInstalare u\\u0219oar\\u0103 \\u00een GPD POCKET 4\",\"url\":\"https:\\\/\\\/droix.eu\\\/ro\\\/product\\\/gpd-pocket-4-modul-rs-232\\\/\",\"sku\":\"GPD-POCKET-4-RS_232-MODULE\",\"gtin\":\"5061077630410\",\"image\":{\"@type\":\"ImageObject\",\"url\":\"https:\\\/\\\/droix.eu\\\/wp-content\\\/uploads\\\/2024\\\/11\\\/GPD-POCKET-4-MODULE-RS-232-DONE-01.png\",\"@id\":\"https:\\\/\\\/droix.eu\\\/ro\\\/product\\\/gpd-pocket-4-modul-rs-232\\\/#productImage\",\"width\":1500,\"height\":1500,\"caption\":\"Modul KVM GPD Pocket 4, care permite conectarea GPD Pocket 4 Mini Laptop &amp; Tablet 2-In-1 la o gam\\u0103 larg\\u0103 de dispozitive seriale.\"},\"offers\":{\"@type\":\"Offer\",\"url\":\"https:\\\/\\\/droix.eu\\\/ro\\\/product\\\/gpd-pocket-4-modul-rs-232\\\/#wooCommerceOffer\",\"price\":15.93,\"priceCurrency\":\"EUR\",\"category\":\"Accesorii\",\"availability\":\"https:\\\/\\\/schema.org\\\/InStock\",\"priceSpecification\":{\"@type\":\"PriceSpecification\",\"price\":15.93,\"priceCurrency\":\"EUR\",\"valueAddedTaxIncluded\":\"true\"},\"seller\":{\"@type\":\"Organization\",\"@id\":\"https:\\\/\\\/droix.eu\\\/ro\\\/#organization\"}}},{\"@type\":\"WebPage\",\"@id\":\"https:\\\/\\\/droix.eu\\\/ro\\\/product\\\/gpd-pocket-4-modul-rs-232\\\/#webpage\",\"url\":\"https:\\\/\\\/droix.eu\\\/ro\\\/product\\\/gpd-pocket-4-modul-rs-232\\\/\",\"name\":\"Modul RS-232 GPD POCKET 4 - DROIX EU\",\"description\":\"Accesoriu oficial GPD Modul de expansiune RS-232 Conectare la dispozitive seriale Instalare u\\u0219oar\\u0103 \\u00een GPD POCKET 4\",\"inLanguage\":\"ro-RO\",\"isPartOf\":{\"@id\":\"https:\\\/\\\/droix.eu\\\/ro\\\/#website\"},\"breadcrumb\":{\"@id\":\"https:\\\/\\\/droix.eu\\\/ro\\\/product\\\/gpd-pocket-4-modul-rs-232\\\/#breadcrumblist\"},\"image\":{\"@type\":\"ImageObject\",\"url\":\"https:\\\/\\\/droix.eu\\\/wp-content\\\/uploads\\\/2024\\\/11\\\/GPD-POCKET-4-MODULE-RS-232-DONE-01.png\",\"@id\":\"https:\\\/\\\/droix.eu\\\/ro\\\/product\\\/gpd-pocket-4-modul-rs-232\\\/#mainImage\",\"width\":1500,\"height\":1500,\"caption\":\"Modul KVM GPD Pocket 4, care permite conectarea GPD Pocket 4 Mini Laptop &amp; Tablet 2-In-1 la o gam\\u0103 larg\\u0103 de dispozitive seriale.\"},\"primaryImageOfPage\":{\"@id\":\"https:\\\/\\\/droix.eu\\\/ro\\\/product\\\/gpd-pocket-4-modul-rs-232\\\/#mainImage\"},\"datePublished\":\"2024-11-28T09:28:43+00:00\",\"dateModified\":\"2026-03-28T07:57:56+00:00\"},{\"@type\":\"WebSite\",\"@id\":\"https:\\\/\\\/droix.eu\\\/ro\\\/#website\",\"url\":\"https:\\\/\\\/droix.eu\\\/ro\\\/\",\"name\":\"DROIX EU\",\"description\":\"Get the latest Mini PCs, Ultrabook, PC Gaming Handhelds and more!\",\"inLanguage\":\"ro-RO\",\"publisher\":{\"@id\":\"https:\\\/\\\/droix.eu\\\/ro\\\/#organization\"}}]}\n\t\t<\/script>\n\t\t<!-- All in One SEO Pro -->\r\n\t\t<title>Modul RS-232 GPD POCKET 4 - DROIX EU<\/title>\n\n","aioseo_head_json":{"title":"Modul RS-232 GPD POCKET 4 - DROIX EU","description":"Accesoriu oficial GPD Modul de expansiune RS-232 Conectare la dispozitive seriale Instalare u\u0219oar\u0103 \u00een GPD POCKET 4","canonical_url":"https:\/\/droix.eu\/ro\/product\/gpd-pocket-4-modul-rs-232\/","robots":"max-image-preview:large","keywords":"","webmasterTools":{"miscellaneous":""},"schema":{"@context":"https:\/\/schema.org","@graph":[{"@type":"BreadcrumbList","@id":"https:\/\/droix.eu\/ro\/product\/gpd-pocket-4-modul-rs-232\/#breadcrumblist","itemListElement":[{"@type":"ListItem","@id":"https:\/\/droix.eu\/ro\/#listItem","position":1,"name":"Home","item":"https:\/\/droix.eu\/ro\/","nextItem":{"@type":"ListItem","@id":"https:\/\/droix.eu\/ro\/product-category\/accesorii\/#listItem","name":"Accesorii"}},{"@type":"ListItem","@id":"https:\/\/droix.eu\/ro\/product-category\/accesorii\/#listItem","position":2,"name":"Accesorii","item":"https:\/\/droix.eu\/ro\/product-category\/accesorii\/","nextItem":{"@type":"ListItem","@id":"https:\/\/droix.eu\/ro\/product-category\/accesorii\/accesorii-pentru-laptop\/#listItem","name":"Accesorii pentru laptop"},"previousItem":{"@type":"ListItem","@id":"https:\/\/droix.eu\/ro\/#listItem","name":"Home"}},{"@type":"ListItem","@id":"https:\/\/droix.eu\/ro\/product-category\/accesorii\/accesorii-pentru-laptop\/#listItem","position":3,"name":"Accesorii pentru laptop","item":"https:\/\/droix.eu\/ro\/product-category\/accesorii\/accesorii-pentru-laptop\/","nextItem":{"@type":"ListItem","@id":"https:\/\/droix.eu\/ro\/product\/gpd-pocket-4-modul-rs-232\/#listItem","name":"Modul RS-232 GPD POCKET 4"},"previousItem":{"@type":"ListItem","@id":"https:\/\/droix.eu\/ro\/product-category\/accesorii\/#listItem","name":"Accesorii"}},{"@type":"ListItem","@id":"https:\/\/droix.eu\/ro\/product\/gpd-pocket-4-modul-rs-232\/#listItem","position":4,"name":"Modul RS-232 GPD POCKET 4","previousItem":{"@type":"ListItem","@id":"https:\/\/droix.eu\/ro\/product-category\/accesorii\/accesorii-pentru-laptop\/#listItem","name":"Accesorii pentru laptop"}}]},{"@type":"Organization","@id":"https:\/\/droix.eu\/ro\/#organization","name":"DroiX \u2013 Trusted EU Tech Retailer with 12+ Years Experience","description":"DroiX is a leading European technology retailer with over 12 years of experience, offering quality mini PCs, handheld gaming consoles, and tech accessories. We provide hassle-free EU delivery with all taxes included, ensuring a smooth and reliable shopping experience for our customers across Europe.","url":"https:\/\/droix.eu\/ro\/","logo":{"@type":"ImageObject","url":"https:\/\/droix.eu\/wp-content\/uploads\/2024\/06\/droix-v2-light-logo.png","@id":"https:\/\/droix.eu\/ro\/product\/gpd-pocket-4-modul-rs-232\/#organizationLogo","width":380,"height":118},"image":{"@id":"https:\/\/droix.eu\/ro\/product\/gpd-pocket-4-modul-rs-232\/#organizationLogo"},"sameAs":["https:\/\/www.facebook.com\/DroiX.Store","https:\/\/twitter.com\/DroiX_Store","https:\/\/www.instagram.com\/droix.store\/","https:\/\/www.tiktok.com\/@droix.store","https:\/\/www.youtube.com\/c\/DroiX_Store","https:\/\/uk.linkedin.com\/company\/droix"]},{"@type":"Product","@id":"https:\/\/droix.eu\/ro\/product\/gpd-pocket-4-modul-rs-232\/#wooCommerceProduct","name":"Modul RS-232 GPD POCKET 4","description":"Accesoriu oficial GPD\n \tModul de expansiune RS-232 \n \tConectare la dispozitive seriale \n \tInstalare u\u0219oar\u0103 \u00een GPD POCKET 4","url":"https:\/\/droix.eu\/ro\/product\/gpd-pocket-4-modul-rs-232\/","sku":"GPD-POCKET-4-RS_232-MODULE","gtin":"5061077630410","image":{"@type":"ImageObject","url":"https:\/\/droix.eu\/wp-content\/uploads\/2024\/11\/GPD-POCKET-4-MODULE-RS-232-DONE-01.png","@id":"https:\/\/droix.eu\/ro\/product\/gpd-pocket-4-modul-rs-232\/#productImage","width":1500,"height":1500,"caption":"Modul KVM GPD Pocket 4, care permite conectarea GPD Pocket 4 Mini Laptop &amp; Tablet 2-In-1 la o gam\u0103 larg\u0103 de dispozitive seriale."},"offers":{"@type":"Offer","url":"https:\/\/droix.eu\/ro\/product\/gpd-pocket-4-modul-rs-232\/#wooCommerceOffer","price":15.93,"priceCurrency":"EUR","category":"Accesorii","availability":"https:\/\/schema.org\/InStock","priceSpecification":{"@type":"PriceSpecification","price":15.93,"priceCurrency":"EUR","valueAddedTaxIncluded":"true"},"seller":{"@type":"Organization","@id":"https:\/\/droix.eu\/ro\/#organization"}}},{"@type":"WebPage","@id":"https:\/\/droix.eu\/ro\/product\/gpd-pocket-4-modul-rs-232\/#webpage","url":"https:\/\/droix.eu\/ro\/product\/gpd-pocket-4-modul-rs-232\/","name":"Modul RS-232 GPD POCKET 4 - DROIX EU","description":"Accesoriu oficial GPD Modul de expansiune RS-232 Conectare la dispozitive seriale Instalare u\u0219oar\u0103 \u00een GPD POCKET 4","inLanguage":"ro-RO","isPartOf":{"@id":"https:\/\/droix.eu\/ro\/#website"},"breadcrumb":{"@id":"https:\/\/droix.eu\/ro\/product\/gpd-pocket-4-modul-rs-232\/#breadcrumblist"},"image":{"@type":"ImageObject","url":"https:\/\/droix.eu\/wp-content\/uploads\/2024\/11\/GPD-POCKET-4-MODULE-RS-232-DONE-01.png","@id":"https:\/\/droix.eu\/ro\/product\/gpd-pocket-4-modul-rs-232\/#mainImage","width":1500,"height":1500,"caption":"Modul KVM GPD Pocket 4, care permite conectarea GPD Pocket 4 Mini Laptop &amp; Tablet 2-In-1 la o gam\u0103 larg\u0103 de dispozitive seriale."},"primaryImageOfPage":{"@id":"https:\/\/droix.eu\/ro\/product\/gpd-pocket-4-modul-rs-232\/#mainImage"},"datePublished":"2024-11-28T09:28:43+00:00","dateModified":"2026-03-28T07:57:56+00:00"},{"@type":"WebSite","@id":"https:\/\/droix.eu\/ro\/#website","url":"https:\/\/droix.eu\/ro\/","name":"DROIX EU","description":"Get the latest Mini PCs, Ultrabook, PC Gaming Handhelds and more!","inLanguage":"ro-RO","publisher":{"@id":"https:\/\/droix.eu\/ro\/#organization"}}]},"og:locale":"ro_RO","og:site_name":"DROIX EU - Get the latest Mini PCs, Ultrabook, PC Gaming Handhelds and more!","og:type":"article","og:title":"Modul RS-232 GPD POCKET 4 - DROIX EU","og:description":"Accesoriu oficial GPD Modul de expansiune RS-232 Conectare la dispozitive seriale Instalare u\u0219oar\u0103 \u00een GPD POCKET 4","og:url":"https:\/\/droix.eu\/ro\/product\/gpd-pocket-4-modul-rs-232\/","og:image":"https:\/\/droix.eu\/wp-content\/uploads\/2024\/06\/droix-v2-light-logo.png","og:image:secure_url":"https:\/\/droix.eu\/wp-content\/uploads\/2024\/06\/droix-v2-light-logo.png","og:image:width":380,"og:image:height":118,"article:published_time":"2024-11-28T09:28:43+00:00","article:modified_time":"2026-03-28T07:57:56+00:00","article:publisher":"https:\/\/www.facebook.com\/DroiX.Store","twitter:card":"summary_large_image","twitter:site":"@DroiX_Store","twitter:title":"Modul RS-232 GPD POCKET 4 - DROIX EU","twitter:description":"Accesoriu oficial GPD Modul de expansiune RS-232 Conectare la dispozitive seriale Instalare u\u0219oar\u0103 \u00een GPD POCKET 4","twitter:image":"https:\/\/droix.eu\/wp-content\/uploads\/2024\/06\/droix-v2-light-logo.png"},"aioseo_meta_data":{"post_id":"508301","title":null,"description":null,"keywords":null,"keyphrases":{"focus":{"keyphrase":"","score":0,"analysis":{"keyphraseInTitle":{"score":0,"maxScore":9,"error":1}}},"additional":[]},"primary_term":null,"canonical_url":null,"og_title":null,"og_description":null,"og_object_type":"default","og_image_type":"default","og_image_url":null,"og_image_width":null,"og_image_height":null,"og_image_custom_url":null,"og_image_custom_fields":null,"og_video":"","og_custom_url":null,"og_article_section":null,"og_article_tags":null,"twitter_use_og":true,"twitter_card":"default","twitter_image_type":"default","twitter_image_url":null,"twitter_image_custom_url":null,"twitter_image_custom_fields":null,"twitter_title":null,"twitter_description":null,"schema":{"blockGraphs":[],"customGraphs":[],"default":{"data":{"Article":[],"Course":[],"Dataset":[],"FAQPage":[],"Movie":[],"Person":[],"Product":[],"ProductReview":[],"Car":[],"Recipe":[],"Service":[],"SoftwareApplication":[],"WebPage":[]},"graphName":"Product","isEnabled":true},"graphs":[]},"schema_type":"default","schema_type_options":null,"pillar_content":false,"robots_default":true,"robots_noindex":false,"robots_noarchive":false,"robots_nosnippet":false,"robots_nofollow":false,"robots_noimageindex":false,"robots_noodp":false,"robots_notranslate":false,"robots_max_snippet":"-1","robots_max_videopreview":"-1","robots_max_imagepreview":"large","priority":null,"frequency":"default","local_seo":null,"seo_analyzer_scan_date":"2026-03-28 13:30:06","breadcrumb_settings":null,"limit_modified_date":false,"reviewed_by":null,"open_ai":null,"ai":{"faqs":[],"keyPoints":[],"titles":[],"descriptions":[],"socialPosts":{"email":[],"linkedin":[],"twitter":[],"facebook":[],"instagram":[]}},"created":"2025-10-09 06:44:21","updated":"2026-03-28 13:30:06"},"aioseo_breadcrumb":"<div class=\"aioseo-breadcrumbs\"><span class=\"aioseo-breadcrumb\">\n\t<a href=\"https:\/\/droix.eu\/ro\/\" title=\"Home\">Home<\/a>\n<\/span><span class=\"aioseo-breadcrumb-separator\">&raquo;<\/span><span class=\"aioseo-breadcrumb\">\n\t<a href=\"https:\/\/droix.eu\/ro\/product-category\/accesorii\/\" title=\"Accesorii\">Accesorii<\/a>\n<\/span><span class=\"aioseo-breadcrumb-separator\">&raquo;<\/span><span class=\"aioseo-breadcrumb\">\n\t<a href=\"https:\/\/droix.eu\/ro\/product-category\/accesorii\/accesorii-pentru-laptop\/\" title=\"Accesorii pentru laptop\">Accesorii pentru laptop<\/a>\n<\/span><span class=\"aioseo-breadcrumb-separator\">&raquo;<\/span><span class=\"aioseo-breadcrumb\">\n\tModul RS-232 GPD POCKET 4\n<\/span><\/div>","aioseo_breadcrumb_json":[{"label":"Home","link":"https:\/\/droix.eu\/ro\/"},{"label":"Accesorii","link":"https:\/\/droix.eu\/ro\/product-category\/accesorii\/"},{"label":"Accesorii pentru laptop","link":"https:\/\/droix.eu\/ro\/product-category\/accesorii\/accesorii-pentru-laptop\/"},{"label":"Modul RS-232 GPD POCKET 4","link":"https:\/\/droix.eu\/ro\/product\/gpd-pocket-4-modul-rs-232\/"}],"_links":{"self":[{"href":"https:\/\/droix.eu\/ro\/wp-json\/wp\/v2\/product\/508301","targetHints":{"allow":["GET"]}}],"collection":[{"href":"https:\/\/droix.eu\/ro\/wp-json\/wp\/v2\/product"}],"about":[{"href":"https:\/\/droix.eu\/ro\/wp-json\/wp\/v2\/types\/product"}],"version-history":[{"count":0,"href":"https:\/\/droix.eu\/ro\/wp-json\/wp\/v2\/product\/508301\/revisions"}],"wp:featuredmedia":[{"embeddable":true,"href":"https:\/\/droix.eu\/ro\/wp-json\/wp\/v2\/media\/495528"}],"wp:attachment":[{"href":"https:\/\/droix.eu\/ro\/wp-json\/wp\/v2\/media?parent=508301"}],"wp:term":[{"taxonomy":"product_brand","embeddable":true,"href":"https:\/\/droix.eu\/ro\/wp-json\/wp\/v2\/product_brand?post=508301"},{"taxonomy":"product_cat","embeddable":true,"href":"https:\/\/droix.eu\/ro\/wp-json\/wp\/v2\/product_cat?post=508301"},{"taxonomy":"product_tag","embeddable":true,"href":"https:\/\/droix.eu\/ro\/wp-json\/wp\/v2\/product_tag?post=508301"},{"taxonomy":"woo-feed-brand","embeddable":true,"href":"https:\/\/droix.eu\/ro\/wp-json\/wp\/v2\/woo-feed-brand?post=508301"},{"taxonomy":"key-features","embeddable":true,"href":"https:\/\/droix.eu\/ro\/wp-json\/wp\/v2\/key-features?post=508301"}],"curies":[{"name":"wp","href":"https:\/\/api.w.org\/{rel}","templated":true}]}}