{"id":505091,"date":"2023-05-02T16:38:01","date_gmt":"2023-05-02T15:38:01","guid":{"rendered":"https:\/\/droix.eu\/stoc-plata-si-livrare\/"},"modified":"2025-05-27T14:11:37","modified_gmt":"2025-05-27T13:11:37","slug":"stoc-plata-si-livrare","status":"publish","type":"page","link":"https:\/\/droix.eu\/ro\/stoc-plata-si-livrare\/","title":{"rendered":"Stoc, plat\u0103 \u0219i livrare"},"content":{"rendered":"\n<p>Suntem \u00eenc\u00e2nta\u021bi s\u0103 anun\u021b\u0103m c\u0103 <strong>DROIX <\/strong>ofer\u0103 acum op\u021biuni de expediere \u0219i mai rapide \u0219i mai accesibile pentru toate nevoile dvs. electronice. Angajamentul nostru de a v\u0103 oferi servicii excep\u021bionale pentru clien\u021bi se extinde la a ne asigura c\u0103 v\u0103 primi\u021bi comenzile c\u00e2t mai rapid \u0219i mai eficient posibil, f\u0103r\u0103 a sparge banca. <\/p>\n\n<p>La <strong>DROIX<\/strong>, \u00een\u021belegem importan\u021ba flexibilit\u0103\u021bii atunci c\u00e2nd vine vorba de plat\u0103. De aceea, suntem m\u00e2ndri s\u0103 accept\u0103m plata \u00een toate monedele \u0219i metodele majore, inclusiv carduri de credit, carduri de debit, PayPal, scheme BNPL \u0219i multe altele, pentru a v\u0103 face experien\u021ba de cump\u0103r\u0103turi f\u0103r\u0103 probleme \u0219i convenabil\u0103. <\/p>\n\n<p>Pentru a \u00eembun\u0103t\u0103\u021bi \u0219i mai mult serviciile noastre, expediem comenzile din depozitele noastre situate strategic \u00een Marea Britanie, Europa \u0219i SUA. Acest lucru ne permite s\u0103 v\u0103 livr\u0103m achizi\u021biile \u00een cel mai scurt timp posibil, minimiz\u00e2nd \u00een acela\u0219i timp costurile de expediere. <\/p>\n\n<p>\u00cen plus, lucr\u0103m \u00een mod constant la extinderea op\u021biunilor noastre de expediere \u0219i la negocierea unor oferte mai bune cu partenerii no\u0219tri de expediere pentru a reduce costurile. Scopul nostru este de a v\u0103 transmite aceste economii \u0219i de a face produsele noastre \u0219i mai accesibile clien\u021bilor din \u00eentreaga lume. <\/p>\n\n<h2 class=\"wp-block-heading\">Informa\u021bii privind stocurile<\/h2>\n\n<p>La <strong>DROIX<\/strong>, ne str\u0103duim s\u0103 v\u0103 \u021binem informa\u021bi cu privire la disponibilitatea produselor noastre. Pentru a v\u0103 ajuta s\u0103 \u00een\u021belege\u021bi mai bine diferitele st\u0103ri de stoc de pe site-ul nostru, am furnizat o scurt\u0103 explica\u021bie pentru fiecare dintre acestea: <\/p>\n\n<ul class=\"wp-block-list\">\n<li><strong>\u00cen stoc:<\/strong> Atunci c\u00e2nd un produs este marcat ca &#8220;\u00cen stoc&#8221;, \u00eenseamn\u0103 c\u0103 articolul se afl\u0103 \u00een prezent \u00een stocul nostru \u0219i este gata de a fi expediat. Comenzile pentru articolele aflate \u00een stoc sunt de obicei procesate \u0219i expediate \u00eentr-o perioad\u0103 scurt\u0103 de timp, asigur\u00e2ndu-ne c\u0103 ve\u021bi primi produsele c\u00e2t mai repede posibil. <\/li>\n\n\n\n<li><strong>\u00cen a\u0219teptare:<\/strong> Dac\u0103 un produs este listat ca &#8220;\u00cen a\u0219teptare&#8221;, aceasta indic\u0103 faptul c\u0103 articolul a fost lansat oficial, dar \u00een prezent nu mai avem stocuri. Fi\u021bi siguri c\u0103 v\u0103 vom expedia comanda imediat ce vom primi stocuri noi de la produc\u0103tori. Data de reaprovizionare este de obicei furnizat\u0103 pe pagina produsului, oferindu-v\u0103 o estimare a momentului \u00een care v\u0103 pute\u021bi a\u0219tepta ca comanda dvs. s\u0103 fie expediat\u0103.  <\/li>\n\n\n\n<li><strong>Precomand\u0103:<\/strong> Atunci c\u00e2nd vede\u021bi un produs marcat ca &#8220;Precomand\u0103&#8221;, \u00eenseamn\u0103 c\u0103 articolul nu a fost \u00eenc\u0103 lansat oficial. Plas\u00e2nd o precomand\u0103, rezerva\u021bi produsul \u0219i v\u0103 asigura\u021bi c\u0103 ve\u021bi fi printre primii care \u00eel vor primi odat\u0103 ce va fi lansat \u0219i vom avea stocuri \u00een depozitele noastre.  Vom expedia clien\u021bilor articolele precomandate imediat ce produsul devine disponibil.<\/li>\n<\/ul>\n\n<p>Dac\u0103 ave\u021bi \u00eentreb\u0103ri dac\u0103 articolul este \u00een stoc, accesa\u021bi <strong>chat-ul<\/strong> nostru <strong>live<\/strong> sau trimite\u021bi-ne un e-mail la <strong><a>support@droix.co.uk<\/a><\/strong>\u0219i vom fi mai mult dec\u00e2t bucuro\u0219i s\u0103 v\u0103 ajut\u0103m.<\/p>\n\n<h2 class=\"wp-block-heading\">Plata<\/h2>\n\n<p>La <strong>DROIX<\/strong>, \u00een\u021belegem importan\u021ba de a oferi op\u021biuni de plat\u0103 flexibile \u0219i sigure pentru o experien\u021b\u0103 de cump\u0103rare f\u0103r\u0103 probleme. De aceea, suntem m\u00e2ndri s\u0103 accept\u0103m o gam\u0103 larg\u0103 de metode de plat\u0103, r\u0103spunz\u00e2nd preferin\u021belor dvs. individuale \u0219i asigur\u00e2nd un proces de checkout f\u0103r\u0103 probleme. <\/p>\n\n<p>Accept\u0103m cu pl\u0103cere toate cardurile majore de debit \u0219i de credit, inclusiv:<\/p>\n\n<ul class=\"wp-block-list\">\n<li><strong>Apple Pay:<\/strong> Efectua\u021bi pl\u0103\u021bi sigure \u0219i f\u0103r\u0103 contact cu ajutorul dispozitivelor Apple.<\/li>\n\n\n\n<li><strong>Mastercard:<\/strong> Pl\u0103ti\u021bi cu \u00eencredere folosind cardul dumneavoastr\u0103 de credit sau de debit Mastercard de \u00eencredere.<\/li>\n\n\n\n<li><strong>Visa:<\/strong> Bazeaz\u0103-te pe acoperirea global\u0103 \u0219i securitatea cardului t\u0103u de debit sau de credit Visa.<\/li>\n<\/ul>\n\n<p>\u00cen plus fa\u021b\u0103 de cardurile de debit \u0219i de credit, accept\u0103m \u0219i <strong>PayPal<\/strong>, o platform\u0103 de plat\u0103 online sigur\u0103 \u0219i recunoscut\u0103 pe scar\u0103 larg\u0103. PayPal v\u0103 permite s\u0103 cump\u0103ra\u021bi cu \u00eencredere, \u0219tiind c\u0103 informa\u021biile dvs. financiare sunt protejate cu ajutorul unei tehnologii avansate de criptare. <\/p>\n\n<p>Prin oferirea mai multor op\u021biuni de plat\u0103, ne propunem s\u0103 v\u0103 oferim flexibilitatea \u0219i confortul pe care le merita\u021bi atunci c\u00e2nd face\u021bi cump\u0103r\u0103turi la <strong>DROIX<\/strong>. Dac\u0103 ave\u021bi \u00eentreb\u0103ri sau ave\u021bi nevoie de asisten\u021b\u0103 cu procesul de plat\u0103, nu ezita\u021bi s\u0103 contacta\u021bi echipa noastr\u0103 dedicat\u0103 de asisten\u021b\u0103 pentru clien\u021bi. <\/p>\n\n<h2 class=\"wp-block-heading\">Transport \u0219i taxe<\/h2>\n\n<p>Suntem \u00eenc\u00e2nta\u021bi s\u0103 v\u0103 inform\u0103m c\u0103 toate comenzile <strong>DROIX <\/strong>sunt expediate exclusiv din depozitul nostru din Marea Britanie, situat la 54C Expressway, N Woolwich Rd, Londra, E16 2AA, Regatul Unit. De\u0219i paginile produselor pot face referire la disponibilitatea de livrare interna\u021bional\u0103, v\u0103 rug\u0103m s\u0103 re\u021bine\u021bi c\u0103 <strong>toate articolele sunt expediate din Regatul Unit<\/strong>, indiferent de destina\u021bie. Nu oper\u0103m niciun centru de execu\u021bie \u00een UE sau SUA. Toate comenzile interna\u021bionale sunt expediate din Regatul Unit \u0219i pot fi supuse taxelor de import \u0219i impozitelor, care sunt calculate la finalizarea comenzii (acolo unde este cazul). Echipa noastr\u0103 de logistic\u0103 se angajeaz\u0103 s\u0103 asigure expedierea eficient\u0103 \u0219i \u00een timp util \u00een \u00eentreaga lume de la baza noastr\u0103 din Regatul Unit.    <\/p>\n\n<ul class=\"wp-block-list\">\n<li><strong>Taxe incluse:<\/strong> Toate pre\u021burile afi\u0219ate pe site-ul nostru includ taxele aplicabile, ceea ce face ca experien\u021ba dvs. de checkout s\u0103 fie transparent\u0103 \u0219i f\u0103r\u0103 griji.<\/li>\n\n\n\n<li><strong>Taxe de import:<\/strong> Clien\u021bii din Regatul Unit \u0219i Statele Unite nu vor pl\u0103ti taxe de import suplimentare. Pentru clien\u021bii din afara acestor regiuni, majoritatea articolelor vor fi expediate \u0219i cu taxele pl\u0103tite. Acest lucru va fi men\u021bionat pe fiecare pagin\u0103 de produs, asigur\u00e2nd c\u0103 nu exist\u0103 surprize ascunse \u00een timpul livr\u0103rii.  \n<ul class=\"wp-block-list\">\n<li>Prin finalizarea achizi\u021biei, autoriza\u021bi DROIX s\u0103 pl\u0103teasc\u0103 aceste taxe \u0219i impozite de import \u00een numele dvs. la punctul de intrare. Aceste sume sunt pl\u0103tite direct autorit\u0103\u021bii vamale din \u021bara dvs. \u0219i, prin urmare, nu sunt rambursabile \u00een nicio circumstan\u021b\u0103, inclusiv comenzi refuzate sau returnate. <\/li>\n\n\n\n<li>V\u0103 rug\u0103m s\u0103 v\u0103 asigura\u021bi c\u0103 sunte\u021bi familiarizat cu regulile de import ale \u021b\u0103rii dvs. \u00eenainte de a plasa o comand\u0103, deoarece nu putem recupera sau rambursa taxele de import odat\u0103 ce au fost prezentate la vam\u0103.<\/li>\n<\/ul>\n<\/li>\n<\/ul>\n\n<p><strong>DROIX <\/strong>livreaz\u0103 cu m\u00e2ndrie \u00een urm\u0103toarele \u021b\u0103ri:<\/p>\n\n<ul class=\"wp-block-list\">\n<li>Regatul Unit<\/li>\n\n\n\n<li>Albania<\/li>\n\n\n\n<li>Andorra<\/li>\n\n\n\n<li>Austria<\/li>\n\n\n\n<li>Belgia<\/li>\n\n\n\n<li>Bosnia \u0219i Her\u021begovina<\/li>\n\n\n\n<li>Bulgaria<\/li>\n\n\n\n<li>Canada<\/li>\n\n\n\n<li>Croa\u021bia<\/li>\n\n\n\n<li>Republica Ceh\u0103<\/li>\n\n\n\n<li>Danemarca<\/li>\n\n\n\n<li>Estonia<\/li>\n\n\n\n<li>Finlanda<\/li>\n\n\n\n<li>Fran\u021ba<\/li>\n\n\n\n<li>Germania<\/li>\n\n\n\n<li>Grecia<\/li>\n\n\n\n<li>Ungaria<\/li>\n\n\n\n<li>Islanda<\/li>\n\n\n\n<li>Irlanda<\/li>\n\n\n\n<li>Italia<\/li>\n\n\n\n<li>Letonia<\/li>\n\n\n\n<li>Lituania<\/li>\n\n\n\n<li>Luxemburg<\/li>\n\n\n\n<li>Malta<\/li>\n\n\n\n<li>Moldova<\/li>\n\n\n\n<li>Muntenegru<\/li>\n\n\n\n<li>\u021a\u0103rile de Jos<\/li>\n\n\n\n<li>Norvegia<\/li>\n\n\n\n<li>Polonia<\/li>\n\n\n\n<li>Portugalia<\/li>\n\n\n\n<li>Rom\u00e2nia<\/li>\n\n\n\n<li>Serbia<\/li>\n\n\n\n<li>Slovacia<\/li>\n\n\n\n<li>Slovenia<\/li>\n\n\n\n<li>Spania<\/li>\n\n\n\n<li>Suedia<\/li>\n\n\n\n<li>Elve\u021bia<\/li>\n\n\n\n<li>SUA<\/li>\n<\/ul>\n\n<p>Oferim diferite metode de expediere \u00een func\u021bie de clasa articolului. Produsele high-end pot fi expediate numai prin <strong>DHL Express<\/strong> pentru a asigura o livrare sigur\u0103 \u0219i rapid\u0103. Op\u021biunile noastre de expediere disponibile includ <strong>DHL Express<\/strong>, <strong>DPD<\/strong>, <strong>GlobalMail<\/strong> \u0219i <strong>Royal Mail<\/strong>.  <\/p>\n\n<p>Sper\u0103m c\u0103 aceste informa\u021bii clarific\u0103 politicile \u0219i procedurile noastre de expediere. Dac\u0103 ave\u021bi \u00eentreb\u0103ri sau nel\u0103muriri suplimentare, v\u0103 rug\u0103m s\u0103 lua\u021bi leg\u0103tura cu echipa noastr\u0103 de asisten\u021b\u0103 pentru clien\u021bi pentru asisten\u021b\u0103. <\/p>\n\n<h4 class=\"wp-block-heading\"><strong>Costuri de expediere \u0219i urm\u0103rire<\/strong><\/h4>\n\n<p><strong>Urm\u0103rirea comenzii:<\/strong> Livr\u0103m toate comenzile noastre prin metode de urm\u0103rire, iar un e-mail cu num\u0103rul de urm\u0103rire va fi trimis dup\u0103 expedierea comenzii.<\/p>\n\n<p><strong>Costuri de expediere:<\/strong> Costurile de expediere sunt calculate \u00een func\u021bie de greutatea, valoarea \u0219i destina\u021bia articolului, cu un cost minim de expediere de \u00a310.11. Pentru un calcul precis, v\u0103 rug\u0103m s\u0103 ad\u0103uga\u021bi articolul pe care dori\u021bi s\u0103 \u00eel achizi\u021biona\u021bi \u00een co\u0219 \u0219i s\u0103 introduce\u021bi adresa dvs. \u00een timpul procesului de plat\u0103. <\/p>\n\n<p>Dac\u0103 ave\u021bi \u00eentreb\u0103ri cu privire la comanda dvs. sau la urm\u0103rirea acesteia, v\u0103 rug\u0103m s\u0103 nu ezita\u021bi s\u0103 <a href=\"https:\/\/droix.eu\/ro\/contactati-ne\/\" target=\"_blank\" rel=\"noreferrer noopener\" data-type=\"page\" data-id=\"10257\">ne contacta\u021bi<\/a><\/p>\n","protected":false},"excerpt":{"rendered":"<p>Suntem \u00eenc\u00e2nta\u021bi s\u0103 anun\u021b\u0103m c\u0103 DROIX ofer\u0103 acum op\u021biuni de expediere \u0219i mai rapide \u0219i mai accesibile pentru toate nevoile dvs. electronice. Angajamentul nostru de a v\u0103 oferi servicii excep\u021bionale pentru clien\u021bi se extinde la a ne asigura c\u0103 v\u0103 primi\u021bi comenzile c\u00e2t mai rapid \u0219i mai eficient posibil, f\u0103r\u0103 a sparge banca. La DROIX, [&hellip;]<\/p>\n","protected":false},"author":2,"featured_media":0,"parent":0,"menu_order":0,"comment_status":"closed","ping_status":"closed","template":"","meta":{"_acf_changed":false,"footnotes":""},"class_list":["post-505091","page","type-page","status-publish","hentry"],"acf":[],"aioseo_notices":[],"aioseo_head":"\n\t\t<!-- All in One SEO Pro 4.9.6.2 - aioseo.com -->\n\t<meta name=\"description\" content=\"Suntem \u00eenc\u00e2nta\u021bi s\u0103 anun\u021b\u0103m c\u0103 DROIX ofer\u0103 acum op\u021biuni de expediere \u0219i mai rapide \u0219i mai accesibile pentru toate nevoile dvs. electronice. Angajamentul nostru de a v\u0103 oferi servicii excep\u021bionale pentru clien\u021bi se extinde la a ne asigura c\u0103 v\u0103 primi\u021bi comenzile c\u00e2t mai rapid \u0219i mai eficient posibil, f\u0103r\u0103 a sparge banca. La DROIX,\" \/>\n\t<meta name=\"robots\" content=\"max-image-preview:large\" \/>\n\t<link rel=\"canonical\" href=\"https:\/\/droix.eu\/ro\/stoc-plata-si-livrare\/\" \/>\n\t<meta name=\"generator\" content=\"All in One SEO Pro (AIOSEO) 4.9.6.2\" \/>\n\t\t<meta property=\"og:locale\" content=\"ro_RO\" \/>\n\t\t<meta property=\"og:site_name\" content=\"DROIX EU - Get the latest Mini PCs, Ultrabook, PC Gaming Handhelds and more!\" \/>\n\t\t<meta property=\"og:type\" content=\"article\" \/>\n\t\t<meta property=\"og:title\" content=\"Stoc, plat\u0103 \u0219i livrare - DROIX EU\" \/>\n\t\t<meta property=\"og:description\" content=\"Suntem \u00eenc\u00e2nta\u021bi s\u0103 anun\u021b\u0103m c\u0103 DROIX ofer\u0103 acum op\u021biuni de expediere \u0219i mai rapide \u0219i mai accesibile pentru toate nevoile dvs. electronice. Angajamentul nostru de a v\u0103 oferi servicii excep\u021bionale pentru clien\u021bi se extinde la a ne asigura c\u0103 v\u0103 primi\u021bi comenzile c\u00e2t mai rapid \u0219i mai eficient posibil, f\u0103r\u0103 a sparge banca. La DROIX,\" \/>\n\t\t<meta property=\"og:url\" content=\"https:\/\/droix.eu\/ro\/stoc-plata-si-livrare\/\" \/>\n\t\t<meta property=\"og:image\" content=\"https:\/\/droix.eu\/wp-content\/uploads\/2024\/06\/droix-v2-light-logo.png\" \/>\n\t\t<meta property=\"og:image:secure_url\" content=\"https:\/\/droix.eu\/wp-content\/uploads\/2024\/06\/droix-v2-light-logo.png\" \/>\n\t\t<meta property=\"og:image:width\" content=\"380\" \/>\n\t\t<meta property=\"og:image:height\" content=\"118\" \/>\n\t\t<meta property=\"article:published_time\" content=\"2023-05-02T15:38:01+00:00\" \/>\n\t\t<meta property=\"article:modified_time\" content=\"2025-05-27T13:11:37+00:00\" \/>\n\t\t<meta property=\"article:publisher\" content=\"https:\/\/www.facebook.com\/DroiX.Store\" \/>\n\t\t<meta name=\"twitter:card\" content=\"summary_large_image\" \/>\n\t\t<meta name=\"twitter:site\" content=\"@DroiX_Store\" \/>\n\t\t<meta name=\"twitter:title\" content=\"Stoc, plat\u0103 \u0219i livrare - DROIX EU\" \/>\n\t\t<meta name=\"twitter:description\" content=\"Suntem \u00eenc\u00e2nta\u021bi s\u0103 anun\u021b\u0103m c\u0103 DROIX ofer\u0103 acum op\u021biuni de expediere \u0219i mai rapide \u0219i mai accesibile pentru toate nevoile dvs. electronice. Angajamentul nostru de a v\u0103 oferi servicii excep\u021bionale pentru clien\u021bi se extinde la a ne asigura c\u0103 v\u0103 primi\u021bi comenzile c\u00e2t mai rapid \u0219i mai eficient posibil, f\u0103r\u0103 a sparge banca. La DROIX,\" \/>\n\t\t<meta name=\"twitter:creator\" content=\"@DroiX_Store\" \/>\n\t\t<meta name=\"twitter:image\" content=\"https:\/\/droix.eu\/wp-content\/uploads\/2024\/06\/droix-v2-light-logo.png\" \/>\n\t\t<script type=\"application\/ld+json\" class=\"aioseo-schema\">\n\t\t\t{\"@context\":\"https:\\\/\\\/schema.org\",\"@graph\":[{\"@type\":\"BreadcrumbList\",\"@id\":\"https:\\\/\\\/droix.eu\\\/ro\\\/stoc-plata-si-livrare\\\/#breadcrumblist\",\"itemListElement\":[{\"@type\":\"ListItem\",\"@id\":\"https:\\\/\\\/droix.eu\\\/ro\\\/#listItem\",\"position\":1,\"name\":\"Home\",\"item\":\"https:\\\/\\\/droix.eu\\\/ro\\\/\",\"nextItem\":{\"@type\":\"ListItem\",\"@id\":\"https:\\\/\\\/droix.eu\\\/ro\\\/stoc-plata-si-livrare\\\/#listItem\",\"name\":\"Stoc, plat\\u0103 \\u0219i livrare\"}},{\"@type\":\"ListItem\",\"@id\":\"https:\\\/\\\/droix.eu\\\/ro\\\/stoc-plata-si-livrare\\\/#listItem\",\"position\":2,\"name\":\"Stoc, plat\\u0103 \\u0219i livrare\",\"previousItem\":{\"@type\":\"ListItem\",\"@id\":\"https:\\\/\\\/droix.eu\\\/ro\\\/#listItem\",\"name\":\"Home\"}}]},{\"@type\":\"Organization\",\"@id\":\"https:\\\/\\\/droix.eu\\\/ro\\\/#organization\",\"name\":\"DroiX \\u2013 Trusted EU Tech Retailer with 12+ Years Experience\",\"description\":\"DroiX is a leading European technology retailer with over 12 years of experience, offering quality mini PCs, handheld gaming consoles, and tech accessories. We provide hassle-free EU delivery with all taxes included, ensuring a smooth and reliable shopping experience for our customers across Europe.\",\"url\":\"https:\\\/\\\/droix.eu\\\/ro\\\/\",\"logo\":{\"@type\":\"ImageObject\",\"url\":\"https:\\\/\\\/droix.eu\\\/wp-content\\\/uploads\\\/2024\\\/06\\\/droix-v2-light-logo.png\",\"@id\":\"https:\\\/\\\/droix.eu\\\/ro\\\/stoc-plata-si-livrare\\\/#organizationLogo\",\"width\":380,\"height\":118},\"image\":{\"@id\":\"https:\\\/\\\/droix.eu\\\/ro\\\/stoc-plata-si-livrare\\\/#organizationLogo\"},\"sameAs\":[\"https:\\\/\\\/www.facebook.com\\\/DroiX.Store\",\"https:\\\/\\\/twitter.com\\\/DroiX_Store\",\"https:\\\/\\\/www.instagram.com\\\/droix.store\\\/\",\"https:\\\/\\\/www.tiktok.com\\\/@droix.store\",\"https:\\\/\\\/www.youtube.com\\\/c\\\/DroiX_Store\",\"https:\\\/\\\/uk.linkedin.com\\\/company\\\/droix\"]},{\"@type\":\"WebPage\",\"@id\":\"https:\\\/\\\/droix.eu\\\/ro\\\/stoc-plata-si-livrare\\\/#webpage\",\"url\":\"https:\\\/\\\/droix.eu\\\/ro\\\/stoc-plata-si-livrare\\\/\",\"name\":\"Stoc, plat\\u0103 \\u0219i livrare - DROIX EU\",\"description\":\"Suntem \\u00eenc\\u00e2nta\\u021bi s\\u0103 anun\\u021b\\u0103m c\\u0103 DROIX ofer\\u0103 acum op\\u021biuni de expediere \\u0219i mai rapide \\u0219i mai accesibile pentru toate nevoile dvs. electronice. Angajamentul nostru de a v\\u0103 oferi servicii excep\\u021bionale pentru clien\\u021bi se extinde la a ne asigura c\\u0103 v\\u0103 primi\\u021bi comenzile c\\u00e2t mai rapid \\u0219i mai eficient posibil, f\\u0103r\\u0103 a sparge banca. La DROIX,\",\"inLanguage\":\"ro-RO\",\"isPartOf\":{\"@id\":\"https:\\\/\\\/droix.eu\\\/ro\\\/#website\"},\"breadcrumb\":{\"@id\":\"https:\\\/\\\/droix.eu\\\/ro\\\/stoc-plata-si-livrare\\\/#breadcrumblist\"},\"datePublished\":\"2023-05-02T16:38:01+01:00\",\"dateModified\":\"2025-05-27T14:11:37+01:00\"},{\"@type\":\"WebSite\",\"@id\":\"https:\\\/\\\/droix.eu\\\/ro\\\/#website\",\"url\":\"https:\\\/\\\/droix.eu\\\/ro\\\/\",\"name\":\"DROIX EU\",\"description\":\"Get the latest Mini PCs, Ultrabook, PC Gaming Handhelds and more!\",\"inLanguage\":\"ro-RO\",\"publisher\":{\"@id\":\"https:\\\/\\\/droix.eu\\\/ro\\\/#organization\"}}]}\n\t\t<\/script>\n\t\t<!-- All in One SEO Pro -->\r\n\t\t<title>Stoc, plat\u0103 \u0219i livrare - DROIX EU<\/title>\n\n","aioseo_head_json":{"title":"Stoc, plat\u0103 \u0219i livrare - DROIX EU","description":"Suntem \u00eenc\u00e2nta\u021bi s\u0103 anun\u021b\u0103m c\u0103 DROIX ofer\u0103 acum op\u021biuni de expediere \u0219i mai rapide \u0219i mai accesibile pentru toate nevoile dvs. electronice. Angajamentul nostru de a v\u0103 oferi servicii excep\u021bionale pentru clien\u021bi se extinde la a ne asigura c\u0103 v\u0103 primi\u021bi comenzile c\u00e2t mai rapid \u0219i mai eficient posibil, f\u0103r\u0103 a sparge banca. La DROIX,","canonical_url":"https:\/\/droix.eu\/ro\/stoc-plata-si-livrare\/","robots":"max-image-preview:large","keywords":"","webmasterTools":{"miscellaneous":""},"schema":{"@context":"https:\/\/schema.org","@graph":[{"@type":"BreadcrumbList","@id":"https:\/\/droix.eu\/ro\/stoc-plata-si-livrare\/#breadcrumblist","itemListElement":[{"@type":"ListItem","@id":"https:\/\/droix.eu\/ro\/#listItem","position":1,"name":"Home","item":"https:\/\/droix.eu\/ro\/","nextItem":{"@type":"ListItem","@id":"https:\/\/droix.eu\/ro\/stoc-plata-si-livrare\/#listItem","name":"Stoc, plat\u0103 \u0219i livrare"}},{"@type":"ListItem","@id":"https:\/\/droix.eu\/ro\/stoc-plata-si-livrare\/#listItem","position":2,"name":"Stoc, plat\u0103 \u0219i livrare","previousItem":{"@type":"ListItem","@id":"https:\/\/droix.eu\/ro\/#listItem","name":"Home"}}]},{"@type":"Organization","@id":"https:\/\/droix.eu\/ro\/#organization","name":"DroiX \u2013 Trusted EU Tech Retailer with 12+ Years Experience","description":"DroiX is a leading European technology retailer with over 12 years of experience, offering quality mini PCs, handheld gaming consoles, and tech accessories. We provide hassle-free EU delivery with all taxes included, ensuring a smooth and reliable shopping experience for our customers across Europe.","url":"https:\/\/droix.eu\/ro\/","logo":{"@type":"ImageObject","url":"https:\/\/droix.eu\/wp-content\/uploads\/2024\/06\/droix-v2-light-logo.png","@id":"https:\/\/droix.eu\/ro\/stoc-plata-si-livrare\/#organizationLogo","width":380,"height":118},"image":{"@id":"https:\/\/droix.eu\/ro\/stoc-plata-si-livrare\/#organizationLogo"},"sameAs":["https:\/\/www.facebook.com\/DroiX.Store","https:\/\/twitter.com\/DroiX_Store","https:\/\/www.instagram.com\/droix.store\/","https:\/\/www.tiktok.com\/@droix.store","https:\/\/www.youtube.com\/c\/DroiX_Store","https:\/\/uk.linkedin.com\/company\/droix"]},{"@type":"WebPage","@id":"https:\/\/droix.eu\/ro\/stoc-plata-si-livrare\/#webpage","url":"https:\/\/droix.eu\/ro\/stoc-plata-si-livrare\/","name":"Stoc, plat\u0103 \u0219i livrare - DROIX EU","description":"Suntem \u00eenc\u00e2nta\u021bi s\u0103 anun\u021b\u0103m c\u0103 DROIX ofer\u0103 acum op\u021biuni de expediere \u0219i mai rapide \u0219i mai accesibile pentru toate nevoile dvs. electronice. Angajamentul nostru de a v\u0103 oferi servicii excep\u021bionale pentru clien\u021bi se extinde la a ne asigura c\u0103 v\u0103 primi\u021bi comenzile c\u00e2t mai rapid \u0219i mai eficient posibil, f\u0103r\u0103 a sparge banca. La DROIX,","inLanguage":"ro-RO","isPartOf":{"@id":"https:\/\/droix.eu\/ro\/#website"},"breadcrumb":{"@id":"https:\/\/droix.eu\/ro\/stoc-plata-si-livrare\/#breadcrumblist"},"datePublished":"2023-05-02T16:38:01+01:00","dateModified":"2025-05-27T14:11:37+01:00"},{"@type":"WebSite","@id":"https:\/\/droix.eu\/ro\/#website","url":"https:\/\/droix.eu\/ro\/","name":"DROIX EU","description":"Get the latest Mini PCs, Ultrabook, PC Gaming Handhelds and more!","inLanguage":"ro-RO","publisher":{"@id":"https:\/\/droix.eu\/ro\/#organization"}}]},"og:locale":"ro_RO","og:site_name":"DROIX EU - Get the latest Mini PCs, Ultrabook, PC Gaming Handhelds and more!","og:type":"article","og:title":"Stoc, plat\u0103 \u0219i livrare - DROIX EU","og:description":"Suntem \u00eenc\u00e2nta\u021bi s\u0103 anun\u021b\u0103m c\u0103 DROIX ofer\u0103 acum op\u021biuni de expediere \u0219i mai rapide \u0219i mai accesibile pentru toate nevoile dvs. electronice. Angajamentul nostru de a v\u0103 oferi servicii excep\u021bionale pentru clien\u021bi se extinde la a ne asigura c\u0103 v\u0103 primi\u021bi comenzile c\u00e2t mai rapid \u0219i mai eficient posibil, f\u0103r\u0103 a sparge banca. La DROIX,","og:url":"https:\/\/droix.eu\/ro\/stoc-plata-si-livrare\/","og:image":"https:\/\/droix.eu\/wp-content\/uploads\/2024\/06\/droix-v2-light-logo.png","og:image:secure_url":"https:\/\/droix.eu\/wp-content\/uploads\/2024\/06\/droix-v2-light-logo.png","og:image:width":380,"og:image:height":118,"article:published_time":"2023-05-02T15:38:01+00:00","article:modified_time":"2025-05-27T13:11:37+00:00","article:publisher":"https:\/\/www.facebook.com\/DroiX.Store","twitter:card":"summary_large_image","twitter:site":"@DroiX_Store","twitter:title":"Stoc, plat\u0103 \u0219i livrare - DROIX EU","twitter:description":"Suntem \u00eenc\u00e2nta\u021bi s\u0103 anun\u021b\u0103m c\u0103 DROIX ofer\u0103 acum op\u021biuni de expediere \u0219i mai rapide \u0219i mai accesibile pentru toate nevoile dvs. electronice. Angajamentul nostru de a v\u0103 oferi servicii excep\u021bionale pentru clien\u021bi se extinde la a ne asigura c\u0103 v\u0103 primi\u021bi comenzile c\u00e2t mai rapid \u0219i mai eficient posibil, f\u0103r\u0103 a sparge banca. La DROIX,","twitter:creator":"@DroiX_Store","twitter:image":"https:\/\/droix.eu\/wp-content\/uploads\/2024\/06\/droix-v2-light-logo.png"},"aioseo_meta_data":{"post_id":"505091","title":null,"description":null,"keywords":null,"keyphrases":null,"primary_term":null,"canonical_url":null,"og_title":null,"og_description":null,"og_object_type":"default","og_image_type":"default","og_image_url":null,"og_image_width":null,"og_image_height":null,"og_image_custom_url":null,"og_image_custom_fields":null,"og_video":null,"og_custom_url":null,"og_article_section":null,"og_article_tags":null,"twitter_use_og":true,"twitter_card":"default","twitter_image_type":"default","twitter_image_url":null,"twitter_image_custom_url":null,"twitter_image_custom_fields":null,"twitter_title":null,"twitter_description":null,"schema":{"blockGraphs":[],"customGraphs":[],"default":{"data":{"Article":[],"Course":[],"Dataset":[],"FAQPage":[],"Movie":[],"Person":[],"Product":[],"ProductReview":[],"Car":[],"Recipe":[],"Service":[],"SoftwareApplication":[],"WebPage":[]},"graphName":"","isEnabled":true},"graphs":[]},"schema_type":"default","schema_type_options":null,"pillar_content":false,"robots_default":true,"robots_noindex":false,"robots_noarchive":false,"robots_nosnippet":false,"robots_nofollow":false,"robots_noimageindex":false,"robots_noodp":false,"robots_notranslate":false,"robots_max_snippet":null,"robots_max_videopreview":null,"robots_max_imagepreview":"large","priority":null,"frequency":null,"local_seo":null,"seo_analyzer_scan_date":"2025-09-17 00:20:28","breadcrumb_settings":null,"limit_modified_date":false,"reviewed_by":null,"open_ai":null,"ai":null,"created":"2025-09-17 00:20:28","updated":"2025-11-27 01:25:18"},"aioseo_breadcrumb":"<div class=\"aioseo-breadcrumbs\"><span class=\"aioseo-breadcrumb\">\n\t<a href=\"https:\/\/droix.eu\/ro\/\" title=\"Home\">Home<\/a>\n<\/span><span class=\"aioseo-breadcrumb-separator\">&raquo;<\/span><span class=\"aioseo-breadcrumb\">\n\tStoc, plat\u0103 \u0219i livrare\n<\/span><\/div>","aioseo_breadcrumb_json":[{"label":"Home","link":"https:\/\/droix.eu\/ro\/"},{"label":"Stoc, plat\u0103 \u0219i livrare","link":"https:\/\/droix.eu\/ro\/stoc-plata-si-livrare\/"}],"_links":{"self":[{"href":"https:\/\/droix.eu\/ro\/wp-json\/wp\/v2\/pages\/505091","targetHints":{"allow":["GET"]}}],"collection":[{"href":"https:\/\/droix.eu\/ro\/wp-json\/wp\/v2\/pages"}],"about":[{"href":"https:\/\/droix.eu\/ro\/wp-json\/wp\/v2\/types\/page"}],"author":[{"embeddable":true,"href":"https:\/\/droix.eu\/ro\/wp-json\/wp\/v2\/users\/2"}],"replies":[{"embeddable":true,"href":"https:\/\/droix.eu\/ro\/wp-json\/wp\/v2\/comments?post=505091"}],"version-history":[{"count":0,"href":"https:\/\/droix.eu\/ro\/wp-json\/wp\/v2\/pages\/505091\/revisions"}],"wp:attachment":[{"href":"https:\/\/droix.eu\/ro\/wp-json\/wp\/v2\/media?parent=505091"}],"curies":[{"name":"wp","href":"https:\/\/api.w.org\/{rel}","templated":true}]}}