{"id":504960,"date":"2021-12-23T11:49:46","date_gmt":"2021-12-23T11:49:46","guid":{"rendered":"https:\/\/droix.eu\/politica-privind-cookie-urile\/"},"modified":"2025-05-27T14:21:50","modified_gmt":"2025-05-27T13:21:50","slug":"politica-privind-cookie-urile","status":"publish","type":"page","link":"https:\/\/droix.eu\/ro\/politica-privind-cookie-urile\/","title":{"rendered":"Politica privind cookie-urile"},"content":{"rendered":"\n<p>Urm\u0103toarea Politic\u0103 privind modulele cookie trebuie luat\u0103 \u00een considerare \u00een concordan\u021b\u0103 cu (\u00cemperecheat\u0103 cu), &#8220;ca una&#8221; cu <a href=\"https:\/\/droix.eu\/ro\/termeni-si-conditii\/\" target=\"_blank\" rel=\"noreferrer noopener\">Termenii \u0219i condi\u021biile<\/a> \u0219i <a href=\"https:\/\/droix.eu\/ro\/politica-de-confidentialitate\/\" target=\"_blank\" rel=\"noreferrer noopener\">Politica de confiden\u021bialitate<\/a><\/p>\n\n<ol class=\"wp-block-list\">\n<li>Aceste condi\u021bii de v\u00e2nzare se aplic\u0103 tuturor bunurilor furnizate de DROIX, cu sediul social la 54C Expressway, N Woolwich Rd, London, E16 2AA, Regatul Unit).\n<ol class=\"wp-block-list\">\n<li>\u00cen contractul prev\u0103zut, trimiterile sunt la: Noi (DROIX) suntem furnizorul, iar dumneavoastr\u0103 (clientul)<\/li>\n<\/ol>\n<\/li>\n<\/ol>\n\n<ol class=\"wp-block-list\">\n<li>Site-ul furnizorului utilizeaz\u0103 module cookie pentru a distinge clientul, adic\u0103 dumneavoastr\u0103, de al\u021bi utilizatori ai site-ului. Acest lucru ajut\u0103 furnizorul s\u0103 v\u0103 ofere o experien\u021b\u0103 bun\u0103 atunci c\u00e2nd naviga\u021bi pe site-ul web al furnizorului \u0219i, de asemenea, permite furnizorului s\u0103 \u00eembun\u0103t\u0103\u021beasc\u0103 site-ul nostru. Continu\u00e2nd s\u0103 naviga\u021bi pe site, sunte\u021bi de acord cu utilizarea cookie-urilor de c\u0103tre Furnizor.  <\/li>\n\n\n\n<li>Un cookie este un fi\u0219ier mic de litere \u0219i numere pe care Furnizorul \u00eel stocheaz\u0103 \u00een browserul dvs. sau pe hard diskul computerului sau al telefonului dvs. mobil, dac\u0103 sunte\u021bi de acord. Cookie-urile con\u021bin informa\u021bii care sunt transferate pe hard disk-ul computerului dumneavoastr\u0103. <\/li>\n\n\n\n<li>Furnizorul utilizeaz\u0103 urm\u0103toarele module cookie:\n<ol class=\"wp-block-list\">\n<li>Module cookie strict necesare. Acestea sunt module cookie care sunt necesare pentru func\u021bionarea site-ului web al furnizorului. Acestea includ, de exemplu, module cookie care v\u0103 permit s\u0103 v\u0103 conecta\u021bi la zonele securizate ale site-ului web al furnizorului \u0219i s\u0103 efectua\u021bi tranzac\u021bii.  <\/li>\n\n\n\n<li>Cookie-uri analitice\/de performan\u021b\u0103. Acestea permit furnizorului s\u0103 recunoasc\u0103 \u0219i s\u0103 numere num\u0103rul de vizitatori \u0219i s\u0103 vad\u0103 cum se deplaseaz\u0103 vizitatorii pe site-ul web al furnizorului atunci c\u00e2nd \u00eel utilizeaz\u0103. Acest lucru ajut\u0103 furnizorul s\u0103 \u00eembun\u0103t\u0103\u021beasc\u0103 modul \u00een care func\u021bioneaz\u0103 site-ul, de exemplu, asigur\u00e2ndu-se c\u0103 utilizatorii g\u0103sesc ceea ce caut\u0103 cu u\u0219urin\u021b\u0103 \u0219i f\u0103r\u0103 complica\u021bii.  <\/li>\n\n\n\n<li>Furnizorul utilizeaz\u0103 module cookie Google Analytics. Google Analytics colecteaz\u0103 informa\u021bii \u00een mod anonim. Acesta raporteaz\u0103 tendin\u021bele site-ului f\u0103r\u0103 a identifica vizitatorii individuali. Pute\u021bi renun\u021ba la Google Analytics f\u0103r\u0103 a afecta modul \u00een care vizita\u021bi acest site. Pentru mai multe informa\u021bii despre Google Analytics, v\u0103 rug\u0103m s\u0103 face\u021bi clic aici.    <\/li>\n\n\n\n<li>Module cookie de direc\u021bionare. Aceste module cookie \u00eenregistreaz\u0103 vizita dvs. pe site-ul web al furnizorului, paginile pe care le-a\u021bi vizitat \u0219i linkurile pe care le-a\u021bi urmat. Furnizorul utilizeaz\u0103 aceste informa\u021bii pentru a face site-ul web \u0219i publicitatea afi\u0219at\u0103 pe acesta mai relevante pentru interesele dumneavoastr\u0103. Furnizorul poate, de asemenea, s\u0103 partajeze aceste informa\u021bii cu ter\u021be p\u0103r\u021bi \u00een acest scop.   <\/li>\n<\/ol>\n<\/li>\n\n\n\n<li>V\u0103 rug\u0103m s\u0103 re\u021bine\u021bi c\u0103 p\u0103r\u021bile ter\u021be (inclusiv, de exemplu, re\u021belele de publicitate \u0219i furnizorii de servicii externe, cum ar fi serviciile de analiz\u0103 a traficului web) pot utiliza, de asemenea, module cookie, asupra c\u0103rora Furnizorul nu are niciun control. Aceste module cookie sunt susceptibile de a fi module cookie analitice\/de performan\u021b\u0103 sau module cookie de direc\u021bionare. <\/li>\n\n\n\n<li>Pute\u021bi bloca modulele cookie prin activarea set\u0103rii browserului dvs. care v\u0103 permite s\u0103 refuza\u021bi setarea tuturor sau a unor module cookie. Cu toate acestea, dac\u0103 utiliza\u021bi set\u0103rile browserului pentru a bloca toate modulele cookie (inclusiv modulele cookie esen\u021biale), este posibil s\u0103 nu pute\u021bi accesa integral sau par\u021bial site-ul web al furnizorului. <\/li>\n<\/ol>\n\n<h2 class=\"wp-block-heading\" id=\"h-cookie-description\">DESCRIEREA COOKIE-ULUI<\/h2>\n<p><script type=\"text\/javascript\" charset=\"UTF-8\" data-cookiescriptreport=\"report\" src=\"\/\/report.cookie-script.com\/r\/21c7c108a50ee55d6c4ed24051df0334.js\"><\/script><\/p>\n\n<p class=\"has-text-align-center\">Ultima actualizare a Politicii privind cookie-urile: 12 octombrie, 2022 &#8211; 02:29AM.<\/p>\n","protected":false},"excerpt":{"rendered":"<p>Urm\u0103toarea Politic\u0103 privind modulele cookie trebuie luat\u0103 \u00een considerare \u00een concordan\u021b\u0103 cu (\u00cemperecheat\u0103 cu), &#8220;ca una&#8221; cu Termenii \u0219i condi\u021biile \u0219i Politica de confiden\u021bialitate DESCRIEREA COOKIE-ULUI Ultima actualizare a Politicii privind cookie-urile: 12 octombrie, 2022 &#8211; 02:29AM.<\/p>\n","protected":false},"author":1,"featured_media":0,"parent":0,"menu_order":0,"comment_status":"closed","ping_status":"closed","template":"","meta":{"_acf_changed":false,"footnotes":""},"class_list":["post-504960","page","type-page","status-publish","hentry"],"acf":[],"aioseo_notices":[],"aioseo_head":"\n\t\t<!-- All in One SEO Pro 4.9.5.2 - aioseo.com -->\n\t<meta name=\"description\" content=\"Urm\u0103toarea Politic\u0103 privind modulele cookie trebuie luat\u0103 \u00een considerare \u00een concordan\u021b\u0103 cu (\u00cemperecheat\u0103 cu), &quot;ca una&quot; cu Termenii \u0219i condi\u021biile \u0219i Politica de confiden\u021bialitate Aceste condi\u021bii de v\u00e2nzare se aplic\u0103 tuturor bunurilor furnizate de DROIX, cu sediul social la 54C Expressway, N Woolwich Rd, London, E16 2AA, Regatul Unit). \u00cen contractul prev\u0103zut, trimiterile sunt la:\" \/>\n\t<meta name=\"robots\" content=\"max-image-preview:large\" \/>\n\t<link rel=\"canonical\" href=\"https:\/\/droix.eu\/ro\/politica-privind-cookie-urile\/\" \/>\n\t<meta name=\"generator\" content=\"All in One SEO Pro (AIOSEO) 4.9.5.2\" \/>\n\t\t<meta property=\"og:locale\" content=\"ro_RO\" \/>\n\t\t<meta property=\"og:site_name\" content=\"DROIX EU - Get the latest Mini PCs, Ultrabook, PC Gaming Handhelds and more!\" \/>\n\t\t<meta property=\"og:type\" content=\"article\" \/>\n\t\t<meta property=\"og:title\" content=\"Politica privind cookie-urile - DROIX EU\" \/>\n\t\t<meta property=\"og:description\" content=\"Urm\u0103toarea Politic\u0103 privind modulele cookie trebuie luat\u0103 \u00een considerare \u00een concordan\u021b\u0103 cu (\u00cemperecheat\u0103 cu), &quot;ca una&quot; cu Termenii \u0219i condi\u021biile \u0219i Politica de confiden\u021bialitate Aceste condi\u021bii de v\u00e2nzare se aplic\u0103 tuturor bunurilor furnizate de DROIX, cu sediul social la 54C Expressway, N Woolwich Rd, London, E16 2AA, Regatul Unit). \u00cen contractul prev\u0103zut, trimiterile sunt la:\" \/>\n\t\t<meta property=\"og:url\" content=\"https:\/\/droix.eu\/ro\/politica-privind-cookie-urile\/\" \/>\n\t\t<meta property=\"og:image\" content=\"https:\/\/droix.eu\/wp-content\/uploads\/2024\/06\/droix-v2-light-logo.png\" \/>\n\t\t<meta property=\"og:image:secure_url\" content=\"https:\/\/droix.eu\/wp-content\/uploads\/2024\/06\/droix-v2-light-logo.png\" \/>\n\t\t<meta property=\"og:image:width\" content=\"380\" \/>\n\t\t<meta property=\"og:image:height\" content=\"118\" \/>\n\t\t<meta property=\"article:published_time\" content=\"2021-12-23T11:49:46+00:00\" \/>\n\t\t<meta property=\"article:modified_time\" content=\"2025-05-27T13:21:50+00:00\" \/>\n\t\t<meta property=\"article:publisher\" content=\"https:\/\/www.facebook.com\/DroiX.Store\" \/>\n\t\t<meta name=\"twitter:card\" content=\"summary_large_image\" \/>\n\t\t<meta name=\"twitter:site\" content=\"@DroiX_Store\" \/>\n\t\t<meta name=\"twitter:title\" content=\"Politica privind cookie-urile - DROIX EU\" \/>\n\t\t<meta name=\"twitter:description\" content=\"Urm\u0103toarea Politic\u0103 privind modulele cookie trebuie luat\u0103 \u00een considerare \u00een concordan\u021b\u0103 cu (\u00cemperecheat\u0103 cu), &quot;ca una&quot; cu Termenii \u0219i condi\u021biile \u0219i Politica de confiden\u021bialitate Aceste condi\u021bii de v\u00e2nzare se aplic\u0103 tuturor bunurilor furnizate de DROIX, cu sediul social la 54C Expressway, N Woolwich Rd, London, E16 2AA, Regatul Unit). \u00cen contractul prev\u0103zut, trimiterile sunt la:\" \/>\n\t\t<meta name=\"twitter:creator\" content=\"@DroiX_Store\" \/>\n\t\t<meta name=\"twitter:image\" content=\"https:\/\/droix.eu\/wp-content\/uploads\/2024\/06\/droix-v2-light-logo.png\" \/>\n\t\t<script type=\"application\/ld+json\" class=\"aioseo-schema\">\n\t\t\t{\"@context\":\"https:\\\/\\\/schema.org\",\"@graph\":[{\"@type\":\"BreadcrumbList\",\"@id\":\"https:\\\/\\\/droix.eu\\\/ro\\\/politica-privind-cookie-urile\\\/#breadcrumblist\",\"itemListElement\":[{\"@type\":\"ListItem\",\"@id\":\"https:\\\/\\\/droix.eu\\\/ro\\\/#listItem\",\"position\":1,\"name\":\"Home\",\"item\":\"https:\\\/\\\/droix.eu\\\/ro\\\/\",\"nextItem\":{\"@type\":\"ListItem\",\"@id\":\"https:\\\/\\\/droix.eu\\\/ro\\\/politica-privind-cookie-urile\\\/#listItem\",\"name\":\"Politica privind cookie-urile\"}},{\"@type\":\"ListItem\",\"@id\":\"https:\\\/\\\/droix.eu\\\/ro\\\/politica-privind-cookie-urile\\\/#listItem\",\"position\":2,\"name\":\"Politica privind cookie-urile\",\"previousItem\":{\"@type\":\"ListItem\",\"@id\":\"https:\\\/\\\/droix.eu\\\/ro\\\/#listItem\",\"name\":\"Home\"}}]},{\"@type\":\"Organization\",\"@id\":\"https:\\\/\\\/droix.eu\\\/ro\\\/#organization\",\"name\":\"DroiX \\u2013 Trusted EU Tech Retailer with 12+ Years Experience\",\"description\":\"DroiX is a leading European technology retailer with over 12 years of experience, offering quality mini PCs, handheld gaming consoles, and tech accessories. We provide hassle-free EU delivery with all taxes included, ensuring a smooth and reliable shopping experience for our customers across Europe.\",\"url\":\"https:\\\/\\\/droix.eu\\\/ro\\\/\",\"logo\":{\"@type\":\"ImageObject\",\"url\":\"https:\\\/\\\/droix.eu\\\/wp-content\\\/uploads\\\/2024\\\/06\\\/droix-v2-light-logo.png\",\"@id\":\"https:\\\/\\\/droix.eu\\\/ro\\\/politica-privind-cookie-urile\\\/#organizationLogo\",\"width\":380,\"height\":118},\"image\":{\"@id\":\"https:\\\/\\\/droix.eu\\\/ro\\\/politica-privind-cookie-urile\\\/#organizationLogo\"},\"sameAs\":[\"https:\\\/\\\/www.facebook.com\\\/DroiX.Store\",\"https:\\\/\\\/twitter.com\\\/DroiX_Store\",\"https:\\\/\\\/www.instagram.com\\\/droix.store\\\/\",\"https:\\\/\\\/www.tiktok.com\\\/@droix.store\",\"https:\\\/\\\/www.youtube.com\\\/c\\\/DroiX_Store\",\"https:\\\/\\\/uk.linkedin.com\\\/company\\\/droix\"]},{\"@type\":\"WebPage\",\"@id\":\"https:\\\/\\\/droix.eu\\\/ro\\\/politica-privind-cookie-urile\\\/#webpage\",\"url\":\"https:\\\/\\\/droix.eu\\\/ro\\\/politica-privind-cookie-urile\\\/\",\"name\":\"Politica privind cookie-urile - DROIX EU\",\"description\":\"Urm\\u0103toarea Politic\\u0103 privind modulele cookie trebuie luat\\u0103 \\u00een considerare \\u00een concordan\\u021b\\u0103 cu (\\u00cemperecheat\\u0103 cu), \\\"ca una\\\" cu Termenii \\u0219i condi\\u021biile \\u0219i Politica de confiden\\u021bialitate Aceste condi\\u021bii de v\\u00e2nzare se aplic\\u0103 tuturor bunurilor furnizate de DROIX, cu sediul social la 54C Expressway, N Woolwich Rd, London, E16 2AA, Regatul Unit). \\u00cen contractul prev\\u0103zut, trimiterile sunt la:\",\"inLanguage\":\"ro-RO\",\"isPartOf\":{\"@id\":\"https:\\\/\\\/droix.eu\\\/ro\\\/#website\"},\"breadcrumb\":{\"@id\":\"https:\\\/\\\/droix.eu\\\/ro\\\/politica-privind-cookie-urile\\\/#breadcrumblist\"},\"datePublished\":\"2021-12-23T11:49:46+00:00\",\"dateModified\":\"2025-05-27T14:21:50+01:00\"},{\"@type\":\"WebSite\",\"@id\":\"https:\\\/\\\/droix.eu\\\/ro\\\/#website\",\"url\":\"https:\\\/\\\/droix.eu\\\/ro\\\/\",\"name\":\"DROIX EU\",\"description\":\"Get the latest Mini PCs, Ultrabook, PC Gaming Handhelds and more!\",\"inLanguage\":\"ro-RO\",\"publisher\":{\"@id\":\"https:\\\/\\\/droix.eu\\\/ro\\\/#organization\"}}]}\n\t\t<\/script>\n\t\t<!-- All in One SEO Pro -->\r\n\t\t<title>Politica privind cookie-urile - DROIX EU<\/title>\n\n","aioseo_head_json":{"title":"Politica privind cookie-urile - DROIX EU","description":"Urm\u0103toarea Politic\u0103 privind modulele cookie trebuie luat\u0103 \u00een considerare \u00een concordan\u021b\u0103 cu (\u00cemperecheat\u0103 cu), \"ca una\" cu Termenii \u0219i condi\u021biile \u0219i Politica de confiden\u021bialitate Aceste condi\u021bii de v\u00e2nzare se aplic\u0103 tuturor bunurilor furnizate de DROIX, cu sediul social la 54C Expressway, N Woolwich Rd, London, E16 2AA, Regatul Unit). \u00cen contractul prev\u0103zut, trimiterile sunt la:","canonical_url":"https:\/\/droix.eu\/ro\/politica-privind-cookie-urile\/","robots":"max-image-preview:large","keywords":"","webmasterTools":{"miscellaneous":""},"schema":{"@context":"https:\/\/schema.org","@graph":[{"@type":"BreadcrumbList","@id":"https:\/\/droix.eu\/ro\/politica-privind-cookie-urile\/#breadcrumblist","itemListElement":[{"@type":"ListItem","@id":"https:\/\/droix.eu\/ro\/#listItem","position":1,"name":"Home","item":"https:\/\/droix.eu\/ro\/","nextItem":{"@type":"ListItem","@id":"https:\/\/droix.eu\/ro\/politica-privind-cookie-urile\/#listItem","name":"Politica privind cookie-urile"}},{"@type":"ListItem","@id":"https:\/\/droix.eu\/ro\/politica-privind-cookie-urile\/#listItem","position":2,"name":"Politica privind cookie-urile","previousItem":{"@type":"ListItem","@id":"https:\/\/droix.eu\/ro\/#listItem","name":"Home"}}]},{"@type":"Organization","@id":"https:\/\/droix.eu\/ro\/#organization","name":"DroiX \u2013 Trusted EU Tech Retailer with 12+ Years Experience","description":"DroiX is a leading European technology retailer with over 12 years of experience, offering quality mini PCs, handheld gaming consoles, and tech accessories. We provide hassle-free EU delivery with all taxes included, ensuring a smooth and reliable shopping experience for our customers across Europe.","url":"https:\/\/droix.eu\/ro\/","logo":{"@type":"ImageObject","url":"https:\/\/droix.eu\/wp-content\/uploads\/2024\/06\/droix-v2-light-logo.png","@id":"https:\/\/droix.eu\/ro\/politica-privind-cookie-urile\/#organizationLogo","width":380,"height":118},"image":{"@id":"https:\/\/droix.eu\/ro\/politica-privind-cookie-urile\/#organizationLogo"},"sameAs":["https:\/\/www.facebook.com\/DroiX.Store","https:\/\/twitter.com\/DroiX_Store","https:\/\/www.instagram.com\/droix.store\/","https:\/\/www.tiktok.com\/@droix.store","https:\/\/www.youtube.com\/c\/DroiX_Store","https:\/\/uk.linkedin.com\/company\/droix"]},{"@type":"WebPage","@id":"https:\/\/droix.eu\/ro\/politica-privind-cookie-urile\/#webpage","url":"https:\/\/droix.eu\/ro\/politica-privind-cookie-urile\/","name":"Politica privind cookie-urile - DROIX EU","description":"Urm\u0103toarea Politic\u0103 privind modulele cookie trebuie luat\u0103 \u00een considerare \u00een concordan\u021b\u0103 cu (\u00cemperecheat\u0103 cu), \"ca una\" cu Termenii \u0219i condi\u021biile \u0219i Politica de confiden\u021bialitate Aceste condi\u021bii de v\u00e2nzare se aplic\u0103 tuturor bunurilor furnizate de DROIX, cu sediul social la 54C Expressway, N Woolwich Rd, London, E16 2AA, Regatul Unit). \u00cen contractul prev\u0103zut, trimiterile sunt la:","inLanguage":"ro-RO","isPartOf":{"@id":"https:\/\/droix.eu\/ro\/#website"},"breadcrumb":{"@id":"https:\/\/droix.eu\/ro\/politica-privind-cookie-urile\/#breadcrumblist"},"datePublished":"2021-12-23T11:49:46+00:00","dateModified":"2025-05-27T14:21:50+01:00"},{"@type":"WebSite","@id":"https:\/\/droix.eu\/ro\/#website","url":"https:\/\/droix.eu\/ro\/","name":"DROIX EU","description":"Get the latest Mini PCs, Ultrabook, PC Gaming Handhelds and more!","inLanguage":"ro-RO","publisher":{"@id":"https:\/\/droix.eu\/ro\/#organization"}}]},"og:locale":"ro_RO","og:site_name":"DROIX EU - Get the latest Mini PCs, Ultrabook, PC Gaming Handhelds and more!","og:type":"article","og:title":"Politica privind cookie-urile - DROIX EU","og:description":"Urm\u0103toarea Politic\u0103 privind modulele cookie trebuie luat\u0103 \u00een considerare \u00een concordan\u021b\u0103 cu (\u00cemperecheat\u0103 cu), &quot;ca una&quot; cu Termenii \u0219i condi\u021biile \u0219i Politica de confiden\u021bialitate Aceste condi\u021bii de v\u00e2nzare se aplic\u0103 tuturor bunurilor furnizate de DROIX, cu sediul social la 54C Expressway, N Woolwich Rd, London, E16 2AA, Regatul Unit). \u00cen contractul prev\u0103zut, trimiterile sunt la:","og:url":"https:\/\/droix.eu\/ro\/politica-privind-cookie-urile\/","og:image":"https:\/\/droix.eu\/wp-content\/uploads\/2024\/06\/droix-v2-light-logo.png","og:image:secure_url":"https:\/\/droix.eu\/wp-content\/uploads\/2024\/06\/droix-v2-light-logo.png","og:image:width":380,"og:image:height":118,"article:published_time":"2021-12-23T11:49:46+00:00","article:modified_time":"2025-05-27T13:21:50+00:00","article:publisher":"https:\/\/www.facebook.com\/DroiX.Store","twitter:card":"summary_large_image","twitter:site":"@DroiX_Store","twitter:title":"Politica privind cookie-urile - DROIX EU","twitter:description":"Urm\u0103toarea Politic\u0103 privind modulele cookie trebuie luat\u0103 \u00een considerare \u00een concordan\u021b\u0103 cu (\u00cemperecheat\u0103 cu), &quot;ca una&quot; cu Termenii \u0219i condi\u021biile \u0219i Politica de confiden\u021bialitate Aceste condi\u021bii de v\u00e2nzare se aplic\u0103 tuturor bunurilor furnizate de DROIX, cu sediul social la 54C Expressway, N Woolwich Rd, London, E16 2AA, Regatul Unit). \u00cen contractul prev\u0103zut, trimiterile sunt la:","twitter:creator":"@DroiX_Store","twitter:image":"https:\/\/droix.eu\/wp-content\/uploads\/2024\/06\/droix-v2-light-logo.png"},"aioseo_meta_data":{"post_id":"504960","title":null,"description":null,"keywords":null,"keyphrases":null,"primary_term":null,"canonical_url":null,"og_title":null,"og_description":null,"og_object_type":"default","og_image_type":"default","og_image_url":null,"og_image_width":null,"og_image_height":null,"og_image_custom_url":null,"og_image_custom_fields":null,"og_video":null,"og_custom_url":null,"og_article_section":null,"og_article_tags":null,"twitter_use_og":true,"twitter_card":"default","twitter_image_type":"default","twitter_image_url":null,"twitter_image_custom_url":null,"twitter_image_custom_fields":null,"twitter_title":null,"twitter_description":null,"schema":{"blockGraphs":[],"customGraphs":[],"default":{"data":{"Article":[],"Course":[],"Dataset":[],"FAQPage":[],"Movie":[],"Person":[],"Product":[],"ProductReview":[],"Car":[],"Recipe":[],"Service":[],"SoftwareApplication":[],"WebPage":[]},"graphName":"","isEnabled":true},"graphs":[]},"schema_type":"default","schema_type_options":null,"pillar_content":false,"robots_default":true,"robots_noindex":false,"robots_noarchive":false,"robots_nosnippet":false,"robots_nofollow":false,"robots_noimageindex":false,"robots_noodp":false,"robots_notranslate":false,"robots_max_snippet":null,"robots_max_videopreview":null,"robots_max_imagepreview":"large","priority":null,"frequency":null,"local_seo":null,"seo_analyzer_scan_date":"2025-09-16 22:50:08","breadcrumb_settings":null,"limit_modified_date":false,"reviewed_by":null,"open_ai":null,"ai":null,"created":"2025-09-16 22:50:08","updated":"2025-11-27 00:06:39"},"aioseo_breadcrumb":"<div class=\"aioseo-breadcrumbs\"><span class=\"aioseo-breadcrumb\">\n\t<a href=\"https:\/\/droix.eu\/ro\/\" title=\"Home\">Home<\/a>\n<\/span><span class=\"aioseo-breadcrumb-separator\">&raquo;<\/span><span class=\"aioseo-breadcrumb\">\n\tPolitica privind cookie-urile\n<\/span><\/div>","aioseo_breadcrumb_json":[{"label":"Home","link":"https:\/\/droix.eu\/ro\/"},{"label":"Politica privind cookie-urile","link":"https:\/\/droix.eu\/ro\/politica-privind-cookie-urile\/"}],"_links":{"self":[{"href":"https:\/\/droix.eu\/ro\/wp-json\/wp\/v2\/pages\/504960","targetHints":{"allow":["GET"]}}],"collection":[{"href":"https:\/\/droix.eu\/ro\/wp-json\/wp\/v2\/pages"}],"about":[{"href":"https:\/\/droix.eu\/ro\/wp-json\/wp\/v2\/types\/page"}],"author":[{"embeddable":true,"href":"https:\/\/droix.eu\/ro\/wp-json\/wp\/v2\/users\/1"}],"replies":[{"embeddable":true,"href":"https:\/\/droix.eu\/ro\/wp-json\/wp\/v2\/comments?post=504960"}],"version-history":[{"count":0,"href":"https:\/\/droix.eu\/ro\/wp-json\/wp\/v2\/pages\/504960\/revisions"}],"wp:attachment":[{"href":"https:\/\/droix.eu\/ro\/wp-json\/wp\/v2\/media?parent=504960"}],"curies":[{"name":"wp","href":"https:\/\/api.w.org\/{rel}","templated":true}]}}